{"id":12845,"date":"2026-03-18T11:30:14","date_gmt":"2026-03-18T18:30:14","guid":{"rendered":"https:\/\/zoo.org\/nombra-un-polinizador\/reconocimiento-en-linea\/"},"modified":"2026-04-06T19:30:28","modified_gmt":"2026-04-07T02:30:28","slug":"reconocimiento-en-linea","status":"publish","type":"page","link":"https:\/\/zoo.org\/es\/nombra-un-polinizador\/reconocimiento-en-linea\/","title":{"rendered":"Nombra un polinizador Reconocimiento en l\u00ednea"},"content":{"rendered":"\n<div class=\"wp-block-cover alignfull is-light hero\" style=\"margin-top:0;margin-bottom:0\"><img loading=\"lazy\" decoding=\"async\" width=\"1920\" height=\"400\" class=\"wp-block-cover__image-background wp-image-6322 size-full\" alt=\"\" src=\"https:\/\/zoo.org\/wp-content\/uploads\/2025\/10\/Pollinator_WebsiteBanner-web.jpg\" data-object-fit=\"cover\" srcset=\"https:\/\/zoo.org\/wp-content\/uploads\/2025\/10\/Pollinator_WebsiteBanner-web.jpg 1920w, https:\/\/zoo.org\/wp-content\/uploads\/2025\/10\/Pollinator_WebsiteBanner-web-300x63.jpg 300w, https:\/\/zoo.org\/wp-content\/uploads\/2025\/10\/Pollinator_WebsiteBanner-web-1024x213.jpg 1024w, https:\/\/zoo.org\/wp-content\/uploads\/2025\/10\/Pollinator_WebsiteBanner-web-768x160.jpg 768w, https:\/\/zoo.org\/wp-content\/uploads\/2025\/10\/Pollinator_WebsiteBanner-web-1536x320.jpg 1536w\" sizes=\"auto, (max-width: 1920px) 100vw, 1920px\" \/><span aria-hidden=\"true\" class=\"wp-block-cover__background has-background-dim-0 has-background-dim\" style=\"background-color:#d47e34\"><\/span><div class=\"wp-block-cover__inner-container is-layout-constrained wp-block-cover-is-layout-constrained\">\n<p class=\"has-text-align-center has-large-font-size\"><\/p>\n<\/div><\/div>\n\n<div class=\"wp-block-group is-layout-constrained wp-block-group-is-layout-constrained\" style=\"margin-top:2em;margin-bottom:3em\">\n<h1 class=\"wp-block-heading has-text-align-center\" style=\"margin-top:0.65em;margin-bottom:0.275em\">NOMBRE UN POLINIZADOR<\/h1>\n\n\n\n<p class=\"has-text-align-center has-palette-color-3-color has-text-color has-link-color wp-elements-b5e0ac558ece8722b704268ecbabcd82\" style=\"margin-bottom:1em;font-size:clamp(0.984em, 0.984rem + ((1vw - 0.2em) * 0.645), 1.5em);font-style:normal;font-weight:500;line-height:1.5\"><strong><strong>\u00bfHAS ESCUCHADO EL ZUMBIDO?<\/strong><\/strong><\/p>\n\n\n\n<p class=\"has-text-align-center has-palette-color-3-color has-text-color has-link-color wp-elements-5004c3108766e1fb9480ef33277eba10\" style=\"margin-bottom:1em;font-size:clamp(0.984em, 0.984rem + ((1vw - 0.2em) * 0.645), 1.5em);line-height:1.5\">\u00daNETE A NUESTRO MOVIMIENTO PARA PROTEGER A LOS POLINIZADORES<\/p>\n<\/div>\n\n<div class=\"wp-block-group alignfull divider is-layout-constrained wp-block-group-is-layout-constrained\">\n<h2 class=\"wp-block-heading alignfull has-text-align-center\">LISTA DE NOMBRES<\/h2>\n<\/div>\n\n<h3 class=\"wp-block-heading\">Abejorro<\/h3>\n\n<div style=\"columns: 4 11em;\">\n<p>El insecto del amor de Alexander<br\/>Angus<br\/>B. Ombus Quinto<br\/>Mariposa bailarina<br\/>Beatriz<br\/>  Beeatrice<br\/>Abeja-atriz<br\/>Beecon<br\/>Abejas que viven en las abejas<br\/>Bee-yonce<br\/>Billy Bee<br\/>Bendici\u00f3n<br\/>Musculoso<br\/>Bronwen Junior<br\/>Bumbelador<br\/>Abejorro<br\/>Zumbido<br\/>Buzz Lightyear<br\/>Buzzerton St. Clair<br\/>Buzzy-Marky<br\/>Cebollino<br\/>Chuncheroonius Muncheroonius<br\/> La mejor amiga de Cordelia<br\/> Narciso<br\/> Bomba de tierra<br\/> Punto-gui\u00f3n B.<br\/>Elliebee<br\/>Elliott<br\/>Emily la abeja<br\/>Resumen de la semana de Emily<br\/> Abeja con aletas<br\/> Franks y Beens<br\/> Difuso<br\/> \u00a1Vamos, vamos Lo-Mo!<br\/>Abuela Darlene<br\/>Harry Charles T. ABEJA<br\/>Miel<br\/>Date prisa, abeja<br\/>Abeja Izzy<br\/>JESSE-BEE<br\/>JJ Bee  <br\/>La energ\u00eda de Jody<br\/>John C. Smith, Capit\u00e1n, USN<br\/>Katty Kat<br\/>Se\u00f1ora Polly Buzz<br\/>Lavanda<br\/>LJ el Poderoso<br\/>El humilde abejorro de Margeaux<br\/>Marigold Carlsen<br\/>Abeja Melli<br\/>Poderoso Midas<br\/>Miriam Sleeper la Abeja<br\/>Se\u00f1or Buzz<br\/>No es un perro caliente<br\/>Pionero<br\/>Phuccbee<br\/>Helado de pistacho<br\/>Piver<br\/>Plat\u00f3n<br\/>Rosie<br\/>Sarah Bee<br\/>Abeja escocesa<br\/>Senador Marko Liias<br\/>Costa<br\/>Sukumari Chankhey<br\/>Silvia<br\/>ZsaZsaBee<\/p>\n<\/div>\n\n<h3 class=\"wp-block-heading\">Mariposa<\/h3>\n\n<div style=\"columns: 4 11em;\">\n<p>Alan R\u00edos<br\/>\u00c1loe<br\/>AlyRose<br\/>El agradecimiento de Anna<br\/>La amistad de Ardeth<br\/>B\u00e1rbara<br\/>Belleza negra<br\/>Bot\u00e1nica Susanne<br\/>Brindey<br\/>Brooke la valiente<br\/>Chicle<br\/>mariposas<br\/>Carlota<br\/>La dulce amistad de Claire<br\/>David<br\/>Dewey<br\/>Elessar<br\/>Flor<br\/>Holly Gail<br\/>La bondad de Juana<br\/>La alegr\u00eda de Joan<br\/>Josefina<br\/>Katelyn<br\/>Kaylee Bug<br\/>Laura Diane<br\/>Mallory<br\/>Marc Feifel<br\/>La gracia de Mar\u00eda<br\/>La felicidad de Mar\u00eda<br\/>Meilani Rose<br\/>Minnie<br\/>Se\u00f1or Mariposa<br\/>Nyla Arya Lytle<br\/>Avena<br\/>Abuela Pat<br\/>Precioso<br\/>Rubik<br\/>Serendipia Carlsen<br\/>Shannon<br\/>Chispas<br\/>Stefan Butterfrei<br\/>Stephanie Reynolds<br\/>S\u00faper Sasha<br\/>Anna de Ted<br\/>Violeta<br\/>Qiujie<\/p>\n<\/div>\n\n<h3 class=\"wp-block-heading\">Colibr\u00ed<\/h3>\n\n<div style=\"columns: 4 11em;\">\n<p>As<br\/>Adira<br\/>Alden<br\/>Amelia Maggie<br\/>Annabelle<br\/>Ana Mar\u00eda<br\/>Agua<br\/>Barry Allen, tambi\u00e9n conocido como Flash<br\/>La belleza de Beth<br\/>Gran Turco<br\/>Bitsy<br\/>Bizzy<br\/>Boopert Doopert Sneepert Snoopert<br\/>BrianLilyBerg<br\/>Zumbido<br\/>Carol June<br\/>Clancy Jean Orla<br\/>Clara Parker<br\/>Galleta Carlsen<br\/>Debs<br\/>Dena<br\/>Mu\u00f1equita<br\/>Donaldinho<br\/>Dra. Grandparoonie<br\/>Rareza<br\/>Bola de pelusa<br\/>Aleteo<br\/>Aletea<br\/>Rosa revoloteante<br\/>Freddie<br\/>Joya<br\/>GeorgeGizella MaxFactor BabyKitty LuluBean MGGy<br\/>GiGi Kness<br\/>Armon\u00eda<br\/>Helen<br\/>Helena Luisa<br\/>Hildur Gerda<br\/>Hum Dinger<br\/>Humdinger<br\/>Colibr\u00ed<br\/>Colibr\u00ed<br\/>Hummus<br\/>Hummm<br\/>Hummm<br\/>Hortensia<br\/>Incre\u00edble Isa<br\/>Isabel<br\/>Jackson<br\/>Janie<br\/>Jaspe<br\/>JM<br\/>Alegr\u00eda<br\/>El Hummer Franc de Kai<br\/>Kathy Olivo<br\/>El amor de Kathy<br\/>Alboroto<br\/>Kerowyn<br\/>Kevin<br\/>Lilah ama a Dada<br\/>Peque\u00f1o<br\/>La esperanza de Lorie<br\/>Madeline<br\/>Marco<br\/>Margaret Ann Petrie<br\/>Margarita Isabel<br\/>Megafuerza<br\/>Meghan<br\/>Meg\u00f3n<br\/>  Melod\u00eda<br\/>Ming<br\/>mochie<br\/>Muerte<br\/>Mortimer Schnerd<br\/>Rat\u00f3n<br\/>Se\u00f1or Colibr\u00ed<br\/>Mi esp\u00edritu animal<br\/>Nancy<br\/>Avena<br\/>Pam<br\/>Ni\u00f1os del valle pac\u00edfico<br\/>Man\u00ed<br\/>Pinkie Pie<br\/>\u00abPolly\u00bb el polinizador<br\/>Rick Astley<br\/>Rohani<br\/>Rub\u00ed<br\/>Simone<br\/>Copo de nieve<br\/>Sophie la intr\u00e9pida<br\/>Sunae<br\/>Tina<br\/>Travis<br\/>\u00darsula<br\/>Valentino<br\/>El regalo de la victoria<br\/>Wendy Ellen<br\/>Compa\u00f1ero<br\/>En\u00e9rgico<br\/>Zizzle<\/p>\n<\/div>\n","protected":false},"excerpt":{"rendered":"<p>NOMBRE UN POLINIZADOR \u00bfHAS ESCUCHADO EL ZUMBIDO? \u00daNETE A NUESTRO MOVIMIENTO PARA PROTEGER A LOS POLINIZADORES LISTA DE NOMBRES Abejorro El insecto del amor de AlexanderAngusB. Ombus QuintoMariposa bailarinaBeatriz BeeatriceAbeja-atrizBeeconAbejas [&hellip;]<\/p>\n","protected":false},"author":1,"featured_media":12811,"parent":12807,"menu_order":0,"comment_status":"closed","ping_status":"closed","template":"","meta":{"_acf_changed":false,"_kad_blocks_custom_css":"","_kad_blocks_head_custom_js":"","_kad_blocks_body_custom_js":"","_kad_blocks_footer_custom_js":"","footnotes":""},"class_list":["post-12845","page","type-page","status-publish","has-post-thumbnail","hentry"],"blocksy_meta":[],"acf":[],"yoast_head":"<!-- This site is optimized with the Yoast SEO plugin v27.4 - https:\/\/yoast.com\/product\/yoast-seo-wordpress\/ -->\n<title>-<\/title>\n<meta name=\"description\" content=\"Cuando haga una donaci\u00f3n al Fondo Anual del zool\u00f3gico esta temporada, reconoceremos su generosidad con una oportunidad especial de nombrar una mariposa, abeja o colibr\u00ed residente de nuestros exuberantes jardines polinizadores.\" \/>\n<meta name=\"robots\" content=\"index, follow, max-snippet:-1, max-image-preview:large, max-video-preview:-1\" \/>\n<link rel=\"canonical\" href=\"https:\/\/zoo.org\/es\/nombra-un-polinizador\/reconocimiento-en-linea\/\" \/>\n<meta property=\"og:locale\" content=\"es_ES\" \/>\n<meta property=\"og:type\" content=\"article\" \/>\n<meta property=\"og:title\" content=\"-\" \/>\n<meta property=\"og:description\" content=\"Cuando haga una donaci\u00f3n al Fondo Anual del zool\u00f3gico esta temporada, reconoceremos su generosidad con una oportunidad especial de nombrar una mariposa, abeja o colibr\u00ed residente de nuestros exuberantes jardines polinizadores.\" \/>\n<meta property=\"og:url\" content=\"https:\/\/zoo.org\/es\/nombra-un-polinizador\/reconocimiento-en-linea\/\" \/>\n<meta property=\"og:site_name\" content=\"Zool\u00f3gico Woodland Park\" \/>\n<meta property=\"article:modified_time\" content=\"2026-04-07T02:30:28+00:00\" \/>\n<meta property=\"og:image\" content=\"https:\/\/zoo.org\/wp-content\/uploads\/2025\/08\/Butterfly-Garden-2-Dennis-Dow-web.jpg?wsr\" \/>\n\t<meta property=\"og:image:width\" content=\"800\" \/>\n\t<meta property=\"og:image:height\" content=\"533\" \/>\n\t<meta property=\"og:image:type\" content=\"image\/jpeg\" \/>\n<meta name=\"twitter:card\" content=\"summary_large_image\" \/>\n<script type=\"application\/ld+json\" class=\"yoast-schema-graph\">{\"@context\":\"https:\\\/\\\/schema.org\",\"@graph\":[{\"@type\":\"WebPage\",\"@id\":\"https:\\\/\\\/zoo.org\\\/es\\\/nombra-un-polinizador\\\/reconocimiento-en-linea\\\/\",\"url\":\"https:\\\/\\\/zoo.org\\\/es\\\/nombra-un-polinizador\\\/reconocimiento-en-linea\\\/\",\"name\":\"-\",\"isPartOf\":{\"@id\":\"https:\\\/\\\/zoo.org\\\/es\\\/#website\"},\"primaryImageOfPage\":{\"@id\":\"https:\\\/\\\/zoo.org\\\/es\\\/nombra-un-polinizador\\\/reconocimiento-en-linea\\\/#primaryimage\"},\"image\":{\"@id\":\"https:\\\/\\\/zoo.org\\\/es\\\/nombra-un-polinizador\\\/reconocimiento-en-linea\\\/#primaryimage\"},\"thumbnailUrl\":\"https:\\\/\\\/zoo.org\\\/wp-content\\\/uploads\\\/2025\\\/08\\\/Butterfly-Garden-2-Dennis-Dow-web.jpg?wsr\",\"datePublished\":\"2026-03-18T18:30:14+00:00\",\"dateModified\":\"2026-04-07T02:30:28+00:00\",\"description\":\"Cuando haga una donaci\u00f3n al Fondo Anual del zool\u00f3gico esta temporada, reconoceremos su generosidad con una oportunidad especial de nombrar una mariposa, abeja o colibr\u00ed residente de nuestros exuberantes jardines polinizadores.\",\"breadcrumb\":{\"@id\":\"https:\\\/\\\/zoo.org\\\/es\\\/nombra-un-polinizador\\\/reconocimiento-en-linea\\\/#breadcrumb\"},\"inLanguage\":\"es\",\"potentialAction\":[{\"@type\":\"ReadAction\",\"target\":[\"https:\\\/\\\/zoo.org\\\/es\\\/nombra-un-polinizador\\\/reconocimiento-en-linea\\\/\"]}]},{\"@type\":\"ImageObject\",\"inLanguage\":\"es\",\"@id\":\"https:\\\/\\\/zoo.org\\\/es\\\/nombra-un-polinizador\\\/reconocimiento-en-linea\\\/#primaryimage\",\"url\":\"https:\\\/\\\/zoo.org\\\/wp-content\\\/uploads\\\/2025\\\/08\\\/Butterfly-Garden-2-Dennis-Dow-web.jpg?wsr\",\"contentUrl\":\"https:\\\/\\\/zoo.org\\\/wp-content\\\/uploads\\\/2025\\\/08\\\/Butterfly-Garden-2-Dennis-Dow-web.jpg?wsr\",\"width\":800,\"height\":533,\"caption\":\"Una mariposa negra y azul con manchas blancas en las alas descansa sobre hojas verdes dentadas. Sus alas est\u00e1n abiertas, mostrando sus vibrantes colores y patrones.\"},{\"@type\":\"BreadcrumbList\",\"@id\":\"https:\\\/\\\/zoo.org\\\/es\\\/nombra-un-polinizador\\\/reconocimiento-en-linea\\\/#breadcrumb\",\"itemListElement\":[{\"@type\":\"ListItem\",\"position\":1,\"name\":\"Hogar\",\"item\":\"https:\\\/\\\/zoo.org\\\/es\\\/\"},{\"@type\":\"ListItem\",\"position\":2,\"name\":\"Nombra un polinizador\",\"item\":\"https:\\\/\\\/zoo.org\\\/es\\\/nombra-un-polinizador\\\/\"},{\"@type\":\"ListItem\",\"position\":3,\"name\":\"Nombra un polinizador Reconocimiento en l\u00ednea\"}]},{\"@type\":\"WebSite\",\"@id\":\"https:\\\/\\\/zoo.org\\\/es\\\/#website\",\"url\":\"https:\\\/\\\/zoo.org\\\/es\\\/\",\"name\":\"Zool\u00f3gico Woodland Park\",\"description\":\"El Zool\u00f3gico Woodland Park salva la vida silvestre e inspira a todos a hacer de la conservaci\u00f3n una prioridad en sus vidas.\",\"publisher\":{\"@id\":\"https:\\\/\\\/zoo.org\\\/es\\\/#organization\"},\"potentialAction\":[{\"@type\":\"SearchAction\",\"target\":{\"@type\":\"EntryPoint\",\"urlTemplate\":\"https:\\\/\\\/zoo.org\\\/es\\\/?s={search_term_string}\"},\"query-input\":{\"@type\":\"PropertyValueSpecification\",\"valueRequired\":true,\"valueName\":\"search_term_string\"}}],\"inLanguage\":\"es\"},{\"@type\":\"Organization\",\"@id\":\"https:\\\/\\\/zoo.org\\\/es\\\/#organization\",\"name\":\"Zool\u00f3gico Woodland Park\",\"url\":\"https:\\\/\\\/zoo.org\\\/es\\\/\",\"logo\":{\"@type\":\"ImageObject\",\"inLanguage\":\"es\",\"@id\":\"https:\\\/\\\/zoo.org\\\/es\\\/#\\\/schema\\\/logo\\\/image\\\/\",\"url\":\"https:\\\/\\\/zoo.org\\\/wp-content\\\/uploads\\\/2026\\\/01\\\/WPZ-Logo_white-SVG.svg?wsr\",\"contentUrl\":\"https:\\\/\\\/zoo.org\\\/wp-content\\\/uploads\\\/2026\\\/01\\\/WPZ-Logo_white-SVG.svg?wsr\",\"width\":288,\"height\":282,\"caption\":\"Zool\u00f3gico Woodland Park\"},\"image\":{\"@id\":\"https:\\\/\\\/zoo.org\\\/es\\\/#\\\/schema\\\/logo\\\/image\\\/\"}}]}<\/script>\n<!-- \/ Yoast SEO plugin. -->","yoast_head_json":{"title":"-","description":"Cuando haga una donaci\u00f3n al Fondo Anual del zool\u00f3gico esta temporada, reconoceremos su generosidad con una oportunidad especial de nombrar una mariposa, abeja o colibr\u00ed residente de nuestros exuberantes jardines polinizadores.","robots":{"index":"index","follow":"follow","max-snippet":"max-snippet:-1","max-image-preview":"max-image-preview:large","max-video-preview":"max-video-preview:-1"},"canonical":"https:\/\/zoo.org\/es\/nombra-un-polinizador\/reconocimiento-en-linea\/","og_locale":"es_ES","og_type":"article","og_title":"-","og_description":"Cuando haga una donaci\u00f3n al Fondo Anual del zool\u00f3gico esta temporada, reconoceremos su generosidad con una oportunidad especial de nombrar una mariposa, abeja o colibr\u00ed residente de nuestros exuberantes jardines polinizadores.","og_url":"https:\/\/zoo.org\/es\/nombra-un-polinizador\/reconocimiento-en-linea\/","og_site_name":"Zool\u00f3gico Woodland Park","article_modified_time":"2026-04-07T02:30:28+00:00","og_image":[{"width":800,"height":533,"url":"https:\/\/zoo.org\/wp-content\/uploads\/2025\/08\/Butterfly-Garden-2-Dennis-Dow-web.jpg?wsr","type":"image\/jpeg"}],"twitter_card":"summary_large_image","schema":{"@context":"https:\/\/schema.org","@graph":[{"@type":"WebPage","@id":"https:\/\/zoo.org\/es\/nombra-un-polinizador\/reconocimiento-en-linea\/","url":"https:\/\/zoo.org\/es\/nombra-un-polinizador\/reconocimiento-en-linea\/","name":"-","isPartOf":{"@id":"https:\/\/zoo.org\/es\/#website"},"primaryImageOfPage":{"@id":"https:\/\/zoo.org\/es\/nombra-un-polinizador\/reconocimiento-en-linea\/#primaryimage"},"image":{"@id":"https:\/\/zoo.org\/es\/nombra-un-polinizador\/reconocimiento-en-linea\/#primaryimage"},"thumbnailUrl":"https:\/\/zoo.org\/wp-content\/uploads\/2025\/08\/Butterfly-Garden-2-Dennis-Dow-web.jpg?wsr","datePublished":"2026-03-18T18:30:14+00:00","dateModified":"2026-04-07T02:30:28+00:00","description":"Cuando haga una donaci\u00f3n al Fondo Anual del zool\u00f3gico esta temporada, reconoceremos su generosidad con una oportunidad especial de nombrar una mariposa, abeja o colibr\u00ed residente de nuestros exuberantes jardines polinizadores.","breadcrumb":{"@id":"https:\/\/zoo.org\/es\/nombra-un-polinizador\/reconocimiento-en-linea\/#breadcrumb"},"inLanguage":"es","potentialAction":[{"@type":"ReadAction","target":["https:\/\/zoo.org\/es\/nombra-un-polinizador\/reconocimiento-en-linea\/"]}]},{"@type":"ImageObject","inLanguage":"es","@id":"https:\/\/zoo.org\/es\/nombra-un-polinizador\/reconocimiento-en-linea\/#primaryimage","url":"https:\/\/zoo.org\/wp-content\/uploads\/2025\/08\/Butterfly-Garden-2-Dennis-Dow-web.jpg?wsr","contentUrl":"https:\/\/zoo.org\/wp-content\/uploads\/2025\/08\/Butterfly-Garden-2-Dennis-Dow-web.jpg?wsr","width":800,"height":533,"caption":"Una mariposa negra y azul con manchas blancas en las alas descansa sobre hojas verdes dentadas. Sus alas est\u00e1n abiertas, mostrando sus vibrantes colores y patrones."},{"@type":"BreadcrumbList","@id":"https:\/\/zoo.org\/es\/nombra-un-polinizador\/reconocimiento-en-linea\/#breadcrumb","itemListElement":[{"@type":"ListItem","position":1,"name":"Hogar","item":"https:\/\/zoo.org\/es\/"},{"@type":"ListItem","position":2,"name":"Nombra un polinizador","item":"https:\/\/zoo.org\/es\/nombra-un-polinizador\/"},{"@type":"ListItem","position":3,"name":"Nombra un polinizador Reconocimiento en l\u00ednea"}]},{"@type":"WebSite","@id":"https:\/\/zoo.org\/es\/#website","url":"https:\/\/zoo.org\/es\/","name":"Zool\u00f3gico Woodland Park","description":"El Zool\u00f3gico Woodland Park salva la vida silvestre e inspira a todos a hacer de la conservaci\u00f3n una prioridad en sus vidas.","publisher":{"@id":"https:\/\/zoo.org\/es\/#organization"},"potentialAction":[{"@type":"SearchAction","target":{"@type":"EntryPoint","urlTemplate":"https:\/\/zoo.org\/es\/?s={search_term_string}"},"query-input":{"@type":"PropertyValueSpecification","valueRequired":true,"valueName":"search_term_string"}}],"inLanguage":"es"},{"@type":"Organization","@id":"https:\/\/zoo.org\/es\/#organization","name":"Zool\u00f3gico Woodland Park","url":"https:\/\/zoo.org\/es\/","logo":{"@type":"ImageObject","inLanguage":"es","@id":"https:\/\/zoo.org\/es\/#\/schema\/logo\/image\/","url":"https:\/\/zoo.org\/wp-content\/uploads\/2026\/01\/WPZ-Logo_white-SVG.svg?wsr","contentUrl":"https:\/\/zoo.org\/wp-content\/uploads\/2026\/01\/WPZ-Logo_white-SVG.svg?wsr","width":288,"height":282,"caption":"Zool\u00f3gico Woodland Park"},"image":{"@id":"https:\/\/zoo.org\/es\/#\/schema\/logo\/image\/"}}]}},"taxonomy_info":[],"featured_image_src_large":["https:\/\/zoo.org\/wp-content\/uploads\/2025\/08\/Butterfly-Garden-2-Dennis-Dow-web.jpg?wsr",800,533,false],"author_info":{"display_name":"jloughlin","author_link":"https:\/\/zoo.org\/es\/author\/jloughlin\/"},"comment_info":0,"_links":{"self":[{"href":"https:\/\/zoo.org\/es\/wp-json\/wp\/v2\/pages\/12845","targetHints":{"allow":["GET"]}}],"collection":[{"href":"https:\/\/zoo.org\/es\/wp-json\/wp\/v2\/pages"}],"about":[{"href":"https:\/\/zoo.org\/es\/wp-json\/wp\/v2\/types\/page"}],"author":[{"embeddable":true,"href":"https:\/\/zoo.org\/es\/wp-json\/wp\/v2\/users\/1"}],"replies":[{"embeddable":true,"href":"https:\/\/zoo.org\/es\/wp-json\/wp\/v2\/comments?post=12845"}],"version-history":[{"count":2,"href":"https:\/\/zoo.org\/es\/wp-json\/wp\/v2\/pages\/12845\/revisions"}],"predecessor-version":[{"id":24860,"href":"https:\/\/zoo.org\/es\/wp-json\/wp\/v2\/pages\/12845\/revisions\/24860"}],"up":[{"embeddable":true,"href":"https:\/\/zoo.org\/es\/wp-json\/wp\/v2\/pages\/12807"}],"wp:featuredmedia":[{"embeddable":true,"href":"https:\/\/zoo.org\/es\/wp-json\/wp\/v2\/media\/12811"}],"wp:attachment":[{"href":"https:\/\/zoo.org\/es\/wp-json\/wp\/v2\/media?parent=12845"}],"curies":[{"name":"wp","href":"https:\/\/api.w.org\/{rel}","templated":true}]}}