{"id":12846,"date":"2025-10-14T13:26:51","date_gmt":"2025-10-14T20:26:51","guid":{"rendered":"https:\/\/zoo.org\/nombra-un-polinizador\/preguntas-frecuentes-sobre-como-nombrar-un-polinizador\/"},"modified":"2025-12-19T18:16:34","modified_gmt":"2025-12-20T02:16:34","slug":"preguntas-frecuentes-sobre-como-nombrar-un-polinizador","status":"publish","type":"page","link":"https:\/\/zoo.org\/es\/nombra-un-polinizador\/preguntas-frecuentes-sobre-como-nombrar-un-polinizador\/","title":{"rendered":"Preguntas frecuentes sobre c\u00f3mo nombrar un polinizador"},"content":{"rendered":"\n<div class=\"wp-block-cover alignfull is-light hero\" style=\"margin-top:0;margin-bottom:0\"><img loading=\"lazy\" decoding=\"async\" width=\"1920\" height=\"400\" class=\"wp-block-cover__image-background wp-image-6322 size-full\" alt=\"\" src=\"https:\/\/zoo.org\/wp-content\/uploads\/2025\/10\/Pollinator_WebsiteBanner-web.jpg\" data-object-fit=\"cover\" srcset=\"https:\/\/zoo.org\/wp-content\/uploads\/2025\/10\/Pollinator_WebsiteBanner-web.jpg 1920w, https:\/\/zoo.org\/wp-content\/uploads\/2025\/10\/Pollinator_WebsiteBanner-web-300x63.jpg 300w, https:\/\/zoo.org\/wp-content\/uploads\/2025\/10\/Pollinator_WebsiteBanner-web-1024x213.jpg 1024w, https:\/\/zoo.org\/wp-content\/uploads\/2025\/10\/Pollinator_WebsiteBanner-web-768x160.jpg 768w, https:\/\/zoo.org\/wp-content\/uploads\/2025\/10\/Pollinator_WebsiteBanner-web-1536x320.jpg 1536w\" sizes=\"auto, (max-width: 1920px) 100vw, 1920px\" \/><span aria-hidden=\"true\" class=\"wp-block-cover__background has-background-dim-0 has-background-dim\" style=\"background-color:#d47e34\"><\/span><div class=\"wp-block-cover__inner-container is-layout-constrained wp-block-cover-is-layout-constrained\">\n<p class=\"has-text-align-center has-large-font-size\"><\/p>\n<\/div><\/div>\n\n<div class=\"wp-block-group is-layout-constrained wp-block-group-is-layout-constrained\" style=\"margin-top:2em;margin-bottom:3em\">\n<h1 class=\"wp-block-heading has-text-align-center\" style=\"margin-top:0.65em;margin-bottom:0.275em\">NOMBRE UN POLINIZADOR<\/h1>\n\n\n\n<p class=\"has-text-align-center has-palette-color-3-color has-text-color has-link-color wp-elements-b5e0ac558ece8722b704268ecbabcd82\" style=\"margin-bottom:1em;font-size:clamp(0.984em, 0.984rem + ((1vw - 0.2em) * 0.645), 1.5em);font-style:normal;font-weight:500;line-height:1.5\"><strong><strong>\u00bfHAS ESCUCHADO EL ZUMBIDO?<\/strong><\/strong><\/p>\n\n\n\n<p class=\"has-text-align-center has-palette-color-3-color has-text-color has-link-color wp-elements-5004c3108766e1fb9480ef33277eba10\" style=\"margin-bottom:1em;font-size:clamp(0.984em, 0.984rem + ((1vw - 0.2em) * 0.645), 1.5em);line-height:1.5\">\u00daNETE A NUESTRO MOVIMIENTO PARA PROTEGER A LOS POLINIZADORES<\/p>\n<\/div>\n\n<div class=\"wp-block-group alignfull divider is-layout-constrained wp-block-group-is-layout-constrained\">\n<h2 class=\"wp-block-heading alignfull has-text-align-center\">Preguntas frecuentes<\/h2>\n<\/div>\n\n<h4 class=\"wp-block-heading\">\u00bfCu\u00e1nto tiempo estar\u00e1 disponible la p\u00e1gina de reconocimiento \u201cNombra un polinizador\u201d en el sitio web del zool\u00f3gico?<\/h4>\n\n<p>\u00a1Indefinidamente! Actualizaremos la lista de nombres peri\u00f3dicamente durante el verano. <\/p>\n\n<h4 class=\"wp-block-heading\">\u00bfD\u00f3nde puedo encontrar el nombre de mi polinizador en el sitio web del zool\u00f3gico?<\/h4>\n\n<p>La lista de reconocimiento in situ de Nombra un polinizador est\u00e1 disponible en l\u00ednea.  <a href=\"https:\/\/zoo.org\/es\/nombra-un-polinizador\/reconocimiento-en-linea\/\">\u00a1Ver la lista!<\/a><\/p>\n\n<h4 class=\"wp-block-heading\">\u00bfQu\u00e9 tan pronto aparecer\u00e1 el nombre de mi polinizador en el sitio web del zool\u00f3gico?<\/h4>\n\n<p>Puede que nos lleve una semana agregar el nombre de su polinizador a la lista de reconocimiento, pero actualizaremos la lista continuamente durante el verano.<\/p>\n\n<h4 class=\"wp-block-heading\">\u00bfExiste un l\u00edmite en la cantidad de caracteres en el nombre de mi polinizador o restricciones sobre c\u00f3mo puedo nombrar a mi polinizador?<\/h4>\n\n<p>Le pedimos que limite el nombre de su polinizador a 30 caracteres, incluyendo espacios. El Zool\u00f3gico Woodland Park promueve un ambiente familiar, as\u00ed que por favor, mantenga todos los nombres de los polinizadores en ese esp\u00edritu. El Zool\u00f3gico Woodland Park se reserva el derecho de excluir los nombres de los polinizadores del reconocimiento p\u00fablico a nuestra discreci\u00f3n.  <\/p>\n\n<h4 class=\"wp-block-heading\">\u00bfRecibir\u00e9 una confirmaci\u00f3n por correo electr\u00f3nico del nombre de mi polinizador?<\/h4>\n\n<p>Al realizar su donaci\u00f3n en l\u00ednea, recibir\u00e1 un correo electr\u00f3nico de confirmaci\u00f3n de \u00abNombra un Polinizador\u00bb a la direcci\u00f3n de correo electr\u00f3nico que proporcion\u00f3 inmediatamente despu\u00e9s de enviar su contribuci\u00f3n. Si realiza su donaci\u00f3n por correo postal o en persona, recibir\u00e1 la confirmaci\u00f3n y un recibo de impuestos en su direcci\u00f3n en un plazo de dos semanas. Si tiene alguna pregunta, no dude en contactarnos a <a href=\"mailto:donations@zoo.org\">donations@zoo.org<\/a> o al 206.548.2491.  <\/p>\n\n<h4 class=\"wp-block-heading\">\u00bfPuedo obtener un certificado de Nombra un Polinizador para entregar como regalo?<\/h4>\n\n<p>Nuestro equipo estar\u00e1 encantado de crear un certificado digital especial \u00abNombra a un Polinizador\u00bb que podr\u00e1 imprimir o enviar por correo electr\u00f3nico a alguien especial. Si le interesa un certificado digital \u00abNombra a un Polinizador\u00bb, cont\u00e1ctenos en <a href=\"mailto:donations@zoo.org\">donations@zoo.org<\/a> o al 206.548.2491. El proceso puede tardar hasta 3 d\u00edas h\u00e1biles.  <\/p>\n\n<p>Para una donaci\u00f3n inmediata, selecciona \u00abDedicar mi donaci\u00f3n\u00bb en nuestro formulario de donaciones \u00abNombra a un polinizador\u00bb al realizar tu contribuci\u00f3n. Despu\u00e9s, puedes enviar una tarjeta electr\u00f3nica personalizada con un mensaje personalizado al correo electr\u00f3nico de un destinatario especial. <\/p>\n\n<h4 class=\"wp-block-heading\">Me gustar\u00eda hacer una donaci\u00f3n durante GiveBIG, el d\u00eda de donaciones para toda la comunidad de Washington del 6 y 7 de mayo. \u00bfPuedo nombrar a un polinizador si hago mi donaci\u00f3n a trav\u00e9s de GiveBIG? <\/h4>\n\n<p>\u00a1S\u00ed! Nuestro equipo de Relaciones con Donantes se pondr\u00e1 en contacto contigo para recopilar la especie de polinizador que hayas seleccionado (colibr\u00ed, abeja, mariposa) y su nombre. Una vez que hayas proporcionado esta informaci\u00f3n, te enviaremos tu certificado digital por correo electr\u00f3nico. No dudes en contactarnos directamente para indicarnos tus opciones: <a href=\"mailto:donations@zoo.org\">donations@zoo.org<\/a> o 206.548.2491.  <\/p>\n\n<h4 class=\"wp-block-heading\">\u00bfCu\u00e1l es el precio para nombrar a un polinizador en Woodland Park Zoo?<\/h4>\n\n<p>No hay un precio fijo para la oportunidad de bautizar una mariposa, abeja o colibr\u00ed en el Zool\u00f3gico Woodland Park. Le pedimos que haga una donaci\u00f3n al Fondo Anual del zool\u00f3gico por una cantidad que sea significativa para usted. Donaciones de cualquier tama\u00f1o marcan una diferencia importante en nuestra labor de preservar los h\u00e1bitats de los polinizadores, restaurar las poblaciones de mariposas amenazadas y educar a millones de visitantes sobre la importancia de la biodiversidad.  <\/p>\n\n<h4 class=\"wp-block-heading\">\u00bfC\u00f3mo utilizar\u00e1 el zool\u00f3gico las ganancias de la campa\u00f1a \u201cNombra un polinizador\u201d?<\/h4>\n\n<p>Los obsequios de Nombre a un Polinizador respaldan el Fondo Anual del Zool\u00f3gico Woodland Park, que ayuda a sustentar todas las operaciones en el zool\u00f3gico de su comunidad, incluido el cuidado diario de los animales, los controles y procedimientos veterinarios, una programaci\u00f3n educativa interesante e iniciativas de conservaci\u00f3n vitales, como nuestro laboratorio de conservaci\u00f3n de mariposas que est\u00e1 trabajando para repoblar la mariposa Oregon Silverspot, una especie nativa del noroeste.<\/p>\n","protected":false},"excerpt":{"rendered":"<p>NOMBRE UN POLINIZADOR \u00bfHAS ESCUCHADO EL ZUMBIDO? \u00daNETE A NUESTRO MOVIMIENTO PARA PROTEGER A LOS POLINIZADORES Preguntas frecuentes \u00bfCu\u00e1nto tiempo estar\u00e1 disponible la p\u00e1gina de reconocimiento \u201cNombra un polinizador\u201d en [&hellip;]<\/p>\n","protected":false},"author":1,"featured_media":12811,"parent":12807,"menu_order":0,"comment_status":"closed","ping_status":"closed","template":"","meta":{"_acf_changed":false,"_kad_blocks_custom_css":"","_kad_blocks_head_custom_js":"","_kad_blocks_body_custom_js":"","_kad_blocks_footer_custom_js":"","footnotes":""},"class_list":["post-12846","page","type-page","status-publish","has-post-thumbnail","hentry"],"blocksy_meta":[],"acf":[],"yoast_head":"<!-- This site is optimized with the Yoast SEO plugin v27.4 - https:\/\/yoast.com\/product\/yoast-seo-wordpress\/ -->\n<title>-<\/title>\n<meta name=\"description\" content=\"Cuando haga una donaci\u00f3n al Fondo Anual del zool\u00f3gico esta temporada, reconoceremos su generosidad con una oportunidad especial de nombrar una mariposa, abeja o colibr\u00ed residente de nuestros exuberantes jardines polinizadores.\" \/>\n<meta name=\"robots\" content=\"index, follow, max-snippet:-1, max-image-preview:large, max-video-preview:-1\" \/>\n<link rel=\"canonical\" href=\"https:\/\/zoo.org\/es\/nombra-un-polinizador\/preguntas-frecuentes-sobre-como-nombrar-un-polinizador\/\" \/>\n<meta property=\"og:locale\" content=\"es_ES\" \/>\n<meta property=\"og:type\" content=\"article\" \/>\n<meta property=\"og:title\" content=\"-\" \/>\n<meta property=\"og:description\" content=\"Cuando haga una donaci\u00f3n al Fondo Anual del zool\u00f3gico esta temporada, reconoceremos su generosidad con una oportunidad especial de nombrar una mariposa, abeja o colibr\u00ed residente de nuestros exuberantes jardines polinizadores.\" \/>\n<meta property=\"og:url\" content=\"https:\/\/zoo.org\/es\/nombra-un-polinizador\/preguntas-frecuentes-sobre-como-nombrar-un-polinizador\/\" \/>\n<meta property=\"og:site_name\" content=\"Zool\u00f3gico Woodland Park\" \/>\n<meta property=\"article:modified_time\" content=\"2025-12-20T02:16:34+00:00\" \/>\n<meta property=\"og:image\" content=\"https:\/\/zoo.org\/wp-content\/uploads\/2025\/08\/Butterfly-Garden-2-Dennis-Dow-web.jpg?wsr\" \/>\n\t<meta property=\"og:image:width\" content=\"800\" \/>\n\t<meta property=\"og:image:height\" content=\"533\" \/>\n\t<meta property=\"og:image:type\" content=\"image\/jpeg\" \/>\n<meta name=\"twitter:card\" content=\"summary_large_image\" \/>\n<script type=\"application\/ld+json\" class=\"yoast-schema-graph\">{\"@context\":\"https:\\\/\\\/schema.org\",\"@graph\":[{\"@type\":\"WebPage\",\"@id\":\"https:\\\/\\\/zoo.org\\\/es\\\/nombra-un-polinizador\\\/preguntas-frecuentes-sobre-como-nombrar-un-polinizador\\\/\",\"url\":\"https:\\\/\\\/zoo.org\\\/es\\\/nombra-un-polinizador\\\/preguntas-frecuentes-sobre-como-nombrar-un-polinizador\\\/\",\"name\":\"-\",\"isPartOf\":{\"@id\":\"https:\\\/\\\/zoo.org\\\/es\\\/#website\"},\"primaryImageOfPage\":{\"@id\":\"https:\\\/\\\/zoo.org\\\/es\\\/nombra-un-polinizador\\\/preguntas-frecuentes-sobre-como-nombrar-un-polinizador\\\/#primaryimage\"},\"image\":{\"@id\":\"https:\\\/\\\/zoo.org\\\/es\\\/nombra-un-polinizador\\\/preguntas-frecuentes-sobre-como-nombrar-un-polinizador\\\/#primaryimage\"},\"thumbnailUrl\":\"https:\\\/\\\/zoo.org\\\/wp-content\\\/uploads\\\/2025\\\/08\\\/Butterfly-Garden-2-Dennis-Dow-web.jpg?wsr\",\"datePublished\":\"2025-10-14T20:26:51+00:00\",\"dateModified\":\"2025-12-20T02:16:34+00:00\",\"description\":\"Cuando haga una donaci\u00f3n al Fondo Anual del zool\u00f3gico esta temporada, reconoceremos su generosidad con una oportunidad especial de nombrar una mariposa, abeja o colibr\u00ed residente de nuestros exuberantes jardines polinizadores.\",\"breadcrumb\":{\"@id\":\"https:\\\/\\\/zoo.org\\\/es\\\/nombra-un-polinizador\\\/preguntas-frecuentes-sobre-como-nombrar-un-polinizador\\\/#breadcrumb\"},\"inLanguage\":\"es\",\"potentialAction\":[{\"@type\":\"ReadAction\",\"target\":[\"https:\\\/\\\/zoo.org\\\/es\\\/nombra-un-polinizador\\\/preguntas-frecuentes-sobre-como-nombrar-un-polinizador\\\/\"]}]},{\"@type\":\"ImageObject\",\"inLanguage\":\"es\",\"@id\":\"https:\\\/\\\/zoo.org\\\/es\\\/nombra-un-polinizador\\\/preguntas-frecuentes-sobre-como-nombrar-un-polinizador\\\/#primaryimage\",\"url\":\"https:\\\/\\\/zoo.org\\\/wp-content\\\/uploads\\\/2025\\\/08\\\/Butterfly-Garden-2-Dennis-Dow-web.jpg?wsr\",\"contentUrl\":\"https:\\\/\\\/zoo.org\\\/wp-content\\\/uploads\\\/2025\\\/08\\\/Butterfly-Garden-2-Dennis-Dow-web.jpg?wsr\",\"width\":800,\"height\":533,\"caption\":\"Una mariposa negra y azul con manchas blancas en las alas descansa sobre hojas verdes dentadas. Sus alas est\u00e1n abiertas, mostrando sus vibrantes colores y patrones.\"},{\"@type\":\"BreadcrumbList\",\"@id\":\"https:\\\/\\\/zoo.org\\\/es\\\/nombra-un-polinizador\\\/preguntas-frecuentes-sobre-como-nombrar-un-polinizador\\\/#breadcrumb\",\"itemListElement\":[{\"@type\":\"ListItem\",\"position\":1,\"name\":\"Hogar\",\"item\":\"https:\\\/\\\/zoo.org\\\/es\\\/\"},{\"@type\":\"ListItem\",\"position\":2,\"name\":\"Nombra un polinizador\",\"item\":\"https:\\\/\\\/zoo.org\\\/es\\\/nombra-un-polinizador\\\/\"},{\"@type\":\"ListItem\",\"position\":3,\"name\":\"Preguntas frecuentes sobre c\u00f3mo nombrar un polinizador\"}]},{\"@type\":\"WebSite\",\"@id\":\"https:\\\/\\\/zoo.org\\\/es\\\/#website\",\"url\":\"https:\\\/\\\/zoo.org\\\/es\\\/\",\"name\":\"Zool\u00f3gico Woodland Park\",\"description\":\"El Zool\u00f3gico Woodland Park salva la vida silvestre e inspira a todos a hacer de la conservaci\u00f3n una prioridad en sus vidas.\",\"publisher\":{\"@id\":\"https:\\\/\\\/zoo.org\\\/es\\\/#organization\"},\"potentialAction\":[{\"@type\":\"SearchAction\",\"target\":{\"@type\":\"EntryPoint\",\"urlTemplate\":\"https:\\\/\\\/zoo.org\\\/es\\\/?s={search_term_string}\"},\"query-input\":{\"@type\":\"PropertyValueSpecification\",\"valueRequired\":true,\"valueName\":\"search_term_string\"}}],\"inLanguage\":\"es\"},{\"@type\":\"Organization\",\"@id\":\"https:\\\/\\\/zoo.org\\\/es\\\/#organization\",\"name\":\"Zool\u00f3gico Woodland Park\",\"url\":\"https:\\\/\\\/zoo.org\\\/es\\\/\",\"logo\":{\"@type\":\"ImageObject\",\"inLanguage\":\"es\",\"@id\":\"https:\\\/\\\/zoo.org\\\/es\\\/#\\\/schema\\\/logo\\\/image\\\/\",\"url\":\"https:\\\/\\\/zoo.org\\\/wp-content\\\/uploads\\\/2026\\\/01\\\/WPZ-Logo_white-SVG.svg?wsr\",\"contentUrl\":\"https:\\\/\\\/zoo.org\\\/wp-content\\\/uploads\\\/2026\\\/01\\\/WPZ-Logo_white-SVG.svg?wsr\",\"width\":288,\"height\":282,\"caption\":\"Zool\u00f3gico Woodland Park\"},\"image\":{\"@id\":\"https:\\\/\\\/zoo.org\\\/es\\\/#\\\/schema\\\/logo\\\/image\\\/\"}}]}<\/script>\n<!-- \/ Yoast SEO plugin. -->","yoast_head_json":{"title":"-","description":"Cuando haga una donaci\u00f3n al Fondo Anual del zool\u00f3gico esta temporada, reconoceremos su generosidad con una oportunidad especial de nombrar una mariposa, abeja o colibr\u00ed residente de nuestros exuberantes jardines polinizadores.","robots":{"index":"index","follow":"follow","max-snippet":"max-snippet:-1","max-image-preview":"max-image-preview:large","max-video-preview":"max-video-preview:-1"},"canonical":"https:\/\/zoo.org\/es\/nombra-un-polinizador\/preguntas-frecuentes-sobre-como-nombrar-un-polinizador\/","og_locale":"es_ES","og_type":"article","og_title":"-","og_description":"Cuando haga una donaci\u00f3n al Fondo Anual del zool\u00f3gico esta temporada, reconoceremos su generosidad con una oportunidad especial de nombrar una mariposa, abeja o colibr\u00ed residente de nuestros exuberantes jardines polinizadores.","og_url":"https:\/\/zoo.org\/es\/nombra-un-polinizador\/preguntas-frecuentes-sobre-como-nombrar-un-polinizador\/","og_site_name":"Zool\u00f3gico Woodland Park","article_modified_time":"2025-12-20T02:16:34+00:00","og_image":[{"width":800,"height":533,"url":"https:\/\/zoo.org\/wp-content\/uploads\/2025\/08\/Butterfly-Garden-2-Dennis-Dow-web.jpg?wsr","type":"image\/jpeg"}],"twitter_card":"summary_large_image","schema":{"@context":"https:\/\/schema.org","@graph":[{"@type":"WebPage","@id":"https:\/\/zoo.org\/es\/nombra-un-polinizador\/preguntas-frecuentes-sobre-como-nombrar-un-polinizador\/","url":"https:\/\/zoo.org\/es\/nombra-un-polinizador\/preguntas-frecuentes-sobre-como-nombrar-un-polinizador\/","name":"-","isPartOf":{"@id":"https:\/\/zoo.org\/es\/#website"},"primaryImageOfPage":{"@id":"https:\/\/zoo.org\/es\/nombra-un-polinizador\/preguntas-frecuentes-sobre-como-nombrar-un-polinizador\/#primaryimage"},"image":{"@id":"https:\/\/zoo.org\/es\/nombra-un-polinizador\/preguntas-frecuentes-sobre-como-nombrar-un-polinizador\/#primaryimage"},"thumbnailUrl":"https:\/\/zoo.org\/wp-content\/uploads\/2025\/08\/Butterfly-Garden-2-Dennis-Dow-web.jpg?wsr","datePublished":"2025-10-14T20:26:51+00:00","dateModified":"2025-12-20T02:16:34+00:00","description":"Cuando haga una donaci\u00f3n al Fondo Anual del zool\u00f3gico esta temporada, reconoceremos su generosidad con una oportunidad especial de nombrar una mariposa, abeja o colibr\u00ed residente de nuestros exuberantes jardines polinizadores.","breadcrumb":{"@id":"https:\/\/zoo.org\/es\/nombra-un-polinizador\/preguntas-frecuentes-sobre-como-nombrar-un-polinizador\/#breadcrumb"},"inLanguage":"es","potentialAction":[{"@type":"ReadAction","target":["https:\/\/zoo.org\/es\/nombra-un-polinizador\/preguntas-frecuentes-sobre-como-nombrar-un-polinizador\/"]}]},{"@type":"ImageObject","inLanguage":"es","@id":"https:\/\/zoo.org\/es\/nombra-un-polinizador\/preguntas-frecuentes-sobre-como-nombrar-un-polinizador\/#primaryimage","url":"https:\/\/zoo.org\/wp-content\/uploads\/2025\/08\/Butterfly-Garden-2-Dennis-Dow-web.jpg?wsr","contentUrl":"https:\/\/zoo.org\/wp-content\/uploads\/2025\/08\/Butterfly-Garden-2-Dennis-Dow-web.jpg?wsr","width":800,"height":533,"caption":"Una mariposa negra y azul con manchas blancas en las alas descansa sobre hojas verdes dentadas. Sus alas est\u00e1n abiertas, mostrando sus vibrantes colores y patrones."},{"@type":"BreadcrumbList","@id":"https:\/\/zoo.org\/es\/nombra-un-polinizador\/preguntas-frecuentes-sobre-como-nombrar-un-polinizador\/#breadcrumb","itemListElement":[{"@type":"ListItem","position":1,"name":"Hogar","item":"https:\/\/zoo.org\/es\/"},{"@type":"ListItem","position":2,"name":"Nombra un polinizador","item":"https:\/\/zoo.org\/es\/nombra-un-polinizador\/"},{"@type":"ListItem","position":3,"name":"Preguntas frecuentes sobre c\u00f3mo nombrar un polinizador"}]},{"@type":"WebSite","@id":"https:\/\/zoo.org\/es\/#website","url":"https:\/\/zoo.org\/es\/","name":"Zool\u00f3gico Woodland Park","description":"El Zool\u00f3gico Woodland Park salva la vida silvestre e inspira a todos a hacer de la conservaci\u00f3n una prioridad en sus vidas.","publisher":{"@id":"https:\/\/zoo.org\/es\/#organization"},"potentialAction":[{"@type":"SearchAction","target":{"@type":"EntryPoint","urlTemplate":"https:\/\/zoo.org\/es\/?s={search_term_string}"},"query-input":{"@type":"PropertyValueSpecification","valueRequired":true,"valueName":"search_term_string"}}],"inLanguage":"es"},{"@type":"Organization","@id":"https:\/\/zoo.org\/es\/#organization","name":"Zool\u00f3gico Woodland Park","url":"https:\/\/zoo.org\/es\/","logo":{"@type":"ImageObject","inLanguage":"es","@id":"https:\/\/zoo.org\/es\/#\/schema\/logo\/image\/","url":"https:\/\/zoo.org\/wp-content\/uploads\/2026\/01\/WPZ-Logo_white-SVG.svg?wsr","contentUrl":"https:\/\/zoo.org\/wp-content\/uploads\/2026\/01\/WPZ-Logo_white-SVG.svg?wsr","width":288,"height":282,"caption":"Zool\u00f3gico Woodland Park"},"image":{"@id":"https:\/\/zoo.org\/es\/#\/schema\/logo\/image\/"}}]}},"taxonomy_info":[],"featured_image_src_large":["https:\/\/zoo.org\/wp-content\/uploads\/2025\/08\/Butterfly-Garden-2-Dennis-Dow-web.jpg?wsr",800,533,false],"author_info":{"display_name":"jloughlin","author_link":"https:\/\/zoo.org\/es\/author\/jloughlin\/"},"comment_info":0,"_links":{"self":[{"href":"https:\/\/zoo.org\/es\/wp-json\/wp\/v2\/pages\/12846","targetHints":{"allow":["GET"]}}],"collection":[{"href":"https:\/\/zoo.org\/es\/wp-json\/wp\/v2\/pages"}],"about":[{"href":"https:\/\/zoo.org\/es\/wp-json\/wp\/v2\/types\/page"}],"author":[{"embeddable":true,"href":"https:\/\/zoo.org\/es\/wp-json\/wp\/v2\/users\/1"}],"replies":[{"embeddable":true,"href":"https:\/\/zoo.org\/es\/wp-json\/wp\/v2\/comments?post=12846"}],"version-history":[{"count":0,"href":"https:\/\/zoo.org\/es\/wp-json\/wp\/v2\/pages\/12846\/revisions"}],"up":[{"embeddable":true,"href":"https:\/\/zoo.org\/es\/wp-json\/wp\/v2\/pages\/12807"}],"wp:featuredmedia":[{"embeddable":true,"href":"https:\/\/zoo.org\/es\/wp-json\/wp\/v2\/media\/12811"}],"wp:attachment":[{"href":"https:\/\/zoo.org\/es\/wp-json\/wp\/v2\/media?parent=12846"}],"curies":[{"name":"wp","href":"https:\/\/api.w.org\/{rel}","templated":true}]}}