{"id":12889,"date":"2026-02-09T15:55:41","date_gmt":"2026-02-09T23:55:41","guid":{"rendered":"https:\/\/zoo.org\/sobre-nosotros\/junta-directiva\/"},"modified":"2026-03-23T15:58:18","modified_gmt":"2026-03-23T22:58:18","slug":"junta-directiva","status":"publish","type":"page","link":"https:\/\/zoo.org\/es\/sobre-nosotros\/junta-directiva\/","title":{"rendered":"Junta Directiva"},"content":{"rendered":"\n<div class=\"wp-block-cover alignfull hero\" style=\"margin-top:0;margin-bottom:0\"><img loading=\"lazy\" decoding=\"async\" width=\"1920\" height=\"400\" class=\"wp-block-cover__image-background wp-image-3493 size-full\" alt=\"\" src=\"https:\/\/zoo.org\/wp-content\/uploads\/2025\/08\/WPZ-Seattle-Aerial-Header-Image.jpg\" data-object-fit=\"cover\" srcset=\"https:\/\/zoo.org\/wp-content\/uploads\/2025\/08\/WPZ-Seattle-Aerial-Header-Image.jpg 1920w, https:\/\/zoo.org\/wp-content\/uploads\/2025\/08\/WPZ-Seattle-Aerial-Header-Image-300x63.jpg 300w, https:\/\/zoo.org\/wp-content\/uploads\/2025\/08\/WPZ-Seattle-Aerial-Header-Image-1024x213.jpg 1024w, https:\/\/zoo.org\/wp-content\/uploads\/2025\/08\/WPZ-Seattle-Aerial-Header-Image-768x160.jpg 768w, https:\/\/zoo.org\/wp-content\/uploads\/2025\/08\/WPZ-Seattle-Aerial-Header-Image-1536x320.jpg 1536w\" sizes=\"auto, (max-width: 1920px) 100vw, 1920px\" \/><span aria-hidden=\"true\" class=\"wp-block-cover__background has-background-dim-0 has-background-dim\" style=\"background-color:#393f38\"><\/span><div class=\"wp-block-cover__inner-container is-layout-constrained wp-block-cover-is-layout-constrained\">\n<p class=\"has-text-align-center has-large-font-size\"><\/p>\n<\/div><\/div>\n\n<div class=\"wp-block-group is-layout-constrained wp-block-group-is-layout-constrained\" style=\"margin-top:2em;margin-bottom:3em\">\n<h1 class=\"wp-block-heading has-text-align-center\" style=\"margin-top:0.65em;margin-bottom:0.275em\">JUNTA DIRECTIVA<\/h1>\n\n\n\n<p class=\"has-text-align-center has-palette-color-3-color has-text-color has-link-color wp-elements-cf28d73c0ba99aa649998289c0860620\" style=\"margin-bottom:1em;font-size:clamp(0.984em, 0.984rem + ((1vw - 0.2em) * 0.645), 1.5em);font-style:normal;font-weight:500;line-height:1.5\"><strong>Somos un zool\u00f3gico sin fines de lucro dedicado a salvar animales y h\u00e1bitat.<\/strong><\/p>\n<\/div>\n\n<div class=\"wp-block-group alignfull divider is-layout-constrained wp-block-group-is-layout-constrained\">\n<h2 class=\"wp-block-heading alignfull has-text-align-center\">CONOZCA A LA JUNTA DIRECTIVA<\/h2>\n\n\n\n<p class=\"has-text-align-center\" style=\"margin-top:0.5em;margin-bottom:0.5em\"><strong>Miembros actuales<\/strong><\/p>\n<\/div>\n<style>.wp-block-kadence-image.kb-image6557_ec7a17-d8:not(.kb-specificity-added):not(.kb-extra-specificity-added){margin-bottom:var(--global-kb-spacing-lg, 3rem);}.kb-image6557_ec7a17-d8 .kb-image-has-overlay:after{opacity:0.3;}<\/style>\n<figure class=\"wp-block-kadence-image kb-image6557_ec7a17-d8 size-large\"><img loading=\"lazy\" decoding=\"async\" width=\"1024\" height=\"683\" src=\"https:\/\/zoo.org\/wp-content\/uploads\/2025\/10\/Board-photo-web-1024x683.jpg\" alt=\"A group of seventeen adults stands outdoors in front of a wooden building, smiling at the camera. Trees and greenery surround them, and the weather appears sunny and pleasant.\" class=\"kb-img wp-image-6542\" srcset=\"https:\/\/zoo.org\/wp-content\/uploads\/2025\/10\/Board-photo-web-1024x683.jpg 1024w, https:\/\/zoo.org\/wp-content\/uploads\/2025\/10\/Board-photo-web-300x200.jpg 300w, https:\/\/zoo.org\/wp-content\/uploads\/2025\/10\/Board-photo-web-768x512.jpg 768w, https:\/\/zoo.org\/wp-content\/uploads\/2025\/10\/Board-photo-web.jpg 1080w\" sizes=\"auto, (max-width: 1024px) 100vw, 1024px\" \/><\/figure>\n\n<h3 class=\"wp-block-heading\">Presidente y director ejecutivo del zool\u00f3gico Woodland Park<\/h3>\n\n<h4 class=\"wp-block-heading\">Alejandro Grajal<\/h4>\n\n<h3 class=\"wp-block-heading\">Oficiales de la junta<\/h3>\n\n<div class=\"wp-block-columns alignwide is-layout-flex wp-container-core-columns-is-layout-bd8107d2 wp-block-columns-is-layout-flex\" style=\"margin-top:2.5em;margin-bottom:2.5em\">\n<div class=\"wp-block-column has-palette-color-17-background-color has-background is-layout-flow wp-container-core-column-is-layout-492b06a7 wp-block-column-is-layout-flow\" style=\"padding-top:25px;padding-right:25px;padding-bottom:25px;padding-left:25px\">\n<h4 class=\"wp-block-heading\" style=\"margin-bottom:1em\">Silla<\/h4>\n\n\n\n<p style=\"margin-bottom:1em\"><strong>Irwin Goverman<\/strong><br\/> <em>Miembro de la comunidad<\/em><\/p>\n<\/div>\n\n\n\n<div class=\"wp-block-column has-palette-color-17-background-color has-background is-layout-flow wp-container-core-column-is-layout-492b06a7 wp-block-column-is-layout-flow\" style=\"padding-top:25px;padding-right:25px;padding-bottom:25px;padding-left:25px\">\n<h4 class=\"wp-block-heading\" style=\"margin-bottom:1em\">Vicepresidente<\/h4>\n\n\n\n<p style=\"margin-bottom:1em\"><strong>Mike Ronan<\/strong><br\/> <em>Socio principal<\/em><br\/> Ernst &amp; Young LLP (EY)<\/p>\n<\/div>\n\n\n\n<div class=\"wp-block-column has-palette-color-17-background-color has-background is-layout-flow wp-container-core-column-is-layout-492b06a7 wp-block-column-is-layout-flow\" style=\"padding-top:25px;padding-right:25px;padding-bottom:25px;padding-left:25px\">\n<h4 class=\"wp-block-heading\" style=\"margin-bottom:1em\">Tesorero<\/h4>\n\n\n\n<p style=\"margin-bottom:1em\"><strong>Dave Raney<\/strong><br\/> <em>Vicepresidente Ejecutivo | Director Bancario<\/em><br\/> Banco Comunitario Sound<\/p>\n<\/div>\n\n\n\n<div class=\"wp-block-column has-palette-color-17-background-color has-background is-layout-flow wp-container-core-column-is-layout-492b06a7 wp-block-column-is-layout-flow\" style=\"padding-top:25px;padding-right:25px;padding-bottom:25px;padding-left:25px\">\n<h4 class=\"wp-block-heading\" style=\"margin-bottom:1em\">Secretario<\/h4>\n\n\n\n<p style=\"margin-bottom:1em\"><strong>Clare Pedersen<\/strong><br\/> <em>Consultor de gesti\u00f3n<\/em><br\/> Una dama de Londres LLC<\/p>\n<\/div>\n<\/div>\n\n<h3 class=\"wp-block-heading\">Miembros de la junta directiva<\/h3>\n\n<div class=\"wp-block-columns is-layout-flex wp-container-core-columns-is-layout-28f84493 wp-block-columns-is-layout-flex\">\n<div class=\"wp-block-column is-layout-flow wp-block-column-is-layout-flow\">\n<p><strong>Linda Allen<\/strong><br\/> <em>La Fundaci\u00f3n Alleniana<\/em><\/p>\n\n\n\n<p><strong>Vikram Baskaran<\/strong><br\/> <em>Vicepresidente de Tecnolog\u00eda<\/em><br\/> Alaska Airlines<\/p>\n\n\n\n<p><strong>Anders Brown<\/strong><br\/> <em>Socio Operativo<\/em><br\/> Socios de capital de GLP<\/p>\n\n\n\n<p><strong>Christi Beckley<\/strong><br\/> <em>Director ejecutivo<\/em><br\/> Asociaci\u00f3n de vecinos de Phinney<\/p>\n\n\n\n<p><strong>Andy Bench<\/strong><br\/> <em>Presidente<\/em><br\/> Wright Runstad &amp; Company<\/p>\n\n\n\n<p><strong>Dori Borjesson<\/strong><br\/> <em>Decano de la WSU<\/em><br\/> Facultad de Medicina Veterinaria<\/p>\n\n\n\n<p><strong>Kristi Dansereau<\/strong><br\/> <em>Vicepresidente Senior<\/em><br\/> Banco de EE. UU.<\/p>\n\n\n\n<p><strong>Carolina Dygas<\/strong><br\/> <em>CPO\/VP de Abastecimiento Estrat\u00e9gico y Adquisiciones<\/em><br\/> Nordstrom<\/p>\n\n\n\n<p><strong>Adjua Dupree<\/strong><br\/> <em>Gerente Senior<\/em><br\/> Amazonas<\/p>\n\n\n\n<p><strong>Jeni Elam<\/strong><br\/> <em>Vicepresidente de Consultor\u00eda<\/em><br\/> Hospitalidad de Columbia<\/p>\n<\/div>\n\n\n\n<div class=\"wp-block-column is-layout-flow wp-block-column-is-layout-flow\">\n<p><strong>Ian Hagley<\/strong><br\/> <em>Vicepresidente de Gesti\u00f3n de Patrimonios Privados<\/em><br\/> Merril Lynch<\/p>\n\n\n\n<p><strong>Rosemarie Havranek<\/strong><br\/> Fil\u00e1ntropo<\/p>\n\n\n\n<p><strong>Marlon Dylan Herrera<\/strong><br\/> <em>Subgerente de Construcci\u00f3n<\/em><br\/> Tr\u00e1nsito sonoro<\/p>\n\n\n\n<p><strong>Cathy Herzig<\/strong><br\/> <em>Conservacionista de vida silvestre y cuidador de zool\u00f3gico jubilado<\/em><\/p>\n\n\n\n<p><strong>Jonathan Kil<\/strong><br\/> <em>Director ejecutivo<\/em><br\/> Productos farmac\u00e9uticos de sonido<\/p>\n\n\n\n<p><strong>Jeanne Kohl-Welles<\/strong><br\/> <em>Ex concejal del condado de King y senador del estado de Washington<\/em><\/p>\n\n\n\n<p><strong>Jackie Kopson<\/strong><br\/> <em>Gerente Senior de Relaciones Comerciales<\/em><br\/> El Banco de Comercio de Washington<\/p>\n\n\n\n<p><strong>Jennifer LeMaster<\/strong><br\/> <em>Presidente y director ejecutivo<\/em><br\/> Centro de Convenciones de Seattle<\/p>\n\n\n\n<p><strong>Jeff Leppo<\/strong><br\/> <em>Miembro de la comunidad<\/em><\/p>\n\n\n\n<p><strong>Lian Neeman<\/strong><br\/> <em>Director de Beneficios Globales<\/em><br\/> Amazonas<\/p>\n<\/div>\n\n\n\n<div class=\"wp-block-column is-layout-flow wp-block-column-is-layout-flow\">\n<p><strong>Larry Phillips<\/strong><br\/> <em>Miembro de la comunidad<\/em><\/p>\n\n\n\n<p><strong>Robert Plotnick<\/strong><br\/> <em>Profesor Em\u00e9rito<\/em><br\/> La Escuela Evans, Universidad de Wisconsin<\/p>\n\n\n\n<p><strong>Nate Porter<\/strong><br\/> <em>Director de Servicios Financieros<\/em><br\/> Socios de West Monroe<\/p>\n\n\n\n<p><strong>Andrea Russell<\/strong><br\/> <em>Gerente general<\/em><br\/> Microsoft<\/p>\n\n\n\n<p><strong>Justin Umagat<\/strong><br\/> <em>Gerente de Planificaci\u00f3n Estrat\u00e9gica<\/em><br\/> Metro del condado de King<\/p>\n\n\n\n<p><strong>Jill Walker<\/strong><br\/> <em>Director de Gesti\u00f3n de Riesgos Empresariales<\/em><br\/> Starbucks<\/p>\n\n\n\n<p><strong>Layne Washington<\/strong><br\/> <em>Asesor empresarial de RR.HH.<\/em><br\/> Administraci\u00f3n Nacional Oce\u00e1nica y Atmosf\u00e9rica (NOAA)<\/p>\n\n\n\n<p><strong>Alison Winfield<\/strong><br\/> <em>Gerente de Operaciones<\/em><br\/> Centro Haring de la Universidad de Wisconsin<\/p>\n\n\n\n<p><strong>Joe Woods<\/strong><br\/> <em>Socio gerente<\/em><br\/> Asuntos P\u00fablicos del Pac\u00edfico<\/p>\n<\/div>\n<\/div>\n\n<h3 class=\"wp-block-heading\">Miembros ex officio<\/h3>\n\n<div class=\"wp-block-columns is-layout-flex wp-container-core-columns-is-layout-28f84493 wp-block-columns-is-layout-flex\">\n<div class=\"wp-block-column is-layout-flow wp-block-column-is-layout-flow\">\n<p><strong>Jorge Bar\u00f3n<\/strong><br\/> <em>Concejal<\/em><br\/> Condado de King<\/p>\n<\/div>\n\n\n\n<div class=\"wp-block-column is-layout-flow wp-block-column-is-layout-flow\">\n<p><strong>Michele Finnegan<\/strong><br\/> <em>Superintendente interino<\/em><br\/> Parques y recreaci\u00f3n de Seattle<\/p>\n<\/div>\n\n\n\n<div class=\"wp-block-column is-layout-flow wp-block-column-is-layout-flow\">\n<p><strong>Alejandro Grajal<\/strong><br\/> <em>Presidente y director ejecutivo<\/em><br\/> Zool\u00f3gico Woodland Park<\/p>\n<\/div>\n<\/div>\n\n<div class=\"wp-block-group alignfull divider is-layout-constrained wp-block-group-is-layout-constrained\">\n<h2 class=\"wp-block-heading alignfull has-text-align-center\">Directores em\u00e9ritos<\/h2>\n<\/div>\n\n<div style=\"columns: 4 11em;\">\nRick Alvord<br\/>Mar\u00eda Barrientos<br\/>Warren Brown<br\/>Kathie Claypool<br\/>Kenneth W. Eakes<br\/>David Goldberg<br\/>Josu\u00e9 Green III<br\/>Jan Hendrickson<br\/>Holly Hirai<br\/>Deb Horvath<br\/>Carol Hosford<br\/>B. Gerald Johnson<br\/>Victoria Leslie<br\/>Bill Lewis<br\/>Dr. Robert Liddell<br\/>Katie Matison<br\/>James McGraw<br\/>Charles Morse<br\/>Phil Nudelman<br\/>Mar\u00eda Odermat<br\/>Juan Oppenheimer<br\/>Nancy Pellegrino<br\/>Cam Ragen<br\/>Kyle Rolfe<br\/>Matt Rosauer<br\/>Kevin Schofield<br\/>Rob Short<br\/>Diane Shrewsbury<br\/>Bryan Slinker<br\/>Dale Sperling<br\/>Sandy Stelling<br\/>Laurie Stewart<br\/>Ethan Stowell<br\/>R. Jay Tejera<br\/>Dave Towne<br\/>Janet True<br\/>Maggie Walker<br\/>Margie Wetherald<br\/>Kathy Williams<br\/>Stuart Williams<br\/>Sally Wright<br\/>Susie Wyckoff<br\/>Sheila Wyckoff-Dickey\n<\/div>\n\n<div class=\"wp-block-group alignfull divider is-layout-constrained wp-block-group-is-layout-constrained\">\n<h2 class=\"wp-block-heading alignfull has-text-align-center\">FECHAS DE REUNI\u00d3N<\/h2>\n<\/div>\n\n<div class=\"wp-block-buttons is-content-justification-center is-layout-flex wp-container-core-buttons-is-layout-a89b3969 wp-block-buttons-is-layout-flex\">\n<div class=\"wp-block-button\"><a class=\"wp-block-button__link wp-element-button\" href=\"https:\/\/zoo.org\/wp-content\/uploads\/2025\/12\/Board-Meeting-Public-Agenda.pdf\" target=\"_blank\" rel=\"noreferrer noopener\">VER LA AGENDA P\u00daBLICA<\/a><\/div>\n<\/div>\n\n<h3 class=\"wp-block-heading\">Calendario de reuniones de 2026<\/h3>\n\n<p>20 de enero<br\/> 24 de marzo<br\/> 26 de mayo<br\/> 25 de agosto<br\/> 15 de diciembre<\/p>\n\n<p><em>Todas las reuniones se llevan a cabo de 4:00 a 6:30 p. m. y se llevan a cabo en el Centro para la Conservaci\u00f3n de la Vida Silvestre (CWC), a menos que se indique lo contrario.<\/em><\/p>\n\n<div class=\"wp-block-group alignfull divider is-layout-constrained wp-block-group-is-layout-constrained\">\n<h2 class=\"wp-block-heading alignfull has-text-align-center\">CONTACTO<\/h2>\n<\/div>\n\n<p>Para cualquier pregunta relacionada con la Junta Directiva del Zool\u00f3gico Woodland Board, env\u00ede un correo electr\u00f3nico a Sara Basque, Coordinadora de la Junta y Asistente Ejecutiva del Director Ejecutivo, a <a href=\"mailto:sara.basque@zoo.org\">sara.basque@zoo.org<\/a> .<\/p>\n\n<p>La Junta Directiva del Zool\u00f3gico Woodland Park es numerosa y el espacio en nuestra sala es limitado. Para garantizar la disponibilidad de espacio y atender cualquier necesidad especial, todas las personas que deseen asistir a una reuni\u00f3n de la junta, ya sea para presentar comentarios p\u00fablicos o no, deben contactar a la Coordinadora de la Junta (Sara Basque a <a href=\"mailto:sara.basque@zoo.org\">sara.basque@zoo.org<\/a> ) con al menos 24 horas de anticipaci\u00f3n. Adem\u00e1s, tengan en cuenta que las reuniones no se pueden grabar ni copiar ni fotografiar los materiales. Por este motivo, no podemos ofrecer asistencia virtual del p\u00fablico a las reuniones de la junta.   <\/p>\n","protected":false},"excerpt":{"rendered":"<p>JUNTA DIRECTIVA Somos un zool\u00f3gico sin fines de lucro dedicado a salvar animales y h\u00e1bitat. CONOZCA A LA JUNTA DIRECTIVA Miembros actuales Presidente y director ejecutivo del zool\u00f3gico Woodland Park [&hellip;]<\/p>\n","protected":false},"author":1,"featured_media":9275,"parent":12865,"menu_order":0,"comment_status":"closed","ping_status":"closed","template":"","meta":{"_acf_changed":false,"_kad_blocks_custom_css":"","_kad_blocks_head_custom_js":"","_kad_blocks_body_custom_js":"","_kad_blocks_footer_custom_js":"","footnotes":""},"class_list":["post-12889","page","type-page","status-publish","has-post-thumbnail","hentry"],"blocksy_meta":[],"acf":[],"yoast_head":"<!-- This site is optimized with the Yoast SEO plugin v27.4 - https:\/\/yoast.com\/product\/yoast-seo-wordpress\/ -->\n<title>-<\/title>\n<meta name=\"description\" content=\"Junta Directiva del Zool\u00f3gico Woodland Park.\" \/>\n<meta name=\"robots\" content=\"index, follow, max-snippet:-1, max-image-preview:large, max-video-preview:-1\" \/>\n<link rel=\"canonical\" href=\"https:\/\/zoo.org\/es\/sobre-nosotros\/junta-directiva\/\" \/>\n<meta property=\"og:locale\" content=\"es_ES\" \/>\n<meta property=\"og:type\" content=\"article\" \/>\n<meta property=\"og:title\" content=\"-\" \/>\n<meta property=\"og:description\" content=\"Junta Directiva del Zool\u00f3gico Woodland Park.\" \/>\n<meta property=\"og:url\" content=\"https:\/\/zoo.org\/es\/sobre-nosotros\/junta-directiva\/\" \/>\n<meta property=\"og:site_name\" content=\"Zool\u00f3gico Woodland Park\" \/>\n<meta property=\"article:modified_time\" content=\"2026-03-23T22:58:18+00:00\" \/>\n<meta property=\"og:image\" content=\"https:\/\/zoo.org\/wp-content\/uploads\/2025\/10\/Seattle-Aerial-web.jpg?wsr\" \/>\n\t<meta property=\"og:image:width\" content=\"800\" \/>\n\t<meta property=\"og:image:height\" content=\"533\" \/>\n\t<meta property=\"og:image:type\" content=\"image\/jpeg\" \/>\n<meta name=\"twitter:card\" content=\"summary_large_image\" \/>\n<script type=\"application\/ld+json\" class=\"yoast-schema-graph\">{\"@context\":\"https:\\\/\\\/schema.org\",\"@graph\":[{\"@type\":\"WebPage\",\"@id\":\"https:\\\/\\\/zoo.org\\\/es\\\/sobre-nosotros\\\/junta-directiva\\\/\",\"url\":\"https:\\\/\\\/zoo.org\\\/es\\\/sobre-nosotros\\\/junta-directiva\\\/\",\"name\":\"-\",\"isPartOf\":{\"@id\":\"https:\\\/\\\/zoo.org\\\/es\\\/#website\"},\"primaryImageOfPage\":{\"@id\":\"https:\\\/\\\/zoo.org\\\/es\\\/sobre-nosotros\\\/junta-directiva\\\/#primaryimage\"},\"image\":{\"@id\":\"https:\\\/\\\/zoo.org\\\/es\\\/sobre-nosotros\\\/junta-directiva\\\/#primaryimage\"},\"thumbnailUrl\":\"https:\\\/\\\/zoo.org\\\/wp-content\\\/uploads\\\/2025\\\/10\\\/Seattle-Aerial-web.jpg?wsr\",\"datePublished\":\"2026-02-09T23:55:41+00:00\",\"dateModified\":\"2026-03-23T22:58:18+00:00\",\"description\":\"Junta Directiva del Zool\u00f3gico Woodland Park.\",\"breadcrumb\":{\"@id\":\"https:\\\/\\\/zoo.org\\\/es\\\/sobre-nosotros\\\/junta-directiva\\\/#breadcrumb\"},\"inLanguage\":\"es\",\"potentialAction\":[{\"@type\":\"ReadAction\",\"target\":[\"https:\\\/\\\/zoo.org\\\/es\\\/sobre-nosotros\\\/junta-directiva\\\/\"]}]},{\"@type\":\"ImageObject\",\"inLanguage\":\"es\",\"@id\":\"https:\\\/\\\/zoo.org\\\/es\\\/sobre-nosotros\\\/junta-directiva\\\/#primaryimage\",\"url\":\"https:\\\/\\\/zoo.org\\\/wp-content\\\/uploads\\\/2025\\\/10\\\/Seattle-Aerial-web.jpg?wsr\",\"contentUrl\":\"https:\\\/\\\/zoo.org\\\/wp-content\\\/uploads\\\/2025\\\/10\\\/Seattle-Aerial-web.jpg?wsr\",\"width\":800,\"height\":533,\"caption\":\"Vista a\u00e9rea del zool\u00f3gico con \u00e1rboles densos en primer plano, barrios residenciales en el medio y un horizonte de ciudad con edificios altos y un lago en la distancia bajo un cielo despejado.\"},{\"@type\":\"BreadcrumbList\",\"@id\":\"https:\\\/\\\/zoo.org\\\/es\\\/sobre-nosotros\\\/junta-directiva\\\/#breadcrumb\",\"itemListElement\":[{\"@type\":\"ListItem\",\"position\":1,\"name\":\"Hogar\",\"item\":\"https:\\\/\\\/zoo.org\\\/es\\\/\"},{\"@type\":\"ListItem\",\"position\":2,\"name\":\"Sobre nosotros\",\"item\":\"https:\\\/\\\/zoo.org\\\/es\\\/sobre-nosotros\\\/\"},{\"@type\":\"ListItem\",\"position\":3,\"name\":\"Junta Directiva\"}]},{\"@type\":\"WebSite\",\"@id\":\"https:\\\/\\\/zoo.org\\\/es\\\/#website\",\"url\":\"https:\\\/\\\/zoo.org\\\/es\\\/\",\"name\":\"Zool\u00f3gico Woodland Park\",\"description\":\"El Zool\u00f3gico Woodland Park salva la vida silvestre e inspira a todos a hacer de la conservaci\u00f3n una prioridad en sus vidas.\",\"publisher\":{\"@id\":\"https:\\\/\\\/zoo.org\\\/es\\\/#organization\"},\"potentialAction\":[{\"@type\":\"SearchAction\",\"target\":{\"@type\":\"EntryPoint\",\"urlTemplate\":\"https:\\\/\\\/zoo.org\\\/es\\\/?s={search_term_string}\"},\"query-input\":{\"@type\":\"PropertyValueSpecification\",\"valueRequired\":true,\"valueName\":\"search_term_string\"}}],\"inLanguage\":\"es\"},{\"@type\":\"Organization\",\"@id\":\"https:\\\/\\\/zoo.org\\\/es\\\/#organization\",\"name\":\"Zool\u00f3gico Woodland Park\",\"url\":\"https:\\\/\\\/zoo.org\\\/es\\\/\",\"logo\":{\"@type\":\"ImageObject\",\"inLanguage\":\"es\",\"@id\":\"https:\\\/\\\/zoo.org\\\/es\\\/#\\\/schema\\\/logo\\\/image\\\/\",\"url\":\"https:\\\/\\\/zoo.org\\\/wp-content\\\/uploads\\\/2026\\\/01\\\/WPZ-Logo_white-SVG.svg?wsr\",\"contentUrl\":\"https:\\\/\\\/zoo.org\\\/wp-content\\\/uploads\\\/2026\\\/01\\\/WPZ-Logo_white-SVG.svg?wsr\",\"width\":288,\"height\":282,\"caption\":\"Zool\u00f3gico Woodland Park\"},\"image\":{\"@id\":\"https:\\\/\\\/zoo.org\\\/es\\\/#\\\/schema\\\/logo\\\/image\\\/\"}}]}<\/script>\n<!-- \/ Yoast SEO plugin. -->","yoast_head_json":{"title":"-","description":"Junta Directiva del Zool\u00f3gico Woodland Park.","robots":{"index":"index","follow":"follow","max-snippet":"max-snippet:-1","max-image-preview":"max-image-preview:large","max-video-preview":"max-video-preview:-1"},"canonical":"https:\/\/zoo.org\/es\/sobre-nosotros\/junta-directiva\/","og_locale":"es_ES","og_type":"article","og_title":"-","og_description":"Junta Directiva del Zool\u00f3gico Woodland Park.","og_url":"https:\/\/zoo.org\/es\/sobre-nosotros\/junta-directiva\/","og_site_name":"Zool\u00f3gico Woodland Park","article_modified_time":"2026-03-23T22:58:18+00:00","og_image":[{"width":800,"height":533,"url":"https:\/\/zoo.org\/wp-content\/uploads\/2025\/10\/Seattle-Aerial-web.jpg?wsr","type":"image\/jpeg"}],"twitter_card":"summary_large_image","schema":{"@context":"https:\/\/schema.org","@graph":[{"@type":"WebPage","@id":"https:\/\/zoo.org\/es\/sobre-nosotros\/junta-directiva\/","url":"https:\/\/zoo.org\/es\/sobre-nosotros\/junta-directiva\/","name":"-","isPartOf":{"@id":"https:\/\/zoo.org\/es\/#website"},"primaryImageOfPage":{"@id":"https:\/\/zoo.org\/es\/sobre-nosotros\/junta-directiva\/#primaryimage"},"image":{"@id":"https:\/\/zoo.org\/es\/sobre-nosotros\/junta-directiva\/#primaryimage"},"thumbnailUrl":"https:\/\/zoo.org\/wp-content\/uploads\/2025\/10\/Seattle-Aerial-web.jpg?wsr","datePublished":"2026-02-09T23:55:41+00:00","dateModified":"2026-03-23T22:58:18+00:00","description":"Junta Directiva del Zool\u00f3gico Woodland Park.","breadcrumb":{"@id":"https:\/\/zoo.org\/es\/sobre-nosotros\/junta-directiva\/#breadcrumb"},"inLanguage":"es","potentialAction":[{"@type":"ReadAction","target":["https:\/\/zoo.org\/es\/sobre-nosotros\/junta-directiva\/"]}]},{"@type":"ImageObject","inLanguage":"es","@id":"https:\/\/zoo.org\/es\/sobre-nosotros\/junta-directiva\/#primaryimage","url":"https:\/\/zoo.org\/wp-content\/uploads\/2025\/10\/Seattle-Aerial-web.jpg?wsr","contentUrl":"https:\/\/zoo.org\/wp-content\/uploads\/2025\/10\/Seattle-Aerial-web.jpg?wsr","width":800,"height":533,"caption":"Vista a\u00e9rea del zool\u00f3gico con \u00e1rboles densos en primer plano, barrios residenciales en el medio y un horizonte de ciudad con edificios altos y un lago en la distancia bajo un cielo despejado."},{"@type":"BreadcrumbList","@id":"https:\/\/zoo.org\/es\/sobre-nosotros\/junta-directiva\/#breadcrumb","itemListElement":[{"@type":"ListItem","position":1,"name":"Hogar","item":"https:\/\/zoo.org\/es\/"},{"@type":"ListItem","position":2,"name":"Sobre nosotros","item":"https:\/\/zoo.org\/es\/sobre-nosotros\/"},{"@type":"ListItem","position":3,"name":"Junta Directiva"}]},{"@type":"WebSite","@id":"https:\/\/zoo.org\/es\/#website","url":"https:\/\/zoo.org\/es\/","name":"Zool\u00f3gico Woodland Park","description":"El Zool\u00f3gico Woodland Park salva la vida silvestre e inspira a todos a hacer de la conservaci\u00f3n una prioridad en sus vidas.","publisher":{"@id":"https:\/\/zoo.org\/es\/#organization"},"potentialAction":[{"@type":"SearchAction","target":{"@type":"EntryPoint","urlTemplate":"https:\/\/zoo.org\/es\/?s={search_term_string}"},"query-input":{"@type":"PropertyValueSpecification","valueRequired":true,"valueName":"search_term_string"}}],"inLanguage":"es"},{"@type":"Organization","@id":"https:\/\/zoo.org\/es\/#organization","name":"Zool\u00f3gico Woodland Park","url":"https:\/\/zoo.org\/es\/","logo":{"@type":"ImageObject","inLanguage":"es","@id":"https:\/\/zoo.org\/es\/#\/schema\/logo\/image\/","url":"https:\/\/zoo.org\/wp-content\/uploads\/2026\/01\/WPZ-Logo_white-SVG.svg?wsr","contentUrl":"https:\/\/zoo.org\/wp-content\/uploads\/2026\/01\/WPZ-Logo_white-SVG.svg?wsr","width":288,"height":282,"caption":"Zool\u00f3gico Woodland Park"},"image":{"@id":"https:\/\/zoo.org\/es\/#\/schema\/logo\/image\/"}}]}},"taxonomy_info":[],"featured_image_src_large":["https:\/\/zoo.org\/wp-content\/uploads\/2025\/10\/Seattle-Aerial-web.jpg?wsr",800,533,false],"author_info":{"display_name":"jloughlin","author_link":"https:\/\/zoo.org\/es\/author\/jloughlin\/"},"comment_info":0,"_links":{"self":[{"href":"https:\/\/zoo.org\/es\/wp-json\/wp\/v2\/pages\/12889","targetHints":{"allow":["GET"]}}],"collection":[{"href":"https:\/\/zoo.org\/es\/wp-json\/wp\/v2\/pages"}],"about":[{"href":"https:\/\/zoo.org\/es\/wp-json\/wp\/v2\/types\/page"}],"author":[{"embeddable":true,"href":"https:\/\/zoo.org\/es\/wp-json\/wp\/v2\/users\/1"}],"replies":[{"embeddable":true,"href":"https:\/\/zoo.org\/es\/wp-json\/wp\/v2\/comments?post=12889"}],"version-history":[{"count":0,"href":"https:\/\/zoo.org\/es\/wp-json\/wp\/v2\/pages\/12889\/revisions"}],"up":[{"embeddable":true,"href":"https:\/\/zoo.org\/es\/wp-json\/wp\/v2\/pages\/12865"}],"wp:featuredmedia":[{"embeddable":true,"href":"https:\/\/zoo.org\/es\/wp-json\/wp\/v2\/media\/9275"}],"wp:attachment":[{"href":"https:\/\/zoo.org\/es\/wp-json\/wp\/v2\/media?parent=12889"}],"curies":[{"name":"wp","href":"https:\/\/api.w.org\/{rel}","templated":true}]}}