{"id":12925,"date":"2025-10-17T12:10:09","date_gmt":"2025-10-17T19:10:09","guid":{"rendered":"https:\/\/zoo.org\/preferencias-de-correo-electronico-de-myzoo\/"},"modified":"2025-12-12T17:51:40","modified_gmt":"2025-12-13T01:51:40","slug":"preferencias-de-correo-electronico-de-myzoo","status":"publish","type":"page","link":"https:\/\/zoo.org\/es\/preferencias-de-correo-electronico-de-myzoo\/","title":{"rendered":"Preferencias de correo electr\u00f3nico de MyZoo"},"content":{"rendered":"\n<div class=\"wp-block-cover alignfull hero\" style=\"margin-top:0;margin-bottom:0\"><img loading=\"lazy\" decoding=\"async\" width=\"1920\" height=\"400\" class=\"wp-block-cover__image-background wp-image-1157 size-full\" alt=\"\" src=\"http:\/\/zoo.org\/wp-content\/uploads\/2025\/05\/Lynx-Forest-Header-Image.jpg\" data-object-fit=\"cover\" srcset=\"https:\/\/zoo.org\/wp-content\/uploads\/2025\/05\/Lynx-Forest-Header-Image.jpg 1920w, https:\/\/zoo.org\/wp-content\/uploads\/2025\/05\/Lynx-Forest-Header-Image-300x63.jpg 300w, https:\/\/zoo.org\/wp-content\/uploads\/2025\/05\/Lynx-Forest-Header-Image-1024x213.jpg 1024w, https:\/\/zoo.org\/wp-content\/uploads\/2025\/05\/Lynx-Forest-Header-Image-768x160.jpg 768w, https:\/\/zoo.org\/wp-content\/uploads\/2025\/05\/Lynx-Forest-Header-Image-1536x320.jpg 1536w\" sizes=\"auto, (max-width: 1920px) 100vw, 1920px\" \/><span aria-hidden=\"true\" class=\"wp-block-cover__background has-background-dim-0 has-background-dim\" style=\"background-color:#636e5d\"><\/span><div class=\"wp-block-cover__inner-container is-layout-constrained wp-block-cover-is-layout-constrained\">\n<p class=\"has-text-align-center has-large-font-size\"><\/p>\n<\/div><\/div>\n\n<div class=\"wp-block-group is-layout-constrained wp-block-group-is-layout-constrained\" style=\"margin-top:2em;margin-bottom:3em\">\n<h1 class=\"wp-block-heading has-text-align-center\" style=\"margin-top:0.65em;margin-bottom:0.275em\">PREFERENCIAS DE CORREO ELECTR\u00d3NICO<\/h1>\n<\/div>\n\n<div class=\"wp-block-group alignfull divider is-layout-constrained wp-block-group-is-layout-constrained\">\n<h2 class=\"wp-block-heading alignfull has-text-align-center\">Actualice sus preferencias<\/h2>\n<\/div>\n\n<p><strong>Complete el siguiente formulario con su direcci\u00f3n de correo electr\u00f3nico para actualizar sus preferencias de correo electr\u00f3nico.<\/strong><\/p>\n\n<p>Puede suscribirse o cancelar cualquier bolet\u00edn informativo regular por correo electr\u00f3nico del zool\u00f3gico utilizando este formulario de preferencias de correo electr\u00f3nico del bolet\u00edn.<\/p>\n\n<p>\u00bfQuieres suscribirte a los correos electr\u00f3nicos del zool\u00f3gico? <a href=\"https:\/\/www.zoo.org\/signup\">Suscr\u00edbete a MyZooNews<\/a> para recibir actualizaciones sobre animales del zool\u00f3gico, eventos, oportunidades educativas, novedades sobre conservaci\u00f3n, ofertas especiales y mucho m\u00e1s.  <\/p>\n\n<p> <\/p>\n<p><iframe loading=\"lazy\" frameborder=\"0\" height=\"800\" src=\"https:\/\/www.formstack.com\/forms\/?1186360-AY9ma7S6PM-v3\" width=\"650\"><\/iframe><\/p>\n<p> <\/p>\n","protected":false},"excerpt":{"rendered":"<p>PREFERENCIAS DE CORREO ELECTR\u00d3NICO Actualice sus preferencias Complete el siguiente formulario con su direcci\u00f3n de correo electr\u00f3nico para actualizar sus preferencias de correo electr\u00f3nico. Puede suscribirse o cancelar cualquier bolet\u00edn [&hellip;]<\/p>\n","protected":false},"author":1,"featured_media":0,"parent":0,"menu_order":0,"comment_status":"closed","ping_status":"closed","template":"","meta":{"_acf_changed":false,"_kad_blocks_custom_css":"","_kad_blocks_head_custom_js":"","_kad_blocks_body_custom_js":"","_kad_blocks_footer_custom_js":"","footnotes":""},"class_list":["post-12925","page","type-page","status-publish","hentry"],"blocksy_meta":[],"acf":[],"yoast_head":"<!-- This site is optimized with the Yoast SEO plugin v27.4 - https:\/\/yoast.com\/product\/yoast-seo-wordpress\/ -->\n<title>-<\/title>\n<meta name=\"description\" content=\"Actualice sus preferencias Complete el siguiente formulario con su direcci\u00f3n de correo electr\u00f3nico para actualizar sus preferencias de correo electr\u00f3nico.\" \/>\n<meta name=\"robots\" content=\"index, follow, max-snippet:-1, max-image-preview:large, max-video-preview:-1\" \/>\n<link rel=\"canonical\" href=\"https:\/\/zoo.org\/es\/preferencias-de-correo-electronico-de-myzoo\/\" \/>\n<meta property=\"og:locale\" content=\"es_ES\" \/>\n<meta property=\"og:type\" content=\"article\" \/>\n<meta property=\"og:title\" content=\"-\" \/>\n<meta property=\"og:description\" content=\"Actualice sus preferencias Complete el siguiente formulario con su direcci\u00f3n de correo electr\u00f3nico para actualizar sus preferencias de correo electr\u00f3nico.\" \/>\n<meta property=\"og:url\" content=\"https:\/\/zoo.org\/es\/preferencias-de-correo-electronico-de-myzoo\/\" \/>\n<meta property=\"og:site_name\" content=\"Zool\u00f3gico Woodland Park\" \/>\n<meta property=\"article:modified_time\" content=\"2025-12-13T01:51:40+00:00\" \/>\n<meta property=\"og:image\" content=\"http:\/\/zoo.org\/wp-content\/uploads\/2025\/05\/Lynx-Forest-Header-Image.jpg\" \/>\n<meta name=\"twitter:card\" content=\"summary_large_image\" \/>\n<script type=\"application\/ld+json\" class=\"yoast-schema-graph\">{\"@context\":\"https:\\\/\\\/schema.org\",\"@graph\":[{\"@type\":\"WebPage\",\"@id\":\"https:\\\/\\\/zoo.org\\\/es\\\/preferencias-de-correo-electronico-de-myzoo\\\/\",\"url\":\"https:\\\/\\\/zoo.org\\\/es\\\/preferencias-de-correo-electronico-de-myzoo\\\/\",\"name\":\"-\",\"isPartOf\":{\"@id\":\"https:\\\/\\\/zoo.org\\\/es\\\/#website\"},\"primaryImageOfPage\":{\"@id\":\"https:\\\/\\\/zoo.org\\\/es\\\/preferencias-de-correo-electronico-de-myzoo\\\/#primaryimage\"},\"image\":{\"@id\":\"https:\\\/\\\/zoo.org\\\/es\\\/preferencias-de-correo-electronico-de-myzoo\\\/#primaryimage\"},\"thumbnailUrl\":\"http:\\\/\\\/zoo.org\\\/wp-content\\\/uploads\\\/2025\\\/05\\\/Lynx-Forest-Header-Image.jpg\",\"datePublished\":\"2025-10-17T19:10:09+00:00\",\"dateModified\":\"2025-12-13T01:51:40+00:00\",\"description\":\"Actualice sus preferencias Complete el siguiente formulario con su direcci\u00f3n de correo electr\u00f3nico para actualizar sus preferencias de correo electr\u00f3nico.\",\"breadcrumb\":{\"@id\":\"https:\\\/\\\/zoo.org\\\/es\\\/preferencias-de-correo-electronico-de-myzoo\\\/#breadcrumb\"},\"inLanguage\":\"es\",\"potentialAction\":[{\"@type\":\"ReadAction\",\"target\":[\"https:\\\/\\\/zoo.org\\\/es\\\/preferencias-de-correo-electronico-de-myzoo\\\/\"]}]},{\"@type\":\"ImageObject\",\"inLanguage\":\"es\",\"@id\":\"https:\\\/\\\/zoo.org\\\/es\\\/preferencias-de-correo-electronico-de-myzoo\\\/#primaryimage\",\"url\":\"http:\\\/\\\/zoo.org\\\/wp-content\\\/uploads\\\/2025\\\/05\\\/Lynx-Forest-Header-Image.jpg\",\"contentUrl\":\"http:\\\/\\\/zoo.org\\\/wp-content\\\/uploads\\\/2025\\\/05\\\/Lynx-Forest-Header-Image.jpg\"},{\"@type\":\"BreadcrumbList\",\"@id\":\"https:\\\/\\\/zoo.org\\\/es\\\/preferencias-de-correo-electronico-de-myzoo\\\/#breadcrumb\",\"itemListElement\":[{\"@type\":\"ListItem\",\"position\":1,\"name\":\"Hogar\",\"item\":\"https:\\\/\\\/zoo.org\\\/es\\\/\"},{\"@type\":\"ListItem\",\"position\":2,\"name\":\"Preferencias de correo electr\u00f3nico de MyZoo\"}]},{\"@type\":\"WebSite\",\"@id\":\"https:\\\/\\\/zoo.org\\\/es\\\/#website\",\"url\":\"https:\\\/\\\/zoo.org\\\/es\\\/\",\"name\":\"Zool\u00f3gico Woodland Park\",\"description\":\"El Zool\u00f3gico Woodland Park salva la vida silvestre e inspira a todos a hacer de la conservaci\u00f3n una prioridad en sus vidas.\",\"publisher\":{\"@id\":\"https:\\\/\\\/zoo.org\\\/es\\\/#organization\"},\"potentialAction\":[{\"@type\":\"SearchAction\",\"target\":{\"@type\":\"EntryPoint\",\"urlTemplate\":\"https:\\\/\\\/zoo.org\\\/es\\\/?s={search_term_string}\"},\"query-input\":{\"@type\":\"PropertyValueSpecification\",\"valueRequired\":true,\"valueName\":\"search_term_string\"}}],\"inLanguage\":\"es\"},{\"@type\":\"Organization\",\"@id\":\"https:\\\/\\\/zoo.org\\\/es\\\/#organization\",\"name\":\"Zool\u00f3gico Woodland Park\",\"url\":\"https:\\\/\\\/zoo.org\\\/es\\\/\",\"logo\":{\"@type\":\"ImageObject\",\"inLanguage\":\"es\",\"@id\":\"https:\\\/\\\/zoo.org\\\/es\\\/#\\\/schema\\\/logo\\\/image\\\/\",\"url\":\"https:\\\/\\\/zoo.org\\\/wp-content\\\/uploads\\\/2026\\\/01\\\/WPZ-Logo_white-SVG.svg?wsr\",\"contentUrl\":\"https:\\\/\\\/zoo.org\\\/wp-content\\\/uploads\\\/2026\\\/01\\\/WPZ-Logo_white-SVG.svg?wsr\",\"width\":288,\"height\":282,\"caption\":\"Zool\u00f3gico Woodland Park\"},\"image\":{\"@id\":\"https:\\\/\\\/zoo.org\\\/es\\\/#\\\/schema\\\/logo\\\/image\\\/\"}}]}<\/script>\n<!-- \/ Yoast SEO plugin. -->","yoast_head_json":{"title":"-","description":"Actualice sus preferencias Complete el siguiente formulario con su direcci\u00f3n de correo electr\u00f3nico para actualizar sus preferencias de correo electr\u00f3nico.","robots":{"index":"index","follow":"follow","max-snippet":"max-snippet:-1","max-image-preview":"max-image-preview:large","max-video-preview":"max-video-preview:-1"},"canonical":"https:\/\/zoo.org\/es\/preferencias-de-correo-electronico-de-myzoo\/","og_locale":"es_ES","og_type":"article","og_title":"-","og_description":"Actualice sus preferencias Complete el siguiente formulario con su direcci\u00f3n de correo electr\u00f3nico para actualizar sus preferencias de correo electr\u00f3nico.","og_url":"https:\/\/zoo.org\/es\/preferencias-de-correo-electronico-de-myzoo\/","og_site_name":"Zool\u00f3gico Woodland Park","article_modified_time":"2025-12-13T01:51:40+00:00","og_image":[{"url":"http:\/\/zoo.org\/wp-content\/uploads\/2025\/05\/Lynx-Forest-Header-Image.jpg","type":"","width":"","height":""}],"twitter_card":"summary_large_image","schema":{"@context":"https:\/\/schema.org","@graph":[{"@type":"WebPage","@id":"https:\/\/zoo.org\/es\/preferencias-de-correo-electronico-de-myzoo\/","url":"https:\/\/zoo.org\/es\/preferencias-de-correo-electronico-de-myzoo\/","name":"-","isPartOf":{"@id":"https:\/\/zoo.org\/es\/#website"},"primaryImageOfPage":{"@id":"https:\/\/zoo.org\/es\/preferencias-de-correo-electronico-de-myzoo\/#primaryimage"},"image":{"@id":"https:\/\/zoo.org\/es\/preferencias-de-correo-electronico-de-myzoo\/#primaryimage"},"thumbnailUrl":"http:\/\/zoo.org\/wp-content\/uploads\/2025\/05\/Lynx-Forest-Header-Image.jpg","datePublished":"2025-10-17T19:10:09+00:00","dateModified":"2025-12-13T01:51:40+00:00","description":"Actualice sus preferencias Complete el siguiente formulario con su direcci\u00f3n de correo electr\u00f3nico para actualizar sus preferencias de correo electr\u00f3nico.","breadcrumb":{"@id":"https:\/\/zoo.org\/es\/preferencias-de-correo-electronico-de-myzoo\/#breadcrumb"},"inLanguage":"es","potentialAction":[{"@type":"ReadAction","target":["https:\/\/zoo.org\/es\/preferencias-de-correo-electronico-de-myzoo\/"]}]},{"@type":"ImageObject","inLanguage":"es","@id":"https:\/\/zoo.org\/es\/preferencias-de-correo-electronico-de-myzoo\/#primaryimage","url":"http:\/\/zoo.org\/wp-content\/uploads\/2025\/05\/Lynx-Forest-Header-Image.jpg","contentUrl":"http:\/\/zoo.org\/wp-content\/uploads\/2025\/05\/Lynx-Forest-Header-Image.jpg"},{"@type":"BreadcrumbList","@id":"https:\/\/zoo.org\/es\/preferencias-de-correo-electronico-de-myzoo\/#breadcrumb","itemListElement":[{"@type":"ListItem","position":1,"name":"Hogar","item":"https:\/\/zoo.org\/es\/"},{"@type":"ListItem","position":2,"name":"Preferencias de correo electr\u00f3nico de MyZoo"}]},{"@type":"WebSite","@id":"https:\/\/zoo.org\/es\/#website","url":"https:\/\/zoo.org\/es\/","name":"Zool\u00f3gico Woodland Park","description":"El Zool\u00f3gico Woodland Park salva la vida silvestre e inspira a todos a hacer de la conservaci\u00f3n una prioridad en sus vidas.","publisher":{"@id":"https:\/\/zoo.org\/es\/#organization"},"potentialAction":[{"@type":"SearchAction","target":{"@type":"EntryPoint","urlTemplate":"https:\/\/zoo.org\/es\/?s={search_term_string}"},"query-input":{"@type":"PropertyValueSpecification","valueRequired":true,"valueName":"search_term_string"}}],"inLanguage":"es"},{"@type":"Organization","@id":"https:\/\/zoo.org\/es\/#organization","name":"Zool\u00f3gico Woodland Park","url":"https:\/\/zoo.org\/es\/","logo":{"@type":"ImageObject","inLanguage":"es","@id":"https:\/\/zoo.org\/es\/#\/schema\/logo\/image\/","url":"https:\/\/zoo.org\/wp-content\/uploads\/2026\/01\/WPZ-Logo_white-SVG.svg?wsr","contentUrl":"https:\/\/zoo.org\/wp-content\/uploads\/2026\/01\/WPZ-Logo_white-SVG.svg?wsr","width":288,"height":282,"caption":"Zool\u00f3gico Woodland Park"},"image":{"@id":"https:\/\/zoo.org\/es\/#\/schema\/logo\/image\/"}}]}},"taxonomy_info":[],"featured_image_src_large":false,"author_info":{"display_name":"jloughlin","author_link":"https:\/\/zoo.org\/es\/author\/jloughlin\/"},"comment_info":0,"_links":{"self":[{"href":"https:\/\/zoo.org\/es\/wp-json\/wp\/v2\/pages\/12925","targetHints":{"allow":["GET"]}}],"collection":[{"href":"https:\/\/zoo.org\/es\/wp-json\/wp\/v2\/pages"}],"about":[{"href":"https:\/\/zoo.org\/es\/wp-json\/wp\/v2\/types\/page"}],"author":[{"embeddable":true,"href":"https:\/\/zoo.org\/es\/wp-json\/wp\/v2\/users\/1"}],"replies":[{"embeddable":true,"href":"https:\/\/zoo.org\/es\/wp-json\/wp\/v2\/comments?post=12925"}],"version-history":[{"count":0,"href":"https:\/\/zoo.org\/es\/wp-json\/wp\/v2\/pages\/12925\/revisions"}],"wp:attachment":[{"href":"https:\/\/zoo.org\/es\/wp-json\/wp\/v2\/media?parent=12925"}],"curies":[{"name":"wp","href":"https:\/\/api.w.org\/{rel}","templated":true}]}}