{"id":12945,"date":"2025-10-20T16:06:48","date_gmt":"2025-10-20T23:06:48","guid":{"rendered":"https:\/\/zoo.org\/noticias-de-myzoo\/"},"modified":"2025-12-12T17:51:46","modified_gmt":"2025-12-13T01:51:46","slug":"noticias-de-myzoo","status":"publish","type":"page","link":"https:\/\/zoo.org\/es\/noticias-de-myzoo\/","title":{"rendered":"Noticias de MyZoo"},"content":{"rendered":"\n<div class=\"wp-block-cover alignfull hero\" style=\"margin-top:0;margin-bottom:0\"><img loading=\"lazy\" decoding=\"async\" width=\"1920\" height=\"400\" class=\"wp-block-cover__image-background wp-image-1157 size-full\" alt=\"\" src=\"http:\/\/zoo.org\/wp-content\/uploads\/2025\/05\/Lynx-Forest-Header-Image.jpg\" data-object-fit=\"cover\" srcset=\"https:\/\/zoo.org\/wp-content\/uploads\/2025\/05\/Lynx-Forest-Header-Image.jpg 1920w, https:\/\/zoo.org\/wp-content\/uploads\/2025\/05\/Lynx-Forest-Header-Image-300x63.jpg 300w, https:\/\/zoo.org\/wp-content\/uploads\/2025\/05\/Lynx-Forest-Header-Image-1024x213.jpg 1024w, https:\/\/zoo.org\/wp-content\/uploads\/2025\/05\/Lynx-Forest-Header-Image-768x160.jpg 768w, https:\/\/zoo.org\/wp-content\/uploads\/2025\/05\/Lynx-Forest-Header-Image-1536x320.jpg 1536w\" sizes=\"auto, (max-width: 1920px) 100vw, 1920px\" \/><span aria-hidden=\"true\" class=\"wp-block-cover__background has-background-dim-0 has-background-dim\" style=\"background-color:#636e5d\"><\/span><div class=\"wp-block-cover__inner-container is-layout-constrained wp-block-cover-is-layout-constrained\">\n<p class=\"has-text-align-center has-large-font-size\"><\/p>\n<\/div><\/div>\n\n<div class=\"wp-block-group is-layout-constrained wp-block-group-is-layout-constrained\" style=\"margin-top:2em;margin-bottom:3em\">\n<h1 class=\"wp-block-heading has-text-align-center\" style=\"margin-top:0.65em;margin-bottom:0.275em\">Noticias de mi <strong>zool\u00f3gico<\/strong><\/h1>\n<\/div>\n\n<div class=\"wp-block-group alignfull divider is-layout-constrained wp-block-group-is-layout-constrained\">\n<h2 class=\"wp-block-heading alignfull has-text-align-center\">Inscribirse<\/h2>\n<\/div>\n\n<h3 class=\"wp-block-heading\">\u00danase a nuestra lista de correo electr\u00f3nico<\/h3>\n\n<h4 class=\"wp-block-heading\">Mant\u00e9ngase informado sobre las novedades del zool\u00f3gico.<\/h4>\n\n<p>Recibir\u00e1 nuestro bolet\u00edn informativo por correo electr\u00f3nico MyZooNews y correo electr\u00f3nico ocasional sobre pr\u00f3ximos eventos, noticias de conservaci\u00f3n y ofertas especiales solo para usted.<\/p>\n\n<p> <\/p>\n<script type=\"text\/javascript\" src=\"https:\/\/woodlandparkzoo.formstack.com\/forms\/js.php\/mzn_signup_form\"><\/script><noscript><a href=\"https:\/\/woodlandparkzoo.formstack.com\/forms\/mzn_signup_form\" title=\"Formulario en l\u00ednea\">Formulario en l\u00ednea &#8211; Formulario de registro de Salesforce MZN<\/a><\/noscript>\n","protected":false},"excerpt":{"rendered":"<p>Noticias de mi zool\u00f3gico Inscribirse \u00danase a nuestra lista de correo electr\u00f3nico Mant\u00e9ngase informado sobre las novedades del zool\u00f3gico. Recibir\u00e1 nuestro bolet\u00edn informativo por correo electr\u00f3nico MyZooNews y correo electr\u00f3nico [&hellip;]<\/p>\n","protected":false},"author":1,"featured_media":10442,"parent":0,"menu_order":0,"comment_status":"closed","ping_status":"closed","template":"","meta":{"_acf_changed":false,"_kad_blocks_custom_css":"","_kad_blocks_head_custom_js":"","_kad_blocks_body_custom_js":"","_kad_blocks_footer_custom_js":"","footnotes":""},"class_list":["post-12945","page","type-page","status-publish","has-post-thumbnail","hentry"],"blocksy_meta":[],"acf":[],"yoast_head":"<!-- This site is optimized with the Yoast SEO plugin v27.3 - https:\/\/yoast.com\/product\/yoast-seo-wordpress\/ -->\n<title>-<\/title>\n<meta name=\"description\" content=\"Suscr\u00edbete a nuestro bolet\u00edn electr\u00f3nico gratuito MYZOO.\" \/>\n<meta name=\"robots\" content=\"index, follow, max-snippet:-1, max-image-preview:large, max-video-preview:-1\" \/>\n<link rel=\"canonical\" href=\"https:\/\/zoo.org\/es\/noticias-de-myzoo\/\" \/>\n<meta property=\"og:locale\" content=\"es_ES\" \/>\n<meta property=\"og:type\" content=\"article\" \/>\n<meta property=\"og:title\" content=\"-\" \/>\n<meta property=\"og:description\" content=\"Suscr\u00edbete a nuestro bolet\u00edn electr\u00f3nico gratuito MYZOO.\" \/>\n<meta property=\"og:url\" content=\"https:\/\/zoo.org\/es\/noticias-de-myzoo\/\" \/>\n<meta property=\"og:site_name\" content=\"Zool\u00f3gico Woodland Park\" \/>\n<meta property=\"article:modified_time\" content=\"2025-12-13T01:51:46+00:00\" \/>\n<meta property=\"og:image\" content=\"https:\/\/zoo.org\/wp-content\/uploads\/2025\/08\/RS33694_2017_-WPZ-AERIALS-2-web.jpg\" \/>\n\t<meta property=\"og:image:width\" content=\"940\" \/>\n\t<meta property=\"og:image:height\" content=\"627\" \/>\n\t<meta property=\"og:image:type\" content=\"image\/jpeg\" \/>\n<meta name=\"twitter:card\" content=\"summary_large_image\" \/>\n<script type=\"application\/ld+json\" class=\"yoast-schema-graph\">{\"@context\":\"https:\\\/\\\/schema.org\",\"@graph\":[{\"@type\":\"WebPage\",\"@id\":\"https:\\\/\\\/zoo.org\\\/es\\\/noticias-de-myzoo\\\/\",\"url\":\"https:\\\/\\\/zoo.org\\\/es\\\/noticias-de-myzoo\\\/\",\"name\":\"-\",\"isPartOf\":{\"@id\":\"https:\\\/\\\/zoo.org\\\/es\\\/#website\"},\"primaryImageOfPage\":{\"@id\":\"https:\\\/\\\/zoo.org\\\/es\\\/noticias-de-myzoo\\\/#primaryimage\"},\"image\":{\"@id\":\"https:\\\/\\\/zoo.org\\\/es\\\/noticias-de-myzoo\\\/#primaryimage\"},\"thumbnailUrl\":\"https:\\\/\\\/zoo.org\\\/wp-content\\\/uploads\\\/2025\\\/08\\\/RS33694_2017_-WPZ-AERIALS-2-web.jpg?wsr\",\"datePublished\":\"2025-10-20T23:06:48+00:00\",\"dateModified\":\"2025-12-13T01:51:46+00:00\",\"description\":\"Suscr\u00edbete a nuestro bolet\u00edn electr\u00f3nico gratuito MYZOO.\",\"breadcrumb\":{\"@id\":\"https:\\\/\\\/zoo.org\\\/es\\\/noticias-de-myzoo\\\/#breadcrumb\"},\"inLanguage\":\"es\",\"potentialAction\":[{\"@type\":\"ReadAction\",\"target\":[\"https:\\\/\\\/zoo.org\\\/es\\\/noticias-de-myzoo\\\/\"]}]},{\"@type\":\"ImageObject\",\"inLanguage\":\"es\",\"@id\":\"https:\\\/\\\/zoo.org\\\/es\\\/noticias-de-myzoo\\\/#primaryimage\",\"url\":\"https:\\\/\\\/zoo.org\\\/wp-content\\\/uploads\\\/2025\\\/08\\\/RS33694_2017_-WPZ-AERIALS-2-web.jpg?wsr\",\"contentUrl\":\"https:\\\/\\\/zoo.org\\\/wp-content\\\/uploads\\\/2025\\\/08\\\/RS33694_2017_-WPZ-AERIALS-2-web.jpg?wsr\",\"width\":940,\"height\":627,\"caption\":\"Vista a\u00e9rea del zool\u00f3gico con densos \u00e1rboles verdes, rodeado de calles y edificios urbanos, con un gran lago y un extenso paisaje urbano en el fondo bajo un cielo despejado.\"},{\"@type\":\"BreadcrumbList\",\"@id\":\"https:\\\/\\\/zoo.org\\\/es\\\/noticias-de-myzoo\\\/#breadcrumb\",\"itemListElement\":[{\"@type\":\"ListItem\",\"position\":1,\"name\":\"Hogar\",\"item\":\"https:\\\/\\\/zoo.org\\\/es\\\/\"},{\"@type\":\"ListItem\",\"position\":2,\"name\":\"Noticias de MyZoo\"}]},{\"@type\":\"WebSite\",\"@id\":\"https:\\\/\\\/zoo.org\\\/es\\\/#website\",\"url\":\"https:\\\/\\\/zoo.org\\\/es\\\/\",\"name\":\"Zool\u00f3gico Woodland Park\",\"description\":\"El Zool\u00f3gico Woodland Park salva la vida silvestre e inspira a todos a hacer de la conservaci\u00f3n una prioridad en sus vidas.\",\"publisher\":{\"@id\":\"https:\\\/\\\/zoo.org\\\/es\\\/#organization\"},\"potentialAction\":[{\"@type\":\"SearchAction\",\"target\":{\"@type\":\"EntryPoint\",\"urlTemplate\":\"https:\\\/\\\/zoo.org\\\/es\\\/?s={search_term_string}\"},\"query-input\":{\"@type\":\"PropertyValueSpecification\",\"valueRequired\":true,\"valueName\":\"search_term_string\"}}],\"inLanguage\":\"es\"},{\"@type\":\"Organization\",\"@id\":\"https:\\\/\\\/zoo.org\\\/es\\\/#organization\",\"name\":\"Zool\u00f3gico Woodland Park\",\"url\":\"https:\\\/\\\/zoo.org\\\/es\\\/\",\"logo\":{\"@type\":\"ImageObject\",\"inLanguage\":\"es\",\"@id\":\"https:\\\/\\\/zoo.org\\\/es\\\/#\\\/schema\\\/logo\\\/image\\\/\",\"url\":\"https:\\\/\\\/zoo.org\\\/wp-content\\\/uploads\\\/2026\\\/01\\\/WPZ-Logo_white-SVG.svg?wsr\",\"contentUrl\":\"https:\\\/\\\/zoo.org\\\/wp-content\\\/uploads\\\/2026\\\/01\\\/WPZ-Logo_white-SVG.svg?wsr\",\"width\":288,\"height\":282,\"caption\":\"Zool\u00f3gico Woodland Park\"},\"image\":{\"@id\":\"https:\\\/\\\/zoo.org\\\/es\\\/#\\\/schema\\\/logo\\\/image\\\/\"}}]}<\/script>\n<!-- \/ Yoast SEO plugin. -->","yoast_head_json":{"title":"-","description":"Suscr\u00edbete a nuestro bolet\u00edn electr\u00f3nico gratuito MYZOO.","robots":{"index":"index","follow":"follow","max-snippet":"max-snippet:-1","max-image-preview":"max-image-preview:large","max-video-preview":"max-video-preview:-1"},"canonical":"https:\/\/zoo.org\/es\/noticias-de-myzoo\/","og_locale":"es_ES","og_type":"article","og_title":"-","og_description":"Suscr\u00edbete a nuestro bolet\u00edn electr\u00f3nico gratuito MYZOO.","og_url":"https:\/\/zoo.org\/es\/noticias-de-myzoo\/","og_site_name":"Zool\u00f3gico Woodland Park","article_modified_time":"2025-12-13T01:51:46+00:00","og_image":[{"width":940,"height":627,"url":"https:\/\/zoo.org\/wp-content\/uploads\/2025\/08\/RS33694_2017_-WPZ-AERIALS-2-web.jpg","type":"image\/jpeg"}],"twitter_card":"summary_large_image","schema":{"@context":"https:\/\/schema.org","@graph":[{"@type":"WebPage","@id":"https:\/\/zoo.org\/es\/noticias-de-myzoo\/","url":"https:\/\/zoo.org\/es\/noticias-de-myzoo\/","name":"-","isPartOf":{"@id":"https:\/\/zoo.org\/es\/#website"},"primaryImageOfPage":{"@id":"https:\/\/zoo.org\/es\/noticias-de-myzoo\/#primaryimage"},"image":{"@id":"https:\/\/zoo.org\/es\/noticias-de-myzoo\/#primaryimage"},"thumbnailUrl":"https:\/\/zoo.org\/wp-content\/uploads\/2025\/08\/RS33694_2017_-WPZ-AERIALS-2-web.jpg?wsr","datePublished":"2025-10-20T23:06:48+00:00","dateModified":"2025-12-13T01:51:46+00:00","description":"Suscr\u00edbete a nuestro bolet\u00edn electr\u00f3nico gratuito MYZOO.","breadcrumb":{"@id":"https:\/\/zoo.org\/es\/noticias-de-myzoo\/#breadcrumb"},"inLanguage":"es","potentialAction":[{"@type":"ReadAction","target":["https:\/\/zoo.org\/es\/noticias-de-myzoo\/"]}]},{"@type":"ImageObject","inLanguage":"es","@id":"https:\/\/zoo.org\/es\/noticias-de-myzoo\/#primaryimage","url":"https:\/\/zoo.org\/wp-content\/uploads\/2025\/08\/RS33694_2017_-WPZ-AERIALS-2-web.jpg?wsr","contentUrl":"https:\/\/zoo.org\/wp-content\/uploads\/2025\/08\/RS33694_2017_-WPZ-AERIALS-2-web.jpg?wsr","width":940,"height":627,"caption":"Vista a\u00e9rea del zool\u00f3gico con densos \u00e1rboles verdes, rodeado de calles y edificios urbanos, con un gran lago y un extenso paisaje urbano en el fondo bajo un cielo despejado."},{"@type":"BreadcrumbList","@id":"https:\/\/zoo.org\/es\/noticias-de-myzoo\/#breadcrumb","itemListElement":[{"@type":"ListItem","position":1,"name":"Hogar","item":"https:\/\/zoo.org\/es\/"},{"@type":"ListItem","position":2,"name":"Noticias de MyZoo"}]},{"@type":"WebSite","@id":"https:\/\/zoo.org\/es\/#website","url":"https:\/\/zoo.org\/es\/","name":"Zool\u00f3gico Woodland Park","description":"El Zool\u00f3gico Woodland Park salva la vida silvestre e inspira a todos a hacer de la conservaci\u00f3n una prioridad en sus vidas.","publisher":{"@id":"https:\/\/zoo.org\/es\/#organization"},"potentialAction":[{"@type":"SearchAction","target":{"@type":"EntryPoint","urlTemplate":"https:\/\/zoo.org\/es\/?s={search_term_string}"},"query-input":{"@type":"PropertyValueSpecification","valueRequired":true,"valueName":"search_term_string"}}],"inLanguage":"es"},{"@type":"Organization","@id":"https:\/\/zoo.org\/es\/#organization","name":"Zool\u00f3gico Woodland Park","url":"https:\/\/zoo.org\/es\/","logo":{"@type":"ImageObject","inLanguage":"es","@id":"https:\/\/zoo.org\/es\/#\/schema\/logo\/image\/","url":"https:\/\/zoo.org\/wp-content\/uploads\/2026\/01\/WPZ-Logo_white-SVG.svg?wsr","contentUrl":"https:\/\/zoo.org\/wp-content\/uploads\/2026\/01\/WPZ-Logo_white-SVG.svg?wsr","width":288,"height":282,"caption":"Zool\u00f3gico Woodland Park"},"image":{"@id":"https:\/\/zoo.org\/es\/#\/schema\/logo\/image\/"}}]}},"taxonomy_info":[],"featured_image_src_large":["https:\/\/zoo.org\/wp-content\/uploads\/2025\/08\/RS33694_2017_-WPZ-AERIALS-2-web.jpg?wsr",940,627,false],"author_info":{"display_name":"jloughlin","author_link":"https:\/\/zoo.org\/es\/author\/jloughlin\/"},"comment_info":0,"_links":{"self":[{"href":"https:\/\/zoo.org\/es\/wp-json\/wp\/v2\/pages\/12945","targetHints":{"allow":["GET"]}}],"collection":[{"href":"https:\/\/zoo.org\/es\/wp-json\/wp\/v2\/pages"}],"about":[{"href":"https:\/\/zoo.org\/es\/wp-json\/wp\/v2\/types\/page"}],"author":[{"embeddable":true,"href":"https:\/\/zoo.org\/es\/wp-json\/wp\/v2\/users\/1"}],"replies":[{"embeddable":true,"href":"https:\/\/zoo.org\/es\/wp-json\/wp\/v2\/comments?post=12945"}],"version-history":[{"count":0,"href":"https:\/\/zoo.org\/es\/wp-json\/wp\/v2\/pages\/12945\/revisions"}],"wp:featuredmedia":[{"embeddable":true,"href":"https:\/\/zoo.org\/es\/wp-json\/wp\/v2\/media\/10442"}],"wp:attachment":[{"href":"https:\/\/zoo.org\/es\/wp-json\/wp\/v2\/media?parent=12945"}],"curies":[{"name":"wp","href":"https:\/\/api.w.org\/{rel}","templated":true}]}}