{"id":13338,"date":"2025-08-18T11:07:33","date_gmt":"2025-08-18T18:07:33","guid":{"rendered":"https:\/\/zoo.org\/conoce-a-los-animales\/reserva-de-rinocerontes-de-assam\/"},"modified":"2025-12-19T18:25:35","modified_gmt":"2025-12-20T02:25:35","slug":"reserva-de-rinocerontes-de-assam","status":"publish","type":"page","link":"https:\/\/zoo.org\/es\/reserva-de-rinocerontes-de-assam\/","title":{"rendered":"Reserva de rinocerontes de Assam"},"content":{"rendered":"\n<div class=\"wp-block-cover alignfull hero\" style=\"margin-top:0;margin-bottom:0\"><img loading=\"lazy\" decoding=\"async\" width=\"1920\" height=\"400\" class=\"wp-block-cover__image-background wp-image-3488 size-full\" alt=\"\" src=\"https:\/\/zoo.org\/wp-content\/uploads\/2025\/08\/Taj-Rhino-Header.jpg\" data-object-fit=\"cover\" srcset=\"https:\/\/zoo.org\/wp-content\/uploads\/2025\/08\/Taj-Rhino-Header.jpg 1920w, https:\/\/zoo.org\/wp-content\/uploads\/2025\/08\/Taj-Rhino-Header-300x63.jpg 300w, https:\/\/zoo.org\/wp-content\/uploads\/2025\/08\/Taj-Rhino-Header-1024x213.jpg 1024w, https:\/\/zoo.org\/wp-content\/uploads\/2025\/08\/Taj-Rhino-Header-768x160.jpg 768w, https:\/\/zoo.org\/wp-content\/uploads\/2025\/08\/Taj-Rhino-Header-1536x320.jpg 1536w\" sizes=\"auto, (max-width: 1920px) 100vw, 1920px\" \/><span aria-hidden=\"true\" class=\"wp-block-cover__background has-background-dim-0 has-background-dim\" style=\"background-color:#5d5c54\"><\/span><div class=\"wp-block-cover__inner-container is-layout-constrained wp-block-cover-is-layout-constrained\">\n<p class=\"has-text-align-center has-large-font-size\"><\/p>\n<\/div><\/div>\n\n<div class=\"wp-block-group is-layout-constrained wp-block-group-is-layout-constrained\" style=\"margin-top:2em;margin-bottom:3em\">\n<h1 class=\"wp-block-heading has-text-align-center\" style=\"margin-top:0.65em;margin-bottom:0.275em\">#RHINOLOOKOUT<\/h1>\n\n\n\n<p class=\"has-text-align-center has-palette-color-3-color has-text-color has-link-color wp-elements-7705f8ec3e5c2e4bd0cfeedefeb6a510\" style=\"margin-bottom:1em;font-size:clamp(0.984em, 0.984rem + ((1vw - 0.2em) * 0.645), 1.5em);font-style:normal;font-weight:500;line-height:1.5\"><strong>Haz m\u00e1s que ver rinocerontes. Estate atento. <\/strong><\/p>\n<\/div>\n\n<div class=\"wp-block-group alignfull divider is-layout-constrained wp-block-group-is-layout-constrained\">\n<h2 class=\"wp-block-heading alignfull has-text-align-center\">RESERVA DE RINOCERONTES DE ASSAM<\/h2>\n<\/div>\n\n<h3 class=\"wp-block-heading\">Todo por los rinocerontes<\/h3>\n<style>.kb-row-layout-wrap.wp-block-kadence-rowlayout.kb-row-layout-id3520_55e7bc-50{margin-top:var(--global-kb-spacing-md, 2rem);margin-bottom:var(--global-kb-spacing-md, 2rem);}.kb-row-layout-id3520_55e7bc-50 > .kt-row-column-wrap{align-content:start;}:where(.kb-row-layout-id3520_55e7bc-50 > .kt-row-column-wrap) > .wp-block-kadence-column{justify-content:start;}.kb-row-layout-id3520_55e7bc-50 > .kt-row-column-wrap{column-gap:var(--global-kb-gap-md, 2rem);row-gap:var(--global-kb-gap-md, 2rem);padding-top:0px;padding-right:0px;padding-bottom:0px;padding-left:0px;grid-template-columns:minmax(0, 1fr) minmax(0, 2fr);}.kb-row-layout-id3520_55e7bc-50 > .kt-row-layout-overlay{opacity:0.30;}@media all and (max-width: 1024px){.kb-row-layout-id3520_55e7bc-50 > .kt-row-column-wrap{grid-template-columns:minmax(0, 1fr) minmax(0, 2fr);}}@media all and (max-width: 767px){.kb-row-layout-id3520_55e7bc-50 > .kt-row-column-wrap{grid-template-columns:minmax(0, 1fr);}}<\/style><div class=\"kb-row-layout-wrap kb-row-layout-id3520_55e7bc-50 alignnone wp-block-kadence-rowlayout\"><div class=\"kt-row-column-wrap kt-has-2-columns kt-row-layout-right-golden kt-tab-layout-inherit kt-mobile-layout-row kt-row-valign-top\">\n<style>.kadence-column3520_6427dd-ca > .kt-inside-inner-col,.kadence-column3520_6427dd-ca > .kt-inside-inner-col:before{border-top-left-radius:0px;border-top-right-radius:0px;border-bottom-right-radius:0px;border-bottom-left-radius:0px;}.kadence-column3520_6427dd-ca > .kt-inside-inner-col{column-gap:var(--global-kb-gap-sm, 1rem);}.kadence-column3520_6427dd-ca > .kt-inside-inner-col{flex-direction:column;}.kadence-column3520_6427dd-ca > .kt-inside-inner-col > .aligncenter{width:100%;}.kadence-column3520_6427dd-ca > .kt-inside-inner-col:before{opacity:0.3;}.kadence-column3520_6427dd-ca{position:relative;}@media all and (max-width: 1024px){.kadence-column3520_6427dd-ca > .kt-inside-inner-col{flex-direction:column;justify-content:center;}}@media all and (max-width: 767px){.kadence-column3520_6427dd-ca > .kt-inside-inner-col{flex-direction:column;justify-content:center;}}<\/style>\n<div class=\"wp-block-kadence-column kadence-column3520_6427dd-ca\"><div class=\"kt-inside-inner-col\"><style>.kb-image3520_07107a-d3 .kb-image-has-overlay:after{opacity:0.3;}<\/style>\n<figure class=\"wp-block-kadence-image kb-image3520_07107a-d3 size-full\"><img loading=\"lazy\" decoding=\"async\" width=\"800\" height=\"533\" src=\"https:\/\/zoo.org\/wp-content\/uploads\/2025\/08\/2024_10-Rhino-Glenn-23-JDL-web.jpg\" alt=\"Un primer plano de un rinoceronte parcialmente sumergido en agua fangosa, con follaje verde en primer plano y luz reflej\u00e1ndose en la superficie del agua.\" class=\"kb-img wp-image-3532\" srcset=\"https:\/\/zoo.org\/wp-content\/uploads\/2025\/08\/2024_10-Rhino-Glenn-23-JDL-web.jpg 800w, https:\/\/zoo.org\/wp-content\/uploads\/2025\/08\/2024_10-Rhino-Glenn-23-JDL-web-300x200.jpg 300w, https:\/\/zoo.org\/wp-content\/uploads\/2025\/08\/2024_10-Rhino-Glenn-23-JDL-web-768x512.jpg 768w\" sizes=\"auto, (max-width: 800px) 100vw, 800px\" \/><\/figure>\n<\/div><\/div>\n\n\n<style>.kadence-column3520_7beea6-2f > .kt-inside-inner-col{display:flex;}.kadence-column3520_7beea6-2f > .kt-inside-inner-col,.kadence-column3520_7beea6-2f > .kt-inside-inner-col:before{border-top-left-radius:0px;border-top-right-radius:0px;border-bottom-right-radius:0px;border-bottom-left-radius:0px;}.kadence-column3520_7beea6-2f > .kt-inside-inner-col{column-gap:var(--global-kb-gap-sm, 1rem);}.kadence-column3520_7beea6-2f > .kt-inside-inner-col{flex-direction:column;justify-content:center;}.kadence-column3520_7beea6-2f > .kt-inside-inner-col > .aligncenter{width:100%;}.kt-row-column-wrap > .kadence-column3520_7beea6-2f{align-self:center;}.kt-inner-column-height-full:not(.kt-has-1-columns) > .wp-block-kadence-column.kadence-column3520_7beea6-2f{align-self:auto;}.kt-inner-column-height-full:not(.kt-has-1-columns) > .wp-block-kadence-column.kadence-column3520_7beea6-2f > .kt-inside-inner-col{flex-direction:column;justify-content:center;}.kadence-column3520_7beea6-2f > .kt-inside-inner-col:before{opacity:0.3;}.kadence-column3520_7beea6-2f{position:relative;}@media all and (max-width: 1024px){.kt-row-column-wrap > .kadence-column3520_7beea6-2f{align-self:center;}}@media all and (max-width: 1024px){.kt-inner-column-height-full:not(.kt-has-1-columns) > .wp-block-kadence-column.kadence-column3520_7beea6-2f{align-self:auto;}}@media all and (max-width: 1024px){.kt-inner-column-height-full:not(.kt-has-1-columns) > .wp-block-kadence-column.kadence-column3520_7beea6-2f > .kt-inside-inner-col{flex-direction:column;justify-content:center;}}@media all and (max-width: 1024px){.kadence-column3520_7beea6-2f > .kt-inside-inner-col{flex-direction:column;justify-content:center;}}@media all and (max-width: 767px){.kt-row-column-wrap > .kadence-column3520_7beea6-2f{align-self:center;}.kt-inner-column-height-full:not(.kt-has-1-columns) > .wp-block-kadence-column.kadence-column3520_7beea6-2f{align-self:auto;}.kt-inner-column-height-full:not(.kt-has-1-columns) > .wp-block-kadence-column.kadence-column3520_7beea6-2f > .kt-inside-inner-col{flex-direction:column;justify-content:center;}.kadence-column3520_7beea6-2f > .kt-inside-inner-col{flex-direction:column;justify-content:center;}}<\/style>\n<div class=\"wp-block-kadence-column kadence-column3520_7beea6-2f\"><div class=\"kt-inside-inner-col\">\n<p><strong>Una exposici\u00f3n especial donde podr\u00e1s conectarte cara a cara con los animales que nos inspiran a hacer m\u00e1s por la vida silvestre.<\/strong><\/p>\n\n\n\n<p>Conozca al rinoceronte de un cuerno, uno de los s\u00edmbolos m\u00e1s emblem\u00e1ticos del comercio ilegal de vida silvestre. Con un valor que va m\u00e1s all\u00e1 de la suma de sus partes, el rinoceronte est\u00e1 resurgiendo gracias a los h\u00e9roes de la conservaci\u00f3n que est\u00e1n poniendo fin al tr\u00e1fico. <\/p>\n\n\n\n<p>Pero nuestro trabajo no ha terminado. Cuando una especie se encuentra en una delgada l\u00ednea entre el presente y el fin, ser\u00e1 necesario que todos nos unamos para proteger lo que realmente valoramos. \u00bfTe unes a nosotros?  <\/p>\n<\/div><\/div>\n\n<\/div><\/div>\n<figure class=\"wp-block-embed is-type-video is-provider-youtube wp-block-embed-youtube wp-embed-aspect-16-9 wp-has-aspect-ratio\"><div class=\"wp-block-embed__wrapper\">\n<iframe loading=\"lazy\" title=\"Rhino Lookout: A Second Chance for Rhinos\" width=\"1080\" height=\"608\" src=\"https:\/\/www.youtube.com\/embed\/jYSa_P4sn4M?feature=oembed\" frameborder=\"0\" allow=\"accelerometer; autoplay; clipboard-write; encrypted-media; gyroscope; picture-in-picture; web-share\" referrerpolicy=\"strict-origin-when-cross-origin\" allowfullscreen><\/iframe>\n<\/div><\/figure>\n\n<div class=\"wp-block-group alignfull divider is-layout-constrained wp-block-group-is-layout-constrained\">\n<h2 class=\"wp-block-heading alignfull has-text-align-center\">Cu\u00eddate de ellos<\/h2>\n<\/div>\n\n<div class=\"wp-block-group is-layout-constrained wp-block-group-is-layout-constrained\"><style>.kt-sc3520_afdc18-45 .kt-sc-imgcol, .kt-sc3520_afdc18-45 .kt-sc-textcol{min-height:245px;}.kt-sc3520_afdc18-45 .kt-sc-imgcol{background-size:cover;background-image:url(https:\/\/zoo.org\/wp-content\/uploads\/2025\/08\/RS34640_2018-Manas-National-Park-rhino-5-web.jpg);}.kt-sc3520_afdc18-45 .kt-sc-textcol{padding-top:1em;padding-right:1.5em;padding-bottom:1em;padding-left:1.5em;}@media all and (max-width: 767px){.kt-sc3520_afdc18-45 .kt-sc-imgcol, .kt-sc3520_afdc18-45 .kt-sc-textcol{min-height:275px;}}<\/style>\n<div class=\"aligncenter kt-sc3520_afdc18-45 wp-block-kadence-splitcontent\"><div class=\"kt-split-content-wrap kt-sc-media-side-left\" style=\"grid-template-columns:32% auto\"><div class=\"kt-sc-imgcol kt-sc-imgcol-bg-cover kt-sc-img-side-left\"><\/div><div class=\"kt-sc-textcol kt-sc-text-valign-center kt-sc-text-halign-left\" style=\"background-color:var(--theme-palette-color-17, #E6E6E6)\"><div class=\"kt-sc-innter-col\">\n<h3 class=\"wp-block-heading\">Salvando especies<\/h3>\n\n\n\n<p>\u00bfQui\u00e9n cuida de los rinocerontes? Descubre a los h\u00e9roes que luchan contra la extinci\u00f3n y descubre c\u00f3mo puedes cuidar t\u00fa tambi\u00e9n de la fauna silvestre. <\/p>\n\n\n\n<p><a href=\"https:\/\/zoo.org\/es\/reserva-de-rinocerontes-de-assam\/conservacion-del-rinoceronte\/\">Cuidado con los rinocerontes<\/a><\/p>\n<\/div><\/div><\/div><\/div>\n<\/div>\n\n<div class=\"wp-block-group is-layout-constrained wp-block-group-is-layout-constrained\"><style>.kt-sc3520_595139-71 .kt-sc-imgcol, .kt-sc3520_595139-71 .kt-sc-textcol{min-height:245px;}.kt-sc3520_595139-71 .kt-sc-imgcol{background-size:cover;background-image:url(https:\/\/zoo.org\/wp-content\/uploads\/2025\/08\/2024_10-Rhino-Glenn-14-JDL-web.jpg);}.kt-sc3520_595139-71 .kt-sc-textcol{padding-top:1em;padding-right:1.5em;padding-bottom:1em;padding-left:1.5em;}@media all and (max-width: 767px){.kt-sc3520_595139-71 .kt-sc-imgcol, .kt-sc3520_595139-71 .kt-sc-textcol{min-height:275px;}}<\/style>\n<div class=\"aligncenter kt-sc3520_595139-71 wp-block-kadence-splitcontent\"><div class=\"kt-split-content-wrap kt-sc-media-side-left\" style=\"grid-template-columns:32% auto\"><div class=\"kt-sc-imgcol kt-sc-imgcol-bg-cover kt-sc-img-side-left\"><\/div><div class=\"kt-sc-textcol kt-sc-text-valign-center kt-sc-text-halign-left\" style=\"background-color:var(--theme-palette-color-17, #E6E6E6)\"><div class=\"kt-sc-innter-col\">\n<h3 class=\"wp-block-heading\">Haz un regalo<\/h3>\n\n\n\n<p>Ay\u00fadenos a brindar atenci\u00f3n diaria a los rinocerontes que lo considerar\u00e1n su hogar y a financiar esfuerzos para proteger y defender el h\u00e1bitat de los rinocerontes de los cazadores furtivos.<\/p>\n\n\n\n<p><a href=\"https:\/\/www.zoo.org\/donate\"><\/a><a href=\"https:\/\/zoo.org\/es\/donar\/\">DONA AHORA<\/a><\/p>\n<\/div><\/div><\/div><\/div>\n<\/div>\n","protected":false},"excerpt":{"rendered":"<p>#RHINOLOOKOUT Haz m\u00e1s que ver rinocerontes. Estate atento. RESERVA DE RINOCERONTES DE ASSAM Todo por los rinocerontes Una exposici\u00f3n especial donde podr\u00e1s conectarte cara a cara con los animales que [&hellip;]<\/p>\n","protected":false},"author":1,"featured_media":13342,"parent":0,"menu_order":0,"comment_status":"closed","ping_status":"closed","template":"","meta":{"_acf_changed":false,"_kad_blocks_custom_css":"","_kad_blocks_head_custom_js":"","_kad_blocks_body_custom_js":"","_kad_blocks_footer_custom_js":"","footnotes":""},"class_list":["post-13338","page","type-page","status-publish","has-post-thumbnail","hentry"],"blocksy_meta":[],"acf":[],"yoast_head":"<!-- This site is optimized with the Yoast SEO plugin v27.3 - https:\/\/yoast.com\/product\/yoast-seo-wordpress\/ -->\n<title>-<\/title>\n<meta name=\"description\" content=\"Haz m\u00e1s que ver rinocerontes. Estate atento. La reserva de rinocerontes de Assam ya est\u00e1 abierta en el zool\u00f3gico Woodland Park de Seattle.\" \/>\n<meta name=\"robots\" content=\"index, follow, max-snippet:-1, max-image-preview:large, max-video-preview:-1\" \/>\n<link rel=\"canonical\" href=\"https:\/\/zoo.org\/es\/reserva-de-rinocerontes-de-assam\/\" \/>\n<meta property=\"og:locale\" content=\"es_ES\" \/>\n<meta property=\"og:type\" content=\"article\" \/>\n<meta property=\"og:title\" content=\"-\" \/>\n<meta property=\"og:description\" content=\"Haz m\u00e1s que ver rinocerontes. Estate atento. La reserva de rinocerontes de Assam ya est\u00e1 abierta en el zool\u00f3gico Woodland Park de Seattle.\" \/>\n<meta property=\"og:url\" content=\"https:\/\/zoo.org\/es\/reserva-de-rinocerontes-de-assam\/\" \/>\n<meta property=\"og:site_name\" content=\"Zool\u00f3gico Woodland Park\" \/>\n<meta property=\"article:modified_time\" content=\"2025-12-20T02:25:35+00:00\" \/>\n<meta property=\"og:image\" content=\"https:\/\/zoo.org\/wp-content\/uploads\/2025\/08\/2024_10-Rhino-Glenn-23-JDL-web.jpg?wsr\" \/>\n\t<meta property=\"og:image:width\" content=\"800\" \/>\n\t<meta property=\"og:image:height\" content=\"533\" \/>\n\t<meta property=\"og:image:type\" content=\"image\/jpeg\" \/>\n<meta name=\"twitter:card\" content=\"summary_large_image\" \/>\n<script type=\"application\/ld+json\" class=\"yoast-schema-graph\">{\"@context\":\"https:\\\/\\\/schema.org\",\"@graph\":[{\"@type\":\"WebPage\",\"@id\":\"https:\\\/\\\/zoo.org\\\/es\\\/reserva-de-rinocerontes-de-assam\\\/\",\"url\":\"https:\\\/\\\/zoo.org\\\/es\\\/reserva-de-rinocerontes-de-assam\\\/\",\"name\":\"-\",\"isPartOf\":{\"@id\":\"https:\\\/\\\/zoo.org\\\/es\\\/#website\"},\"primaryImageOfPage\":{\"@id\":\"https:\\\/\\\/zoo.org\\\/es\\\/reserva-de-rinocerontes-de-assam\\\/#primaryimage\"},\"image\":{\"@id\":\"https:\\\/\\\/zoo.org\\\/es\\\/reserva-de-rinocerontes-de-assam\\\/#primaryimage\"},\"thumbnailUrl\":\"https:\\\/\\\/zoo.org\\\/wp-content\\\/uploads\\\/2025\\\/08\\\/2024_10-Rhino-Glenn-23-JDL-web.jpg?wsr\",\"datePublished\":\"2025-08-18T18:07:33+00:00\",\"dateModified\":\"2025-12-20T02:25:35+00:00\",\"description\":\"Haz m\u00e1s que ver rinocerontes. Estate atento. La reserva de rinocerontes de Assam ya est\u00e1 abierta en el zool\u00f3gico Woodland Park de Seattle.\",\"breadcrumb\":{\"@id\":\"https:\\\/\\\/zoo.org\\\/es\\\/reserva-de-rinocerontes-de-assam\\\/#breadcrumb\"},\"inLanguage\":\"es\",\"potentialAction\":[{\"@type\":\"ReadAction\",\"target\":[\"https:\\\/\\\/zoo.org\\\/es\\\/reserva-de-rinocerontes-de-assam\\\/\"]}]},{\"@type\":\"ImageObject\",\"inLanguage\":\"es\",\"@id\":\"https:\\\/\\\/zoo.org\\\/es\\\/reserva-de-rinocerontes-de-assam\\\/#primaryimage\",\"url\":\"https:\\\/\\\/zoo.org\\\/wp-content\\\/uploads\\\/2025\\\/08\\\/2024_10-Rhino-Glenn-23-JDL-web.jpg?wsr\",\"contentUrl\":\"https:\\\/\\\/zoo.org\\\/wp-content\\\/uploads\\\/2025\\\/08\\\/2024_10-Rhino-Glenn-23-JDL-web.jpg?wsr\",\"width\":800,\"height\":533,\"caption\":\"Un primer plano de un rinoceronte parcialmente sumergido en agua fangosa, con follaje verde en primer plano y luz reflej\u00e1ndose en la superficie del agua.\"},{\"@type\":\"BreadcrumbList\",\"@id\":\"https:\\\/\\\/zoo.org\\\/es\\\/reserva-de-rinocerontes-de-assam\\\/#breadcrumb\",\"itemListElement\":[{\"@type\":\"ListItem\",\"position\":1,\"name\":\"Hogar\",\"item\":\"https:\\\/\\\/zoo.org\\\/es\\\/\"},{\"@type\":\"ListItem\",\"position\":2,\"name\":\"Reserva de rinocerontes de Assam\"}]},{\"@type\":\"WebSite\",\"@id\":\"https:\\\/\\\/zoo.org\\\/es\\\/#website\",\"url\":\"https:\\\/\\\/zoo.org\\\/es\\\/\",\"name\":\"Zool\u00f3gico Woodland Park\",\"description\":\"El Zool\u00f3gico Woodland Park salva la vida silvestre e inspira a todos a hacer de la conservaci\u00f3n una prioridad en sus vidas.\",\"publisher\":{\"@id\":\"https:\\\/\\\/zoo.org\\\/es\\\/#organization\"},\"potentialAction\":[{\"@type\":\"SearchAction\",\"target\":{\"@type\":\"EntryPoint\",\"urlTemplate\":\"https:\\\/\\\/zoo.org\\\/es\\\/?s={search_term_string}\"},\"query-input\":{\"@type\":\"PropertyValueSpecification\",\"valueRequired\":true,\"valueName\":\"search_term_string\"}}],\"inLanguage\":\"es\"},{\"@type\":\"Organization\",\"@id\":\"https:\\\/\\\/zoo.org\\\/es\\\/#organization\",\"name\":\"Zool\u00f3gico Woodland Park\",\"url\":\"https:\\\/\\\/zoo.org\\\/es\\\/\",\"logo\":{\"@type\":\"ImageObject\",\"inLanguage\":\"es\",\"@id\":\"https:\\\/\\\/zoo.org\\\/es\\\/#\\\/schema\\\/logo\\\/image\\\/\",\"url\":\"https:\\\/\\\/zoo.org\\\/wp-content\\\/uploads\\\/2026\\\/01\\\/WPZ-Logo_white-SVG.svg?wsr\",\"contentUrl\":\"https:\\\/\\\/zoo.org\\\/wp-content\\\/uploads\\\/2026\\\/01\\\/WPZ-Logo_white-SVG.svg?wsr\",\"width\":288,\"height\":282,\"caption\":\"Zool\u00f3gico Woodland Park\"},\"image\":{\"@id\":\"https:\\\/\\\/zoo.org\\\/es\\\/#\\\/schema\\\/logo\\\/image\\\/\"}}]}<\/script>\n<!-- \/ Yoast SEO plugin. -->","yoast_head_json":{"title":"-","description":"Haz m\u00e1s que ver rinocerontes. Estate atento. La reserva de rinocerontes de Assam ya est\u00e1 abierta en el zool\u00f3gico Woodland Park de Seattle.","robots":{"index":"index","follow":"follow","max-snippet":"max-snippet:-1","max-image-preview":"max-image-preview:large","max-video-preview":"max-video-preview:-1"},"canonical":"https:\/\/zoo.org\/es\/reserva-de-rinocerontes-de-assam\/","og_locale":"es_ES","og_type":"article","og_title":"-","og_description":"Haz m\u00e1s que ver rinocerontes. Estate atento. La reserva de rinocerontes de Assam ya est\u00e1 abierta en el zool\u00f3gico Woodland Park de Seattle.","og_url":"https:\/\/zoo.org\/es\/reserva-de-rinocerontes-de-assam\/","og_site_name":"Zool\u00f3gico Woodland Park","article_modified_time":"2025-12-20T02:25:35+00:00","og_image":[{"width":800,"height":533,"url":"https:\/\/zoo.org\/wp-content\/uploads\/2025\/08\/2024_10-Rhino-Glenn-23-JDL-web.jpg?wsr","type":"image\/jpeg"}],"twitter_card":"summary_large_image","schema":{"@context":"https:\/\/schema.org","@graph":[{"@type":"WebPage","@id":"https:\/\/zoo.org\/es\/reserva-de-rinocerontes-de-assam\/","url":"https:\/\/zoo.org\/es\/reserva-de-rinocerontes-de-assam\/","name":"-","isPartOf":{"@id":"https:\/\/zoo.org\/es\/#website"},"primaryImageOfPage":{"@id":"https:\/\/zoo.org\/es\/reserva-de-rinocerontes-de-assam\/#primaryimage"},"image":{"@id":"https:\/\/zoo.org\/es\/reserva-de-rinocerontes-de-assam\/#primaryimage"},"thumbnailUrl":"https:\/\/zoo.org\/wp-content\/uploads\/2025\/08\/2024_10-Rhino-Glenn-23-JDL-web.jpg?wsr","datePublished":"2025-08-18T18:07:33+00:00","dateModified":"2025-12-20T02:25:35+00:00","description":"Haz m\u00e1s que ver rinocerontes. Estate atento. La reserva de rinocerontes de Assam ya est\u00e1 abierta en el zool\u00f3gico Woodland Park de Seattle.","breadcrumb":{"@id":"https:\/\/zoo.org\/es\/reserva-de-rinocerontes-de-assam\/#breadcrumb"},"inLanguage":"es","potentialAction":[{"@type":"ReadAction","target":["https:\/\/zoo.org\/es\/reserva-de-rinocerontes-de-assam\/"]}]},{"@type":"ImageObject","inLanguage":"es","@id":"https:\/\/zoo.org\/es\/reserva-de-rinocerontes-de-assam\/#primaryimage","url":"https:\/\/zoo.org\/wp-content\/uploads\/2025\/08\/2024_10-Rhino-Glenn-23-JDL-web.jpg?wsr","contentUrl":"https:\/\/zoo.org\/wp-content\/uploads\/2025\/08\/2024_10-Rhino-Glenn-23-JDL-web.jpg?wsr","width":800,"height":533,"caption":"Un primer plano de un rinoceronte parcialmente sumergido en agua fangosa, con follaje verde en primer plano y luz reflej\u00e1ndose en la superficie del agua."},{"@type":"BreadcrumbList","@id":"https:\/\/zoo.org\/es\/reserva-de-rinocerontes-de-assam\/#breadcrumb","itemListElement":[{"@type":"ListItem","position":1,"name":"Hogar","item":"https:\/\/zoo.org\/es\/"},{"@type":"ListItem","position":2,"name":"Reserva de rinocerontes de Assam"}]},{"@type":"WebSite","@id":"https:\/\/zoo.org\/es\/#website","url":"https:\/\/zoo.org\/es\/","name":"Zool\u00f3gico Woodland Park","description":"El Zool\u00f3gico Woodland Park salva la vida silvestre e inspira a todos a hacer de la conservaci\u00f3n una prioridad en sus vidas.","publisher":{"@id":"https:\/\/zoo.org\/es\/#organization"},"potentialAction":[{"@type":"SearchAction","target":{"@type":"EntryPoint","urlTemplate":"https:\/\/zoo.org\/es\/?s={search_term_string}"},"query-input":{"@type":"PropertyValueSpecification","valueRequired":true,"valueName":"search_term_string"}}],"inLanguage":"es"},{"@type":"Organization","@id":"https:\/\/zoo.org\/es\/#organization","name":"Zool\u00f3gico Woodland Park","url":"https:\/\/zoo.org\/es\/","logo":{"@type":"ImageObject","inLanguage":"es","@id":"https:\/\/zoo.org\/es\/#\/schema\/logo\/image\/","url":"https:\/\/zoo.org\/wp-content\/uploads\/2026\/01\/WPZ-Logo_white-SVG.svg?wsr","contentUrl":"https:\/\/zoo.org\/wp-content\/uploads\/2026\/01\/WPZ-Logo_white-SVG.svg?wsr","width":288,"height":282,"caption":"Zool\u00f3gico Woodland Park"},"image":{"@id":"https:\/\/zoo.org\/es\/#\/schema\/logo\/image\/"}}]}},"taxonomy_info":[],"featured_image_src_large":["https:\/\/zoo.org\/wp-content\/uploads\/2025\/08\/2024_10-Rhino-Glenn-23-JDL-web.jpg?wsr",800,533,false],"author_info":{"display_name":"jloughlin","author_link":"https:\/\/zoo.org\/es\/author\/jloughlin\/"},"comment_info":0,"_links":{"self":[{"href":"https:\/\/zoo.org\/es\/wp-json\/wp\/v2\/pages\/13338","targetHints":{"allow":["GET"]}}],"collection":[{"href":"https:\/\/zoo.org\/es\/wp-json\/wp\/v2\/pages"}],"about":[{"href":"https:\/\/zoo.org\/es\/wp-json\/wp\/v2\/types\/page"}],"author":[{"embeddable":true,"href":"https:\/\/zoo.org\/es\/wp-json\/wp\/v2\/users\/1"}],"replies":[{"embeddable":true,"href":"https:\/\/zoo.org\/es\/wp-json\/wp\/v2\/comments?post=13338"}],"version-history":[{"count":0,"href":"https:\/\/zoo.org\/es\/wp-json\/wp\/v2\/pages\/13338\/revisions"}],"wp:featuredmedia":[{"embeddable":true,"href":"https:\/\/zoo.org\/es\/wp-json\/wp\/v2\/media\/13342"}],"wp:attachment":[{"href":"https:\/\/zoo.org\/es\/wp-json\/wp\/v2\/media?parent=13338"}],"curies":[{"name":"wp","href":"https:\/\/api.w.org\/{rel}","templated":true}]}}