{"id":13382,"date":"2026-02-03T13:45:26","date_gmt":"2026-02-03T21:45:26","guid":{"rendered":"https:\/\/zoo.org\/conoce-a-los-animales\/reino-de-los-reptiles\/"},"modified":"2026-02-05T15:47:09","modified_gmt":"2026-02-05T23:47:09","slug":"reino-de-los-reptiles","status":"publish","type":"page","link":"https:\/\/zoo.org\/es\/reino-de-los-reptiles\/","title":{"rendered":"Reino de los reptiles"},"content":{"rendered":"\n<div class=\"wp-block-cover alignfull is-light hero\" style=\"margin-top:0;margin-bottom:0\"><img loading=\"lazy\" decoding=\"async\" width=\"1920\" height=\"400\" class=\"wp-block-cover__image-background wp-image-3459 size-full\" alt=\"\" src=\"https:\/\/zoo.org\/wp-content\/uploads\/2025\/08\/Komodo-Header-Image.jpg\" data-object-fit=\"cover\" srcset=\"https:\/\/zoo.org\/wp-content\/uploads\/2025\/08\/Komodo-Header-Image.jpg 1920w, https:\/\/zoo.org\/wp-content\/uploads\/2025\/08\/Komodo-Header-Image-300x63.jpg 300w, https:\/\/zoo.org\/wp-content\/uploads\/2025\/08\/Komodo-Header-Image-1024x213.jpg 1024w, https:\/\/zoo.org\/wp-content\/uploads\/2025\/08\/Komodo-Header-Image-768x160.jpg 768w, https:\/\/zoo.org\/wp-content\/uploads\/2025\/08\/Komodo-Header-Image-1536x320.jpg 1536w\" sizes=\"auto, (max-width: 1920px) 100vw, 1920px\" \/><span aria-hidden=\"true\" class=\"wp-block-cover__background has-background-dim-0 has-background-dim\" style=\"background-color:#a2836b\"><\/span><div class=\"wp-block-cover__inner-container is-layout-constrained wp-block-cover-is-layout-constrained\">\n<p class=\"has-text-align-center has-large-font-size\"><\/p>\n<\/div><\/div>\n\n<div class=\"wp-block-group is-layout-constrained wp-block-group-is-layout-constrained\" style=\"margin-top:2em;margin-bottom:3em\">\n<h1 class=\"wp-block-heading has-text-align-center\" style=\"margin-top:0.65em;margin-bottom:0.275em\">REINO DE LOS REPTILES<\/h1>\n<\/div>\n\n<div class=\"wp-block-group alignfull divider is-layout-constrained wp-block-group-is-layout-constrained\">\n<h2 class=\"wp-block-heading alignfull has-text-align-center\">SOBRE LA EXPOSICI\u00d3N<\/h2>\n<\/div>\n\n<p>\u00a1Explore este nuevo h\u00e1bitat forestal de las islas del Indo-Pac\u00edfico que exhibe nuestros dragones de Komodo adem\u00e1s de una variedad de serpientes, lagartos, anfibios y otros reptiles!  <\/p>\n\n<div class=\"wp-block-group is-layout-constrained wp-block-group-is-layout-constrained\" style=\"margin-top:var(--wp--preset--spacing--60);margin-bottom:var(--wp--preset--spacing--60)\"><style>.kt-sc18575_7471d8-93 .kt-sc-imgcol, .kt-sc18575_7471d8-93 .kt-sc-textcol{min-height:345px;}.kt-sc18575_7471d8-93 .kt-sc-imgcol{background-size:cover;background-image:url(https:\/\/zoo.org\/wp-content\/uploads\/2025\/08\/2021-komodo-exhibit-19-web.jpg);}.kt-sc18575_7471d8-93 .kt-sc-textcol{padding-top:1em;padding-right:1.5em;padding-bottom:1em;padding-left:1.5em;}@media all and (max-width: 767px){.kt-sc18575_7471d8-93 .kt-sc-imgcol, .kt-sc18575_7471d8-93 .kt-sc-textcol{min-height:275px;}}<\/style>\n<div class=\"aligncenter kt-sc18575_7471d8-93 wp-block-kadence-splitcontent\"><div class=\"kt-split-content-wrap kt-sc-media-side-left\" style=\"grid-template-columns:32% auto\"><div class=\"kt-sc-imgcol kt-sc-imgcol-bg-cover kt-sc-img-side-left\"><\/div><div class=\"kt-sc-textcol kt-sc-text-valign-center kt-sc-text-halign-left\" style=\"background-color:var(--theme-palette-color-17, #E6E6E6)\"><div class=\"kt-sc-innter-col\">\n<h3 class=\"wp-block-heading\">Drag\u00f3n de Komodo<\/h3>\n\n\n\n<h4 class=\"wp-block-heading\">Varanus komodoensis<\/h4>\n\n\n\n<p>Este enorme reptil es la especie viva m\u00e1s grande de lagarto monitor del mundo. Estos astutos carn\u00edvoros son conocidos por su agudo olfato y su mordedura potencialmente mortal. Tienen una boca llena de dientes afilados y saliva que contiene bacterias peligrosas y, como sugieren investigaciones recientes, prote\u00ednas t\u00f3xicas similares al veneno que debilitan y finalmente matan a sus presas.  <\/p>\n<\/div><\/div><\/div><\/div>\n<\/div>\n\n<div class=\"wp-block-group is-layout-constrained wp-block-group-is-layout-constrained\" style=\"margin-top:var(--wp--preset--spacing--60);margin-bottom:var(--wp--preset--spacing--60)\"><style>.kt-sc18575_a87629-11 .kt-sc-imgcol, .kt-sc18575_a87629-11 .kt-sc-textcol{min-height:345px;}.kt-sc18575_a87629-11 .kt-sc-imgcol{background-size:cover;background-image:url(https:\/\/zoo.org\/wp-content\/uploads\/2025\/08\/2024-Quince-Monitor-JDL.jpg);}.kt-sc18575_a87629-11 .kt-sc-textcol{padding-top:1em;padding-right:1.5em;padding-bottom:1em;padding-left:1.5em;}@media all and (max-width: 767px){.kt-sc18575_a87629-11 .kt-sc-imgcol, .kt-sc18575_a87629-11 .kt-sc-textcol{min-height:275px;}}<\/style>\n<div class=\"aligncenter kt-sc18575_a87629-11 wp-block-kadence-splitcontent\"><div class=\"kt-split-content-wrap kt-sc-media-side-left\" style=\"grid-template-columns:32% auto\"><div class=\"kt-sc-imgcol kt-sc-imgcol-bg-cover kt-sc-img-side-left\"><\/div><div class=\"kt-sc-textcol kt-sc-text-valign-center kt-sc-text-halign-left\" style=\"background-color:var(--theme-palette-color-17, #E6E6E6)\"><div class=\"kt-sc-innter-col\">\n<h3 class=\"wp-block-heading\">Monitor de membrillo<\/h3>\n\n\n\n<h4 class=\"wp-block-heading\">Varanus melinus<\/h4>\n\n\n\n<p>Estos lagartos de vibrantes colores reciben su nombre del brillante amarillo del membrillo. Los varanos del membrillo se desplazan con agilidad entre los \u00e1rboles del bosque y son excelentes trepadores. Son activos durante el d\u00eda, buscando alimento, mientras saborean el aire con sus largas y b\u00edfidas lenguas.  <\/p>\n<\/div><\/div><\/div><\/div>\n<\/div>\n\n<div class=\"wp-block-group is-layout-constrained wp-block-group-is-layout-constrained\" style=\"margin-top:var(--wp--preset--spacing--60);margin-bottom:var(--wp--preset--spacing--60)\"><style>.kt-sc18575_a144f2-1e .kt-sc-imgcol, .kt-sc18575_a144f2-1e .kt-sc-textcol{min-height:345px;}.kt-sc18575_a144f2-1e .kt-sc-imgcol{background-size:cover;background-image:url(https:\/\/zoo.org\/wp-content\/uploads\/2026\/02\/Reptile-Realm-Giant-Forest-Tortoise.jpg);}.kt-sc18575_a144f2-1e .kt-sc-textcol{padding-top:1em;padding-right:1.5em;padding-bottom:1em;padding-left:1.5em;}@media all and (max-width: 767px){.kt-sc18575_a144f2-1e .kt-sc-imgcol, .kt-sc18575_a144f2-1e .kt-sc-textcol{min-height:275px;}}<\/style>\n<div class=\"aligncenter kt-sc18575_a144f2-1e wp-block-kadence-splitcontent\"><div class=\"kt-split-content-wrap kt-sc-media-side-left\" style=\"grid-template-columns:32% auto\"><div class=\"kt-sc-imgcol kt-sc-imgcol-bg-cover kt-sc-img-side-left\"><\/div><div class=\"kt-sc-textcol kt-sc-text-valign-center kt-sc-text-halign-left\" style=\"background-color:var(--theme-palette-color-17, #E6E6E6)\"><div class=\"kt-sc-innter-col\">\n<h3 class=\"wp-block-heading\">Tortuga gigante del bosque<\/h3>\n\n\n\n<h4 class=\"wp-block-heading\">Manouria emys<\/h4>\n\n\n\n<p>La mayor\u00eda de las tortugas disfrutan del sol, pero la tortuga gigante de bosque prefiere la sombra. Estos reptiles, en peligro cr\u00edtico de extinci\u00f3n, desempe\u00f1an un papel importante en el ecosistema al dispersar semillas en el suelo del bosque. Aunque se alimentan principalmente de plantas, estos gigantes omn\u00edvoros tambi\u00e9n se alimentan de invertebrados y ranas.  <\/p>\n<\/div><\/div><\/div><\/div>\n<\/div>\n\n<div class=\"wp-block-group is-layout-constrained wp-block-group-is-layout-constrained\" style=\"margin-top:var(--wp--preset--spacing--60);margin-bottom:var(--wp--preset--spacing--60)\"><style>.kt-sc18575_89c589-e1 .kt-sc-imgcol, .kt-sc18575_89c589-e1 .kt-sc-textcol{min-height:345px;}.kt-sc18575_89c589-e1 .kt-sc-imgcol{background-size:cover;background-image:url(https:\/\/zoo.org\/wp-content\/uploads\/2025\/08\/shutterstock_2261066255-Prehensile-Tailed-Skink.jpg);}.kt-sc18575_89c589-e1 .kt-sc-textcol{padding-top:1em;padding-right:1.5em;padding-bottom:1em;padding-left:1.5em;}@media all and (max-width: 767px){.kt-sc18575_89c589-e1 .kt-sc-imgcol, .kt-sc18575_89c589-e1 .kt-sc-textcol{min-height:275px;}}<\/style>\n<div class=\"aligncenter kt-sc18575_89c589-e1 wp-block-kadence-splitcontent\"><div class=\"kt-split-content-wrap kt-sc-media-side-left\" style=\"grid-template-columns:32% auto\"><div class=\"kt-sc-imgcol kt-sc-imgcol-bg-cover kt-sc-img-side-left\"><\/div><div class=\"kt-sc-textcol kt-sc-text-valign-center kt-sc-text-halign-left\" style=\"background-color:var(--theme-palette-color-17, #E6E6E6)\"><div class=\"kt-sc-innter-col\">\n<h3 class=\"wp-block-heading\">Esliz\u00f3n de cola prensil<\/h3>\n\n\n\n<h4 class=\"wp-block-heading\">Corucia zebrata<\/h4>\n\n\n\n<p>Algunos eslizones excavan madrigueras, pero este trepa: \u00a1es arb\u00f3reo! De las m\u00e1s de 1500 especies de eslizones que existen en el mundo, este es el m\u00e1s grande. <\/p>\n<\/div><\/div><\/div><\/div>\n<\/div>\n\n<div class=\"wp-block-group is-layout-constrained wp-block-group-is-layout-constrained\" style=\"margin-top:var(--wp--preset--spacing--60);margin-bottom:var(--wp--preset--spacing--60)\"><style>.kt-sc18575_0676bd-85 .kt-sc-imgcol, .kt-sc18575_0676bd-85 .kt-sc-textcol{min-height:345px;}.kt-sc18575_0676bd-85 .kt-sc-imgcol{background-size:cover;background-image:url(https:\/\/zoo.org\/wp-content\/uploads\/2025\/08\/shutterstock_2350254971-Solomon-Islands-Leaf-Frog-crop.jpg);}.kt-sc18575_0676bd-85 .kt-sc-textcol{padding-top:1em;padding-right:1.5em;padding-bottom:1em;padding-left:1.5em;}@media all and (max-width: 767px){.kt-sc18575_0676bd-85 .kt-sc-imgcol, .kt-sc18575_0676bd-85 .kt-sc-textcol{min-height:275px;}}<\/style>\n<div class=\"aligncenter kt-sc18575_0676bd-85 wp-block-kadence-splitcontent\"><div class=\"kt-split-content-wrap kt-sc-media-side-left\" style=\"grid-template-columns:32% auto\"><div class=\"kt-sc-imgcol kt-sc-imgcol-bg-cover kt-sc-img-side-left\"><\/div><div class=\"kt-sc-textcol kt-sc-text-valign-center kt-sc-text-halign-left\" style=\"background-color:var(--theme-palette-color-17, #E6E6E6)\"><div class=\"kt-sc-innter-col\">\n<h3 class=\"wp-block-heading\">Rana hoja de las Islas Salom\u00f3n<\/h3>\n\n\n\n<h4 class=\"wp-block-heading\">Cornufer guentheri<\/h4>\n\n\n\n<p>La mayor\u00eda de las ranas pasan por la metamorfosis, \u00a1pero esta no! Estas ranas hoja salen del huevo como peque\u00f1as ranas completamente desarrolladas, salt\u00e1ndose por completo la etapa de renacuajo. <\/p>\n<\/div><\/div><\/div><\/div>\n<\/div>\n\n<div class=\"wp-block-group is-layout-constrained wp-block-group-is-layout-constrained\" style=\"margin-top:var(--wp--preset--spacing--60);margin-bottom:var(--wp--preset--spacing--60)\"><style>.kt-sc18575_99b50e-4b .kt-sc-imgcol, .kt-sc18575_99b50e-4b .kt-sc-textcol{min-height:345px;}.kt-sc18575_99b50e-4b .kt-sc-imgcol{background-size:cover;background-image:url(https:\/\/zoo.org\/wp-content\/uploads\/2025\/08\/shutterstock_514328608-Black-Tree-Monitor.jpg);}.kt-sc18575_99b50e-4b .kt-sc-textcol{padding-top:1em;padding-right:1.5em;padding-bottom:1em;padding-left:1.5em;}@media all and (max-width: 767px){.kt-sc18575_99b50e-4b .kt-sc-imgcol, .kt-sc18575_99b50e-4b .kt-sc-textcol{min-height:275px;}}<\/style>\n<div class=\"aligncenter kt-sc18575_99b50e-4b wp-block-kadence-splitcontent\"><div class=\"kt-split-content-wrap kt-sc-media-side-left\" style=\"grid-template-columns:32% auto\"><div class=\"kt-sc-imgcol kt-sc-imgcol-bg-cover kt-sc-img-side-left\"><\/div><div class=\"kt-sc-textcol kt-sc-text-valign-center kt-sc-text-halign-left\" style=\"background-color:var(--theme-palette-color-17, #E6E6E6)\"><div class=\"kt-sc-innter-col\">\n<h3 class=\"wp-block-heading\">Monitor de \u00e1rbol negro<\/h3>\n\n\n\n<h4 class=\"wp-block-heading\">Varanus beccarii<\/h4>\n\n\n\n<p>Estos veloces lagartos pueden escalar un \u00e1rbol en minutos gracias a sus largas extremidades, dedos alargados, garras afiladas y colas prensiles. Los varanos negros son cazadores inteligentes y h\u00e1biles con una vista excelente. Tras avistar a su presa, la persiguen a trav\u00e9s de las copas de los \u00e1rboles con incre\u00edble facilidad y agilidad.  <\/p>\n<\/div><\/div><\/div><\/div>\n<\/div>\n\n<div class=\"wp-block-group is-layout-constrained wp-block-group-is-layout-constrained\" style=\"margin-top:var(--wp--preset--spacing--60);margin-bottom:var(--wp--preset--spacing--60)\"><style>.kt-sc18575_9ded56-d8 .kt-sc-imgcol, .kt-sc18575_9ded56-d8 .kt-sc-textcol{min-height:345px;}.kt-sc18575_9ded56-d8 .kt-sc-imgcol{background-size:cover;background-image:url(https:\/\/zoo.org\/wp-content\/uploads\/2025\/08\/shutterstock_2194061147-Timor-Python.jpg);}.kt-sc18575_9ded56-d8 .kt-sc-textcol{padding-top:1em;padding-right:1.5em;padding-bottom:1em;padding-left:1.5em;}@media all and (max-width: 767px){.kt-sc18575_9ded56-d8 .kt-sc-imgcol, .kt-sc18575_9ded56-d8 .kt-sc-textcol{min-height:275px;}}<\/style>\n<div class=\"aligncenter kt-sc18575_9ded56-d8 wp-block-kadence-splitcontent\"><div class=\"kt-split-content-wrap kt-sc-media-side-left\" style=\"grid-template-columns:32% auto\"><div class=\"kt-sc-imgcol kt-sc-imgcol-bg-cover kt-sc-img-side-left\"><\/div><div class=\"kt-sc-textcol kt-sc-text-valign-center kt-sc-text-halign-left\" style=\"background-color:var(--theme-palette-color-17, #E6E6E6)\"><div class=\"kt-sc-innter-col\">\n<h3 class=\"wp-block-heading\">Pit\u00f3n de Timor<\/h3>\n\n\n\n<h4 class=\"wp-block-heading\">Malayopython timoriensis<\/h4>\n\n\n\n<p>Activas por la noche, estas pitones constrictoras nocturnas acechan a peque\u00f1os reptiles, aves, ratones y ratas. Durante el d\u00eda, suelen tomar el sol en las copas de los \u00e1rboles, regulando su temperatura, mientras digieren su comida y se preparan para otro refrigerio nocturno. Las pitones de Timor adultas miden entre 1,5 y 2,4 metros de largo.  <\/p>\n<\/div><\/div><\/div><\/div>\n<\/div>\n\n<div class=\"wp-block-group is-layout-constrained wp-block-group-is-layout-constrained\" style=\"margin-top:var(--wp--preset--spacing--60);margin-bottom:var(--wp--preset--spacing--60)\"><style>.kt-sc18575_af0dd0-aa .kt-sc-imgcol, .kt-sc18575_af0dd0-aa .kt-sc-textcol{min-height:345px;}.kt-sc18575_af0dd0-aa .kt-sc-imgcol{background-size:cover;background-image:url(https:\/\/zoo.org\/wp-content\/uploads\/2026\/02\/Reptile-Realm-Sailfin-Lizard.jpg);}.kt-sc18575_af0dd0-aa .kt-sc-textcol{padding-top:1em;padding-right:1.5em;padding-bottom:1em;padding-left:1.5em;}@media all and (max-width: 767px){.kt-sc18575_af0dd0-aa .kt-sc-imgcol, .kt-sc18575_af0dd0-aa .kt-sc-textcol{min-height:275px;}}<\/style>\n<div class=\"aligncenter kt-sc18575_af0dd0-aa wp-block-kadence-splitcontent\"><div class=\"kt-split-content-wrap kt-sc-media-side-left\" style=\"grid-template-columns:32% auto\"><div class=\"kt-sc-imgcol kt-sc-imgcol-bg-cover kt-sc-img-side-left\"><\/div><div class=\"kt-sc-textcol kt-sc-text-valign-center kt-sc-text-halign-left\" style=\"background-color:var(--theme-palette-color-17, #E6E6E6)\"><div class=\"kt-sc-innter-col\">\n<h3 class=\"wp-block-heading\">Lagarto de aleta de vela filipino<\/h3>\n\n\n\n<h4 class=\"wp-block-heading\">Hydrosaurus pustulatus<\/h4>\n\n\n\n<p>Este hidrosaurio o \u00ablagarto acu\u00e1tico\u00bb pasa el d\u00eda trepando \u00e1rboles cerca de los r\u00edos del bosque. Si se acerca un depredador, se escapa r\u00e1pidamente, saltando al agua para nadar y descansar hasta que no haya peligro en la costa. <\/p>\n<\/div><\/div><\/div><\/div>\n<\/div>\n","protected":false},"excerpt":{"rendered":"<p>REINO DE LOS REPTILES SOBRE LA EXPOSICI\u00d3N \u00a1Explore este nuevo h\u00e1bitat forestal de las islas del Indo-Pac\u00edfico que exhibe nuestros dragones de Komodo adem\u00e1s de una variedad de serpientes, lagartos, [&hellip;]<\/p>\n","protected":false},"author":1,"featured_media":13383,"parent":0,"menu_order":0,"comment_status":"closed","ping_status":"closed","template":"","meta":{"_acf_changed":false,"_kad_blocks_custom_css":"","_kad_blocks_head_custom_js":"","_kad_blocks_body_custom_js":"","_kad_blocks_footer_custom_js":"","footnotes":""},"class_list":["post-13382","page","type-page","status-publish","has-post-thumbnail","hentry"],"blocksy_meta":[],"acf":[],"yoast_head":"<!-- This site is optimized with the Yoast SEO plugin v27.4 - https:\/\/yoast.com\/product\/yoast-seo-wordpress\/ -->\n<title>-<\/title>\n<meta name=\"description\" content=\"Encuentre animales con estilos de vida fascinantes en el Reino de Reptiles del Zool\u00f3gico Woodland Park.\" \/>\n<meta name=\"robots\" content=\"index, follow, max-snippet:-1, max-image-preview:large, max-video-preview:-1\" \/>\n<link rel=\"canonical\" href=\"https:\/\/zoo.org\/es\/reino-de-los-reptiles\/\" \/>\n<meta property=\"og:locale\" content=\"es_ES\" \/>\n<meta property=\"og:type\" content=\"article\" \/>\n<meta property=\"og:title\" content=\"-\" \/>\n<meta property=\"og:description\" content=\"Encuentre animales con estilos de vida fascinantes en el Reino de Reptiles del Zool\u00f3gico Woodland Park.\" \/>\n<meta property=\"og:url\" content=\"https:\/\/zoo.org\/es\/reino-de-los-reptiles\/\" \/>\n<meta property=\"og:site_name\" content=\"Zool\u00f3gico Woodland Park\" \/>\n<meta property=\"article:modified_time\" content=\"2026-02-05T23:47:09+00:00\" \/>\n<meta property=\"og:image\" content=\"https:\/\/zoo.org\/wp-content\/uploads\/2025\/08\/2021-komodo-exhibit-19-web.jpg?wsr\" \/>\n\t<meta property=\"og:image:width\" content=\"800\" \/>\n\t<meta property=\"og:image:height\" content=\"533\" \/>\n\t<meta property=\"og:image:type\" content=\"image\/jpeg\" \/>\n<meta name=\"twitter:card\" content=\"summary_large_image\" \/>\n<script type=\"application\/ld+json\" class=\"yoast-schema-graph\">{\"@context\":\"https:\\\/\\\/schema.org\",\"@graph\":[{\"@type\":\"WebPage\",\"@id\":\"https:\\\/\\\/zoo.org\\\/es\\\/reino-de-los-reptiles\\\/\",\"url\":\"https:\\\/\\\/zoo.org\\\/es\\\/reino-de-los-reptiles\\\/\",\"name\":\"-\",\"isPartOf\":{\"@id\":\"https:\\\/\\\/zoo.org\\\/es\\\/#website\"},\"primaryImageOfPage\":{\"@id\":\"https:\\\/\\\/zoo.org\\\/es\\\/reino-de-los-reptiles\\\/#primaryimage\"},\"image\":{\"@id\":\"https:\\\/\\\/zoo.org\\\/es\\\/reino-de-los-reptiles\\\/#primaryimage\"},\"thumbnailUrl\":\"https:\\\/\\\/zoo.org\\\/wp-content\\\/uploads\\\/2025\\\/08\\\/2021-komodo-exhibit-19-web.jpg?wsr\",\"datePublished\":\"2026-02-03T21:45:26+00:00\",\"dateModified\":\"2026-02-05T23:47:09+00:00\",\"description\":\"Encuentre animales con estilos de vida fascinantes en el Reino de Reptiles del Zool\u00f3gico Woodland Park.\",\"breadcrumb\":{\"@id\":\"https:\\\/\\\/zoo.org\\\/es\\\/reino-de-los-reptiles\\\/#breadcrumb\"},\"inLanguage\":\"es\",\"potentialAction\":[{\"@type\":\"ReadAction\",\"target\":[\"https:\\\/\\\/zoo.org\\\/es\\\/reino-de-los-reptiles\\\/\"]}]},{\"@type\":\"ImageObject\",\"inLanguage\":\"es\",\"@id\":\"https:\\\/\\\/zoo.org\\\/es\\\/reino-de-los-reptiles\\\/#primaryimage\",\"url\":\"https:\\\/\\\/zoo.org\\\/wp-content\\\/uploads\\\/2025\\\/08\\\/2021-komodo-exhibit-19-web.jpg?wsr\",\"contentUrl\":\"https:\\\/\\\/zoo.org\\\/wp-content\\\/uploads\\\/2025\\\/08\\\/2021-komodo-exhibit-19-web.jpg?wsr\",\"width\":800,\"height\":533,\"caption\":\"Un drag\u00f3n de Komodo se arrastra a lo largo de la rama \u00e1spera y marr\u00f3n de un \u00e1rbol, con la lengua extendida mientras explora sus alrededores.\"},{\"@type\":\"BreadcrumbList\",\"@id\":\"https:\\\/\\\/zoo.org\\\/es\\\/reino-de-los-reptiles\\\/#breadcrumb\",\"itemListElement\":[{\"@type\":\"ListItem\",\"position\":1,\"name\":\"Hogar\",\"item\":\"https:\\\/\\\/zoo.org\\\/es\\\/\"},{\"@type\":\"ListItem\",\"position\":2,\"name\":\"Reino de los reptiles\"}]},{\"@type\":\"WebSite\",\"@id\":\"https:\\\/\\\/zoo.org\\\/es\\\/#website\",\"url\":\"https:\\\/\\\/zoo.org\\\/es\\\/\",\"name\":\"Zool\u00f3gico Woodland Park\",\"description\":\"El Zool\u00f3gico Woodland Park salva la vida silvestre e inspira a todos a hacer de la conservaci\u00f3n una prioridad en sus vidas.\",\"publisher\":{\"@id\":\"https:\\\/\\\/zoo.org\\\/es\\\/#organization\"},\"potentialAction\":[{\"@type\":\"SearchAction\",\"target\":{\"@type\":\"EntryPoint\",\"urlTemplate\":\"https:\\\/\\\/zoo.org\\\/es\\\/?s={search_term_string}\"},\"query-input\":{\"@type\":\"PropertyValueSpecification\",\"valueRequired\":true,\"valueName\":\"search_term_string\"}}],\"inLanguage\":\"es\"},{\"@type\":\"Organization\",\"@id\":\"https:\\\/\\\/zoo.org\\\/es\\\/#organization\",\"name\":\"Zool\u00f3gico Woodland Park\",\"url\":\"https:\\\/\\\/zoo.org\\\/es\\\/\",\"logo\":{\"@type\":\"ImageObject\",\"inLanguage\":\"es\",\"@id\":\"https:\\\/\\\/zoo.org\\\/es\\\/#\\\/schema\\\/logo\\\/image\\\/\",\"url\":\"https:\\\/\\\/zoo.org\\\/wp-content\\\/uploads\\\/2026\\\/01\\\/WPZ-Logo_white-SVG.svg?wsr\",\"contentUrl\":\"https:\\\/\\\/zoo.org\\\/wp-content\\\/uploads\\\/2026\\\/01\\\/WPZ-Logo_white-SVG.svg?wsr\",\"width\":288,\"height\":282,\"caption\":\"Zool\u00f3gico Woodland Park\"},\"image\":{\"@id\":\"https:\\\/\\\/zoo.org\\\/es\\\/#\\\/schema\\\/logo\\\/image\\\/\"}}]}<\/script>\n<!-- \/ Yoast SEO plugin. -->","yoast_head_json":{"title":"-","description":"Encuentre animales con estilos de vida fascinantes en el Reino de Reptiles del Zool\u00f3gico Woodland Park.","robots":{"index":"index","follow":"follow","max-snippet":"max-snippet:-1","max-image-preview":"max-image-preview:large","max-video-preview":"max-video-preview:-1"},"canonical":"https:\/\/zoo.org\/es\/reino-de-los-reptiles\/","og_locale":"es_ES","og_type":"article","og_title":"-","og_description":"Encuentre animales con estilos de vida fascinantes en el Reino de Reptiles del Zool\u00f3gico Woodland Park.","og_url":"https:\/\/zoo.org\/es\/reino-de-los-reptiles\/","og_site_name":"Zool\u00f3gico Woodland Park","article_modified_time":"2026-02-05T23:47:09+00:00","og_image":[{"width":800,"height":533,"url":"https:\/\/zoo.org\/wp-content\/uploads\/2025\/08\/2021-komodo-exhibit-19-web.jpg?wsr","type":"image\/jpeg"}],"twitter_card":"summary_large_image","schema":{"@context":"https:\/\/schema.org","@graph":[{"@type":"WebPage","@id":"https:\/\/zoo.org\/es\/reino-de-los-reptiles\/","url":"https:\/\/zoo.org\/es\/reino-de-los-reptiles\/","name":"-","isPartOf":{"@id":"https:\/\/zoo.org\/es\/#website"},"primaryImageOfPage":{"@id":"https:\/\/zoo.org\/es\/reino-de-los-reptiles\/#primaryimage"},"image":{"@id":"https:\/\/zoo.org\/es\/reino-de-los-reptiles\/#primaryimage"},"thumbnailUrl":"https:\/\/zoo.org\/wp-content\/uploads\/2025\/08\/2021-komodo-exhibit-19-web.jpg?wsr","datePublished":"2026-02-03T21:45:26+00:00","dateModified":"2026-02-05T23:47:09+00:00","description":"Encuentre animales con estilos de vida fascinantes en el Reino de Reptiles del Zool\u00f3gico Woodland Park.","breadcrumb":{"@id":"https:\/\/zoo.org\/es\/reino-de-los-reptiles\/#breadcrumb"},"inLanguage":"es","potentialAction":[{"@type":"ReadAction","target":["https:\/\/zoo.org\/es\/reino-de-los-reptiles\/"]}]},{"@type":"ImageObject","inLanguage":"es","@id":"https:\/\/zoo.org\/es\/reino-de-los-reptiles\/#primaryimage","url":"https:\/\/zoo.org\/wp-content\/uploads\/2025\/08\/2021-komodo-exhibit-19-web.jpg?wsr","contentUrl":"https:\/\/zoo.org\/wp-content\/uploads\/2025\/08\/2021-komodo-exhibit-19-web.jpg?wsr","width":800,"height":533,"caption":"Un drag\u00f3n de Komodo se arrastra a lo largo de la rama \u00e1spera y marr\u00f3n de un \u00e1rbol, con la lengua extendida mientras explora sus alrededores."},{"@type":"BreadcrumbList","@id":"https:\/\/zoo.org\/es\/reino-de-los-reptiles\/#breadcrumb","itemListElement":[{"@type":"ListItem","position":1,"name":"Hogar","item":"https:\/\/zoo.org\/es\/"},{"@type":"ListItem","position":2,"name":"Reino de los reptiles"}]},{"@type":"WebSite","@id":"https:\/\/zoo.org\/es\/#website","url":"https:\/\/zoo.org\/es\/","name":"Zool\u00f3gico Woodland Park","description":"El Zool\u00f3gico Woodland Park salva la vida silvestre e inspira a todos a hacer de la conservaci\u00f3n una prioridad en sus vidas.","publisher":{"@id":"https:\/\/zoo.org\/es\/#organization"},"potentialAction":[{"@type":"SearchAction","target":{"@type":"EntryPoint","urlTemplate":"https:\/\/zoo.org\/es\/?s={search_term_string}"},"query-input":{"@type":"PropertyValueSpecification","valueRequired":true,"valueName":"search_term_string"}}],"inLanguage":"es"},{"@type":"Organization","@id":"https:\/\/zoo.org\/es\/#organization","name":"Zool\u00f3gico Woodland Park","url":"https:\/\/zoo.org\/es\/","logo":{"@type":"ImageObject","inLanguage":"es","@id":"https:\/\/zoo.org\/es\/#\/schema\/logo\/image\/","url":"https:\/\/zoo.org\/wp-content\/uploads\/2026\/01\/WPZ-Logo_white-SVG.svg?wsr","contentUrl":"https:\/\/zoo.org\/wp-content\/uploads\/2026\/01\/WPZ-Logo_white-SVG.svg?wsr","width":288,"height":282,"caption":"Zool\u00f3gico Woodland Park"},"image":{"@id":"https:\/\/zoo.org\/es\/#\/schema\/logo\/image\/"}}]}},"taxonomy_info":[],"featured_image_src_large":["https:\/\/zoo.org\/wp-content\/uploads\/2025\/08\/2021-komodo-exhibit-19-web.jpg?wsr",800,533,false],"author_info":{"display_name":"jloughlin","author_link":"https:\/\/zoo.org\/es\/author\/jloughlin\/"},"comment_info":0,"_links":{"self":[{"href":"https:\/\/zoo.org\/es\/wp-json\/wp\/v2\/pages\/13382","targetHints":{"allow":["GET"]}}],"collection":[{"href":"https:\/\/zoo.org\/es\/wp-json\/wp\/v2\/pages"}],"about":[{"href":"https:\/\/zoo.org\/es\/wp-json\/wp\/v2\/types\/page"}],"author":[{"embeddable":true,"href":"https:\/\/zoo.org\/es\/wp-json\/wp\/v2\/users\/1"}],"replies":[{"embeddable":true,"href":"https:\/\/zoo.org\/es\/wp-json\/wp\/v2\/comments?post=13382"}],"version-history":[{"count":0,"href":"https:\/\/zoo.org\/es\/wp-json\/wp\/v2\/pages\/13382\/revisions"}],"wp:featuredmedia":[{"embeddable":true,"href":"https:\/\/zoo.org\/es\/wp-json\/wp\/v2\/media\/13383"}],"wp:attachment":[{"href":"https:\/\/zoo.org\/es\/wp-json\/wp\/v2\/media?parent=13382"}],"curies":[{"name":"wp","href":"https:\/\/api.w.org\/{rel}","templated":true}]}}