{"id":13384,"date":"2025-08-18T15:23:36","date_gmt":"2025-08-18T22:23:36","guid":{"rendered":"https:\/\/zoo.org\/conoce-a-los-animales\/pinguinos-de-humboldt\/"},"modified":"2025-12-16T09:08:33","modified_gmt":"2025-12-16T17:08:33","slug":"pinguinos-de-humboldt","status":"publish","type":"page","link":"https:\/\/zoo.org\/es\/pinguinos-de-humboldt\/","title":{"rendered":"Ping\u00fcinos de Humboldt"},"content":{"rendered":"\n<div class=\"wp-block-cover alignfull is-light hero\" style=\"margin-top:0;margin-bottom:0\"><img loading=\"lazy\" decoding=\"async\" width=\"1920\" height=\"400\" class=\"wp-block-cover__image-background wp-image-3470 size-full\" alt=\"\" src=\"https:\/\/zoo.org\/wp-content\/uploads\/2025\/08\/Penguin-Photo-Break.jpg\" data-object-fit=\"cover\" srcset=\"https:\/\/zoo.org\/wp-content\/uploads\/2025\/08\/Penguin-Photo-Break.jpg 1920w, https:\/\/zoo.org\/wp-content\/uploads\/2025\/08\/Penguin-Photo-Break-300x63.jpg 300w, https:\/\/zoo.org\/wp-content\/uploads\/2025\/08\/Penguin-Photo-Break-1024x213.jpg 1024w, https:\/\/zoo.org\/wp-content\/uploads\/2025\/08\/Penguin-Photo-Break-768x160.jpg 768w, https:\/\/zoo.org\/wp-content\/uploads\/2025\/08\/Penguin-Photo-Break-1536x320.jpg 1536w\" sizes=\"auto, (max-width: 1920px) 100vw, 1920px\" \/><span aria-hidden=\"true\" class=\"wp-block-cover__background has-background-dim-0 has-background-dim\" style=\"background-color:#8e8a87\"><\/span><div class=\"wp-block-cover__inner-container is-layout-constrained wp-block-cover-is-layout-constrained\">\n<p class=\"has-text-align-center has-large-font-size\"><\/p>\n<\/div><\/div>\n\n<div class=\"wp-block-group is-layout-constrained wp-block-group-is-layout-constrained\" style=\"margin-top:2em;margin-bottom:3em\">\n<h1 class=\"wp-block-heading has-text-align-center\" style=\"margin-top:0.65em;margin-bottom:0.275em\">PING\u00dcINOS DE HUMBOLDT<\/h1>\n\n\n\n<p class=\"has-text-align-center has-palette-color-3-color has-text-color has-link-color wp-elements-25163d5376c6571dd7dd23fffd8eaeaa\" style=\"margin-bottom:1em;font-size:clamp(0.984em, 0.984rem + ((1vw - 0.2em) * 0.645), 1.5em);font-style:normal;font-weight:500;line-height:1.5\"><strong>Bienvenidos a la costa des\u00e9rtica del Per\u00fa<\/strong><\/p>\n<\/div>\n\n<div class=\"wp-block-group alignfull divider is-layout-constrained wp-block-group-is-layout-constrained\">\n<h2 class=\"wp-block-heading alignfull has-text-align-center\">SOBRE LA EXPOSICI\u00d3N<\/h2>\n<\/div>\n\n<p>La mayor\u00eda de la gente piensa en nieve y hielo cuando piensa en ping\u00fcinos, \u00a1pero nuestros ping\u00fcinos provienen de las c\u00e1lidas y \u00e1ridas regiones costeras de Per\u00fa! Esta galardonada exhibici\u00f3n incorpora una costa rocosa con incre\u00edbles vistas submarinas. Observe de cerca c\u00f3mo las aves retozan a pocos cent\u00edmetros de distancia.  <\/p>\n\n<h3 class=\"wp-block-heading\">Dise\u00f1ado con la naturaleza en mente<\/h3>\n\n<p>El agua es un elemento esencial del h\u00e1bitat natural de todos los ping\u00fcinos, y lo mismo ocurre con nuestra exhibici\u00f3n de ping\u00fcinos de Humboldt. Si bien dise\u00f1amos toda la exhibici\u00f3n para conservar los recursos naturales, nuestro enfoque en la gesti\u00f3n del uso y la calidad del agua es particularmente innovador. Aprovechamos los sistemas naturales del planeta para garantizar un entorno acu\u00e1tico pr\u00edstino para estas aves en peligro de extinci\u00f3n, a la vez que evitamos que las aguas pluviales entren en nuestros lagos, contribuyendo as\u00ed a la salud del estrecho de Puget.  <\/p>\n\n<p><strong>\u00a1La exhibici\u00f3n ahorra aproximadamente 3 millones de galones de agua y 22\u00a0000 kilovatios hora de energ\u00eda al a\u00f1o! Esto equivale a ahorrar 24 millones de pintas de agua potable y a calentar cinco casas adosadas nuevas de dos dormitorios cada a\u00f1o. <\/strong><\/p>\n\n<h3 class=\"wp-block-heading\">Recirculaci\u00f3n y limpieza del agua<\/h3>\n\n<p>La exhibici\u00f3n filtra las aguas pluviales in situ de dos maneras. Primero, recoge el agua de lluvia del techo y la utiliza para reponer el agua de la piscina que se pierde naturalmente por evaporaci\u00f3n. Toda el agua de lluvia que cae en los senderos se filtra de nuevo al suelo para recargar la tierra. Segundo, el agua \u00absucia\u00bb, pero rica en nutrientes, de la piscina de ping\u00fcinos se filtrar\u00e1 a trav\u00e9s de un humedal artificial, inspirado en un ecosistema de filtraci\u00f3n natural. Aqu\u00ed, las ra\u00edces de las plantas y los microbios absorber\u00e1n naturalmente estos nutrientes, devolviendo el agua purificada a la piscina de ping\u00fcinos.    <\/p>\n\n<div class=\"wp-block-group is-layout-constrained wp-block-group-is-layout-constrained\" style=\"margin-top:var(--wp--preset--spacing--70)\"><style>.kt-sc3584_59868f-34 .kt-sc-imgcol, .kt-sc3584_59868f-34 .kt-sc-textcol{min-height:245px;}.kt-sc3584_59868f-34 .kt-sc-imgcol{background-size:cover;background-image:url(https:\/\/zoo.org\/wp-content\/uploads\/2025\/08\/JP-2021-Auction-3-Progressive-Wine-Tasting-Penguin-web-1.jpg);}.kt-sc3584_59868f-34 .kt-sc-textcol{padding-top:1em;padding-right:1.5em;padding-bottom:1em;padding-left:1.5em;}@media all and (max-width: 767px){.kt-sc3584_59868f-34 .kt-sc-imgcol, .kt-sc3584_59868f-34 .kt-sc-textcol{min-height:275px;}}<\/style>\n<div class=\"aligncenter kt-sc3584_59868f-34 wp-block-kadence-splitcontent\"><div class=\"kt-split-content-wrap kt-sc-media-side-left\" style=\"grid-template-columns:32% auto\"><div class=\"kt-sc-imgcol kt-sc-imgcol-bg-cover kt-sc-img-side-left\"><\/div><div class=\"kt-sc-textcol kt-sc-text-valign-center kt-sc-text-halign-left\" style=\"background-color:var(--theme-palette-color-17, #E6E6E6)\"><div class=\"kt-sc-innter-col\">\n<h3 class=\"wp-block-heading\">Ping\u00fcinos de Humboldt<\/h3>\n\n\n\n<p>Los ping\u00fcinos de Humboldt se encuentran a lo largo de la costa de Per\u00fa y Chile, en la corriente de Humboldt. Esta corriente fluye hacia el norte a lo largo de la costa oeste de Sudam\u00e9rica, trayendo agua de baja salinidad y rica en nutrientes desde la Ant\u00e1rtida. <\/p>\n<\/div><\/div><\/div><\/div>\n<\/div>\n\n<p><\/p>\n","protected":false},"excerpt":{"rendered":"<p>PING\u00dcINOS DE HUMBOLDT Bienvenidos a la costa des\u00e9rtica del Per\u00fa SOBRE LA EXPOSICI\u00d3N La mayor\u00eda de la gente piensa en nieve y hielo cuando piensa en ping\u00fcinos, \u00a1pero nuestros ping\u00fcinos [&hellip;]<\/p>\n","protected":false},"author":1,"featured_media":0,"parent":0,"menu_order":0,"comment_status":"closed","ping_status":"closed","template":"","meta":{"_acf_changed":false,"_kad_blocks_custom_css":"","_kad_blocks_head_custom_js":"","_kad_blocks_body_custom_js":"","_kad_blocks_footer_custom_js":"","footnotes":""},"class_list":["post-13384","page","type-page","status-publish","hentry"],"blocksy_meta":[],"acf":[],"yoast_head":"<!-- This site is optimized with the Yoast SEO plugin v27.3 - https:\/\/yoast.com\/product\/yoast-seo-wordpress\/ -->\n<title>-<\/title>\n<meta name=\"robots\" content=\"index, follow, max-snippet:-1, max-image-preview:large, max-video-preview:-1\" \/>\n<link rel=\"canonical\" href=\"https:\/\/zoo.org\/es\/pinguinos-de-humboldt\/\" \/>\n<meta property=\"og:locale\" content=\"es_ES\" \/>\n<meta property=\"og:type\" content=\"article\" \/>\n<meta property=\"og:title\" content=\"-\" \/>\n<meta property=\"og:description\" content=\"PING\u00dcINOS DE HUMBOLDT Bienvenidos a la costa des\u00e9rtica del Per\u00fa SOBRE LA EXPOSICI\u00d3N La mayor\u00eda de la gente piensa en nieve y hielo cuando piensa en ping\u00fcinos, \u00a1pero nuestros ping\u00fcinos [&hellip;]\" \/>\n<meta property=\"og:url\" content=\"https:\/\/zoo.org\/es\/pinguinos-de-humboldt\/\" \/>\n<meta property=\"og:site_name\" content=\"Zool\u00f3gico Woodland Park\" \/>\n<meta property=\"article:modified_time\" content=\"2025-12-16T17:08:33+00:00\" \/>\n<meta property=\"og:image\" content=\"https:\/\/zoo.org\/wp-content\/uploads\/2025\/08\/Penguin-Photo-Break.jpg?wsr\" \/>\n\t<meta property=\"og:image:width\" content=\"1920\" \/>\n\t<meta property=\"og:image:height\" content=\"400\" \/>\n\t<meta property=\"og:image:type\" content=\"image\/jpeg\" \/>\n<meta name=\"twitter:card\" content=\"summary_large_image\" \/>\n<script type=\"application\/ld+json\" class=\"yoast-schema-graph\">{\"@context\":\"https:\\\/\\\/schema.org\",\"@graph\":[{\"@type\":\"WebPage\",\"@id\":\"https:\\\/\\\/zoo.org\\\/es\\\/pinguinos-de-humboldt\\\/\",\"url\":\"https:\\\/\\\/zoo.org\\\/es\\\/pinguinos-de-humboldt\\\/\",\"name\":\"-\",\"isPartOf\":{\"@id\":\"https:\\\/\\\/zoo.org\\\/es\\\/#website\"},\"primaryImageOfPage\":{\"@id\":\"https:\\\/\\\/zoo.org\\\/es\\\/pinguinos-de-humboldt\\\/#primaryimage\"},\"image\":{\"@id\":\"https:\\\/\\\/zoo.org\\\/es\\\/pinguinos-de-humboldt\\\/#primaryimage\"},\"thumbnailUrl\":\"https:\\\/\\\/zoo.org\\\/wp-content\\\/uploads\\\/2025\\\/08\\\/Penguin-Photo-Break.jpg\",\"datePublished\":\"2025-08-18T22:23:36+00:00\",\"dateModified\":\"2025-12-16T17:08:33+00:00\",\"breadcrumb\":{\"@id\":\"https:\\\/\\\/zoo.org\\\/es\\\/pinguinos-de-humboldt\\\/#breadcrumb\"},\"inLanguage\":\"es\",\"potentialAction\":[{\"@type\":\"ReadAction\",\"target\":[\"https:\\\/\\\/zoo.org\\\/es\\\/pinguinos-de-humboldt\\\/\"]}]},{\"@type\":\"ImageObject\",\"inLanguage\":\"es\",\"@id\":\"https:\\\/\\\/zoo.org\\\/es\\\/pinguinos-de-humboldt\\\/#primaryimage\",\"url\":\"https:\\\/\\\/zoo.org\\\/wp-content\\\/uploads\\\/2025\\\/08\\\/Penguin-Photo-Break.jpg\",\"contentUrl\":\"https:\\\/\\\/zoo.org\\\/wp-content\\\/uploads\\\/2025\\\/08\\\/Penguin-Photo-Break.jpg\"},{\"@type\":\"BreadcrumbList\",\"@id\":\"https:\\\/\\\/zoo.org\\\/es\\\/pinguinos-de-humboldt\\\/#breadcrumb\",\"itemListElement\":[{\"@type\":\"ListItem\",\"position\":1,\"name\":\"Hogar\",\"item\":\"https:\\\/\\\/zoo.org\\\/es\\\/\"},{\"@type\":\"ListItem\",\"position\":2,\"name\":\"Ping\u00fcinos de Humboldt\"}]},{\"@type\":\"WebSite\",\"@id\":\"https:\\\/\\\/zoo.org\\\/es\\\/#website\",\"url\":\"https:\\\/\\\/zoo.org\\\/es\\\/\",\"name\":\"Zool\u00f3gico Woodland Park\",\"description\":\"El Zool\u00f3gico Woodland Park salva la vida silvestre e inspira a todos a hacer de la conservaci\u00f3n una prioridad en sus vidas.\",\"publisher\":{\"@id\":\"https:\\\/\\\/zoo.org\\\/es\\\/#organization\"},\"potentialAction\":[{\"@type\":\"SearchAction\",\"target\":{\"@type\":\"EntryPoint\",\"urlTemplate\":\"https:\\\/\\\/zoo.org\\\/es\\\/?s={search_term_string}\"},\"query-input\":{\"@type\":\"PropertyValueSpecification\",\"valueRequired\":true,\"valueName\":\"search_term_string\"}}],\"inLanguage\":\"es\"},{\"@type\":\"Organization\",\"@id\":\"https:\\\/\\\/zoo.org\\\/es\\\/#organization\",\"name\":\"Zool\u00f3gico Woodland Park\",\"url\":\"https:\\\/\\\/zoo.org\\\/es\\\/\",\"logo\":{\"@type\":\"ImageObject\",\"inLanguage\":\"es\",\"@id\":\"https:\\\/\\\/zoo.org\\\/es\\\/#\\\/schema\\\/logo\\\/image\\\/\",\"url\":\"https:\\\/\\\/zoo.org\\\/wp-content\\\/uploads\\\/2026\\\/01\\\/WPZ-Logo_white-SVG.svg?wsr\",\"contentUrl\":\"https:\\\/\\\/zoo.org\\\/wp-content\\\/uploads\\\/2026\\\/01\\\/WPZ-Logo_white-SVG.svg?wsr\",\"width\":288,\"height\":282,\"caption\":\"Zool\u00f3gico Woodland Park\"},\"image\":{\"@id\":\"https:\\\/\\\/zoo.org\\\/es\\\/#\\\/schema\\\/logo\\\/image\\\/\"}}]}<\/script>\n<!-- \/ Yoast SEO plugin. -->","yoast_head_json":{"title":"-","robots":{"index":"index","follow":"follow","max-snippet":"max-snippet:-1","max-image-preview":"max-image-preview:large","max-video-preview":"max-video-preview:-1"},"canonical":"https:\/\/zoo.org\/es\/pinguinos-de-humboldt\/","og_locale":"es_ES","og_type":"article","og_title":"-","og_description":"PING\u00dcINOS DE HUMBOLDT Bienvenidos a la costa des\u00e9rtica del Per\u00fa SOBRE LA EXPOSICI\u00d3N La mayor\u00eda de la gente piensa en nieve y hielo cuando piensa en ping\u00fcinos, \u00a1pero nuestros ping\u00fcinos [&hellip;]","og_url":"https:\/\/zoo.org\/es\/pinguinos-de-humboldt\/","og_site_name":"Zool\u00f3gico Woodland Park","article_modified_time":"2025-12-16T17:08:33+00:00","og_image":[{"width":1920,"height":400,"url":"https:\/\/zoo.org\/wp-content\/uploads\/2025\/08\/Penguin-Photo-Break.jpg?wsr","type":"image\/jpeg"}],"twitter_card":"summary_large_image","schema":{"@context":"https:\/\/schema.org","@graph":[{"@type":"WebPage","@id":"https:\/\/zoo.org\/es\/pinguinos-de-humboldt\/","url":"https:\/\/zoo.org\/es\/pinguinos-de-humboldt\/","name":"-","isPartOf":{"@id":"https:\/\/zoo.org\/es\/#website"},"primaryImageOfPage":{"@id":"https:\/\/zoo.org\/es\/pinguinos-de-humboldt\/#primaryimage"},"image":{"@id":"https:\/\/zoo.org\/es\/pinguinos-de-humboldt\/#primaryimage"},"thumbnailUrl":"https:\/\/zoo.org\/wp-content\/uploads\/2025\/08\/Penguin-Photo-Break.jpg","datePublished":"2025-08-18T22:23:36+00:00","dateModified":"2025-12-16T17:08:33+00:00","breadcrumb":{"@id":"https:\/\/zoo.org\/es\/pinguinos-de-humboldt\/#breadcrumb"},"inLanguage":"es","potentialAction":[{"@type":"ReadAction","target":["https:\/\/zoo.org\/es\/pinguinos-de-humboldt\/"]}]},{"@type":"ImageObject","inLanguage":"es","@id":"https:\/\/zoo.org\/es\/pinguinos-de-humboldt\/#primaryimage","url":"https:\/\/zoo.org\/wp-content\/uploads\/2025\/08\/Penguin-Photo-Break.jpg","contentUrl":"https:\/\/zoo.org\/wp-content\/uploads\/2025\/08\/Penguin-Photo-Break.jpg"},{"@type":"BreadcrumbList","@id":"https:\/\/zoo.org\/es\/pinguinos-de-humboldt\/#breadcrumb","itemListElement":[{"@type":"ListItem","position":1,"name":"Hogar","item":"https:\/\/zoo.org\/es\/"},{"@type":"ListItem","position":2,"name":"Ping\u00fcinos de Humboldt"}]},{"@type":"WebSite","@id":"https:\/\/zoo.org\/es\/#website","url":"https:\/\/zoo.org\/es\/","name":"Zool\u00f3gico Woodland Park","description":"El Zool\u00f3gico Woodland Park salva la vida silvestre e inspira a todos a hacer de la conservaci\u00f3n una prioridad en sus vidas.","publisher":{"@id":"https:\/\/zoo.org\/es\/#organization"},"potentialAction":[{"@type":"SearchAction","target":{"@type":"EntryPoint","urlTemplate":"https:\/\/zoo.org\/es\/?s={search_term_string}"},"query-input":{"@type":"PropertyValueSpecification","valueRequired":true,"valueName":"search_term_string"}}],"inLanguage":"es"},{"@type":"Organization","@id":"https:\/\/zoo.org\/es\/#organization","name":"Zool\u00f3gico Woodland Park","url":"https:\/\/zoo.org\/es\/","logo":{"@type":"ImageObject","inLanguage":"es","@id":"https:\/\/zoo.org\/es\/#\/schema\/logo\/image\/","url":"https:\/\/zoo.org\/wp-content\/uploads\/2026\/01\/WPZ-Logo_white-SVG.svg?wsr","contentUrl":"https:\/\/zoo.org\/wp-content\/uploads\/2026\/01\/WPZ-Logo_white-SVG.svg?wsr","width":288,"height":282,"caption":"Zool\u00f3gico Woodland Park"},"image":{"@id":"https:\/\/zoo.org\/es\/#\/schema\/logo\/image\/"}}]}},"taxonomy_info":[],"featured_image_src_large":false,"author_info":{"display_name":"jloughlin","author_link":"https:\/\/zoo.org\/es\/author\/jloughlin\/"},"comment_info":0,"_links":{"self":[{"href":"https:\/\/zoo.org\/es\/wp-json\/wp\/v2\/pages\/13384","targetHints":{"allow":["GET"]}}],"collection":[{"href":"https:\/\/zoo.org\/es\/wp-json\/wp\/v2\/pages"}],"about":[{"href":"https:\/\/zoo.org\/es\/wp-json\/wp\/v2\/types\/page"}],"author":[{"embeddable":true,"href":"https:\/\/zoo.org\/es\/wp-json\/wp\/v2\/users\/1"}],"replies":[{"embeddable":true,"href":"https:\/\/zoo.org\/es\/wp-json\/wp\/v2\/comments?post=13384"}],"version-history":[{"count":0,"href":"https:\/\/zoo.org\/es\/wp-json\/wp\/v2\/pages\/13384\/revisions"}],"wp:attachment":[{"href":"https:\/\/zoo.org\/es\/wp-json\/wp\/v2\/media?parent=13384"}],"curies":[{"name":"wp","href":"https:\/\/api.w.org\/{rel}","templated":true}]}}