{"id":13472,"date":"2025-08-19T14:43:35","date_gmt":"2025-08-19T21:43:35","guid":{"rendered":"https:\/\/zoo.org\/animales-embajadores\/"},"modified":"2025-12-19T18:21:33","modified_gmt":"2025-12-20T02:21:33","slug":"animales-embajadores","status":"publish","type":"page","link":"https:\/\/zoo.org\/es\/animales-embajadores\/","title":{"rendered":"Animales embajadores"},"content":{"rendered":"\n<div class=\"wp-block-cover alignfull hero\" style=\"margin-top:0;margin-bottom:0\"><img loading=\"lazy\" decoding=\"async\" width=\"1920\" height=\"400\" class=\"wp-block-cover__image-background wp-image-1157 size-full\" alt=\"\" src=\"http:\/\/zoo.org\/wp-content\/uploads\/2025\/05\/Lynx-Forest-Header-Image.jpg\" data-object-fit=\"cover\" srcset=\"https:\/\/zoo.org\/wp-content\/uploads\/2025\/05\/Lynx-Forest-Header-Image.jpg 1920w, https:\/\/zoo.org\/wp-content\/uploads\/2025\/05\/Lynx-Forest-Header-Image-300x63.jpg 300w, https:\/\/zoo.org\/wp-content\/uploads\/2025\/05\/Lynx-Forest-Header-Image-1024x213.jpg 1024w, https:\/\/zoo.org\/wp-content\/uploads\/2025\/05\/Lynx-Forest-Header-Image-768x160.jpg 768w, https:\/\/zoo.org\/wp-content\/uploads\/2025\/05\/Lynx-Forest-Header-Image-1536x320.jpg 1536w\" sizes=\"auto, (max-width: 1920px) 100vw, 1920px\" \/><span aria-hidden=\"true\" class=\"wp-block-cover__background has-background-dim-0 has-background-dim\" style=\"background-color:#636e5d\"><\/span><div class=\"wp-block-cover__inner-container is-layout-constrained wp-block-cover-is-layout-constrained\">\n<p class=\"has-text-align-center has-large-font-size\"><\/p>\n<\/div><\/div>\n\n<div class=\"wp-block-group is-layout-constrained wp-block-group-is-layout-constrained\" style=\"margin-top:2em;margin-bottom:3em\">\n<h1 class=\"wp-block-heading has-text-align-center\" style=\"margin-top:0.65em;margin-bottom:0.275em\">ANIMALES EMBAJADORES<\/h1>\n<\/div>\n\n<div class=\"wp-block-group alignfull divider is-layout-constrained wp-block-group-is-layout-constrained\">\n<h2 class=\"wp-block-heading alignfull has-text-align-center\">CONOZCA A LOS EMBAJADORES<\/h2>\n<\/div>\n\n<p>Los animales embajadores son protagonistas de los programas educativos del zool\u00f3gico, fomentando la empat\u00eda de los visitantes hacia los animales y promoviendo acciones para proteger la vida silvestre. Los visitantes tienen la oportunidad de conocer a estos incre\u00edbles animales a trav\u00e9s de <a href=\"https:\/\/www.zoo.org\/today\">experiencias interactivas y cercanas en los teatros del zool\u00f3gico<\/a> y otros programas. <\/p>\n<style>.kb-row-layout-wrap.wp-block-kadence-rowlayout.kb-row-layout-id3678_b0b925-57{margin-top:var(--global-kb-spacing-lg, 3rem);}.kb-row-layout-id3678_b0b925-57 > .kt-row-column-wrap{align-content:start;}:where(.kb-row-layout-id3678_b0b925-57 > .kt-row-column-wrap) > .wp-block-kadence-column{justify-content:start;}.kb-row-layout-id3678_b0b925-57 > .kt-row-column-wrap{column-gap:var(--global-kb-gap-sm, 1rem);row-gap:var(--global-kb-gap-md, 2rem);padding-top:var(--global-kb-spacing-sm, 1.5rem);padding-bottom:var(--global-kb-spacing-sm, 1.5rem);}.kb-row-layout-id3678_b0b925-57 > .kt-row-column-wrap > div:not(.added-for-specificity){grid-column:initial;}.kb-row-layout-id3678_b0b925-57 > .kt-row-column-wrap{grid-template-columns:repeat(3, minmax(0, 1fr));}.kb-row-layout-id3678_b0b925-57 > .kt-row-layout-overlay{opacity:0.30;}@media all and (max-width: 1024px){.kb-row-layout-id3678_b0b925-57 > .kt-row-column-wrap > div:not(.added-for-specificity){grid-column:initial;}}@media all and (max-width: 1024px){.kb-row-layout-id3678_b0b925-57 > .kt-row-column-wrap{grid-template-columns:repeat(3, minmax(0, 1fr));}}@media all and (max-width: 767px){.kb-row-layout-id3678_b0b925-57 > .kt-row-column-wrap > div:not(.added-for-specificity){grid-column:initial;}.kb-row-layout-id3678_b0b925-57 > .kt-row-column-wrap{grid-template-columns:minmax(0, 1fr);}}<\/style><div class=\"kb-row-layout-wrap kb-row-layout-id3678_b0b925-57 alignnone wp-block-kadence-rowlayout\"><div class=\"kt-row-column-wrap kt-has-3-columns kt-row-layout-equal kt-tab-layout-inherit kt-mobile-layout-row kt-row-valign-top\">\n<style>.kadence-column3678_5306e7-18 > .kt-inside-inner-col{display:flex;}.kadence-column3678_5306e7-18 > .kt-inside-inner-col,.kadence-column3678_5306e7-18 > .kt-inside-inner-col:before{border-top-left-radius:0px;border-top-right-radius:0px;border-bottom-right-radius:0px;border-bottom-left-radius:0px;}.kadence-column3678_5306e7-18 > .kt-inside-inner-col{column-gap:var(--global-kb-gap-sm, 1rem);}.kadence-column3678_5306e7-18 > .kt-inside-inner-col{flex-direction:column;justify-content:flex-start;align-items:center;}.kadence-column3678_5306e7-18 > .kt-inside-inner-col > .kb-image-is-ratio-size{align-self:stretch;}.kadence-column3678_5306e7-18 > .kt-inside-inner-col > .wp-block-kadence-advancedgallery{align-self:stretch;}.kadence-column3678_5306e7-18 > .kt-inside-inner-col > .aligncenter{width:100%;}.kt-row-column-wrap > .kadence-column3678_5306e7-18{align-self:flex-start;}.kt-inner-column-height-full:not(.kt-has-1-columns) > .wp-block-kadence-column.kadence-column3678_5306e7-18{align-self:auto;}.kt-inner-column-height-full:not(.kt-has-1-columns) > .wp-block-kadence-column.kadence-column3678_5306e7-18 > .kt-inside-inner-col{flex-direction:column;justify-content:flex-start;}.kadence-column3678_5306e7-18 > .kt-inside-inner-col:before{opacity:0.3;}.kadence-column3678_5306e7-18{text-align:center;}.kadence-column3678_5306e7-18{position:relative;}@media all and (max-width: 1024px){.kt-row-column-wrap > .kadence-column3678_5306e7-18{align-self:flex-start;}}@media all and (max-width: 1024px){.kt-inner-column-height-full:not(.kt-has-1-columns) > .wp-block-kadence-column.kadence-column3678_5306e7-18{align-self:auto;}}@media all and (max-width: 1024px){.kt-inner-column-height-full:not(.kt-has-1-columns) > .wp-block-kadence-column.kadence-column3678_5306e7-18 > .kt-inside-inner-col{flex-direction:column;justify-content:flex-start;}}@media all and (max-width: 1024px){.kadence-column3678_5306e7-18 > .kt-inside-inner-col{flex-direction:column;justify-content:flex-start;align-items:center;}}@media all and (max-width: 767px){.kt-row-column-wrap > .kadence-column3678_5306e7-18{align-self:flex-start;}.kt-inner-column-height-full:not(.kt-has-1-columns) > .wp-block-kadence-column.kadence-column3678_5306e7-18{align-self:auto;}.kt-inner-column-height-full:not(.kt-has-1-columns) > .wp-block-kadence-column.kadence-column3678_5306e7-18 > .kt-inside-inner-col{flex-direction:column;justify-content:flex-start;}.kadence-column3678_5306e7-18 > .kt-inside-inner-col{flex-direction:column;justify-content:flex-start;align-items:center;}}<\/style>\n<div class=\"wp-block-kadence-column kadence-column3678_5306e7-18 kb-section-has-link link-fade\"><div class=\"kt-inside-inner-col\"><style>.wp-block-kadence-image.kb-image3678_5d4a27-2d:not(.kb-specificity-added):not(.kb-extra-specificity-added){margin-bottom:var(--global-kb-spacing-md, 2rem);}.kb-image3678_5d4a27-2d .kb-image-has-overlay:after{opacity:0.3;}.kb-image3678_5d4a27-2d img.kb-img, .kb-image3678_5d4a27-2d .kb-img img{-webkit-mask-image:url(https:\/\/zoo.org\/wp-content\/plugins\/kadence-blocks\/includes\/assets\/images\/masks\/circle.svg);mask-image:url(https:\/\/zoo.org\/wp-content\/plugins\/kadence-blocks\/includes\/assets\/images\/masks\/circle.svg);-webkit-mask-size:auto;mask-size:auto;-webkit-mask-repeat:no-repeat;mask-repeat:no-repeat;-webkit-mask-position:center;mask-position:center;}<\/style>\n<figure class=\"wp-block-kadence-image kb-image3678_5d4a27-2d size-full\"><img loading=\"lazy\" decoding=\"async\" width=\"280\" height=\"280\" src=\"https:\/\/zoo.org\/wp-content\/uploads\/2025\/08\/Ambassador-Animal-Mammal-Square.jpg\" alt=\"Un primer plano de un puercoesp\u00edn con pelaje marr\u00f3n oscuro y p\u00faas afiladas con puntas blancas que se destacan en todas direcciones, frente a la c\u00e1mara contra un fondo liso.\" class=\"kb-img wp-image-3339\" srcset=\"https:\/\/zoo.org\/wp-content\/uploads\/2025\/08\/Ambassador-Animal-Mammal-Square.jpg 280w, https:\/\/zoo.org\/wp-content\/uploads\/2025\/08\/Ambassador-Animal-Mammal-Square-150x150.jpg 150w\" sizes=\"auto, (max-width: 280px) 100vw, 280px\" \/><\/figure>\n\n\n\n<h3 class=\"wp-block-heading has-text-align-center\">MAM\u00cdFEROS<\/h3>\n<\/div><a href=\"https:\/\/zoo.org\/es\/animales-embajadores\/mamiferos-embajadores\/\" class=\"kb-section-link-overlay\"><\/a><\/div>\n\n\n<style>.kadence-column3678_32ffe4-97 > .kt-inside-inner-col{display:flex;}.kadence-column3678_32ffe4-97 > .kt-inside-inner-col,.kadence-column3678_32ffe4-97 > .kt-inside-inner-col:before{border-top-left-radius:0px;border-top-right-radius:0px;border-bottom-right-radius:0px;border-bottom-left-radius:0px;}.kadence-column3678_32ffe4-97 > .kt-inside-inner-col{column-gap:var(--global-kb-gap-sm, 1rem);}.kadence-column3678_32ffe4-97 > .kt-inside-inner-col{flex-direction:column;justify-content:flex-start;align-items:center;}.kadence-column3678_32ffe4-97 > .kt-inside-inner-col > .kb-image-is-ratio-size{align-self:stretch;}.kadence-column3678_32ffe4-97 > .kt-inside-inner-col > .wp-block-kadence-advancedgallery{align-self:stretch;}.kadence-column3678_32ffe4-97 > .kt-inside-inner-col > .aligncenter{width:100%;}.kt-row-column-wrap > .kadence-column3678_32ffe4-97{align-self:flex-start;}.kt-inner-column-height-full:not(.kt-has-1-columns) > .wp-block-kadence-column.kadence-column3678_32ffe4-97{align-self:auto;}.kt-inner-column-height-full:not(.kt-has-1-columns) > .wp-block-kadence-column.kadence-column3678_32ffe4-97 > .kt-inside-inner-col{flex-direction:column;justify-content:flex-start;}.kadence-column3678_32ffe4-97 > .kt-inside-inner-col:before{opacity:0.3;}.kadence-column3678_32ffe4-97{text-align:center;}.kadence-column3678_32ffe4-97{position:relative;}@media all and (max-width: 1024px){.kt-row-column-wrap > .kadence-column3678_32ffe4-97{align-self:flex-start;}}@media all and (max-width: 1024px){.kt-inner-column-height-full:not(.kt-has-1-columns) > .wp-block-kadence-column.kadence-column3678_32ffe4-97{align-self:auto;}}@media all and (max-width: 1024px){.kt-inner-column-height-full:not(.kt-has-1-columns) > .wp-block-kadence-column.kadence-column3678_32ffe4-97 > .kt-inside-inner-col{flex-direction:column;justify-content:flex-start;}}@media all and (max-width: 1024px){.kadence-column3678_32ffe4-97 > .kt-inside-inner-col{flex-direction:column;justify-content:flex-start;align-items:center;}}@media all and (max-width: 767px){.kt-row-column-wrap > .kadence-column3678_32ffe4-97{align-self:flex-start;}.kt-inner-column-height-full:not(.kt-has-1-columns) > .wp-block-kadence-column.kadence-column3678_32ffe4-97{align-self:auto;}.kt-inner-column-height-full:not(.kt-has-1-columns) > .wp-block-kadence-column.kadence-column3678_32ffe4-97 > .kt-inside-inner-col{flex-direction:column;justify-content:flex-start;}.kadence-column3678_32ffe4-97 > .kt-inside-inner-col{flex-direction:column;justify-content:flex-start;align-items:center;}}<\/style>\n<div class=\"wp-block-kadence-column kadence-column3678_32ffe4-97 kb-section-has-link link-fade\"><div class=\"kt-inside-inner-col\"><style>.wp-block-kadence-image.kb-image3678_568bcf-37:not(.kb-specificity-added):not(.kb-extra-specificity-added){margin-bottom:var(--global-kb-spacing-md, 2rem);}.kb-image3678_568bcf-37 .kb-image-has-overlay:after{opacity:0.3;}.kb-image3678_568bcf-37 img.kb-img, .kb-image3678_568bcf-37 .kb-img img{-webkit-mask-image:url(https:\/\/zoo.org\/wp-content\/plugins\/kadence-blocks\/includes\/assets\/images\/masks\/circle.svg);mask-image:url(https:\/\/zoo.org\/wp-content\/plugins\/kadence-blocks\/includes\/assets\/images\/masks\/circle.svg);-webkit-mask-size:auto;mask-size:auto;-webkit-mask-repeat:no-repeat;mask-repeat:no-repeat;-webkit-mask-position:center;mask-position:center;}<\/style>\n<figure class=\"wp-block-kadence-image kb-image3678_568bcf-37 size-full\"><img loading=\"lazy\" decoding=\"async\" width=\"280\" height=\"280\" src=\"https:\/\/zoo.org\/wp-content\/uploads\/2025\/08\/Ambassador-Animal-Bird-Square.jpg\" alt=\"Primer plano de un b\u00faho con llamativos ojos de color amarillo anaranjado y plumas moteadas de color marr\u00f3n y crema, mirando ligeramente hacia un lado contra un fondo verde borroso.\" class=\"kb-img wp-image-3338\" srcset=\"https:\/\/zoo.org\/wp-content\/uploads\/2025\/08\/Ambassador-Animal-Bird-Square.jpg 280w, https:\/\/zoo.org\/wp-content\/uploads\/2025\/08\/Ambassador-Animal-Bird-Square-150x150.jpg 150w\" sizes=\"auto, (max-width: 280px) 100vw, 280px\" \/><\/figure>\n\n\n\n<h3 class=\"wp-block-heading has-text-align-center\">AVES<\/h3>\n<\/div><a href=\"https:\/\/zoo.org\/es\/animales-embajadores\/embajadores-aves\/\" class=\"kb-section-link-overlay\"><\/a><\/div>\n\n\n<style>.kadence-column3678_194bca-75 > .kt-inside-inner-col{display:flex;}.kadence-column3678_194bca-75 > .kt-inside-inner-col,.kadence-column3678_194bca-75 > .kt-inside-inner-col:before{border-top-left-radius:0px;border-top-right-radius:0px;border-bottom-right-radius:0px;border-bottom-left-radius:0px;}.kadence-column3678_194bca-75 > .kt-inside-inner-col{column-gap:var(--global-kb-gap-sm, 1rem);}.kadence-column3678_194bca-75 > .kt-inside-inner-col{flex-direction:column;justify-content:flex-start;align-items:center;}.kadence-column3678_194bca-75 > .kt-inside-inner-col > .kb-image-is-ratio-size{align-self:stretch;}.kadence-column3678_194bca-75 > .kt-inside-inner-col > .wp-block-kadence-advancedgallery{align-self:stretch;}.kadence-column3678_194bca-75 > .kt-inside-inner-col > .aligncenter{width:100%;}.kt-row-column-wrap > .kadence-column3678_194bca-75{align-self:flex-start;}.kt-inner-column-height-full:not(.kt-has-1-columns) > .wp-block-kadence-column.kadence-column3678_194bca-75{align-self:auto;}.kt-inner-column-height-full:not(.kt-has-1-columns) > .wp-block-kadence-column.kadence-column3678_194bca-75 > .kt-inside-inner-col{flex-direction:column;justify-content:flex-start;}.kadence-column3678_194bca-75 > .kt-inside-inner-col:before{opacity:0.3;}.kadence-column3678_194bca-75{text-align:center;}.kadence-column3678_194bca-75{position:relative;}@media all and (max-width: 1024px){.kt-row-column-wrap > .kadence-column3678_194bca-75{align-self:flex-start;}}@media all and (max-width: 1024px){.kt-inner-column-height-full:not(.kt-has-1-columns) > .wp-block-kadence-column.kadence-column3678_194bca-75{align-self:auto;}}@media all and (max-width: 1024px){.kt-inner-column-height-full:not(.kt-has-1-columns) > .wp-block-kadence-column.kadence-column3678_194bca-75 > .kt-inside-inner-col{flex-direction:column;justify-content:flex-start;}}@media all and (max-width: 1024px){.kadence-column3678_194bca-75 > .kt-inside-inner-col{flex-direction:column;justify-content:flex-start;align-items:center;}}@media all and (max-width: 767px){.kt-row-column-wrap > .kadence-column3678_194bca-75{align-self:flex-start;}.kt-inner-column-height-full:not(.kt-has-1-columns) > .wp-block-kadence-column.kadence-column3678_194bca-75{align-self:auto;}.kt-inner-column-height-full:not(.kt-has-1-columns) > .wp-block-kadence-column.kadence-column3678_194bca-75 > .kt-inside-inner-col{flex-direction:column;justify-content:flex-start;}.kadence-column3678_194bca-75 > .kt-inside-inner-col{flex-direction:column;justify-content:flex-start;align-items:center;}}<\/style>\n<div class=\"wp-block-kadence-column kadence-column3678_194bca-75 kb-section-has-link link-fade\"><div class=\"kt-inside-inner-col\"><style>.wp-block-kadence-image.kb-image3678_a132f6-f8:not(.kb-specificity-added):not(.kb-extra-specificity-added){margin-bottom:var(--global-kb-spacing-md, 2rem);}.kb-image3678_a132f6-f8 .kb-image-has-overlay:after{opacity:0.3;}.kb-image3678_a132f6-f8 img.kb-img, .kb-image3678_a132f6-f8 .kb-img img{-webkit-mask-image:url(https:\/\/zoo.org\/wp-content\/plugins\/kadence-blocks\/includes\/assets\/images\/masks\/circle.svg);mask-image:url(https:\/\/zoo.org\/wp-content\/plugins\/kadence-blocks\/includes\/assets\/images\/masks\/circle.svg);-webkit-mask-size:auto;mask-size:auto;-webkit-mask-repeat:no-repeat;mask-repeat:no-repeat;-webkit-mask-position:center;mask-position:center;}<\/style>\n<figure class=\"wp-block-kadence-image kb-image3678_a132f6-f8 size-full\"><img loading=\"lazy\" decoding=\"async\" width=\"280\" height=\"280\" src=\"https:\/\/zoo.org\/wp-content\/uploads\/2025\/08\/Ambassador-Animal-Reptile-Square.jpg\" alt=\"Primer plano de una tortuga con un caparaz\u00f3n marr\u00f3n estampado y manchas anaranjadas en las patas y la cara, sobre un fondo blanco liso.\" class=\"kb-img wp-image-3340\" srcset=\"https:\/\/zoo.org\/wp-content\/uploads\/2025\/08\/Ambassador-Animal-Reptile-Square.jpg 280w, https:\/\/zoo.org\/wp-content\/uploads\/2025\/08\/Ambassador-Animal-Reptile-Square-150x150.jpg 150w\" sizes=\"auto, (max-width: 280px) 100vw, 280px\" \/><\/figure>\n\n\n\n<h3 class=\"wp-block-heading has-text-align-center\">REPTILES E INSECTOS<\/h3>\n<\/div><a href=\"https:\/\/zoo.org\/es\/animales-embajadores\/embajador-reptiles\/\" class=\"kb-section-link-overlay\"><\/a><\/div>\n\n<\/div><\/div>\n<div class=\"wp-block-buttons is-content-justification-center is-layout-flex wp-container-core-buttons-is-layout-a89b3969 wp-block-buttons-is-layout-flex\">\n<div class=\"wp-block-button\"><a class=\"wp-block-button__link wp-element-button\" href=\"https:\/\/www.zoo.org\/today\">VER LOS PROGRAMAS DE HOY<\/a><\/div>\n<\/div>\n","protected":false},"excerpt":{"rendered":"<p>ANIMALES EMBAJADORES CONOZCA A LOS EMBAJADORES Los animales embajadores son protagonistas de los programas educativos del zool\u00f3gico, fomentando la empat\u00eda de los visitantes hacia los animales y promoviendo acciones para [&hellip;]<\/p>\n","protected":false},"author":1,"featured_media":13478,"parent":0,"menu_order":0,"comment_status":"closed","ping_status":"closed","template":"","meta":{"_acf_changed":false,"_kad_blocks_custom_css":"","_kad_blocks_head_custom_js":"","_kad_blocks_body_custom_js":"","_kad_blocks_footer_custom_js":"","footnotes":""},"class_list":["post-13472","page","type-page","status-publish","has-post-thumbnail","hentry"],"blocksy_meta":[],"acf":[],"yoast_head":"<!-- This site is optimized with the Yoast SEO plugin v27.4 - https:\/\/yoast.com\/product\/yoast-seo-wordpress\/ -->\n<title>-<\/title>\n<meta name=\"description\" content=\"Conozca a los animales embajadores en el zool\u00f3gico Woodland Park.\" \/>\n<meta name=\"robots\" content=\"index, follow, max-snippet:-1, max-image-preview:large, max-video-preview:-1\" \/>\n<link rel=\"canonical\" href=\"https:\/\/zoo.org\/es\/animales-embajadores\/\" \/>\n<meta property=\"og:locale\" content=\"es_ES\" \/>\n<meta property=\"og:type\" content=\"article\" \/>\n<meta property=\"og:title\" content=\"-\" \/>\n<meta property=\"og:description\" content=\"Conozca a los animales embajadores en el zool\u00f3gico Woodland Park.\" \/>\n<meta property=\"og:url\" content=\"https:\/\/zoo.org\/es\/animales-embajadores\/\" \/>\n<meta property=\"og:site_name\" content=\"Zool\u00f3gico Woodland Park\" \/>\n<meta property=\"article:modified_time\" content=\"2025-12-20T02:21:33+00:00\" \/>\n<meta property=\"og:image\" content=\"https:\/\/zoo.org\/wp-content\/uploads\/2025\/08\/Ambassador-Animal-Bird-Square.jpg?wsr\" \/>\n\t<meta property=\"og:image:width\" content=\"280\" \/>\n\t<meta property=\"og:image:height\" content=\"280\" \/>\n\t<meta property=\"og:image:type\" content=\"image\/jpeg\" \/>\n<meta name=\"twitter:card\" content=\"summary_large_image\" \/>\n<script type=\"application\/ld+json\" class=\"yoast-schema-graph\">{\"@context\":\"https:\\\/\\\/schema.org\",\"@graph\":[{\"@type\":\"WebPage\",\"@id\":\"https:\\\/\\\/zoo.org\\\/es\\\/animales-embajadores\\\/\",\"url\":\"https:\\\/\\\/zoo.org\\\/es\\\/animales-embajadores\\\/\",\"name\":\"-\",\"isPartOf\":{\"@id\":\"https:\\\/\\\/zoo.org\\\/es\\\/#website\"},\"primaryImageOfPage\":{\"@id\":\"https:\\\/\\\/zoo.org\\\/es\\\/animales-embajadores\\\/#primaryimage\"},\"image\":{\"@id\":\"https:\\\/\\\/zoo.org\\\/es\\\/animales-embajadores\\\/#primaryimage\"},\"thumbnailUrl\":\"https:\\\/\\\/zoo.org\\\/wp-content\\\/uploads\\\/2025\\\/08\\\/Ambassador-Animal-Bird-Square.jpg?wsr\",\"datePublished\":\"2025-08-19T21:43:35+00:00\",\"dateModified\":\"2025-12-20T02:21:33+00:00\",\"description\":\"Conozca a los animales embajadores en el zool\u00f3gico Woodland Park.\",\"breadcrumb\":{\"@id\":\"https:\\\/\\\/zoo.org\\\/es\\\/animales-embajadores\\\/#breadcrumb\"},\"inLanguage\":\"es\",\"potentialAction\":[{\"@type\":\"ReadAction\",\"target\":[\"https:\\\/\\\/zoo.org\\\/es\\\/animales-embajadores\\\/\"]}]},{\"@type\":\"ImageObject\",\"inLanguage\":\"es\",\"@id\":\"https:\\\/\\\/zoo.org\\\/es\\\/animales-embajadores\\\/#primaryimage\",\"url\":\"https:\\\/\\\/zoo.org\\\/wp-content\\\/uploads\\\/2025\\\/08\\\/Ambassador-Animal-Bird-Square.jpg?wsr\",\"contentUrl\":\"https:\\\/\\\/zoo.org\\\/wp-content\\\/uploads\\\/2025\\\/08\\\/Ambassador-Animal-Bird-Square.jpg?wsr\",\"width\":280,\"height\":280,\"caption\":\"Primer plano de un b\u00faho con llamativos ojos de color amarillo anaranjado y plumas moteadas de color marr\u00f3n y crema, mirando ligeramente hacia un lado contra un fondo verde borroso.\"},{\"@type\":\"BreadcrumbList\",\"@id\":\"https:\\\/\\\/zoo.org\\\/es\\\/animales-embajadores\\\/#breadcrumb\",\"itemListElement\":[{\"@type\":\"ListItem\",\"position\":1,\"name\":\"Hogar\",\"item\":\"https:\\\/\\\/zoo.org\\\/es\\\/\"},{\"@type\":\"ListItem\",\"position\":2,\"name\":\"Animales embajadores\"}]},{\"@type\":\"WebSite\",\"@id\":\"https:\\\/\\\/zoo.org\\\/es\\\/#website\",\"url\":\"https:\\\/\\\/zoo.org\\\/es\\\/\",\"name\":\"Zool\u00f3gico Woodland Park\",\"description\":\"El Zool\u00f3gico Woodland Park salva la vida silvestre e inspira a todos a hacer de la conservaci\u00f3n una prioridad en sus vidas.\",\"publisher\":{\"@id\":\"https:\\\/\\\/zoo.org\\\/es\\\/#organization\"},\"potentialAction\":[{\"@type\":\"SearchAction\",\"target\":{\"@type\":\"EntryPoint\",\"urlTemplate\":\"https:\\\/\\\/zoo.org\\\/es\\\/?s={search_term_string}\"},\"query-input\":{\"@type\":\"PropertyValueSpecification\",\"valueRequired\":true,\"valueName\":\"search_term_string\"}}],\"inLanguage\":\"es\"},{\"@type\":\"Organization\",\"@id\":\"https:\\\/\\\/zoo.org\\\/es\\\/#organization\",\"name\":\"Zool\u00f3gico Woodland Park\",\"url\":\"https:\\\/\\\/zoo.org\\\/es\\\/\",\"logo\":{\"@type\":\"ImageObject\",\"inLanguage\":\"es\",\"@id\":\"https:\\\/\\\/zoo.org\\\/es\\\/#\\\/schema\\\/logo\\\/image\\\/\",\"url\":\"https:\\\/\\\/zoo.org\\\/wp-content\\\/uploads\\\/2026\\\/01\\\/WPZ-Logo_white-SVG.svg?wsr\",\"contentUrl\":\"https:\\\/\\\/zoo.org\\\/wp-content\\\/uploads\\\/2026\\\/01\\\/WPZ-Logo_white-SVG.svg?wsr\",\"width\":288,\"height\":282,\"caption\":\"Zool\u00f3gico Woodland Park\"},\"image\":{\"@id\":\"https:\\\/\\\/zoo.org\\\/es\\\/#\\\/schema\\\/logo\\\/image\\\/\"}}]}<\/script>\n<!-- \/ Yoast SEO plugin. -->","yoast_head_json":{"title":"-","description":"Conozca a los animales embajadores en el zool\u00f3gico Woodland Park.","robots":{"index":"index","follow":"follow","max-snippet":"max-snippet:-1","max-image-preview":"max-image-preview:large","max-video-preview":"max-video-preview:-1"},"canonical":"https:\/\/zoo.org\/es\/animales-embajadores\/","og_locale":"es_ES","og_type":"article","og_title":"-","og_description":"Conozca a los animales embajadores en el zool\u00f3gico Woodland Park.","og_url":"https:\/\/zoo.org\/es\/animales-embajadores\/","og_site_name":"Zool\u00f3gico Woodland Park","article_modified_time":"2025-12-20T02:21:33+00:00","og_image":[{"width":280,"height":280,"url":"https:\/\/zoo.org\/wp-content\/uploads\/2025\/08\/Ambassador-Animal-Bird-Square.jpg?wsr","type":"image\/jpeg"}],"twitter_card":"summary_large_image","schema":{"@context":"https:\/\/schema.org","@graph":[{"@type":"WebPage","@id":"https:\/\/zoo.org\/es\/animales-embajadores\/","url":"https:\/\/zoo.org\/es\/animales-embajadores\/","name":"-","isPartOf":{"@id":"https:\/\/zoo.org\/es\/#website"},"primaryImageOfPage":{"@id":"https:\/\/zoo.org\/es\/animales-embajadores\/#primaryimage"},"image":{"@id":"https:\/\/zoo.org\/es\/animales-embajadores\/#primaryimage"},"thumbnailUrl":"https:\/\/zoo.org\/wp-content\/uploads\/2025\/08\/Ambassador-Animal-Bird-Square.jpg?wsr","datePublished":"2025-08-19T21:43:35+00:00","dateModified":"2025-12-20T02:21:33+00:00","description":"Conozca a los animales embajadores en el zool\u00f3gico Woodland Park.","breadcrumb":{"@id":"https:\/\/zoo.org\/es\/animales-embajadores\/#breadcrumb"},"inLanguage":"es","potentialAction":[{"@type":"ReadAction","target":["https:\/\/zoo.org\/es\/animales-embajadores\/"]}]},{"@type":"ImageObject","inLanguage":"es","@id":"https:\/\/zoo.org\/es\/animales-embajadores\/#primaryimage","url":"https:\/\/zoo.org\/wp-content\/uploads\/2025\/08\/Ambassador-Animal-Bird-Square.jpg?wsr","contentUrl":"https:\/\/zoo.org\/wp-content\/uploads\/2025\/08\/Ambassador-Animal-Bird-Square.jpg?wsr","width":280,"height":280,"caption":"Primer plano de un b\u00faho con llamativos ojos de color amarillo anaranjado y plumas moteadas de color marr\u00f3n y crema, mirando ligeramente hacia un lado contra un fondo verde borroso."},{"@type":"BreadcrumbList","@id":"https:\/\/zoo.org\/es\/animales-embajadores\/#breadcrumb","itemListElement":[{"@type":"ListItem","position":1,"name":"Hogar","item":"https:\/\/zoo.org\/es\/"},{"@type":"ListItem","position":2,"name":"Animales embajadores"}]},{"@type":"WebSite","@id":"https:\/\/zoo.org\/es\/#website","url":"https:\/\/zoo.org\/es\/","name":"Zool\u00f3gico Woodland Park","description":"El Zool\u00f3gico Woodland Park salva la vida silvestre e inspira a todos a hacer de la conservaci\u00f3n una prioridad en sus vidas.","publisher":{"@id":"https:\/\/zoo.org\/es\/#organization"},"potentialAction":[{"@type":"SearchAction","target":{"@type":"EntryPoint","urlTemplate":"https:\/\/zoo.org\/es\/?s={search_term_string}"},"query-input":{"@type":"PropertyValueSpecification","valueRequired":true,"valueName":"search_term_string"}}],"inLanguage":"es"},{"@type":"Organization","@id":"https:\/\/zoo.org\/es\/#organization","name":"Zool\u00f3gico Woodland Park","url":"https:\/\/zoo.org\/es\/","logo":{"@type":"ImageObject","inLanguage":"es","@id":"https:\/\/zoo.org\/es\/#\/schema\/logo\/image\/","url":"https:\/\/zoo.org\/wp-content\/uploads\/2026\/01\/WPZ-Logo_white-SVG.svg?wsr","contentUrl":"https:\/\/zoo.org\/wp-content\/uploads\/2026\/01\/WPZ-Logo_white-SVG.svg?wsr","width":288,"height":282,"caption":"Zool\u00f3gico Woodland Park"},"image":{"@id":"https:\/\/zoo.org\/es\/#\/schema\/logo\/image\/"}}]}},"taxonomy_info":[],"featured_image_src_large":["https:\/\/zoo.org\/wp-content\/uploads\/2025\/08\/Ambassador-Animal-Bird-Square.jpg?wsr",280,280,false],"author_info":{"display_name":"jloughlin","author_link":"https:\/\/zoo.org\/es\/author\/jloughlin\/"},"comment_info":0,"_links":{"self":[{"href":"https:\/\/zoo.org\/es\/wp-json\/wp\/v2\/pages\/13472","targetHints":{"allow":["GET"]}}],"collection":[{"href":"https:\/\/zoo.org\/es\/wp-json\/wp\/v2\/pages"}],"about":[{"href":"https:\/\/zoo.org\/es\/wp-json\/wp\/v2\/types\/page"}],"author":[{"embeddable":true,"href":"https:\/\/zoo.org\/es\/wp-json\/wp\/v2\/users\/1"}],"replies":[{"embeddable":true,"href":"https:\/\/zoo.org\/es\/wp-json\/wp\/v2\/comments?post=13472"}],"version-history":[{"count":0,"href":"https:\/\/zoo.org\/es\/wp-json\/wp\/v2\/pages\/13472\/revisions"}],"wp:featuredmedia":[{"embeddable":true,"href":"https:\/\/zoo.org\/es\/wp-json\/wp\/v2\/media\/13478"}],"wp:attachment":[{"href":"https:\/\/zoo.org\/es\/wp-json\/wp\/v2\/media?parent=13472"}],"curies":[{"name":"wp","href":"https:\/\/api.w.org\/{rel}","templated":true}]}}