{"id":13539,"date":"2025-08-22T11:49:03","date_gmt":"2025-08-22T18:49:03","guid":{"rendered":"https:\/\/zoo.org\/salvando-la-vida-silvestre\/como-puedes-ayudar\/"},"modified":"2026-04-07T13:29:20","modified_gmt":"2026-04-07T20:29:20","slug":"como-puedes-ayudar","status":"publish","type":"page","link":"https:\/\/zoo.org\/es\/salvando-la-vida-silvestre\/como-puedes-ayudar\/","title":{"rendered":"C\u00f3mo puedes ayudar"},"content":{"rendered":"\n<div class=\"wp-block-cover alignfull hero\" style=\"margin-top:0;margin-bottom:0\"><img loading=\"lazy\" decoding=\"async\" width=\"1920\" height=\"400\" class=\"wp-block-cover__image-background wp-image-3951 size-full\" alt=\"\" src=\"https:\/\/zoo.org\/wp-content\/uploads\/2025\/08\/malayan-tiger-header.jpg\" data-object-fit=\"cover\" srcset=\"https:\/\/zoo.org\/wp-content\/uploads\/2025\/08\/malayan-tiger-header.jpg 1920w, https:\/\/zoo.org\/wp-content\/uploads\/2025\/08\/malayan-tiger-header-300x63.jpg 300w, https:\/\/zoo.org\/wp-content\/uploads\/2025\/08\/malayan-tiger-header-1024x213.jpg 1024w, https:\/\/zoo.org\/wp-content\/uploads\/2025\/08\/malayan-tiger-header-768x160.jpg 768w, https:\/\/zoo.org\/wp-content\/uploads\/2025\/08\/malayan-tiger-header-1536x320.jpg 1536w\" sizes=\"auto, (max-width: 1920px) 100vw, 1920px\" \/><span aria-hidden=\"true\" class=\"wp-block-cover__background has-background-dim-0 has-background-dim\" style=\"background-color:#6c7255\"><\/span><div class=\"wp-block-cover__inner-container is-layout-constrained wp-block-cover-is-layout-constrained\">\n<p class=\"has-text-align-center has-large-font-size\"><\/p>\n<\/div><\/div>\n\n<div class=\"wp-block-group is-layout-constrained wp-block-group-is-layout-constrained\" style=\"margin-top:2em;margin-bottom:3em\">\n<h1 class=\"wp-block-heading has-text-align-center\" style=\"margin-top:0.65em;margin-bottom:0.275em\">C\u00d3MO PUEDES AYUDAR<\/h1>\n\n\n\n<p class=\"has-text-align-center has-palette-color-3-color has-text-color has-link-color wp-elements-8e5f8c05a8c8408621a5e716f5244167\" style=\"margin-bottom:1em;font-size:clamp(0.984em, 0.984rem + ((1vw - 0.2em) * 0.645), 1.5em);font-style:normal;font-weight:500;line-height:1.5\"><strong><strong>Estamos aqu\u00ed para salvar a los animales y no podemos hacerlo solos.<\/strong><\/strong><\/p>\n\n\n\n<p class=\"has-text-align-center has-palette-color-3-color has-text-color has-link-color wp-elements-beb7cca849177e2f6fd7e5c1d06d4968\" style=\"margin-bottom:1em;font-size:clamp(0.984em, 0.984rem + ((1vw - 0.2em) * 0.645), 1.5em);line-height:1.5\">\u00danase a nuestra comunidad global de defensores que luchan contra la extinci\u00f3n.<\/p>\n<\/div>\n\n<div class=\"wp-block-group alignfull divider is-layout-constrained wp-block-group-is-layout-constrained\">\n<h2 class=\"wp-block-heading alignfull has-text-align-center\">COMPRE CON INTELIGENCIA<\/h2>\n<\/div>\n\n<p>Como consumidor, puedes elegir productos que reduzcan la presi\u00f3n sobre el medio ambiente o que ofrezcan ingresos alternativos ecol\u00f3gicos. Al tomar decisiones inteligentes, puedes ayudar a salvar animales cada vez que tomas un caf\u00e9, comes chocolate o escribes en un bloc. <\/p>\n\n<ul class=\"wp-block-list\">\n<li><strong>Beba<\/strong> <strong>caf\u00e9 YUS Pap\u00faa Nueva Guinea, disponible en el Zool\u00f3gico Woodland Park y en Caffe Vita<\/strong> . Nuestro <a href=\"https:\/\/zoo.org\/tkcp\">Programa de Conservaci\u00f3n del Canguro Arbor\u00edcola<\/a> colabor\u00f3 con terratenientes de Pap\u00faa Nueva Guinea para crear la primera \u00c1rea de Conservaci\u00f3n del pa\u00eds. Ahora, los agricultores se ganan la vida de forma ecol\u00f3gica vendiendo su caf\u00e9 de sombra.  <\/li>\n\n\n\n<li><strong>Elija<\/strong> productos <strong>de madera y papel certificados<\/strong> <a href=\"http:\/\/www.fsc.org\/\">por el Forest Stewardship Council<\/a> (FSC) para proteger el h\u00e1bitat forestal y la vida silvestre.<\/li>\n\n\n\n<li><strong>Utilice la<\/strong> <strong>gu\u00eda<\/strong> <a href=\"https:\/\/www.seafoodwatch.org\/\">Seafood Watch<\/a> para elegir mariscos respetuosos con el oc\u00e9ano.<\/li>\n\n\n\n<li>Compre de empresas comprometidas con <a href=\"https:\/\/zoo.org\/es\/aceite-de-palma-sostenible\/\">el aceite de palma sostenible y libre de deforestaci\u00f3n.<\/a><\/li>\n\n\n\n<li><strong>Compra alimentos cultivados y producidos localmente<\/strong> en los mercados de agricultores para reducir tu huella de carbono.<\/li>\n\n\n\n<li>Busque <a href=\"https:\/\/www.muzemerch.com\/partner\/woodland-park-zoo\" target=\"_blank\" rel=\"noreferrer noopener\">Conservation Commerce en<\/a> <a href=\"https:\/\/zoostore.zoo.org\/\">ZooStore<\/a> para apoyar ingresos alternativos ecol\u00f3gicos para las comunidades que se asocian con nuestros esfuerzos de conservaci\u00f3n en todo el mundo.<\/li>\n<\/ul>\n\n<div style=\"height:2em\" aria-hidden=\"true\" class=\"wp-block-spacer\"><\/div>\n<style>.kt-sc3947_c070c4-ca .kt-sc-imgcol, .kt-sc3947_c070c4-ca .kt-sc-textcol{min-height:450px;}.kt-sc3947_c070c4-ca .kt-sc-imgcol{background-size:cover;background-image:url(https:\/\/zoo.org\/wp-content\/uploads\/2025\/08\/TKCP-Kids-RHawk.jpg);}.kt-sc3947_c070c4-ca .kt-sc-textcol{padding-top:24px;padding-right:24px;padding-bottom:24px;padding-left:24px;margin-top:2em;margin-right:-3em;margin-bottom:2em;margin-left:0em;}@media all and (max-width: 767px){.kt-sc3947_c070c4-ca .kt-sc-imgcol, .kt-sc3947_c070c4-ca .kt-sc-textcol{min-height:450px;}.kt-sc3947_c070c4-ca .kt-sc-textcol{margin-top:-3em;margin-right:0.8em;margin-bottom:0em;margin-left:0.8em;}}<\/style>\n<div class=\"alignwide kt-sc3947_c070c4-ca wp-block-kadence-splitcontent\"><div class=\"kt-split-content-wrap kt-sc-media-side-right\" style=\"grid-template-columns:auto 50%\"><div class=\"kt-sc-imgcol kt-sc-imgcol-bg-cover kt-sc-img-side-right\"><\/div><div class=\"kt-sc-textcol kt-sc-text-valign-center kt-sc-text-halign-center\" style=\"background-color:var(--theme-palette-color-4, #125D21)\"><div class=\"kt-sc-innter-col\"><style>.wp-block-kadence-advancedheading.kt-adv-heading3947_e724c7-8c, .wp-block-kadence-advancedheading.kt-adv-heading3947_e724c7-8c[data-kb-block=\"kb-adv-heading3947_e724c7-8c\"]{font-style:normal;}.wp-block-kadence-advancedheading.kt-adv-heading3947_e724c7-8c mark.kt-highlight, .wp-block-kadence-advancedheading.kt-adv-heading3947_e724c7-8c[data-kb-block=\"kb-adv-heading3947_e724c7-8c\"] mark.kt-highlight{font-style:normal;color:#f76a0c;-webkit-box-decoration-break:clone;box-decoration-break:clone;padding-top:0px;padding-right:0px;padding-bottom:0px;padding-left:0px;}.wp-block-kadence-advancedheading.kt-adv-heading3947_e724c7-8c img.kb-inline-image, .wp-block-kadence-advancedheading.kt-adv-heading3947_e724c7-8c[data-kb-block=\"kb-adv-heading3947_e724c7-8c\"] img.kb-inline-image{width:150px;vertical-align:baseline;}<\/style>\n<h2 class=\"kt-adv-heading3947_e724c7-8c wp-block-kadence-advancedheading has-palette-color-1-color has-text-color\" data-kb-block=\"kb-adv-heading3947_e724c7-8c\">APOYA LA CONSERVACI\u00d3N<\/h2>\n\n\n<style>.wp-block-kadence-advancedheading.kt-adv-heading3947_a06c3e-85, .wp-block-kadence-advancedheading.kt-adv-heading3947_a06c3e-85[data-kb-block=\"kb-adv-heading3947_a06c3e-85\"]{font-style:normal;}.wp-block-kadence-advancedheading.kt-adv-heading3947_a06c3e-85 mark.kt-highlight, .wp-block-kadence-advancedheading.kt-adv-heading3947_a06c3e-85[data-kb-block=\"kb-adv-heading3947_a06c3e-85\"] mark.kt-highlight{font-style:normal;color:#f76a0c;-webkit-box-decoration-break:clone;box-decoration-break:clone;padding-top:0px;padding-right:0px;padding-bottom:0px;padding-left:0px;}.wp-block-kadence-advancedheading.kt-adv-heading3947_a06c3e-85 img.kb-inline-image, .wp-block-kadence-advancedheading.kt-adv-heading3947_a06c3e-85[data-kb-block=\"kb-adv-heading3947_a06c3e-85\"] img.kb-inline-image{width:150px;vertical-align:baseline;}<\/style>\n<h3 class=\"kt-adv-heading3947_a06c3e-85 wp-block-kadence-advancedheading has-palette-color-14-color has-text-color\" data-kb-block=\"kb-adv-heading3947_a06c3e-85\">Haz una donaci\u00f3n<\/h3>\n\n\n\n<p class=\"has-palette-color-14-color has-text-color has-link-color wp-elements-bec9dd2d91396f2d3db1ec99aec0a205\">Trabajamos con comunidades locales y de todo el mundo para salvar especies, proteger h\u00e1bitats y empoderar a personas de todas las edades para que act\u00faen. Tus donaciones hacen posible esta misi\u00f3n. <\/p>\n\n\n\n<div class=\"wp-block-buttons is-content-justification-center is-layout-flex wp-container-core-buttons-is-layout-a89b3969 wp-block-buttons-is-layout-flex\">\n<div class=\"wp-block-button is-style-fill button-white\"><a class=\"wp-block-button__link wp-element-button\" href=\"?campaign=701558\">Haz un regalo<\/a><\/div>\n<\/div>\n<\/div><\/div><\/div><\/div>\n\n<h3 class=\"wp-block-heading\">\u00bfHay aceite de palma en tu armario?<\/h3>\n\n<p>Los orangutanes, tigres, gorilas y otros animales salvajes y sus bosques est\u00e1n amenazados por la producci\u00f3n no sostenible de aceite de palma en Indonesia, Malasia, \u00c1frica y Sudam\u00e9rica.<\/p>\n\n<p><a href=\"https:\/\/zoo.org\/es\/aceite-de-palma-sostenible\/\">Obt\u00e9n m\u00e1s informaci\u00f3n sobre el aceite de palma sostenible.<\/a><\/p>\n\n<div class=\"wp-block-group alignfull divider is-layout-constrained wp-block-group-is-layout-constrained\">\n<h2 class=\"wp-block-heading alignfull has-text-align-center\">EN TU PATIO TRASERO<\/h2>\n<\/div>\n\n<p><strong>Mejora y restaura el h\u00e1bitat<\/strong> de tu jard\u00edn proporcion\u00e1ndoles alimento, refugio y agua. Estas son tres necesidades b\u00e1sicas de todo ser vivo. <\/p>\n\n<p><strong>Reducir o eliminar los productos qu\u00edmicos para c\u00e9sped y jard\u00edn.<\/strong>  Esto mantiene las plantas sanas de forma natural y protege el h\u00e1bitat, incluyendo el agua de nuestros arroyos, r\u00edos y lagos locales. Visite <a href=\"http:\/\/www.savingwater.org\/\">SavingWater.org<\/a> para obtener consejos sobre c\u00f3mo dejar de usar pesticidas. <\/p>\n\n<p><strong>Investigue animales reales en su comunidad<\/strong> a trav\u00e9s de proyectos de ciencia ciudadana como el <a href=\"http:\/\/www.lostladybug.org\/\">Proyecto Mariquita Perdida<\/a> o el <a href=\"http:\/\/www.greatsunflower.org\/\">Proyecto Gran Girasol<\/a> .<\/p>\n\n<p><strong>Restaurar parques y \u00e1reas naturales locales<\/strong> en colaboraci\u00f3n con <a href=\"http:\/\/www.earthcorps.org\/\">EarthCorps<\/a> . EarthCorps organiza diversos proyectos comunitarios en la zona, concentr\u00e1ndose en la restauraci\u00f3n de \u00e1reas naturales en parques y la eliminaci\u00f3n de plantas invasoras. <\/p>\n\n<p><strong>Plante plantas nativas para proporcionar alimento y refugio<\/strong> a la fauna silvestre. <a href=\"https:\/\/zoo.org\/es\/jardin-de-mariposas\/\">Encuentre m\u00e1s consejos para su jard\u00edn<\/a> en el Jard\u00edn de Mariposas de Molbak y el Patio de Polinizadores de Microsoft.<\/p>\n\n<div class=\"wp-block-group is-layout-constrained wp-block-group-is-layout-constrained\"><style>.kt-sc3947_65a63d-e9 .kt-sc-imgcol, .kt-sc3947_65a63d-e9 .kt-sc-textcol{min-height:245px;}.kt-sc3947_65a63d-e9 .kt-sc-imgcol{background-size:cover;background-image:url(https:\/\/zoo.org\/wp-content\/uploads\/2025\/05\/2016_10-DDow-Mountain-Goat-5-web.jpg);}.kt-sc3947_65a63d-e9 .kt-sc-textcol{padding-top:1em;padding-right:1.5em;padding-bottom:1em;padding-left:1.5em;}@media all and (max-width: 767px){.kt-sc3947_65a63d-e9 .kt-sc-imgcol, .kt-sc3947_65a63d-e9 .kt-sc-textcol{min-height:275px;}}<\/style>\n<div class=\"aligncenter kt-sc3947_65a63d-e9 wp-block-kadence-splitcontent\"><div class=\"kt-split-content-wrap kt-sc-media-side-left\" style=\"grid-template-columns:32% auto\"><div class=\"kt-sc-imgcol kt-sc-imgcol-bg-cover kt-sc-img-side-left\"><\/div><div class=\"kt-sc-textcol kt-sc-text-valign-center kt-sc-text-halign-left\" style=\"background-color:var(--theme-palette-color-17, #E6E6E6)\"><div class=\"kt-sc-innter-col\">\n<h3 class=\"wp-block-heading\">Vivimos en el noroeste<\/h3>\n\n\n\n<h4 class=\"wp-block-heading\">Juntos descubrimos, nos recuperamos y convivimos<\/h4>\n\n\n\n<p>Un Noroeste saludable y pr\u00f3spero que sustenta a las personas y la vida silvestre juntas. Esta simple visi\u00f3n nos une e impulsa nuestro movimiento. <\/p>\n\n\n\n<p style=\"margin-top:0;margin-bottom:0\"><a href=\"https:\/\/zoo.org\/nw\" target=\"_blank\" rel=\"noreferrer noopener\">M\u00e1s informaci\u00f3n<\/a><\/p>\n<\/div><\/div><\/div><\/div>\n<\/div>\n","protected":false},"excerpt":{"rendered":"<p>C\u00d3MO PUEDES AYUDAR Estamos aqu\u00ed para salvar a los animales y no podemos hacerlo solos. \u00danase a nuestra comunidad global de defensores que luchan contra la extinci\u00f3n. COMPRE CON INTELIGENCIA [&hellip;]<\/p>\n","protected":false},"author":1,"featured_media":0,"parent":11142,"menu_order":0,"comment_status":"closed","ping_status":"closed","template":"","meta":{"_acf_changed":false,"_kad_blocks_custom_css":"","_kad_blocks_head_custom_js":"","_kad_blocks_body_custom_js":"","_kad_blocks_footer_custom_js":"","footnotes":""},"class_list":["post-13539","page","type-page","status-publish","hentry"],"blocksy_meta":[],"acf":[],"yoast_head":"<!-- This site is optimized with the Yoast SEO plugin v27.4 - https:\/\/yoast.com\/product\/yoast-seo-wordpress\/ -->\n<title>-<\/title>\n<meta name=\"description\" content=\"Puedes tomar medidas de conservaci\u00f3n sencillas en casa para marcar una diferencia en la vida silvestre y los h\u00e1bitats de todo el mundo.\" \/>\n<meta name=\"robots\" content=\"index, follow, max-snippet:-1, max-image-preview:large, max-video-preview:-1\" \/>\n<link rel=\"canonical\" href=\"https:\/\/zoo.org\/es\/salvando-la-vida-silvestre\/como-puedes-ayudar\/\" \/>\n<meta property=\"og:locale\" content=\"es_ES\" \/>\n<meta property=\"og:type\" content=\"article\" \/>\n<meta property=\"og:title\" content=\"-\" \/>\n<meta property=\"og:description\" content=\"Puedes tomar medidas de conservaci\u00f3n sencillas en casa para marcar una diferencia en la vida silvestre y los h\u00e1bitats de todo el mundo.\" \/>\n<meta property=\"og:url\" content=\"https:\/\/zoo.org\/es\/salvando-la-vida-silvestre\/como-puedes-ayudar\/\" \/>\n<meta property=\"og:site_name\" content=\"Zool\u00f3gico Woodland Park\" \/>\n<meta property=\"article:modified_time\" content=\"2026-04-07T20:29:20+00:00\" \/>\n<meta property=\"og:image\" content=\"https:\/\/zoo.org\/wp-content\/uploads\/2025\/08\/malayan-tiger-header.jpg?wsr\" \/>\n\t<meta property=\"og:image:width\" content=\"1920\" \/>\n\t<meta property=\"og:image:height\" content=\"400\" \/>\n\t<meta property=\"og:image:type\" content=\"image\/jpeg\" \/>\n<meta name=\"twitter:card\" content=\"summary_large_image\" \/>\n<script type=\"application\/ld+json\" class=\"yoast-schema-graph\">{\"@context\":\"https:\\\/\\\/schema.org\",\"@graph\":[{\"@type\":\"WebPage\",\"@id\":\"https:\\\/\\\/zoo.org\\\/es\\\/salvando-la-vida-silvestre\\\/como-puedes-ayudar\\\/\",\"url\":\"https:\\\/\\\/zoo.org\\\/es\\\/salvando-la-vida-silvestre\\\/como-puedes-ayudar\\\/\",\"name\":\"-\",\"isPartOf\":{\"@id\":\"https:\\\/\\\/zoo.org\\\/es\\\/#website\"},\"primaryImageOfPage\":{\"@id\":\"https:\\\/\\\/zoo.org\\\/es\\\/salvando-la-vida-silvestre\\\/como-puedes-ayudar\\\/#primaryimage\"},\"image\":{\"@id\":\"https:\\\/\\\/zoo.org\\\/es\\\/salvando-la-vida-silvestre\\\/como-puedes-ayudar\\\/#primaryimage\"},\"thumbnailUrl\":\"https:\\\/\\\/zoo.org\\\/wp-content\\\/uploads\\\/2025\\\/08\\\/malayan-tiger-header.jpg\",\"datePublished\":\"2025-08-22T18:49:03+00:00\",\"dateModified\":\"2026-04-07T20:29:20+00:00\",\"description\":\"Puedes tomar medidas de conservaci\u00f3n sencillas en casa para marcar una diferencia en la vida silvestre y los h\u00e1bitats de todo el mundo.\",\"breadcrumb\":{\"@id\":\"https:\\\/\\\/zoo.org\\\/es\\\/salvando-la-vida-silvestre\\\/como-puedes-ayudar\\\/#breadcrumb\"},\"inLanguage\":\"es\",\"potentialAction\":[{\"@type\":\"ReadAction\",\"target\":[\"https:\\\/\\\/zoo.org\\\/es\\\/salvando-la-vida-silvestre\\\/como-puedes-ayudar\\\/\"]}]},{\"@type\":\"ImageObject\",\"inLanguage\":\"es\",\"@id\":\"https:\\\/\\\/zoo.org\\\/es\\\/salvando-la-vida-silvestre\\\/como-puedes-ayudar\\\/#primaryimage\",\"url\":\"https:\\\/\\\/zoo.org\\\/wp-content\\\/uploads\\\/2025\\\/08\\\/malayan-tiger-header.jpg\",\"contentUrl\":\"https:\\\/\\\/zoo.org\\\/wp-content\\\/uploads\\\/2025\\\/08\\\/malayan-tiger-header.jpg\"},{\"@type\":\"BreadcrumbList\",\"@id\":\"https:\\\/\\\/zoo.org\\\/es\\\/salvando-la-vida-silvestre\\\/como-puedes-ayudar\\\/#breadcrumb\",\"itemListElement\":[{\"@type\":\"ListItem\",\"position\":1,\"name\":\"Hogar\",\"item\":\"https:\\\/\\\/zoo.org\\\/es\\\/\"},{\"@type\":\"ListItem\",\"position\":2,\"name\":\"Salvando la vida silvestre\",\"item\":\"https:\\\/\\\/zoo.org\\\/es\\\/salvando-la-vida-silvestre\\\/\"},{\"@type\":\"ListItem\",\"position\":3,\"name\":\"C\u00f3mo puedes ayudar\"}]},{\"@type\":\"WebSite\",\"@id\":\"https:\\\/\\\/zoo.org\\\/es\\\/#website\",\"url\":\"https:\\\/\\\/zoo.org\\\/es\\\/\",\"name\":\"Zool\u00f3gico Woodland Park\",\"description\":\"El Zool\u00f3gico Woodland Park salva la vida silvestre e inspira a todos a hacer de la conservaci\u00f3n una prioridad en sus vidas.\",\"publisher\":{\"@id\":\"https:\\\/\\\/zoo.org\\\/es\\\/#organization\"},\"potentialAction\":[{\"@type\":\"SearchAction\",\"target\":{\"@type\":\"EntryPoint\",\"urlTemplate\":\"https:\\\/\\\/zoo.org\\\/es\\\/?s={search_term_string}\"},\"query-input\":{\"@type\":\"PropertyValueSpecification\",\"valueRequired\":true,\"valueName\":\"search_term_string\"}}],\"inLanguage\":\"es\"},{\"@type\":\"Organization\",\"@id\":\"https:\\\/\\\/zoo.org\\\/es\\\/#organization\",\"name\":\"Zool\u00f3gico Woodland Park\",\"url\":\"https:\\\/\\\/zoo.org\\\/es\\\/\",\"logo\":{\"@type\":\"ImageObject\",\"inLanguage\":\"es\",\"@id\":\"https:\\\/\\\/zoo.org\\\/es\\\/#\\\/schema\\\/logo\\\/image\\\/\",\"url\":\"https:\\\/\\\/zoo.org\\\/wp-content\\\/uploads\\\/2026\\\/01\\\/WPZ-Logo_white-SVG.svg?wsr\",\"contentUrl\":\"https:\\\/\\\/zoo.org\\\/wp-content\\\/uploads\\\/2026\\\/01\\\/WPZ-Logo_white-SVG.svg?wsr\",\"width\":288,\"height\":282,\"caption\":\"Zool\u00f3gico Woodland Park\"},\"image\":{\"@id\":\"https:\\\/\\\/zoo.org\\\/es\\\/#\\\/schema\\\/logo\\\/image\\\/\"}}]}<\/script>\n<!-- \/ Yoast SEO plugin. -->","yoast_head_json":{"title":"-","description":"Puedes tomar medidas de conservaci\u00f3n sencillas en casa para marcar una diferencia en la vida silvestre y los h\u00e1bitats de todo el mundo.","robots":{"index":"index","follow":"follow","max-snippet":"max-snippet:-1","max-image-preview":"max-image-preview:large","max-video-preview":"max-video-preview:-1"},"canonical":"https:\/\/zoo.org\/es\/salvando-la-vida-silvestre\/como-puedes-ayudar\/","og_locale":"es_ES","og_type":"article","og_title":"-","og_description":"Puedes tomar medidas de conservaci\u00f3n sencillas en casa para marcar una diferencia en la vida silvestre y los h\u00e1bitats de todo el mundo.","og_url":"https:\/\/zoo.org\/es\/salvando-la-vida-silvestre\/como-puedes-ayudar\/","og_site_name":"Zool\u00f3gico Woodland Park","article_modified_time":"2026-04-07T20:29:20+00:00","og_image":[{"width":1920,"height":400,"url":"https:\/\/zoo.org\/wp-content\/uploads\/2025\/08\/malayan-tiger-header.jpg?wsr","type":"image\/jpeg"}],"twitter_card":"summary_large_image","schema":{"@context":"https:\/\/schema.org","@graph":[{"@type":"WebPage","@id":"https:\/\/zoo.org\/es\/salvando-la-vida-silvestre\/como-puedes-ayudar\/","url":"https:\/\/zoo.org\/es\/salvando-la-vida-silvestre\/como-puedes-ayudar\/","name":"-","isPartOf":{"@id":"https:\/\/zoo.org\/es\/#website"},"primaryImageOfPage":{"@id":"https:\/\/zoo.org\/es\/salvando-la-vida-silvestre\/como-puedes-ayudar\/#primaryimage"},"image":{"@id":"https:\/\/zoo.org\/es\/salvando-la-vida-silvestre\/como-puedes-ayudar\/#primaryimage"},"thumbnailUrl":"https:\/\/zoo.org\/wp-content\/uploads\/2025\/08\/malayan-tiger-header.jpg","datePublished":"2025-08-22T18:49:03+00:00","dateModified":"2026-04-07T20:29:20+00:00","description":"Puedes tomar medidas de conservaci\u00f3n sencillas en casa para marcar una diferencia en la vida silvestre y los h\u00e1bitats de todo el mundo.","breadcrumb":{"@id":"https:\/\/zoo.org\/es\/salvando-la-vida-silvestre\/como-puedes-ayudar\/#breadcrumb"},"inLanguage":"es","potentialAction":[{"@type":"ReadAction","target":["https:\/\/zoo.org\/es\/salvando-la-vida-silvestre\/como-puedes-ayudar\/"]}]},{"@type":"ImageObject","inLanguage":"es","@id":"https:\/\/zoo.org\/es\/salvando-la-vida-silvestre\/como-puedes-ayudar\/#primaryimage","url":"https:\/\/zoo.org\/wp-content\/uploads\/2025\/08\/malayan-tiger-header.jpg","contentUrl":"https:\/\/zoo.org\/wp-content\/uploads\/2025\/08\/malayan-tiger-header.jpg"},{"@type":"BreadcrumbList","@id":"https:\/\/zoo.org\/es\/salvando-la-vida-silvestre\/como-puedes-ayudar\/#breadcrumb","itemListElement":[{"@type":"ListItem","position":1,"name":"Hogar","item":"https:\/\/zoo.org\/es\/"},{"@type":"ListItem","position":2,"name":"Salvando la vida silvestre","item":"https:\/\/zoo.org\/es\/salvando-la-vida-silvestre\/"},{"@type":"ListItem","position":3,"name":"C\u00f3mo puedes ayudar"}]},{"@type":"WebSite","@id":"https:\/\/zoo.org\/es\/#website","url":"https:\/\/zoo.org\/es\/","name":"Zool\u00f3gico Woodland Park","description":"El Zool\u00f3gico Woodland Park salva la vida silvestre e inspira a todos a hacer de la conservaci\u00f3n una prioridad en sus vidas.","publisher":{"@id":"https:\/\/zoo.org\/es\/#organization"},"potentialAction":[{"@type":"SearchAction","target":{"@type":"EntryPoint","urlTemplate":"https:\/\/zoo.org\/es\/?s={search_term_string}"},"query-input":{"@type":"PropertyValueSpecification","valueRequired":true,"valueName":"search_term_string"}}],"inLanguage":"es"},{"@type":"Organization","@id":"https:\/\/zoo.org\/es\/#organization","name":"Zool\u00f3gico Woodland Park","url":"https:\/\/zoo.org\/es\/","logo":{"@type":"ImageObject","inLanguage":"es","@id":"https:\/\/zoo.org\/es\/#\/schema\/logo\/image\/","url":"https:\/\/zoo.org\/wp-content\/uploads\/2026\/01\/WPZ-Logo_white-SVG.svg?wsr","contentUrl":"https:\/\/zoo.org\/wp-content\/uploads\/2026\/01\/WPZ-Logo_white-SVG.svg?wsr","width":288,"height":282,"caption":"Zool\u00f3gico Woodland Park"},"image":{"@id":"https:\/\/zoo.org\/es\/#\/schema\/logo\/image\/"}}]}},"taxonomy_info":[],"featured_image_src_large":false,"author_info":{"display_name":"jloughlin","author_link":"https:\/\/zoo.org\/es\/author\/jloughlin\/"},"comment_info":0,"_links":{"self":[{"href":"https:\/\/zoo.org\/es\/wp-json\/wp\/v2\/pages\/13539","targetHints":{"allow":["GET"]}}],"collection":[{"href":"https:\/\/zoo.org\/es\/wp-json\/wp\/v2\/pages"}],"about":[{"href":"https:\/\/zoo.org\/es\/wp-json\/wp\/v2\/types\/page"}],"author":[{"embeddable":true,"href":"https:\/\/zoo.org\/es\/wp-json\/wp\/v2\/users\/1"}],"replies":[{"embeddable":true,"href":"https:\/\/zoo.org\/es\/wp-json\/wp\/v2\/comments?post=13539"}],"version-history":[{"count":5,"href":"https:\/\/zoo.org\/es\/wp-json\/wp\/v2\/pages\/13539\/revisions"}],"predecessor-version":[{"id":24922,"href":"https:\/\/zoo.org\/es\/wp-json\/wp\/v2\/pages\/13539\/revisions\/24922"}],"up":[{"embeddable":true,"href":"https:\/\/zoo.org\/es\/wp-json\/wp\/v2\/pages\/11142"}],"wp:attachment":[{"href":"https:\/\/zoo.org\/es\/wp-json\/wp\/v2\/media?parent=13539"}],"curies":[{"name":"wp","href":"https:\/\/api.w.org\/{rel}","templated":true}]}}