{"id":13776,"date":"2025-09-02T14:45:21","date_gmt":"2025-09-02T21:45:21","guid":{"rendered":"https:\/\/zoo.org\/materiales-que-coexisten-con-los-carnivoros\/"},"modified":"2025-12-12T17:55:38","modified_gmt":"2025-12-13T01:55:38","slug":"materiales-que-coexisten-con-los-carnivoros","status":"publish","type":"page","link":"https:\/\/zoo.org\/es\/materiales-que-coexisten-con-los-carnivoros\/","title":{"rendered":"Materiales que coexisten con los carn\u00edvoros"},"content":{"rendered":"\n<div class=\"wp-block-cover alignfull hero\" style=\"margin-top:0;margin-bottom:0\"><img loading=\"lazy\" decoding=\"async\" width=\"1920\" height=\"400\" class=\"wp-block-cover__image-background wp-image-3464 size-full\" alt=\"\" src=\"https:\/\/zoo.org\/wp-content\/uploads\/2025\/08\/LNW-WCNNW-Robert-Long-Coyote-Header-Image.jpg\" data-object-fit=\"cover\" srcset=\"https:\/\/zoo.org\/wp-content\/uploads\/2025\/08\/LNW-WCNNW-Robert-Long-Coyote-Header-Image.jpg 1920w, https:\/\/zoo.org\/wp-content\/uploads\/2025\/08\/LNW-WCNNW-Robert-Long-Coyote-Header-Image-300x63.jpg 300w, https:\/\/zoo.org\/wp-content\/uploads\/2025\/08\/LNW-WCNNW-Robert-Long-Coyote-Header-Image-1024x213.jpg 1024w, https:\/\/zoo.org\/wp-content\/uploads\/2025\/08\/LNW-WCNNW-Robert-Long-Coyote-Header-Image-768x160.jpg 768w, https:\/\/zoo.org\/wp-content\/uploads\/2025\/08\/LNW-WCNNW-Robert-Long-Coyote-Header-Image-1536x320.jpg 1536w\" sizes=\"auto, (max-width: 1920px) 100vw, 1920px\" \/><span aria-hidden=\"true\" class=\"wp-block-cover__background has-background-dim-0 has-background-dim\" style=\"background-color:#6f6f51\"><\/span><div class=\"wp-block-cover__inner-container is-layout-constrained wp-block-cover-is-layout-constrained\">\n<p class=\"has-text-align-center has-large-font-size\"><\/p>\n<\/div><\/div>\n\n<div class=\"wp-block-group is-layout-constrained wp-block-group-is-layout-constrained\" style=\"margin-top:2em;margin-bottom:3em\">\n<h1 class=\"wp-block-heading has-text-align-center\" style=\"margin-top:0.65em;margin-bottom:0.275em\">Coexistiendo con los carn\u00edvoros<\/h1>\n\n\n\n<p class=\"has-text-align-center has-palette-color-3-color has-text-color has-link-color wp-elements-963df6bc403215ffb33be43c7a85ffa3\" style=\"margin-bottom:1em;font-size:clamp(0.984em, 0.984rem + ((1vw - 0.2em) * 0.645), 1.5em);font-style:normal;font-weight:500;line-height:1.5\"><strong><strong>PROYECTO CARN\u00cdVORO URBANO DE SEATTLE<\/strong><\/strong><\/p>\n\n\n\n<p class=\"has-text-align-center has-palette-color-3-color has-text-color has-link-color wp-elements-fa198fd6c1bd7c60ba0711652972118f\" style=\"margin-bottom:1em;font-size:clamp(0.984em, 0.984rem + ((1vw - 0.2em) * 0.645), 1.5em);line-height:1.5\">Involucrar a las comunidades locales en la investigaci\u00f3n sobre carn\u00edvoros y la coexistencia pac\u00edfica<\/p>\n<\/div>\n\n<div class=\"wp-block-group alignfull divider is-layout-constrained wp-block-group-is-layout-constrained\">\n<h2 class=\"wp-block-heading alignfull has-text-align-center\">BIENVENIDOS, MAESTROS<\/h2>\n<\/div>\n\n<h3 class=\"wp-block-heading\">\u00a1Una c\u00e1lida bienvenida a nuestros profesores de Conviviendo con Carn\u00edvoros!<\/h3>\n\n<p>Esta p\u00e1gina presenta los recursos que necesitar\u00e1 para <em><strong>Wild Wise: Coexistiendo con los carn\u00edvoros<\/strong><\/em><strong> <\/strong>Programa (CWC). \u00a1Aseg\u00farate de guardar esta p\u00e1gina en tus favoritos! Es una p\u00e1gina privada, exclusiva para profesores de CWC, y por lo tanto, no tiene enlaces desde el sitio web principal del Zool\u00f3gico Woodland Park, ni se puede encontrar buscando en el sitio web del zool\u00f3gico.  <\/p>\n\n<p>Adem\u00e1s, dado que estos recursos fueron desarrollados exclusivamente para el programa CWC, debemos solicitarle que no comparta este enlace ni ninguno de los recursos con nadie fuera del programa.<\/p>\n\n<p>Si tiene alguna pregunta o problema, comun\u00edquese con Josiah Downey ( <a href=\"mailto:josiah.downey@zoo.org\">josiah.downey@zoo.org<\/a> ).<\/p>\n\n<p><\/p>\n\n<div class=\"wp-block-group alignfull divider is-layout-constrained wp-block-group-is-layout-constrained\">\n<h2 class=\"wp-block-heading alignfull has-text-align-center\">Recursos para profesores y estudiantes<\/h2>\n<\/div>\n\n<h3 class=\"wp-block-heading\">Capacitaci\u00f3n<\/h3>\n\n<p><a href=\"https:\/\/zoo.org\/wp-content\/uploads\/2025\/09\/19-20-Teacher-Orientation-PDF.pdf\" target=\"_blank\" rel=\"noreferrer noopener\">Diapositivas de la capacitaci\u00f3n docente sobre la convivencia con carn\u00edvoros<\/a> (PDF)<\/p>\n\n<h3 class=\"wp-block-heading\">Plan de estudios<\/h3>\n\n<p><a href=\"https:\/\/zoo.org\/wp-content\/uploads\/2025\/09\/19-20-CWC-Teacher-Guide-FINAL.pdf\" target=\"_blank\" rel=\"noreferrer noopener\">Gu\u00eda para profesores de WW:CWC<\/a><\/p>\n\n<p><a href=\"https:\/\/zoo.org\/wp-content\/uploads\/2025\/09\/19-20-CWC-Student-Packet-FINAL.pdf\" target=\"_blank\" rel=\"noreferrer noopener\">Paquete para estudiantes de WW:CWC<\/a><\/p>\n\n<p><a href=\"https:\/\/zoo.org\/wp-content\/uploads\/2025\/09\/19-20-CWC-Fact-Sheets.pdf\" target=\"_blank\" rel=\"noreferrer noopener\">Hojas informativas sobre carn\u00edvoros de la WW:CWC<\/a><\/p>\n\n<p><a href=\"https:\/\/www.zoo.org\/document.doc?id=2476\">Elemento 1 &#8211; Presentaci\u00f3n en PowerPoint de introducci\u00f3n y mapeo comunitario de WW:CWC<\/a><\/p>\n\n<p><a href=\"https:\/\/woodlandparkzoo-my.sharepoint.com\/:v:\/g\/personal\/laurenl_zoo_org\/EZoRqtPvcBhFpshFZCGgcvMBNM5dU5-4WZoi0Sgm4Tj-2A?e=Cv1aCN\">Elemento 2 &#8211; V\u00eddeo de presentaci\u00f3n de Wild Wise<\/a><\/p>\n\n<p><a href=\"https:\/\/woodlandparkzoo-my.sharepoint.com\/:v:\/g\/personal\/laurenl_zoo_org\/ERJ89Q_MWcZEghSqSK-sWLEB5NlHU0kFLwCFaQqgiqx49g?e=2JZEo0\">Elemento 2 &#8211; V\u00eddeo del recorrido por el sendero del norte<\/a><\/p>\n\n<p><a href=\"https:\/\/www.youtube.com\/watch?v=gcCdMc7Libk\" target=\"_blank\" rel=\"noreferrer noopener\">Elemento 3 &#8211; Pregunta de investigaci\u00f3n<\/a><\/p>\n\n<p><a href=\"https:\/\/www.youtube.com\/watch?v=3WuzhKX4s2M\" target=\"_blank\" rel=\"noreferrer noopener\">Elemento 4 &#8211; Recopilaci\u00f3n de datos<\/a><\/p>\n\n<p><a href=\"https:\/\/www.youtube.com\/watch?v=wtEFU4KBPWQ\" target=\"_blank\" rel=\"noreferrer noopener\">Elemento 5 &#8211; An\u00e1lisis de datos<\/a><\/p>\n\n<p><a href=\"https:\/\/www.youtube.com\/watch?v=0KaGpY0AKMM\" target=\"_blank\" rel=\"noreferrer noopener\">Elemento 6 &#8211; Compartir los hallazgos<\/a><\/p>\n\n<h3 class=\"wp-block-heading\">Evaluaci\u00f3n<\/h3>\n\n<p><a href=\"http:\/\/www.surveymonkey.com\/r\/Carnivores2020\">Evaluaci\u00f3n previa del estudiante<\/a><\/p>\n\n<p><a href=\"http:\/\/www.surveymonkey.com\/r\/teachers2020pre\">Encuesta previa para educadores<\/a> <\/p>\n\n<h3 class=\"wp-block-heading\">Trampeo con c\u00e1mara<\/h3>\n\n<p><a href=\"https:\/\/zoo.org\/wp-content\/uploads\/2025\/09\/WW-CWC-Camera-Trapping-and-eMammal-Guide.pdf\" target=\"_blank\" rel=\"noreferrer noopener\">Gu\u00eda para el profesor de trampas fotogr\u00e1ficas y mam\u00edferos electr\u00f3nicos de WW:CWC<\/a> (PDF)<\/p>\n\n<p><a href=\"https:\/\/zoo.org\/wp-content\/uploads\/2025\/09\/WW-CWC-Camera-Trapping-and-eMammal-PPT.pdf\" target=\"_blank\" rel=\"noreferrer noopener\">Presentaci\u00f3n de PowerPoint sobre c\u00e1maras trampa y mam\u00edferos electr\u00f3nicos de WW:CWC<\/a> (PDF)<\/p>\n\n<p><a href=\"https:\/\/zoo.org\/wp-content\/uploads\/2025\/09\/WW-CWC-Camera-Trapping-StudentFamily-Guide.pdf\" target=\"_blank\" rel=\"noreferrer noopener\">Gu\u00eda para estudiantes y familias sobre c\u00e1maras trampa de WW:CWC<\/a> (PDF)<\/p>\n\n<p><a href=\"https:\/\/zoo.org\/wp-content\/uploads\/2025\/09\/WW-CWC-eMammal-Camera-Trap-Datasheet.pdf\" target=\"_blank\" rel=\"noreferrer noopener\">Ficha t\u00e9cnica de la c\u00e1mara trampa para mam\u00edferos electr\u00f3nicos WW:CWC<\/a> (PDF)<\/p>\n\n<p><a href=\"https:\/\/www.zoo.org\/file\/for-teachers\/coexisting-with-carnivores-teacher-resources\/WW-CWC-eMammal-METADATA.xlsx\">METADATOS de mam\u00edferos electr\u00f3nicos de WW:CWC<\/a> (hoja de c\u00e1lculo de Excel)<\/p>\n","protected":false},"excerpt":{"rendered":"<p>Coexistiendo con los carn\u00edvoros PROYECTO CARN\u00cdVORO URBANO DE SEATTLE Involucrar a las comunidades locales en la investigaci\u00f3n sobre carn\u00edvoros y la coexistencia pac\u00edfica BIENVENIDOS, MAESTROS \u00a1Una c\u00e1lida bienvenida a nuestros [&hellip;]<\/p>\n","protected":false},"author":1,"featured_media":11275,"parent":0,"menu_order":0,"comment_status":"closed","ping_status":"closed","template":"","meta":{"_acf_changed":false,"_kad_blocks_custom_css":"","_kad_blocks_head_custom_js":"","_kad_blocks_body_custom_js":"","_kad_blocks_footer_custom_js":"","footnotes":""},"class_list":["post-13776","page","type-page","status-publish","has-post-thumbnail","hentry"],"blocksy_meta":[],"acf":[],"yoast_head":"<!-- This site is optimized with the Yoast SEO plugin v27.4 - https:\/\/yoast.com\/product\/yoast-seo-wordpress\/ -->\n<title>-<\/title>\n<meta name=\"description\" content=\"Utilice estos recursos para prepararse para el programa Wild Wise: Ready, Set, Discover del zool\u00f3gico Woodland Park.\" \/>\n<meta name=\"robots\" content=\"index, follow, max-snippet:-1, max-image-preview:large, max-video-preview:-1\" \/>\n<link rel=\"canonical\" href=\"https:\/\/zoo.org\/es\/materiales-que-coexisten-con-los-carnivoros\/\" \/>\n<meta property=\"og:locale\" content=\"es_ES\" \/>\n<meta property=\"og:type\" content=\"article\" \/>\n<meta property=\"og:title\" content=\"-\" \/>\n<meta property=\"og:description\" content=\"Utilice estos recursos para prepararse para el programa Wild Wise: Ready, Set, Discover del zool\u00f3gico Woodland Park.\" \/>\n<meta property=\"og:url\" content=\"https:\/\/zoo.org\/es\/materiales-que-coexisten-con-los-carnivoros\/\" \/>\n<meta property=\"og:site_name\" content=\"Zool\u00f3gico Woodland Park\" \/>\n<meta property=\"article:modified_time\" content=\"2025-12-13T01:55:38+00:00\" \/>\n<meta property=\"og:image\" content=\"https:\/\/zoo.org\/wp-content\/uploads\/2025\/09\/WCNNW-Robert-Long-Coyote-camera-trap-web.jpg\" \/>\n\t<meta property=\"og:image:width\" content=\"800\" \/>\n\t<meta property=\"og:image:height\" content=\"533\" \/>\n\t<meta property=\"og:image:type\" content=\"image\/jpeg\" \/>\n<meta name=\"twitter:card\" content=\"summary_large_image\" \/>\n<script type=\"application\/ld+json\" class=\"yoast-schema-graph\">{\"@context\":\"https:\\\/\\\/schema.org\",\"@graph\":[{\"@type\":\"WebPage\",\"@id\":\"https:\\\/\\\/zoo.org\\\/es\\\/materiales-que-coexisten-con-los-carnivoros\\\/\",\"url\":\"https:\\\/\\\/zoo.org\\\/es\\\/materiales-que-coexisten-con-los-carnivoros\\\/\",\"name\":\"-\",\"isPartOf\":{\"@id\":\"https:\\\/\\\/zoo.org\\\/es\\\/#website\"},\"primaryImageOfPage\":{\"@id\":\"https:\\\/\\\/zoo.org\\\/es\\\/materiales-que-coexisten-con-los-carnivoros\\\/#primaryimage\"},\"image\":{\"@id\":\"https:\\\/\\\/zoo.org\\\/es\\\/materiales-que-coexisten-con-los-carnivoros\\\/#primaryimage\"},\"thumbnailUrl\":\"https:\\\/\\\/zoo.org\\\/wp-content\\\/uploads\\\/2025\\\/09\\\/WCNNW-Robert-Long-Coyote-camera-trap-web.jpg?wsr\",\"datePublished\":\"2025-09-02T21:45:21+00:00\",\"dateModified\":\"2025-12-13T01:55:38+00:00\",\"description\":\"Utilice estos recursos para prepararse para el programa Wild Wise: Ready, Set, Discover del zool\u00f3gico Woodland Park.\",\"breadcrumb\":{\"@id\":\"https:\\\/\\\/zoo.org\\\/es\\\/materiales-que-coexisten-con-los-carnivoros\\\/#breadcrumb\"},\"inLanguage\":\"es\",\"potentialAction\":[{\"@type\":\"ReadAction\",\"target\":[\"https:\\\/\\\/zoo.org\\\/es\\\/materiales-que-coexisten-con-los-carnivoros\\\/\"]}]},{\"@type\":\"ImageObject\",\"inLanguage\":\"es\",\"@id\":\"https:\\\/\\\/zoo.org\\\/es\\\/materiales-que-coexisten-con-los-carnivoros\\\/#primaryimage\",\"url\":\"https:\\\/\\\/zoo.org\\\/wp-content\\\/uploads\\\/2025\\\/09\\\/WCNNW-Robert-Long-Coyote-camera-trap-web.jpg?wsr\",\"contentUrl\":\"https:\\\/\\\/zoo.org\\\/wp-content\\\/uploads\\\/2025\\\/09\\\/WCNNW-Robert-Long-Coyote-camera-trap-web.jpg?wsr\",\"width\":800,\"height\":533,\"caption\":\"Un coyote camina por una zona boscosa con \u00e1rboles verdes, arbustos y ramas ca\u00eddas esparcidas por el suelo. La escena es natural y ligeramente sombreada.\"},{\"@type\":\"BreadcrumbList\",\"@id\":\"https:\\\/\\\/zoo.org\\\/es\\\/materiales-que-coexisten-con-los-carnivoros\\\/#breadcrumb\",\"itemListElement\":[{\"@type\":\"ListItem\",\"position\":1,\"name\":\"Hogar\",\"item\":\"https:\\\/\\\/zoo.org\\\/es\\\/\"},{\"@type\":\"ListItem\",\"position\":2,\"name\":\"Materiales que coexisten con los carn\u00edvoros\"}]},{\"@type\":\"WebSite\",\"@id\":\"https:\\\/\\\/zoo.org\\\/es\\\/#website\",\"url\":\"https:\\\/\\\/zoo.org\\\/es\\\/\",\"name\":\"Zool\u00f3gico Woodland Park\",\"description\":\"El Zool\u00f3gico Woodland Park salva la vida silvestre e inspira a todos a hacer de la conservaci\u00f3n una prioridad en sus vidas.\",\"publisher\":{\"@id\":\"https:\\\/\\\/zoo.org\\\/es\\\/#organization\"},\"potentialAction\":[{\"@type\":\"SearchAction\",\"target\":{\"@type\":\"EntryPoint\",\"urlTemplate\":\"https:\\\/\\\/zoo.org\\\/es\\\/?s={search_term_string}\"},\"query-input\":{\"@type\":\"PropertyValueSpecification\",\"valueRequired\":true,\"valueName\":\"search_term_string\"}}],\"inLanguage\":\"es\"},{\"@type\":\"Organization\",\"@id\":\"https:\\\/\\\/zoo.org\\\/es\\\/#organization\",\"name\":\"Zool\u00f3gico Woodland Park\",\"url\":\"https:\\\/\\\/zoo.org\\\/es\\\/\",\"logo\":{\"@type\":\"ImageObject\",\"inLanguage\":\"es\",\"@id\":\"https:\\\/\\\/zoo.org\\\/es\\\/#\\\/schema\\\/logo\\\/image\\\/\",\"url\":\"https:\\\/\\\/zoo.org\\\/wp-content\\\/uploads\\\/2026\\\/01\\\/WPZ-Logo_white-SVG.svg?wsr\",\"contentUrl\":\"https:\\\/\\\/zoo.org\\\/wp-content\\\/uploads\\\/2026\\\/01\\\/WPZ-Logo_white-SVG.svg?wsr\",\"width\":288,\"height\":282,\"caption\":\"Zool\u00f3gico Woodland Park\"},\"image\":{\"@id\":\"https:\\\/\\\/zoo.org\\\/es\\\/#\\\/schema\\\/logo\\\/image\\\/\"}}]}<\/script>\n<!-- \/ Yoast SEO plugin. -->","yoast_head_json":{"title":"-","description":"Utilice estos recursos para prepararse para el programa Wild Wise: Ready, Set, Discover del zool\u00f3gico Woodland Park.","robots":{"index":"index","follow":"follow","max-snippet":"max-snippet:-1","max-image-preview":"max-image-preview:large","max-video-preview":"max-video-preview:-1"},"canonical":"https:\/\/zoo.org\/es\/materiales-que-coexisten-con-los-carnivoros\/","og_locale":"es_ES","og_type":"article","og_title":"-","og_description":"Utilice estos recursos para prepararse para el programa Wild Wise: Ready, Set, Discover del zool\u00f3gico Woodland Park.","og_url":"https:\/\/zoo.org\/es\/materiales-que-coexisten-con-los-carnivoros\/","og_site_name":"Zool\u00f3gico Woodland Park","article_modified_time":"2025-12-13T01:55:38+00:00","og_image":[{"width":800,"height":533,"url":"https:\/\/zoo.org\/wp-content\/uploads\/2025\/09\/WCNNW-Robert-Long-Coyote-camera-trap-web.jpg","type":"image\/jpeg"}],"twitter_card":"summary_large_image","schema":{"@context":"https:\/\/schema.org","@graph":[{"@type":"WebPage","@id":"https:\/\/zoo.org\/es\/materiales-que-coexisten-con-los-carnivoros\/","url":"https:\/\/zoo.org\/es\/materiales-que-coexisten-con-los-carnivoros\/","name":"-","isPartOf":{"@id":"https:\/\/zoo.org\/es\/#website"},"primaryImageOfPage":{"@id":"https:\/\/zoo.org\/es\/materiales-que-coexisten-con-los-carnivoros\/#primaryimage"},"image":{"@id":"https:\/\/zoo.org\/es\/materiales-que-coexisten-con-los-carnivoros\/#primaryimage"},"thumbnailUrl":"https:\/\/zoo.org\/wp-content\/uploads\/2025\/09\/WCNNW-Robert-Long-Coyote-camera-trap-web.jpg?wsr","datePublished":"2025-09-02T21:45:21+00:00","dateModified":"2025-12-13T01:55:38+00:00","description":"Utilice estos recursos para prepararse para el programa Wild Wise: Ready, Set, Discover del zool\u00f3gico Woodland Park.","breadcrumb":{"@id":"https:\/\/zoo.org\/es\/materiales-que-coexisten-con-los-carnivoros\/#breadcrumb"},"inLanguage":"es","potentialAction":[{"@type":"ReadAction","target":["https:\/\/zoo.org\/es\/materiales-que-coexisten-con-los-carnivoros\/"]}]},{"@type":"ImageObject","inLanguage":"es","@id":"https:\/\/zoo.org\/es\/materiales-que-coexisten-con-los-carnivoros\/#primaryimage","url":"https:\/\/zoo.org\/wp-content\/uploads\/2025\/09\/WCNNW-Robert-Long-Coyote-camera-trap-web.jpg?wsr","contentUrl":"https:\/\/zoo.org\/wp-content\/uploads\/2025\/09\/WCNNW-Robert-Long-Coyote-camera-trap-web.jpg?wsr","width":800,"height":533,"caption":"Un coyote camina por una zona boscosa con \u00e1rboles verdes, arbustos y ramas ca\u00eddas esparcidas por el suelo. La escena es natural y ligeramente sombreada."},{"@type":"BreadcrumbList","@id":"https:\/\/zoo.org\/es\/materiales-que-coexisten-con-los-carnivoros\/#breadcrumb","itemListElement":[{"@type":"ListItem","position":1,"name":"Hogar","item":"https:\/\/zoo.org\/es\/"},{"@type":"ListItem","position":2,"name":"Materiales que coexisten con los carn\u00edvoros"}]},{"@type":"WebSite","@id":"https:\/\/zoo.org\/es\/#website","url":"https:\/\/zoo.org\/es\/","name":"Zool\u00f3gico Woodland Park","description":"El Zool\u00f3gico Woodland Park salva la vida silvestre e inspira a todos a hacer de la conservaci\u00f3n una prioridad en sus vidas.","publisher":{"@id":"https:\/\/zoo.org\/es\/#organization"},"potentialAction":[{"@type":"SearchAction","target":{"@type":"EntryPoint","urlTemplate":"https:\/\/zoo.org\/es\/?s={search_term_string}"},"query-input":{"@type":"PropertyValueSpecification","valueRequired":true,"valueName":"search_term_string"}}],"inLanguage":"es"},{"@type":"Organization","@id":"https:\/\/zoo.org\/es\/#organization","name":"Zool\u00f3gico Woodland Park","url":"https:\/\/zoo.org\/es\/","logo":{"@type":"ImageObject","inLanguage":"es","@id":"https:\/\/zoo.org\/es\/#\/schema\/logo\/image\/","url":"https:\/\/zoo.org\/wp-content\/uploads\/2026\/01\/WPZ-Logo_white-SVG.svg?wsr","contentUrl":"https:\/\/zoo.org\/wp-content\/uploads\/2026\/01\/WPZ-Logo_white-SVG.svg?wsr","width":288,"height":282,"caption":"Zool\u00f3gico Woodland Park"},"image":{"@id":"https:\/\/zoo.org\/es\/#\/schema\/logo\/image\/"}}]}},"taxonomy_info":[],"featured_image_src_large":["https:\/\/zoo.org\/wp-content\/uploads\/2025\/09\/WCNNW-Robert-Long-Coyote-camera-trap-web.jpg?wsr",800,533,false],"author_info":{"display_name":"jloughlin","author_link":"https:\/\/zoo.org\/es\/author\/jloughlin\/"},"comment_info":0,"_links":{"self":[{"href":"https:\/\/zoo.org\/es\/wp-json\/wp\/v2\/pages\/13776","targetHints":{"allow":["GET"]}}],"collection":[{"href":"https:\/\/zoo.org\/es\/wp-json\/wp\/v2\/pages"}],"about":[{"href":"https:\/\/zoo.org\/es\/wp-json\/wp\/v2\/types\/page"}],"author":[{"embeddable":true,"href":"https:\/\/zoo.org\/es\/wp-json\/wp\/v2\/users\/1"}],"replies":[{"embeddable":true,"href":"https:\/\/zoo.org\/es\/wp-json\/wp\/v2\/comments?post=13776"}],"version-history":[{"count":0,"href":"https:\/\/zoo.org\/es\/wp-json\/wp\/v2\/pages\/13776\/revisions"}],"wp:featuredmedia":[{"embeddable":true,"href":"https:\/\/zoo.org\/es\/wp-json\/wp\/v2\/media\/11275"}],"wp:attachment":[{"href":"https:\/\/zoo.org\/es\/wp-json\/wp\/v2\/media?parent=13776"}],"curies":[{"name":"wp","href":"https:\/\/api.w.org\/{rel}","templated":true}]}}