{"id":13863,"date":"2025-09-15T10:36:59","date_gmt":"2025-09-15T17:36:59","guid":{"rendered":"https:\/\/zoo.org\/compost-zoo-doo\/creando-compost\/"},"modified":"2025-12-19T18:24:27","modified_gmt":"2025-12-20T02:24:27","slug":"creando-compost","status":"publish","type":"page","link":"https:\/\/zoo.org\/es\/compost-zoo-doo\/creando-compost\/","title":{"rendered":"Creando Compost"},"content":{"rendered":"\n<div class=\"wp-block-cover alignfull is-light hero\" style=\"margin-top:0;margin-bottom:0\"><img loading=\"lazy\" decoding=\"async\" width=\"1920\" height=\"400\" class=\"wp-block-cover__image-background wp-image-4788 size-full\" alt=\"\" src=\"https:\/\/zoo.org\/wp-content\/uploads\/2025\/09\/zoo-doo-header.jpg\" data-object-fit=\"cover\" srcset=\"https:\/\/zoo.org\/wp-content\/uploads\/2025\/09\/zoo-doo-header.jpg 1920w, https:\/\/zoo.org\/wp-content\/uploads\/2025\/09\/zoo-doo-header-300x63.jpg 300w, https:\/\/zoo.org\/wp-content\/uploads\/2025\/09\/zoo-doo-header-1024x213.jpg 1024w, https:\/\/zoo.org\/wp-content\/uploads\/2025\/09\/zoo-doo-header-768x160.jpg 768w, https:\/\/zoo.org\/wp-content\/uploads\/2025\/09\/zoo-doo-header-1536x320.jpg 1536w\" sizes=\"auto, (max-width: 1920px) 100vw, 1920px\" \/><span aria-hidden=\"true\" class=\"wp-block-cover__background has-background-dim-0 has-background-dim\" style=\"background-color:#80866d\"><\/span><div class=\"wp-block-cover__inner-container is-layout-constrained wp-block-cover-is-layout-constrained\">\n<p class=\"has-text-align-center has-large-font-size\"><\/p>\n<\/div><\/div>\n\n<div class=\"wp-block-group is-layout-constrained wp-block-group-is-layout-constrained\" style=\"margin-top:2em;margin-bottom:3em\">\n<h1 class=\"wp-block-heading has-text-align-center\" style=\"margin-top:0.65em;margin-bottom:0.275em\">COMPOSTA ZOOL\u00d3GICA<\/h1>\n\n\n\n<p class=\"has-text-align-center has-palette-color-3-color has-text-color has-link-color wp-elements-e54e4d8322b8469cdfd82d44c4be06e1\" style=\"margin-bottom:1em;font-size:clamp(0.984em, 0.984rem + ((1vw - 0.2em) * 0.645), 1.5em);font-style:normal;font-weight:500;line-height:1.5\"><strong>El compost m\u00e1s popular del noroeste del Pac\u00edfico<\/strong><\/p>\n<\/div>\n\n<div class=\"wp-block-group alignfull divider is-layout-constrained wp-block-group-is-layout-constrained\">\n<h2 class=\"wp-block-heading alignfull has-text-align-center\">\u00bfPor qu\u00e9 utilizar Zoo Doo?<\/h2>\n<\/div>\n\n<p>El compost Zoo Doo es un humus oscuro y rico, ideal para enriquecer el suelo, ya sea en bancales elevados o como abono de cobertura para jardines o plantas en maceta. De esta manera, los nutrientes de Zoo Doo est\u00e1n disponibles para las plantas, a la vez que proporciona los beneficios de retenci\u00f3n de agua, aireaci\u00f3n y mejora la textura del suelo. <\/p>\n\n<p>Nuestro compost no es la \u00fanica manera de obtener estos incre\u00edbles beneficios para el suelo; \u00a1considera compostar en casa! <a href=\"http:\/\/www.tilthalliance.org\/learn\/resources-1\/compost\/compost\/?searchterm=compost\" target=\"_blank\" rel=\"noreferrer noopener\">Visita Tilth Alliance<\/a> o llama a la L\u00ednea Directa de Jardiner\u00eda al 206.633.0224 para obtener m\u00e1s informaci\u00f3n sobre compostaje dom\u00e9stico.<\/p>\n\n<div class=\"wp-block-group is-layout-constrained wp-block-group-is-layout-constrained\" style=\"margin-top:var(--wp--preset--spacing--60)\"><style>.kt-sc4812_0eafea-6f .kt-sc-imgcol, .kt-sc4812_0eafea-6f .kt-sc-textcol{min-height:345px;}.kt-sc4812_0eafea-6f .kt-sc-imgcol{background-size:cover;background-image:url(https:\/\/zoo.org\/wp-content\/uploads\/2025\/08\/zoo-doo-2010.jpg);}.kt-sc4812_0eafea-6f .kt-sc-textcol{padding-top:1em;padding-right:1.5em;padding-bottom:1em;padding-left:1.5em;}@media all and (max-width: 767px){.kt-sc4812_0eafea-6f .kt-sc-imgcol, .kt-sc4812_0eafea-6f .kt-sc-textcol{min-height:275px;}}<\/style>\n<div class=\"aligncenter kt-sc4812_0eafea-6f wp-block-kadence-splitcontent\"><div class=\"kt-split-content-wrap kt-sc-media-side-left\" style=\"grid-template-columns:32% auto\"><div class=\"kt-sc-imgcol kt-sc-imgcol-bg-cover kt-sc-img-side-left\"><\/div><div class=\"kt-sc-textcol kt-sc-text-valign-center kt-sc-text-halign-left\" style=\"background-color:var(--theme-palette-color-17, #E6E6E6)\"><div class=\"kt-sc-innter-col\">\n<h3 class=\"wp-block-heading\">Compostaje f\u00e1cil en casa<\/h3>\n\n\n\n<p>El Zool\u00f3gico Woodland Park no es el \u00fanico lugar donde se puede hacer compostaje, ni tiene por qu\u00e9 ser a gran escala. Puedes crear tu propio compost en tu propio jard\u00edn. Tiene sentido para el zool\u00f3gico, \u00bfpor qu\u00e9 no para ti?  <\/p>\n\n\n\n<p>El compostaje es un proceso natural de descomposici\u00f3n. Nos rodea constantemente, desde el tomate que se qued\u00f3 en el fondo del refrigerador el mes pasado hasta las hojas del jard\u00edn. Cuando hablamos de compostaje, simplemente exploramos diversas maneras de contribuir a este proceso natural.  <\/p>\n\n\n\n<p><strong>El compostaje, en su forma m\u00e1s simple, requiere s\u00f3lo cuatro cosas:<\/strong> materia org\u00e1nica, humedad, ox\u00edgeno y tiempo.<\/p>\n<\/div><\/div><\/div><\/div>\n<\/div>\n\n<h3 class=\"wp-block-heading\">Gusano Doo<\/h3>\n\n<h4 class=\"wp-block-heading\">La reserva privada del Dr. Doo, generalmente reservada solo para el invernadero del zool\u00f3gico.<\/h4>\n\n<p>Worm Doo es humus de lombriz hecho con compost Bedspread del Zool\u00f3gico Woodland Park y materiales org\u00e1nicos, \u00a1lo que lo convierte en un producto de doble uso! Es un aditivo de suelo excepcionalmente rico y f\u00e9rtil, recomendado para pl\u00e1ntulas, plantas en maceta o para el jard\u00edn. Worm Doo contiene todos los microbios que hacen de Zoo Doo un gran \u00e9xito, adem\u00e1s de los beneficios adicionales del humus de lombriz, como facilitar la disponibilidad de nutrientes para las plantas. \u00a1Busca envases peque\u00f1os en las ZooStores!   <\/p>\n\n<div class=\"wp-block-group alignfull divider is-layout-constrained wp-block-group-is-layout-constrained\">\n<h2 class=\"wp-block-heading alignfull has-text-align-center\">Primeros pasos en casa<\/h2>\n<\/div>\n\n<h3 class=\"wp-block-heading\">Residuos de jard\u00edn<\/h3>\n\n<p>Para ayudar al proceso de compostaje, es necesario alimentar y cuidar a los descomponedores naturales (incluidos los microbios y las lombrices de tierra).<\/p>\n\n<p>Una dieta bien equilibrada para el compostaje consiste en una mezcla completa de plantas frescas (verdes) y secas (marrones), como recortes de c\u00e9sped fresco y hojas viejas. Cuanto m\u00e1s material de compost se pique o triture, m\u00e1s r\u00e1pido se descompondr\u00e1. Re\u00fana y mezcle los materiales triturados en una pila de modo que aproximadamente dos tercios sean marrones y un tercio verdes.  <\/p>\n\n<ul class=\"wp-block-list\">\n<li>Mientras construyes la pila, a\u00f1ade solo la cantidad de agua necesaria para asegurar que permanezca tan h\u00fameda como una esponja escurrida.<\/li>\n\n\n\n<li>La pila de compost debe ser lo suficientemente grande como para retener el calor; lo ideal es que tenga de 90 a 120 cm de lado. Este tama\u00f1o a\u00edsla y permite la circulaci\u00f3n de suficiente ox\u00edgeno. <\/li>\n\n\n\n<li>Gire la pila de vez en cuando para estimular el flujo de aire y agregar agua seg\u00fan sea necesario para mantener la humedad.<\/li>\n\n\n\n<li>\u00a1Con un poco de tiempo (tan s\u00f3lo cuatro o cinco semanas), usted tambi\u00e9n puede crear compost rico y desmenuzable en su propio patio trasero!<\/li>\n<\/ul>\n\n<h3 class=\"wp-block-heading\">Residuos de cocina\/restos de comida<\/h3>\n\n<p>Aunque los restos de comida son materiales org\u00e1nicos, no los incluya en una pila de compost al aire libre. Dejados al aire libre, tienden a atraer animales carro\u00f1eros como ardillas, ratas o moscas. Los residuos vegetales de la cocina se gestionan mejor de una o m\u00e1s de las siguientes maneras:  <\/p>\n\n<div class=\"wp-block-columns is-layout-flex wp-container-core-columns-is-layout-bd8107d2 wp-block-columns-is-layout-flex\" style=\"margin-top:2.5em;margin-bottom:2.5em\">\n<div class=\"wp-block-column has-palette-color-17-background-color has-background is-layout-flow wp-container-core-column-is-layout-492b06a7 wp-block-column-is-layout-flow\" style=\"padding-top:25px;padding-right:25px;padding-bottom:25px;padding-left:25px\">\n<h4 class=\"wp-block-heading\" style=\"margin-bottom:1em\">Fosa<\/h4>\n\n\n\n<p style=\"margin-bottom:1em\">Entierre los restos de comida en agujeros cavados en el jard\u00edn. C\u00fabralos con al menos veinte cent\u00edmetros de tierra. <\/p>\n<\/div>\n\n\n\n<div class=\"wp-block-column has-palette-color-17-background-color has-background is-layout-flow wp-container-core-column-is-layout-492b06a7 wp-block-column-is-layout-flow\" style=\"padding-top:25px;padding-right:25px;padding-bottom:25px;padding-left:25px\">\n<h4 class=\"wp-block-heading\" style=\"margin-bottom:1em\">Zanja<\/h4>\n\n\n\n<p style=\"margin-bottom:1em\">Establezca tres hileras de 30 a 60 cm de ancho. En la primera, siembre los cultivos del a\u00f1o. En la hilera adyacente, entierre los restos de comida. La tercera hilera se usa como camino. Rote estas hileras para que, el segundo a\u00f1o, la primera se convierta en la hilera de restos, la segunda en el camino y la tercera en la hilera de cultivos.    <\/p>\n<\/div>\n\n\n\n<div class=\"wp-block-column has-palette-color-17-background-color has-background is-layout-flow wp-container-core-column-is-layout-492b06a7 wp-block-column-is-layout-flow\" style=\"padding-top:25px;padding-right:25px;padding-bottom:25px;padding-left:25px\">\n<h4 class=\"wp-block-heading\" style=\"margin-bottom:1em\">Contenedor de compost cubierto<\/h4>\n\n\n\n<p style=\"margin-bottom:1em\">Una cubierta resistente y bien asegurada evitar\u00e1 que las plagas se apoderen de tu compost. Intenta enterrar tambi\u00e9n los restos vegetales. <\/p>\n<\/div>\n<\/div>\n\n<h4 class=\"wp-block-heading\">Contenedor de lombrices (tambi\u00e9n conocido como vermicompostaje)<\/h4>\n\n<p>En lugar de enterrar los desechos, tambi\u00e9n puedes crear un contenedor para lombrices usando compost o lombrices de esti\u00e9rcol. En este sistema, prepara un recipiente (normalmente una caja de aproximadamente 90 x 60 x 30 cm), mezcla peri\u00f3dico triturado u hojas secas, un poco de agua, restos de comida y lombrices, c\u00fabrelo con una capa superior de peri\u00f3dico u hojas y cierra la tapa. Las lombrices har\u00e1n el resto.  <\/p>\n\n<p>El m\u00e9todo m\u00e1s sencillo para gestionar un contenedor de lombrices es a\u00f1adir restos de comida en una mitad del contenedor durante unas tres semanas. Luego, empezar a trabajar en la otra mitad, comenzando de nuevo con capas de papel u hojas, comida y lombrices. Las lombrices que a\u00fan se quedan en el otro extremo terminar\u00e1n su suministro y se mover\u00e1n hacia los alimentos m\u00e1s frescos, dejando atr\u00e1s sus excrementos. Estos excrementos se pueden cosechar y utilizar como compost fino.   <\/p>\n\n<p>Si desea m\u00e1s informaci\u00f3n sobre el compostaje con lombrices, tambi\u00e9n conocido como vermicompostaje, lea \u201cWorms Eat My Garbage\u201d de Mary Appelhoff, publicado por Flower Field Press.<\/p>\n","protected":false},"excerpt":{"rendered":"<p>COMPOSTA ZOOL\u00d3GICA El compost m\u00e1s popular del noroeste del Pac\u00edfico \u00bfPor qu\u00e9 utilizar Zoo Doo? El compost Zoo Doo es un humus oscuro y rico, ideal para enriquecer el suelo, [&hellip;]<\/p>\n","protected":false},"author":1,"featured_media":11148,"parent":10850,"menu_order":0,"comment_status":"closed","ping_status":"closed","template":"","meta":{"_acf_changed":false,"_kad_blocks_custom_css":"","_kad_blocks_head_custom_js":"","_kad_blocks_body_custom_js":"","_kad_blocks_footer_custom_js":"","footnotes":""},"class_list":["post-13863","page","type-page","status-publish","has-post-thumbnail","hentry"],"blocksy_meta":[],"acf":[],"yoast_head":"<!-- This site is optimized with the Yoast SEO plugin v27.3 - https:\/\/yoast.com\/product\/yoast-seo-wordpress\/ -->\n<title>-<\/title>\n<meta name=\"description\" content=\"El Zool\u00f3gico Woodland Park apuesta por el medio ambiente con su popular compost Zoo Doo. Los desechos animales se convierten en compost sostenible para su jard\u00edn, disponible durante las loter\u00edas semestrales del Festival Fecal y en la Tienda del Zool\u00f3gico.\" \/>\n<meta name=\"robots\" content=\"index, follow, max-snippet:-1, max-image-preview:large, max-video-preview:-1\" \/>\n<link rel=\"canonical\" href=\"https:\/\/zoo.org\/es\/compost-zoo-doo\/creando-compost\/\" \/>\n<meta property=\"og:locale\" content=\"es_ES\" \/>\n<meta property=\"og:type\" content=\"article\" \/>\n<meta property=\"og:title\" content=\"-\" \/>\n<meta property=\"og:description\" content=\"El Zool\u00f3gico Woodland Park apuesta por el medio ambiente con su popular compost Zoo Doo. Los desechos animales se convierten en compost sostenible para su jard\u00edn, disponible durante las loter\u00edas semestrales del Festival Fecal y en la Tienda del Zool\u00f3gico.\" \/>\n<meta property=\"og:url\" content=\"https:\/\/zoo.org\/es\/compost-zoo-doo\/creando-compost\/\" \/>\n<meta property=\"og:site_name\" content=\"Zool\u00f3gico Woodland Park\" \/>\n<meta property=\"article:modified_time\" content=\"2025-12-20T02:24:27+00:00\" \/>\n<meta property=\"og:image\" content=\"https:\/\/zoo.org\/wp-content\/uploads\/2025\/08\/2019_02-ZooDoo-yard-compost-6-web.jpg?wsr\" \/>\n\t<meta property=\"og:image:width\" content=\"800\" \/>\n\t<meta property=\"og:image:height\" content=\"533\" \/>\n\t<meta property=\"og:image:type\" content=\"image\/jpeg\" \/>\n<meta name=\"twitter:card\" content=\"summary_large_image\" \/>\n<script type=\"application\/ld+json\" class=\"yoast-schema-graph\">{\"@context\":\"https:\\\/\\\/schema.org\",\"@graph\":[{\"@type\":\"WebPage\",\"@id\":\"https:\\\/\\\/zoo.org\\\/es\\\/compost-zoo-doo\\\/creando-compost\\\/\",\"url\":\"https:\\\/\\\/zoo.org\\\/es\\\/compost-zoo-doo\\\/creando-compost\\\/\",\"name\":\"-\",\"isPartOf\":{\"@id\":\"https:\\\/\\\/zoo.org\\\/es\\\/#website\"},\"primaryImageOfPage\":{\"@id\":\"https:\\\/\\\/zoo.org\\\/es\\\/compost-zoo-doo\\\/creando-compost\\\/#primaryimage\"},\"image\":{\"@id\":\"https:\\\/\\\/zoo.org\\\/es\\\/compost-zoo-doo\\\/creando-compost\\\/#primaryimage\"},\"thumbnailUrl\":\"https:\\\/\\\/zoo.org\\\/wp-content\\\/uploads\\\/2025\\\/08\\\/2019_02-ZooDoo-yard-compost-6-web.jpg?wsr\",\"datePublished\":\"2025-09-15T17:36:59+00:00\",\"dateModified\":\"2025-12-20T02:24:27+00:00\",\"description\":\"El Zool\u00f3gico Woodland Park apuesta por el medio ambiente con su popular compost Zoo Doo. Los desechos animales se convierten en compost sostenible para su jard\u00edn, disponible durante las loter\u00edas semestrales del Festival Fecal y en la Tienda del Zool\u00f3gico.\",\"breadcrumb\":{\"@id\":\"https:\\\/\\\/zoo.org\\\/es\\\/compost-zoo-doo\\\/creando-compost\\\/#breadcrumb\"},\"inLanguage\":\"es\",\"potentialAction\":[{\"@type\":\"ReadAction\",\"target\":[\"https:\\\/\\\/zoo.org\\\/es\\\/compost-zoo-doo\\\/creando-compost\\\/\"]}]},{\"@type\":\"ImageObject\",\"inLanguage\":\"es\",\"@id\":\"https:\\\/\\\/zoo.org\\\/es\\\/compost-zoo-doo\\\/creando-compost\\\/#primaryimage\",\"url\":\"https:\\\/\\\/zoo.org\\\/wp-content\\\/uploads\\\/2025\\\/08\\\/2019_02-ZooDoo-yard-compost-6-web.jpg?wsr\",\"contentUrl\":\"https:\\\/\\\/zoo.org\\\/wp-content\\\/uploads\\\/2025\\\/08\\\/2019_02-ZooDoo-yard-compost-6-web.jpg?wsr\",\"width\":800,\"height\":533,\"caption\":\"Una vista de cerca de una gran pila de heno o hierba seca, con hebras verdes y marrones mezcladas en un entorno al aire libre.\"},{\"@type\":\"BreadcrumbList\",\"@id\":\"https:\\\/\\\/zoo.org\\\/es\\\/compost-zoo-doo\\\/creando-compost\\\/#breadcrumb\",\"itemListElement\":[{\"@type\":\"ListItem\",\"position\":1,\"name\":\"Hogar\",\"item\":\"https:\\\/\\\/zoo.org\\\/es\\\/\"},{\"@type\":\"ListItem\",\"position\":2,\"name\":\"Compost Zoo Doo\",\"item\":\"https:\\\/\\\/zoo.org\\\/es\\\/compost-zoo-doo\\\/\"},{\"@type\":\"ListItem\",\"position\":3,\"name\":\"Creando Compost\"}]},{\"@type\":\"WebSite\",\"@id\":\"https:\\\/\\\/zoo.org\\\/es\\\/#website\",\"url\":\"https:\\\/\\\/zoo.org\\\/es\\\/\",\"name\":\"Zool\u00f3gico Woodland Park\",\"description\":\"El Zool\u00f3gico Woodland Park salva la vida silvestre e inspira a todos a hacer de la conservaci\u00f3n una prioridad en sus vidas.\",\"publisher\":{\"@id\":\"https:\\\/\\\/zoo.org\\\/es\\\/#organization\"},\"potentialAction\":[{\"@type\":\"SearchAction\",\"target\":{\"@type\":\"EntryPoint\",\"urlTemplate\":\"https:\\\/\\\/zoo.org\\\/es\\\/?s={search_term_string}\"},\"query-input\":{\"@type\":\"PropertyValueSpecification\",\"valueRequired\":true,\"valueName\":\"search_term_string\"}}],\"inLanguage\":\"es\"},{\"@type\":\"Organization\",\"@id\":\"https:\\\/\\\/zoo.org\\\/es\\\/#organization\",\"name\":\"Zool\u00f3gico Woodland Park\",\"url\":\"https:\\\/\\\/zoo.org\\\/es\\\/\",\"logo\":{\"@type\":\"ImageObject\",\"inLanguage\":\"es\",\"@id\":\"https:\\\/\\\/zoo.org\\\/es\\\/#\\\/schema\\\/logo\\\/image\\\/\",\"url\":\"https:\\\/\\\/zoo.org\\\/wp-content\\\/uploads\\\/2026\\\/01\\\/WPZ-Logo_white-SVG.svg?wsr\",\"contentUrl\":\"https:\\\/\\\/zoo.org\\\/wp-content\\\/uploads\\\/2026\\\/01\\\/WPZ-Logo_white-SVG.svg?wsr\",\"width\":288,\"height\":282,\"caption\":\"Zool\u00f3gico Woodland Park\"},\"image\":{\"@id\":\"https:\\\/\\\/zoo.org\\\/es\\\/#\\\/schema\\\/logo\\\/image\\\/\"}}]}<\/script>\n<!-- \/ Yoast SEO plugin. -->","yoast_head_json":{"title":"-","description":"El Zool\u00f3gico Woodland Park apuesta por el medio ambiente con su popular compost Zoo Doo. Los desechos animales se convierten en compost sostenible para su jard\u00edn, disponible durante las loter\u00edas semestrales del Festival Fecal y en la Tienda del Zool\u00f3gico.","robots":{"index":"index","follow":"follow","max-snippet":"max-snippet:-1","max-image-preview":"max-image-preview:large","max-video-preview":"max-video-preview:-1"},"canonical":"https:\/\/zoo.org\/es\/compost-zoo-doo\/creando-compost\/","og_locale":"es_ES","og_type":"article","og_title":"-","og_description":"El Zool\u00f3gico Woodland Park apuesta por el medio ambiente con su popular compost Zoo Doo. Los desechos animales se convierten en compost sostenible para su jard\u00edn, disponible durante las loter\u00edas semestrales del Festival Fecal y en la Tienda del Zool\u00f3gico.","og_url":"https:\/\/zoo.org\/es\/compost-zoo-doo\/creando-compost\/","og_site_name":"Zool\u00f3gico Woodland Park","article_modified_time":"2025-12-20T02:24:27+00:00","og_image":[{"width":800,"height":533,"url":"https:\/\/zoo.org\/wp-content\/uploads\/2025\/08\/2019_02-ZooDoo-yard-compost-6-web.jpg?wsr","type":"image\/jpeg"}],"twitter_card":"summary_large_image","schema":{"@context":"https:\/\/schema.org","@graph":[{"@type":"WebPage","@id":"https:\/\/zoo.org\/es\/compost-zoo-doo\/creando-compost\/","url":"https:\/\/zoo.org\/es\/compost-zoo-doo\/creando-compost\/","name":"-","isPartOf":{"@id":"https:\/\/zoo.org\/es\/#website"},"primaryImageOfPage":{"@id":"https:\/\/zoo.org\/es\/compost-zoo-doo\/creando-compost\/#primaryimage"},"image":{"@id":"https:\/\/zoo.org\/es\/compost-zoo-doo\/creando-compost\/#primaryimage"},"thumbnailUrl":"https:\/\/zoo.org\/wp-content\/uploads\/2025\/08\/2019_02-ZooDoo-yard-compost-6-web.jpg?wsr","datePublished":"2025-09-15T17:36:59+00:00","dateModified":"2025-12-20T02:24:27+00:00","description":"El Zool\u00f3gico Woodland Park apuesta por el medio ambiente con su popular compost Zoo Doo. Los desechos animales se convierten en compost sostenible para su jard\u00edn, disponible durante las loter\u00edas semestrales del Festival Fecal y en la Tienda del Zool\u00f3gico.","breadcrumb":{"@id":"https:\/\/zoo.org\/es\/compost-zoo-doo\/creando-compost\/#breadcrumb"},"inLanguage":"es","potentialAction":[{"@type":"ReadAction","target":["https:\/\/zoo.org\/es\/compost-zoo-doo\/creando-compost\/"]}]},{"@type":"ImageObject","inLanguage":"es","@id":"https:\/\/zoo.org\/es\/compost-zoo-doo\/creando-compost\/#primaryimage","url":"https:\/\/zoo.org\/wp-content\/uploads\/2025\/08\/2019_02-ZooDoo-yard-compost-6-web.jpg?wsr","contentUrl":"https:\/\/zoo.org\/wp-content\/uploads\/2025\/08\/2019_02-ZooDoo-yard-compost-6-web.jpg?wsr","width":800,"height":533,"caption":"Una vista de cerca de una gran pila de heno o hierba seca, con hebras verdes y marrones mezcladas en un entorno al aire libre."},{"@type":"BreadcrumbList","@id":"https:\/\/zoo.org\/es\/compost-zoo-doo\/creando-compost\/#breadcrumb","itemListElement":[{"@type":"ListItem","position":1,"name":"Hogar","item":"https:\/\/zoo.org\/es\/"},{"@type":"ListItem","position":2,"name":"Compost Zoo Doo","item":"https:\/\/zoo.org\/es\/compost-zoo-doo\/"},{"@type":"ListItem","position":3,"name":"Creando Compost"}]},{"@type":"WebSite","@id":"https:\/\/zoo.org\/es\/#website","url":"https:\/\/zoo.org\/es\/","name":"Zool\u00f3gico Woodland Park","description":"El Zool\u00f3gico Woodland Park salva la vida silvestre e inspira a todos a hacer de la conservaci\u00f3n una prioridad en sus vidas.","publisher":{"@id":"https:\/\/zoo.org\/es\/#organization"},"potentialAction":[{"@type":"SearchAction","target":{"@type":"EntryPoint","urlTemplate":"https:\/\/zoo.org\/es\/?s={search_term_string}"},"query-input":{"@type":"PropertyValueSpecification","valueRequired":true,"valueName":"search_term_string"}}],"inLanguage":"es"},{"@type":"Organization","@id":"https:\/\/zoo.org\/es\/#organization","name":"Zool\u00f3gico Woodland Park","url":"https:\/\/zoo.org\/es\/","logo":{"@type":"ImageObject","inLanguage":"es","@id":"https:\/\/zoo.org\/es\/#\/schema\/logo\/image\/","url":"https:\/\/zoo.org\/wp-content\/uploads\/2026\/01\/WPZ-Logo_white-SVG.svg?wsr","contentUrl":"https:\/\/zoo.org\/wp-content\/uploads\/2026\/01\/WPZ-Logo_white-SVG.svg?wsr","width":288,"height":282,"caption":"Zool\u00f3gico Woodland Park"},"image":{"@id":"https:\/\/zoo.org\/es\/#\/schema\/logo\/image\/"}}]}},"taxonomy_info":[],"featured_image_src_large":["https:\/\/zoo.org\/wp-content\/uploads\/2025\/08\/2019_02-ZooDoo-yard-compost-6-web.jpg?wsr",800,533,false],"author_info":{"display_name":"jloughlin","author_link":"https:\/\/zoo.org\/es\/author\/jloughlin\/"},"comment_info":0,"_links":{"self":[{"href":"https:\/\/zoo.org\/es\/wp-json\/wp\/v2\/pages\/13863","targetHints":{"allow":["GET"]}}],"collection":[{"href":"https:\/\/zoo.org\/es\/wp-json\/wp\/v2\/pages"}],"about":[{"href":"https:\/\/zoo.org\/es\/wp-json\/wp\/v2\/types\/page"}],"author":[{"embeddable":true,"href":"https:\/\/zoo.org\/es\/wp-json\/wp\/v2\/users\/1"}],"replies":[{"embeddable":true,"href":"https:\/\/zoo.org\/es\/wp-json\/wp\/v2\/comments?post=13863"}],"version-history":[{"count":0,"href":"https:\/\/zoo.org\/es\/wp-json\/wp\/v2\/pages\/13863\/revisions"}],"up":[{"embeddable":true,"href":"https:\/\/zoo.org\/es\/wp-json\/wp\/v2\/pages\/10850"}],"wp:featuredmedia":[{"embeddable":true,"href":"https:\/\/zoo.org\/es\/wp-json\/wp\/v2\/media\/11148"}],"wp:attachment":[{"href":"https:\/\/zoo.org\/es\/wp-json\/wp\/v2\/media?parent=13863"}],"curies":[{"name":"wp","href":"https:\/\/api.w.org\/{rel}","templated":true}]}}