{"id":14147,"date":"2025-08-19T15:09:40","date_gmt":"2025-08-19T22:09:40","guid":{"rendered":"https:\/\/zoo.org\/animales-embajadores\/embajadores-aves\/"},"modified":"2025-12-19T18:21:33","modified_gmt":"2025-12-20T02:21:33","slug":"embajadores-aves","status":"publish","type":"page","link":"https:\/\/zoo.org\/es\/animales-embajadores\/embajadores-aves\/","title":{"rendered":"Embajadores Aves"},"content":{"rendered":"\n<div class=\"wp-block-cover alignfull hero\" style=\"margin-top:0;margin-bottom:0\"><img loading=\"lazy\" decoding=\"async\" width=\"1920\" height=\"400\" class=\"wp-block-cover__image-background wp-image-3687 size-full\" alt=\"\" src=\"https:\/\/zoo.org\/wp-content\/uploads\/2025\/08\/Earn-Your-Wings-Header-Image.jpg\" data-object-fit=\"cover\" srcset=\"https:\/\/zoo.org\/wp-content\/uploads\/2025\/08\/Earn-Your-Wings-Header-Image.jpg 1920w, https:\/\/zoo.org\/wp-content\/uploads\/2025\/08\/Earn-Your-Wings-Header-Image-300x63.jpg 300w, https:\/\/zoo.org\/wp-content\/uploads\/2025\/08\/Earn-Your-Wings-Header-Image-1024x213.jpg 1024w, https:\/\/zoo.org\/wp-content\/uploads\/2025\/08\/Earn-Your-Wings-Header-Image-768x160.jpg 768w, https:\/\/zoo.org\/wp-content\/uploads\/2025\/08\/Earn-Your-Wings-Header-Image-1536x320.jpg 1536w\" sizes=\"auto, (max-width: 1920px) 100vw, 1920px\" \/><span aria-hidden=\"true\" class=\"wp-block-cover__background has-background-dim-0 has-background-dim\" style=\"background-color:#66644f\"><\/span><div class=\"wp-block-cover__inner-container is-layout-constrained wp-block-cover-is-layout-constrained\">\n<p class=\"has-text-align-center has-large-font-size\"><\/p>\n<\/div><\/div>\n\n<div class=\"wp-block-group is-layout-constrained wp-block-group-is-layout-constrained\" style=\"margin-top:2em;margin-bottom:3em\">\n<h1 class=\"wp-block-heading has-text-align-center\" style=\"margin-top:0.65em;margin-bottom:0.275em\">ANIMALES EMBAJADORES<\/h1>\n<\/div>\n\n<div class=\"wp-block-group alignfull divider is-layout-constrained wp-block-group-is-layout-constrained\">\n<h2 class=\"wp-block-heading alignfull has-text-align-center\">AVES<\/h2>\n<\/div>\n\n<div class=\"wp-block-columns is-layout-flex wp-container-core-columns-is-layout-3866cfa4 wp-block-columns-is-layout-flex\">\n<div class=\"wp-block-column has-palette-color-17-background-color has-background is-layout-flow wp-container-core-column-is-layout-9b10c18a wp-block-column-is-layout-flow\" style=\"padding-top:0px;padding-right:0px;padding-bottom:0px;padding-left:0px\">\n<figure class=\"wp-block-image size-full\"><img loading=\"lazy\" decoding=\"async\" width=\"800\" height=\"533\" src=\"https:\/\/zoo.org\/wp-content\/uploads\/2025\/08\/eagle-owl.jpg\" alt=\"Un primer plano de un b&#xFA;ho con ojos amarillos y plumas moteadas de color marr&#xF3;n y crema, mirando hacia un lado contra un fondo verde borroso.\" class=\"wp-image-3702\" style=\"object-fit:cover\" srcset=\"https:\/\/zoo.org\/wp-content\/uploads\/2025\/08\/eagle-owl.jpg 800w, https:\/\/zoo.org\/wp-content\/uploads\/2025\/08\/eagle-owl-300x200.jpg 300w, https:\/\/zoo.org\/wp-content\/uploads\/2025\/08\/eagle-owl-768x512.jpg 768w\" sizes=\"auto, (max-width: 800px) 100vw, 800px\" \/><\/figure>\n\n\n\n<div class=\"wp-block-group has-custom-light-grey-background-color has-background is-layout-flow wp-block-group-is-layout-flow\" style=\"border-top-left-radius:0px;border-top-right-radius:0px;border-bottom-left-radius:0px;border-bottom-right-radius:0px;padding-top:25px;padding-right:25px;padding-bottom:25px;padding-left:25px\">\n<h4 class=\"wp-block-heading has-text-align-left\">Fara\u00f3n B\u00faho Real<\/h4>\n\n\n\n<p class=\"has-text-align-left\">Buddy lleg\u00f3 a WPZ en 2013, cuando ten\u00eda un a\u00f1o. Fue criado por una empresa que entrena aves rapaces para ahuyentar a las aves m\u00e1s peque\u00f1as que se alimentan de cultivos. <\/p>\n<\/div>\n<\/div>\n\n\n\n<div class=\"wp-block-column has-palette-color-17-background-color has-background is-layout-flow wp-container-core-column-is-layout-9b10c18a wp-block-column-is-layout-flow\" style=\"padding-top:0px;padding-right:0px;padding-bottom:0px;padding-left:0px\">\n<figure class=\"wp-block-image size-full\"><img loading=\"lazy\" decoding=\"async\" width=\"800\" height=\"533\" src=\"https:\/\/zoo.org\/wp-content\/uploads\/2025\/08\/DDow-gunnar-red-tailed-hawk.jpg\" alt=\"Primer plano de un halc&#xF3;n marr&#xF3;n con rasgos afilados, ojos de color marr&#xF3;n intenso y un pico curvado, mirando ligeramente hacia la derecha contra un fondo oscuro y borroso.\" class=\"wp-image-3701\" srcset=\"https:\/\/zoo.org\/wp-content\/uploads\/2025\/08\/DDow-gunnar-red-tailed-hawk.jpg 800w, https:\/\/zoo.org\/wp-content\/uploads\/2025\/08\/DDow-gunnar-red-tailed-hawk-300x200.jpg 300w, https:\/\/zoo.org\/wp-content\/uploads\/2025\/08\/DDow-gunnar-red-tailed-hawk-768x512.jpg 768w\" sizes=\"auto, (max-width: 800px) 100vw, 800px\" \/><\/figure>\n\n\n\n<div class=\"wp-block-group has-custom-light-grey-background-color has-background is-layout-flow wp-block-group-is-layout-flow\" style=\"border-top-left-radius:0px;border-top-right-radius:0px;border-bottom-left-radius:0px;border-bottom-right-radius:0px;padding-top:25px;padding-right:25px;padding-bottom:25px;padding-left:25px\">\n<h4 class=\"wp-block-heading has-text-align-left\">Halc\u00f3n de cola roja<\/h4>\n\n\n\n<p class=\"has-text-align-left\">De joven, Gunnar fue atropellado por un coche. Por suerte, alguien lo llev\u00f3 a un centro de rehabilitaci\u00f3n donde se recuper\u00f3, salvo por la ceguera permanente del ojo izquierdo. Incapaz de sobrevivir en libertad, ha encontrado su hogar en el Zool\u00f3gico Woodland Park desde 2009. Aunque es ciego de un ojo, a\u00fan puede demostrar el comportamiento natural de las aves rapaces, volando y atrapando ardillas disecadas en el suelo.   <\/p>\n<\/div>\n<\/div>\n\n\n\n<div class=\"wp-block-column has-palette-color-17-background-color has-background is-layout-flow wp-container-core-column-is-layout-a3d0b163 wp-block-column-is-layout-flow\" style=\"padding-top:0px;padding-right:0px;padding-bottom:0px;padding-left:0px\">\n<figure class=\"wp-block-image size-full\"><img loading=\"lazy\" decoding=\"async\" width=\"800\" height=\"533\" src=\"https:\/\/zoo.org\/wp-content\/uploads\/2025\/08\/JDL-Aplomado-falcon-1.jpg\" alt=\"Un halc&#xF3;n con plumas marrones y blancas extiende sus alas mientras vuela entre dos troncos de &#xE1;rboles, mirando directamente a la c&#xE1;mara con sus agudos ojos amarillos.\" class=\"wp-image-3704\" srcset=\"https:\/\/zoo.org\/wp-content\/uploads\/2025\/08\/JDL-Aplomado-falcon-1.jpg 800w, https:\/\/zoo.org\/wp-content\/uploads\/2025\/08\/JDL-Aplomado-falcon-1-300x200.jpg 300w, https:\/\/zoo.org\/wp-content\/uploads\/2025\/08\/JDL-Aplomado-falcon-1-768x512.jpg 768w\" sizes=\"auto, (max-width: 800px) 100vw, 800px\" \/><\/figure>\n\n\n\n<div class=\"wp-block-group has-custom-light-grey-background-color has-background is-layout-flow wp-block-group-is-layout-flow\" style=\"border-top-left-radius:0px;border-top-right-radius:0px;border-bottom-left-radius:0px;border-bottom-right-radius:0px;padding-top:25px;padding-right:25px;padding-bottom:25px;padding-left:25px\">\n<h4 class=\"wp-block-heading has-text-align-left\">Halc\u00f3n Aplomado<\/h4>\n\n\n\n<p class=\"has-text-align-left\">Lola sol\u00eda trabajar en una granja de ar\u00e1ndanos, ahuyentando a los p\u00e1jaros que se com\u00edan los cultivos, \u00a1pero prefer\u00eda pasar tiempo con los granjeros en lugar de trabajar! Ahora interact\u00faa con los visitantes del zool\u00f3gico. Aunque le gusta la gente y demuestra sus incre\u00edbles habilidades de vuelo, Lola puede ser muy protectora de su territorio, el Teatro de la Vida Silvestre.  <\/p>\n<\/div>\n<\/div>\n<\/div>\n\n<div class=\"wp-block-columns is-layout-flex wp-container-core-columns-is-layout-3866cfa4 wp-block-columns-is-layout-flex\">\n<div class=\"wp-block-column has-palette-color-17-background-color has-background is-layout-flow wp-container-core-column-is-layout-9b10c18a wp-block-column-is-layout-flow\" style=\"padding-top:0px;padding-right:0px;padding-bottom:0px;padding-left:0px\">\n<figure class=\"wp-block-image size-full\"><img loading=\"lazy\" decoding=\"async\" width=\"800\" height=\"533\" src=\"https:\/\/zoo.org\/wp-content\/uploads\/2025\/08\/RS29909_DDow_May-18-2014__coba.jpg\" alt=\"Primer plano de un b&#xFA;ho de anteojos con llamativos ojos amarillos, marcas faciales marrones y blancas y un pico afilado, sobre un fondo exterior borroso.\" class=\"wp-image-3708\" style=\"object-fit:cover\" srcset=\"https:\/\/zoo.org\/wp-content\/uploads\/2025\/08\/RS29909_DDow_May-18-2014__coba.jpg 800w, https:\/\/zoo.org\/wp-content\/uploads\/2025\/08\/RS29909_DDow_May-18-2014__coba-300x200.jpg 300w, https:\/\/zoo.org\/wp-content\/uploads\/2025\/08\/RS29909_DDow_May-18-2014__coba-768x512.jpg 768w\" sizes=\"auto, (max-width: 800px) 100vw, 800px\" \/><\/figure>\n\n\n\n<div class=\"wp-block-group has-custom-light-grey-background-color has-background is-layout-flow wp-block-group-is-layout-flow\" style=\"border-top-left-radius:0px;border-top-right-radius:0px;border-bottom-left-radius:0px;border-bottom-right-radius:0px;padding-top:25px;padding-right:25px;padding-bottom:25px;padding-left:25px\">\n<h4 class=\"wp-block-heading has-text-align-left\">B\u00faho de anteojos<\/h4>\n\n\n\n<p class=\"has-text-align-left\">Coba naci\u00f3 en el zool\u00f3gico Woodland Park en 1992. Ha estado \u201centrenando\u201d a nuevo personal y voluntarios sobre c\u00f3mo trabajar con aves rapaces durante m\u00e1s de dos d\u00e9cadas. <br\/><br\/>Coba es tranquilo y de car\u00e1cter afable, por eso suele trabajar con personal nuevo. Le gusta comer ratones y codornices muertos, y le encanta que sus cuidadores le rasquen la cabeza. <\/p>\n<\/div>\n<\/div>\n\n\n\n<div class=\"wp-block-column has-palette-color-17-background-color has-background is-layout-flow wp-container-core-column-is-layout-9b10c18a wp-block-column-is-layout-flow\" style=\"padding-top:0px;padding-right:0px;padding-bottom:0px;padding-left:0px\">\n<figure class=\"wp-block-image size-full\"><img loading=\"lazy\" decoding=\"async\" width=\"800\" height=\"533\" src=\"https:\/\/zoo.org\/wp-content\/uploads\/2025\/08\/Jibini-Ambassador-Animal-web.jpg\" alt=\"Un primer plano de un b&#xFA;ho marr&#xF3;n y gris con grandes ojos oscuros y distintivas marcas faciales negras, frente a la c&#xE1;mara contra un fondo natural borroso.\" class=\"wp-image-3707\" srcset=\"https:\/\/zoo.org\/wp-content\/uploads\/2025\/08\/Jibini-Ambassador-Animal-web.jpg 800w, https:\/\/zoo.org\/wp-content\/uploads\/2025\/08\/Jibini-Ambassador-Animal-web-300x200.jpg 300w, https:\/\/zoo.org\/wp-content\/uploads\/2025\/08\/Jibini-Ambassador-Animal-web-768x512.jpg 768w\" sizes=\"auto, (max-width: 800px) 100vw, 800px\" \/><\/figure>\n\n\n\n<div class=\"wp-block-group has-custom-light-grey-background-color has-background is-layout-flow wp-block-group-is-layout-flow\" style=\"border-top-left-radius:0px;border-top-right-radius:0px;border-bottom-left-radius:0px;border-bottom-right-radius:0px;padding-top:25px;padding-right:25px;padding-bottom:25px;padding-left:25px\">\n<h4 class=\"wp-block-heading has-text-align-left\">B\u00faho real lechoso<\/h4>\n\n\n\n<p class=\"has-text-align-left\">Jibini naci\u00f3 en enero de 2020 y ha crecido r\u00e1pidamente; ya mide 1,5 metros de envergadura. A este ave tranquila le encanta participar en las sesiones de entrenamiento y aprende r\u00e1pido. \u00a1Tambi\u00e9n le encanta ba\u00f1arse bajo la lluvia de Seattle!  <\/p>\n<\/div>\n<\/div>\n\n\n\n<div class=\"wp-block-column has-palette-color-17-background-color has-background is-layout-flow wp-container-core-column-is-layout-a3d0b163 wp-block-column-is-layout-flow\" style=\"padding-top:0px;padding-right:0px;padding-bottom:0px;padding-left:0px\">\n<figure class=\"wp-block-image size-full\"><img loading=\"lazy\" decoding=\"async\" width=\"800\" height=\"533\" src=\"https:\/\/zoo.org\/wp-content\/uploads\/2025\/08\/JDL-Laughlin-Kookaburra.jpg\" alt=\"Primer plano de un cucaburra, un p&#xE1;jaro con plumas marrones y blancas, un pico grande y marcas oscuras alrededor de los ojos, mirando ligeramente hacia la derecha contra un fondo borroso.\" class=\"wp-image-3705\" srcset=\"https:\/\/zoo.org\/wp-content\/uploads\/2025\/08\/JDL-Laughlin-Kookaburra.jpg 800w, https:\/\/zoo.org\/wp-content\/uploads\/2025\/08\/JDL-Laughlin-Kookaburra-300x200.jpg 300w, https:\/\/zoo.org\/wp-content\/uploads\/2025\/08\/JDL-Laughlin-Kookaburra-768x512.jpg 768w\" sizes=\"auto, (max-width: 800px) 100vw, 800px\" \/><\/figure>\n\n\n\n<div class=\"wp-block-group has-custom-light-grey-background-color has-background is-layout-flow wp-block-group-is-layout-flow\" style=\"border-top-left-radius:0px;border-top-right-radius:0px;border-bottom-left-radius:0px;border-bottom-right-radius:0px;padding-top:25px;padding-right:25px;padding-bottom:25px;padding-left:25px\">\n<h4 class=\"wp-block-heading has-text-align-left\">Cucaburra risue\u00f1a<\/h4>\n\n\n\n<p class=\"has-text-align-left\">Flick es muy independiente. A veces, durante el entrenamiento, elige deliberadamente hacer justo lo contrario de lo que le pide el portero y luego se r\u00ede con orgullo. Sus porteros saben que est\u00e1 expresando su derecho a elegir lo que quiere hacer, \u00a1y lo admiran por ello!  <\/p>\n<\/div>\n<\/div>\n<\/div>\n\n<div class=\"wp-block-columns is-layout-flex wp-container-core-columns-is-layout-3866cfa4 wp-block-columns-is-layout-flex\">\n<div class=\"wp-block-column has-palette-color-17-background-color has-background is-layout-flow wp-container-core-column-is-layout-9b10c18a wp-block-column-is-layout-flow\" style=\"padding-top:0px;padding-right:0px;padding-bottom:0px;padding-left:0px\">\n<figure class=\"wp-block-image size-full\"><img loading=\"lazy\" decoding=\"async\" width=\"800\" height=\"533\" src=\"https:\/\/zoo.org\/wp-content\/uploads\/2025\/08\/DDow-ferruginous-hawk.jpg\" alt=\"Primer plano de un halc&#xF3;n con plumas estampadas en tonos marrones y blancos, un pico afilado de color amarillo y negro y ojos penetrantes, sobre un fondo verde borroso.\" class=\"wp-image-3700\" style=\"object-fit:cover\" srcset=\"https:\/\/zoo.org\/wp-content\/uploads\/2025\/08\/DDow-ferruginous-hawk.jpg 800w, https:\/\/zoo.org\/wp-content\/uploads\/2025\/08\/DDow-ferruginous-hawk-300x200.jpg 300w, https:\/\/zoo.org\/wp-content\/uploads\/2025\/08\/DDow-ferruginous-hawk-768x512.jpg 768w\" sizes=\"auto, (max-width: 800px) 100vw, 800px\" \/><\/figure>\n\n\n\n<div class=\"wp-block-group has-custom-light-grey-background-color has-background is-layout-flow wp-block-group-is-layout-flow\" style=\"border-top-left-radius:0px;border-top-right-radius:0px;border-bottom-left-radius:0px;border-bottom-right-radius:0px;padding-top:25px;padding-right:25px;padding-bottom:25px;padding-left:25px\">\n<h4 class=\"wp-block-heading has-text-align-left\">Halc\u00f3n ferruginoso<\/h4>\n\n\n\n<p class=\"has-text-align-left\">Cree naci\u00f3 en libertad en 1991 y fue capturada por un cetrero con licencia. Trabaj\u00f3 en cetrer\u00eda (cazando con un ave rapaz adiestrada) hasta que fue donada al zool\u00f3gico en 1999. <br\/><br\/>A Cree le encanta dar vueltas alrededor del Teatro de Vida Silvestre, a veces planeando cerca de los visitantes desprevenidos que pasan. Los cuidadores suelen animarla a ser paciente y esperar; \u00a1est\u00e1 llena de energ\u00eda y lista para actuar! <\/p>\n<\/div>\n<\/div>\n\n\n\n<div class=\"wp-block-column is-layout-flow wp-container-core-column-is-layout-9b10c18a wp-block-column-is-layout-flow\" style=\"padding-top:0px;padding-right:0px;padding-bottom:0px;padding-left:0px\"><\/div>\n\n\n\n<div class=\"wp-block-column is-layout-flow wp-container-core-column-is-layout-a3d0b163 wp-block-column-is-layout-flow\" style=\"padding-top:0px;padding-right:0px;padding-bottom:0px;padding-left:0px\"><\/div>\n<\/div>\n","protected":false},"excerpt":{"rendered":"<p>ANIMALES EMBAJADORES AVES Fara\u00f3n B\u00faho Real Buddy lleg\u00f3 a WPZ en 2013, cuando ten\u00eda un a\u00f1o. Fue criado por una empresa que entrena aves rapaces para ahuyentar a las aves [&hellip;]<\/p>\n","protected":false},"author":1,"featured_media":12895,"parent":13472,"menu_order":0,"comment_status":"closed","ping_status":"closed","template":"","meta":{"_acf_changed":false,"_kad_blocks_custom_css":"","_kad_blocks_head_custom_js":"","_kad_blocks_body_custom_js":"","_kad_blocks_footer_custom_js":"","footnotes":""},"class_list":["post-14147","page","type-page","status-publish","has-post-thumbnail","hentry"],"blocksy_meta":[],"acf":[],"yoast_head":"<!-- This site is optimized with the Yoast SEO plugin v27.4 - https:\/\/yoast.com\/product\/yoast-seo-wordpress\/ -->\n<title>-<\/title>\n<meta name=\"description\" content=\"Conozca a los animales embajadores en el zool\u00f3gico Woodland Park.\" \/>\n<meta name=\"robots\" content=\"index, follow, max-snippet:-1, max-image-preview:large, max-video-preview:-1\" \/>\n<link rel=\"canonical\" href=\"https:\/\/zoo.org\/es\/animales-embajadores\/embajadores-aves\/\" \/>\n<meta property=\"og:locale\" content=\"es_ES\" \/>\n<meta property=\"og:type\" content=\"article\" \/>\n<meta property=\"og:title\" content=\"-\" \/>\n<meta property=\"og:description\" content=\"Conozca a los animales embajadores en el zool\u00f3gico Woodland Park.\" \/>\n<meta property=\"og:url\" content=\"https:\/\/zoo.org\/es\/animales-embajadores\/embajadores-aves\/\" \/>\n<meta property=\"og:site_name\" content=\"Zool\u00f3gico Woodland Park\" \/>\n<meta property=\"article:modified_time\" content=\"2025-12-20T02:21:33+00:00\" \/>\n<meta property=\"og:image\" content=\"https:\/\/zoo.org\/wp-content\/uploads\/2025\/08\/eagle-owl.jpg?wsr\" \/>\n\t<meta property=\"og:image:width\" content=\"800\" \/>\n\t<meta property=\"og:image:height\" content=\"533\" \/>\n\t<meta property=\"og:image:type\" content=\"image\/jpeg\" \/>\n<meta name=\"twitter:card\" content=\"summary_large_image\" \/>\n<script type=\"application\/ld+json\" class=\"yoast-schema-graph\">{\"@context\":\"https:\\\/\\\/schema.org\",\"@graph\":[{\"@type\":\"WebPage\",\"@id\":\"https:\\\/\\\/zoo.org\\\/es\\\/animales-embajadores\\\/embajadores-aves\\\/\",\"url\":\"https:\\\/\\\/zoo.org\\\/es\\\/animales-embajadores\\\/embajadores-aves\\\/\",\"name\":\"-\",\"isPartOf\":{\"@id\":\"https:\\\/\\\/zoo.org\\\/es\\\/#website\"},\"primaryImageOfPage\":{\"@id\":\"https:\\\/\\\/zoo.org\\\/es\\\/animales-embajadores\\\/embajadores-aves\\\/#primaryimage\"},\"image\":{\"@id\":\"https:\\\/\\\/zoo.org\\\/es\\\/animales-embajadores\\\/embajadores-aves\\\/#primaryimage\"},\"thumbnailUrl\":\"https:\\\/\\\/zoo.org\\\/wp-content\\\/uploads\\\/2025\\\/08\\\/eagle-owl.jpg?wsr\",\"datePublished\":\"2025-08-19T22:09:40+00:00\",\"dateModified\":\"2025-12-20T02:21:33+00:00\",\"description\":\"Conozca a los animales embajadores en el zool\u00f3gico Woodland Park.\",\"breadcrumb\":{\"@id\":\"https:\\\/\\\/zoo.org\\\/es\\\/animales-embajadores\\\/embajadores-aves\\\/#breadcrumb\"},\"inLanguage\":\"es\",\"potentialAction\":[{\"@type\":\"ReadAction\",\"target\":[\"https:\\\/\\\/zoo.org\\\/es\\\/animales-embajadores\\\/embajadores-aves\\\/\"]}]},{\"@type\":\"ImageObject\",\"inLanguage\":\"es\",\"@id\":\"https:\\\/\\\/zoo.org\\\/es\\\/animales-embajadores\\\/embajadores-aves\\\/#primaryimage\",\"url\":\"https:\\\/\\\/zoo.org\\\/wp-content\\\/uploads\\\/2025\\\/08\\\/eagle-owl.jpg?wsr\",\"contentUrl\":\"https:\\\/\\\/zoo.org\\\/wp-content\\\/uploads\\\/2025\\\/08\\\/eagle-owl.jpg?wsr\",\"width\":800,\"height\":533,\"caption\":\"Un primer plano de un b\u00faho con ojos amarillos y plumas moteadas de color marr\u00f3n y crema, mirando hacia un lado contra un fondo verde borroso.\"},{\"@type\":\"BreadcrumbList\",\"@id\":\"https:\\\/\\\/zoo.org\\\/es\\\/animales-embajadores\\\/embajadores-aves\\\/#breadcrumb\",\"itemListElement\":[{\"@type\":\"ListItem\",\"position\":1,\"name\":\"Hogar\",\"item\":\"https:\\\/\\\/zoo.org\\\/es\\\/\"},{\"@type\":\"ListItem\",\"position\":2,\"name\":\"Animales embajadores\",\"item\":\"https:\\\/\\\/zoo.org\\\/es\\\/animales-embajadores\\\/\"},{\"@type\":\"ListItem\",\"position\":3,\"name\":\"Embajadores Aves\"}]},{\"@type\":\"WebSite\",\"@id\":\"https:\\\/\\\/zoo.org\\\/es\\\/#website\",\"url\":\"https:\\\/\\\/zoo.org\\\/es\\\/\",\"name\":\"Zool\u00f3gico Woodland Park\",\"description\":\"El Zool\u00f3gico Woodland Park salva la vida silvestre e inspira a todos a hacer de la conservaci\u00f3n una prioridad en sus vidas.\",\"publisher\":{\"@id\":\"https:\\\/\\\/zoo.org\\\/es\\\/#organization\"},\"potentialAction\":[{\"@type\":\"SearchAction\",\"target\":{\"@type\":\"EntryPoint\",\"urlTemplate\":\"https:\\\/\\\/zoo.org\\\/es\\\/?s={search_term_string}\"},\"query-input\":{\"@type\":\"PropertyValueSpecification\",\"valueRequired\":true,\"valueName\":\"search_term_string\"}}],\"inLanguage\":\"es\"},{\"@type\":\"Organization\",\"@id\":\"https:\\\/\\\/zoo.org\\\/es\\\/#organization\",\"name\":\"Zool\u00f3gico Woodland Park\",\"url\":\"https:\\\/\\\/zoo.org\\\/es\\\/\",\"logo\":{\"@type\":\"ImageObject\",\"inLanguage\":\"es\",\"@id\":\"https:\\\/\\\/zoo.org\\\/es\\\/#\\\/schema\\\/logo\\\/image\\\/\",\"url\":\"https:\\\/\\\/zoo.org\\\/wp-content\\\/uploads\\\/2026\\\/01\\\/WPZ-Logo_white-SVG.svg?wsr\",\"contentUrl\":\"https:\\\/\\\/zoo.org\\\/wp-content\\\/uploads\\\/2026\\\/01\\\/WPZ-Logo_white-SVG.svg?wsr\",\"width\":288,\"height\":282,\"caption\":\"Zool\u00f3gico Woodland Park\"},\"image\":{\"@id\":\"https:\\\/\\\/zoo.org\\\/es\\\/#\\\/schema\\\/logo\\\/image\\\/\"}}]}<\/script>\n<!-- \/ Yoast SEO plugin. -->","yoast_head_json":{"title":"-","description":"Conozca a los animales embajadores en el zool\u00f3gico Woodland Park.","robots":{"index":"index","follow":"follow","max-snippet":"max-snippet:-1","max-image-preview":"max-image-preview:large","max-video-preview":"max-video-preview:-1"},"canonical":"https:\/\/zoo.org\/es\/animales-embajadores\/embajadores-aves\/","og_locale":"es_ES","og_type":"article","og_title":"-","og_description":"Conozca a los animales embajadores en el zool\u00f3gico Woodland Park.","og_url":"https:\/\/zoo.org\/es\/animales-embajadores\/embajadores-aves\/","og_site_name":"Zool\u00f3gico Woodland Park","article_modified_time":"2025-12-20T02:21:33+00:00","og_image":[{"width":800,"height":533,"url":"https:\/\/zoo.org\/wp-content\/uploads\/2025\/08\/eagle-owl.jpg?wsr","type":"image\/jpeg"}],"twitter_card":"summary_large_image","schema":{"@context":"https:\/\/schema.org","@graph":[{"@type":"WebPage","@id":"https:\/\/zoo.org\/es\/animales-embajadores\/embajadores-aves\/","url":"https:\/\/zoo.org\/es\/animales-embajadores\/embajadores-aves\/","name":"-","isPartOf":{"@id":"https:\/\/zoo.org\/es\/#website"},"primaryImageOfPage":{"@id":"https:\/\/zoo.org\/es\/animales-embajadores\/embajadores-aves\/#primaryimage"},"image":{"@id":"https:\/\/zoo.org\/es\/animales-embajadores\/embajadores-aves\/#primaryimage"},"thumbnailUrl":"https:\/\/zoo.org\/wp-content\/uploads\/2025\/08\/eagle-owl.jpg?wsr","datePublished":"2025-08-19T22:09:40+00:00","dateModified":"2025-12-20T02:21:33+00:00","description":"Conozca a los animales embajadores en el zool\u00f3gico Woodland Park.","breadcrumb":{"@id":"https:\/\/zoo.org\/es\/animales-embajadores\/embajadores-aves\/#breadcrumb"},"inLanguage":"es","potentialAction":[{"@type":"ReadAction","target":["https:\/\/zoo.org\/es\/animales-embajadores\/embajadores-aves\/"]}]},{"@type":"ImageObject","inLanguage":"es","@id":"https:\/\/zoo.org\/es\/animales-embajadores\/embajadores-aves\/#primaryimage","url":"https:\/\/zoo.org\/wp-content\/uploads\/2025\/08\/eagle-owl.jpg?wsr","contentUrl":"https:\/\/zoo.org\/wp-content\/uploads\/2025\/08\/eagle-owl.jpg?wsr","width":800,"height":533,"caption":"Un primer plano de un b\u00faho con ojos amarillos y plumas moteadas de color marr\u00f3n y crema, mirando hacia un lado contra un fondo verde borroso."},{"@type":"BreadcrumbList","@id":"https:\/\/zoo.org\/es\/animales-embajadores\/embajadores-aves\/#breadcrumb","itemListElement":[{"@type":"ListItem","position":1,"name":"Hogar","item":"https:\/\/zoo.org\/es\/"},{"@type":"ListItem","position":2,"name":"Animales embajadores","item":"https:\/\/zoo.org\/es\/animales-embajadores\/"},{"@type":"ListItem","position":3,"name":"Embajadores Aves"}]},{"@type":"WebSite","@id":"https:\/\/zoo.org\/es\/#website","url":"https:\/\/zoo.org\/es\/","name":"Zool\u00f3gico Woodland Park","description":"El Zool\u00f3gico Woodland Park salva la vida silvestre e inspira a todos a hacer de la conservaci\u00f3n una prioridad en sus vidas.","publisher":{"@id":"https:\/\/zoo.org\/es\/#organization"},"potentialAction":[{"@type":"SearchAction","target":{"@type":"EntryPoint","urlTemplate":"https:\/\/zoo.org\/es\/?s={search_term_string}"},"query-input":{"@type":"PropertyValueSpecification","valueRequired":true,"valueName":"search_term_string"}}],"inLanguage":"es"},{"@type":"Organization","@id":"https:\/\/zoo.org\/es\/#organization","name":"Zool\u00f3gico Woodland Park","url":"https:\/\/zoo.org\/es\/","logo":{"@type":"ImageObject","inLanguage":"es","@id":"https:\/\/zoo.org\/es\/#\/schema\/logo\/image\/","url":"https:\/\/zoo.org\/wp-content\/uploads\/2026\/01\/WPZ-Logo_white-SVG.svg?wsr","contentUrl":"https:\/\/zoo.org\/wp-content\/uploads\/2026\/01\/WPZ-Logo_white-SVG.svg?wsr","width":288,"height":282,"caption":"Zool\u00f3gico Woodland Park"},"image":{"@id":"https:\/\/zoo.org\/es\/#\/schema\/logo\/image\/"}}]}},"taxonomy_info":[],"featured_image_src_large":["https:\/\/zoo.org\/wp-content\/uploads\/2025\/08\/eagle-owl.jpg?wsr",800,533,false],"author_info":{"display_name":"jloughlin","author_link":"https:\/\/zoo.org\/es\/author\/jloughlin\/"},"comment_info":0,"_links":{"self":[{"href":"https:\/\/zoo.org\/es\/wp-json\/wp\/v2\/pages\/14147","targetHints":{"allow":["GET"]}}],"collection":[{"href":"https:\/\/zoo.org\/es\/wp-json\/wp\/v2\/pages"}],"about":[{"href":"https:\/\/zoo.org\/es\/wp-json\/wp\/v2\/types\/page"}],"author":[{"embeddable":true,"href":"https:\/\/zoo.org\/es\/wp-json\/wp\/v2\/users\/1"}],"replies":[{"embeddable":true,"href":"https:\/\/zoo.org\/es\/wp-json\/wp\/v2\/comments?post=14147"}],"version-history":[{"count":0,"href":"https:\/\/zoo.org\/es\/wp-json\/wp\/v2\/pages\/14147\/revisions"}],"up":[{"embeddable":true,"href":"https:\/\/zoo.org\/es\/wp-json\/wp\/v2\/pages\/13472"}],"wp:featuredmedia":[{"embeddable":true,"href":"https:\/\/zoo.org\/es\/wp-json\/wp\/v2\/media\/12895"}],"wp:attachment":[{"href":"https:\/\/zoo.org\/es\/wp-json\/wp\/v2\/media?parent=14147"}],"curies":[{"name":"wp","href":"https:\/\/api.w.org\/{rel}","templated":true}]}}