{"id":19457,"date":"2026-02-18T14:16:10","date_gmt":"2026-02-18T22:16:10","guid":{"rendered":"https:\/\/zoo.org\/zootune\/suites-zootunes\/"},"modified":"2026-03-24T11:00:24","modified_gmt":"2026-03-24T18:00:24","slug":"suites-zootunes","status":"publish","type":"page","link":"https:\/\/zoo.org\/es\/zootune\/suites-zootunes\/","title":{"rendered":"Suites ZooTunes"},"content":{"rendered":"\n<div class=\"wp-block-cover alignfull hero\" style=\"margin-top:0;margin-bottom:0\"><img loading=\"lazy\" decoding=\"async\" width=\"1920\" height=\"400\" class=\"wp-block-cover__image-background wp-image-4895 size-full\" alt=\"A large crowd gathers on a grassy lawn for an outdoor concert, sitting on blankets and chairs in front of a stage surrounded by trees and greenery on a sunny day.\" src=\"https:\/\/zoo.org\/wp-content\/uploads\/2025\/09\/Zootunes-Aerial-Header-Image.jpg\" data-object-fit=\"cover\" srcset=\"https:\/\/zoo.org\/wp-content\/uploads\/2025\/09\/Zootunes-Aerial-Header-Image.jpg 1920w, https:\/\/zoo.org\/wp-content\/uploads\/2025\/09\/Zootunes-Aerial-Header-Image-300x63.jpg 300w, https:\/\/zoo.org\/wp-content\/uploads\/2025\/09\/Zootunes-Aerial-Header-Image-1024x213.jpg 1024w, https:\/\/zoo.org\/wp-content\/uploads\/2025\/09\/Zootunes-Aerial-Header-Image-768x160.jpg 768w, https:\/\/zoo.org\/wp-content\/uploads\/2025\/09\/Zootunes-Aerial-Header-Image-1536x320.jpg 1536w\" sizes=\"auto, (max-width: 1920px) 100vw, 1920px\" \/><span aria-hidden=\"true\" class=\"wp-block-cover__background has-background-dim-0 has-background-dim\" style=\"background-color:#585132\"><\/span><div class=\"wp-block-cover__inner-container is-layout-constrained wp-block-cover-is-layout-constrained\">\n<p class=\"has-text-align-center has-large-font-size\"><\/p>\n<\/div><\/div>\n\n<div class=\"wp-block-group is-layout-constrained wp-block-group-is-layout-constrained\" style=\"margin-top:2em;margin-bottom:3em\">\n<h1 class=\"wp-block-heading has-text-align-center\" style=\"margin-top:0.65em;margin-bottom:0.275em\">Zootunes de BECU<\/h1>\n\n\n\n<p class=\"has-text-align-center has-palette-color-3-color has-text-color has-link-color wp-elements-b6763ec3d260c120e5d5f5195d25c802\" style=\"margin-bottom:1em;font-size:clamp(0.984em, 0.984rem + ((1vw - 0.2em) * 0.645), 1.5em);font-style:normal;font-weight:500;line-height:1.5\"><strong>Presentado por Carter Subaru<\/strong><\/p>\n<\/div>\n\n<div class=\"wp-block-group alignfull divider is-layout-constrained wp-block-group-is-layout-constrained\">\n<h2 class=\"wp-block-heading alignfull has-text-align-center\">Suites de conciertos<\/h2>\n<\/div>\n\n<h3 class=\"wp-block-heading\">Mejora tu experiencia<\/h3>\n\n<h4 class=\"wp-block-heading\">\u00a1Experimente el mejor tratamiento de estrella de rock en ZooTunes con nuestra exclusiva Suite de Conciertos!<\/h4>\n\n<p>Perfecto para amigos, familiares o colegas, este espacio de sal\u00f3n privado ofrece asientos c\u00f3modos para hasta 8 invitados, lo que lo coloca justo en el centro de la acci\u00f3n.<\/p>\n\n<div class=\"wp-block-buttons is-content-justification-center is-layout-flex wp-container-core-buttons-is-layout-48d0e691 wp-block-buttons-is-layout-flex\" style=\"margin-top:var(--wp--preset--spacing--60);margin-bottom:var(--wp--preset--spacing--60)\">\n<div class=\"wp-block-button\"><a class=\"wp-block-button__link wp-element-button\" href=\"https:\/\/www.gofevo.com\/group\/ZooTunes2026\" target=\"_blank\" rel=\"noreferrer noopener\">Compra tu Suite<\/a><\/div>\n<\/div>\n\n<p><strong>Su paquete Suite de 8 pistas incluye:<\/strong><\/p>\n\n<ul class=\"wp-block-list\">\n<li>8 entradas para ZooTunes (los ni\u00f1os de 2 a\u00f1os o menos entran gratis con un adulto con entrada)<\/li>\n\n\n\n<li>Un sal\u00f3n privado con espacio para hasta 8 invitados.<\/li>\n\n\n\n<li>Su elecci\u00f3n de uno de nuestros <a href=\"https:\/\/zoo.org\/wp-content\/uploads\/2026\/02\/2026-ZooTunes-Suite-Menu.pdf\" type=\"attachment\" id=\"19021\" target=\"_blank\" rel=\"noreferrer noopener\">paquetes de comida premium<\/a> (preseleccionados al momento de la reserva)<\/li>\n\n\n\n<li>Bebidas para comprar con un servidor dedicado.<\/li>\n\n\n\n<li>2 espacios de estacionamiento reservados en Otter Lot ( <a href=\"https:\/\/zoo.org\/es\/indicaciones-y-estacionamiento\/\" type=\"page\" id=\"3056\">ver instrucciones aqu\u00ed<\/a> ) y entrada acelerada a trav\u00e9s de nuestra L\u00ednea de Patronos<\/li>\n<\/ul>\n\n<p>Los servicios de alimentos y bebidas se brindar\u00e1n dentro del \u00e1rea de suites de 5:00 a 8:00 p. m. por Levy Restaurants.  <a href=\"https:\/\/zoo.org\/wp-content\/uploads\/2026\/02\/2026-ZooTunes-Suite-Menu.pdf\" type=\"attachment\" id=\"19021\">Ver el men\u00fa<\/a><\/p>\n\n<p>Disfrute de una experiencia de concierto premium con bocadillos personalizados con tres deliciosos <a href=\"https:\/\/zoo.org\/wp-content\/uploads\/2026\/02\/2026-ZooTunes-Suite-Menu.pdf\" type=\"attachment\" id=\"19021\" target=\"_blank\" rel=\"noreferrer noopener\">paquetes de comida<\/a> preseleccionados. Habr\u00e1 una variedad de bebidas disponibles para comprar. Con comodidades de primera calidad y un ambiente inolvidable, esta suite es la manera perfecta de realzar su noche de ZooTunes. \u00a1Rel\u00e1jese y disfrute de la m\u00fasica con estilo!   <\/p>\n\n<p>Para obtener m\u00e1s informaci\u00f3n, comun\u00edquese con <a href=\"mailto:concerts@zoo.org\">concerts@zoo.org<\/a> .<\/p>\n<style>.wp-block-kadence-advancedgallery.kb-gallery-wrap-id-19227_3f56ba-c9{margin-top:var(--global-kb-spacing-md, 2rem);margin-bottom:var(--global-kb-spacing-lg, 3rem);}.kb-gallery-id-19227_3f56ba-c9 .kadence-blocks-gallery-item .kb-gal-image-radius, .kb-gallery-id-19227_3f56ba-c9 .kb-slide-item .kb-gal-image-radius img{border-radius:0px 0px 0px 0px;;}.kb-gallery-wrap-id-19227_3f56ba-c9.wp-block-kadence-advancedgallery{overflow:visible;}.kb-gallery-wrap-id-19227_3f56ba-c9.wp-block-kadence-advancedgallery .kt-blocks-carousel{overflow:visible;}.kb-gallery-id-19227_3f56ba-c9 .splide__arrow{font-size:var(--global-kb-font-size-md, 1.25rem);}<\/style><div class=\"kb-gallery-wrap-id-19227_3f56ba-c9 alignnone wp-block-kadence-advancedgallery\"><div class=\"kb-gallery-ul kb-gallery-non-static kb-gallery-type-slider kb-gallery-id-19227_3f56ba-c9 kb-gallery-caption-style-bottom-hover kb-gallery-filter-none\" data-image-filter=\"none\" data-lightbox-caption=\"true\"><div class=\"kt-blocks-carousel splide kt-carousel-container-dotstyle-none kt-carousel-arrowstyle-whiteondark kt-carousel-dotstyle-none kb-slider-group-arrow kb-slider-arrow-position-center\" data-slider-anim-speed=\"1000\" data-slider-scroll=\"1\" data-slider-arrows=\"true\" data-slider-fade=\"true\" data-slider-dots=\"false\" data-slider-type=\"slider\" data-slider-hover-pause=\"false\" data-slider-auto=\"\" data-slider-speed=\"7000\" data-show-pause-button=\"false\"><div class=\"splide__track\"><ul class=\"kt-blocks-carousel-init kb-blocks-slider splide__list\"><li class=\"kb-slide-item kb-gallery-slide-item splide__slide\"><div class=\"kadence-blocks-gallery-item\"><div class=\"kadence-blocks-gallery-item-inner\"><figure class=\"kb-gallery-figure kadence-blocks-gallery-item-hide-caption\"><div class=\"kb-gal-image-radius\"><div class=\"kb-gallery-image-contain kadence-blocks-gallery-intrinsic kb-gallery-image-ratio-land32 kb-has-image-ratio-land32\" ><img loading=\"lazy\" decoding=\"async\" src=\"https:\/\/zoo.org\/wp-content\/uploads\/2026\/02\/2025-Zootunes-suites-16_phi-JDL.jpg\" width=\"800\" height=\"533\" alt=\"A large crowd enjoys an outdoor concert, with people sitting on the grass and standing, some with arms raised. Trees and large umbrellas provide shade, and a band performs on a stage in the background.\" data-full-image=\"https:\/\/zoo.org\/wp-content\/uploads\/2026\/02\/2025-Zootunes-suites-16_phi-JDL.jpg\" data-light-image=\"https:\/\/zoo.org\/wp-content\/uploads\/2026\/02\/2025-Zootunes-suites-16_phi-JDL.jpg\" data-id=\"19201\" class=\"wp-image-19201 skip-lazy\" srcset=\"https:\/\/zoo.org\/wp-content\/uploads\/2026\/02\/2025-Zootunes-suites-16_phi-JDL.jpg 800w, https:\/\/zoo.org\/wp-content\/uploads\/2026\/02\/2025-Zootunes-suites-16_phi-JDL-300x200.jpg 300w, https:\/\/zoo.org\/wp-content\/uploads\/2026\/02\/2025-Zootunes-suites-16_phi-JDL-150x100.jpg 150w, https:\/\/zoo.org\/wp-content\/uploads\/2026\/02\/2025-Zootunes-suites-16_phi-JDL-768x512.jpg 768w\" sizes=\"auto, (max-width: 800px) 100vw, 800px\" \/><\/div><\/div><\/figure><\/div><\/div><\/li><li class=\"kb-slide-item kb-gallery-slide-item splide__slide\"><div class=\"kadence-blocks-gallery-item\"><div class=\"kadence-blocks-gallery-item-inner\"><figure class=\"kb-gallery-figure kadence-blocks-gallery-item-hide-caption\"><div class=\"kb-gal-image-radius\"><div class=\"kb-gallery-image-contain kadence-blocks-gallery-intrinsic kb-gallery-image-ratio-land32 kb-has-image-ratio-land32\" ><img loading=\"lazy\" decoding=\"async\" src=\"https:\/\/zoo.org\/wp-content\/uploads\/2026\/02\/2025-Zootunes-suites-5_phi.jpg\" width=\"800\" height=\"533\" alt=\"Three women wearing sunglasses smile at the camera while holding drinks at an outdoor event on a sunny day. People, trees, and a stage are visible in the background.\" data-full-image=\"https:\/\/zoo.org\/wp-content\/uploads\/2026\/02\/2025-Zootunes-suites-5_phi.jpg\" data-light-image=\"https:\/\/zoo.org\/wp-content\/uploads\/2026\/02\/2025-Zootunes-suites-5_phi.jpg\" data-id=\"19197\" class=\"wp-image-19197 skip-lazy\" srcset=\"https:\/\/zoo.org\/wp-content\/uploads\/2026\/02\/2025-Zootunes-suites-5_phi.jpg 800w, https:\/\/zoo.org\/wp-content\/uploads\/2026\/02\/2025-Zootunes-suites-5_phi-300x200.jpg 300w, https:\/\/zoo.org\/wp-content\/uploads\/2026\/02\/2025-Zootunes-suites-5_phi-150x100.jpg 150w, https:\/\/zoo.org\/wp-content\/uploads\/2026\/02\/2025-Zootunes-suites-5_phi-768x512.jpg 768w\" sizes=\"auto, (max-width: 800px) 100vw, 800px\" \/><\/div><\/div><\/figure><\/div><\/div><\/li><li class=\"kb-slide-item kb-gallery-slide-item splide__slide\"><div class=\"kadence-blocks-gallery-item\"><div class=\"kadence-blocks-gallery-item-inner\"><figure class=\"kb-gallery-figure kadence-blocks-gallery-item-hide-caption\"><div class=\"kb-gal-image-radius\"><div class=\"kb-gallery-image-contain kadence-blocks-gallery-intrinsic kb-gallery-image-ratio-land32 kb-has-image-ratio-land32\" ><img loading=\"lazy\" decoding=\"async\" src=\"https:\/\/zoo.org\/wp-content\/uploads\/2026\/02\/2025-Zootunes-suites-15_phi.jpg\" width=\"800\" height=\"533\" alt=\"Three people sit and smile on patio furniture outdoors, with a table in the foreground holding a can of beer, a plate of deli meats, cheese, grapes, and other snacks. A white fence and trees are in the background.\" data-full-image=\"https:\/\/zoo.org\/wp-content\/uploads\/2026\/02\/2025-Zootunes-suites-15_phi.jpg\" data-light-image=\"https:\/\/zoo.org\/wp-content\/uploads\/2026\/02\/2025-Zootunes-suites-15_phi.jpg\" data-id=\"19200\" class=\"wp-image-19200 skip-lazy\" srcset=\"https:\/\/zoo.org\/wp-content\/uploads\/2026\/02\/2025-Zootunes-suites-15_phi.jpg 800w, https:\/\/zoo.org\/wp-content\/uploads\/2026\/02\/2025-Zootunes-suites-15_phi-300x200.jpg 300w, https:\/\/zoo.org\/wp-content\/uploads\/2026\/02\/2025-Zootunes-suites-15_phi-150x100.jpg 150w, https:\/\/zoo.org\/wp-content\/uploads\/2026\/02\/2025-Zootunes-suites-15_phi-768x512.jpg 768w\" sizes=\"auto, (max-width: 800px) 100vw, 800px\" \/><\/div><\/div><\/figure><\/div><\/div><\/li><li class=\"kb-slide-item kb-gallery-slide-item splide__slide\"><div class=\"kadence-blocks-gallery-item\"><div class=\"kadence-blocks-gallery-item-inner\"><figure class=\"kb-gallery-figure kadence-blocks-gallery-item-hide-caption\"><div class=\"kb-gal-image-radius\"><div class=\"kb-gallery-image-contain kadence-blocks-gallery-intrinsic kb-gallery-image-ratio-land32 kb-has-image-ratio-land32\" ><img loading=\"lazy\" decoding=\"async\" src=\"https:\/\/zoo.org\/wp-content\/uploads\/2026\/02\/2025-Zootunes-suites-11_phi.jpg\" width=\"800\" height=\"533\" alt=\"A woman and a man in sunglasses smile and talk at an outdoor music festival, with a cup in the womans hand and a crowd gathered near a stage in the background.\" data-full-image=\"https:\/\/zoo.org\/wp-content\/uploads\/2026\/02\/2025-Zootunes-suites-11_phi.jpg\" data-light-image=\"https:\/\/zoo.org\/wp-content\/uploads\/2026\/02\/2025-Zootunes-suites-11_phi.jpg\" data-id=\"19199\" class=\"wp-image-19199 skip-lazy\" srcset=\"https:\/\/zoo.org\/wp-content\/uploads\/2026\/02\/2025-Zootunes-suites-11_phi.jpg 800w, https:\/\/zoo.org\/wp-content\/uploads\/2026\/02\/2025-Zootunes-suites-11_phi-300x200.jpg 300w, https:\/\/zoo.org\/wp-content\/uploads\/2026\/02\/2025-Zootunes-suites-11_phi-150x100.jpg 150w, https:\/\/zoo.org\/wp-content\/uploads\/2026\/02\/2025-Zootunes-suites-11_phi-768x512.jpg 768w\" sizes=\"auto, (max-width: 800px) 100vw, 800px\" \/><\/div><\/div><\/figure><\/div><\/div><\/li><\/ul><\/div><\/div><\/div><\/div>\n<div class=\"wp-block-buttons is-content-justification-center is-layout-flex wp-container-core-buttons-is-layout-48d0e691 wp-block-buttons-is-layout-flex\" style=\"margin-top:var(--wp--preset--spacing--60);margin-bottom:var(--wp--preset--spacing--60)\">\n<div class=\"wp-block-button\"><a class=\"wp-block-button__link wp-element-button\" href=\"https:\/\/zoo.org\/zootunes\/suiteterms\/\">T\u00e9rminos y servicios<\/a><\/div>\n<\/div>\n","protected":false},"excerpt":{"rendered":"<p>Zootunes de BECU Presentado por Carter Subaru Suites de conciertos Mejora tu experiencia \u00a1Experimente el mejor tratamiento de estrella de rock en ZooTunes con nuestra exclusiva Suite de Conciertos! Perfecto [&hellip;]<\/p>\n","protected":false},"author":1,"featured_media":19459,"parent":12379,"menu_order":0,"comment_status":"closed","ping_status":"closed","template":"","meta":{"_acf_changed":false,"_kad_blocks_custom_css":"","_kad_blocks_head_custom_js":"","_kad_blocks_body_custom_js":"","_kad_blocks_footer_custom_js":"","footnotes":""},"class_list":["post-19457","page","type-page","status-publish","has-post-thumbnail","hentry"],"blocksy_meta":[],"acf":[],"yoast_head":"<!-- This site is optimized with the Yoast SEO plugin v27.3 - https:\/\/yoast.com\/product\/yoast-seo-wordpress\/ -->\n<title>-<\/title>\n<meta name=\"robots\" content=\"index, follow, max-snippet:-1, max-image-preview:large, max-video-preview:-1\" \/>\n<link rel=\"canonical\" href=\"https:\/\/zoo.org\/es\/zootune\/suites-zootunes\/\" \/>\n<meta property=\"og:locale\" content=\"es_ES\" \/>\n<meta property=\"og:type\" content=\"article\" \/>\n<meta property=\"og:title\" content=\"-\" \/>\n<meta property=\"og:description\" content=\"Zootunes de BECU Presentado por Carter Subaru Suites de conciertos Mejora tu experiencia \u00a1Experimente el mejor tratamiento de estrella de rock en ZooTunes con nuestra exclusiva Suite de Conciertos! Perfecto [&hellip;]\" \/>\n<meta property=\"og:url\" content=\"https:\/\/zoo.org\/es\/zootune\/suites-zootunes\/\" \/>\n<meta property=\"og:site_name\" content=\"Zool\u00f3gico Woodland Park\" \/>\n<meta property=\"article:modified_time\" content=\"2026-03-24T18:00:24+00:00\" \/>\n<meta property=\"og:image\" content=\"https:\/\/zoo.org\/wp-content\/uploads\/2026\/02\/2025-Zootunes-suites-16_phi-JDL.jpg?wsr\" \/>\n\t<meta property=\"og:image:width\" content=\"800\" \/>\n\t<meta property=\"og:image:height\" content=\"533\" \/>\n\t<meta property=\"og:image:type\" content=\"image\/jpeg\" \/>\n<meta name=\"twitter:card\" content=\"summary_large_image\" \/>\n<script type=\"application\/ld+json\" class=\"yoast-schema-graph\">{\"@context\":\"https:\\\/\\\/schema.org\",\"@graph\":[{\"@type\":\"WebPage\",\"@id\":\"https:\\\/\\\/zoo.org\\\/es\\\/zootune\\\/suites-zootunes\\\/\",\"url\":\"https:\\\/\\\/zoo.org\\\/es\\\/zootune\\\/suites-zootunes\\\/\",\"name\":\"-\",\"isPartOf\":{\"@id\":\"https:\\\/\\\/zoo.org\\\/es\\\/#website\"},\"primaryImageOfPage\":{\"@id\":\"https:\\\/\\\/zoo.org\\\/es\\\/zootune\\\/suites-zootunes\\\/#primaryimage\"},\"image\":{\"@id\":\"https:\\\/\\\/zoo.org\\\/es\\\/zootune\\\/suites-zootunes\\\/#primaryimage\"},\"thumbnailUrl\":\"https:\\\/\\\/zoo.org\\\/wp-content\\\/uploads\\\/2026\\\/02\\\/2025-Zootunes-suites-16_phi-JDL.jpg?wsr\",\"datePublished\":\"2026-02-18T22:16:10+00:00\",\"dateModified\":\"2026-03-24T18:00:24+00:00\",\"breadcrumb\":{\"@id\":\"https:\\\/\\\/zoo.org\\\/es\\\/zootune\\\/suites-zootunes\\\/#breadcrumb\"},\"inLanguage\":\"es\",\"potentialAction\":[{\"@type\":\"ReadAction\",\"target\":[\"https:\\\/\\\/zoo.org\\\/es\\\/zootune\\\/suites-zootunes\\\/\"]}]},{\"@type\":\"ImageObject\",\"inLanguage\":\"es\",\"@id\":\"https:\\\/\\\/zoo.org\\\/es\\\/zootune\\\/suites-zootunes\\\/#primaryimage\",\"url\":\"https:\\\/\\\/zoo.org\\\/wp-content\\\/uploads\\\/2026\\\/02\\\/2025-Zootunes-suites-16_phi-JDL.jpg?wsr\",\"contentUrl\":\"https:\\\/\\\/zoo.org\\\/wp-content\\\/uploads\\\/2026\\\/02\\\/2025-Zootunes-suites-16_phi-JDL.jpg?wsr\",\"width\":800,\"height\":533,\"caption\":\"Una gran multitud disfruta de un concierto al aire libre, con gente sentada en el c\u00e9sped y de pie, algunos con los brazos en alto. \u00c1rboles y grandes sombrillas dan sombra, y una banda toca en un escenario al fondo.\"},{\"@type\":\"BreadcrumbList\",\"@id\":\"https:\\\/\\\/zoo.org\\\/es\\\/zootune\\\/suites-zootunes\\\/#breadcrumb\",\"itemListElement\":[{\"@type\":\"ListItem\",\"position\":1,\"name\":\"Hogar\",\"item\":\"https:\\\/\\\/zoo.org\\\/es\\\/\"},{\"@type\":\"ListItem\",\"position\":2,\"name\":\"Zootune\",\"item\":\"https:\\\/\\\/zoo.org\\\/es\\\/zootune\\\/\"},{\"@type\":\"ListItem\",\"position\":3,\"name\":\"Suites ZooTunes\"}]},{\"@type\":\"WebSite\",\"@id\":\"https:\\\/\\\/zoo.org\\\/es\\\/#website\",\"url\":\"https:\\\/\\\/zoo.org\\\/es\\\/\",\"name\":\"Zool\u00f3gico Woodland Park\",\"description\":\"El Zool\u00f3gico Woodland Park salva la vida silvestre e inspira a todos a hacer de la conservaci\u00f3n una prioridad en sus vidas.\",\"publisher\":{\"@id\":\"https:\\\/\\\/zoo.org\\\/es\\\/#organization\"},\"potentialAction\":[{\"@type\":\"SearchAction\",\"target\":{\"@type\":\"EntryPoint\",\"urlTemplate\":\"https:\\\/\\\/zoo.org\\\/es\\\/?s={search_term_string}\"},\"query-input\":{\"@type\":\"PropertyValueSpecification\",\"valueRequired\":true,\"valueName\":\"search_term_string\"}}],\"inLanguage\":\"es\"},{\"@type\":\"Organization\",\"@id\":\"https:\\\/\\\/zoo.org\\\/es\\\/#organization\",\"name\":\"Zool\u00f3gico Woodland Park\",\"url\":\"https:\\\/\\\/zoo.org\\\/es\\\/\",\"logo\":{\"@type\":\"ImageObject\",\"inLanguage\":\"es\",\"@id\":\"https:\\\/\\\/zoo.org\\\/es\\\/#\\\/schema\\\/logo\\\/image\\\/\",\"url\":\"https:\\\/\\\/zoo.org\\\/wp-content\\\/uploads\\\/2026\\\/01\\\/WPZ-Logo_white-SVG.svg?wsr\",\"contentUrl\":\"https:\\\/\\\/zoo.org\\\/wp-content\\\/uploads\\\/2026\\\/01\\\/WPZ-Logo_white-SVG.svg?wsr\",\"width\":288,\"height\":282,\"caption\":\"Zool\u00f3gico Woodland Park\"},\"image\":{\"@id\":\"https:\\\/\\\/zoo.org\\\/es\\\/#\\\/schema\\\/logo\\\/image\\\/\"}}]}<\/script>\n<!-- \/ Yoast SEO plugin. -->","yoast_head_json":{"title":"-","robots":{"index":"index","follow":"follow","max-snippet":"max-snippet:-1","max-image-preview":"max-image-preview:large","max-video-preview":"max-video-preview:-1"},"canonical":"https:\/\/zoo.org\/es\/zootune\/suites-zootunes\/","og_locale":"es_ES","og_type":"article","og_title":"-","og_description":"Zootunes de BECU Presentado por Carter Subaru Suites de conciertos Mejora tu experiencia \u00a1Experimente el mejor tratamiento de estrella de rock en ZooTunes con nuestra exclusiva Suite de Conciertos! Perfecto [&hellip;]","og_url":"https:\/\/zoo.org\/es\/zootune\/suites-zootunes\/","og_site_name":"Zool\u00f3gico Woodland Park","article_modified_time":"2026-03-24T18:00:24+00:00","og_image":[{"width":800,"height":533,"url":"https:\/\/zoo.org\/wp-content\/uploads\/2026\/02\/2025-Zootunes-suites-16_phi-JDL.jpg?wsr","type":"image\/jpeg"}],"twitter_card":"summary_large_image","schema":{"@context":"https:\/\/schema.org","@graph":[{"@type":"WebPage","@id":"https:\/\/zoo.org\/es\/zootune\/suites-zootunes\/","url":"https:\/\/zoo.org\/es\/zootune\/suites-zootunes\/","name":"-","isPartOf":{"@id":"https:\/\/zoo.org\/es\/#website"},"primaryImageOfPage":{"@id":"https:\/\/zoo.org\/es\/zootune\/suites-zootunes\/#primaryimage"},"image":{"@id":"https:\/\/zoo.org\/es\/zootune\/suites-zootunes\/#primaryimage"},"thumbnailUrl":"https:\/\/zoo.org\/wp-content\/uploads\/2026\/02\/2025-Zootunes-suites-16_phi-JDL.jpg?wsr","datePublished":"2026-02-18T22:16:10+00:00","dateModified":"2026-03-24T18:00:24+00:00","breadcrumb":{"@id":"https:\/\/zoo.org\/es\/zootune\/suites-zootunes\/#breadcrumb"},"inLanguage":"es","potentialAction":[{"@type":"ReadAction","target":["https:\/\/zoo.org\/es\/zootune\/suites-zootunes\/"]}]},{"@type":"ImageObject","inLanguage":"es","@id":"https:\/\/zoo.org\/es\/zootune\/suites-zootunes\/#primaryimage","url":"https:\/\/zoo.org\/wp-content\/uploads\/2026\/02\/2025-Zootunes-suites-16_phi-JDL.jpg?wsr","contentUrl":"https:\/\/zoo.org\/wp-content\/uploads\/2026\/02\/2025-Zootunes-suites-16_phi-JDL.jpg?wsr","width":800,"height":533,"caption":"Una gran multitud disfruta de un concierto al aire libre, con gente sentada en el c\u00e9sped y de pie, algunos con los brazos en alto. \u00c1rboles y grandes sombrillas dan sombra, y una banda toca en un escenario al fondo."},{"@type":"BreadcrumbList","@id":"https:\/\/zoo.org\/es\/zootune\/suites-zootunes\/#breadcrumb","itemListElement":[{"@type":"ListItem","position":1,"name":"Hogar","item":"https:\/\/zoo.org\/es\/"},{"@type":"ListItem","position":2,"name":"Zootune","item":"https:\/\/zoo.org\/es\/zootune\/"},{"@type":"ListItem","position":3,"name":"Suites ZooTunes"}]},{"@type":"WebSite","@id":"https:\/\/zoo.org\/es\/#website","url":"https:\/\/zoo.org\/es\/","name":"Zool\u00f3gico Woodland Park","description":"El Zool\u00f3gico Woodland Park salva la vida silvestre e inspira a todos a hacer de la conservaci\u00f3n una prioridad en sus vidas.","publisher":{"@id":"https:\/\/zoo.org\/es\/#organization"},"potentialAction":[{"@type":"SearchAction","target":{"@type":"EntryPoint","urlTemplate":"https:\/\/zoo.org\/es\/?s={search_term_string}"},"query-input":{"@type":"PropertyValueSpecification","valueRequired":true,"valueName":"search_term_string"}}],"inLanguage":"es"},{"@type":"Organization","@id":"https:\/\/zoo.org\/es\/#organization","name":"Zool\u00f3gico Woodland Park","url":"https:\/\/zoo.org\/es\/","logo":{"@type":"ImageObject","inLanguage":"es","@id":"https:\/\/zoo.org\/es\/#\/schema\/logo\/image\/","url":"https:\/\/zoo.org\/wp-content\/uploads\/2026\/01\/WPZ-Logo_white-SVG.svg?wsr","contentUrl":"https:\/\/zoo.org\/wp-content\/uploads\/2026\/01\/WPZ-Logo_white-SVG.svg?wsr","width":288,"height":282,"caption":"Zool\u00f3gico Woodland Park"},"image":{"@id":"https:\/\/zoo.org\/es\/#\/schema\/logo\/image\/"}}]}},"taxonomy_info":[],"featured_image_src_large":["https:\/\/zoo.org\/wp-content\/uploads\/2026\/02\/2025-Zootunes-suites-16_phi-JDL.jpg?wsr",800,533,false],"author_info":{"display_name":"jloughlin","author_link":"https:\/\/zoo.org\/es\/author\/jloughlin\/"},"comment_info":0,"_links":{"self":[{"href":"https:\/\/zoo.org\/es\/wp-json\/wp\/v2\/pages\/19457","targetHints":{"allow":["GET"]}}],"collection":[{"href":"https:\/\/zoo.org\/es\/wp-json\/wp\/v2\/pages"}],"about":[{"href":"https:\/\/zoo.org\/es\/wp-json\/wp\/v2\/types\/page"}],"author":[{"embeddable":true,"href":"https:\/\/zoo.org\/es\/wp-json\/wp\/v2\/users\/1"}],"replies":[{"embeddable":true,"href":"https:\/\/zoo.org\/es\/wp-json\/wp\/v2\/comments?post=19457"}],"version-history":[{"count":0,"href":"https:\/\/zoo.org\/es\/wp-json\/wp\/v2\/pages\/19457\/revisions"}],"up":[{"embeddable":true,"href":"https:\/\/zoo.org\/es\/wp-json\/wp\/v2\/pages\/12379"}],"wp:featuredmedia":[{"embeddable":true,"href":"https:\/\/zoo.org\/es\/wp-json\/wp\/v2\/media\/19459"}],"wp:attachment":[{"href":"https:\/\/zoo.org\/es\/wp-json\/wp\/v2\/media?parent=19457"}],"curies":[{"name":"wp","href":"https:\/\/api.w.org\/{rel}","templated":true}]}}