{"id":9709,"date":"2026-03-18T16:15:45","date_gmt":"2026-03-18T23:15:45","guid":{"rendered":"https:\/\/zoo.org\/vecinos\/"},"modified":"2026-03-18T16:16:00","modified_gmt":"2026-03-18T23:16:00","slug":"vecinos","status":"publish","type":"page","link":"https:\/\/zoo.org\/es\/vecinos\/","title":{"rendered":"Vecinos"},"content":{"rendered":"\n<div class=\"wp-block-cover alignfull hero\" style=\"margin-top:0;margin-bottom:0\"><img loading=\"lazy\" decoding=\"async\" width=\"1920\" height=\"400\" class=\"wp-block-cover__image-background wp-image-3493 size-full\" alt=\"\" src=\"https:\/\/zoo.org\/wp-content\/uploads\/2025\/08\/WPZ-Seattle-Aerial-Header-Image.jpg\" data-object-fit=\"cover\" srcset=\"https:\/\/zoo.org\/wp-content\/uploads\/2025\/08\/WPZ-Seattle-Aerial-Header-Image.jpg 1920w, https:\/\/zoo.org\/wp-content\/uploads\/2025\/08\/WPZ-Seattle-Aerial-Header-Image-300x63.jpg 300w, https:\/\/zoo.org\/wp-content\/uploads\/2025\/08\/WPZ-Seattle-Aerial-Header-Image-1024x213.jpg 1024w, https:\/\/zoo.org\/wp-content\/uploads\/2025\/08\/WPZ-Seattle-Aerial-Header-Image-768x160.jpg 768w, https:\/\/zoo.org\/wp-content\/uploads\/2025\/08\/WPZ-Seattle-Aerial-Header-Image-1536x320.jpg 1536w\" sizes=\"auto, (max-width: 1920px) 100vw, 1920px\" \/><span aria-hidden=\"true\" class=\"wp-block-cover__background has-background-dim-0 has-background-dim\" style=\"background-color:#393f38\"><\/span><div class=\"wp-block-cover__inner-container is-layout-constrained wp-block-cover-is-layout-constrained\">\n<p class=\"has-text-align-center has-large-font-size\"><\/p>\n<\/div><\/div>\n\n<div class=\"wp-block-group is-layout-constrained wp-block-group-is-layout-constrained\" style=\"margin-top:2em;margin-bottom:3em\">\n<h1 class=\"wp-block-heading has-text-align-center\" style=\"margin-top:0.65em;margin-bottom:0.275em\">VECINOS DEL ZOOL\u00d3GICO<\/h1>\n\n\n\n<p class=\"has-text-align-center has-palette-color-3-color has-text-color has-link-color wp-elements-40a2f5f223c59a92363f33940a8aaa0a\" style=\"margin-bottom:1em;font-size:clamp(0.984em, 0.984rem + ((1vw - 0.2em) * 0.645), 1.5em);font-style:normal;font-weight:500;line-height:1.5\"><strong>Un zool\u00f3gico dentro de un barrio<\/strong><\/p>\n<\/div>\n\n<div class=\"wp-block-group alignfull divider is-layout-constrained wp-block-group-is-layout-constrained\">\n<h2 class=\"wp-block-heading alignfull has-text-align-center\">Hola vecinos<\/h2>\n<\/div>\n\n<p>El Zool\u00f3gico Woodland Park ha sido un oasis urbano para la comunidad desde 1899. Nuestra colecci\u00f3n de animales, nuestro compromiso con la sostenibilidad y nuestra dedicaci\u00f3n a la conservaci\u00f3n de la vida silvestre lo convierten en un lugar muy especial para que las familias se reencuentren y recuperen energ\u00edas. La pintoresca ubicaci\u00f3n del zool\u00f3gico en Phinney Ridge, junto con el continuo apoyo de nuestros vecinos, realmente nos distingue de otros atractivos de la ciudad.    <\/p>\n\n<p>Valoramos nuestra relaci\u00f3n con la comunidad y nos comprometemos a ser un buen vecino. Visite el sitio con frecuencia para mantenerse al d\u00eda sobre los eventos, exhibiciones y proyectos del zool\u00f3gico, especialmente aquellos de inter\u00e9s para el vecindario. <\/p>\n\n<h3 class=\"wp-block-heading\">Registro para el bolet\u00edn electr\u00f3nico de Zoo Neighbor<\/h3>\n\n<p>Reg\u00edstrese para recibir actualizaciones especiales sobre noticias del zool\u00f3gico e informaci\u00f3n importante del vecindario, incluidos detalles sobre nuestro evento anual de reconocimiento al vecindario.<\/p>\n\n<p> <\/p>\n<script type=\"text\/javascript\" src=\"https:\/\/woodlandparkzoo.formstack.com\/forms\/js.php\/neighbor_news_signup_form\"><\/script><noscript><a href=\"https:\/\/woodlandparkzoo.formstack.com\/forms\/neighbor_news_signup_form\" title=\"Formulario en l\u00ednea\">Formulario en l\u00ednea &#8211; Registro de noticias de Salesforce Neighbor<\/a><\/noscript>\n<style>.wp-block-kadence-image.kb-image21921_081186-a7:not(.kb-specificity-added):not(.kb-extra-specificity-added){margin-top:var(--global-kb-spacing-lg, 3rem);margin-bottom:var(--global-kb-spacing-lg, 3rem);}.kb-image21921_081186-a7 .kb-image-has-overlay:after{opacity:0.3;}<\/style>\n<div class=\"wp-block-kadence-image kb-image21921_081186-a7\"><figure class=\"aligncenter size-full\"><img loading=\"lazy\" decoding=\"async\" width=\"800\" height=\"533\" src=\"https:\/\/zoo.org\/wp-content\/uploads\/2025\/10\/Seattle-Aerial-web.jpg\" alt=\"Aerial view of the zoo with dense trees in the foreground, residential neighborhoods in the middle, and a city skyline with tall buildings and a lake in the distance under a clear sky.\" class=\"kb-img wp-image-6196\" srcset=\"https:\/\/zoo.org\/wp-content\/uploads\/2025\/10\/Seattle-Aerial-web.jpg 800w, https:\/\/zoo.org\/wp-content\/uploads\/2025\/10\/Seattle-Aerial-web-300x200.jpg 300w, https:\/\/zoo.org\/wp-content\/uploads\/2025\/10\/Seattle-Aerial-web-768x512.jpg 768w\" sizes=\"auto, (max-width: 800px) 100vw, 800px\" \/><\/figure><\/div>\n\n<p>Vista a\u00e9rea del Zool\u00f3gico Woodland Park de Seattle con el vecindario circundante de Phinney Ridge. El Lago Verde se encuentra en la parte superior de la foto. El zool\u00f3gico se fund\u00f3 en 1899 cuando la propiedad, originalmente una urbanizaci\u00f3n y desarrollo residencial propiedad de Guy Phinney, fue vendida a la Ciudad de Seattle por su viuda.  <\/p>\n\n<p><a href=\"https:\/\/zoo.org\/es\/historia-del-zoologico\/\">Para obtener m\u00e1s informaci\u00f3n, visite nuestra secci\u00f3n de Historia.<\/a><\/p>\n\n<h3 class=\"wp-block-heading\"><strong>Actualizaciones sobre el vecindario del zool\u00f3gico<\/strong><\/h3>\n\n<p>El 20 de marzo de 2026 retiraremos un casta\u00f1o de Indias enfermo del estacionamiento Flamingo. El \u00e1rbol se est\u00e1 pudriendo desde el interior y presenta signos de compresi\u00f3n. Tambi\u00e9n comenzaremos a retirar los cerezos muertos en West Woodland. Todos los \u00e1rboles que se retirar\u00e1n est\u00e1n completamente muertos y representan un peligro. Los cerezos est\u00e1n perdiendo ramas muertas y corren el riesgo de caerse. Los cerezos ser\u00e1n reemplazados por tilos el 26 de marzo de 2026.       <\/p>\n\n<h3 class=\"wp-block-heading\">Contacto<\/h3>\n\n<p>Env\u00ede un correo electr\u00f3nico <a href=\"mailto:zooneighbors@zoo.org\">a zooneighbors@zoo.org<\/a> si tiene preguntas o comentarios.<\/p>\n\n<p>Para asuntos urgentes, por favor contacte a <a href=\"mailto:zooinfo@zoo.org\">zooinfo@zoo.org<\/a> o llame a nuestra l\u00ednea directa de seguridad 24 horas al 206-295-0078. Para asistencia inmediata con un visitante del zool\u00f3gico que se estaciona en o frente a su entrada, llame a la l\u00ednea de no emergencias del SPD al 206-625-5011. <\/p>\n","protected":false},"excerpt":{"rendered":"<p>VECINOS DEL ZOOL\u00d3GICO Un zool\u00f3gico dentro de un barrio Hola vecinos El Zool\u00f3gico Woodland Park ha sido un oasis urbano para la comunidad desde 1899. Nuestra colecci\u00f3n de animales, nuestro [&hellip;]<\/p>\n","protected":false},"author":1,"featured_media":9275,"parent":0,"menu_order":0,"comment_status":"closed","ping_status":"closed","template":"","meta":{"_acf_changed":false,"_kad_blocks_custom_css":"","_kad_blocks_head_custom_js":"","_kad_blocks_body_custom_js":"","_kad_blocks_footer_custom_js":"","footnotes":""},"class_list":["post-9709","page","type-page","status-publish","has-post-thumbnail","hentry"],"blocksy_meta":[],"acf":[],"yoast_head":"<!-- This site is optimized with the Yoast SEO plugin v27.3 - https:\/\/yoast.com\/product\/yoast-seo-wordpress\/ -->\n<title>-<\/title>\n<meta name=\"description\" content=\"Un recurso para los vecinos del Zool\u00f3gico Woodland Park, incluidos aquellos en Phinney Ridge, Greenwood, Fremont, Wallingford, Ballard y otros vecindarios cercanos.\" \/>\n<meta name=\"robots\" content=\"index, follow, max-snippet:-1, max-image-preview:large, max-video-preview:-1\" \/>\n<link rel=\"canonical\" href=\"https:\/\/zoo.org\/es\/vecinos\/\" \/>\n<meta property=\"og:locale\" content=\"es_ES\" \/>\n<meta property=\"og:type\" content=\"article\" \/>\n<meta property=\"og:title\" content=\"-\" \/>\n<meta property=\"og:description\" content=\"Un recurso para los vecinos del Zool\u00f3gico Woodland Park, incluidos aquellos en Phinney Ridge, Greenwood, Fremont, Wallingford, Ballard y otros vecindarios cercanos.\" \/>\n<meta property=\"og:url\" content=\"https:\/\/zoo.org\/es\/vecinos\/\" \/>\n<meta property=\"og:site_name\" content=\"Zool\u00f3gico Woodland Park\" \/>\n<meta property=\"article:modified_time\" content=\"2026-03-18T23:16:00+00:00\" \/>\n<meta property=\"og:image\" content=\"https:\/\/zoo.org\/wp-content\/uploads\/2025\/10\/Seattle-Aerial-web.jpg?wsr\" \/>\n\t<meta property=\"og:image:width\" content=\"800\" \/>\n\t<meta property=\"og:image:height\" content=\"533\" \/>\n\t<meta property=\"og:image:type\" content=\"image\/jpeg\" \/>\n<meta name=\"twitter:card\" content=\"summary_large_image\" \/>\n<script type=\"application\/ld+json\" class=\"yoast-schema-graph\">{\"@context\":\"https:\\\/\\\/schema.org\",\"@graph\":[{\"@type\":\"WebPage\",\"@id\":\"https:\\\/\\\/zoo.org\\\/es\\\/vecinos\\\/\",\"url\":\"https:\\\/\\\/zoo.org\\\/es\\\/vecinos\\\/\",\"name\":\"-\",\"isPartOf\":{\"@id\":\"https:\\\/\\\/zoo.org\\\/es\\\/#website\"},\"primaryImageOfPage\":{\"@id\":\"https:\\\/\\\/zoo.org\\\/es\\\/vecinos\\\/#primaryimage\"},\"image\":{\"@id\":\"https:\\\/\\\/zoo.org\\\/es\\\/vecinos\\\/#primaryimage\"},\"thumbnailUrl\":\"https:\\\/\\\/zoo.org\\\/wp-content\\\/uploads\\\/2025\\\/10\\\/Seattle-Aerial-web.jpg?wsr\",\"datePublished\":\"2026-03-18T23:15:45+00:00\",\"dateModified\":\"2026-03-18T23:16:00+00:00\",\"description\":\"Un recurso para los vecinos del Zool\u00f3gico Woodland Park, incluidos aquellos en Phinney Ridge, Greenwood, Fremont, Wallingford, Ballard y otros vecindarios cercanos.\",\"breadcrumb\":{\"@id\":\"https:\\\/\\\/zoo.org\\\/es\\\/vecinos\\\/#breadcrumb\"},\"inLanguage\":\"es\",\"potentialAction\":[{\"@type\":\"ReadAction\",\"target\":[\"https:\\\/\\\/zoo.org\\\/es\\\/vecinos\\\/\"]}]},{\"@type\":\"ImageObject\",\"inLanguage\":\"es\",\"@id\":\"https:\\\/\\\/zoo.org\\\/es\\\/vecinos\\\/#primaryimage\",\"url\":\"https:\\\/\\\/zoo.org\\\/wp-content\\\/uploads\\\/2025\\\/10\\\/Seattle-Aerial-web.jpg?wsr\",\"contentUrl\":\"https:\\\/\\\/zoo.org\\\/wp-content\\\/uploads\\\/2025\\\/10\\\/Seattle-Aerial-web.jpg?wsr\",\"width\":800,\"height\":533,\"caption\":\"Vista a\u00e9rea del zool\u00f3gico con \u00e1rboles densos en primer plano, barrios residenciales en el medio y un horizonte de ciudad con edificios altos y un lago en la distancia bajo un cielo despejado.\"},{\"@type\":\"BreadcrumbList\",\"@id\":\"https:\\\/\\\/zoo.org\\\/es\\\/vecinos\\\/#breadcrumb\",\"itemListElement\":[{\"@type\":\"ListItem\",\"position\":1,\"name\":\"Hogar\",\"item\":\"https:\\\/\\\/zoo.org\\\/es\\\/\"},{\"@type\":\"ListItem\",\"position\":2,\"name\":\"Vecinos\"}]},{\"@type\":\"WebSite\",\"@id\":\"https:\\\/\\\/zoo.org\\\/es\\\/#website\",\"url\":\"https:\\\/\\\/zoo.org\\\/es\\\/\",\"name\":\"Zool\u00f3gico Woodland Park\",\"description\":\"El Zool\u00f3gico Woodland Park salva la vida silvestre e inspira a todos a hacer de la conservaci\u00f3n una prioridad en sus vidas.\",\"publisher\":{\"@id\":\"https:\\\/\\\/zoo.org\\\/es\\\/#organization\"},\"potentialAction\":[{\"@type\":\"SearchAction\",\"target\":{\"@type\":\"EntryPoint\",\"urlTemplate\":\"https:\\\/\\\/zoo.org\\\/es\\\/?s={search_term_string}\"},\"query-input\":{\"@type\":\"PropertyValueSpecification\",\"valueRequired\":true,\"valueName\":\"search_term_string\"}}],\"inLanguage\":\"es\"},{\"@type\":\"Organization\",\"@id\":\"https:\\\/\\\/zoo.org\\\/es\\\/#organization\",\"name\":\"Zool\u00f3gico Woodland Park\",\"url\":\"https:\\\/\\\/zoo.org\\\/es\\\/\",\"logo\":{\"@type\":\"ImageObject\",\"inLanguage\":\"es\",\"@id\":\"https:\\\/\\\/zoo.org\\\/es\\\/#\\\/schema\\\/logo\\\/image\\\/\",\"url\":\"https:\\\/\\\/zoo.org\\\/wp-content\\\/uploads\\\/2026\\\/01\\\/WPZ-Logo_white-SVG.svg?wsr\",\"contentUrl\":\"https:\\\/\\\/zoo.org\\\/wp-content\\\/uploads\\\/2026\\\/01\\\/WPZ-Logo_white-SVG.svg?wsr\",\"width\":288,\"height\":282,\"caption\":\"Zool\u00f3gico Woodland Park\"},\"image\":{\"@id\":\"https:\\\/\\\/zoo.org\\\/es\\\/#\\\/schema\\\/logo\\\/image\\\/\"}}]}<\/script>\n<!-- \/ Yoast SEO plugin. -->","yoast_head_json":{"title":"-","description":"Un recurso para los vecinos del Zool\u00f3gico Woodland Park, incluidos aquellos en Phinney Ridge, Greenwood, Fremont, Wallingford, Ballard y otros vecindarios cercanos.","robots":{"index":"index","follow":"follow","max-snippet":"max-snippet:-1","max-image-preview":"max-image-preview:large","max-video-preview":"max-video-preview:-1"},"canonical":"https:\/\/zoo.org\/es\/vecinos\/","og_locale":"es_ES","og_type":"article","og_title":"-","og_description":"Un recurso para los vecinos del Zool\u00f3gico Woodland Park, incluidos aquellos en Phinney Ridge, Greenwood, Fremont, Wallingford, Ballard y otros vecindarios cercanos.","og_url":"https:\/\/zoo.org\/es\/vecinos\/","og_site_name":"Zool\u00f3gico Woodland Park","article_modified_time":"2026-03-18T23:16:00+00:00","og_image":[{"width":800,"height":533,"url":"https:\/\/zoo.org\/wp-content\/uploads\/2025\/10\/Seattle-Aerial-web.jpg?wsr","type":"image\/jpeg"}],"twitter_card":"summary_large_image","schema":{"@context":"https:\/\/schema.org","@graph":[{"@type":"WebPage","@id":"https:\/\/zoo.org\/es\/vecinos\/","url":"https:\/\/zoo.org\/es\/vecinos\/","name":"-","isPartOf":{"@id":"https:\/\/zoo.org\/es\/#website"},"primaryImageOfPage":{"@id":"https:\/\/zoo.org\/es\/vecinos\/#primaryimage"},"image":{"@id":"https:\/\/zoo.org\/es\/vecinos\/#primaryimage"},"thumbnailUrl":"https:\/\/zoo.org\/wp-content\/uploads\/2025\/10\/Seattle-Aerial-web.jpg?wsr","datePublished":"2026-03-18T23:15:45+00:00","dateModified":"2026-03-18T23:16:00+00:00","description":"Un recurso para los vecinos del Zool\u00f3gico Woodland Park, incluidos aquellos en Phinney Ridge, Greenwood, Fremont, Wallingford, Ballard y otros vecindarios cercanos.","breadcrumb":{"@id":"https:\/\/zoo.org\/es\/vecinos\/#breadcrumb"},"inLanguage":"es","potentialAction":[{"@type":"ReadAction","target":["https:\/\/zoo.org\/es\/vecinos\/"]}]},{"@type":"ImageObject","inLanguage":"es","@id":"https:\/\/zoo.org\/es\/vecinos\/#primaryimage","url":"https:\/\/zoo.org\/wp-content\/uploads\/2025\/10\/Seattle-Aerial-web.jpg?wsr","contentUrl":"https:\/\/zoo.org\/wp-content\/uploads\/2025\/10\/Seattle-Aerial-web.jpg?wsr","width":800,"height":533,"caption":"Vista a\u00e9rea del zool\u00f3gico con \u00e1rboles densos en primer plano, barrios residenciales en el medio y un horizonte de ciudad con edificios altos y un lago en la distancia bajo un cielo despejado."},{"@type":"BreadcrumbList","@id":"https:\/\/zoo.org\/es\/vecinos\/#breadcrumb","itemListElement":[{"@type":"ListItem","position":1,"name":"Hogar","item":"https:\/\/zoo.org\/es\/"},{"@type":"ListItem","position":2,"name":"Vecinos"}]},{"@type":"WebSite","@id":"https:\/\/zoo.org\/es\/#website","url":"https:\/\/zoo.org\/es\/","name":"Zool\u00f3gico Woodland Park","description":"El Zool\u00f3gico Woodland Park salva la vida silvestre e inspira a todos a hacer de la conservaci\u00f3n una prioridad en sus vidas.","publisher":{"@id":"https:\/\/zoo.org\/es\/#organization"},"potentialAction":[{"@type":"SearchAction","target":{"@type":"EntryPoint","urlTemplate":"https:\/\/zoo.org\/es\/?s={search_term_string}"},"query-input":{"@type":"PropertyValueSpecification","valueRequired":true,"valueName":"search_term_string"}}],"inLanguage":"es"},{"@type":"Organization","@id":"https:\/\/zoo.org\/es\/#organization","name":"Zool\u00f3gico Woodland Park","url":"https:\/\/zoo.org\/es\/","logo":{"@type":"ImageObject","inLanguage":"es","@id":"https:\/\/zoo.org\/es\/#\/schema\/logo\/image\/","url":"https:\/\/zoo.org\/wp-content\/uploads\/2026\/01\/WPZ-Logo_white-SVG.svg?wsr","contentUrl":"https:\/\/zoo.org\/wp-content\/uploads\/2026\/01\/WPZ-Logo_white-SVG.svg?wsr","width":288,"height":282,"caption":"Zool\u00f3gico Woodland Park"},"image":{"@id":"https:\/\/zoo.org\/es\/#\/schema\/logo\/image\/"}}]}},"taxonomy_info":[],"featured_image_src_large":["https:\/\/zoo.org\/wp-content\/uploads\/2025\/10\/Seattle-Aerial-web.jpg?wsr",800,533,false],"author_info":{"display_name":"jloughlin","author_link":"https:\/\/zoo.org\/es\/author\/jloughlin\/"},"comment_info":0,"_links":{"self":[{"href":"https:\/\/zoo.org\/es\/wp-json\/wp\/v2\/pages\/9709","targetHints":{"allow":["GET"]}}],"collection":[{"href":"https:\/\/zoo.org\/es\/wp-json\/wp\/v2\/pages"}],"about":[{"href":"https:\/\/zoo.org\/es\/wp-json\/wp\/v2\/types\/page"}],"author":[{"embeddable":true,"href":"https:\/\/zoo.org\/es\/wp-json\/wp\/v2\/users\/1"}],"replies":[{"embeddable":true,"href":"https:\/\/zoo.org\/es\/wp-json\/wp\/v2\/comments?post=9709"}],"version-history":[{"count":0,"href":"https:\/\/zoo.org\/es\/wp-json\/wp\/v2\/pages\/9709\/revisions"}],"wp:featuredmedia":[{"embeddable":true,"href":"https:\/\/zoo.org\/es\/wp-json\/wp\/v2\/media\/9275"}],"wp:attachment":[{"href":"https:\/\/zoo.org\/es\/wp-json\/wp\/v2\/media?parent=9709"}],"curies":[{"name":"wp","href":"https:\/\/api.w.org\/{rel}","templated":true}]}}