{"id":9710,"date":"2025-10-16T11:19:37","date_gmt":"2025-10-16T18:19:37","guid":{"rendered":"https:\/\/zoo.org\/historia-del-zoologico\/"},"modified":"2025-12-12T17:38:24","modified_gmt":"2025-12-13T01:38:24","slug":"historia-del-zoologico","status":"publish","type":"page","link":"https:\/\/zoo.org\/es\/historia-del-zoologico\/","title":{"rendered":"Historia del zool\u00f3gico"},"content":{"rendered":"\n<div class=\"wp-block-cover alignfull hero\" style=\"margin-top:0;margin-bottom:0\"><img loading=\"lazy\" decoding=\"async\" width=\"1920\" height=\"400\" class=\"wp-block-cover__image-background wp-image-3493 size-full\" alt=\"\" src=\"https:\/\/zoo.org\/wp-content\/uploads\/2025\/08\/WPZ-Seattle-Aerial-Header-Image.jpg\" data-object-fit=\"cover\" srcset=\"https:\/\/zoo.org\/wp-content\/uploads\/2025\/08\/WPZ-Seattle-Aerial-Header-Image.jpg 1920w, https:\/\/zoo.org\/wp-content\/uploads\/2025\/08\/WPZ-Seattle-Aerial-Header-Image-300x63.jpg 300w, https:\/\/zoo.org\/wp-content\/uploads\/2025\/08\/WPZ-Seattle-Aerial-Header-Image-1024x213.jpg 1024w, https:\/\/zoo.org\/wp-content\/uploads\/2025\/08\/WPZ-Seattle-Aerial-Header-Image-768x160.jpg 768w, https:\/\/zoo.org\/wp-content\/uploads\/2025\/08\/WPZ-Seattle-Aerial-Header-Image-1536x320.jpg 1536w\" sizes=\"auto, (max-width: 1920px) 100vw, 1920px\" \/><span aria-hidden=\"true\" class=\"wp-block-cover__background has-background-dim-0 has-background-dim\" style=\"background-color:#393f38\"><\/span><div class=\"wp-block-cover__inner-container is-layout-constrained wp-block-cover-is-layout-constrained\">\n<p class=\"has-text-align-center has-large-font-size\"><\/p>\n<\/div><\/div>\n\n<div class=\"wp-block-group is-layout-constrained wp-block-group-is-layout-constrained\" style=\"margin-top:2em;margin-bottom:3em\">\n<h1 class=\"wp-block-heading has-text-align-center\" style=\"margin-top:0.65em;margin-bottom:0.275em\">HISTORIA DEL ZOOL\u00d3GICO<\/h1>\n\n\n\n<p class=\"has-text-align-center has-palette-color-3-color has-text-color has-link-color wp-elements-8e1f729fa3fb17aa06b9b4efc926e6c6\" style=\"margin-bottom:1em;font-size:clamp(0.984em, 0.984rem + ((1vw - 0.2em) * 0.645), 1.5em);font-style:normal;font-weight:500;line-height:1.5\">Una breve historia de una tradici\u00f3n comunitaria desde 1899<\/p>\n<\/div>\n\n<div class=\"wp-block-group alignfull divider is-layout-constrained wp-block-group-is-layout-constrained\">\n<h2 class=\"wp-block-heading alignfull has-text-align-center\">TODO COMENZ\u00d3 CUANDO<\/h2>\n<\/div>\n\n<p>Guy Phinney, ingl\u00e9s de nacimiento, invirti\u00f3 40.000 d\u00f3lares en su patrimonio para desarrollar un parque tradicional ingl\u00e9s en sus terrenos a orillas del lago Greenlake de Seattle. Construy\u00f3 una casa grande y dise\u00f1\u00f3 un jard\u00edn de rosas formal, construy\u00f3 una estaci\u00f3n de bombeo para llevar agua del lago Greenlake a sus jardines, erigi\u00f3 una impresionante entrada de piedra en la Avenida 50 e instal\u00f3 una l\u00ednea de tranv\u00eda el\u00e9ctrico a lo largo de la Avenida Fremont para su tranv\u00eda privado. La tradici\u00f3n aristocr\u00e1tica tambi\u00e9n exig\u00eda un parque para ciervos, y para 1893, cuando Phinney falleci\u00f3, ya se hab\u00eda establecido una peque\u00f1a manada en el parque.  <\/p>\n<style>.kb-image6593_b566f9-8f .kb-image-has-overlay:after{opacity:0.3;}<\/style>\n<div class=\"wp-block-kadence-image kb-image6593_b566f9-8f\"><figure class=\"aligncenter size-full\"><img loading=\"lazy\" decoding=\"async\" width=\"450\" height=\"325\" src=\"https:\/\/zoo.org\/wp-content\/uploads\/2025\/10\/wpz-history-1.jpg\" alt=\"Fotograf\u00eda en blanco y negro de los terrenos del antiguo Zool\u00f3gico Woodland Park, con senderos, \u00e1rboles dispersos y gente caminando en grupos. Se aprecian algunas estructuras y bancos en el paisaje abierto. El texto en la esquina superior izquierda indica el cr\u00e9dito.\" class=\"kb-img wp-image-6597\" srcset=\"https:\/\/zoo.org\/wp-content\/uploads\/2025\/10\/wpz-history-1.jpg 450w, https:\/\/zoo.org\/wp-content\/uploads\/2025\/10\/wpz-history-1-300x217.jpg 300w\" sizes=\"auto, (max-width: 450px) 100vw, 450px\" \/><\/figure><\/div>\n\n<p class=\"has-text-align-center\"><em>Zool\u00f3gico Woodland Park alrededor de 1900-1910<\/em><\/p>\n\n<p>El primer zool\u00f3gico de Seattle era una peque\u00f1a colecci\u00f3n de animales propiedad del Telef\u00e9rico del Lago Washington, que se manten\u00eda en el Parque Leschi. Sus animales fueron donados a la Ciudad poco despu\u00e9s de que esta adquiriera el Parque Woodland, y es interesante destacar que el primer uso del Parque Carkeek fue como huerto para los animales del zool\u00f3gico. <\/p>\n\n<p>Los padres de la ciudad contrataron a la famosa firma de arquitectura paisajista de Massachusetts, los Hermanos Olmsted, para crear un parque p\u00fablico con la herencia de Guy Phinney. La elecci\u00f3n fue acertada, ya que el trabajo de la oficina Olmsted, que inclu\u00eda Central Park en la ciudad de Nueva York, era una inspiraci\u00f3n inspirada en la tradici\u00f3n paisaj\u00edstica inglesa. <\/p>\n\n<p>Conservaron los jardines formales de la finca Phinney, trazaron nuevos senderos y crearon varios espacios amplios con corrales para animales en la periferia, siguiendo la moda de la \u00e9poca. Lower Woodland se dej\u00f3 como un bosque informal, pero en 1930, el ingeniero municipal WB Barkuff desarroll\u00f3 un plan para dividir Woodland Park con una autopista de seis carriles. El concejal George Hill, quien previamente hab\u00eda llevado al ingeniero municipal RH Thompson de gira por Europa para \u00abcurarlo de la costumbre de construir carreteras a trav\u00e9s de los parques\u00bb, form\u00f3 una coalici\u00f3n para derrotar el plan de la autopista y propuso una ruta alternativa siguiendo los contornos del terreno. A pesar de un refer\u00e9ndum p\u00fablico en contra del plan, se construy\u00f3 la avenida Aurora y el parque se dividi\u00f3.   <\/p>\n\n<p>Desde entonces, el Zool\u00f3gico Woodland Park ha permanecido en la zona alta de Woodland Park. Durante la Depresi\u00f3n, se construyeron varios proyectos de la WPA, incluyendo un comisariato, estanques para castores y una isla de monos. En 1949, bajo la direcci\u00f3n del director del zool\u00f3gico, Ed Johnson, se dise\u00f1aron las grutas para osos y felinos. En aquel entonces, tambi\u00e9n propuso un zool\u00f3gico infantil, pero no fue hasta 20 a\u00f1os y cinco fallidos Bonos del Parque despu\u00e9s, adem\u00e1s de una controversia sobre el dise\u00f1o tem\u00e1tico, que se inaugur\u00f3 la primera unidad del zool\u00f3gico infantil en 1967.   <\/p>\n\n<p>La emisi\u00f3n de bonos Forward Thrust de 1968 otorg\u00f3 4,5 millones de d\u00f3lares para una lista de mejoras espec\u00edficas del zool\u00f3gico. Estas deb\u00edan desarrollarse de acuerdo con un \u00abplan integral\u00bb, y como no exist\u00eda tal plan, la ciudad contrat\u00f3 al arquitecto GR Bartholick para desarrollar propuestas a largo plazo. Su plan contemplaba la ampliaci\u00f3n del zool\u00f3gico al Parque Lower Woodland mediante un invernadero zool\u00f3gico de 213 metros sobre la Avenida Aurora para reunificar el parque. Parad\u00f3jicamente, una iniciativa p\u00fablica rechaz\u00f3 esta innovadora propuesta en noviembre de 1974.   <\/p>\n<style>.kb-image6593_157e34-99 .kb-image-has-overlay:after{opacity:0.3;}<\/style>\n<div class=\"wp-block-kadence-image kb-image6593_157e34-99\"><figure class=\"aligncenter size-full\"><img loading=\"lazy\" decoding=\"async\" width=\"475\" height=\"385\" src=\"https:\/\/zoo.org\/wp-content\/uploads\/2025\/10\/wpz-history-2.jpg\" alt=\"Fotograf\u00eda hist\u00f3rica en blanco y negro de personas, incluyendo ni\u00f1os, asomada a un muro bajo para observar una exhibici\u00f3n de focas con estructuras rocosas y agua en el Zool\u00f3gico Woodland Park. Se ven \u00e1rboles y edificios del zool\u00f3gico al fondo.\" class=\"kb-img wp-image-6598\" srcset=\"https:\/\/zoo.org\/wp-content\/uploads\/2025\/10\/wpz-history-2.jpg 475w, https:\/\/zoo.org\/wp-content\/uploads\/2025\/10\/wpz-history-2-300x243.jpg 300w\" sizes=\"auto, (max-width: 475px) 100vw, 475px\" \/><\/figure><\/div>\n\n<p class=\"has-text-align-center\"><em><em>\u00abIsla de los Monos\u00bb, un proyecto de la Administraci\u00f3n de Progreso de Obras de la d\u00e9cada de 1930. Posteriormente, sirvi\u00f3 de base para \u00abIsla de los L\u00e9mures\u00bb, una exhibici\u00f3n naturalista en nuestro bioma de la Selva Tropical. <\/em><\/em><\/p>\n\n<p>El alcalde de Seattle, Wes Uhlman, nombr\u00f3 entonces un comit\u00e9 asesor del zool\u00f3gico para establecer las directrices de una nueva direcci\u00f3n, y a finales de la primavera de 1975 se inici\u00f3 la elaboraci\u00f3n de un nuevo plan bajo la direcci\u00f3n de David Hancocks como coordinador de dise\u00f1o. Jones &amp; Jones fue contratada ese oto\u00f1o, y el Ayuntamiento aprob\u00f3 su plan integral a principios de 1976. El Plan a Largo Plazo de 1976 fue el primer plan maestro del zool\u00f3gico. Estableci\u00f3 nuevos criterios de circulaci\u00f3n, paisajismo y uso del suelo, organizados en torno a un enfoque ecol\u00f3gico para el dise\u00f1o del zool\u00f3gico. El desarrollo de Forward Thrust estaba finalmente listo para comenzar. Las primeras obras in situ comenzaron en el verano de 1976, con un calendario previsto para su finalizaci\u00f3n a finales de 1979. Durante ese tiempo se crearon las exhibiciones de la sabana africana, la exhibici\u00f3n de gorilas, las islas de primates y las marismas y ci\u00e9nagas de Norteam\u00e9rica.      <\/p>\n\n<p>La emisi\u00f3n de bonos del zool\u00f3gico de 1985 proporcion\u00f3 31,5 millones de d\u00f3lares y donaciones privadas en respuesta a la campa\u00f1a \u00abSalvemos a nuestros elefantes\u00bb. La Sociedad Zool\u00f3gica de Woodland Park recaud\u00f3 10 millones de d\u00f3lares adicionales de donaciones privadas para igualar la cantidad del bono y construir elementos adicionales del Plan a Largo Plazo de 1976. La exhibici\u00f3n del Bosque de Elefantes Asi\u00e1ticos, la exhibici\u00f3n de la Selva Tropical, el Centro Educativo, la Tienda Zool\u00f3gica, el Complejo de Salud Animal, la exhibici\u00f3n del Sendero del Norte y la exhibici\u00f3n del Sendero de las Vides se construyeron entre 1987 y 1996. <\/p>\n\n<p>El 1 de marzo de 2002, la Ciudad de Seattle, actuando a trav\u00e9s de su Departamento de Parques y Recreaci\u00f3n, firm\u00f3 un Acuerdo de Operaciones y Gesti\u00f3n para el zool\u00f3gico con Woodland Park Zoological Society.<\/p>\n\n<p>Adem\u00e1s de asumir la responsabilidad de las operaciones y la administraci\u00f3n, Woodland Park Zoological Society recaud\u00f3 donaciones privadas para financiar la Villa Africana inaugurada en 2001, la exhibici\u00f3n Jaguar Cove inaugurada en 2003, el carrusel hist\u00f3rico y Zoomazium en 2006, la exhibici\u00f3n de ping\u00fcinos de Humboldt en 2009 y Banyan Wilds inaugurado en 2015.<\/p>\n\n<p>&#8211; <em>Extra\u00eddo en parte del Plan de desarrollo f\u00edsico a largo plazo de 2004 del Zool\u00f3gico Woodland Park<\/em><\/p>\n","protected":false},"excerpt":{"rendered":"<p>HISTORIA DEL ZOOL\u00d3GICO Una breve historia de una tradici\u00f3n comunitaria desde 1899 TODO COMENZ\u00d3 CUANDO Guy Phinney, ingl\u00e9s de nacimiento, invirti\u00f3 40.000 d\u00f3lares en su patrimonio para desarrollar un parque [&hellip;]<\/p>\n","protected":false},"author":1,"featured_media":9275,"parent":0,"menu_order":0,"comment_status":"closed","ping_status":"closed","template":"","meta":{"_acf_changed":false,"_kad_blocks_custom_css":"","_kad_blocks_head_custom_js":"","_kad_blocks_body_custom_js":"","_kad_blocks_footer_custom_js":"","footnotes":""},"class_list":["post-9710","page","type-page","status-publish","has-post-thumbnail","hentry"],"blocksy_meta":[],"acf":[],"yoast_head":"<!-- This site is optimized with the Yoast SEO plugin v27.3 - https:\/\/yoast.com\/product\/yoast-seo-wordpress\/ -->\n<title>-<\/title>\n<meta name=\"description\" content=\"Zool\u00f3gico Woodland Park: Una historia concisa.\" \/>\n<meta name=\"robots\" content=\"index, follow, max-snippet:-1, max-image-preview:large, max-video-preview:-1\" \/>\n<link rel=\"canonical\" href=\"https:\/\/zoo.org\/es\/historia-del-zoologico\/\" \/>\n<meta property=\"og:locale\" content=\"es_ES\" \/>\n<meta property=\"og:type\" content=\"article\" \/>\n<meta property=\"og:title\" content=\"-\" \/>\n<meta property=\"og:description\" content=\"Zool\u00f3gico Woodland Park: Una historia concisa.\" \/>\n<meta property=\"og:url\" content=\"https:\/\/zoo.org\/es\/historia-del-zoologico\/\" \/>\n<meta property=\"og:site_name\" content=\"Zool\u00f3gico Woodland Park\" \/>\n<meta property=\"article:modified_time\" content=\"2025-12-13T01:38:24+00:00\" \/>\n<meta property=\"og:image\" content=\"https:\/\/zoo.org\/wp-content\/uploads\/2025\/10\/Seattle-Aerial-web.jpg\" \/>\n\t<meta property=\"og:image:width\" content=\"800\" \/>\n\t<meta property=\"og:image:height\" content=\"533\" \/>\n\t<meta property=\"og:image:type\" content=\"image\/jpeg\" \/>\n<meta name=\"twitter:card\" content=\"summary_large_image\" \/>\n<script type=\"application\/ld+json\" class=\"yoast-schema-graph\">{\"@context\":\"https:\\\/\\\/schema.org\",\"@graph\":[{\"@type\":\"WebPage\",\"@id\":\"https:\\\/\\\/zoo.org\\\/es\\\/historia-del-zoologico\\\/\",\"url\":\"https:\\\/\\\/zoo.org\\\/es\\\/historia-del-zoologico\\\/\",\"name\":\"-\",\"isPartOf\":{\"@id\":\"https:\\\/\\\/zoo.org\\\/es\\\/#website\"},\"primaryImageOfPage\":{\"@id\":\"https:\\\/\\\/zoo.org\\\/es\\\/historia-del-zoologico\\\/#primaryimage\"},\"image\":{\"@id\":\"https:\\\/\\\/zoo.org\\\/es\\\/historia-del-zoologico\\\/#primaryimage\"},\"thumbnailUrl\":\"https:\\\/\\\/zoo.org\\\/wp-content\\\/uploads\\\/2025\\\/10\\\/Seattle-Aerial-web.jpg?wsr\",\"datePublished\":\"2025-10-16T18:19:37+00:00\",\"dateModified\":\"2025-12-13T01:38:24+00:00\",\"description\":\"Zool\u00f3gico Woodland Park: Una historia concisa.\",\"breadcrumb\":{\"@id\":\"https:\\\/\\\/zoo.org\\\/es\\\/historia-del-zoologico\\\/#breadcrumb\"},\"inLanguage\":\"es\",\"potentialAction\":[{\"@type\":\"ReadAction\",\"target\":[\"https:\\\/\\\/zoo.org\\\/es\\\/historia-del-zoologico\\\/\"]}]},{\"@type\":\"ImageObject\",\"inLanguage\":\"es\",\"@id\":\"https:\\\/\\\/zoo.org\\\/es\\\/historia-del-zoologico\\\/#primaryimage\",\"url\":\"https:\\\/\\\/zoo.org\\\/wp-content\\\/uploads\\\/2025\\\/10\\\/Seattle-Aerial-web.jpg?wsr\",\"contentUrl\":\"https:\\\/\\\/zoo.org\\\/wp-content\\\/uploads\\\/2025\\\/10\\\/Seattle-Aerial-web.jpg?wsr\",\"width\":800,\"height\":533,\"caption\":\"Vista a\u00e9rea del zool\u00f3gico con \u00e1rboles densos en primer plano, barrios residenciales en el medio y un horizonte de ciudad con edificios altos y un lago en la distancia bajo un cielo despejado.\"},{\"@type\":\"BreadcrumbList\",\"@id\":\"https:\\\/\\\/zoo.org\\\/es\\\/historia-del-zoologico\\\/#breadcrumb\",\"itemListElement\":[{\"@type\":\"ListItem\",\"position\":1,\"name\":\"Hogar\",\"item\":\"https:\\\/\\\/zoo.org\\\/es\\\/\"},{\"@type\":\"ListItem\",\"position\":2,\"name\":\"Historia del zool\u00f3gico\"}]},{\"@type\":\"WebSite\",\"@id\":\"https:\\\/\\\/zoo.org\\\/es\\\/#website\",\"url\":\"https:\\\/\\\/zoo.org\\\/es\\\/\",\"name\":\"Zool\u00f3gico Woodland Park\",\"description\":\"El Zool\u00f3gico Woodland Park salva la vida silvestre e inspira a todos a hacer de la conservaci\u00f3n una prioridad en sus vidas.\",\"publisher\":{\"@id\":\"https:\\\/\\\/zoo.org\\\/es\\\/#organization\"},\"potentialAction\":[{\"@type\":\"SearchAction\",\"target\":{\"@type\":\"EntryPoint\",\"urlTemplate\":\"https:\\\/\\\/zoo.org\\\/es\\\/?s={search_term_string}\"},\"query-input\":{\"@type\":\"PropertyValueSpecification\",\"valueRequired\":true,\"valueName\":\"search_term_string\"}}],\"inLanguage\":\"es\"},{\"@type\":\"Organization\",\"@id\":\"https:\\\/\\\/zoo.org\\\/es\\\/#organization\",\"name\":\"Zool\u00f3gico Woodland Park\",\"url\":\"https:\\\/\\\/zoo.org\\\/es\\\/\",\"logo\":{\"@type\":\"ImageObject\",\"inLanguage\":\"es\",\"@id\":\"https:\\\/\\\/zoo.org\\\/es\\\/#\\\/schema\\\/logo\\\/image\\\/\",\"url\":\"https:\\\/\\\/zoo.org\\\/wp-content\\\/uploads\\\/2026\\\/01\\\/WPZ-Logo_white-SVG.svg?wsr\",\"contentUrl\":\"https:\\\/\\\/zoo.org\\\/wp-content\\\/uploads\\\/2026\\\/01\\\/WPZ-Logo_white-SVG.svg?wsr\",\"width\":288,\"height\":282,\"caption\":\"Zool\u00f3gico Woodland Park\"},\"image\":{\"@id\":\"https:\\\/\\\/zoo.org\\\/es\\\/#\\\/schema\\\/logo\\\/image\\\/\"}}]}<\/script>\n<!-- \/ Yoast SEO plugin. -->","yoast_head_json":{"title":"-","description":"Zool\u00f3gico Woodland Park: Una historia concisa.","robots":{"index":"index","follow":"follow","max-snippet":"max-snippet:-1","max-image-preview":"max-image-preview:large","max-video-preview":"max-video-preview:-1"},"canonical":"https:\/\/zoo.org\/es\/historia-del-zoologico\/","og_locale":"es_ES","og_type":"article","og_title":"-","og_description":"Zool\u00f3gico Woodland Park: Una historia concisa.","og_url":"https:\/\/zoo.org\/es\/historia-del-zoologico\/","og_site_name":"Zool\u00f3gico Woodland Park","article_modified_time":"2025-12-13T01:38:24+00:00","og_image":[{"width":800,"height":533,"url":"https:\/\/zoo.org\/wp-content\/uploads\/2025\/10\/Seattle-Aerial-web.jpg","type":"image\/jpeg"}],"twitter_card":"summary_large_image","schema":{"@context":"https:\/\/schema.org","@graph":[{"@type":"WebPage","@id":"https:\/\/zoo.org\/es\/historia-del-zoologico\/","url":"https:\/\/zoo.org\/es\/historia-del-zoologico\/","name":"-","isPartOf":{"@id":"https:\/\/zoo.org\/es\/#website"},"primaryImageOfPage":{"@id":"https:\/\/zoo.org\/es\/historia-del-zoologico\/#primaryimage"},"image":{"@id":"https:\/\/zoo.org\/es\/historia-del-zoologico\/#primaryimage"},"thumbnailUrl":"https:\/\/zoo.org\/wp-content\/uploads\/2025\/10\/Seattle-Aerial-web.jpg?wsr","datePublished":"2025-10-16T18:19:37+00:00","dateModified":"2025-12-13T01:38:24+00:00","description":"Zool\u00f3gico Woodland Park: Una historia concisa.","breadcrumb":{"@id":"https:\/\/zoo.org\/es\/historia-del-zoologico\/#breadcrumb"},"inLanguage":"es","potentialAction":[{"@type":"ReadAction","target":["https:\/\/zoo.org\/es\/historia-del-zoologico\/"]}]},{"@type":"ImageObject","inLanguage":"es","@id":"https:\/\/zoo.org\/es\/historia-del-zoologico\/#primaryimage","url":"https:\/\/zoo.org\/wp-content\/uploads\/2025\/10\/Seattle-Aerial-web.jpg?wsr","contentUrl":"https:\/\/zoo.org\/wp-content\/uploads\/2025\/10\/Seattle-Aerial-web.jpg?wsr","width":800,"height":533,"caption":"Vista a\u00e9rea del zool\u00f3gico con \u00e1rboles densos en primer plano, barrios residenciales en el medio y un horizonte de ciudad con edificios altos y un lago en la distancia bajo un cielo despejado."},{"@type":"BreadcrumbList","@id":"https:\/\/zoo.org\/es\/historia-del-zoologico\/#breadcrumb","itemListElement":[{"@type":"ListItem","position":1,"name":"Hogar","item":"https:\/\/zoo.org\/es\/"},{"@type":"ListItem","position":2,"name":"Historia del zool\u00f3gico"}]},{"@type":"WebSite","@id":"https:\/\/zoo.org\/es\/#website","url":"https:\/\/zoo.org\/es\/","name":"Zool\u00f3gico Woodland Park","description":"El Zool\u00f3gico Woodland Park salva la vida silvestre e inspira a todos a hacer de la conservaci\u00f3n una prioridad en sus vidas.","publisher":{"@id":"https:\/\/zoo.org\/es\/#organization"},"potentialAction":[{"@type":"SearchAction","target":{"@type":"EntryPoint","urlTemplate":"https:\/\/zoo.org\/es\/?s={search_term_string}"},"query-input":{"@type":"PropertyValueSpecification","valueRequired":true,"valueName":"search_term_string"}}],"inLanguage":"es"},{"@type":"Organization","@id":"https:\/\/zoo.org\/es\/#organization","name":"Zool\u00f3gico Woodland Park","url":"https:\/\/zoo.org\/es\/","logo":{"@type":"ImageObject","inLanguage":"es","@id":"https:\/\/zoo.org\/es\/#\/schema\/logo\/image\/","url":"https:\/\/zoo.org\/wp-content\/uploads\/2026\/01\/WPZ-Logo_white-SVG.svg?wsr","contentUrl":"https:\/\/zoo.org\/wp-content\/uploads\/2026\/01\/WPZ-Logo_white-SVG.svg?wsr","width":288,"height":282,"caption":"Zool\u00f3gico Woodland Park"},"image":{"@id":"https:\/\/zoo.org\/es\/#\/schema\/logo\/image\/"}}]}},"taxonomy_info":[],"featured_image_src_large":["https:\/\/zoo.org\/wp-content\/uploads\/2025\/10\/Seattle-Aerial-web.jpg?wsr",800,533,false],"author_info":{"display_name":"jloughlin","author_link":"https:\/\/zoo.org\/es\/author\/jloughlin\/"},"comment_info":0,"_links":{"self":[{"href":"https:\/\/zoo.org\/es\/wp-json\/wp\/v2\/pages\/9710","targetHints":{"allow":["GET"]}}],"collection":[{"href":"https:\/\/zoo.org\/es\/wp-json\/wp\/v2\/pages"}],"about":[{"href":"https:\/\/zoo.org\/es\/wp-json\/wp\/v2\/types\/page"}],"author":[{"embeddable":true,"href":"https:\/\/zoo.org\/es\/wp-json\/wp\/v2\/users\/1"}],"replies":[{"embeddable":true,"href":"https:\/\/zoo.org\/es\/wp-json\/wp\/v2\/comments?post=9710"}],"version-history":[{"count":0,"href":"https:\/\/zoo.org\/es\/wp-json\/wp\/v2\/pages\/9710\/revisions"}],"wp:featuredmedia":[{"embeddable":true,"href":"https:\/\/zoo.org\/es\/wp-json\/wp\/v2\/media\/9275"}],"wp:attachment":[{"href":"https:\/\/zoo.org\/es\/wp-json\/wp\/v2\/media?parent=9710"}],"curies":[{"name":"wp","href":"https:\/\/api.w.org\/{rel}","templated":true}]}}