{"id":9729,"date":"2025-10-16T13:59:55","date_gmt":"2025-10-16T20:59:55","guid":{"rendered":"https:\/\/zoo.org\/solicitud-de-donacion\/"},"modified":"2026-02-12T11:23:52","modified_gmt":"2026-02-12T19:23:52","slug":"solicitud-de-donacion","status":"publish","type":"page","link":"https:\/\/zoo.org\/es\/solicitud-de-donacion\/","title":{"rendered":"Solicitud de donaci\u00f3n"},"content":{"rendered":"\n<div class=\"wp-block-cover alignfull hero\" style=\"margin-top:0;margin-bottom:0\"><img loading=\"lazy\" decoding=\"async\" width=\"1920\" height=\"400\" class=\"wp-block-cover__image-background wp-image-3493 size-full\" alt=\"\" src=\"https:\/\/zoo.org\/wp-content\/uploads\/2025\/08\/WPZ-Seattle-Aerial-Header-Image.jpg\" data-object-fit=\"cover\" srcset=\"https:\/\/zoo.org\/wp-content\/uploads\/2025\/08\/WPZ-Seattle-Aerial-Header-Image.jpg 1920w, https:\/\/zoo.org\/wp-content\/uploads\/2025\/08\/WPZ-Seattle-Aerial-Header-Image-300x63.jpg 300w, https:\/\/zoo.org\/wp-content\/uploads\/2025\/08\/WPZ-Seattle-Aerial-Header-Image-1024x213.jpg 1024w, https:\/\/zoo.org\/wp-content\/uploads\/2025\/08\/WPZ-Seattle-Aerial-Header-Image-768x160.jpg 768w, https:\/\/zoo.org\/wp-content\/uploads\/2025\/08\/WPZ-Seattle-Aerial-Header-Image-1536x320.jpg 1536w\" sizes=\"auto, (max-width: 1920px) 100vw, 1920px\" \/><span aria-hidden=\"true\" class=\"wp-block-cover__background has-background-dim-0 has-background-dim\" style=\"background-color:#393f38\"><\/span><div class=\"wp-block-cover__inner-container is-layout-constrained wp-block-cover-is-layout-constrained\">\n<p class=\"has-text-align-center has-large-font-size\"><\/p>\n<\/div><\/div>\n\n<div class=\"wp-block-group is-layout-constrained wp-block-group-is-layout-constrained\" style=\"margin-top:2em;margin-bottom:3em\">\n<h1 class=\"wp-block-heading has-text-align-center\" style=\"margin-top:0.65em;margin-bottom:0.275em\">SOLICITUDES DE DONACI\u00d3N PARA SUBASTAS<\/h1>\n\n\n\n<p class=\"has-text-align-center has-palette-color-3-color has-text-color has-link-color wp-elements-ac78dd69f4e45b9d5ef44b240dbe03f6\" style=\"margin-bottom:1em;font-size:clamp(0.984em, 0.984rem + ((1vw - 0.2em) * 0.645), 1.5em);font-style:normal;font-weight:500;line-height:1.5\"><strong>Las organizaciones sin fines de lucro elegibles pueden solicitar una donaci\u00f3n de pases para el zool\u00f3gico.<\/strong><\/p>\n<\/div>\n\n<div class=\"wp-block-group alignfull divider is-layout-constrained wp-block-group-is-layout-constrained\">\n<h2 class=\"wp-block-heading alignfull has-text-align-center\">ENV\u00cdE SU SOLICITUD<\/h2>\n<\/div>\n\n<p>Gracias por visitar la p\u00e1gina de Solicitud de Donaciones del Zool\u00f3gico Woodland Park. El zool\u00f3gico ofrece anualmente una cantidad limitada de donaciones de entradas a organizaciones ben\u00e9ficas locales para su uso en eventos de recaudaci\u00f3n de fondos. Estas donaciones se realizan mediante Paquetes Familiares, que incluyen cuatro (4) pases diarios individuales para todas las edades al Zool\u00f3gico Woodland Park. No podemos donar tours, experiencias tras bambalinas ni experiencias con animales.  <\/p>\n\n<p>El zool\u00f3gico recibe cientos de solicitudes de donaciones cada mes, y aunque desear\u00edamos poder atender todas las solicitudes que recibimos, tenemos un l\u00edmite en la cantidad que podemos proporcionar. Las donaciones para el Paquete Familiar de Diversi\u00f3n solo est\u00e1n disponibles para organizaciones sin fines de lucro con licencia federal 501c(3). Las organizaciones est\u00e1n limitadas a una donaci\u00f3n por a\u00f1o calendario.  <\/p>\n\n<p>Lea atentamente los Criterios de Selecci\u00f3n y complete el formulario a continuaci\u00f3n para solicitar un Paquete Familiar Divertido (valor de venta al p\u00fablico: $90). Si su solicitud es aprobada, le enviaremos un Paquete Familiar Divertido por correo. Debido al volumen de solicitudes que recibimos mensualmente, es posible que no podamos responder a todas. Este formulario es solo para solicitudes de donaciones para subastas; para solicitar entradas para socios del Programa de Acceso Comunitario (PAC), visite <a href=\"https:\/\/zoo.org\/es\/programa-de-acceso-comunitario\/\">zoo.org\/community<\/a> .   <\/p>\n\n<p><a href=\"https:\/\/zoo.org\/wp-content\/uploads\/2026\/02\/WPZ-Auction-Donation-Request-Support-Flier.pdf\" type=\"attachment\" id=\"18842\" target=\"_blank\" rel=\"noreferrer noopener\">Descargue un folleto para exhibir en su evento de recaudaci\u00f3n de fondos o para entreg\u00e1rselo al destinatario seleccionado.<\/a><\/p>\n\n<div class=\"wp-block-buttons is-content-justification-center is-layout-flex wp-container-core-buttons-is-layout-48d0e691 wp-block-buttons-is-layout-flex\" style=\"margin-top:var(--wp--preset--spacing--60);margin-bottom:var(--wp--preset--spacing--60)\">\n<div class=\"wp-block-button\"><a class=\"wp-block-button__link wp-element-button\" href=\"http:\/\/www.formstack.com\/forms\/?1059553-JKtasVgzGP\" target=\"_blank\" rel=\"noreferrer noopener\">COMPLETE EL FORMULARIO DE SOLICITUD<\/a><\/div>\n<\/div>\n\n<h3 class=\"wp-block-heading\">Criterios de consideraci\u00f3n<\/h3>\n\n<p><em>Debido al gran volumen de solicitudes que recibimos, el zool\u00f3gico podr\u00eda rechazarlas por motivos de capacidad y no solo por m\u00e9ritos. Gracias por su comprensi\u00f3n. <\/em><\/p>\n\n<ul class=\"wp-block-list\">\n<li>La organizaci\u00f3n debe ser una agencia caritativa sin fines de lucro 501c (3) con licencia federal.<\/li>\n\n\n\n<li>Se dar\u00e1 prioridad a los grupos con una misi\u00f3n educativa, ambiental o ben\u00e9fica.<\/li>\n\n\n\n<li>Solicitudes de recaudaci\u00f3n de fondos de escuelas primarias y secundarias para fines acad\u00e9micos\/educativos<\/li>\n\n\n\n<li>La organizaci\u00f3n debe estar ubicada dentro del estado de Washington.<\/li>\n\n\n\n<li>Las solicitudes deben presentarse con un m\u00ednimo de 30 d\u00edas de anticipaci\u00f3n al evento y no m\u00e1s de seis meses antes de la fecha del evento.<\/li>\n\n\n\n<li>No se aceptan solicitudes por tel\u00e9fono ni por correo, DEBE <a href=\"http:\/\/www.formstack.com\/forms\/?1059553-JKtasVgzGP\" target=\"_blank\" rel=\"noreferrer noopener\">presentar la solicitud a trav\u00e9s de nuestro formulario en l\u00ednea.<\/a><\/li>\n<\/ul>\n\n<h4 class=\"wp-block-heading\">NO ELEGIBLE<\/h4>\n\n<ul class=\"wp-block-list\">\n<li>Cualquier solicitud que no cumpla con los criterios anteriores<\/li>\n\n\n\n<li>Recaudaciones de fondos individuales, recaudaciones de fondos en equipo, organizaciones deportivas (incluidos clubes de refuerzo)<\/li>\n\n\n\n<li>Recaudaci\u00f3n de fondos escolares K-12 para eventos extracurriculares (refuerzo, deportes de equipo, viajes para personas mayores, etc.)<\/li>\n\n\n\n<li>Cualquier solicitud que deba enviarse por correo a una direcci\u00f3n privada<\/li>\n\n\n\n<li>Cualquier organizaci\u00f3n que ya haya recibido una donaci\u00f3n en los \u00faltimos 12 meses<\/li>\n\n\n\n<li>Premios para empleados, estudiantes o voluntarios<\/li>\n<\/ul>\n","protected":false},"excerpt":{"rendered":"<p>SOLICITUDES DE DONACI\u00d3N PARA SUBASTAS Las organizaciones sin fines de lucro elegibles pueden solicitar una donaci\u00f3n de pases para el zool\u00f3gico. ENV\u00cdE SU SOLICITUD Gracias por visitar la p\u00e1gina de [&hellip;]<\/p>\n","protected":false},"author":1,"featured_media":9275,"parent":0,"menu_order":0,"comment_status":"closed","ping_status":"closed","template":"","meta":{"_acf_changed":false,"_kad_blocks_custom_css":"","_kad_blocks_head_custom_js":"","_kad_blocks_body_custom_js":"","_kad_blocks_footer_custom_js":"","footnotes":""},"class_list":["post-9729","page","type-page","status-publish","has-post-thumbnail","hentry"],"blocksy_meta":[],"acf":[],"yoast_head":"<!-- This site is optimized with the Yoast SEO plugin v27.4 - https:\/\/yoast.com\/product\/yoast-seo-wordpress\/ -->\n<title>-<\/title>\n<meta name=\"description\" content=\"\u00bfEs una organizaci\u00f3n sin fines de lucro del condado de King que organiza una subasta? Puede solicitar una donaci\u00f3n de pases para el zool\u00f3gico Woodland Park para apoyar su causa.\" \/>\n<meta name=\"robots\" content=\"index, follow, max-snippet:-1, max-image-preview:large, max-video-preview:-1\" \/>\n<link rel=\"canonical\" href=\"https:\/\/zoo.org\/es\/solicitud-de-donacion\/\" \/>\n<meta property=\"og:locale\" content=\"es_ES\" \/>\n<meta property=\"og:type\" content=\"article\" \/>\n<meta property=\"og:title\" content=\"-\" \/>\n<meta property=\"og:description\" content=\"\u00bfEs una organizaci\u00f3n sin fines de lucro del condado de King que organiza una subasta? Puede solicitar una donaci\u00f3n de pases para el zool\u00f3gico Woodland Park para apoyar su causa.\" \/>\n<meta property=\"og:url\" content=\"https:\/\/zoo.org\/es\/solicitud-de-donacion\/\" \/>\n<meta property=\"og:site_name\" content=\"Zool\u00f3gico Woodland Park\" \/>\n<meta property=\"article:modified_time\" content=\"2026-02-12T19:23:52+00:00\" \/>\n<meta property=\"og:image\" content=\"https:\/\/zoo.org\/wp-content\/uploads\/2025\/10\/Seattle-Aerial-web.jpg?wsr\" \/>\n\t<meta property=\"og:image:width\" content=\"800\" \/>\n\t<meta property=\"og:image:height\" content=\"533\" \/>\n\t<meta property=\"og:image:type\" content=\"image\/jpeg\" \/>\n<meta name=\"twitter:card\" content=\"summary_large_image\" \/>\n<script type=\"application\/ld+json\" class=\"yoast-schema-graph\">{\"@context\":\"https:\\\/\\\/schema.org\",\"@graph\":[{\"@type\":\"WebPage\",\"@id\":\"https:\\\/\\\/zoo.org\\\/es\\\/solicitud-de-donacion\\\/\",\"url\":\"https:\\\/\\\/zoo.org\\\/es\\\/solicitud-de-donacion\\\/\",\"name\":\"-\",\"isPartOf\":{\"@id\":\"https:\\\/\\\/zoo.org\\\/es\\\/#website\"},\"primaryImageOfPage\":{\"@id\":\"https:\\\/\\\/zoo.org\\\/es\\\/solicitud-de-donacion\\\/#primaryimage\"},\"image\":{\"@id\":\"https:\\\/\\\/zoo.org\\\/es\\\/solicitud-de-donacion\\\/#primaryimage\"},\"thumbnailUrl\":\"https:\\\/\\\/zoo.org\\\/wp-content\\\/uploads\\\/2025\\\/10\\\/Seattle-Aerial-web.jpg?wsr\",\"datePublished\":\"2025-10-16T20:59:55+00:00\",\"dateModified\":\"2026-02-12T19:23:52+00:00\",\"description\":\"\u00bfEs una organizaci\u00f3n sin fines de lucro del condado de King que organiza una subasta? Puede solicitar una donaci\u00f3n de pases para el zool\u00f3gico Woodland Park para apoyar su causa.\",\"breadcrumb\":{\"@id\":\"https:\\\/\\\/zoo.org\\\/es\\\/solicitud-de-donacion\\\/#breadcrumb\"},\"inLanguage\":\"es\",\"potentialAction\":[{\"@type\":\"ReadAction\",\"target\":[\"https:\\\/\\\/zoo.org\\\/es\\\/solicitud-de-donacion\\\/\"]}]},{\"@type\":\"ImageObject\",\"inLanguage\":\"es\",\"@id\":\"https:\\\/\\\/zoo.org\\\/es\\\/solicitud-de-donacion\\\/#primaryimage\",\"url\":\"https:\\\/\\\/zoo.org\\\/wp-content\\\/uploads\\\/2025\\\/10\\\/Seattle-Aerial-web.jpg?wsr\",\"contentUrl\":\"https:\\\/\\\/zoo.org\\\/wp-content\\\/uploads\\\/2025\\\/10\\\/Seattle-Aerial-web.jpg?wsr\",\"width\":800,\"height\":533,\"caption\":\"Vista a\u00e9rea del zool\u00f3gico con \u00e1rboles densos en primer plano, barrios residenciales en el medio y un horizonte de ciudad con edificios altos y un lago en la distancia bajo un cielo despejado.\"},{\"@type\":\"BreadcrumbList\",\"@id\":\"https:\\\/\\\/zoo.org\\\/es\\\/solicitud-de-donacion\\\/#breadcrumb\",\"itemListElement\":[{\"@type\":\"ListItem\",\"position\":1,\"name\":\"Hogar\",\"item\":\"https:\\\/\\\/zoo.org\\\/es\\\/\"},{\"@type\":\"ListItem\",\"position\":2,\"name\":\"Solicitud de donaci\u00f3n\"}]},{\"@type\":\"WebSite\",\"@id\":\"https:\\\/\\\/zoo.org\\\/es\\\/#website\",\"url\":\"https:\\\/\\\/zoo.org\\\/es\\\/\",\"name\":\"Zool\u00f3gico Woodland Park\",\"description\":\"El Zool\u00f3gico Woodland Park salva la vida silvestre e inspira a todos a hacer de la conservaci\u00f3n una prioridad en sus vidas.\",\"publisher\":{\"@id\":\"https:\\\/\\\/zoo.org\\\/es\\\/#organization\"},\"potentialAction\":[{\"@type\":\"SearchAction\",\"target\":{\"@type\":\"EntryPoint\",\"urlTemplate\":\"https:\\\/\\\/zoo.org\\\/es\\\/?s={search_term_string}\"},\"query-input\":{\"@type\":\"PropertyValueSpecification\",\"valueRequired\":true,\"valueName\":\"search_term_string\"}}],\"inLanguage\":\"es\"},{\"@type\":\"Organization\",\"@id\":\"https:\\\/\\\/zoo.org\\\/es\\\/#organization\",\"name\":\"Zool\u00f3gico Woodland Park\",\"url\":\"https:\\\/\\\/zoo.org\\\/es\\\/\",\"logo\":{\"@type\":\"ImageObject\",\"inLanguage\":\"es\",\"@id\":\"https:\\\/\\\/zoo.org\\\/es\\\/#\\\/schema\\\/logo\\\/image\\\/\",\"url\":\"https:\\\/\\\/zoo.org\\\/wp-content\\\/uploads\\\/2026\\\/01\\\/WPZ-Logo_white-SVG.svg?wsr\",\"contentUrl\":\"https:\\\/\\\/zoo.org\\\/wp-content\\\/uploads\\\/2026\\\/01\\\/WPZ-Logo_white-SVG.svg?wsr\",\"width\":288,\"height\":282,\"caption\":\"Zool\u00f3gico Woodland Park\"},\"image\":{\"@id\":\"https:\\\/\\\/zoo.org\\\/es\\\/#\\\/schema\\\/logo\\\/image\\\/\"}}]}<\/script>\n<!-- \/ Yoast SEO plugin. -->","yoast_head_json":{"title":"-","description":"\u00bfEs una organizaci\u00f3n sin fines de lucro del condado de King que organiza una subasta? Puede solicitar una donaci\u00f3n de pases para el zool\u00f3gico Woodland Park para apoyar su causa.","robots":{"index":"index","follow":"follow","max-snippet":"max-snippet:-1","max-image-preview":"max-image-preview:large","max-video-preview":"max-video-preview:-1"},"canonical":"https:\/\/zoo.org\/es\/solicitud-de-donacion\/","og_locale":"es_ES","og_type":"article","og_title":"-","og_description":"\u00bfEs una organizaci\u00f3n sin fines de lucro del condado de King que organiza una subasta? Puede solicitar una donaci\u00f3n de pases para el zool\u00f3gico Woodland Park para apoyar su causa.","og_url":"https:\/\/zoo.org\/es\/solicitud-de-donacion\/","og_site_name":"Zool\u00f3gico Woodland Park","article_modified_time":"2026-02-12T19:23:52+00:00","og_image":[{"width":800,"height":533,"url":"https:\/\/zoo.org\/wp-content\/uploads\/2025\/10\/Seattle-Aerial-web.jpg?wsr","type":"image\/jpeg"}],"twitter_card":"summary_large_image","schema":{"@context":"https:\/\/schema.org","@graph":[{"@type":"WebPage","@id":"https:\/\/zoo.org\/es\/solicitud-de-donacion\/","url":"https:\/\/zoo.org\/es\/solicitud-de-donacion\/","name":"-","isPartOf":{"@id":"https:\/\/zoo.org\/es\/#website"},"primaryImageOfPage":{"@id":"https:\/\/zoo.org\/es\/solicitud-de-donacion\/#primaryimage"},"image":{"@id":"https:\/\/zoo.org\/es\/solicitud-de-donacion\/#primaryimage"},"thumbnailUrl":"https:\/\/zoo.org\/wp-content\/uploads\/2025\/10\/Seattle-Aerial-web.jpg?wsr","datePublished":"2025-10-16T20:59:55+00:00","dateModified":"2026-02-12T19:23:52+00:00","description":"\u00bfEs una organizaci\u00f3n sin fines de lucro del condado de King que organiza una subasta? Puede solicitar una donaci\u00f3n de pases para el zool\u00f3gico Woodland Park para apoyar su causa.","breadcrumb":{"@id":"https:\/\/zoo.org\/es\/solicitud-de-donacion\/#breadcrumb"},"inLanguage":"es","potentialAction":[{"@type":"ReadAction","target":["https:\/\/zoo.org\/es\/solicitud-de-donacion\/"]}]},{"@type":"ImageObject","inLanguage":"es","@id":"https:\/\/zoo.org\/es\/solicitud-de-donacion\/#primaryimage","url":"https:\/\/zoo.org\/wp-content\/uploads\/2025\/10\/Seattle-Aerial-web.jpg?wsr","contentUrl":"https:\/\/zoo.org\/wp-content\/uploads\/2025\/10\/Seattle-Aerial-web.jpg?wsr","width":800,"height":533,"caption":"Vista a\u00e9rea del zool\u00f3gico con \u00e1rboles densos en primer plano, barrios residenciales en el medio y un horizonte de ciudad con edificios altos y un lago en la distancia bajo un cielo despejado."},{"@type":"BreadcrumbList","@id":"https:\/\/zoo.org\/es\/solicitud-de-donacion\/#breadcrumb","itemListElement":[{"@type":"ListItem","position":1,"name":"Hogar","item":"https:\/\/zoo.org\/es\/"},{"@type":"ListItem","position":2,"name":"Solicitud de donaci\u00f3n"}]},{"@type":"WebSite","@id":"https:\/\/zoo.org\/es\/#website","url":"https:\/\/zoo.org\/es\/","name":"Zool\u00f3gico Woodland Park","description":"El Zool\u00f3gico Woodland Park salva la vida silvestre e inspira a todos a hacer de la conservaci\u00f3n una prioridad en sus vidas.","publisher":{"@id":"https:\/\/zoo.org\/es\/#organization"},"potentialAction":[{"@type":"SearchAction","target":{"@type":"EntryPoint","urlTemplate":"https:\/\/zoo.org\/es\/?s={search_term_string}"},"query-input":{"@type":"PropertyValueSpecification","valueRequired":true,"valueName":"search_term_string"}}],"inLanguage":"es"},{"@type":"Organization","@id":"https:\/\/zoo.org\/es\/#organization","name":"Zool\u00f3gico Woodland Park","url":"https:\/\/zoo.org\/es\/","logo":{"@type":"ImageObject","inLanguage":"es","@id":"https:\/\/zoo.org\/es\/#\/schema\/logo\/image\/","url":"https:\/\/zoo.org\/wp-content\/uploads\/2026\/01\/WPZ-Logo_white-SVG.svg?wsr","contentUrl":"https:\/\/zoo.org\/wp-content\/uploads\/2026\/01\/WPZ-Logo_white-SVG.svg?wsr","width":288,"height":282,"caption":"Zool\u00f3gico Woodland Park"},"image":{"@id":"https:\/\/zoo.org\/es\/#\/schema\/logo\/image\/"}}]}},"taxonomy_info":[],"featured_image_src_large":["https:\/\/zoo.org\/wp-content\/uploads\/2025\/10\/Seattle-Aerial-web.jpg?wsr",800,533,false],"author_info":{"display_name":"jloughlin","author_link":"https:\/\/zoo.org\/es\/author\/jloughlin\/"},"comment_info":0,"_links":{"self":[{"href":"https:\/\/zoo.org\/es\/wp-json\/wp\/v2\/pages\/9729","targetHints":{"allow":["GET"]}}],"collection":[{"href":"https:\/\/zoo.org\/es\/wp-json\/wp\/v2\/pages"}],"about":[{"href":"https:\/\/zoo.org\/es\/wp-json\/wp\/v2\/types\/page"}],"author":[{"embeddable":true,"href":"https:\/\/zoo.org\/es\/wp-json\/wp\/v2\/users\/1"}],"replies":[{"embeddable":true,"href":"https:\/\/zoo.org\/es\/wp-json\/wp\/v2\/comments?post=9729"}],"version-history":[{"count":0,"href":"https:\/\/zoo.org\/es\/wp-json\/wp\/v2\/pages\/9729\/revisions"}],"wp:featuredmedia":[{"embeddable":true,"href":"https:\/\/zoo.org\/es\/wp-json\/wp\/v2\/media\/9275"}],"wp:attachment":[{"href":"https:\/\/zoo.org\/es\/wp-json\/wp\/v2\/media?parent=9729"}],"curies":[{"name":"wp","href":"https:\/\/api.w.org\/{rel}","templated":true}]}}