{"id":9730,"date":"2026-02-09T09:35:32","date_gmt":"2026-02-09T17:35:32","guid":{"rendered":"https:\/\/zoo.org\/contactenos\/"},"modified":"2026-03-13T15:07:37","modified_gmt":"2026-03-13T22:07:37","slug":"contactenos","status":"publish","type":"page","link":"https:\/\/zoo.org\/es\/contactenos\/","title":{"rendered":"Cont\u00e1ctenos"},"content":{"rendered":"\n<div class=\"wp-block-cover alignfull hero\" style=\"margin-top:0;margin-bottom:0\"><img loading=\"lazy\" decoding=\"async\" width=\"1920\" height=\"400\" class=\"wp-block-cover__image-background wp-image-1062 size-full\" alt=\"\" src=\"https:\/\/zoo.org\/wp-content\/uploads\/2025\/05\/ASCO-Header-Image.jpg\" data-object-fit=\"cover\" srcset=\"https:\/\/zoo.org\/wp-content\/uploads\/2025\/05\/ASCO-Header-Image.jpg 1920w, https:\/\/zoo.org\/wp-content\/uploads\/2025\/05\/ASCO-Header-Image-300x63.jpg 300w, https:\/\/zoo.org\/wp-content\/uploads\/2025\/05\/ASCO-Header-Image-1024x213.jpg 1024w, https:\/\/zoo.org\/wp-content\/uploads\/2025\/05\/ASCO-Header-Image-768x160.jpg 768w, https:\/\/zoo.org\/wp-content\/uploads\/2025\/05\/ASCO-Header-Image-1536x320.jpg 1536w\" sizes=\"auto, (max-width: 1920px) 100vw, 1920px\" \/><span aria-hidden=\"true\" class=\"wp-block-cover__background has-background-dim-0 has-background-dim\" style=\"background-color:#797666\"><\/span><div class=\"wp-block-cover__inner-container is-layout-constrained wp-block-cover-is-layout-constrained\">\n<p class=\"has-text-align-center has-large-font-size\"><\/p>\n<\/div><\/div>\n\n<div class=\"wp-block-group is-layout-constrained wp-block-group-is-layout-constrained\" style=\"margin-top:2em;margin-bottom:3em\">\n<h1 class=\"wp-block-heading has-text-align-center\" style=\"margin-top:0.65em;margin-bottom:0.275em\">CONT\u00c1CTENOS<\/h1>\n\n\n\n<p class=\"has-text-align-center has-palette-color-3-color has-text-color has-link-color wp-elements-6bf3771c7e347023670e2589061c52b8\" style=\"margin-bottom:1em;font-size:clamp(0.984em, 0.984rem + ((1vw - 0.2em) * 0.645), 1.5em);font-style:normal;font-weight:500;line-height:1.5\"><strong>\u00bfTienes alguna pregunta? \u00bfQuieres compartir tu opini\u00f3n? Encuentra las mejores maneras de contactarnos.  <\/strong><\/p>\n<\/div>\n\n<div class=\"wp-block-group alignfull divider is-layout-constrained wp-block-group-is-layout-constrained\">\n<h2 class=\"wp-block-heading alignfull has-text-align-center\">\u00a1HOLA!<\/h2>\n<\/div>\n\n<h3 class=\"wp-block-heading\">Preguntas generales<\/h3>\n\n<h4 class=\"wp-block-heading\">Informaci\u00f3n del zool\u00f3gico, preguntas sobre entradas y comentarios del p\u00fablico<\/h4>\n\n<p><strong>Direcci\u00f3n postal: 5500 Phinney Ave. N., Seattle, WA 98103<br\/> Tel\u00e9fono: 206.548.2500<\/strong><br\/> <strong>Correo electr\u00f3nico:<\/strong> <a href=\"mailto:zooinfo@zoo.org\">zooinfo@zoo.org<\/a><\/p>\n\n<p>Utilice este directorio de contacto para enviarnos sus comentarios, preguntas, inquietudes, solicitudes o sugerencias en cualquier momento. El Zool\u00f3gico Woodland Park est\u00e1 comprometido con la conservaci\u00f3n. Para reducir el desperdicio de papel, preferimos atenderle por correo electr\u00f3nico o tel\u00e9fono siempre que sea posible.  <\/p>\n\n<div class=\"wp-block-buttons is-layout-flex wp-block-buttons-is-layout-flex\" style=\"margin-top:var(--wp--preset--spacing--60);margin-bottom:var(--wp--preset--spacing--60)\">\n<div class=\"wp-block-button\"><a class=\"wp-block-button__link wp-element-button\" href=\"mailto:zooinfo@zoo.org\">ENV\u00cdANOS UN CORREO ELECTR\u00d3NICO<\/a><\/div>\n<\/div>\n\n<h3 class=\"wp-block-heading\">Contactos del Departamento y del Programa<\/h3>\n\n<div class=\"wp-block-columns is-layout-flex wp-container-core-columns-is-layout-45c10ec9 wp-block-columns-is-layout-flex\" style=\"margin-top:var(--wp--preset--spacing--60);margin-bottom:var(--wp--preset--spacing--60)\">\n<div class=\"wp-block-column has-palette-color-17-background-color has-background is-layout-flow wp-block-column-is-layout-flow\" style=\"padding-top:20px;padding-right:20px;padding-bottom:20px;padding-left:20px\">\n<p><strong>Preguntas y asistencia sobre membres\u00eda<\/strong><\/p>\n\n\n\n<p><a href=\"mailto:membership@zoo.org\">membres\u00eda@zoo.org<\/a><br\/> 206.548.2425<\/p>\n<\/div>\n\n\n\n<div class=\"wp-block-column has-palette-color-17-background-color has-background is-layout-flow wp-block-column-is-layout-flow\" style=\"padding-top:20px;padding-right:20px;padding-bottom:20px;padding-left:20px\">\n<p><strong>Medios y relaciones p\u00fablicas<\/strong><\/p>\n\n\n\n<p>Gigi Allianic<br\/> <a href=\"mailto:woodlandparkzoopr@zoo.org\">parquearboladozoopr@zoo.org<\/a><br\/> 206.548.2550<\/p>\n<\/div>\n\n\n\n<div class=\"wp-block-column has-palette-color-17-background-color has-background is-layout-flow wp-block-column-is-layout-flow\" style=\"padding-top:20px;padding-right:20px;padding-bottom:20px;padding-left:20px\">\n<p><strong>L\u00ednea de emergencia de campamentos y clases<\/strong><\/p>\n\n\n\n<p>206.491.7651<\/p>\n<\/div>\n<\/div>\n\n<div class=\"wp-block-columns is-layout-flex wp-container-core-columns-is-layout-28f84493 wp-block-columns-is-layout-flex\">\n<div class=\"wp-block-column is-layout-flow wp-block-column-is-layout-flow\">\n<p><strong>Conciertos de verano de ZooTunes<\/strong><br\/> <a href=\"mailto:concerts@zoo.org\">conciertos@zoo.org<\/a><br\/> 206.548.2500<\/p>\n\n\n\n<p><strong>Publicidad<\/strong><br\/> <a href=\"mailto:marketing@zoo.org\">marketing@zoo.org<\/a><\/p>\n\n\n\n<p><strong>Catering\/Impuesto<\/strong><br\/> Meredith Lambert, Directora de \u00c1rea 206.545.2044<br\/> o Alisa King, Gerente S\u00e9nior de Catering 206.545.2050 <\/p>\n\n\n\n<p><strong>Programa de Acceso Comunitario<\/strong><br\/> <a href=\"mailto:CAP@zoo.org\">CAP@zoo.org<\/a><\/p>\n\n\n\n<p><strong>Donaciones<\/strong><br\/> <a href=\"mailto:donations@zoo.org\">donaciones@zoo.org<\/a><br\/> 206.548.2491<br\/> \u00bfBuscas una donaci\u00f3n para apoyar tu subasta?<br\/> Visita <a href=\"http:\/\/www.zoo.org\/donation-request\">www.zoo.org\/donation-request<\/a><\/p>\n<\/div>\n\n\n\n<div class=\"wp-block-column is-layout-flow wp-block-column-is-layout-flow\">\n<p><strong>Excursiones y programas educativos<\/strong><br\/> <a href=\"mailto:schools@zoo.org\">escuelas@zoo.org<\/a><\/p>\n\n\n\n<p><strong>Ventas grupales y eventos privados<\/strong><br\/> <a href=\"mailto:brambleandwoodevents@zoo.org\">brambleandwoodevents@zoo.org<\/a> ,<br\/> <a href=\"https:\/\/brambleandwoodwpz.com\/\" target=\"_blank\" rel=\"noreferrer noopener\">https:\/\/brambleandwoodwpz.com\/<\/a><\/p>\n\n\n\n<p><strong>Objetos perdidos y encontrados<\/strong><br\/> 206.548.5410<\/p>\n\n\n\n<p><strong>Donaciones planificadas<\/strong><br\/> <a href=\"mailto:alex.kerl@zoo.org\">Alex Kerl<\/a><br\/> 206.548.2437<\/p>\n\n\n\n<p><strong>Seguridad<\/strong><br\/> <a href=\"mailto:security@Zoo.org\">seguridad@zoo.org<\/a><br\/> 206.295.0078<\/p>\n<\/div>\n\n\n\n<div class=\"wp-block-column is-layout-flow wp-block-column-is-layout-flow\">\n<p><strong>Voluntarios<\/strong><br\/> <a href=\"mailto:volunteer@zoo.org\">voluntario@zoo.org<\/a><\/p>\n\n\n\n<p><strong>Web y redes sociales<\/strong><br\/> <a href=\"mailto:zooinfo@zoo.org\">zooinfo@zoo.org<\/a><\/p>\n\n\n\n<p><strong>Zool\u00f3gico Doo<\/strong><br\/> <a href=\"mailto:zooinfo@zoo.org\">zooinfo@zoo.org<\/a><br\/> 206.625.7667<\/p>\n\n\n\n<p><strong>Adopci\u00f3n de animales de ZooParent<\/strong><br\/> <a href=\"mailto:zooparent@zoo.org\">zooparent@zoo.org<\/a><br\/> 206.548.2425<\/p>\n\n\n\n<p><strong>Tienda de zool\u00f3gicos<\/strong><br\/> 206.548.2584<\/p>\n<\/div>\n<\/div>\n","protected":false},"excerpt":{"rendered":"<p>CONT\u00c1CTENOS \u00bfTienes alguna pregunta? \u00bfQuieres compartir tu opini\u00f3n? Encuentra las mejores maneras de contactarnos. \u00a1HOLA! Preguntas generales Informaci\u00f3n del zool\u00f3gico, preguntas sobre entradas y comentarios del p\u00fablico Direcci\u00f3n postal: 5500 [&hellip;]<\/p>\n","protected":false},"author":1,"featured_media":9275,"parent":0,"menu_order":0,"comment_status":"closed","ping_status":"closed","template":"","meta":{"_acf_changed":false,"_kad_blocks_custom_css":"","_kad_blocks_head_custom_js":"","_kad_blocks_body_custom_js":"","_kad_blocks_footer_custom_js":"","footnotes":""},"class_list":["post-9730","page","type-page","status-publish","has-post-thumbnail","hentry"],"blocksy_meta":[],"acf":[],"yoast_head":"<!-- This site is optimized with the Yoast SEO plugin v27.4 - https:\/\/yoast.com\/product\/yoast-seo-wordpress\/ -->\n<title>-<\/title>\n<meta name=\"description\" content=\"Busque al personal del Zool\u00f3gico Woodland Park y encuentre informaci\u00f3n de contacto para sus consultas.\" \/>\n<meta name=\"robots\" content=\"index, follow, max-snippet:-1, max-image-preview:large, max-video-preview:-1\" \/>\n<link rel=\"canonical\" href=\"https:\/\/zoo.org\/es\/contactenos\/\" \/>\n<meta property=\"og:locale\" content=\"es_ES\" \/>\n<meta property=\"og:type\" content=\"article\" \/>\n<meta property=\"og:title\" content=\"-\" \/>\n<meta property=\"og:description\" content=\"Busque al personal del Zool\u00f3gico Woodland Park y encuentre informaci\u00f3n de contacto para sus consultas.\" \/>\n<meta property=\"og:url\" content=\"https:\/\/zoo.org\/es\/contactenos\/\" \/>\n<meta property=\"og:site_name\" content=\"Zool\u00f3gico Woodland Park\" \/>\n<meta property=\"article:modified_time\" content=\"2026-03-13T22:07:37+00:00\" \/>\n<meta property=\"og:image\" content=\"https:\/\/zoo.org\/wp-content\/uploads\/2025\/10\/Seattle-Aerial-web.jpg?wsr\" \/>\n\t<meta property=\"og:image:width\" content=\"800\" \/>\n\t<meta property=\"og:image:height\" content=\"533\" \/>\n\t<meta property=\"og:image:type\" content=\"image\/jpeg\" \/>\n<meta name=\"twitter:card\" content=\"summary_large_image\" \/>\n<script type=\"application\/ld+json\" class=\"yoast-schema-graph\">{\"@context\":\"https:\\\/\\\/schema.org\",\"@graph\":[{\"@type\":\"WebPage\",\"@id\":\"https:\\\/\\\/zoo.org\\\/es\\\/contactenos\\\/\",\"url\":\"https:\\\/\\\/zoo.org\\\/es\\\/contactenos\\\/\",\"name\":\"-\",\"isPartOf\":{\"@id\":\"https:\\\/\\\/zoo.org\\\/es\\\/#website\"},\"primaryImageOfPage\":{\"@id\":\"https:\\\/\\\/zoo.org\\\/es\\\/contactenos\\\/#primaryimage\"},\"image\":{\"@id\":\"https:\\\/\\\/zoo.org\\\/es\\\/contactenos\\\/#primaryimage\"},\"thumbnailUrl\":\"https:\\\/\\\/zoo.org\\\/wp-content\\\/uploads\\\/2025\\\/10\\\/Seattle-Aerial-web.jpg?wsr\",\"datePublished\":\"2026-02-09T17:35:32+00:00\",\"dateModified\":\"2026-03-13T22:07:37+00:00\",\"description\":\"Busque al personal del Zool\u00f3gico Woodland Park y encuentre informaci\u00f3n de contacto para sus consultas.\",\"breadcrumb\":{\"@id\":\"https:\\\/\\\/zoo.org\\\/es\\\/contactenos\\\/#breadcrumb\"},\"inLanguage\":\"es\",\"potentialAction\":[{\"@type\":\"ReadAction\",\"target\":[\"https:\\\/\\\/zoo.org\\\/es\\\/contactenos\\\/\"]}]},{\"@type\":\"ImageObject\",\"inLanguage\":\"es\",\"@id\":\"https:\\\/\\\/zoo.org\\\/es\\\/contactenos\\\/#primaryimage\",\"url\":\"https:\\\/\\\/zoo.org\\\/wp-content\\\/uploads\\\/2025\\\/10\\\/Seattle-Aerial-web.jpg?wsr\",\"contentUrl\":\"https:\\\/\\\/zoo.org\\\/wp-content\\\/uploads\\\/2025\\\/10\\\/Seattle-Aerial-web.jpg?wsr\",\"width\":800,\"height\":533,\"caption\":\"Vista a\u00e9rea del zool\u00f3gico con \u00e1rboles densos en primer plano, barrios residenciales en el medio y un horizonte de ciudad con edificios altos y un lago en la distancia bajo un cielo despejado.\"},{\"@type\":\"BreadcrumbList\",\"@id\":\"https:\\\/\\\/zoo.org\\\/es\\\/contactenos\\\/#breadcrumb\",\"itemListElement\":[{\"@type\":\"ListItem\",\"position\":1,\"name\":\"Hogar\",\"item\":\"https:\\\/\\\/zoo.org\\\/es\\\/\"},{\"@type\":\"ListItem\",\"position\":2,\"name\":\"Cont\u00e1ctenos\"}]},{\"@type\":\"WebSite\",\"@id\":\"https:\\\/\\\/zoo.org\\\/es\\\/#website\",\"url\":\"https:\\\/\\\/zoo.org\\\/es\\\/\",\"name\":\"Zool\u00f3gico Woodland Park\",\"description\":\"El Zool\u00f3gico Woodland Park salva la vida silvestre e inspira a todos a hacer de la conservaci\u00f3n una prioridad en sus vidas.\",\"publisher\":{\"@id\":\"https:\\\/\\\/zoo.org\\\/es\\\/#organization\"},\"potentialAction\":[{\"@type\":\"SearchAction\",\"target\":{\"@type\":\"EntryPoint\",\"urlTemplate\":\"https:\\\/\\\/zoo.org\\\/es\\\/?s={search_term_string}\"},\"query-input\":{\"@type\":\"PropertyValueSpecification\",\"valueRequired\":true,\"valueName\":\"search_term_string\"}}],\"inLanguage\":\"es\"},{\"@type\":\"Organization\",\"@id\":\"https:\\\/\\\/zoo.org\\\/es\\\/#organization\",\"name\":\"Zool\u00f3gico Woodland Park\",\"url\":\"https:\\\/\\\/zoo.org\\\/es\\\/\",\"logo\":{\"@type\":\"ImageObject\",\"inLanguage\":\"es\",\"@id\":\"https:\\\/\\\/zoo.org\\\/es\\\/#\\\/schema\\\/logo\\\/image\\\/\",\"url\":\"https:\\\/\\\/zoo.org\\\/wp-content\\\/uploads\\\/2026\\\/01\\\/WPZ-Logo_white-SVG.svg?wsr\",\"contentUrl\":\"https:\\\/\\\/zoo.org\\\/wp-content\\\/uploads\\\/2026\\\/01\\\/WPZ-Logo_white-SVG.svg?wsr\",\"width\":288,\"height\":282,\"caption\":\"Zool\u00f3gico Woodland Park\"},\"image\":{\"@id\":\"https:\\\/\\\/zoo.org\\\/es\\\/#\\\/schema\\\/logo\\\/image\\\/\"}}]}<\/script>\n<!-- \/ Yoast SEO plugin. -->","yoast_head_json":{"title":"-","description":"Busque al personal del Zool\u00f3gico Woodland Park y encuentre informaci\u00f3n de contacto para sus consultas.","robots":{"index":"index","follow":"follow","max-snippet":"max-snippet:-1","max-image-preview":"max-image-preview:large","max-video-preview":"max-video-preview:-1"},"canonical":"https:\/\/zoo.org\/es\/contactenos\/","og_locale":"es_ES","og_type":"article","og_title":"-","og_description":"Busque al personal del Zool\u00f3gico Woodland Park y encuentre informaci\u00f3n de contacto para sus consultas.","og_url":"https:\/\/zoo.org\/es\/contactenos\/","og_site_name":"Zool\u00f3gico Woodland Park","article_modified_time":"2026-03-13T22:07:37+00:00","og_image":[{"width":800,"height":533,"url":"https:\/\/zoo.org\/wp-content\/uploads\/2025\/10\/Seattle-Aerial-web.jpg?wsr","type":"image\/jpeg"}],"twitter_card":"summary_large_image","schema":{"@context":"https:\/\/schema.org","@graph":[{"@type":"WebPage","@id":"https:\/\/zoo.org\/es\/contactenos\/","url":"https:\/\/zoo.org\/es\/contactenos\/","name":"-","isPartOf":{"@id":"https:\/\/zoo.org\/es\/#website"},"primaryImageOfPage":{"@id":"https:\/\/zoo.org\/es\/contactenos\/#primaryimage"},"image":{"@id":"https:\/\/zoo.org\/es\/contactenos\/#primaryimage"},"thumbnailUrl":"https:\/\/zoo.org\/wp-content\/uploads\/2025\/10\/Seattle-Aerial-web.jpg?wsr","datePublished":"2026-02-09T17:35:32+00:00","dateModified":"2026-03-13T22:07:37+00:00","description":"Busque al personal del Zool\u00f3gico Woodland Park y encuentre informaci\u00f3n de contacto para sus consultas.","breadcrumb":{"@id":"https:\/\/zoo.org\/es\/contactenos\/#breadcrumb"},"inLanguage":"es","potentialAction":[{"@type":"ReadAction","target":["https:\/\/zoo.org\/es\/contactenos\/"]}]},{"@type":"ImageObject","inLanguage":"es","@id":"https:\/\/zoo.org\/es\/contactenos\/#primaryimage","url":"https:\/\/zoo.org\/wp-content\/uploads\/2025\/10\/Seattle-Aerial-web.jpg?wsr","contentUrl":"https:\/\/zoo.org\/wp-content\/uploads\/2025\/10\/Seattle-Aerial-web.jpg?wsr","width":800,"height":533,"caption":"Vista a\u00e9rea del zool\u00f3gico con \u00e1rboles densos en primer plano, barrios residenciales en el medio y un horizonte de ciudad con edificios altos y un lago en la distancia bajo un cielo despejado."},{"@type":"BreadcrumbList","@id":"https:\/\/zoo.org\/es\/contactenos\/#breadcrumb","itemListElement":[{"@type":"ListItem","position":1,"name":"Hogar","item":"https:\/\/zoo.org\/es\/"},{"@type":"ListItem","position":2,"name":"Cont\u00e1ctenos"}]},{"@type":"WebSite","@id":"https:\/\/zoo.org\/es\/#website","url":"https:\/\/zoo.org\/es\/","name":"Zool\u00f3gico Woodland Park","description":"El Zool\u00f3gico Woodland Park salva la vida silvestre e inspira a todos a hacer de la conservaci\u00f3n una prioridad en sus vidas.","publisher":{"@id":"https:\/\/zoo.org\/es\/#organization"},"potentialAction":[{"@type":"SearchAction","target":{"@type":"EntryPoint","urlTemplate":"https:\/\/zoo.org\/es\/?s={search_term_string}"},"query-input":{"@type":"PropertyValueSpecification","valueRequired":true,"valueName":"search_term_string"}}],"inLanguage":"es"},{"@type":"Organization","@id":"https:\/\/zoo.org\/es\/#organization","name":"Zool\u00f3gico Woodland Park","url":"https:\/\/zoo.org\/es\/","logo":{"@type":"ImageObject","inLanguage":"es","@id":"https:\/\/zoo.org\/es\/#\/schema\/logo\/image\/","url":"https:\/\/zoo.org\/wp-content\/uploads\/2026\/01\/WPZ-Logo_white-SVG.svg?wsr","contentUrl":"https:\/\/zoo.org\/wp-content\/uploads\/2026\/01\/WPZ-Logo_white-SVG.svg?wsr","width":288,"height":282,"caption":"Zool\u00f3gico Woodland Park"},"image":{"@id":"https:\/\/zoo.org\/es\/#\/schema\/logo\/image\/"}}]}},"taxonomy_info":[],"featured_image_src_large":["https:\/\/zoo.org\/wp-content\/uploads\/2025\/10\/Seattle-Aerial-web.jpg?wsr",800,533,false],"author_info":{"display_name":"jloughlin","author_link":"https:\/\/zoo.org\/es\/author\/jloughlin\/"},"comment_info":0,"_links":{"self":[{"href":"https:\/\/zoo.org\/es\/wp-json\/wp\/v2\/pages\/9730","targetHints":{"allow":["GET"]}}],"collection":[{"href":"https:\/\/zoo.org\/es\/wp-json\/wp\/v2\/pages"}],"about":[{"href":"https:\/\/zoo.org\/es\/wp-json\/wp\/v2\/types\/page"}],"author":[{"embeddable":true,"href":"https:\/\/zoo.org\/es\/wp-json\/wp\/v2\/users\/1"}],"replies":[{"embeddable":true,"href":"https:\/\/zoo.org\/es\/wp-json\/wp\/v2\/comments?post=9730"}],"version-history":[{"count":0,"href":"https:\/\/zoo.org\/es\/wp-json\/wp\/v2\/pages\/9730\/revisions"}],"wp:featuredmedia":[{"embeddable":true,"href":"https:\/\/zoo.org\/es\/wp-json\/wp\/v2\/media\/9275"}],"wp:attachment":[{"href":"https:\/\/zoo.org\/es\/wp-json\/wp\/v2\/media?parent=9730"}],"curies":[{"name":"wp","href":"https:\/\/api.w.org\/{rel}","templated":true}]}}