{"id":10073,"date":"2025-10-15T10:41:29","date_gmt":"2025-10-15T17:41:29","guid":{"rendered":"https:\/\/zoo.org\/nha-tai-tro-jp\/"},"modified":"2026-02-24T10:24:58","modified_gmt":"2026-02-24T18:24:58","slug":"nha-tai-tro-jp","status":"publish","type":"page","link":"https:\/\/zoo.org\/vi\/tiec-rung-xanh\/nha-tai-tro-jp\/","title":{"rendered":"Nh\u00e0 t\u00e0i tr\u1ee3 cho b\u1eefa ti\u1ec7c r\u1eebng xanh"},"content":{"rendered":"\n<div class=\"wp-block-cover alignfull is-light hero\" style=\"margin-top:0;margin-bottom:0;min-height:400px;aspect-ratio:unset;\"><img loading=\"lazy\" decoding=\"async\" width=\"1920\" height=\"400\" class=\"wp-block-cover__image-background wp-image-20021 size-full\" alt=\"Three stylized gold and black animal illustrations\u2014a bird, a leopard, and a howling wolf\u2014are set against textured marbled and abstract backgrounds with gold accents.\" src=\"https:\/\/zoo.org\/wp-content\/uploads\/2026\/02\/JP26_WebBanner_1920x400-web.jpg\" data-object-fit=\"cover\" srcset=\"https:\/\/zoo.org\/wp-content\/uploads\/2026\/02\/JP26_WebBanner_1920x400-web.jpg 1920w, https:\/\/zoo.org\/wp-content\/uploads\/2026\/02\/JP26_WebBanner_1920x400-web-300x63.jpg 300w, https:\/\/zoo.org\/wp-content\/uploads\/2026\/02\/JP26_WebBanner_1920x400-web-1024x213.jpg 1024w, https:\/\/zoo.org\/wp-content\/uploads\/2026\/02\/JP26_WebBanner_1920x400-web-150x31.jpg 150w, https:\/\/zoo.org\/wp-content\/uploads\/2026\/02\/JP26_WebBanner_1920x400-web-768x160.jpg 768w, https:\/\/zoo.org\/wp-content\/uploads\/2026\/02\/JP26_WebBanner_1920x400-web-1536x320.jpg 1536w\" sizes=\"auto, (max-width: 1920px) 100vw, 1920px\" \/><span aria-hidden=\"true\" class=\"wp-block-cover__background has-background-dim-0 has-background-dim\" style=\"background-color:#d1ccc6\"><\/span><div class=\"wp-block-cover__inner-container is-layout-constrained wp-block-cover-is-layout-constrained\">\n<p class=\"has-text-align-center has-large-font-size\"><\/p>\n<\/div><\/div>\n\n<div class=\"wp-block-group is-layout-constrained wp-block-group-is-layout-constrained\" style=\"margin-top:2em;margin-bottom:3em\">\n<h1 class=\"wp-block-heading has-text-align-center\" style=\"margin-top:0.65em;margin-bottom:0.275em\">TI\u1ec6C R\u1eeaNG<\/h1>\n\n\n\n<p class=\"has-text-align-center has-palette-color-3-color has-text-color has-link-color wp-elements-a6bbc395a9907627362038372d522695\" style=\"margin-bottom:1em;font-size:clamp(0.984em, 0.984rem + ((1vw - 0.2em) * 0.645), 1.5em);font-style:normal;font-weight:500;line-height:1.5\"><strong><strong>Ti\u1ebfng v\u1ecdng c\u1ee7a thi\u00ean nhi\u00ean hoang d\u00e3<\/strong><\/strong><br\/> H\u00e3y tham gia c\u00f9ng ch\u00fang t\u00f4i trong s\u1ef1 ki\u1ec7n k\u1ef7 ni\u1ec7m 50 n\u0103m!<\/p>\n\n\n\n<p class=\"has-text-align-center has-palette-color-3-color has-text-color has-link-color wp-elements-318bf72a7397d28cf004024bea958b5d\" style=\"margin-bottom:1em;font-size:clamp(0.984em, 0.984rem + ((1vw - 0.2em) * 0.645), 1.5em);line-height:1.5\">Th\u1ee9 S\u00e1u, ng\u00e0y 10 th\u00e1ng 7 n\u0103m 2026<br\/> Khu \u0111\u1ed3ng c\u1ecf ph\u00eda B\u1eafc c\u1ee7a V\u01b0\u1eddn th\u00fa Woodland Park<\/p>\n<\/div>\n\n<div class=\"wp-block-group alignfull divider is-layout-constrained wp-block-group-is-layout-constrained\">\n<h2 class=\"wp-block-heading alignfull has-text-align-center\">NH\u00c0 T\u00c0I TR\u1ee2<\/h2>\n<\/div>\n\n<p>Trong su\u1ed1t 127 n\u0103m qua, V\u01b0\u1eddn th\u00fa Woodland Park \u0111\u00e3 mang \u0111\u1ebfn ni\u1ec1m vui, s\u1ef1 kh\u00e1m ph\u00e1 v\u00e0 nh\u1eefng k\u1ef7 ni\u1ec7m kh\u00f3 qu\u00ean, \u0111\u1ed3ng th\u1eddi th\u00fac \u0111\u1ea9y m\u1ecdi ng\u01b0\u1eddi thu\u1ed9c m\u1ecdi t\u1ea7ng l\u1edbp v\u00e0 kh\u1ea3 n\u0103ng hi\u1ec3u v\u00e0 b\u1ea3o v\u1ec7 \u0111\u1ed9ng v\u1eadt hoang d\u00e3. Nh\u1eefng ng\u01b0\u1eddi \u0111\u01b0\u1ee3c tr\u1ea3i nghi\u1ec7m nh\u1eefng k\u1ef3 quan c\u1ee7a th\u1ebf gi\u1edbi t\u1ef1 nhi\u00ean \u0111\u01b0\u1ee3c truy\u1ec1n c\u1ea3m h\u1ee9ng \u0111\u1ec3 b\u1ea3o v\u1ec7 n\u00f3. S\u1ee9 m\u1ec7nh c\u1ee7a V\u01b0\u1eddn th\u00fa Woodland Park l\u00e0 c\u1ee9u l\u1ea5y \u0111\u1ed9ng v\u1eadt hoang d\u00e3 v\u00e0 truy\u1ec1n c\u1ea3m h\u1ee9ng cho m\u1ecdi ng\u01b0\u1eddi coi b\u1ea3o t\u1ed3n l\u00e0 \u01b0u ti\u00ean h\u00e0ng \u0111\u1ea7u trong cu\u1ed9c s\u1ed1ng c\u1ee7a h\u1ecd.  <\/p>\n<style>.wp-block-kadence-image.kb-image6385_842cf2-04:not(.kb-specificity-added):not(.kb-extra-specificity-added){margin-top:var(--global-kb-spacing-lg, 3rem);margin-bottom:var(--global-kb-spacing-lg, 3rem);}.kb-image6385_842cf2-04 .kb-image-has-overlay:after{opacity:0.3;}<\/style>\n<div class=\"wp-block-kadence-image kb-image6385_842cf2-04\"><figure class=\"aligncenter size-full\"><img loading=\"lazy\" decoding=\"async\" width=\"1080\" height=\"720\" src=\"https:\/\/zoo.org\/wp-content\/uploads\/2025\/10\/Jungle-Party-Sponsor-Photo-web.jpg\" alt=\"\" class=\"kb-img wp-image-6388\" srcset=\"https:\/\/zoo.org\/wp-content\/uploads\/2025\/10\/Jungle-Party-Sponsor-Photo-web.jpg 1080w, https:\/\/zoo.org\/wp-content\/uploads\/2025\/10\/Jungle-Party-Sponsor-Photo-web-300x200.jpg 300w, https:\/\/zoo.org\/wp-content\/uploads\/2025\/10\/Jungle-Party-Sponsor-Photo-web-1024x683.jpg 1024w, https:\/\/zoo.org\/wp-content\/uploads\/2025\/10\/Jungle-Party-Sponsor-Photo-web-768x512.jpg 768w\" sizes=\"auto, (max-width: 1080px) 100vw, 1080px\" \/><\/figure><\/div>\n\n<p>Ch\u00fang t\u00f4i t\u1ef1 h\u00e0o \u0111\u00e3 \u0111\u00f3ng vai tr\u00f2 l\u00e0 \u0111i\u1ec3m t\u1ef1a c\u1ed9ng \u0111\u1ed3ng v\u00e0 c\u1eeda ng\u00f5 v\u00e0o th\u1ebf gi\u1edbi \u0111\u1ed9ng v\u1eadt hoang d\u00e3 trong h\u01a1n m\u1ed9t th\u1ebf k\u1ef7. V\u1edbi g\u1ea7n 900 lo\u00e0i \u0111\u1ed9ng v\u1eadt v\u00e0 m\u1ed9t \u1ed1c \u0111\u1ea3o xanh r\u1ed9ng 92 m\u1eabu Anh n\u1eb1m gi\u1eefa v\u00f9ng T\u00e2y B\u1eafc Th\u00e1i B\u00ecnh D\u01b0\u01a1ng, v\u01b0\u1eddn th\u00fa c\u1ee7a ch\u00fang t\u00f4i cung c\u1ea5p d\u1ecbch v\u1ee5 ch\u0103m s\u00f3c \u0111\u1eb3ng c\u1ea5p th\u1ebf gi\u1edbi cho c\u00e1c lo\u00e0i \u0111\u1ed9ng v\u1eadt hoang d\u00e3 c\u00f3 nguy c\u01a1 tuy\u1ec7t ch\u1ee7ng, c\u0169ng nh\u01b0 c\u00e1c lo\u00e0i c\u00e2y b\u1ea3n \u0111\u1ecba, th\u1ef1c v\u1eadt nhi\u1ec7t \u0111\u1edbi qu\u00fd hi\u1ebfm v\u00e0 m\u1ed9t V\u01b0\u1eddn H\u1ed3ng \u0111\u1eb7c s\u1eafc. M\u1ed7i n\u0103m, s\u1ef1 ki\u1ec7n Jungle Party \u0111\u1ec1u mang l\u1ea1i doanh thu gi\u00fap v\u01b0\u1eddn th\u00fa n\u00e2ng cao ch\u1ea5t l\u01b0\u1ee3ng ch\u0103m s\u00f3c \u0111\u1ed9ng v\u1eadt v\u00e0 thi\u1ebft k\u1ebf khu tr\u01b0ng b\u00e0y, h\u1ed7 tr\u1ee3 b\u1ea3o t\u1ed3n \u0111\u1ed9ng v\u1eadt hoang d\u00e3 t\u1ea1i \u0111\u1ecba ph\u01b0\u01a1ng v\u00e0 tr\u00ean to\u00e0n c\u1ea7u, \u0111\u1ed3ng th\u1eddi cung c\u1ea5p c\u00e1c ch\u01b0\u01a1ng tr\u00ecnh gi\u00e1o d\u1ee5c cho m\u1ecdi l\u1ee9a tu\u1ed5i. T\u1ea5t c\u1ea3 s\u1ed1 ti\u1ec1n thu \u0111\u01b0\u1ee3c \u0111\u1ec1u \u0111\u01b0\u1ee3c d\u00f9ng \u0111\u1ec3 h\u1ed7 tr\u1ee3 ho\u1ea1t \u0111\u1ed9ng th\u01b0\u1eddng ni\u00ean c\u1ee7a v\u01b0\u1eddn th\u00fa.   <\/p>\n\n<p>Vi\u1ec7c t\u00e0i tr\u1ee3 cho s\u1ef1 ki\u1ec7n l\u1ec5 h\u1ed9i n\u00e0y mang l\u1ea1i s\u1ef1 ch\u00fa \u00fd \u0111\u1ebfn m\u1ed9t nh\u00f3m c\u00e1c nh\u00e0 l\u00e3nh \u0111\u1ea1o c\u00f3 t\u1ea7m \u1ea3nh h\u01b0\u1edfng v\u00e0 ph\u1ea3n \u00e1nh t\u00edch c\u1ef1c h\u00ecnh \u1ea3nh l\u00e3nh \u0111\u1ea1o c\u1ee7a doanh nghi\u1ec7p trong c\u1ed9ng \u0111\u1ed3ng r\u1ed9ng l\u1edbn h\u01a1n. C\u00e1c t\u1ed5 ch\u1ee9c t\u00e0i tr\u1ee3 cho Jungle Party s\u1ebd nh\u1eadn \u0111\u01b0\u1ee3c nhi\u1ec1u l\u1ee3i \u00edch nh\u01b0 nh\u1eadn di\u1ec7n th\u01b0\u01a1ng hi\u1ec7u v\u00e0 logo r\u1ed9ng r\u00e3i, c\u0169ng nh\u01b0 c\u00e1c quy\u1ec1n l\u1ee3i kh\u00e1c ngo\u00e0i s\u1ef1 ki\u1ec7n. C\u00e1c nh\u00e0 t\u00e0i tr\u1ee3 s\u1ebd \u0111\u01b0\u1ee3c ghi nh\u1eadn r\u1ed9ng r\u00e3i trong c\u00e1c ho\u1ea1t \u0111\u1ed9ng truy\u1ec1n th\u00f4ng t\u1eeb th\u00e1ng Hai \u0111\u1ebfn th\u00e1ng T\u00e1m v\u1edbi c\u00e1c nh\u00e0 t\u00e0i tr\u1ee3, th\u00e0nh vi\u00ean v\u00e0 c\u1ed9ng \u0111\u1ed3ng v\u01b0\u1eddn th\u00fa r\u1ed9ng l\u1edbn. C\u00e1c quy\u1ec1n l\u1ee3i t\u00e0i tr\u1ee3 bao g\u1ed3m v\u00e9 tham d\u1ef1 s\u1ef1 ki\u1ec7n, th\u1ebb tham quan v\u01b0\u1eddn th\u00fa v\u00e0 th\u1ebb th\u00e0nh vi\u00ean doanh nghi\u1ec7p \u0111\u1ec3 thu h\u00fat nh\u00e2n vi\u00ean.   <\/p>\n\n<div class=\"wp-block-buttons is-content-justification-center is-layout-flex wp-container-core-buttons-is-layout-48d0e691 wp-block-buttons-is-layout-flex\" style=\"margin-top:var(--wp--preset--spacing--60);margin-bottom:var(--wp--preset--spacing--60)\">\n<div class=\"wp-block-button\"><a class=\"wp-block-button__link wp-element-button\" href=\"https:\/\/zoo.org\/wp-content\/uploads\/2025\/10\/2026-Jungle-Party-Sponsorships.pdf\" target=\"_blank\" rel=\"noreferrer noopener\">Th\u00f4ng tin v\u1ec1 t\u00e0i tr\u1ee3 doanh nghi\u1ec7p<\/a><\/div>\n<\/div>\n\n<h3 class=\"wp-block-heading\">T\u00f4i c\u00f3 th\u1ec3 tr\u1edf th\u00e0nh nh\u00e0 t\u00e0i tr\u1ee3 cho b\u1eefa ti\u1ec7c Jungle Party b\u1eb1ng c\u00e1ch n\u00e0o?<\/h3>\n\n<p>\u0110\u1ec3 bi\u1ebft th\u00eam th\u00f4ng tin v\u1ec1 c\u00e1c c\u01a1 h\u1ed9i t\u00e0i tr\u1ee3, vui l\u00f2ng li\u00ean h\u1ec7 v\u1edbi Susan Bell, C\u00e1n b\u1ed9 ph\u1ee5 tr\u00e1ch Quan h\u1ec7 Doanh nghi\u1ec7p t\u1ea1i <a href=\"mailto:Susan.Bell@zoo.org\">Susan.Bell@zoo.org<\/a> ho\u1eb7c 206.548.2439.<\/p>\n<style>.wp-block-kadence-image.kb-image6385_20e3df-2f:not(.kb-specificity-added):not(.kb-extra-specificity-added){margin-top:var(--global-kb-spacing-lg, 3rem);margin-right:0px;margin-bottom:var(--global-kb-spacing-sm, 1.5rem);margin-left:0px;}.kb-image6385_20e3df-2f .kb-image-has-overlay:after{opacity:0.3;}<\/style>\n<div class=\"wp-block-kadence-image kb-image6385_20e3df-2f\"><figure class=\"aligncenter size-full\"><img loading=\"lazy\" decoding=\"async\" width=\"792\" height=\"678\" src=\"https:\/\/zoo.org\/wp-content\/uploads\/2026\/02\/JP-Sponsor-Block-2-20-2026.jpg\" alt=\"Sponsor recognition image listing PACCAR as host, followed by logos of title, premier, gold, centerpiece, sustainability, ambassador, wine, food, and supporting sponsors, including Car Wash, Sound Community Bank, US Bank, Microsoft, Deloitte, and others.\" class=\"kb-img wp-image-20022\" srcset=\"https:\/\/zoo.org\/wp-content\/uploads\/2026\/02\/JP-Sponsor-Block-2-20-2026.jpg 792w, https:\/\/zoo.org\/wp-content\/uploads\/2026\/02\/JP-Sponsor-Block-2-20-2026-300x257.jpg 300w, https:\/\/zoo.org\/wp-content\/uploads\/2026\/02\/JP-Sponsor-Block-2-20-2026-150x128.jpg 150w, https:\/\/zoo.org\/wp-content\/uploads\/2026\/02\/JP-Sponsor-Block-2-20-2026-768x657.jpg 768w\" sizes=\"auto, (max-width: 792px) 100vw, 792px\" \/><\/figure><\/div>\n","protected":false},"excerpt":{"rendered":"<p>TI\u1ec6C R\u1eeaNG Ti\u1ebfng v\u1ecdng c\u1ee7a thi\u00ean nhi\u00ean hoang d\u00e3 H\u00e3y tham gia c\u00f9ng ch\u00fang t\u00f4i trong s\u1ef1 ki\u1ec7n k\u1ef7 ni\u1ec7m 50 n\u0103m! Th\u1ee9 S\u00e1u, ng\u00e0y 10 th\u00e1ng 7 n\u0103m 2026 [&hellip;]<\/p>\n","protected":false},"author":1,"featured_media":10075,"parent":12093,"menu_order":0,"comment_status":"closed","ping_status":"closed","template":"","meta":{"_acf_changed":false,"_kad_blocks_custom_css":"","_kad_blocks_head_custom_js":"","_kad_blocks_body_custom_js":"","_kad_blocks_footer_custom_js":"","footnotes":""},"class_list":["post-10073","page","type-page","status-publish","has-post-thumbnail","hentry"],"blocksy_meta":{"vertical_spacing_source":"custom","content_area_spacing":"bottom","styles_descriptor":{"styles":{"desktop":"","tablet":"","mobile":""},"google_fonts":[],"version":6}},"acf":[],"yoast_head":"<!-- This site is optimized with the Yoast SEO plugin v27.4 - https:\/\/yoast.com\/product\/yoast-seo-wordpress\/ -->\n<title>Nh\u00e0 t\u00e0i tr\u1ee3 cho b\u1eefa ti\u1ec7c r\u1eebng xanh - V\u01b0\u1eddn th\u00fa Woodland Park<\/title>\n<meta name=\"description\" content=\"\u0110\u1eebng b\u1ecf l\u1ee1 b\u1eefa ti\u1ec7c s\u00f4i \u0111\u1ed9ng nh\u1ea5t Seattle, s\u1ef1 ki\u1ec7n g\u00e2y qu\u1ef9 Jungle Party c\u1ee7a V\u01b0\u1eddn th\u00fa Woodland Park.\" \/>\n<meta name=\"robots\" content=\"index, follow, max-snippet:-1, max-image-preview:large, max-video-preview:-1\" \/>\n<link rel=\"canonical\" href=\"https:\/\/zoo.org\/vi\/tiec-rung-xanh\/nha-tai-tro-jp\/\" \/>\n<meta property=\"og:locale\" content=\"vi_VN\" \/>\n<meta property=\"og:type\" content=\"article\" \/>\n<meta property=\"og:title\" content=\"Nh\u00e0 t\u00e0i tr\u1ee3 cho b\u1eefa ti\u1ec7c r\u1eebng xanh - V\u01b0\u1eddn th\u00fa Woodland Park\" \/>\n<meta property=\"og:description\" content=\"\u0110\u1eebng b\u1ecf l\u1ee1 b\u1eefa ti\u1ec7c s\u00f4i \u0111\u1ed9ng nh\u1ea5t Seattle, s\u1ef1 ki\u1ec7n g\u00e2y qu\u1ef9 Jungle Party c\u1ee7a V\u01b0\u1eddn th\u00fa Woodland Park.\" \/>\n<meta property=\"og:url\" content=\"https:\/\/zoo.org\/vi\/tiec-rung-xanh\/nha-tai-tro-jp\/\" \/>\n<meta property=\"og:site_name\" content=\"V\u01b0\u1eddn th\u00fa Woodland Park\" \/>\n<meta property=\"article:modified_time\" content=\"2026-02-24T18:24:58+00:00\" \/>\n<meta property=\"og:image\" content=\"https:\/\/zoo.org\/wp-content\/uploads\/2025\/10\/Jungle-Party-2024-12-web.jpg?wsr\" \/>\n\t<meta property=\"og:image:width\" content=\"800\" \/>\n\t<meta property=\"og:image:height\" content=\"533\" \/>\n\t<meta property=\"og:image:type\" content=\"image\/jpeg\" \/>\n<meta name=\"twitter:card\" content=\"summary_large_image\" \/>\n<script type=\"application\/ld+json\" class=\"yoast-schema-graph\">{\"@context\":\"https:\\\/\\\/schema.org\",\"@graph\":[{\"@type\":\"WebPage\",\"@id\":\"https:\\\/\\\/zoo.org\\\/vi\\\/tiec-rung-xanh\\\/nha-tai-tro-jp\\\/\",\"url\":\"https:\\\/\\\/zoo.org\\\/vi\\\/tiec-rung-xanh\\\/nha-tai-tro-jp\\\/\",\"name\":\"Nh\u00e0 t\u00e0i tr\u1ee3 cho b\u1eefa ti\u1ec7c r\u1eebng xanh - V\u01b0\u1eddn th\u00fa Woodland Park\",\"isPartOf\":{\"@id\":\"https:\\\/\\\/zoo.org\\\/vi\\\/#website\"},\"primaryImageOfPage\":{\"@id\":\"https:\\\/\\\/zoo.org\\\/vi\\\/tiec-rung-xanh\\\/nha-tai-tro-jp\\\/#primaryimage\"},\"image\":{\"@id\":\"https:\\\/\\\/zoo.org\\\/vi\\\/tiec-rung-xanh\\\/nha-tai-tro-jp\\\/#primaryimage\"},\"thumbnailUrl\":\"https:\\\/\\\/zoo.org\\\/wp-content\\\/uploads\\\/2025\\\/10\\\/Jungle-Party-2024-12-web.jpg?wsr\",\"datePublished\":\"2025-10-15T17:41:29+00:00\",\"dateModified\":\"2026-02-24T18:24:58+00:00\",\"description\":\"\u0110\u1eebng b\u1ecf l\u1ee1 b\u1eefa ti\u1ec7c s\u00f4i \u0111\u1ed9ng nh\u1ea5t Seattle, s\u1ef1 ki\u1ec7n g\u00e2y qu\u1ef9 Jungle Party c\u1ee7a V\u01b0\u1eddn th\u00fa Woodland Park.\",\"breadcrumb\":{\"@id\":\"https:\\\/\\\/zoo.org\\\/vi\\\/tiec-rung-xanh\\\/nha-tai-tro-jp\\\/#breadcrumb\"},\"inLanguage\":\"vi\",\"potentialAction\":[{\"@type\":\"ReadAction\",\"target\":[\"https:\\\/\\\/zoo.org\\\/vi\\\/tiec-rung-xanh\\\/nha-tai-tro-jp\\\/\"]}]},{\"@type\":\"ImageObject\",\"inLanguage\":\"vi\",\"@id\":\"https:\\\/\\\/zoo.org\\\/vi\\\/tiec-rung-xanh\\\/nha-tai-tro-jp\\\/#primaryimage\",\"url\":\"https:\\\/\\\/zoo.org\\\/wp-content\\\/uploads\\\/2025\\\/10\\\/Jungle-Party-2024-12-web.jpg?wsr\",\"contentUrl\":\"https:\\\/\\\/zoo.org\\\/wp-content\\\/uploads\\\/2025\\\/10\\\/Jungle-Party-2024-12-web.jpg?wsr\",\"width\":800,\"height\":533,\"caption\":\"M\u1ed9t con h\u1ed3ng h\u1ea1c dang r\u1ed9ng \u0111\u00f4i c\u00e1nh \u0111\u1ee9ng tr\u00ean b\u00e3i c\u1ecf, \u0111\u1ed1i di\u1ec7n v\u1edbi m\u1ed9t nh\u00f3m ng\u01b0\u1eddi \u0111ang ng\u1ea1c nhi\u00ean v\u00e0 m\u1ec9m c\u01b0\u1eddi ngo\u00e0i tr\u1eddi, ph\u00eda sau l\u00e0 nh\u1eefng h\u00e0ng c\u00e2y.\"},{\"@type\":\"BreadcrumbList\",\"@id\":\"https:\\\/\\\/zoo.org\\\/vi\\\/tiec-rung-xanh\\\/nha-tai-tro-jp\\\/#breadcrumb\",\"itemListElement\":[{\"@type\":\"ListItem\",\"position\":1,\"name\":\"Trang ch\u1ee7\",\"item\":\"https:\\\/\\\/zoo.org\\\/vi\\\/\"},{\"@type\":\"ListItem\",\"position\":2,\"name\":\"Ti\u1ec7c r\u1eebng xanh\",\"item\":\"https:\\\/\\\/zoo.org\\\/vi\\\/tiec-rung-xanh\\\/\"},{\"@type\":\"ListItem\",\"position\":3,\"name\":\"Nh\u00e0 t\u00e0i tr\u1ee3 cho b\u1eefa ti\u1ec7c r\u1eebng xanh\"}]},{\"@type\":\"WebSite\",\"@id\":\"https:\\\/\\\/zoo.org\\\/vi\\\/#website\",\"url\":\"https:\\\/\\\/zoo.org\\\/vi\\\/\",\"name\":\"V\u01b0\u1eddn th\u00fa Woodland Park\",\"description\":\"V\u01b0\u1eddn th\u00fa Woodland Park c\u1ee9u s\u1ed1ng \u0111\u1ed9ng v\u1eadt hoang d\u00e3 v\u00e0 truy\u1ec1n c\u1ea3m h\u1ee9ng cho m\u1ecdi ng\u01b0\u1eddi coi b\u1ea3o t\u1ed3n l\u00e0 \u01b0u ti\u00ean h\u00e0ng \u0111\u1ea7u trong cu\u1ed9c s\u1ed1ng c\u1ee7a m\u00ecnh.\",\"publisher\":{\"@id\":\"https:\\\/\\\/zoo.org\\\/vi\\\/#organization\"},\"potentialAction\":[{\"@type\":\"SearchAction\",\"target\":{\"@type\":\"EntryPoint\",\"urlTemplate\":\"https:\\\/\\\/zoo.org\\\/vi\\\/?s={search_term_string}\"},\"query-input\":{\"@type\":\"PropertyValueSpecification\",\"valueRequired\":true,\"valueName\":\"search_term_string\"}}],\"inLanguage\":\"vi\"},{\"@type\":\"Organization\",\"@id\":\"https:\\\/\\\/zoo.org\\\/vi\\\/#organization\",\"name\":\"V\u01b0\u1eddn th\u00fa Woodland Park\",\"url\":\"https:\\\/\\\/zoo.org\\\/vi\\\/\",\"logo\":{\"@type\":\"ImageObject\",\"inLanguage\":\"vi\",\"@id\":\"https:\\\/\\\/zoo.org\\\/vi\\\/#\\\/schema\\\/logo\\\/image\\\/\",\"url\":\"https:\\\/\\\/zoo.org\\\/wp-content\\\/uploads\\\/2026\\\/01\\\/WPZ-Logo_white-SVG.svg?wsr\",\"contentUrl\":\"https:\\\/\\\/zoo.org\\\/wp-content\\\/uploads\\\/2026\\\/01\\\/WPZ-Logo_white-SVG.svg?wsr\",\"width\":288,\"height\":282,\"caption\":\"V\u01b0\u1eddn th\u00fa Woodland Park\"},\"image\":{\"@id\":\"https:\\\/\\\/zoo.org\\\/vi\\\/#\\\/schema\\\/logo\\\/image\\\/\"}}]}<\/script>\n<!-- \/ Yoast SEO plugin. -->","yoast_head_json":{"title":"Nh\u00e0 t\u00e0i tr\u1ee3 cho b\u1eefa ti\u1ec7c r\u1eebng xanh - V\u01b0\u1eddn th\u00fa Woodland Park","description":"\u0110\u1eebng b\u1ecf l\u1ee1 b\u1eefa ti\u1ec7c s\u00f4i \u0111\u1ed9ng nh\u1ea5t Seattle, s\u1ef1 ki\u1ec7n g\u00e2y qu\u1ef9 Jungle Party c\u1ee7a V\u01b0\u1eddn th\u00fa Woodland Park.","robots":{"index":"index","follow":"follow","max-snippet":"max-snippet:-1","max-image-preview":"max-image-preview:large","max-video-preview":"max-video-preview:-1"},"canonical":"https:\/\/zoo.org\/vi\/tiec-rung-xanh\/nha-tai-tro-jp\/","og_locale":"vi_VN","og_type":"article","og_title":"Nh\u00e0 t\u00e0i tr\u1ee3 cho b\u1eefa ti\u1ec7c r\u1eebng xanh - V\u01b0\u1eddn th\u00fa Woodland Park","og_description":"\u0110\u1eebng b\u1ecf l\u1ee1 b\u1eefa ti\u1ec7c s\u00f4i \u0111\u1ed9ng nh\u1ea5t Seattle, s\u1ef1 ki\u1ec7n g\u00e2y qu\u1ef9 Jungle Party c\u1ee7a V\u01b0\u1eddn th\u00fa Woodland Park.","og_url":"https:\/\/zoo.org\/vi\/tiec-rung-xanh\/nha-tai-tro-jp\/","og_site_name":"V\u01b0\u1eddn th\u00fa Woodland Park","article_modified_time":"2026-02-24T18:24:58+00:00","og_image":[{"width":800,"height":533,"url":"https:\/\/zoo.org\/wp-content\/uploads\/2025\/10\/Jungle-Party-2024-12-web.jpg?wsr","type":"image\/jpeg"}],"twitter_card":"summary_large_image","schema":{"@context":"https:\/\/schema.org","@graph":[{"@type":"WebPage","@id":"https:\/\/zoo.org\/vi\/tiec-rung-xanh\/nha-tai-tro-jp\/","url":"https:\/\/zoo.org\/vi\/tiec-rung-xanh\/nha-tai-tro-jp\/","name":"Nh\u00e0 t\u00e0i tr\u1ee3 cho b\u1eefa ti\u1ec7c r\u1eebng xanh - V\u01b0\u1eddn th\u00fa Woodland Park","isPartOf":{"@id":"https:\/\/zoo.org\/vi\/#website"},"primaryImageOfPage":{"@id":"https:\/\/zoo.org\/vi\/tiec-rung-xanh\/nha-tai-tro-jp\/#primaryimage"},"image":{"@id":"https:\/\/zoo.org\/vi\/tiec-rung-xanh\/nha-tai-tro-jp\/#primaryimage"},"thumbnailUrl":"https:\/\/zoo.org\/wp-content\/uploads\/2025\/10\/Jungle-Party-2024-12-web.jpg?wsr","datePublished":"2025-10-15T17:41:29+00:00","dateModified":"2026-02-24T18:24:58+00:00","description":"\u0110\u1eebng b\u1ecf l\u1ee1 b\u1eefa ti\u1ec7c s\u00f4i \u0111\u1ed9ng nh\u1ea5t Seattle, s\u1ef1 ki\u1ec7n g\u00e2y qu\u1ef9 Jungle Party c\u1ee7a V\u01b0\u1eddn th\u00fa Woodland Park.","breadcrumb":{"@id":"https:\/\/zoo.org\/vi\/tiec-rung-xanh\/nha-tai-tro-jp\/#breadcrumb"},"inLanguage":"vi","potentialAction":[{"@type":"ReadAction","target":["https:\/\/zoo.org\/vi\/tiec-rung-xanh\/nha-tai-tro-jp\/"]}]},{"@type":"ImageObject","inLanguage":"vi","@id":"https:\/\/zoo.org\/vi\/tiec-rung-xanh\/nha-tai-tro-jp\/#primaryimage","url":"https:\/\/zoo.org\/wp-content\/uploads\/2025\/10\/Jungle-Party-2024-12-web.jpg?wsr","contentUrl":"https:\/\/zoo.org\/wp-content\/uploads\/2025\/10\/Jungle-Party-2024-12-web.jpg?wsr","width":800,"height":533,"caption":"M\u1ed9t con h\u1ed3ng h\u1ea1c dang r\u1ed9ng \u0111\u00f4i c\u00e1nh \u0111\u1ee9ng tr\u00ean b\u00e3i c\u1ecf, \u0111\u1ed1i di\u1ec7n v\u1edbi m\u1ed9t nh\u00f3m ng\u01b0\u1eddi \u0111ang ng\u1ea1c nhi\u00ean v\u00e0 m\u1ec9m c\u01b0\u1eddi ngo\u00e0i tr\u1eddi, ph\u00eda sau l\u00e0 nh\u1eefng h\u00e0ng c\u00e2y."},{"@type":"BreadcrumbList","@id":"https:\/\/zoo.org\/vi\/tiec-rung-xanh\/nha-tai-tro-jp\/#breadcrumb","itemListElement":[{"@type":"ListItem","position":1,"name":"Trang ch\u1ee7","item":"https:\/\/zoo.org\/vi\/"},{"@type":"ListItem","position":2,"name":"Ti\u1ec7c r\u1eebng xanh","item":"https:\/\/zoo.org\/vi\/tiec-rung-xanh\/"},{"@type":"ListItem","position":3,"name":"Nh\u00e0 t\u00e0i tr\u1ee3 cho b\u1eefa ti\u1ec7c r\u1eebng xanh"}]},{"@type":"WebSite","@id":"https:\/\/zoo.org\/vi\/#website","url":"https:\/\/zoo.org\/vi\/","name":"V\u01b0\u1eddn th\u00fa Woodland Park","description":"V\u01b0\u1eddn th\u00fa Woodland Park c\u1ee9u s\u1ed1ng \u0111\u1ed9ng v\u1eadt hoang d\u00e3 v\u00e0 truy\u1ec1n c\u1ea3m h\u1ee9ng cho m\u1ecdi ng\u01b0\u1eddi coi b\u1ea3o t\u1ed3n l\u00e0 \u01b0u ti\u00ean h\u00e0ng \u0111\u1ea7u trong cu\u1ed9c s\u1ed1ng c\u1ee7a m\u00ecnh.","publisher":{"@id":"https:\/\/zoo.org\/vi\/#organization"},"potentialAction":[{"@type":"SearchAction","target":{"@type":"EntryPoint","urlTemplate":"https:\/\/zoo.org\/vi\/?s={search_term_string}"},"query-input":{"@type":"PropertyValueSpecification","valueRequired":true,"valueName":"search_term_string"}}],"inLanguage":"vi"},{"@type":"Organization","@id":"https:\/\/zoo.org\/vi\/#organization","name":"V\u01b0\u1eddn th\u00fa Woodland Park","url":"https:\/\/zoo.org\/vi\/","logo":{"@type":"ImageObject","inLanguage":"vi","@id":"https:\/\/zoo.org\/vi\/#\/schema\/logo\/image\/","url":"https:\/\/zoo.org\/wp-content\/uploads\/2026\/01\/WPZ-Logo_white-SVG.svg?wsr","contentUrl":"https:\/\/zoo.org\/wp-content\/uploads\/2026\/01\/WPZ-Logo_white-SVG.svg?wsr","width":288,"height":282,"caption":"V\u01b0\u1eddn th\u00fa Woodland Park"},"image":{"@id":"https:\/\/zoo.org\/vi\/#\/schema\/logo\/image\/"}}]}},"taxonomy_info":[],"featured_image_src_large":["https:\/\/zoo.org\/wp-content\/uploads\/2025\/10\/Jungle-Party-2024-12-web.jpg?wsr",800,533,false],"author_info":{"display_name":"jloughlin","author_link":"https:\/\/zoo.org\/vi\/author\/jloughlin\/"},"comment_info":0,"_links":{"self":[{"href":"https:\/\/zoo.org\/vi\/wp-json\/wp\/v2\/pages\/10073","targetHints":{"allow":["GET"]}}],"collection":[{"href":"https:\/\/zoo.org\/vi\/wp-json\/wp\/v2\/pages"}],"about":[{"href":"https:\/\/zoo.org\/vi\/wp-json\/wp\/v2\/types\/page"}],"author":[{"embeddable":true,"href":"https:\/\/zoo.org\/vi\/wp-json\/wp\/v2\/users\/1"}],"replies":[{"embeddable":true,"href":"https:\/\/zoo.org\/vi\/wp-json\/wp\/v2\/comments?post=10073"}],"version-history":[{"count":0,"href":"https:\/\/zoo.org\/vi\/wp-json\/wp\/v2\/pages\/10073\/revisions"}],"up":[{"embeddable":true,"href":"https:\/\/zoo.org\/vi\/wp-json\/wp\/v2\/pages\/12093"}],"wp:featuredmedia":[{"embeddable":true,"href":"https:\/\/zoo.org\/vi\/wp-json\/wp\/v2\/media\/10075"}],"wp:attachment":[{"href":"https:\/\/zoo.org\/vi\/wp-json\/wp\/v2\/media?parent=10073"}],"curies":[{"name":"wp","href":"https:\/\/api.w.org\/{rel}","templated":true}]}}