{"id":10079,"date":"2025-10-15T10:38:35","date_gmt":"2025-10-15T17:38:35","guid":{"rendered":"https:\/\/zoo.org\/quyen-gop-jp\/"},"modified":"2026-02-24T10:25:28","modified_gmt":"2026-02-24T18:25:28","slug":"quyen-gop-jp","status":"publish","type":"page","link":"https:\/\/zoo.org\/vi\/tiec-rung-xanh\/quyen-gop-jp\/","title":{"rendered":"Quy\u00ean g\u00f3p cho b\u1eefa ti\u1ec7c r\u1eebng xanh"},"content":{"rendered":"\n<div class=\"wp-block-cover alignfull is-light hero\" style=\"margin-top:0;margin-bottom:0;min-height:400px;aspect-ratio:unset;\"><img loading=\"lazy\" decoding=\"async\" width=\"1920\" height=\"400\" class=\"wp-block-cover__image-background wp-image-20021 size-full\" alt=\"Three stylized gold and black animal illustrations\u2014a bird, a leopard, and a howling wolf\u2014are set against textured marbled and abstract backgrounds with gold accents.\" src=\"https:\/\/zoo.org\/wp-content\/uploads\/2026\/02\/JP26_WebBanner_1920x400-web.jpg\" data-object-fit=\"cover\" srcset=\"https:\/\/zoo.org\/wp-content\/uploads\/2026\/02\/JP26_WebBanner_1920x400-web.jpg 1920w, https:\/\/zoo.org\/wp-content\/uploads\/2026\/02\/JP26_WebBanner_1920x400-web-300x63.jpg 300w, https:\/\/zoo.org\/wp-content\/uploads\/2026\/02\/JP26_WebBanner_1920x400-web-1024x213.jpg 1024w, https:\/\/zoo.org\/wp-content\/uploads\/2026\/02\/JP26_WebBanner_1920x400-web-150x31.jpg 150w, https:\/\/zoo.org\/wp-content\/uploads\/2026\/02\/JP26_WebBanner_1920x400-web-768x160.jpg 768w, https:\/\/zoo.org\/wp-content\/uploads\/2026\/02\/JP26_WebBanner_1920x400-web-1536x320.jpg 1536w\" sizes=\"auto, (max-width: 1920px) 100vw, 1920px\" \/><span aria-hidden=\"true\" class=\"wp-block-cover__background has-background-dim-0 has-background-dim\" style=\"background-color:#d1ccc6\"><\/span><div class=\"wp-block-cover__inner-container is-layout-constrained wp-block-cover-is-layout-constrained\">\n<p class=\"has-text-align-center has-large-font-size\"><\/p>\n<\/div><\/div>\n\n<div class=\"wp-block-group is-layout-constrained wp-block-group-is-layout-constrained\" style=\"margin-top:2em;margin-bottom:3em\">\n<h1 class=\"wp-block-heading has-text-align-center\" style=\"margin-top:0.65em;margin-bottom:0.275em\">TI\u1ec6C R\u1eeaNG<\/h1>\n\n\n\n<p class=\"has-text-align-center has-palette-color-3-color has-text-color has-link-color wp-elements-a6bbc395a9907627362038372d522695\" style=\"margin-bottom:1em;font-size:clamp(0.984em, 0.984rem + ((1vw - 0.2em) * 0.645), 1.5em);font-style:normal;font-weight:500;line-height:1.5\"><strong><strong>Ti\u1ebfng v\u1ecdng c\u1ee7a thi\u00ean nhi\u00ean hoang d\u00e3<\/strong><\/strong><br\/> H\u00e3y tham gia c\u00f9ng ch\u00fang t\u00f4i trong s\u1ef1 ki\u1ec7n k\u1ef7 ni\u1ec7m 50 n\u0103m!<\/p>\n\n\n\n<p class=\"has-text-align-center has-palette-color-3-color has-text-color has-link-color wp-elements-318bf72a7397d28cf004024bea958b5d\" style=\"margin-bottom:1em;font-size:clamp(0.984em, 0.984rem + ((1vw - 0.2em) * 0.645), 1.5em);line-height:1.5\">Th\u1ee9 S\u00e1u, ng\u00e0y 10 th\u00e1ng 7 n\u0103m 2026<br\/> Khu \u0111\u1ed3ng c\u1ecf ph\u00eda B\u1eafc c\u1ee7a V\u01b0\u1eddn th\u00fa Woodland Park<\/p>\n<\/div>\n\n<div class=\"wp-block-group alignfull divider is-layout-constrained wp-block-group-is-layout-constrained\">\n<h2 class=\"wp-block-heading alignfull has-text-align-center\">\u0110\u1ea6U T\u01af V\u00c0O T\u01af\u01a0NG LAI C\u1ee6A CH\u00daNG TA<\/h2>\n<\/div>\n\n<div class=\"wp-block-buttons is-content-justification-center is-layout-flex wp-container-core-buttons-is-layout-a89b3969 wp-block-buttons-is-layout-flex\">\n<div class=\"wp-block-button\"><a class=\"wp-block-button__link wp-element-button\" href=\"?campaign=513680\">T\u1eb7ng qu\u00e0<\/a><\/div>\n<\/div>\n\n<h3 class=\"wp-block-heading\">T\u1ea1o d\u1ef1ng m\u1ed9t m\u00e1i nh\u00e0 cho c\u00e1c lo\u00e0i \u0111\u1ed9ng v\u1eadt bi\u1ec3u t\u01b0\u1ee3ng<\/h3>\n\n<p>T\u1ea1o ra m\u1ed9t m\u00e1i nh\u00e0 \u0111\u1eb3ng c\u1ea5p th\u1ebf gi\u1edbi cho m\u1ed9t lo\u1ea1t c\u00e1c lo\u00e0i \u0111\u1ed9ng v\u1eadt c\u00f3 nguy c\u01a1 tuy\u1ec7t ch\u1ee7ng v\u00e0 b\u1ecb \u0111e d\u1ecda trong v\u01b0\u1eddn th\u00fa 125 n\u0103m tu\u1ed5i c\u1ee7a ch\u00fang t\u00f4i l\u00e0 \u0111i\u1ec1u ch\u00fang t\u00f4i l\u00e0m t\u1ed1t nh\u1ea5t\u2014v\u00e0 \u0111\u00f3 c\u0169ng l\u00e0 m\u1ed9t nhi\u1ec7m v\u1ee5 to l\u1edbn! Nh\u1eefng \u0111\u00f3ng g\u00f3p c\u1ee7a b\u1ea1n cho Qu\u1ef9 T\u01b0\u01a1ng lai c\u1ee7a ch\u00fang t\u00f4i n\u0103m nay s\u1ebd gi\u00fap ch\u00fang t\u00f4i ti\u1ebfp t\u1ee5c ph\u00e1t tri\u1ec3n v\u01b0\u1eddn th\u00fa th\u00e0nh m\u1ed9t n\u01a1i ch\u00e0o \u0111\u00f3n c\u1ea3 \u0111\u1ed9ng v\u1eadt v\u00e0 con ng\u01b0\u1eddi. <\/p>\n\n<h3 class=\"wp-block-heading\">M\u1edf ra nh\u1eefng c\u00e1nh c\u1eeda \u00fd ngh\u0129a cho th\u1ebf h\u1ec7 t\u01b0\u01a1ng lai<\/h3>\n\n<p>V\u1edbi s\u1ef1 h\u1ed7 tr\u1ee3 c\u1ee7a b\u1ea1n trong ch\u01b0\u01a1ng tr\u00ecnh Fund Our Future, b\u1ea1n \u0111ang trao cho th\u1ebf h\u1ec7 tr\u1ebb nh\u1eefng c\u00f4ng c\u1ee5 \u0111\u1ec3 \u0111\u1ecbnh h\u00ecnh t\u01b0\u01a1ng lai ngay t\u1ea1i qu\u00ea nh\u00e0 c\u1ee7a h\u1ecd. Cho d\u00f9 th\u1ebf h\u1ec7 c\u00e1c nh\u00e0 b\u1ea3o t\u1ed3n t\u01b0\u01a1ng lai tr\u1ea3i nghi\u1ec7m v\u01b0\u1eddn th\u00fa nh\u01b0 th\u1ebf n\u00e0o\u2014cho d\u00f9 \u0111\u00f3 l\u00e0 m\u1ed9t chuy\u1ebfn th\u0103m duy nh\u1ea5t c\u00f9ng l\u1edbp h\u1ecdc, m\u1ed9t tr\u1ea1i h\u00e8 t\u1eadp trung v\u00e0o STEM, hay k\u1ef3 th\u1ef1c t\u1eadp m\u01a1 \u01b0\u1edbc c\u1ee7a h\u1ecd\u2014ch\u00fang ta \u0111\u1ec1u \u0111ang t\u1ea1o ra nh\u1eefng k\u1ef7 ni\u1ec7m v\u00e0 k\u1ef9 n\u0103ng c\u00f3 t\u00e1c \u0111\u1ed9ng l\u00e2u d\u00e0i. <\/p>\n\n<h3 class=\"wp-block-heading\">X\u00e2y d\u1ef1ng m\u1ed9t v\u01b0\u1eddn th\u00fa xanh h\u01a1n cho th\u1ebf k\u1ef7 21<\/h3>\n\n<p>C\u00f9ng nhau, ch\u00fang ta \u0111ang x\u00e2y d\u1ef1ng m\u1ed9t v\u01b0\u1eddn th\u00fa b\u1ec1n v\u1eefng v\u00e0 h\u01b0\u1edbng t\u1edbi t\u01b0\u01a1ng lai, cung c\u1ea5p m\u1ed9t kh\u00f4ng gian th\u00e2n thi\u1ec7n cho m\u1ecdi ng\u01b0\u1eddi v\u00e0 ch\u1ea5t l\u01b0\u1ee3ng ch\u0103m s\u00f3c cao nh\u1ea5t cho \u0111\u1ed9ng v\u1eadt. S\u1ef1 h\u1ed7 tr\u1ee3 c\u1ee7a b\u1ea1n s\u1ebd gi\u00fap mang \u0111\u1ebfn nh\u1eefng c\u1ea3i ti\u1ebfn b\u1ec1n v\u1eefng m\u1edbi cho v\u01b0\u1eddn th\u00fa, ch\u1eb3ng h\u1ea1n nh\u01b0 xe c\u1ee9u th\u01b0\u01a1ng lai v\u00e0 c\u00e1c n\u00e2ng c\u1ea5p kh\u00e1c cho ph\u00e9p \u0111\u1ed9i ng\u0169 th\u00fa y c\u1ee7a ch\u00fang t\u00f4i cung c\u1ea5p d\u1ecbch v\u1ee5 ch\u0103m s\u00f3c k\u1ecbp th\u1eddi v\u00e0 th\u00e2n thi\u1ec7n h\u01a1n v\u1edbi m\u00f4i tr\u01b0\u1eddng. <\/p>\n\n<p>B\u1eb1ng c\u00e1ch \u0111\u00f3ng g\u00f3p cho T\u01b0\u01a1ng lai c\u1ee7a ch\u00fang t\u00f4i, b\u1ea1n c\u0169ng \u0111ang gi\u00fap ch\u00fang t\u00f4i chu\u1ea9n b\u1ecb cho vi\u1ec7c khai tr\u01b0\u01a1ng Forest Trailhead (m\u00f4i tr\u01b0\u1eddng s\u1ed1ng m\u1edbi b\u1ec1n v\u1eefng v\u00e0 \u0111\u1ea7y tham v\u1ecdng nh\u1ea5t c\u1ee7a ch\u00fang t\u00f4i cho \u0111\u1ebfn nay) v\u00e0o n\u0103m 2026!<\/p>\n","protected":false},"excerpt":{"rendered":"<p>TI\u1ec6C R\u1eeaNG Ti\u1ebfng v\u1ecdng c\u1ee7a thi\u00ean nhi\u00ean hoang d\u00e3 H\u00e3y tham gia c\u00f9ng ch\u00fang t\u00f4i trong s\u1ef1 ki\u1ec7n k\u1ef7 ni\u1ec7m 50 n\u0103m! Th\u1ee9 S\u00e1u, ng\u00e0y 10 th\u00e1ng 7 n\u0103m 2026 [&hellip;]<\/p>\n","protected":false},"author":1,"featured_media":10075,"parent":12093,"menu_order":0,"comment_status":"closed","ping_status":"closed","template":"","meta":{"_acf_changed":false,"_kad_blocks_custom_css":"","_kad_blocks_head_custom_js":"","_kad_blocks_body_custom_js":"","_kad_blocks_footer_custom_js":"","footnotes":""},"class_list":["post-10079","page","type-page","status-publish","has-post-thumbnail","hentry"],"blocksy_meta":{"vertical_spacing_source":"custom","content_area_spacing":"bottom","styles_descriptor":{"styles":{"desktop":"","tablet":"","mobile":""},"google_fonts":[],"version":6}},"acf":[],"yoast_head":"<!-- This site is optimized with the Yoast SEO plugin v27.4 - https:\/\/yoast.com\/product\/yoast-seo-wordpress\/ -->\n<title>Quy\u00ean g\u00f3p cho b\u1eefa ti\u1ec7c r\u1eebng xanh - V\u01b0\u1eddn th\u00fa Woodland Park<\/title>\n<meta name=\"robots\" content=\"index, follow, max-snippet:-1, max-image-preview:large, max-video-preview:-1\" \/>\n<link rel=\"canonical\" href=\"https:\/\/zoo.org\/vi\/tiec-rung-xanh\/quyen-gop-jp\/\" \/>\n<meta property=\"og:locale\" content=\"vi_VN\" \/>\n<meta property=\"og:type\" content=\"article\" \/>\n<meta property=\"og:title\" content=\"Quy\u00ean g\u00f3p cho b\u1eefa ti\u1ec7c r\u1eebng xanh - V\u01b0\u1eddn th\u00fa Woodland Park\" \/>\n<meta property=\"og:description\" content=\"TI\u1ec6C R\u1eeaNG Ti\u1ebfng v\u1ecdng c\u1ee7a thi\u00ean nhi\u00ean hoang d\u00e3 H\u00e3y tham gia c\u00f9ng ch\u00fang t\u00f4i trong s\u1ef1 ki\u1ec7n k\u1ef7 ni\u1ec7m 50 n\u0103m! Th\u1ee9 S\u00e1u, ng\u00e0y 10 th\u00e1ng 7 n\u0103m 2026 [&hellip;]\" \/>\n<meta property=\"og:url\" content=\"https:\/\/zoo.org\/vi\/tiec-rung-xanh\/quyen-gop-jp\/\" \/>\n<meta property=\"og:site_name\" content=\"V\u01b0\u1eddn th\u00fa Woodland Park\" \/>\n<meta property=\"article:modified_time\" content=\"2026-02-24T18:25:28+00:00\" \/>\n<meta property=\"og:image\" content=\"https:\/\/zoo.org\/wp-content\/uploads\/2025\/10\/Jungle-Party-2024-12-web.jpg?wsr\" \/>\n\t<meta property=\"og:image:width\" content=\"800\" \/>\n\t<meta property=\"og:image:height\" content=\"533\" \/>\n\t<meta property=\"og:image:type\" content=\"image\/jpeg\" \/>\n<meta name=\"twitter:card\" content=\"summary_large_image\" \/>\n<script type=\"application\/ld+json\" class=\"yoast-schema-graph\">{\"@context\":\"https:\\\/\\\/schema.org\",\"@graph\":[{\"@type\":\"WebPage\",\"@id\":\"https:\\\/\\\/zoo.org\\\/vi\\\/tiec-rung-xanh\\\/quyen-gop-jp\\\/\",\"url\":\"https:\\\/\\\/zoo.org\\\/vi\\\/tiec-rung-xanh\\\/quyen-gop-jp\\\/\",\"name\":\"Quy\u00ean g\u00f3p cho b\u1eefa ti\u1ec7c r\u1eebng xanh - V\u01b0\u1eddn th\u00fa Woodland Park\",\"isPartOf\":{\"@id\":\"https:\\\/\\\/zoo.org\\\/vi\\\/#website\"},\"primaryImageOfPage\":{\"@id\":\"https:\\\/\\\/zoo.org\\\/vi\\\/tiec-rung-xanh\\\/quyen-gop-jp\\\/#primaryimage\"},\"image\":{\"@id\":\"https:\\\/\\\/zoo.org\\\/vi\\\/tiec-rung-xanh\\\/quyen-gop-jp\\\/#primaryimage\"},\"thumbnailUrl\":\"https:\\\/\\\/zoo.org\\\/wp-content\\\/uploads\\\/2025\\\/10\\\/Jungle-Party-2024-12-web.jpg?wsr\",\"datePublished\":\"2025-10-15T17:38:35+00:00\",\"dateModified\":\"2026-02-24T18:25:28+00:00\",\"breadcrumb\":{\"@id\":\"https:\\\/\\\/zoo.org\\\/vi\\\/tiec-rung-xanh\\\/quyen-gop-jp\\\/#breadcrumb\"},\"inLanguage\":\"vi\",\"potentialAction\":[{\"@type\":\"ReadAction\",\"target\":[\"https:\\\/\\\/zoo.org\\\/vi\\\/tiec-rung-xanh\\\/quyen-gop-jp\\\/\"]}]},{\"@type\":\"ImageObject\",\"inLanguage\":\"vi\",\"@id\":\"https:\\\/\\\/zoo.org\\\/vi\\\/tiec-rung-xanh\\\/quyen-gop-jp\\\/#primaryimage\",\"url\":\"https:\\\/\\\/zoo.org\\\/wp-content\\\/uploads\\\/2025\\\/10\\\/Jungle-Party-2024-12-web.jpg?wsr\",\"contentUrl\":\"https:\\\/\\\/zoo.org\\\/wp-content\\\/uploads\\\/2025\\\/10\\\/Jungle-Party-2024-12-web.jpg?wsr\",\"width\":800,\"height\":533,\"caption\":\"M\u1ed9t con h\u1ed3ng h\u1ea1c dang r\u1ed9ng \u0111\u00f4i c\u00e1nh \u0111\u1ee9ng tr\u00ean b\u00e3i c\u1ecf, \u0111\u1ed1i di\u1ec7n v\u1edbi m\u1ed9t nh\u00f3m ng\u01b0\u1eddi \u0111ang ng\u1ea1c nhi\u00ean v\u00e0 m\u1ec9m c\u01b0\u1eddi ngo\u00e0i tr\u1eddi, ph\u00eda sau l\u00e0 nh\u1eefng h\u00e0ng c\u00e2y.\"},{\"@type\":\"BreadcrumbList\",\"@id\":\"https:\\\/\\\/zoo.org\\\/vi\\\/tiec-rung-xanh\\\/quyen-gop-jp\\\/#breadcrumb\",\"itemListElement\":[{\"@type\":\"ListItem\",\"position\":1,\"name\":\"Trang ch\u1ee7\",\"item\":\"https:\\\/\\\/zoo.org\\\/vi\\\/\"},{\"@type\":\"ListItem\",\"position\":2,\"name\":\"Ti\u1ec7c r\u1eebng xanh\",\"item\":\"https:\\\/\\\/zoo.org\\\/vi\\\/tiec-rung-xanh\\\/\"},{\"@type\":\"ListItem\",\"position\":3,\"name\":\"Quy\u00ean g\u00f3p cho b\u1eefa ti\u1ec7c r\u1eebng xanh\"}]},{\"@type\":\"WebSite\",\"@id\":\"https:\\\/\\\/zoo.org\\\/vi\\\/#website\",\"url\":\"https:\\\/\\\/zoo.org\\\/vi\\\/\",\"name\":\"V\u01b0\u1eddn th\u00fa Woodland Park\",\"description\":\"V\u01b0\u1eddn th\u00fa Woodland Park c\u1ee9u s\u1ed1ng \u0111\u1ed9ng v\u1eadt hoang d\u00e3 v\u00e0 truy\u1ec1n c\u1ea3m h\u1ee9ng cho m\u1ecdi ng\u01b0\u1eddi coi b\u1ea3o t\u1ed3n l\u00e0 \u01b0u ti\u00ean h\u00e0ng \u0111\u1ea7u trong cu\u1ed9c s\u1ed1ng c\u1ee7a m\u00ecnh.\",\"publisher\":{\"@id\":\"https:\\\/\\\/zoo.org\\\/vi\\\/#organization\"},\"potentialAction\":[{\"@type\":\"SearchAction\",\"target\":{\"@type\":\"EntryPoint\",\"urlTemplate\":\"https:\\\/\\\/zoo.org\\\/vi\\\/?s={search_term_string}\"},\"query-input\":{\"@type\":\"PropertyValueSpecification\",\"valueRequired\":true,\"valueName\":\"search_term_string\"}}],\"inLanguage\":\"vi\"},{\"@type\":\"Organization\",\"@id\":\"https:\\\/\\\/zoo.org\\\/vi\\\/#organization\",\"name\":\"V\u01b0\u1eddn th\u00fa Woodland Park\",\"url\":\"https:\\\/\\\/zoo.org\\\/vi\\\/\",\"logo\":{\"@type\":\"ImageObject\",\"inLanguage\":\"vi\",\"@id\":\"https:\\\/\\\/zoo.org\\\/vi\\\/#\\\/schema\\\/logo\\\/image\\\/\",\"url\":\"https:\\\/\\\/zoo.org\\\/wp-content\\\/uploads\\\/2026\\\/01\\\/WPZ-Logo_white-SVG.svg?wsr\",\"contentUrl\":\"https:\\\/\\\/zoo.org\\\/wp-content\\\/uploads\\\/2026\\\/01\\\/WPZ-Logo_white-SVG.svg?wsr\",\"width\":288,\"height\":282,\"caption\":\"V\u01b0\u1eddn th\u00fa Woodland Park\"},\"image\":{\"@id\":\"https:\\\/\\\/zoo.org\\\/vi\\\/#\\\/schema\\\/logo\\\/image\\\/\"}}]}<\/script>\n<!-- \/ Yoast SEO plugin. -->","yoast_head_json":{"title":"Quy\u00ean g\u00f3p cho b\u1eefa ti\u1ec7c r\u1eebng xanh - V\u01b0\u1eddn th\u00fa Woodland Park","robots":{"index":"index","follow":"follow","max-snippet":"max-snippet:-1","max-image-preview":"max-image-preview:large","max-video-preview":"max-video-preview:-1"},"canonical":"https:\/\/zoo.org\/vi\/tiec-rung-xanh\/quyen-gop-jp\/","og_locale":"vi_VN","og_type":"article","og_title":"Quy\u00ean g\u00f3p cho b\u1eefa ti\u1ec7c r\u1eebng xanh - V\u01b0\u1eddn th\u00fa Woodland Park","og_description":"TI\u1ec6C R\u1eeaNG Ti\u1ebfng v\u1ecdng c\u1ee7a thi\u00ean nhi\u00ean hoang d\u00e3 H\u00e3y tham gia c\u00f9ng ch\u00fang t\u00f4i trong s\u1ef1 ki\u1ec7n k\u1ef7 ni\u1ec7m 50 n\u0103m! Th\u1ee9 S\u00e1u, ng\u00e0y 10 th\u00e1ng 7 n\u0103m 2026 [&hellip;]","og_url":"https:\/\/zoo.org\/vi\/tiec-rung-xanh\/quyen-gop-jp\/","og_site_name":"V\u01b0\u1eddn th\u00fa Woodland Park","article_modified_time":"2026-02-24T18:25:28+00:00","og_image":[{"width":800,"height":533,"url":"https:\/\/zoo.org\/wp-content\/uploads\/2025\/10\/Jungle-Party-2024-12-web.jpg?wsr","type":"image\/jpeg"}],"twitter_card":"summary_large_image","schema":{"@context":"https:\/\/schema.org","@graph":[{"@type":"WebPage","@id":"https:\/\/zoo.org\/vi\/tiec-rung-xanh\/quyen-gop-jp\/","url":"https:\/\/zoo.org\/vi\/tiec-rung-xanh\/quyen-gop-jp\/","name":"Quy\u00ean g\u00f3p cho b\u1eefa ti\u1ec7c r\u1eebng xanh - V\u01b0\u1eddn th\u00fa Woodland Park","isPartOf":{"@id":"https:\/\/zoo.org\/vi\/#website"},"primaryImageOfPage":{"@id":"https:\/\/zoo.org\/vi\/tiec-rung-xanh\/quyen-gop-jp\/#primaryimage"},"image":{"@id":"https:\/\/zoo.org\/vi\/tiec-rung-xanh\/quyen-gop-jp\/#primaryimage"},"thumbnailUrl":"https:\/\/zoo.org\/wp-content\/uploads\/2025\/10\/Jungle-Party-2024-12-web.jpg?wsr","datePublished":"2025-10-15T17:38:35+00:00","dateModified":"2026-02-24T18:25:28+00:00","breadcrumb":{"@id":"https:\/\/zoo.org\/vi\/tiec-rung-xanh\/quyen-gop-jp\/#breadcrumb"},"inLanguage":"vi","potentialAction":[{"@type":"ReadAction","target":["https:\/\/zoo.org\/vi\/tiec-rung-xanh\/quyen-gop-jp\/"]}]},{"@type":"ImageObject","inLanguage":"vi","@id":"https:\/\/zoo.org\/vi\/tiec-rung-xanh\/quyen-gop-jp\/#primaryimage","url":"https:\/\/zoo.org\/wp-content\/uploads\/2025\/10\/Jungle-Party-2024-12-web.jpg?wsr","contentUrl":"https:\/\/zoo.org\/wp-content\/uploads\/2025\/10\/Jungle-Party-2024-12-web.jpg?wsr","width":800,"height":533,"caption":"M\u1ed9t con h\u1ed3ng h\u1ea1c dang r\u1ed9ng \u0111\u00f4i c\u00e1nh \u0111\u1ee9ng tr\u00ean b\u00e3i c\u1ecf, \u0111\u1ed1i di\u1ec7n v\u1edbi m\u1ed9t nh\u00f3m ng\u01b0\u1eddi \u0111ang ng\u1ea1c nhi\u00ean v\u00e0 m\u1ec9m c\u01b0\u1eddi ngo\u00e0i tr\u1eddi, ph\u00eda sau l\u00e0 nh\u1eefng h\u00e0ng c\u00e2y."},{"@type":"BreadcrumbList","@id":"https:\/\/zoo.org\/vi\/tiec-rung-xanh\/quyen-gop-jp\/#breadcrumb","itemListElement":[{"@type":"ListItem","position":1,"name":"Trang ch\u1ee7","item":"https:\/\/zoo.org\/vi\/"},{"@type":"ListItem","position":2,"name":"Ti\u1ec7c r\u1eebng xanh","item":"https:\/\/zoo.org\/vi\/tiec-rung-xanh\/"},{"@type":"ListItem","position":3,"name":"Quy\u00ean g\u00f3p cho b\u1eefa ti\u1ec7c r\u1eebng xanh"}]},{"@type":"WebSite","@id":"https:\/\/zoo.org\/vi\/#website","url":"https:\/\/zoo.org\/vi\/","name":"V\u01b0\u1eddn th\u00fa Woodland Park","description":"V\u01b0\u1eddn th\u00fa Woodland Park c\u1ee9u s\u1ed1ng \u0111\u1ed9ng v\u1eadt hoang d\u00e3 v\u00e0 truy\u1ec1n c\u1ea3m h\u1ee9ng cho m\u1ecdi ng\u01b0\u1eddi coi b\u1ea3o t\u1ed3n l\u00e0 \u01b0u ti\u00ean h\u00e0ng \u0111\u1ea7u trong cu\u1ed9c s\u1ed1ng c\u1ee7a m\u00ecnh.","publisher":{"@id":"https:\/\/zoo.org\/vi\/#organization"},"potentialAction":[{"@type":"SearchAction","target":{"@type":"EntryPoint","urlTemplate":"https:\/\/zoo.org\/vi\/?s={search_term_string}"},"query-input":{"@type":"PropertyValueSpecification","valueRequired":true,"valueName":"search_term_string"}}],"inLanguage":"vi"},{"@type":"Organization","@id":"https:\/\/zoo.org\/vi\/#organization","name":"V\u01b0\u1eddn th\u00fa Woodland Park","url":"https:\/\/zoo.org\/vi\/","logo":{"@type":"ImageObject","inLanguage":"vi","@id":"https:\/\/zoo.org\/vi\/#\/schema\/logo\/image\/","url":"https:\/\/zoo.org\/wp-content\/uploads\/2026\/01\/WPZ-Logo_white-SVG.svg?wsr","contentUrl":"https:\/\/zoo.org\/wp-content\/uploads\/2026\/01\/WPZ-Logo_white-SVG.svg?wsr","width":288,"height":282,"caption":"V\u01b0\u1eddn th\u00fa Woodland Park"},"image":{"@id":"https:\/\/zoo.org\/vi\/#\/schema\/logo\/image\/"}}]}},"taxonomy_info":[],"featured_image_src_large":["https:\/\/zoo.org\/wp-content\/uploads\/2025\/10\/Jungle-Party-2024-12-web.jpg?wsr",800,533,false],"author_info":{"display_name":"jloughlin","author_link":"https:\/\/zoo.org\/vi\/author\/jloughlin\/"},"comment_info":0,"_links":{"self":[{"href":"https:\/\/zoo.org\/vi\/wp-json\/wp\/v2\/pages\/10079","targetHints":{"allow":["GET"]}}],"collection":[{"href":"https:\/\/zoo.org\/vi\/wp-json\/wp\/v2\/pages"}],"about":[{"href":"https:\/\/zoo.org\/vi\/wp-json\/wp\/v2\/types\/page"}],"author":[{"embeddable":true,"href":"https:\/\/zoo.org\/vi\/wp-json\/wp\/v2\/users\/1"}],"replies":[{"embeddable":true,"href":"https:\/\/zoo.org\/vi\/wp-json\/wp\/v2\/comments?post=10079"}],"version-history":[{"count":0,"href":"https:\/\/zoo.org\/vi\/wp-json\/wp\/v2\/pages\/10079\/revisions"}],"up":[{"embeddable":true,"href":"https:\/\/zoo.org\/vi\/wp-json\/wp\/v2\/pages\/12093"}],"wp:featuredmedia":[{"embeddable":true,"href":"https:\/\/zoo.org\/vi\/wp-json\/wp\/v2\/media\/10075"}],"wp:attachment":[{"href":"https:\/\/zoo.org\/vi\/wp-json\/wp\/v2\/media?parent=10079"}],"curies":[{"name":"wp","href":"https:\/\/api.w.org\/{rel}","templated":true}]}}