{"id":10227,"date":"2025-10-15T14:12:37","date_gmt":"2025-10-15T21:12:37","guid":{"rendered":"https:\/\/zoo.org\/the-qua-tang\/"},"modified":"2026-01-05T15:00:22","modified_gmt":"2026-01-05T23:00:22","slug":"the-qua-tang","status":"publish","type":"page","link":"https:\/\/zoo.org\/vi\/the-qua-tang\/","title":{"rendered":"Th\u1ebb qu\u00e0 t\u1eb7ng"},"content":{"rendered":"\n<div class=\"wp-block-cover alignfull hero\" style=\"margin-top:0;margin-bottom:0\"><img loading=\"lazy\" decoding=\"async\" width=\"1920\" height=\"400\" class=\"wp-block-cover__image-background wp-image-1062 size-full\" alt=\"\" src=\"https:\/\/zoo.org\/wp-content\/uploads\/2025\/05\/ASCO-Header-Image.jpg\" data-object-fit=\"cover\" srcset=\"https:\/\/zoo.org\/wp-content\/uploads\/2025\/05\/ASCO-Header-Image.jpg 1920w, https:\/\/zoo.org\/wp-content\/uploads\/2025\/05\/ASCO-Header-Image-300x63.jpg 300w, https:\/\/zoo.org\/wp-content\/uploads\/2025\/05\/ASCO-Header-Image-1024x213.jpg 1024w, https:\/\/zoo.org\/wp-content\/uploads\/2025\/05\/ASCO-Header-Image-768x160.jpg 768w, https:\/\/zoo.org\/wp-content\/uploads\/2025\/05\/ASCO-Header-Image-1536x320.jpg 1536w\" sizes=\"auto, (max-width: 1920px) 100vw, 1920px\" \/><span aria-hidden=\"true\" class=\"wp-block-cover__background has-background-dim-0 has-background-dim\" style=\"background-color:#797666\"><\/span><div class=\"wp-block-cover__inner-container is-layout-constrained wp-block-cover-is-layout-constrained\">\n<p class=\"has-text-align-center has-large-font-size\"><\/p>\n<\/div><\/div>\n\n<div class=\"wp-block-group is-layout-constrained wp-block-group-is-layout-constrained\" style=\"margin-top:2em;margin-bottom:3em\">\n<h1 class=\"wp-block-heading has-text-align-center\" style=\"margin-top:0.65em;margin-bottom:0.275em\">TH\u1eba QU\u00c0 T\u1eb6NG<\/h1>\n\n\n\n<p class=\"has-text-align-center has-palette-color-3-color has-text-color has-link-color wp-elements-51e821bfad4980dbb059642d17132f8f\" style=\"margin-bottom:1em;font-size:clamp(0.984em, 0.984rem + ((1vw - 0.2em) * 0.645), 1.5em);font-style:normal;font-weight:500;line-height:1.5\"><strong>H\u00e3y t\u1eb7ng V\u01b0\u1eddn th\u00fa Woodland Park l\u00e0m qu\u00e0 ngay h\u00f4m nay!<\/strong><\/p>\n<\/div>\n\n<div class=\"wp-block-group alignfull divider is-layout-constrained wp-block-group-is-layout-constrained\">\n<h2 class=\"wp-block-heading alignfull has-text-align-center\">MUA TH\u1eba QU\u00c0 T\u1eb6NG<\/h2>\n<\/div>\n\n<h3 class=\"wp-block-heading\">Th\u1ebb qu\u00e0 t\u1eb7ng l\u00e0 m\u00f3n qu\u00e0 tuy\u1ec7t v\u1eddi!<\/h3>\n\n<p>B\u1ea1n c\u00f3 th\u1ec3 s\u1eed d\u1ee5ng ch\u00fang \u0111\u1ec3 mua th\u1ebb th\u00e0nh vi\u00ean, v\u00e9 v\u00e0o c\u1eeda h\u00e0ng ng\u00e0y, mua s\u1eafm t\u1ea1i ZooStore v\u00e0 m\u1ed9t s\u1ed1 \u0111\u1ecba \u0111i\u1ec3m \u0103n u\u1ed1ng nh\u1ea5t \u0111\u1ecbnh. Th\u00eam v\u00e0o \u0111\u00f3, th\u1ebb qu\u00e0 t\u1eb7ng kh\u00f4ng bao gi\u1edd h\u1ebft h\u1ea1n. <\/p>\n\n<p>M\u1ed7i th\u1ebb qu\u00e0 t\u1eb7ng c\u00f3 gi\u00e1 tr\u1ecb t\u1ed1i thi\u1ec3u 10 \u0111\u00f4 la. Vui l\u00f2ng xem gi\u00e1 <a href=\"https:\/\/zoo.org\/vi\/tro-thanh-thanh-vien\/\">th\u00e0nh vi\u00ean<\/a> v\u00e0 <a href=\"https:\/\/zoo.org\/vi\/ve-va-gio-mo-cua\/\">v\u00e9 v\u00e0o c\u1eeda<\/a> hi\u1ec7n t\u1ea1i ho\u1eb7c g\u1ecdi 206.548.2425 \u0111\u1ec3 bi\u1ebft th\u00eam th\u00f4ng tin. <\/p>\n\n<div class=\"wp-block-group has-palette-color-17-background-color has-background is-layout-constrained wp-block-group-is-layout-constrained\">\n<h3 class=\"wp-block-heading\">Th\u1ebb qu\u00e0 t\u1eb7ng \u0111i\u1ec7n t\u1eed<\/h3>\n\n\n\n<h4 class=\"wp-block-heading\">H\u00e3y g\u1eedi th\u1ebb qu\u00e0 t\u1eb7ng \u0111i\u1ec7n t\u1eed v\u00e0 g\u00f3p ph\u1ea7n b\u1ea3o v\u1ec7 m\u00f4i tr\u01b0\u1eddng!<\/h4>\n\n\n\n<p>B\u1ea1n c\u00f3 bi\u1ebft r\u1eb1ng h\u01a1n 2 t\u1ef7 th\u1ebb nh\u1ef1a b\u1ecb v\u1ee9t b\u1ecf m\u1ed7i n\u0103m? H\u00e3y s\u1ed1ng b\u1ec1n v\u1eefng v\u00e0 g\u00f3p ph\u1ea7n ng\u0103n ng\u1eeba r\u00e1c th\u1ea3i nh\u1ef1a b\u1eb1ng c\u00e1ch mua th\u1ebb qu\u00e0 t\u1eb7ng \u0111i\u1ec7n t\u1eed. <\/p>\n\n\n\n<div class=\"wp-block-buttons is-layout-flex wp-block-buttons-is-layout-flex\" style=\"margin-top:var(--wp--preset--spacing--60);margin-bottom:var(--wp--preset--spacing--30)\">\n<div class=\"wp-block-button\"><a class=\"wp-block-button__link wp-element-button\" href=\"https:\/\/tickets.zoo.org\/events\/b282bc55-e0cf-44e3-7daa-210f5fd07cee?tg=6d42cba4-708f-1b5e-d409-8c482d8459a7&amp;_gl=1*1lpi5vt*_gcl_au*MjA5ODE4OTMzOC4xNzYwMzk2OTc2\" target=\"_blank\" rel=\"noreferrer noopener\">MUA TH\u1eba QU\u00c0 T\u1eb6NG \u0110I\u1ec6N T\u1eec<\/a><\/div>\n<\/div>\n<\/div>\n\n<h3 class=\"wp-block-heading\">B\u1ea1n \u0111ang mua th\u1ebb qu\u00e0 t\u1eb7ng \u0111\u1ec3 t\u1eb7ng ai \u0111\u00f3 th\u1ebb th\u00e0nh vi\u00ean?<\/h3>\n\n<p>N\u1ebfu b\u1ea1n kh\u00f4ng c\u00f3 \u0111\u1ecba ch\u1ec9 email c\u1ee7a ng\u01b0\u1eddi nh\u1eadn qu\u00e0, kh\u00f4ng ch\u1eafc n\u00ean mua lo\u1ea1i th\u1ebb th\u00e0nh vi\u00ean n\u00e0o ho\u1eb7c mu\u1ed1n ng\u01b0\u1eddi nh\u1eadn qu\u00e0 c\u00f3 hi\u1ec7u l\u1ef1c th\u1ebb th\u00e0nh vi\u00ean t\u1eeb l\u1ea7n \u0111\u1ea7u ti\u00ean \u0111\u1ebfn th\u0103m thay v\u00ec ng\u00e0y b\u1ea1n mua \u2013 h\u00e3y mua th\u1ebb qu\u00e0 t\u1eb7ng! Th\u1ebb qu\u00e0 t\u1eb7ng s\u1edf th\u00fa gi\u00fap vi\u1ec7c t\u1eb7ng th\u1ebb th\u00e0nh vi\u00ean tr\u1edf n\u00ean d\u1ec5 d\u00e0ng v\u00e0 c\u00f3 th\u1ec3 \u0111\u01b0\u1ee3c s\u1eed d\u1ee5ng tr\u1ef1c tuy\u1ebfn, qua \u0111i\u1ec7n tho\u1ea1i ho\u1eb7c t\u1ea1i c\u1ed5ng v\u00e0o. <\/p>\n","protected":false},"excerpt":{"rendered":"<p>TH\u1eba QU\u00c0 T\u1eb6NG H\u00e3y t\u1eb7ng V\u01b0\u1eddn th\u00fa Woodland Park l\u00e0m qu\u00e0 ngay h\u00f4m nay! MUA TH\u1eba QU\u00c0 T\u1eb6NG Th\u1ebb qu\u00e0 t\u1eb7ng l\u00e0 m\u00f3n qu\u00e0 tuy\u1ec7t v\u1eddi! B\u1ea1n c\u00f3 th\u1ec3 s\u1eed [&hellip;]<\/p>\n","protected":false},"author":1,"featured_media":10229,"parent":0,"menu_order":0,"comment_status":"closed","ping_status":"closed","template":"","meta":{"_acf_changed":false,"_kad_blocks_custom_css":"","_kad_blocks_head_custom_js":"","_kad_blocks_body_custom_js":"","_kad_blocks_footer_custom_js":"","footnotes":""},"class_list":["post-10227","page","type-page","status-publish","has-post-thumbnail","hentry"],"blocksy_meta":[],"acf":[],"yoast_head":"<!-- This site is optimized with the Yoast SEO plugin v27.4 - https:\/\/yoast.com\/product\/yoast-seo-wordpress\/ -->\n<title>Th\u1ebb qu\u00e0 t\u1eb7ng - V\u01b0\u1eddn th\u00fa Woodland Park<\/title>\n<meta name=\"description\" content=\"Th\u1ebb qu\u00e0 t\u1eb7ng l\u00e0 m\u00f3n qu\u00e0 tuy\u1ec7t v\u1eddi! Ch\u00fang c\u00f3 th\u1ec3 \u0111\u01b0\u1ee3c s\u1eed d\u1ee5ng \u0111\u1ec3 mua th\u1ebb th\u00e0nh vi\u00ean, v\u00e9 v\u00e0o c\u1eeda h\u00e0ng ng\u00e0y, mua s\u1eafm t\u1ea1i ZooStore v\u00e0 m\u1ed9t s\u1ed1 \u0111\u1ecba \u0111i\u1ec3m \u0103n u\u1ed1ng. H\u01a1n n\u1eefa, th\u1ebb qu\u00e0 t\u1eb7ng kh\u00f4ng bao gi\u1edd h\u1ebft h\u1ea1n.\" \/>\n<meta name=\"robots\" content=\"index, follow, max-snippet:-1, max-image-preview:large, max-video-preview:-1\" \/>\n<link rel=\"canonical\" href=\"https:\/\/zoo.org\/vi\/the-qua-tang\/\" \/>\n<meta property=\"og:locale\" content=\"vi_VN\" \/>\n<meta property=\"og:type\" content=\"article\" \/>\n<meta property=\"og:title\" content=\"Th\u1ebb qu\u00e0 t\u1eb7ng - V\u01b0\u1eddn th\u00fa Woodland Park\" \/>\n<meta property=\"og:description\" content=\"Th\u1ebb qu\u00e0 t\u1eb7ng l\u00e0 m\u00f3n qu\u00e0 tuy\u1ec7t v\u1eddi! Ch\u00fang c\u00f3 th\u1ec3 \u0111\u01b0\u1ee3c s\u1eed d\u1ee5ng \u0111\u1ec3 mua th\u1ebb th\u00e0nh vi\u00ean, v\u00e9 v\u00e0o c\u1eeda h\u00e0ng ng\u00e0y, mua s\u1eafm t\u1ea1i ZooStore v\u00e0 m\u1ed9t s\u1ed1 \u0111\u1ecba \u0111i\u1ec3m \u0103n u\u1ed1ng. H\u01a1n n\u1eefa, th\u1ebb qu\u00e0 t\u1eb7ng kh\u00f4ng bao gi\u1edd h\u1ebft h\u1ea1n.\" \/>\n<meta property=\"og:url\" content=\"https:\/\/zoo.org\/vi\/the-qua-tang\/\" \/>\n<meta property=\"og:site_name\" content=\"V\u01b0\u1eddn th\u00fa Woodland Park\" \/>\n<meta property=\"article:modified_time\" content=\"2026-01-05T23:00:22+00:00\" \/>\n<meta property=\"og:image\" content=\"https:\/\/zoo.org\/wp-content\/uploads\/2025\/08\/west-entrance.jpg?wsr\" \/>\n\t<meta property=\"og:image:width\" content=\"800\" \/>\n\t<meta property=\"og:image:height\" content=\"531\" \/>\n\t<meta property=\"og:image:type\" content=\"image\/jpeg\" \/>\n<meta name=\"twitter:card\" content=\"summary_large_image\" \/>\n<script type=\"application\/ld+json\" class=\"yoast-schema-graph\">{\"@context\":\"https:\\\/\\\/schema.org\",\"@graph\":[{\"@type\":\"WebPage\",\"@id\":\"https:\\\/\\\/zoo.org\\\/vi\\\/the-qua-tang\\\/\",\"url\":\"https:\\\/\\\/zoo.org\\\/vi\\\/the-qua-tang\\\/\",\"name\":\"Th\u1ebb qu\u00e0 t\u1eb7ng - V\u01b0\u1eddn th\u00fa Woodland Park\",\"isPartOf\":{\"@id\":\"https:\\\/\\\/zoo.org\\\/vi\\\/#website\"},\"primaryImageOfPage\":{\"@id\":\"https:\\\/\\\/zoo.org\\\/vi\\\/the-qua-tang\\\/#primaryimage\"},\"image\":{\"@id\":\"https:\\\/\\\/zoo.org\\\/vi\\\/the-qua-tang\\\/#primaryimage\"},\"thumbnailUrl\":\"https:\\\/\\\/zoo.org\\\/wp-content\\\/uploads\\\/2025\\\/08\\\/west-entrance.jpg?wsr\",\"datePublished\":\"2025-10-15T21:12:37+00:00\",\"dateModified\":\"2026-01-05T23:00:22+00:00\",\"description\":\"Th\u1ebb qu\u00e0 t\u1eb7ng l\u00e0 m\u00f3n qu\u00e0 tuy\u1ec7t v\u1eddi! Ch\u00fang c\u00f3 th\u1ec3 \u0111\u01b0\u1ee3c s\u1eed d\u1ee5ng \u0111\u1ec3 mua th\u1ebb th\u00e0nh vi\u00ean, v\u00e9 v\u00e0o c\u1eeda h\u00e0ng ng\u00e0y, mua s\u1eafm t\u1ea1i ZooStore v\u00e0 m\u1ed9t s\u1ed1 \u0111\u1ecba \u0111i\u1ec3m \u0103n u\u1ed1ng. H\u01a1n n\u1eefa, th\u1ebb qu\u00e0 t\u1eb7ng kh\u00f4ng bao gi\u1edd h\u1ebft h\u1ea1n.\",\"breadcrumb\":{\"@id\":\"https:\\\/\\\/zoo.org\\\/vi\\\/the-qua-tang\\\/#breadcrumb\"},\"inLanguage\":\"vi\",\"potentialAction\":[{\"@type\":\"ReadAction\",\"target\":[\"https:\\\/\\\/zoo.org\\\/vi\\\/the-qua-tang\\\/\"]}]},{\"@type\":\"ImageObject\",\"inLanguage\":\"vi\",\"@id\":\"https:\\\/\\\/zoo.org\\\/vi\\\/the-qua-tang\\\/#primaryimage\",\"url\":\"https:\\\/\\\/zoo.org\\\/wp-content\\\/uploads\\\/2025\\\/08\\\/west-entrance.jpg?wsr\",\"contentUrl\":\"https:\\\/\\\/zoo.org\\\/wp-content\\\/uploads\\\/2025\\\/08\\\/west-entrance.jpg?wsr\",\"width\":800,\"height\":531,\"caption\":\"V\u00e0o m\u1ed9t ng\u00e0y n\u1eafng \u0111\u1eb9p, m\u1ecdi ng\u01b0\u1eddi \u0111i d\u1ea1o v\u00e0 t\u1ee5 t\u1eadp b\u00ean ngo\u00e0i l\u1ed1i v\u00e0o s\u1edf th\u00fa, c\u00f3 th\u1ec3 th\u1ea5y c\u00e1c gia \u0111\u00ecnh, tr\u1ebb em v\u00e0 xe \u0111\u1ea9y em b\u00e9; ph\u00eda sau l\u00e0 nh\u1eefng h\u00e0ng c\u00e2y xanh v\u00e0 m\u1ed9t t\u00f2a nh\u00e0 hi\u1ec7n \u0111\u1ea1i.\"},{\"@type\":\"BreadcrumbList\",\"@id\":\"https:\\\/\\\/zoo.org\\\/vi\\\/the-qua-tang\\\/#breadcrumb\",\"itemListElement\":[{\"@type\":\"ListItem\",\"position\":1,\"name\":\"Trang ch\u1ee7\",\"item\":\"https:\\\/\\\/zoo.org\\\/vi\\\/\"},{\"@type\":\"ListItem\",\"position\":2,\"name\":\"Th\u1ebb qu\u00e0 t\u1eb7ng\"}]},{\"@type\":\"WebSite\",\"@id\":\"https:\\\/\\\/zoo.org\\\/vi\\\/#website\",\"url\":\"https:\\\/\\\/zoo.org\\\/vi\\\/\",\"name\":\"V\u01b0\u1eddn th\u00fa Woodland Park\",\"description\":\"V\u01b0\u1eddn th\u00fa Woodland Park c\u1ee9u s\u1ed1ng \u0111\u1ed9ng v\u1eadt hoang d\u00e3 v\u00e0 truy\u1ec1n c\u1ea3m h\u1ee9ng cho m\u1ecdi ng\u01b0\u1eddi coi b\u1ea3o t\u1ed3n l\u00e0 \u01b0u ti\u00ean h\u00e0ng \u0111\u1ea7u trong cu\u1ed9c s\u1ed1ng c\u1ee7a m\u00ecnh.\",\"publisher\":{\"@id\":\"https:\\\/\\\/zoo.org\\\/vi\\\/#organization\"},\"potentialAction\":[{\"@type\":\"SearchAction\",\"target\":{\"@type\":\"EntryPoint\",\"urlTemplate\":\"https:\\\/\\\/zoo.org\\\/vi\\\/?s={search_term_string}\"},\"query-input\":{\"@type\":\"PropertyValueSpecification\",\"valueRequired\":true,\"valueName\":\"search_term_string\"}}],\"inLanguage\":\"vi\"},{\"@type\":\"Organization\",\"@id\":\"https:\\\/\\\/zoo.org\\\/vi\\\/#organization\",\"name\":\"V\u01b0\u1eddn th\u00fa Woodland Park\",\"url\":\"https:\\\/\\\/zoo.org\\\/vi\\\/\",\"logo\":{\"@type\":\"ImageObject\",\"inLanguage\":\"vi\",\"@id\":\"https:\\\/\\\/zoo.org\\\/vi\\\/#\\\/schema\\\/logo\\\/image\\\/\",\"url\":\"https:\\\/\\\/zoo.org\\\/wp-content\\\/uploads\\\/2026\\\/01\\\/WPZ-Logo_white-SVG.svg?wsr\",\"contentUrl\":\"https:\\\/\\\/zoo.org\\\/wp-content\\\/uploads\\\/2026\\\/01\\\/WPZ-Logo_white-SVG.svg?wsr\",\"width\":288,\"height\":282,\"caption\":\"V\u01b0\u1eddn th\u00fa Woodland Park\"},\"image\":{\"@id\":\"https:\\\/\\\/zoo.org\\\/vi\\\/#\\\/schema\\\/logo\\\/image\\\/\"}}]}<\/script>\n<!-- \/ Yoast SEO plugin. -->","yoast_head_json":{"title":"Th\u1ebb qu\u00e0 t\u1eb7ng - V\u01b0\u1eddn th\u00fa Woodland Park","description":"Th\u1ebb qu\u00e0 t\u1eb7ng l\u00e0 m\u00f3n qu\u00e0 tuy\u1ec7t v\u1eddi! Ch\u00fang c\u00f3 th\u1ec3 \u0111\u01b0\u1ee3c s\u1eed d\u1ee5ng \u0111\u1ec3 mua th\u1ebb th\u00e0nh vi\u00ean, v\u00e9 v\u00e0o c\u1eeda h\u00e0ng ng\u00e0y, mua s\u1eafm t\u1ea1i ZooStore v\u00e0 m\u1ed9t s\u1ed1 \u0111\u1ecba \u0111i\u1ec3m \u0103n u\u1ed1ng. H\u01a1n n\u1eefa, th\u1ebb qu\u00e0 t\u1eb7ng kh\u00f4ng bao gi\u1edd h\u1ebft h\u1ea1n.","robots":{"index":"index","follow":"follow","max-snippet":"max-snippet:-1","max-image-preview":"max-image-preview:large","max-video-preview":"max-video-preview:-1"},"canonical":"https:\/\/zoo.org\/vi\/the-qua-tang\/","og_locale":"vi_VN","og_type":"article","og_title":"Th\u1ebb qu\u00e0 t\u1eb7ng - V\u01b0\u1eddn th\u00fa Woodland Park","og_description":"Th\u1ebb qu\u00e0 t\u1eb7ng l\u00e0 m\u00f3n qu\u00e0 tuy\u1ec7t v\u1eddi! Ch\u00fang c\u00f3 th\u1ec3 \u0111\u01b0\u1ee3c s\u1eed d\u1ee5ng \u0111\u1ec3 mua th\u1ebb th\u00e0nh vi\u00ean, v\u00e9 v\u00e0o c\u1eeda h\u00e0ng ng\u00e0y, mua s\u1eafm t\u1ea1i ZooStore v\u00e0 m\u1ed9t s\u1ed1 \u0111\u1ecba \u0111i\u1ec3m \u0103n u\u1ed1ng. H\u01a1n n\u1eefa, th\u1ebb qu\u00e0 t\u1eb7ng kh\u00f4ng bao gi\u1edd h\u1ebft h\u1ea1n.","og_url":"https:\/\/zoo.org\/vi\/the-qua-tang\/","og_site_name":"V\u01b0\u1eddn th\u00fa Woodland Park","article_modified_time":"2026-01-05T23:00:22+00:00","og_image":[{"width":800,"height":531,"url":"https:\/\/zoo.org\/wp-content\/uploads\/2025\/08\/west-entrance.jpg?wsr","type":"image\/jpeg"}],"twitter_card":"summary_large_image","schema":{"@context":"https:\/\/schema.org","@graph":[{"@type":"WebPage","@id":"https:\/\/zoo.org\/vi\/the-qua-tang\/","url":"https:\/\/zoo.org\/vi\/the-qua-tang\/","name":"Th\u1ebb qu\u00e0 t\u1eb7ng - V\u01b0\u1eddn th\u00fa Woodland Park","isPartOf":{"@id":"https:\/\/zoo.org\/vi\/#website"},"primaryImageOfPage":{"@id":"https:\/\/zoo.org\/vi\/the-qua-tang\/#primaryimage"},"image":{"@id":"https:\/\/zoo.org\/vi\/the-qua-tang\/#primaryimage"},"thumbnailUrl":"https:\/\/zoo.org\/wp-content\/uploads\/2025\/08\/west-entrance.jpg?wsr","datePublished":"2025-10-15T21:12:37+00:00","dateModified":"2026-01-05T23:00:22+00:00","description":"Th\u1ebb qu\u00e0 t\u1eb7ng l\u00e0 m\u00f3n qu\u00e0 tuy\u1ec7t v\u1eddi! Ch\u00fang c\u00f3 th\u1ec3 \u0111\u01b0\u1ee3c s\u1eed d\u1ee5ng \u0111\u1ec3 mua th\u1ebb th\u00e0nh vi\u00ean, v\u00e9 v\u00e0o c\u1eeda h\u00e0ng ng\u00e0y, mua s\u1eafm t\u1ea1i ZooStore v\u00e0 m\u1ed9t s\u1ed1 \u0111\u1ecba \u0111i\u1ec3m \u0103n u\u1ed1ng. H\u01a1n n\u1eefa, th\u1ebb qu\u00e0 t\u1eb7ng kh\u00f4ng bao gi\u1edd h\u1ebft h\u1ea1n.","breadcrumb":{"@id":"https:\/\/zoo.org\/vi\/the-qua-tang\/#breadcrumb"},"inLanguage":"vi","potentialAction":[{"@type":"ReadAction","target":["https:\/\/zoo.org\/vi\/the-qua-tang\/"]}]},{"@type":"ImageObject","inLanguage":"vi","@id":"https:\/\/zoo.org\/vi\/the-qua-tang\/#primaryimage","url":"https:\/\/zoo.org\/wp-content\/uploads\/2025\/08\/west-entrance.jpg?wsr","contentUrl":"https:\/\/zoo.org\/wp-content\/uploads\/2025\/08\/west-entrance.jpg?wsr","width":800,"height":531,"caption":"V\u00e0o m\u1ed9t ng\u00e0y n\u1eafng \u0111\u1eb9p, m\u1ecdi ng\u01b0\u1eddi \u0111i d\u1ea1o v\u00e0 t\u1ee5 t\u1eadp b\u00ean ngo\u00e0i l\u1ed1i v\u00e0o s\u1edf th\u00fa, c\u00f3 th\u1ec3 th\u1ea5y c\u00e1c gia \u0111\u00ecnh, tr\u1ebb em v\u00e0 xe \u0111\u1ea9y em b\u00e9; ph\u00eda sau l\u00e0 nh\u1eefng h\u00e0ng c\u00e2y xanh v\u00e0 m\u1ed9t t\u00f2a nh\u00e0 hi\u1ec7n \u0111\u1ea1i."},{"@type":"BreadcrumbList","@id":"https:\/\/zoo.org\/vi\/the-qua-tang\/#breadcrumb","itemListElement":[{"@type":"ListItem","position":1,"name":"Trang ch\u1ee7","item":"https:\/\/zoo.org\/vi\/"},{"@type":"ListItem","position":2,"name":"Th\u1ebb qu\u00e0 t\u1eb7ng"}]},{"@type":"WebSite","@id":"https:\/\/zoo.org\/vi\/#website","url":"https:\/\/zoo.org\/vi\/","name":"V\u01b0\u1eddn th\u00fa Woodland Park","description":"V\u01b0\u1eddn th\u00fa Woodland Park c\u1ee9u s\u1ed1ng \u0111\u1ed9ng v\u1eadt hoang d\u00e3 v\u00e0 truy\u1ec1n c\u1ea3m h\u1ee9ng cho m\u1ecdi ng\u01b0\u1eddi coi b\u1ea3o t\u1ed3n l\u00e0 \u01b0u ti\u00ean h\u00e0ng \u0111\u1ea7u trong cu\u1ed9c s\u1ed1ng c\u1ee7a m\u00ecnh.","publisher":{"@id":"https:\/\/zoo.org\/vi\/#organization"},"potentialAction":[{"@type":"SearchAction","target":{"@type":"EntryPoint","urlTemplate":"https:\/\/zoo.org\/vi\/?s={search_term_string}"},"query-input":{"@type":"PropertyValueSpecification","valueRequired":true,"valueName":"search_term_string"}}],"inLanguage":"vi"},{"@type":"Organization","@id":"https:\/\/zoo.org\/vi\/#organization","name":"V\u01b0\u1eddn th\u00fa Woodland Park","url":"https:\/\/zoo.org\/vi\/","logo":{"@type":"ImageObject","inLanguage":"vi","@id":"https:\/\/zoo.org\/vi\/#\/schema\/logo\/image\/","url":"https:\/\/zoo.org\/wp-content\/uploads\/2026\/01\/WPZ-Logo_white-SVG.svg?wsr","contentUrl":"https:\/\/zoo.org\/wp-content\/uploads\/2026\/01\/WPZ-Logo_white-SVG.svg?wsr","width":288,"height":282,"caption":"V\u01b0\u1eddn th\u00fa Woodland Park"},"image":{"@id":"https:\/\/zoo.org\/vi\/#\/schema\/logo\/image\/"}}]}},"taxonomy_info":[],"featured_image_src_large":["https:\/\/zoo.org\/wp-content\/uploads\/2025\/08\/west-entrance.jpg?wsr",800,531,false],"author_info":{"display_name":"jloughlin","author_link":"https:\/\/zoo.org\/vi\/author\/jloughlin\/"},"comment_info":0,"_links":{"self":[{"href":"https:\/\/zoo.org\/vi\/wp-json\/wp\/v2\/pages\/10227","targetHints":{"allow":["GET"]}}],"collection":[{"href":"https:\/\/zoo.org\/vi\/wp-json\/wp\/v2\/pages"}],"about":[{"href":"https:\/\/zoo.org\/vi\/wp-json\/wp\/v2\/types\/page"}],"author":[{"embeddable":true,"href":"https:\/\/zoo.org\/vi\/wp-json\/wp\/v2\/users\/1"}],"replies":[{"embeddable":true,"href":"https:\/\/zoo.org\/vi\/wp-json\/wp\/v2\/comments?post=10227"}],"version-history":[{"count":0,"href":"https:\/\/zoo.org\/vi\/wp-json\/wp\/v2\/pages\/10227\/revisions"}],"wp:featuredmedia":[{"embeddable":true,"href":"https:\/\/zoo.org\/vi\/wp-json\/wp\/v2\/media\/10229"}],"wp:attachment":[{"href":"https:\/\/zoo.org\/vi\/wp-json\/wp\/v2\/media?parent=10227"}],"curies":[{"name":"wp","href":"https:\/\/api.w.org\/{rel}","templated":true}]}}