{"id":10253,"date":"2025-10-15T15:01:19","date_gmt":"2025-10-15T22:01:19","guid":{"rendered":"https:\/\/zoo.org\/tac-dong-cua-chung-toi\/"},"modified":"2026-01-07T10:05:46","modified_gmt":"2026-01-07T18:05:46","slug":"tac-dong-cua-chung-toi","status":"publish","type":"page","link":"https:\/\/zoo.org\/vi\/tac-dong-cua-chung-toi\/","title":{"rendered":"T\u00e1c \u0111\u1ed9ng c\u1ee7a ch\u00fang t\u00f4i"},"content":{"rendered":"\n<div class=\"wp-block-cover alignfull is-light hero\" style=\"margin-top:0;margin-bottom:0\"><img loading=\"lazy\" decoding=\"async\" width=\"1920\" height=\"400\" class=\"wp-block-cover__image-background wp-image-3487 size-full\" alt=\"\" src=\"https:\/\/zoo.org\/wp-content\/uploads\/2025\/08\/Support-Header-Image2.jpg\" data-object-fit=\"cover\" srcset=\"https:\/\/zoo.org\/wp-content\/uploads\/2025\/08\/Support-Header-Image2.jpg 1920w, https:\/\/zoo.org\/wp-content\/uploads\/2025\/08\/Support-Header-Image2-300x63.jpg 300w, https:\/\/zoo.org\/wp-content\/uploads\/2025\/08\/Support-Header-Image2-1024x213.jpg 1024w, https:\/\/zoo.org\/wp-content\/uploads\/2025\/08\/Support-Header-Image2-768x160.jpg 768w, https:\/\/zoo.org\/wp-content\/uploads\/2025\/08\/Support-Header-Image2-1536x320.jpg 1536w\" sizes=\"auto, (max-width: 1920px) 100vw, 1920px\" \/><span aria-hidden=\"true\" class=\"wp-block-cover__background has-background-dim-0 has-background-dim\" style=\"background-color:#999692\"><\/span><div class=\"wp-block-cover__inner-container is-layout-constrained wp-block-cover-is-layout-constrained\">\n<p class=\"has-text-align-center has-large-font-size\"><\/p>\n<\/div><\/div>\n\n<div class=\"wp-block-group is-layout-constrained wp-block-group-is-layout-constrained\" style=\"margin-top:2em;margin-bottom:3em\">\n<h1 class=\"wp-block-heading has-text-align-center\" style=\"margin-top:0.65em;margin-bottom:0.275em\">B\u00c1O C\u00c1O T\u00c1C \u0110\u1ed8NG<\/h1>\n\n\n\n<p class=\"has-text-align-center has-palette-color-3-color has-text-color has-link-color wp-elements-5739c0351f07ca8291fbff52bd7b0460\" style=\"margin-bottom:1em;font-size:clamp(0.984em, 0.984rem + ((1vw - 0.2em) * 0.645), 1.5em);font-style:normal;font-weight:500;line-height:1.5\"><strong>B\u1ea0N \u0110ANG KH\u1edeI X\u01af\u1edaNG M\u1ed8T PHONG TR\u00c0O B\u1ea2O T\ufffd<\/strong><\/p>\n<\/div>\n\n<div class=\"wp-block-group alignfull divider is-layout-constrained wp-block-group-is-layout-constrained\">\n<h2 class=\"wp-block-heading alignfull has-text-align-center\">CH\u00daNG T\u00d4I TR\u00c2N TR\u1eccNG NH\u1eeeNG \u0110\u00d3NG G\u00d3P C\u1ee6A B\u1ea0N!<\/h2>\n<\/div>\n\n<div class=\"wp-block-group is-layout-constrained wp-block-group-is-layout-constrained\" style=\"margin-top:var(--wp--preset--spacing--60);margin-bottom:var(--wp--preset--spacing--60)\"><style>.kt-sc6470_b7878f-63 .kt-sc-imgcol, .kt-sc6470_b7878f-63 .kt-sc-textcol{min-height:345px;}.kt-sc6470_b7878f-63 .kt-sc-imgcol{background-size:cover;background-image:url(https:\/\/zoo.org\/wp-content\/uploads\/2025\/10\/Seattle-Aerial-web.jpg);}.kt-sc6470_b7878f-63 .kt-sc-textcol{padding-top:1em;padding-right:1.5em;padding-bottom:1em;padding-left:1.5em;}@media all and (max-width: 767px){.kt-sc6470_b7878f-63 .kt-sc-imgcol, .kt-sc6470_b7878f-63 .kt-sc-textcol{min-height:275px;}}<\/style>\n<div class=\"aligncenter kt-sc6470_b7878f-63 wp-block-kadence-splitcontent\"><div class=\"kt-split-content-wrap kt-sc-media-side-left\" style=\"grid-template-columns:32% auto\"><div class=\"kt-sc-imgcol kt-sc-imgcol-bg-cover kt-sc-img-side-left\"><\/div><div class=\"kt-sc-textcol kt-sc-text-valign-center kt-sc-text-halign-left\" style=\"background-color:var(--theme-palette-color-17, #E6E6E6)\"><div class=\"kt-sc-innter-col\">\n<h3 class=\"wp-block-heading\">B\u00e1o c\u00e1o T\u00e1c \u0111\u1ed9ng n\u0103m 2024<\/h3>\n\n\n\n<p>Ch\u00fang t\u00f4i r\u1ea5t vui \u0111\u01b0\u1ee3c chia s\u1ebb B\u00e1o c\u00e1o T\u00e1c \u0111\u1ed9ng n\u0103m 2024 c\u1ee7a ch\u00fang t\u00f4i. H\u00e3y kh\u00e1m ph\u00e1 nh\u1eefng c\u00e1ch m\u00e0 s\u1ef1 h\u1ed7 tr\u1ee3 c\u1ee7a b\u1ea1n gi\u00fap v\u01b0\u1eddn th\u00fa c\u1ee7a ch\u00fang t\u00f4i bi\u1ebfn m\u1ecdi ng\u01b0\u1eddi \u1edf m\u1ecdi l\u1ee9a tu\u1ed5i th\u00e0nh nh\u1eefng nh\u00e2n t\u1ed1 m\u1ea1nh m\u1ebd v\u00ec thi\u00ean nhi\u00ean. C\u1ea3m \u01a1n b\u1ea1n!  <\/p>\n\n\n\n<div class=\"wp-block-buttons is-layout-flex wp-block-buttons-is-layout-flex\" style=\"margin-top:var(--wp--preset--spacing--50)\">\n<div class=\"wp-block-button\"><a class=\"wp-block-button__link wp-element-button\" href=\"https:\/\/zoo.org\/wp-content\/uploads\/2025\/12\/2024_Digital_ImpactReport_Final_lowres.pdf\" target=\"_blank\" rel=\"noreferrer noopener\">\u0110\u1ecdc B\u00e1o c\u00e1o T\u00e1c \u0111\u1ed9ng<\/a><\/div>\n<\/div>\n<\/div><\/div><\/div><\/div>\n<\/div>\n\n<div class=\"wp-block-group alignfull divider is-layout-constrained wp-block-group-is-layout-constrained\">\n<h2 class=\"wp-block-heading alignfull has-text-align-center\">GHI NH\u1eacN NH\u00c0 T\u00c0I TR\u1ee2<\/h2>\n<\/div>\n\n<div class=\"wp-block-buttons is-content-justification-center is-layout-flex wp-container-core-buttons-is-layout-48d0e691 wp-block-buttons-is-layout-flex\" style=\"margin-top:var(--wp--preset--spacing--60);margin-bottom:var(--wp--preset--spacing--60)\">\n<div class=\"wp-block-button\"><a class=\"wp-block-button__link wp-element-button\" href=\"https:\/\/zoo.org\/vi\/tac-dong-cua-chung-toi\/cau-chuyen-cua-nha-tai-tro\/\">\u0110\u1eccC C\u00c2U CHUY\u1ec6N C\u1ee6A NH\u1eeeNG NH\u00c0 T\u00c0I TR\u1ee2 C\u1ee6A CH\u00daNG T\u00d4I<\/a><\/div>\n\n\n\n<div class=\"wp-block-button\"><a class=\"wp-block-button__link wp-element-button\" href=\"https:\/\/www.zoo.org\/impact\/contribute\">GHI NH\u1eacN NH\u00c0 T\u00c0I TR\u1ee2<\/a><\/div>\n<\/div>\n","protected":false},"excerpt":{"rendered":"<p>B\u00c1O C\u00c1O T\u00c1C \u0110\u1ed8NG B\u1ea0N \u0110ANG KH\u1edeI X\u01af\u1edaNG M\u1ed8T PHONG TR\u00c0O B\u1ea2O T\ufffd CH\u00daNG T\u00d4I TR\u00c2N TR\u1eccNG NH\u1eeeNG \u0110\u00d3NG G\u00d3P C\u1ee6A B\u1ea0N! GHI NH\u1eacN NH\u00c0 T\u00c0I TR\u1ee2<\/p>\n","protected":false},"author":1,"featured_media":9297,"parent":0,"menu_order":0,"comment_status":"closed","ping_status":"closed","template":"","meta":{"_acf_changed":false,"_kad_blocks_custom_css":"","_kad_blocks_head_custom_js":"","_kad_blocks_body_custom_js":"","_kad_blocks_footer_custom_js":"","footnotes":""},"class_list":["post-10253","page","type-page","status-publish","has-post-thumbnail","hentry"],"blocksy_meta":[],"acf":[],"yoast_head":"<!-- This site is optimized with the Yoast SEO plugin v27.4 - https:\/\/yoast.com\/product\/yoast-seo-wordpress\/ -->\n<title>T\u00e1c \u0111\u1ed9ng c\u1ee7a ch\u00fang t\u00f4i - V\u01b0\u1eddn th\u00fa Woodland Park<\/title>\n<meta name=\"description\" content=\"V\u01b0\u1eddn th\u00fa Woodland Park t\u1ea1o ra nh\u1eefng \u0111\u1ed9ng l\u1ef1c m\u1ea1nh m\u1ebd cho thi\u00ean nhi\u00ean. H\u00e3y xem ch\u00fang ta c\u00f9ng nhau \u0111ang t\u00e1c \u0111\u1ed9ng nh\u01b0 th\u1ebf n\u00e0o \u0111\u1ebfn s\u1ee9 m\u1ec7nh c\u1ee9u \u0111\u1ed9ng v\u1eadt v\u00e0 m\u00f4i tr\u01b0\u1eddng s\u1ed1ng c\u1ee7a m\u00ecnh.\" \/>\n<meta name=\"robots\" content=\"index, follow, max-snippet:-1, max-image-preview:large, max-video-preview:-1\" \/>\n<link rel=\"canonical\" href=\"https:\/\/zoo.org\/vi\/tac-dong-cua-chung-toi\/\" \/>\n<meta property=\"og:locale\" content=\"vi_VN\" \/>\n<meta property=\"og:type\" content=\"article\" \/>\n<meta property=\"og:title\" content=\"T\u00e1c \u0111\u1ed9ng c\u1ee7a ch\u00fang t\u00f4i - V\u01b0\u1eddn th\u00fa Woodland Park\" \/>\n<meta property=\"og:description\" content=\"V\u01b0\u1eddn th\u00fa Woodland Park t\u1ea1o ra nh\u1eefng \u0111\u1ed9ng l\u1ef1c m\u1ea1nh m\u1ebd cho thi\u00ean nhi\u00ean. H\u00e3y xem ch\u00fang ta c\u00f9ng nhau \u0111ang t\u00e1c \u0111\u1ed9ng nh\u01b0 th\u1ebf n\u00e0o \u0111\u1ebfn s\u1ee9 m\u1ec7nh c\u1ee9u \u0111\u1ed9ng v\u1eadt v\u00e0 m\u00f4i tr\u01b0\u1eddng s\u1ed1ng c\u1ee7a m\u00ecnh.\" \/>\n<meta property=\"og:url\" content=\"https:\/\/zoo.org\/vi\/tac-dong-cua-chung-toi\/\" \/>\n<meta property=\"og:site_name\" content=\"V\u01b0\u1eddn th\u00fa Woodland Park\" \/>\n<meta property=\"article:modified_time\" content=\"2026-01-07T18:05:46+00:00\" \/>\n<meta property=\"og:image\" content=\"https:\/\/zoo.org\/wp-content\/uploads\/2025\/10\/Seattle-Aerial-web.jpg?wsr\" \/>\n\t<meta property=\"og:image:width\" content=\"800\" \/>\n\t<meta property=\"og:image:height\" content=\"533\" \/>\n\t<meta property=\"og:image:type\" content=\"image\/jpeg\" \/>\n<meta name=\"twitter:card\" content=\"summary_large_image\" \/>\n<script type=\"application\/ld+json\" class=\"yoast-schema-graph\">{\"@context\":\"https:\\\/\\\/schema.org\",\"@graph\":[{\"@type\":\"WebPage\",\"@id\":\"https:\\\/\\\/zoo.org\\\/vi\\\/tac-dong-cua-chung-toi\\\/\",\"url\":\"https:\\\/\\\/zoo.org\\\/vi\\\/tac-dong-cua-chung-toi\\\/\",\"name\":\"T\u00e1c \u0111\u1ed9ng c\u1ee7a ch\u00fang t\u00f4i - V\u01b0\u1eddn th\u00fa Woodland Park\",\"isPartOf\":{\"@id\":\"https:\\\/\\\/zoo.org\\\/vi\\\/#website\"},\"primaryImageOfPage\":{\"@id\":\"https:\\\/\\\/zoo.org\\\/vi\\\/tac-dong-cua-chung-toi\\\/#primaryimage\"},\"image\":{\"@id\":\"https:\\\/\\\/zoo.org\\\/vi\\\/tac-dong-cua-chung-toi\\\/#primaryimage\"},\"thumbnailUrl\":\"https:\\\/\\\/zoo.org\\\/wp-content\\\/uploads\\\/2025\\\/10\\\/Seattle-Aerial-web.jpg?wsr\",\"datePublished\":\"2025-10-15T22:01:19+00:00\",\"dateModified\":\"2026-01-07T18:05:46+00:00\",\"description\":\"V\u01b0\u1eddn th\u00fa Woodland Park t\u1ea1o ra nh\u1eefng \u0111\u1ed9ng l\u1ef1c m\u1ea1nh m\u1ebd cho thi\u00ean nhi\u00ean. H\u00e3y xem ch\u00fang ta c\u00f9ng nhau \u0111ang t\u00e1c \u0111\u1ed9ng nh\u01b0 th\u1ebf n\u00e0o \u0111\u1ebfn s\u1ee9 m\u1ec7nh c\u1ee9u \u0111\u1ed9ng v\u1eadt v\u00e0 m\u00f4i tr\u01b0\u1eddng s\u1ed1ng c\u1ee7a m\u00ecnh.\",\"breadcrumb\":{\"@id\":\"https:\\\/\\\/zoo.org\\\/vi\\\/tac-dong-cua-chung-toi\\\/#breadcrumb\"},\"inLanguage\":\"vi\",\"potentialAction\":[{\"@type\":\"ReadAction\",\"target\":[\"https:\\\/\\\/zoo.org\\\/vi\\\/tac-dong-cua-chung-toi\\\/\"]}]},{\"@type\":\"ImageObject\",\"inLanguage\":\"vi\",\"@id\":\"https:\\\/\\\/zoo.org\\\/vi\\\/tac-dong-cua-chung-toi\\\/#primaryimage\",\"url\":\"https:\\\/\\\/zoo.org\\\/wp-content\\\/uploads\\\/2025\\\/10\\\/Seattle-Aerial-web.jpg?wsr\",\"contentUrl\":\"https:\\\/\\\/zoo.org\\\/wp-content\\\/uploads\\\/2025\\\/10\\\/Seattle-Aerial-web.jpg?wsr\",\"width\":800,\"height\":533,\"caption\":\"\u1ea2nh ch\u1ee5p t\u1eeb tr\u00ean cao cho th\u1ea5y s\u1edf th\u00fa v\u1edbi nh\u1eefng h\u00e0ng c\u00e2y r\u1eadm r\u1ea1p \u1edf ph\u00eda tr\u01b0\u1edbc, khu d\u00e2n c\u01b0 \u1edf gi\u1eefa v\u00e0 \u0111\u01b0\u1eddng ch\u00e2n tr\u1eddi th\u00e0nh ph\u1ed1 v\u1edbi nh\u1eefng t\u00f2a nh\u00e0 cao t\u1ea7ng v\u00e0 m\u1ed9t h\u1ed3 n\u01b0\u1edbc \u1edf ph\u00eda xa d\u01b0\u1edbi b\u1ea7u tr\u1eddi trong xanh.\"},{\"@type\":\"BreadcrumbList\",\"@id\":\"https:\\\/\\\/zoo.org\\\/vi\\\/tac-dong-cua-chung-toi\\\/#breadcrumb\",\"itemListElement\":[{\"@type\":\"ListItem\",\"position\":1,\"name\":\"Trang ch\u1ee7\",\"item\":\"https:\\\/\\\/zoo.org\\\/vi\\\/\"},{\"@type\":\"ListItem\",\"position\":2,\"name\":\"T\u00e1c \u0111\u1ed9ng c\u1ee7a ch\u00fang t\u00f4i\"}]},{\"@type\":\"WebSite\",\"@id\":\"https:\\\/\\\/zoo.org\\\/vi\\\/#website\",\"url\":\"https:\\\/\\\/zoo.org\\\/vi\\\/\",\"name\":\"V\u01b0\u1eddn th\u00fa Woodland Park\",\"description\":\"V\u01b0\u1eddn th\u00fa Woodland Park c\u1ee9u s\u1ed1ng \u0111\u1ed9ng v\u1eadt hoang d\u00e3 v\u00e0 truy\u1ec1n c\u1ea3m h\u1ee9ng cho m\u1ecdi ng\u01b0\u1eddi coi b\u1ea3o t\u1ed3n l\u00e0 \u01b0u ti\u00ean h\u00e0ng \u0111\u1ea7u trong cu\u1ed9c s\u1ed1ng c\u1ee7a m\u00ecnh.\",\"publisher\":{\"@id\":\"https:\\\/\\\/zoo.org\\\/vi\\\/#organization\"},\"potentialAction\":[{\"@type\":\"SearchAction\",\"target\":{\"@type\":\"EntryPoint\",\"urlTemplate\":\"https:\\\/\\\/zoo.org\\\/vi\\\/?s={search_term_string}\"},\"query-input\":{\"@type\":\"PropertyValueSpecification\",\"valueRequired\":true,\"valueName\":\"search_term_string\"}}],\"inLanguage\":\"vi\"},{\"@type\":\"Organization\",\"@id\":\"https:\\\/\\\/zoo.org\\\/vi\\\/#organization\",\"name\":\"V\u01b0\u1eddn th\u00fa Woodland Park\",\"url\":\"https:\\\/\\\/zoo.org\\\/vi\\\/\",\"logo\":{\"@type\":\"ImageObject\",\"inLanguage\":\"vi\",\"@id\":\"https:\\\/\\\/zoo.org\\\/vi\\\/#\\\/schema\\\/logo\\\/image\\\/\",\"url\":\"https:\\\/\\\/zoo.org\\\/wp-content\\\/uploads\\\/2026\\\/01\\\/WPZ-Logo_white-SVG.svg?wsr\",\"contentUrl\":\"https:\\\/\\\/zoo.org\\\/wp-content\\\/uploads\\\/2026\\\/01\\\/WPZ-Logo_white-SVG.svg?wsr\",\"width\":288,\"height\":282,\"caption\":\"V\u01b0\u1eddn th\u00fa Woodland Park\"},\"image\":{\"@id\":\"https:\\\/\\\/zoo.org\\\/vi\\\/#\\\/schema\\\/logo\\\/image\\\/\"}}]}<\/script>\n<!-- \/ Yoast SEO plugin. -->","yoast_head_json":{"title":"T\u00e1c \u0111\u1ed9ng c\u1ee7a ch\u00fang t\u00f4i - V\u01b0\u1eddn th\u00fa Woodland Park","description":"V\u01b0\u1eddn th\u00fa Woodland Park t\u1ea1o ra nh\u1eefng \u0111\u1ed9ng l\u1ef1c m\u1ea1nh m\u1ebd cho thi\u00ean nhi\u00ean. H\u00e3y xem ch\u00fang ta c\u00f9ng nhau \u0111ang t\u00e1c \u0111\u1ed9ng nh\u01b0 th\u1ebf n\u00e0o \u0111\u1ebfn s\u1ee9 m\u1ec7nh c\u1ee9u \u0111\u1ed9ng v\u1eadt v\u00e0 m\u00f4i tr\u01b0\u1eddng s\u1ed1ng c\u1ee7a m\u00ecnh.","robots":{"index":"index","follow":"follow","max-snippet":"max-snippet:-1","max-image-preview":"max-image-preview:large","max-video-preview":"max-video-preview:-1"},"canonical":"https:\/\/zoo.org\/vi\/tac-dong-cua-chung-toi\/","og_locale":"vi_VN","og_type":"article","og_title":"T\u00e1c \u0111\u1ed9ng c\u1ee7a ch\u00fang t\u00f4i - V\u01b0\u1eddn th\u00fa Woodland Park","og_description":"V\u01b0\u1eddn th\u00fa Woodland Park t\u1ea1o ra nh\u1eefng \u0111\u1ed9ng l\u1ef1c m\u1ea1nh m\u1ebd cho thi\u00ean nhi\u00ean. H\u00e3y xem ch\u00fang ta c\u00f9ng nhau \u0111ang t\u00e1c \u0111\u1ed9ng nh\u01b0 th\u1ebf n\u00e0o \u0111\u1ebfn s\u1ee9 m\u1ec7nh c\u1ee9u \u0111\u1ed9ng v\u1eadt v\u00e0 m\u00f4i tr\u01b0\u1eddng s\u1ed1ng c\u1ee7a m\u00ecnh.","og_url":"https:\/\/zoo.org\/vi\/tac-dong-cua-chung-toi\/","og_site_name":"V\u01b0\u1eddn th\u00fa Woodland Park","article_modified_time":"2026-01-07T18:05:46+00:00","og_image":[{"width":800,"height":533,"url":"https:\/\/zoo.org\/wp-content\/uploads\/2025\/10\/Seattle-Aerial-web.jpg?wsr","type":"image\/jpeg"}],"twitter_card":"summary_large_image","schema":{"@context":"https:\/\/schema.org","@graph":[{"@type":"WebPage","@id":"https:\/\/zoo.org\/vi\/tac-dong-cua-chung-toi\/","url":"https:\/\/zoo.org\/vi\/tac-dong-cua-chung-toi\/","name":"T\u00e1c \u0111\u1ed9ng c\u1ee7a ch\u00fang t\u00f4i - V\u01b0\u1eddn th\u00fa Woodland Park","isPartOf":{"@id":"https:\/\/zoo.org\/vi\/#website"},"primaryImageOfPage":{"@id":"https:\/\/zoo.org\/vi\/tac-dong-cua-chung-toi\/#primaryimage"},"image":{"@id":"https:\/\/zoo.org\/vi\/tac-dong-cua-chung-toi\/#primaryimage"},"thumbnailUrl":"https:\/\/zoo.org\/wp-content\/uploads\/2025\/10\/Seattle-Aerial-web.jpg?wsr","datePublished":"2025-10-15T22:01:19+00:00","dateModified":"2026-01-07T18:05:46+00:00","description":"V\u01b0\u1eddn th\u00fa Woodland Park t\u1ea1o ra nh\u1eefng \u0111\u1ed9ng l\u1ef1c m\u1ea1nh m\u1ebd cho thi\u00ean nhi\u00ean. H\u00e3y xem ch\u00fang ta c\u00f9ng nhau \u0111ang t\u00e1c \u0111\u1ed9ng nh\u01b0 th\u1ebf n\u00e0o \u0111\u1ebfn s\u1ee9 m\u1ec7nh c\u1ee9u \u0111\u1ed9ng v\u1eadt v\u00e0 m\u00f4i tr\u01b0\u1eddng s\u1ed1ng c\u1ee7a m\u00ecnh.","breadcrumb":{"@id":"https:\/\/zoo.org\/vi\/tac-dong-cua-chung-toi\/#breadcrumb"},"inLanguage":"vi","potentialAction":[{"@type":"ReadAction","target":["https:\/\/zoo.org\/vi\/tac-dong-cua-chung-toi\/"]}]},{"@type":"ImageObject","inLanguage":"vi","@id":"https:\/\/zoo.org\/vi\/tac-dong-cua-chung-toi\/#primaryimage","url":"https:\/\/zoo.org\/wp-content\/uploads\/2025\/10\/Seattle-Aerial-web.jpg?wsr","contentUrl":"https:\/\/zoo.org\/wp-content\/uploads\/2025\/10\/Seattle-Aerial-web.jpg?wsr","width":800,"height":533,"caption":"\u1ea2nh ch\u1ee5p t\u1eeb tr\u00ean cao cho th\u1ea5y s\u1edf th\u00fa v\u1edbi nh\u1eefng h\u00e0ng c\u00e2y r\u1eadm r\u1ea1p \u1edf ph\u00eda tr\u01b0\u1edbc, khu d\u00e2n c\u01b0 \u1edf gi\u1eefa v\u00e0 \u0111\u01b0\u1eddng ch\u00e2n tr\u1eddi th\u00e0nh ph\u1ed1 v\u1edbi nh\u1eefng t\u00f2a nh\u00e0 cao t\u1ea7ng v\u00e0 m\u1ed9t h\u1ed3 n\u01b0\u1edbc \u1edf ph\u00eda xa d\u01b0\u1edbi b\u1ea7u tr\u1eddi trong xanh."},{"@type":"BreadcrumbList","@id":"https:\/\/zoo.org\/vi\/tac-dong-cua-chung-toi\/#breadcrumb","itemListElement":[{"@type":"ListItem","position":1,"name":"Trang ch\u1ee7","item":"https:\/\/zoo.org\/vi\/"},{"@type":"ListItem","position":2,"name":"T\u00e1c \u0111\u1ed9ng c\u1ee7a ch\u00fang t\u00f4i"}]},{"@type":"WebSite","@id":"https:\/\/zoo.org\/vi\/#website","url":"https:\/\/zoo.org\/vi\/","name":"V\u01b0\u1eddn th\u00fa Woodland Park","description":"V\u01b0\u1eddn th\u00fa Woodland Park c\u1ee9u s\u1ed1ng \u0111\u1ed9ng v\u1eadt hoang d\u00e3 v\u00e0 truy\u1ec1n c\u1ea3m h\u1ee9ng cho m\u1ecdi ng\u01b0\u1eddi coi b\u1ea3o t\u1ed3n l\u00e0 \u01b0u ti\u00ean h\u00e0ng \u0111\u1ea7u trong cu\u1ed9c s\u1ed1ng c\u1ee7a m\u00ecnh.","publisher":{"@id":"https:\/\/zoo.org\/vi\/#organization"},"potentialAction":[{"@type":"SearchAction","target":{"@type":"EntryPoint","urlTemplate":"https:\/\/zoo.org\/vi\/?s={search_term_string}"},"query-input":{"@type":"PropertyValueSpecification","valueRequired":true,"valueName":"search_term_string"}}],"inLanguage":"vi"},{"@type":"Organization","@id":"https:\/\/zoo.org\/vi\/#organization","name":"V\u01b0\u1eddn th\u00fa Woodland Park","url":"https:\/\/zoo.org\/vi\/","logo":{"@type":"ImageObject","inLanguage":"vi","@id":"https:\/\/zoo.org\/vi\/#\/schema\/logo\/image\/","url":"https:\/\/zoo.org\/wp-content\/uploads\/2026\/01\/WPZ-Logo_white-SVG.svg?wsr","contentUrl":"https:\/\/zoo.org\/wp-content\/uploads\/2026\/01\/WPZ-Logo_white-SVG.svg?wsr","width":288,"height":282,"caption":"V\u01b0\u1eddn th\u00fa Woodland Park"},"image":{"@id":"https:\/\/zoo.org\/vi\/#\/schema\/logo\/image\/"}}]}},"taxonomy_info":[],"featured_image_src_large":["https:\/\/zoo.org\/wp-content\/uploads\/2025\/10\/Seattle-Aerial-web.jpg?wsr",800,533,false],"author_info":{"display_name":"jloughlin","author_link":"https:\/\/zoo.org\/vi\/author\/jloughlin\/"},"comment_info":0,"_links":{"self":[{"href":"https:\/\/zoo.org\/vi\/wp-json\/wp\/v2\/pages\/10253","targetHints":{"allow":["GET"]}}],"collection":[{"href":"https:\/\/zoo.org\/vi\/wp-json\/wp\/v2\/pages"}],"about":[{"href":"https:\/\/zoo.org\/vi\/wp-json\/wp\/v2\/types\/page"}],"author":[{"embeddable":true,"href":"https:\/\/zoo.org\/vi\/wp-json\/wp\/v2\/users\/1"}],"replies":[{"embeddable":true,"href":"https:\/\/zoo.org\/vi\/wp-json\/wp\/v2\/comments?post=10253"}],"version-history":[{"count":0,"href":"https:\/\/zoo.org\/vi\/wp-json\/wp\/v2\/pages\/10253\/revisions"}],"wp:featuredmedia":[{"embeddable":true,"href":"https:\/\/zoo.org\/vi\/wp-json\/wp\/v2\/media\/9297"}],"wp:attachment":[{"href":"https:\/\/zoo.org\/vi\/wp-json\/wp\/v2\/media?parent=10253"}],"curies":[{"name":"wp","href":"https:\/\/api.w.org\/{rel}","templated":true}]}}