{"id":10292,"date":"2026-03-18T16:15:45","date_gmt":"2026-03-18T23:15:45","guid":{"rendered":"https:\/\/zoo.org\/hang-xom\/"},"modified":"2026-03-18T16:16:00","modified_gmt":"2026-03-18T23:16:00","slug":"hang-xom","status":"publish","type":"page","link":"https:\/\/zoo.org\/vi\/hang-xom\/","title":{"rendered":"H\u00e0ng x\u00f3m"},"content":{"rendered":"\n<div class=\"wp-block-cover alignfull hero\" style=\"margin-top:0;margin-bottom:0\"><img loading=\"lazy\" decoding=\"async\" width=\"1920\" height=\"400\" class=\"wp-block-cover__image-background wp-image-3493 size-full\" alt=\"\" src=\"https:\/\/zoo.org\/wp-content\/uploads\/2025\/08\/WPZ-Seattle-Aerial-Header-Image.jpg\" data-object-fit=\"cover\" srcset=\"https:\/\/zoo.org\/wp-content\/uploads\/2025\/08\/WPZ-Seattle-Aerial-Header-Image.jpg 1920w, https:\/\/zoo.org\/wp-content\/uploads\/2025\/08\/WPZ-Seattle-Aerial-Header-Image-300x63.jpg 300w, https:\/\/zoo.org\/wp-content\/uploads\/2025\/08\/WPZ-Seattle-Aerial-Header-Image-1024x213.jpg 1024w, https:\/\/zoo.org\/wp-content\/uploads\/2025\/08\/WPZ-Seattle-Aerial-Header-Image-768x160.jpg 768w, https:\/\/zoo.org\/wp-content\/uploads\/2025\/08\/WPZ-Seattle-Aerial-Header-Image-1536x320.jpg 1536w\" sizes=\"auto, (max-width: 1920px) 100vw, 1920px\" \/><span aria-hidden=\"true\" class=\"wp-block-cover__background has-background-dim-0 has-background-dim\" style=\"background-color:#393f38\"><\/span><div class=\"wp-block-cover__inner-container is-layout-constrained wp-block-cover-is-layout-constrained\">\n<p class=\"has-text-align-center has-large-font-size\"><\/p>\n<\/div><\/div>\n\n<div class=\"wp-block-group is-layout-constrained wp-block-group-is-layout-constrained\" style=\"margin-top:2em;margin-bottom:3em\">\n<h1 class=\"wp-block-heading has-text-align-center\" style=\"margin-top:0.65em;margin-bottom:0.275em\">H\u00c0NG X\u00d3M S\u1ede TH\u00da<\/h1>\n\n\n\n<p class=\"has-text-align-center has-palette-color-3-color has-text-color has-link-color wp-elements-275ab8a614f5564b757b724ff2f6a7e1\" style=\"margin-bottom:1em;font-size:clamp(0.984em, 0.984rem + ((1vw - 0.2em) * 0.645), 1.5em);font-style:normal;font-weight:500;line-height:1.5\"><strong>M\u1ed9t s\u1edf th\u00fa n\u1eb1m trong khu d\u00e2n c\u01b0<\/strong><\/p>\n<\/div>\n\n<div class=\"wp-block-group alignfull divider is-layout-constrained wp-block-group-is-layout-constrained\">\n<h2 class=\"wp-block-heading alignfull has-text-align-center\">Ch\u00e0o c\u00e1c h\u00e0ng x\u00f3m!<\/h2>\n<\/div>\n\n<p>V\u01b0\u1eddn th\u00fa Woodland Park \u0111\u00e3 l\u00e0 m\u1ed9t \u1ed1c \u0111\u1ea3o \u0111\u00f4 th\u1ecb cho c\u1ed9ng \u0111\u1ed3ng k\u1ec3 t\u1eeb n\u0103m 1899. B\u1ed9 s\u01b0u t\u1eadp \u0111\u1ed9ng v\u1eadt, cam k\u1ebft v\u1ec1 t\u00ednh b\u1ec1n v\u1eefng v\u00e0 s\u1ef1 t\u1eadn t\u00e2m \u0111\u1ed1i v\u1edbi b\u1ea3o t\u1ed3n \u0111\u1ed9ng v\u1eadt hoang d\u00e3 khi\u1ebfn n\u01a1i \u0111\u00e2y tr\u1edf th\u00e0nh m\u1ed9t \u0111\u1ecba \u0111i\u1ec3m r\u1ea5t \u0111\u1eb7c bi\u1ec7t \u0111\u1ec3 c\u00e1c gia \u0111\u00ecnh g\u1eafn k\u1ebft v\u00e0 th\u01b0 gi\u00e3n. V\u1ecb tr\u00ed \u0111\u1eb9p nh\u01b0 tranh v\u1ebd c\u1ee7a v\u01b0\u1eddn th\u00fa tr\u00ean Phinney Ridge, c\u00f9ng v\u1edbi s\u1ef1 h\u1ed7 tr\u1ee3 li\u00ean t\u1ee5c t\u1eeb nh\u1eefng ng\u01b0\u1eddi h\u00e0ng x\u00f3m, th\u1ef1c s\u1ef1 t\u1ea1o n\u00ean s\u1ef1 kh\u00e1c bi\u1ec7t c\u1ee7a ch\u00fang t\u00f4i so v\u1edbi c\u00e1c t\u00e0i s\u1ea3n kh\u00e1c c\u1ee7a th\u00e0nh ph\u1ed1.    <\/p>\n\n<p>Ch\u00fang t\u00f4i tr\u00e2n tr\u1ecdng m\u1ed1i quan h\u1ec7 v\u1edbi c\u1ed9ng \u0111\u1ed3ng v\u00e0 cam k\u1ebft tr\u1edf th\u00e0nh m\u1ed9t ng\u01b0\u1eddi h\u00e0ng x\u00f3m t\u1ed1t. Vui l\u00f2ng th\u01b0\u1eddng xuy\u00ean truy c\u1eadp \u0111\u1ec3 c\u1eadp nh\u1eadt c\u00e1c s\u1ef1 ki\u1ec7n, tri\u1ec3n l\u00e3m v\u00e0 d\u1ef1 \u00e1n c\u1ee7a s\u1edf th\u00fa, \u0111\u1eb7c bi\u1ec7t l\u00e0 nh\u1eefng s\u1ef1 ki\u1ec7n c\u00f3 \u00fd ngh\u0129a \u0111\u1ed1i v\u1edbi khu v\u1ef1c l\u00e2n c\u1eadn. <\/p>\n\n<h3 class=\"wp-block-heading\">\u0110\u0103ng k\u00fd nh\u1eadn b\u1ea3n tin \u0111i\u1ec7n t\u1eed Zoo Neighbor<\/h3>\n\n<p>\u0110\u0103ng k\u00fd \u0111\u1ec3 nh\u1eadn th\u00f4ng tin c\u1eadp nh\u1eadt \u0111\u1eb7c bi\u1ec7t v\u1ec1 tin t\u1ee9c c\u1ee7a s\u1edf th\u00fa v\u00e0 c\u00e1c th\u00f4ng tin quan tr\u1ecdng trong khu ph\u1ed1, bao g\u1ed3m chi ti\u1ebft v\u1ec1 s\u1ef1 ki\u1ec7n tri \u00e2n c\u01b0 d\u00e2n th\u01b0\u1eddng ni\u00ean c\u1ee7a ch\u00fang t\u00f4i.<\/p>\n\n<p> <\/p>\n<script type=\"text\/javascript\" src=\"https:\/\/woodlandparkzoo.formstack.com\/forms\/js.php\/neighbor_news_signup_form\"><\/script><noscript><a href=\"https:\/\/woodlandparkzoo.formstack.com\/forms\/neighbor_news_signup_form\" title=\"Bi\u1ec3u m\u1eabu tr\u1ef1c tuy\u1ebfn\">Bi\u1ec3u m\u1eabu tr\u1ef1c tuy\u1ebfn &#8211; \u0110\u0103ng k\u00fd nh\u1eadn tin t\u1ee9c t\u1eeb c\u1ed9ng \u0111\u1ed3ng Salesforce Neighbor News<\/a><\/noscript>\n<style>.wp-block-kadence-image.kb-image21921_081186-a7:not(.kb-specificity-added):not(.kb-extra-specificity-added){margin-top:var(--global-kb-spacing-lg, 3rem);margin-bottom:var(--global-kb-spacing-lg, 3rem);}.kb-image21921_081186-a7 .kb-image-has-overlay:after{opacity:0.3;}<\/style>\n<div class=\"wp-block-kadence-image kb-image21921_081186-a7\"><figure class=\"aligncenter size-full\"><img loading=\"lazy\" decoding=\"async\" width=\"800\" height=\"533\" src=\"https:\/\/zoo.org\/wp-content\/uploads\/2025\/10\/Seattle-Aerial-web.jpg\" alt=\"Aerial view of the zoo with dense trees in the foreground, residential neighborhoods in the middle, and a city skyline with tall buildings and a lake in the distance under a clear sky.\" class=\"kb-img wp-image-6196\" srcset=\"https:\/\/zoo.org\/wp-content\/uploads\/2025\/10\/Seattle-Aerial-web.jpg 800w, https:\/\/zoo.org\/wp-content\/uploads\/2025\/10\/Seattle-Aerial-web-300x200.jpg 300w, https:\/\/zoo.org\/wp-content\/uploads\/2025\/10\/Seattle-Aerial-web-768x512.jpg 768w\" sizes=\"auto, (max-width: 800px) 100vw, 800px\" \/><\/figure><\/div>\n\n<p>\u1ea2nh ch\u1ee5p t\u1eeb tr\u00ean cao V\u01b0\u1eddn th\u00fa Woodland Park \u1edf Seattle c\u00f9ng v\u1edbi khu d\u00e2n c\u01b0 Phinney Ridge xung quanh. H\u1ed3 Green Lake n\u1eb1m \u1edf ph\u00eda tr\u00ean c\u00f9ng c\u1ee7a b\u1ee9c \u1ea3nh. V\u01b0\u1eddn th\u00fa \u0111\u01b0\u1ee3c th\u00e0nh l\u1eadp v\u00e0o n\u0103m 1899 khi khu \u0111\u1ea5t, ban \u0111\u1ea7u l\u00e0 m\u1ed9t \u0111i\u1ec1n trang v\u00e0 khu d\u00e2n c\u01b0 thu\u1ed9c s\u1edf h\u1eefu c\u1ee7a Guy Phinney, \u0111\u01b0\u1ee3c v\u1ee3 \u00f4ng b\u00e1n cho Th\u00e0nh ph\u1ed1 Seattle.  <\/p>\n\n<p><a href=\"https:\/\/zoo.org\/vi\/lich-su-vuon-thu\/\">\u0110\u1ec3 bi\u1ebft th\u00eam th\u00f4ng tin chi ti\u1ebft, vui l\u00f2ng truy c\u1eadp m\u1ee5c L\u1ecbch s\u1eed c\u1ee7a ch\u00fang t\u00f4i.<\/a><\/p>\n\n<h3 class=\"wp-block-heading\"><strong>Th\u00f4ng tin c\u1eadp nh\u1eadt khu v\u1ef1c l\u00e2n c\u1eadn s\u1edf th\u00fa<\/strong><\/h3>\n\n<p>V\u00e0o ng\u00e0y 20 th\u00e1ng 3 n\u0103m 2026, ch\u00fang t\u00f4i s\u1ebd ch\u1eb7t b\u1ecf m\u1ed9t c\u00e2y d\u1ebb ng\u1ef1a b\u1ecb b\u1ec7nh trong b\u00e3i \u0111\u1eadu xe Flamingo. C\u00e2y \u0111ang b\u1ecb m\u1ee5c r\u1ed7ng t\u1eeb b\u00ean trong v\u00e0 c\u00f3 d\u1ea5u hi\u1ec7u b\u1ecb n\u00e9n l\u1ea1i. Ch\u00fang t\u00f4i c\u0169ng s\u1ebd b\u1eaft \u0111\u1ea7u ch\u1eb7t b\u1ecf nh\u1eefng c\u00e2y anh \u0111\u00e0o ch\u1ebft \u1edf khu West Woodland. T\u1ea5t c\u1ea3 c\u00e1c c\u00e2y b\u1ecb ch\u1eb7t b\u1ecf \u0111\u1ec1u \u0111\u00e3 ch\u1ebft ho\u00e0n to\u00e0n v\u00e0 \u0111\u01b0\u1ee3c coi l\u00e0 m\u1ed1i nguy hi\u1ec3m. C\u00e2y anh \u0111\u00e0o \u0111ang r\u1ee5ng c\u00e0nh kh\u00f4 v\u00e0 c\u00f3 nguy c\u01a1 \u0111\u1ed5. C\u00e2y anh \u0111\u00e0o s\u1ebd \u0111\u01b0\u1ee3c thay th\u1ebf b\u1eb1ng c\u00e2y b\u1ed3 \u0111\u1ec1 v\u00e0o ng\u00e0y 26 th\u00e1ng 3 n\u0103m 2026.       <\/p>\n\n<h3 class=\"wp-block-heading\">Li\u00ean h\u1ec7<\/h3>\n\n<p>Vui l\u00f2ng g\u1eedi email \u0111\u1ebfn <a href=\"mailto:zooneighbors@zoo.org\">zooneighbors@zoo.org<\/a> n\u1ebfu c\u00f3 th\u1eafc m\u1eafc ho\u1eb7c \u00fd ki\u1ebfn \u0111\u00f3ng g\u00f3p.<\/p>\n\n<p>\u0110\u1ed1i v\u1edbi c\u00e1c v\u1ea5n \u0111\u1ec1 kh\u1ea9n c\u1ea5p, vui l\u00f2ng li\u00ean h\u1ec7 <a href=\"mailto:zooinfo@zoo.org\">zooinfo@zoo.org<\/a> ho\u1eb7c g\u1ecdi \u0111\u01b0\u1eddng d\u00e2y n\u00f3ng an ninh 24 gi\u1edd c\u1ee7a ch\u00fang t\u00f4i theo s\u1ed1 206-295-0078. \u0110\u1ec3 \u0111\u01b0\u1ee3c h\u1ed7 tr\u1ee3 ngay l\u1eadp t\u1ee9c n\u1ebfu kh\u00e1ch tham quan s\u1edf th\u00fa \u0111\u1eadu xe trong ho\u1eb7c tr\u01b0\u1edbc l\u1ed1i v\u00e0o nh\u00e0 b\u1ea1n, vui l\u00f2ng g\u1ecdi \u0111\u01b0\u1eddng d\u00e2y kh\u00f4ng kh\u1ea9n c\u1ea5p c\u1ee7a S\u1edf C\u1ea3nh s\u00e1t Seattle (SPD) theo s\u1ed1 206-625-5011. <\/p>\n","protected":false},"excerpt":{"rendered":"<p>H\u00c0NG X\u00d3M S\u1ede TH\u00da M\u1ed9t s\u1edf th\u00fa n\u1eb1m trong khu d\u00e2n c\u01b0 Ch\u00e0o c\u00e1c h\u00e0ng x\u00f3m! V\u01b0\u1eddn th\u00fa Woodland Park \u0111\u00e3 l\u00e0 m\u1ed9t \u1ed1c \u0111\u1ea3o \u0111\u00f4 th\u1ecb cho c\u1ed9ng \u0111\u1ed3ng [&hellip;]<\/p>\n","protected":false},"author":1,"featured_media":9297,"parent":0,"menu_order":0,"comment_status":"closed","ping_status":"closed","template":"","meta":{"_acf_changed":false,"_kad_blocks_custom_css":"","_kad_blocks_head_custom_js":"","_kad_blocks_body_custom_js":"","_kad_blocks_footer_custom_js":"","footnotes":""},"class_list":["post-10292","page","type-page","status-publish","has-post-thumbnail","hentry"],"blocksy_meta":[],"acf":[],"yoast_head":"<!-- This site is optimized with the Yoast SEO plugin v27.3 - https:\/\/yoast.com\/product\/yoast-seo-wordpress\/ -->\n<title>H\u00e0ng x\u00f3m - V\u01b0\u1eddn th\u00fa Woodland Park<\/title>\n<meta name=\"description\" content=\"\u0110\u00e2y l\u00e0 ngu\u1ed3n th\u00f4ng tin h\u1eefu \u00edch d\u00e0nh cho c\u01b0 d\u00e2n c\u00e1c khu v\u1ef1c l\u00e2n c\u1eadn V\u01b0\u1eddn th\u00fa Woodland Park, bao g\u1ed3m Phinney Ridge, Greenwood, Fremont, Wallingford, Ballard v\u00e0 c\u00e1c khu d\u00e2n c\u01b0 l\u00e2n c\u1eadn kh\u00e1c.\" \/>\n<meta name=\"robots\" content=\"index, follow, max-snippet:-1, max-image-preview:large, max-video-preview:-1\" \/>\n<link rel=\"canonical\" href=\"https:\/\/zoo.org\/vi\/hang-xom\/\" \/>\n<meta property=\"og:locale\" content=\"vi_VN\" \/>\n<meta property=\"og:type\" content=\"article\" \/>\n<meta property=\"og:title\" content=\"H\u00e0ng x\u00f3m - V\u01b0\u1eddn th\u00fa Woodland Park\" \/>\n<meta property=\"og:description\" content=\"\u0110\u00e2y l\u00e0 ngu\u1ed3n th\u00f4ng tin h\u1eefu \u00edch d\u00e0nh cho c\u01b0 d\u00e2n c\u00e1c khu v\u1ef1c l\u00e2n c\u1eadn V\u01b0\u1eddn th\u00fa Woodland Park, bao g\u1ed3m Phinney Ridge, Greenwood, Fremont, Wallingford, Ballard v\u00e0 c\u00e1c khu d\u00e2n c\u01b0 l\u00e2n c\u1eadn kh\u00e1c.\" \/>\n<meta property=\"og:url\" content=\"https:\/\/zoo.org\/vi\/hang-xom\/\" \/>\n<meta property=\"og:site_name\" content=\"V\u01b0\u1eddn th\u00fa Woodland Park\" \/>\n<meta property=\"article:modified_time\" content=\"2026-03-18T23:16:00+00:00\" \/>\n<meta property=\"og:image\" content=\"https:\/\/zoo.org\/wp-content\/uploads\/2025\/10\/Seattle-Aerial-web.jpg?wsr\" \/>\n\t<meta property=\"og:image:width\" content=\"800\" \/>\n\t<meta property=\"og:image:height\" content=\"533\" \/>\n\t<meta property=\"og:image:type\" content=\"image\/jpeg\" \/>\n<meta name=\"twitter:card\" content=\"summary_large_image\" \/>\n<script type=\"application\/ld+json\" class=\"yoast-schema-graph\">{\"@context\":\"https:\\\/\\\/schema.org\",\"@graph\":[{\"@type\":\"WebPage\",\"@id\":\"https:\\\/\\\/zoo.org\\\/vi\\\/hang-xom\\\/\",\"url\":\"https:\\\/\\\/zoo.org\\\/vi\\\/hang-xom\\\/\",\"name\":\"H\u00e0ng x\u00f3m - V\u01b0\u1eddn th\u00fa Woodland Park\",\"isPartOf\":{\"@id\":\"https:\\\/\\\/zoo.org\\\/vi\\\/#website\"},\"primaryImageOfPage\":{\"@id\":\"https:\\\/\\\/zoo.org\\\/vi\\\/hang-xom\\\/#primaryimage\"},\"image\":{\"@id\":\"https:\\\/\\\/zoo.org\\\/vi\\\/hang-xom\\\/#primaryimage\"},\"thumbnailUrl\":\"https:\\\/\\\/zoo.org\\\/wp-content\\\/uploads\\\/2025\\\/10\\\/Seattle-Aerial-web.jpg?wsr\",\"datePublished\":\"2026-03-18T23:15:45+00:00\",\"dateModified\":\"2026-03-18T23:16:00+00:00\",\"description\":\"\u0110\u00e2y l\u00e0 ngu\u1ed3n th\u00f4ng tin h\u1eefu \u00edch d\u00e0nh cho c\u01b0 d\u00e2n c\u00e1c khu v\u1ef1c l\u00e2n c\u1eadn V\u01b0\u1eddn th\u00fa Woodland Park, bao g\u1ed3m Phinney Ridge, Greenwood, Fremont, Wallingford, Ballard v\u00e0 c\u00e1c khu d\u00e2n c\u01b0 l\u00e2n c\u1eadn kh\u00e1c.\",\"breadcrumb\":{\"@id\":\"https:\\\/\\\/zoo.org\\\/vi\\\/hang-xom\\\/#breadcrumb\"},\"inLanguage\":\"vi\",\"potentialAction\":[{\"@type\":\"ReadAction\",\"target\":[\"https:\\\/\\\/zoo.org\\\/vi\\\/hang-xom\\\/\"]}]},{\"@type\":\"ImageObject\",\"inLanguage\":\"vi\",\"@id\":\"https:\\\/\\\/zoo.org\\\/vi\\\/hang-xom\\\/#primaryimage\",\"url\":\"https:\\\/\\\/zoo.org\\\/wp-content\\\/uploads\\\/2025\\\/10\\\/Seattle-Aerial-web.jpg?wsr\",\"contentUrl\":\"https:\\\/\\\/zoo.org\\\/wp-content\\\/uploads\\\/2025\\\/10\\\/Seattle-Aerial-web.jpg?wsr\",\"width\":800,\"height\":533,\"caption\":\"\u1ea2nh ch\u1ee5p t\u1eeb tr\u00ean cao cho th\u1ea5y s\u1edf th\u00fa v\u1edbi nh\u1eefng h\u00e0ng c\u00e2y r\u1eadm r\u1ea1p \u1edf ph\u00eda tr\u01b0\u1edbc, khu d\u00e2n c\u01b0 \u1edf gi\u1eefa v\u00e0 \u0111\u01b0\u1eddng ch\u00e2n tr\u1eddi th\u00e0nh ph\u1ed1 v\u1edbi nh\u1eefng t\u00f2a nh\u00e0 cao t\u1ea7ng v\u00e0 m\u1ed9t h\u1ed3 n\u01b0\u1edbc \u1edf ph\u00eda xa d\u01b0\u1edbi b\u1ea7u tr\u1eddi trong xanh.\"},{\"@type\":\"BreadcrumbList\",\"@id\":\"https:\\\/\\\/zoo.org\\\/vi\\\/hang-xom\\\/#breadcrumb\",\"itemListElement\":[{\"@type\":\"ListItem\",\"position\":1,\"name\":\"Trang ch\u1ee7\",\"item\":\"https:\\\/\\\/zoo.org\\\/vi\\\/\"},{\"@type\":\"ListItem\",\"position\":2,\"name\":\"H\u00e0ng x\u00f3m\"}]},{\"@type\":\"WebSite\",\"@id\":\"https:\\\/\\\/zoo.org\\\/vi\\\/#website\",\"url\":\"https:\\\/\\\/zoo.org\\\/vi\\\/\",\"name\":\"V\u01b0\u1eddn th\u00fa Woodland Park\",\"description\":\"V\u01b0\u1eddn th\u00fa Woodland Park c\u1ee9u s\u1ed1ng \u0111\u1ed9ng v\u1eadt hoang d\u00e3 v\u00e0 truy\u1ec1n c\u1ea3m h\u1ee9ng cho m\u1ecdi ng\u01b0\u1eddi coi b\u1ea3o t\u1ed3n l\u00e0 \u01b0u ti\u00ean h\u00e0ng \u0111\u1ea7u trong cu\u1ed9c s\u1ed1ng c\u1ee7a m\u00ecnh.\",\"publisher\":{\"@id\":\"https:\\\/\\\/zoo.org\\\/vi\\\/#organization\"},\"potentialAction\":[{\"@type\":\"SearchAction\",\"target\":{\"@type\":\"EntryPoint\",\"urlTemplate\":\"https:\\\/\\\/zoo.org\\\/vi\\\/?s={search_term_string}\"},\"query-input\":{\"@type\":\"PropertyValueSpecification\",\"valueRequired\":true,\"valueName\":\"search_term_string\"}}],\"inLanguage\":\"vi\"},{\"@type\":\"Organization\",\"@id\":\"https:\\\/\\\/zoo.org\\\/vi\\\/#organization\",\"name\":\"V\u01b0\u1eddn th\u00fa Woodland Park\",\"url\":\"https:\\\/\\\/zoo.org\\\/vi\\\/\",\"logo\":{\"@type\":\"ImageObject\",\"inLanguage\":\"vi\",\"@id\":\"https:\\\/\\\/zoo.org\\\/vi\\\/#\\\/schema\\\/logo\\\/image\\\/\",\"url\":\"https:\\\/\\\/zoo.org\\\/wp-content\\\/uploads\\\/2026\\\/01\\\/WPZ-Logo_white-SVG.svg?wsr\",\"contentUrl\":\"https:\\\/\\\/zoo.org\\\/wp-content\\\/uploads\\\/2026\\\/01\\\/WPZ-Logo_white-SVG.svg?wsr\",\"width\":288,\"height\":282,\"caption\":\"V\u01b0\u1eddn th\u00fa Woodland Park\"},\"image\":{\"@id\":\"https:\\\/\\\/zoo.org\\\/vi\\\/#\\\/schema\\\/logo\\\/image\\\/\"}}]}<\/script>\n<!-- \/ Yoast SEO plugin. -->","yoast_head_json":{"title":"H\u00e0ng x\u00f3m - V\u01b0\u1eddn th\u00fa Woodland Park","description":"\u0110\u00e2y l\u00e0 ngu\u1ed3n th\u00f4ng tin h\u1eefu \u00edch d\u00e0nh cho c\u01b0 d\u00e2n c\u00e1c khu v\u1ef1c l\u00e2n c\u1eadn V\u01b0\u1eddn th\u00fa Woodland Park, bao g\u1ed3m Phinney Ridge, Greenwood, Fremont, Wallingford, Ballard v\u00e0 c\u00e1c khu d\u00e2n c\u01b0 l\u00e2n c\u1eadn kh\u00e1c.","robots":{"index":"index","follow":"follow","max-snippet":"max-snippet:-1","max-image-preview":"max-image-preview:large","max-video-preview":"max-video-preview:-1"},"canonical":"https:\/\/zoo.org\/vi\/hang-xom\/","og_locale":"vi_VN","og_type":"article","og_title":"H\u00e0ng x\u00f3m - V\u01b0\u1eddn th\u00fa Woodland Park","og_description":"\u0110\u00e2y l\u00e0 ngu\u1ed3n th\u00f4ng tin h\u1eefu \u00edch d\u00e0nh cho c\u01b0 d\u00e2n c\u00e1c khu v\u1ef1c l\u00e2n c\u1eadn V\u01b0\u1eddn th\u00fa Woodland Park, bao g\u1ed3m Phinney Ridge, Greenwood, Fremont, Wallingford, Ballard v\u00e0 c\u00e1c khu d\u00e2n c\u01b0 l\u00e2n c\u1eadn kh\u00e1c.","og_url":"https:\/\/zoo.org\/vi\/hang-xom\/","og_site_name":"V\u01b0\u1eddn th\u00fa Woodland Park","article_modified_time":"2026-03-18T23:16:00+00:00","og_image":[{"width":800,"height":533,"url":"https:\/\/zoo.org\/wp-content\/uploads\/2025\/10\/Seattle-Aerial-web.jpg?wsr","type":"image\/jpeg"}],"twitter_card":"summary_large_image","schema":{"@context":"https:\/\/schema.org","@graph":[{"@type":"WebPage","@id":"https:\/\/zoo.org\/vi\/hang-xom\/","url":"https:\/\/zoo.org\/vi\/hang-xom\/","name":"H\u00e0ng x\u00f3m - V\u01b0\u1eddn th\u00fa Woodland Park","isPartOf":{"@id":"https:\/\/zoo.org\/vi\/#website"},"primaryImageOfPage":{"@id":"https:\/\/zoo.org\/vi\/hang-xom\/#primaryimage"},"image":{"@id":"https:\/\/zoo.org\/vi\/hang-xom\/#primaryimage"},"thumbnailUrl":"https:\/\/zoo.org\/wp-content\/uploads\/2025\/10\/Seattle-Aerial-web.jpg?wsr","datePublished":"2026-03-18T23:15:45+00:00","dateModified":"2026-03-18T23:16:00+00:00","description":"\u0110\u00e2y l\u00e0 ngu\u1ed3n th\u00f4ng tin h\u1eefu \u00edch d\u00e0nh cho c\u01b0 d\u00e2n c\u00e1c khu v\u1ef1c l\u00e2n c\u1eadn V\u01b0\u1eddn th\u00fa Woodland Park, bao g\u1ed3m Phinney Ridge, Greenwood, Fremont, Wallingford, Ballard v\u00e0 c\u00e1c khu d\u00e2n c\u01b0 l\u00e2n c\u1eadn kh\u00e1c.","breadcrumb":{"@id":"https:\/\/zoo.org\/vi\/hang-xom\/#breadcrumb"},"inLanguage":"vi","potentialAction":[{"@type":"ReadAction","target":["https:\/\/zoo.org\/vi\/hang-xom\/"]}]},{"@type":"ImageObject","inLanguage":"vi","@id":"https:\/\/zoo.org\/vi\/hang-xom\/#primaryimage","url":"https:\/\/zoo.org\/wp-content\/uploads\/2025\/10\/Seattle-Aerial-web.jpg?wsr","contentUrl":"https:\/\/zoo.org\/wp-content\/uploads\/2025\/10\/Seattle-Aerial-web.jpg?wsr","width":800,"height":533,"caption":"\u1ea2nh ch\u1ee5p t\u1eeb tr\u00ean cao cho th\u1ea5y s\u1edf th\u00fa v\u1edbi nh\u1eefng h\u00e0ng c\u00e2y r\u1eadm r\u1ea1p \u1edf ph\u00eda tr\u01b0\u1edbc, khu d\u00e2n c\u01b0 \u1edf gi\u1eefa v\u00e0 \u0111\u01b0\u1eddng ch\u00e2n tr\u1eddi th\u00e0nh ph\u1ed1 v\u1edbi nh\u1eefng t\u00f2a nh\u00e0 cao t\u1ea7ng v\u00e0 m\u1ed9t h\u1ed3 n\u01b0\u1edbc \u1edf ph\u00eda xa d\u01b0\u1edbi b\u1ea7u tr\u1eddi trong xanh."},{"@type":"BreadcrumbList","@id":"https:\/\/zoo.org\/vi\/hang-xom\/#breadcrumb","itemListElement":[{"@type":"ListItem","position":1,"name":"Trang ch\u1ee7","item":"https:\/\/zoo.org\/vi\/"},{"@type":"ListItem","position":2,"name":"H\u00e0ng x\u00f3m"}]},{"@type":"WebSite","@id":"https:\/\/zoo.org\/vi\/#website","url":"https:\/\/zoo.org\/vi\/","name":"V\u01b0\u1eddn th\u00fa Woodland Park","description":"V\u01b0\u1eddn th\u00fa Woodland Park c\u1ee9u s\u1ed1ng \u0111\u1ed9ng v\u1eadt hoang d\u00e3 v\u00e0 truy\u1ec1n c\u1ea3m h\u1ee9ng cho m\u1ecdi ng\u01b0\u1eddi coi b\u1ea3o t\u1ed3n l\u00e0 \u01b0u ti\u00ean h\u00e0ng \u0111\u1ea7u trong cu\u1ed9c s\u1ed1ng c\u1ee7a m\u00ecnh.","publisher":{"@id":"https:\/\/zoo.org\/vi\/#organization"},"potentialAction":[{"@type":"SearchAction","target":{"@type":"EntryPoint","urlTemplate":"https:\/\/zoo.org\/vi\/?s={search_term_string}"},"query-input":{"@type":"PropertyValueSpecification","valueRequired":true,"valueName":"search_term_string"}}],"inLanguage":"vi"},{"@type":"Organization","@id":"https:\/\/zoo.org\/vi\/#organization","name":"V\u01b0\u1eddn th\u00fa Woodland Park","url":"https:\/\/zoo.org\/vi\/","logo":{"@type":"ImageObject","inLanguage":"vi","@id":"https:\/\/zoo.org\/vi\/#\/schema\/logo\/image\/","url":"https:\/\/zoo.org\/wp-content\/uploads\/2026\/01\/WPZ-Logo_white-SVG.svg?wsr","contentUrl":"https:\/\/zoo.org\/wp-content\/uploads\/2026\/01\/WPZ-Logo_white-SVG.svg?wsr","width":288,"height":282,"caption":"V\u01b0\u1eddn th\u00fa Woodland Park"},"image":{"@id":"https:\/\/zoo.org\/vi\/#\/schema\/logo\/image\/"}}]}},"taxonomy_info":[],"featured_image_src_large":["https:\/\/zoo.org\/wp-content\/uploads\/2025\/10\/Seattle-Aerial-web.jpg?wsr",800,533,false],"author_info":{"display_name":"jloughlin","author_link":"https:\/\/zoo.org\/vi\/author\/jloughlin\/"},"comment_info":0,"_links":{"self":[{"href":"https:\/\/zoo.org\/vi\/wp-json\/wp\/v2\/pages\/10292","targetHints":{"allow":["GET"]}}],"collection":[{"href":"https:\/\/zoo.org\/vi\/wp-json\/wp\/v2\/pages"}],"about":[{"href":"https:\/\/zoo.org\/vi\/wp-json\/wp\/v2\/types\/page"}],"author":[{"embeddable":true,"href":"https:\/\/zoo.org\/vi\/wp-json\/wp\/v2\/users\/1"}],"replies":[{"embeddable":true,"href":"https:\/\/zoo.org\/vi\/wp-json\/wp\/v2\/comments?post=10292"}],"version-history":[{"count":0,"href":"https:\/\/zoo.org\/vi\/wp-json\/wp\/v2\/pages\/10292\/revisions"}],"wp:featuredmedia":[{"embeddable":true,"href":"https:\/\/zoo.org\/vi\/wp-json\/wp\/v2\/media\/9297"}],"wp:attachment":[{"href":"https:\/\/zoo.org\/vi\/wp-json\/wp\/v2\/media?parent=10292"}],"curies":[{"name":"wp","href":"https:\/\/api.w.org\/{rel}","templated":true}]}}