{"id":10295,"date":"2025-10-16T11:06:14","date_gmt":"2025-10-16T18:06:14","guid":{"rendered":"https:\/\/zoo.org\/bao-cao-va-tai-chinh\/"},"modified":"2026-03-16T11:41:59","modified_gmt":"2026-03-16T18:41:59","slug":"bao-cao-va-tai-chinh","status":"publish","type":"page","link":"https:\/\/zoo.org\/vi\/bao-cao-va-tai-chinh\/","title":{"rendered":"B\u00e1o c\u00e1o v\u00e0 T\u00e0i ch\u00ednh"},"content":{"rendered":"\n<div class=\"wp-block-cover alignfull hero\" style=\"margin-top:0;margin-bottom:0\"><img loading=\"lazy\" decoding=\"async\" width=\"1920\" height=\"400\" class=\"wp-block-cover__image-background wp-image-3493 size-full\" alt=\"\" src=\"https:\/\/zoo.org\/wp-content\/uploads\/2025\/08\/WPZ-Seattle-Aerial-Header-Image.jpg\" data-object-fit=\"cover\" srcset=\"https:\/\/zoo.org\/wp-content\/uploads\/2025\/08\/WPZ-Seattle-Aerial-Header-Image.jpg 1920w, https:\/\/zoo.org\/wp-content\/uploads\/2025\/08\/WPZ-Seattle-Aerial-Header-Image-300x63.jpg 300w, https:\/\/zoo.org\/wp-content\/uploads\/2025\/08\/WPZ-Seattle-Aerial-Header-Image-1024x213.jpg 1024w, https:\/\/zoo.org\/wp-content\/uploads\/2025\/08\/WPZ-Seattle-Aerial-Header-Image-768x160.jpg 768w, https:\/\/zoo.org\/wp-content\/uploads\/2025\/08\/WPZ-Seattle-Aerial-Header-Image-1536x320.jpg 1536w\" sizes=\"auto, (max-width: 1920px) 100vw, 1920px\" \/><span aria-hidden=\"true\" class=\"wp-block-cover__background has-background-dim-0 has-background-dim\" style=\"background-color:#393f38\"><\/span><div class=\"wp-block-cover__inner-container is-layout-constrained wp-block-cover-is-layout-constrained\">\n<p class=\"has-text-align-center has-large-font-size\"><\/p>\n<\/div><\/div>\n\n<div class=\"wp-block-group is-layout-constrained wp-block-group-is-layout-constrained\" style=\"margin-top:2em;margin-bottom:3em\">\n<h1 class=\"wp-block-heading has-text-align-center\" style=\"margin-top:0.65em;margin-bottom:0.275em\">B\u00c1O C\u00c1O V\u00c0 T\u00c0I CH\u00cdNH<\/h1>\n<\/div>\n\n<div class=\"wp-block-group alignfull divider is-layout-constrained wp-block-group-is-layout-constrained\">\n<h2 class=\"wp-block-heading alignfull has-text-align-center\">B\u00c1O C\u00c1O G\u1ea6N \u0110\u00c2Y<\/h2>\n<\/div>\n\n<h3 class=\"wp-block-heading\">K\u1ebf ho\u1ea1ch h\u00e0ng n\u0103m 2026 tr\u00ecnh l\u00ean Gi\u00e1m \u0111\u1ed1c S\u1edf C\u00f4ng vi\u00ean v\u00e0 Gi\u1ea3i tr\u00ed.<\/h3>\n\n<p><a href=\"https:\/\/zoo.org\/wp-content\/uploads\/2025\/12\/WoodlandParkZoo-2026-Draft-Annual-Plan_For-Public-Comment.pdf\" target=\"_blank\" rel=\"noreferrer noopener\">H\u00e3y \u0111\u1ecdc K\u1ebf ho\u1ea1ch C\u00f4ng vi\u00ean H\u00e0ng n\u0103m 2026 (PDF)<\/a><\/p>\n\n<p>K\u1ebf ho\u1ea1ch th\u01b0\u1eddng ni\u00ean n\u0103m 2026 c\u1ee7a V\u01b0\u1eddn th\u00fa Woodland Park \u0111\u01b0\u1ee3c tr\u00ecnh l\u00ean Gi\u00e1m \u0111\u1ed1c S\u1edf C\u00f4ng vi\u00ean v\u00e0 Gi\u1ea3i tr\u00ed theo quy \u0111\u1ecbnh c\u1ee7a Th\u1ecfa thu\u1eadn V\u1eadn h\u00e0nh v\u00e0 Qu\u1ea3n l\u00fd V\u01b0\u1eddn th\u00fa gi\u1eefa Th\u00e0nh ph\u1ed1 Seattle v\u00e0 Hi\u1ec7p h\u1ed9i \u0110\u1ed9ng v\u1eadt h\u1ecdc Woodland Park. M\u1ee5c \u0111\u00edch c\u1ee7a k\u1ebf ho\u1ea1ch th\u01b0\u1eddng ni\u00ean l\u00e0 n\u00eau b\u1eadt b\u1ea5t k\u1ef3 thay \u0111\u1ed5i l\u1edbn n\u00e0o trong ch\u01b0\u01a1ng tr\u00ecnh, c\u1ea3i ti\u1ebfn c\u01a1 s\u1edf v\u1eadt ch\u1ea5t ho\u1eb7c c\u00e1c ph\u00e1t tri\u1ec3n quan tr\u1ecdng kh\u00e1c nh\u1eb1m n\u00e2ng cao gi\u00e1 tr\u1ecb c\u1ee7a v\u01b0\u1eddn th\u00fa nh\u01b0 m\u1ed9t t\u00e0i s\u1ea3n c\u1ed9ng \u0111\u1ed3ng. <\/p>\n\n<h4 class=\"wp-block-heading\">\u00dd ki\u1ebfn c\u00f4ng ch\u00fang<\/h4>\n\n<p><strong>Th\u1eddi gian ti\u1ebfp nh\u1eadn \u00fd ki\u1ebfn \u200b\u200b\u0111\u00f3ng g\u00f3p c\u1ee7a c\u00f4ng ch\u00fang \u0111\u00e3 k\u1ebft th\u00fac.<br\/><\/strong> B\u1ea1n c\u00f3 th\u1ec3 li\u00ean h\u1ec7 v\u1edbi ch\u00fang t\u00f4i qua \u0111\u1ecba ch\u1ec9 <a href=\"mailto:zooinfo@zoo.org\">zooinfo@zoo.org<\/a> n\u1ebfu c\u00f3 th\u1eafc m\u1eafc ho\u1eb7c c\u1ea7n th\u00eam th\u00f4ng tin.<\/p>\n\n<div class=\"wp-block-group is-layout-constrained wp-block-group-is-layout-constrained\" style=\"margin-top:var(--wp--preset--spacing--60);margin-bottom:var(--wp--preset--spacing--60)\"><style>.kt-sc6577_198ab4-21 .kt-sc-imgcol, .kt-sc6577_198ab4-21 .kt-sc-textcol{min-height:245px;}.kt-sc6577_198ab4-21 .kt-sc-imgcol{background-size:cover;background-image:url(https:\/\/zoo.org\/wp-content\/uploads\/2025\/05\/2016_10-DDow-Mountain-Goat-5-web.jpg);}.kt-sc6577_198ab4-21 .kt-sc-textcol{padding-top:1em;padding-right:1.5em;padding-bottom:1em;padding-left:1.5em;}@media all and (max-width: 767px){.kt-sc6577_198ab4-21 .kt-sc-imgcol, .kt-sc6577_198ab4-21 .kt-sc-textcol{min-height:275px;}}<\/style>\n<div class=\"aligncenter kt-sc6577_198ab4-21 wp-block-kadence-splitcontent\"><div class=\"kt-split-content-wrap kt-sc-media-side-left\" style=\"grid-template-columns:32% auto\"><div class=\"kt-sc-imgcol kt-sc-imgcol-bg-cover kt-sc-img-side-left\"><\/div><div class=\"kt-sc-textcol kt-sc-text-valign-center kt-sc-text-halign-left\" style=\"background-color:var(--theme-palette-color-4, #125D21)\"><div class=\"kt-sc-innter-col\">\n<h3 class=\"wp-block-heading has-palette-color-1-color has-text-color has-link-color wp-elements-2fd4d7ed70e84afe1151237531541940\">B\u00e1o c\u00e1o T\u00e1c \u0111\u1ed9ng n\u0103m 2024<\/h3>\n\n\n\n<p class=\"has-palette-color-14-color has-text-color has-link-color wp-elements-2e1676b61aca14e8997711161d350ba6\">Ch\u00fang t\u00f4i h\u00e2n h\u1ea1nh chia s\u1ebb B\u00e1o c\u00e1o T\u00e1c \u0111\u1ed9ng n\u0103m 2024 c\u1ee7a m\u00ecnh. H\u00e3y kh\u00e1m ph\u00e1 nh\u1eefng c\u00e1ch m\u00e0 s\u1ef1 h\u1ed7 tr\u1ee3 c\u1ee7a b\u1ea1n gi\u00fap v\u01b0\u1eddn th\u00fa c\u1ee7a ch\u00fang t\u00f4i bi\u1ebfn m\u1ecdi ng\u01b0\u1eddi \u1edf m\u1ecdi l\u1ee9a tu\u1ed5i th\u00e0nh nh\u1eefng nh\u00e2n t\u1ed1 m\u1ea1nh m\u1ebd v\u00ec thi\u00ean nhi\u00ean. C\u1ea3m \u01a1n!  <\/p>\n\n\n\n<p class=\"has-palette-color-5-color has-text-color has-link-color wp-elements-e68e431f76a8ca33525ffd327e55ebde\" style=\"margin-top:0;margin-bottom:0\"><a href=\"https:\/\/zoo.org\/vi\/tac-dong-cua-chung-toi\/\">\u0110\u1ecdc B\u00e1o c\u00e1o T\u00e1c \u0111\u1ed9ng<\/a><\/p>\n<\/div><\/div><\/div><\/div>\n<\/div>\n\n<div class=\"wp-block-group is-layout-constrained wp-block-group-is-layout-constrained\" style=\"margin-top:var(--wp--preset--spacing--60);margin-bottom:var(--wp--preset--spacing--60)\"><style>.kt-sc6577_d14814-f3 .kt-sc-imgcol, .kt-sc6577_d14814-f3 .kt-sc-textcol{min-height:345px;}.kt-sc6577_d14814-f3 .kt-sc-imgcol{background-size:cover;background-image:url(https:\/\/zoo.org\/wp-content\/uploads\/2025\/08\/west-entrance.jpg);}.kt-sc6577_d14814-f3 .kt-sc-textcol{padding-top:1em;padding-right:1.5em;padding-bottom:1em;padding-left:1.5em;}@media all and (max-width: 767px){.kt-sc6577_d14814-f3 .kt-sc-imgcol, .kt-sc6577_d14814-f3 .kt-sc-textcol{min-height:275px;}}<\/style>\n<div class=\"aligncenter kt-sc6577_d14814-f3 wp-block-kadence-splitcontent\"><div class=\"kt-split-content-wrap kt-sc-media-side-left\" style=\"grid-template-columns:32% auto\"><div class=\"kt-sc-imgcol kt-sc-imgcol-bg-cover kt-sc-img-side-left\"><\/div><div class=\"kt-sc-textcol kt-sc-text-valign-center kt-sc-text-halign-left\" style=\"background-color:var(--theme-palette-color-17, #E6E6E6)\"><div class=\"kt-sc-innter-col\">\n<h3 class=\"wp-block-heading\">K\u1ebf ho\u1ea1ch chi\u1ebfn l\u01b0\u1ee3c: 2018 &#8211; 2025<\/h3>\n\n\n\n<p>V\u01b0\u1eddn th\u00fa Woodland Park \u0111ang kh\u00f4ng ng\u1eebng ph\u00e1t tri\u1ec3n \u0111\u1ec3 \u0111\u00e1p \u1ee9ng nhu c\u1ea7u hi\u1ec7n t\u1ea1i v\u00e0 t\u01b0\u01a1ng lai, \u0111\u1ecbnh h\u00ecnh v\u00e0 th\u1ec3 hi\u1ec7n r\u00f5 m\u1ee5c \u0111\u00edch c\u1ee7a c\u00e1c v\u01b0\u1eddn th\u00fa b\u1ea3o t\u1ed3n trong th\u1ebf k\u1ef7 21. Trong m\u1ed9t th\u1ebf gi\u1edbi m\u00e0 m\u00f4i tr\u01b0\u1eddng s\u1ed1ng \u0111ang thu h\u1eb9p v\u00e0 t\u1ea5t c\u1ea3 c\u00e1c lo\u00e0i \u0111\u1ed9ng v\u1eadt, bao g\u1ed3m c\u1ea3 con ng\u01b0\u1eddi, ph\u1ea3i th\u00edch nghi v\u1edbi bi\u1ebfn \u0111\u1ed5i kh\u00ed h\u1eadu, ch\u00fang ta c\u1ea7n thu h\u00fat h\u00e0ng tri\u1ec7u ng\u01b0\u1eddi tham gia v\u00e0o m\u1ed9t th\u00e1ch th\u1ee9c mang t\u00ednh chuy\u1ec3n \u0111\u1ed5i: h\u1ecdc c\u00e1ch chia s\u1ebb ngu\u1ed3n t\u00e0i nguy\u00ean h\u1eefu h\u1ea1n c\u1ee7a h\u00e0nh tinh m\u1ed9t c\u00e1ch b\u1ec1n v\u1eefng v\u1edbi c\u00e1c lo\u00e0i kh\u00e1c. <\/p>\n\n\n\n<p><a href=\"https:\/\/zoo.org\/vi\/su-menh-cua-chung-toi\/\">T\u00ecm hi\u1ec3u th\u00eam v\u1ec1 K\u1ebf ho\u1ea1ch Chi\u1ebfn l\u01b0\u1ee3c c\u1ee7a V\u01b0\u1eddn th\u00fa Woodland Park.<\/a><\/p>\n\n\n\n<p><a href=\"https:\/\/zoo.org\/wp-content\/uploads\/2025\/10\/Strat_Plan_2025-2030_Final_LowRes_6.20.25.pdf\" target=\"_blank\" rel=\"noreferrer noopener\">H\u00e3y \u0111\u1ecdc K\u1ebf ho\u1ea1ch Chi\u1ebfn l\u01b0\u1ee3c c\u1ee7a V\u01b0\u1eddn th\u00fa Woodland Park: 2018 &#8211; 2025<\/a><\/p>\n<\/div><\/div><\/div><\/div>\n<\/div>\n\n<div class=\"wp-block-group alignfull divider is-layout-constrained wp-block-group-is-layout-constrained\">\n<h2 class=\"wp-block-heading alignfull has-text-align-center\">T\u00c0I CH\u00cdNH<\/h2>\n<\/div>\n\n<p>Ngu\u1ed3n t\u00e0i ch\u00ednh c\u1ee7a s\u1edf th\u00fa bao g\u1ed3m ba l\u0129nh v\u1ef1c ch\u00ednh:<\/p>\n\n<ul class=\"wp-block-list\">\n<li>Doanh thu thu \u0111\u01b0\u1ee3c (v\u00e9 v\u00e0o c\u1eeda, ph\u00ed h\u1ed9i vi\u00ean, c\u00e1c s\u1ef1 ki\u1ec7n c\u1ed9ng \u0111\u1ed3ng, v.v.)<\/li>\n\n\n\n<li>C\u00e1c ngu\u1ed3n t\u00e0i tr\u1ee3 c\u00f4ng c\u1ed9ng, bao g\u1ed3m Thu\u1ebf C\u00f4ng vi\u00ean c\u1ee7a Th\u00e0nh ph\u1ed1 Seattle v\u00e0 Qu\u1eadn King.<\/li>\n\n\n\n<li>\u0110\u00f3ng g\u00f3p t\u01b0 nh\u00e2n t\u1eeb c\u00e1c c\u00e1 nh\u00e2n v\u00e0 qu\u1ef9<\/li>\n<\/ul>\n\n<h4 class=\"wp-block-heading\">T\u1ea3i xu\u1ed1ng b\u00e1o c\u00e1o t\u00e0i ch\u00ednh<\/h4>\n\n<p><a href=\"https:\/\/zoo.org\/wp-content\/uploads\/2025\/10\/Woodland-Park-Zoological-Society-Dec23-AR-Final.pdf\" target=\"_blank\" rel=\"noreferrer noopener\">B\u00e1o c\u00e1o t\u00e0i ch\u00ednh \u0111\u00e3 \u0111\u01b0\u1ee3c ki\u1ec3m to\u00e1n (2023)<\/a><\/p>\n\n<p><a href=\"https:\/\/zoo.org\/wp-content\/uploads\/2025\/10\/WPZS-2023-Form-990-Public-Disclosure-Copy.pdf\" target=\"_blank\" rel=\"noreferrer noopener\">M\u1eabu WPZ 990 (2023)<\/a><\/p>\n\n<p>\u0110\u1ec3 bi\u1ebft th\u00eam th\u00f4ng tin chi ti\u1ebft, vui l\u00f2ng li\u00ean h\u1ec7 <a href=\"mailto:webkeeper@zoo.org\">webkeeper@zoo.org<\/a><\/p>\n","protected":false},"excerpt":{"rendered":"<p>B\u00c1O C\u00c1O V\u00c0 T\u00c0I CH\u00cdNH B\u00c1O C\u00c1O G\u1ea6N \u0110\u00c2Y K\u1ebf ho\u1ea1ch h\u00e0ng n\u0103m 2026 tr\u00ecnh l\u00ean Gi\u00e1m \u0111\u1ed1c S\u1edf C\u00f4ng vi\u00ean v\u00e0 Gi\u1ea3i tr\u00ed. H\u00e3y \u0111\u1ecdc K\u1ebf ho\u1ea1ch C\u00f4ng vi\u00ean [&hellip;]<\/p>\n","protected":false},"author":1,"featured_media":0,"parent":0,"menu_order":0,"comment_status":"closed","ping_status":"closed","template":"","meta":{"_acf_changed":false,"_kad_blocks_custom_css":"","_kad_blocks_head_custom_js":"","_kad_blocks_body_custom_js":"","_kad_blocks_footer_custom_js":"","footnotes":""},"class_list":["post-10295","page","type-page","status-publish","hentry"],"blocksy_meta":[],"acf":[],"yoast_head":"<!-- This site is optimized with the Yoast SEO plugin v27.3 - https:\/\/yoast.com\/product\/yoast-seo-wordpress\/ -->\n<title>B\u00e1o c\u00e1o v\u00e0 T\u00e0i ch\u00ednh - V\u01b0\u1eddn th\u00fa Woodland Park<\/title>\n<meta name=\"robots\" content=\"index, follow, max-snippet:-1, max-image-preview:large, max-video-preview:-1\" \/>\n<link rel=\"canonical\" href=\"https:\/\/zoo.org\/vi\/bao-cao-va-tai-chinh\/\" \/>\n<meta property=\"og:locale\" content=\"vi_VN\" \/>\n<meta property=\"og:type\" content=\"article\" \/>\n<meta property=\"og:title\" content=\"B\u00e1o c\u00e1o v\u00e0 T\u00e0i ch\u00ednh - V\u01b0\u1eddn th\u00fa Woodland Park\" \/>\n<meta property=\"og:description\" content=\"B\u00c1O C\u00c1O V\u00c0 T\u00c0I CH\u00cdNH B\u00c1O C\u00c1O G\u1ea6N \u0110\u00c2Y K\u1ebf ho\u1ea1ch h\u00e0ng n\u0103m 2026 tr\u00ecnh l\u00ean Gi\u00e1m \u0111\u1ed1c S\u1edf C\u00f4ng vi\u00ean v\u00e0 Gi\u1ea3i tr\u00ed. H\u00e3y \u0111\u1ecdc K\u1ebf ho\u1ea1ch C\u00f4ng vi\u00ean [&hellip;]\" \/>\n<meta property=\"og:url\" content=\"https:\/\/zoo.org\/vi\/bao-cao-va-tai-chinh\/\" \/>\n<meta property=\"og:site_name\" content=\"V\u01b0\u1eddn th\u00fa Woodland Park\" \/>\n<meta property=\"article:modified_time\" content=\"2026-03-16T18:41:59+00:00\" \/>\n<meta property=\"og:image\" content=\"https:\/\/zoo.org\/wp-content\/uploads\/2025\/08\/WPZ-Seattle-Aerial-Header-Image.jpg?wsr\" \/>\n\t<meta property=\"og:image:width\" content=\"1920\" \/>\n\t<meta property=\"og:image:height\" content=\"400\" \/>\n\t<meta property=\"og:image:type\" content=\"image\/jpeg\" \/>\n<meta name=\"twitter:card\" content=\"summary_large_image\" \/>\n<script type=\"application\/ld+json\" class=\"yoast-schema-graph\">{\"@context\":\"https:\\\/\\\/schema.org\",\"@graph\":[{\"@type\":\"WebPage\",\"@id\":\"https:\\\/\\\/zoo.org\\\/vi\\\/bao-cao-va-tai-chinh\\\/\",\"url\":\"https:\\\/\\\/zoo.org\\\/vi\\\/bao-cao-va-tai-chinh\\\/\",\"name\":\"B\u00e1o c\u00e1o v\u00e0 T\u00e0i ch\u00ednh - V\u01b0\u1eddn th\u00fa Woodland Park\",\"isPartOf\":{\"@id\":\"https:\\\/\\\/zoo.org\\\/vi\\\/#website\"},\"primaryImageOfPage\":{\"@id\":\"https:\\\/\\\/zoo.org\\\/vi\\\/bao-cao-va-tai-chinh\\\/#primaryimage\"},\"image\":{\"@id\":\"https:\\\/\\\/zoo.org\\\/vi\\\/bao-cao-va-tai-chinh\\\/#primaryimage\"},\"thumbnailUrl\":\"https:\\\/\\\/zoo.org\\\/wp-content\\\/uploads\\\/2025\\\/08\\\/WPZ-Seattle-Aerial-Header-Image.jpg\",\"datePublished\":\"2025-10-16T18:06:14+00:00\",\"dateModified\":\"2026-03-16T18:41:59+00:00\",\"breadcrumb\":{\"@id\":\"https:\\\/\\\/zoo.org\\\/vi\\\/bao-cao-va-tai-chinh\\\/#breadcrumb\"},\"inLanguage\":\"vi\",\"potentialAction\":[{\"@type\":\"ReadAction\",\"target\":[\"https:\\\/\\\/zoo.org\\\/vi\\\/bao-cao-va-tai-chinh\\\/\"]}]},{\"@type\":\"ImageObject\",\"inLanguage\":\"vi\",\"@id\":\"https:\\\/\\\/zoo.org\\\/vi\\\/bao-cao-va-tai-chinh\\\/#primaryimage\",\"url\":\"https:\\\/\\\/zoo.org\\\/wp-content\\\/uploads\\\/2025\\\/08\\\/WPZ-Seattle-Aerial-Header-Image.jpg\",\"contentUrl\":\"https:\\\/\\\/zoo.org\\\/wp-content\\\/uploads\\\/2025\\\/08\\\/WPZ-Seattle-Aerial-Header-Image.jpg\"},{\"@type\":\"BreadcrumbList\",\"@id\":\"https:\\\/\\\/zoo.org\\\/vi\\\/bao-cao-va-tai-chinh\\\/#breadcrumb\",\"itemListElement\":[{\"@type\":\"ListItem\",\"position\":1,\"name\":\"Trang ch\u1ee7\",\"item\":\"https:\\\/\\\/zoo.org\\\/vi\\\/\"},{\"@type\":\"ListItem\",\"position\":2,\"name\":\"B\u00e1o c\u00e1o v\u00e0 T\u00e0i ch\u00ednh\"}]},{\"@type\":\"WebSite\",\"@id\":\"https:\\\/\\\/zoo.org\\\/vi\\\/#website\",\"url\":\"https:\\\/\\\/zoo.org\\\/vi\\\/\",\"name\":\"V\u01b0\u1eddn th\u00fa Woodland Park\",\"description\":\"V\u01b0\u1eddn th\u00fa Woodland Park c\u1ee9u s\u1ed1ng \u0111\u1ed9ng v\u1eadt hoang d\u00e3 v\u00e0 truy\u1ec1n c\u1ea3m h\u1ee9ng cho m\u1ecdi ng\u01b0\u1eddi coi b\u1ea3o t\u1ed3n l\u00e0 \u01b0u ti\u00ean h\u00e0ng \u0111\u1ea7u trong cu\u1ed9c s\u1ed1ng c\u1ee7a m\u00ecnh.\",\"publisher\":{\"@id\":\"https:\\\/\\\/zoo.org\\\/vi\\\/#organization\"},\"potentialAction\":[{\"@type\":\"SearchAction\",\"target\":{\"@type\":\"EntryPoint\",\"urlTemplate\":\"https:\\\/\\\/zoo.org\\\/vi\\\/?s={search_term_string}\"},\"query-input\":{\"@type\":\"PropertyValueSpecification\",\"valueRequired\":true,\"valueName\":\"search_term_string\"}}],\"inLanguage\":\"vi\"},{\"@type\":\"Organization\",\"@id\":\"https:\\\/\\\/zoo.org\\\/vi\\\/#organization\",\"name\":\"V\u01b0\u1eddn th\u00fa Woodland Park\",\"url\":\"https:\\\/\\\/zoo.org\\\/vi\\\/\",\"logo\":{\"@type\":\"ImageObject\",\"inLanguage\":\"vi\",\"@id\":\"https:\\\/\\\/zoo.org\\\/vi\\\/#\\\/schema\\\/logo\\\/image\\\/\",\"url\":\"https:\\\/\\\/zoo.org\\\/wp-content\\\/uploads\\\/2026\\\/01\\\/WPZ-Logo_white-SVG.svg?wsr\",\"contentUrl\":\"https:\\\/\\\/zoo.org\\\/wp-content\\\/uploads\\\/2026\\\/01\\\/WPZ-Logo_white-SVG.svg?wsr\",\"width\":288,\"height\":282,\"caption\":\"V\u01b0\u1eddn th\u00fa Woodland Park\"},\"image\":{\"@id\":\"https:\\\/\\\/zoo.org\\\/vi\\\/#\\\/schema\\\/logo\\\/image\\\/\"}}]}<\/script>\n<!-- \/ Yoast SEO plugin. -->","yoast_head_json":{"title":"B\u00e1o c\u00e1o v\u00e0 T\u00e0i ch\u00ednh - V\u01b0\u1eddn th\u00fa Woodland Park","robots":{"index":"index","follow":"follow","max-snippet":"max-snippet:-1","max-image-preview":"max-image-preview:large","max-video-preview":"max-video-preview:-1"},"canonical":"https:\/\/zoo.org\/vi\/bao-cao-va-tai-chinh\/","og_locale":"vi_VN","og_type":"article","og_title":"B\u00e1o c\u00e1o v\u00e0 T\u00e0i ch\u00ednh - V\u01b0\u1eddn th\u00fa Woodland Park","og_description":"B\u00c1O C\u00c1O V\u00c0 T\u00c0I CH\u00cdNH B\u00c1O C\u00c1O G\u1ea6N \u0110\u00c2Y K\u1ebf ho\u1ea1ch h\u00e0ng n\u0103m 2026 tr\u00ecnh l\u00ean Gi\u00e1m \u0111\u1ed1c S\u1edf C\u00f4ng vi\u00ean v\u00e0 Gi\u1ea3i tr\u00ed. H\u00e3y \u0111\u1ecdc K\u1ebf ho\u1ea1ch C\u00f4ng vi\u00ean [&hellip;]","og_url":"https:\/\/zoo.org\/vi\/bao-cao-va-tai-chinh\/","og_site_name":"V\u01b0\u1eddn th\u00fa Woodland Park","article_modified_time":"2026-03-16T18:41:59+00:00","og_image":[{"width":1920,"height":400,"url":"https:\/\/zoo.org\/wp-content\/uploads\/2025\/08\/WPZ-Seattle-Aerial-Header-Image.jpg?wsr","type":"image\/jpeg"}],"twitter_card":"summary_large_image","schema":{"@context":"https:\/\/schema.org","@graph":[{"@type":"WebPage","@id":"https:\/\/zoo.org\/vi\/bao-cao-va-tai-chinh\/","url":"https:\/\/zoo.org\/vi\/bao-cao-va-tai-chinh\/","name":"B\u00e1o c\u00e1o v\u00e0 T\u00e0i ch\u00ednh - V\u01b0\u1eddn th\u00fa Woodland Park","isPartOf":{"@id":"https:\/\/zoo.org\/vi\/#website"},"primaryImageOfPage":{"@id":"https:\/\/zoo.org\/vi\/bao-cao-va-tai-chinh\/#primaryimage"},"image":{"@id":"https:\/\/zoo.org\/vi\/bao-cao-va-tai-chinh\/#primaryimage"},"thumbnailUrl":"https:\/\/zoo.org\/wp-content\/uploads\/2025\/08\/WPZ-Seattle-Aerial-Header-Image.jpg","datePublished":"2025-10-16T18:06:14+00:00","dateModified":"2026-03-16T18:41:59+00:00","breadcrumb":{"@id":"https:\/\/zoo.org\/vi\/bao-cao-va-tai-chinh\/#breadcrumb"},"inLanguage":"vi","potentialAction":[{"@type":"ReadAction","target":["https:\/\/zoo.org\/vi\/bao-cao-va-tai-chinh\/"]}]},{"@type":"ImageObject","inLanguage":"vi","@id":"https:\/\/zoo.org\/vi\/bao-cao-va-tai-chinh\/#primaryimage","url":"https:\/\/zoo.org\/wp-content\/uploads\/2025\/08\/WPZ-Seattle-Aerial-Header-Image.jpg","contentUrl":"https:\/\/zoo.org\/wp-content\/uploads\/2025\/08\/WPZ-Seattle-Aerial-Header-Image.jpg"},{"@type":"BreadcrumbList","@id":"https:\/\/zoo.org\/vi\/bao-cao-va-tai-chinh\/#breadcrumb","itemListElement":[{"@type":"ListItem","position":1,"name":"Trang ch\u1ee7","item":"https:\/\/zoo.org\/vi\/"},{"@type":"ListItem","position":2,"name":"B\u00e1o c\u00e1o v\u00e0 T\u00e0i ch\u00ednh"}]},{"@type":"WebSite","@id":"https:\/\/zoo.org\/vi\/#website","url":"https:\/\/zoo.org\/vi\/","name":"V\u01b0\u1eddn th\u00fa Woodland Park","description":"V\u01b0\u1eddn th\u00fa Woodland Park c\u1ee9u s\u1ed1ng \u0111\u1ed9ng v\u1eadt hoang d\u00e3 v\u00e0 truy\u1ec1n c\u1ea3m h\u1ee9ng cho m\u1ecdi ng\u01b0\u1eddi coi b\u1ea3o t\u1ed3n l\u00e0 \u01b0u ti\u00ean h\u00e0ng \u0111\u1ea7u trong cu\u1ed9c s\u1ed1ng c\u1ee7a m\u00ecnh.","publisher":{"@id":"https:\/\/zoo.org\/vi\/#organization"},"potentialAction":[{"@type":"SearchAction","target":{"@type":"EntryPoint","urlTemplate":"https:\/\/zoo.org\/vi\/?s={search_term_string}"},"query-input":{"@type":"PropertyValueSpecification","valueRequired":true,"valueName":"search_term_string"}}],"inLanguage":"vi"},{"@type":"Organization","@id":"https:\/\/zoo.org\/vi\/#organization","name":"V\u01b0\u1eddn th\u00fa Woodland Park","url":"https:\/\/zoo.org\/vi\/","logo":{"@type":"ImageObject","inLanguage":"vi","@id":"https:\/\/zoo.org\/vi\/#\/schema\/logo\/image\/","url":"https:\/\/zoo.org\/wp-content\/uploads\/2026\/01\/WPZ-Logo_white-SVG.svg?wsr","contentUrl":"https:\/\/zoo.org\/wp-content\/uploads\/2026\/01\/WPZ-Logo_white-SVG.svg?wsr","width":288,"height":282,"caption":"V\u01b0\u1eddn th\u00fa Woodland Park"},"image":{"@id":"https:\/\/zoo.org\/vi\/#\/schema\/logo\/image\/"}}]}},"taxonomy_info":[],"featured_image_src_large":false,"author_info":{"display_name":"jloughlin","author_link":"https:\/\/zoo.org\/vi\/author\/jloughlin\/"},"comment_info":0,"_links":{"self":[{"href":"https:\/\/zoo.org\/vi\/wp-json\/wp\/v2\/pages\/10295","targetHints":{"allow":["GET"]}}],"collection":[{"href":"https:\/\/zoo.org\/vi\/wp-json\/wp\/v2\/pages"}],"about":[{"href":"https:\/\/zoo.org\/vi\/wp-json\/wp\/v2\/types\/page"}],"author":[{"embeddable":true,"href":"https:\/\/zoo.org\/vi\/wp-json\/wp\/v2\/users\/1"}],"replies":[{"embeddable":true,"href":"https:\/\/zoo.org\/vi\/wp-json\/wp\/v2\/comments?post=10295"}],"version-history":[{"count":0,"href":"https:\/\/zoo.org\/vi\/wp-json\/wp\/v2\/pages\/10295\/revisions"}],"wp:attachment":[{"href":"https:\/\/zoo.org\/vi\/wp-json\/wp\/v2\/media?parent=10295"}],"curies":[{"name":"wp","href":"https:\/\/api.w.org\/{rel}","templated":true}]}}