{"id":10387,"date":"2025-10-06T15:32:10","date_gmt":"2025-10-06T22:32:10","guid":{"rendered":"https:\/\/zoo.org\/quyen-tang\/"},"modified":"2026-02-20T12:11:14","modified_gmt":"2026-02-20T20:11:14","slug":"quyen-tang","status":"publish","type":"page","link":"https:\/\/zoo.org\/vi\/quyen-tang\/","title":{"rendered":"Quy\u00ean t\u1eb7ng"},"content":{"rendered":"\n<div class=\"wp-block-cover alignfull hero\" style=\"margin-top:0;margin-bottom:0\"><img loading=\"lazy\" decoding=\"async\" width=\"1920\" height=\"400\" class=\"wp-block-cover__image-background wp-image-1062 size-full\" alt=\"\" src=\"https:\/\/zoo.org\/wp-content\/uploads\/2025\/05\/ASCO-Header-Image.jpg\" data-object-fit=\"cover\" srcset=\"https:\/\/zoo.org\/wp-content\/uploads\/2025\/05\/ASCO-Header-Image.jpg 1920w, https:\/\/zoo.org\/wp-content\/uploads\/2025\/05\/ASCO-Header-Image-300x63.jpg 300w, https:\/\/zoo.org\/wp-content\/uploads\/2025\/05\/ASCO-Header-Image-1024x213.jpg 1024w, https:\/\/zoo.org\/wp-content\/uploads\/2025\/05\/ASCO-Header-Image-768x160.jpg 768w, https:\/\/zoo.org\/wp-content\/uploads\/2025\/05\/ASCO-Header-Image-1536x320.jpg 1536w\" sizes=\"auto, (max-width: 1920px) 100vw, 1920px\" \/><span aria-hidden=\"true\" class=\"wp-block-cover__background has-background-dim-0 has-background-dim\" style=\"background-color:#797666\"><\/span><div class=\"wp-block-cover__inner-container is-layout-constrained wp-block-cover-is-layout-constrained\">\n<p class=\"has-text-align-center has-large-font-size\"><\/p>\n<\/div><\/div>\n\n<div class=\"wp-block-group is-layout-constrained wp-block-group-is-layout-constrained\" style=\"margin-top:2em;margin-bottom:3em\">\n<h1 class=\"wp-block-heading has-text-align-center\" style=\"margin-top:0.65em;margin-bottom:0.275em\">T\u1eb6NG QU\u00c0 C\u1ee6A B\u1ea0N<\/h1>\n\n\n\n<p class=\"has-text-align-center has-palette-color-3-color has-text-color has-link-color wp-elements-cd4f2088b7ec7320f3749954ea729a4b\" style=\"margin-bottom:1em;font-size:clamp(0.984em, 0.984rem + ((1vw - 0.2em) * 0.645), 1.5em);font-style:normal;font-weight:500;line-height:1.5\"><strong>H\u00e3y c\u00f9ng ch\u00fang t\u00f4i chung tay t\u1ea1o d\u1ef1ng m\u1ed9t t\u01b0\u01a1ng lai b\u1ec1n v\u1eefng cho con ng\u01b0\u1eddi v\u00e0 \u0111\u1ed9ng v\u1eadt hoang d\u00e3.<\/strong><\/p>\n<\/div>\n\n<div class=\"wp-block-group alignfull divider is-layout-constrained wp-block-group-is-layout-constrained\">\n<h2 class=\"wp-block-heading alignfull has-text-align-center\">QUY\u00caN G\u00d3P NGAY H\u00d4M NAY<\/h2>\n<\/div>\n\n<div class=\"wp-block-buttons is-content-justification-center is-layout-flex wp-container-core-buttons-is-layout-a89b3969 wp-block-buttons-is-layout-flex\">\n<div class=\"wp-block-button #donate-button\"><a class=\"wp-block-button__link wp-element-button\" href=\"?campaign=507434\">T\u1eb6NG QU\u00c0<\/a><\/div>\n<\/div>\n\n<h3 class=\"wp-block-heading\">H\u00e3y \u1ee7ng h\u1ed9 v\u01b0\u1eddn th\u00fa c\u1ee7a b\u1ea1n<\/h3>\n\n<p>M\u1ed7i ng\u00e0y, V\u01b0\u1eddn th\u00fa Woodland Park c\u1ee9u s\u1ed1ng nhi\u1ec1u lo\u00e0i \u0111\u1ed9ng v\u1eadt v\u00e0 t\u1ea1o ra nh\u1eefng k\u1ef7 ni\u1ec7m kh\u00f3 qu\u00ean, truy\u1ec1n c\u1ea3m h\u1ee9ng cho m\u1ecdi ng\u01b0\u1eddi b\u1ea3o t\u1ed3n th\u1ebf gi\u1edbi t\u1ef1 nhi\u00ean. M\u1ecdi kho\u1ea3n \u0111\u00f3ng g\u00f3p, d\u00f9 l\u1edbn hay nh\u1ecf, \u0111\u1ec1u gi\u00fap v\u01b0\u1eddn th\u00fa x\u00e2y d\u1ef1ng m\u1ed9t c\u1ed9ng \u0111\u1ed3ng t\u1ed1t \u0111\u1eb9p h\u01a1n \u2013 c\u1ed9ng \u0111\u1ed3ng c\u1ee7a b\u1ea1n. C\u1ea3m \u01a1n b\u1ea1n \u0111\u00e3 \u0111\u1ea7u t\u01b0 v\u00e0o m\u1ed9t t\u01b0\u01a1ng lai b\u1ec1n v\u1eefng h\u01a1n cho \u0111\u1ed9ng v\u1eadt hoang d\u00e3, con ng\u01b0\u1eddi v\u00e0 h\u00e0nh tinh c\u1ee7a ch\u00fang ta.  <br\/><br\/>N\u1ebfu b\u1ea1n \u0111ang quy\u00ean g\u00f3p th\u00f4ng qua qu\u1ef9 t\u1eeb thi\u1ec7n do ng\u01b0\u1eddi quy\u00ean g\u00f3p qu\u1ea3n l\u00fd v\u00e0 c\u1ea7n m\u00e3 s\u1ed1 thu\u1ebf (EIN) c\u1ee7a ch\u00fang t\u00f4i, m\u00e3 s\u1ed1 \u0111\u00f3 l\u00e0 91-6070005.<br\/><br\/>\u0110\u1ec3 bi\u1ebft th\u00eam th\u00f4ng tin v\u1ec1 vi\u1ec7c t\u1eb7ng c\u1ed5 phi\u1ebfu, ch\u1ee9ng kho\u00e1n ho\u1eb7c chuy\u1ec3n \u0111\u1ed5i t\u00e0i kho\u1ea3n IRA, vui l\u00f2ng li\u00ean h\u1ec7 v\u1edbi Rebecca Pehle, C\u00e1n b\u1ed9 ph\u1ee5 tr\u00e1ch ho\u1ea1t \u0111\u1ed9ng t\u1eeb thi\u1ec7n, theo s\u1ed1 \u0111i\u1ec7n tho\u1ea1i 206.548.2502 ho\u1eb7c <a href=\"mailto:rebecca.pehle@zoo.org\">\u0111\u1ecba ch\u1ec9 email rebecca.pehle@zoo.org<\/a> .<\/p>\n\n<h3 class=\"wp-block-heading\">Hoang d\u00e3 trong tr\u00e1i tim<\/h3>\n\n<p>V\u1edbi kho\u1ea3n quy\u00ean g\u00f3p t\u1eeb 1.000 \u0111\u00f4 la tr\u1edf l\u00ean, b\u1ea1n s\u1ebd tr\u1edf th\u00e0nh th\u00e0nh vi\u00ean c\u1ee7a c\u00e2u l\u1ea1c b\u1ed9 nh\u00e0 t\u00e0i tr\u1ee3 th\u01b0\u1eddng ni\u00ean Wild at Heart v\u00e0 nh\u1eadn \u0111\u01b0\u1ee3c m\u1ed9t s\u1ed1 quy\u1ec1n l\u1ee3i \u0111\u1eb7c bi\u1ec7t. Gi\u00e1 tr\u1ecb th\u1ecb tr\u01b0\u1eddng h\u1ee3p l\u00fd c\u1ee7a t\u01b0 c\u00e1ch th\u00e0nh vi\u00ean l\u00e0 399 \u0111\u00f4 la. B\u1ea1n c\u00f3 th\u1ec3 ch\u1ecdn t\u1eeb ch\u1ed1i c\u00e1c quy\u1ec1n l\u1ee3i n\u00e0y b\u1eb1ng c\u00e1ch g\u1ecdi cho ch\u00fang t\u00f4i theo s\u1ed1 206.548.2491 ho\u1eb7c g\u1eedi email \u0111\u1ebfn <a href=\"mailto:donations@zoo.org\">donations@zoo.org<\/a> .  <\/p>\n\n<div class=\"wp-block-group has-palette-color-17-background-color has-background is-layout-constrained wp-block-group-is-layout-constrained\">\n<h3 class=\"wp-block-heading\">Qu\u00e0 t\u1eb7ng ph\u00f9 h\u1ee3p<\/h3>\n\n\n\n<p>H\u00e3y nh\u00e2n \u0111\u00f4i kho\u1ea3n \u0111\u00f3ng g\u00f3p c\u1ee7a b\u1ea1n v\u1edbi ch\u01b0\u01a1ng tr\u00ecnh h\u1ed7 tr\u1ee3 t\u00e0i ch\u00ednh t\u1eeb c\u00f4ng ty \u0111\u1ec3 t\u1ea1o ra t\u00e1c \u0111\u1ed9ng l\u1edbn h\u01a1n n\u1eefa cho \u0111\u1ed9ng v\u1eadt hoang d\u00e3. \u0110\u1ec3 xem li\u1ec7u c\u00f4ng ty c\u1ee7a b\u1ea1n c\u00f3 h\u1ed7 tr\u1ee3 kho\u1ea3n \u0111\u00f3ng g\u00f3p c\u1ee7a b\u1ea1n hay kh\u00f4ng, vui l\u00f2ng nh\u1ea5p v\u00e0o n\u00fat b\u00ean d\u01b0\u1edbi. <\/p>\n\n\n\n<div class=\"wp-block-buttons is-content-justification-center is-layout-flex wp-container-core-buttons-is-layout-a2894382 wp-block-buttons-is-layout-flex\" style=\"margin-top:var(--wp--preset--spacing--60);margin-bottom:0\">\n<div class=\"wp-block-button\"><a class=\"wp-block-button__link wp-element-button\" href=\"https:\/\/doublethedonation.com\/match\/woodland-park-zoo-Rr9O5\" target=\"_blank\" rel=\"noreferrer noopener\">PH\u00d9 H\u1ee2P V\u1edaI M\u00d3N QU\u00c0 C\u1ee6A B\u1ea0N<\/a><\/div>\n<\/div>\n<\/div>\n","protected":false},"excerpt":{"rendered":"<p>T\u1eb6NG QU\u00c0 C\u1ee6A B\u1ea0N H\u00e3y c\u00f9ng ch\u00fang t\u00f4i chung tay t\u1ea1o d\u1ef1ng m\u1ed9t t\u01b0\u01a1ng lai b\u1ec1n v\u1eefng cho con ng\u01b0\u1eddi v\u00e0 \u0111\u1ed9ng v\u1eadt hoang d\u00e3. QUY\u00caN G\u00d3P NGAY H\u00d4M NAY [&hellip;]<\/p>\n","protected":false},"author":1,"featured_media":0,"parent":0,"menu_order":0,"comment_status":"closed","ping_status":"closed","template":"","meta":{"_acf_changed":false,"_kad_blocks_custom_css":"","_kad_blocks_head_custom_js":"","_kad_blocks_body_custom_js":"","_kad_blocks_footer_custom_js":"","footnotes":""},"class_list":["post-10387","page","type-page","status-publish","hentry"],"blocksy_meta":[],"acf":[],"yoast_head":"<!-- This site is optimized with the Yoast SEO plugin v27.4 - https:\/\/yoast.com\/product\/yoast-seo-wordpress\/ -->\n<title>Quy\u00ean t\u1eb7ng - V\u01b0\u1eddn th\u00fa Woodland Park<\/title>\n<meta name=\"robots\" content=\"index, follow, max-snippet:-1, max-image-preview:large, max-video-preview:-1\" \/>\n<link rel=\"canonical\" href=\"https:\/\/zoo.org\/vi\/quyen-tang\/\" \/>\n<meta property=\"og:locale\" content=\"vi_VN\" \/>\n<meta property=\"og:type\" content=\"article\" \/>\n<meta property=\"og:title\" content=\"Quy\u00ean t\u1eb7ng - V\u01b0\u1eddn th\u00fa Woodland Park\" \/>\n<meta property=\"og:description\" content=\"T\u1eb6NG QU\u00c0 C\u1ee6A B\u1ea0N H\u00e3y c\u00f9ng ch\u00fang t\u00f4i chung tay t\u1ea1o d\u1ef1ng m\u1ed9t t\u01b0\u01a1ng lai b\u1ec1n v\u1eefng cho con ng\u01b0\u1eddi v\u00e0 \u0111\u1ed9ng v\u1eadt hoang d\u00e3. QUY\u00caN G\u00d3P NGAY H\u00d4M NAY [&hellip;]\" \/>\n<meta property=\"og:url\" content=\"https:\/\/zoo.org\/vi\/quyen-tang\/\" \/>\n<meta property=\"og:site_name\" content=\"V\u01b0\u1eddn th\u00fa Woodland Park\" \/>\n<meta property=\"article:modified_time\" content=\"2026-02-20T20:11:14+00:00\" \/>\n<meta property=\"og:image\" content=\"https:\/\/zoo.org\/wp-content\/uploads\/2025\/05\/ASCO-Header-Image.jpg?wsr\" \/>\n\t<meta property=\"og:image:width\" content=\"1920\" \/>\n\t<meta property=\"og:image:height\" content=\"400\" \/>\n\t<meta property=\"og:image:type\" content=\"image\/jpeg\" \/>\n<meta name=\"twitter:card\" content=\"summary_large_image\" \/>\n<script type=\"application\/ld+json\" class=\"yoast-schema-graph\">{\"@context\":\"https:\\\/\\\/schema.org\",\"@graph\":[{\"@type\":\"WebPage\",\"@id\":\"https:\\\/\\\/zoo.org\\\/vi\\\/quyen-tang\\\/\",\"url\":\"https:\\\/\\\/zoo.org\\\/vi\\\/quyen-tang\\\/\",\"name\":\"Quy\u00ean t\u1eb7ng - V\u01b0\u1eddn th\u00fa Woodland Park\",\"isPartOf\":{\"@id\":\"https:\\\/\\\/zoo.org\\\/vi\\\/#website\"},\"primaryImageOfPage\":{\"@id\":\"https:\\\/\\\/zoo.org\\\/vi\\\/quyen-tang\\\/#primaryimage\"},\"image\":{\"@id\":\"https:\\\/\\\/zoo.org\\\/vi\\\/quyen-tang\\\/#primaryimage\"},\"thumbnailUrl\":\"https:\\\/\\\/zoo.org\\\/wp-content\\\/uploads\\\/2025\\\/05\\\/ASCO-Header-Image.jpg\",\"datePublished\":\"2025-10-06T22:32:10+00:00\",\"dateModified\":\"2026-02-20T20:11:14+00:00\",\"breadcrumb\":{\"@id\":\"https:\\\/\\\/zoo.org\\\/vi\\\/quyen-tang\\\/#breadcrumb\"},\"inLanguage\":\"vi\",\"potentialAction\":[{\"@type\":\"ReadAction\",\"target\":[\"https:\\\/\\\/zoo.org\\\/vi\\\/quyen-tang\\\/\"]}]},{\"@type\":\"ImageObject\",\"inLanguage\":\"vi\",\"@id\":\"https:\\\/\\\/zoo.org\\\/vi\\\/quyen-tang\\\/#primaryimage\",\"url\":\"https:\\\/\\\/zoo.org\\\/wp-content\\\/uploads\\\/2025\\\/05\\\/ASCO-Header-Image.jpg\",\"contentUrl\":\"https:\\\/\\\/zoo.org\\\/wp-content\\\/uploads\\\/2025\\\/05\\\/ASCO-Header-Image.jpg\"},{\"@type\":\"BreadcrumbList\",\"@id\":\"https:\\\/\\\/zoo.org\\\/vi\\\/quyen-tang\\\/#breadcrumb\",\"itemListElement\":[{\"@type\":\"ListItem\",\"position\":1,\"name\":\"Trang ch\u1ee7\",\"item\":\"https:\\\/\\\/zoo.org\\\/vi\\\/\"},{\"@type\":\"ListItem\",\"position\":2,\"name\":\"Quy\u00ean t\u1eb7ng\"}]},{\"@type\":\"WebSite\",\"@id\":\"https:\\\/\\\/zoo.org\\\/vi\\\/#website\",\"url\":\"https:\\\/\\\/zoo.org\\\/vi\\\/\",\"name\":\"V\u01b0\u1eddn th\u00fa Woodland Park\",\"description\":\"V\u01b0\u1eddn th\u00fa Woodland Park c\u1ee9u s\u1ed1ng \u0111\u1ed9ng v\u1eadt hoang d\u00e3 v\u00e0 truy\u1ec1n c\u1ea3m h\u1ee9ng cho m\u1ecdi ng\u01b0\u1eddi coi b\u1ea3o t\u1ed3n l\u00e0 \u01b0u ti\u00ean h\u00e0ng \u0111\u1ea7u trong cu\u1ed9c s\u1ed1ng c\u1ee7a m\u00ecnh.\",\"publisher\":{\"@id\":\"https:\\\/\\\/zoo.org\\\/vi\\\/#organization\"},\"potentialAction\":[{\"@type\":\"SearchAction\",\"target\":{\"@type\":\"EntryPoint\",\"urlTemplate\":\"https:\\\/\\\/zoo.org\\\/vi\\\/?s={search_term_string}\"},\"query-input\":{\"@type\":\"PropertyValueSpecification\",\"valueRequired\":true,\"valueName\":\"search_term_string\"}}],\"inLanguage\":\"vi\"},{\"@type\":\"Organization\",\"@id\":\"https:\\\/\\\/zoo.org\\\/vi\\\/#organization\",\"name\":\"V\u01b0\u1eddn th\u00fa Woodland Park\",\"url\":\"https:\\\/\\\/zoo.org\\\/vi\\\/\",\"logo\":{\"@type\":\"ImageObject\",\"inLanguage\":\"vi\",\"@id\":\"https:\\\/\\\/zoo.org\\\/vi\\\/#\\\/schema\\\/logo\\\/image\\\/\",\"url\":\"https:\\\/\\\/zoo.org\\\/wp-content\\\/uploads\\\/2026\\\/01\\\/WPZ-Logo_white-SVG.svg?wsr\",\"contentUrl\":\"https:\\\/\\\/zoo.org\\\/wp-content\\\/uploads\\\/2026\\\/01\\\/WPZ-Logo_white-SVG.svg?wsr\",\"width\":288,\"height\":282,\"caption\":\"V\u01b0\u1eddn th\u00fa Woodland Park\"},\"image\":{\"@id\":\"https:\\\/\\\/zoo.org\\\/vi\\\/#\\\/schema\\\/logo\\\/image\\\/\"}}]}<\/script>\n<!-- \/ Yoast SEO plugin. -->","yoast_head_json":{"title":"Quy\u00ean t\u1eb7ng - V\u01b0\u1eddn th\u00fa Woodland Park","robots":{"index":"index","follow":"follow","max-snippet":"max-snippet:-1","max-image-preview":"max-image-preview:large","max-video-preview":"max-video-preview:-1"},"canonical":"https:\/\/zoo.org\/vi\/quyen-tang\/","og_locale":"vi_VN","og_type":"article","og_title":"Quy\u00ean t\u1eb7ng - V\u01b0\u1eddn th\u00fa Woodland Park","og_description":"T\u1eb6NG QU\u00c0 C\u1ee6A B\u1ea0N H\u00e3y c\u00f9ng ch\u00fang t\u00f4i chung tay t\u1ea1o d\u1ef1ng m\u1ed9t t\u01b0\u01a1ng lai b\u1ec1n v\u1eefng cho con ng\u01b0\u1eddi v\u00e0 \u0111\u1ed9ng v\u1eadt hoang d\u00e3. QUY\u00caN G\u00d3P NGAY H\u00d4M NAY [&hellip;]","og_url":"https:\/\/zoo.org\/vi\/quyen-tang\/","og_site_name":"V\u01b0\u1eddn th\u00fa Woodland Park","article_modified_time":"2026-02-20T20:11:14+00:00","og_image":[{"width":1920,"height":400,"url":"https:\/\/zoo.org\/wp-content\/uploads\/2025\/05\/ASCO-Header-Image.jpg?wsr","type":"image\/jpeg"}],"twitter_card":"summary_large_image","schema":{"@context":"https:\/\/schema.org","@graph":[{"@type":"WebPage","@id":"https:\/\/zoo.org\/vi\/quyen-tang\/","url":"https:\/\/zoo.org\/vi\/quyen-tang\/","name":"Quy\u00ean t\u1eb7ng - V\u01b0\u1eddn th\u00fa Woodland Park","isPartOf":{"@id":"https:\/\/zoo.org\/vi\/#website"},"primaryImageOfPage":{"@id":"https:\/\/zoo.org\/vi\/quyen-tang\/#primaryimage"},"image":{"@id":"https:\/\/zoo.org\/vi\/quyen-tang\/#primaryimage"},"thumbnailUrl":"https:\/\/zoo.org\/wp-content\/uploads\/2025\/05\/ASCO-Header-Image.jpg","datePublished":"2025-10-06T22:32:10+00:00","dateModified":"2026-02-20T20:11:14+00:00","breadcrumb":{"@id":"https:\/\/zoo.org\/vi\/quyen-tang\/#breadcrumb"},"inLanguage":"vi","potentialAction":[{"@type":"ReadAction","target":["https:\/\/zoo.org\/vi\/quyen-tang\/"]}]},{"@type":"ImageObject","inLanguage":"vi","@id":"https:\/\/zoo.org\/vi\/quyen-tang\/#primaryimage","url":"https:\/\/zoo.org\/wp-content\/uploads\/2025\/05\/ASCO-Header-Image.jpg","contentUrl":"https:\/\/zoo.org\/wp-content\/uploads\/2025\/05\/ASCO-Header-Image.jpg"},{"@type":"BreadcrumbList","@id":"https:\/\/zoo.org\/vi\/quyen-tang\/#breadcrumb","itemListElement":[{"@type":"ListItem","position":1,"name":"Trang ch\u1ee7","item":"https:\/\/zoo.org\/vi\/"},{"@type":"ListItem","position":2,"name":"Quy\u00ean t\u1eb7ng"}]},{"@type":"WebSite","@id":"https:\/\/zoo.org\/vi\/#website","url":"https:\/\/zoo.org\/vi\/","name":"V\u01b0\u1eddn th\u00fa Woodland Park","description":"V\u01b0\u1eddn th\u00fa Woodland Park c\u1ee9u s\u1ed1ng \u0111\u1ed9ng v\u1eadt hoang d\u00e3 v\u00e0 truy\u1ec1n c\u1ea3m h\u1ee9ng cho m\u1ecdi ng\u01b0\u1eddi coi b\u1ea3o t\u1ed3n l\u00e0 \u01b0u ti\u00ean h\u00e0ng \u0111\u1ea7u trong cu\u1ed9c s\u1ed1ng c\u1ee7a m\u00ecnh.","publisher":{"@id":"https:\/\/zoo.org\/vi\/#organization"},"potentialAction":[{"@type":"SearchAction","target":{"@type":"EntryPoint","urlTemplate":"https:\/\/zoo.org\/vi\/?s={search_term_string}"},"query-input":{"@type":"PropertyValueSpecification","valueRequired":true,"valueName":"search_term_string"}}],"inLanguage":"vi"},{"@type":"Organization","@id":"https:\/\/zoo.org\/vi\/#organization","name":"V\u01b0\u1eddn th\u00fa Woodland Park","url":"https:\/\/zoo.org\/vi\/","logo":{"@type":"ImageObject","inLanguage":"vi","@id":"https:\/\/zoo.org\/vi\/#\/schema\/logo\/image\/","url":"https:\/\/zoo.org\/wp-content\/uploads\/2026\/01\/WPZ-Logo_white-SVG.svg?wsr","contentUrl":"https:\/\/zoo.org\/wp-content\/uploads\/2026\/01\/WPZ-Logo_white-SVG.svg?wsr","width":288,"height":282,"caption":"V\u01b0\u1eddn th\u00fa Woodland Park"},"image":{"@id":"https:\/\/zoo.org\/vi\/#\/schema\/logo\/image\/"}}]}},"taxonomy_info":[],"featured_image_src_large":false,"author_info":{"display_name":"jloughlin","author_link":"https:\/\/zoo.org\/vi\/author\/jloughlin\/"},"comment_info":0,"_links":{"self":[{"href":"https:\/\/zoo.org\/vi\/wp-json\/wp\/v2\/pages\/10387","targetHints":{"allow":["GET"]}}],"collection":[{"href":"https:\/\/zoo.org\/vi\/wp-json\/wp\/v2\/pages"}],"about":[{"href":"https:\/\/zoo.org\/vi\/wp-json\/wp\/v2\/types\/page"}],"author":[{"embeddable":true,"href":"https:\/\/zoo.org\/vi\/wp-json\/wp\/v2\/users\/1"}],"replies":[{"embeddable":true,"href":"https:\/\/zoo.org\/vi\/wp-json\/wp\/v2\/comments?post=10387"}],"version-history":[{"count":0,"href":"https:\/\/zoo.org\/vi\/wp-json\/wp\/v2\/pages\/10387\/revisions"}],"wp:attachment":[{"href":"https:\/\/zoo.org\/vi\/wp-json\/wp\/v2\/media?parent=10387"}],"curies":[{"name":"wp","href":"https:\/\/api.w.org\/{rel}","templated":true}]}}