{"id":10486,"date":"2026-02-01T00:01:00","date_gmt":"2026-02-01T08:01:00","guid":{"rendered":"https:\/\/zoo.org\/nhan-nuoi-mot-con-vat\/dac-biet-ve-zooparent\/"},"modified":"2026-05-01T09:45:02","modified_gmt":"2026-05-01T16:45:02","slug":"dac-biet-ve-zooparent","status":"publish","type":"page","link":"https:\/\/zoo.org\/vi\/nhan-nuoi-mot-con-vat\/dac-biet-ve-zooparent\/","title":{"rendered":"\u0110\u1eb7c bi\u1ec7t v\u1ec1 Zooparent"},"content":{"rendered":"\n<div class=\"wp-block-cover alignfull is-light hero\" style=\"margin-top:0;margin-bottom:0\"><img loading=\"lazy\" decoding=\"async\" width=\"1920\" height=\"400\" class=\"wp-block-cover__image-background wp-image-3496 size-full\" alt=\"\" src=\"https:\/\/zoo.org\/wp-content\/uploads\/2025\/08\/ZooParent-Header-Image-2.jpg\" data-object-fit=\"cover\" srcset=\"https:\/\/zoo.org\/wp-content\/uploads\/2025\/08\/ZooParent-Header-Image-2.jpg 1920w, https:\/\/zoo.org\/wp-content\/uploads\/2025\/08\/ZooParent-Header-Image-2-300x63.jpg 300w, https:\/\/zoo.org\/wp-content\/uploads\/2025\/08\/ZooParent-Header-Image-2-1024x213.jpg 1024w, https:\/\/zoo.org\/wp-content\/uploads\/2025\/08\/ZooParent-Header-Image-2-768x160.jpg 768w, https:\/\/zoo.org\/wp-content\/uploads\/2025\/08\/ZooParent-Header-Image-2-1536x320.jpg 1536w\" sizes=\"auto, (max-width: 1920px) 100vw, 1920px\" \/><span aria-hidden=\"true\" class=\"wp-block-cover__background has-background-dim-0 has-background-dim\" style=\"background-color:#cd9468\"><\/span><div class=\"wp-block-cover__inner-container is-layout-constrained wp-block-cover-is-layout-constrained\">\n<p class=\"has-text-align-center has-large-font-size\"><\/p>\n<\/div><\/div>\n\n<div class=\"wp-block-group is-layout-constrained wp-block-group-is-layout-constrained\" style=\"margin-top:2em;margin-bottom:3em\">\n<h1 class=\"wp-block-heading has-text-align-center\" style=\"margin-top:0.65em;margin-bottom:0.275em\">NU\u00d4I D\u01af\u1ee0NG \u0110\u1ed8NG V\u1eacT<\/h1>\n\n\n\n<p class=\"has-text-align-center has-palette-color-3-color has-text-color has-link-color wp-elements-72ca287feff9fb4abc7a8248841c540d\" style=\"margin-bottom:1em;font-size:clamp(0.984em, 0.984rem + ((1vw - 0.2em) * 0.645), 1.5em);font-style:normal;font-weight:500;line-height:1.5\"><strong>H\u00e3y nh\u1eadn nu\u00f4i m\u1ed9t con v\u1eadt v\u00e0 th\u1ec3 hi\u1ec7n s\u1ef1 \u1ee7ng h\u1ed9 c\u1ee7a b\u1ea1n \u0111\u1ed1i v\u1edbi \u0111\u1ed9ng v\u1eadt hoang d\u00e3.<\/strong><\/p>\n<\/div>\n\n<div class=\"wp-block-group alignfull divider is-layout-constrained wp-block-group-is-layout-constrained\">\n<h2 class=\"wp-block-heading alignfull has-text-align-center\">B\u1eaeT \u0110\u1ea6U TH\u1ee6 T\u1ee4C NH\u1eacN CON NU\u00d4I<\/h2>\n<\/div>\n\n<div class=\"wp-block-group is-layout-constrained wp-container-core-group-is-layout-72190d31 wp-block-group-is-layout-constrained\" style=\"margin-top:0;margin-bottom:0;padding-top:0;padding-right:0;padding-bottom:0;padding-left:0\">\n<h3 class=\"wp-block-heading\">\u01afu \u0111\u00e3i \u0111\u1eb7c bi\u1ec7t khi nh\u1eadn nu\u00f4i g\u1ea5u tr\u00fac \u0111\u1ecf | $75<\/h3>\n\n\n\n<h4 class=\"wp-block-heading\">C\u00f3 hi\u1ec7u l\u1ef1c \u0111\u1ebfn ng\u00e0y 31 th\u00e1ng 7 n\u0103m 2026.<\/h4>\n\n\n\n<p>H\u00e3y c\u00f9ng ch\u00e0o m\u1eebng l\u1ec5 khai tr\u01b0\u01a1ng khu tr\u01b0ng b\u00e0y Forest Trailhead v\u00e0 ng\u00f4i nh\u00e0 m\u1edbi cho g\u1ea5u tr\u00fac \u0111\u1ecf t\u1ea1i v\u01b0\u1eddn th\u00fa b\u1eb1ng c\u00e1ch tr\u1edf th\u00e0nh ZooParent! Vi\u1ec7c b\u1ea1n nh\u1eadn nu\u00f4i s\u1ebd gi\u00fap \u0111\u1ee1 c\u00e1c \u0111\u1ed9ng v\u1eadt t\u1ea1i v\u01b0\u1eddn th\u00fa v\u00e0 tr\u00ean to\u00e0n th\u1ebf gi\u1edbi\u2014v\u00e0 n\u1ebfu b\u1ea1n n\u00e2ng c\u1ea5p l\u00ean m\u1ee9c 110 \u0111\u00f4 la, b\u1ea1n s\u1ebd nh\u1eadn \u0111\u01b0\u1ee3c hai v\u00e9 tham quan v\u01b0\u1eddn th\u00fa v\u00e0 khu g\u1ea5u tr\u00fac \u0111\u1ecf t\u1ea1i Forest Trailhead. <\/p>\n\n\n<style>.kb-row-layout-wrap.wp-block-kadence-rowlayout.kb-row-layout-id6027_bd21f3-82{margin-top:var(--global-kb-spacing-md, 2rem);margin-bottom:var(--global-kb-spacing-md, 2rem);}.kb-row-layout-id6027_bd21f3-82 > .kt-row-column-wrap{align-content:start;}:where(.kb-row-layout-id6027_bd21f3-82 > .kt-row-column-wrap) > .wp-block-kadence-column{justify-content:start;}.kb-row-layout-id6027_bd21f3-82 > .kt-row-column-wrap{column-gap:var(--global-kb-gap-md, 2rem);row-gap:var(--global-kb-gap-md, 2rem);padding-top:0px;padding-right:0px;padding-bottom:0px;padding-left:0px;grid-template-columns:minmax(0, calc(40% - ((var(--global-kb-gap-md, 2rem) * 1 )\/2)))minmax(0, calc(60% - ((var(--global-kb-gap-md, 2rem) * 1 )\/2)));}.kb-row-layout-id6027_bd21f3-82 > .kt-row-layout-overlay{opacity:0.30;}@media all and (max-width: 1024px){.kb-row-layout-id6027_bd21f3-82 > .kt-row-column-wrap{grid-template-columns:minmax(0, 1fr) minmax(0, 2fr);}}@media all and (max-width: 767px){.kb-row-layout-id6027_bd21f3-82 > .kt-row-column-wrap{grid-template-columns:minmax(0, 1fr);}}<\/style><div class=\"kb-row-layout-wrap kb-row-layout-id6027_bd21f3-82 alignnone wp-block-kadence-rowlayout\"><div class=\"kt-row-column-wrap kt-has-2-columns kt-row-layout-right-golden kt-tab-layout-inherit kt-mobile-layout-row kt-row-valign-top\">\n<style>.kadence-column6027_13bc16-e7 > .kt-inside-inner-col,.kadence-column6027_13bc16-e7 > .kt-inside-inner-col:before{border-top-left-radius:0px;border-top-right-radius:0px;border-bottom-right-radius:0px;border-bottom-left-radius:0px;}.kadence-column6027_13bc16-e7 > .kt-inside-inner-col{column-gap:var(--global-kb-gap-sm, 1rem);}.kadence-column6027_13bc16-e7 > .kt-inside-inner-col{flex-direction:column;}.kadence-column6027_13bc16-e7 > .kt-inside-inner-col > .aligncenter{width:100%;}.kadence-column6027_13bc16-e7 > .kt-inside-inner-col:before{opacity:0.3;}.kadence-column6027_13bc16-e7{position:relative;}@media all and (max-width: 1024px){.kadence-column6027_13bc16-e7 > .kt-inside-inner-col{flex-direction:column;justify-content:center;}}@media all and (max-width: 767px){.kadence-column6027_13bc16-e7 > .kt-inside-inner-col{flex-direction:column;justify-content:center;}}<\/style>\n<div class=\"wp-block-kadence-column kadence-column6027_13bc16-e7\"><div class=\"kt-inside-inner-col\"><style>.kb-image6027_ea9d13-ef .kb-image-has-overlay:after{opacity:0.3;}<\/style>\n<figure class=\"wp-block-kadence-image kb-image6027_ea9d13-ef size-full\"><img loading=\"lazy\" decoding=\"async\" width=\"800\" height=\"533\" src=\"https:\/\/zoo.org\/wp-content\/uploads\/2026\/03\/2026-Red-Panda-FTH-19-JDL.jpg\" alt=\"A red panda with reddish-brown fur and a bushy tail sits on a tree branch, surrounded by dense greenery and trees in the background.\" class=\"kb-img wp-image-23893\" srcset=\"https:\/\/zoo.org\/wp-content\/uploads\/2026\/03\/2026-Red-Panda-FTH-19-JDL.jpg 800w, https:\/\/zoo.org\/wp-content\/uploads\/2026\/03\/2026-Red-Panda-FTH-19-JDL-300x200.jpg 300w, https:\/\/zoo.org\/wp-content\/uploads\/2026\/03\/2026-Red-Panda-FTH-19-JDL-150x100.jpg 150w, https:\/\/zoo.org\/wp-content\/uploads\/2026\/03\/2026-Red-Panda-FTH-19-JDL-768x512.jpg 768w\" sizes=\"auto, (max-width: 800px) 100vw, 800px\" \/><\/figure>\n\n\n\n<p><em>(S\u1ea3n ph\u1ea9m th\u00fa nh\u1ed3i b\u00f4ng th\u1ef1c t\u1ebf c\u00f3 th\u1ec3 kh\u00e1c.)<\/em><\/p>\n<\/div><\/div>\n\n\n<style>.kadence-column6027_a15352-ae > .kt-inside-inner-col{display:flex;}.kadence-column6027_a15352-ae > .kt-inside-inner-col,.kadence-column6027_a15352-ae > .kt-inside-inner-col:before{border-top-left-radius:0px;border-top-right-radius:0px;border-bottom-right-radius:0px;border-bottom-left-radius:0px;}.kadence-column6027_a15352-ae > .kt-inside-inner-col{column-gap:var(--global-kb-gap-sm, 1rem);}.kadence-column6027_a15352-ae > .kt-inside-inner-col{flex-direction:column;justify-content:flex-start;}.kadence-column6027_a15352-ae > .kt-inside-inner-col > .aligncenter{width:100%;}.kt-row-column-wrap > .kadence-column6027_a15352-ae{align-self:flex-start;}.kt-inner-column-height-full:not(.kt-has-1-columns) > .wp-block-kadence-column.kadence-column6027_a15352-ae{align-self:auto;}.kt-inner-column-height-full:not(.kt-has-1-columns) > .wp-block-kadence-column.kadence-column6027_a15352-ae > .kt-inside-inner-col{flex-direction:column;justify-content:flex-start;}.kadence-column6027_a15352-ae > .kt-inside-inner-col:before{opacity:0.3;}.kadence-column6027_a15352-ae{position:relative;}@media all and (max-width: 1024px){.kt-row-column-wrap > .kadence-column6027_a15352-ae{align-self:flex-start;}}@media all and (max-width: 1024px){.kt-inner-column-height-full:not(.kt-has-1-columns) > .wp-block-kadence-column.kadence-column6027_a15352-ae{align-self:auto;}}@media all and (max-width: 1024px){.kt-inner-column-height-full:not(.kt-has-1-columns) > .wp-block-kadence-column.kadence-column6027_a15352-ae > .kt-inside-inner-col{flex-direction:column;justify-content:flex-start;}}@media all and (max-width: 1024px){.kadence-column6027_a15352-ae > .kt-inside-inner-col{flex-direction:column;justify-content:flex-start;}}@media all and (max-width: 767px){.kt-row-column-wrap > .kadence-column6027_a15352-ae{align-self:flex-start;}.kt-inner-column-height-full:not(.kt-has-1-columns) > .wp-block-kadence-column.kadence-column6027_a15352-ae{align-self:auto;}.kt-inner-column-height-full:not(.kt-has-1-columns) > .wp-block-kadence-column.kadence-column6027_a15352-ae > .kt-inside-inner-col{flex-direction:column;justify-content:flex-start;}.kadence-column6027_a15352-ae > .kt-inside-inner-col{flex-direction:column;justify-content:flex-start;}}<\/style>\n<div class=\"wp-block-kadence-column kadence-column6027_a15352-ae\"><div class=\"kt-inside-inner-col\">\n<h4 class=\"wp-block-heading\">G\u00f3i h\u1ed7 tr\u1ee3 nh\u1eadn con nu\u00f4i c\u1ee7a b\u1ea1n bao g\u1ed3m:<\/h4>\n\n\n\n<ul class=\"wp-block-list\">\n<li>M\u1ed9t ch\u00fa g\u1ea5u tr\u00fac \u0111\u1ecf nh\u1ed3i b\u00f4ng<\/li>\n\n\n\n<li>Gi\u1ea5y ch\u1ee9ng nh\u1eadn nh\u1eadn con nu\u00f4i<\/li>\n\n\n\n<li>Th\u00f4ng tin v\u1ec1 \u0111\u1ed9ng v\u1eadt<\/li>\n\n\n\n<li>\u1ea2nh m\u00e0u<\/li>\n\n\n\n<li>Mi\u1ebfng d\u00e1n c\u1eeda s\u1ed5 ZooParent<\/li>\n\n\n\n<li>\u0110\u01b0\u1ee3c c\u00f4ng nh\u1eadn tr\u1ef1c tuy\u1ebfn trong m\u1ed9t n\u0103m<\/li>\n<\/ul>\n<\/div><\/div>\n\n<\/div><\/div><\/div>\n\n<p>Ho\u1eb7c, n\u00e2ng c\u1ea5p g\u00f3i nh\u1eadn nu\u00f4i c\u1ee7a b\u1ea1n l\u00ean m\u1ee9c 110 \u0111\u00f4 la v\u00e0 nh\u1eadn hai v\u00e9 v\u00e0o v\u01b0\u1eddn th\u00fa s\u1eed d\u1ee5ng m\u1ed9t l\u1ea7n c\u00f9ng t\u00ean c\u1ee7a b\u1ea1n tr\u00ean b\u1ea3ng vinh danh &#8220;Ph\u1ee5 huynh V\u01b0\u1eddn th\u00fa&#8221; trong khu\u00f4n vi\u00ean trong su\u1ed1t m\u1ed9t n\u0103m, b\u1eaft \u0111\u1ea7u t\u1eeb m\u00f9a xu\u00e2n n\u0103m 2027. *<\/p>\n\n<p style=\"margin-bottom:var(--wp--preset--spacing--50)\"><em>*B\u1ea3ng vinh danh \u0111\u01b0\u1ee3c c\u1eadp nh\u1eadt v\u00e0o m\u00f9a xu\u00e2n v\u1edbi danh s\u00e1ch c\u00e1c nh\u00e0 t\u00e0i tr\u1ee3 c\u1ee7a n\u0103m d\u01b0\u01a1ng l\u1ecbch tr\u01b0\u1edbc \u0111\u00f3.<\/em><\/p>\n\n<div style=\"height:25px\" aria-hidden=\"true\" class=\"wp-block-spacer\"><\/div>\n\n<center>\n<div id=\"zooparent-special\"><\/div>\n<\/center>\n\n<h3 class=\"wp-block-heading\">Chi ti\u1ebft v\u1eadn chuy\u1ec3n<\/h3>\n\n<h4 class=\"wp-block-heading\">Xin l\u01b0u \u00fd r\u1eb1ng b\u1ed9 d\u1ee5ng c\u1ee5 ZooParent ch\u1ec9 c\u00f3 th\u1ec3 \u0111\u01b0\u1ee3c g\u1eedi qua \u0111\u01b0\u1eddng b\u01b0u \u0111i\u1ec7n trong ph\u1ea1m vi Hoa K\u1ef3 v\u00e0 Canada.<\/h4>\n\n<p>T\u1ea5t c\u1ea3 c\u00e1c g\u00f3i h\u00e0ng c\u1ee7a ZooParent \u0111\u1ec1u \u0111\u01b0\u1ee3c v\u1eadn chuy\u1ec3n trong v\u00f2ng m\u1ed9t tu\u1ea7n k\u1ec3 t\u1eeb ng\u00e0y \u0111\u1eb7t h\u00e0ng. T\u00f9y thu\u1ed9c v\u00e0o ngu\u1ed3n cung, s\u1ea3n ph\u1ea9m th\u00fa nh\u1ed3i b\u00f4ng th\u1ef1c t\u1ebf c\u00f3 th\u1ec3 kh\u00e1c nhau. C\u00e1c kho\u1ea3n \u0111\u00f3ng g\u00f3p nh\u1eadn nu\u00f4i t\u1eeb 100 \u0111\u00f4 la tr\u1edf l\u00ean kh\u00f4ng \u0111\u01b0\u1ee3c kh\u1ea5u tr\u1eeb thu\u1ebf ho\u00e0n to\u00e0n\u2014vui l\u00f2ng truy c\u1eadp <a href=\"https:\/\/zoo.org\/vi\/cac-cach-thuc-quyen-gop\/#supportFAQ\">zoo.org\/givingfaq<\/a> \u0111\u1ec3 bi\u1ebft th\u00eam th\u00f4ng tin.<\/p>\n","protected":false},"excerpt":{"rendered":"<p>NU\u00d4I D\u01af\u1ee0NG \u0110\u1ed8NG V\u1eacT H\u00e3y nh\u1eadn nu\u00f4i m\u1ed9t con v\u1eadt v\u00e0 th\u1ec3 hi\u1ec7n s\u1ef1 \u1ee7ng h\u1ed9 c\u1ee7a b\u1ea1n \u0111\u1ed1i v\u1edbi \u0111\u1ed9ng v\u1eadt hoang d\u00e3. B\u1eaeT \u0110\u1ea6U TH\u1ee6 T\u1ee4C NH\u1eacN CON [&hellip;]<\/p>\n","protected":false},"author":1,"featured_media":18355,"parent":10461,"menu_order":0,"comment_status":"closed","ping_status":"closed","template":"","meta":{"_acf_changed":false,"_kad_blocks_custom_css":"","_kad_blocks_head_custom_js":"","_kad_blocks_body_custom_js":"","_kad_blocks_footer_custom_js":"","footnotes":""},"class_list":["post-10486","page","type-page","status-publish","has-post-thumbnail","hentry"],"blocksy_meta":[],"acf":[],"yoast_head":"<!-- This site is optimized with the Yoast SEO plugin v27.4 - https:\/\/yoast.com\/product\/yoast-seo-wordpress\/ -->\n<title>\u0110\u1eb7c bi\u1ec7t v\u1ec1 Zooparent - V\u01b0\u1eddn th\u00fa Woodland Park<\/title>\n<meta name=\"description\" content=\"H\u00e3y tr\u1edf th\u00e0nh &quot;Ng\u01b0\u1eddi nu\u00f4i d\u01b0\u1ee1ng \u0111\u1ed9ng v\u1eadt&quot; v\u00e0 nh\u1eadn nu\u00f4i m\u1ed9t con v\u1eadt. \u0110\u00e2y l\u00e0 m\u00f3n qu\u00e0 tuy\u1ec7t v\u1eddi d\u00e0nh cho nh\u1eefng ng\u01b0\u1eddi y\u00eau \u0111\u1ed9ng v\u1eadt.\" \/>\n<meta name=\"robots\" content=\"index, follow, max-snippet:-1, max-image-preview:large, max-video-preview:-1\" \/>\n<link rel=\"canonical\" href=\"https:\/\/zoo.org\/vi\/nhan-nuoi-mot-con-vat\/dac-biet-ve-zooparent\/\" \/>\n<meta property=\"og:locale\" content=\"vi_VN\" \/>\n<meta property=\"og:type\" content=\"article\" \/>\n<meta property=\"og:title\" content=\"\u0110\u1eb7c bi\u1ec7t v\u1ec1 Zooparent - V\u01b0\u1eddn th\u00fa Woodland Park\" \/>\n<meta property=\"og:description\" content=\"H\u00e3y tr\u1edf th\u00e0nh &quot;Ng\u01b0\u1eddi nu\u00f4i d\u01b0\u1ee1ng \u0111\u1ed9ng v\u1eadt&quot; v\u00e0 nh\u1eadn nu\u00f4i m\u1ed9t con v\u1eadt. \u0110\u00e2y l\u00e0 m\u00f3n qu\u00e0 tuy\u1ec7t v\u1eddi d\u00e0nh cho nh\u1eefng ng\u01b0\u1eddi y\u00eau \u0111\u1ed9ng v\u1eadt.\" \/>\n<meta property=\"og:url\" content=\"https:\/\/zoo.org\/vi\/nhan-nuoi-mot-con-vat\/dac-biet-ve-zooparent\/\" \/>\n<meta property=\"og:site_name\" content=\"V\u01b0\u1eddn th\u00fa Woodland Park\" \/>\n<meta property=\"article:modified_time\" content=\"2026-05-01T16:45:02+00:00\" \/>\n<meta property=\"og:image\" content=\"https:\/\/zoo.org\/wp-content\/uploads\/2025\/11\/DDow_July-27-2015-penguin.jpg?wsr\" \/>\n\t<meta property=\"og:image:width\" content=\"800\" \/>\n\t<meta property=\"og:image:height\" content=\"533\" \/>\n\t<meta property=\"og:image:type\" content=\"image\/jpeg\" \/>\n<meta name=\"twitter:card\" content=\"summary_large_image\" \/>\n<script type=\"application\/ld+json\" class=\"yoast-schema-graph\">{\"@context\":\"https:\\\/\\\/schema.org\",\"@graph\":[{\"@type\":\"WebPage\",\"@id\":\"https:\\\/\\\/zoo.org\\\/vi\\\/nhan-nuoi-mot-con-vat\\\/dac-biet-ve-zooparent\\\/\",\"url\":\"https:\\\/\\\/zoo.org\\\/vi\\\/nhan-nuoi-mot-con-vat\\\/dac-biet-ve-zooparent\\\/\",\"name\":\"\u0110\u1eb7c bi\u1ec7t v\u1ec1 Zooparent - V\u01b0\u1eddn th\u00fa Woodland Park\",\"isPartOf\":{\"@id\":\"https:\\\/\\\/zoo.org\\\/vi\\\/#website\"},\"primaryImageOfPage\":{\"@id\":\"https:\\\/\\\/zoo.org\\\/vi\\\/nhan-nuoi-mot-con-vat\\\/dac-biet-ve-zooparent\\\/#primaryimage\"},\"image\":{\"@id\":\"https:\\\/\\\/zoo.org\\\/vi\\\/nhan-nuoi-mot-con-vat\\\/dac-biet-ve-zooparent\\\/#primaryimage\"},\"thumbnailUrl\":\"https:\\\/\\\/zoo.org\\\/wp-content\\\/uploads\\\/2025\\\/11\\\/DDow_July-27-2015-penguin.jpg?wsr\",\"datePublished\":\"2026-02-01T08:01:00+00:00\",\"dateModified\":\"2026-05-01T16:45:02+00:00\",\"description\":\"H\u00e3y tr\u1edf th\u00e0nh \\\"Ng\u01b0\u1eddi nu\u00f4i d\u01b0\u1ee1ng \u0111\u1ed9ng v\u1eadt\\\" v\u00e0 nh\u1eadn nu\u00f4i m\u1ed9t con v\u1eadt. \u0110\u00e2y l\u00e0 m\u00f3n qu\u00e0 tuy\u1ec7t v\u1eddi d\u00e0nh cho nh\u1eefng ng\u01b0\u1eddi y\u00eau \u0111\u1ed9ng v\u1eadt.\",\"breadcrumb\":{\"@id\":\"https:\\\/\\\/zoo.org\\\/vi\\\/nhan-nuoi-mot-con-vat\\\/dac-biet-ve-zooparent\\\/#breadcrumb\"},\"inLanguage\":\"vi\",\"potentialAction\":[{\"@type\":\"ReadAction\",\"target\":[\"https:\\\/\\\/zoo.org\\\/vi\\\/nhan-nuoi-mot-con-vat\\\/dac-biet-ve-zooparent\\\/\"]}]},{\"@type\":\"ImageObject\",\"inLanguage\":\"vi\",\"@id\":\"https:\\\/\\\/zoo.org\\\/vi\\\/nhan-nuoi-mot-con-vat\\\/dac-biet-ve-zooparent\\\/#primaryimage\",\"url\":\"https:\\\/\\\/zoo.org\\\/wp-content\\\/uploads\\\/2025\\\/11\\\/DDow_July-27-2015-penguin.jpg?wsr\",\"contentUrl\":\"https:\\\/\\\/zoo.org\\\/wp-content\\\/uploads\\\/2025\\\/11\\\/DDow_July-27-2015-penguin.jpg?wsr\",\"width\":800,\"height\":533,\"caption\":\"\u1ea2nh c\u1eadn c\u1ea3nh m\u1ed9t ch\u00fa chim c\u00e1nh c\u1ee5t Humboldt v\u1edbi nh\u1eefng \u0111\u01b0\u1eddng n\u00e9t chi ti\u1ebft tr\u00ean m\u1eb7t v\u00e0 m\u1ecf, \u0111ang nh\u00ecn h\u01a1i sang b\u00ean tr\u00e1i. Ph\u00f4ng n\u1ec1n m\u1edd v\u00e0 t\u1ed1i, l\u00e0m n\u1ed5i b\u1eadt c\u00e1c \u0111\u1eb7c \u0111i\u1ec3m c\u1ee7a ch\u00fa chim c\u00e1nh c\u1ee5t.\"},{\"@type\":\"BreadcrumbList\",\"@id\":\"https:\\\/\\\/zoo.org\\\/vi\\\/nhan-nuoi-mot-con-vat\\\/dac-biet-ve-zooparent\\\/#breadcrumb\",\"itemListElement\":[{\"@type\":\"ListItem\",\"position\":1,\"name\":\"Trang ch\u1ee7\",\"item\":\"https:\\\/\\\/zoo.org\\\/vi\\\/\"},{\"@type\":\"ListItem\",\"position\":2,\"name\":\"Nh\u1eadn nu\u00f4i m\u1ed9t con v\u1eadt\",\"item\":\"https:\\\/\\\/zoo.org\\\/vi\\\/nhan-nuoi-mot-con-vat\\\/\"},{\"@type\":\"ListItem\",\"position\":3,\"name\":\"\u0110\u1eb7c bi\u1ec7t v\u1ec1 Zooparent\"}]},{\"@type\":\"WebSite\",\"@id\":\"https:\\\/\\\/zoo.org\\\/vi\\\/#website\",\"url\":\"https:\\\/\\\/zoo.org\\\/vi\\\/\",\"name\":\"V\u01b0\u1eddn th\u00fa Woodland Park\",\"description\":\"V\u01b0\u1eddn th\u00fa Woodland Park c\u1ee9u s\u1ed1ng \u0111\u1ed9ng v\u1eadt hoang d\u00e3 v\u00e0 truy\u1ec1n c\u1ea3m h\u1ee9ng cho m\u1ecdi ng\u01b0\u1eddi coi b\u1ea3o t\u1ed3n l\u00e0 \u01b0u ti\u00ean h\u00e0ng \u0111\u1ea7u trong cu\u1ed9c s\u1ed1ng c\u1ee7a m\u00ecnh.\",\"publisher\":{\"@id\":\"https:\\\/\\\/zoo.org\\\/vi\\\/#organization\"},\"potentialAction\":[{\"@type\":\"SearchAction\",\"target\":{\"@type\":\"EntryPoint\",\"urlTemplate\":\"https:\\\/\\\/zoo.org\\\/vi\\\/?s={search_term_string}\"},\"query-input\":{\"@type\":\"PropertyValueSpecification\",\"valueRequired\":true,\"valueName\":\"search_term_string\"}}],\"inLanguage\":\"vi\"},{\"@type\":\"Organization\",\"@id\":\"https:\\\/\\\/zoo.org\\\/vi\\\/#organization\",\"name\":\"V\u01b0\u1eddn th\u00fa Woodland Park\",\"url\":\"https:\\\/\\\/zoo.org\\\/vi\\\/\",\"logo\":{\"@type\":\"ImageObject\",\"inLanguage\":\"vi\",\"@id\":\"https:\\\/\\\/zoo.org\\\/vi\\\/#\\\/schema\\\/logo\\\/image\\\/\",\"url\":\"https:\\\/\\\/zoo.org\\\/wp-content\\\/uploads\\\/2026\\\/01\\\/WPZ-Logo_white-SVG.svg?wsr\",\"contentUrl\":\"https:\\\/\\\/zoo.org\\\/wp-content\\\/uploads\\\/2026\\\/01\\\/WPZ-Logo_white-SVG.svg?wsr\",\"width\":288,\"height\":282,\"caption\":\"V\u01b0\u1eddn th\u00fa Woodland Park\"},\"image\":{\"@id\":\"https:\\\/\\\/zoo.org\\\/vi\\\/#\\\/schema\\\/logo\\\/image\\\/\"}}]}<\/script>\n<!-- \/ Yoast SEO plugin. -->","yoast_head_json":{"title":"\u0110\u1eb7c bi\u1ec7t v\u1ec1 Zooparent - V\u01b0\u1eddn th\u00fa Woodland Park","description":"H\u00e3y tr\u1edf th\u00e0nh \"Ng\u01b0\u1eddi nu\u00f4i d\u01b0\u1ee1ng \u0111\u1ed9ng v\u1eadt\" v\u00e0 nh\u1eadn nu\u00f4i m\u1ed9t con v\u1eadt. \u0110\u00e2y l\u00e0 m\u00f3n qu\u00e0 tuy\u1ec7t v\u1eddi d\u00e0nh cho nh\u1eefng ng\u01b0\u1eddi y\u00eau \u0111\u1ed9ng v\u1eadt.","robots":{"index":"index","follow":"follow","max-snippet":"max-snippet:-1","max-image-preview":"max-image-preview:large","max-video-preview":"max-video-preview:-1"},"canonical":"https:\/\/zoo.org\/vi\/nhan-nuoi-mot-con-vat\/dac-biet-ve-zooparent\/","og_locale":"vi_VN","og_type":"article","og_title":"\u0110\u1eb7c bi\u1ec7t v\u1ec1 Zooparent - V\u01b0\u1eddn th\u00fa Woodland Park","og_description":"H\u00e3y tr\u1edf th\u00e0nh \"Ng\u01b0\u1eddi nu\u00f4i d\u01b0\u1ee1ng \u0111\u1ed9ng v\u1eadt\" v\u00e0 nh\u1eadn nu\u00f4i m\u1ed9t con v\u1eadt. \u0110\u00e2y l\u00e0 m\u00f3n qu\u00e0 tuy\u1ec7t v\u1eddi d\u00e0nh cho nh\u1eefng ng\u01b0\u1eddi y\u00eau \u0111\u1ed9ng v\u1eadt.","og_url":"https:\/\/zoo.org\/vi\/nhan-nuoi-mot-con-vat\/dac-biet-ve-zooparent\/","og_site_name":"V\u01b0\u1eddn th\u00fa Woodland Park","article_modified_time":"2026-05-01T16:45:02+00:00","og_image":[{"width":800,"height":533,"url":"https:\/\/zoo.org\/wp-content\/uploads\/2025\/11\/DDow_July-27-2015-penguin.jpg?wsr","type":"image\/jpeg"}],"twitter_card":"summary_large_image","schema":{"@context":"https:\/\/schema.org","@graph":[{"@type":"WebPage","@id":"https:\/\/zoo.org\/vi\/nhan-nuoi-mot-con-vat\/dac-biet-ve-zooparent\/","url":"https:\/\/zoo.org\/vi\/nhan-nuoi-mot-con-vat\/dac-biet-ve-zooparent\/","name":"\u0110\u1eb7c bi\u1ec7t v\u1ec1 Zooparent - V\u01b0\u1eddn th\u00fa Woodland Park","isPartOf":{"@id":"https:\/\/zoo.org\/vi\/#website"},"primaryImageOfPage":{"@id":"https:\/\/zoo.org\/vi\/nhan-nuoi-mot-con-vat\/dac-biet-ve-zooparent\/#primaryimage"},"image":{"@id":"https:\/\/zoo.org\/vi\/nhan-nuoi-mot-con-vat\/dac-biet-ve-zooparent\/#primaryimage"},"thumbnailUrl":"https:\/\/zoo.org\/wp-content\/uploads\/2025\/11\/DDow_July-27-2015-penguin.jpg?wsr","datePublished":"2026-02-01T08:01:00+00:00","dateModified":"2026-05-01T16:45:02+00:00","description":"H\u00e3y tr\u1edf th\u00e0nh \"Ng\u01b0\u1eddi nu\u00f4i d\u01b0\u1ee1ng \u0111\u1ed9ng v\u1eadt\" v\u00e0 nh\u1eadn nu\u00f4i m\u1ed9t con v\u1eadt. \u0110\u00e2y l\u00e0 m\u00f3n qu\u00e0 tuy\u1ec7t v\u1eddi d\u00e0nh cho nh\u1eefng ng\u01b0\u1eddi y\u00eau \u0111\u1ed9ng v\u1eadt.","breadcrumb":{"@id":"https:\/\/zoo.org\/vi\/nhan-nuoi-mot-con-vat\/dac-biet-ve-zooparent\/#breadcrumb"},"inLanguage":"vi","potentialAction":[{"@type":"ReadAction","target":["https:\/\/zoo.org\/vi\/nhan-nuoi-mot-con-vat\/dac-biet-ve-zooparent\/"]}]},{"@type":"ImageObject","inLanguage":"vi","@id":"https:\/\/zoo.org\/vi\/nhan-nuoi-mot-con-vat\/dac-biet-ve-zooparent\/#primaryimage","url":"https:\/\/zoo.org\/wp-content\/uploads\/2025\/11\/DDow_July-27-2015-penguin.jpg?wsr","contentUrl":"https:\/\/zoo.org\/wp-content\/uploads\/2025\/11\/DDow_July-27-2015-penguin.jpg?wsr","width":800,"height":533,"caption":"\u1ea2nh c\u1eadn c\u1ea3nh m\u1ed9t ch\u00fa chim c\u00e1nh c\u1ee5t Humboldt v\u1edbi nh\u1eefng \u0111\u01b0\u1eddng n\u00e9t chi ti\u1ebft tr\u00ean m\u1eb7t v\u00e0 m\u1ecf, \u0111ang nh\u00ecn h\u01a1i sang b\u00ean tr\u00e1i. Ph\u00f4ng n\u1ec1n m\u1edd v\u00e0 t\u1ed1i, l\u00e0m n\u1ed5i b\u1eadt c\u00e1c \u0111\u1eb7c \u0111i\u1ec3m c\u1ee7a ch\u00fa chim c\u00e1nh c\u1ee5t."},{"@type":"BreadcrumbList","@id":"https:\/\/zoo.org\/vi\/nhan-nuoi-mot-con-vat\/dac-biet-ve-zooparent\/#breadcrumb","itemListElement":[{"@type":"ListItem","position":1,"name":"Trang ch\u1ee7","item":"https:\/\/zoo.org\/vi\/"},{"@type":"ListItem","position":2,"name":"Nh\u1eadn nu\u00f4i m\u1ed9t con v\u1eadt","item":"https:\/\/zoo.org\/vi\/nhan-nuoi-mot-con-vat\/"},{"@type":"ListItem","position":3,"name":"\u0110\u1eb7c bi\u1ec7t v\u1ec1 Zooparent"}]},{"@type":"WebSite","@id":"https:\/\/zoo.org\/vi\/#website","url":"https:\/\/zoo.org\/vi\/","name":"V\u01b0\u1eddn th\u00fa Woodland Park","description":"V\u01b0\u1eddn th\u00fa Woodland Park c\u1ee9u s\u1ed1ng \u0111\u1ed9ng v\u1eadt hoang d\u00e3 v\u00e0 truy\u1ec1n c\u1ea3m h\u1ee9ng cho m\u1ecdi ng\u01b0\u1eddi coi b\u1ea3o t\u1ed3n l\u00e0 \u01b0u ti\u00ean h\u00e0ng \u0111\u1ea7u trong cu\u1ed9c s\u1ed1ng c\u1ee7a m\u00ecnh.","publisher":{"@id":"https:\/\/zoo.org\/vi\/#organization"},"potentialAction":[{"@type":"SearchAction","target":{"@type":"EntryPoint","urlTemplate":"https:\/\/zoo.org\/vi\/?s={search_term_string}"},"query-input":{"@type":"PropertyValueSpecification","valueRequired":true,"valueName":"search_term_string"}}],"inLanguage":"vi"},{"@type":"Organization","@id":"https:\/\/zoo.org\/vi\/#organization","name":"V\u01b0\u1eddn th\u00fa Woodland Park","url":"https:\/\/zoo.org\/vi\/","logo":{"@type":"ImageObject","inLanguage":"vi","@id":"https:\/\/zoo.org\/vi\/#\/schema\/logo\/image\/","url":"https:\/\/zoo.org\/wp-content\/uploads\/2026\/01\/WPZ-Logo_white-SVG.svg?wsr","contentUrl":"https:\/\/zoo.org\/wp-content\/uploads\/2026\/01\/WPZ-Logo_white-SVG.svg?wsr","width":288,"height":282,"caption":"V\u01b0\u1eddn th\u00fa Woodland Park"},"image":{"@id":"https:\/\/zoo.org\/vi\/#\/schema\/logo\/image\/"}}]}},"taxonomy_info":[],"featured_image_src_large":["https:\/\/zoo.org\/wp-content\/uploads\/2025\/11\/DDow_July-27-2015-penguin.jpg?wsr",800,533,false],"author_info":{"display_name":"jloughlin","author_link":"https:\/\/zoo.org\/vi\/author\/jloughlin\/"},"comment_info":0,"_links":{"self":[{"href":"https:\/\/zoo.org\/vi\/wp-json\/wp\/v2\/pages\/10486","targetHints":{"allow":["GET"]}}],"collection":[{"href":"https:\/\/zoo.org\/vi\/wp-json\/wp\/v2\/pages"}],"about":[{"href":"https:\/\/zoo.org\/vi\/wp-json\/wp\/v2\/types\/page"}],"author":[{"embeddable":true,"href":"https:\/\/zoo.org\/vi\/wp-json\/wp\/v2\/users\/1"}],"replies":[{"embeddable":true,"href":"https:\/\/zoo.org\/vi\/wp-json\/wp\/v2\/comments?post=10486"}],"version-history":[{"count":4,"href":"https:\/\/zoo.org\/vi\/wp-json\/wp\/v2\/pages\/10486\/revisions"}],"predecessor-version":[{"id":27305,"href":"https:\/\/zoo.org\/vi\/wp-json\/wp\/v2\/pages\/10486\/revisions\/27305"}],"up":[{"embeddable":true,"href":"https:\/\/zoo.org\/vi\/wp-json\/wp\/v2\/pages\/10461"}],"wp:featuredmedia":[{"embeddable":true,"href":"https:\/\/zoo.org\/vi\/wp-json\/wp\/v2\/media\/18355"}],"wp:attachment":[{"href":"https:\/\/zoo.org\/vi\/wp-json\/wp\/v2\/media?parent=10486"}],"curies":[{"name":"wp","href":"https:\/\/api.w.org\/{rel}","templated":true}]}}