{"id":10545,"date":"2025-10-09T10:56:19","date_gmt":"2025-10-09T17:56:19","guid":{"rendered":"https:\/\/zoo.org\/nhan-nuoi-mot-con-vat\/nhan-dien-truc-tuyen-zooparent\/"},"modified":"2026-04-06T09:59:54","modified_gmt":"2026-04-06T16:59:54","slug":"nhan-dien-truc-tuyen-zooparent","status":"publish","type":"page","link":"https:\/\/zoo.org\/vi\/nhan-nuoi-mot-con-vat\/nhan-dien-truc-tuyen-zooparent\/","title":{"rendered":"Nh\u1eadn di\u1ec7n tr\u1ef1c tuy\u1ebfn Zooparent"},"content":{"rendered":"\n<div class=\"wp-block-cover alignfull is-light hero\" style=\"margin-top:0;margin-bottom:0\"><img loading=\"lazy\" decoding=\"async\" width=\"1920\" height=\"400\" class=\"wp-block-cover__image-background wp-image-3496 size-full\" alt=\"\" src=\"https:\/\/zoo.org\/wp-content\/uploads\/2025\/08\/ZooParent-Header-Image-2.jpg\" data-object-fit=\"cover\" srcset=\"https:\/\/zoo.org\/wp-content\/uploads\/2025\/08\/ZooParent-Header-Image-2.jpg 1920w, https:\/\/zoo.org\/wp-content\/uploads\/2025\/08\/ZooParent-Header-Image-2-300x63.jpg 300w, https:\/\/zoo.org\/wp-content\/uploads\/2025\/08\/ZooParent-Header-Image-2-1024x213.jpg 1024w, https:\/\/zoo.org\/wp-content\/uploads\/2025\/08\/ZooParent-Header-Image-2-768x160.jpg 768w, https:\/\/zoo.org\/wp-content\/uploads\/2025\/08\/ZooParent-Header-Image-2-1536x320.jpg 1536w\" sizes=\"auto, (max-width: 1920px) 100vw, 1920px\" \/><span aria-hidden=\"true\" class=\"wp-block-cover__background has-background-dim-0 has-background-dim\" style=\"background-color:#cd9468\"><\/span><div class=\"wp-block-cover__inner-container is-layout-constrained wp-block-cover-is-layout-constrained\">\n<p class=\"has-text-align-center has-large-font-size\"><\/p>\n<\/div><\/div>\n\n<div class=\"wp-block-group is-layout-constrained wp-block-group-is-layout-constrained\" style=\"margin-top:2em;margin-bottom:3em\">\n<h1 class=\"wp-block-heading has-text-align-center\" style=\"margin-top:0.65em;margin-bottom:0.275em\">NU\u00d4I D\u01af\u1ee0NG \u0110\u1ed8NG V\u1eacT<\/h1>\n\n\n\n<p class=\"has-text-align-center has-palette-color-3-color has-text-color has-link-color wp-elements-72ca287feff9fb4abc7a8248841c540d\" style=\"margin-bottom:1em;font-size:clamp(0.984em, 0.984rem + ((1vw - 0.2em) * 0.645), 1.5em);font-style:normal;font-weight:500;line-height:1.5\"><strong>H\u00e3y nh\u1eadn nu\u00f4i m\u1ed9t con v\u1eadt v\u00e0 th\u1ec3 hi\u1ec7n s\u1ef1 \u1ee7ng h\u1ed9 c\u1ee7a b\u1ea1n \u0111\u1ed1i v\u1edbi \u0111\u1ed9ng v\u1eadt hoang d\u00e3.<\/strong><\/p>\n<\/div>\n\n<div class=\"wp-block-group alignfull divider is-layout-constrained wp-block-group-is-layout-constrained\">\n<h2 class=\"wp-block-heading alignfull has-text-align-center\">C\u00d4NG NH\u1eacN TR\u1ef0C TUY\u1ebeN<\/h2>\n<\/div>\n\n<p><strong>C\u1ea3m \u01a1n nh\u1eefng b\u1eadc ph\u1ee5 huynh \u0111\u00e3 nh\u1eadn nu\u00f4i c\u00e1c \u0111\u1ed9ng v\u1eadt t\u1ea1i V\u01b0\u1eddn th\u00fa Woodland Park trong n\u0103m qua!<\/strong><\/p>\n\n<br\/><div style=\"columns: 4 11em;\">\n<h3>Th\u00e1ng 3 n\u0103m 2026<\/h3>\n<p>Julia Bean<br\/> Betty Modery<br\/> Lily Simcoe<br\/> Alder He<br\/> Marie Crawford<br\/> Simona Baum<br\/> Piper<\/p>\n\n<h3>Th\u00e1ng 2 n\u0103m 2026<\/h3>\n<p>Coreen Scott-Stearn<br\/> Alison Kubala<br\/> Timmy v\u00e0 Anya Perrenoud<br\/> Max Peacock<br\/> Ceili Banasik<br\/> Carrie Hartmann<br\/> Brad Smith<br\/> Walt Greenwood<br\/> Jack Gossett<br\/> Ava Goedhard<\/p>\n\n<h3>Th\u00e1ng 1 n\u0103m 2026<\/h3>\n<p>Eleanor Bean<br\/> Wenwen<br\/> Kaemon Cornish<br\/> Gaffi<br\/> Emilia Willis<br\/> Anthony Cordova<br\/> Calvin Engstrom<br\/> Chim \u01b0ng Savannah<br\/> Maeve Richter<\/p>\n\n<h3>Th\u00e1ng 12 n\u0103m 2025<\/h3>\n<p>Elena Zumbado<br\/>Kyle Cleland<br\/>Kayla Althauser<br\/>Callan Kutzke<br\/>Birju Patel<br\/>Beckett Swan<br\/>Milo Swan<br\/>Winston Zhang<br\/>Jackson Dennis<br\/>Wyatt Smith<br\/>Wesley Smith<br\/>Hugo Bloomenfarm<br\/>Zoey McQuaide<br\/>Phoebe Remillard<br\/>Declan Remillard<br\/>Harrison Whittum<br\/>Charlie Graham<br\/>Stella Remillard<br\/>Evelyn Whittum<br\/>Calvin Whittum<br\/>Lillian Whittum<br\/>Heather Anstead<br\/>Willow Pace<br\/>Harper Fay Woltjen<br\/>Anthony Ciocca<br\/>Jessica Yuen<br\/>Harrison v\u00e0 Faye McDaniel<br\/>Stephen Lennon<br\/>Maggie Sibert<br\/>Jessie Siebert<br\/>Elsa Siebert<br\/>Dave v\u00e0 Francy Hastie<br\/>Ramona Best<br\/>Stephan Boyd<br\/>Emma Boyd<br\/>Liam Boyd<br\/>Caleb Boyd<br\/>Max Nall<br\/>Nainoa Nall<br\/>John Wooten<br\/>Sean Boyd<br\/>Marissa Marcello<br\/>Demond Bowe<br\/>Rob Hermann<br\/>Cari Hermann<br\/>Will Hermann<br\/>Alex Hermann<br\/>Tyler Reinhard<br\/>Mullen Boyd<br\/>Jayden Yoppolo<br\/>Diane Nardi<br\/>Mary Howell<br\/>Reed Cahill<br\/>Ivy<br\/>Michelle Pounds<br\/>Samantha Pounds<br\/>Cassidy Radtke<br\/>William J. Wolf (Jim Wolf &#8211; ng\u01b0\u1eddi nh\u1eadn gi\u1ea3i)<br\/>Erik Nodelman<br\/>Jack Rosenthal<br\/>August Daniels<br\/>Solei Daniels<br\/>Gia \u0111\u00ecnh Whitson<br\/>Larry Greenberg<br\/>Kristin\u00e9 Reeves<br\/>Joseph Zenoni<br\/>T\u1eadp \u0111o\u00e0n nh\u00e3n hi\u1ec7u Starbucks<br\/>Jessica Yuen<br\/>Martha Lee Fleming<br\/>Stella Flatley<br\/>Bertie Hammar<br\/>Lynn Myhra<br\/>Marabel Carroll Beichman Potts<br\/>Nora Ghiglione<br\/>Charlie Smith-Wilbanks<br\/>Mae Smith-Wilbanks<br\/>Gidget<br\/>Valerie Armstrong<br\/>Christina T. Paz<br\/>Robin Lund<br\/>\u0110\u1ec3 t\u01b0\u1edfng nh\u1edb Eleanor v\u00e0 Robert Rooney<br\/>Justin Brooks<br\/>Matt Snyder<br\/>Luke Martin<br\/>Nh\u1eefng \u0111\u1ee9a tr\u1ebb<br\/>Gia \u0111\u00ecnh Melillo<br\/>Jae<br\/>Kristin Fellows<br\/>Michael McGrane<br\/>Steve Heflin<br\/>Jan McGrane<br\/>Nan Davis<br\/>Matthew Oh<\/p>\n\n<h3>Th\u00e1ng 11 n\u0103m 2025<\/h3>\n<p>Ti\u1ebfn s\u0129 Amanda Buduris<br\/> Alex v\u00e0 Anna<br\/> V Hilby<br\/> Alex Lennon<br\/> Adrien Tardif-Coopersmith<br\/> Destiny Banceu<br\/> Nora Kehlenbeck<br\/> Ellen MacNary<br\/> Ari Ledbetter<br\/> Teagan Miller<br\/> Matvei Ivanov<br\/> Morgan K. Brown<\/p>\n\n<h3>Th\u00e1ng 10 n\u0103m 2025<\/h3>\n<p>Benji Cooper<br\/> Braden Altman<br\/> Chris Hoff<br\/> Lauri Ellis<br\/> Matthew Ellis<br\/> Maya Watt<br\/> Sean Burden<br\/> Viraj Regatti<\/p>\n\n<h3>Th\u00e1ng 9 n\u0103m 2025<\/h3>\n<p>Bethany Guldi<br\/> Joel Searles<br\/> \u0110\u1ed3i Taylor<br\/> Elly Williams<br\/> Wyatt Williams<br\/> Finley Oberbarnscheidt<br\/> C\u00e1c h\u1ecdc sinh c\u1ee7a Mary Rose Walker-Lieberman<\/p>\n<h3>Th\u00e1ng 8 n\u0103m 2025<\/h3>\n<p>Chiara<br\/> Eleanor<br\/> Elizabeth Postovoit<br\/> Leland White<br\/> Stephanie<br\/> Thomas O&#8217;Neil<\/p>\n<h3>Th\u00e1ng 7 n\u0103m 2025<\/h3>\n<p>Christina Her<br\/> Isaac Hope<br\/> Jessica Cerullo<br\/> Kayme Clark<br\/> Laura Bartholdt<br\/> Onee Hedeen<br\/> Riley Zielinski<br\/> Rita M. Paz<br\/> Sarah Ferguson<br\/> Sophia<br\/> Susan Keefer<br\/> Zilla R Burke<\/p>\n<h3>Th\u00e1ng 6 n\u0103m 2025<\/h3>\n<p>Spencer Bennett<br\/> C\u00f4ng n\u01b0\u01a1ng Scarlett<br\/> Christine Brauch<br\/> Linnea Ottosson<br\/> Jeana Clinger<br\/> Ariadne Benopoulou<br\/> Cormac Fosberry<br\/> Abel Hulderson<br\/> Cassie Peek<br\/> Lars Pedersen<br\/> Evelin Schauwers<br\/> Madison Holm<\/p>\n<h3>Th\u00e1ng 5 n\u0103m 2025<\/h3>\n<p>Anita Steele<br\/> Enslie S<br\/> Evelyn Kettle<br\/> Jane K.<br\/> L\u1edbp Hemlock Honey Badger c\u1ee7a JSL<br\/> Livvy S<br\/> Lynne Tucker<br\/> Margaret N<br\/> Melani Winsor<br\/> Selah C<\/p>\n<\/div>\n","protected":false},"excerpt":{"rendered":"<p>NU\u00d4I D\u01af\u1ee0NG \u0110\u1ed8NG V\u1eacT H\u00e3y nh\u1eadn nu\u00f4i m\u1ed9t con v\u1eadt v\u00e0 th\u1ec3 hi\u1ec7n s\u1ef1 \u1ee7ng h\u1ed9 c\u1ee7a b\u1ea1n \u0111\u1ed1i v\u1edbi \u0111\u1ed9ng v\u1eadt hoang d\u00e3. C\u00d4NG NH\u1eacN TR\u1ef0C TUY\u1ebeN C\u1ea3m \u01a1n [&hellip;]<\/p>\n","protected":false},"author":1,"featured_media":10487,"parent":10461,"menu_order":0,"comment_status":"closed","ping_status":"closed","template":"","meta":{"_acf_changed":false,"_kad_blocks_custom_css":"","_kad_blocks_head_custom_js":"","_kad_blocks_body_custom_js":"","_kad_blocks_footer_custom_js":"","footnotes":""},"class_list":["post-10545","page","type-page","status-publish","has-post-thumbnail","hentry"],"blocksy_meta":[],"acf":[],"yoast_head":"<!-- This site is optimized with the Yoast SEO plugin v27.3 - https:\/\/yoast.com\/product\/yoast-seo-wordpress\/ -->\n<title>Nh\u1eadn di\u1ec7n tr\u1ef1c tuy\u1ebfn Zooparent - V\u01b0\u1eddn th\u00fa Woodland Park<\/title>\n<meta name=\"description\" content=\"C\u1ea3m \u01a1n nh\u1eefng b\u1eadc ph\u1ee5 huynh \u0111\u00e3 nh\u1eadn nu\u00f4i c\u00e1c \u0111\u1ed9ng v\u1eadt t\u1ea1i V\u01b0\u1eddn th\u00fa Woodland Park trong n\u0103m qua!\" \/>\n<meta name=\"robots\" content=\"index, follow, max-snippet:-1, max-image-preview:large, max-video-preview:-1\" \/>\n<link rel=\"canonical\" href=\"https:\/\/zoo.org\/vi\/nhan-nuoi-mot-con-vat\/nhan-dien-truc-tuyen-zooparent\/\" \/>\n<meta property=\"og:locale\" content=\"vi_VN\" \/>\n<meta property=\"og:type\" content=\"article\" \/>\n<meta property=\"og:title\" content=\"Nh\u1eadn di\u1ec7n tr\u1ef1c tuy\u1ebfn Zooparent - V\u01b0\u1eddn th\u00fa Woodland Park\" \/>\n<meta property=\"og:description\" content=\"C\u1ea3m \u01a1n nh\u1eefng b\u1eadc ph\u1ee5 huynh \u0111\u00e3 nh\u1eadn nu\u00f4i c\u00e1c \u0111\u1ed9ng v\u1eadt t\u1ea1i V\u01b0\u1eddn th\u00fa Woodland Park trong n\u0103m qua!\" \/>\n<meta property=\"og:url\" content=\"https:\/\/zoo.org\/vi\/nhan-nuoi-mot-con-vat\/nhan-dien-truc-tuyen-zooparent\/\" \/>\n<meta property=\"og:site_name\" content=\"V\u01b0\u1eddn th\u00fa Woodland Park\" \/>\n<meta property=\"article:modified_time\" content=\"2026-04-06T16:59:54+00:00\" \/>\n<meta property=\"og:image\" content=\"https:\/\/zoo.org\/wp-content\/uploads\/2025\/10\/RS27596_2015-03-06RHawk005TigerPlush-ohi.jpg?wsr\" \/>\n\t<meta property=\"og:image:width\" content=\"800\" \/>\n\t<meta property=\"og:image:height\" content=\"530\" \/>\n\t<meta property=\"og:image:type\" content=\"image\/jpeg\" \/>\n<meta name=\"twitter:card\" content=\"summary_large_image\" \/>\n<script type=\"application\/ld+json\" class=\"yoast-schema-graph\">{\"@context\":\"https:\\\/\\\/schema.org\",\"@graph\":[{\"@type\":\"WebPage\",\"@id\":\"https:\\\/\\\/zoo.org\\\/vi\\\/nhan-nuoi-mot-con-vat\\\/nhan-dien-truc-tuyen-zooparent\\\/\",\"url\":\"https:\\\/\\\/zoo.org\\\/vi\\\/nhan-nuoi-mot-con-vat\\\/nhan-dien-truc-tuyen-zooparent\\\/\",\"name\":\"Nh\u1eadn di\u1ec7n tr\u1ef1c tuy\u1ebfn Zooparent - V\u01b0\u1eddn th\u00fa Woodland Park\",\"isPartOf\":{\"@id\":\"https:\\\/\\\/zoo.org\\\/vi\\\/#website\"},\"primaryImageOfPage\":{\"@id\":\"https:\\\/\\\/zoo.org\\\/vi\\\/nhan-nuoi-mot-con-vat\\\/nhan-dien-truc-tuyen-zooparent\\\/#primaryimage\"},\"image\":{\"@id\":\"https:\\\/\\\/zoo.org\\\/vi\\\/nhan-nuoi-mot-con-vat\\\/nhan-dien-truc-tuyen-zooparent\\\/#primaryimage\"},\"thumbnailUrl\":\"https:\\\/\\\/zoo.org\\\/wp-content\\\/uploads\\\/2025\\\/10\\\/RS27596_2015-03-06RHawk005TigerPlush-ohi.jpg?wsr\",\"datePublished\":\"2025-10-09T17:56:19+00:00\",\"dateModified\":\"2026-04-06T16:59:54+00:00\",\"description\":\"C\u1ea3m \u01a1n nh\u1eefng b\u1eadc ph\u1ee5 huynh \u0111\u00e3 nh\u1eadn nu\u00f4i c\u00e1c \u0111\u1ed9ng v\u1eadt t\u1ea1i V\u01b0\u1eddn th\u00fa Woodland Park trong n\u0103m qua!\",\"breadcrumb\":{\"@id\":\"https:\\\/\\\/zoo.org\\\/vi\\\/nhan-nuoi-mot-con-vat\\\/nhan-dien-truc-tuyen-zooparent\\\/#breadcrumb\"},\"inLanguage\":\"vi\",\"potentialAction\":[{\"@type\":\"ReadAction\",\"target\":[\"https:\\\/\\\/zoo.org\\\/vi\\\/nhan-nuoi-mot-con-vat\\\/nhan-dien-truc-tuyen-zooparent\\\/\"]}]},{\"@type\":\"ImageObject\",\"inLanguage\":\"vi\",\"@id\":\"https:\\\/\\\/zoo.org\\\/vi\\\/nhan-nuoi-mot-con-vat\\\/nhan-dien-truc-tuyen-zooparent\\\/#primaryimage\",\"url\":\"https:\\\/\\\/zoo.org\\\/wp-content\\\/uploads\\\/2025\\\/10\\\/RS27596_2015-03-06RHawk005TigerPlush-ohi.jpg?wsr\",\"contentUrl\":\"https:\\\/\\\/zoo.org\\\/wp-content\\\/uploads\\\/2025\\\/10\\\/RS27596_2015-03-06RHawk005TigerPlush-ohi.jpg?wsr\",\"width\":800,\"height\":530,\"caption\":\"th\u00fa nh\u1ed3i b\u00f4ng h\u00ecnh h\u1ed5, th\u00fa nh\u1ed3i b\u00f4ng, \u0111\u1ed3 ch\u01a1i, th\u00fa nh\u1ed3i b\u00f4ng\"},{\"@type\":\"BreadcrumbList\",\"@id\":\"https:\\\/\\\/zoo.org\\\/vi\\\/nhan-nuoi-mot-con-vat\\\/nhan-dien-truc-tuyen-zooparent\\\/#breadcrumb\",\"itemListElement\":[{\"@type\":\"ListItem\",\"position\":1,\"name\":\"Trang ch\u1ee7\",\"item\":\"https:\\\/\\\/zoo.org\\\/vi\\\/\"},{\"@type\":\"ListItem\",\"position\":2,\"name\":\"Nh\u1eadn nu\u00f4i m\u1ed9t con v\u1eadt\",\"item\":\"https:\\\/\\\/zoo.org\\\/vi\\\/nhan-nuoi-mot-con-vat\\\/\"},{\"@type\":\"ListItem\",\"position\":3,\"name\":\"Nh\u1eadn di\u1ec7n tr\u1ef1c tuy\u1ebfn Zooparent\"}]},{\"@type\":\"WebSite\",\"@id\":\"https:\\\/\\\/zoo.org\\\/vi\\\/#website\",\"url\":\"https:\\\/\\\/zoo.org\\\/vi\\\/\",\"name\":\"V\u01b0\u1eddn th\u00fa Woodland Park\",\"description\":\"V\u01b0\u1eddn th\u00fa Woodland Park c\u1ee9u s\u1ed1ng \u0111\u1ed9ng v\u1eadt hoang d\u00e3 v\u00e0 truy\u1ec1n c\u1ea3m h\u1ee9ng cho m\u1ecdi ng\u01b0\u1eddi coi b\u1ea3o t\u1ed3n l\u00e0 \u01b0u ti\u00ean h\u00e0ng \u0111\u1ea7u trong cu\u1ed9c s\u1ed1ng c\u1ee7a m\u00ecnh.\",\"publisher\":{\"@id\":\"https:\\\/\\\/zoo.org\\\/vi\\\/#organization\"},\"potentialAction\":[{\"@type\":\"SearchAction\",\"target\":{\"@type\":\"EntryPoint\",\"urlTemplate\":\"https:\\\/\\\/zoo.org\\\/vi\\\/?s={search_term_string}\"},\"query-input\":{\"@type\":\"PropertyValueSpecification\",\"valueRequired\":true,\"valueName\":\"search_term_string\"}}],\"inLanguage\":\"vi\"},{\"@type\":\"Organization\",\"@id\":\"https:\\\/\\\/zoo.org\\\/vi\\\/#organization\",\"name\":\"V\u01b0\u1eddn th\u00fa Woodland Park\",\"url\":\"https:\\\/\\\/zoo.org\\\/vi\\\/\",\"logo\":{\"@type\":\"ImageObject\",\"inLanguage\":\"vi\",\"@id\":\"https:\\\/\\\/zoo.org\\\/vi\\\/#\\\/schema\\\/logo\\\/image\\\/\",\"url\":\"https:\\\/\\\/zoo.org\\\/wp-content\\\/uploads\\\/2026\\\/01\\\/WPZ-Logo_white-SVG.svg?wsr\",\"contentUrl\":\"https:\\\/\\\/zoo.org\\\/wp-content\\\/uploads\\\/2026\\\/01\\\/WPZ-Logo_white-SVG.svg?wsr\",\"width\":288,\"height\":282,\"caption\":\"V\u01b0\u1eddn th\u00fa Woodland Park\"},\"image\":{\"@id\":\"https:\\\/\\\/zoo.org\\\/vi\\\/#\\\/schema\\\/logo\\\/image\\\/\"}}]}<\/script>\n<!-- \/ Yoast SEO plugin. -->","yoast_head_json":{"title":"Nh\u1eadn di\u1ec7n tr\u1ef1c tuy\u1ebfn Zooparent - V\u01b0\u1eddn th\u00fa Woodland Park","description":"C\u1ea3m \u01a1n nh\u1eefng b\u1eadc ph\u1ee5 huynh \u0111\u00e3 nh\u1eadn nu\u00f4i c\u00e1c \u0111\u1ed9ng v\u1eadt t\u1ea1i V\u01b0\u1eddn th\u00fa Woodland Park trong n\u0103m qua!","robots":{"index":"index","follow":"follow","max-snippet":"max-snippet:-1","max-image-preview":"max-image-preview:large","max-video-preview":"max-video-preview:-1"},"canonical":"https:\/\/zoo.org\/vi\/nhan-nuoi-mot-con-vat\/nhan-dien-truc-tuyen-zooparent\/","og_locale":"vi_VN","og_type":"article","og_title":"Nh\u1eadn di\u1ec7n tr\u1ef1c tuy\u1ebfn Zooparent - V\u01b0\u1eddn th\u00fa Woodland Park","og_description":"C\u1ea3m \u01a1n nh\u1eefng b\u1eadc ph\u1ee5 huynh \u0111\u00e3 nh\u1eadn nu\u00f4i c\u00e1c \u0111\u1ed9ng v\u1eadt t\u1ea1i V\u01b0\u1eddn th\u00fa Woodland Park trong n\u0103m qua!","og_url":"https:\/\/zoo.org\/vi\/nhan-nuoi-mot-con-vat\/nhan-dien-truc-tuyen-zooparent\/","og_site_name":"V\u01b0\u1eddn th\u00fa Woodland Park","article_modified_time":"2026-04-06T16:59:54+00:00","og_image":[{"width":800,"height":530,"url":"https:\/\/zoo.org\/wp-content\/uploads\/2025\/10\/RS27596_2015-03-06RHawk005TigerPlush-ohi.jpg?wsr","type":"image\/jpeg"}],"twitter_card":"summary_large_image","schema":{"@context":"https:\/\/schema.org","@graph":[{"@type":"WebPage","@id":"https:\/\/zoo.org\/vi\/nhan-nuoi-mot-con-vat\/nhan-dien-truc-tuyen-zooparent\/","url":"https:\/\/zoo.org\/vi\/nhan-nuoi-mot-con-vat\/nhan-dien-truc-tuyen-zooparent\/","name":"Nh\u1eadn di\u1ec7n tr\u1ef1c tuy\u1ebfn Zooparent - V\u01b0\u1eddn th\u00fa Woodland Park","isPartOf":{"@id":"https:\/\/zoo.org\/vi\/#website"},"primaryImageOfPage":{"@id":"https:\/\/zoo.org\/vi\/nhan-nuoi-mot-con-vat\/nhan-dien-truc-tuyen-zooparent\/#primaryimage"},"image":{"@id":"https:\/\/zoo.org\/vi\/nhan-nuoi-mot-con-vat\/nhan-dien-truc-tuyen-zooparent\/#primaryimage"},"thumbnailUrl":"https:\/\/zoo.org\/wp-content\/uploads\/2025\/10\/RS27596_2015-03-06RHawk005TigerPlush-ohi.jpg?wsr","datePublished":"2025-10-09T17:56:19+00:00","dateModified":"2026-04-06T16:59:54+00:00","description":"C\u1ea3m \u01a1n nh\u1eefng b\u1eadc ph\u1ee5 huynh \u0111\u00e3 nh\u1eadn nu\u00f4i c\u00e1c \u0111\u1ed9ng v\u1eadt t\u1ea1i V\u01b0\u1eddn th\u00fa Woodland Park trong n\u0103m qua!","breadcrumb":{"@id":"https:\/\/zoo.org\/vi\/nhan-nuoi-mot-con-vat\/nhan-dien-truc-tuyen-zooparent\/#breadcrumb"},"inLanguage":"vi","potentialAction":[{"@type":"ReadAction","target":["https:\/\/zoo.org\/vi\/nhan-nuoi-mot-con-vat\/nhan-dien-truc-tuyen-zooparent\/"]}]},{"@type":"ImageObject","inLanguage":"vi","@id":"https:\/\/zoo.org\/vi\/nhan-nuoi-mot-con-vat\/nhan-dien-truc-tuyen-zooparent\/#primaryimage","url":"https:\/\/zoo.org\/wp-content\/uploads\/2025\/10\/RS27596_2015-03-06RHawk005TigerPlush-ohi.jpg?wsr","contentUrl":"https:\/\/zoo.org\/wp-content\/uploads\/2025\/10\/RS27596_2015-03-06RHawk005TigerPlush-ohi.jpg?wsr","width":800,"height":530,"caption":"th\u00fa nh\u1ed3i b\u00f4ng h\u00ecnh h\u1ed5, th\u00fa nh\u1ed3i b\u00f4ng, \u0111\u1ed3 ch\u01a1i, th\u00fa nh\u1ed3i b\u00f4ng"},{"@type":"BreadcrumbList","@id":"https:\/\/zoo.org\/vi\/nhan-nuoi-mot-con-vat\/nhan-dien-truc-tuyen-zooparent\/#breadcrumb","itemListElement":[{"@type":"ListItem","position":1,"name":"Trang ch\u1ee7","item":"https:\/\/zoo.org\/vi\/"},{"@type":"ListItem","position":2,"name":"Nh\u1eadn nu\u00f4i m\u1ed9t con v\u1eadt","item":"https:\/\/zoo.org\/vi\/nhan-nuoi-mot-con-vat\/"},{"@type":"ListItem","position":3,"name":"Nh\u1eadn di\u1ec7n tr\u1ef1c tuy\u1ebfn Zooparent"}]},{"@type":"WebSite","@id":"https:\/\/zoo.org\/vi\/#website","url":"https:\/\/zoo.org\/vi\/","name":"V\u01b0\u1eddn th\u00fa Woodland Park","description":"V\u01b0\u1eddn th\u00fa Woodland Park c\u1ee9u s\u1ed1ng \u0111\u1ed9ng v\u1eadt hoang d\u00e3 v\u00e0 truy\u1ec1n c\u1ea3m h\u1ee9ng cho m\u1ecdi ng\u01b0\u1eddi coi b\u1ea3o t\u1ed3n l\u00e0 \u01b0u ti\u00ean h\u00e0ng \u0111\u1ea7u trong cu\u1ed9c s\u1ed1ng c\u1ee7a m\u00ecnh.","publisher":{"@id":"https:\/\/zoo.org\/vi\/#organization"},"potentialAction":[{"@type":"SearchAction","target":{"@type":"EntryPoint","urlTemplate":"https:\/\/zoo.org\/vi\/?s={search_term_string}"},"query-input":{"@type":"PropertyValueSpecification","valueRequired":true,"valueName":"search_term_string"}}],"inLanguage":"vi"},{"@type":"Organization","@id":"https:\/\/zoo.org\/vi\/#organization","name":"V\u01b0\u1eddn th\u00fa Woodland Park","url":"https:\/\/zoo.org\/vi\/","logo":{"@type":"ImageObject","inLanguage":"vi","@id":"https:\/\/zoo.org\/vi\/#\/schema\/logo\/image\/","url":"https:\/\/zoo.org\/wp-content\/uploads\/2026\/01\/WPZ-Logo_white-SVG.svg?wsr","contentUrl":"https:\/\/zoo.org\/wp-content\/uploads\/2026\/01\/WPZ-Logo_white-SVG.svg?wsr","width":288,"height":282,"caption":"V\u01b0\u1eddn th\u00fa Woodland Park"},"image":{"@id":"https:\/\/zoo.org\/vi\/#\/schema\/logo\/image\/"}}]}},"taxonomy_info":[],"featured_image_src_large":["https:\/\/zoo.org\/wp-content\/uploads\/2025\/10\/RS27596_2015-03-06RHawk005TigerPlush-ohi.jpg?wsr",800,530,false],"author_info":{"display_name":"jloughlin","author_link":"https:\/\/zoo.org\/vi\/author\/jloughlin\/"},"comment_info":0,"_links":{"self":[{"href":"https:\/\/zoo.org\/vi\/wp-json\/wp\/v2\/pages\/10545","targetHints":{"allow":["GET"]}}],"collection":[{"href":"https:\/\/zoo.org\/vi\/wp-json\/wp\/v2\/pages"}],"about":[{"href":"https:\/\/zoo.org\/vi\/wp-json\/wp\/v2\/types\/page"}],"author":[{"embeddable":true,"href":"https:\/\/zoo.org\/vi\/wp-json\/wp\/v2\/users\/1"}],"replies":[{"embeddable":true,"href":"https:\/\/zoo.org\/vi\/wp-json\/wp\/v2\/comments?post=10545"}],"version-history":[{"count":2,"href":"https:\/\/zoo.org\/vi\/wp-json\/wp\/v2\/pages\/10545\/revisions"}],"predecessor-version":[{"id":24830,"href":"https:\/\/zoo.org\/vi\/wp-json\/wp\/v2\/pages\/10545\/revisions\/24830"}],"up":[{"embeddable":true,"href":"https:\/\/zoo.org\/vi\/wp-json\/wp\/v2\/pages\/10461"}],"wp:featuredmedia":[{"embeddable":true,"href":"https:\/\/zoo.org\/vi\/wp-json\/wp\/v2\/media\/10487"}],"wp:attachment":[{"href":"https:\/\/zoo.org\/vi\/wp-json\/wp\/v2\/media?parent=10545"}],"curies":[{"name":"wp","href":"https:\/\/api.w.org\/{rel}","templated":true}]}}