{"id":10591,"date":"2025-09-22T15:19:28","date_gmt":"2025-09-22T22:19:28","guid":{"rendered":"https:\/\/zoo.org\/ho-tro-tai-chinh\/"},"modified":"2025-12-19T18:21:29","modified_gmt":"2025-12-20T02:21:29","slug":"ho-tro-tai-chinh","status":"publish","type":"page","link":"https:\/\/zoo.org\/vi\/cac-chuyen-di-thuc-dia\/ho-tro-tai-chinh\/","title":{"rendered":"H\u1ed7 tr\u1ee3 t\u00e0i ch\u00ednh"},"content":{"rendered":"\n<div class=\"wp-block-cover alignfull is-light hero\" style=\"margin-top:0;margin-bottom:0\"><img loading=\"lazy\" decoding=\"async\" width=\"1920\" height=\"400\" class=\"wp-block-cover__image-background wp-image-3487 size-full\" alt=\"\" src=\"https:\/\/zoo.org\/wp-content\/uploads\/2025\/08\/Support-Header-Image2.jpg\" data-object-fit=\"cover\" srcset=\"https:\/\/zoo.org\/wp-content\/uploads\/2025\/08\/Support-Header-Image2.jpg 1920w, https:\/\/zoo.org\/wp-content\/uploads\/2025\/08\/Support-Header-Image2-300x63.jpg 300w, https:\/\/zoo.org\/wp-content\/uploads\/2025\/08\/Support-Header-Image2-1024x213.jpg 1024w, https:\/\/zoo.org\/wp-content\/uploads\/2025\/08\/Support-Header-Image2-768x160.jpg 768w, https:\/\/zoo.org\/wp-content\/uploads\/2025\/08\/Support-Header-Image2-1536x320.jpg 1536w\" sizes=\"auto, (max-width: 1920px) 100vw, 1920px\" \/><span aria-hidden=\"true\" class=\"wp-block-cover__background has-background-dim-0 has-background-dim\" style=\"background-color:#999692\"><\/span><div class=\"wp-block-cover__inner-container is-layout-constrained wp-block-cover-is-layout-constrained\">\n<p class=\"has-text-align-center has-large-font-size\"><\/p>\n<\/div><\/div>\n\n<div class=\"wp-block-group is-layout-constrained wp-block-group-is-layout-constrained\" style=\"margin-top:2em;margin-bottom:3em\">\n<h1 class=\"wp-block-heading has-text-align-center\" style=\"margin-top:0.65em;margin-bottom:0.275em\">H\u1ed6 TR\u1ee2 T\u00c0I CH\u00cdNH<\/h1>\n\n\n\n<p class=\"has-text-align-center has-palette-color-3-color has-text-color has-link-color wp-elements-949016963fad335896ce854aeca184e5\" style=\"margin-bottom:1em;font-size:clamp(0.984em, 0.984rem + ((1vw - 0.2em) * 0.645), 1.5em);font-style:normal;font-weight:500;line-height:1.5\"><strong>Th\u00f4ng tin h\u1ed7 tr\u1ee3 t\u00e0i ch\u00ednh cho c\u00e1c chuy\u1ebfn tham quan v\u01b0\u1eddn th\u00fa.<\/strong><\/p>\n<\/div>\n\n<div class=\"wp-block-group alignfull divider is-layout-constrained wp-block-group-is-layout-constrained\">\n<h2 class=\"wp-block-heading alignfull has-text-align-center\">\u0110I\u1ec0U KI\u1ec6N THAM GIA<\/h2>\n<\/div>\n\n<p>V\u01b0\u1eddn th\u00fa Woodland Park cung c\u1ea5p hai l\u1ef1a ch\u1ecdn h\u1ed7 tr\u1ee3 t\u00e0i ch\u00ednh: Qu\u1ef9 h\u1ed7 tr\u1ee3 h\u1ecdc sinh \u0111\u1ebfn v\u01b0\u1eddn th\u00fa (School-to-Zoo Levy Funding) v\u00e0 ch\u01b0\u01a1ng tr\u00ecnh H\u1ed7 tr\u1ee3 ng\u01b0\u1eddi c\u00f3 thu nh\u1eadp th\u1ea5p c\u1ee7a Washington (WALI) d\u00e0nh cho c\u00e1c chuy\u1ebfn tham quan th\u1ef1c t\u1ebf. Vui l\u00f2ng xem x\u00e9t c\u00e1c y\u00eau c\u1ea7u v\u1ec1 \u0111i\u1ec1u ki\u1ec7n tham gia c\u1ee7a c\u1ea3 hai l\u1ef1a ch\u1ecdn v\u00ec m\u1ed9t s\u1ed1 tr\u01b0\u1eddng\/nh\u00f3m c\u00f3 th\u1ec3 \u0111\u1ee7 \u0111i\u1ec1u ki\u1ec7n cho m\u1ed9t trong hai l\u1ef1a ch\u1ecdn.   <\/p>\n\n<div class=\"wp-block-group alignfull divider is-layout-constrained wp-block-group-is-layout-constrained\">\n<h2 class=\"wp-block-heading alignfull has-text-align-center\">C\u00e1c l\u1ef1a ch\u1ecdn h\u1ed7 tr\u1ee3 t\u00e0i ch\u00ednh<\/h2>\n<\/div>\n\n<h3 class=\"wp-block-heading\">Ph\u01b0\u01a1ng \u00e1n 1: Thu\u1ebf ph\u00ed chuy\u1ec3n tr\u01b0\u1eddng sang s\u1edf th\u00fa<\/h3>\n\n<h4 class=\"wp-block-heading\">H\u1ec7 th\u1ed1ng tr\u01b0\u1eddng h\u1ecdc Qu\u1eadn King<\/h4>\n\n<h4 class=\"wp-block-heading\">Th\u1eddi gian cung c\u1ea5p: Th\u00e1ng 9 &#8211; Th\u00e1ng 6<\/h4>\n\n<p>Nh\u1edd vi\u1ec7c gia h\u1ea1n Thu\u1ebf C\u00f4ng vi\u00ean Qu\u1eadn King n\u0103m 2019, ch\u00fang t\u00f4i c\u00f3 th\u1ec3 cung c\u1ea5p ngu\u1ed3n t\u00e0i tr\u1ee3 thu\u1ebf &#8220;T\u1eeb Tr\u01b0\u1eddng H\u1ecdc \u0111\u1ebfn S\u1edf Th\u00fa&#8221; cho c\u00e1c tr\u01b0\u1eddng \u0111\u1ee7 \u0111i\u1ec1u ki\u1ec7n trong Qu\u1eadn King.<\/p>\n\n<h4 class=\"wp-block-heading\">\u0110i\u1ec1u ki\u1ec7n \u0111\u1ee7 \u0111i\u1ec1u ki\u1ec7n<\/h4>\n\n<ul class=\"wp-block-list\">\n<li>C\u00e1c tr\u01b0\u1eddng h\u1ecdc (t\u1eeb m\u1eabu gi\u00e1o \u0111\u1ebfn l\u1edbp 12) t\u1ea1i Qu\u1eadn King c\u00f3 t\u1eeb 30% tr\u1edf l\u00ean h\u1ecdc sinh \u0111\u01b0\u1ee3c nh\u1eadn b\u1eefa tr\u01b0a mi\u1ec5n ph\u00ed ho\u1eb7c gi\u1ea3m gi\u00e1, ho\u1eb7c \u0111\u01b0\u1ee3c h\u01b0\u1edfng m\u1ee9c h\u1ecdc b\u1ed5ng t\u01b0\u01a1ng \u0111\u01b0\u01a1ng <a href=\"https:\/\/reportcard.ospi.k12.wa.us\/\" target=\"_blank\" rel=\"noreferrer noopener\">theo <strong>OSPI<\/strong><\/a> .<\/li>\n\n\n\n<li>C\u00e1c ch\u01b0\u01a1ng tr\u00ecnh m\u1ea7m non Seattle, Early Head Start, Head Start v\u00e0 ECEAP t\u1ea1i Qu\u1eadn King.<\/li>\n\n\n\n<li>C\u00e1c tr\u01b0\u1eddng t\u01b0 th\u1ee5c \u1edf Qu\u1eadn King c\u00f3 t\u1eeb 30% tr\u1edf l\u00ean h\u1ecdc sinh \u0111\u01b0\u1ee3c nh\u1eadn h\u1ecdc b\u1ed5ng (c\u1ea7n n\u1ed9p gi\u1ea5y t\u1edd ch\u1ee9ng minh cho WPZ).<\/li>\n<\/ul>\n\n<h4 class=\"wp-block-heading\">C\u00e1c nh\u00f3m \u0111\u1ee7 \u0111i\u1ec1u ki\u1ec7n nh\u1eadn \u0111\u01b0\u1ee3c<\/h4>\n\n<ul class=\"wp-block-list\">\n<li>Mi\u1ec5n ph\u00ed v\u00e9 v\u00e0o c\u1eeda cho t\u1ea5t c\u1ea3 sinh vi\u00ean<\/li>\n\n\n\n<li>Mi\u1ec5n ph\u00ed v\u00e9 v\u00e0o c\u1eeda cho 1 ng\u01b0\u1eddi l\u1edbn \u0111i k\u00e8m (gi\u00e1o vi\u00ean v\u00e0 ph\u1ee5 huynh\/ng\u01b0\u1eddi gi\u00e1m h\u1ed9) cho m\u1ed7i 4 h\u1ecdc sinh.<br\/> Ph\u00ed v\u00e0o c\u1eeda cho ng\u01b0\u1eddi \u0111i k\u00e8m v\u01b0\u1ee3t qu\u00e1 t\u1ef7 l\u1ec7 1:4 ph\u1ea3i \u0111\u01b0\u1ee3c thanh to\u00e1n tr\u01b0\u1edbc \u0111\u1ec3 \u0111\u01b0\u1ee3c h\u01b0\u1edfng m\u1ee9c gi\u00e1 \u01b0u \u0111\u00e3i d\u00e0nh cho gi\u00e1o d\u1ee5c.<br\/> <strong>L\u01b0u \u00fd: Vui l\u00f2ng kh\u00f4ng t\u00ednh s\u1ed1 l\u01b0\u1ee3ng tr\u1ee3 gi\u1ea3ng\/gi\u00e1o vi\u00ean h\u1ed7 tr\u1ee3 1:1 v\u00e0o s\u1ed1 ng\u01b0\u1eddi gi\u00e1m h\u1ed9. Tr\u1ee3 gi\u1ea3ng\/gi\u00e1o vi\u00ean h\u1ed7 tr\u1ee3 1:1 lu\u00f4n \u0111\u01b0\u1ee3c v\u00e0o c\u1eeda mi\u1ec5n ph\u00ed.<\/strong><\/li>\n\n\n\n<li><a href=\"https:\/\/zoo.org\/wp-content\/uploads\/2025\/12\/School-to-Zoo-Bus-Reimbursement.pdf\" target=\"_blank\" rel=\"noreferrer noopener\">Tr\u1ee3 c\u1ea5p ho\u00e0n tr\u1ea3 chi ph\u00ed xe bu\u00fdt &#8211; Nh\u1ea5p v\u00e0o \u0111\u00e2y \u0111\u1ec3 xem m\u1eabu \u0111\u01a1n ho\u00e0n tr\u1ea3.<\/a><\/li>\n<\/ul>\n\n<div class=\"wp-block-buttons is-content-justification-center is-layout-flex wp-container-core-buttons-is-layout-48d0e691 wp-block-buttons-is-layout-flex\" style=\"margin-top:var(--wp--preset--spacing--60);margin-bottom:var(--wp--preset--spacing--60)\">\n<div class=\"wp-block-button\"><a class=\"wp-block-button__link wp-element-button\" href=\"https:\/\/tickets.zoo.org\/events\/ec232cf0-1e27-dc56-0b7d-086f60d56b41?tg=6d1dc2c3-0c09-54e4-51c0-aeb035c9be57&amp;_gl=1*1199oty*_gcl_au*NDk4NzQ2MDU2LjE3NTY4MzE2MTY.\" target=\"_blank\" rel=\"noreferrer noopener\">\u0110\u0103ng k\u00fd chuy\u1ec3n tr\u01b0\u1eddng sang s\u1edf th\u00fa<\/a><\/div>\n<\/div>\n\n<h3 class=\"wp-block-heading\">Ph\u01b0\u01a1ng \u00e1n 2: Ch\u01b0\u01a1ng tr\u00ecnh H\u1ed7 tr\u1ee3 Thu nh\u1eadp Th\u1ea5p Washington (WALI)<\/h3>\n\n<h4 class=\"wp-block-heading\">C\u00e1c tr\u01b0\u1eddng h\u1ecdc thu\u1ed9c ti\u1ec3u bang Washington (ngo\u00e0i h\u1ea1t King)<\/h4>\n\n<h4 class=\"wp-block-heading\">\u0110\u01b0\u1ee3c cung c\u1ea5p: Quanh n\u0103m<\/h4>\n\n<p>Ch\u01b0\u01a1ng tr\u00ecnh Washington Low Income (WALI) c\u1ee7a V\u01b0\u1eddn th\u00fa Woodland Park cam k\u1ebft gi\u00fap v\u01b0\u1eddn th\u00fa tr\u1edf n\u00ean d\u1ec5 ti\u1ebfp c\u1eadn h\u01a1n \u0111\u1ed1i v\u1edbi tr\u1ebb em v\u00e0 gia \u0111\u00ecnh c\u00f3 thu nh\u1eadp th\u1ea5p, c\u00f3 ho\u00e0n c\u1ea3nh kh\u00f3 kh\u0103n ho\u1eb7c thi\u1ebfu th\u1ed1n trong c\u1ed9ng \u0111\u1ed3ng c\u1ee7a ch\u00fang ta.<br\/><\/p>\n\n<h4 class=\"wp-block-heading\">\u0110i\u1ec1u ki\u1ec7n \u0111\u1ee7 \u0111i\u1ec1u ki\u1ec7n<\/h4>\n\n<ul class=\"wp-block-list\">\n<li>Theo <a href=\"http:\/\/reportcard.ospi.k12.wa.us\/summary.aspx?groupLevel=District&amp;schoolId=1&amp;reportLevel=State&amp;yrs=2015-16&amp;year=2015-16\" target=\"_blank\" rel=\"noreferrer noopener\"><strong>OSPI,<\/strong><\/a> c\u00e1c tr\u01b0\u1eddng h\u1ecdc (t\u1eeb m\u1eabu gi\u00e1o \u0111\u1ebfn l\u1edbp 12) t\u1ea1i ti\u1ec3u bang Washington c\u00f3 t\u1eeb 30% tr\u1edf l\u00ean h\u1ecdc sinh \u0111\u01b0\u1ee3c nh\u1eadn b\u1eefa tr\u01b0a mi\u1ec5n ph\u00ed ho\u1eb7c gi\u1ea3m gi\u00e1, ho\u1eb7c \u0111\u01b0\u1ee3c h\u01b0\u1edfng m\u1ee9c h\u1ecdc b\u1ed5ng t\u01b0\u01a1ng \u0111\u01b0\u01a1ng.<\/li>\n\n\n\n<li>Ch\u01b0\u01a1ng tr\u00ecnh M\u1ea7m non Seattle, Early Head Start, Head Start v\u00e0 ECEAP t\u1ea1i ti\u1ec3u bang Washington.<\/li>\n\n\n\n<li>C\u00e1c tr\u01b0\u1eddng t\u01b0 th\u1ee5c \u1edf ti\u1ec3u bang Washington c\u00f3 t\u1eeb 30% tr\u1edf l\u00ean h\u1ecdc sinh \u0111\u01b0\u1ee3c nh\u1eadn h\u1ecdc b\u1ed5ng (c\u1ea7n n\u1ed9p h\u1ed3 s\u01a1 ch\u1ee9ng minh cho WPZ).<\/li>\n<\/ul>\n\n<h4 class=\"wp-block-heading\">C\u00e1c nh\u00f3m \u0111\u1ee7 \u0111i\u1ec1u ki\u1ec7n nh\u1eadn \u0111\u01b0\u1ee3c<\/h4>\n\n<ul class=\"wp-block-list\">\n<li>Mi\u1ec5n ph\u00ed v\u00e9 v\u00e0o c\u1eeda cho t\u1ea5t c\u1ea3 sinh vi\u00ean<\/li>\n\n\n\n<li>Mi\u1ec5n ph\u00ed v\u00e9 v\u00e0o c\u1eeda cho 1 ng\u01b0\u1eddi l\u1edbn \u0111i k\u00e8m (gi\u00e1o vi\u00ean v\u00e0 ph\u1ee5 huynh\/ng\u01b0\u1eddi gi\u00e1m h\u1ed9) cho m\u1ed7i 4 h\u1ecdc sinh.<br\/> Ph\u00ed v\u00e0o c\u1eeda cho ng\u01b0\u1eddi \u0111i k\u00e8m v\u01b0\u1ee3t qu\u00e1 t\u1ef7 l\u1ec7 1:4 ph\u1ea3i \u0111\u01b0\u1ee3c thanh to\u00e1n tr\u01b0\u1edbc \u0111\u1ec3 \u0111\u01b0\u1ee3c h\u01b0\u1edfng m\u1ee9c gi\u00e1 \u01b0u \u0111\u00e3i d\u00e0nh cho gi\u00e1o d\u1ee5c.<br\/> <strong>L\u01b0u \u00fd: Vui l\u00f2ng kh\u00f4ng t\u00ednh s\u1ed1 l\u01b0\u1ee3ng tr\u1ee3 gi\u1ea3ng\/gi\u00e1o vi\u00ean h\u1ed7 tr\u1ee3 1:1 v\u00e0o s\u1ed1 ng\u01b0\u1eddi gi\u00e1m h\u1ed9. Tr\u1ee3 gi\u1ea3ng\/gi\u00e1o vi\u00ean h\u1ed7 tr\u1ee3 1:1 lu\u00f4n \u0111\u01b0\u1ee3c v\u00e0o c\u1eeda mi\u1ec5n ph\u00ed.<\/strong><\/li>\n<\/ul>\n\n<div class=\"wp-block-buttons is-content-justification-center is-layout-flex wp-container-core-buttons-is-layout-48d0e691 wp-block-buttons-is-layout-flex\" style=\"margin-top:var(--wp--preset--spacing--60);margin-bottom:var(--wp--preset--spacing--60)\">\n<div class=\"wp-block-button\"><a class=\"wp-block-button__link wp-element-button\" href=\"https:\/\/tickets.zoo.org\/events\/ec232cf0-1e27-dc56-0b7d-086f60d56b41?tg=b3c591d7-c07d-c749-0753-d348809622b5&amp;_gl=1*39zcic*_gcl_au*NDk4NzQ2MDU2LjE3NTY4MzE2MTY.\" target=\"_blank\" rel=\"noreferrer noopener\">\u0110\u0103ng k\u00fd WALI<\/a><\/div>\n<\/div>\n","protected":false},"excerpt":{"rendered":"<p>H\u1ed6 TR\u1ee2 T\u00c0I CH\u00cdNH Th\u00f4ng tin h\u1ed7 tr\u1ee3 t\u00e0i ch\u00ednh cho c\u00e1c chuy\u1ebfn tham quan v\u01b0\u1eddn th\u00fa. \u0110I\u1ec0U KI\u1ec6N THAM GIA V\u01b0\u1eddn th\u00fa Woodland Park cung c\u1ea5p hai l\u1ef1a ch\u1ecdn [&hellip;]<\/p>\n","protected":false},"author":1,"featured_media":10593,"parent":11136,"menu_order":0,"comment_status":"closed","ping_status":"closed","template":"","meta":{"_acf_changed":false,"_kad_blocks_custom_css":"","_kad_blocks_head_custom_js":"","_kad_blocks_body_custom_js":"","_kad_blocks_footer_custom_js":"","footnotes":""},"class_list":["post-10591","page","type-page","status-publish","has-post-thumbnail","hentry"],"blocksy_meta":[],"acf":[],"yoast_head":"<!-- This site is optimized with the Yoast SEO plugin v27.4 - https:\/\/yoast.com\/product\/yoast-seo-wordpress\/ -->\n<title>H\u1ed7 tr\u1ee3 t\u00e0i ch\u00ednh - V\u01b0\u1eddn th\u00fa Woodland Park<\/title>\n<meta name=\"description\" content=\"\u0110\u1eb7t tour tham quan V\u01b0\u1eddn th\u00fa Woodland Park cho tr\u01b0\u1eddng h\u1ecdc, l\u1edbp h\u1ecdc ho\u1eb7c ch\u01b0\u01a1ng tr\u00ecnh c\u1ee7a b\u1ea1n, bao g\u1ed3m c\u1ea3 t\u00e0i li\u1ec7u d\u00e0nh cho h\u1ecdc sinh h\u1ecdc t\u1ea1i nh\u00e0.\" \/>\n<meta name=\"robots\" content=\"index, follow, max-snippet:-1, max-image-preview:large, max-video-preview:-1\" \/>\n<link rel=\"canonical\" href=\"https:\/\/zoo.org\/vi\/cac-chuyen-di-thuc-dia\/ho-tro-tai-chinh\/\" \/>\n<meta property=\"og:locale\" content=\"vi_VN\" \/>\n<meta property=\"og:type\" content=\"article\" \/>\n<meta property=\"og:title\" content=\"H\u1ed7 tr\u1ee3 t\u00e0i ch\u00ednh - V\u01b0\u1eddn th\u00fa Woodland Park\" \/>\n<meta property=\"og:description\" content=\"\u0110\u1eb7t tour tham quan V\u01b0\u1eddn th\u00fa Woodland Park cho tr\u01b0\u1eddng h\u1ecdc, l\u1edbp h\u1ecdc ho\u1eb7c ch\u01b0\u01a1ng tr\u00ecnh c\u1ee7a b\u1ea1n, bao g\u1ed3m c\u1ea3 t\u00e0i li\u1ec7u d\u00e0nh cho h\u1ecdc sinh h\u1ecdc t\u1ea1i nh\u00e0.\" \/>\n<meta property=\"og:url\" content=\"https:\/\/zoo.org\/vi\/cac-chuyen-di-thuc-dia\/ho-tro-tai-chinh\/\" \/>\n<meta property=\"og:site_name\" content=\"V\u01b0\u1eddn th\u00fa Woodland Park\" \/>\n<meta property=\"article:modified_time\" content=\"2025-12-20T02:21:29+00:00\" \/>\n<meta property=\"og:image\" content=\"https:\/\/zoo.org\/wp-content\/uploads\/2025\/09\/peacock-kids.jpg?wsr\" \/>\n\t<meta property=\"og:image:width\" content=\"800\" \/>\n\t<meta property=\"og:image:height\" content=\"533\" \/>\n\t<meta property=\"og:image:type\" content=\"image\/jpeg\" \/>\n<meta name=\"twitter:card\" content=\"summary_large_image\" \/>\n<script type=\"application\/ld+json\" class=\"yoast-schema-graph\">{\"@context\":\"https:\\\/\\\/schema.org\",\"@graph\":[{\"@type\":\"WebPage\",\"@id\":\"https:\\\/\\\/zoo.org\\\/vi\\\/cac-chuyen-di-thuc-dia\\\/ho-tro-tai-chinh\\\/\",\"url\":\"https:\\\/\\\/zoo.org\\\/vi\\\/cac-chuyen-di-thuc-dia\\\/ho-tro-tai-chinh\\\/\",\"name\":\"H\u1ed7 tr\u1ee3 t\u00e0i ch\u00ednh - V\u01b0\u1eddn th\u00fa Woodland Park\",\"isPartOf\":{\"@id\":\"https:\\\/\\\/zoo.org\\\/vi\\\/#website\"},\"primaryImageOfPage\":{\"@id\":\"https:\\\/\\\/zoo.org\\\/vi\\\/cac-chuyen-di-thuc-dia\\\/ho-tro-tai-chinh\\\/#primaryimage\"},\"image\":{\"@id\":\"https:\\\/\\\/zoo.org\\\/vi\\\/cac-chuyen-di-thuc-dia\\\/ho-tro-tai-chinh\\\/#primaryimage\"},\"thumbnailUrl\":\"https:\\\/\\\/zoo.org\\\/wp-content\\\/uploads\\\/2025\\\/09\\\/peacock-kids.jpg?wsr\",\"datePublished\":\"2025-09-22T22:19:28+00:00\",\"dateModified\":\"2025-12-20T02:21:29+00:00\",\"description\":\"\u0110\u1eb7t tour tham quan V\u01b0\u1eddn th\u00fa Woodland Park cho tr\u01b0\u1eddng h\u1ecdc, l\u1edbp h\u1ecdc ho\u1eb7c ch\u01b0\u01a1ng tr\u00ecnh c\u1ee7a b\u1ea1n, bao g\u1ed3m c\u1ea3 t\u00e0i li\u1ec7u d\u00e0nh cho h\u1ecdc sinh h\u1ecdc t\u1ea1i nh\u00e0.\",\"breadcrumb\":{\"@id\":\"https:\\\/\\\/zoo.org\\\/vi\\\/cac-chuyen-di-thuc-dia\\\/ho-tro-tai-chinh\\\/#breadcrumb\"},\"inLanguage\":\"vi\",\"potentialAction\":[{\"@type\":\"ReadAction\",\"target\":[\"https:\\\/\\\/zoo.org\\\/vi\\\/cac-chuyen-di-thuc-dia\\\/ho-tro-tai-chinh\\\/\"]}]},{\"@type\":\"ImageObject\",\"inLanguage\":\"vi\",\"@id\":\"https:\\\/\\\/zoo.org\\\/vi\\\/cac-chuyen-di-thuc-dia\\\/ho-tro-tai-chinh\\\/#primaryimage\",\"url\":\"https:\\\/\\\/zoo.org\\\/wp-content\\\/uploads\\\/2025\\\/09\\\/peacock-kids.jpg?wsr\",\"contentUrl\":\"https:\\\/\\\/zoo.org\\\/wp-content\\\/uploads\\\/2025\\\/09\\\/peacock-kids.jpg?wsr\",\"width\":800,\"height\":533,\"caption\":\"Chim c\u00f4ng x\u00f2e l\u00f4ng, kh\u00e1ch tham quan s\u1edf th\u00fa, tr\u1ebb em\"},{\"@type\":\"BreadcrumbList\",\"@id\":\"https:\\\/\\\/zoo.org\\\/vi\\\/cac-chuyen-di-thuc-dia\\\/ho-tro-tai-chinh\\\/#breadcrumb\",\"itemListElement\":[{\"@type\":\"ListItem\",\"position\":1,\"name\":\"Trang ch\u1ee7\",\"item\":\"https:\\\/\\\/zoo.org\\\/vi\\\/\"},{\"@type\":\"ListItem\",\"position\":2,\"name\":\"C\u00e1c chuy\u1ebfn \u0111i th\u1ef1c \u0111\u1ecba\",\"item\":\"https:\\\/\\\/zoo.org\\\/vi\\\/cac-chuyen-di-thuc-dia\\\/\"},{\"@type\":\"ListItem\",\"position\":3,\"name\":\"H\u1ed7 tr\u1ee3 t\u00e0i ch\u00ednh\"}]},{\"@type\":\"WebSite\",\"@id\":\"https:\\\/\\\/zoo.org\\\/vi\\\/#website\",\"url\":\"https:\\\/\\\/zoo.org\\\/vi\\\/\",\"name\":\"V\u01b0\u1eddn th\u00fa Woodland Park\",\"description\":\"V\u01b0\u1eddn th\u00fa Woodland Park c\u1ee9u s\u1ed1ng \u0111\u1ed9ng v\u1eadt hoang d\u00e3 v\u00e0 truy\u1ec1n c\u1ea3m h\u1ee9ng cho m\u1ecdi ng\u01b0\u1eddi coi b\u1ea3o t\u1ed3n l\u00e0 \u01b0u ti\u00ean h\u00e0ng \u0111\u1ea7u trong cu\u1ed9c s\u1ed1ng c\u1ee7a m\u00ecnh.\",\"publisher\":{\"@id\":\"https:\\\/\\\/zoo.org\\\/vi\\\/#organization\"},\"potentialAction\":[{\"@type\":\"SearchAction\",\"target\":{\"@type\":\"EntryPoint\",\"urlTemplate\":\"https:\\\/\\\/zoo.org\\\/vi\\\/?s={search_term_string}\"},\"query-input\":{\"@type\":\"PropertyValueSpecification\",\"valueRequired\":true,\"valueName\":\"search_term_string\"}}],\"inLanguage\":\"vi\"},{\"@type\":\"Organization\",\"@id\":\"https:\\\/\\\/zoo.org\\\/vi\\\/#organization\",\"name\":\"V\u01b0\u1eddn th\u00fa Woodland Park\",\"url\":\"https:\\\/\\\/zoo.org\\\/vi\\\/\",\"logo\":{\"@type\":\"ImageObject\",\"inLanguage\":\"vi\",\"@id\":\"https:\\\/\\\/zoo.org\\\/vi\\\/#\\\/schema\\\/logo\\\/image\\\/\",\"url\":\"https:\\\/\\\/zoo.org\\\/wp-content\\\/uploads\\\/2026\\\/01\\\/WPZ-Logo_white-SVG.svg?wsr\",\"contentUrl\":\"https:\\\/\\\/zoo.org\\\/wp-content\\\/uploads\\\/2026\\\/01\\\/WPZ-Logo_white-SVG.svg?wsr\",\"width\":288,\"height\":282,\"caption\":\"V\u01b0\u1eddn th\u00fa Woodland Park\"},\"image\":{\"@id\":\"https:\\\/\\\/zoo.org\\\/vi\\\/#\\\/schema\\\/logo\\\/image\\\/\"}}]}<\/script>\n<!-- \/ Yoast SEO plugin. -->","yoast_head_json":{"title":"H\u1ed7 tr\u1ee3 t\u00e0i ch\u00ednh - V\u01b0\u1eddn th\u00fa Woodland Park","description":"\u0110\u1eb7t tour tham quan V\u01b0\u1eddn th\u00fa Woodland Park cho tr\u01b0\u1eddng h\u1ecdc, l\u1edbp h\u1ecdc ho\u1eb7c ch\u01b0\u01a1ng tr\u00ecnh c\u1ee7a b\u1ea1n, bao g\u1ed3m c\u1ea3 t\u00e0i li\u1ec7u d\u00e0nh cho h\u1ecdc sinh h\u1ecdc t\u1ea1i nh\u00e0.","robots":{"index":"index","follow":"follow","max-snippet":"max-snippet:-1","max-image-preview":"max-image-preview:large","max-video-preview":"max-video-preview:-1"},"canonical":"https:\/\/zoo.org\/vi\/cac-chuyen-di-thuc-dia\/ho-tro-tai-chinh\/","og_locale":"vi_VN","og_type":"article","og_title":"H\u1ed7 tr\u1ee3 t\u00e0i ch\u00ednh - V\u01b0\u1eddn th\u00fa Woodland Park","og_description":"\u0110\u1eb7t tour tham quan V\u01b0\u1eddn th\u00fa Woodland Park cho tr\u01b0\u1eddng h\u1ecdc, l\u1edbp h\u1ecdc ho\u1eb7c ch\u01b0\u01a1ng tr\u00ecnh c\u1ee7a b\u1ea1n, bao g\u1ed3m c\u1ea3 t\u00e0i li\u1ec7u d\u00e0nh cho h\u1ecdc sinh h\u1ecdc t\u1ea1i nh\u00e0.","og_url":"https:\/\/zoo.org\/vi\/cac-chuyen-di-thuc-dia\/ho-tro-tai-chinh\/","og_site_name":"V\u01b0\u1eddn th\u00fa Woodland Park","article_modified_time":"2025-12-20T02:21:29+00:00","og_image":[{"width":800,"height":533,"url":"https:\/\/zoo.org\/wp-content\/uploads\/2025\/09\/peacock-kids.jpg?wsr","type":"image\/jpeg"}],"twitter_card":"summary_large_image","schema":{"@context":"https:\/\/schema.org","@graph":[{"@type":"WebPage","@id":"https:\/\/zoo.org\/vi\/cac-chuyen-di-thuc-dia\/ho-tro-tai-chinh\/","url":"https:\/\/zoo.org\/vi\/cac-chuyen-di-thuc-dia\/ho-tro-tai-chinh\/","name":"H\u1ed7 tr\u1ee3 t\u00e0i ch\u00ednh - V\u01b0\u1eddn th\u00fa Woodland Park","isPartOf":{"@id":"https:\/\/zoo.org\/vi\/#website"},"primaryImageOfPage":{"@id":"https:\/\/zoo.org\/vi\/cac-chuyen-di-thuc-dia\/ho-tro-tai-chinh\/#primaryimage"},"image":{"@id":"https:\/\/zoo.org\/vi\/cac-chuyen-di-thuc-dia\/ho-tro-tai-chinh\/#primaryimage"},"thumbnailUrl":"https:\/\/zoo.org\/wp-content\/uploads\/2025\/09\/peacock-kids.jpg?wsr","datePublished":"2025-09-22T22:19:28+00:00","dateModified":"2025-12-20T02:21:29+00:00","description":"\u0110\u1eb7t tour tham quan V\u01b0\u1eddn th\u00fa Woodland Park cho tr\u01b0\u1eddng h\u1ecdc, l\u1edbp h\u1ecdc ho\u1eb7c ch\u01b0\u01a1ng tr\u00ecnh c\u1ee7a b\u1ea1n, bao g\u1ed3m c\u1ea3 t\u00e0i li\u1ec7u d\u00e0nh cho h\u1ecdc sinh h\u1ecdc t\u1ea1i nh\u00e0.","breadcrumb":{"@id":"https:\/\/zoo.org\/vi\/cac-chuyen-di-thuc-dia\/ho-tro-tai-chinh\/#breadcrumb"},"inLanguage":"vi","potentialAction":[{"@type":"ReadAction","target":["https:\/\/zoo.org\/vi\/cac-chuyen-di-thuc-dia\/ho-tro-tai-chinh\/"]}]},{"@type":"ImageObject","inLanguage":"vi","@id":"https:\/\/zoo.org\/vi\/cac-chuyen-di-thuc-dia\/ho-tro-tai-chinh\/#primaryimage","url":"https:\/\/zoo.org\/wp-content\/uploads\/2025\/09\/peacock-kids.jpg?wsr","contentUrl":"https:\/\/zoo.org\/wp-content\/uploads\/2025\/09\/peacock-kids.jpg?wsr","width":800,"height":533,"caption":"Chim c\u00f4ng x\u00f2e l\u00f4ng, kh\u00e1ch tham quan s\u1edf th\u00fa, tr\u1ebb em"},{"@type":"BreadcrumbList","@id":"https:\/\/zoo.org\/vi\/cac-chuyen-di-thuc-dia\/ho-tro-tai-chinh\/#breadcrumb","itemListElement":[{"@type":"ListItem","position":1,"name":"Trang ch\u1ee7","item":"https:\/\/zoo.org\/vi\/"},{"@type":"ListItem","position":2,"name":"C\u00e1c chuy\u1ebfn \u0111i th\u1ef1c \u0111\u1ecba","item":"https:\/\/zoo.org\/vi\/cac-chuyen-di-thuc-dia\/"},{"@type":"ListItem","position":3,"name":"H\u1ed7 tr\u1ee3 t\u00e0i ch\u00ednh"}]},{"@type":"WebSite","@id":"https:\/\/zoo.org\/vi\/#website","url":"https:\/\/zoo.org\/vi\/","name":"V\u01b0\u1eddn th\u00fa Woodland Park","description":"V\u01b0\u1eddn th\u00fa Woodland Park c\u1ee9u s\u1ed1ng \u0111\u1ed9ng v\u1eadt hoang d\u00e3 v\u00e0 truy\u1ec1n c\u1ea3m h\u1ee9ng cho m\u1ecdi ng\u01b0\u1eddi coi b\u1ea3o t\u1ed3n l\u00e0 \u01b0u ti\u00ean h\u00e0ng \u0111\u1ea7u trong cu\u1ed9c s\u1ed1ng c\u1ee7a m\u00ecnh.","publisher":{"@id":"https:\/\/zoo.org\/vi\/#organization"},"potentialAction":[{"@type":"SearchAction","target":{"@type":"EntryPoint","urlTemplate":"https:\/\/zoo.org\/vi\/?s={search_term_string}"},"query-input":{"@type":"PropertyValueSpecification","valueRequired":true,"valueName":"search_term_string"}}],"inLanguage":"vi"},{"@type":"Organization","@id":"https:\/\/zoo.org\/vi\/#organization","name":"V\u01b0\u1eddn th\u00fa Woodland Park","url":"https:\/\/zoo.org\/vi\/","logo":{"@type":"ImageObject","inLanguage":"vi","@id":"https:\/\/zoo.org\/vi\/#\/schema\/logo\/image\/","url":"https:\/\/zoo.org\/wp-content\/uploads\/2026\/01\/WPZ-Logo_white-SVG.svg?wsr","contentUrl":"https:\/\/zoo.org\/wp-content\/uploads\/2026\/01\/WPZ-Logo_white-SVG.svg?wsr","width":288,"height":282,"caption":"V\u01b0\u1eddn th\u00fa Woodland Park"},"image":{"@id":"https:\/\/zoo.org\/vi\/#\/schema\/logo\/image\/"}}]}},"taxonomy_info":[],"featured_image_src_large":["https:\/\/zoo.org\/wp-content\/uploads\/2025\/09\/peacock-kids.jpg?wsr",800,533,false],"author_info":{"display_name":"jloughlin","author_link":"https:\/\/zoo.org\/vi\/author\/jloughlin\/"},"comment_info":0,"_links":{"self":[{"href":"https:\/\/zoo.org\/vi\/wp-json\/wp\/v2\/pages\/10591","targetHints":{"allow":["GET"]}}],"collection":[{"href":"https:\/\/zoo.org\/vi\/wp-json\/wp\/v2\/pages"}],"about":[{"href":"https:\/\/zoo.org\/vi\/wp-json\/wp\/v2\/types\/page"}],"author":[{"embeddable":true,"href":"https:\/\/zoo.org\/vi\/wp-json\/wp\/v2\/users\/1"}],"replies":[{"embeddable":true,"href":"https:\/\/zoo.org\/vi\/wp-json\/wp\/v2\/comments?post=10591"}],"version-history":[{"count":0,"href":"https:\/\/zoo.org\/vi\/wp-json\/wp\/v2\/pages\/10591\/revisions"}],"up":[{"embeddable":true,"href":"https:\/\/zoo.org\/vi\/wp-json\/wp\/v2\/pages\/11136"}],"wp:featuredmedia":[{"embeddable":true,"href":"https:\/\/zoo.org\/vi\/wp-json\/wp\/v2\/media\/10593"}],"wp:attachment":[{"href":"https:\/\/zoo.org\/vi\/wp-json\/wp\/v2\/media?parent=10591"}],"curies":[{"name":"wp","href":"https:\/\/api.w.org\/{rel}","templated":true}]}}