{"id":10697,"date":"2025-09-23T15:25:09","date_gmt":"2025-09-23T22:25:09","guid":{"rendered":"https:\/\/zoo.org\/dang-ky-trai-he\/"},"modified":"2026-02-23T12:18:56","modified_gmt":"2026-02-23T20:18:56","slug":"dang-ky-trai-he","status":"publish","type":"page","link":"https:\/\/zoo.org\/vi\/trai-he\/dang-ky-trai-he\/","title":{"rendered":"\u0110\u0103ng k\u00fd tr\u1ea1i h\u00e8"},"content":{"rendered":"\n<div class=\"wp-block-cover alignfull is-light hero\" style=\"margin-top:0;margin-bottom:0\"><img loading=\"lazy\" decoding=\"async\" width=\"1920\" height=\"400\" class=\"wp-block-cover__image-background wp-image-3487 size-full\" alt=\"\" src=\"https:\/\/zoo.org\/wp-content\/uploads\/2025\/08\/Support-Header-Image2.jpg\" data-object-fit=\"cover\" srcset=\"https:\/\/zoo.org\/wp-content\/uploads\/2025\/08\/Support-Header-Image2.jpg 1920w, https:\/\/zoo.org\/wp-content\/uploads\/2025\/08\/Support-Header-Image2-300x63.jpg 300w, https:\/\/zoo.org\/wp-content\/uploads\/2025\/08\/Support-Header-Image2-1024x213.jpg 1024w, https:\/\/zoo.org\/wp-content\/uploads\/2025\/08\/Support-Header-Image2-768x160.jpg 768w, https:\/\/zoo.org\/wp-content\/uploads\/2025\/08\/Support-Header-Image2-1536x320.jpg 1536w\" sizes=\"auto, (max-width: 1920px) 100vw, 1920px\" \/><span aria-hidden=\"true\" class=\"wp-block-cover__background has-background-dim-0 has-background-dim\" style=\"background-color:#999692\"><\/span><div class=\"wp-block-cover__inner-container is-layout-constrained wp-block-cover-is-layout-constrained\">\n<p class=\"has-text-align-center has-large-font-size\"><\/p>\n<\/div><\/div>\n\n<div class=\"wp-block-group is-layout-constrained wp-block-group-is-layout-constrained\" style=\"margin-top:2em;margin-bottom:3em\">\n<h1 class=\"wp-block-heading has-text-align-center\" style=\"margin-top:0.65em;margin-bottom:0.275em\">S\u1ef0 \u0110\u0102NG K\u00dd<\/h1>\n\n\n\n<p class=\"has-text-align-center has-palette-color-3-color has-text-color has-link-color wp-elements-067ab93415399aaa50fccb78ba9b23f4\" style=\"margin-bottom:1em;font-size:clamp(0.984em, 0.984rem + ((1vw - 0.2em) * 0.645), 1.5em);font-style:normal;font-weight:500;line-height:1.5\"><strong>Th\u00f4ng tin v\u1ec1 \u0111\u0103ng k\u00fd tr\u1ea1i h\u00e8, d\u1ecbch v\u1ee5 tr\u00f4ng tr\u1ebb ngo\u00e0i gi\u1edd v\u00e0 h\u1ecdc b\u1ed5ng.<\/strong><\/p>\n<\/div>\n\n<div class=\"wp-block-group alignfull divider is-layout-constrained wp-block-group-is-layout-constrained\">\n<h2 class=\"wp-block-heading alignfull has-text-align-center\">S\u1ef0 \u0110\u0102NG K\u00dd<\/h2>\n<\/div>\n\n<div class=\"wp-block-group has-palette-color-17-background-color has-background is-layout-constrained wp-block-group-is-layout-constrained\" style=\"margin-top:var(--wp--preset--spacing--60);margin-bottom:var(--wp--preset--spacing--60)\">\n<h3 class=\"wp-block-heading\">Tham gia danh s\u00e1ch ch\u1edd<\/h3>\n\n\n\n<p>C\u1ea3m \u01a1n b\u1ea1n \u0111\u00e3 quan t\u00e2m \u0111\u1ebfn c\u00e1c tr\u1ea1i h\u00e8 ban ng\u00e0y c\u1ee7a ch\u00fang t\u00f4i! N\u1ebfu tr\u1ea1i h\u00e8 b\u1ea1n ch\u1ecdn \u0111\u00e3 h\u1ebft ch\u1ed7, vui l\u00f2ng \u0111\u0103ng k\u00fd v\u00e0o danh s\u00e1ch ch\u1edd b\u1eb1ng c\u00e1ch ch\u1ecdn n\u00fat &#8216;\u0110\u0103ng k\u00fd tr\u1ea1i h\u00e8&#8217; b\u00ean d\u01b0\u1edbi. Khi c\u00f3 ch\u1ed7 tr\u1ed1ng, b\u1ea1n s\u1ebd nh\u1eadn \u0111\u01b0\u1ee3c m\u1ed9t tin nh\u1eafn t\u1ef1 \u0111\u1ed9ng \u0111\u1ec3 ho\u00e0n t\u1ea5t \u0111\u0103ng k\u00fd.  <\/p>\n<\/div>\n\n<div class=\"wp-block-buttons is-content-justification-center is-layout-flex wp-container-core-buttons-is-layout-48d0e691 wp-block-buttons-is-layout-flex\" style=\"margin-top:var(--wp--preset--spacing--60);margin-bottom:var(--wp--preset--spacing--60)\">\n<div class=\"wp-block-button\"><a class=\"wp-block-button__link wp-element-button\" href=\"https:\/\/www.ultracamp.com\/info\/upcomingSessions.aspx?idCamp=1084&amp;campCode=WPZ&amp;lnkCategory=Summer+Camp\" target=\"_blank\" rel=\"noreferrer noopener\">\u0110\u0102NG K\u00dd THAM GIA TR\u1ea0I H\u00c8<\/a><\/div>\n\n\n\n<div class=\"wp-block-button\"><a class=\"wp-block-button__link wp-element-button\" href=\"https:\/\/zoo.org\/wp-content\/uploads\/2026\/01\/Camp-Schedule-2026.pdf\" target=\"_blank\" rel=\"noreferrer noopener\">L\u1ecbch tr\u00ecnh v\u00e0 gi\u00e1 c\u1ea3 tr\u1ea1i h\u00e8<\/a><\/div>\n<\/div>\n\n<h3 class=\"wp-block-heading\">C\u00f3 c\u00e2u h\u1ecfi g\u00ec kh\u00f4ng?<\/h3>\n\n<p>N\u1ebfu b\u1ea1n c\u00f3 th\u00eam c\u00e2u h\u1ecfi ho\u1eb7c c\u1ea7n h\u1ed7 tr\u1ee3, vui l\u00f2ng li\u00ean h\u1ec7 v\u1edbi ch\u00fang t\u00f4i qua \u0111\u1ecba ch\u1ec9 <a href=\"mailto:camps@zoo.org\" target=\"_blank\" rel=\"noreferrer noopener\">camps@zoo.org<\/a> .<\/p>\n\n<div class=\"wp-block-group alignfull divider is-layout-constrained wp-block-group-is-layout-constrained\">\n<h2 class=\"wp-block-heading alignfull has-text-align-center\">\u0110\u01a0N XIN H\u1eccC B\u1ed4NG<\/h2>\n<\/div>\n\n<h3 class=\"wp-block-heading\">H\u1ecdc b\u1ed5ng tr\u1ea1i h\u00e8<\/h3>\n\n<p><strong>C\u1ea3m \u01a1n b\u1ea1n \u0111\u00e3 quan t\u00e2m \u0111\u1ebfn ch\u01b0\u01a1ng tr\u00ecnh tr\u1ea1i h\u00e8 c\u1ee7a ch\u00fang t\u00f4i. R\u1ea5t ti\u1ebfc, t\u1ea5t c\u1ea3 c\u00e1c qu\u1ef9 h\u1ecdc b\u1ed5ng hi\u1ec7n c\u00f3 \u0111\u00e3 h\u1ebft. <\/strong><\/p>\n\n<p>N\u1ebfu c\u00f3 b\u1ea5t k\u1ef3 th\u1eafc m\u1eafc n\u00e0o, vui l\u00f2ng li\u00ean h\u1ec7 v\u1edbi ch\u00fang t\u00f4i qua \u0111\u1ecba <a href=\"mailto:%20camps@zoo.org\" target=\"_blank\" rel=\"noreferrer noopener\">ch\u1ec9 camps@zoo.org<\/a> .<\/p>\n\n<div class=\"wp-block-group alignfull divider is-layout-constrained wp-block-group-is-layout-constrained\">\n<h2 class=\"wp-block-heading alignfull has-text-align-center\">CH\u0102M S\u00d3C M\u1ede R\u1ed8NG<\/h2>\n<\/div>\n\n<h3 class=\"wp-block-heading\">Ch\u01b0\u01a1ng tr\u00ecnh ch\u0103m s\u00f3c m\u1edf r\u1ed9ng<\/h3>\n\n<p>Vi\u1ec7c \u0111\u01b0a \u0111\u00f3n th\u00fa c\u01b0ng \u0111\u1ebfn v\u00e0 \u0111i kh\u1ecfi khu ch\u0103m s\u00f3c m\u1edf r\u1ed9ng s\u1ebd di\u1ec5n ra \u1edf PH\u00cdA B\u1eaeC khu v\u1ef1c Flamingo Lot, t\u1ea1i l\u1ed1i v\u00e0o d\u00e0nh cho ng\u01b0\u1eddi \u0111i b\u1ed9 c\u00f3 nh\u00e2n vi\u00ean tr\u1ef1c, ngay sau th\u00e1p n\u01b0\u1edbc. \u0110\u00e2y l\u00e0 l\u1ed1i v\u00e0o b\u00ean ngo\u00e0i v\u01b0\u1eddn th\u00fa, cho ph\u00e9p ti\u1ebfp c\u1eadn nhanh ch\u00f3ng \u0111\u1ebfn t\u00f2a nh\u00e0 Zoomazium, n\u01a1i di\u1ec5n ra d\u1ecbch v\u1ee5 ch\u0103m s\u00f3c m\u1edf r\u1ed9ng. <\/p>\n\n<p>L\u1ed1i v\u00e0o b\u00e3i \u0111\u1eadu xe Flamingo n\u1eb1m \u1edf g\u00f3c \u0111\u01b0\u1eddng 50th v\u00e0 Phinney.<\/p>\n\n<p><strong>D\u1ecbch v\u1ee5 tr\u00f4ng tr\u1ebb bu\u1ed5i s\u00e1ng m\u1edf r\u1ed9ng*: 8:00 &#8211; 9:00, Th\u1ee9 Ba &#8211; Th\u1ee9 S\u00e1u<\/strong><br\/> <strong>D\u1ecbch v\u1ee5 tr\u00f4ng tr\u1ebb bu\u1ed5i chi\u1ec1u k\u00e9o d\u00e0i: 15:30 &#8211; 17:30, Th\u1ee9 Hai &#8211; Th\u1ee9 S\u00e1u<\/strong><br\/><br\/> <strong>Chi ph\u00ed:<\/strong> 60 \u0111\u00f4 la cho d\u1ecbch v\u1ee5 gi\u1eef tr\u1ebb ngo\u00e0i gi\u1edd bu\u1ed5i s\u00e1ng*, 120 \u0111\u00f4 la cho d\u1ecbch v\u1ee5 gi\u1eef tr\u1ebb ngo\u00e0i gi\u1edd bu\u1ed5i chi\u1ec1u<strong> <\/strong><\/p>\n\n<p><strong>*T\u1ea1i sao d\u1ecbch v\u1ee5 tr\u00f4ng tr\u1ebb ngo\u00e0i gi\u1edd bu\u1ed5i s\u00e1ng kh\u00f4ng \u0111\u01b0\u1ee3c cung c\u1ea5p v\u00e0o c\u00e1c ng\u00e0y th\u1ee9 Hai trong th\u1eddi gian tr\u1ea1i h\u00e8?  <\/strong>V\u00ec ng\u00e0y \u0111\u1ea7u ti\u00ean c\u1ee7a tu\u1ea7n tr\u1ea1i h\u00e8 l\u00e0 th\u1eddi gian chu\u1ea9n b\u1ecb b\u1eadn r\u1ed9n \u0111\u1ed1i v\u1edbi c\u00e1c th\u00e0nh vi\u00ean ban t\u1ed5 ch\u1ee9c, ch\u00fang t\u00f4i kh\u00f4ng th\u1ec3 \u0111\u00e1p \u1ee9ng vi\u1ec7c \u0111\u01b0a \u0111\u00f3n tr\u1ea1i sinh s\u1edbm v\u00e0o c\u00e1c ng\u00e0y th\u1ee9 Hai. Ch\u00fang t\u00f4i xin l\u1ed7i v\u00ec b\u1ea5t k\u1ef3 s\u1ef1 b\u1ea5t ti\u1ec7n n\u00e0o. <\/p>\n\n<h3 class=\"wp-block-heading\">B\u1ed5 sung d\u1ecbch v\u1ee5 ch\u0103m s\u00f3c m\u1edf r\u1ed9ng<\/h3>\n\n<p>C\u00e1c t\u00f9y ch\u1ecdn Ch\u0103m s\u00f3c M\u1edf r\u1ed9ng c\u00f3 s\u1eb5n trong qu\u00e1 tr\u00ecnh \u0111\u0103ng k\u00fd tr\u1ef1c tuy\u1ebfn nh\u01b0ng c\u00f3 th\u1ec3 \u0111\u01b0\u1ee3c th\u00eam v\u00e0o b\u1ea5t c\u1ee9 l\u00fac n\u00e0o. Ch\u00fang t\u00f4i khuy\u1ebfn kh\u00edch \u0111\u0103ng k\u00fd tr\u01b0\u1edbc d\u1ecbch v\u1ee5 Ch\u0103m s\u00f3c M\u1edf r\u1ed9ng v\u00ec s\u1ed1 l\u01b0\u1ee3ng ch\u1ed7 c\u00f3 h\u1ea1n. <\/p>\n\n<p>N\u1ebfu b\u1ea1n \u0111\u00e3 \u0111\u0103ng k\u00fd cho con m\u00ecnh tham gia tr\u1ea1i h\u00e8, b\u1ea1n c\u00f3 th\u1ec3 th\u00eam d\u1ecbch v\u1ee5 Ch\u0103m s\u00f3c M\u1edf r\u1ed9ng b\u1eb1ng c\u00e1ch \u0111\u0103ng nh\u1eadp v\u00e0o <a href=\"https:\/\/www.ultracamp.com\/clientlogin.aspx?idCamp=1084&amp;campCode=WPZ\" target=\"_blank\" rel=\"noreferrer noopener\">t\u00e0i kho\u1ea3n UltraCamp<\/a> v\u00e0 ch\u1ec9nh s\u1eeda \u0111\u1eb7t ch\u1ed7 c\u1ee7a m\u00ecnh.<\/p>\n\n<h3 class=\"wp-block-heading\">H\u1ee7y b\u1ecf v\u00e0 \u0111i\u1ec1u ch\u1ec9nh d\u1ecbch v\u1ee5 ch\u0103m s\u00f3c m\u1edf r\u1ed9ng<\/h3>\n\n<p>N\u1ebfu c\u00f2n ch\u1ed7 tr\u1ed1ng, d\u1ecbch v\u1ee5 tr\u00f4ng tr\u1ebb ngo\u00e0i gi\u1edd c\u00f3 th\u1ec3 \u0111\u01b0\u1ee3c th\u00eam v\u00e0o tr\u01b0\u1edbc ng\u00e0y b\u1eaft \u0111\u1ea7u kh\u00f3a h\u1ecdc.<\/p>\n\n<p><strong>T\u1ea5t c\u1ea3 c\u00e1c ch\u01b0\u01a1ng tr\u00ecnh \u0111\u1ec1u y\u00eau c\u1ea7u kho\u1ea3n ph\u00ed kh\u00f4ng ho\u00e0n l\u1ea1i l\u00e0 50 \u0111\u00f4 la, kho\u1ea3n ph\u00ed n\u00e0y s\u1ebd kh\u00f4ng \u0111\u01b0\u1ee3c ho\u00e0n tr\u1ea3 b\u1ea5t k\u1ec3 ng\u00e0y h\u1ee7y b\u1ecf hay thay \u0111\u1ed5i n\u00e0o.  <\/strong>D\u01b0\u1edbi \u0111\u00e2y l\u00e0 c\u00e1c m\u1ed1c th\u1eddi gian quan tr\u1ecdng kh\u00e1c \u0111\u1ec3 h\u1ee7y ho\u1eb7c thay \u0111\u1ed5i \u0111\u01a1n \u0111\u1eb7t h\u00e0ng.<\/p>\n\n<ul class=\"wp-block-list\">\n<li>S\u1ebd kh\u00f4ng ho\u00e0n ti\u1ec1n sau ng\u00e0y 1 th\u00e1ng 6.<\/li>\n\n\n\n<li>  Sau 9 gi\u1edd s\u00e1ng ng\u00e0y 1 th\u00e1ng 6 Theo quy \u0111\u1ecbnh c\u1ee7a PST, ph\u00ed ch\u01b0\u01a1ng tr\u00ecnh s\u1ebd kh\u00f4ng \u0111\u01b0\u1ee3c ho\u00e0n tr\u1ea3 trong tr\u01b0\u1eddng h\u1ee3p thay \u0111\u1ed5i ho\u1eb7c h\u1ee7y \u0111\u0103ng k\u00fd c\u1ee7a b\u1ea1n. \u0110i\u1ec1u n\u00e0y bao g\u1ed3m nh\u01b0ng kh\u00f4ng gi\u1edbi h\u1ea1n \u1edf Ph\u00ed c\u01a1 b\u1ea3n, Ph\u00ed kh\u00f4ng ho\u00e0n l\u1ea1i v\u00e0 Ph\u00ed \u0111\u0103ng k\u00fd, c\u0169ng nh\u01b0 ph\u00ed ch\u0103m s\u00f3c m\u1edf r\u1ed9ng. <\/li>\n\n\n\n<li>Vi\u1ec7c thay \u0111\u1ed5i v\u00e0 h\u1ee7y b\u1ecf c\u00f3 th\u1ec3 \u0111\u01b0\u1ee3c th\u1ef1c hi\u1ec7n cho \u0111\u1ebfn ng\u00e0y 1 th\u00e1ng 6.<\/li>\n\n\n\n<li>S\u1ebd kh\u00f4ng ho\u00e0n ti\u1ec1n, b\u00f9 gi\u1edd ho\u1eb7c c\u1ea5p t\u00edn d\u1ee5ng cho nh\u1eefng ng\u00e0y ho\u1eb7c tu\u1ea7n tham gia tr\u1ea1i h\u00e8 b\u1ecb b\u1ecf l\u1ee1 do \u1ed1m \u0111au, xung \u0111\u1ed9t l\u1ecbch tr\u00ecnh ho\u1eb7c vi ph\u1ea1m n\u1ed9i quy tr\u1ea1i h\u00e8.  <\/li>\n\n\n\n<li>S\u1ebd kh\u00f4ng ho\u00e0n ti\u1ec1n, b\u00f9 gi\u1edd ho\u1eb7c c\u1ea5p t\u00edn d\u1ee5ng cho nh\u1eefng ng\u00e0y ho\u1eb7c tu\u1ea7n tham gia tr\u1ea1i h\u00e8 b\u1ecb b\u1ecf l\u1ee1 do \u1ed1m \u0111au, xung \u0111\u1ed9t l\u1ecbch tr\u00ecnh ho\u1eb7c vi ph\u1ea1m n\u1ed9i quy tr\u1ea1i h\u00e8.  <\/li>\n<\/ul>\n\n<p><a href=\"https:\/\/zoo.org\/vi\/trai-he\/an-toan-va-chinh-sach-trai-he\/\">\u0110\u1ec3 bi\u1ebft th\u00f4ng tin v\u1ec1 ph\u00ed ph\u1ea1t khi tr\u1ea3 mu\u1ed9n d\u1ecbch v\u1ee5 Ch\u0103m s\u00f3c M\u1edf r\u1ed9ng, vui l\u00f2ng truy c\u1eadp trang Ch\u00ednh s\u00e1ch v\u00e0 An to\u00e0n c\u1ee7a ch\u00fang t\u00f4i.<\/a> <\/p>\n","protected":false},"excerpt":{"rendered":"<p>S\u1ef0 \u0110\u0102NG K\u00dd Th\u00f4ng tin v\u1ec1 \u0111\u0103ng k\u00fd tr\u1ea1i h\u00e8, d\u1ecbch v\u1ee5 tr\u00f4ng tr\u1ebb ngo\u00e0i gi\u1edd v\u00e0 h\u1ecdc b\u1ed5ng. S\u1ef0 \u0110\u0102NG K\u00dd C\u00f3 c\u00e2u h\u1ecfi g\u00ec kh\u00f4ng? N\u1ebfu b\u1ea1n c\u00f3 [&hellip;]<\/p>\n","protected":false},"author":1,"featured_media":10590,"parent":10588,"menu_order":0,"comment_status":"closed","ping_status":"closed","template":"","meta":{"_acf_changed":false,"_kad_blocks_custom_css":"","_kad_blocks_head_custom_js":"","_kad_blocks_body_custom_js":"","_kad_blocks_footer_custom_js":"","footnotes":""},"class_list":["post-10697","page","type-page","status-publish","has-post-thumbnail","hentry"],"blocksy_meta":[],"acf":[],"yoast_head":"<!-- This site is optimized with the Yoast SEO plugin v27.4 - https:\/\/yoast.com\/product\/yoast-seo-wordpress\/ -->\n<title>\u0110\u0103ng k\u00fd tr\u1ea1i h\u00e8 - V\u01b0\u1eddn th\u00fa Woodland Park<\/title>\n<meta name=\"description\" content=\"\u0110\u0103ng k\u00fd tham gia tr\u1ea1i h\u00e8 t\u1ea1i V\u01b0\u1eddn th\u00fa Woodland Park.\" \/>\n<meta name=\"robots\" content=\"index, follow, max-snippet:-1, max-image-preview:large, max-video-preview:-1\" \/>\n<link rel=\"canonical\" href=\"https:\/\/zoo.org\/vi\/trai-he\/dang-ky-trai-he\/\" \/>\n<meta property=\"og:locale\" content=\"vi_VN\" \/>\n<meta property=\"og:type\" content=\"article\" \/>\n<meta property=\"og:title\" content=\"\u0110\u0103ng k\u00fd tr\u1ea1i h\u00e8 - V\u01b0\u1eddn th\u00fa Woodland Park\" \/>\n<meta property=\"og:description\" content=\"\u0110\u0103ng k\u00fd tham gia tr\u1ea1i h\u00e8 t\u1ea1i V\u01b0\u1eddn th\u00fa Woodland Park.\" \/>\n<meta property=\"og:url\" content=\"https:\/\/zoo.org\/vi\/trai-he\/dang-ky-trai-he\/\" \/>\n<meta property=\"og:site_name\" content=\"V\u01b0\u1eddn th\u00fa Woodland Park\" \/>\n<meta property=\"article:modified_time\" content=\"2026-02-23T20:18:56+00:00\" \/>\n<meta property=\"og:image\" content=\"https:\/\/zoo.org\/wp-content\/uploads\/2025\/09\/2014-08-14RHawk386SummerCamps.jpg?wsr\" \/>\n\t<meta property=\"og:image:width\" content=\"800\" \/>\n\t<meta property=\"og:image:height\" content=\"530\" \/>\n\t<meta property=\"og:image:type\" content=\"image\/jpeg\" \/>\n<meta name=\"twitter:card\" content=\"summary_large_image\" \/>\n<script type=\"application\/ld+json\" class=\"yoast-schema-graph\">{\"@context\":\"https:\\\/\\\/schema.org\",\"@graph\":[{\"@type\":\"WebPage\",\"@id\":\"https:\\\/\\\/zoo.org\\\/vi\\\/trai-he\\\/dang-ky-trai-he\\\/\",\"url\":\"https:\\\/\\\/zoo.org\\\/vi\\\/trai-he\\\/dang-ky-trai-he\\\/\",\"name\":\"\u0110\u0103ng k\u00fd tr\u1ea1i h\u00e8 - V\u01b0\u1eddn th\u00fa Woodland Park\",\"isPartOf\":{\"@id\":\"https:\\\/\\\/zoo.org\\\/vi\\\/#website\"},\"primaryImageOfPage\":{\"@id\":\"https:\\\/\\\/zoo.org\\\/vi\\\/trai-he\\\/dang-ky-trai-he\\\/#primaryimage\"},\"image\":{\"@id\":\"https:\\\/\\\/zoo.org\\\/vi\\\/trai-he\\\/dang-ky-trai-he\\\/#primaryimage\"},\"thumbnailUrl\":\"https:\\\/\\\/zoo.org\\\/wp-content\\\/uploads\\\/2025\\\/09\\\/2014-08-14RHawk386SummerCamps.jpg?wsr\",\"datePublished\":\"2025-09-23T22:25:09+00:00\",\"dateModified\":\"2026-02-23T20:18:56+00:00\",\"description\":\"\u0110\u0103ng k\u00fd tham gia tr\u1ea1i h\u00e8 t\u1ea1i V\u01b0\u1eddn th\u00fa Woodland Park.\",\"breadcrumb\":{\"@id\":\"https:\\\/\\\/zoo.org\\\/vi\\\/trai-he\\\/dang-ky-trai-he\\\/#breadcrumb\"},\"inLanguage\":\"vi\",\"potentialAction\":[{\"@type\":\"ReadAction\",\"target\":[\"https:\\\/\\\/zoo.org\\\/vi\\\/trai-he\\\/dang-ky-trai-he\\\/\"]}]},{\"@type\":\"ImageObject\",\"inLanguage\":\"vi\",\"@id\":\"https:\\\/\\\/zoo.org\\\/vi\\\/trai-he\\\/dang-ky-trai-he\\\/#primaryimage\",\"url\":\"https:\\\/\\\/zoo.org\\\/wp-content\\\/uploads\\\/2025\\\/09\\\/2014-08-14RHawk386SummerCamps.jpg?wsr\",\"contentUrl\":\"https:\\\/\\\/zoo.org\\\/wp-content\\\/uploads\\\/2025\\\/09\\\/2014-08-14RHawk386SummerCamps.jpg?wsr\",\"width\":800,\"height\":530,\"caption\":\"M\u1ed9t nh\u00f3m tr\u1ebb em v\u00e0 ng\u01b0\u1eddi l\u1edbn, h\u1ea7u h\u1ebft \u0111\u1ec1u m\u1eb7c \u00e1o v\u00e0ng gi\u1ed1ng nhau, \u0111ang ch\u01a1i \u0111\u00f9a v\u00e0 \u0111i d\u1ea1o tr\u00ean m\u1ed9t l\u1ed1i \u0111i l\u00e1t v\u00e1n g\u1ed7 \u0111\u01b0\u1ee3c bao quanh b\u1edfi c\u00e2y c\u1ed1i v\u00e0 v\u00e1ch \u0111\u00e1 trong m\u1ed9t ng\u00e0y n\u1eafng \u0111\u1eb9p. M\u1ed9t \u0111\u1ee9a tr\u1ebb ph\u00eda tr\u01b0\u1edbc \u0111ang nh\u1ea3y nh\u00f3t \u0111\u1ea7y h\u00e0o h\u1ee9ng.\"},{\"@type\":\"BreadcrumbList\",\"@id\":\"https:\\\/\\\/zoo.org\\\/vi\\\/trai-he\\\/dang-ky-trai-he\\\/#breadcrumb\",\"itemListElement\":[{\"@type\":\"ListItem\",\"position\":1,\"name\":\"Trang ch\u1ee7\",\"item\":\"https:\\\/\\\/zoo.org\\\/vi\\\/\"},{\"@type\":\"ListItem\",\"position\":2,\"name\":\"Tr\u1ea1i h\u00e8\",\"item\":\"https:\\\/\\\/zoo.org\\\/vi\\\/trai-he\\\/\"},{\"@type\":\"ListItem\",\"position\":3,\"name\":\"\u0110\u0103ng k\u00fd tr\u1ea1i h\u00e8\"}]},{\"@type\":\"WebSite\",\"@id\":\"https:\\\/\\\/zoo.org\\\/vi\\\/#website\",\"url\":\"https:\\\/\\\/zoo.org\\\/vi\\\/\",\"name\":\"V\u01b0\u1eddn th\u00fa Woodland Park\",\"description\":\"V\u01b0\u1eddn th\u00fa Woodland Park c\u1ee9u s\u1ed1ng \u0111\u1ed9ng v\u1eadt hoang d\u00e3 v\u00e0 truy\u1ec1n c\u1ea3m h\u1ee9ng cho m\u1ecdi ng\u01b0\u1eddi coi b\u1ea3o t\u1ed3n l\u00e0 \u01b0u ti\u00ean h\u00e0ng \u0111\u1ea7u trong cu\u1ed9c s\u1ed1ng c\u1ee7a m\u00ecnh.\",\"publisher\":{\"@id\":\"https:\\\/\\\/zoo.org\\\/vi\\\/#organization\"},\"potentialAction\":[{\"@type\":\"SearchAction\",\"target\":{\"@type\":\"EntryPoint\",\"urlTemplate\":\"https:\\\/\\\/zoo.org\\\/vi\\\/?s={search_term_string}\"},\"query-input\":{\"@type\":\"PropertyValueSpecification\",\"valueRequired\":true,\"valueName\":\"search_term_string\"}}],\"inLanguage\":\"vi\"},{\"@type\":\"Organization\",\"@id\":\"https:\\\/\\\/zoo.org\\\/vi\\\/#organization\",\"name\":\"V\u01b0\u1eddn th\u00fa Woodland Park\",\"url\":\"https:\\\/\\\/zoo.org\\\/vi\\\/\",\"logo\":{\"@type\":\"ImageObject\",\"inLanguage\":\"vi\",\"@id\":\"https:\\\/\\\/zoo.org\\\/vi\\\/#\\\/schema\\\/logo\\\/image\\\/\",\"url\":\"https:\\\/\\\/zoo.org\\\/wp-content\\\/uploads\\\/2026\\\/01\\\/WPZ-Logo_white-SVG.svg?wsr\",\"contentUrl\":\"https:\\\/\\\/zoo.org\\\/wp-content\\\/uploads\\\/2026\\\/01\\\/WPZ-Logo_white-SVG.svg?wsr\",\"width\":288,\"height\":282,\"caption\":\"V\u01b0\u1eddn th\u00fa Woodland Park\"},\"image\":{\"@id\":\"https:\\\/\\\/zoo.org\\\/vi\\\/#\\\/schema\\\/logo\\\/image\\\/\"}}]}<\/script>\n<!-- \/ Yoast SEO plugin. -->","yoast_head_json":{"title":"\u0110\u0103ng k\u00fd tr\u1ea1i h\u00e8 - V\u01b0\u1eddn th\u00fa Woodland Park","description":"\u0110\u0103ng k\u00fd tham gia tr\u1ea1i h\u00e8 t\u1ea1i V\u01b0\u1eddn th\u00fa Woodland Park.","robots":{"index":"index","follow":"follow","max-snippet":"max-snippet:-1","max-image-preview":"max-image-preview:large","max-video-preview":"max-video-preview:-1"},"canonical":"https:\/\/zoo.org\/vi\/trai-he\/dang-ky-trai-he\/","og_locale":"vi_VN","og_type":"article","og_title":"\u0110\u0103ng k\u00fd tr\u1ea1i h\u00e8 - V\u01b0\u1eddn th\u00fa Woodland Park","og_description":"\u0110\u0103ng k\u00fd tham gia tr\u1ea1i h\u00e8 t\u1ea1i V\u01b0\u1eddn th\u00fa Woodland Park.","og_url":"https:\/\/zoo.org\/vi\/trai-he\/dang-ky-trai-he\/","og_site_name":"V\u01b0\u1eddn th\u00fa Woodland Park","article_modified_time":"2026-02-23T20:18:56+00:00","og_image":[{"width":800,"height":530,"url":"https:\/\/zoo.org\/wp-content\/uploads\/2025\/09\/2014-08-14RHawk386SummerCamps.jpg?wsr","type":"image\/jpeg"}],"twitter_card":"summary_large_image","schema":{"@context":"https:\/\/schema.org","@graph":[{"@type":"WebPage","@id":"https:\/\/zoo.org\/vi\/trai-he\/dang-ky-trai-he\/","url":"https:\/\/zoo.org\/vi\/trai-he\/dang-ky-trai-he\/","name":"\u0110\u0103ng k\u00fd tr\u1ea1i h\u00e8 - V\u01b0\u1eddn th\u00fa Woodland Park","isPartOf":{"@id":"https:\/\/zoo.org\/vi\/#website"},"primaryImageOfPage":{"@id":"https:\/\/zoo.org\/vi\/trai-he\/dang-ky-trai-he\/#primaryimage"},"image":{"@id":"https:\/\/zoo.org\/vi\/trai-he\/dang-ky-trai-he\/#primaryimage"},"thumbnailUrl":"https:\/\/zoo.org\/wp-content\/uploads\/2025\/09\/2014-08-14RHawk386SummerCamps.jpg?wsr","datePublished":"2025-09-23T22:25:09+00:00","dateModified":"2026-02-23T20:18:56+00:00","description":"\u0110\u0103ng k\u00fd tham gia tr\u1ea1i h\u00e8 t\u1ea1i V\u01b0\u1eddn th\u00fa Woodland Park.","breadcrumb":{"@id":"https:\/\/zoo.org\/vi\/trai-he\/dang-ky-trai-he\/#breadcrumb"},"inLanguage":"vi","potentialAction":[{"@type":"ReadAction","target":["https:\/\/zoo.org\/vi\/trai-he\/dang-ky-trai-he\/"]}]},{"@type":"ImageObject","inLanguage":"vi","@id":"https:\/\/zoo.org\/vi\/trai-he\/dang-ky-trai-he\/#primaryimage","url":"https:\/\/zoo.org\/wp-content\/uploads\/2025\/09\/2014-08-14RHawk386SummerCamps.jpg?wsr","contentUrl":"https:\/\/zoo.org\/wp-content\/uploads\/2025\/09\/2014-08-14RHawk386SummerCamps.jpg?wsr","width":800,"height":530,"caption":"M\u1ed9t nh\u00f3m tr\u1ebb em v\u00e0 ng\u01b0\u1eddi l\u1edbn, h\u1ea7u h\u1ebft \u0111\u1ec1u m\u1eb7c \u00e1o v\u00e0ng gi\u1ed1ng nhau, \u0111ang ch\u01a1i \u0111\u00f9a v\u00e0 \u0111i d\u1ea1o tr\u00ean m\u1ed9t l\u1ed1i \u0111i l\u00e1t v\u00e1n g\u1ed7 \u0111\u01b0\u1ee3c bao quanh b\u1edfi c\u00e2y c\u1ed1i v\u00e0 v\u00e1ch \u0111\u00e1 trong m\u1ed9t ng\u00e0y n\u1eafng \u0111\u1eb9p. M\u1ed9t \u0111\u1ee9a tr\u1ebb ph\u00eda tr\u01b0\u1edbc \u0111ang nh\u1ea3y nh\u00f3t \u0111\u1ea7y h\u00e0o h\u1ee9ng."},{"@type":"BreadcrumbList","@id":"https:\/\/zoo.org\/vi\/trai-he\/dang-ky-trai-he\/#breadcrumb","itemListElement":[{"@type":"ListItem","position":1,"name":"Trang ch\u1ee7","item":"https:\/\/zoo.org\/vi\/"},{"@type":"ListItem","position":2,"name":"Tr\u1ea1i h\u00e8","item":"https:\/\/zoo.org\/vi\/trai-he\/"},{"@type":"ListItem","position":3,"name":"\u0110\u0103ng k\u00fd tr\u1ea1i h\u00e8"}]},{"@type":"WebSite","@id":"https:\/\/zoo.org\/vi\/#website","url":"https:\/\/zoo.org\/vi\/","name":"V\u01b0\u1eddn th\u00fa Woodland Park","description":"V\u01b0\u1eddn th\u00fa Woodland Park c\u1ee9u s\u1ed1ng \u0111\u1ed9ng v\u1eadt hoang d\u00e3 v\u00e0 truy\u1ec1n c\u1ea3m h\u1ee9ng cho m\u1ecdi ng\u01b0\u1eddi coi b\u1ea3o t\u1ed3n l\u00e0 \u01b0u ti\u00ean h\u00e0ng \u0111\u1ea7u trong cu\u1ed9c s\u1ed1ng c\u1ee7a m\u00ecnh.","publisher":{"@id":"https:\/\/zoo.org\/vi\/#organization"},"potentialAction":[{"@type":"SearchAction","target":{"@type":"EntryPoint","urlTemplate":"https:\/\/zoo.org\/vi\/?s={search_term_string}"},"query-input":{"@type":"PropertyValueSpecification","valueRequired":true,"valueName":"search_term_string"}}],"inLanguage":"vi"},{"@type":"Organization","@id":"https:\/\/zoo.org\/vi\/#organization","name":"V\u01b0\u1eddn th\u00fa Woodland Park","url":"https:\/\/zoo.org\/vi\/","logo":{"@type":"ImageObject","inLanguage":"vi","@id":"https:\/\/zoo.org\/vi\/#\/schema\/logo\/image\/","url":"https:\/\/zoo.org\/wp-content\/uploads\/2026\/01\/WPZ-Logo_white-SVG.svg?wsr","contentUrl":"https:\/\/zoo.org\/wp-content\/uploads\/2026\/01\/WPZ-Logo_white-SVG.svg?wsr","width":288,"height":282,"caption":"V\u01b0\u1eddn th\u00fa Woodland Park"},"image":{"@id":"https:\/\/zoo.org\/vi\/#\/schema\/logo\/image\/"}}]}},"taxonomy_info":[],"featured_image_src_large":["https:\/\/zoo.org\/wp-content\/uploads\/2025\/09\/2014-08-14RHawk386SummerCamps.jpg?wsr",800,530,false],"author_info":{"display_name":"jloughlin","author_link":"https:\/\/zoo.org\/vi\/author\/jloughlin\/"},"comment_info":0,"_links":{"self":[{"href":"https:\/\/zoo.org\/vi\/wp-json\/wp\/v2\/pages\/10697","targetHints":{"allow":["GET"]}}],"collection":[{"href":"https:\/\/zoo.org\/vi\/wp-json\/wp\/v2\/pages"}],"about":[{"href":"https:\/\/zoo.org\/vi\/wp-json\/wp\/v2\/types\/page"}],"author":[{"embeddable":true,"href":"https:\/\/zoo.org\/vi\/wp-json\/wp\/v2\/users\/1"}],"replies":[{"embeddable":true,"href":"https:\/\/zoo.org\/vi\/wp-json\/wp\/v2\/comments?post=10697"}],"version-history":[{"count":0,"href":"https:\/\/zoo.org\/vi\/wp-json\/wp\/v2\/pages\/10697\/revisions"}],"up":[{"embeddable":true,"href":"https:\/\/zoo.org\/vi\/wp-json\/wp\/v2\/pages\/10588"}],"wp:featuredmedia":[{"embeddable":true,"href":"https:\/\/zoo.org\/vi\/wp-json\/wp\/v2\/media\/10590"}],"wp:attachment":[{"href":"https:\/\/zoo.org\/vi\/wp-json\/wp\/v2\/media?parent=10697"}],"curies":[{"name":"wp","href":"https:\/\/api.w.org\/{rel}","templated":true}]}}