{"id":10737,"date":"2025-09-23T15:58:05","date_gmt":"2025-09-23T22:58:05","guid":{"rendered":"https:\/\/zoo.org\/cac-chuong-trinh-va-lop-hoc\/"},"modified":"2026-01-26T10:13:26","modified_gmt":"2026-01-26T18:13:26","slug":"cac-chuong-trinh-va-lop-hoc","status":"publish","type":"page","link":"https:\/\/zoo.org\/vi\/cac-chuong-trinh-va-lop-hoc\/","title":{"rendered":"C\u00e1c ch\u01b0\u01a1ng tr\u00ecnh v\u00e0 l\u1edbp h\u1ecdc"},"content":{"rendered":"\n<div class=\"wp-block-cover alignfull is-light hero\" style=\"margin-top:0;margin-bottom:0\"><img loading=\"lazy\" decoding=\"async\" width=\"1920\" height=\"400\" class=\"wp-block-cover__image-background wp-image-3487 size-full\" alt=\"\" src=\"https:\/\/zoo.org\/wp-content\/uploads\/2025\/08\/Support-Header-Image2.jpg\" data-object-fit=\"cover\" srcset=\"https:\/\/zoo.org\/wp-content\/uploads\/2025\/08\/Support-Header-Image2.jpg 1920w, https:\/\/zoo.org\/wp-content\/uploads\/2025\/08\/Support-Header-Image2-300x63.jpg 300w, https:\/\/zoo.org\/wp-content\/uploads\/2025\/08\/Support-Header-Image2-1024x213.jpg 1024w, https:\/\/zoo.org\/wp-content\/uploads\/2025\/08\/Support-Header-Image2-768x160.jpg 768w, https:\/\/zoo.org\/wp-content\/uploads\/2025\/08\/Support-Header-Image2-1536x320.jpg 1536w\" sizes=\"auto, (max-width: 1920px) 100vw, 1920px\" \/><span aria-hidden=\"true\" class=\"wp-block-cover__background has-background-dim-0 has-background-dim\" style=\"background-color:#999692\"><\/span><div class=\"wp-block-cover__inner-container is-layout-constrained wp-block-cover-is-layout-constrained\">\n<p class=\"has-text-align-center has-large-font-size\"><\/p>\n<\/div><\/div>\n\n<div class=\"wp-block-group is-layout-constrained wp-block-group-is-layout-constrained\" style=\"margin-top:2em;margin-bottom:3em\">\n<h1 class=\"wp-block-heading has-text-align-center\" style=\"margin-top:0.65em;margin-bottom:0.275em\">Ch\u01b0\u01a1ng tr\u00ecnh &amp; L\u1edbp h\u1ecdc<\/h1>\n\n\n\n<p class=\"has-text-align-center has-palette-color-3-color has-text-color has-link-color wp-elements-2e5c8fcf59290efcd0b20d3108d40d06\" style=\"margin-bottom:1em;font-size:clamp(0.984em, 0.984rem + ((1vw - 0.2em) * 0.645), 1.5em);font-style:normal;font-weight:500;line-height:1.5\"><strong><strong>CH\u01af\u01a0NG TR\u00ccNH D\u00c0NH CHO M\u1eccI NG\u01af\u1edcI<\/strong><\/strong><\/p>\n\n\n\n<p class=\"has-text-align-center has-palette-color-3-color has-text-color has-link-color wp-elements-8d04c188088a08b21b1a05a5677a7e00\" style=\"margin-bottom:1em;font-size:clamp(0.984em, 0.984rem + ((1vw - 0.2em) * 0.645), 1.5em);line-height:1.5\">Kh\u00e1m ph\u00e1 c\u00e1c ch\u01b0\u01a1ng tr\u00ecnh v\u00e0 l\u1edbp h\u1ecdc d\u00e0nh cho ng\u01b0\u1eddi h\u1ecdc \u1edf m\u1ecdi l\u1ee9a tu\u1ed5i.<\/p>\n<\/div>\n\n<div class=\"wp-block-group alignfull divider is-layout-constrained wp-block-group-is-layout-constrained\">\n<h2 class=\"wp-block-heading alignfull has-text-align-center\">CH\u01af\u01a0NG TR\u00ccNH THANH THI\u1ebeU NI\u00caN<\/h2>\n<\/div>\n\n<div class=\"wp-block-group is-layout-constrained wp-block-group-is-layout-constrained\"><style>.kt-sc5446_9b4ab1-36 .kt-sc-imgcol, .kt-sc5446_9b4ab1-36 .kt-sc-textcol{min-height:345px;}.kt-sc5446_9b4ab1-36 .kt-sc-imgcol{background-size:cover;background-image:url(https:\/\/zoo.org\/wp-content\/uploads\/2025\/09\/2016-Otter-Spotter-Zoo-Corp-2.jpg);}.kt-sc5446_9b4ab1-36 .kt-sc-textcol{padding-top:1em;padding-right:1.5em;padding-bottom:1em;padding-left:1.5em;}@media all and (max-width: 767px){.kt-sc5446_9b4ab1-36 .kt-sc-imgcol, .kt-sc5446_9b4ab1-36 .kt-sc-textcol{min-height:275px;}}<\/style>\n<div class=\"aligncenter kt-sc5446_9b4ab1-36 wp-block-kadence-splitcontent\"><div class=\"kt-split-content-wrap kt-sc-media-side-left\" style=\"grid-template-columns:32% auto\"><div class=\"kt-sc-imgcol kt-sc-imgcol-bg-cover kt-sc-img-side-left\"><\/div><div class=\"kt-sc-textcol kt-sc-text-valign-center kt-sc-text-halign-left\" style=\"background-color:var(--theme-palette-color-17, #E6E6E6)\"><div class=\"kt-sc-innter-col\">\n<h3 class=\"wp-block-heading\">Ch\u01b0\u01a1ng tr\u00ecnh d\u00e0nh cho thanh thi\u1ebfu ni\u00ean<\/h3>\n\n\n\n<h4 class=\"wp-block-heading\">C\u01a1 h\u1ed9i d\u00e0nh cho h\u1ecdc sinh trung h\u1ecdc<\/h4>\n\n\n\n<p>T\u1eeb c\u00e1c l\u1edbp h\u1ecdc \u0111\u1ebfn c\u00e1c ho\u1ea1t \u0111\u1ed9ng kh\u00e1m ph\u00e1 ngh\u1ec1 nghi\u1ec7p, c\u00e1c b\u1ea1n tr\u1ebb c\u1ee7a ch\u00fang ta s\u1ebd c\u00f3 c\u01a1 h\u1ed9i t\u00ecm hi\u1ec3u s\u00e2u h\u01a1n v\u1ec1 s\u1edf th\u00fa!<\/p>\n\n\n\n<p><a href=\"https:\/\/zoo.org\/vi\/cac-chuong-trinh-va-lop-hoc\/chuong-trinh-danh-cho-thanh-thieu-nien\/\">T\u00ecm hi\u1ec3u th\u00eam v\u1ec1 c\u00e1c ch\u01b0\u01a1ng tr\u00ecnh d\u00e0nh cho thanh thi\u1ebfu ni\u00ean c\u1ee7a ch\u00fang t\u00f4i.<\/a><\/p>\n<\/div><\/div><\/div><\/div>\n<\/div>\n\n<div class=\"wp-block-group alignfull divider is-layout-constrained wp-block-group-is-layout-constrained\">\n<h2 class=\"wp-block-heading alignfull has-text-align-center\">CH\u01af\u01a0NG TR\u00ccNH D\u00c0NH CHO NG\u01af\u1edcI L\u1edaN<\/h2>\n<\/div>\n\n<div class=\"wp-block-group is-layout-constrained wp-block-group-is-layout-constrained\" style=\"margin-top:var(--wp--preset--spacing--60);margin-bottom:var(--wp--preset--spacing--60)\"><style>.kt-sc5446_9fc166-97 .kt-sc-imgcol, .kt-sc5446_9fc166-97 .kt-sc-textcol{min-height:345px;}.kt-sc5446_9fc166-97 .kt-sc-imgcol{background-size:cover;background-image:url(https:\/\/zoo.org\/wp-content\/uploads\/2025\/09\/RS37031_2019-Women-of-Color-Leading-Change-7-ovi.jpg);}.kt-sc5446_9fc166-97 .kt-sc-textcol{padding-top:1em;padding-right:1.5em;padding-bottom:1em;padding-left:1.5em;}@media all and (max-width: 767px){.kt-sc5446_9fc166-97 .kt-sc-imgcol, .kt-sc5446_9fc166-97 .kt-sc-textcol{min-height:275px;}}<\/style>\n<div class=\"aligncenter kt-sc5446_9fc166-97 wp-block-kadence-splitcontent\"><div class=\"kt-split-content-wrap kt-sc-media-side-left\" style=\"grid-template-columns:32% auto\"><div class=\"kt-sc-imgcol kt-sc-imgcol-bg-cover kt-sc-img-side-left\"><\/div><div class=\"kt-sc-textcol kt-sc-text-valign-center kt-sc-text-halign-left\" style=\"background-color:var(--theme-palette-color-17, #E6E6E6)\"><div class=\"kt-sc-innter-col\">\n<h3 class=\"wp-block-heading\">Ch\u01b0\u01a1ng tr\u00ecnh d\u00e0nh cho ng\u01b0\u1eddi l\u1edbn<\/h3>\n\n\n\n<h4 class=\"wp-block-heading\">C\u00e1c kh\u00f3a h\u1ecdc v\u00e0 l\u1edbp h\u1ecdc d\u00e0nh cho ng\u01b0\u1eddi l\u1edbn<\/h4>\n\n\n\n<p>Mang \u0111\u1ebfn c\u01a1 h\u1ed9i cho ng\u01b0\u1eddi l\u1edbn vui ch\u01a1i t\u1ea1i s\u1edf th\u00fa!<\/p>\n\n\n\n<p><a href=\"https:\/\/zoo.org\/vi\/cac-chuong-trinh-va-lop-hoc\/chuong-trinh-danh-cho-nguoi-lon\/\">T\u00ecm hi\u1ec3u th\u00eam v\u1ec1 c\u00e1c ch\u01b0\u01a1ng tr\u00ecnh d\u00e0nh cho ng\u01b0\u1eddi l\u1edbn c\u1ee7a ch\u00fang t\u00f4i.<\/a><\/p>\n<\/div><\/div><\/div><\/div>\n<\/div>\n\n<div class=\"wp-block-group is-layout-constrained wp-block-group-is-layout-constrained\" style=\"margin-top:var(--wp--preset--spacing--60);margin-bottom:var(--wp--preset--spacing--60)\"><style>.kt-sc5446_7f5eba-5d .kt-sc-imgcol, .kt-sc5446_7f5eba-5d .kt-sc-textcol{min-height:345px;}.kt-sc5446_7f5eba-5d .kt-sc-imgcol{background-size:cover;background-image:url(https:\/\/zoo.org\/wp-content\/uploads\/2025\/09\/aip-teachers-1.jpg);}.kt-sc5446_7f5eba-5d .kt-sc-textcol{padding-top:1em;padding-right:1.5em;padding-bottom:1em;padding-left:1.5em;}@media all and (max-width: 767px){.kt-sc5446_7f5eba-5d .kt-sc-imgcol, .kt-sc5446_7f5eba-5d .kt-sc-textcol{min-height:275px;}}<\/style>\n<div class=\"aligncenter kt-sc5446_7f5eba-5d wp-block-kadence-splitcontent\"><div class=\"kt-split-content-wrap kt-sc-media-side-left\" style=\"grid-template-columns:32% auto\"><div class=\"kt-sc-imgcol kt-sc-imgcol-bg-cover kt-sc-img-side-left\"><\/div><div class=\"kt-sc-textcol kt-sc-text-valign-center kt-sc-text-halign-left\" style=\"background-color:var(--theme-palette-color-17, #E6E6E6)\"><div class=\"kt-sc-innter-col\">\n<h3 class=\"wp-block-heading\">Ch\u01b0\u01a1ng tr\u00ecnh Nghi\u00ean c\u1ee9u N\u00e2ng cao<\/h3>\n\n\n\n<h4 class=\"wp-block-heading\">H\u00e3y t\u00ecm ngu\u1ed3n c\u1ea3m h\u1ee9ng t\u1ea1i v\u01b0\u1eddn th\u00fa v\u00e0 l\u1ea5y b\u1eb1ng th\u1ea1c s\u0129 t\u1ea1i \u0110\u1ea1i h\u1ecdc Miami!<\/h4>\n\n\n\n<p>Ch\u01b0\u01a1ng tr\u00ecnh AIP d\u00e0nh cho c\u00e1c \u1ee9ng vi\u00ean c\u00f3 b\u1eb1ng C\u1eed nh\u00e2n, \u0111\u01b0\u1ee3c thi\u1ebft k\u1ebf cho sinh vi\u00ean \u0111\u1ebfn t\u1eeb nhi\u1ec1u l\u0129nh v\u1ef1c v\u00e0 giai \u0111o\u1ea1n s\u1ef1 nghi\u1ec7p kh\u00e1c nhau. Sinh vi\u00ean c\u00f3 th\u1ec3 \u0111i\u1ec1u ch\u1ec9nh l\u1ed9 tr\u00ecnh h\u1ecdc t\u1eadp ph\u00f9 h\u1ee3p v\u1edbi s\u1edf th\u00edch c\u1ee7a m\u00ecnh trong c\u00e1c l\u0129nh v\u1ef1c nh\u01b0 b\u1ea3o t\u1ed3n c\u1ed9ng \u0111\u1ed3ng, gi\u00e1o d\u1ee5c d\u1ef1a tr\u00ean nghi\u00ean c\u1ee9u, ch\u0103m s\u00f3c v\u00e0 ph\u00fac l\u1ee3i \u0111\u1ed9ng v\u1eadt, bi\u1ebfn \u0111\u1ed5i kh\u00ed h\u1eadu, sinh th\u00e1i \u0111\u00f4 th\u1ecb, m\u1ed1i quan h\u1ec7 gi\u1eefa con ng\u01b0\u1eddi v\u00e0 thi\u00ean nhi\u00ean, ph\u1ee5c h\u1ed3i m\u00f4i tr\u01b0\u1eddng v\u00e0 s\u1ef1 tham gia c\u1ee7a c\u00f4ng ch\u00fang v\u00e0o khoa h\u1ecdc. <\/p>\n\n\n\n<p><a href=\"https:\/\/zoo.org\/vi\/chuong-trinh-thac-si\/\">T\u00ecm hi\u1ec3u th\u00eam v\u1ec1 Ch\u01b0\u01a1ng tr\u00ecnh Nghi\u00ean c\u1ee9u N\u00e2ng cao<\/a><\/p>\n<\/div><\/div><\/div><\/div>\n<\/div>\n\n<div class=\"wp-block-group is-layout-constrained wp-block-group-is-layout-constrained\" style=\"margin-top:var(--wp--preset--spacing--60);margin-bottom:var(--wp--preset--spacing--60)\"><style>.kt-sc5446_a8d5c8-bf .kt-sc-imgcol, .kt-sc5446_a8d5c8-bf .kt-sc-textcol{min-height:345px;}.kt-sc5446_a8d5c8-bf .kt-sc-imgcol{background-size:cover;background-image:url(https:\/\/zoo.org\/wp-content\/uploads\/2025\/08\/Zoo-Amphibian-Field-Trip-2012-Stan-Milkowski-web.jpg);}.kt-sc5446_a8d5c8-bf .kt-sc-textcol{padding-top:1em;padding-right:1.5em;padding-bottom:1em;padding-left:1.5em;}@media all and (max-width: 767px){.kt-sc5446_a8d5c8-bf .kt-sc-imgcol, .kt-sc5446_a8d5c8-bf .kt-sc-textcol{min-height:275px;}}<\/style>\n<div class=\"aligncenter kt-sc5446_a8d5c8-bf wp-block-kadence-splitcontent\"><div class=\"kt-split-content-wrap kt-sc-media-side-left\" style=\"grid-template-columns:32% auto\"><div class=\"kt-sc-imgcol kt-sc-imgcol-bg-cover kt-sc-img-side-left\"><\/div><div class=\"kt-sc-textcol kt-sc-text-valign-center kt-sc-text-halign-left\" style=\"background-color:var(--theme-palette-color-17, #E6E6E6)\"><div class=\"kt-sc-innter-col\">\n<h3 class=\"wp-block-heading\">Ch\u01b0\u01a1ng tr\u00ecnh Khoa h\u1ecdc C\u1ed9ng \u0111\u1ed3ng<\/h3>\n\n\n\n<h4 class=\"wp-block-heading\">C\u1ed9ng \u0111\u1ed3ng \u0111\u1ecba ph\u01b0\u01a1ng \u0111\u00f3ng g\u00f3p v\u00e0o c\u00f4ng t\u00e1c b\u1ea3o t\u1ed3n to\u00e0n c\u1ea7u<\/h4>\n\n\n\n<p>H\u00e3y t\u00ecm hi\u1ec3u v\u1ec1 c\u00e1c c\u01a1 h\u1ed9i t\u00ecnh nguy\u1ec7n v\u00e0 tham gia tr\u1ef1c ti\u1ebfp v\u00e0o c\u00f4ng t\u00e1c b\u1ea3o t\u1ed3n khoa h\u1ecdc trong c\u1ed9ng \u0111\u1ed3ng c\u1ee7a b\u1ea1n!<\/p>\n\n\n\n<p><a href=\"https:\/\/zoo.org\/vi\/khoa-hoc-cong-dong\/\">T\u00ecm hi\u1ec3u th\u00eam v\u1ec1 c\u00e1c Ch\u01b0\u01a1ng tr\u00ecnh Khoa h\u1ecdc C\u1ed9ng \u0111\u1ed3ng<\/a><\/p>\n<\/div><\/div><\/div><\/div>\n<\/div>\n\n<div class=\"wp-block-group is-layout-constrained wp-block-group-is-layout-constrained\" style=\"margin-top:var(--wp--preset--spacing--60);margin-bottom:var(--wp--preset--spacing--60)\"><style>.kt-sc5446_b12f48-94 .kt-sc-imgcol, .kt-sc5446_b12f48-94 .kt-sc-textcol{min-height:345px;}.kt-sc5446_b12f48-94 .kt-sc-imgcol{background-size:cover;background-image:url(https:\/\/zoo.org\/wp-content\/uploads\/2025\/09\/2022_02_15-Senior-Walkers-6-JDL.jpg);}.kt-sc5446_b12f48-94 .kt-sc-textcol{padding-top:1em;padding-right:1.5em;padding-bottom:1em;padding-left:1.5em;}@media all and (max-width: 767px){.kt-sc5446_b12f48-94 .kt-sc-imgcol, .kt-sc5446_b12f48-94 .kt-sc-textcol{min-height:275px;}}<\/style>\n<div class=\"aligncenter kt-sc5446_b12f48-94 wp-block-kadence-splitcontent\"><div class=\"kt-split-content-wrap kt-sc-media-side-left\" style=\"grid-template-columns:32% auto\"><div class=\"kt-sc-imgcol kt-sc-imgcol-bg-cover kt-sc-img-side-left\"><\/div><div class=\"kt-sc-textcol kt-sc-text-valign-center kt-sc-text-halign-left\" style=\"background-color:var(--theme-palette-color-17, #E6E6E6)\"><div class=\"kt-sc-innter-col\">\n<h3 class=\"wp-block-heading\">Ng\u01b0\u1eddi cao tu\u1ed5i \u0111i b\u1ed9 tham quan s\u1edf th\u00fa<\/h3>\n\n\n\n<h4 class=\"wp-block-heading\">M\u1ed9t ch\u01b0\u01a1ng tr\u00ecnh \u0111i b\u1ed9 giao l\u01b0u t\u1ef1 h\u01b0\u1edbng d\u1eabn<\/h4>\n\n\n\n<p>\u0110\u01b0\u1ee3c thi\u1ebft k\u1ebf \u0111\u1eb7c bi\u1ec7t d\u00e0nh cho ng\u01b0\u1eddi cao tu\u1ed5i t\u1eeb 55 tu\u1ed5i tr\u1edf l\u00ean, ch\u01b0\u01a1ng tr\u00ecnh n\u00e0y gi\u00fap b\u1ea1n ra ngo\u00e0i khu\u00f4n vi\u00ean s\u1edf th\u00fa v\u00e0 v\u1eadn \u0111\u1ed9ng!<\/p>\n\n\n\n<p><a href=\"https:\/\/zoo.org\/vi\/nguoi-cao-tuoi-di-bo-tham-quan-so-thu\/\">T\u00ecm hi\u1ec3u th\u00eam v\u1ec1 ch\u01b0\u01a1ng tr\u00ecnh \u0110i b\u1ed9 tham quan v\u01b0\u1eddn th\u00fa d\u00e0nh cho ng\u01b0\u1eddi cao tu\u1ed5i<\/a><\/p>\n<\/div><\/div><\/div><\/div>\n<\/div>\n\n<h3 class=\"wp-block-heading\">Li\u00ean h\u1ec7<\/h3>\n\n<p>N\u1ebfu b\u1ea1n c\u00f3 th\u1eafc m\u1eafc ho\u1eb7c c\u1ea7n h\u1ed7 tr\u1ee3 v\u1ec1 c\u00e1c ch\u01b0\u01a1ng tr\u00ecnh tr\u1ea1i h\u00e8, vui l\u00f2ng li\u00ean h\u1ec7 v\u1edbi ch\u00fang t\u00f4i qua \u0111\u1ecba ch\u1ec9 <a href=\"mailto:camps@zoo.org\">camps@zoo.org.<\/a><\/p>\n","protected":false},"excerpt":{"rendered":"<p>Ch\u01b0\u01a1ng tr\u00ecnh &amp; L\u1edbp h\u1ecdc CH\u01af\u01a0NG TR\u00ccNH D\u00c0NH CHO M\u1eccI NG\u01af\u1edcI Kh\u00e1m ph\u00e1 c\u00e1c ch\u01b0\u01a1ng tr\u00ecnh v\u00e0 l\u1edbp h\u1ecdc d\u00e0nh cho ng\u01b0\u1eddi h\u1ecdc \u1edf m\u1ecdi l\u1ee9a tu\u1ed5i. CH\u01af\u01a0NG TR\u00ccNH THANH [&hellip;]<\/p>\n","protected":false},"author":1,"featured_media":10738,"parent":0,"menu_order":0,"comment_status":"closed","ping_status":"closed","template":"","meta":{"_acf_changed":false,"_kad_blocks_custom_css":"","_kad_blocks_head_custom_js":"","_kad_blocks_body_custom_js":"","_kad_blocks_footer_custom_js":"","footnotes":""},"class_list":["post-10737","page","type-page","status-publish","has-post-thumbnail","hentry"],"blocksy_meta":[],"acf":[],"yoast_head":"<!-- This site is optimized with the Yoast SEO plugin v27.4 - https:\/\/yoast.com\/product\/yoast-seo-wordpress\/ -->\n<title>C\u00e1c ch\u01b0\u01a1ng tr\u00ecnh v\u00e0 l\u1edbp h\u1ecdc - V\u01b0\u1eddn th\u00fa Woodland Park<\/title>\n<meta name=\"description\" content=\"V\u01b0\u1eddn th\u00fa Woodland Park cung c\u1ea5p c\u00e1c ch\u01b0\u01a1ng tr\u00ecnh v\u00e0 l\u1edbp h\u1ecdc cho m\u1ecdi l\u1ee9a tu\u1ed5i, t\u1eeb tr\u1ebb nh\u1ecf \u0111\u1ebfn thanh thi\u1ebfu ni\u00ean, t\u1eeb gia \u0111\u00ecnh c\u00f3 tr\u1ebb em \u0111\u1ebfn ng\u01b0\u1eddi cao tu\u1ed5i.\" \/>\n<meta name=\"robots\" content=\"index, follow, max-snippet:-1, max-image-preview:large, max-video-preview:-1\" \/>\n<link rel=\"canonical\" href=\"https:\/\/zoo.org\/vi\/cac-chuong-trinh-va-lop-hoc\/\" \/>\n<meta property=\"og:locale\" content=\"vi_VN\" \/>\n<meta property=\"og:type\" content=\"article\" \/>\n<meta property=\"og:title\" content=\"C\u00e1c ch\u01b0\u01a1ng tr\u00ecnh v\u00e0 l\u1edbp h\u1ecdc - V\u01b0\u1eddn th\u00fa Woodland Park\" \/>\n<meta property=\"og:description\" content=\"V\u01b0\u1eddn th\u00fa Woodland Park cung c\u1ea5p c\u00e1c ch\u01b0\u01a1ng tr\u00ecnh v\u00e0 l\u1edbp h\u1ecdc cho m\u1ecdi l\u1ee9a tu\u1ed5i, t\u1eeb tr\u1ebb nh\u1ecf \u0111\u1ebfn thanh thi\u1ebfu ni\u00ean, t\u1eeb gia \u0111\u00ecnh c\u00f3 tr\u1ebb em \u0111\u1ebfn ng\u01b0\u1eddi cao tu\u1ed5i.\" \/>\n<meta property=\"og:url\" content=\"https:\/\/zoo.org\/vi\/cac-chuong-trinh-va-lop-hoc\/\" \/>\n<meta property=\"og:site_name\" content=\"V\u01b0\u1eddn th\u00fa Woodland Park\" \/>\n<meta property=\"article:modified_time\" content=\"2026-01-26T18:13:26+00:00\" \/>\n<meta property=\"og:image\" content=\"https:\/\/zoo.org\/wp-content\/uploads\/2025\/09\/2016-Otter-Spotter-Zoo-Corp-4.jpg?wsr\" \/>\n\t<meta property=\"og:image:width\" content=\"800\" \/>\n\t<meta property=\"og:image:height\" content=\"533\" \/>\n\t<meta property=\"og:image:type\" content=\"image\/jpeg\" \/>\n<meta name=\"twitter:card\" content=\"summary_large_image\" \/>\n<script type=\"application\/ld+json\" class=\"yoast-schema-graph\">{\"@context\":\"https:\\\/\\\/schema.org\",\"@graph\":[{\"@type\":\"WebPage\",\"@id\":\"https:\\\/\\\/zoo.org\\\/vi\\\/cac-chuong-trinh-va-lop-hoc\\\/\",\"url\":\"https:\\\/\\\/zoo.org\\\/vi\\\/cac-chuong-trinh-va-lop-hoc\\\/\",\"name\":\"C\u00e1c ch\u01b0\u01a1ng tr\u00ecnh v\u00e0 l\u1edbp h\u1ecdc - V\u01b0\u1eddn th\u00fa Woodland Park\",\"isPartOf\":{\"@id\":\"https:\\\/\\\/zoo.org\\\/vi\\\/#website\"},\"primaryImageOfPage\":{\"@id\":\"https:\\\/\\\/zoo.org\\\/vi\\\/cac-chuong-trinh-va-lop-hoc\\\/#primaryimage\"},\"image\":{\"@id\":\"https:\\\/\\\/zoo.org\\\/vi\\\/cac-chuong-trinh-va-lop-hoc\\\/#primaryimage\"},\"thumbnailUrl\":\"https:\\\/\\\/zoo.org\\\/wp-content\\\/uploads\\\/2025\\\/09\\\/2016-Otter-Spotter-Zoo-Corp-4.jpg?wsr\",\"datePublished\":\"2025-09-23T22:58:05+00:00\",\"dateModified\":\"2026-01-26T18:13:26+00:00\",\"description\":\"V\u01b0\u1eddn th\u00fa Woodland Park cung c\u1ea5p c\u00e1c ch\u01b0\u01a1ng tr\u00ecnh v\u00e0 l\u1edbp h\u1ecdc cho m\u1ecdi l\u1ee9a tu\u1ed5i, t\u1eeb tr\u1ebb nh\u1ecf \u0111\u1ebfn thanh thi\u1ebfu ni\u00ean, t\u1eeb gia \u0111\u00ecnh c\u00f3 tr\u1ebb em \u0111\u1ebfn ng\u01b0\u1eddi cao tu\u1ed5i.\",\"breadcrumb\":{\"@id\":\"https:\\\/\\\/zoo.org\\\/vi\\\/cac-chuong-trinh-va-lop-hoc\\\/#breadcrumb\"},\"inLanguage\":\"vi\",\"potentialAction\":[{\"@type\":\"ReadAction\",\"target\":[\"https:\\\/\\\/zoo.org\\\/vi\\\/cac-chuong-trinh-va-lop-hoc\\\/\"]}]},{\"@type\":\"ImageObject\",\"inLanguage\":\"vi\",\"@id\":\"https:\\\/\\\/zoo.org\\\/vi\\\/cac-chuong-trinh-va-lop-hoc\\\/#primaryimage\",\"url\":\"https:\\\/\\\/zoo.org\\\/wp-content\\\/uploads\\\/2025\\\/09\\\/2016-Otter-Spotter-Zoo-Corp-4.jpg?wsr\",\"contentUrl\":\"https:\\\/\\\/zoo.org\\\/wp-content\\\/uploads\\\/2025\\\/09\\\/2016-Otter-Spotter-Zoo-Corp-4.jpg?wsr\",\"width\":800,\"height\":533,\"caption\":\"M\u1ed9t nh\u00f3m thanh ni\u00ean \u0111ang \u1edf trong nh\u00e0, hai ng\u01b0\u1eddi ph\u00eda tr\u01b0\u1edbc \u0111ang c\u00f9ng nhau xem v\u00e0 s\u1eed d\u1ee5ng m\u00e1y t\u00ednh b\u1ea3ng, trong khi nh\u1eefng ng\u01b0\u1eddi kh\u00e1c \u1edf ph\u00eda sau c\u0169ng \u0111ang d\u00f9ng m\u00e1y t\u00ednh b\u1ea3ng. H\u1ecd m\u1eb7c \u00e1o s\u01a1 mi v\u00e0 \u00e1o kho\u00e1c m\u00e0u xanh d\u01b0\u01a1ng.\"},{\"@type\":\"BreadcrumbList\",\"@id\":\"https:\\\/\\\/zoo.org\\\/vi\\\/cac-chuong-trinh-va-lop-hoc\\\/#breadcrumb\",\"itemListElement\":[{\"@type\":\"ListItem\",\"position\":1,\"name\":\"Trang ch\u1ee7\",\"item\":\"https:\\\/\\\/zoo.org\\\/vi\\\/\"},{\"@type\":\"ListItem\",\"position\":2,\"name\":\"C\u00e1c ch\u01b0\u01a1ng tr\u00ecnh v\u00e0 l\u1edbp h\u1ecdc\"}]},{\"@type\":\"WebSite\",\"@id\":\"https:\\\/\\\/zoo.org\\\/vi\\\/#website\",\"url\":\"https:\\\/\\\/zoo.org\\\/vi\\\/\",\"name\":\"V\u01b0\u1eddn th\u00fa Woodland Park\",\"description\":\"V\u01b0\u1eddn th\u00fa Woodland Park c\u1ee9u s\u1ed1ng \u0111\u1ed9ng v\u1eadt hoang d\u00e3 v\u00e0 truy\u1ec1n c\u1ea3m h\u1ee9ng cho m\u1ecdi ng\u01b0\u1eddi coi b\u1ea3o t\u1ed3n l\u00e0 \u01b0u ti\u00ean h\u00e0ng \u0111\u1ea7u trong cu\u1ed9c s\u1ed1ng c\u1ee7a m\u00ecnh.\",\"publisher\":{\"@id\":\"https:\\\/\\\/zoo.org\\\/vi\\\/#organization\"},\"potentialAction\":[{\"@type\":\"SearchAction\",\"target\":{\"@type\":\"EntryPoint\",\"urlTemplate\":\"https:\\\/\\\/zoo.org\\\/vi\\\/?s={search_term_string}\"},\"query-input\":{\"@type\":\"PropertyValueSpecification\",\"valueRequired\":true,\"valueName\":\"search_term_string\"}}],\"inLanguage\":\"vi\"},{\"@type\":\"Organization\",\"@id\":\"https:\\\/\\\/zoo.org\\\/vi\\\/#organization\",\"name\":\"V\u01b0\u1eddn th\u00fa Woodland Park\",\"url\":\"https:\\\/\\\/zoo.org\\\/vi\\\/\",\"logo\":{\"@type\":\"ImageObject\",\"inLanguage\":\"vi\",\"@id\":\"https:\\\/\\\/zoo.org\\\/vi\\\/#\\\/schema\\\/logo\\\/image\\\/\",\"url\":\"https:\\\/\\\/zoo.org\\\/wp-content\\\/uploads\\\/2026\\\/01\\\/WPZ-Logo_white-SVG.svg?wsr\",\"contentUrl\":\"https:\\\/\\\/zoo.org\\\/wp-content\\\/uploads\\\/2026\\\/01\\\/WPZ-Logo_white-SVG.svg?wsr\",\"width\":288,\"height\":282,\"caption\":\"V\u01b0\u1eddn th\u00fa Woodland Park\"},\"image\":{\"@id\":\"https:\\\/\\\/zoo.org\\\/vi\\\/#\\\/schema\\\/logo\\\/image\\\/\"}}]}<\/script>\n<!-- \/ Yoast SEO plugin. -->","yoast_head_json":{"title":"C\u00e1c ch\u01b0\u01a1ng tr\u00ecnh v\u00e0 l\u1edbp h\u1ecdc - V\u01b0\u1eddn th\u00fa Woodland Park","description":"V\u01b0\u1eddn th\u00fa Woodland Park cung c\u1ea5p c\u00e1c ch\u01b0\u01a1ng tr\u00ecnh v\u00e0 l\u1edbp h\u1ecdc cho m\u1ecdi l\u1ee9a tu\u1ed5i, t\u1eeb tr\u1ebb nh\u1ecf \u0111\u1ebfn thanh thi\u1ebfu ni\u00ean, t\u1eeb gia \u0111\u00ecnh c\u00f3 tr\u1ebb em \u0111\u1ebfn ng\u01b0\u1eddi cao tu\u1ed5i.","robots":{"index":"index","follow":"follow","max-snippet":"max-snippet:-1","max-image-preview":"max-image-preview:large","max-video-preview":"max-video-preview:-1"},"canonical":"https:\/\/zoo.org\/vi\/cac-chuong-trinh-va-lop-hoc\/","og_locale":"vi_VN","og_type":"article","og_title":"C\u00e1c ch\u01b0\u01a1ng tr\u00ecnh v\u00e0 l\u1edbp h\u1ecdc - V\u01b0\u1eddn th\u00fa Woodland Park","og_description":"V\u01b0\u1eddn th\u00fa Woodland Park cung c\u1ea5p c\u00e1c ch\u01b0\u01a1ng tr\u00ecnh v\u00e0 l\u1edbp h\u1ecdc cho m\u1ecdi l\u1ee9a tu\u1ed5i, t\u1eeb tr\u1ebb nh\u1ecf \u0111\u1ebfn thanh thi\u1ebfu ni\u00ean, t\u1eeb gia \u0111\u00ecnh c\u00f3 tr\u1ebb em \u0111\u1ebfn ng\u01b0\u1eddi cao tu\u1ed5i.","og_url":"https:\/\/zoo.org\/vi\/cac-chuong-trinh-va-lop-hoc\/","og_site_name":"V\u01b0\u1eddn th\u00fa Woodland Park","article_modified_time":"2026-01-26T18:13:26+00:00","og_image":[{"width":800,"height":533,"url":"https:\/\/zoo.org\/wp-content\/uploads\/2025\/09\/2016-Otter-Spotter-Zoo-Corp-4.jpg?wsr","type":"image\/jpeg"}],"twitter_card":"summary_large_image","schema":{"@context":"https:\/\/schema.org","@graph":[{"@type":"WebPage","@id":"https:\/\/zoo.org\/vi\/cac-chuong-trinh-va-lop-hoc\/","url":"https:\/\/zoo.org\/vi\/cac-chuong-trinh-va-lop-hoc\/","name":"C\u00e1c ch\u01b0\u01a1ng tr\u00ecnh v\u00e0 l\u1edbp h\u1ecdc - V\u01b0\u1eddn th\u00fa Woodland Park","isPartOf":{"@id":"https:\/\/zoo.org\/vi\/#website"},"primaryImageOfPage":{"@id":"https:\/\/zoo.org\/vi\/cac-chuong-trinh-va-lop-hoc\/#primaryimage"},"image":{"@id":"https:\/\/zoo.org\/vi\/cac-chuong-trinh-va-lop-hoc\/#primaryimage"},"thumbnailUrl":"https:\/\/zoo.org\/wp-content\/uploads\/2025\/09\/2016-Otter-Spotter-Zoo-Corp-4.jpg?wsr","datePublished":"2025-09-23T22:58:05+00:00","dateModified":"2026-01-26T18:13:26+00:00","description":"V\u01b0\u1eddn th\u00fa Woodland Park cung c\u1ea5p c\u00e1c ch\u01b0\u01a1ng tr\u00ecnh v\u00e0 l\u1edbp h\u1ecdc cho m\u1ecdi l\u1ee9a tu\u1ed5i, t\u1eeb tr\u1ebb nh\u1ecf \u0111\u1ebfn thanh thi\u1ebfu ni\u00ean, t\u1eeb gia \u0111\u00ecnh c\u00f3 tr\u1ebb em \u0111\u1ebfn ng\u01b0\u1eddi cao tu\u1ed5i.","breadcrumb":{"@id":"https:\/\/zoo.org\/vi\/cac-chuong-trinh-va-lop-hoc\/#breadcrumb"},"inLanguage":"vi","potentialAction":[{"@type":"ReadAction","target":["https:\/\/zoo.org\/vi\/cac-chuong-trinh-va-lop-hoc\/"]}]},{"@type":"ImageObject","inLanguage":"vi","@id":"https:\/\/zoo.org\/vi\/cac-chuong-trinh-va-lop-hoc\/#primaryimage","url":"https:\/\/zoo.org\/wp-content\/uploads\/2025\/09\/2016-Otter-Spotter-Zoo-Corp-4.jpg?wsr","contentUrl":"https:\/\/zoo.org\/wp-content\/uploads\/2025\/09\/2016-Otter-Spotter-Zoo-Corp-4.jpg?wsr","width":800,"height":533,"caption":"M\u1ed9t nh\u00f3m thanh ni\u00ean \u0111ang \u1edf trong nh\u00e0, hai ng\u01b0\u1eddi ph\u00eda tr\u01b0\u1edbc \u0111ang c\u00f9ng nhau xem v\u00e0 s\u1eed d\u1ee5ng m\u00e1y t\u00ednh b\u1ea3ng, trong khi nh\u1eefng ng\u01b0\u1eddi kh\u00e1c \u1edf ph\u00eda sau c\u0169ng \u0111ang d\u00f9ng m\u00e1y t\u00ednh b\u1ea3ng. H\u1ecd m\u1eb7c \u00e1o s\u01a1 mi v\u00e0 \u00e1o kho\u00e1c m\u00e0u xanh d\u01b0\u01a1ng."},{"@type":"BreadcrumbList","@id":"https:\/\/zoo.org\/vi\/cac-chuong-trinh-va-lop-hoc\/#breadcrumb","itemListElement":[{"@type":"ListItem","position":1,"name":"Trang ch\u1ee7","item":"https:\/\/zoo.org\/vi\/"},{"@type":"ListItem","position":2,"name":"C\u00e1c ch\u01b0\u01a1ng tr\u00ecnh v\u00e0 l\u1edbp h\u1ecdc"}]},{"@type":"WebSite","@id":"https:\/\/zoo.org\/vi\/#website","url":"https:\/\/zoo.org\/vi\/","name":"V\u01b0\u1eddn th\u00fa Woodland Park","description":"V\u01b0\u1eddn th\u00fa Woodland Park c\u1ee9u s\u1ed1ng \u0111\u1ed9ng v\u1eadt hoang d\u00e3 v\u00e0 truy\u1ec1n c\u1ea3m h\u1ee9ng cho m\u1ecdi ng\u01b0\u1eddi coi b\u1ea3o t\u1ed3n l\u00e0 \u01b0u ti\u00ean h\u00e0ng \u0111\u1ea7u trong cu\u1ed9c s\u1ed1ng c\u1ee7a m\u00ecnh.","publisher":{"@id":"https:\/\/zoo.org\/vi\/#organization"},"potentialAction":[{"@type":"SearchAction","target":{"@type":"EntryPoint","urlTemplate":"https:\/\/zoo.org\/vi\/?s={search_term_string}"},"query-input":{"@type":"PropertyValueSpecification","valueRequired":true,"valueName":"search_term_string"}}],"inLanguage":"vi"},{"@type":"Organization","@id":"https:\/\/zoo.org\/vi\/#organization","name":"V\u01b0\u1eddn th\u00fa Woodland Park","url":"https:\/\/zoo.org\/vi\/","logo":{"@type":"ImageObject","inLanguage":"vi","@id":"https:\/\/zoo.org\/vi\/#\/schema\/logo\/image\/","url":"https:\/\/zoo.org\/wp-content\/uploads\/2026\/01\/WPZ-Logo_white-SVG.svg?wsr","contentUrl":"https:\/\/zoo.org\/wp-content\/uploads\/2026\/01\/WPZ-Logo_white-SVG.svg?wsr","width":288,"height":282,"caption":"V\u01b0\u1eddn th\u00fa Woodland Park"},"image":{"@id":"https:\/\/zoo.org\/vi\/#\/schema\/logo\/image\/"}}]}},"taxonomy_info":[],"featured_image_src_large":["https:\/\/zoo.org\/wp-content\/uploads\/2025\/09\/2016-Otter-Spotter-Zoo-Corp-4.jpg?wsr",800,533,false],"author_info":{"display_name":"jloughlin","author_link":"https:\/\/zoo.org\/vi\/author\/jloughlin\/"},"comment_info":0,"_links":{"self":[{"href":"https:\/\/zoo.org\/vi\/wp-json\/wp\/v2\/pages\/10737","targetHints":{"allow":["GET"]}}],"collection":[{"href":"https:\/\/zoo.org\/vi\/wp-json\/wp\/v2\/pages"}],"about":[{"href":"https:\/\/zoo.org\/vi\/wp-json\/wp\/v2\/types\/page"}],"author":[{"embeddable":true,"href":"https:\/\/zoo.org\/vi\/wp-json\/wp\/v2\/users\/1"}],"replies":[{"embeddable":true,"href":"https:\/\/zoo.org\/vi\/wp-json\/wp\/v2\/comments?post=10737"}],"version-history":[{"count":0,"href":"https:\/\/zoo.org\/vi\/wp-json\/wp\/v2\/pages\/10737\/revisions"}],"wp:featuredmedia":[{"embeddable":true,"href":"https:\/\/zoo.org\/vi\/wp-json\/wp\/v2\/media\/10738"}],"wp:attachment":[{"href":"https:\/\/zoo.org\/vi\/wp-json\/wp\/v2\/media?parent=10737"}],"curies":[{"name":"wp","href":"https:\/\/api.w.org\/{rel}","templated":true}]}}