{"id":10897,"date":"2025-09-16T15:30:02","date_gmt":"2025-09-16T22:30:02","guid":{"rendered":"https:\/\/zoo.org\/kha-nang-truy-cap-cua-zootunes\/"},"modified":"2026-03-24T10:39:36","modified_gmt":"2026-03-24T17:39:36","slug":"kha-nang-truy-cap-cua-zootunes","status":"publish","type":"page","link":"https:\/\/zoo.org\/vi\/zootunes\/kha-nang-truy-cap-cua-zootunes\/","title":{"rendered":"Kh\u1ea3 n\u0103ng truy c\u1eadp c\u1ee7a Zootunes"},"content":{"rendered":"\n<div class=\"wp-block-cover alignfull hero\" style=\"margin-top:0;margin-bottom:0\"><img loading=\"lazy\" decoding=\"async\" width=\"1920\" height=\"400\" class=\"wp-block-cover__image-background wp-image-4895 size-full\" alt=\"A large crowd gathers on a grassy lawn for an outdoor concert, sitting on blankets and chairs in front of a stage surrounded by trees and greenery on a sunny day.\" src=\"https:\/\/zoo.org\/wp-content\/uploads\/2025\/09\/Zootunes-Aerial-Header-Image.jpg\" data-object-fit=\"cover\" srcset=\"https:\/\/zoo.org\/wp-content\/uploads\/2025\/09\/Zootunes-Aerial-Header-Image.jpg 1920w, https:\/\/zoo.org\/wp-content\/uploads\/2025\/09\/Zootunes-Aerial-Header-Image-300x63.jpg 300w, https:\/\/zoo.org\/wp-content\/uploads\/2025\/09\/Zootunes-Aerial-Header-Image-1024x213.jpg 1024w, https:\/\/zoo.org\/wp-content\/uploads\/2025\/09\/Zootunes-Aerial-Header-Image-768x160.jpg 768w, https:\/\/zoo.org\/wp-content\/uploads\/2025\/09\/Zootunes-Aerial-Header-Image-1536x320.jpg 1536w\" sizes=\"auto, (max-width: 1920px) 100vw, 1920px\" \/><span aria-hidden=\"true\" class=\"wp-block-cover__background has-background-dim-0 has-background-dim\" style=\"background-color:#585132\"><\/span><div class=\"wp-block-cover__inner-container is-layout-constrained wp-block-cover-is-layout-constrained\">\n<p class=\"has-text-align-center has-large-font-size\"><\/p>\n<\/div><\/div>\n\n<div class=\"wp-block-group is-layout-constrained wp-block-group-is-layout-constrained\" style=\"margin-top:2em;margin-bottom:3em\">\n<h1 class=\"wp-block-heading has-text-align-center\" style=\"margin-top:0.65em;margin-bottom:0.275em\">BECU Zootunes<\/h1>\n\n\n\n<p class=\"has-text-align-center has-palette-color-3-color has-text-color has-link-color wp-elements-ef93acb4fa0ea453cfc3b84e38c5e503\" style=\"margin-bottom:1em;font-size:clamp(0.984em, 0.984rem + ((1vw - 0.2em) * 0.645), 1.5em);font-style:normal;font-weight:500;line-height:1.5\"><strong>\u0110\u01b0\u1ee3c t\u00e0i tr\u1ee3 b\u1edfi Carter Subaru<\/strong><\/p>\n<\/div>\n\n<div class=\"wp-block-group alignfull divider is-layout-constrained wp-block-group-is-layout-constrained\">\n<h2 class=\"wp-block-heading alignfull has-text-align-center\">KH\u1ea2 N\u0102NG TI\u1ebeP C\u1eacN<\/h2>\n\n\n\n<p class=\"has-text-align-center\" style=\"margin-top:0.5em;margin-bottom:0.5em\"><strong>TI\u1ebeP C\u1eacN D\u00c0NH CHO NG\u01af\u1edcI KHUY\u1ebeT T\u1eacT<\/strong><\/p>\n<\/div>\n\n<h3 class=\"wp-block-heading\">\u0110\u1eb7t v\u00e9<\/h3>\n\n<p>S\u1ed1 l\u01b0\u1ee3ng v\u00e9 d\u00e0nh cho ng\u01b0\u1eddi khuy\u1ebft t\u1eadt (ADA) c\u00f3 h\u1ea1n v\u00e0 \u0111\u01b0\u1ee3c b\u00e1n theo nguy\u00ean t\u1eafc ai \u0111\u1ebfn tr\u01b0\u1edbc \u0111\u01b0\u1ee3c ph\u1ee5c v\u1ee5 tr\u01b0\u1edbc. T\u1ea5t c\u1ea3 v\u00e9 ch\u1ec9 c\u00f3 th\u1ec3 mua tr\u1ef1c tuy\u1ebfn.<\/p>\n\n<p><a href=\"https:\/\/www.etix.com\/ticket\/v\/20006\/woodland-park-zoo\" target=\"_blank\" rel=\"noreferrer noopener\">Mua v\u00e9<\/a><\/p>\n\n<h3 class=\"wp-block-heading\" style=\"margin-bottom:1em\">\u0110\u1ed7 xe<\/h3>\n\n<p>Kh\u00e1ch c\u00f3 bi\u1ec3n b\u00e1o ho\u1eb7c bi\u1ec3n s\u1ed1 xe d\u00e0nh cho ng\u01b0\u1eddi khuy\u1ebft t\u1eadt c\u1ee7a ti\u1ec3u bang c\u00f3 th\u1ec3 \u0111\u1ed7 xe t\u1ea1i khu v\u1ef1c \u0111\u01b0\u1ee3c ch\u1ec9 \u0111\u1ecbnh trong m\u1ed9t s\u1ed1 b\u00e3i \u0111\u1ed7 xe nh\u1ea5t \u0111\u1ecbnh theo nguy\u00ean t\u1eafc ai \u0111\u1ebfn tr\u01b0\u1edbc \u0111\u01b0\u1ee3c ph\u1ee5c v\u1ee5 tr\u01b0\u1edbc. B\u00e3i \u0111\u1eadu xe g\u1ea7n nh\u1ea5t v\u1edbi \u0111\u1ecba \u0111i\u1ec3m t\u1ed5 ch\u1ee9c h\u00f2a nh\u1ea1c l\u00e0 b\u00e3i \u0111\u1eadu xe Penguin tr\u00ean \u0111\u01b0\u1eddng Phinney Ave. \u0110\u01b0\u1eddng N. v\u00e0 \u0111\u01b0\u1eddng N. 55th.<\/p>\n\n<p>C\u00e1c ch\u1ed7 \u0111\u1eadu xe d\u00e0nh cho ng\u01b0\u1eddi khuy\u1ebft t\u1eadt (ADA) th\u01b0\u1eddng h\u1ebft r\u1ea5t nhanh, v\u00ec v\u1eady kh\u00e1ch c\u0169ng c\u00f3 th\u1ec3 s\u1eed d\u1ee5ng b\u00e3i \u0111\u1eadu xe Otter \u0111\u1ec3 \u0111\u01b0a \u0111\u00f3n nh\u1eefng ng\u01b0\u1eddi khuy\u1ebft t\u1eadt ho\u1eb7c b\u1ea5t k\u1ef3 ai kh\u00f4ng th\u1ec3 \u0111i b\u1ed9 t\u1eeb khu v\u1ef1c \u0111\u1eadu xe \u0111\u1ebfn \u0111\u1ecba \u0111i\u1ec3m t\u1ed5 ch\u1ee9c s\u1ef1 ki\u1ec7n.<\/p>\n\n<p>Nh\u00e2n vi\u00ean v\u00e0 t\u00ecnh nguy\u1ec7n vi\u00ean lu\u00f4n s\u1eb5n s\u00e0ng h\u1ed7 tr\u1ee3 gi\u1ea3i \u0111\u00e1p th\u1eafc m\u1eafc v\u00e0 h\u01b0\u1edbng d\u1eabn b\u1ea5t c\u1ee9 l\u00fac n\u00e0o.<\/p>\n\n<p>M\u1ed9t s\u1ed1 l\u01b0\u1ee3ng ch\u1ed7 ng\u1ed3i c\u00f3 h\u1ea1n s\u1ebd \u0111\u01b0\u1ee3c m\u1edf b\u00e1n \u0111\u1eb7t tr\u01b0\u1edbc t\u1ea1i khu v\u1ef1c Otter Lot v\u00e0 Flamingo Lot tr\u01b0\u1edbc khi ch\u01b0\u01a1ng tr\u00ecnh di\u1ec5n ra. Th\u00f4ng tin chi ti\u1ebft h\u01a1n s\u1ebd \u0111\u01b0\u1ee3c c\u00f4ng b\u1ed1 g\u1ea7n ng\u00e0y di\u1ec5n ra concert. B\u1ea1n c\u0169ng s\u1ebd nh\u1eadn \u0111\u01b0\u1ee3c th\u00f4ng tin trong email &#8220;Know Before You Go&#8221; tr\u01b0\u1edbc m\u1ed7i bu\u1ed5i concert.  <\/p>\n\n<p>Kh\u00e1ch tham quan c\u0169ng c\u00f3 th\u1ec3 l\u1ef1a ch\u1ecdn \u0111\u1eadu xe t\u1ea1i c\u00e1c b\u00e3i \u0111\u1eadu xe thu\u1eadn ti\u1ec7n trong s\u1edf th\u00fa. Ph\u00ed \u0111\u1eadu xe t\u1ea1i t\u1ea5t c\u1ea3 c\u00e1c b\u00e3i \u0111\u1eadu xe kh\u00f4ng \u0111\u1eb7t tr\u01b0\u1edbc l\u00e0 15 \u0111\u00f4 la (ch\u01b0a bao g\u1ed3m thu\u1ebf v\u00e0 ph\u00ed). <\/p>\n\n<p><strong>N\u1ebfu b\u1ea1n ch\u1ecdn \u0111\u1eadu xe \u1edf c\u00e1c khu d\u00e2n c\u01b0 xung quanh, vui l\u00f2ng tu\u00e2n th\u1ee7 lu\u1eadt \u0111\u1eadu xe c\u1ee7a Seattle v\u00e0 \u0111\u1ec3 kho\u1ea3ng c\u00e1ch 5 feet (kho\u1ea3ng 1,5 m\u00e9t) \u1edf m\u1ed7i b\u00ean l\u1ed1i v\u00e0o nh\u00e0. Vui l\u00f2ng gi\u1eef g\u00ecn tr\u1eadt t\u1ef1 v\u00e0 h\u1ea1n ch\u1ebf ti\u1ebfng \u1ed3n sau bu\u1ed5i h\u00f2a nh\u1ea1c. V\u00e0 quan tr\u1ecdng nh\u1ea5t, n\u1ebfu b\u1ea1n ch\u1eafn l\u1ed1i v\u00e0o nh\u00e0 c\u1ee7a ai \u0111\u00f3, xe c\u1ee7a b\u1ea1n s\u1ebd b\u1ecb k\u00e9o \u0111i.  <\/strong><\/p>\n\n<h3 class=\"wp-block-heading\" style=\"margin-bottom:1em\">V\u1ecb tr\u00ed ch\u1ed7 ng\u1ed3i<\/h3>\n\n<p>Khu v\u1ef1c d\u00e0nh ri\u00eang cho ng\u01b0\u1eddi khuy\u1ebft t\u1eadt (ADA) n\u1eb1m \u1edf ph\u00eda T\u00e2y c\u1ee7a \u0111\u1ed3ng c\u1ecf.<\/p>\n\n<ul class=\"wp-block-list\">\n<li>Xin l\u01b0u \u00fd r\u1eb1ng khu v\u1ef1c n\u00e0y kh\u00f4ng c\u00f3 gh\u1ebf ng\u1ed3i.<\/li>\n\n\n\n<li>M\u1ecdi lo\u1ea1i gh\u1ebf \u0111\u1ec1u \u0111\u01b0\u1ee3c ch\u00e0o \u0111\u00f3n trong khu v\u1ef1c d\u00e0nh cho ng\u01b0\u1eddi khuy\u1ebft t\u1eadt.<\/li>\n\n\n\n<li>N\u1ebfu b\u1ea1n kh\u00f4ng mu\u1ed1n ng\u1ed3i \u1edf khu v\u1ef1c d\u00e0nh ri\u00eang cho ng\u01b0\u1eddi khuy\u1ebft t\u1eadt, b\u1ea1n c\u00f3 th\u1ec3 ng\u1ed3i \u1edf b\u1ea5t c\u1ee9 \u0111\u00e2u tr\u00ean b\u00e3i c\u1ecf tr\u00ean gh\u1ebf t\u1ef1a l\u01b0ng th\u1ea5p ho\u1eb7c tr\u00ean t\u1ea5m th\u1ea3m, ho\u1eb7c \u1edf khu v\u1ef1c gh\u1ebf t\u1ef1a l\u01b0ng cao \u0111\u01b0\u1ee3c ch\u1ec9 \u0111\u1ecbnh \u1edf ph\u00eda sau b\u00e3i c\u1ecf.<\/li>\n<\/ul>\n","protected":false},"excerpt":{"rendered":"<p>BECU Zootunes \u0110\u01b0\u1ee3c t\u00e0i tr\u1ee3 b\u1edfi Carter Subaru KH\u1ea2 N\u0102NG TI\u1ebeP C\u1eacN TI\u1ebeP C\u1eacN D\u00c0NH CHO NG\u01af\u1edcI KHUY\u1ebeT T\u1eacT \u0110\u1eb7t v\u00e9 S\u1ed1 l\u01b0\u1ee3ng v\u00e9 d\u00e0nh cho ng\u01b0\u1eddi khuy\u1ebft t\u1eadt (ADA) [&hellip;]<\/p>\n","protected":false},"author":1,"featured_media":0,"parent":12370,"menu_order":0,"comment_status":"closed","ping_status":"closed","template":"","meta":{"_acf_changed":false,"_kad_blocks_custom_css":"","_kad_blocks_head_custom_js":"","_kad_blocks_body_custom_js":"","_kad_blocks_footer_custom_js":"","footnotes":""},"class_list":["post-10897","page","type-page","status-publish","hentry"],"blocksy_meta":[],"acf":[],"yoast_head":"<!-- This site is optimized with the Yoast SEO plugin v27.4 - https:\/\/yoast.com\/product\/yoast-seo-wordpress\/ -->\n<title>Kh\u1ea3 n\u0103ng truy c\u1eadp c\u1ee7a Zootunes - V\u01b0\u1eddn th\u00fa Woodland Park<\/title>\n<meta name=\"robots\" content=\"index, follow, max-snippet:-1, max-image-preview:large, max-video-preview:-1\" \/>\n<link rel=\"canonical\" href=\"https:\/\/zoo.org\/vi\/zootunes\/kha-nang-truy-cap-cua-zootunes\/\" \/>\n<meta property=\"og:locale\" content=\"vi_VN\" \/>\n<meta property=\"og:type\" content=\"article\" \/>\n<meta property=\"og:title\" content=\"Kh\u1ea3 n\u0103ng truy c\u1eadp c\u1ee7a Zootunes - V\u01b0\u1eddn th\u00fa Woodland Park\" \/>\n<meta property=\"og:description\" content=\"BECU Zootunes \u0110\u01b0\u1ee3c t\u00e0i tr\u1ee3 b\u1edfi Carter Subaru KH\u1ea2 N\u0102NG TI\u1ebeP C\u1eacN TI\u1ebeP C\u1eacN D\u00c0NH CHO NG\u01af\u1edcI KHUY\u1ebeT T\u1eacT \u0110\u1eb7t v\u00e9 S\u1ed1 l\u01b0\u1ee3ng v\u00e9 d\u00e0nh cho ng\u01b0\u1eddi khuy\u1ebft t\u1eadt (ADA) [&hellip;]\" \/>\n<meta property=\"og:url\" content=\"https:\/\/zoo.org\/vi\/zootunes\/kha-nang-truy-cap-cua-zootunes\/\" \/>\n<meta property=\"og:site_name\" content=\"V\u01b0\u1eddn th\u00fa Woodland Park\" \/>\n<meta property=\"article:modified_time\" content=\"2026-03-24T17:39:36+00:00\" \/>\n<meta property=\"og:image\" content=\"https:\/\/zoo.org\/wp-content\/uploads\/2025\/09\/Zootunes-Aerial-Header-Image.jpg?wsr\" \/>\n\t<meta property=\"og:image:width\" content=\"1920\" \/>\n\t<meta property=\"og:image:height\" content=\"400\" \/>\n\t<meta property=\"og:image:type\" content=\"image\/jpeg\" \/>\n<meta name=\"twitter:card\" content=\"summary_large_image\" \/>\n<script type=\"application\/ld+json\" class=\"yoast-schema-graph\">{\"@context\":\"https:\\\/\\\/schema.org\",\"@graph\":[{\"@type\":\"WebPage\",\"@id\":\"https:\\\/\\\/zoo.org\\\/vi\\\/zootunes\\\/kha-nang-truy-cap-cua-zootunes\\\/\",\"url\":\"https:\\\/\\\/zoo.org\\\/vi\\\/zootunes\\\/kha-nang-truy-cap-cua-zootunes\\\/\",\"name\":\"Kh\u1ea3 n\u0103ng truy c\u1eadp c\u1ee7a Zootunes - V\u01b0\u1eddn th\u00fa Woodland Park\",\"isPartOf\":{\"@id\":\"https:\\\/\\\/zoo.org\\\/vi\\\/#website\"},\"primaryImageOfPage\":{\"@id\":\"https:\\\/\\\/zoo.org\\\/vi\\\/zootunes\\\/kha-nang-truy-cap-cua-zootunes\\\/#primaryimage\"},\"image\":{\"@id\":\"https:\\\/\\\/zoo.org\\\/vi\\\/zootunes\\\/kha-nang-truy-cap-cua-zootunes\\\/#primaryimage\"},\"thumbnailUrl\":\"https:\\\/\\\/zoo.org\\\/wp-content\\\/uploads\\\/2025\\\/09\\\/Zootunes-Aerial-Header-Image.jpg\",\"datePublished\":\"2025-09-16T22:30:02+00:00\",\"dateModified\":\"2026-03-24T17:39:36+00:00\",\"breadcrumb\":{\"@id\":\"https:\\\/\\\/zoo.org\\\/vi\\\/zootunes\\\/kha-nang-truy-cap-cua-zootunes\\\/#breadcrumb\"},\"inLanguage\":\"vi\",\"potentialAction\":[{\"@type\":\"ReadAction\",\"target\":[\"https:\\\/\\\/zoo.org\\\/vi\\\/zootunes\\\/kha-nang-truy-cap-cua-zootunes\\\/\"]}]},{\"@type\":\"ImageObject\",\"inLanguage\":\"vi\",\"@id\":\"https:\\\/\\\/zoo.org\\\/vi\\\/zootunes\\\/kha-nang-truy-cap-cua-zootunes\\\/#primaryimage\",\"url\":\"https:\\\/\\\/zoo.org\\\/wp-content\\\/uploads\\\/2025\\\/09\\\/Zootunes-Aerial-Header-Image.jpg\",\"contentUrl\":\"https:\\\/\\\/zoo.org\\\/wp-content\\\/uploads\\\/2025\\\/09\\\/Zootunes-Aerial-Header-Image.jpg\"},{\"@type\":\"BreadcrumbList\",\"@id\":\"https:\\\/\\\/zoo.org\\\/vi\\\/zootunes\\\/kha-nang-truy-cap-cua-zootunes\\\/#breadcrumb\",\"itemListElement\":[{\"@type\":\"ListItem\",\"position\":1,\"name\":\"Trang ch\u1ee7\",\"item\":\"https:\\\/\\\/zoo.org\\\/vi\\\/\"},{\"@type\":\"ListItem\",\"position\":2,\"name\":\"Zootunes\",\"item\":\"https:\\\/\\\/zoo.org\\\/vi\\\/zootunes\\\/\"},{\"@type\":\"ListItem\",\"position\":3,\"name\":\"Kh\u1ea3 n\u0103ng truy c\u1eadp c\u1ee7a Zootunes\"}]},{\"@type\":\"WebSite\",\"@id\":\"https:\\\/\\\/zoo.org\\\/vi\\\/#website\",\"url\":\"https:\\\/\\\/zoo.org\\\/vi\\\/\",\"name\":\"V\u01b0\u1eddn th\u00fa Woodland Park\",\"description\":\"V\u01b0\u1eddn th\u00fa Woodland Park c\u1ee9u s\u1ed1ng \u0111\u1ed9ng v\u1eadt hoang d\u00e3 v\u00e0 truy\u1ec1n c\u1ea3m h\u1ee9ng cho m\u1ecdi ng\u01b0\u1eddi coi b\u1ea3o t\u1ed3n l\u00e0 \u01b0u ti\u00ean h\u00e0ng \u0111\u1ea7u trong cu\u1ed9c s\u1ed1ng c\u1ee7a m\u00ecnh.\",\"publisher\":{\"@id\":\"https:\\\/\\\/zoo.org\\\/vi\\\/#organization\"},\"potentialAction\":[{\"@type\":\"SearchAction\",\"target\":{\"@type\":\"EntryPoint\",\"urlTemplate\":\"https:\\\/\\\/zoo.org\\\/vi\\\/?s={search_term_string}\"},\"query-input\":{\"@type\":\"PropertyValueSpecification\",\"valueRequired\":true,\"valueName\":\"search_term_string\"}}],\"inLanguage\":\"vi\"},{\"@type\":\"Organization\",\"@id\":\"https:\\\/\\\/zoo.org\\\/vi\\\/#organization\",\"name\":\"V\u01b0\u1eddn th\u00fa Woodland Park\",\"url\":\"https:\\\/\\\/zoo.org\\\/vi\\\/\",\"logo\":{\"@type\":\"ImageObject\",\"inLanguage\":\"vi\",\"@id\":\"https:\\\/\\\/zoo.org\\\/vi\\\/#\\\/schema\\\/logo\\\/image\\\/\",\"url\":\"https:\\\/\\\/zoo.org\\\/wp-content\\\/uploads\\\/2026\\\/01\\\/WPZ-Logo_white-SVG.svg?wsr\",\"contentUrl\":\"https:\\\/\\\/zoo.org\\\/wp-content\\\/uploads\\\/2026\\\/01\\\/WPZ-Logo_white-SVG.svg?wsr\",\"width\":288,\"height\":282,\"caption\":\"V\u01b0\u1eddn th\u00fa Woodland Park\"},\"image\":{\"@id\":\"https:\\\/\\\/zoo.org\\\/vi\\\/#\\\/schema\\\/logo\\\/image\\\/\"}}]}<\/script>\n<!-- \/ Yoast SEO plugin. -->","yoast_head_json":{"title":"Kh\u1ea3 n\u0103ng truy c\u1eadp c\u1ee7a Zootunes - V\u01b0\u1eddn th\u00fa Woodland Park","robots":{"index":"index","follow":"follow","max-snippet":"max-snippet:-1","max-image-preview":"max-image-preview:large","max-video-preview":"max-video-preview:-1"},"canonical":"https:\/\/zoo.org\/vi\/zootunes\/kha-nang-truy-cap-cua-zootunes\/","og_locale":"vi_VN","og_type":"article","og_title":"Kh\u1ea3 n\u0103ng truy c\u1eadp c\u1ee7a Zootunes - V\u01b0\u1eddn th\u00fa Woodland Park","og_description":"BECU Zootunes \u0110\u01b0\u1ee3c t\u00e0i tr\u1ee3 b\u1edfi Carter Subaru KH\u1ea2 N\u0102NG TI\u1ebeP C\u1eacN TI\u1ebeP C\u1eacN D\u00c0NH CHO NG\u01af\u1edcI KHUY\u1ebeT T\u1eacT \u0110\u1eb7t v\u00e9 S\u1ed1 l\u01b0\u1ee3ng v\u00e9 d\u00e0nh cho ng\u01b0\u1eddi khuy\u1ebft t\u1eadt (ADA) [&hellip;]","og_url":"https:\/\/zoo.org\/vi\/zootunes\/kha-nang-truy-cap-cua-zootunes\/","og_site_name":"V\u01b0\u1eddn th\u00fa Woodland Park","article_modified_time":"2026-03-24T17:39:36+00:00","og_image":[{"width":1920,"height":400,"url":"https:\/\/zoo.org\/wp-content\/uploads\/2025\/09\/Zootunes-Aerial-Header-Image.jpg?wsr","type":"image\/jpeg"}],"twitter_card":"summary_large_image","schema":{"@context":"https:\/\/schema.org","@graph":[{"@type":"WebPage","@id":"https:\/\/zoo.org\/vi\/zootunes\/kha-nang-truy-cap-cua-zootunes\/","url":"https:\/\/zoo.org\/vi\/zootunes\/kha-nang-truy-cap-cua-zootunes\/","name":"Kh\u1ea3 n\u0103ng truy c\u1eadp c\u1ee7a Zootunes - V\u01b0\u1eddn th\u00fa Woodland Park","isPartOf":{"@id":"https:\/\/zoo.org\/vi\/#website"},"primaryImageOfPage":{"@id":"https:\/\/zoo.org\/vi\/zootunes\/kha-nang-truy-cap-cua-zootunes\/#primaryimage"},"image":{"@id":"https:\/\/zoo.org\/vi\/zootunes\/kha-nang-truy-cap-cua-zootunes\/#primaryimage"},"thumbnailUrl":"https:\/\/zoo.org\/wp-content\/uploads\/2025\/09\/Zootunes-Aerial-Header-Image.jpg","datePublished":"2025-09-16T22:30:02+00:00","dateModified":"2026-03-24T17:39:36+00:00","breadcrumb":{"@id":"https:\/\/zoo.org\/vi\/zootunes\/kha-nang-truy-cap-cua-zootunes\/#breadcrumb"},"inLanguage":"vi","potentialAction":[{"@type":"ReadAction","target":["https:\/\/zoo.org\/vi\/zootunes\/kha-nang-truy-cap-cua-zootunes\/"]}]},{"@type":"ImageObject","inLanguage":"vi","@id":"https:\/\/zoo.org\/vi\/zootunes\/kha-nang-truy-cap-cua-zootunes\/#primaryimage","url":"https:\/\/zoo.org\/wp-content\/uploads\/2025\/09\/Zootunes-Aerial-Header-Image.jpg","contentUrl":"https:\/\/zoo.org\/wp-content\/uploads\/2025\/09\/Zootunes-Aerial-Header-Image.jpg"},{"@type":"BreadcrumbList","@id":"https:\/\/zoo.org\/vi\/zootunes\/kha-nang-truy-cap-cua-zootunes\/#breadcrumb","itemListElement":[{"@type":"ListItem","position":1,"name":"Trang ch\u1ee7","item":"https:\/\/zoo.org\/vi\/"},{"@type":"ListItem","position":2,"name":"Zootunes","item":"https:\/\/zoo.org\/vi\/zootunes\/"},{"@type":"ListItem","position":3,"name":"Kh\u1ea3 n\u0103ng truy c\u1eadp c\u1ee7a Zootunes"}]},{"@type":"WebSite","@id":"https:\/\/zoo.org\/vi\/#website","url":"https:\/\/zoo.org\/vi\/","name":"V\u01b0\u1eddn th\u00fa Woodland Park","description":"V\u01b0\u1eddn th\u00fa Woodland Park c\u1ee9u s\u1ed1ng \u0111\u1ed9ng v\u1eadt hoang d\u00e3 v\u00e0 truy\u1ec1n c\u1ea3m h\u1ee9ng cho m\u1ecdi ng\u01b0\u1eddi coi b\u1ea3o t\u1ed3n l\u00e0 \u01b0u ti\u00ean h\u00e0ng \u0111\u1ea7u trong cu\u1ed9c s\u1ed1ng c\u1ee7a m\u00ecnh.","publisher":{"@id":"https:\/\/zoo.org\/vi\/#organization"},"potentialAction":[{"@type":"SearchAction","target":{"@type":"EntryPoint","urlTemplate":"https:\/\/zoo.org\/vi\/?s={search_term_string}"},"query-input":{"@type":"PropertyValueSpecification","valueRequired":true,"valueName":"search_term_string"}}],"inLanguage":"vi"},{"@type":"Organization","@id":"https:\/\/zoo.org\/vi\/#organization","name":"V\u01b0\u1eddn th\u00fa Woodland Park","url":"https:\/\/zoo.org\/vi\/","logo":{"@type":"ImageObject","inLanguage":"vi","@id":"https:\/\/zoo.org\/vi\/#\/schema\/logo\/image\/","url":"https:\/\/zoo.org\/wp-content\/uploads\/2026\/01\/WPZ-Logo_white-SVG.svg?wsr","contentUrl":"https:\/\/zoo.org\/wp-content\/uploads\/2026\/01\/WPZ-Logo_white-SVG.svg?wsr","width":288,"height":282,"caption":"V\u01b0\u1eddn th\u00fa Woodland Park"},"image":{"@id":"https:\/\/zoo.org\/vi\/#\/schema\/logo\/image\/"}}]}},"taxonomy_info":[],"featured_image_src_large":false,"author_info":{"display_name":"jloughlin","author_link":"https:\/\/zoo.org\/vi\/author\/jloughlin\/"},"comment_info":0,"_links":{"self":[{"href":"https:\/\/zoo.org\/vi\/wp-json\/wp\/v2\/pages\/10897","targetHints":{"allow":["GET"]}}],"collection":[{"href":"https:\/\/zoo.org\/vi\/wp-json\/wp\/v2\/pages"}],"about":[{"href":"https:\/\/zoo.org\/vi\/wp-json\/wp\/v2\/types\/page"}],"author":[{"embeddable":true,"href":"https:\/\/zoo.org\/vi\/wp-json\/wp\/v2\/users\/1"}],"replies":[{"embeddable":true,"href":"https:\/\/zoo.org\/vi\/wp-json\/wp\/v2\/comments?post=10897"}],"version-history":[{"count":0,"href":"https:\/\/zoo.org\/vi\/wp-json\/wp\/v2\/pages\/10897\/revisions"}],"up":[{"embeddable":true,"href":"https:\/\/zoo.org\/vi\/wp-json\/wp\/v2\/pages\/12370"}],"wp:attachment":[{"href":"https:\/\/zoo.org\/vi\/wp-json\/wp\/v2\/media?parent=10897"}],"curies":[{"name":"wp","href":"https:\/\/api.w.org\/{rel}","templated":true}]}}