{"id":10904,"date":"2025-09-16T15:24:14","date_gmt":"2025-09-16T22:24:14","guid":{"rendered":"https:\/\/zoo.org\/chinh-sach-dia-diem\/"},"modified":"2026-03-24T10:40:25","modified_gmt":"2026-03-24T17:40:25","slug":"chinh-sach-dia-diem","status":"publish","type":"page","link":"https:\/\/zoo.org\/vi\/zootunes\/chinh-sach-dia-diem\/","title":{"rendered":"Ch\u00ednh s\u00e1ch \u0111\u1ecba \u0111i\u1ec3m Zootunes"},"content":{"rendered":"\n<div class=\"wp-block-cover alignfull hero\" style=\"margin-top:0;margin-bottom:0\"><img loading=\"lazy\" decoding=\"async\" width=\"1920\" height=\"400\" class=\"wp-block-cover__image-background wp-image-4895 size-full\" alt=\"A large crowd gathers on a grassy lawn for an outdoor concert, sitting on blankets and chairs in front of a stage surrounded by trees and greenery on a sunny day.\" src=\"https:\/\/zoo.org\/wp-content\/uploads\/2025\/09\/Zootunes-Aerial-Header-Image.jpg\" data-object-fit=\"cover\" srcset=\"https:\/\/zoo.org\/wp-content\/uploads\/2025\/09\/Zootunes-Aerial-Header-Image.jpg 1920w, https:\/\/zoo.org\/wp-content\/uploads\/2025\/09\/Zootunes-Aerial-Header-Image-300x63.jpg 300w, https:\/\/zoo.org\/wp-content\/uploads\/2025\/09\/Zootunes-Aerial-Header-Image-1024x213.jpg 1024w, https:\/\/zoo.org\/wp-content\/uploads\/2025\/09\/Zootunes-Aerial-Header-Image-768x160.jpg 768w, https:\/\/zoo.org\/wp-content\/uploads\/2025\/09\/Zootunes-Aerial-Header-Image-1536x320.jpg 1536w\" sizes=\"auto, (max-width: 1920px) 100vw, 1920px\" \/><span aria-hidden=\"true\" class=\"wp-block-cover__background has-background-dim-0 has-background-dim\" style=\"background-color:#585132\"><\/span><div class=\"wp-block-cover__inner-container is-layout-constrained wp-block-cover-is-layout-constrained\">\n<p class=\"has-text-align-center has-large-font-size\"><\/p>\n<\/div><\/div>\n\n<div class=\"wp-block-group is-layout-constrained wp-block-group-is-layout-constrained\" style=\"margin-top:2em;margin-bottom:3em\">\n<h1 class=\"wp-block-heading has-text-align-center\" style=\"margin-top:0.65em;margin-bottom:0.275em\">BECU Zootunes<\/h1>\n\n\n\n<p class=\"has-text-align-center has-palette-color-3-color has-text-color has-link-color wp-elements-ef93acb4fa0ea453cfc3b84e38c5e503\" style=\"margin-bottom:1em;font-size:clamp(0.984em, 0.984rem + ((1vw - 0.2em) * 0.645), 1.5em);font-style:normal;font-weight:500;line-height:1.5\"><strong>\u0110\u01b0\u1ee3c t\u00e0i tr\u1ee3 b\u1edfi Carter Subaru<\/strong><\/p>\n<\/div>\n\n<div class=\"wp-block-group alignfull divider is-layout-constrained wp-block-group-is-layout-constrained\">\n<h2 class=\"wp-block-heading alignfull has-text-align-center\">H\u01b0\u1edbng d\u1eabn l\u00e1i xe<\/h2>\n<\/div>\n\n<p>H\u00e3y t\u00ecm ph\u01b0\u01a1ng \u00e1n di chuy\u1ec3n t\u1ed1t nh\u1ea5t cho b\u1ea1n v\u00e0 nh\u00f3m c\u1ee7a m\u00ecnh \u2014 t\u1eeb b\u00e3i \u0111\u1eadu xe ngay t\u1ea1i ch\u1ed7 trong khu v\u1ef1c \u0111\u1eadu xe c\u1ee7a ch\u00fang t\u00f4i \u0111\u1ebfn th\u00f4ng tin v\u1ec1 \u0111i chung xe v\u00e0 xe bu\u00fdt, ch\u00fang t\u00f4i mu\u1ed1n b\u1ea1n t\u1eadn h\u01b0\u1edfng s\u1ef1 ki\u1ec7n c\u1ee7a m\u00ecnh ngay t\u1eeb khi \u0111\u1ebfn.<\/p>\n\n<p><strong>V\u01b0\u1eddn th\u00fa c\u00f3 nhi\u1ec1u b\u00e3i \u0111\u1ed7 xe d\u00e0nh cho vi\u1ec7c \u0111\u1eadu xe xem h\u00f2a nh\u1ea1c. Theo th\u1ee9 t\u1ef1 g\u1ea7n nh\u1ea5t v\u1edbi C\u1ed5ng T\u00e2y: <\/strong><\/p>\n\n<ul class=\"wp-block-list\">\n<li>B\u00e3i \u0111\u1eadu xe Penguin t\u1ea1i giao l\u1ed9 Phinney Ave. N. v\u00e0 N. 55th St. <\/li>\n\n\n\n<li>B\u00e3i \u0111\u1eadu xe Bear v\u00e0 Otter n\u1eb1m \u1edf \u0111\u01b0\u1eddng N. 59th St. v\u00e0 \u0111\u1ea1i l\u1ed9 Evanston. (C\u00f3 th\u1ec3 v\u00e0o b\u00e3i \u0111\u1eadu xe Otter t\u1eeb b\u00e3i \u0111\u1eadu xe Bear v\u00e0 Penguin.)<\/li>\n\n\n\n<li>B\u00e3i \u0111\u1eadu xe Flamingo t\u1ea1i giao l\u1ed9 \u0111\u01b0\u1eddng N. 50th St. v\u00e0 \u0111\u01b0\u1eddng Phinney Ave. N. <\/li>\n\n\n\n<li>B\u00e3i \u0111\u1eadu xe Lion Lot t\u1ea1i giao l\u1ed9 \u0111\u01b0\u1eddng N. 50th St. v\u00e0 \u0111\u01b0\u1eddng Fremont Ave. N. <\/li>\n<\/ul>\n\n<p><strong>L\u01afU \u00dd:<\/strong> C\u00f3 th\u1ec3 v\u00e0o C\u1ed5ng ph\u00eda T\u00e2y th\u00f4ng qua b\u00e3i \u0111\u1eadu xe Otter v\u00e0 Penguin. T\u1eeb b\u00e3i \u0111\u1eadu xe Otter, b\u1ea1n c\u00f3 th\u1ec3 v\u00e0o qua b\u00e3i \u0111\u1eadu xe Penguin tr\u00ean \u0111\u01b0\u1eddng Phinney Ave N., ho\u1eb7c b\u00e3i \u0111\u1eadu xe Bear tr\u00ean \u0111\u01b0\u1eddng N. 59th Street. <\/p>\n\n<p><strong>N\u1ebfu b\u1ea1n ch\u1ecdn \u0111\u1eadu xe \u1edf c\u00e1c khu d\u00e2n c\u01b0 xung quanh, vui l\u00f2ng tu\u00e2n th\u1ee7 lu\u1eadt \u0111\u1eadu xe c\u1ee7a Seattle v\u00e0 \u0111\u1ec3 kho\u1ea3ng c\u00e1ch 5 feet (kho\u1ea3ng 1,5 m\u00e9t) \u1edf m\u1ed7i b\u00ean l\u1ed1i v\u00e0o nh\u00e0. Vui l\u00f2ng gi\u1eef g\u00ecn tr\u1eadt t\u1ef1 v\u00e0 h\u1ea1n ch\u1ebf ti\u1ebfng \u1ed3n sau bu\u1ed5i h\u00f2a nh\u1ea1c. V\u00e0 quan tr\u1ecdng nh\u1ea5t, n\u1ebfu b\u1ea1n ch\u1eafn l\u1ed1i v\u00e0o nh\u00e0 c\u1ee7a ai \u0111\u00f3, xe c\u1ee7a b\u1ea1n s\u1ebd b\u1ecb k\u00e9o \u0111i.  <\/strong><\/p>\n\n<p><em>*C\u00f3 th\u00eam ch\u1ed7 \u0111\u1eadu xe t\u1ea1i C\u00f4ng vi\u00ean Lower Woodland, giao l\u1ed9 \u0111\u01b0\u1eddng N. 50th v\u00e0 \u0111\u01b0\u1eddng Aurora Ave. N, c\u00e1ch l\u1ed1i v\u00e0o ph\u00eda Nam kho\u1ea3ng 0,1 d\u1eb7m. <\/em><\/p>\n\n<div class=\"wp-block-group alignfull divider is-layout-constrained wp-block-group-is-layout-constrained\">\n<h2 class=\"wp-block-heading alignfull has-text-align-center\">\u0110\u1ed6 XE<\/h2>\n<\/div>\n\n<p>Qu\u00fd kh\u00e1ch c\u00f3 th\u1ec3 thanh to\u00e1n \u0111i\u1ec7n t\u1eed th\u00f4ng qua \u1ee9ng d\u1ee5ng \u0111\u1ed7 xe. \u1ee8ng d\u1ee5ng PayByPhone c\u00f3 s\u1eb5n tr\u00ean App Store cho iPhone v\u00e0 Google Play cho Android. Qu\u00fd kh\u00e1ch c\u0169ng c\u00f3 th\u1ec3 thanh to\u00e1n tr\u1ef1c ti\u1ebfp t\u1ea1i ch\u1ed7 b\u1eb1ng c\u00e1ch truy c\u1eadp <a href=\"https:\/\/www.PayByPhone.com\" target=\"_blank\" rel=\"noreferrer noopener\">www.PayByPhone.com<\/a> ho\u1eb7c g\u1ecdi \u0111i\u1ec7n \u0111\u1ebfn s\u1ed1 (888) 515-7275. Ch\u00fang t\u00f4i khuy\u1ebfn kh\u00edch qu\u00fd kh\u00e1ch thanh to\u00e1n \u0111i\u1ec7n t\u1eed.   <\/p>\n\n<p>\u0110\u1ed1i v\u1edbi nh\u1eefng du kh\u00e1ch kh\u00f4ng th\u1ec3 t\u1ea3i \u1ee9ng d\u1ee5ng, qu\u00fd kh\u00e1ch c\u00f3 th\u1ec3 thanh to\u00e1n t\u1ea1i c\u1ed5ng ph\u00eda T\u00e2y. Vui l\u00f2ng ghi nh\u1edb bi\u1ec3n s\u1ed1 xe c\u1ee7a m\u00ecnh \u0111\u1ec3 \u0111\u1ea3m b\u1ea3o xe c\u1ee7a qu\u00fd kh\u00e1ch \u0111\u01b0\u1ee3c ghi nh\u1eadn l\u00e0 \u0111\u00e3 &#8220;thanh to\u00e1n&#8221;. <\/p>\n\n<p>Kh\u00e1ch c\u00f3 bi\u1ec3n b\u00e1o ho\u1eb7c bi\u1ec3n s\u1ed1 xe d\u00e0nh cho ng\u01b0\u1eddi khuy\u1ebft t\u1eadt c\u1ee7a ti\u1ec3u bang c\u00f3 th\u1ec3 \u0111\u1ed7 xe t\u1ea1i khu v\u1ef1c \u0111\u01b0\u1ee3c ch\u1ec9 \u0111\u1ecbnh trong m\u1ed9t s\u1ed1 b\u00e3i \u0111\u1ed7 xe nh\u1ea5t \u0111\u1ecbnh theo nguy\u00ean t\u1eafc ai \u0111\u1ebfn tr\u01b0\u1edbc \u0111\u01b0\u1ee3c ph\u1ee5c v\u1ee5 tr\u01b0\u1edbc. B\u00e3i \u0111\u1ed7 xe g\u1ea7n \u0111\u1ecba \u0111i\u1ec3m t\u1ed5 ch\u1ee9c h\u00f2a nh\u1ea1c nh\u1ea5t l\u00e0 B\u00e3i \u0111\u1ed7 xe Penguin t\u1ea1i giao l\u1ed9 Phinney Ave. N. v\u00e0 N. 55th St.  <\/p>\n\n<p>C\u00e1c ch\u1ed7 \u0111\u1eadu xe d\u00e0nh cho ng\u01b0\u1eddi khuy\u1ebft t\u1eadt (ADA) th\u01b0\u1eddng h\u1ebft r\u1ea5t nhanh, v\u00ec v\u1eady kh\u00e1ch c\u0169ng c\u00f3 th\u1ec3 s\u1eed d\u1ee5ng b\u00e3i \u0111\u1eadu xe Otter \u0111\u1ec3 \u0111\u01b0a \u0111\u00f3n nh\u1eefng ng\u01b0\u1eddi khuy\u1ebft t\u1eadt ho\u1eb7c b\u1ea5t k\u1ef3 ai kh\u00f4ng th\u1ec3 \u0111i b\u1ed9 t\u1eeb khu v\u1ef1c \u0111\u1eadu xe \u0111\u1ebfn \u0111\u1ecba \u0111i\u1ec3m t\u1ed5 ch\u1ee9c s\u1ef1 ki\u1ec7n.<\/p>\n\n<p>Nh\u00e2n vi\u00ean v\u00e0 t\u00ecnh nguy\u1ec7n vi\u00ean lu\u00f4n s\u1eb5n s\u00e0ng h\u1ed7 tr\u1ee3 gi\u1ea3i \u0111\u00e1p th\u1eafc m\u1eafc v\u00e0 ch\u1ec9 d\u1eabn b\u1ea5t c\u1ee9 l\u00fac n\u00e0o.<\/p>\n\n<h3 class=\"wp-block-heading\">B\u00e3i \u0111\u1eadu xe cao c\u1ea5p hi\u1ec7n \u0111\u00e3 c\u00f3 s\u1eb5n!<\/h3>\n\n<p>Kh\u00f4ng c\u1ea7n ph\u1ea3i m\u1ea5t c\u00f4ng t\u00ecm ch\u1ed7 \u0111\u1eadu xe, h\u00e3y \u0111\u1eb7t tr\u01b0\u1edbc m\u1ed9t ch\u1ed7 t\u1ea1i m\u1ed9t trong <a href=\"https:\/\/eventpass.justpark.com\/woodland-park-zoo-parking\/listings\/events\" target=\"_blank\" rel=\"noreferrer noopener\">nh\u1eefng b\u00e3i \u0111\u1eadu xe cao c\u1ea5p JustPark Premium<\/a> c\u1ee7a ch\u00fang t\u00f4i:<\/p>\n\n<p>S\u1ebd c\u00f3 ch\u1ed7 \u0111\u1eadu xe d\u00e0nh ri\u00eang t\u1ea1i m\u1ed9t s\u1ed1 v\u1ecb tr\u00ed ch\u1ecdn l\u1ecdc trong khu v\u1ef1c Otter Lot, Penguin Lot v\u00e0 Flamingo Lot. Th\u00f4ng tin chi ti\u1ebft h\u01a1n s\u1ebd \u0111\u01b0\u1ee3c cung c\u1ea5p g\u1ea7n th\u1eddi \u0111i\u1ec3m di\u1ec5n ra bu\u1ed5i h\u00f2a nh\u1ea1c ZooTunes \u0111\u1ea7u ti\u00ean c\u1ee7a ch\u00fang t\u00f4i. <\/p>\n\n<p><em>B\u1ea1n c\u00f3 th\u1ec3 \u0111\u1eb7t ch\u1ed7 tr\u01b0\u1edbc t\u1ea1i \u0111\u00e2y ho\u1eb7c thanh to\u00e1n v\u00e0o ng\u00e0y tham d\u1ef1, t\u00f9y thu\u1ed9c v\u00e0o t\u00ecnh tr\u1ea1ng ch\u1ed7 tr\u1ed1ng.<\/em><\/p>\n\n<h3 class=\"wp-block-heading\">\u0110\u1ed7 xe ti\u00eau chu\u1ea9n<\/h3>\n\n<p>Kh\u00e1ch tham quan c\u0169ng c\u00f3 th\u1ec3 l\u1ef1a ch\u1ecdn \u0111\u1eadu xe t\u1ea1i c\u00e1c b\u00e3i \u0111\u1eadu xe thu\u1eadn ti\u1ec7n trong s\u1edf th\u00fa. Ph\u00ed \u0111\u1eadu xe t\u1ea1i t\u1ea5t c\u1ea3 c\u00e1c b\u00e3i \u0111\u1eadu xe kh\u00f4ng \u0111\u1eb7t tr\u01b0\u1edbc l\u00e0 15 \u0111\u00f4 la (ch\u01b0a bao g\u1ed3m thu\u1ebf v\u00e0 ph\u00ed). <\/p>\n\n<p><em>Kh\u00f4ng \u0111\u01b0\u1ee3c ph\u00e9p \u0111\u1eadu xe qua \u0111\u00eam trong c\u00e1c b\u00e3i \u0111\u1eadu xe c\u1ee7a s\u1edf th\u00fa. Ch\u1ec9 \u0111\u01b0\u1ee3c ph\u00e9p \u0111\u1eadu xe bu\u00fdt\/xe RV \u1edf b\u00e3i \u0111\u1eadu xe Lion.<\/em><\/p>\n\n<h3 class=\"wp-block-heading\">Tr\u1ea1m s\u1ea1c xe \u0111i\u1ec7n<\/h3>\n\n<p>C\u00f3 b\u1ed1n tr\u1ea1m s\u1ea1c Eluminocity t\u1ea1i b\u00e3i \u0111\u1ed7 xe Otter g\u1ea7n l\u1ed1i v\u00e0o ph\u00eda T\u00e2y v\u00e0 hai tr\u1ea1m s\u1ea1c Eluminocity t\u1ea1i b\u00e3i \u0111\u1ed7 xe Lion g\u1ea7n l\u1ed1i v\u00e0o ph\u00eda Nam. Ph\u00ed \u0111\u1ed7 xe v\u00e0 ph\u00ed s\u1ea1c \u0111\u01b0\u1ee3c \u00e1p d\u1ee5ng. <\/p>\n\n<div class=\"wp-block-columns is-layout-flex wp-container-core-columns-is-layout-bd8107d2 wp-block-columns-is-layout-flex\" style=\"margin-top:2.5em;margin-bottom:2.5em\">\n<div class=\"wp-block-column has-palette-color-17-background-color has-background is-layout-flow wp-container-core-column-is-layout-492b06a7 wp-block-column-is-layout-flow\" style=\"padding-top:25px;padding-right:25px;padding-bottom:25px;padding-left:25px\">\n<h4 class=\"wp-block-heading\" style=\"margin-bottom:1em\">B\u1eb1ng xe \u0111\u1ea1p<\/h4>\n\n\n\n<p style=\"margin-bottom:1em\">C\u00f3 m\u1ed9t s\u1ed1 ch\u1ed7 \u0111\u1ed7 xe \u0111\u1ea1p c\u00f3 m\u00e1i che h\u1ea1n ch\u1ebf t\u1ea1i l\u1ed1i v\u00e0o ph\u00eda T\u00e2y c\u1ee7a v\u01b0\u1eddn th\u00fa.<\/p>\n<\/div>\n\n\n\n<div class=\"wp-block-column has-palette-color-17-background-color has-background is-layout-flow wp-container-core-column-is-layout-492b06a7 wp-block-column-is-layout-flow\" style=\"padding-top:25px;padding-right:25px;padding-bottom:25px;padding-left:25px\">\n<h4 class=\"wp-block-heading\" style=\"margin-bottom:1em\">B\u1eb1ng ph\u01b0\u01a1ng ti\u1ec7n c\u00f4ng c\u1ed9ng<\/h4>\n\n\n\n<p style=\"margin-bottom:1em\">\u0110i xe bu\u00fdt Metro s\u1ed1 5 h\u01b0\u1edbng B\u1eafc ho\u1eb7c Nam \u0111\u1ebfn ng\u00e3 t\u01b0 Phinney Ave. N. v\u00e0 N. 55th St. \u0111\u1ec3 \u0111\u1ebfn C\u1ed5ng ph\u00eda T\u00e2y. <\/p>\n<\/div>\n<\/div>\n\n<p>\u0110\u1ed1i v\u1edbi t\u1ea5t c\u1ea3 c\u00e1c c\u00e2u h\u1ecfi kh\u00e1c, vui l\u00f2ng g\u1eedi email \u0111\u1ebfn <a href=\"mailto:concerts@zoo.org\">concerts@zoo.org<\/a><\/p>\n","protected":false},"excerpt":{"rendered":"<p>BECU Zootunes \u0110\u01b0\u1ee3c t\u00e0i tr\u1ee3 b\u1edfi Carter Subaru H\u01b0\u1edbng d\u1eabn l\u00e1i xe H\u00e3y t\u00ecm ph\u01b0\u01a1ng \u00e1n di chuy\u1ec3n t\u1ed1t nh\u1ea5t cho b\u1ea1n v\u00e0 nh\u00f3m c\u1ee7a m\u00ecnh \u2014 t\u1eeb b\u00e3i \u0111\u1eadu [&hellip;]<\/p>\n","protected":false},"author":1,"featured_media":0,"parent":12370,"menu_order":0,"comment_status":"closed","ping_status":"closed","template":"","meta":{"_acf_changed":false,"_kad_blocks_custom_css":"","_kad_blocks_head_custom_js":"","_kad_blocks_body_custom_js":"","_kad_blocks_footer_custom_js":"","footnotes":""},"class_list":["post-10904","page","type-page","status-publish","hentry"],"blocksy_meta":[],"acf":[],"yoast_head":"<!-- This site is optimized with the Yoast SEO plugin v27.4 - https:\/\/yoast.com\/product\/yoast-seo-wordpress\/ -->\n<title>Ch\u00ednh s\u00e1ch \u0111\u1ecba \u0111i\u1ec3m Zootunes - V\u01b0\u1eddn th\u00fa Woodland Park<\/title>\n<meta name=\"description\" content=\"BECU ZooTunes, chu\u1ed7i h\u00f2a nh\u1ea1c ngo\u00e0i tr\u1eddi m\u00f9a h\u00e8 do Carter Subaru t\u00e0i tr\u1ee3, \u0111\u01b0\u1ee3c t\u1ed5 ch\u1ee9c t\u1ea1i V\u01b0\u1eddn th\u00fa Woodland Park \u1edf Seattle.\" \/>\n<meta name=\"robots\" content=\"index, follow, max-snippet:-1, max-image-preview:large, max-video-preview:-1\" \/>\n<link rel=\"canonical\" href=\"https:\/\/zoo.org\/vi\/zootunes\/chinh-sach-dia-diem\/\" \/>\n<meta property=\"og:locale\" content=\"vi_VN\" \/>\n<meta property=\"og:type\" content=\"article\" \/>\n<meta property=\"og:title\" content=\"Ch\u00ednh s\u00e1ch \u0111\u1ecba \u0111i\u1ec3m Zootunes - V\u01b0\u1eddn th\u00fa Woodland Park\" \/>\n<meta property=\"og:description\" content=\"BECU ZooTunes, chu\u1ed7i h\u00f2a nh\u1ea1c ngo\u00e0i tr\u1eddi m\u00f9a h\u00e8 do Carter Subaru t\u00e0i tr\u1ee3, \u0111\u01b0\u1ee3c t\u1ed5 ch\u1ee9c t\u1ea1i V\u01b0\u1eddn th\u00fa Woodland Park \u1edf Seattle.\" \/>\n<meta property=\"og:url\" content=\"https:\/\/zoo.org\/vi\/zootunes\/chinh-sach-dia-diem\/\" \/>\n<meta property=\"og:site_name\" content=\"V\u01b0\u1eddn th\u00fa Woodland Park\" \/>\n<meta property=\"article:modified_time\" content=\"2026-03-24T17:40:25+00:00\" \/>\n<meta property=\"og:image\" content=\"https:\/\/zoo.org\/wp-content\/uploads\/2025\/09\/Zootunes-Aerial-Header-Image.jpg?wsr\" \/>\n\t<meta property=\"og:image:width\" content=\"1920\" \/>\n\t<meta property=\"og:image:height\" content=\"400\" \/>\n\t<meta property=\"og:image:type\" content=\"image\/jpeg\" \/>\n<meta name=\"twitter:card\" content=\"summary_large_image\" \/>\n<script type=\"application\/ld+json\" class=\"yoast-schema-graph\">{\"@context\":\"https:\\\/\\\/schema.org\",\"@graph\":[{\"@type\":\"WebPage\",\"@id\":\"https:\\\/\\\/zoo.org\\\/vi\\\/zootunes\\\/chinh-sach-dia-diem\\\/\",\"url\":\"https:\\\/\\\/zoo.org\\\/vi\\\/zootunes\\\/chinh-sach-dia-diem\\\/\",\"name\":\"Ch\u00ednh s\u00e1ch \u0111\u1ecba \u0111i\u1ec3m Zootunes - V\u01b0\u1eddn th\u00fa Woodland Park\",\"isPartOf\":{\"@id\":\"https:\\\/\\\/zoo.org\\\/vi\\\/#website\"},\"primaryImageOfPage\":{\"@id\":\"https:\\\/\\\/zoo.org\\\/vi\\\/zootunes\\\/chinh-sach-dia-diem\\\/#primaryimage\"},\"image\":{\"@id\":\"https:\\\/\\\/zoo.org\\\/vi\\\/zootunes\\\/chinh-sach-dia-diem\\\/#primaryimage\"},\"thumbnailUrl\":\"https:\\\/\\\/zoo.org\\\/wp-content\\\/uploads\\\/2025\\\/09\\\/Zootunes-Aerial-Header-Image.jpg\",\"datePublished\":\"2025-09-16T22:24:14+00:00\",\"dateModified\":\"2026-03-24T17:40:25+00:00\",\"description\":\"BECU ZooTunes, chu\u1ed7i h\u00f2a nh\u1ea1c ngo\u00e0i tr\u1eddi m\u00f9a h\u00e8 do Carter Subaru t\u00e0i tr\u1ee3, \u0111\u01b0\u1ee3c t\u1ed5 ch\u1ee9c t\u1ea1i V\u01b0\u1eddn th\u00fa Woodland Park \u1edf Seattle.\",\"breadcrumb\":{\"@id\":\"https:\\\/\\\/zoo.org\\\/vi\\\/zootunes\\\/chinh-sach-dia-diem\\\/#breadcrumb\"},\"inLanguage\":\"vi\",\"potentialAction\":[{\"@type\":\"ReadAction\",\"target\":[\"https:\\\/\\\/zoo.org\\\/vi\\\/zootunes\\\/chinh-sach-dia-diem\\\/\"]}]},{\"@type\":\"ImageObject\",\"inLanguage\":\"vi\",\"@id\":\"https:\\\/\\\/zoo.org\\\/vi\\\/zootunes\\\/chinh-sach-dia-diem\\\/#primaryimage\",\"url\":\"https:\\\/\\\/zoo.org\\\/wp-content\\\/uploads\\\/2025\\\/09\\\/Zootunes-Aerial-Header-Image.jpg\",\"contentUrl\":\"https:\\\/\\\/zoo.org\\\/wp-content\\\/uploads\\\/2025\\\/09\\\/Zootunes-Aerial-Header-Image.jpg\"},{\"@type\":\"BreadcrumbList\",\"@id\":\"https:\\\/\\\/zoo.org\\\/vi\\\/zootunes\\\/chinh-sach-dia-diem\\\/#breadcrumb\",\"itemListElement\":[{\"@type\":\"ListItem\",\"position\":1,\"name\":\"Trang ch\u1ee7\",\"item\":\"https:\\\/\\\/zoo.org\\\/vi\\\/\"},{\"@type\":\"ListItem\",\"position\":2,\"name\":\"Zootunes\",\"item\":\"https:\\\/\\\/zoo.org\\\/vi\\\/zootunes\\\/\"},{\"@type\":\"ListItem\",\"position\":3,\"name\":\"Ch\u00ednh s\u00e1ch \u0111\u1ecba \u0111i\u1ec3m Zootunes\"}]},{\"@type\":\"WebSite\",\"@id\":\"https:\\\/\\\/zoo.org\\\/vi\\\/#website\",\"url\":\"https:\\\/\\\/zoo.org\\\/vi\\\/\",\"name\":\"V\u01b0\u1eddn th\u00fa Woodland Park\",\"description\":\"V\u01b0\u1eddn th\u00fa Woodland Park c\u1ee9u s\u1ed1ng \u0111\u1ed9ng v\u1eadt hoang d\u00e3 v\u00e0 truy\u1ec1n c\u1ea3m h\u1ee9ng cho m\u1ecdi ng\u01b0\u1eddi coi b\u1ea3o t\u1ed3n l\u00e0 \u01b0u ti\u00ean h\u00e0ng \u0111\u1ea7u trong cu\u1ed9c s\u1ed1ng c\u1ee7a m\u00ecnh.\",\"publisher\":{\"@id\":\"https:\\\/\\\/zoo.org\\\/vi\\\/#organization\"},\"potentialAction\":[{\"@type\":\"SearchAction\",\"target\":{\"@type\":\"EntryPoint\",\"urlTemplate\":\"https:\\\/\\\/zoo.org\\\/vi\\\/?s={search_term_string}\"},\"query-input\":{\"@type\":\"PropertyValueSpecification\",\"valueRequired\":true,\"valueName\":\"search_term_string\"}}],\"inLanguage\":\"vi\"},{\"@type\":\"Organization\",\"@id\":\"https:\\\/\\\/zoo.org\\\/vi\\\/#organization\",\"name\":\"V\u01b0\u1eddn th\u00fa Woodland Park\",\"url\":\"https:\\\/\\\/zoo.org\\\/vi\\\/\",\"logo\":{\"@type\":\"ImageObject\",\"inLanguage\":\"vi\",\"@id\":\"https:\\\/\\\/zoo.org\\\/vi\\\/#\\\/schema\\\/logo\\\/image\\\/\",\"url\":\"https:\\\/\\\/zoo.org\\\/wp-content\\\/uploads\\\/2026\\\/01\\\/WPZ-Logo_white-SVG.svg?wsr\",\"contentUrl\":\"https:\\\/\\\/zoo.org\\\/wp-content\\\/uploads\\\/2026\\\/01\\\/WPZ-Logo_white-SVG.svg?wsr\",\"width\":288,\"height\":282,\"caption\":\"V\u01b0\u1eddn th\u00fa Woodland Park\"},\"image\":{\"@id\":\"https:\\\/\\\/zoo.org\\\/vi\\\/#\\\/schema\\\/logo\\\/image\\\/\"}}]}<\/script>\n<!-- \/ Yoast SEO plugin. -->","yoast_head_json":{"title":"Ch\u00ednh s\u00e1ch \u0111\u1ecba \u0111i\u1ec3m Zootunes - V\u01b0\u1eddn th\u00fa Woodland Park","description":"BECU ZooTunes, chu\u1ed7i h\u00f2a nh\u1ea1c ngo\u00e0i tr\u1eddi m\u00f9a h\u00e8 do Carter Subaru t\u00e0i tr\u1ee3, \u0111\u01b0\u1ee3c t\u1ed5 ch\u1ee9c t\u1ea1i V\u01b0\u1eddn th\u00fa Woodland Park \u1edf Seattle.","robots":{"index":"index","follow":"follow","max-snippet":"max-snippet:-1","max-image-preview":"max-image-preview:large","max-video-preview":"max-video-preview:-1"},"canonical":"https:\/\/zoo.org\/vi\/zootunes\/chinh-sach-dia-diem\/","og_locale":"vi_VN","og_type":"article","og_title":"Ch\u00ednh s\u00e1ch \u0111\u1ecba \u0111i\u1ec3m Zootunes - V\u01b0\u1eddn th\u00fa Woodland Park","og_description":"BECU ZooTunes, chu\u1ed7i h\u00f2a nh\u1ea1c ngo\u00e0i tr\u1eddi m\u00f9a h\u00e8 do Carter Subaru t\u00e0i tr\u1ee3, \u0111\u01b0\u1ee3c t\u1ed5 ch\u1ee9c t\u1ea1i V\u01b0\u1eddn th\u00fa Woodland Park \u1edf Seattle.","og_url":"https:\/\/zoo.org\/vi\/zootunes\/chinh-sach-dia-diem\/","og_site_name":"V\u01b0\u1eddn th\u00fa Woodland Park","article_modified_time":"2026-03-24T17:40:25+00:00","og_image":[{"width":1920,"height":400,"url":"https:\/\/zoo.org\/wp-content\/uploads\/2025\/09\/Zootunes-Aerial-Header-Image.jpg?wsr","type":"image\/jpeg"}],"twitter_card":"summary_large_image","schema":{"@context":"https:\/\/schema.org","@graph":[{"@type":"WebPage","@id":"https:\/\/zoo.org\/vi\/zootunes\/chinh-sach-dia-diem\/","url":"https:\/\/zoo.org\/vi\/zootunes\/chinh-sach-dia-diem\/","name":"Ch\u00ednh s\u00e1ch \u0111\u1ecba \u0111i\u1ec3m Zootunes - V\u01b0\u1eddn th\u00fa Woodland Park","isPartOf":{"@id":"https:\/\/zoo.org\/vi\/#website"},"primaryImageOfPage":{"@id":"https:\/\/zoo.org\/vi\/zootunes\/chinh-sach-dia-diem\/#primaryimage"},"image":{"@id":"https:\/\/zoo.org\/vi\/zootunes\/chinh-sach-dia-diem\/#primaryimage"},"thumbnailUrl":"https:\/\/zoo.org\/wp-content\/uploads\/2025\/09\/Zootunes-Aerial-Header-Image.jpg","datePublished":"2025-09-16T22:24:14+00:00","dateModified":"2026-03-24T17:40:25+00:00","description":"BECU ZooTunes, chu\u1ed7i h\u00f2a nh\u1ea1c ngo\u00e0i tr\u1eddi m\u00f9a h\u00e8 do Carter Subaru t\u00e0i tr\u1ee3, \u0111\u01b0\u1ee3c t\u1ed5 ch\u1ee9c t\u1ea1i V\u01b0\u1eddn th\u00fa Woodland Park \u1edf Seattle.","breadcrumb":{"@id":"https:\/\/zoo.org\/vi\/zootunes\/chinh-sach-dia-diem\/#breadcrumb"},"inLanguage":"vi","potentialAction":[{"@type":"ReadAction","target":["https:\/\/zoo.org\/vi\/zootunes\/chinh-sach-dia-diem\/"]}]},{"@type":"ImageObject","inLanguage":"vi","@id":"https:\/\/zoo.org\/vi\/zootunes\/chinh-sach-dia-diem\/#primaryimage","url":"https:\/\/zoo.org\/wp-content\/uploads\/2025\/09\/Zootunes-Aerial-Header-Image.jpg","contentUrl":"https:\/\/zoo.org\/wp-content\/uploads\/2025\/09\/Zootunes-Aerial-Header-Image.jpg"},{"@type":"BreadcrumbList","@id":"https:\/\/zoo.org\/vi\/zootunes\/chinh-sach-dia-diem\/#breadcrumb","itemListElement":[{"@type":"ListItem","position":1,"name":"Trang ch\u1ee7","item":"https:\/\/zoo.org\/vi\/"},{"@type":"ListItem","position":2,"name":"Zootunes","item":"https:\/\/zoo.org\/vi\/zootunes\/"},{"@type":"ListItem","position":3,"name":"Ch\u00ednh s\u00e1ch \u0111\u1ecba \u0111i\u1ec3m Zootunes"}]},{"@type":"WebSite","@id":"https:\/\/zoo.org\/vi\/#website","url":"https:\/\/zoo.org\/vi\/","name":"V\u01b0\u1eddn th\u00fa Woodland Park","description":"V\u01b0\u1eddn th\u00fa Woodland Park c\u1ee9u s\u1ed1ng \u0111\u1ed9ng v\u1eadt hoang d\u00e3 v\u00e0 truy\u1ec1n c\u1ea3m h\u1ee9ng cho m\u1ecdi ng\u01b0\u1eddi coi b\u1ea3o t\u1ed3n l\u00e0 \u01b0u ti\u00ean h\u00e0ng \u0111\u1ea7u trong cu\u1ed9c s\u1ed1ng c\u1ee7a m\u00ecnh.","publisher":{"@id":"https:\/\/zoo.org\/vi\/#organization"},"potentialAction":[{"@type":"SearchAction","target":{"@type":"EntryPoint","urlTemplate":"https:\/\/zoo.org\/vi\/?s={search_term_string}"},"query-input":{"@type":"PropertyValueSpecification","valueRequired":true,"valueName":"search_term_string"}}],"inLanguage":"vi"},{"@type":"Organization","@id":"https:\/\/zoo.org\/vi\/#organization","name":"V\u01b0\u1eddn th\u00fa Woodland Park","url":"https:\/\/zoo.org\/vi\/","logo":{"@type":"ImageObject","inLanguage":"vi","@id":"https:\/\/zoo.org\/vi\/#\/schema\/logo\/image\/","url":"https:\/\/zoo.org\/wp-content\/uploads\/2026\/01\/WPZ-Logo_white-SVG.svg?wsr","contentUrl":"https:\/\/zoo.org\/wp-content\/uploads\/2026\/01\/WPZ-Logo_white-SVG.svg?wsr","width":288,"height":282,"caption":"V\u01b0\u1eddn th\u00fa Woodland Park"},"image":{"@id":"https:\/\/zoo.org\/vi\/#\/schema\/logo\/image\/"}}]}},"taxonomy_info":[],"featured_image_src_large":false,"author_info":{"display_name":"jloughlin","author_link":"https:\/\/zoo.org\/vi\/author\/jloughlin\/"},"comment_info":0,"_links":{"self":[{"href":"https:\/\/zoo.org\/vi\/wp-json\/wp\/v2\/pages\/10904","targetHints":{"allow":["GET"]}}],"collection":[{"href":"https:\/\/zoo.org\/vi\/wp-json\/wp\/v2\/pages"}],"about":[{"href":"https:\/\/zoo.org\/vi\/wp-json\/wp\/v2\/types\/page"}],"author":[{"embeddable":true,"href":"https:\/\/zoo.org\/vi\/wp-json\/wp\/v2\/users\/1"}],"replies":[{"embeddable":true,"href":"https:\/\/zoo.org\/vi\/wp-json\/wp\/v2\/comments?post=10904"}],"version-history":[{"count":0,"href":"https:\/\/zoo.org\/vi\/wp-json\/wp\/v2\/pages\/10904\/revisions"}],"up":[{"embeddable":true,"href":"https:\/\/zoo.org\/vi\/wp-json\/wp\/v2\/pages\/12370"}],"wp:attachment":[{"href":"https:\/\/zoo.org\/vi\/wp-json\/wp\/v2\/media?parent=10904"}],"curies":[{"name":"wp","href":"https:\/\/api.w.org\/{rel}","templated":true}]}}