{"id":10919,"date":"2025-09-16T15:48:12","date_gmt":"2025-09-16T22:48:12","guid":{"rendered":"https:\/\/zoo.org\/dieu-khoan-va-dich-vu-cua-suites\/"},"modified":"2026-02-26T12:35:55","modified_gmt":"2026-02-26T20:35:55","slug":"dieu-khoan-va-dich-vu-cua-suites","status":"publish","type":"page","link":"https:\/\/zoo.org\/vi\/zootunes\/zootunes-suites\/dieu-khoan-va-dich-vu-cua-suites\/","title":{"rendered":"\u0110i\u1ec1u kho\u1ea3n v\u00e0 d\u1ecbch v\u1ee5 c\u1ee7a Suites"},"content":{"rendered":"\n<div class=\"wp-block-cover alignfull hero-event\" style=\"margin-top:0;margin-bottom:0\"><img loading=\"lazy\" decoding=\"async\" width=\"1920\" height=\"600\" class=\"wp-block-cover__image-background wp-image-19586 size-full\" alt=\"Colorful abstract design with a yellow wolf howling on the right, surrounded by vibrant circular shapes, yellow and green flowers, and leaves, set against a teal background with ample empty space on the left.\" src=\"https:\/\/zoo.org\/wp-content\/uploads\/2026\/02\/Zootunes-Header-Graphic-1920x600-web.jpg\" data-object-fit=\"cover\" srcset=\"https:\/\/zoo.org\/wp-content\/uploads\/2026\/02\/Zootunes-Header-Graphic-1920x600-web.jpg 1920w, https:\/\/zoo.org\/wp-content\/uploads\/2026\/02\/Zootunes-Header-Graphic-1920x600-web-300x94.jpg 300w, https:\/\/zoo.org\/wp-content\/uploads\/2026\/02\/Zootunes-Header-Graphic-1920x600-web-1024x320.jpg 1024w, https:\/\/zoo.org\/wp-content\/uploads\/2026\/02\/Zootunes-Header-Graphic-1920x600-web-150x47.jpg 150w, https:\/\/zoo.org\/wp-content\/uploads\/2026\/02\/Zootunes-Header-Graphic-1920x600-web-768x240.jpg 768w, https:\/\/zoo.org\/wp-content\/uploads\/2026\/02\/Zootunes-Header-Graphic-1920x600-web-1536x480.jpg 1536w\" sizes=\"auto, (max-width: 1920px) 100vw, 1920px\" \/><span aria-hidden=\"true\" class=\"wp-block-cover__background has-background-dim-0 has-background-dim\" style=\"background-color:#598880\"><\/span><div class=\"wp-block-cover__inner-container is-layout-constrained wp-block-cover-is-layout-constrained\"><style>.kb-image4903_18be6a-03.kb-image-is-ratio-size, .kb-image4903_18be6a-03 .kb-image-is-ratio-size{max-width:700px;width:100%;}.wp-block-kadence-column > .kt-inside-inner-col > .kb-image4903_18be6a-03.kb-image-is-ratio-size, .wp-block-kadence-column > .kt-inside-inner-col > .kb-image4903_18be6a-03 .kb-image-is-ratio-size{align-self:unset;}.kb-image4903_18be6a-03 figure{max-width:700px;}.kb-image4903_18be6a-03 .image-is-svg, .kb-image4903_18be6a-03 .image-is-svg img{width:100%;}.kb-image4903_18be6a-03 .kb-image-has-overlay:after{opacity:0.3;}@media all and (max-width: 767px){.kb-image4903_18be6a-03.kb-image-is-ratio-size, .kb-image4903_18be6a-03 .kb-image-is-ratio-size{max-width:260px;width:100%;}.kb-image4903_18be6a-03 figure{max-width:260px;}}<\/style>\n<div class=\"wp-block-kadence-image kb-image4903_18be6a-03\"><figure class=\"aligncenter size-full\"><img loading=\"lazy\" decoding=\"async\" width=\"852\" height=\"260\" src=\"https:\/\/zoo.org\/wp-content\/uploads\/2026\/02\/ZooTunes-logo.png\" alt=\"Logo for BECU ZooTunes presented by Carter Subaru, with BECU in yellow and ZooTunes presented by Carter Subaru in white on a light gray background.\" class=\"kb-img wp-image-19273\" srcset=\"https:\/\/zoo.org\/wp-content\/uploads\/2026\/02\/ZooTunes-logo.png 852w, https:\/\/zoo.org\/wp-content\/uploads\/2026\/02\/ZooTunes-logo-300x92.png 300w, https:\/\/zoo.org\/wp-content\/uploads\/2026\/02\/ZooTunes-logo-150x46.png 150w, https:\/\/zoo.org\/wp-content\/uploads\/2026\/02\/ZooTunes-logo-768x234.png 768w\" sizes=\"auto, (max-width: 852px) 100vw, 852px\" \/><\/figure><\/div>\n<\/div><\/div>\n\n<div class=\"wp-block-group is-layout-constrained wp-block-group-is-layout-constrained\" style=\"margin-top:2em;margin-bottom:3em\">\n<h1 class=\"wp-block-heading has-text-align-center\" style=\"margin-top:0.65em;margin-bottom:0.275em\">ZooTunes Suites<\/h1>\n\n\n\n<p class=\"has-text-align-center has-palette-color-3-color has-text-color has-link-color wp-elements-c0ad4a3929d0fe5795216f277a9b4e98\" style=\"margin-bottom:1em;font-size:clamp(0.984em, 0.984rem + ((1vw - 0.2em) * 0.645), 1.5em);font-style:normal;font-weight:500;line-height:1.5\"><strong><strong>\u0110i\u1ec1u kho\u1ea3n &amp; D\u1ecbch v\u1ee5<\/strong><\/strong><\/p>\n<\/div>\n\n<div class=\"wp-block-group alignfull divider is-layout-constrained wp-block-group-is-layout-constrained\">\n<h2 class=\"wp-block-heading alignfull has-text-align-center\">V\u00c9, V\u00c0O C\u1eecA &amp; B\u00c3I \u0110\u1ed6 XE<\/h2>\n<\/div>\n\n<p>Th\u1ecfa thu\u1eadn \u0110i\u1ec1u kho\u1ea3n v\u00e0 D\u1ecbch v\u1ee5 n\u00e0y \u0111i\u1ec1u ch\u1ec9nh t\u1ea5t c\u1ea3 c\u00e1c giao d\u1ecbch mua ph\u00f2ng VIP cao c\u1ea5p cho c\u00e1c bu\u1ed5i h\u00f2a nh\u1ea1c ZooTunes t\u1ea1i V\u01b0\u1eddn th\u00fa Woodland Park. B\u1eb1ng c\u00e1ch \u0111\u1eb7t ch\u1ed7 v\u00e0 mua ph\u00f2ng VIP, b\u1ea1n \u0111\u1ed3ng \u00fd v\u1edbi c\u00e1c \u0111i\u1ec1u kho\u1ea3n \u0111\u01b0\u1ee3c n\u00eau d\u01b0\u1edbi \u0111\u00e2y. <\/p>\n\n<h3 class=\"wp-block-heading\">V\u00e9<\/h3>\n\n<p>T\u1ea5t c\u1ea3 c\u00e1c s\u1ef1 ki\u1ec7n \u0111\u1ec1u di\u1ec5n ra b\u1ea5t k\u1ec3 tr\u1eddi m\u01b0a hay n\u1eafng. T\u1ea4T C\u1ea2 C\u00c1C GIAO D\u1ecaCH \u0110\u1ec0U L\u00c0 GIAO D\u1ecaCH CU\u1ed0I C\u00d9NG. Kh\u00f4ng ho\u00e0n ti\u1ec1n, \u0111\u1ed5i tr\u1ea3 ho\u1eb7c ho\u00e3n v\u00e9 do th\u1eddi ti\u1ebft ho\u1eb7c c\u00e1c tr\u01b0\u1eddng h\u1ee3p kh\u00e1c.  <\/p>\n\n<p><strong>M\u1ed7i g\u00f3i mua ZooTunes Suite bao g\u1ed3m:<\/strong><\/p>\n\n<ul class=\"wp-block-list\">\n<li>Hai (2) th\u1ebb \u0111\u1eadu xe d\u00e0nh ri\u00eang<\/li>\n\n\n\n<li>Ch\u1ed7 ng\u1ed3i v\u00e0 l\u1ed1i \u0111i cho t\u00e1m (8) kh\u00e1ch trong ph\u00f2ng suite<\/li>\n\n\n\n<li>Qu\u00fd kh\u00e1ch c\u00f3 th\u1ec3 l\u1ef1a ch\u1ecdn m\u1ed9t trong <a href=\"https:\/\/zoo.org\/wp-content\/uploads\/2026\/02\/2026-ZooTunes-Suite-Menu.pdf\" type=\"attachment\" id=\"19021\" target=\"_blank\" rel=\"noreferrer noopener\">c\u00e1c g\u00f3i \u1ea9m th\u1ef1c cao c\u1ea5p<\/a> c\u1ee7a ch\u00fang t\u00f4i (\u0111\u00e3 \u0111\u01b0\u1ee3c ch\u1ecdn s\u1eb5n khi \u0111\u1eb7t ph\u00f2ng), vui l\u00f2ng xem m\u1ee5c D\u1ecaCH V\u1ee4 \u0102N U\u1ed0NG b\u00ean d\u01b0\u1edbi \u0111\u1ec3 bi\u1ebft th\u00eam th\u00f4ng tin.<\/li>\n\n\n\n<li>\u0110\u1ed3 u\u1ed1ng c\u00f3 th\u1ec3 mua t\u1ea1i qu\u1ea7y ph\u1ee5c v\u1ee5 ri\u00eang.<\/li>\n<\/ul>\n\n<p>C\u00e1c g\u00f3i v\u00e9 ph\u00f2ng VIP kh\u00f4ng \u0111\u01b0\u1ee3c ho\u00e0n ti\u1ec1n v\u00e0 kh\u00f4ng \u0111\u01b0\u1ee3c chuy\u1ec3n nh\u01b0\u1ee3ng sang ng\u00e0y kh\u00e1c. Vi\u1ec7c chuy\u1ec3n nh\u01b0\u1ee3ng cho ng\u01b0\u1eddi kh\u00e1c c\u00f3 th\u1ec3 \u0111\u01b0\u1ee3c xem x\u00e9t n\u1ebfu th\u00f4ng b\u00e1o tr\u01b0\u1edbc \u00edt nh\u1ea5t 72 gi\u1edd b\u1eb1ng c\u00e1ch li\u00ean h\u1ec7 v\u1edbi <a href=\"mailto:concerts@zoo.org\">concerts@zoo.org<\/a> . <\/p>\n\n<p>Ng\u01b0\u1eddi \u0111\u1eb7t ph\u00f2ng VIP ho\u00e0n to\u00e0n ch\u1ecbu tr\u00e1ch nhi\u1ec7m ph\u00e2n ph\u00e1t v\u00e9 cho kh\u00e1ch c\u1ee7a m\u00ecnh. V\u00e9 \u0111i\u1ec7n t\u1eed s\u1ebd \u0111\u01b0\u1ee3c g\u1eedi ba (3) ng\u00e0y tr\u01b0\u1edbc s\u1ef1 ki\u1ec7n \u0111\u1ebfn \u0111\u1ecba ch\u1ec9 email \u0111\u01b0\u1ee3c cung c\u1ea5p trong qu\u00e1 tr\u00ecnh \u0111\u1eb7t ch\u1ed7. <\/p>\n\n<h3 class=\"wp-block-heading\">L\u1ed1i v\u00e0o<\/h3>\n\n<p>Kh\u00e1ch l\u01b0u tr\u00fa t\u1ea1i ph\u00f2ng suite s\u1ebd \u0111\u01b0\u1ee3c v\u00e0o t\u1eeb 4:30 chi\u1ec1u th\u00f4ng qua l\u1ed1i v\u00e0o d\u00e0nh cho kh\u00e1ch VIP. Kh\u00f4ng cho ph\u00e9p v\u00e0o s\u1edbm h\u01a1n. <\/p>\n\n<p>V\u00e9 xem concert ZooTunes kh\u00f4ng bao g\u1ed3m v\u00e9 v\u00e0o c\u1eeda v\u01b0\u1eddn th\u00fa. N\u1ebfu kh\u00e1ch \u1edf ph\u00f2ng VIP mu\u1ed1n tham quan v\u01b0\u1eddn th\u00fa tr\u01b0\u1edbc khi xem concert, c\u1ea7n ph\u1ea3i mua th\u00eam v\u00e9 v\u00e0o c\u1eeda v\u01b0\u1eddn th\u00fa tr\u01b0\u1edbc. <\/p>\n\n<p>Tr\u1ebb em t\u1eeb 2 tu\u1ed5i tr\u1edf xu\u1ed1ng \u0111\u01b0\u1ee3c v\u00e0o c\u1eeda mi\u1ec5n ph\u00ed khi \u0111i c\u00f9ng ng\u01b0\u1eddi l\u1edbn c\u00f3 v\u00e9 trong khu v\u1ef1c ph\u00f2ng VIP. Tr\u1ebb em t\u1eeb 3 tu\u1ed5i tr\u1edf l\u00ean c\u1ea7n mua v\u00e9 v\u1edbi gi\u00e1 \u0111\u1ea7y \u0111\u1ee7 v\u00e0 \u0111\u01b0\u1ee3c t\u00ednh v\u00e0o s\u1ee9c ch\u1ee9a t\u1ed1i \u0111a 12 ng\u01b0\u1eddi trong khu v\u1ef1c ph\u00f2ng VIP. <\/p>\n\n<p>Tr\u1ebb em ph\u1ea3i lu\u00f4n c\u00f3 ng\u01b0\u1eddi l\u1edbn \u0111i k\u00e8m trong su\u1ed1t th\u1eddi gian \u1edf trong ph\u00f2ng.<\/p>\n\n<h3 class=\"wp-block-heading\">\u0110\u1ed7 xe<\/h3>\n\n<p>Hai ch\u1ed7 \u0111\u1eadu xe d\u00e0nh ri\u00eang cho ch\u1ee7 s\u1edf h\u1eefu Suite s\u1ebd n\u1eb1m \u1edf b\u00e3i \u0111\u1eadu xe Otter Lot, b\u00e3i \u0111\u1eadu xe nh\u1ecf g\u1ea7n l\u1ed1i v\u00e0o nh\u1ea5t. H\u1ecd c\u1ee7a ch\u1ee7 s\u1edf h\u1eefu suite s\u1ebd \u0111\u01b0\u1ee3c \u0111\u00e1nh d\u1ea5u tr\u00ean bi\u1ec3n b\u00e1o \u0111\u1eadu xe. <\/p>\n\n<div class=\"wp-block-group alignfull divider is-layout-constrained wp-block-group-is-layout-constrained\">\n<h2 class=\"wp-block-heading alignfull has-text-align-center\">D\u1ecaCH V\u1ee4 TH\u1ef0C PH\u1ea8M &amp; \u0110\u1ed2 U\u1ed0NG<\/h2>\n<\/div>\n\n<p>D\u1ecbch v\u1ee5 \u0103n u\u1ed1ng \u0111\u01b0\u1ee3c ph\u1ee5c v\u1ee5 t\u1eeb 17:00 \u0111\u1ebfn 20:00 trong khu v\u1ef1c ph\u00f2ng suite.<\/p>\n\n<p>T\u1ea5t c\u1ea3 d\u1ecbch v\u1ee5 \u0103n u\u1ed1ng \u0111\u1ec1u do Levy Restaurants cung c\u1ea5p \u0111\u1ed9c quy\u1ec1n.<\/p>\n\n<p>Ch\u1ec9 \u0111\u01b0\u1ee3c ph\u00e9p ph\u1ee5c v\u1ee5 v\u00e0 ti\u00eau th\u1ee5 \u0111\u1ed3 u\u1ed1ng c\u00f3 c\u1ed3n trong khu v\u1ef1c s\u1ef1 ki\u1ec7n ZooTunes \u0111\u00e3 \u0111\u01b0\u1ee3c ch\u1ec9 \u0111\u1ecbnh. Vi\u1ec7c ph\u1ee5c v\u1ee5 \u0111\u1ed3 u\u1ed1ng c\u00f3 c\u1ed3n tu\u00e2n th\u1ee7 c\u00e1c quy \u0111\u1ecbnh c\u1ee7a \u1ee6y ban R\u01b0\u1ee3u bia Ti\u1ec3u bang Washington. C\u1ea7n xu\u1ea5t tr\u00ecnh gi\u1ea5y t\u1edd t\u00f9y th\u00e2n h\u1ee3p l\u1ec7 \u0111\u1ec3 \u0111\u01b0\u1ee3c ph\u1ee5c v\u1ee5. Levy Restaurants c\u00f3 quy\u1ec1n:   <\/p>\n\n<ul class=\"wp-block-list\">\n<li>T\u1eeb ch\u1ed1i ph\u1ee5c v\u1ee5 b\u1ea5t k\u1ef3 kh\u00e1ch n\u00e0o say x\u1ec9n.<\/li>\n\n\n\n<li>\u0110\u1ea3m b\u1ea3o vi\u1ec7c \u0111\u1ef1ng \u0111\u1ed3 u\u1ed1ng trong khu v\u1ef1c s\u1ef1 ki\u1ec7n \u0111\u01b0\u1ee3c ph\u00e9p.<\/li>\n\n\n\n<li>Y\u00eau c\u1ea7u kh\u00e1ch vi ph\u1ea1m quy \u0111\u1ecbnh v\u1ec1 \u0111\u1ed3 u\u1ed1ng c\u00f3 c\u1ed3n r\u1eddi kh\u1ecfi khu\u00f4n vi\u00ean s\u1edf th\u00fa.<\/li>\n<\/ul>\n\n<p>Ph\u00f2ng suite c\u1ee7a b\u1ea1n bao g\u1ed3m m\u1ed9t (1) g\u00f3i \u0111\u1ed3 \u0103n \u0111\u01b0\u1ee3c ch\u1ecdn s\u1eb5n cho t\u1ea5t c\u1ea3 kh\u00e1ch. \u0110\u1ed3 u\u1ed1ng \u0111\u01b0\u1ee3c b\u00e1n ri\u00eang v\u1edbi nh\u00e2n vi\u00ean ph\u1ee5c v\u1ee5. <\/p>\n\n<p>C\u00e1c g\u00f3i d\u1ecbch v\u1ee5 hi\u1ec7n c\u00f3 l\u00e0:<\/p>\n\n<ul class=\"wp-block-list\">\n<li>G\u00f3i #1: \u0110\u1ed3 n\u01b0\u1edbng ki\u1ec3u \u0110\u1ecba Trung H\u1ea3i<\/li>\n\n\n\n<li>G\u00f3i #2: Qu\u00e1n Taqueria<\/li>\n\n\n\n<li>G\u00f3i s\u1ed1 3: Zen Zoocuterie<\/li>\n<\/ul>\n\n<p>Sau khi \u0111\u00e3 ch\u1ecdn, c\u00e1c g\u00f3i th\u1ef1c ph\u1ea9m kh\u00f4ng th\u1ec3 thay \u0111\u1ed5i ho\u1eb7c thay th\u1ebf. T\u1ea5t c\u1ea3 c\u00e1c g\u00f3i \u0111\u1ec1u bao g\u1ed3m nhi\u1ec1u m\u1eb7t h\u00e0ng c\u00f3 th\u1ec3 \u0111\u00e1p \u1ee9ng c\u00e1c h\u1ea1n ch\u1ebf \u0103n ki\u00eang ph\u1ed5 bi\u1ebfn (kh\u00f4ng ch\u1ee9a gluten, kh\u00f4ng ch\u1ee9a s\u1eefa, \u0103n chay, kh\u00f4ng ch\u1ee9a c\u00e1c lo\u1ea1i h\u1ea1t). <\/p>\n\n<div class=\"wp-block-group alignfull divider is-layout-constrained wp-block-group-is-layout-constrained\">\n<h2 class=\"wp-block-heading alignfull has-text-align-center\">CH\u00cdNH S\u00c1CH \u0110\u1ecaA \u0110I\u1ec2M T\u1ed4 CH\u1ee8C S\u1ef0 KI\ufffd<\/h2>\n<\/div>\n\n<h3 class=\"wp-block-heading\">H\u00fat thu\u1ed1c<\/h3>\n\n<p>V\u01b0\u1eddn th\u00fa Woodland Park l\u00e0 khu v\u1ef1c c\u1ea5m h\u00fat thu\u1ed1c, bao g\u1ed3m c\u1ea3 thu\u1ed1c l\u00e1 \u0111i\u1ec7n t\u1eed v\u00e0 vape.<\/p>\n\n<h3 class=\"wp-block-heading\">Kh\u1ea3 n\u0103ng ti\u1ebfp c\u1eadn theo ADA<\/h3>\n\n<p>V\u01b0\u1eddn th\u00fa ho\u00e0n to\u00e0n \u0111\u00e1p \u1ee9ng ti\u00eau chu\u1ea9n ti\u1ebfp c\u1eadn d\u00e0nh cho ng\u01b0\u1eddi khuy\u1ebft t\u1eadt (ADA). N\u1ebfu qu\u00fd kh\u00e1ch c\u1ea7n h\u1ed7 tr\u1ee3 \u0111\u1eb7c bi\u1ec7t nh\u01b0 l\u1ed1i \u0111i d\u00e0nh cho xe l\u0103n, vui l\u00f2ng li\u00ean h\u1ec7 tr\u01b0\u1edbc v\u1edbi Bramble &amp; Wood Events. C\u00f3 ch\u1ed7 \u0111\u1eadu xe d\u00e0nh cho ng\u01b0\u1eddi khuy\u1ebft t\u1eadt (ADA) t\u1ea1i m\u1ed7i b\u00e3i \u0111\u1eadu xe c\u1ee7a v\u01b0\u1eddn th\u00fa nh\u01b0ng kh\u00f4ng \u0111\u1ea3m b\u1ea3o lu\u00f4n c\u00f3 s\u1eb5n.  <\/p>\n\n<h3 class=\"wp-block-heading\">Ch\u00ednh s\u00e1ch h\u1ee7y b\u1ecf<\/h3>\n\n<p>T\u1ea5t c\u1ea3 c\u00e1c g\u00f3i v\u00e9 ZooTunes \u0111\u1ec1u kh\u00f4ng \u0111\u01b0\u1ee3c ho\u00e0n ti\u1ec1n. Trong tr\u01b0\u1eddng h\u1ee3p hi\u1ebfm hoi bu\u1ed5i h\u00f2a nh\u1ea1c b\u1ecb V\u01b0\u1eddn th\u00fa Woodland Park ch\u00ednh th\u1ee9c h\u1ee7y b\u1ecf, ti\u1ec1n v\u00e9 ch\u1ec9 \u0111\u01b0\u1ee3c ho\u00e0n tr\u1ea3 t\u1ea1i \u0111i\u1ec3m mua v\u00e9 ban \u0111\u1ea7u. <\/p>\n\n<h3 class=\"wp-block-heading\">Thanh to\u00e1n &amp; Ch\u1ea5p nh\u1eadn<\/h3>\n\n<p>Vi\u1ec7c \u0111\u1eb7t ph\u00f2ng suite \u0111\u01b0\u1ee3c x\u00e1c nh\u1eadn khi nh\u1eadn \u0111\u01b0\u1ee3c th\u1ecfa thu\u1eadn n\u00e0y v\u00e0 kho\u1ea3n thanh to\u00e1n \u0111\u1ea7y \u0111\u1ee7, kh\u00f4ng ho\u00e0n l\u1ea1i tr\u01b0\u1edbc ng\u00e0y \u0111\u1ebfn h\u1ea1n \u0111\u01b0\u1ee3c ch\u1ec9 \u0111\u1ecbnh trong qu\u00e1 tr\u00ecnh \u0111\u1eb7t ph\u00f2ng. Thanh to\u00e1n tr\u01b0\u1edbc l\u00e0 b\u1eaft bu\u1ed9c \u0111\u1ed1i v\u1edbi t\u1ea5t c\u1ea3 c\u00e1c tr\u1ea3i nghi\u1ec7m suite cao c\u1ea5p. <\/p>\n\n<p>B\u1eb1ng c\u00e1ch nh\u1eadp th\u00f4ng tin thanh to\u00e1n, b\u1ea1n x\u00e1c nh\u1eadn v\u00e0 ch\u1ea5p nh\u1eadn c\u00e1c \u0110i\u1ec1u kho\u1ea3n v\u00e0 D\u1ecbch v\u1ee5 n\u00e0y l\u00e0 r\u00e0ng bu\u1ed9c \u0111\u1ed1i v\u1edbi \u0111\u1eb7t ph\u00f2ng ZooTunes Suite c\u1ee7a b\u1ea1n.<\/p>\n\n<h3 class=\"wp-block-heading\">Li\u00ean h\u1ec7 v\u1edbi ch\u00fang t\u00f4i<\/h3>\n\n<p>M\u1ecdi th\u1eafc m\u1eafc xin vui l\u00f2ng li\u00ean h\u1ec7: <a href=\"mailto:concerts@zoo.org\">concerts@zoo.org<\/a><\/p>\n\n<p>C\u1ea3m \u01a1n b\u1ea1n \u0111\u00e3 l\u1ef1a ch\u1ecdn tr\u1ea3i nghi\u1ec7m ZooTunes Suite t\u1ea1i V\u01b0\u1eddn th\u00fa Woodland Park!<\/p>\n\n<p><\/p>\n","protected":false},"excerpt":{"rendered":"<p>ZooTunes Suites \u0110i\u1ec1u kho\u1ea3n &amp; D\u1ecbch v\u1ee5 V\u00c9, V\u00c0O C\u1eecA &amp; B\u00c3I \u0110\u1ed6 XE Th\u1ecfa thu\u1eadn \u0110i\u1ec1u kho\u1ea3n v\u00e0 D\u1ecbch v\u1ee5 n\u00e0y \u0111i\u1ec1u ch\u1ec9nh t\u1ea5t c\u1ea3 c\u00e1c giao d\u1ecbch mua [&hellip;]<\/p>\n","protected":false},"author":1,"featured_media":0,"parent":19453,"menu_order":0,"comment_status":"closed","ping_status":"closed","template":"","meta":{"_acf_changed":false,"_kad_blocks_custom_css":"","_kad_blocks_head_custom_js":"","_kad_blocks_body_custom_js":"","_kad_blocks_footer_custom_js":"","footnotes":""},"class_list":["post-10919","page","type-page","status-publish","hentry"],"blocksy_meta":[],"acf":[],"yoast_head":"<!-- This site is optimized with the Yoast SEO plugin v27.3 - https:\/\/yoast.com\/product\/yoast-seo-wordpress\/ -->\n<title>\u0110i\u1ec1u kho\u1ea3n v\u00e0 d\u1ecbch v\u1ee5 c\u1ee7a Suites - V\u01b0\u1eddn th\u00fa Woodland Park<\/title>\n<meta name=\"robots\" content=\"index, follow, max-snippet:-1, max-image-preview:large, max-video-preview:-1\" \/>\n<link rel=\"canonical\" href=\"https:\/\/zoo.org\/vi\/zootunes\/zootunes-suites\/dieu-khoan-va-dich-vu-cua-suites\/\" \/>\n<meta property=\"og:locale\" content=\"vi_VN\" \/>\n<meta property=\"og:type\" content=\"article\" \/>\n<meta property=\"og:title\" content=\"\u0110i\u1ec1u kho\u1ea3n v\u00e0 d\u1ecbch v\u1ee5 c\u1ee7a Suites - V\u01b0\u1eddn th\u00fa Woodland Park\" \/>\n<meta property=\"og:description\" content=\"ZooTunes Suites \u0110i\u1ec1u kho\u1ea3n &amp; D\u1ecbch v\u1ee5 V\u00c9, V\u00c0O C\u1eecA &amp; B\u00c3I \u0110\u1ed6 XE Th\u1ecfa thu\u1eadn \u0110i\u1ec1u kho\u1ea3n v\u00e0 D\u1ecbch v\u1ee5 n\u00e0y \u0111i\u1ec1u ch\u1ec9nh t\u1ea5t c\u1ea3 c\u00e1c giao d\u1ecbch mua [&hellip;]\" \/>\n<meta property=\"og:url\" content=\"https:\/\/zoo.org\/vi\/zootunes\/zootunes-suites\/dieu-khoan-va-dich-vu-cua-suites\/\" \/>\n<meta property=\"og:site_name\" content=\"V\u01b0\u1eddn th\u00fa Woodland Park\" \/>\n<meta property=\"article:modified_time\" content=\"2026-02-26T20:35:55+00:00\" \/>\n<meta property=\"og:image\" content=\"https:\/\/zoo.org\/wp-content\/uploads\/2026\/02\/Zootunes-Header-Graphic-1920x600-web.jpg?wsr\" \/>\n\t<meta property=\"og:image:width\" content=\"1920\" \/>\n\t<meta property=\"og:image:height\" content=\"600\" \/>\n\t<meta property=\"og:image:type\" content=\"image\/jpeg\" \/>\n<meta name=\"twitter:card\" content=\"summary_large_image\" \/>\n<script type=\"application\/ld+json\" class=\"yoast-schema-graph\">{\"@context\":\"https:\\\/\\\/schema.org\",\"@graph\":[{\"@type\":\"WebPage\",\"@id\":\"https:\\\/\\\/zoo.org\\\/vi\\\/zootunes\\\/zootunes-suites\\\/dieu-khoan-va-dich-vu-cua-suites\\\/\",\"url\":\"https:\\\/\\\/zoo.org\\\/vi\\\/zootunes\\\/zootunes-suites\\\/dieu-khoan-va-dich-vu-cua-suites\\\/\",\"name\":\"\u0110i\u1ec1u kho\u1ea3n v\u00e0 d\u1ecbch v\u1ee5 c\u1ee7a Suites - V\u01b0\u1eddn th\u00fa Woodland Park\",\"isPartOf\":{\"@id\":\"https:\\\/\\\/zoo.org\\\/vi\\\/#website\"},\"primaryImageOfPage\":{\"@id\":\"https:\\\/\\\/zoo.org\\\/vi\\\/zootunes\\\/zootunes-suites\\\/dieu-khoan-va-dich-vu-cua-suites\\\/#primaryimage\"},\"image\":{\"@id\":\"https:\\\/\\\/zoo.org\\\/vi\\\/zootunes\\\/zootunes-suites\\\/dieu-khoan-va-dich-vu-cua-suites\\\/#primaryimage\"},\"thumbnailUrl\":\"https:\\\/\\\/zoo.org\\\/wp-content\\\/uploads\\\/2026\\\/02\\\/Zootunes-Header-Graphic-1920x600-web.jpg\",\"datePublished\":\"2025-09-16T22:48:12+00:00\",\"dateModified\":\"2026-02-26T20:35:55+00:00\",\"breadcrumb\":{\"@id\":\"https:\\\/\\\/zoo.org\\\/vi\\\/zootunes\\\/zootunes-suites\\\/dieu-khoan-va-dich-vu-cua-suites\\\/#breadcrumb\"},\"inLanguage\":\"vi\",\"potentialAction\":[{\"@type\":\"ReadAction\",\"target\":[\"https:\\\/\\\/zoo.org\\\/vi\\\/zootunes\\\/zootunes-suites\\\/dieu-khoan-va-dich-vu-cua-suites\\\/\"]}]},{\"@type\":\"ImageObject\",\"inLanguage\":\"vi\",\"@id\":\"https:\\\/\\\/zoo.org\\\/vi\\\/zootunes\\\/zootunes-suites\\\/dieu-khoan-va-dich-vu-cua-suites\\\/#primaryimage\",\"url\":\"https:\\\/\\\/zoo.org\\\/wp-content\\\/uploads\\\/2026\\\/02\\\/Zootunes-Header-Graphic-1920x600-web.jpg\",\"contentUrl\":\"https:\\\/\\\/zoo.org\\\/wp-content\\\/uploads\\\/2026\\\/02\\\/Zootunes-Header-Graphic-1920x600-web.jpg\"},{\"@type\":\"BreadcrumbList\",\"@id\":\"https:\\\/\\\/zoo.org\\\/vi\\\/zootunes\\\/zootunes-suites\\\/dieu-khoan-va-dich-vu-cua-suites\\\/#breadcrumb\",\"itemListElement\":[{\"@type\":\"ListItem\",\"position\":1,\"name\":\"Trang ch\u1ee7\",\"item\":\"https:\\\/\\\/zoo.org\\\/vi\\\/\"},{\"@type\":\"ListItem\",\"position\":2,\"name\":\"Zootunes\",\"item\":\"https:\\\/\\\/zoo.org\\\/vi\\\/zootunes\\\/\"},{\"@type\":\"ListItem\",\"position\":3,\"name\":\"ZooTunes Suites\",\"item\":\"https:\\\/\\\/zoo.org\\\/vi\\\/zootunes\\\/zootunes-suites\\\/\"},{\"@type\":\"ListItem\",\"position\":4,\"name\":\"\u0110i\u1ec1u kho\u1ea3n v\u00e0 d\u1ecbch v\u1ee5 c\u1ee7a Suites\"}]},{\"@type\":\"WebSite\",\"@id\":\"https:\\\/\\\/zoo.org\\\/vi\\\/#website\",\"url\":\"https:\\\/\\\/zoo.org\\\/vi\\\/\",\"name\":\"V\u01b0\u1eddn th\u00fa Woodland Park\",\"description\":\"V\u01b0\u1eddn th\u00fa Woodland Park c\u1ee9u s\u1ed1ng \u0111\u1ed9ng v\u1eadt hoang d\u00e3 v\u00e0 truy\u1ec1n c\u1ea3m h\u1ee9ng cho m\u1ecdi ng\u01b0\u1eddi coi b\u1ea3o t\u1ed3n l\u00e0 \u01b0u ti\u00ean h\u00e0ng \u0111\u1ea7u trong cu\u1ed9c s\u1ed1ng c\u1ee7a m\u00ecnh.\",\"publisher\":{\"@id\":\"https:\\\/\\\/zoo.org\\\/vi\\\/#organization\"},\"potentialAction\":[{\"@type\":\"SearchAction\",\"target\":{\"@type\":\"EntryPoint\",\"urlTemplate\":\"https:\\\/\\\/zoo.org\\\/vi\\\/?s={search_term_string}\"},\"query-input\":{\"@type\":\"PropertyValueSpecification\",\"valueRequired\":true,\"valueName\":\"search_term_string\"}}],\"inLanguage\":\"vi\"},{\"@type\":\"Organization\",\"@id\":\"https:\\\/\\\/zoo.org\\\/vi\\\/#organization\",\"name\":\"V\u01b0\u1eddn th\u00fa Woodland Park\",\"url\":\"https:\\\/\\\/zoo.org\\\/vi\\\/\",\"logo\":{\"@type\":\"ImageObject\",\"inLanguage\":\"vi\",\"@id\":\"https:\\\/\\\/zoo.org\\\/vi\\\/#\\\/schema\\\/logo\\\/image\\\/\",\"url\":\"https:\\\/\\\/zoo.org\\\/wp-content\\\/uploads\\\/2026\\\/01\\\/WPZ-Logo_white-SVG.svg?wsr\",\"contentUrl\":\"https:\\\/\\\/zoo.org\\\/wp-content\\\/uploads\\\/2026\\\/01\\\/WPZ-Logo_white-SVG.svg?wsr\",\"width\":288,\"height\":282,\"caption\":\"V\u01b0\u1eddn th\u00fa Woodland Park\"},\"image\":{\"@id\":\"https:\\\/\\\/zoo.org\\\/vi\\\/#\\\/schema\\\/logo\\\/image\\\/\"}}]}<\/script>\n<!-- \/ Yoast SEO plugin. -->","yoast_head_json":{"title":"\u0110i\u1ec1u kho\u1ea3n v\u00e0 d\u1ecbch v\u1ee5 c\u1ee7a Suites - V\u01b0\u1eddn th\u00fa Woodland Park","robots":{"index":"index","follow":"follow","max-snippet":"max-snippet:-1","max-image-preview":"max-image-preview:large","max-video-preview":"max-video-preview:-1"},"canonical":"https:\/\/zoo.org\/vi\/zootunes\/zootunes-suites\/dieu-khoan-va-dich-vu-cua-suites\/","og_locale":"vi_VN","og_type":"article","og_title":"\u0110i\u1ec1u kho\u1ea3n v\u00e0 d\u1ecbch v\u1ee5 c\u1ee7a Suites - V\u01b0\u1eddn th\u00fa Woodland Park","og_description":"ZooTunes Suites \u0110i\u1ec1u kho\u1ea3n &amp; D\u1ecbch v\u1ee5 V\u00c9, V\u00c0O C\u1eecA &amp; B\u00c3I \u0110\u1ed6 XE Th\u1ecfa thu\u1eadn \u0110i\u1ec1u kho\u1ea3n v\u00e0 D\u1ecbch v\u1ee5 n\u00e0y \u0111i\u1ec1u ch\u1ec9nh t\u1ea5t c\u1ea3 c\u00e1c giao d\u1ecbch mua [&hellip;]","og_url":"https:\/\/zoo.org\/vi\/zootunes\/zootunes-suites\/dieu-khoan-va-dich-vu-cua-suites\/","og_site_name":"V\u01b0\u1eddn th\u00fa Woodland Park","article_modified_time":"2026-02-26T20:35:55+00:00","og_image":[{"width":1920,"height":600,"url":"https:\/\/zoo.org\/wp-content\/uploads\/2026\/02\/Zootunes-Header-Graphic-1920x600-web.jpg?wsr","type":"image\/jpeg"}],"twitter_card":"summary_large_image","schema":{"@context":"https:\/\/schema.org","@graph":[{"@type":"WebPage","@id":"https:\/\/zoo.org\/vi\/zootunes\/zootunes-suites\/dieu-khoan-va-dich-vu-cua-suites\/","url":"https:\/\/zoo.org\/vi\/zootunes\/zootunes-suites\/dieu-khoan-va-dich-vu-cua-suites\/","name":"\u0110i\u1ec1u kho\u1ea3n v\u00e0 d\u1ecbch v\u1ee5 c\u1ee7a Suites - V\u01b0\u1eddn th\u00fa Woodland Park","isPartOf":{"@id":"https:\/\/zoo.org\/vi\/#website"},"primaryImageOfPage":{"@id":"https:\/\/zoo.org\/vi\/zootunes\/zootunes-suites\/dieu-khoan-va-dich-vu-cua-suites\/#primaryimage"},"image":{"@id":"https:\/\/zoo.org\/vi\/zootunes\/zootunes-suites\/dieu-khoan-va-dich-vu-cua-suites\/#primaryimage"},"thumbnailUrl":"https:\/\/zoo.org\/wp-content\/uploads\/2026\/02\/Zootunes-Header-Graphic-1920x600-web.jpg","datePublished":"2025-09-16T22:48:12+00:00","dateModified":"2026-02-26T20:35:55+00:00","breadcrumb":{"@id":"https:\/\/zoo.org\/vi\/zootunes\/zootunes-suites\/dieu-khoan-va-dich-vu-cua-suites\/#breadcrumb"},"inLanguage":"vi","potentialAction":[{"@type":"ReadAction","target":["https:\/\/zoo.org\/vi\/zootunes\/zootunes-suites\/dieu-khoan-va-dich-vu-cua-suites\/"]}]},{"@type":"ImageObject","inLanguage":"vi","@id":"https:\/\/zoo.org\/vi\/zootunes\/zootunes-suites\/dieu-khoan-va-dich-vu-cua-suites\/#primaryimage","url":"https:\/\/zoo.org\/wp-content\/uploads\/2026\/02\/Zootunes-Header-Graphic-1920x600-web.jpg","contentUrl":"https:\/\/zoo.org\/wp-content\/uploads\/2026\/02\/Zootunes-Header-Graphic-1920x600-web.jpg"},{"@type":"BreadcrumbList","@id":"https:\/\/zoo.org\/vi\/zootunes\/zootunes-suites\/dieu-khoan-va-dich-vu-cua-suites\/#breadcrumb","itemListElement":[{"@type":"ListItem","position":1,"name":"Trang ch\u1ee7","item":"https:\/\/zoo.org\/vi\/"},{"@type":"ListItem","position":2,"name":"Zootunes","item":"https:\/\/zoo.org\/vi\/zootunes\/"},{"@type":"ListItem","position":3,"name":"ZooTunes Suites","item":"https:\/\/zoo.org\/vi\/zootunes\/zootunes-suites\/"},{"@type":"ListItem","position":4,"name":"\u0110i\u1ec1u kho\u1ea3n v\u00e0 d\u1ecbch v\u1ee5 c\u1ee7a Suites"}]},{"@type":"WebSite","@id":"https:\/\/zoo.org\/vi\/#website","url":"https:\/\/zoo.org\/vi\/","name":"V\u01b0\u1eddn th\u00fa Woodland Park","description":"V\u01b0\u1eddn th\u00fa Woodland Park c\u1ee9u s\u1ed1ng \u0111\u1ed9ng v\u1eadt hoang d\u00e3 v\u00e0 truy\u1ec1n c\u1ea3m h\u1ee9ng cho m\u1ecdi ng\u01b0\u1eddi coi b\u1ea3o t\u1ed3n l\u00e0 \u01b0u ti\u00ean h\u00e0ng \u0111\u1ea7u trong cu\u1ed9c s\u1ed1ng c\u1ee7a m\u00ecnh.","publisher":{"@id":"https:\/\/zoo.org\/vi\/#organization"},"potentialAction":[{"@type":"SearchAction","target":{"@type":"EntryPoint","urlTemplate":"https:\/\/zoo.org\/vi\/?s={search_term_string}"},"query-input":{"@type":"PropertyValueSpecification","valueRequired":true,"valueName":"search_term_string"}}],"inLanguage":"vi"},{"@type":"Organization","@id":"https:\/\/zoo.org\/vi\/#organization","name":"V\u01b0\u1eddn th\u00fa Woodland Park","url":"https:\/\/zoo.org\/vi\/","logo":{"@type":"ImageObject","inLanguage":"vi","@id":"https:\/\/zoo.org\/vi\/#\/schema\/logo\/image\/","url":"https:\/\/zoo.org\/wp-content\/uploads\/2026\/01\/WPZ-Logo_white-SVG.svg?wsr","contentUrl":"https:\/\/zoo.org\/wp-content\/uploads\/2026\/01\/WPZ-Logo_white-SVG.svg?wsr","width":288,"height":282,"caption":"V\u01b0\u1eddn th\u00fa Woodland Park"},"image":{"@id":"https:\/\/zoo.org\/vi\/#\/schema\/logo\/image\/"}}]}},"taxonomy_info":[],"featured_image_src_large":false,"author_info":{"display_name":"jloughlin","author_link":"https:\/\/zoo.org\/vi\/author\/jloughlin\/"},"comment_info":0,"_links":{"self":[{"href":"https:\/\/zoo.org\/vi\/wp-json\/wp\/v2\/pages\/10919","targetHints":{"allow":["GET"]}}],"collection":[{"href":"https:\/\/zoo.org\/vi\/wp-json\/wp\/v2\/pages"}],"about":[{"href":"https:\/\/zoo.org\/vi\/wp-json\/wp\/v2\/types\/page"}],"author":[{"embeddable":true,"href":"https:\/\/zoo.org\/vi\/wp-json\/wp\/v2\/users\/1"}],"replies":[{"embeddable":true,"href":"https:\/\/zoo.org\/vi\/wp-json\/wp\/v2\/comments?post=10919"}],"version-history":[{"count":0,"href":"https:\/\/zoo.org\/vi\/wp-json\/wp\/v2\/pages\/10919\/revisions"}],"up":[{"embeddable":true,"href":"https:\/\/zoo.org\/vi\/wp-json\/wp\/v2\/pages\/19453"}],"wp:attachment":[{"href":"https:\/\/zoo.org\/vi\/wp-json\/wp\/v2\/media?parent=10919"}],"curies":[{"name":"wp","href":"https:\/\/api.w.org\/{rel}","templated":true}]}}