{"id":10920,"date":"2025-09-16T15:35:33","date_gmt":"2025-09-16T22:35:33","guid":{"rendered":"https:\/\/zoo.org\/hai-kich\/"},"modified":"2026-03-27T10:00:52","modified_gmt":"2026-03-27T17:00:52","slug":"hai-kich","status":"publish","type":"page","link":"https:\/\/zoo.org\/vi\/zootunes\/hai-kich\/","title":{"rendered":"H\u00e0i k\u1ecbch"},"content":{"rendered":"\n<div class=\"wp-block-cover alignfull hero\" style=\"margin-top:0;margin-bottom:0\"><img loading=\"lazy\" decoding=\"async\" width=\"1920\" height=\"400\" class=\"wp-block-cover__image-background wp-image-4895 size-full\" alt=\"A large crowd gathers on a grassy lawn for an outdoor concert, sitting on blankets and chairs in front of a stage surrounded by trees and greenery on a sunny day.\" src=\"https:\/\/zoo.org\/wp-content\/uploads\/2025\/09\/Zootunes-Aerial-Header-Image.jpg\" data-object-fit=\"cover\" srcset=\"https:\/\/zoo.org\/wp-content\/uploads\/2025\/09\/Zootunes-Aerial-Header-Image.jpg 1920w, https:\/\/zoo.org\/wp-content\/uploads\/2025\/09\/Zootunes-Aerial-Header-Image-300x63.jpg 300w, https:\/\/zoo.org\/wp-content\/uploads\/2025\/09\/Zootunes-Aerial-Header-Image-1024x213.jpg 1024w, https:\/\/zoo.org\/wp-content\/uploads\/2025\/09\/Zootunes-Aerial-Header-Image-768x160.jpg 768w, https:\/\/zoo.org\/wp-content\/uploads\/2025\/09\/Zootunes-Aerial-Header-Image-1536x320.jpg 1536w\" sizes=\"auto, (max-width: 1920px) 100vw, 1920px\" \/><span aria-hidden=\"true\" class=\"wp-block-cover__background has-background-dim-0 has-background-dim\" style=\"background-color:#585132\"><\/span><div class=\"wp-block-cover__inner-container is-layout-constrained wp-block-cover-is-layout-constrained\">\n<p class=\"has-text-align-center has-large-font-size\"><\/p>\n<\/div><\/div>\n\n<div class=\"wp-block-group is-layout-constrained wp-block-group-is-layout-constrained\" style=\"margin-top:2em;margin-bottom:3em\">\n<h1 class=\"wp-block-heading has-text-align-center\" style=\"margin-top:0.65em;margin-bottom:0.275em\">BECU Zootunes<\/h1>\n\n\n\n<p class=\"has-text-align-center has-palette-color-3-color has-text-color has-link-color wp-elements-ef93acb4fa0ea453cfc3b84e38c5e503\" style=\"margin-bottom:1em;font-size:clamp(0.984em, 0.984rem + ((1vw - 0.2em) * 0.645), 1.5em);font-style:normal;font-weight:500;line-height:1.5\"><strong>\u0110\u01b0\u1ee3c t\u00e0i tr\u1ee3 b\u1edfi Carter Subaru<\/strong><\/p>\n<\/div>\n\n<div class=\"wp-block-group alignfull divider is-layout-constrained wp-block-group-is-layout-constrained\">\n<h2 class=\"wp-block-heading alignfull has-text-align-center\">H\u00e0i k\u1ecbch v\u00ec b\u1ea3o t\u1ed3n<\/h2>\n\n\n\n<p class=\"has-text-align-center\" style=\"margin-top:0.5em;margin-bottom:0.5em\"><strong>C\u1eeda m\u1edf l\u00fac 5:30 chi\u1ec1u v\u00e0 ch\u01b0\u01a1ng tr\u00ecnh b\u1eaft \u0111\u1ea7u l\u00fac 7:00 t\u1ed1i.<\/strong><\/p>\n<\/div>\n\n<h3 class=\"wp-block-heading\">C\u01b0\u1eddi th\u1ea3 ga t\u1ea1i V\u01b0\u1eddn th\u00fa Woodland Park<\/h3>\n\n<h4 class=\"wp-block-heading\"><strong>H\u00e3y tr\u1ea3i nghi\u1ec7m h\u00e0i k\u1ecbch tr\u1ef1c ti\u1ebfp t\u1ea1i m\u1ed9t trong nh\u1eefng \u0111\u1ecba \u0111i\u1ec3m ngo\u00e0i tr\u1eddi n\u1ed5i ti\u1ebfng nh\u1ea5t Seattle!<\/strong><\/h4>\n\n<p>\u0110\u00e2y l\u00e0 m\u1ed9t \u0111\u00eam h\u00e0i k\u1ecbch b\u1ea3o t\u1ed3n thi\u00ean nhi\u00ean kh\u00f3 qu\u00ean, di\u1ec5n ra trong m\u1ed9t khung c\u1ea3nh \u0111\u1ed9c \u0111\u00e1o m\u00e0 b\u1ea1n s\u1ebd kh\u00f4ng t\u00ecm th\u1ea5y \u1edf b\u1ea5t c\u1ee9 n\u01a1i n\u00e0o kh\u00e1c. M\u1ed7i v\u00e9 b\u00e1n ra \u0111\u1ec1u g\u00f3p ph\u1ea7n h\u1ed7 tr\u1ee3 c\u00f4ng t\u00e1c ch\u0103m s\u00f3c \u0111\u1ed9ng v\u1eadt xu\u1ea5t s\u1eafc c\u1ee7a s\u1edf th\u00fa, c\u00e1c ch\u01b0\u01a1ng tr\u00ecnh gi\u00e1o d\u1ee5c \u0111\u1ea1t gi\u1ea3i th\u01b0\u1edfng v\u00e0 h\u01a1n 30 n\u1ed7 l\u1ef1c b\u1ea3o t\u1ed3n \u1edf c\u1ea5p \u0111\u1ecba ph\u01b0\u01a1ng v\u00e0 to\u00e0n c\u1ea7u.<\/p>\n\n<div style=\"height:30px\" aria-hidden=\"true\" class=\"wp-block-spacer\"><\/div>\n<style>.kt-sc4894_c34de1-11 .kt-sc-imgcol, .kt-sc4894_c34de1-11 .kt-sc-textcol{min-height:450px;}.kt-sc4894_c34de1-11 .kt-sc-imgcol{background-size:cover;background-image:url(https:\/\/zoo.org\/wp-content\/uploads\/2026\/03\/Tig-Web-Icon-web.jpg);}.kt-sc4894_c34de1-11 .kt-sc-textcol{padding-top:24px;padding-right:24px;padding-bottom:24px;padding-left:24px;margin-top:2em;margin-right:-3em;margin-bottom:2em;margin-left:0em;}@media all and (max-width: 767px){.kt-sc4894_c34de1-11 .kt-sc-imgcol, .kt-sc4894_c34de1-11 .kt-sc-textcol{min-height:450px;}.kt-sc4894_c34de1-11 .kt-sc-textcol{margin-top:-3em;margin-right:0.8em;margin-bottom:0em;margin-left:0.8em;}}<\/style>\n<div class=\"aligncenter kt-sc4894_c34de1-11 wp-block-kadence-splitcontent\"><div class=\"kt-split-content-wrap kt-sc-media-side-right\" style=\"grid-template-columns:auto 50%\"><div class=\"kt-sc-imgcol kt-sc-imgcol-bg-cover kt-sc-img-side-right\"><\/div><div class=\"kt-sc-textcol kt-sc-text-valign-center kt-sc-text-halign-center\" style=\"background-color:var(--theme-palette-color-17, #E6E6E6)\"><div class=\"kt-sc-innter-col\"><style>.wp-block-kadence-advancedheading.kt-adv-heading4894_01dcc8-36, .wp-block-kadence-advancedheading.kt-adv-heading4894_01dcc8-36[data-kb-block=\"kb-adv-heading4894_01dcc8-36\"]{font-style:normal;}.wp-block-kadence-advancedheading.kt-adv-heading4894_01dcc8-36 mark.kt-highlight, .wp-block-kadence-advancedheading.kt-adv-heading4894_01dcc8-36[data-kb-block=\"kb-adv-heading4894_01dcc8-36\"] mark.kt-highlight{font-style:normal;color:#f76a0c;-webkit-box-decoration-break:clone;box-decoration-break:clone;padding-top:0px;padding-right:0px;padding-bottom:0px;padding-left:0px;}.wp-block-kadence-advancedheading.kt-adv-heading4894_01dcc8-36 img.kb-inline-image, .wp-block-kadence-advancedheading.kt-adv-heading4894_01dcc8-36[data-kb-block=\"kb-adv-heading4894_01dcc8-36\"] img.kb-inline-image{width:150px;vertical-align:baseline;}<\/style>\n<h2 class=\"kt-adv-heading4894_01dcc8-36 wp-block-kadence-advancedheading\" data-kb-block=\"kb-adv-heading4894_01dcc8-36\">Tig Notaro<\/h2>\n\n\n<style>.wp-block-kadence-advancedheading.kt-adv-heading4894_d4af8f-58, .wp-block-kadence-advancedheading.kt-adv-heading4894_d4af8f-58[data-kb-block=\"kb-adv-heading4894_d4af8f-58\"]{margin-bottom:0px;font-style:normal;}.wp-block-kadence-advancedheading.kt-adv-heading4894_d4af8f-58 mark.kt-highlight, .wp-block-kadence-advancedheading.kt-adv-heading4894_d4af8f-58[data-kb-block=\"kb-adv-heading4894_d4af8f-58\"] mark.kt-highlight{font-style:normal;color:#f76a0c;-webkit-box-decoration-break:clone;box-decoration-break:clone;padding-top:0px;padding-right:0px;padding-bottom:0px;padding-left:0px;}.wp-block-kadence-advancedheading.kt-adv-heading4894_d4af8f-58 img.kb-inline-image, .wp-block-kadence-advancedheading.kt-adv-heading4894_d4af8f-58[data-kb-block=\"kb-adv-heading4894_d4af8f-58\"] img.kb-inline-image{width:150px;vertical-align:baseline;}<\/style>\n<h3 class=\"kt-adv-heading4894_d4af8f-58 wp-block-kadence-advancedheading\" data-kb-block=\"kb-adv-heading4894_d4af8f-58\">T\u1eeb h\u01b0 kh\u00f4ng<\/h3>\n\n\n\n<p><strong>Th\u1ee9 b\u1ea3y, ng\u00e0y 13 th\u00e1ng 6<\/strong><\/p>\n\n\n\n<p>H\u00e3y c\u00f9ng ch\u00fang t\u00f4i tham gia m\u1ed9t \u0111\u00eam h\u00e0i k\u1ecbch c\u1ef1c k\u1ef3 vui nh\u1ed9n khi n\u1eef di\u1ec5n vi\u00ean h\u00e0i \u0111\u1ed9c tho\u1ea1i, nh\u00e0 v\u0103n v\u00e0 di\u1ec5n vi\u00ean \u0111\u01b0\u1ee3c y\u00eau m\u1ebfn Tig Notaro mang \u0111\u1ebfn s\u1ef1 h\u00e0i h\u01b0\u1edbc s\u1eafc s\u1ea3o, \u0111i\u1ec1m t\u0129nh \u0111\u1ed9c \u0111\u00e1o c\u1ee7a m\u00ecnh t\u1ea1i V\u01b0\u1eddn th\u00fa Woodland Park trong khu\u00f4n kh\u1ed5 chuy\u1ebfn l\u01b0u di\u1ec5n Out of Nowhere. N\u1ed5i ti\u1ebfng v\u1edbi l\u1ed1i di\u1ec5n xu\u1ea5t t\u1ec9nh b\u01a1, kh\u1ea3 n\u0103ng k\u1ec3 chuy\u1ec7n kh\u00f3 qu\u00ean v\u00e0 bi\u1ebfn nh\u1eefng \u0111i\u1ec1u b\u1ea5t ng\u1edd tr\u1edf n\u00ean h\u00e0i h\u01b0\u1edbc d\u1ec5 hi\u1ec3u, Tig \u0111\u00e3 tr\u1edf th\u00e0nh m\u1ed9t trong nh\u1eefng gi\u1ecdng n\u00f3i \u0111\u1eb7c s\u1eafc nh\u1ea5t c\u1ee7a l\u00e0ng h\u00e0i k\u1ecbch. <\/p>\n\n\n\n<div class=\"wp-block-buttons is-content-justification-center is-layout-flex wp-container-core-buttons-is-layout-a6d9f191 wp-block-buttons-is-layout-flex\" style=\"margin-top:var(--wp--preset--spacing--40);margin-bottom:var(--wp--preset--spacing--40)\">\n<div class=\"wp-block-button\"><a class=\"wp-block-button__link wp-element-button\" href=\"https:\/\/www.etix.com\/ticket\/p\/75590426\/tig-notaro-seattle-woodland-park-zoo\" target=\"_blank\" rel=\"noreferrer noopener\">MUA V\u00c9<\/a><\/div>\n<\/div>\n\n\n\n<p><a href=\"https:\/\/www.etix.com\/ticket\/p\/99883433\/tig-notaro-addonzoocuterie-board-seattle-woodland-park-zoo\" target=\"_blank\" rel=\"noreferrer noopener\">Th\u00eam b\u1ea3ng Zoocuterie<\/a><\/p>\n<\/div><\/div><\/div><\/div>\n\n<div style=\"height:30px\" aria-hidden=\"true\" class=\"wp-block-spacer\"><\/div>\n\n<div class=\"wp-block-buttons is-content-justification-center is-layout-flex wp-container-core-buttons-is-layout-a89b3969 wp-block-buttons-is-layout-flex\">\n<div class=\"wp-block-button\"><a class=\"wp-block-button__link wp-element-button\" href=\"https:\/\/zoo.org\/vi\/zootunes\/cau-hoi-thuong-gap-ve-zootunes\/\">C\u00e2u h\u1ecfi th\u01b0\u1eddng g\u1eb7p<\/a><\/div>\n<\/div>\n","protected":false},"excerpt":{"rendered":"<p>BECU Zootunes \u0110\u01b0\u1ee3c t\u00e0i tr\u1ee3 b\u1edfi Carter Subaru H\u00e0i k\u1ecbch v\u00ec b\u1ea3o t\u1ed3n C\u1eeda m\u1edf l\u00fac 5:30 chi\u1ec1u v\u00e0 ch\u01b0\u01a1ng tr\u00ecnh b\u1eaft \u0111\u1ea7u l\u00fac 7:00 t\u1ed1i. C\u01b0\u1eddi th\u1ea3 ga t\u1ea1i [&hellip;]<\/p>\n","protected":false},"author":1,"featured_media":21276,"parent":12370,"menu_order":0,"comment_status":"closed","ping_status":"closed","template":"","meta":{"_acf_changed":false,"_kad_blocks_custom_css":"","_kad_blocks_head_custom_js":"","_kad_blocks_body_custom_js":"","_kad_blocks_footer_custom_js":"","footnotes":""},"class_list":["post-10920","page","type-page","status-publish","has-post-thumbnail","hentry"],"blocksy_meta":[],"acf":[],"yoast_head":"<!-- This site is optimized with the Yoast SEO plugin v27.3 - https:\/\/yoast.com\/product\/yoast-seo-wordpress\/ -->\n<title>H\u00e0i k\u1ecbch - V\u01b0\u1eddn th\u00fa Woodland Park<\/title>\n<meta name=\"description\" content=\"H\u00e3y tr\u1ea3i nghi\u1ec7m h\u00e0i k\u1ecbch tr\u1ef1c ti\u1ebfp t\u1ea1i m\u1ed9t trong nh\u1eefng \u0111\u1ecba \u0111i\u1ec3m ngo\u00e0i tr\u1eddi n\u1ed5i ti\u1ebfng nh\u1ea5t Seattle!\" \/>\n<meta name=\"robots\" content=\"index, follow, max-snippet:-1, max-image-preview:large, max-video-preview:-1\" \/>\n<link rel=\"canonical\" href=\"https:\/\/zoo.org\/vi\/zootunes\/hai-kich\/\" \/>\n<meta property=\"og:locale\" content=\"vi_VN\" \/>\n<meta property=\"og:type\" content=\"article\" \/>\n<meta property=\"og:title\" content=\"H\u00e0i k\u1ecbch - V\u01b0\u1eddn th\u00fa Woodland Park\" \/>\n<meta property=\"og:description\" content=\"H\u00e3y tr\u1ea3i nghi\u1ec7m h\u00e0i k\u1ecbch tr\u1ef1c ti\u1ebfp t\u1ea1i m\u1ed9t trong nh\u1eefng \u0111\u1ecba \u0111i\u1ec3m ngo\u00e0i tr\u1eddi n\u1ed5i ti\u1ebfng nh\u1ea5t Seattle!\" \/>\n<meta property=\"og:url\" content=\"https:\/\/zoo.org\/vi\/zootunes\/hai-kich\/\" \/>\n<meta property=\"og:site_name\" content=\"V\u01b0\u1eddn th\u00fa Woodland Park\" \/>\n<meta property=\"article:modified_time\" content=\"2026-03-27T17:00:52+00:00\" \/>\n<meta property=\"og:image\" content=\"https:\/\/zoo.org\/wp-content\/uploads\/2026\/03\/Tig-Web-Icon-web.jpg?wsr\" \/>\n\t<meta property=\"og:image:width\" content=\"800\" \/>\n\t<meta property=\"og:image:height\" content=\"533\" \/>\n\t<meta property=\"og:image:type\" content=\"image\/jpeg\" \/>\n<meta name=\"twitter:card\" content=\"summary_large_image\" \/>\n<script type=\"application\/ld+json\" class=\"yoast-schema-graph\">{\"@context\":\"https:\\\/\\\/schema.org\",\"@graph\":[{\"@type\":\"WebPage\",\"@id\":\"https:\\\/\\\/zoo.org\\\/vi\\\/zootunes\\\/hai-kich\\\/\",\"url\":\"https:\\\/\\\/zoo.org\\\/vi\\\/zootunes\\\/hai-kich\\\/\",\"name\":\"H\u00e0i k\u1ecbch - V\u01b0\u1eddn th\u00fa Woodland Park\",\"isPartOf\":{\"@id\":\"https:\\\/\\\/zoo.org\\\/vi\\\/#website\"},\"primaryImageOfPage\":{\"@id\":\"https:\\\/\\\/zoo.org\\\/vi\\\/zootunes\\\/hai-kich\\\/#primaryimage\"},\"image\":{\"@id\":\"https:\\\/\\\/zoo.org\\\/vi\\\/zootunes\\\/hai-kich\\\/#primaryimage\"},\"thumbnailUrl\":\"https:\\\/\\\/zoo.org\\\/wp-content\\\/uploads\\\/2026\\\/03\\\/Tig-Web-Icon-web.jpg?wsr\",\"datePublished\":\"2025-09-16T22:35:33+00:00\",\"dateModified\":\"2026-03-27T17:00:52+00:00\",\"description\":\"H\u00e3y tr\u1ea3i nghi\u1ec7m h\u00e0i k\u1ecbch tr\u1ef1c ti\u1ebfp t\u1ea1i m\u1ed9t trong nh\u1eefng \u0111\u1ecba \u0111i\u1ec3m ngo\u00e0i tr\u1eddi n\u1ed5i ti\u1ebfng nh\u1ea5t Seattle!\",\"breadcrumb\":{\"@id\":\"https:\\\/\\\/zoo.org\\\/vi\\\/zootunes\\\/hai-kich\\\/#breadcrumb\"},\"inLanguage\":\"vi\",\"potentialAction\":[{\"@type\":\"ReadAction\",\"target\":[\"https:\\\/\\\/zoo.org\\\/vi\\\/zootunes\\\/hai-kich\\\/\"]}]},{\"@type\":\"ImageObject\",\"inLanguage\":\"vi\",\"@id\":\"https:\\\/\\\/zoo.org\\\/vi\\\/zootunes\\\/hai-kich\\\/#primaryimage\",\"url\":\"https:\\\/\\\/zoo.org\\\/wp-content\\\/uploads\\\/2026\\\/03\\\/Tig-Web-Icon-web.jpg?wsr\",\"contentUrl\":\"https:\\\/\\\/zoo.org\\\/wp-content\\\/uploads\\\/2026\\\/03\\\/Tig-Web-Icon-web.jpg?wsr\",\"width\":800,\"height\":533,\"caption\":\"M\u1ed9t ng\u01b0\u1eddi c\u1ea7m micro \u0111ang bi\u1ec3u di\u1ec5n tr\u00ean s\u00e2n kh\u1ea5u v\u1edbi nh\u1eefng c\u1eed ch\u1ec9 \u0111\u1ea7y bi\u1ec3u c\u1ea3m, \u0111\u01b0\u1ee3c chi\u1ebfu s\u00e1ng b\u1eb1ng \u00e1nh \u0111\u00e8n xanh v\u00e0 t\u00edm \u1ea5n t\u01b0\u1ee3ng.\"},{\"@type\":\"BreadcrumbList\",\"@id\":\"https:\\\/\\\/zoo.org\\\/vi\\\/zootunes\\\/hai-kich\\\/#breadcrumb\",\"itemListElement\":[{\"@type\":\"ListItem\",\"position\":1,\"name\":\"Trang ch\u1ee7\",\"item\":\"https:\\\/\\\/zoo.org\\\/vi\\\/\"},{\"@type\":\"ListItem\",\"position\":2,\"name\":\"Zootunes\",\"item\":\"https:\\\/\\\/zoo.org\\\/vi\\\/zootunes\\\/\"},{\"@type\":\"ListItem\",\"position\":3,\"name\":\"H\u00e0i k\u1ecbch\"}]},{\"@type\":\"WebSite\",\"@id\":\"https:\\\/\\\/zoo.org\\\/vi\\\/#website\",\"url\":\"https:\\\/\\\/zoo.org\\\/vi\\\/\",\"name\":\"V\u01b0\u1eddn th\u00fa Woodland Park\",\"description\":\"V\u01b0\u1eddn th\u00fa Woodland Park c\u1ee9u s\u1ed1ng \u0111\u1ed9ng v\u1eadt hoang d\u00e3 v\u00e0 truy\u1ec1n c\u1ea3m h\u1ee9ng cho m\u1ecdi ng\u01b0\u1eddi coi b\u1ea3o t\u1ed3n l\u00e0 \u01b0u ti\u00ean h\u00e0ng \u0111\u1ea7u trong cu\u1ed9c s\u1ed1ng c\u1ee7a m\u00ecnh.\",\"publisher\":{\"@id\":\"https:\\\/\\\/zoo.org\\\/vi\\\/#organization\"},\"potentialAction\":[{\"@type\":\"SearchAction\",\"target\":{\"@type\":\"EntryPoint\",\"urlTemplate\":\"https:\\\/\\\/zoo.org\\\/vi\\\/?s={search_term_string}\"},\"query-input\":{\"@type\":\"PropertyValueSpecification\",\"valueRequired\":true,\"valueName\":\"search_term_string\"}}],\"inLanguage\":\"vi\"},{\"@type\":\"Organization\",\"@id\":\"https:\\\/\\\/zoo.org\\\/vi\\\/#organization\",\"name\":\"V\u01b0\u1eddn th\u00fa Woodland Park\",\"url\":\"https:\\\/\\\/zoo.org\\\/vi\\\/\",\"logo\":{\"@type\":\"ImageObject\",\"inLanguage\":\"vi\",\"@id\":\"https:\\\/\\\/zoo.org\\\/vi\\\/#\\\/schema\\\/logo\\\/image\\\/\",\"url\":\"https:\\\/\\\/zoo.org\\\/wp-content\\\/uploads\\\/2026\\\/01\\\/WPZ-Logo_white-SVG.svg?wsr\",\"contentUrl\":\"https:\\\/\\\/zoo.org\\\/wp-content\\\/uploads\\\/2026\\\/01\\\/WPZ-Logo_white-SVG.svg?wsr\",\"width\":288,\"height\":282,\"caption\":\"V\u01b0\u1eddn th\u00fa Woodland Park\"},\"image\":{\"@id\":\"https:\\\/\\\/zoo.org\\\/vi\\\/#\\\/schema\\\/logo\\\/image\\\/\"}}]}<\/script>\n<!-- \/ Yoast SEO plugin. -->","yoast_head_json":{"title":"H\u00e0i k\u1ecbch - V\u01b0\u1eddn th\u00fa Woodland Park","description":"H\u00e3y tr\u1ea3i nghi\u1ec7m h\u00e0i k\u1ecbch tr\u1ef1c ti\u1ebfp t\u1ea1i m\u1ed9t trong nh\u1eefng \u0111\u1ecba \u0111i\u1ec3m ngo\u00e0i tr\u1eddi n\u1ed5i ti\u1ebfng nh\u1ea5t Seattle!","robots":{"index":"index","follow":"follow","max-snippet":"max-snippet:-1","max-image-preview":"max-image-preview:large","max-video-preview":"max-video-preview:-1"},"canonical":"https:\/\/zoo.org\/vi\/zootunes\/hai-kich\/","og_locale":"vi_VN","og_type":"article","og_title":"H\u00e0i k\u1ecbch - V\u01b0\u1eddn th\u00fa Woodland Park","og_description":"H\u00e3y tr\u1ea3i nghi\u1ec7m h\u00e0i k\u1ecbch tr\u1ef1c ti\u1ebfp t\u1ea1i m\u1ed9t trong nh\u1eefng \u0111\u1ecba \u0111i\u1ec3m ngo\u00e0i tr\u1eddi n\u1ed5i ti\u1ebfng nh\u1ea5t Seattle!","og_url":"https:\/\/zoo.org\/vi\/zootunes\/hai-kich\/","og_site_name":"V\u01b0\u1eddn th\u00fa Woodland Park","article_modified_time":"2026-03-27T17:00:52+00:00","og_image":[{"width":800,"height":533,"url":"https:\/\/zoo.org\/wp-content\/uploads\/2026\/03\/Tig-Web-Icon-web.jpg?wsr","type":"image\/jpeg"}],"twitter_card":"summary_large_image","schema":{"@context":"https:\/\/schema.org","@graph":[{"@type":"WebPage","@id":"https:\/\/zoo.org\/vi\/zootunes\/hai-kich\/","url":"https:\/\/zoo.org\/vi\/zootunes\/hai-kich\/","name":"H\u00e0i k\u1ecbch - V\u01b0\u1eddn th\u00fa Woodland Park","isPartOf":{"@id":"https:\/\/zoo.org\/vi\/#website"},"primaryImageOfPage":{"@id":"https:\/\/zoo.org\/vi\/zootunes\/hai-kich\/#primaryimage"},"image":{"@id":"https:\/\/zoo.org\/vi\/zootunes\/hai-kich\/#primaryimage"},"thumbnailUrl":"https:\/\/zoo.org\/wp-content\/uploads\/2026\/03\/Tig-Web-Icon-web.jpg?wsr","datePublished":"2025-09-16T22:35:33+00:00","dateModified":"2026-03-27T17:00:52+00:00","description":"H\u00e3y tr\u1ea3i nghi\u1ec7m h\u00e0i k\u1ecbch tr\u1ef1c ti\u1ebfp t\u1ea1i m\u1ed9t trong nh\u1eefng \u0111\u1ecba \u0111i\u1ec3m ngo\u00e0i tr\u1eddi n\u1ed5i ti\u1ebfng nh\u1ea5t Seattle!","breadcrumb":{"@id":"https:\/\/zoo.org\/vi\/zootunes\/hai-kich\/#breadcrumb"},"inLanguage":"vi","potentialAction":[{"@type":"ReadAction","target":["https:\/\/zoo.org\/vi\/zootunes\/hai-kich\/"]}]},{"@type":"ImageObject","inLanguage":"vi","@id":"https:\/\/zoo.org\/vi\/zootunes\/hai-kich\/#primaryimage","url":"https:\/\/zoo.org\/wp-content\/uploads\/2026\/03\/Tig-Web-Icon-web.jpg?wsr","contentUrl":"https:\/\/zoo.org\/wp-content\/uploads\/2026\/03\/Tig-Web-Icon-web.jpg?wsr","width":800,"height":533,"caption":"M\u1ed9t ng\u01b0\u1eddi c\u1ea7m micro \u0111ang bi\u1ec3u di\u1ec5n tr\u00ean s\u00e2n kh\u1ea5u v\u1edbi nh\u1eefng c\u1eed ch\u1ec9 \u0111\u1ea7y bi\u1ec3u c\u1ea3m, \u0111\u01b0\u1ee3c chi\u1ebfu s\u00e1ng b\u1eb1ng \u00e1nh \u0111\u00e8n xanh v\u00e0 t\u00edm \u1ea5n t\u01b0\u1ee3ng."},{"@type":"BreadcrumbList","@id":"https:\/\/zoo.org\/vi\/zootunes\/hai-kich\/#breadcrumb","itemListElement":[{"@type":"ListItem","position":1,"name":"Trang ch\u1ee7","item":"https:\/\/zoo.org\/vi\/"},{"@type":"ListItem","position":2,"name":"Zootunes","item":"https:\/\/zoo.org\/vi\/zootunes\/"},{"@type":"ListItem","position":3,"name":"H\u00e0i k\u1ecbch"}]},{"@type":"WebSite","@id":"https:\/\/zoo.org\/vi\/#website","url":"https:\/\/zoo.org\/vi\/","name":"V\u01b0\u1eddn th\u00fa Woodland Park","description":"V\u01b0\u1eddn th\u00fa Woodland Park c\u1ee9u s\u1ed1ng \u0111\u1ed9ng v\u1eadt hoang d\u00e3 v\u00e0 truy\u1ec1n c\u1ea3m h\u1ee9ng cho m\u1ecdi ng\u01b0\u1eddi coi b\u1ea3o t\u1ed3n l\u00e0 \u01b0u ti\u00ean h\u00e0ng \u0111\u1ea7u trong cu\u1ed9c s\u1ed1ng c\u1ee7a m\u00ecnh.","publisher":{"@id":"https:\/\/zoo.org\/vi\/#organization"},"potentialAction":[{"@type":"SearchAction","target":{"@type":"EntryPoint","urlTemplate":"https:\/\/zoo.org\/vi\/?s={search_term_string}"},"query-input":{"@type":"PropertyValueSpecification","valueRequired":true,"valueName":"search_term_string"}}],"inLanguage":"vi"},{"@type":"Organization","@id":"https:\/\/zoo.org\/vi\/#organization","name":"V\u01b0\u1eddn th\u00fa Woodland Park","url":"https:\/\/zoo.org\/vi\/","logo":{"@type":"ImageObject","inLanguage":"vi","@id":"https:\/\/zoo.org\/vi\/#\/schema\/logo\/image\/","url":"https:\/\/zoo.org\/wp-content\/uploads\/2026\/01\/WPZ-Logo_white-SVG.svg?wsr","contentUrl":"https:\/\/zoo.org\/wp-content\/uploads\/2026\/01\/WPZ-Logo_white-SVG.svg?wsr","width":288,"height":282,"caption":"V\u01b0\u1eddn th\u00fa Woodland Park"},"image":{"@id":"https:\/\/zoo.org\/vi\/#\/schema\/logo\/image\/"}}]}},"taxonomy_info":[],"featured_image_src_large":["https:\/\/zoo.org\/wp-content\/uploads\/2026\/03\/Tig-Web-Icon-web.jpg?wsr",800,533,false],"author_info":{"display_name":"jloughlin","author_link":"https:\/\/zoo.org\/vi\/author\/jloughlin\/"},"comment_info":0,"_links":{"self":[{"href":"https:\/\/zoo.org\/vi\/wp-json\/wp\/v2\/pages\/10920","targetHints":{"allow":["GET"]}}],"collection":[{"href":"https:\/\/zoo.org\/vi\/wp-json\/wp\/v2\/pages"}],"about":[{"href":"https:\/\/zoo.org\/vi\/wp-json\/wp\/v2\/types\/page"}],"author":[{"embeddable":true,"href":"https:\/\/zoo.org\/vi\/wp-json\/wp\/v2\/users\/1"}],"replies":[{"embeddable":true,"href":"https:\/\/zoo.org\/vi\/wp-json\/wp\/v2\/comments?post=10920"}],"version-history":[{"count":5,"href":"https:\/\/zoo.org\/vi\/wp-json\/wp\/v2\/pages\/10920\/revisions"}],"predecessor-version":[{"id":23400,"href":"https:\/\/zoo.org\/vi\/wp-json\/wp\/v2\/pages\/10920\/revisions\/23400"}],"up":[{"embeddable":true,"href":"https:\/\/zoo.org\/vi\/wp-json\/wp\/v2\/pages\/12370"}],"wp:featuredmedia":[{"embeddable":true,"href":"https:\/\/zoo.org\/vi\/wp-json\/wp\/v2\/media\/21276"}],"wp:attachment":[{"href":"https:\/\/zoo.org\/vi\/wp-json\/wp\/v2\/media?parent=10920"}],"curies":[{"name":"wp","href":"https:\/\/api.w.org\/{rel}","templated":true}]}}