{"id":11026,"date":"2025-09-17T11:28:21","date_gmt":"2025-09-17T18:28:21","guid":{"rendered":"https:\/\/zoo.org\/mot-cuoc-gap-go-voi-thien-nhien\/"},"modified":"2026-03-16T09:07:54","modified_gmt":"2026-03-16T16:07:54","slug":"mot-cuoc-gap-go-voi-thien-nhien","status":"publish","type":"page","link":"https:\/\/zoo.org\/vi\/mot-cuoc-gap-go-voi-thien-nhien\/","title":{"rendered":"M\u1ed9t cu\u1ed9c g\u1eb7p g\u1ee1 v\u1edbi thi\u00ean nhi\u00ean"},"content":{"rendered":"\n<div class=\"wp-block-cover alignfull is-light hero\" style=\"margin-top:0;margin-bottom:0\"><img loading=\"lazy\" decoding=\"async\" width=\"1920\" height=\"400\" class=\"wp-block-cover__image-background wp-image-2523 size-full\" alt=\"\" src=\"https:\/\/zoo.org\/wp-content\/uploads\/2025\/07\/Brush-with-Nature-header-image4.jpg\" data-object-fit=\"cover\" srcset=\"https:\/\/zoo.org\/wp-content\/uploads\/2025\/07\/Brush-with-Nature-header-image4.jpg 1920w, https:\/\/zoo.org\/wp-content\/uploads\/2025\/07\/Brush-with-Nature-header-image4-300x63.jpg 300w, https:\/\/zoo.org\/wp-content\/uploads\/2025\/07\/Brush-with-Nature-header-image4-1024x213.jpg 1024w, https:\/\/zoo.org\/wp-content\/uploads\/2025\/07\/Brush-with-Nature-header-image4-150x31.jpg 150w, https:\/\/zoo.org\/wp-content\/uploads\/2025\/07\/Brush-with-Nature-header-image4-768x160.jpg 768w, https:\/\/zoo.org\/wp-content\/uploads\/2025\/07\/Brush-with-Nature-header-image4-1536x320.jpg 1536w\" sizes=\"auto, (max-width: 1920px) 100vw, 1920px\" \/><span aria-hidden=\"true\" class=\"wp-block-cover__background has-background-dim-0 has-background-dim\" style=\"background-color:#b76f63\"><\/span><div class=\"wp-block-cover__inner-container is-layout-constrained wp-block-cover-is-layout-constrained\">\n<p class=\"has-text-align-center has-large-font-size\"><\/p>\n<\/div><\/div>\n\n<div class=\"wp-block-group is-layout-constrained wp-block-group-is-layout-constrained\" style=\"margin-top:2em;margin-bottom:3em\">\n<h1 class=\"wp-block-heading has-text-align-center\" style=\"margin-top:0.65em;margin-bottom:0.275em\">TR\u1ea2I NGHI\u1ec6M H\u00d2A M\u00ccNH V\u1edaI THI\u00caN NHI\u00caN<\/h1>\n<\/div>\n\n<div class=\"wp-block-group alignfull divider is-layout-constrained wp-block-group-is-layout-constrained\">\n<h2 class=\"wp-block-heading alignfull has-text-align-center\">Gi\u1ea3i ph\u00f3ng ngh\u1ec7 s\u0129 ti\u1ec1m \u1ea9n trong b\u1ea1n<\/h2>\n<\/div>\n\n<h3 class=\"wp-block-heading\">M\u1ed9t b\u1ed9 s\u01b0u t\u1eadp ngh\u1ec7 thu\u1eadt \u0111\u1ed9c nh\u1ea5t v\u00f4 nh\u1ecb<\/h3>\n\n<h4 class=\"wp-block-heading\">K\u1ebft h\u1ee3p s\u1ef1 s\u00e1ng t\u1ea1o v\u1edbi v\u1ebb \u0111\u1eb9p c\u1ee7a th\u1ebf gi\u1edbi t\u1ef1 nhi\u00ean.<\/h4>\n\n<p>Ch\u01b0\u01a1ng tr\u00ecnh &#8220;A Brush with Nature&#8221; m\u1eddi c\u00e1c ngh\u1ec7 s\u0129 \u1edf m\u1ecdi tr\u00ecnh \u0111\u1ed9 k\u1ef9 n\u0103ng th\u1ecfa s\u1ee9c s\u00e1ng t\u1ea1o gi\u1eefa nh\u1eefng khung c\u1ea3nh ngo\u1ea1n m\u1ee5c t\u1ea1i c\u00e1c \u0111\u1ecba \u0111i\u1ec3m n\u1ed5i ti\u1ebfng kh\u1eafp V\u01b0\u1eddn th\u00fa Woodland Park. Chu\u1ed7i s\u1ef1 ki\u1ec7n ngh\u1ec7 thu\u1eadt \u0111\u1ed9c \u0111\u00e1o n\u00e0y k\u1ebft h\u1ee3p gi\u1eefa s\u1ef1 s\u00e1ng t\u1ea1o v\u00e0 b\u1ea3o t\u1ed3n, mang \u0111\u1ebfn nh\u1eefng tr\u1ea3i nghi\u1ec7m s\u00e1ng t\u1ea1o c\u00f3 h\u01b0\u1edbng d\u1eabn th\u00f4ng qua c\u00e1c l\u1edbp h\u1ecdc th\u00e2n thi\u1ec7n v\u1edbi gia \u0111\u00ecnh d\u00e0nh cho m\u1ecdi l\u1ee9a tu\u1ed5i v\u00e0 c\u00e1c bu\u1ed5i h\u1ecdc \u0111\u1eb7c bi\u1ec7t d\u00e0nh ri\u00eang cho ng\u01b0\u1eddi l\u1edbn t\u1eeb 21 tu\u1ed5i tr\u1edf l\u00ean. T\u1eeb ng\u01b0\u1eddi m\u1edbi b\u1eaft \u0111\u1ea7u \u0111\u1ebfn nh\u1eefng ngh\u1ec7 s\u0129 \u0111\u1ea7y tri\u1ec3n v\u1ecdng, \u0111\u1ec1u c\u00f3 \u0111i\u1ec1u ph\u00f9 h\u1ee3p d\u00e0nh cho m\u1ecdi ng\u01b0\u1eddi. H\u00e3y c\u00f9ng t\u00f4n vinh th\u1ebf gi\u1edbi \u0111\u1ed9ng v\u1eadt hoang d\u00e3 th\u00f4ng qua ngh\u1ec7 thu\u1eadt v\u00e0 tr\u1ea3i nghi\u1ec7m v\u01b0\u1eddn th\u00fa theo m\u1ed9t c\u00e1ch ho\u00e0n to\u00e0n m\u1edbi.   <\/p>\n\n<div class=\"wp-block-group is-layout-constrained wp-block-group-is-layout-constrained\" style=\"margin-top:var(--wp--preset--spacing--60)\"><style>.kt-sc4977_fff1c5-d6 .kt-sc-imgcol, .kt-sc4977_fff1c5-d6 .kt-sc-textcol{min-height:345px;}.kt-sc4977_fff1c5-d6 .kt-sc-imgcol{background-size:cover;background-image:url(https:\/\/zoo.org\/wp-content\/uploads\/2025\/07\/Brush-with-Nature-painting-web.jpg);}.kt-sc4977_fff1c5-d6 .kt-sc-textcol{padding-top:1em;padding-right:1.5em;padding-bottom:1em;padding-left:1.5em;}@media all and (max-width: 767px){.kt-sc4977_fff1c5-d6 .kt-sc-imgcol, .kt-sc4977_fff1c5-d6 .kt-sc-textcol{min-height:275px;}}<\/style>\n<div class=\"aligncenter kt-sc4977_fff1c5-d6 wp-block-kadence-splitcontent\"><div class=\"kt-split-content-wrap kt-sc-media-side-left\" style=\"grid-template-columns:32% auto\"><div class=\"kt-sc-imgcol kt-sc-imgcol-bg-cover kt-sc-img-side-left\"><\/div><div class=\"kt-sc-textcol kt-sc-text-valign-center kt-sc-text-halign-left\" style=\"background-color:var(--theme-palette-color-17, #E6E6E6)\"><div class=\"kt-sc-innter-col\">\n<h3 class=\"wp-block-heading\">Th\u00f4ng tin v\u00e9<\/h3>\n\n\n\n<p><strong>B\u1ea1n \u0111\u00e3 bi\u1ebft m\u00ecnh mu\u1ed1n tham d\u1ef1 phi\u00ean n\u00e0o ch\u01b0a? H\u00e3y mua v\u00e9 ngay! <\/strong><\/p>\n\n\n\n<div class=\"wp-block-buttons is-layout-flex wp-block-buttons-is-layout-flex\" style=\"margin-top:var(--wp--preset--spacing--50);margin-bottom:var(--wp--preset--spacing--50)\">\n<div class=\"wp-block-button\"><a class=\"wp-block-button__link wp-element-button\" href=\"https:\/\/tickets.zoo.org\/events\/019572ef-4268-3e7a-84ce-7205b7492301\" target=\"_blank\" rel=\"noreferrer noopener\">MUA V\u00c9<\/a><\/div>\n\n\n\n<div class=\"wp-block-button\"><a class=\"wp-block-button__link wp-element-button\" href=\"https:\/\/tickets.zoo.org\/events\/446bde91-bbc4-ab89-4c44-8d62736868c0\" target=\"_blank\" rel=\"noreferrer noopener\">MUA V\u00c9 D\u00c0NH CHO NG\u01af\u1edcI TR\u00caN 21 TU\u1ed4I<\/a><\/div>\n<\/div>\n\n\n\n<p><em>Vi\u1ec7c thay \u0111\u1ed5i l\u1ecbch v\u00e9 ph\u1ea3i \u0111\u01b0\u1ee3c th\u1ef1c hi\u1ec7n hai tu\u1ea7n tr\u01b0\u1edbc s\u1ef1 ki\u1ec7n \u0111\u00e3 l\u00ean l\u1ecbch. Kh\u00f4ng ho\u00e0n ti\u1ec1n. N\u1ebfu s\u1edf th\u00fa h\u1ee7y s\u1ef1 ki\u1ec7n, ch\u00fang t\u00f4i s\u1ebd ho\u00e0n ti\u1ec1n ho\u1eb7c s\u1eafp x\u1ebfp l\u1ea1i l\u1ecbch v\u00e9.  <\/em><\/p>\n<\/div><\/div><\/div><\/div>\n<\/div>\n\n<div class=\"wp-block-group is-layout-constrained wp-block-group-is-layout-constrained\"><style>.kt-sc4977_590737-f7 .kt-sc-imgcol, .kt-sc4977_590737-f7 .kt-sc-textcol{min-height:345px;}.kt-sc4977_590737-f7 .kt-sc-imgcol{background-size:cover;background-image:url(https:\/\/zoo.org\/wp-content\/uploads\/2025\/07\/Brush-with-Nature-2025-7-web.jpg);}.kt-sc4977_590737-f7 .kt-sc-textcol{padding-top:1em;padding-right:1.5em;padding-bottom:1em;padding-left:1.5em;}@media all and (max-width: 767px){.kt-sc4977_590737-f7 .kt-sc-imgcol, .kt-sc4977_590737-f7 .kt-sc-textcol{min-height:275px;}}<\/style>\n<div class=\"aligncenter kt-sc4977_590737-f7 wp-block-kadence-splitcontent\"><div class=\"kt-split-content-wrap kt-sc-media-side-left\" style=\"grid-template-columns:32% auto\"><div class=\"kt-sc-imgcol kt-sc-imgcol-bg-cover kt-sc-img-side-left\"><\/div><div class=\"kt-sc-textcol kt-sc-text-valign-center kt-sc-text-halign-left\" style=\"background-color:var(--theme-palette-color-17, #E6E6E6)\"><div class=\"kt-sc-innter-col\">\n<h3 class=\"wp-block-heading\">G\u1eb7p g\u1ee1 c\u00e1c ngh\u1ec7 s\u0129<\/h3>\n\n\n\n<p><strong>Ch\u1ee7 \u0111\u1ec1 c\u1ee7a b\u1ee9c tranh s\u1ebd thay \u0111\u1ed5i theo t\u1eebng s\u1ef1 ki\u1ec7n, t\u1eadp trung v\u00e0o ch\u1ee7 \u0111\u1ec1 s\u1edf th\u00fa ho\u1eb7c thi\u00ean nhi\u00ean.<\/strong><\/p>\n\n\n\n<p>T\u00ecm hi\u1ec3u th\u00eam v\u1ec1 c\u00e1c ngh\u1ec7 s\u0129 v\u00e0 xem c\u00e1c bu\u1ed5i bi\u1ec3u di\u1ec5n c\u00f3 s\u1eb5n. T\u1ea5t c\u1ea3 c\u00e1c bu\u1ed5i bi\u1ec3u di\u1ec5n t\u1ea1i v\u01b0\u1eddn th\u00fa s\u1ebd \u0111\u01b0\u1ee3c t\u1ed5 ch\u1ee9c trong khu v\u1ef1c c\u00f3 m\u00e1i che. <\/p>\n\n\n\n<div class=\"wp-block-buttons is-layout-flex wp-block-buttons-is-layout-flex\">\n<div class=\"wp-block-button\"><a class=\"wp-block-button__link wp-element-button\" href=\"https:\/\/zoo.org\/vi\/mot-cuoc-gap-go-voi-thien-nhien\/gap-go-cac-nghe-si\/\">Xem c\u00e1c phi\u00ean<\/a><\/div>\n<\/div>\n<\/div><\/div><\/div><\/div>\n<\/div>\n\n<div class=\"wp-block-group alignfull divider is-layout-constrained wp-block-group-is-layout-constrained\">\n<h2 class=\"wp-block-heading alignfull has-text-align-center\">TH\u00d4NG TIN CHI TI\u1ebeT S\u1ef0 KI\u1ec6N<\/h2>\n<\/div>\n\n<div class=\"wp-block-columns is-layout-flex wp-container-core-columns-is-layout-bd8107d2 wp-block-columns-is-layout-flex\" style=\"margin-top:2.5em;margin-bottom:2.5em\">\n<div class=\"wp-block-column has-palette-color-17-background-color has-background is-layout-flow wp-container-core-column-is-layout-492b06a7 wp-block-column-is-layout-flow\" style=\"padding-top:25px;padding-right:25px;padding-bottom:25px;padding-left:25px\">\n<h4 class=\"wp-block-heading has-text-align-center\" style=\"margin-bottom:1em\">Gi\u00e1 v\u00e9: 75 &#8211; 85 \u0111\u00f4 la M\u1ef9, ph\u00f9 h\u1ee3p v\u1edbi m\u1ecdi l\u1ee9a tu\u1ed5i.<\/h4>\n\n\n\n<p class=\"has-text-align-center\" style=\"margin-top:0;margin-bottom:0\"><em>Gi\u00e1 c\u1ea3 thay \u0111\u1ed5i t\u00f9y theo bu\u1ed5i h\u1ecdc (\u0111\u00e3 bao g\u1ed3m ph\u00ed).<\/em><\/p>\n<\/div>\n\n\n\n<div class=\"wp-block-column has-palette-color-17-background-color has-background is-layout-flow wp-container-core-column-is-layout-492b06a7 wp-block-column-is-layout-flow\" style=\"padding-top:25px;padding-right:25px;padding-bottom:25px;padding-left:25px\">\n<h4 class=\"wp-block-heading has-text-align-center\" style=\"margin-bottom:1em\">V\u00e9 d\u00e0nh cho ng\u01b0\u1eddi t\u1eeb 21 tu\u1ed5i tr\u1edf l\u00ean: $75 &#8211; $85<\/h4>\n\n\n\n<p class=\"has-text-align-center\" style=\"margin-top:0;margin-bottom:0\"><em>Gi\u00e1 c\u1ea3 thay \u0111\u1ed5i t\u00f9y theo bu\u1ed5i h\u1ecdc (\u0111\u00e3 bao g\u1ed3m ph\u00ed).<\/em><\/p>\n<\/div>\n<\/div>\n\n<div class=\"wp-block-columns is-layout-flex wp-container-core-columns-is-layout-28f84493 wp-block-columns-is-layout-flex\">\n<div class=\"wp-block-column is-layout-flow wp-block-column-is-layout-flow\">\n<h4 class=\"wp-block-heading\">V\u00e9 d\u00e0nh cho m\u1ecdi l\u1ee9a tu\u1ed5i bao g\u1ed3m<\/h4>\n\n\n\n<ul class=\"wp-block-list\">\n<li>C\u00f3 b\u00e1n \u0111\u1ed3 \u0103n nh\u1eb9 v\u00e0 \u0111\u1ed3 u\u1ed1ng kh\u00f4ng c\u1ed3n.<\/li>\n\n\n\n<li>V\u00e9 v\u00e0o v\u01b0\u1eddn th\u00fa<\/li>\n\n\n\n<li>\u0110\u1ed3 d\u00f9ng ngh\u1ec7 thu\u1eadt<\/li>\n\n\n\n<li>\u0110\u1ed7 xe gi\u1ea3m gi\u00e1<\/li>\n<\/ul>\n<\/div>\n\n\n\n<div class=\"wp-block-column is-layout-flow wp-block-column-is-layout-flow\">\n<h4 class=\"wp-block-heading\">V\u00e9 d\u00e0nh cho ng\u01b0\u1eddi t\u1eeb 21 tu\u1ed5i tr\u1edf l\u00ean.<\/h4>\n\n\n\n<ul class=\"wp-block-list\">\n<li>C\u00f3 b\u00e1n \u0111\u1ed3 \u0103n nh\u1eb9 v\u00e0 \u0111\u1ed3 u\u1ed1ng c\u00f3 c\u1ed3n.<\/li>\n\n\n\n<li>V\u00e9 v\u00e0o v\u01b0\u1eddn th\u00fa (c\u00f3 th\u1ec3 s\u1eed d\u1ee5ng v\u00e0o ng\u00e0y kh\u00e1c)<\/li>\n\n\n\n<li>\u0110\u1ed3 d\u00f9ng ngh\u1ec7 thu\u1eadt<\/li>\n\n\n\n<li>\u0110\u1ed7 xe gi\u1ea3m gi\u00e1<\/li>\n<\/ul>\n<\/div>\n<\/div>\n\n<div class=\"wp-block-buttons is-content-justification-center is-layout-flex wp-container-core-buttons-is-layout-c4ad7725 wp-block-buttons-is-layout-flex\" style=\"margin-top:var(--wp--preset--spacing--60);margin-bottom:var(--wp--preset--spacing--60);padding-top:0;padding-bottom:0\">\n<div class=\"wp-block-button\"><a class=\"wp-block-button__link wp-element-button\" href=\"https:\/\/zoo.org\/vi\/mot-cuoc-gap-go-voi-thien-nhien\/cau-hoi-thuong-gap-ve-mot-cuoc-gap-go-voi-thien-nhien\/\">C\u00c2U H\u1eceI TH\u01af\u1edcNG G\u1eb6P<\/a><\/div>\n<\/div>\n","protected":false},"excerpt":{"rendered":"<p>TR\u1ea2I NGHI\u1ec6M H\u00d2A M\u00ccNH V\u1edaI THI\u00caN NHI\u00caN Gi\u1ea3i ph\u00f3ng ngh\u1ec7 s\u0129 ti\u1ec1m \u1ea9n trong b\u1ea1n M\u1ed9t b\u1ed9 s\u01b0u t\u1eadp ngh\u1ec7 thu\u1eadt \u0111\u1ed9c nh\u1ea5t v\u00f4 nh\u1ecb K\u1ebft h\u1ee3p s\u1ef1 s\u00e1ng t\u1ea1o [&hellip;]<\/p>\n","protected":false},"author":1,"featured_media":21070,"parent":0,"menu_order":0,"comment_status":"closed","ping_status":"closed","template":"","meta":{"_acf_changed":false,"_kad_blocks_custom_css":"","_kad_blocks_head_custom_js":"","_kad_blocks_body_custom_js":"","_kad_blocks_footer_custom_js":"","footnotes":""},"class_list":["post-11026","page","type-page","status-publish","has-post-thumbnail","hentry"],"blocksy_meta":[],"acf":[],"yoast_head":"<!-- This site is optimized with the Yoast SEO plugin v27.4 - https:\/\/yoast.com\/product\/yoast-seo-wordpress\/ -->\n<title>M\u1ed9t cu\u1ed9c g\u1eb7p g\u1ee1 v\u1edbi thi\u00ean nhi\u00ean - V\u01b0\u1eddn th\u00fa Woodland Park<\/title>\n<meta name=\"description\" content=\"Chu\u1ed7i s\u1ef1 ki\u1ec7n &quot;V\u1ebd tranh v\u00e0 th\u01b0\u1edfng th\u1ee9c \u0111\u1ed3 u\u1ed1ng&quot;. K\u1ebft h\u1ee3p s\u1ef1 s\u00e1ng t\u1ea1o v\u1edbi v\u1ebb \u0111\u1eb9p c\u1ee7a th\u1ebf gi\u1edbi t\u1ef1 nhi\u00ean.\" \/>\n<meta name=\"robots\" content=\"index, follow, max-snippet:-1, max-image-preview:large, max-video-preview:-1\" \/>\n<link rel=\"canonical\" href=\"https:\/\/zoo.org\/vi\/mot-cuoc-gap-go-voi-thien-nhien\/\" \/>\n<meta property=\"og:locale\" content=\"vi_VN\" \/>\n<meta property=\"og:type\" content=\"article\" \/>\n<meta property=\"og:title\" content=\"M\u1ed9t cu\u1ed9c g\u1eb7p g\u1ee1 v\u1edbi thi\u00ean nhi\u00ean - V\u01b0\u1eddn th\u00fa Woodland Park\" \/>\n<meta property=\"og:description\" content=\"Chu\u1ed7i s\u1ef1 ki\u1ec7n &quot;V\u1ebd tranh v\u00e0 th\u01b0\u1edfng th\u1ee9c \u0111\u1ed3 u\u1ed1ng&quot;. K\u1ebft h\u1ee3p s\u1ef1 s\u00e1ng t\u1ea1o v\u1edbi v\u1ebb \u0111\u1eb9p c\u1ee7a th\u1ebf gi\u1edbi t\u1ef1 nhi\u00ean.\" \/>\n<meta property=\"og:url\" content=\"https:\/\/zoo.org\/vi\/mot-cuoc-gap-go-voi-thien-nhien\/\" \/>\n<meta property=\"og:site_name\" content=\"V\u01b0\u1eddn th\u00fa Woodland Park\" \/>\n<meta property=\"article:modified_time\" content=\"2026-03-16T16:07:54+00:00\" \/>\n<meta property=\"og:image\" content=\"https:\/\/zoo.org\/wp-content\/uploads\/2025\/07\/Brush-with-Nature-2025-3-web.jpg?wsr\" \/>\n\t<meta property=\"og:image:width\" content=\"800\" \/>\n\t<meta property=\"og:image:height\" content=\"533\" \/>\n\t<meta property=\"og:image:type\" content=\"image\/jpeg\" \/>\n<meta name=\"twitter:card\" content=\"summary_large_image\" \/>\n<script type=\"application\/ld+json\" class=\"yoast-schema-graph\">{\"@context\":\"https:\\\/\\\/schema.org\",\"@graph\":[{\"@type\":\"WebPage\",\"@id\":\"https:\\\/\\\/zoo.org\\\/vi\\\/mot-cuoc-gap-go-voi-thien-nhien\\\/\",\"url\":\"https:\\\/\\\/zoo.org\\\/vi\\\/mot-cuoc-gap-go-voi-thien-nhien\\\/\",\"name\":\"M\u1ed9t cu\u1ed9c g\u1eb7p g\u1ee1 v\u1edbi thi\u00ean nhi\u00ean - V\u01b0\u1eddn th\u00fa Woodland Park\",\"isPartOf\":{\"@id\":\"https:\\\/\\\/zoo.org\\\/vi\\\/#website\"},\"primaryImageOfPage\":{\"@id\":\"https:\\\/\\\/zoo.org\\\/vi\\\/mot-cuoc-gap-go-voi-thien-nhien\\\/#primaryimage\"},\"image\":{\"@id\":\"https:\\\/\\\/zoo.org\\\/vi\\\/mot-cuoc-gap-go-voi-thien-nhien\\\/#primaryimage\"},\"thumbnailUrl\":\"https:\\\/\\\/zoo.org\\\/wp-content\\\/uploads\\\/2025\\\/07\\\/Brush-with-Nature-2025-3-web.jpg?wsr\",\"datePublished\":\"2025-09-17T18:28:21+00:00\",\"dateModified\":\"2026-03-16T16:07:54+00:00\",\"description\":\"Chu\u1ed7i s\u1ef1 ki\u1ec7n \\\"V\u1ebd tranh v\u00e0 th\u01b0\u1edfng th\u1ee9c \u0111\u1ed3 u\u1ed1ng\\\". K\u1ebft h\u1ee3p s\u1ef1 s\u00e1ng t\u1ea1o v\u1edbi v\u1ebb \u0111\u1eb9p c\u1ee7a th\u1ebf gi\u1edbi t\u1ef1 nhi\u00ean.\",\"breadcrumb\":{\"@id\":\"https:\\\/\\\/zoo.org\\\/vi\\\/mot-cuoc-gap-go-voi-thien-nhien\\\/#breadcrumb\"},\"inLanguage\":\"vi\",\"potentialAction\":[{\"@type\":\"ReadAction\",\"target\":[\"https:\\\/\\\/zoo.org\\\/vi\\\/mot-cuoc-gap-go-voi-thien-nhien\\\/\"]}]},{\"@type\":\"ImageObject\",\"inLanguage\":\"vi\",\"@id\":\"https:\\\/\\\/zoo.org\\\/vi\\\/mot-cuoc-gap-go-voi-thien-nhien\\\/#primaryimage\",\"url\":\"https:\\\/\\\/zoo.org\\\/wp-content\\\/uploads\\\/2025\\\/07\\\/Brush-with-Nature-2025-3-web.jpg?wsr\",\"contentUrl\":\"https:\\\/\\\/zoo.org\\\/wp-content\\\/uploads\\\/2025\\\/07\\\/Brush-with-Nature-2025-3-web.jpg?wsr\",\"width\":800,\"height\":533,\"caption\":\"M\u1ed9t ng\u01b0\u1eddi \u0111ang v\u1ebd m\u1ed9t ch\u00fa chim c\u00e1nh c\u1ee5t tr\u00ean t\u1ea5m v\u1ea3i b\u1ea1t \u0111\u1eb7t tr\u00ean gi\u00e1 v\u1ebd ngo\u00e0i tr\u1eddi. Nh\u1eefng b\u1ee9c tranh \u0111\u1ea7y m\u00e0u s\u1eafc kh\u00e1c v\u00e0 d\u1ee5ng c\u1ee5 v\u1ebd tranh \u0111\u01b0\u1ee3c b\u00e0y tr\u00ed tr\u00ean b\u00e0n, ph\u00eda sau l\u00e0 nh\u1eefng v\u00e1ch \u0111\u00e1 v\u00e0 b\u1ea7u tr\u1eddi.\"},{\"@type\":\"BreadcrumbList\",\"@id\":\"https:\\\/\\\/zoo.org\\\/vi\\\/mot-cuoc-gap-go-voi-thien-nhien\\\/#breadcrumb\",\"itemListElement\":[{\"@type\":\"ListItem\",\"position\":1,\"name\":\"Trang ch\u1ee7\",\"item\":\"https:\\\/\\\/zoo.org\\\/vi\\\/\"},{\"@type\":\"ListItem\",\"position\":2,\"name\":\"M\u1ed9t cu\u1ed9c g\u1eb7p g\u1ee1 v\u1edbi thi\u00ean nhi\u00ean\"}]},{\"@type\":\"WebSite\",\"@id\":\"https:\\\/\\\/zoo.org\\\/vi\\\/#website\",\"url\":\"https:\\\/\\\/zoo.org\\\/vi\\\/\",\"name\":\"V\u01b0\u1eddn th\u00fa Woodland Park\",\"description\":\"V\u01b0\u1eddn th\u00fa Woodland Park c\u1ee9u s\u1ed1ng \u0111\u1ed9ng v\u1eadt hoang d\u00e3 v\u00e0 truy\u1ec1n c\u1ea3m h\u1ee9ng cho m\u1ecdi ng\u01b0\u1eddi coi b\u1ea3o t\u1ed3n l\u00e0 \u01b0u ti\u00ean h\u00e0ng \u0111\u1ea7u trong cu\u1ed9c s\u1ed1ng c\u1ee7a m\u00ecnh.\",\"publisher\":{\"@id\":\"https:\\\/\\\/zoo.org\\\/vi\\\/#organization\"},\"potentialAction\":[{\"@type\":\"SearchAction\",\"target\":{\"@type\":\"EntryPoint\",\"urlTemplate\":\"https:\\\/\\\/zoo.org\\\/vi\\\/?s={search_term_string}\"},\"query-input\":{\"@type\":\"PropertyValueSpecification\",\"valueRequired\":true,\"valueName\":\"search_term_string\"}}],\"inLanguage\":\"vi\"},{\"@type\":\"Organization\",\"@id\":\"https:\\\/\\\/zoo.org\\\/vi\\\/#organization\",\"name\":\"V\u01b0\u1eddn th\u00fa Woodland Park\",\"url\":\"https:\\\/\\\/zoo.org\\\/vi\\\/\",\"logo\":{\"@type\":\"ImageObject\",\"inLanguage\":\"vi\",\"@id\":\"https:\\\/\\\/zoo.org\\\/vi\\\/#\\\/schema\\\/logo\\\/image\\\/\",\"url\":\"https:\\\/\\\/zoo.org\\\/wp-content\\\/uploads\\\/2026\\\/01\\\/WPZ-Logo_white-SVG.svg?wsr\",\"contentUrl\":\"https:\\\/\\\/zoo.org\\\/wp-content\\\/uploads\\\/2026\\\/01\\\/WPZ-Logo_white-SVG.svg?wsr\",\"width\":288,\"height\":282,\"caption\":\"V\u01b0\u1eddn th\u00fa Woodland Park\"},\"image\":{\"@id\":\"https:\\\/\\\/zoo.org\\\/vi\\\/#\\\/schema\\\/logo\\\/image\\\/\"}}]}<\/script>\n<!-- \/ Yoast SEO plugin. -->","yoast_head_json":{"title":"M\u1ed9t cu\u1ed9c g\u1eb7p g\u1ee1 v\u1edbi thi\u00ean nhi\u00ean - V\u01b0\u1eddn th\u00fa Woodland Park","description":"Chu\u1ed7i s\u1ef1 ki\u1ec7n \"V\u1ebd tranh v\u00e0 th\u01b0\u1edfng th\u1ee9c \u0111\u1ed3 u\u1ed1ng\". K\u1ebft h\u1ee3p s\u1ef1 s\u00e1ng t\u1ea1o v\u1edbi v\u1ebb \u0111\u1eb9p c\u1ee7a th\u1ebf gi\u1edbi t\u1ef1 nhi\u00ean.","robots":{"index":"index","follow":"follow","max-snippet":"max-snippet:-1","max-image-preview":"max-image-preview:large","max-video-preview":"max-video-preview:-1"},"canonical":"https:\/\/zoo.org\/vi\/mot-cuoc-gap-go-voi-thien-nhien\/","og_locale":"vi_VN","og_type":"article","og_title":"M\u1ed9t cu\u1ed9c g\u1eb7p g\u1ee1 v\u1edbi thi\u00ean nhi\u00ean - V\u01b0\u1eddn th\u00fa Woodland Park","og_description":"Chu\u1ed7i s\u1ef1 ki\u1ec7n \"V\u1ebd tranh v\u00e0 th\u01b0\u1edfng th\u1ee9c \u0111\u1ed3 u\u1ed1ng\". K\u1ebft h\u1ee3p s\u1ef1 s\u00e1ng t\u1ea1o v\u1edbi v\u1ebb \u0111\u1eb9p c\u1ee7a th\u1ebf gi\u1edbi t\u1ef1 nhi\u00ean.","og_url":"https:\/\/zoo.org\/vi\/mot-cuoc-gap-go-voi-thien-nhien\/","og_site_name":"V\u01b0\u1eddn th\u00fa Woodland Park","article_modified_time":"2026-03-16T16:07:54+00:00","og_image":[{"width":800,"height":533,"url":"https:\/\/zoo.org\/wp-content\/uploads\/2025\/07\/Brush-with-Nature-2025-3-web.jpg?wsr","type":"image\/jpeg"}],"twitter_card":"summary_large_image","schema":{"@context":"https:\/\/schema.org","@graph":[{"@type":"WebPage","@id":"https:\/\/zoo.org\/vi\/mot-cuoc-gap-go-voi-thien-nhien\/","url":"https:\/\/zoo.org\/vi\/mot-cuoc-gap-go-voi-thien-nhien\/","name":"M\u1ed9t cu\u1ed9c g\u1eb7p g\u1ee1 v\u1edbi thi\u00ean nhi\u00ean - V\u01b0\u1eddn th\u00fa Woodland Park","isPartOf":{"@id":"https:\/\/zoo.org\/vi\/#website"},"primaryImageOfPage":{"@id":"https:\/\/zoo.org\/vi\/mot-cuoc-gap-go-voi-thien-nhien\/#primaryimage"},"image":{"@id":"https:\/\/zoo.org\/vi\/mot-cuoc-gap-go-voi-thien-nhien\/#primaryimage"},"thumbnailUrl":"https:\/\/zoo.org\/wp-content\/uploads\/2025\/07\/Brush-with-Nature-2025-3-web.jpg?wsr","datePublished":"2025-09-17T18:28:21+00:00","dateModified":"2026-03-16T16:07:54+00:00","description":"Chu\u1ed7i s\u1ef1 ki\u1ec7n \"V\u1ebd tranh v\u00e0 th\u01b0\u1edfng th\u1ee9c \u0111\u1ed3 u\u1ed1ng\". K\u1ebft h\u1ee3p s\u1ef1 s\u00e1ng t\u1ea1o v\u1edbi v\u1ebb \u0111\u1eb9p c\u1ee7a th\u1ebf gi\u1edbi t\u1ef1 nhi\u00ean.","breadcrumb":{"@id":"https:\/\/zoo.org\/vi\/mot-cuoc-gap-go-voi-thien-nhien\/#breadcrumb"},"inLanguage":"vi","potentialAction":[{"@type":"ReadAction","target":["https:\/\/zoo.org\/vi\/mot-cuoc-gap-go-voi-thien-nhien\/"]}]},{"@type":"ImageObject","inLanguage":"vi","@id":"https:\/\/zoo.org\/vi\/mot-cuoc-gap-go-voi-thien-nhien\/#primaryimage","url":"https:\/\/zoo.org\/wp-content\/uploads\/2025\/07\/Brush-with-Nature-2025-3-web.jpg?wsr","contentUrl":"https:\/\/zoo.org\/wp-content\/uploads\/2025\/07\/Brush-with-Nature-2025-3-web.jpg?wsr","width":800,"height":533,"caption":"M\u1ed9t ng\u01b0\u1eddi \u0111ang v\u1ebd m\u1ed9t ch\u00fa chim c\u00e1nh c\u1ee5t tr\u00ean t\u1ea5m v\u1ea3i b\u1ea1t \u0111\u1eb7t tr\u00ean gi\u00e1 v\u1ebd ngo\u00e0i tr\u1eddi. Nh\u1eefng b\u1ee9c tranh \u0111\u1ea7y m\u00e0u s\u1eafc kh\u00e1c v\u00e0 d\u1ee5ng c\u1ee5 v\u1ebd tranh \u0111\u01b0\u1ee3c b\u00e0y tr\u00ed tr\u00ean b\u00e0n, ph\u00eda sau l\u00e0 nh\u1eefng v\u00e1ch \u0111\u00e1 v\u00e0 b\u1ea7u tr\u1eddi."},{"@type":"BreadcrumbList","@id":"https:\/\/zoo.org\/vi\/mot-cuoc-gap-go-voi-thien-nhien\/#breadcrumb","itemListElement":[{"@type":"ListItem","position":1,"name":"Trang ch\u1ee7","item":"https:\/\/zoo.org\/vi\/"},{"@type":"ListItem","position":2,"name":"M\u1ed9t cu\u1ed9c g\u1eb7p g\u1ee1 v\u1edbi thi\u00ean nhi\u00ean"}]},{"@type":"WebSite","@id":"https:\/\/zoo.org\/vi\/#website","url":"https:\/\/zoo.org\/vi\/","name":"V\u01b0\u1eddn th\u00fa Woodland Park","description":"V\u01b0\u1eddn th\u00fa Woodland Park c\u1ee9u s\u1ed1ng \u0111\u1ed9ng v\u1eadt hoang d\u00e3 v\u00e0 truy\u1ec1n c\u1ea3m h\u1ee9ng cho m\u1ecdi ng\u01b0\u1eddi coi b\u1ea3o t\u1ed3n l\u00e0 \u01b0u ti\u00ean h\u00e0ng \u0111\u1ea7u trong cu\u1ed9c s\u1ed1ng c\u1ee7a m\u00ecnh.","publisher":{"@id":"https:\/\/zoo.org\/vi\/#organization"},"potentialAction":[{"@type":"SearchAction","target":{"@type":"EntryPoint","urlTemplate":"https:\/\/zoo.org\/vi\/?s={search_term_string}"},"query-input":{"@type":"PropertyValueSpecification","valueRequired":true,"valueName":"search_term_string"}}],"inLanguage":"vi"},{"@type":"Organization","@id":"https:\/\/zoo.org\/vi\/#organization","name":"V\u01b0\u1eddn th\u00fa Woodland Park","url":"https:\/\/zoo.org\/vi\/","logo":{"@type":"ImageObject","inLanguage":"vi","@id":"https:\/\/zoo.org\/vi\/#\/schema\/logo\/image\/","url":"https:\/\/zoo.org\/wp-content\/uploads\/2026\/01\/WPZ-Logo_white-SVG.svg?wsr","contentUrl":"https:\/\/zoo.org\/wp-content\/uploads\/2026\/01\/WPZ-Logo_white-SVG.svg?wsr","width":288,"height":282,"caption":"V\u01b0\u1eddn th\u00fa Woodland Park"},"image":{"@id":"https:\/\/zoo.org\/vi\/#\/schema\/logo\/image\/"}}]}},"taxonomy_info":[],"featured_image_src_large":["https:\/\/zoo.org\/wp-content\/uploads\/2025\/07\/Brush-with-Nature-2025-3-web.jpg?wsr",800,533,false],"author_info":{"display_name":"jloughlin","author_link":"https:\/\/zoo.org\/vi\/author\/jloughlin\/"},"comment_info":0,"_links":{"self":[{"href":"https:\/\/zoo.org\/vi\/wp-json\/wp\/v2\/pages\/11026","targetHints":{"allow":["GET"]}}],"collection":[{"href":"https:\/\/zoo.org\/vi\/wp-json\/wp\/v2\/pages"}],"about":[{"href":"https:\/\/zoo.org\/vi\/wp-json\/wp\/v2\/types\/page"}],"author":[{"embeddable":true,"href":"https:\/\/zoo.org\/vi\/wp-json\/wp\/v2\/users\/1"}],"replies":[{"embeddable":true,"href":"https:\/\/zoo.org\/vi\/wp-json\/wp\/v2\/comments?post=11026"}],"version-history":[{"count":0,"href":"https:\/\/zoo.org\/vi\/wp-json\/wp\/v2\/pages\/11026\/revisions"}],"wp:featuredmedia":[{"embeddable":true,"href":"https:\/\/zoo.org\/vi\/wp-json\/wp\/v2\/media\/21070"}],"wp:attachment":[{"href":"https:\/\/zoo.org\/vi\/wp-json\/wp\/v2\/media?parent=11026"}],"curies":[{"name":"wp","href":"https:\/\/api.w.org\/{rel}","templated":true}]}}