{"id":11028,"date":"2025-09-17T10:58:53","date_gmt":"2025-09-17T17:58:53","guid":{"rendered":"https:\/\/zoo.org\/zoomersion\/"},"modified":"2026-02-02T16:54:42","modified_gmt":"2026-02-03T00:54:42","slug":"zoomersion","status":"publish","type":"page","link":"https:\/\/zoo.org\/vi\/zoomersion\/","title":{"rendered":"Zoomersion"},"content":{"rendered":"\n<div class=\"wp-block-cover alignfull is-light hero\" style=\"margin-top:0;margin-bottom:0\"><img loading=\"lazy\" decoding=\"async\" width=\"1920\" height=\"400\" class=\"wp-block-cover__image-background wp-image-4968 size-full\" alt=\"\" src=\"https:\/\/zoo.org\/wp-content\/uploads\/2025\/09\/Zoomersion-VR-Header-Image.jpg\" data-object-fit=\"cover\" srcset=\"https:\/\/zoo.org\/wp-content\/uploads\/2025\/09\/Zoomersion-VR-Header-Image.jpg 1920w, https:\/\/zoo.org\/wp-content\/uploads\/2025\/09\/Zoomersion-VR-Header-Image-300x63.jpg 300w, https:\/\/zoo.org\/wp-content\/uploads\/2025\/09\/Zoomersion-VR-Header-Image-1024x213.jpg 1024w, https:\/\/zoo.org\/wp-content\/uploads\/2025\/09\/Zoomersion-VR-Header-Image-768x160.jpg 768w, https:\/\/zoo.org\/wp-content\/uploads\/2025\/09\/Zoomersion-VR-Header-Image-1536x320.jpg 1536w\" sizes=\"auto, (max-width: 1920px) 100vw, 1920px\" \/><span aria-hidden=\"true\" class=\"wp-block-cover__background has-background-dim-0 has-background-dim\" style=\"background-color:#aaadb4\"><\/span><div class=\"wp-block-cover__inner-container is-layout-constrained wp-block-cover-is-layout-constrained\">\n<p class=\"has-text-align-center has-large-font-size\"><\/p>\n<\/div><\/div>\n\n<div class=\"wp-block-group is-layout-constrained wp-block-group-is-layout-constrained\" style=\"margin-top:2em;margin-bottom:3em\">\n<h1 class=\"wp-block-heading has-text-align-center\" style=\"margin-top:0.65em;margin-bottom:0.275em\">Zoomersion<\/h1>\n\n\n\n<p class=\"has-text-align-center has-palette-color-3-color has-text-color has-link-color wp-elements-9aaf84944efda5ec642be64f32fddd2e\" style=\"margin-bottom:1em;font-size:clamp(0.984em, 0.984rem + ((1vw - 0.2em) * 0.645), 1.5em);font-style:normal;font-weight:500;line-height:1.5\"><strong>10:00 s\u00e1ng \u2013 3:00 chi\u1ec1u<\/strong><\/p>\n<\/div>\n\n<div class=\"wp-block-group alignfull divider is-layout-constrained wp-block-group-is-layout-constrained\">\n<h2 class=\"wp-block-heading alignfull has-text-align-center\">Tr\u1ea3i nghi\u1ec7m th\u1ef1c t\u1ebf \u1ea3o<\/h2>\n<\/div>\n\n<h4 class=\"wp-block-heading\">H\u00e3y c\u00f9ng c\u00e1c nh\u00e0 l\u00e0m phim t\u00e0i li\u1ec7u t\u1eebng \u0111o\u1ea1t gi\u1ea3i Emmy tham gia v\u00e0o m\u1ed9t h\u00e0nh tr\u00ecnh \u0111\u00e1ng kinh ng\u1ea1c!<\/h4>\n\n<p><strong>Chi ph\u00ed: $10 ngo\u00e0i ph\u00ed v\u00e0o c\u1eeda s\u1edf th\u00fa; th\u00e0nh vi\u00ean $8<\/strong><\/p>\n\n<p>H\u00e3y s\u1eb5n s\u00e0ng cho m\u1ed9t cu\u1ed9c phi\u00eau l\u01b0u \u1ea3o kh\u00f3 qu\u00ean, \u0111\u01b0a b\u1ea1n tr\u1ef1c ti\u1ebfp v\u00e0o nh\u1eefng kho\u1ea3nh kh\u1eafc k\u1ecbch t\u00ednh nh\u1ea5t th\u1ebf gi\u1edbi. Nh\u1eefng tr\u1ea3i nghi\u1ec7m n\u00e0y mang \u0111\u1ebfn s\u1ef1 k\u1ebft h\u1ee3p ho\u00e0n h\u1ea3o gi\u1eefa s\u1ef1 ph\u1ea5n kh\u00edch, kh\u00e1m ph\u00e1 v\u00e0 gi\u00e1o d\u1ee5c. <\/p>\n\n<p><em>*Chi\u1ec1u cao t\u1ed1i thi\u1ec3u \u0111\u01b0\u1ee3c khuy\u1ebfn ngh\u1ecb: 35 inch<\/em><\/p>\n\n<div class=\"wp-block-buttons is-content-justification-center is-layout-flex wp-container-core-buttons-is-layout-48d0e691 wp-block-buttons-is-layout-flex\" style=\"margin-top:var(--wp--preset--spacing--60);margin-bottom:var(--wp--preset--spacing--60)\">\n<div class=\"wp-block-button\"><a class=\"wp-block-button__link wp-element-button\" href=\"https:\/\/tickets.zoo.org\/events\/01965edf-144e-5e67-55f2-eaf515cb7d86?_gl=1*x5lwuy*_gcl_au*OTAxMDA5NDIuMTc1MjU5NTk2Nw..\" target=\"_blank\" rel=\"noreferrer noopener\">MUA V\u00c9<\/a><\/div>\n<\/div>\n\n<div class=\"wp-block-group alignfull divider is-layout-constrained wp-block-group-is-layout-constrained\">\n<h2 class=\"wp-block-heading alignfull has-text-align-center\">\u0110ang ph\u00e1t<\/h2>\n<\/div>\n\n<div class=\"wp-block-group is-layout-constrained wp-block-group-is-layout-constrained\"><style>.kt-sc4967_9fbb6a-50 .kt-sc-imgcol, .kt-sc4967_9fbb6a-50 .kt-sc-textcol{min-height:245px;}.kt-sc4967_9fbb6a-50 .kt-sc-imgcol{background-size:cover;background-image:url(https:\/\/zoo.org\/wp-content\/uploads\/2025\/09\/SHARK-DIVE-ENGLISH-EMAIL-INSET-IMAGE-800x533-web.jpg);}.kt-sc4967_9fbb6a-50 .kt-sc-textcol{padding-top:1em;padding-right:1.5em;padding-bottom:1em;padding-left:1.5em;}@media all and (max-width: 767px){.kt-sc4967_9fbb6a-50 .kt-sc-imgcol, .kt-sc4967_9fbb6a-50 .kt-sc-textcol{min-height:275px;}}<\/style>\n<div class=\"aligncenter kt-sc4967_9fbb6a-50 wp-block-kadence-splitcontent\"><div class=\"kt-split-content-wrap kt-sc-media-side-left\" style=\"grid-template-columns:32% auto\"><div class=\"kt-sc-imgcol kt-sc-imgcol-bg-cover kt-sc-img-side-left\"><\/div><div class=\"kt-sc-textcol kt-sc-text-valign-center kt-sc-text-halign-left\" style=\"background-color:var(--theme-palette-color-17, #E6E6E6)\"><div class=\"kt-sc-innter-col\">\n<h3 class=\"wp-block-heading\">L\u1eb7n c\u00f9ng c\u00e1 m\u1eadp<\/h3>\n\n\n\n<p>Tr\u1ea3i nghi\u1ec7m nh\u1eefng h\u00e0nh vi ph\u1ee9c t\u1ea1p c\u1ee7a c\u00e1 m\u1eadp h\u1ed5 v\u00e0 c\u00e1 m\u1eadp \u0111\u1ea7u b\u00faa \u1edf kho\u1ea3ng c\u00e1ch g\u1ea7n h\u01a1n bao gi\u1edd h\u1ebft trong chuy\u1ebfn phi\u00eau l\u01b0u ngo\u1ea1n m\u1ee5c n\u00e0y gi\u1eefa v\u00f9ng bi\u1ec3n trong v\u1eaft c\u1ee7a Bahamas.<\/p>\n<\/div><\/div><\/div><\/div>\n<\/div>\n\n<div class=\"wp-block-group is-layout-constrained wp-block-group-is-layout-constrained\"><style>.kt-sc4967_5dd99a-d0 .kt-sc-imgcol, .kt-sc4967_5dd99a-d0 .kt-sc-textcol{min-height:345px;}.kt-sc4967_5dd99a-d0 .kt-sc-imgcol{background-size:cover;background-image:url(https:\/\/zoo.org\/wp-content\/uploads\/2025\/09\/THE-GREAT-MIGRATION-ENGLISH-EMAIL-INSET-IMAGE-800x533-1.jpg);}.kt-sc4967_5dd99a-d0 .kt-sc-textcol{padding-top:1em;padding-right:1.5em;padding-bottom:1em;padding-left:1.5em;}@media all and (max-width: 767px){.kt-sc4967_5dd99a-d0 .kt-sc-imgcol, .kt-sc4967_5dd99a-d0 .kt-sc-textcol{min-height:275px;}}<\/style>\n<div class=\"aligncenter kt-sc4967_5dd99a-d0 wp-block-kadence-splitcontent\"><div class=\"kt-split-content-wrap kt-sc-media-side-left\" style=\"grid-template-columns:32% auto\"><div class=\"kt-sc-imgcol kt-sc-imgcol-bg-cover kt-sc-img-side-left\"><\/div><div class=\"kt-sc-textcol kt-sc-text-valign-center kt-sc-text-halign-left\" style=\"background-color:var(--theme-palette-color-17, #E6E6E6)\"><div class=\"kt-sc-innter-col\">\n<h3 class=\"wp-block-heading\">Cu\u1ed9c di c\u01b0 v\u0129 \u0111\u1ea1i<\/h3>\n\n\n\n<p>H\u00e0ng n\u0103m, h\u00e0ng tri\u1ec7u linh d\u01b0\u01a1ng \u0111\u1ea7u b\u00f2, ng\u1ef1a v\u1eb1n v\u00e0 linh d\u01b0\u01a1ng kh\u00e1c di chuy\u1ec3n li\u00ean t\u1ee5c theo m\u1ed9t v\u00f2ng tr\u00f2n quanh co tr\u00ean nh\u1eefng th\u1ea3o nguy\u00ean r\u1ed9ng l\u1edbn c\u1ee7a \u0110\u00f4ng Phi \u0111\u1ec3 t\u00ecm ki\u1ebfm nh\u1eefng v\u00f9ng \u0111\u1ea5t ch\u0103n th\u1ea3 v\u00e0 ngu\u1ed3n n\u01b0\u1edbc t\u01b0\u01a1i m\u1edbi, ch\u1ec9 t\u1ea1m d\u1eebng trong v\u00e0i th\u00e1ng khi c\u00e1c con c\u00e1i sinh con.<\/p>\n\n\n\n<p>Tr\u00ean \u0111\u01b0\u1eddng \u0111i, h\u00e0ng tr\u0103m ngh\u00ecn con trong \u0111\u00e0n tr\u1edf th\u00e0nh con m\u1ed3i c\u1ee7a c\u00e1c lo\u00e0i th\u00fa s\u0103n m\u1ed3i, bao g\u1ed3m s\u01b0 t\u1eed, c\u00e1 s\u1ea5u, b\u00e1o s\u0103n v\u00e0 linh c\u1ea9u.<\/p>\n<\/div><\/div><\/div><\/div>\n<\/div>\n\n<div class=\"wp-block-group is-layout-constrained wp-block-group-is-layout-constrained\"><style>.kt-sc4967_3f97c4-ce .kt-sc-imgcol, .kt-sc4967_3f97c4-ce .kt-sc-textcol{min-height:345px;}.kt-sc4967_3f97c4-ce .kt-sc-imgcol{background-size:cover;background-image:url(https:\/\/zoo.org\/wp-content\/uploads\/2025\/09\/DINOSAUR-EVOLUTION-ENGLISH-EMAIL-800-533.jpg);}.kt-sc4967_3f97c4-ce .kt-sc-textcol{padding-top:1em;padding-right:1.5em;padding-bottom:1em;padding-left:1.5em;}@media all and (max-width: 767px){.kt-sc4967_3f97c4-ce .kt-sc-imgcol, .kt-sc4967_3f97c4-ce .kt-sc-textcol{min-height:275px;}}<\/style>\n<div class=\"aligncenter kt-sc4967_3f97c4-ce wp-block-kadence-splitcontent\"><div class=\"kt-split-content-wrap kt-sc-media-side-left\" style=\"grid-template-columns:32% auto\"><div class=\"kt-sc-imgcol kt-sc-imgcol-bg-cover kt-sc-img-side-left\"><\/div><div class=\"kt-sc-textcol kt-sc-text-valign-center kt-sc-text-halign-left\" style=\"background-color:var(--theme-palette-color-17, #E6E6E6)\"><div class=\"kt-sc-innter-col\">\n<h3 class=\"wp-block-heading\">S\u1ef1 ti\u1ebfn h\u00f3a c\u1ee7a kh\u1ee7ng long<\/h3>\n\n\n\n<p>H\u00e3y quay ng\u01b0\u1ee3c th\u1eddi gian 66 tri\u1ec7u n\u0103m v\u00e0 du h\u00e0nh qua ch\u01b0\u01a1ng cu\u1ed1i c\u00f9ng c\u1ee7a k\u1ef7 nguy\u00ean kh\u1ee7ng long trong Dinosaur Evolution \u2013 m\u1ed9t tr\u1ea3i nghi\u1ec7m nh\u1eadp vai ly k\u1ef3 \u0111\u01b0a th\u1ebf gi\u1edbi k\u1ef7 Ph\u1ea5n tr\u1eafng tr\u1edf n\u00ean s\u1ed1ng \u0111\u1ed9ng. Ch\u1ee9ng ki\u1ebfn nh\u1eefng lo\u00e0i chim s\u0103n m\u1ed3i c\u00f3 l\u00f4ng v\u0169 s\u0103n m\u1ed3i, nh\u1eefng g\u00e3 kh\u1ed5ng l\u1ed3 b\u1ecdc th\u00e9p b\u1ea3o v\u1ec7 l\u00e3nh th\u1ed5 c\u1ee7a m\u00ecnh, v\u00e0 T. rex h\u00f9ng m\u1ea1nh \u0111\u1ee9ng \u0111\u1ea7u chu\u1ed7i th\u1ee9c \u0103n. Nh\u01b0ng ngay c\u1ea3 nh\u1eefng sinh v\u1eadt ti\u1ebfn h\u00f3a ho\u00e0n h\u1ea3o n\u00e0y c\u0169ng kh\u00f4ng th\u1ec3 tho\u00e1t kh\u1ecfi s\u1ef1 ki\u1ec7n tuy\u1ec7t ch\u1ee7ng t\u00e0n kh\u1ed1c nh\u1ea5t c\u1ee7a Tr\u00e1i \u0111\u1ea5t. H\u00ecnh \u1ea3nh tuy\u1ec7t \u0111\u1eb9p v\u00e0 khoa h\u1ecdc ti\u00ean ti\u1ebfn ti\u1ebft l\u1ed9 c\u00e1ch ti\u1ebfn h\u00f3a \u0111\u00e3 \u0111\u1ecbnh h\u00ecnh n\u00ean lo\u00e0i kh\u1ee7ng long \u2013 v\u00e0 c\u00e1ch c\u00e1c lo\u00e0i chim, h\u1eadu du\u1ec7 hi\u1ec7n \u0111\u1ea1i c\u1ee7a ch\u00fang, ti\u1ebfp t\u1ee5c di s\u1ea3n \u0111\u00f3. \u0110\u00f3 l\u00e0 m\u1ed9t cu\u1ed9c phi\u00eau l\u01b0u th\u1eddi ti\u1ec1n s\u1eed s\u1ebd truy\u1ec1n c\u1ea3m h\u1ee9ng cho th\u1ebf h\u1ec7 c\u00e1c nh\u00e0 c\u1ed5 sinh v\u1eadt h\u1ecdc v\u00e0 nh\u00e0 b\u1ea3o t\u1ed3n t\u01b0\u01a1ng lai.    <\/p>\n<\/div><\/div><\/div><\/div>\n<\/div>\n\n<div class=\"wp-block-group is-layout-constrained wp-block-group-is-layout-constrained\"><style>.kt-sc4967_5bde42-ca .kt-sc-imgcol, .kt-sc4967_5bde42-ca .kt-sc-textcol{min-height:345px;}.kt-sc4967_5bde42-ca .kt-sc-imgcol{background-size:cover;background-image:url(https:\/\/zoo.org\/wp-content\/uploads\/2025\/09\/GORILLA-TREK-ENGLISH-DIGITAL-SCREEN-800x533-1.jpg);}.kt-sc4967_5bde42-ca .kt-sc-textcol{padding-top:1em;padding-right:1.5em;padding-bottom:1em;padding-left:1.5em;}@media all and (max-width: 767px){.kt-sc4967_5bde42-ca .kt-sc-imgcol, .kt-sc4967_5bde42-ca .kt-sc-textcol{min-height:275px;}}<\/style>\n<div class=\"aligncenter kt-sc4967_5bde42-ca wp-block-kadence-splitcontent\"><div class=\"kt-split-content-wrap kt-sc-media-side-left\" style=\"grid-template-columns:32% auto\"><div class=\"kt-sc-imgcol kt-sc-imgcol-bg-cover kt-sc-img-side-left\"><\/div><div class=\"kt-sc-textcol kt-sc-text-valign-center kt-sc-text-halign-left\" style=\"background-color:var(--theme-palette-color-17, #E6E6E6)\"><div class=\"kt-sc-innter-col\">\n<h3 class=\"wp-block-heading\">H\u00e0nh tr\u00ecnh Kh\u1ec9 \u0111\u1ed9t<\/h3>\n\n\n\n<p>Du h\u00e0nh \u0111\u1ebfn nh\u1eefng ng\u1ecdn n\u00fai l\u1eeda \u0111\u00e3 t\u1eaft \u1edf Rwanda, Trung Phi. C\u00f9ng nh\u00e0 nghi\u00ean c\u1ee9u linh tr\u01b0\u1edfng n\u1ed5i ti\u1ebfng th\u1ebf gi\u1edbi, Ti\u1ebfn s\u0129 Tara Stoinski, Gi\u00e1m \u0111\u1ed1c \u0111i\u1ec1u h\u00e0nh c\u1ee7a Qu\u1ef9 Dian Fossey Gorilla Fund, leo l\u00ean \u0111\u1ed9 cao 3 m\u00e9t \u0111\u1ec3 g\u1eb7p g\u1ee1 m\u1ed9t gia \u0111\u00ecnh kh\u1ec9 \u0111\u1ed9t n\u00fai \u0111\u1eb7c bi\u1ec7t. L\u1ea7n \u0111\u1ea7u ti\u00ean \u0111\u01b0\u1ee3c ch\u1ee9ng ki\u1ebfn trong th\u1ef1c t\u1ebf \u1ea3o 3D nh\u1eefng \u0111\u1ed9ng l\u1ef1c gia \u0111\u00ecnh \u0111\u1ed9c \u0111\u00e1o, n\u01a1i m\u1ed9t con kh\u1ec9 \u0111\u1ed9t l\u01b0ng b\u1ea1c tranh gi\u00e0nh quy\u1ec1n ki\u1ec3m so\u00e1t gia \u0111\u00ecnh. Hi\u1ec7n ch\u1ec9 c\u00f2n h\u01a1n m\u1ed9t ngh\u00ecn con kh\u1ec9 \u0111\u1ed9t n\u00fai tr\u00ean th\u1ebf gi\u1edbi v\u00e0 vi\u1ec7c nghi\u00ean c\u1ee9u h\u00e0nh vi c\u1ee7a nh\u1eefng lo\u00e0i \u0111\u1ed9ng v\u1eadt tuy\u1ec7t v\u1eddi n\u00e0y l\u00e0 v\u00f4 c\u00f9ng quan tr\u1ecdng \u0111\u1ec3 ch\u00fang ta c\u00f3 th\u1ec3 gi\u00fap c\u1ee9u ch\u00fang kh\u1ecfi nguy c\u01a1 tuy\u1ec7t ch\u1ee7ng.   <\/p>\n<\/div><\/div><\/div><\/div>\n<\/div>\n","protected":false},"excerpt":{"rendered":"<p>Zoomersion 10:00 s\u00e1ng \u2013 3:00 chi\u1ec1u Tr\u1ea3i nghi\u1ec7m th\u1ef1c t\u1ebf \u1ea3o H\u00e3y c\u00f9ng c\u00e1c nh\u00e0 l\u00e0m phim t\u00e0i li\u1ec7u t\u1eebng \u0111o\u1ea1t gi\u1ea3i Emmy tham gia v\u00e0o m\u1ed9t h\u00e0nh tr\u00ecnh \u0111\u00e1ng [&hellip;]<\/p>\n","protected":false},"author":1,"featured_media":11029,"parent":0,"menu_order":0,"comment_status":"closed","ping_status":"closed","template":"","meta":{"_acf_changed":false,"_kad_blocks_custom_css":"","_kad_blocks_head_custom_js":"","_kad_blocks_body_custom_js":"","_kad_blocks_footer_custom_js":"","footnotes":""},"class_list":["post-11028","page","type-page","status-publish","has-post-thumbnail","hentry"],"blocksy_meta":[],"acf":[],"yoast_head":"<!-- This site is optimized with the Yoast SEO plugin v27.4 - https:\/\/yoast.com\/product\/yoast-seo-wordpress\/ -->\n<title>Zoomersion - V\u01b0\u1eddn th\u00fa Woodland Park<\/title>\n<meta name=\"description\" content=\"Zoomersion l\u00e0 tr\u1ea3i nghi\u1ec7m phim nh\u1eadp vai v\u1ec1 th\u1ebf gi\u1edbi hoang d\u00e3 c\u1ee7a Immotion, &quot;Cu\u1ed9c di c\u01b0 v\u0129 \u0111\u1ea1i&quot;, m\u1ed9t h\u00e0nh tr\u00ecnh v\u00e0 c\u1ea3nh t\u01b0\u1ee3ng ho\u00e0nh tr\u00e1ng v\u1ec1 th\u1ebf gi\u1edbi hoang d\u00e3.\" \/>\n<meta name=\"robots\" content=\"index, follow, max-snippet:-1, max-image-preview:large, max-video-preview:-1\" \/>\n<link rel=\"canonical\" href=\"https:\/\/zoo.org\/vi\/zoomersion\/\" \/>\n<meta property=\"og:locale\" content=\"vi_VN\" \/>\n<meta property=\"og:type\" content=\"article\" \/>\n<meta property=\"og:title\" content=\"Zoomersion - V\u01b0\u1eddn th\u00fa Woodland Park\" \/>\n<meta property=\"og:description\" content=\"Zoomersion l\u00e0 tr\u1ea3i nghi\u1ec7m phim nh\u1eadp vai v\u1ec1 th\u1ebf gi\u1edbi hoang d\u00e3 c\u1ee7a Immotion, &quot;Cu\u1ed9c di c\u01b0 v\u0129 \u0111\u1ea1i&quot;, m\u1ed9t h\u00e0nh tr\u00ecnh v\u00e0 c\u1ea3nh t\u01b0\u1ee3ng ho\u00e0nh tr\u00e1ng v\u1ec1 th\u1ebf gi\u1edbi hoang d\u00e3.\" \/>\n<meta property=\"og:url\" content=\"https:\/\/zoo.org\/vi\/zoomersion\/\" \/>\n<meta property=\"og:site_name\" content=\"V\u01b0\u1eddn th\u00fa Woodland Park\" \/>\n<meta property=\"article:modified_time\" content=\"2026-02-03T00:54:42+00:00\" \/>\n<meta property=\"og:image\" content=\"https:\/\/zoo.org\/wp-content\/uploads\/2025\/09\/THE-GREAT-MIGRATION-ENGLISH-EMAIL-INSET-IMAGE-800x533-1.jpg?wsr\" \/>\n\t<meta property=\"og:image:width\" content=\"800\" \/>\n\t<meta property=\"og:image:height\" content=\"533\" \/>\n\t<meta property=\"og:image:type\" content=\"image\/jpeg\" \/>\n<meta name=\"twitter:card\" content=\"summary_large_image\" \/>\n<script type=\"application\/ld+json\" class=\"yoast-schema-graph\">{\"@context\":\"https:\\\/\\\/schema.org\",\"@graph\":[{\"@type\":\"WebPage\",\"@id\":\"https:\\\/\\\/zoo.org\\\/vi\\\/zoomersion\\\/\",\"url\":\"https:\\\/\\\/zoo.org\\\/vi\\\/zoomersion\\\/\",\"name\":\"Zoomersion - V\u01b0\u1eddn th\u00fa Woodland Park\",\"isPartOf\":{\"@id\":\"https:\\\/\\\/zoo.org\\\/vi\\\/#website\"},\"primaryImageOfPage\":{\"@id\":\"https:\\\/\\\/zoo.org\\\/vi\\\/zoomersion\\\/#primaryimage\"},\"image\":{\"@id\":\"https:\\\/\\\/zoo.org\\\/vi\\\/zoomersion\\\/#primaryimage\"},\"thumbnailUrl\":\"https:\\\/\\\/zoo.org\\\/wp-content\\\/uploads\\\/2025\\\/09\\\/THE-GREAT-MIGRATION-ENGLISH-EMAIL-INSET-IMAGE-800x533-1.jpg?wsr\",\"datePublished\":\"2025-09-17T17:58:53+00:00\",\"dateModified\":\"2026-02-03T00:54:42+00:00\",\"description\":\"Zoomersion l\u00e0 tr\u1ea3i nghi\u1ec7m phim nh\u1eadp vai v\u1ec1 th\u1ebf gi\u1edbi hoang d\u00e3 c\u1ee7a Immotion, \\\"Cu\u1ed9c di c\u01b0 v\u0129 \u0111\u1ea1i\\\", m\u1ed9t h\u00e0nh tr\u00ecnh v\u00e0 c\u1ea3nh t\u01b0\u1ee3ng ho\u00e0nh tr\u00e1ng v\u1ec1 th\u1ebf gi\u1edbi hoang d\u00e3.\",\"breadcrumb\":{\"@id\":\"https:\\\/\\\/zoo.org\\\/vi\\\/zoomersion\\\/#breadcrumb\"},\"inLanguage\":\"vi\",\"potentialAction\":[{\"@type\":\"ReadAction\",\"target\":[\"https:\\\/\\\/zoo.org\\\/vi\\\/zoomersion\\\/\"]}]},{\"@type\":\"ImageObject\",\"inLanguage\":\"vi\",\"@id\":\"https:\\\/\\\/zoo.org\\\/vi\\\/zoomersion\\\/#primaryimage\",\"url\":\"https:\\\/\\\/zoo.org\\\/wp-content\\\/uploads\\\/2025\\\/09\\\/THE-GREAT-MIGRATION-ENGLISH-EMAIL-INSET-IMAGE-800x533-1.jpg?wsr\",\"contentUrl\":\"https:\\\/\\\/zoo.org\\\/wp-content\\\/uploads\\\/2025\\\/09\\\/THE-GREAT-MIGRATION-ENGLISH-EMAIL-INSET-IMAGE-800x533-1.jpg?wsr\",\"width\":800,\"height\":533,\"caption\":\"M\u1ed9t nh\u00f3m \u0111\u1ed9ng v\u1eadt ch\u00e2u Phi, bao g\u1ed3m s\u01b0 t\u1eed, h\u01b0\u01a1u cao c\u1ed5, t\u00ea gi\u00e1c, ng\u1ef1a v\u1eb1n v\u00e0 linh d\u01b0\u01a1ng, \u0111\u1ee9ng c\u00f9ng v\u1edbi m\u1ed9t con linh d\u01b0\u01a1ng \u0111\u1ea7u b\u00f2 kh\u1ed5ng l\u1ed3 \u1edf ph\u00eda sau v\u00e0 m\u1ed9t c\u00e2y tr\u00ean th\u1ea3o nguy\u00ean l\u00fac ho\u00e0ng h\u00f4n. D\u00f2ng ch\u1eef ghi: Cu\u1ed9c di c\u01b0 v\u0129 \u0111\u1ea1i.\"},{\"@type\":\"BreadcrumbList\",\"@id\":\"https:\\\/\\\/zoo.org\\\/vi\\\/zoomersion\\\/#breadcrumb\",\"itemListElement\":[{\"@type\":\"ListItem\",\"position\":1,\"name\":\"Trang ch\u1ee7\",\"item\":\"https:\\\/\\\/zoo.org\\\/vi\\\/\"},{\"@type\":\"ListItem\",\"position\":2,\"name\":\"Zoomersion\"}]},{\"@type\":\"WebSite\",\"@id\":\"https:\\\/\\\/zoo.org\\\/vi\\\/#website\",\"url\":\"https:\\\/\\\/zoo.org\\\/vi\\\/\",\"name\":\"V\u01b0\u1eddn th\u00fa Woodland Park\",\"description\":\"V\u01b0\u1eddn th\u00fa Woodland Park c\u1ee9u s\u1ed1ng \u0111\u1ed9ng v\u1eadt hoang d\u00e3 v\u00e0 truy\u1ec1n c\u1ea3m h\u1ee9ng cho m\u1ecdi ng\u01b0\u1eddi coi b\u1ea3o t\u1ed3n l\u00e0 \u01b0u ti\u00ean h\u00e0ng \u0111\u1ea7u trong cu\u1ed9c s\u1ed1ng c\u1ee7a m\u00ecnh.\",\"publisher\":{\"@id\":\"https:\\\/\\\/zoo.org\\\/vi\\\/#organization\"},\"potentialAction\":[{\"@type\":\"SearchAction\",\"target\":{\"@type\":\"EntryPoint\",\"urlTemplate\":\"https:\\\/\\\/zoo.org\\\/vi\\\/?s={search_term_string}\"},\"query-input\":{\"@type\":\"PropertyValueSpecification\",\"valueRequired\":true,\"valueName\":\"search_term_string\"}}],\"inLanguage\":\"vi\"},{\"@type\":\"Organization\",\"@id\":\"https:\\\/\\\/zoo.org\\\/vi\\\/#organization\",\"name\":\"V\u01b0\u1eddn th\u00fa Woodland Park\",\"url\":\"https:\\\/\\\/zoo.org\\\/vi\\\/\",\"logo\":{\"@type\":\"ImageObject\",\"inLanguage\":\"vi\",\"@id\":\"https:\\\/\\\/zoo.org\\\/vi\\\/#\\\/schema\\\/logo\\\/image\\\/\",\"url\":\"https:\\\/\\\/zoo.org\\\/wp-content\\\/uploads\\\/2026\\\/01\\\/WPZ-Logo_white-SVG.svg?wsr\",\"contentUrl\":\"https:\\\/\\\/zoo.org\\\/wp-content\\\/uploads\\\/2026\\\/01\\\/WPZ-Logo_white-SVG.svg?wsr\",\"width\":288,\"height\":282,\"caption\":\"V\u01b0\u1eddn th\u00fa Woodland Park\"},\"image\":{\"@id\":\"https:\\\/\\\/zoo.org\\\/vi\\\/#\\\/schema\\\/logo\\\/image\\\/\"}}]}<\/script>\n<!-- \/ Yoast SEO plugin. -->","yoast_head_json":{"title":"Zoomersion - V\u01b0\u1eddn th\u00fa Woodland Park","description":"Zoomersion l\u00e0 tr\u1ea3i nghi\u1ec7m phim nh\u1eadp vai v\u1ec1 th\u1ebf gi\u1edbi hoang d\u00e3 c\u1ee7a Immotion, \"Cu\u1ed9c di c\u01b0 v\u0129 \u0111\u1ea1i\", m\u1ed9t h\u00e0nh tr\u00ecnh v\u00e0 c\u1ea3nh t\u01b0\u1ee3ng ho\u00e0nh tr\u00e1ng v\u1ec1 th\u1ebf gi\u1edbi hoang d\u00e3.","robots":{"index":"index","follow":"follow","max-snippet":"max-snippet:-1","max-image-preview":"max-image-preview:large","max-video-preview":"max-video-preview:-1"},"canonical":"https:\/\/zoo.org\/vi\/zoomersion\/","og_locale":"vi_VN","og_type":"article","og_title":"Zoomersion - V\u01b0\u1eddn th\u00fa Woodland Park","og_description":"Zoomersion l\u00e0 tr\u1ea3i nghi\u1ec7m phim nh\u1eadp vai v\u1ec1 th\u1ebf gi\u1edbi hoang d\u00e3 c\u1ee7a Immotion, \"Cu\u1ed9c di c\u01b0 v\u0129 \u0111\u1ea1i\", m\u1ed9t h\u00e0nh tr\u00ecnh v\u00e0 c\u1ea3nh t\u01b0\u1ee3ng ho\u00e0nh tr\u00e1ng v\u1ec1 th\u1ebf gi\u1edbi hoang d\u00e3.","og_url":"https:\/\/zoo.org\/vi\/zoomersion\/","og_site_name":"V\u01b0\u1eddn th\u00fa Woodland Park","article_modified_time":"2026-02-03T00:54:42+00:00","og_image":[{"width":800,"height":533,"url":"https:\/\/zoo.org\/wp-content\/uploads\/2025\/09\/THE-GREAT-MIGRATION-ENGLISH-EMAIL-INSET-IMAGE-800x533-1.jpg?wsr","type":"image\/jpeg"}],"twitter_card":"summary_large_image","schema":{"@context":"https:\/\/schema.org","@graph":[{"@type":"WebPage","@id":"https:\/\/zoo.org\/vi\/zoomersion\/","url":"https:\/\/zoo.org\/vi\/zoomersion\/","name":"Zoomersion - V\u01b0\u1eddn th\u00fa Woodland Park","isPartOf":{"@id":"https:\/\/zoo.org\/vi\/#website"},"primaryImageOfPage":{"@id":"https:\/\/zoo.org\/vi\/zoomersion\/#primaryimage"},"image":{"@id":"https:\/\/zoo.org\/vi\/zoomersion\/#primaryimage"},"thumbnailUrl":"https:\/\/zoo.org\/wp-content\/uploads\/2025\/09\/THE-GREAT-MIGRATION-ENGLISH-EMAIL-INSET-IMAGE-800x533-1.jpg?wsr","datePublished":"2025-09-17T17:58:53+00:00","dateModified":"2026-02-03T00:54:42+00:00","description":"Zoomersion l\u00e0 tr\u1ea3i nghi\u1ec7m phim nh\u1eadp vai v\u1ec1 th\u1ebf gi\u1edbi hoang d\u00e3 c\u1ee7a Immotion, \"Cu\u1ed9c di c\u01b0 v\u0129 \u0111\u1ea1i\", m\u1ed9t h\u00e0nh tr\u00ecnh v\u00e0 c\u1ea3nh t\u01b0\u1ee3ng ho\u00e0nh tr\u00e1ng v\u1ec1 th\u1ebf gi\u1edbi hoang d\u00e3.","breadcrumb":{"@id":"https:\/\/zoo.org\/vi\/zoomersion\/#breadcrumb"},"inLanguage":"vi","potentialAction":[{"@type":"ReadAction","target":["https:\/\/zoo.org\/vi\/zoomersion\/"]}]},{"@type":"ImageObject","inLanguage":"vi","@id":"https:\/\/zoo.org\/vi\/zoomersion\/#primaryimage","url":"https:\/\/zoo.org\/wp-content\/uploads\/2025\/09\/THE-GREAT-MIGRATION-ENGLISH-EMAIL-INSET-IMAGE-800x533-1.jpg?wsr","contentUrl":"https:\/\/zoo.org\/wp-content\/uploads\/2025\/09\/THE-GREAT-MIGRATION-ENGLISH-EMAIL-INSET-IMAGE-800x533-1.jpg?wsr","width":800,"height":533,"caption":"M\u1ed9t nh\u00f3m \u0111\u1ed9ng v\u1eadt ch\u00e2u Phi, bao g\u1ed3m s\u01b0 t\u1eed, h\u01b0\u01a1u cao c\u1ed5, t\u00ea gi\u00e1c, ng\u1ef1a v\u1eb1n v\u00e0 linh d\u01b0\u01a1ng, \u0111\u1ee9ng c\u00f9ng v\u1edbi m\u1ed9t con linh d\u01b0\u01a1ng \u0111\u1ea7u b\u00f2 kh\u1ed5ng l\u1ed3 \u1edf ph\u00eda sau v\u00e0 m\u1ed9t c\u00e2y tr\u00ean th\u1ea3o nguy\u00ean l\u00fac ho\u00e0ng h\u00f4n. D\u00f2ng ch\u1eef ghi: Cu\u1ed9c di c\u01b0 v\u0129 \u0111\u1ea1i."},{"@type":"BreadcrumbList","@id":"https:\/\/zoo.org\/vi\/zoomersion\/#breadcrumb","itemListElement":[{"@type":"ListItem","position":1,"name":"Trang ch\u1ee7","item":"https:\/\/zoo.org\/vi\/"},{"@type":"ListItem","position":2,"name":"Zoomersion"}]},{"@type":"WebSite","@id":"https:\/\/zoo.org\/vi\/#website","url":"https:\/\/zoo.org\/vi\/","name":"V\u01b0\u1eddn th\u00fa Woodland Park","description":"V\u01b0\u1eddn th\u00fa Woodland Park c\u1ee9u s\u1ed1ng \u0111\u1ed9ng v\u1eadt hoang d\u00e3 v\u00e0 truy\u1ec1n c\u1ea3m h\u1ee9ng cho m\u1ecdi ng\u01b0\u1eddi coi b\u1ea3o t\u1ed3n l\u00e0 \u01b0u ti\u00ean h\u00e0ng \u0111\u1ea7u trong cu\u1ed9c s\u1ed1ng c\u1ee7a m\u00ecnh.","publisher":{"@id":"https:\/\/zoo.org\/vi\/#organization"},"potentialAction":[{"@type":"SearchAction","target":{"@type":"EntryPoint","urlTemplate":"https:\/\/zoo.org\/vi\/?s={search_term_string}"},"query-input":{"@type":"PropertyValueSpecification","valueRequired":true,"valueName":"search_term_string"}}],"inLanguage":"vi"},{"@type":"Organization","@id":"https:\/\/zoo.org\/vi\/#organization","name":"V\u01b0\u1eddn th\u00fa Woodland Park","url":"https:\/\/zoo.org\/vi\/","logo":{"@type":"ImageObject","inLanguage":"vi","@id":"https:\/\/zoo.org\/vi\/#\/schema\/logo\/image\/","url":"https:\/\/zoo.org\/wp-content\/uploads\/2026\/01\/WPZ-Logo_white-SVG.svg?wsr","contentUrl":"https:\/\/zoo.org\/wp-content\/uploads\/2026\/01\/WPZ-Logo_white-SVG.svg?wsr","width":288,"height":282,"caption":"V\u01b0\u1eddn th\u00fa Woodland Park"},"image":{"@id":"https:\/\/zoo.org\/vi\/#\/schema\/logo\/image\/"}}]}},"taxonomy_info":[],"featured_image_src_large":["https:\/\/zoo.org\/wp-content\/uploads\/2025\/09\/THE-GREAT-MIGRATION-ENGLISH-EMAIL-INSET-IMAGE-800x533-1.jpg?wsr",800,533,false],"author_info":{"display_name":"jloughlin","author_link":"https:\/\/zoo.org\/vi\/author\/jloughlin\/"},"comment_info":0,"_links":{"self":[{"href":"https:\/\/zoo.org\/vi\/wp-json\/wp\/v2\/pages\/11028","targetHints":{"allow":["GET"]}}],"collection":[{"href":"https:\/\/zoo.org\/vi\/wp-json\/wp\/v2\/pages"}],"about":[{"href":"https:\/\/zoo.org\/vi\/wp-json\/wp\/v2\/types\/page"}],"author":[{"embeddable":true,"href":"https:\/\/zoo.org\/vi\/wp-json\/wp\/v2\/users\/1"}],"replies":[{"embeddable":true,"href":"https:\/\/zoo.org\/vi\/wp-json\/wp\/v2\/comments?post=11028"}],"version-history":[{"count":0,"href":"https:\/\/zoo.org\/vi\/wp-json\/wp\/v2\/pages\/11028\/revisions"}],"wp:featuredmedia":[{"embeddable":true,"href":"https:\/\/zoo.org\/vi\/wp-json\/wp\/v2\/media\/11029"}],"wp:attachment":[{"href":"https:\/\/zoo.org\/vi\/wp-json\/wp\/v2\/media?parent=11028"}],"curies":[{"name":"wp","href":"https:\/\/api.w.org\/{rel}","templated":true}]}}