{"id":11057,"date":"2025-09-17T12:05:28","date_gmt":"2025-09-17T19:05:28","guid":{"rendered":"https:\/\/zoo.org\/mot-cuoc-gap-go-voi-thien-nhien\/cau-hoi-thuong-gap-ve-mot-cuoc-gap-go-voi-thien-nhien\/"},"modified":"2026-03-11T15:41:13","modified_gmt":"2026-03-11T22:41:13","slug":"cau-hoi-thuong-gap-ve-mot-cuoc-gap-go-voi-thien-nhien","status":"publish","type":"page","link":"https:\/\/zoo.org\/vi\/mot-cuoc-gap-go-voi-thien-nhien\/cau-hoi-thuong-gap-ve-mot-cuoc-gap-go-voi-thien-nhien\/","title":{"rendered":"C\u00e2u h\u1ecfi th\u01b0\u1eddng g\u1eb7p v\u1ec1 &#8220;M\u1ed9t cu\u1ed9c g\u1eb7p g\u1ee1 v\u1edbi thi\u00ean nhi\u00ean&#8221;"},"content":{"rendered":"\n<div class=\"wp-block-cover alignfull is-light hero\" style=\"margin-top:0;margin-bottom:0\"><img loading=\"lazy\" decoding=\"async\" width=\"1920\" height=\"400\" class=\"wp-block-cover__image-background wp-image-2523 size-full\" alt=\"\" src=\"https:\/\/zoo.org\/wp-content\/uploads\/2025\/07\/Brush-with-Nature-header-image4.jpg\" data-object-fit=\"cover\" srcset=\"https:\/\/zoo.org\/wp-content\/uploads\/2025\/07\/Brush-with-Nature-header-image4.jpg 1920w, https:\/\/zoo.org\/wp-content\/uploads\/2025\/07\/Brush-with-Nature-header-image4-300x63.jpg 300w, https:\/\/zoo.org\/wp-content\/uploads\/2025\/07\/Brush-with-Nature-header-image4-1024x213.jpg 1024w, https:\/\/zoo.org\/wp-content\/uploads\/2025\/07\/Brush-with-Nature-header-image4-150x31.jpg 150w, https:\/\/zoo.org\/wp-content\/uploads\/2025\/07\/Brush-with-Nature-header-image4-768x160.jpg 768w, https:\/\/zoo.org\/wp-content\/uploads\/2025\/07\/Brush-with-Nature-header-image4-1536x320.jpg 1536w\" sizes=\"auto, (max-width: 1920px) 100vw, 1920px\" \/><span aria-hidden=\"true\" class=\"wp-block-cover__background has-background-dim-0 has-background-dim\" style=\"background-color:#b76f63\"><\/span><div class=\"wp-block-cover__inner-container is-layout-constrained wp-block-cover-is-layout-constrained\">\n<p class=\"has-text-align-center has-large-font-size\"><\/p>\n<\/div><\/div>\n\n<div class=\"wp-block-group is-layout-constrained wp-block-group-is-layout-constrained\" style=\"margin-top:2em;margin-bottom:3em\">\n<h1 class=\"wp-block-heading has-text-align-center\" style=\"margin-top:0.65em;margin-bottom:0.275em\">TR\u1ea2I NGHI\u1ec6M H\u00d2A M\u00ccNH V\u1edaI THI\u00caN NHI\u00caN<\/h1>\n<\/div>\n\n<div class=\"wp-block-group alignfull divider is-layout-constrained wp-block-group-is-layout-constrained\">\n<h2 class=\"wp-block-heading alignfull has-text-align-center\">C\u00c2U H\u1eceI TH\u01af\u1edcNG G\u1eb6P<\/h2>\n<\/div>\n\n<h4 class=\"wp-block-heading\">V\u00e9 c\u1ee7a t\u00f4i bao g\u1ed3m nh\u1eefng g\u00ec?<\/h4>\n\n<p>V\u00e9 d\u00e0nh cho m\u1ecdi l\u1ee9a tu\u1ed5i bao g\u1ed3m v\u00e9 v\u00e0o v\u01b0\u1eddn th\u00fa v\u00e0 d\u1ee5ng c\u1ee5 v\u1ebd tranh.<\/p>\n\n<p>V\u00e9 d\u00e0nh cho ng\u01b0\u1eddi t\u1eeb 21 tu\u1ed5i tr\u1edf l\u00ean bao g\u1ed3m v\u00e9 v\u00e0o v\u01b0\u1eddn th\u00fa (c\u00f3 th\u1ec3 s\u1eed d\u1ee5ng cho l\u1ea7n tham quan sau) v\u00e0 d\u1ee5ng c\u1ee5 v\u1ebd.<\/p>\n\n<h4 class=\"wp-block-heading\">S\u1ef1 ki\u1ec7n di\u1ec5n ra \u1edf \u0111\u00e2u?<\/h4>\n\n<p>M\u1ed7i bu\u1ed5i h\u1ed9i th\u1ea3o \u0111\u01b0\u1ee3c t\u1ed5 ch\u1ee9c t\u1ea1i m\u1ed9t \u0111\u1ecba \u0111i\u1ec3m \u0111\u1ed9c \u0111\u00e1o trong V\u01b0\u1eddn th\u00fa Woodland Park. Vui l\u00f2ng xem l\u1ecbch s\u1ef1 ki\u1ec7n \u0111\u1ec3 bi\u1ebft ng\u00e0y v\u00e0 \u0111\u1ecba \u0111i\u1ec3m c\u1ee5 th\u1ec3. \u0110\u1ecba \u0111i\u1ec3m c\u00f3 th\u1ec3 thay \u0111\u1ed5i m\u00e0 kh\u00f4ng c\u1ea7n b\u00e1o tr\u01b0\u1edbc.  <\/p>\n\n<h4 class=\"wp-block-heading\">T\u00f4i n\u00ean m\u1eb7c g\u00ec?<\/h4>\n\n<p>Vui l\u00f2ng m\u1eb7c qu\u1ea7n \u00e1o m\u00e0 b\u1ea1n kh\u00f4ng ng\u1ea1i b\u1ecb d\u00ednh s\u01a1n. Ch\u00fang t\u00f4i s\u1ebd cung c\u1ea5p t\u1ea1p d\u1ec1 \u0111\u1ec3 che qu\u1ea7n \u00e1o, nh\u01b0ng m\u1ed9t s\u1ed1 l\u1edbp h\u1ecdc s\u1ebd s\u1eed d\u1ee5ng s\u01a1n acrylic, v\u00e0 m\u1ed9t s\u1ed1 s\u1ebd s\u1eed d\u1ee5ng s\u01a1n d\u1ea7u, v\u00e0 \u0111\u00f4i khi v\u1ebd tranh s\u01a1n d\u1ea7u c\u00f3 th\u1ec3 kh\u00e1 lem lu\u1ed1c khi b\u1ea1n b\u1eaft \u0111\u1ea7u nh\u1eadp t\u00e2m! <\/p>\n\n<h4 class=\"wp-block-heading\">M\u1ed7i s\u1ef1 ki\u1ec7n k\u00e9o d\u00e0i bao l\u00e2u?<\/h4>\n\n<p>M\u1ed7i bu\u1ed5i h\u1ecdc k\u00e9o d\u00e0i kh\u00f4ng qu\u00e1 ba ti\u1ebfng, trong \u0111\u00f3 ph\u1ea7n h\u01b0\u1edbng d\u1eabn v\u1ebd k\u00e9o d\u00e0i t\u1eeb 1,5 \u0111\u1ebfn 2 ti\u1ebfng.<\/p>\n\n<h4 class=\"wp-block-heading\">T\u00f4i c\u00f3 th\u1ec3 mua v\u00e9 v\u00e0o ng\u00e0y di\u1ec5n ra s\u1ef1 ki\u1ec7n kh\u00f4ng?<\/h4>\n\n<p>V\u00e9 ph\u1ea3i \u0111\u01b0\u1ee3c mua tr\u1ef1c tuy\u1ebfn \u00edt nh\u1ea5t 24 gi\u1edd tr\u01b0\u1edbc khi l\u1edbp h\u1ecdc b\u1eaft \u0111\u1ea7u \u0111\u1ec3 \u0111\u1ea3m b\u1ea3o ch\u00fang t\u00f4i c\u00f3 \u0111\u1ee7 v\u1eadt t\u01b0 cho t\u1ea5t c\u1ea3 m\u1ecdi ng\u01b0\u1eddi.<\/p>\n\n<h4 class=\"wp-block-heading\">S\u1ef1 ki\u1ec7n n\u00e0y c\u00f3 ph\u00f9 h\u1ee3p v\u1edbi tr\u1ebb em kh\u00f4ng?<\/h4>\n\n<p>V\u00e2ng! Ch\u00fang t\u00f4i cung c\u1ea5p c\u00e1c l\u1edbp h\u1ecdc \u0111\u01b0\u1ee3c thi\u1ebft k\u1ebf cho m\u1ecdi l\u1ee9a tu\u1ed5i. M\u1eb7c d\u00f9 tr\u1ebb nh\u1ecf c\u0169ng \u0111\u01b0\u1ee3c ch\u00e0o \u0111\u00f3n, nh\u01b0ng ch\u00fang t\u00f4i nh\u1eadn th\u1ea5y r\u1eb1ng tr\u1ebb em t\u1eeb 5 tu\u1ed5i tr\u1edf l\u00ean th\u01b0\u1eddng h\u00e0o h\u1ee9ng h\u01a1n v\u00e0 c\u00f3 th\u1ec3 tham gia tr\u1ecdn v\u1eb9n v\u00e0o tr\u1ea3i nghi\u1ec7m ngh\u1ec7 thu\u1eadt.  <\/p>\n\n<h4 class=\"wp-block-heading\">Ch\u00fang ta s\u1ebd v\u1ebd g\u00ec?<\/h4>\n\n<p>Ch\u1ee7 \u0111\u1ec1 c\u1ee7a b\u1ee9c tranh thay \u0111\u1ed5i theo t\u1eebng bu\u1ed5i v\u1ebd, t\u1eadp trung v\u00e0o c\u00e1c ch\u1ee7 \u0111\u1ec1 v\u1ec1 v\u01b0\u1eddn th\u00fa v\u00e0 thi\u00ean nhi\u00ean.<\/p>\n\n<h4 class=\"wp-block-heading\">C\u00e1c m\u1eb7t h\u00e0ng \u0111\u01b0\u1ee3c b\u00e1n t\u1ea1i s\u1ef1 ki\u1ec7n ch\u1ec9 ch\u1ea5p nh\u1eadn thanh to\u00e1n b\u1eb1ng ti\u1ec1n m\u1eb7t hay c\u00f3 ch\u1ea5p nh\u1eadn th\u1ebb t\u00edn d\u1ee5ng?<\/h4>\n\n<p>T\u1ea5t c\u1ea3 c\u00e1c giao d\u1ecbch mua b\u00e1n ch\u1ec9 \u0111\u01b0\u1ee3c thanh to\u00e1n b\u1eb1ng th\u1ebb.<\/p>\n\n<h4 class=\"wp-block-heading\">T\u00f4i n\u00ean \u0111\u1eadu xe \u1edf \u0111\u00e2u? Ph\u00ed \u0111\u1eadu xe l\u00e0 bao nhi\u00eau? <\/h4>\n\n<p>Ch\u1ed7 \u0111\u1eadu xe cho c\u00e1c s\u1ef1 ki\u1ec7n n\u00e0y n\u1eb1m trong c\u00e1c b\u00e3i \u0111\u1eadu xe c\u1ee7a s\u1edf th\u00fa d\u1ecdc theo \u0110\u1ea1i l\u1ed9 Phinney N. v\u00e0 \u0110\u01b0\u1eddng N. 59, v\u00e0 b\u00e3i \u0111\u1eadu xe c\u00f3 th\u1ec3 v\u00e0o \u0111\u01b0\u1ee3c \u1edf g\u00f3c \u0110\u1ea1i l\u1ed9 N. 50 v\u00e0 \u0110\u1ea1i l\u1ed9 Fremont N. <\/p>\n\n<p>C\u00e1c ki-\u1ed1t thanh to\u00e1n ph\u00ed \u0111\u1eadu xe \u0111\u01b0\u1ee3c \u0111\u1eb7t t\u1ea1i m\u1ed7i b\u00e3i \u0111\u1eadu xe. Ph\u00ed \u0111\u1eadu xe l\u00e0 10 \u0111\u00f4 la\/ng\u00e0y (+ thu\u1ebf v\u00e0 ph\u00ed) t\u1ea1i b\u1ea5t k\u1ef3 b\u00e3i \u0111\u1eadu xe n\u00e0o c\u1ee7a V\u01b0\u1eddn th\u00fa Woodland Park. <\/p>\n\n<p>T\u1ea5t c\u1ea3 c\u00e1c b\u00e3i \u0111\u1ed7 xe trong v\u01b0\u1eddn th\u00fa \u0111\u1ec1u c\u00f3 ch\u1ed7 \u0111\u1ed7 xe d\u00e0nh cho ng\u01b0\u1eddi khuy\u1ebft t\u1eadt.<\/p>\n\n<p>N\u1ebfu b\u1ea1n b\u1eaft bu\u1ed9c ph\u1ea3i \u0111\u1eadu xe tr\u00ean c\u00e1c con ph\u1ed1 xung quanh s\u1edf th\u00fa, vui l\u00f2ng gi\u1eef th\u00e1i \u0111\u1ed9 l\u1ecbch s\u1ef1 v\u00e0 kh\u00f4ng ch\u1eafn l\u1ed1i v\u00e0o nh\u00e0 c\u1ee7a ng\u01b0\u1eddi kh\u00e1c.<\/p>\n\n<h4 class=\"wp-block-heading\">T\u00f4i c\u00f3 th\u1ec3 \u0111\u01b0\u1ee3c ho\u00e0n ti\u1ec1n ho\u1eb7c \u0111\u1ed5i l\u1ecbch v\u00e9 kh\u00f4ng?<\/h4>\n\n<p>Vi\u1ec7c \u0111\u1ed5i l\u1ecbch v\u00e9 ph\u1ea3i \u0111\u01b0\u1ee3c th\u1ef1c hi\u1ec7n hai tu\u1ea7n tr\u01b0\u1edbc s\u1ef1 ki\u1ec7n \u0111\u00e3 l\u00ean l\u1ecbch. Kh\u00f4ng ho\u00e0n ti\u1ec1n. N\u1ebfu s\u1edf th\u00fa h\u1ee7y b\u1ecf s\u1ef1 ki\u1ec7n, ch\u00fang t\u00f4i s\u1ebd ho\u00e0n ti\u1ec1n ho\u1eb7c \u0111\u1ed5i l\u1ecbch v\u00e9. Vi\u1ec7c \u0111\u1ed5i l\u1ecbch v\u00e9 ph\u1ea3i \u0111\u01b0\u1ee3c th\u1ef1c hi\u1ec7n hai tu\u1ea7n tr\u01b0\u1edbc s\u1ef1 ki\u1ec7n \u0111\u00e3 l\u00ean l\u1ecbch. Kh\u00f4ng ho\u00e0n ti\u1ec1n. N\u1ebfu s\u1edf th\u00fa h\u1ee7y b\u1ecf s\u1ef1 ki\u1ec7n, ch\u00fang t\u00f4i s\u1ebd ho\u00e0n ti\u1ec1n ho\u1eb7c \u0111\u1ed5i l\u1ecbch v\u00e9.<\/p>\n\n<h4 class=\"wp-block-heading\">S\u1ef1 ki\u1ec7n s\u1ebd c\u00f3 ph\u1ee5c v\u1ee5 \u0111\u1ed3 \u0103n kh\u00f4ng?<\/h4>\n\n<p>\u0110\u1ed3 u\u1ed1ng v\u00e0 th\u1ee9c \u0103n s\u1ebd \u0111\u01b0\u1ee3c b\u00e1n t\u1ea1i ch\u1ed7.<\/p>\n\n<h4 class=\"wp-block-heading\">T\u00f4i c\u00f3 th\u1ec3 mang \u0111\u1ed3 u\u1ed1ng ho\u1eb7c \u0111\u1ed3 \u0103n nh\u1eb9 ri\u00eang kh\u00f4ng?<\/h4>\n\n<p>Kh\u00f4ng \u0111\u01b0\u1ee3c ph\u00e9p mang \u0111\u1ed3 \u0103n v\u00e0 th\u1ee9c u\u1ed1ng t\u1eeb b\u00ean ngo\u00e0i v\u00e0o. Tuy nhi\u00ean, s\u1ebd c\u00f3 \u0111\u1ed3 \u0103n v\u00e0 th\u1ee9c u\u1ed1ng b\u00e1n t\u1ea1i ch\u1ed7. <\/p>\n\n<h4 class=\"wp-block-heading\">C\u00f3 b\u00e1n \u0111\u1ed3 u\u1ed1ng c\u00f3 c\u1ed3n kh\u00f4ng?<\/h4>\n\n<p>V\u00e2ng, \u0111\u1ed3 u\u1ed1ng c\u00f3 c\u1ed3n s\u1ebd \u0111\u01b0\u1ee3c b\u00e1n nh\u01b0ng ch\u1ec9 d\u00e0nh cho c\u00e1c l\u1edbp h\u1ecdc t\u1eeb 21 tu\u1ed5i tr\u1edf l\u00ean.<\/p>\n\n<h4 class=\"wp-block-heading\">\u0110i\u1ec1u g\u00ec s\u1ebd x\u1ea3y ra n\u1ebfu tr\u1eddi m\u01b0a?<\/h4>\n\n<p>T\u1ea5t c\u1ea3 c\u00e1c bu\u1ed5i h\u1ecdc \u0111\u1ec1u \u0111\u01b0\u1ee3c t\u1ed5 ch\u1ee9c \u1edf khu v\u1ef1c c\u00f3 m\u00e1i che \u0111\u1ec3 \u0111\u1ea3m b\u1ea3o tr\u1ea3i nghi\u1ec7m tho\u1ea3i m\u00e1i, b\u1ea5t k\u1ec3 tr\u1eddi m\u01b0a hay n\u1eafng.<\/p>\n\n<h4 class=\"wp-block-heading\">S\u1ef1 ki\u1ec7n n\u00e0y c\u00f3 d\u1ec5 ti\u1ebfp c\u1eadn kh\u00f4ng?<\/h4>\n\n<p>\u0110\u00fang! T\u1ea5t c\u1ea3 c\u00e1c \u0111\u1ecba \u0111i\u1ec3m t\u1ed5 ch\u1ee9c s\u1ef1 ki\u1ec7n \u0111\u1ec1u c\u00f3 l\u1ed1i \u0111i d\u00e0nh cho xe l\u0103n. N\u1ebfu b\u1ea1n c\u00f3 nhu c\u1ea7u \u0111\u1eb7c bi\u1ec7t v\u1ec1 kh\u1ea3 n\u0103ng ti\u1ebfp c\u1eadn, vui l\u00f2ng li\u00ean h\u1ec7 v\u1edbi ch\u00fang t\u00f4i tr\u01b0\u1edbc qua <a href=\"mailto:zooinfo@zoo.org\">\u0111\u1ecba ch\u1ec9 zooinfo@zoo.org<\/a> . <\/p>\n","protected":false},"excerpt":{"rendered":"<p>TR\u1ea2I NGHI\u1ec6M H\u00d2A M\u00ccNH V\u1edaI THI\u00caN NHI\u00caN C\u00c2U H\u1eceI TH\u01af\u1edcNG G\u1eb6P V\u00e9 c\u1ee7a t\u00f4i bao g\u1ed3m nh\u1eefng g\u00ec? V\u00e9 d\u00e0nh cho m\u1ecdi l\u1ee9a tu\u1ed5i bao g\u1ed3m v\u00e9 v\u00e0o v\u01b0\u1eddn th\u00fa [&hellip;]<\/p>\n","protected":false},"author":1,"featured_media":11027,"parent":11026,"menu_order":0,"comment_status":"closed","ping_status":"closed","template":"","meta":{"_acf_changed":false,"_kad_blocks_custom_css":"","_kad_blocks_head_custom_js":"","_kad_blocks_body_custom_js":"","_kad_blocks_footer_custom_js":"","footnotes":""},"class_list":["post-11057","page","type-page","status-publish","has-post-thumbnail","hentry"],"blocksy_meta":[],"acf":[],"yoast_head":"<!-- This site is optimized with the Yoast SEO plugin v27.4 - https:\/\/yoast.com\/product\/yoast-seo-wordpress\/ -->\n<title>C\u00e2u h\u1ecfi th\u01b0\u1eddng g\u1eb7p v\u1ec1 &quot;M\u1ed9t cu\u1ed9c g\u1eb7p g\u1ee1 v\u1edbi thi\u00ean nhi\u00ean&quot; - V\u01b0\u1eddn th\u00fa Woodland Park<\/title>\n<meta name=\"description\" content=\"H\u00e3y tr\u1ea3i nghi\u1ec7m nh\u1eefng lo\u1ea1i r\u01b0\u1ee3u vang h\u1ea3o h\u1ea1ng nh\u1ea5t v\u00f9ng T\u00e2y B\u1eafc t\u1ea1i V\u01b0\u1eddn th\u00fa Woodland Park v\u1edbi s\u1ef1 ki\u1ec7n n\u1ebfm th\u1eed r\u01b0\u1ee3u vang Tasting Flight.\" \/>\n<meta name=\"robots\" content=\"index, follow, max-snippet:-1, max-image-preview:large, max-video-preview:-1\" \/>\n<link rel=\"canonical\" href=\"https:\/\/zoo.org\/vi\/mot-cuoc-gap-go-voi-thien-nhien\/cau-hoi-thuong-gap-ve-mot-cuoc-gap-go-voi-thien-nhien\/\" \/>\n<meta property=\"og:locale\" content=\"vi_VN\" \/>\n<meta property=\"og:type\" content=\"article\" \/>\n<meta property=\"og:title\" content=\"C\u00e2u h\u1ecfi th\u01b0\u1eddng g\u1eb7p v\u1ec1 &quot;M\u1ed9t cu\u1ed9c g\u1eb7p g\u1ee1 v\u1edbi thi\u00ean nhi\u00ean&quot; - V\u01b0\u1eddn th\u00fa Woodland Park\" \/>\n<meta property=\"og:description\" content=\"H\u00e3y tr\u1ea3i nghi\u1ec7m nh\u1eefng lo\u1ea1i r\u01b0\u1ee3u vang h\u1ea3o h\u1ea1ng nh\u1ea5t v\u00f9ng T\u00e2y B\u1eafc t\u1ea1i V\u01b0\u1eddn th\u00fa Woodland Park v\u1edbi s\u1ef1 ki\u1ec7n n\u1ebfm th\u1eed r\u01b0\u1ee3u vang Tasting Flight.\" \/>\n<meta property=\"og:url\" content=\"https:\/\/zoo.org\/vi\/mot-cuoc-gap-go-voi-thien-nhien\/cau-hoi-thuong-gap-ve-mot-cuoc-gap-go-voi-thien-nhien\/\" \/>\n<meta property=\"og:site_name\" content=\"V\u01b0\u1eddn th\u00fa Woodland Park\" \/>\n<meta property=\"article:modified_time\" content=\"2026-03-11T22:41:13+00:00\" \/>\n<meta property=\"og:image\" content=\"https:\/\/zoo.org\/wp-content\/uploads\/2025\/07\/Angeline-Shrike.jpg?wsr\" \/>\n\t<meta property=\"og:image:width\" content=\"800\" \/>\n\t<meta property=\"og:image:height\" content=\"533\" \/>\n\t<meta property=\"og:image:type\" content=\"image\/jpeg\" \/>\n<meta name=\"twitter:card\" content=\"summary_large_image\" \/>\n<script type=\"application\/ld+json\" class=\"yoast-schema-graph\">{\"@context\":\"https:\\\/\\\/schema.org\",\"@graph\":[{\"@type\":\"WebPage\",\"@id\":\"https:\\\/\\\/zoo.org\\\/vi\\\/mot-cuoc-gap-go-voi-thien-nhien\\\/cau-hoi-thuong-gap-ve-mot-cuoc-gap-go-voi-thien-nhien\\\/\",\"url\":\"https:\\\/\\\/zoo.org\\\/vi\\\/mot-cuoc-gap-go-voi-thien-nhien\\\/cau-hoi-thuong-gap-ve-mot-cuoc-gap-go-voi-thien-nhien\\\/\",\"name\":\"C\u00e2u h\u1ecfi th\u01b0\u1eddng g\u1eb7p v\u1ec1 \\\"M\u1ed9t cu\u1ed9c g\u1eb7p g\u1ee1 v\u1edbi thi\u00ean nhi\u00ean\\\" - V\u01b0\u1eddn th\u00fa Woodland Park\",\"isPartOf\":{\"@id\":\"https:\\\/\\\/zoo.org\\\/vi\\\/#website\"},\"primaryImageOfPage\":{\"@id\":\"https:\\\/\\\/zoo.org\\\/vi\\\/mot-cuoc-gap-go-voi-thien-nhien\\\/cau-hoi-thuong-gap-ve-mot-cuoc-gap-go-voi-thien-nhien\\\/#primaryimage\"},\"image\":{\"@id\":\"https:\\\/\\\/zoo.org\\\/vi\\\/mot-cuoc-gap-go-voi-thien-nhien\\\/cau-hoi-thuong-gap-ve-mot-cuoc-gap-go-voi-thien-nhien\\\/#primaryimage\"},\"thumbnailUrl\":\"https:\\\/\\\/zoo.org\\\/wp-content\\\/uploads\\\/2025\\\/07\\\/Angeline-Shrike.jpg?wsr\",\"datePublished\":\"2025-09-17T19:05:28+00:00\",\"dateModified\":\"2026-03-11T22:41:13+00:00\",\"description\":\"H\u00e3y tr\u1ea3i nghi\u1ec7m nh\u1eefng lo\u1ea1i r\u01b0\u1ee3u vang h\u1ea3o h\u1ea1ng nh\u1ea5t v\u00f9ng T\u00e2y B\u1eafc t\u1ea1i V\u01b0\u1eddn th\u00fa Woodland Park v\u1edbi s\u1ef1 ki\u1ec7n n\u1ebfm th\u1eed r\u01b0\u1ee3u vang Tasting Flight.\",\"breadcrumb\":{\"@id\":\"https:\\\/\\\/zoo.org\\\/vi\\\/mot-cuoc-gap-go-voi-thien-nhien\\\/cau-hoi-thuong-gap-ve-mot-cuoc-gap-go-voi-thien-nhien\\\/#breadcrumb\"},\"inLanguage\":\"vi\",\"potentialAction\":[{\"@type\":\"ReadAction\",\"target\":[\"https:\\\/\\\/zoo.org\\\/vi\\\/mot-cuoc-gap-go-voi-thien-nhien\\\/cau-hoi-thuong-gap-ve-mot-cuoc-gap-go-voi-thien-nhien\\\/\"]}]},{\"@type\":\"ImageObject\",\"inLanguage\":\"vi\",\"@id\":\"https:\\\/\\\/zoo.org\\\/vi\\\/mot-cuoc-gap-go-voi-thien-nhien\\\/cau-hoi-thuong-gap-ve-mot-cuoc-gap-go-voi-thien-nhien\\\/#primaryimage\",\"url\":\"https:\\\/\\\/zoo.org\\\/wp-content\\\/uploads\\\/2025\\\/07\\\/Angeline-Shrike.jpg?wsr\",\"contentUrl\":\"https:\\\/\\\/zoo.org\\\/wp-content\\\/uploads\\\/2025\\\/07\\\/Angeline-Shrike.jpg?wsr\",\"width\":800,\"height\":533,\"caption\":\"B\u1ee9c tranh v\u1ebd m\u1ed9t con g\u1ea5u n\u00e2u \u0111\u1ee9ng tr\u00ean m\u1ed9t b\u1ec1 m\u1eb7t \u0111\u00e1, v\u1edbi ph\u00f4ng n\u1ec1n m\u00e0u v\u00e0ng v\u00e0 x\u00e1m nh\u1ea1t. Con g\u1ea5u \u0111\u01b0\u1ee3c v\u1ebd theo g\u00f3c nh\u00ecn nghi\u00eang, h\u01b0\u1edbng v\u1ec1 b\u00ean tr\u00e1i. Nh\u1eefng n\u00e9t c\u1ecd t\u1ea1o cho b\u1ee9c tranh m\u1ed9t v\u1ebb ngo\u00e0i c\u00f3 chi\u1ec1u s\u00e2u, mang phong c\u00e1ch \u1ea5n t\u01b0\u1ee3ng.\"},{\"@type\":\"BreadcrumbList\",\"@id\":\"https:\\\/\\\/zoo.org\\\/vi\\\/mot-cuoc-gap-go-voi-thien-nhien\\\/cau-hoi-thuong-gap-ve-mot-cuoc-gap-go-voi-thien-nhien\\\/#breadcrumb\",\"itemListElement\":[{\"@type\":\"ListItem\",\"position\":1,\"name\":\"Trang ch\u1ee7\",\"item\":\"https:\\\/\\\/zoo.org\\\/vi\\\/\"},{\"@type\":\"ListItem\",\"position\":2,\"name\":\"M\u1ed9t cu\u1ed9c g\u1eb7p g\u1ee1 v\u1edbi thi\u00ean nhi\u00ean\",\"item\":\"https:\\\/\\\/zoo.org\\\/vi\\\/mot-cuoc-gap-go-voi-thien-nhien\\\/\"},{\"@type\":\"ListItem\",\"position\":3,\"name\":\"C\u00e2u h\u1ecfi th\u01b0\u1eddng g\u1eb7p v\u1ec1 &#8220;M\u1ed9t cu\u1ed9c g\u1eb7p g\u1ee1 v\u1edbi thi\u00ean nhi\u00ean&#8221;\"}]},{\"@type\":\"WebSite\",\"@id\":\"https:\\\/\\\/zoo.org\\\/vi\\\/#website\",\"url\":\"https:\\\/\\\/zoo.org\\\/vi\\\/\",\"name\":\"V\u01b0\u1eddn th\u00fa Woodland Park\",\"description\":\"V\u01b0\u1eddn th\u00fa Woodland Park c\u1ee9u s\u1ed1ng \u0111\u1ed9ng v\u1eadt hoang d\u00e3 v\u00e0 truy\u1ec1n c\u1ea3m h\u1ee9ng cho m\u1ecdi ng\u01b0\u1eddi coi b\u1ea3o t\u1ed3n l\u00e0 \u01b0u ti\u00ean h\u00e0ng \u0111\u1ea7u trong cu\u1ed9c s\u1ed1ng c\u1ee7a m\u00ecnh.\",\"publisher\":{\"@id\":\"https:\\\/\\\/zoo.org\\\/vi\\\/#organization\"},\"potentialAction\":[{\"@type\":\"SearchAction\",\"target\":{\"@type\":\"EntryPoint\",\"urlTemplate\":\"https:\\\/\\\/zoo.org\\\/vi\\\/?s={search_term_string}\"},\"query-input\":{\"@type\":\"PropertyValueSpecification\",\"valueRequired\":true,\"valueName\":\"search_term_string\"}}],\"inLanguage\":\"vi\"},{\"@type\":\"Organization\",\"@id\":\"https:\\\/\\\/zoo.org\\\/vi\\\/#organization\",\"name\":\"V\u01b0\u1eddn th\u00fa Woodland Park\",\"url\":\"https:\\\/\\\/zoo.org\\\/vi\\\/\",\"logo\":{\"@type\":\"ImageObject\",\"inLanguage\":\"vi\",\"@id\":\"https:\\\/\\\/zoo.org\\\/vi\\\/#\\\/schema\\\/logo\\\/image\\\/\",\"url\":\"https:\\\/\\\/zoo.org\\\/wp-content\\\/uploads\\\/2026\\\/01\\\/WPZ-Logo_white-SVG.svg?wsr\",\"contentUrl\":\"https:\\\/\\\/zoo.org\\\/wp-content\\\/uploads\\\/2026\\\/01\\\/WPZ-Logo_white-SVG.svg?wsr\",\"width\":288,\"height\":282,\"caption\":\"V\u01b0\u1eddn th\u00fa Woodland Park\"},\"image\":{\"@id\":\"https:\\\/\\\/zoo.org\\\/vi\\\/#\\\/schema\\\/logo\\\/image\\\/\"}}]}<\/script>\n<!-- \/ Yoast SEO plugin. -->","yoast_head_json":{"title":"C\u00e2u h\u1ecfi th\u01b0\u1eddng g\u1eb7p v\u1ec1 \"M\u1ed9t cu\u1ed9c g\u1eb7p g\u1ee1 v\u1edbi thi\u00ean nhi\u00ean\" - V\u01b0\u1eddn th\u00fa Woodland Park","description":"H\u00e3y tr\u1ea3i nghi\u1ec7m nh\u1eefng lo\u1ea1i r\u01b0\u1ee3u vang h\u1ea3o h\u1ea1ng nh\u1ea5t v\u00f9ng T\u00e2y B\u1eafc t\u1ea1i V\u01b0\u1eddn th\u00fa Woodland Park v\u1edbi s\u1ef1 ki\u1ec7n n\u1ebfm th\u1eed r\u01b0\u1ee3u vang Tasting Flight.","robots":{"index":"index","follow":"follow","max-snippet":"max-snippet:-1","max-image-preview":"max-image-preview:large","max-video-preview":"max-video-preview:-1"},"canonical":"https:\/\/zoo.org\/vi\/mot-cuoc-gap-go-voi-thien-nhien\/cau-hoi-thuong-gap-ve-mot-cuoc-gap-go-voi-thien-nhien\/","og_locale":"vi_VN","og_type":"article","og_title":"C\u00e2u h\u1ecfi th\u01b0\u1eddng g\u1eb7p v\u1ec1 \"M\u1ed9t cu\u1ed9c g\u1eb7p g\u1ee1 v\u1edbi thi\u00ean nhi\u00ean\" - V\u01b0\u1eddn th\u00fa Woodland Park","og_description":"H\u00e3y tr\u1ea3i nghi\u1ec7m nh\u1eefng lo\u1ea1i r\u01b0\u1ee3u vang h\u1ea3o h\u1ea1ng nh\u1ea5t v\u00f9ng T\u00e2y B\u1eafc t\u1ea1i V\u01b0\u1eddn th\u00fa Woodland Park v\u1edbi s\u1ef1 ki\u1ec7n n\u1ebfm th\u1eed r\u01b0\u1ee3u vang Tasting Flight.","og_url":"https:\/\/zoo.org\/vi\/mot-cuoc-gap-go-voi-thien-nhien\/cau-hoi-thuong-gap-ve-mot-cuoc-gap-go-voi-thien-nhien\/","og_site_name":"V\u01b0\u1eddn th\u00fa Woodland Park","article_modified_time":"2026-03-11T22:41:13+00:00","og_image":[{"width":800,"height":533,"url":"https:\/\/zoo.org\/wp-content\/uploads\/2025\/07\/Angeline-Shrike.jpg?wsr","type":"image\/jpeg"}],"twitter_card":"summary_large_image","schema":{"@context":"https:\/\/schema.org","@graph":[{"@type":"WebPage","@id":"https:\/\/zoo.org\/vi\/mot-cuoc-gap-go-voi-thien-nhien\/cau-hoi-thuong-gap-ve-mot-cuoc-gap-go-voi-thien-nhien\/","url":"https:\/\/zoo.org\/vi\/mot-cuoc-gap-go-voi-thien-nhien\/cau-hoi-thuong-gap-ve-mot-cuoc-gap-go-voi-thien-nhien\/","name":"C\u00e2u h\u1ecfi th\u01b0\u1eddng g\u1eb7p v\u1ec1 \"M\u1ed9t cu\u1ed9c g\u1eb7p g\u1ee1 v\u1edbi thi\u00ean nhi\u00ean\" - V\u01b0\u1eddn th\u00fa Woodland Park","isPartOf":{"@id":"https:\/\/zoo.org\/vi\/#website"},"primaryImageOfPage":{"@id":"https:\/\/zoo.org\/vi\/mot-cuoc-gap-go-voi-thien-nhien\/cau-hoi-thuong-gap-ve-mot-cuoc-gap-go-voi-thien-nhien\/#primaryimage"},"image":{"@id":"https:\/\/zoo.org\/vi\/mot-cuoc-gap-go-voi-thien-nhien\/cau-hoi-thuong-gap-ve-mot-cuoc-gap-go-voi-thien-nhien\/#primaryimage"},"thumbnailUrl":"https:\/\/zoo.org\/wp-content\/uploads\/2025\/07\/Angeline-Shrike.jpg?wsr","datePublished":"2025-09-17T19:05:28+00:00","dateModified":"2026-03-11T22:41:13+00:00","description":"H\u00e3y tr\u1ea3i nghi\u1ec7m nh\u1eefng lo\u1ea1i r\u01b0\u1ee3u vang h\u1ea3o h\u1ea1ng nh\u1ea5t v\u00f9ng T\u00e2y B\u1eafc t\u1ea1i V\u01b0\u1eddn th\u00fa Woodland Park v\u1edbi s\u1ef1 ki\u1ec7n n\u1ebfm th\u1eed r\u01b0\u1ee3u vang Tasting Flight.","breadcrumb":{"@id":"https:\/\/zoo.org\/vi\/mot-cuoc-gap-go-voi-thien-nhien\/cau-hoi-thuong-gap-ve-mot-cuoc-gap-go-voi-thien-nhien\/#breadcrumb"},"inLanguage":"vi","potentialAction":[{"@type":"ReadAction","target":["https:\/\/zoo.org\/vi\/mot-cuoc-gap-go-voi-thien-nhien\/cau-hoi-thuong-gap-ve-mot-cuoc-gap-go-voi-thien-nhien\/"]}]},{"@type":"ImageObject","inLanguage":"vi","@id":"https:\/\/zoo.org\/vi\/mot-cuoc-gap-go-voi-thien-nhien\/cau-hoi-thuong-gap-ve-mot-cuoc-gap-go-voi-thien-nhien\/#primaryimage","url":"https:\/\/zoo.org\/wp-content\/uploads\/2025\/07\/Angeline-Shrike.jpg?wsr","contentUrl":"https:\/\/zoo.org\/wp-content\/uploads\/2025\/07\/Angeline-Shrike.jpg?wsr","width":800,"height":533,"caption":"B\u1ee9c tranh v\u1ebd m\u1ed9t con g\u1ea5u n\u00e2u \u0111\u1ee9ng tr\u00ean m\u1ed9t b\u1ec1 m\u1eb7t \u0111\u00e1, v\u1edbi ph\u00f4ng n\u1ec1n m\u00e0u v\u00e0ng v\u00e0 x\u00e1m nh\u1ea1t. Con g\u1ea5u \u0111\u01b0\u1ee3c v\u1ebd theo g\u00f3c nh\u00ecn nghi\u00eang, h\u01b0\u1edbng v\u1ec1 b\u00ean tr\u00e1i. Nh\u1eefng n\u00e9t c\u1ecd t\u1ea1o cho b\u1ee9c tranh m\u1ed9t v\u1ebb ngo\u00e0i c\u00f3 chi\u1ec1u s\u00e2u, mang phong c\u00e1ch \u1ea5n t\u01b0\u1ee3ng."},{"@type":"BreadcrumbList","@id":"https:\/\/zoo.org\/vi\/mot-cuoc-gap-go-voi-thien-nhien\/cau-hoi-thuong-gap-ve-mot-cuoc-gap-go-voi-thien-nhien\/#breadcrumb","itemListElement":[{"@type":"ListItem","position":1,"name":"Trang ch\u1ee7","item":"https:\/\/zoo.org\/vi\/"},{"@type":"ListItem","position":2,"name":"M\u1ed9t cu\u1ed9c g\u1eb7p g\u1ee1 v\u1edbi thi\u00ean nhi\u00ean","item":"https:\/\/zoo.org\/vi\/mot-cuoc-gap-go-voi-thien-nhien\/"},{"@type":"ListItem","position":3,"name":"C\u00e2u h\u1ecfi th\u01b0\u1eddng g\u1eb7p v\u1ec1 &#8220;M\u1ed9t cu\u1ed9c g\u1eb7p g\u1ee1 v\u1edbi thi\u00ean nhi\u00ean&#8221;"}]},{"@type":"WebSite","@id":"https:\/\/zoo.org\/vi\/#website","url":"https:\/\/zoo.org\/vi\/","name":"V\u01b0\u1eddn th\u00fa Woodland Park","description":"V\u01b0\u1eddn th\u00fa Woodland Park c\u1ee9u s\u1ed1ng \u0111\u1ed9ng v\u1eadt hoang d\u00e3 v\u00e0 truy\u1ec1n c\u1ea3m h\u1ee9ng cho m\u1ecdi ng\u01b0\u1eddi coi b\u1ea3o t\u1ed3n l\u00e0 \u01b0u ti\u00ean h\u00e0ng \u0111\u1ea7u trong cu\u1ed9c s\u1ed1ng c\u1ee7a m\u00ecnh.","publisher":{"@id":"https:\/\/zoo.org\/vi\/#organization"},"potentialAction":[{"@type":"SearchAction","target":{"@type":"EntryPoint","urlTemplate":"https:\/\/zoo.org\/vi\/?s={search_term_string}"},"query-input":{"@type":"PropertyValueSpecification","valueRequired":true,"valueName":"search_term_string"}}],"inLanguage":"vi"},{"@type":"Organization","@id":"https:\/\/zoo.org\/vi\/#organization","name":"V\u01b0\u1eddn th\u00fa Woodland Park","url":"https:\/\/zoo.org\/vi\/","logo":{"@type":"ImageObject","inLanguage":"vi","@id":"https:\/\/zoo.org\/vi\/#\/schema\/logo\/image\/","url":"https:\/\/zoo.org\/wp-content\/uploads\/2026\/01\/WPZ-Logo_white-SVG.svg?wsr","contentUrl":"https:\/\/zoo.org\/wp-content\/uploads\/2026\/01\/WPZ-Logo_white-SVG.svg?wsr","width":288,"height":282,"caption":"V\u01b0\u1eddn th\u00fa Woodland Park"},"image":{"@id":"https:\/\/zoo.org\/vi\/#\/schema\/logo\/image\/"}}]}},"taxonomy_info":[],"featured_image_src_large":["https:\/\/zoo.org\/wp-content\/uploads\/2025\/07\/Angeline-Shrike.jpg?wsr",800,533,false],"author_info":{"display_name":"jloughlin","author_link":"https:\/\/zoo.org\/vi\/author\/jloughlin\/"},"comment_info":0,"_links":{"self":[{"href":"https:\/\/zoo.org\/vi\/wp-json\/wp\/v2\/pages\/11057","targetHints":{"allow":["GET"]}}],"collection":[{"href":"https:\/\/zoo.org\/vi\/wp-json\/wp\/v2\/pages"}],"about":[{"href":"https:\/\/zoo.org\/vi\/wp-json\/wp\/v2\/types\/page"}],"author":[{"embeddable":true,"href":"https:\/\/zoo.org\/vi\/wp-json\/wp\/v2\/users\/1"}],"replies":[{"embeddable":true,"href":"https:\/\/zoo.org\/vi\/wp-json\/wp\/v2\/comments?post=11057"}],"version-history":[{"count":0,"href":"https:\/\/zoo.org\/vi\/wp-json\/wp\/v2\/pages\/11057\/revisions"}],"up":[{"embeddable":true,"href":"https:\/\/zoo.org\/vi\/wp-json\/wp\/v2\/pages\/11026"}],"wp:featuredmedia":[{"embeddable":true,"href":"https:\/\/zoo.org\/vi\/wp-json\/wp\/v2\/media\/11027"}],"wp:attachment":[{"href":"https:\/\/zoo.org\/vi\/wp-json\/wp\/v2\/media?parent=11057"}],"curies":[{"name":"wp","href":"https:\/\/api.w.org\/{rel}","templated":true}]}}