{"id":11353,"date":"2025-09-09T14:55:38","date_gmt":"2025-09-09T21:55:38","guid":{"rendered":"https:\/\/zoo.org\/nguoi-quan-sat-rai-ca\/"},"modified":"2025-12-12T17:45:14","modified_gmt":"2025-12-13T01:45:14","slug":"nguoi-quan-sat-rai-ca","status":"publish","type":"page","link":"https:\/\/zoo.org\/vi\/nguoi-quan-sat-rai-ca\/","title":{"rendered":"Ng\u01b0\u1eddi quan s\u00e1t r\u00e1i c\u00e1"},"content":{"rendered":"\n<div class=\"wp-block-cover alignfull is-light hero\" style=\"margin-top:0;margin-bottom:0\"><img loading=\"lazy\" decoding=\"async\" width=\"1920\" height=\"400\" class=\"wp-block-cover__image-background wp-image-3476 size-full\" alt=\"\" src=\"https:\/\/zoo.org\/wp-content\/uploads\/2025\/08\/River-Otter-Header-Image2.jpg\" data-object-fit=\"cover\" srcset=\"https:\/\/zoo.org\/wp-content\/uploads\/2025\/08\/River-Otter-Header-Image2.jpg 1920w, https:\/\/zoo.org\/wp-content\/uploads\/2025\/08\/River-Otter-Header-Image2-300x63.jpg 300w, https:\/\/zoo.org\/wp-content\/uploads\/2025\/08\/River-Otter-Header-Image2-1024x213.jpg 1024w, https:\/\/zoo.org\/wp-content\/uploads\/2025\/08\/River-Otter-Header-Image2-768x160.jpg 768w, https:\/\/zoo.org\/wp-content\/uploads\/2025\/08\/River-Otter-Header-Image2-1536x320.jpg 1536w\" sizes=\"auto, (max-width: 1920px) 100vw, 1920px\" \/><span aria-hidden=\"true\" class=\"wp-block-cover__background has-background-dim-0 has-background-dim\" style=\"background-color:#979f84\"><\/span><div class=\"wp-block-cover__inner-container is-layout-constrained wp-block-cover-is-layout-constrained\">\n<p class=\"has-text-align-center has-large-font-size\"><\/p>\n<\/div><\/div>\n\n<div class=\"wp-block-group is-layout-constrained wp-block-group-is-layout-constrained\" style=\"margin-top:2em;margin-bottom:3em\">\n<h1 class=\"wp-block-heading has-text-align-center\" style=\"margin-top:0.65em;margin-bottom:0.275em\">NG\u01af\u1edcI PH\u00c1T HI\u1ec6N R\u00c1I C\u00c1<\/h1>\n\n\n\n<p class=\"has-text-align-center has-palette-color-3-color has-text-color has-link-color wp-elements-5d8a4805b7da11cf16b09ba7f8b6aa1a\" style=\"margin-bottom:1em;font-size:clamp(0.984em, 0.984rem + ((1vw - 0.2em) * 0.645), 1.5em);font-style:normal;font-weight:500;line-height:1.5\">D\u1ef1 \u00e1n nghi\u00ean c\u1ee9u r\u00e1i c\u00e1 t\u1ea1i V\u01b0\u1eddn th\u00fa Woodland Park \u0111\u00e3 k\u1ebft th\u00fac, nh\u01b0ng ch\u00fang t\u00f4i hoan ngh\u00eanh c\u00e1c b\u1ea1n ti\u1ebfp t\u1ee5c g\u1eedi th\u00f4ng tin v\u1ec1 vi\u1ec7c nh\u00ecn th\u1ea5y r\u00e1i c\u00e1 tr\u00ean trang web Carnivore Spotter m\u1edbi c\u1ee7a ch\u00fang t\u00f4i.<\/p>\n<\/div>\n\n<div class=\"wp-block-group alignfull divider is-layout-constrained wp-block-group-is-layout-constrained\">\n<h2 class=\"wp-block-heading alignfull has-text-align-center\">GI\u1edaI THI\u1ec6U V\u1ec0 D\u1ef0 \u00c1N<\/h2>\n<\/div>\n\n<div class=\"wp-block-group is-layout-constrained wp-block-group-is-layout-constrained\" style=\"margin-top:var(--wp--preset--spacing--60);margin-bottom:var(--wp--preset--spacing--60)\"><style>.kt-sc4392_dcf69d-05 .kt-sc-imgcol, .kt-sc4392_dcf69d-05 .kt-sc-textcol{min-height:345px;}.kt-sc4392_dcf69d-05 .kt-sc-imgcol{background-size:cover;background-image:url(https:\/\/zoo.org\/wp-content\/uploads\/2025\/09\/SUCP-Coyote2-Photo-courtesy-of-Seattle-Urban-Carnivore-Project-WPZ-and-Seattle-University-web.jpg);}.kt-sc4392_dcf69d-05 .kt-sc-textcol{padding-top:1em;padding-right:1.5em;padding-bottom:1em;padding-left:1.5em;}@media all and (max-width: 767px){.kt-sc4392_dcf69d-05 .kt-sc-imgcol, .kt-sc4392_dcf69d-05 .kt-sc-textcol{min-height:275px;}}<\/style>\n<div class=\"aligncenter kt-sc4392_dcf69d-05 wp-block-kadence-splitcontent\"><div class=\"kt-split-content-wrap kt-sc-media-side-left\" style=\"grid-template-columns:32% auto\"><div class=\"kt-sc-imgcol kt-sc-imgcol-bg-cover kt-sc-img-side-left\"><\/div><div class=\"kt-sc-textcol kt-sc-text-valign-center kt-sc-text-halign-left\" style=\"background-color:var(--theme-palette-color-17, #E6E6E6)\"><div class=\"kt-sc-innter-col\">\n<h3 class=\"wp-block-heading\">Ng\u01b0\u1eddi ph\u00e1t hi\u1ec7n \u0111\u1ed9ng v\u1eadt \u0103n th\u1ecbt<\/h3>\n\n\n\n<p>H\u00e0ng ngh\u00ecn c\u01b0 d\u00e2n khu v\u1ef1c Seattle \u0111\u00e3 tham gia phong tr\u00e0o kh\u00e1m ph\u00e1 \u0111\u1ed9ng v\u1eadt hoang d\u00e3 xung quanh h\u1ecd b\u1eb1ng c\u00e1ch ghi l\u1ea1i nh\u1eefng l\u1ea7n nh\u00ecn th\u1ea5y \u0111\u1ed9ng v\u1eadt \u0103n th\u1ecbt. H\u00e3y truy c\u1eadp <a href=\"https:\/\/www.carnivorespotter.org\/\" target=\"_blank\" rel=\"noreferrer noopener\">Carnivore Spotter<\/a> ngay b\u00e2y gi\u1edd \u0111\u1ec3 b\u00e1o c\u00e1o nh\u1eefng l\u1ea7n nh\u00ecn th\u1ea5y \u0111\u1ed9ng v\u1eadt \u0103n th\u1ecbt t\u1ea1i \u0111\u1ecba ph\u01b0\u01a1ng v\u00e0 kh\u00e1m ph\u00e1 c\u00e1c \u0111\u1ecba \u0111i\u1ec3m quan s\u00e1t tr\u00ean kh\u1eafp Seattle! <\/p>\n\n\n\n<div class=\"wp-block-buttons is-layout-flex wp-block-buttons-is-layout-flex\" style=\"margin-top:var(--wp--preset--spacing--40);margin-bottom:var(--wp--preset--spacing--40)\">\n<div class=\"wp-block-button\"><a class=\"wp-block-button__link wp-element-button\" href=\"https:\/\/www.carnivorespotter.org\/\" target=\"_blank\" rel=\"noreferrer noopener\">Ng\u01b0\u1eddi ph\u00e1t hi\u1ec7n \u0111\u1ed9ng v\u1eadt \u0103n th\u1ecbt<\/a><\/div>\n<\/div>\n\n\n\n<p><em>\u0110\u1ec3 c\u00f3 tr\u1ea3i nghi\u1ec7m t\u1ed1t nh\u1ea5t, vui l\u00f2ng s\u1eed d\u1ee5ng Carnivore Spotter tr\u00ean Chrome ho\u1eb7c Firefox.<\/em><\/p>\n<\/div><\/div><\/div><\/div>\n<\/div>\n\n<h4 class=\"wp-block-heading\">D\u1ef1 \u00e1n n\u00e0y \u0111\u00e3 \u0111\u01b0\u1ee3c ho\u00e0n th\u00e0nh th\u00e0nh c\u00f4ng.<\/h4>\n\n<p>T\u1eeb n\u0103m 2016 \u0111\u1ebfn n\u0103m 2019, V\u01b0\u1eddn th\u00fa Woodland Park \u0111\u00e3 th\u1ef1c hi\u1ec7n m\u1ed9t d\u1ef1 \u00e1n nghi\u00ean c\u1ee9u v\u1ec1 r\u00e1i c\u00e1 s\u00f4ng \u1edf Qu\u1eadn King. Ch\u00fang t\u00f4i \u0111\u00e3 nh\u1edd s\u1ef1 gi\u00fap \u0111\u1ee1 c\u1ee7a c\u00e1c b\u1ea1n trong vi\u1ec7c b\u00e1o c\u00e1o c\u00e1c l\u1ea7n nh\u00ecn th\u1ea5y r\u00e1i c\u00e1 trong khu v\u1ef1c. C\u1ea3m \u01a1n c\u00e1c b\u1ea1n \u0111\u00e3 g\u1eedi h\u01a1n 1.100 l\u1ea7n nh\u00ecn th\u1ea5y r\u00e1i c\u00e1 \u0111\u1ebfn Otter Spotter! Nh\u1eefng l\u1ea7n nh\u00ecn th\u1ea5y v\u00e0 th\u00f4ng tin c\u1ee7a c\u00e1c b\u1ea1n \u0111\u00e3 gi\u00fap Otter Spotter \u0111\u1ea1t \u0111\u01b0\u1ee3c th\u00e0nh c\u00f4ng l\u1edbn v\u00e0 h\u1ed7 tr\u1ee3 c\u00e1c nghi\u00ean c\u1ee9u qu\u00fd gi\u00e1 v\u1ec1 sinh th\u00e1i h\u1ecdc v\u00e0 s\u1ee9c kh\u1ecfe m\u00f4i tr\u01b0\u1eddng c\u1ee7a r\u00e1i c\u00e1 s\u00f4ng. M\u1eb7c d\u00f9 d\u1ef1 \u00e1n nghi\u00ean c\u1ee9u r\u00e1i c\u00e1 c\u1ee7a ch\u00fang t\u00f4i \u0111\u00e3 k\u1ebft th\u00fac, b\u1ea1n c\u00f3 th\u1ec3 xem c\u00e1c l\u1ea7n nh\u00ecn th\u1ea5y r\u00e1i c\u00e1 \u0111\u01b0\u1ee3c b\u00e1o c\u00e1o tr\u00ean Otter Spotter t\u1eeb th\u00e1ng 4 n\u0103m 2016 \u0111\u1ebfn th\u00e1ng 7 n\u0103m 2019 tr\u00ean b\u1ea3n \u0111\u1ed3 b\u00ean d\u01b0\u1edbi. Xem th\u00eam k\u1ebft qu\u1ea3 t\u1eeb d\u1ef1 \u00e1n nghi\u00ean c\u1ee9u r\u00e1i c\u00e1 s\u00f4ng b\u00ean d\u01b0\u1edbi.     <\/p>\n\n<h3 class=\"wp-block-heading\">M\u1eb9o v\u00e0 quy t\u1eafc \u1ee9ng x\u1eed khi quan s\u00e1t r\u00e1i c\u00e1<\/h3>\n\n<ul class=\"wp-block-list\">\n<li>H\u00e3y t\u00f4n tr\u1ecdng t\u1ea5t c\u1ea3 c\u00e1c bi\u1ec3n b\u00e1o v\u00e0 ranh gi\u1edbi khu v\u1ef1c khi quan s\u00e1t r\u00e1i c\u00e1.<\/li>\n\n\n\n<li>N\u1ebfu b\u1ea1n nh\u00ecn th\u1ea5y m\u1ed9t con r\u00e1i c\u00e1, h\u00e3y quan s\u00e1t t\u1eeb m\u1ed9t kho\u1ea3ng c\u00e1ch an to\u00e0n. Kh\u00f4ng \u0111\u01b0\u1ee3c ti\u1ebfp c\u1eadn ho\u1eb7c qu\u1ea5y r\u1ed1i r\u00e1i c\u00e1. <\/li>\n\n\n\n<li>Ch\u1ec9 ch\u1ee5p \u1ea3nh v\u00e0 ghi ch\u00fa, tuy\u1ec7t \u0111\u1ed1i kh\u00f4ng \u0111\u01b0\u1ee3c mang theo t\u00e0i nguy\u00ean ho\u1eb7c v\u1eadt li\u1ec7u n\u00e0o t\u1eeb khu v\u1ef1c b\u1ea1n quan s\u00e1t \u0111\u01b0\u1ee3c.<\/li>\n\n\n\n<li>H\u00e3y lu\u00f4n ch\u00fa \u00fd \u0111\u1ebfn m\u00f4i tr\u01b0\u1eddng xung quanh v\u00e0 gi\u1eef an to\u00e0n, \u0111\u1eb7c bi\u1ec7t khi di chuy\u1ec3n tr\u00ean \u0111\u01b0\u1eddng th\u1ee7y ho\u1eb7c nh\u1eefng khu v\u1ef1c c\u00f3 t\u1ea7m nh\u00ecn h\u1ea1n ch\u1ebf.<\/li>\n\n\n\n<li>H\u00e3y chu\u1ea9n b\u1ecb nh\u1eefng v\u1eadt d\u1ee5ng h\u1eefu \u00edch bao g\u1ed3m \u1ed1ng nh\u00f2m, m\u00e1y \u1ea3nh v\u00e0\/ho\u1eb7c s\u1ed5 tay v\u00e0 b\u00fat \u0111\u1ec3 ghi ch\u00e9p c\u00e1c quan s\u00e1t, v\u00e0 m\u00e1y d\u00f2 GPS ho\u1eb7c \u1ee9ng d\u1ee5ng \u0111\u1ecbnh v\u1ecb GPS.<\/li>\n\n\n\n<li>B\u1ea1n kh\u00f4ng ch\u1eafc m\u00ecnh \u0111\u00e3 nh\u00ecn th\u1ea5y r\u00e1i c\u00e1 s\u00f4ng hay r\u00e1i c\u00e1 bi\u1ec3n? H\u00e3y s\u1eed d\u1ee5ng nh\u1eefng <a href=\"http:\/\/www.seattleaquarium.org\/document.doc?id=1661\" target=\"_blank\" rel=\"noreferrer noopener\">m\u1eb9o h\u1eefu \u00edch t\u1eeb Th\u1ee7y cung Seattle<\/a> \u0111\u1ec3 ph\u00e2n bi\u1ec7t ch\u00fang. <\/li>\n\n\n\n<li>R\u00e1i c\u00e1 s\u00f4ng c\u00f3 th\u1ec3 b\u1ecb nh\u1ea7m l\u1eabn v\u1edbi m\u1ed9t s\u1ed1 lo\u00e0i \u0111\u1ed9ng v\u1eadt hoang d\u00e3 \u0111\u1ecba ph\u01b0\u01a1ng kh\u00e1c. H\u00e3y xem <a href=\"https:\/\/www.zoo.org\/document.doc?id=2342\" target=\"_blank\" rel=\"noreferrer noopener\">h\u01b0\u1edbng d\u1eabn v\u1ec1 \u0111\u1ed9ng v\u1eadt c\u00f3 v\u00fa b\u00e1n th\u1ee7y sinh<\/a> c\u1ee7a ch\u00fang t\u00f4i \u0111\u1ec3 gi\u00fap b\u1ea1n n\u00e2ng cao k\u1ef9 n\u0103ng nh\u1eadn d\u1ea1ng. <\/li>\n<\/ul>\n\n<h3 class=\"wp-block-heading\">Nh\u1eefng ng\u01b0\u1eddi b\u1ea3o v\u1ec7 s\u1ee9c kh\u1ecfe sinh th\u00e1i: Gi\u1edbi thi\u1ec7u v\u1ec1 d\u1ef1 \u00e1n nghi\u00ean c\u1ee9u<\/h3>\n\n<p>S\u00f4ng Green ch\u1ea3y t\u1eeb v\u00f9ng \u0111\u1ea5t hoang s\u01a1 ch\u01b0a \u0111\u01b0\u1ee3c khai th\u00e1c c\u1ee7a Washington qua c\u00e1c khu v\u1ef1c ng\u00e0y c\u00e0ng \u0111\u00f4 th\u1ecb h\u00f3a \u0111\u1ec3 tr\u1edf th\u00e0nh s\u00f4ng Duwamish &#8211; h\u00e0nh lang c\u00f4ng nghi\u1ec7p ch\u00ednh c\u1ee7a Seattle k\u1ec3 t\u1eeb \u0111\u1ea7u nh\u1eefng n\u0103m 1900. D\u1ecdc theo to\u00e0n b\u1ed9 tuy\u1ebfn \u0111\u01b0\u1eddng d\u00e0i h\u01a1n 92 d\u1eb7m, m\u1ed9t lo\u00e0i \u0111\u1ed9ng v\u1eadt c\u00f3 v\u00fa sinh s\u1ed1ng d\u1ecdc theo con s\u00f4ng c\u00f3 th\u1ec3 l\u00e0 m\u1ed9t ch\u1ec9 b\u00e1o quan tr\u1ecdng v\u1ec1 s\u1ee9c kh\u1ecfe c\u1ee7a tuy\u1ebfn \u0111\u01b0\u1eddng th\u1ee7y thi\u1ebft y\u1ebfu n\u00e0y &#8211; \u0111\u00f3 l\u00e0 r\u00e1i c\u00e1 s\u00f4ng B\u1eafc M\u1ef9. <\/p>\n\n<p>\u0110o\u1ea1n s\u00f4ng Lower Duwamish Waterway (LDW) \u2013 5 d\u1eb7m cu\u1ed1i c\u00f9ng c\u1ee7a con s\u00f4ng tr\u01b0\u1edbc khi \u0111\u1ed5 ra v\u1ecbnh Puget Sound \u2013 c\u00f3 m\u1ed9t l\u1ecbch s\u1eed ph\u1ee9c t\u1ea1p v\u00e0 t\u01b0\u01a1ng lai \u0111\u1ea7y th\u00e1ch th\u1ee9c. C\u01a1 quan B\u1ea3o v\u1ec7 M\u00f4i tr\u01b0\u1eddng Hoa K\u1ef3 \u0111\u00e3 x\u00e1c \u0111\u1ecbnh LDW l\u00e0 m\u1ed9t khu v\u1ef1c thu\u1ed9c ch\u01b0\u01a1ng tr\u00ecnh Superfund c\u1ea7n \u0111\u01b0\u1ee3c kh\u1eafc ph\u1ee5c \u00f4 nhi\u1ec5m m\u00f4i tr\u01b0\u1eddng do ti\u1ebfp x\u00fac l\u00e2u d\u00e0i v\u1edbi c\u00e1c ch\u1ea5t g\u00e2y \u00f4 nhi\u1ec5m c\u00f4ng nghi\u1ec7p v\u00e0 m\u1ed1i lo ng\u1ea1i c\u1ea5p b\u00e1ch v\u1ec1 m\u1ee9c \u0111\u1ed9 \u00f4 nhi\u1ec5m. <\/p>\n\n<p>Nghi\u00ean c\u1ee9u xu h\u01b0\u1edbng bi\u1ebfn \u0111\u1ed9ng qu\u1ea7n th\u1ec3 r\u00e1i c\u00e1 s\u00f4ng v\u00e0 c\u00e1c ch\u1ea5t \u00f4 nhi\u1ec5m trong ph\u00e2n c\u1ee7a ch\u00fang d\u1ecdc theo s\u00f4ng Green-Duwamish \u0111\u00e3 gi\u00fap thi\u1ebft l\u1eadp hi\u1ec3u bi\u1ebft c\u01a1 b\u1ea3n v\u1ec1 t\u1ea3i l\u01b0\u1ee3ng ch\u1ea5t g\u00e2y \u00f4 nhi\u1ec5m trong nhi\u1ec1u \u0111i\u1ec1u ki\u1ec7n kh\u00e1c nhau, bao g\u1ed3m c\u1ea3 t\u00ecnh tr\u1ea1ng \u00f4 nhi\u1ec5m hi\u1ec7n t\u1ea1i c\u1ee7a LDW. D\u1eef li\u1ec7u th\u1ef1c nghi\u1ec7m nh\u01b0 v\u1eady c\u00f3 th\u1ec3 gi\u00fap \u0111\u1ecbnh h\u01b0\u1edbng c\u00e1c nghi\u00ean c\u1ee9u d\u00e0i h\u1ea1n v\u00e0 \u0111\u1ecbnh h\u00ecnh c\u00e1c chi\u1ebfn l\u01b0\u1ee3c b\u1ea3o t\u1ed3n khi c\u00e1c n\u1ed7 l\u1ef1c kh\u1eafc ph\u1ee5c \u00f4 nhi\u1ec5m ti\u1ebfp t\u1ee5c \u0111\u01b0\u1ee3c th\u1ef1c hi\u1ec7n t\u1ea1i khu v\u1ef1c Superfund. <\/p>\n\n<p><a href=\"https:\/\/link.springer.com\/article\/10.1007\/s10661-022-10272-9\" target=\"_blank\" rel=\"noreferrer noopener\">Xem k\u1ebft qu\u1ea3 \u2013 B\u00e0i b\u00e1o \u0111\u00e3 xu\u1ea5t b\u1ea3n<\/a><\/p>\n\n<p><a href=\"https:\/\/www.zoo.org\/document.doc?id=2609\" target=\"_blank\" rel=\"noreferrer noopener\">Xem k\u1ebft qu\u1ea3 &#8211; Poster<\/a><\/p>\n\n<p><a href=\"https:\/\/www.zoo.org\/document.doc?id=2610\" target=\"_blank\" rel=\"noreferrer noopener\">Xem k\u1ebft qu\u1ea3 &#8211; T\u00f3m t\u1eaft m\u1ed9t trang<\/a><\/p>\n","protected":false},"excerpt":{"rendered":"<p>NG\u01af\u1edcI PH\u00c1T HI\u1ec6N R\u00c1I C\u00c1 D\u1ef1 \u00e1n nghi\u00ean c\u1ee9u r\u00e1i c\u00e1 t\u1ea1i V\u01b0\u1eddn th\u00fa Woodland Park \u0111\u00e3 k\u1ebft th\u00fac, nh\u01b0ng ch\u00fang t\u00f4i hoan ngh\u00eanh c\u00e1c b\u1ea1n ti\u1ebfp t\u1ee5c g\u1eedi th\u00f4ng [&hellip;]<\/p>\n","protected":false},"author":1,"featured_media":0,"parent":0,"menu_order":0,"comment_status":"closed","ping_status":"closed","template":"","meta":{"_acf_changed":false,"_kad_blocks_custom_css":"","_kad_blocks_head_custom_js":"","_kad_blocks_body_custom_js":"","_kad_blocks_footer_custom_js":"","footnotes":""},"class_list":["post-11353","page","type-page","status-publish","hentry"],"blocksy_meta":[],"acf":[],"yoast_head":"<!-- This site is optimized with the Yoast SEO plugin v27.3 - https:\/\/yoast.com\/product\/yoast-seo-wordpress\/ -->\n<title>Ng\u01b0\u1eddi quan s\u00e1t r\u00e1i c\u00e1 - V\u01b0\u1eddn th\u00fa Woodland Park<\/title>\n<meta name=\"description\" content=\"H\u00e3y g\u1eedi th\u00f4ng tin v\u1ec1 nh\u1eefng l\u1ea7n nh\u00ecn th\u1ea5y r\u00e1i c\u00e1 c\u1ee7a b\u1ea1n l\u00ean Otter Spotter \u0111\u1ec3 gi\u00fap V\u01b0\u1eddn th\u00fa Woodland Park theo d\u00f5i r\u00e1i c\u00e1 s\u00f4ng tr\u00ean kh\u1eafp ti\u1ec3u bang Washington.\" \/>\n<meta name=\"robots\" content=\"index, follow, max-snippet:-1, max-image-preview:large, max-video-preview:-1\" \/>\n<link rel=\"canonical\" href=\"https:\/\/zoo.org\/vi\/nguoi-quan-sat-rai-ca\/\" \/>\n<meta property=\"og:locale\" content=\"vi_VN\" \/>\n<meta property=\"og:type\" content=\"article\" \/>\n<meta property=\"og:title\" content=\"Ng\u01b0\u1eddi quan s\u00e1t r\u00e1i c\u00e1 - V\u01b0\u1eddn th\u00fa Woodland Park\" \/>\n<meta property=\"og:description\" content=\"H\u00e3y g\u1eedi th\u00f4ng tin v\u1ec1 nh\u1eefng l\u1ea7n nh\u00ecn th\u1ea5y r\u00e1i c\u00e1 c\u1ee7a b\u1ea1n l\u00ean Otter Spotter \u0111\u1ec3 gi\u00fap V\u01b0\u1eddn th\u00fa Woodland Park theo d\u00f5i r\u00e1i c\u00e1 s\u00f4ng tr\u00ean kh\u1eafp ti\u1ec3u bang Washington.\" \/>\n<meta property=\"og:url\" content=\"https:\/\/zoo.org\/vi\/nguoi-quan-sat-rai-ca\/\" \/>\n<meta property=\"og:site_name\" content=\"V\u01b0\u1eddn th\u00fa Woodland Park\" \/>\n<meta property=\"article:modified_time\" content=\"2025-12-13T01:45:14+00:00\" \/>\n<meta property=\"og:image\" content=\"https:\/\/zoo.org\/wp-content\/uploads\/2025\/08\/River-Otter-Header-Image2.jpg?wsr\" \/>\n\t<meta property=\"og:image:width\" content=\"1920\" \/>\n\t<meta property=\"og:image:height\" content=\"400\" \/>\n\t<meta property=\"og:image:type\" content=\"image\/jpeg\" \/>\n<meta name=\"twitter:card\" content=\"summary_large_image\" \/>\n<script type=\"application\/ld+json\" class=\"yoast-schema-graph\">{\"@context\":\"https:\\\/\\\/schema.org\",\"@graph\":[{\"@type\":\"WebPage\",\"@id\":\"https:\\\/\\\/zoo.org\\\/vi\\\/nguoi-quan-sat-rai-ca\\\/\",\"url\":\"https:\\\/\\\/zoo.org\\\/vi\\\/nguoi-quan-sat-rai-ca\\\/\",\"name\":\"Ng\u01b0\u1eddi quan s\u00e1t r\u00e1i c\u00e1 - V\u01b0\u1eddn th\u00fa Woodland Park\",\"isPartOf\":{\"@id\":\"https:\\\/\\\/zoo.org\\\/vi\\\/#website\"},\"primaryImageOfPage\":{\"@id\":\"https:\\\/\\\/zoo.org\\\/vi\\\/nguoi-quan-sat-rai-ca\\\/#primaryimage\"},\"image\":{\"@id\":\"https:\\\/\\\/zoo.org\\\/vi\\\/nguoi-quan-sat-rai-ca\\\/#primaryimage\"},\"thumbnailUrl\":\"https:\\\/\\\/zoo.org\\\/wp-content\\\/uploads\\\/2025\\\/08\\\/River-Otter-Header-Image2.jpg\",\"datePublished\":\"2025-09-09T21:55:38+00:00\",\"dateModified\":\"2025-12-13T01:45:14+00:00\",\"description\":\"H\u00e3y g\u1eedi th\u00f4ng tin v\u1ec1 nh\u1eefng l\u1ea7n nh\u00ecn th\u1ea5y r\u00e1i c\u00e1 c\u1ee7a b\u1ea1n l\u00ean Otter Spotter \u0111\u1ec3 gi\u00fap V\u01b0\u1eddn th\u00fa Woodland Park theo d\u00f5i r\u00e1i c\u00e1 s\u00f4ng tr\u00ean kh\u1eafp ti\u1ec3u bang Washington.\",\"breadcrumb\":{\"@id\":\"https:\\\/\\\/zoo.org\\\/vi\\\/nguoi-quan-sat-rai-ca\\\/#breadcrumb\"},\"inLanguage\":\"vi\",\"potentialAction\":[{\"@type\":\"ReadAction\",\"target\":[\"https:\\\/\\\/zoo.org\\\/vi\\\/nguoi-quan-sat-rai-ca\\\/\"]}]},{\"@type\":\"ImageObject\",\"inLanguage\":\"vi\",\"@id\":\"https:\\\/\\\/zoo.org\\\/vi\\\/nguoi-quan-sat-rai-ca\\\/#primaryimage\",\"url\":\"https:\\\/\\\/zoo.org\\\/wp-content\\\/uploads\\\/2025\\\/08\\\/River-Otter-Header-Image2.jpg\",\"contentUrl\":\"https:\\\/\\\/zoo.org\\\/wp-content\\\/uploads\\\/2025\\\/08\\\/River-Otter-Header-Image2.jpg\"},{\"@type\":\"BreadcrumbList\",\"@id\":\"https:\\\/\\\/zoo.org\\\/vi\\\/nguoi-quan-sat-rai-ca\\\/#breadcrumb\",\"itemListElement\":[{\"@type\":\"ListItem\",\"position\":1,\"name\":\"Trang ch\u1ee7\",\"item\":\"https:\\\/\\\/zoo.org\\\/vi\\\/\"},{\"@type\":\"ListItem\",\"position\":2,\"name\":\"Ng\u01b0\u1eddi quan s\u00e1t r\u00e1i c\u00e1\"}]},{\"@type\":\"WebSite\",\"@id\":\"https:\\\/\\\/zoo.org\\\/vi\\\/#website\",\"url\":\"https:\\\/\\\/zoo.org\\\/vi\\\/\",\"name\":\"V\u01b0\u1eddn th\u00fa Woodland Park\",\"description\":\"V\u01b0\u1eddn th\u00fa Woodland Park c\u1ee9u s\u1ed1ng \u0111\u1ed9ng v\u1eadt hoang d\u00e3 v\u00e0 truy\u1ec1n c\u1ea3m h\u1ee9ng cho m\u1ecdi ng\u01b0\u1eddi coi b\u1ea3o t\u1ed3n l\u00e0 \u01b0u ti\u00ean h\u00e0ng \u0111\u1ea7u trong cu\u1ed9c s\u1ed1ng c\u1ee7a m\u00ecnh.\",\"publisher\":{\"@id\":\"https:\\\/\\\/zoo.org\\\/vi\\\/#organization\"},\"potentialAction\":[{\"@type\":\"SearchAction\",\"target\":{\"@type\":\"EntryPoint\",\"urlTemplate\":\"https:\\\/\\\/zoo.org\\\/vi\\\/?s={search_term_string}\"},\"query-input\":{\"@type\":\"PropertyValueSpecification\",\"valueRequired\":true,\"valueName\":\"search_term_string\"}}],\"inLanguage\":\"vi\"},{\"@type\":\"Organization\",\"@id\":\"https:\\\/\\\/zoo.org\\\/vi\\\/#organization\",\"name\":\"V\u01b0\u1eddn th\u00fa Woodland Park\",\"url\":\"https:\\\/\\\/zoo.org\\\/vi\\\/\",\"logo\":{\"@type\":\"ImageObject\",\"inLanguage\":\"vi\",\"@id\":\"https:\\\/\\\/zoo.org\\\/vi\\\/#\\\/schema\\\/logo\\\/image\\\/\",\"url\":\"https:\\\/\\\/zoo.org\\\/wp-content\\\/uploads\\\/2026\\\/01\\\/WPZ-Logo_white-SVG.svg?wsr\",\"contentUrl\":\"https:\\\/\\\/zoo.org\\\/wp-content\\\/uploads\\\/2026\\\/01\\\/WPZ-Logo_white-SVG.svg?wsr\",\"width\":288,\"height\":282,\"caption\":\"V\u01b0\u1eddn th\u00fa Woodland Park\"},\"image\":{\"@id\":\"https:\\\/\\\/zoo.org\\\/vi\\\/#\\\/schema\\\/logo\\\/image\\\/\"}}]}<\/script>\n<!-- \/ Yoast SEO plugin. -->","yoast_head_json":{"title":"Ng\u01b0\u1eddi quan s\u00e1t r\u00e1i c\u00e1 - V\u01b0\u1eddn th\u00fa Woodland Park","description":"H\u00e3y g\u1eedi th\u00f4ng tin v\u1ec1 nh\u1eefng l\u1ea7n nh\u00ecn th\u1ea5y r\u00e1i c\u00e1 c\u1ee7a b\u1ea1n l\u00ean Otter Spotter \u0111\u1ec3 gi\u00fap V\u01b0\u1eddn th\u00fa Woodland Park theo d\u00f5i r\u00e1i c\u00e1 s\u00f4ng tr\u00ean kh\u1eafp ti\u1ec3u bang Washington.","robots":{"index":"index","follow":"follow","max-snippet":"max-snippet:-1","max-image-preview":"max-image-preview:large","max-video-preview":"max-video-preview:-1"},"canonical":"https:\/\/zoo.org\/vi\/nguoi-quan-sat-rai-ca\/","og_locale":"vi_VN","og_type":"article","og_title":"Ng\u01b0\u1eddi quan s\u00e1t r\u00e1i c\u00e1 - V\u01b0\u1eddn th\u00fa Woodland Park","og_description":"H\u00e3y g\u1eedi th\u00f4ng tin v\u1ec1 nh\u1eefng l\u1ea7n nh\u00ecn th\u1ea5y r\u00e1i c\u00e1 c\u1ee7a b\u1ea1n l\u00ean Otter Spotter \u0111\u1ec3 gi\u00fap V\u01b0\u1eddn th\u00fa Woodland Park theo d\u00f5i r\u00e1i c\u00e1 s\u00f4ng tr\u00ean kh\u1eafp ti\u1ec3u bang Washington.","og_url":"https:\/\/zoo.org\/vi\/nguoi-quan-sat-rai-ca\/","og_site_name":"V\u01b0\u1eddn th\u00fa Woodland Park","article_modified_time":"2025-12-13T01:45:14+00:00","og_image":[{"width":1920,"height":400,"url":"https:\/\/zoo.org\/wp-content\/uploads\/2025\/08\/River-Otter-Header-Image2.jpg?wsr","type":"image\/jpeg"}],"twitter_card":"summary_large_image","schema":{"@context":"https:\/\/schema.org","@graph":[{"@type":"WebPage","@id":"https:\/\/zoo.org\/vi\/nguoi-quan-sat-rai-ca\/","url":"https:\/\/zoo.org\/vi\/nguoi-quan-sat-rai-ca\/","name":"Ng\u01b0\u1eddi quan s\u00e1t r\u00e1i c\u00e1 - V\u01b0\u1eddn th\u00fa Woodland Park","isPartOf":{"@id":"https:\/\/zoo.org\/vi\/#website"},"primaryImageOfPage":{"@id":"https:\/\/zoo.org\/vi\/nguoi-quan-sat-rai-ca\/#primaryimage"},"image":{"@id":"https:\/\/zoo.org\/vi\/nguoi-quan-sat-rai-ca\/#primaryimage"},"thumbnailUrl":"https:\/\/zoo.org\/wp-content\/uploads\/2025\/08\/River-Otter-Header-Image2.jpg","datePublished":"2025-09-09T21:55:38+00:00","dateModified":"2025-12-13T01:45:14+00:00","description":"H\u00e3y g\u1eedi th\u00f4ng tin v\u1ec1 nh\u1eefng l\u1ea7n nh\u00ecn th\u1ea5y r\u00e1i c\u00e1 c\u1ee7a b\u1ea1n l\u00ean Otter Spotter \u0111\u1ec3 gi\u00fap V\u01b0\u1eddn th\u00fa Woodland Park theo d\u00f5i r\u00e1i c\u00e1 s\u00f4ng tr\u00ean kh\u1eafp ti\u1ec3u bang Washington.","breadcrumb":{"@id":"https:\/\/zoo.org\/vi\/nguoi-quan-sat-rai-ca\/#breadcrumb"},"inLanguage":"vi","potentialAction":[{"@type":"ReadAction","target":["https:\/\/zoo.org\/vi\/nguoi-quan-sat-rai-ca\/"]}]},{"@type":"ImageObject","inLanguage":"vi","@id":"https:\/\/zoo.org\/vi\/nguoi-quan-sat-rai-ca\/#primaryimage","url":"https:\/\/zoo.org\/wp-content\/uploads\/2025\/08\/River-Otter-Header-Image2.jpg","contentUrl":"https:\/\/zoo.org\/wp-content\/uploads\/2025\/08\/River-Otter-Header-Image2.jpg"},{"@type":"BreadcrumbList","@id":"https:\/\/zoo.org\/vi\/nguoi-quan-sat-rai-ca\/#breadcrumb","itemListElement":[{"@type":"ListItem","position":1,"name":"Trang ch\u1ee7","item":"https:\/\/zoo.org\/vi\/"},{"@type":"ListItem","position":2,"name":"Ng\u01b0\u1eddi quan s\u00e1t r\u00e1i c\u00e1"}]},{"@type":"WebSite","@id":"https:\/\/zoo.org\/vi\/#website","url":"https:\/\/zoo.org\/vi\/","name":"V\u01b0\u1eddn th\u00fa Woodland Park","description":"V\u01b0\u1eddn th\u00fa Woodland Park c\u1ee9u s\u1ed1ng \u0111\u1ed9ng v\u1eadt hoang d\u00e3 v\u00e0 truy\u1ec1n c\u1ea3m h\u1ee9ng cho m\u1ecdi ng\u01b0\u1eddi coi b\u1ea3o t\u1ed3n l\u00e0 \u01b0u ti\u00ean h\u00e0ng \u0111\u1ea7u trong cu\u1ed9c s\u1ed1ng c\u1ee7a m\u00ecnh.","publisher":{"@id":"https:\/\/zoo.org\/vi\/#organization"},"potentialAction":[{"@type":"SearchAction","target":{"@type":"EntryPoint","urlTemplate":"https:\/\/zoo.org\/vi\/?s={search_term_string}"},"query-input":{"@type":"PropertyValueSpecification","valueRequired":true,"valueName":"search_term_string"}}],"inLanguage":"vi"},{"@type":"Organization","@id":"https:\/\/zoo.org\/vi\/#organization","name":"V\u01b0\u1eddn th\u00fa Woodland Park","url":"https:\/\/zoo.org\/vi\/","logo":{"@type":"ImageObject","inLanguage":"vi","@id":"https:\/\/zoo.org\/vi\/#\/schema\/logo\/image\/","url":"https:\/\/zoo.org\/wp-content\/uploads\/2026\/01\/WPZ-Logo_white-SVG.svg?wsr","contentUrl":"https:\/\/zoo.org\/wp-content\/uploads\/2026\/01\/WPZ-Logo_white-SVG.svg?wsr","width":288,"height":282,"caption":"V\u01b0\u1eddn th\u00fa Woodland Park"},"image":{"@id":"https:\/\/zoo.org\/vi\/#\/schema\/logo\/image\/"}}]}},"taxonomy_info":[],"featured_image_src_large":false,"author_info":{"display_name":"jloughlin","author_link":"https:\/\/zoo.org\/vi\/author\/jloughlin\/"},"comment_info":0,"_links":{"self":[{"href":"https:\/\/zoo.org\/vi\/wp-json\/wp\/v2\/pages\/11353","targetHints":{"allow":["GET"]}}],"collection":[{"href":"https:\/\/zoo.org\/vi\/wp-json\/wp\/v2\/pages"}],"about":[{"href":"https:\/\/zoo.org\/vi\/wp-json\/wp\/v2\/types\/page"}],"author":[{"embeddable":true,"href":"https:\/\/zoo.org\/vi\/wp-json\/wp\/v2\/users\/1"}],"replies":[{"embeddable":true,"href":"https:\/\/zoo.org\/vi\/wp-json\/wp\/v2\/comments?post=11353"}],"version-history":[{"count":0,"href":"https:\/\/zoo.org\/vi\/wp-json\/wp\/v2\/pages\/11353\/revisions"}],"wp:attachment":[{"href":"https:\/\/zoo.org\/vi\/wp-json\/wp\/v2\/media?parent=11353"}],"curies":[{"name":"wp","href":"https:\/\/api.w.org\/{rel}","templated":true}]}}