{"id":11845,"date":"2025-09-12T16:07:36","date_gmt":"2025-09-12T23:07:36","guid":{"rendered":"https:\/\/zoo.org\/vuon-thu-ben-vung\/cau-hoi-thuong-gap-ve-eco-cell\/"},"modified":"2025-12-12T17:46:50","modified_gmt":"2025-12-13T01:46:50","slug":"cau-hoi-thuong-gap-ve-eco-cell","status":"publish","type":"page","link":"https:\/\/zoo.org\/vi\/vuon-thu-ben-vung\/cau-hoi-thuong-gap-ve-eco-cell\/","title":{"rendered":"C\u00e2u h\u1ecfi th\u01b0\u1eddng g\u1eb7p v\u1ec1 Eco-CELL"},"content":{"rendered":"\n<div class=\"wp-block-cover alignfull is-light hero\" style=\"margin-top:0;margin-bottom:0\"><img loading=\"lazy\" decoding=\"async\" width=\"1920\" height=\"400\" class=\"wp-block-cover__image-background wp-image-3472 size-full\" alt=\"\" src=\"https:\/\/zoo.org\/wp-content\/uploads\/2025\/08\/Pond-Turtle-Header-Image3.jpg\" data-object-fit=\"cover\" srcset=\"https:\/\/zoo.org\/wp-content\/uploads\/2025\/08\/Pond-Turtle-Header-Image3.jpg 1920w, https:\/\/zoo.org\/wp-content\/uploads\/2025\/08\/Pond-Turtle-Header-Image3-300x63.jpg 300w, https:\/\/zoo.org\/wp-content\/uploads\/2025\/08\/Pond-Turtle-Header-Image3-1024x213.jpg 1024w, https:\/\/zoo.org\/wp-content\/uploads\/2025\/08\/Pond-Turtle-Header-Image3-768x160.jpg 768w, https:\/\/zoo.org\/wp-content\/uploads\/2025\/08\/Pond-Turtle-Header-Image3-1536x320.jpg 1536w\" sizes=\"auto, (max-width: 1920px) 100vw, 1920px\" \/><span aria-hidden=\"true\" class=\"wp-block-cover__background has-background-dim-0 has-background-dim\" style=\"background-color:#888a81\"><\/span><div class=\"wp-block-cover__inner-container is-layout-constrained wp-block-cover-is-layout-constrained\">\n<p class=\"has-text-align-center has-large-font-size\"><\/p>\n<\/div><\/div>\n\n<div class=\"wp-block-group is-layout-constrained wp-block-group-is-layout-constrained\" style=\"margin-top:2em;margin-bottom:3em\">\n<h1 class=\"wp-block-heading has-text-align-center\" style=\"margin-top:0.65em;margin-bottom:0.275em\">T\u1ebf b\u00e0o sinh th\u00e1i<\/h1>\n\n\n\n<p class=\"has-text-align-center has-palette-color-3-color has-text-color has-link-color wp-elements-25f245aad9378b2d36fb4bfe05363cb1\" style=\"margin-bottom:1em;font-size:clamp(0.984em, 0.984rem + ((1vw - 0.2em) * 0.645), 1.5em);font-style:normal;font-weight:500;line-height:1.5\"><strong>T\u00e1i ch\u1ebf \u0111i\u1ec7n tho\u1ea1i di \u0111\u1ed9ng gi\u00fap c\u1ee9u lo\u00e0i kh\u1ec9 \u0111\u1ed9t!<\/strong><\/p>\n<\/div>\n\n<div class=\"wp-block-group alignfull divider is-layout-constrained wp-block-group-is-layout-constrained\">\n<h2 class=\"wp-block-heading alignfull has-text-align-center\">C\u00c2U H\u1eceI TH\u01af\u1edcNG G\u1eb6P<\/h2>\n<\/div>\n\n<h3 class=\"wp-block-heading\">C\u00e2u h\u1ecfi v\u00e0 c\u00e2u tr\u1ea3 l\u1eddi v\u1ec1 t\u00e1i ch\u1ebf ECO-CELL<\/h3>\n\n<h4 class=\"wp-block-heading\">Ch\u01b0\u01a1ng tr\u00ecnh t\u00e1i ch\u1ebf ECO-CELL l\u00e0 g\u00ec?<\/h4>\n\n<p>Ch\u01b0\u01a1ng tr\u00ecnh t\u00e1i ch\u1ebf ECO-CELL gi\u00fap gi\u1ea3m nhu c\u1ea7u s\u1eed d\u1ee5ng coltan, m\u1ed9t lo\u1ea1i qu\u1eb7ng \u0111\u01b0\u1ee3c d\u00f9ng \u0111\u1ec3 k\u00e9o d\u00e0i tu\u1ed5i th\u1ecd pin trong \u0111i\u1ec7n tho\u1ea1i v\u00e0 c\u00e1c thi\u1ebft b\u1ecb c\u1ea7m tay kh\u00e1c. C\u00e1c m\u1ecf coltan \u1edf C\u1ed9ng h\u00f2a D\u00e2n ch\u1ee7 Congo \u0111ang ph\u00e1 h\u1ee7y m\u00f4i tr\u01b0\u1eddng s\u1ed1ng r\u1eebng quan tr\u1ecdng \u0111\u1ed1i v\u1edbi c\u00e1c lo\u00e0i \u0111\u1ed9ng v\u1eadt c\u00f3 nguy c\u01a1 tuy\u1ec7t ch\u1ee7ng, bao g\u1ed3m c\u1ea3 lo\u00e0i kh\u1ec9 \u0111\u1ed9t v\u00f9ng \u0111\u1ea5t th\u1ea5p ph\u00eda t\u00e2y. <\/p>\n\n<h4 class=\"wp-block-heading\">T\u00f4i c\u00f3 th\u1ec3 t\u00e1i ch\u1ebf nh\u1eefng g\u00ec th\u00f4ng qua ECO-CELL?<\/h4>\n\n<p>\u0110i\u1ec7n tho\u1ea1i di \u0111\u1ed9ng, \u0111i\u1ec7n tho\u1ea1i th\u00f4ng minh, iPod, iPad, m\u00e1y t\u00ednh b\u1ea3ng, b\u1ed9 chuy\u1ec3n \u0111\u1ed5i, b\u1ed9 s\u1ea1c, m\u00e1y nghe nh\u1ea1c MP3, m\u00e1y ch\u01a1i game c\u1ea7m tay v\u00e0 c\u00e1c ph\u1ee5 ki\u1ec7n \u0111i k\u00e8m.<\/p>\n\n<h4 class=\"wp-block-heading\">N\u00f3 gi\u00fap \u00edch nh\u01b0 th\u1ebf n\u00e0o?<\/h4>\n\n<p>C\u00e1c thi\u1ebft b\u1ecb \u0111i\u1ec7n t\u1eed c\u1ea7m tay ch\u1ee9a coltan, m\u1ed9t lo\u1ea1i v\u1eadt li\u1ec7u \u0111\u01b0\u1ee3c t\u00ecm th\u1ea5y v\u1edbi s\u1ed1 l\u01b0\u1ee3ng l\u1edbn \u1edf Congo, qu\u00ea h\u01b0\u01a1ng c\u1ee7a lo\u00e0i kh\u1ec9 \u0111\u1ed9t \u0111ang b\u1ecb \u0111e d\u1ecda nghi\u00eam tr\u1ecdng. Nh\u1eefng ng\u01b0\u1eddi khai th\u00e1c coltan th\u01b0\u1eddng gi\u1ebft kh\u1ec9 \u0111\u1ed9t \u0111\u1ec3 d\u1ec5 d\u00e0ng ti\u1ebfp c\u1eadn m\u00f4i tr\u01b0\u1eddng s\u1ed1ng c\u1ee7a ch\u00fang, v\u00e0 th\u01b0\u1eddng xuy\u00ean s\u1eed d\u1ee5ng tr\u1ebb em \u0111\u1ec3 khai th\u00e1c. Li\u00ean H\u1ee3p Qu\u1ed1c \u0111\u00e3 b\u00e1o c\u00e1o r\u1eb1ng qu\u1ea7n th\u1ec3 kh\u1ec9 \u0111\u1ed9t v\u00f9ng \u0111\u1ea5t th\u1ea5p ph\u00eda \u0111\u00f4ng t\u1ea1i t\u00e1m c\u00f4ng vi\u00ean qu\u1ed1c gia \u1edf Congo \u0111\u00e3 gi\u1ea3m 90% trong n\u0103m n\u0103m qua. B\u1eb1ng c\u00e1ch t\u00e1i ch\u1ebf c\u00e1c thi\u1ebft b\u1ecb \u0111i\u1ec7n t\u1eed c\u1ea7m tay v\u00e0 t\u00e1i s\u1eed d\u1ee5ng coltan, b\u1ea1n \u0111ang gi\u1ea3m nhu c\u1ea7u khai th\u00e1c coltan m\u1edbi, c\u1ee9u kh\u1ec9 \u0111\u1ed9t v\u00e0 ng\u0103n ch\u1eb7n c\u00e1c h\u00e0nh vi vi ph\u1ea1m nh\u00e2n quy\u1ec1n \u1edf c\u00e1c khu v\u1ef1c xung \u0111\u1ed9t.   <\/p>\n\n<h4 class=\"wp-block-heading\">T\u00f4i \u0111ang \u0111\u1ea7u t\u01b0 v\u00e0o c\u00f4ng t\u00e1c b\u1ea3o t\u1ed3n nh\u01b0 th\u1ebf n\u00e0o?<\/h4>\n\n<p>B\u1ea1n s\u1eafp t\u1ea1o ra t\u00e1c \u0111\u1ed9ng k\u00e9p! V\u01b0\u1eddn th\u00fa Woodland Park g\u1eedi c\u00e1c thi\u1ebft b\u1ecb \u0111i\u1ec7n t\u1eed c\u1ea7m tay \u0111\u1ebfn ECO-CELL, m\u1ed9t c\u00f4ng ty gia \u0111\u00ecnh \u1edf Louisville, Kentucky, \u0111\u1ec3 t\u00e2n trang ho\u1eb7c t\u00e1i ch\u1ebf. ECO-CELL sau \u0111\u00f3 tr\u1ea3 t\u1eeb 0,25 \u0111\u1ebfn 15 \u0111\u00f4 la cho m\u1ed7i thi\u1ebft b\u1ecb \u0111i\u1ec7n t\u1eed. B\u1eb1ng c\u00e1ch t\u00e1i ch\u1ebf th\u00f4ng qua ch\u01b0\u01a1ng tr\u00ecnh n\u00e0y, b\u1ea1n \u0111ang: 1) gi\u1ea3m nhu c\u1ea7u khai th\u00e1c nguy\u00ean li\u1ec7u th\u00f4 v\u00e0, 2) m\u1ed7i \u0111\u00f4 la nh\u1eadn \u0111\u01b0\u1ee3c t\u1eeb ECO-CELL \u0111\u1ec1u \u0111\u01b0\u1ee3c chuy\u1ec3n tr\u1ef1c ti\u1ebfp \u0111\u1ebfn c\u00f4ng t\u00e1c b\u1ea3o t\u1ed3n lo\u00e0i kh\u1ec9 \u0111\u1ed9t th\u00f4ng qua D\u1ef1 \u00e1n Kh\u1ec9 \u0111\u1ed9t Mondika ho\u1eb7c Qu\u1ef9 Kh\u1ec9 \u0111\u1ed9t Dian Fossey.     <\/p>\n\n<h4 class=\"wp-block-heading\">Kho\u1ea3n n\u00e0y c\u00f3 \u0111\u01b0\u1ee3c kh\u1ea5u tr\u1eeb thu\u1ebf kh\u00f4ng?<\/h4>\n\n<p>\u0110\u00fang v\u1eady. Kho\u1ea3n quy\u00ean g\u00f3p tr\u1ef1c ti\u1ebfp t\u1eeb doanh nghi\u1ec7p ho\u1eb7c c\u00e1 nh\u00e2n cho s\u1edf th\u00fa \u0111\u01b0\u1ee3c coi l\u00e0 kho\u1ea3n \u0111\u01b0\u1ee3c kh\u1ea5u tr\u1eeb thu\u1ebf. V\u00ec s\u1edf th\u00fa kh\u00f4ng th\u1ec3 cung c\u1ea5p t\u01b0 v\u1ea5n thu\u1ebf, n\u00ean m\u1ed7i doanh nghi\u1ec7p \u0111\u01b0\u1ee3c y\u00eau c\u1ea7u t\u1ef1 x\u00e1c \u0111\u1ecbnh gi\u00e1 tr\u1ecb kho\u1ea3n quy\u00ean g\u00f3p c\u1ee7a m\u00ecnh.<br\/> Th\u01b0 thu\u1ebf b\u1ea1n nh\u1eadn \u0111\u01b0\u1ee3c s\u1ebd ghi \u201cC\u1ea3m \u01a1n b\u1ea1n \u0111\u00e3 quy\u00ean g\u00f3p ## \u0111i\u1ec7n tho\u1ea1i di \u0111\u1ed9ng\u201d. Doanh nghi\u1ec7p c\u1ee7a b\u1ea1n s\u1ebd v\u00e0 S\u1edf Thu\u1ebf v\u1ee5 (IRS) s\u1ebd c\u00f9ng x\u00e1c \u0111\u1ecbnh gi\u00e1 tr\u1ecb kho\u1ea3n quy\u00ean g\u00f3p n\u00e0y.     <\/p>\n\n<p><em>Ngo\u1ea1i l\u1ec7:<\/em> N\u1ebfu m\u1ed9t nh\u00e2n vi\u00ean t\u1eb7ng m\u1ed9t thi\u1ebft b\u1ecb \u0111i\u1ec7n t\u1eed c\u1ea7m tay cho b\u1ea1n (doanh nghi\u1ec7p), v\u00e0 doanh nghi\u1ec7p c\u1ee7a b\u1ea1n chuy\u1ec3n kho\u1ea3n quy\u00ean g\u00f3p \u0111\u00f3 cho s\u1edf th\u00fa, th\u00ec kho\u1ea3n quy\u00ean g\u00f3p \u0111\u00f3 kh\u00f4ng \u0111\u01b0\u1ee3c kh\u1ea5u tr\u1eeb thu\u1ebf \u0111\u1ed1i v\u1edbi nh\u00e2n vi\u00ean ban \u0111\u1ea7u v\u00ec kho\u1ea3n quy\u00ean g\u00f3p kh\u00f4ng \u0111\u01b0\u1ee3c th\u1ef1c hi\u1ec7n tr\u1ef1c ti\u1ebfp cho m\u1ed9t t\u1ed5 ch\u1ee9c phi l\u1ee3i nhu\u1eadn.<\/p>\n\n<h4 class=\"wp-block-heading\">T\u00f4i c\u00f3 th\u1ec3 m\u1edf r\u1ed9ng quy m\u00f4 n\u00e0y cho doanh nghi\u1ec7p c\u1ee7a m\u00ecnh nh\u01b0 th\u1ebf n\u00e0o?<\/h4>\n\n<p><strong>N\u1ebfu b\u1ea1n l\u00e0 c\u00e1 nh\u00e2n,<\/strong> b\u1ea1n c\u00f3 th\u1ec3 quy\u00ean g\u00f3p c\u00e1c thi\u1ebft b\u1ecb \u0111i\u1ec7n t\u1eed c\u1ee7a m\u00ecnh t\u1ea1i b\u1ea5t k\u1ef3 th\u00f9ng quy\u00ean g\u00f3p n\u00e0o trong ba th\u00f9ng \u0111\u1eb7t t\u1ea1i V\u01b0\u1eddn th\u00fa Woodland Park. C\u00f3 m\u1ed9t th\u00f9ng \u0111\u1eb7t b\u00ean ngo\u00e0i m\u1ed7i l\u1ed1i v\u00e0o v\u00e0 m\u1ed9t th\u00f9ng \u0111\u1eb7t g\u1ea7n khu v\u1ef1c sinh s\u1ed1ng c\u1ee7a kh\u1ec9 \u0111\u1ed9t b\u00ean trong v\u01b0\u1eddn th\u00fa. <\/p>\n\n<p><strong>N\u1ebfu b\u1ea1n l\u00e0 doanh nghi\u1ec7p nh\u1ecf,<\/strong> ch\u00fang t\u00f4i c\u00f3 th\u1ec3 s\u1eafp x\u1ebfp vi\u1ec7c thu gom c\u00e1c m\u1eb7t h\u00e0ng \u0111\u1ecbnh k\u1ef3 (c\u00f3 th\u1ec3 l\u00e0 h\u00e0ng qu\u00fd t\u00f9y thu\u1ed9c v\u00e0o quy m\u00f4 doanh nghi\u1ec7p v\u00e0 s\u1ed1 l\u01b0\u1ee3ng m\u1eb7t h\u00e0ng \u0111\u01b0\u1ee3c thu gom) v\u00e0 mang \u0111\u1ebfn s\u1edf th\u00fa \u0111\u1ec3 \u0111\u01b0a v\u00e0o l\u00f4 h\u00e0ng chung c\u1ee7a s\u1edf th\u00fa g\u1eedi \u0111\u1ebfn ECO-CELL. B\u1ea1n c\u00f3 th\u1ec3 \u0111\u00f3ng g\u00f3p c\u00e1c thi\u1ebft b\u1ecb \u0111i\u1ec7n t\u1eed c\u00e1 nh\u00e2n c\u1ee7a m\u00ecnh ho\u1eb7c \u0111\u1eb7t th\u00f9ng \u0111\u1ec3 kh\u00e1ch h\u00e0ng \u0111\u1ebfn thu gom. <\/p>\n\n<p><strong>N\u1ebfu b\u1ea1n l\u00e0 doanh nghi\u1ec7p l\u1edbn<\/strong> , ch\u00fang t\u00f4i c\u00f3 th\u1ec3 s\u1eafp x\u1ebfp \u0111\u1ec3 b\u1ea1n g\u1eedi tr\u1ef1c ti\u1ebfp c\u00e1c thi\u1ebft b\u1ecb \u0111i\u1ec7n t\u1eed c\u1ea7m tay c\u1ee7a m\u00ecnh \u0111\u1ebfn ECO-CELL thay m\u1eb7t cho V\u01b0\u1eddn th\u00fa Woodland Park. Chi ph\u00ed v\u1eadn chuy\u1ec3n s\u1ebd do ECO-CELL chi tr\u1ea3 v\u00e0 kho\u1ea3n ti\u1ec1n ho\u00e0n l\u1ea1i s\u1ebd \u0111\u01b0\u1ee3c chuy\u1ec3n tr\u1ef1c ti\u1ebfp cho v\u01b0\u1eddn th\u00fa \u0111\u1ec3 b\u1ea3o t\u1ed3n lo\u00e0i kh\u1ec9 \u0111\u1ed9t. Vui l\u00f2ng xem x\u00e9t vi\u1ec7c t\u00e1i ch\u1ebf \u0111i\u1ec7n tho\u1ea1i di \u0111\u1ed9ng do c\u00f4ng ty c\u1ea5p cho nh\u00e2n vi\u00ean khi ch\u00fang kh\u00f4ng c\u00f2n \u0111\u01b0\u1ee3c s\u1eed d\u1ee5ng n\u1eefa.  <\/p>\n\n<h4 class=\"wp-block-heading\">T\u00f4i c\u1ea7n c\u00e2n nh\u1eafc \u0111i\u1ec1u g\u00ec tr\u01b0\u1edbc khi quy\u00ean g\u00f3p?<\/h4>\n\n<p>C\u00f3 hai vi\u1ec7c c\u1ea7n l\u00e0m tr\u01b0\u1edbc khi quy\u00ean t\u1eb7ng c\u00e1c thi\u1ebft b\u1ecb \u0111i\u1ec7n t\u1eed c\u1ea7m tay, \u0111\u1eb7c bi\u1ec7t l\u00e0 \u0111i\u1ec7n tho\u1ea1i di \u0111\u1ed9ng. Th\u1ee9 nh\u1ea5t, h\u00e3y th\u00e1o th\u1ebb SIM ho\u1eb7c th\u1ebb nh\u1edb SD. Th\u1ee9 hai, h\u00e3y x\u00f3a s\u1ea1ch d\u1eef li\u1ec7u tr\u00ean \u0111i\u1ec7n tho\u1ea1i. ECO-CELL kh\u00f4ng x\u00f3a d\u1eef li\u1ec7u kh\u1ecfi \u0111i\u1ec7n tho\u1ea1i m\u00e0 h\u1ecd nh\u1eadn \u0111\u01b0\u1ee3c.   <\/p>\n\n<p>N\u1ebfu b\u1ea1n \u0111ang thu gom c\u00e1c thi\u1ebft b\u1ecb \u0111i\u1ec7n t\u1eed c\u1ea7m tay \u0111\u1ec3 quy\u00ean g\u00f3p cho s\u1edf th\u00fa, ho\u1eb7c g\u1eedi \u0111\u1ebfn ECO-CELL thay m\u1eb7t ch\u00fang t\u00f4i, b\u1ea1n n\u00ean \u0111\u1eb7t c\u00e1c th\u00f9ng thu gom \u1edf n\u01a1i an to\u00e0n v\u00e0 gi\u00e1m s\u00e1t ch\u00fang \u0111\u1ec3 tr\u00e1nh b\u1ecb tr\u1ed9m c\u1eafp.<\/p>\n\n<h4 class=\"wp-block-heading\">T\u00f4i c\u00f3 th\u1ec3 nh\u1eadn \u0111\u01b0\u1ee3c nhi\u1ec1u ti\u1ec1n h\u01a1n n\u1ebfu b\u00e1n l\u1ea1i ho\u1eb7c \u0111\u1ed5i \u0111i\u1ec7n tho\u1ea1i c\u1ee7a m\u00ecnh kh\u00f4ng?  <\/h4>\n\n<p>\u0110\u00fang v\u1eady. Nh\u01b0ng ngo\u00e0i vi\u1ec7c b\u1ea3o v\u1ec7 lo\u00e0i kh\u1ec9 \u0111\u1ed9t v\u00e0 m\u00f4i tr\u01b0\u1eddng s\u1ed1ng c\u1ee7a ch\u00fang, \u0111\u00e2y l\u00e0 m\u1ed9t v\u00e0i l\u00fd do t\u1ea1i sao chi\u1ebfc \u0111i\u1ec7n tho\u1ea1i t\u00e1i ch\u1ebf c\u1ee7a b\u1ea1n c\u00f3 th\u1ec3 t\u1ea1o ra t\u00e1c \u0111\u1ed9ng l\u1edbn h\u01a1n gi\u00e1 tr\u1ecb thu mua\/thu\u00ea: <\/p>\n\n<ul class=\"wp-block-list\">\n<li>C\u00e1c thi\u1ebft b\u1ecb \u0111i\u1ec7n t\u1eed c\u1ea7m tay bao g\u1ed3m nhi\u1ec1u kim lo\u1ea1i qu\u00fd, \u0111\u1ed3ng v\u00e0 nh\u1ef1a. T\u00e1i ch\u1ebf kh\u00f4ng ch\u1ec9 gi\u00fap b\u1ea3o t\u1ed3n c\u00e1c v\u1eadt li\u1ec7u n\u00e0y m\u00e0 c\u00f2n gi\u1ea3m l\u01b0\u1ee3ng kh\u00ed th\u1ea3i nh\u00e0 k\u00ednh ph\u00e1t sinh trong qu\u00e1 tr\u00ecnh s\u1ea3n xu\u1ea5t, khai th\u00e1c v\u00e0 ch\u1ebf bi\u1ebfn nguy\u00ean li\u1ec7u th\u00f4. <\/li>\n\n\n\n<li>Ch\u1ec9 c\u1ea7n t\u00e1i ch\u1ebf m\u1ed9t chi\u1ebfc \u0111i\u1ec7n tho\u1ea1i di \u0111\u1ed9ng c\u0169ng \u0111\u1ee7 ti\u1ebft ki\u1ec7m n\u0103ng l\u01b0\u1ee3ng \u0111\u1ec3 cung c\u1ea5p \u0111i\u1ec7n cho m\u1ed9t chi\u1ebfc m\u00e1y t\u00ednh x\u00e1ch tay trong 44 gi\u1edd.<\/li>\n\n\n\n<li>N\u1ebfu ch\u00fang ta t\u00e1i ch\u1ebf t\u1ea5t c\u1ea3 130 tri\u1ec7u chi\u1ebfc \u0111i\u1ec7n tho\u1ea1i di \u0111\u1ed9ng b\u1ecb v\u1ee9t b\u1ecf h\u00e0ng n\u0103m \u1edf M\u1ef9, ch\u00fang ta c\u00f3 th\u1ec3 ti\u1ebft ki\u1ec7m \u0111\u1ee7 n\u0103ng l\u01b0\u1ee3ng \u0111\u1ec3 cung c\u1ea5p \u0111i\u1ec7n cho h\u01a1n 24.000 ng\u00f4i nh\u00e0 trong m\u1ed9t n\u0103m.<\/li>\n\n\n\n<li>C\u1ee9 m\u1ed7i m\u1ed9t tri\u1ec7u \u0111i\u1ec7n tho\u1ea1i di \u0111\u1ed9ng \u0111\u01b0\u1ee3c t\u00e1i ch\u1ebf, ng\u01b0\u1eddi ta c\u00f3 th\u1ec3 thu h\u1ed3i \u0111\u01b0\u1ee3c nh\u1eefng ch\u1ea5t sau:\n<ul class=\"wp-block-list\">\n<li>75 pound v\u00e0ng<\/li>\n\n\n\n<li>772 pound b\u1ea1c<\/li>\n\n\n\n<li>33 pound palladium<\/li>\n\n\n\n<li>35.274 pound \u0111\u1ed3ng<\/li>\n\n\n\n<li>Thi\u1ebfc, k\u1ebdm v\u00e0 b\u1ea1ch kim c\u0169ng c\u00f3 th\u1ec3 \u0111\u01b0\u1ee3c t\u00e1i s\u1eed d\u1ee5ng.<\/li>\n<\/ul>\n<\/li>\n\n\n\n<li>\u0110i\u1ec7n tho\u1ea1i di \u0111\u1ed9ng v\u00e0 c\u00e1c thi\u1ebft b\u1ecb \u0111i\u1ec7n t\u1eed kh\u00e1c c\u0169ng ch\u1ee9a c\u00e1c ch\u1ea5t \u0111\u1ed9c h\u1ea1i nh\u01b0 ch\u00ec, th\u1ee7y ng\u00e2n, cadmium, arsenic v\u00e0 ch\u1ea5t ch\u1ed1ng ch\u00e1y brom h\u00f3a. N\u1ebfu b\u1ecb v\u1ee9t b\u1ecf v\u00e0o b\u00e3i r\u00e1c, nh\u1eefng ch\u1ea5t n\u00e0y c\u00f3 th\u1ec3 g\u00e2y \u00f4 nhi\u1ec5m kh\u00f4ng kh\u00ed, \u0111\u1ea5t v\u00e0 n\u01b0\u1edbc ng\u1ea7m. <\/li>\n<\/ul>\n","protected":false},"excerpt":{"rendered":"<p>T\u1ebf b\u00e0o sinh th\u00e1i T\u00e1i ch\u1ebf \u0111i\u1ec7n tho\u1ea1i di \u0111\u1ed9ng gi\u00fap c\u1ee9u lo\u00e0i kh\u1ec9 \u0111\u1ed9t! C\u00c2U H\u1eceI TH\u01af\u1edcNG G\u1eb6P C\u00e2u h\u1ecfi v\u00e0 c\u00e2u tr\u1ea3 l\u1eddi v\u1ec1 t\u00e1i ch\u1ebf ECO-CELL Ch\u01b0\u01a1ng [&hellip;]<\/p>\n","protected":false},"author":1,"featured_media":0,"parent":11776,"menu_order":0,"comment_status":"closed","ping_status":"closed","template":"","meta":{"_acf_changed":false,"_kad_blocks_custom_css":"","_kad_blocks_head_custom_js":"","_kad_blocks_body_custom_js":"","_kad_blocks_footer_custom_js":"","footnotes":""},"class_list":["post-11845","page","type-page","status-publish","hentry"],"blocksy_meta":[],"acf":[],"yoast_head":"<!-- This site is optimized with the Yoast SEO plugin v27.4 - https:\/\/yoast.com\/product\/yoast-seo-wordpress\/ -->\n<title>C\u00e2u h\u1ecfi th\u01b0\u1eddng g\u1eb7p v\u1ec1 Eco-CELL - V\u01b0\u1eddn th\u00fa Woodland Park<\/title>\n<meta name=\"robots\" content=\"index, follow, max-snippet:-1, max-image-preview:large, max-video-preview:-1\" \/>\n<link rel=\"canonical\" href=\"https:\/\/zoo.org\/vi\/vuon-thu-ben-vung\/cau-hoi-thuong-gap-ve-eco-cell\/\" \/>\n<meta property=\"og:locale\" content=\"vi_VN\" \/>\n<meta property=\"og:type\" content=\"article\" \/>\n<meta property=\"og:title\" content=\"C\u00e2u h\u1ecfi th\u01b0\u1eddng g\u1eb7p v\u1ec1 Eco-CELL - V\u01b0\u1eddn th\u00fa Woodland Park\" \/>\n<meta property=\"og:description\" content=\"T\u1ebf b\u00e0o sinh th\u00e1i T\u00e1i ch\u1ebf \u0111i\u1ec7n tho\u1ea1i di \u0111\u1ed9ng gi\u00fap c\u1ee9u lo\u00e0i kh\u1ec9 \u0111\u1ed9t! C\u00c2U H\u1eceI TH\u01af\u1edcNG G\u1eb6P C\u00e2u h\u1ecfi v\u00e0 c\u00e2u tr\u1ea3 l\u1eddi v\u1ec1 t\u00e1i ch\u1ebf ECO-CELL Ch\u01b0\u01a1ng [&hellip;]\" \/>\n<meta property=\"og:url\" content=\"https:\/\/zoo.org\/vi\/vuon-thu-ben-vung\/cau-hoi-thuong-gap-ve-eco-cell\/\" \/>\n<meta property=\"og:site_name\" content=\"V\u01b0\u1eddn th\u00fa Woodland Park\" \/>\n<meta property=\"article:modified_time\" content=\"2025-12-13T01:46:50+00:00\" \/>\n<meta property=\"og:image\" content=\"https:\/\/zoo.org\/wp-content\/uploads\/2025\/08\/Pond-Turtle-Header-Image3.jpg?wsr\" \/>\n\t<meta property=\"og:image:width\" content=\"1920\" \/>\n\t<meta property=\"og:image:height\" content=\"400\" \/>\n\t<meta property=\"og:image:type\" content=\"image\/jpeg\" \/>\n<meta name=\"twitter:card\" content=\"summary_large_image\" \/>\n<script type=\"application\/ld+json\" class=\"yoast-schema-graph\">{\"@context\":\"https:\\\/\\\/schema.org\",\"@graph\":[{\"@type\":\"WebPage\",\"@id\":\"https:\\\/\\\/zoo.org\\\/vi\\\/vuon-thu-ben-vung\\\/cau-hoi-thuong-gap-ve-eco-cell\\\/\",\"url\":\"https:\\\/\\\/zoo.org\\\/vi\\\/vuon-thu-ben-vung\\\/cau-hoi-thuong-gap-ve-eco-cell\\\/\",\"name\":\"C\u00e2u h\u1ecfi th\u01b0\u1eddng g\u1eb7p v\u1ec1 Eco-CELL - V\u01b0\u1eddn th\u00fa Woodland Park\",\"isPartOf\":{\"@id\":\"https:\\\/\\\/zoo.org\\\/vi\\\/#website\"},\"primaryImageOfPage\":{\"@id\":\"https:\\\/\\\/zoo.org\\\/vi\\\/vuon-thu-ben-vung\\\/cau-hoi-thuong-gap-ve-eco-cell\\\/#primaryimage\"},\"image\":{\"@id\":\"https:\\\/\\\/zoo.org\\\/vi\\\/vuon-thu-ben-vung\\\/cau-hoi-thuong-gap-ve-eco-cell\\\/#primaryimage\"},\"thumbnailUrl\":\"https:\\\/\\\/zoo.org\\\/wp-content\\\/uploads\\\/2025\\\/08\\\/Pond-Turtle-Header-Image3.jpg\",\"datePublished\":\"2025-09-12T23:07:36+00:00\",\"dateModified\":\"2025-12-13T01:46:50+00:00\",\"breadcrumb\":{\"@id\":\"https:\\\/\\\/zoo.org\\\/vi\\\/vuon-thu-ben-vung\\\/cau-hoi-thuong-gap-ve-eco-cell\\\/#breadcrumb\"},\"inLanguage\":\"vi\",\"potentialAction\":[{\"@type\":\"ReadAction\",\"target\":[\"https:\\\/\\\/zoo.org\\\/vi\\\/vuon-thu-ben-vung\\\/cau-hoi-thuong-gap-ve-eco-cell\\\/\"]}]},{\"@type\":\"ImageObject\",\"inLanguage\":\"vi\",\"@id\":\"https:\\\/\\\/zoo.org\\\/vi\\\/vuon-thu-ben-vung\\\/cau-hoi-thuong-gap-ve-eco-cell\\\/#primaryimage\",\"url\":\"https:\\\/\\\/zoo.org\\\/wp-content\\\/uploads\\\/2025\\\/08\\\/Pond-Turtle-Header-Image3.jpg\",\"contentUrl\":\"https:\\\/\\\/zoo.org\\\/wp-content\\\/uploads\\\/2025\\\/08\\\/Pond-Turtle-Header-Image3.jpg\"},{\"@type\":\"BreadcrumbList\",\"@id\":\"https:\\\/\\\/zoo.org\\\/vi\\\/vuon-thu-ben-vung\\\/cau-hoi-thuong-gap-ve-eco-cell\\\/#breadcrumb\",\"itemListElement\":[{\"@type\":\"ListItem\",\"position\":1,\"name\":\"Trang ch\u1ee7\",\"item\":\"https:\\\/\\\/zoo.org\\\/vi\\\/\"},{\"@type\":\"ListItem\",\"position\":2,\"name\":\"V\u01b0\u1eddn th\u00fa b\u1ec1n v\u1eefng\",\"item\":\"https:\\\/\\\/zoo.org\\\/vi\\\/vuon-thu-ben-vung\\\/\"},{\"@type\":\"ListItem\",\"position\":3,\"name\":\"C\u00e2u h\u1ecfi th\u01b0\u1eddng g\u1eb7p v\u1ec1 Eco-CELL\"}]},{\"@type\":\"WebSite\",\"@id\":\"https:\\\/\\\/zoo.org\\\/vi\\\/#website\",\"url\":\"https:\\\/\\\/zoo.org\\\/vi\\\/\",\"name\":\"V\u01b0\u1eddn th\u00fa Woodland Park\",\"description\":\"V\u01b0\u1eddn th\u00fa Woodland Park c\u1ee9u s\u1ed1ng \u0111\u1ed9ng v\u1eadt hoang d\u00e3 v\u00e0 truy\u1ec1n c\u1ea3m h\u1ee9ng cho m\u1ecdi ng\u01b0\u1eddi coi b\u1ea3o t\u1ed3n l\u00e0 \u01b0u ti\u00ean h\u00e0ng \u0111\u1ea7u trong cu\u1ed9c s\u1ed1ng c\u1ee7a m\u00ecnh.\",\"publisher\":{\"@id\":\"https:\\\/\\\/zoo.org\\\/vi\\\/#organization\"},\"potentialAction\":[{\"@type\":\"SearchAction\",\"target\":{\"@type\":\"EntryPoint\",\"urlTemplate\":\"https:\\\/\\\/zoo.org\\\/vi\\\/?s={search_term_string}\"},\"query-input\":{\"@type\":\"PropertyValueSpecification\",\"valueRequired\":true,\"valueName\":\"search_term_string\"}}],\"inLanguage\":\"vi\"},{\"@type\":\"Organization\",\"@id\":\"https:\\\/\\\/zoo.org\\\/vi\\\/#organization\",\"name\":\"V\u01b0\u1eddn th\u00fa Woodland Park\",\"url\":\"https:\\\/\\\/zoo.org\\\/vi\\\/\",\"logo\":{\"@type\":\"ImageObject\",\"inLanguage\":\"vi\",\"@id\":\"https:\\\/\\\/zoo.org\\\/vi\\\/#\\\/schema\\\/logo\\\/image\\\/\",\"url\":\"https:\\\/\\\/zoo.org\\\/wp-content\\\/uploads\\\/2026\\\/01\\\/WPZ-Logo_white-SVG.svg?wsr\",\"contentUrl\":\"https:\\\/\\\/zoo.org\\\/wp-content\\\/uploads\\\/2026\\\/01\\\/WPZ-Logo_white-SVG.svg?wsr\",\"width\":288,\"height\":282,\"caption\":\"V\u01b0\u1eddn th\u00fa Woodland Park\"},\"image\":{\"@id\":\"https:\\\/\\\/zoo.org\\\/vi\\\/#\\\/schema\\\/logo\\\/image\\\/\"}}]}<\/script>\n<!-- \/ Yoast SEO plugin. -->","yoast_head_json":{"title":"C\u00e2u h\u1ecfi th\u01b0\u1eddng g\u1eb7p v\u1ec1 Eco-CELL - V\u01b0\u1eddn th\u00fa Woodland Park","robots":{"index":"index","follow":"follow","max-snippet":"max-snippet:-1","max-image-preview":"max-image-preview:large","max-video-preview":"max-video-preview:-1"},"canonical":"https:\/\/zoo.org\/vi\/vuon-thu-ben-vung\/cau-hoi-thuong-gap-ve-eco-cell\/","og_locale":"vi_VN","og_type":"article","og_title":"C\u00e2u h\u1ecfi th\u01b0\u1eddng g\u1eb7p v\u1ec1 Eco-CELL - V\u01b0\u1eddn th\u00fa Woodland Park","og_description":"T\u1ebf b\u00e0o sinh th\u00e1i T\u00e1i ch\u1ebf \u0111i\u1ec7n tho\u1ea1i di \u0111\u1ed9ng gi\u00fap c\u1ee9u lo\u00e0i kh\u1ec9 \u0111\u1ed9t! C\u00c2U H\u1eceI TH\u01af\u1edcNG G\u1eb6P C\u00e2u h\u1ecfi v\u00e0 c\u00e2u tr\u1ea3 l\u1eddi v\u1ec1 t\u00e1i ch\u1ebf ECO-CELL Ch\u01b0\u01a1ng [&hellip;]","og_url":"https:\/\/zoo.org\/vi\/vuon-thu-ben-vung\/cau-hoi-thuong-gap-ve-eco-cell\/","og_site_name":"V\u01b0\u1eddn th\u00fa Woodland Park","article_modified_time":"2025-12-13T01:46:50+00:00","og_image":[{"width":1920,"height":400,"url":"https:\/\/zoo.org\/wp-content\/uploads\/2025\/08\/Pond-Turtle-Header-Image3.jpg?wsr","type":"image\/jpeg"}],"twitter_card":"summary_large_image","schema":{"@context":"https:\/\/schema.org","@graph":[{"@type":"WebPage","@id":"https:\/\/zoo.org\/vi\/vuon-thu-ben-vung\/cau-hoi-thuong-gap-ve-eco-cell\/","url":"https:\/\/zoo.org\/vi\/vuon-thu-ben-vung\/cau-hoi-thuong-gap-ve-eco-cell\/","name":"C\u00e2u h\u1ecfi th\u01b0\u1eddng g\u1eb7p v\u1ec1 Eco-CELL - V\u01b0\u1eddn th\u00fa Woodland Park","isPartOf":{"@id":"https:\/\/zoo.org\/vi\/#website"},"primaryImageOfPage":{"@id":"https:\/\/zoo.org\/vi\/vuon-thu-ben-vung\/cau-hoi-thuong-gap-ve-eco-cell\/#primaryimage"},"image":{"@id":"https:\/\/zoo.org\/vi\/vuon-thu-ben-vung\/cau-hoi-thuong-gap-ve-eco-cell\/#primaryimage"},"thumbnailUrl":"https:\/\/zoo.org\/wp-content\/uploads\/2025\/08\/Pond-Turtle-Header-Image3.jpg","datePublished":"2025-09-12T23:07:36+00:00","dateModified":"2025-12-13T01:46:50+00:00","breadcrumb":{"@id":"https:\/\/zoo.org\/vi\/vuon-thu-ben-vung\/cau-hoi-thuong-gap-ve-eco-cell\/#breadcrumb"},"inLanguage":"vi","potentialAction":[{"@type":"ReadAction","target":["https:\/\/zoo.org\/vi\/vuon-thu-ben-vung\/cau-hoi-thuong-gap-ve-eco-cell\/"]}]},{"@type":"ImageObject","inLanguage":"vi","@id":"https:\/\/zoo.org\/vi\/vuon-thu-ben-vung\/cau-hoi-thuong-gap-ve-eco-cell\/#primaryimage","url":"https:\/\/zoo.org\/wp-content\/uploads\/2025\/08\/Pond-Turtle-Header-Image3.jpg","contentUrl":"https:\/\/zoo.org\/wp-content\/uploads\/2025\/08\/Pond-Turtle-Header-Image3.jpg"},{"@type":"BreadcrumbList","@id":"https:\/\/zoo.org\/vi\/vuon-thu-ben-vung\/cau-hoi-thuong-gap-ve-eco-cell\/#breadcrumb","itemListElement":[{"@type":"ListItem","position":1,"name":"Trang ch\u1ee7","item":"https:\/\/zoo.org\/vi\/"},{"@type":"ListItem","position":2,"name":"V\u01b0\u1eddn th\u00fa b\u1ec1n v\u1eefng","item":"https:\/\/zoo.org\/vi\/vuon-thu-ben-vung\/"},{"@type":"ListItem","position":3,"name":"C\u00e2u h\u1ecfi th\u01b0\u1eddng g\u1eb7p v\u1ec1 Eco-CELL"}]},{"@type":"WebSite","@id":"https:\/\/zoo.org\/vi\/#website","url":"https:\/\/zoo.org\/vi\/","name":"V\u01b0\u1eddn th\u00fa Woodland Park","description":"V\u01b0\u1eddn th\u00fa Woodland Park c\u1ee9u s\u1ed1ng \u0111\u1ed9ng v\u1eadt hoang d\u00e3 v\u00e0 truy\u1ec1n c\u1ea3m h\u1ee9ng cho m\u1ecdi ng\u01b0\u1eddi coi b\u1ea3o t\u1ed3n l\u00e0 \u01b0u ti\u00ean h\u00e0ng \u0111\u1ea7u trong cu\u1ed9c s\u1ed1ng c\u1ee7a m\u00ecnh.","publisher":{"@id":"https:\/\/zoo.org\/vi\/#organization"},"potentialAction":[{"@type":"SearchAction","target":{"@type":"EntryPoint","urlTemplate":"https:\/\/zoo.org\/vi\/?s={search_term_string}"},"query-input":{"@type":"PropertyValueSpecification","valueRequired":true,"valueName":"search_term_string"}}],"inLanguage":"vi"},{"@type":"Organization","@id":"https:\/\/zoo.org\/vi\/#organization","name":"V\u01b0\u1eddn th\u00fa Woodland Park","url":"https:\/\/zoo.org\/vi\/","logo":{"@type":"ImageObject","inLanguage":"vi","@id":"https:\/\/zoo.org\/vi\/#\/schema\/logo\/image\/","url":"https:\/\/zoo.org\/wp-content\/uploads\/2026\/01\/WPZ-Logo_white-SVG.svg?wsr","contentUrl":"https:\/\/zoo.org\/wp-content\/uploads\/2026\/01\/WPZ-Logo_white-SVG.svg?wsr","width":288,"height":282,"caption":"V\u01b0\u1eddn th\u00fa Woodland Park"},"image":{"@id":"https:\/\/zoo.org\/vi\/#\/schema\/logo\/image\/"}}]}},"taxonomy_info":[],"featured_image_src_large":false,"author_info":{"display_name":"jloughlin","author_link":"https:\/\/zoo.org\/vi\/author\/jloughlin\/"},"comment_info":0,"_links":{"self":[{"href":"https:\/\/zoo.org\/vi\/wp-json\/wp\/v2\/pages\/11845","targetHints":{"allow":["GET"]}}],"collection":[{"href":"https:\/\/zoo.org\/vi\/wp-json\/wp\/v2\/pages"}],"about":[{"href":"https:\/\/zoo.org\/vi\/wp-json\/wp\/v2\/types\/page"}],"author":[{"embeddable":true,"href":"https:\/\/zoo.org\/vi\/wp-json\/wp\/v2\/users\/1"}],"replies":[{"embeddable":true,"href":"https:\/\/zoo.org\/vi\/wp-json\/wp\/v2\/comments?post=11845"}],"version-history":[{"count":0,"href":"https:\/\/zoo.org\/vi\/wp-json\/wp\/v2\/pages\/11845\/revisions"}],"up":[{"embeddable":true,"href":"https:\/\/zoo.org\/vi\/wp-json\/wp\/v2\/pages\/11776"}],"wp:attachment":[{"href":"https:\/\/zoo.org\/vi\/wp-json\/wp\/v2\/media?parent=11845"}],"curies":[{"name":"wp","href":"https:\/\/api.w.org\/{rel}","templated":true}]}}