{"id":12093,"date":"2025-05-16T22:04:38","date_gmt":"2025-05-17T05:04:38","guid":{"rendered":"https:\/\/zoo.org\/tiec-rung-xanh\/"},"modified":"2026-02-27T14:04:55","modified_gmt":"2026-02-27T22:04:55","slug":"tiec-rung-xanh","status":"publish","type":"page","link":"https:\/\/zoo.org\/vi\/tiec-rung-xanh\/","title":{"rendered":"Ti\u1ec7c r\u1eebng xanh"},"content":{"rendered":"\n<div class=\"wp-block-cover alignfull is-light hero\" style=\"margin-top:0;margin-bottom:0\"><img loading=\"lazy\" decoding=\"async\" width=\"1920\" height=\"400\" class=\"wp-block-cover__image-background wp-image-20021 size-full\" alt=\"Three stylized gold and black animal illustrations\u2014a bird, a leopard, and a howling wolf\u2014are set against textured marbled and abstract backgrounds with gold accents.\" src=\"https:\/\/zoo.org\/wp-content\/uploads\/2026\/02\/JP26_WebBanner_1920x400-web.jpg\" data-object-fit=\"cover\" srcset=\"https:\/\/zoo.org\/wp-content\/uploads\/2026\/02\/JP26_WebBanner_1920x400-web.jpg 1920w, https:\/\/zoo.org\/wp-content\/uploads\/2026\/02\/JP26_WebBanner_1920x400-web-300x63.jpg 300w, https:\/\/zoo.org\/wp-content\/uploads\/2026\/02\/JP26_WebBanner_1920x400-web-1024x213.jpg 1024w, https:\/\/zoo.org\/wp-content\/uploads\/2026\/02\/JP26_WebBanner_1920x400-web-150x31.jpg 150w, https:\/\/zoo.org\/wp-content\/uploads\/2026\/02\/JP26_WebBanner_1920x400-web-768x160.jpg 768w, https:\/\/zoo.org\/wp-content\/uploads\/2026\/02\/JP26_WebBanner_1920x400-web-1536x320.jpg 1536w\" sizes=\"auto, (max-width: 1920px) 100vw, 1920px\" \/><span aria-hidden=\"true\" class=\"wp-block-cover__background has-background-dim-0 has-background-dim\" style=\"background-color:#d1ccc6\"><\/span><div class=\"wp-block-cover__inner-container is-layout-constrained wp-block-cover-is-layout-constrained\">\n<p class=\"has-text-align-center has-large-font-size\"><\/p>\n<\/div><\/div>\n\n<div class=\"wp-block-group is-layout-constrained wp-block-group-is-layout-constrained\" style=\"margin-top:2em;margin-bottom:3em\">\n<h1 class=\"wp-block-heading has-text-align-center\" style=\"margin-top:0.65em;margin-bottom:0.275em\">TI\u1ec6C R\u1eeaNG<\/h1>\n\n\n\n<p class=\"has-text-align-center has-palette-color-3-color has-text-color has-link-color wp-elements-a6bbc395a9907627362038372d522695\" style=\"margin-bottom:1em;font-size:clamp(0.984em, 0.984rem + ((1vw - 0.2em) * 0.645), 1.5em);font-style:normal;font-weight:500;line-height:1.5\"><strong><strong>Ti\u1ebfng v\u1ecdng c\u1ee7a thi\u00ean nhi\u00ean hoang d\u00e3<\/strong><\/strong><br\/> H\u00e3y tham gia c\u00f9ng ch\u00fang t\u00f4i trong s\u1ef1 ki\u1ec7n k\u1ef7 ni\u1ec7m 50 n\u0103m!<\/p>\n\n\n\n<p class=\"has-text-align-center has-palette-color-3-color has-text-color has-link-color wp-elements-318bf72a7397d28cf004024bea958b5d\" style=\"margin-bottom:1em;font-size:clamp(0.984em, 0.984rem + ((1vw - 0.2em) * 0.645), 1.5em);line-height:1.5\">Th\u1ee9 S\u00e1u, ng\u00e0y 10 th\u00e1ng 7 n\u0103m 2026<br\/> Khu \u0111\u1ed3ng c\u1ecf ph\u00eda B\u1eafc c\u1ee7a V\u01b0\u1eddn th\u00fa Woodland Park<\/p>\n<\/div>\n\n<div class=\"wp-block-group alignfull divider is-layout-constrained wp-block-group-is-layout-constrained\">\n<h2 class=\"wp-block-heading alignfull has-text-align-center\">TH\u00d4NG TIN V\u1ec0 S\u1ef0 KI\u1ec6N<\/h2>\n<\/div>\n\n<div class=\"wp-block-buttons is-content-justification-center is-layout-flex wp-container-core-buttons-is-layout-d234f690 wp-block-buttons-is-layout-flex\" style=\"margin-top:var(--wp--preset--spacing--50);margin-bottom:var(--wp--preset--spacing--50)\">\n<div class=\"wp-block-button\"><a class=\"wp-block-button__link wp-element-button\" href=\"https:\/\/my.onecause.com\/event\/organizations\/d2bf47f1-3840-484b-9f91-b415e9fce712\/events\/vevt:dfba3934-7f55-4341-9c72-1fa48a9b99e6\/home\/story\" target=\"_blank\" rel=\"noreferrer noopener\">Mua v\u00e9 ngay h\u00f4m nay!<\/a><\/div>\n<\/div>\n\n<h4 class=\"wp-block-heading has-text-align-center\">Gh\u1ebf<\/h4>\n\n<p class=\"has-text-align-center\">Mary Blodgett, Rick v\u00e0 Monica Rasmussen, Jill Walker<\/p>\n\n<h4 class=\"wp-block-heading has-text-align-center\">Ch\u1ee7 t\u1ecbch danh d\u1ef1<\/h4>\n\n<p class=\"has-text-align-center\">Kyle MacLachlan<\/p>\n\n<h3 class=\"wp-block-heading\">H\u00e3y c\u00f9ng tham gia Jungle Party 2026: Ti\u1ebfng v\u1ecdng c\u1ee7a thi\u00ean nhi\u00ean hoang d\u00e3!<\/h3>\n\n<p>H\u00e3y c\u00f9ng ch\u00fang t\u00f4i tham gia l\u1ec5 k\u1ef7 ni\u1ec7m 50 n\u0103m Jungle Party v\u00e0o ng\u00e0y 10 th\u00e1ng 7 n\u0103m 2026! Ch\u1ee7 \u0111\u1ec1 n\u0103m nay l\u00e0 <strong>&#8220;Ti\u1ebfng n\u00f3i c\u1ee7a thi\u00ean nhi\u00ean hoang d\u00e3&#8221;<\/strong> , nh\u1ea5n m\u1ea1nh tr\u00e1ch nhi\u1ec7m c\u1ee7a ch\u00fang ta v\u1edbi t\u01b0 c\u00e1ch l\u00e0 ti\u1ebfng n\u00f3i b\u1ea3o v\u1ec7 \u0111\u1ed9ng v\u1eadt hoang d\u00e3 v\u00e0 th\u1eeba nh\u1eadn r\u1eb1ng con ng\u01b0\u1eddi c\u00f3 s\u1ee9c m\u1ea1nh t\u1ea1o ra nh\u1eefng thay \u0111\u1ed5i b\u1ec1n v\u1eefng trong c\u00f4ng t\u00e1c b\u1ea3o t\u1ed3n. <\/p>\n\n<p>Ti\u1ec7c R\u1eebng xanh n\u0103m nay s\u1ebd c\u00f3 \u0111\u1ea5u gi\u00e1 tr\u1ef1c ti\u1ebfp v\u00e0 \u0111\u1ea5u gi\u00e1 k\u00edn, b\u1eefa t\u1ed1i th\u1ecbnh so\u1ea1n, qu\u1ea7y bar ph\u1ee5c v\u1ee5 \u0111\u1ed3 u\u1ed1ng, c\u00e1c m\u00f3n \u0103n nh\u1eb9 tinh t\u1ebf v\u00e0 r\u01b0\u1ee3u vang h\u1ea3o h\u1ea1ng c\u1ee7a Washington do c\u00e1c \u0111\u1ea7u b\u1ebfp v\u00e0 nh\u00e0 s\u1ea3n xu\u1ea5t r\u01b0\u1ee3u vang n\u1ed5i ti\u1ebfng \u0111\u1ecba ph\u01b0\u01a1ng ph\u1ee5c v\u1ee5, c\u01a1 h\u1ed9i ti\u1ebfp x\u00fac g\u1ea7n g\u0169i v\u1edbi \u0111\u1ed9ng v\u1eadt v\u00e0 nhi\u1ec1u ho\u1ea1t \u0111\u1ed9ng kh\u00e1c.<\/p>\n\n<p>M\u1ee5c ti\u00eau g\u00e2y qu\u1ef9 n\u0103m 2026 l\u00e0 2,1 tri\u1ec7u \u0111\u00f4 la, v\u00e0 s\u1ef1 h\u1ed7 tr\u1ee3 t\u1eeb thi\u1ec7n kh\u00f4ng ch\u1ec9 d\u00e0nh cho \u0111\u1ed9ng v\u1eadt m\u00e0 c\u00f2n gi\u00fap s\u1edf th\u00fa cung c\u1ea5p c\u00e1c ho\u1ea1t \u0111\u1ed9ng vui ch\u01a1i v\u00e0 h\u1ecdc t\u1eadp trong thi\u00ean nhi\u00ean cho m\u1ecdi l\u1ee9a tu\u1ed5i, duy tr\u00ec v\u00e0 x\u00e2y d\u1ef1ng c\u00e1c ch\u01b0\u01a1ng tr\u00ecnh ph\u00e1t tri\u1ec3n b\u1ec1n v\u1eefng \u0111\u1eb3ng c\u1ea5p th\u1ebf gi\u1edbi, v\u00e0 cung c\u1ea5p m\u1ed9t trong nh\u1eefng ch\u01b0\u01a1ng tr\u00ecnh ti\u1ebfp c\u1eadn c\u1ed9ng \u0111\u1ed3ng l\u1edbn nh\u1ea5t trong khu v\u1ef1c \u0111\u1ec3 \u0111\u1ea3m b\u1ea3o t\u00ednh d\u1ec5 ti\u1ebfp c\u1eadn v\u00e0 h\u00f2a nh\u1eadp cho ng\u01b0\u1eddi d\u00e2n v\u00e0 gia \u0111\u00ecnh trong c\u1ed9ng \u0111\u1ed3ng c\u1ee7a ch\u00fang ta.<\/p>\n\n<p>H\u00e3y c\u00f9ng tham gia v\u1edbi ch\u00fang t\u00f4i v\u00e0o ng\u00e0y 10 th\u00e1ng 7 \u0111\u1ec3 t\u1eadn h\u01b0\u1edfng b\u1eefa ti\u1ec7c m\u00f9a h\u00e8 s\u00f4i \u0111\u1ed9ng nh\u1ea5t Seattle! C\u00f9ng nhau, ch\u00fang ta s\u1ebd t\u00f4n vinh nh\u1eefng c\u1ed9t m\u1ed1c quan tr\u1ecdng trong vi\u1ec7c b\u1ea3o t\u1ed3n c\u00e1c lo\u00e0i \u0111\u1ed9ng v\u1eadt trong n\u0103m th\u1eadp k\u1ef7 qua v\u00e0 l\u00ean ti\u1ebfng m\u1ea1nh m\u1ebd h\u01a1n n\u1eefa v\u00ec \u0111\u1ed9ng v\u1eadt hoang d\u00e3 v\u00e0 nh\u1eefng v\u00f9ng \u0111\u1ea5t hoang d\u00e3 \u0111ang c\u1ea7n ch\u00fang ta ng\u00e0y h\u00f4m nay. <\/p>\n<style>.kb-row-layout-id1218_e9ffc0-3b > .kt-row-column-wrap{align-content:start;}:where(.kb-row-layout-id1218_e9ffc0-3b > .kt-row-column-wrap) > .wp-block-kadence-column{justify-content:start;}.kb-row-layout-id1218_e9ffc0-3b > .kt-row-column-wrap{column-gap:var(--global-kb-gap-md, 2rem);row-gap:var(--global-kb-gap-md, 2rem);padding-top:var(--global-kb-spacing-sm, 1.5rem);padding-bottom:var(--global-kb-spacing-sm, 1.5rem);}.kb-row-layout-id1218_e9ffc0-3b > .kt-row-column-wrap > div:not(.added-for-specificity){grid-column:initial;}.kb-row-layout-id1218_e9ffc0-3b > .kt-row-column-wrap{grid-template-columns:repeat(3, minmax(0, 1fr));}.kb-row-layout-id1218_e9ffc0-3b > .kt-row-layout-overlay{opacity:0.30;}@media all and (max-width: 1024px){.kb-row-layout-id1218_e9ffc0-3b > .kt-row-column-wrap > div:not(.added-for-specificity){grid-column:initial;}}@media all and (max-width: 1024px){.kb-row-layout-id1218_e9ffc0-3b > .kt-row-column-wrap{grid-template-columns:repeat(3, minmax(0, 1fr));}}@media all and (max-width: 767px){.kb-row-layout-id1218_e9ffc0-3b > .kt-row-column-wrap > div:not(.added-for-specificity){grid-column:initial;}.kb-row-layout-id1218_e9ffc0-3b > .kt-row-column-wrap{grid-template-columns:minmax(0, 1fr);}}<\/style><div class=\"kb-row-layout-wrap kb-row-layout-id1218_e9ffc0-3b alignnone wp-block-kadence-rowlayout\"><div class=\"kt-row-column-wrap kt-has-3-columns kt-row-layout-equal kt-tab-layout-inherit kt-mobile-layout-row kt-row-valign-top\">\n<style>.kadence-column1218_7a23a2-3a > .kt-inside-inner-col,.kadence-column1218_7a23a2-3a > .kt-inside-inner-col:before{border-top-left-radius:0px;border-top-right-radius:0px;border-bottom-right-radius:0px;border-bottom-left-radius:0px;}.kadence-column1218_7a23a2-3a > .kt-inside-inner-col{column-gap:var(--global-kb-gap-sm, 1rem);}.kadence-column1218_7a23a2-3a > .kt-inside-inner-col{flex-direction:column;}.kadence-column1218_7a23a2-3a > .kt-inside-inner-col > .aligncenter{width:100%;}.kadence-column1218_7a23a2-3a > .kt-inside-inner-col:before{opacity:0.3;}.kadence-column1218_7a23a2-3a{position:relative;}@media all and (max-width: 1024px){.kadence-column1218_7a23a2-3a > .kt-inside-inner-col{flex-direction:column;justify-content:center;}}@media all and (max-width: 767px){.kadence-column1218_7a23a2-3a > .kt-inside-inner-col{flex-direction:column;justify-content:center;}}<\/style>\n<div class=\"wp-block-kadence-column kadence-column1218_7a23a2-3a\"><div class=\"kt-inside-inner-col\"><style>.kb-image1218_d744e2-d4 .kb-image-has-overlay:after{opacity:0.3;}<\/style>\n<figure class=\"wp-block-kadence-image kb-image1218_d744e2-d4 size-full\"><img loading=\"lazy\" decoding=\"async\" width=\"800\" height=\"533\" src=\"https:\/\/zoo.org\/wp-content\/uploads\/2025\/10\/Jungle-Party-2024-12-web.jpg\" alt=\"\" class=\"kb-img wp-image-6373\" srcset=\"https:\/\/zoo.org\/wp-content\/uploads\/2025\/10\/Jungle-Party-2024-12-web.jpg 800w, https:\/\/zoo.org\/wp-content\/uploads\/2025\/10\/Jungle-Party-2024-12-web-300x200.jpg 300w, https:\/\/zoo.org\/wp-content\/uploads\/2025\/10\/Jungle-Party-2024-12-web-768x512.jpg 768w\" sizes=\"auto, (max-width: 800px) 100vw, 800px\" \/><\/figure>\n<\/div><\/div>\n\n\n<style>.kadence-column1218_400e52-ea > .kt-inside-inner-col,.kadence-column1218_400e52-ea > .kt-inside-inner-col:before{border-top-left-radius:0px;border-top-right-radius:0px;border-bottom-right-radius:0px;border-bottom-left-radius:0px;}.kadence-column1218_400e52-ea > .kt-inside-inner-col{column-gap:var(--global-kb-gap-sm, 1rem);}.kadence-column1218_400e52-ea > .kt-inside-inner-col{flex-direction:column;}.kadence-column1218_400e52-ea > .kt-inside-inner-col > .aligncenter{width:100%;}.kadence-column1218_400e52-ea > .kt-inside-inner-col:before{opacity:0.3;}.kadence-column1218_400e52-ea{position:relative;}@media all and (max-width: 1024px){.kadence-column1218_400e52-ea > .kt-inside-inner-col{flex-direction:column;justify-content:center;}}@media all and (max-width: 767px){.kadence-column1218_400e52-ea > .kt-inside-inner-col{flex-direction:column;justify-content:center;}}<\/style>\n<div class=\"wp-block-kadence-column kadence-column1218_400e52-ea\"><div class=\"kt-inside-inner-col\"><style>.kb-image1218_987615-6d .kb-image-has-overlay:after{opacity:0.3;}<\/style>\n<figure class=\"wp-block-kadence-image kb-image1218_987615-6d size-full\"><img loading=\"lazy\" decoding=\"async\" width=\"800\" height=\"533\" src=\"https:\/\/zoo.org\/wp-content\/uploads\/2025\/10\/Jungle-Party-2024-26-web.jpg\" alt=\"\" class=\"kb-img wp-image-6374\" srcset=\"https:\/\/zoo.org\/wp-content\/uploads\/2025\/10\/Jungle-Party-2024-26-web.jpg 800w, https:\/\/zoo.org\/wp-content\/uploads\/2025\/10\/Jungle-Party-2024-26-web-300x200.jpg 300w, https:\/\/zoo.org\/wp-content\/uploads\/2025\/10\/Jungle-Party-2024-26-web-768x512.jpg 768w\" sizes=\"auto, (max-width: 800px) 100vw, 800px\" \/><\/figure>\n<\/div><\/div>\n\n\n<style>.kadence-column1218_dcb2b2-37 > .kt-inside-inner-col,.kadence-column1218_dcb2b2-37 > .kt-inside-inner-col:before{border-top-left-radius:0px;border-top-right-radius:0px;border-bottom-right-radius:0px;border-bottom-left-radius:0px;}.kadence-column1218_dcb2b2-37 > .kt-inside-inner-col{column-gap:var(--global-kb-gap-sm, 1rem);}.kadence-column1218_dcb2b2-37 > .kt-inside-inner-col{flex-direction:column;}.kadence-column1218_dcb2b2-37 > .kt-inside-inner-col > .aligncenter{width:100%;}.kadence-column1218_dcb2b2-37 > .kt-inside-inner-col:before{opacity:0.3;}.kadence-column1218_dcb2b2-37{position:relative;}@media all and (max-width: 1024px){.kadence-column1218_dcb2b2-37 > .kt-inside-inner-col{flex-direction:column;justify-content:center;}}@media all and (max-width: 767px){.kadence-column1218_dcb2b2-37 > .kt-inside-inner-col{flex-direction:column;justify-content:center;}}<\/style>\n<div class=\"wp-block-kadence-column kadence-column1218_dcb2b2-37\"><div class=\"kt-inside-inner-col\"><style>.kb-image1218_61eab4-4b .kb-image-has-overlay:after{opacity:0.3;}<\/style>\n<figure class=\"wp-block-kadence-image kb-image1218_61eab4-4b size-full\"><img loading=\"lazy\" decoding=\"async\" width=\"800\" height=\"533\" src=\"https:\/\/zoo.org\/wp-content\/uploads\/2025\/10\/Jungle-Party-2024-27-web.jpg\" alt=\"\" class=\"kb-img wp-image-6375\" srcset=\"https:\/\/zoo.org\/wp-content\/uploads\/2025\/10\/Jungle-Party-2024-27-web.jpg 800w, https:\/\/zoo.org\/wp-content\/uploads\/2025\/10\/Jungle-Party-2024-27-web-300x200.jpg 300w, https:\/\/zoo.org\/wp-content\/uploads\/2025\/10\/Jungle-Party-2024-27-web-768x512.jpg 768w\" sizes=\"auto, (max-width: 800px) 100vw, 800px\" \/><\/figure>\n<\/div><\/div>\n\n<\/div><\/div>\n<h3 class=\"wp-block-heading\">C\u00f3 c\u00e2u h\u1ecfi g\u00ec kh\u00f4ng?<\/h3>\n\n<p>Vui l\u00f2ng li\u00ean h\u1ec7 v\u1edbi Madeleine Harris qua \u0111\u1ecba ch\u1ec9 <a href=\"mailto:jungle.party@zoo.org\">email jungle.party@zoo.org<\/a> ho\u1eb7c s\u1ed1 \u0111i\u1ec7n tho\u1ea1i 206-548-2422.<\/p>\n\n<p>\u0110\u1ec3 bi\u1ebft th\u00eam th\u00f4ng tin v\u1ec1 c\u00e1c c\u01a1 h\u1ed9i t\u00e0i tr\u1ee3, vui l\u00f2ng li\u00ean h\u1ec7 v\u1edbi Susan Bell, C\u00e1n b\u1ed9 ph\u1ee5 tr\u00e1ch Quan h\u1ec7 Doanh nghi\u1ec7p t\u1ea1i <a href=\"mailto:Susan.Bell@zoo.org\">Susan.Bell@zoo.org<\/a> ho\u1eb7c 206.548.2439.<\/p>\n\n<div class=\"wp-block-group alignfull divider is-layout-constrained wp-block-group-is-layout-constrained\">\n<h2 class=\"wp-block-heading alignfull has-text-align-center\">NH\u00c0 T\u00c0I TR\u1ee2<\/h2>\n<\/div>\n<style>.kb-image1218_779369-40 .kb-image-has-overlay:after{opacity:0.3;}<\/style>\n<div class=\"wp-block-kadence-image kb-image1218_779369-40\"><figure class=\"aligncenter size-full\"><img loading=\"lazy\" decoding=\"async\" width=\"792\" height=\"678\" src=\"https:\/\/zoo.org\/wp-content\/uploads\/2026\/02\/JP-Sponsor-Block-2-20-2026.jpg\" alt=\"Sponsor recognition image listing PACCAR as host, followed by logos of title, premier, gold, centerpiece, sustainability, ambassador, wine, food, and supporting sponsors, including Car Wash, Sound Community Bank, US Bank, Microsoft, Deloitte, and others.\" class=\"kb-img wp-image-20022\" srcset=\"https:\/\/zoo.org\/wp-content\/uploads\/2026\/02\/JP-Sponsor-Block-2-20-2026.jpg 792w, https:\/\/zoo.org\/wp-content\/uploads\/2026\/02\/JP-Sponsor-Block-2-20-2026-300x257.jpg 300w, https:\/\/zoo.org\/wp-content\/uploads\/2026\/02\/JP-Sponsor-Block-2-20-2026-150x128.jpg 150w, https:\/\/zoo.org\/wp-content\/uploads\/2026\/02\/JP-Sponsor-Block-2-20-2026-768x657.jpg 768w\" sizes=\"auto, (max-width: 792px) 100vw, 792px\" \/><\/figure><\/div>\n","protected":false},"excerpt":{"rendered":"<p>TI\u1ec6C R\u1eeaNG Ti\u1ebfng v\u1ecdng c\u1ee7a thi\u00ean nhi\u00ean hoang d\u00e3 H\u00e3y tham gia c\u00f9ng ch\u00fang t\u00f4i trong s\u1ef1 ki\u1ec7n k\u1ef7 ni\u1ec7m 50 n\u0103m! Th\u1ee9 S\u00e1u, ng\u00e0y 10 th\u00e1ng 7 n\u0103m 2026 [&hellip;]<\/p>\n","protected":false},"author":1,"featured_media":10075,"parent":0,"menu_order":0,"comment_status":"closed","ping_status":"closed","template":"","meta":{"_acf_changed":false,"_kad_blocks_custom_css":"","_kad_blocks_head_custom_js":"","_kad_blocks_body_custom_js":"","_kad_blocks_footer_custom_js":"","footnotes":""},"class_list":["post-12093","page","type-page","status-publish","has-post-thumbnail","hentry"],"blocksy_meta":{"content_style_source":"inherit","vertical_spacing_source":"custom","content_area_spacing":"bottom","styles_descriptor":{"styles":{"desktop":"","tablet":"","mobile":""},"google_fonts":[],"version":6}},"acf":[],"yoast_head":"<!-- This site is optimized with the Yoast SEO plugin v27.4 - https:\/\/yoast.com\/product\/yoast-seo-wordpress\/ -->\n<title>Ti\u1ec7c r\u1eebng xanh - V\u01b0\u1eddn th\u00fa Woodland Park<\/title>\n<meta name=\"description\" content=\"\u0110\u1eebng b\u1ecf l\u1ee1 b\u1eefa ti\u1ec7c s\u00f4i \u0111\u1ed9ng nh\u1ea5t Seattle, s\u1ef1 ki\u1ec7n g\u00e2y qu\u1ef9 Jungle Party c\u1ee7a V\u01b0\u1eddn th\u00fa Woodland Park.\" \/>\n<meta name=\"robots\" content=\"index, follow, max-snippet:-1, max-image-preview:large, max-video-preview:-1\" \/>\n<link rel=\"canonical\" href=\"https:\/\/zoo.org\/vi\/tiec-rung-xanh\/\" \/>\n<meta property=\"og:locale\" content=\"vi_VN\" \/>\n<meta property=\"og:type\" content=\"article\" \/>\n<meta property=\"og:title\" content=\"Ti\u1ec7c r\u1eebng xanh - V\u01b0\u1eddn th\u00fa Woodland Park\" \/>\n<meta property=\"og:description\" content=\"\u0110\u1eebng b\u1ecf l\u1ee1 b\u1eefa ti\u1ec7c s\u00f4i \u0111\u1ed9ng nh\u1ea5t Seattle, s\u1ef1 ki\u1ec7n g\u00e2y qu\u1ef9 Jungle Party c\u1ee7a V\u01b0\u1eddn th\u00fa Woodland Park.\" \/>\n<meta property=\"og:url\" content=\"https:\/\/zoo.org\/vi\/tiec-rung-xanh\/\" \/>\n<meta property=\"og:site_name\" content=\"V\u01b0\u1eddn th\u00fa Woodland Park\" \/>\n<meta property=\"article:modified_time\" content=\"2026-02-27T22:04:55+00:00\" \/>\n<meta property=\"og:image\" content=\"https:\/\/zoo.org\/wp-content\/uploads\/2025\/10\/Jungle-Party-2024-12-web.jpg?wsr\" \/>\n\t<meta property=\"og:image:width\" content=\"800\" \/>\n\t<meta property=\"og:image:height\" content=\"533\" \/>\n\t<meta property=\"og:image:type\" content=\"image\/jpeg\" \/>\n<meta name=\"twitter:card\" content=\"summary_large_image\" \/>\n<script type=\"application\/ld+json\" class=\"yoast-schema-graph\">{\"@context\":\"https:\\\/\\\/schema.org\",\"@graph\":[{\"@type\":\"WebPage\",\"@id\":\"https:\\\/\\\/zoo.org\\\/vi\\\/tiec-rung-xanh\\\/\",\"url\":\"https:\\\/\\\/zoo.org\\\/vi\\\/tiec-rung-xanh\\\/\",\"name\":\"Ti\u1ec7c r\u1eebng xanh - V\u01b0\u1eddn th\u00fa Woodland Park\",\"isPartOf\":{\"@id\":\"https:\\\/\\\/zoo.org\\\/vi\\\/#website\"},\"primaryImageOfPage\":{\"@id\":\"https:\\\/\\\/zoo.org\\\/vi\\\/tiec-rung-xanh\\\/#primaryimage\"},\"image\":{\"@id\":\"https:\\\/\\\/zoo.org\\\/vi\\\/tiec-rung-xanh\\\/#primaryimage\"},\"thumbnailUrl\":\"https:\\\/\\\/zoo.org\\\/wp-content\\\/uploads\\\/2025\\\/10\\\/Jungle-Party-2024-12-web.jpg?wsr\",\"datePublished\":\"2025-05-17T05:04:38+00:00\",\"dateModified\":\"2026-02-27T22:04:55+00:00\",\"description\":\"\u0110\u1eebng b\u1ecf l\u1ee1 b\u1eefa ti\u1ec7c s\u00f4i \u0111\u1ed9ng nh\u1ea5t Seattle, s\u1ef1 ki\u1ec7n g\u00e2y qu\u1ef9 Jungle Party c\u1ee7a V\u01b0\u1eddn th\u00fa Woodland Park.\",\"breadcrumb\":{\"@id\":\"https:\\\/\\\/zoo.org\\\/vi\\\/tiec-rung-xanh\\\/#breadcrumb\"},\"inLanguage\":\"vi\",\"potentialAction\":[{\"@type\":\"ReadAction\",\"target\":[\"https:\\\/\\\/zoo.org\\\/vi\\\/tiec-rung-xanh\\\/\"]}]},{\"@type\":\"ImageObject\",\"inLanguage\":\"vi\",\"@id\":\"https:\\\/\\\/zoo.org\\\/vi\\\/tiec-rung-xanh\\\/#primaryimage\",\"url\":\"https:\\\/\\\/zoo.org\\\/wp-content\\\/uploads\\\/2025\\\/10\\\/Jungle-Party-2024-12-web.jpg?wsr\",\"contentUrl\":\"https:\\\/\\\/zoo.org\\\/wp-content\\\/uploads\\\/2025\\\/10\\\/Jungle-Party-2024-12-web.jpg?wsr\",\"width\":800,\"height\":533,\"caption\":\"M\u1ed9t con h\u1ed3ng h\u1ea1c dang r\u1ed9ng \u0111\u00f4i c\u00e1nh \u0111\u1ee9ng tr\u00ean b\u00e3i c\u1ecf, \u0111\u1ed1i di\u1ec7n v\u1edbi m\u1ed9t nh\u00f3m ng\u01b0\u1eddi \u0111ang ng\u1ea1c nhi\u00ean v\u00e0 m\u1ec9m c\u01b0\u1eddi ngo\u00e0i tr\u1eddi, ph\u00eda sau l\u00e0 nh\u1eefng h\u00e0ng c\u00e2y.\"},{\"@type\":\"BreadcrumbList\",\"@id\":\"https:\\\/\\\/zoo.org\\\/vi\\\/tiec-rung-xanh\\\/#breadcrumb\",\"itemListElement\":[{\"@type\":\"ListItem\",\"position\":1,\"name\":\"Trang ch\u1ee7\",\"item\":\"https:\\\/\\\/zoo.org\\\/vi\\\/\"},{\"@type\":\"ListItem\",\"position\":2,\"name\":\"Ti\u1ec7c r\u1eebng xanh\"}]},{\"@type\":\"WebSite\",\"@id\":\"https:\\\/\\\/zoo.org\\\/vi\\\/#website\",\"url\":\"https:\\\/\\\/zoo.org\\\/vi\\\/\",\"name\":\"V\u01b0\u1eddn th\u00fa Woodland Park\",\"description\":\"V\u01b0\u1eddn th\u00fa Woodland Park c\u1ee9u s\u1ed1ng \u0111\u1ed9ng v\u1eadt hoang d\u00e3 v\u00e0 truy\u1ec1n c\u1ea3m h\u1ee9ng cho m\u1ecdi ng\u01b0\u1eddi coi b\u1ea3o t\u1ed3n l\u00e0 \u01b0u ti\u00ean h\u00e0ng \u0111\u1ea7u trong cu\u1ed9c s\u1ed1ng c\u1ee7a m\u00ecnh.\",\"publisher\":{\"@id\":\"https:\\\/\\\/zoo.org\\\/vi\\\/#organization\"},\"potentialAction\":[{\"@type\":\"SearchAction\",\"target\":{\"@type\":\"EntryPoint\",\"urlTemplate\":\"https:\\\/\\\/zoo.org\\\/vi\\\/?s={search_term_string}\"},\"query-input\":{\"@type\":\"PropertyValueSpecification\",\"valueRequired\":true,\"valueName\":\"search_term_string\"}}],\"inLanguage\":\"vi\"},{\"@type\":\"Organization\",\"@id\":\"https:\\\/\\\/zoo.org\\\/vi\\\/#organization\",\"name\":\"V\u01b0\u1eddn th\u00fa Woodland Park\",\"url\":\"https:\\\/\\\/zoo.org\\\/vi\\\/\",\"logo\":{\"@type\":\"ImageObject\",\"inLanguage\":\"vi\",\"@id\":\"https:\\\/\\\/zoo.org\\\/vi\\\/#\\\/schema\\\/logo\\\/image\\\/\",\"url\":\"https:\\\/\\\/zoo.org\\\/wp-content\\\/uploads\\\/2026\\\/01\\\/WPZ-Logo_white-SVG.svg?wsr\",\"contentUrl\":\"https:\\\/\\\/zoo.org\\\/wp-content\\\/uploads\\\/2026\\\/01\\\/WPZ-Logo_white-SVG.svg?wsr\",\"width\":288,\"height\":282,\"caption\":\"V\u01b0\u1eddn th\u00fa Woodland Park\"},\"image\":{\"@id\":\"https:\\\/\\\/zoo.org\\\/vi\\\/#\\\/schema\\\/logo\\\/image\\\/\"}}]}<\/script>\n<!-- \/ Yoast SEO plugin. -->","yoast_head_json":{"title":"Ti\u1ec7c r\u1eebng xanh - V\u01b0\u1eddn th\u00fa Woodland Park","description":"\u0110\u1eebng b\u1ecf l\u1ee1 b\u1eefa ti\u1ec7c s\u00f4i \u0111\u1ed9ng nh\u1ea5t Seattle, s\u1ef1 ki\u1ec7n g\u00e2y qu\u1ef9 Jungle Party c\u1ee7a V\u01b0\u1eddn th\u00fa Woodland Park.","robots":{"index":"index","follow":"follow","max-snippet":"max-snippet:-1","max-image-preview":"max-image-preview:large","max-video-preview":"max-video-preview:-1"},"canonical":"https:\/\/zoo.org\/vi\/tiec-rung-xanh\/","og_locale":"vi_VN","og_type":"article","og_title":"Ti\u1ec7c r\u1eebng xanh - V\u01b0\u1eddn th\u00fa Woodland Park","og_description":"\u0110\u1eebng b\u1ecf l\u1ee1 b\u1eefa ti\u1ec7c s\u00f4i \u0111\u1ed9ng nh\u1ea5t Seattle, s\u1ef1 ki\u1ec7n g\u00e2y qu\u1ef9 Jungle Party c\u1ee7a V\u01b0\u1eddn th\u00fa Woodland Park.","og_url":"https:\/\/zoo.org\/vi\/tiec-rung-xanh\/","og_site_name":"V\u01b0\u1eddn th\u00fa Woodland Park","article_modified_time":"2026-02-27T22:04:55+00:00","og_image":[{"width":800,"height":533,"url":"https:\/\/zoo.org\/wp-content\/uploads\/2025\/10\/Jungle-Party-2024-12-web.jpg?wsr","type":"image\/jpeg"}],"twitter_card":"summary_large_image","schema":{"@context":"https:\/\/schema.org","@graph":[{"@type":"WebPage","@id":"https:\/\/zoo.org\/vi\/tiec-rung-xanh\/","url":"https:\/\/zoo.org\/vi\/tiec-rung-xanh\/","name":"Ti\u1ec7c r\u1eebng xanh - V\u01b0\u1eddn th\u00fa Woodland Park","isPartOf":{"@id":"https:\/\/zoo.org\/vi\/#website"},"primaryImageOfPage":{"@id":"https:\/\/zoo.org\/vi\/tiec-rung-xanh\/#primaryimage"},"image":{"@id":"https:\/\/zoo.org\/vi\/tiec-rung-xanh\/#primaryimage"},"thumbnailUrl":"https:\/\/zoo.org\/wp-content\/uploads\/2025\/10\/Jungle-Party-2024-12-web.jpg?wsr","datePublished":"2025-05-17T05:04:38+00:00","dateModified":"2026-02-27T22:04:55+00:00","description":"\u0110\u1eebng b\u1ecf l\u1ee1 b\u1eefa ti\u1ec7c s\u00f4i \u0111\u1ed9ng nh\u1ea5t Seattle, s\u1ef1 ki\u1ec7n g\u00e2y qu\u1ef9 Jungle Party c\u1ee7a V\u01b0\u1eddn th\u00fa Woodland Park.","breadcrumb":{"@id":"https:\/\/zoo.org\/vi\/tiec-rung-xanh\/#breadcrumb"},"inLanguage":"vi","potentialAction":[{"@type":"ReadAction","target":["https:\/\/zoo.org\/vi\/tiec-rung-xanh\/"]}]},{"@type":"ImageObject","inLanguage":"vi","@id":"https:\/\/zoo.org\/vi\/tiec-rung-xanh\/#primaryimage","url":"https:\/\/zoo.org\/wp-content\/uploads\/2025\/10\/Jungle-Party-2024-12-web.jpg?wsr","contentUrl":"https:\/\/zoo.org\/wp-content\/uploads\/2025\/10\/Jungle-Party-2024-12-web.jpg?wsr","width":800,"height":533,"caption":"M\u1ed9t con h\u1ed3ng h\u1ea1c dang r\u1ed9ng \u0111\u00f4i c\u00e1nh \u0111\u1ee9ng tr\u00ean b\u00e3i c\u1ecf, \u0111\u1ed1i di\u1ec7n v\u1edbi m\u1ed9t nh\u00f3m ng\u01b0\u1eddi \u0111ang ng\u1ea1c nhi\u00ean v\u00e0 m\u1ec9m c\u01b0\u1eddi ngo\u00e0i tr\u1eddi, ph\u00eda sau l\u00e0 nh\u1eefng h\u00e0ng c\u00e2y."},{"@type":"BreadcrumbList","@id":"https:\/\/zoo.org\/vi\/tiec-rung-xanh\/#breadcrumb","itemListElement":[{"@type":"ListItem","position":1,"name":"Trang ch\u1ee7","item":"https:\/\/zoo.org\/vi\/"},{"@type":"ListItem","position":2,"name":"Ti\u1ec7c r\u1eebng xanh"}]},{"@type":"WebSite","@id":"https:\/\/zoo.org\/vi\/#website","url":"https:\/\/zoo.org\/vi\/","name":"V\u01b0\u1eddn th\u00fa Woodland Park","description":"V\u01b0\u1eddn th\u00fa Woodland Park c\u1ee9u s\u1ed1ng \u0111\u1ed9ng v\u1eadt hoang d\u00e3 v\u00e0 truy\u1ec1n c\u1ea3m h\u1ee9ng cho m\u1ecdi ng\u01b0\u1eddi coi b\u1ea3o t\u1ed3n l\u00e0 \u01b0u ti\u00ean h\u00e0ng \u0111\u1ea7u trong cu\u1ed9c s\u1ed1ng c\u1ee7a m\u00ecnh.","publisher":{"@id":"https:\/\/zoo.org\/vi\/#organization"},"potentialAction":[{"@type":"SearchAction","target":{"@type":"EntryPoint","urlTemplate":"https:\/\/zoo.org\/vi\/?s={search_term_string}"},"query-input":{"@type":"PropertyValueSpecification","valueRequired":true,"valueName":"search_term_string"}}],"inLanguage":"vi"},{"@type":"Organization","@id":"https:\/\/zoo.org\/vi\/#organization","name":"V\u01b0\u1eddn th\u00fa Woodland Park","url":"https:\/\/zoo.org\/vi\/","logo":{"@type":"ImageObject","inLanguage":"vi","@id":"https:\/\/zoo.org\/vi\/#\/schema\/logo\/image\/","url":"https:\/\/zoo.org\/wp-content\/uploads\/2026\/01\/WPZ-Logo_white-SVG.svg?wsr","contentUrl":"https:\/\/zoo.org\/wp-content\/uploads\/2026\/01\/WPZ-Logo_white-SVG.svg?wsr","width":288,"height":282,"caption":"V\u01b0\u1eddn th\u00fa Woodland Park"},"image":{"@id":"https:\/\/zoo.org\/vi\/#\/schema\/logo\/image\/"}}]}},"taxonomy_info":[],"featured_image_src_large":["https:\/\/zoo.org\/wp-content\/uploads\/2025\/10\/Jungle-Party-2024-12-web.jpg?wsr",800,533,false],"author_info":{"display_name":"jloughlin","author_link":"https:\/\/zoo.org\/vi\/author\/jloughlin\/"},"comment_info":0,"_links":{"self":[{"href":"https:\/\/zoo.org\/vi\/wp-json\/wp\/v2\/pages\/12093","targetHints":{"allow":["GET"]}}],"collection":[{"href":"https:\/\/zoo.org\/vi\/wp-json\/wp\/v2\/pages"}],"about":[{"href":"https:\/\/zoo.org\/vi\/wp-json\/wp\/v2\/types\/page"}],"author":[{"embeddable":true,"href":"https:\/\/zoo.org\/vi\/wp-json\/wp\/v2\/users\/1"}],"replies":[{"embeddable":true,"href":"https:\/\/zoo.org\/vi\/wp-json\/wp\/v2\/comments?post=12093"}],"version-history":[{"count":0,"href":"https:\/\/zoo.org\/vi\/wp-json\/wp\/v2\/pages\/12093\/revisions"}],"wp:featuredmedia":[{"embeddable":true,"href":"https:\/\/zoo.org\/vi\/wp-json\/wp\/v2\/media\/10075"}],"wp:attachment":[{"href":"https:\/\/zoo.org\/vi\/wp-json\/wp\/v2\/media?parent=12093"}],"curies":[{"name":"wp","href":"https:\/\/api.w.org\/{rel}","templated":true}]}}