{"id":12144,"date":"2025-06-04T23:22:25","date_gmt":"2025-06-05T06:22:25","guid":{"rendered":"https:\/\/zoo.org\/tiec-rung-xanh\/dau-gia-jp\/"},"modified":"2026-02-24T10:25:09","modified_gmt":"2026-02-24T18:25:09","slug":"dau-gia-jp","status":"publish","type":"page","link":"https:\/\/zoo.org\/vi\/tiec-rung-xanh\/dau-gia-jp\/","title":{"rendered":"\u0110\u1ea5u gi\u00e1 Ti\u1ec7c R\u1eebng xanh"},"content":{"rendered":"\n<div class=\"wp-block-cover alignfull is-light hero\" style=\"margin-top:0;margin-bottom:0;min-height:400px;aspect-ratio:unset;\"><img loading=\"lazy\" decoding=\"async\" width=\"1920\" height=\"400\" class=\"wp-block-cover__image-background wp-image-20021 size-full\" alt=\"Three stylized gold and black animal illustrations\u2014a bird, a leopard, and a howling wolf\u2014are set against textured marbled and abstract backgrounds with gold accents.\" src=\"https:\/\/zoo.org\/wp-content\/uploads\/2026\/02\/JP26_WebBanner_1920x400-web.jpg\" data-object-fit=\"cover\" srcset=\"https:\/\/zoo.org\/wp-content\/uploads\/2026\/02\/JP26_WebBanner_1920x400-web.jpg 1920w, https:\/\/zoo.org\/wp-content\/uploads\/2026\/02\/JP26_WebBanner_1920x400-web-300x63.jpg 300w, https:\/\/zoo.org\/wp-content\/uploads\/2026\/02\/JP26_WebBanner_1920x400-web-1024x213.jpg 1024w, https:\/\/zoo.org\/wp-content\/uploads\/2026\/02\/JP26_WebBanner_1920x400-web-150x31.jpg 150w, https:\/\/zoo.org\/wp-content\/uploads\/2026\/02\/JP26_WebBanner_1920x400-web-768x160.jpg 768w, https:\/\/zoo.org\/wp-content\/uploads\/2026\/02\/JP26_WebBanner_1920x400-web-1536x320.jpg 1536w\" sizes=\"auto, (max-width: 1920px) 100vw, 1920px\" \/><span aria-hidden=\"true\" class=\"wp-block-cover__background has-background-dim-0 has-background-dim\" style=\"background-color:#d1ccc6\"><\/span><div class=\"wp-block-cover__inner-container is-layout-constrained wp-block-cover-is-layout-constrained\">\n<p class=\"has-text-align-center has-large-font-size\"><\/p>\n<\/div><\/div>\n\n<div class=\"wp-block-group is-layout-constrained wp-block-group-is-layout-constrained\" style=\"margin-top:2em;margin-bottom:3em\">\n<h1 class=\"wp-block-heading has-text-align-center\" style=\"margin-top:0.65em;margin-bottom:0.275em\">TI\u1ec6C R\u1eeaNG<\/h1>\n\n\n\n<p class=\"has-text-align-center has-palette-color-3-color has-text-color has-link-color wp-elements-a6bbc395a9907627362038372d522695\" style=\"margin-bottom:1em;font-size:clamp(0.984em, 0.984rem + ((1vw - 0.2em) * 0.645), 1.5em);font-style:normal;font-weight:500;line-height:1.5\"><strong><strong>Ti\u1ebfng v\u1ecdng c\u1ee7a thi\u00ean nhi\u00ean hoang d\u00e3<\/strong><\/strong><br\/> H\u00e3y tham gia c\u00f9ng ch\u00fang t\u00f4i trong s\u1ef1 ki\u1ec7n k\u1ef7 ni\u1ec7m 50 n\u0103m!<\/p>\n\n\n\n<p class=\"has-text-align-center has-palette-color-3-color has-text-color has-link-color wp-elements-318bf72a7397d28cf004024bea958b5d\" style=\"margin-bottom:1em;font-size:clamp(0.984em, 0.984rem + ((1vw - 0.2em) * 0.645), 1.5em);line-height:1.5\">Th\u1ee9 S\u00e1u, ng\u00e0y 10 th\u00e1ng 7 n\u0103m 2026<br\/> Khu \u0111\u1ed3ng c\u1ecf ph\u00eda B\u1eafc c\u1ee7a V\u01b0\u1eddn th\u00fa Woodland Park<\/p>\n<\/div>\n\n<div class=\"wp-block-group alignfull divider is-layout-constrained wp-block-group-is-layout-constrained\">\n<h2 class=\"wp-block-heading alignfull has-text-align-center\">\u0110\u1ea4U GI\u00c1<\/h2>\n<\/div>\n\n<p>Ch\u00fang t\u00f4i h\u00e2n h\u1ea1nh nh\u1eadn quy\u00ean g\u00f3p v\u1eadt ph\u1ea9m \u0111\u1ea5u gi\u00e1 cho s\u1ef1 ki\u1ec7n Jungle Party th\u01b0\u1eddng ni\u00ean l\u1ea7n th\u1ee9 50! \u0110\u1ec3 quy\u00ean g\u00f3p v\u1eadt ph\u1ea9m, vui l\u00f2ng <a href=\"https:\/\/onecau.se\/_esgz81\" target=\"_blank\" rel=\"noreferrer noopener\">\u0111i\u1ec1n v\u00e0o m\u1eabu tr\u1ef1c tuy\u1ebfn<\/a> ho\u1eb7c ho\u00e0n th\u00e0nh <a href=\"https:\/\/zoo.org\/wp-content\/uploads\/2026\/01\/2026-Jungle-Party-Procurement-Form-Updated-12.30.25.pdf\" target=\"_blank\" rel=\"noreferrer noopener\">m\u1eabu y\u00eau c\u1ea7u quy\u00ean g\u00f3p<\/a> v\u00e0 g\u1eedi \u0111\u1ebfn \u0111\u1ecba ch\u1ec9 <a href=\"mailto:jpauctionitems@zoo.org\">jpauctionitems@zoo.org<\/a> . N\u1ebfu c\u00f3 b\u1ea5t k\u1ef3 th\u1eafc m\u1eafc n\u00e0o, vui l\u00f2ng li\u00ean h\u1ec7 v\u1edbi Caitlin qua \u0111\u1ecba ch\u1ec9 <a href=\"mailto:jpauctionitems@zoo.org\">jpauctionitems@zoo.org<\/a> ho\u1eb7c s\u1ed1 \u0111i\u1ec7n tho\u1ea1i 206-548-2442.  <\/p>\n\n<div class=\"wp-block-buttons is-content-justification-center is-layout-flex wp-container-core-buttons-is-layout-48d0e691 wp-block-buttons-is-layout-flex\" style=\"margin-top:var(--wp--preset--spacing--60);margin-bottom:var(--wp--preset--spacing--60)\">\n<div class=\"wp-block-button\"><a class=\"wp-block-button__link wp-element-button\" href=\"https:\/\/onecau.se\/_esgz81\" target=\"_blank\" rel=\"noreferrer noopener\">PHI\u1ebeU QUY\u00caN G\u00d3P \u0110\u1ea4U GI\u00c1<\/a><\/div>\n\n\n\n<div class=\"wp-block-button\"><a class=\"wp-block-button__link wp-element-button\" href=\"https:\/\/zoo.org\/wp-content\/uploads\/2026\/01\/2026-Jungle-Party-Procurement-Form-Updated-12.30.25.pdf\" target=\"_blank\" rel=\"noreferrer noopener\">M\u1eabu \u0111\u01a1n mua h\u00e0ng \u0111\u1ea5u gi\u00e1<\/a><\/div>\n<\/div>\n\n<h3 class=\"wp-block-heading\">H\u01b0\u1edbng d\u1eabn quy\u00ean g\u00f3p \u0111\u1ea5u gi\u00e1 v\u00e0 ch\u00ednh s\u00e1ch ch\u1ea5p nh\u1eadn<\/h3>\n\n<ul class=\"wp-block-list\">\n<li>C\u00e1c m\u1eabu \u0111\u01a1n \u0111\u1eb7t h\u00e0ng \u0111\u00e3 ho\u00e0n ch\u1ec9nh v\u00e0 c\u00e1c v\u1eadt ph\u1ea9m hi\u1ec7n v\u1eadt ph\u1ea3i \u0111\u01b0\u1ee3c nh\u1eadn tr\u01b0\u1edbc ng\u00e0y 5 th\u00e1ng 6 n\u0103m 2026. B\u1ea5t k\u1ef3 v\u1eadt ph\u1ea9m n\u00e0o ch\u1ee9a r\u01b0\u1ee3u ho\u1eb7c gi\u1ea5y ch\u1ee9ng nh\u1eadn n\u1ebfm th\u1eed ph\u1ea3i \u0111\u01b0\u1ee3c nh\u1eadn tr\u01b0\u1edbc ng\u00e0y 6 th\u00e1ng 5 n\u0103m 2026. C\u00e1c m\u1eabu \u0111\u01a1n \u0111\u1eb7t h\u00e0ng ho\u1eb7c v\u1eadt ph\u1ea9m hi\u1ec7n v\u1eadt nh\u1eadn \u0111\u01b0\u1ee3c sau th\u1eddi h\u1ea1n n\u00e0y c\u00f3 th\u1ec3 \u0111\u01b0\u1ee3c tr\u1ea3 l\u1ea1i cho ng\u01b0\u1eddi t\u1eb7ng ho\u1eb7c \u0111\u01b0\u1ee3c gi\u1eef l\u1ea1i \u0111\u1ec3 s\u1eed d\u1ee5ng t\u1ea1i m\u1ed9t s\u1ef1 ki\u1ec7n kh\u00e1c.  <\/li>\n\n\n\n<li>T\u1ea5t c\u1ea3 c\u00e1c m\u1eb7t h\u00e0ng ph\u1ea3i \u1edf t\u00ecnh tr\u1ea1ng m\u1edbi ho\u1eb7c nh\u01b0 m\u1edbi v\u00e0 ph\u1ea3i g\u1ee1 b\u1ecf tem gi\u00e1.<\/li>\n\n\n\n<li>Ng\u01b0\u1eddi th\u1eafng \u0111\u1ea5u gi\u00e1 kh\u00f4ng n\u00ean ph\u1ea3i tr\u1ea3 th\u00eam b\u1ea5t k\u1ef3 kho\u1ea3n ph\u00ed n\u00e0o \u0111\u1ec3 nh\u1eadn \u0111\u01b0\u1ee3c m\u00f3n h\u00e0ng.<\/li>\n\n\n\n<li>Ch\u00fang t\u00f4i kh\u00f4ng th\u1ec3 \u0111\u1ea3m b\u1ea3o kh\u1ea3 n\u0103ng ch\u1ee9a nh\u1eefng v\u1eadt d\u1ee5ng qu\u00e1 kh\u1ed5.<\/li>\n\n\n\n<li>Phi\u1ebfu mua h\u00e0ng ph\u1ea3i \u0111\u01b0\u1ee3c \u0111i\u1ec1n \u0111\u1ea7y \u0111\u1ee7 th\u00f4ng tin. C\u00e1c phi\u1ebfu kh\u00f4ng ghi r\u00f5 gi\u00e1 tr\u1ecb th\u1ecb tr\u01b0\u1eddng h\u1ee3p l\u00fd, th\u00f4ng tin nh\u00e0 t\u00e0i tr\u1ee3, m\u00f4 t\u1ea3 m\u1eb7t h\u00e0ng ch\u00ednh x\u00e1c v\u00e0 r\u00f5 r\u00e0ng ho\u1eb7c c\u00e1c h\u1ea1n ch\u1ebf v\u1ec1 m\u1eb7t h\u00e0ng s\u1ebd kh\u00f4ng \u0111\u01b0\u1ee3c ch\u1ea5p nh\u1eadn. <\/li>\n\n\n\n<li>Ch\u00fang t\u00f4i c\u00f3 th\u1ec3 \u0111\u00f3ng g\u00f3i s\u1ea3n ph\u1ea9m c\u1ee7a b\u1ea1n c\u00f9ng v\u1edbi c\u00e1c s\u1ea3n ph\u1ea9m kh\u00e1c, b\u1ed5 sung th\u00eam ng\u00f4n ng\u1eef c\u1ee5 th\u1ec3 h\u01a1n v\u00e0o ph\u1ea7n m\u00f4 t\u1ea3 v\u00e0\/ho\u1eb7c th\u00eam h\u00ecnh \u1ea3nh \u0111\u1ec3 t\u1ea1o ra m\u1ed9t g\u00f3i \u0111\u1ea5u gi\u00e1 h\u1ea5p d\u1eabn.<\/li>\n\n\n\n<li>V\u1eadt ph\u1ea9m n\u00e0y c\u00f3 th\u1ec3 \u0111\u01b0\u1ee3c s\u1eed d\u1ee5ng theo c\u00e1ch c\u00f3 gi\u00e1 tr\u1ecb kh\u00e1c ho\u1eb7c b\u1ecb t\u1eeb ch\u1ed1i theo quy\u1ebft \u0111\u1ecbnh c\u1ee7a V\u01b0\u1eddn th\u00fa Woodland Park. C\u00e1c v\u1eadt ph\u1ea9m \u0111\u01b0\u1ee3c \u01b0a chu\u1ed9ng bao g\u1ed3m c\u00e1c g\u00f3i r\u01b0\u1ee3u vang, g\u00f3i \u0103n u\u1ed1ng, tr\u1ea3i nghi\u1ec7m \u0111\u1ecba ph\u01b0\u01a1ng, g\u00f3i th\u1ec3 thao v\u00e0 c\u00e1c v\u1eadt ph\u1ea9m \u0111\u1ed9c \u0111\u00e1o nh\u01b0ng h\u1ea5p d\u1eabn kh\u00e1c. <\/li>\n\n\n\n<li>N\u1ebfu y\u00eau c\u1ea7u nh\u1eadn \u0111\u1ed3 t\u1eadn n\u01a1i, \u0111\u1ed3 \u0111\u00f3 ph\u1ea3i n\u1eb1m trong ph\u1ea1m vi 25 d\u1eb7m t\u00ednh t\u1eeb V\u01b0\u1eddn th\u00fa Woodland Park.<\/li>\n\n\n\n<li>Nh\u1eefng v\u1eadt ph\u1ea9m kh\u00f4ng \u0111\u01b0\u1ee3c \u0111\u1ea5u gi\u00e1 ho\u1eb7c b\u1ecb b\u1ecf l\u1ea1i sau m\u1ed9t n\u0103m c\u00f3 th\u1ec3 \u0111\u01b0\u1ee3c b\u00e1n \u0111\u1ea5u gi\u00e1 l\u1ea1i ho\u1eb7c s\u1eed d\u1ee5ng cho m\u1ee5c \u0111\u00edch kh\u00e1c theo quy\u1ebft \u0111\u1ecbnh c\u1ee7a V\u01b0\u1eddn th\u00fa Woodland Park.<\/li>\n<\/ul>\n","protected":false},"excerpt":{"rendered":"<p>TI\u1ec6C R\u1eeaNG Ti\u1ebfng v\u1ecdng c\u1ee7a thi\u00ean nhi\u00ean hoang d\u00e3 H\u00e3y tham gia c\u00f9ng ch\u00fang t\u00f4i trong s\u1ef1 ki\u1ec7n k\u1ef7 ni\u1ec7m 50 n\u0103m! Th\u1ee9 S\u00e1u, ng\u00e0y 10 th\u00e1ng 7 n\u0103m 2026 [&hellip;]<\/p>\n","protected":false},"author":1,"featured_media":10075,"parent":12093,"menu_order":0,"comment_status":"closed","ping_status":"closed","template":"","meta":{"_acf_changed":false,"_kad_blocks_custom_css":"","_kad_blocks_head_custom_js":"","_kad_blocks_body_custom_js":"","_kad_blocks_footer_custom_js":"","footnotes":""},"class_list":["post-12144","page","type-page","status-publish","has-post-thumbnail","hentry"],"blocksy_meta":{"vertical_spacing_source":"custom","content_area_spacing":"bottom","styles_descriptor":{"styles":{"desktop":"","tablet":"","mobile":""},"google_fonts":[],"version":6}},"acf":[],"yoast_head":"<!-- This site is optimized with the Yoast SEO plugin v27.4 - https:\/\/yoast.com\/product\/yoast-seo-wordpress\/ -->\n<title>\u0110\u1ea5u gi\u00e1 Ti\u1ec7c R\u1eebng xanh - V\u01b0\u1eddn th\u00fa Woodland Park<\/title>\n<meta name=\"description\" content=\"\u0110\u1eebng b\u1ecf l\u1ee1 b\u1eefa ti\u1ec7c s\u00f4i \u0111\u1ed9ng nh\u1ea5t Seattle, s\u1ef1 ki\u1ec7n g\u00e2y qu\u1ef9 Jungle Party c\u1ee7a V\u01b0\u1eddn th\u00fa Woodland Park.\" \/>\n<meta name=\"robots\" content=\"index, follow, max-snippet:-1, max-image-preview:large, max-video-preview:-1\" \/>\n<link rel=\"canonical\" href=\"https:\/\/zoo.org\/vi\/tiec-rung-xanh\/dau-gia-jp\/\" \/>\n<meta property=\"og:locale\" content=\"vi_VN\" \/>\n<meta property=\"og:type\" content=\"article\" \/>\n<meta property=\"og:title\" content=\"\u0110\u1ea5u gi\u00e1 Ti\u1ec7c R\u1eebng xanh - V\u01b0\u1eddn th\u00fa Woodland Park\" \/>\n<meta property=\"og:description\" content=\"\u0110\u1eebng b\u1ecf l\u1ee1 b\u1eefa ti\u1ec7c s\u00f4i \u0111\u1ed9ng nh\u1ea5t Seattle, s\u1ef1 ki\u1ec7n g\u00e2y qu\u1ef9 Jungle Party c\u1ee7a V\u01b0\u1eddn th\u00fa Woodland Park.\" \/>\n<meta property=\"og:url\" content=\"https:\/\/zoo.org\/vi\/tiec-rung-xanh\/dau-gia-jp\/\" \/>\n<meta property=\"og:site_name\" content=\"V\u01b0\u1eddn th\u00fa Woodland Park\" \/>\n<meta property=\"article:modified_time\" content=\"2026-02-24T18:25:09+00:00\" \/>\n<meta property=\"og:image\" content=\"https:\/\/zoo.org\/wp-content\/uploads\/2025\/10\/Jungle-Party-2024-12-web.jpg?wsr\" \/>\n\t<meta property=\"og:image:width\" content=\"800\" \/>\n\t<meta property=\"og:image:height\" content=\"533\" \/>\n\t<meta property=\"og:image:type\" content=\"image\/jpeg\" \/>\n<meta name=\"twitter:card\" content=\"summary_large_image\" \/>\n<script type=\"application\/ld+json\" class=\"yoast-schema-graph\">{\"@context\":\"https:\\\/\\\/schema.org\",\"@graph\":[{\"@type\":\"WebPage\",\"@id\":\"https:\\\/\\\/zoo.org\\\/vi\\\/tiec-rung-xanh\\\/dau-gia-jp\\\/\",\"url\":\"https:\\\/\\\/zoo.org\\\/vi\\\/tiec-rung-xanh\\\/dau-gia-jp\\\/\",\"name\":\"\u0110\u1ea5u gi\u00e1 Ti\u1ec7c R\u1eebng xanh - V\u01b0\u1eddn th\u00fa Woodland Park\",\"isPartOf\":{\"@id\":\"https:\\\/\\\/zoo.org\\\/vi\\\/#website\"},\"primaryImageOfPage\":{\"@id\":\"https:\\\/\\\/zoo.org\\\/vi\\\/tiec-rung-xanh\\\/dau-gia-jp\\\/#primaryimage\"},\"image\":{\"@id\":\"https:\\\/\\\/zoo.org\\\/vi\\\/tiec-rung-xanh\\\/dau-gia-jp\\\/#primaryimage\"},\"thumbnailUrl\":\"https:\\\/\\\/zoo.org\\\/wp-content\\\/uploads\\\/2025\\\/10\\\/Jungle-Party-2024-12-web.jpg?wsr\",\"datePublished\":\"2025-06-05T06:22:25+00:00\",\"dateModified\":\"2026-02-24T18:25:09+00:00\",\"description\":\"\u0110\u1eebng b\u1ecf l\u1ee1 b\u1eefa ti\u1ec7c s\u00f4i \u0111\u1ed9ng nh\u1ea5t Seattle, s\u1ef1 ki\u1ec7n g\u00e2y qu\u1ef9 Jungle Party c\u1ee7a V\u01b0\u1eddn th\u00fa Woodland Park.\",\"breadcrumb\":{\"@id\":\"https:\\\/\\\/zoo.org\\\/vi\\\/tiec-rung-xanh\\\/dau-gia-jp\\\/#breadcrumb\"},\"inLanguage\":\"vi\",\"potentialAction\":[{\"@type\":\"ReadAction\",\"target\":[\"https:\\\/\\\/zoo.org\\\/vi\\\/tiec-rung-xanh\\\/dau-gia-jp\\\/\"]}]},{\"@type\":\"ImageObject\",\"inLanguage\":\"vi\",\"@id\":\"https:\\\/\\\/zoo.org\\\/vi\\\/tiec-rung-xanh\\\/dau-gia-jp\\\/#primaryimage\",\"url\":\"https:\\\/\\\/zoo.org\\\/wp-content\\\/uploads\\\/2025\\\/10\\\/Jungle-Party-2024-12-web.jpg?wsr\",\"contentUrl\":\"https:\\\/\\\/zoo.org\\\/wp-content\\\/uploads\\\/2025\\\/10\\\/Jungle-Party-2024-12-web.jpg?wsr\",\"width\":800,\"height\":533,\"caption\":\"M\u1ed9t con h\u1ed3ng h\u1ea1c dang r\u1ed9ng \u0111\u00f4i c\u00e1nh \u0111\u1ee9ng tr\u00ean b\u00e3i c\u1ecf, \u0111\u1ed1i di\u1ec7n v\u1edbi m\u1ed9t nh\u00f3m ng\u01b0\u1eddi \u0111ang ng\u1ea1c nhi\u00ean v\u00e0 m\u1ec9m c\u01b0\u1eddi ngo\u00e0i tr\u1eddi, ph\u00eda sau l\u00e0 nh\u1eefng h\u00e0ng c\u00e2y.\"},{\"@type\":\"BreadcrumbList\",\"@id\":\"https:\\\/\\\/zoo.org\\\/vi\\\/tiec-rung-xanh\\\/dau-gia-jp\\\/#breadcrumb\",\"itemListElement\":[{\"@type\":\"ListItem\",\"position\":1,\"name\":\"Trang ch\u1ee7\",\"item\":\"https:\\\/\\\/zoo.org\\\/vi\\\/\"},{\"@type\":\"ListItem\",\"position\":2,\"name\":\"Ti\u1ec7c r\u1eebng xanh\",\"item\":\"https:\\\/\\\/zoo.org\\\/vi\\\/tiec-rung-xanh\\\/\"},{\"@type\":\"ListItem\",\"position\":3,\"name\":\"\u0110\u1ea5u gi\u00e1 Ti\u1ec7c R\u1eebng xanh\"}]},{\"@type\":\"WebSite\",\"@id\":\"https:\\\/\\\/zoo.org\\\/vi\\\/#website\",\"url\":\"https:\\\/\\\/zoo.org\\\/vi\\\/\",\"name\":\"V\u01b0\u1eddn th\u00fa Woodland Park\",\"description\":\"V\u01b0\u1eddn th\u00fa Woodland Park c\u1ee9u s\u1ed1ng \u0111\u1ed9ng v\u1eadt hoang d\u00e3 v\u00e0 truy\u1ec1n c\u1ea3m h\u1ee9ng cho m\u1ecdi ng\u01b0\u1eddi coi b\u1ea3o t\u1ed3n l\u00e0 \u01b0u ti\u00ean h\u00e0ng \u0111\u1ea7u trong cu\u1ed9c s\u1ed1ng c\u1ee7a m\u00ecnh.\",\"publisher\":{\"@id\":\"https:\\\/\\\/zoo.org\\\/vi\\\/#organization\"},\"potentialAction\":[{\"@type\":\"SearchAction\",\"target\":{\"@type\":\"EntryPoint\",\"urlTemplate\":\"https:\\\/\\\/zoo.org\\\/vi\\\/?s={search_term_string}\"},\"query-input\":{\"@type\":\"PropertyValueSpecification\",\"valueRequired\":true,\"valueName\":\"search_term_string\"}}],\"inLanguage\":\"vi\"},{\"@type\":\"Organization\",\"@id\":\"https:\\\/\\\/zoo.org\\\/vi\\\/#organization\",\"name\":\"V\u01b0\u1eddn th\u00fa Woodland Park\",\"url\":\"https:\\\/\\\/zoo.org\\\/vi\\\/\",\"logo\":{\"@type\":\"ImageObject\",\"inLanguage\":\"vi\",\"@id\":\"https:\\\/\\\/zoo.org\\\/vi\\\/#\\\/schema\\\/logo\\\/image\\\/\",\"url\":\"https:\\\/\\\/zoo.org\\\/wp-content\\\/uploads\\\/2026\\\/01\\\/WPZ-Logo_white-SVG.svg?wsr\",\"contentUrl\":\"https:\\\/\\\/zoo.org\\\/wp-content\\\/uploads\\\/2026\\\/01\\\/WPZ-Logo_white-SVG.svg?wsr\",\"width\":288,\"height\":282,\"caption\":\"V\u01b0\u1eddn th\u00fa Woodland Park\"},\"image\":{\"@id\":\"https:\\\/\\\/zoo.org\\\/vi\\\/#\\\/schema\\\/logo\\\/image\\\/\"}}]}<\/script>\n<!-- \/ Yoast SEO plugin. -->","yoast_head_json":{"title":"\u0110\u1ea5u gi\u00e1 Ti\u1ec7c R\u1eebng xanh - V\u01b0\u1eddn th\u00fa Woodland Park","description":"\u0110\u1eebng b\u1ecf l\u1ee1 b\u1eefa ti\u1ec7c s\u00f4i \u0111\u1ed9ng nh\u1ea5t Seattle, s\u1ef1 ki\u1ec7n g\u00e2y qu\u1ef9 Jungle Party c\u1ee7a V\u01b0\u1eddn th\u00fa Woodland Park.","robots":{"index":"index","follow":"follow","max-snippet":"max-snippet:-1","max-image-preview":"max-image-preview:large","max-video-preview":"max-video-preview:-1"},"canonical":"https:\/\/zoo.org\/vi\/tiec-rung-xanh\/dau-gia-jp\/","og_locale":"vi_VN","og_type":"article","og_title":"\u0110\u1ea5u gi\u00e1 Ti\u1ec7c R\u1eebng xanh - V\u01b0\u1eddn th\u00fa Woodland Park","og_description":"\u0110\u1eebng b\u1ecf l\u1ee1 b\u1eefa ti\u1ec7c s\u00f4i \u0111\u1ed9ng nh\u1ea5t Seattle, s\u1ef1 ki\u1ec7n g\u00e2y qu\u1ef9 Jungle Party c\u1ee7a V\u01b0\u1eddn th\u00fa Woodland Park.","og_url":"https:\/\/zoo.org\/vi\/tiec-rung-xanh\/dau-gia-jp\/","og_site_name":"V\u01b0\u1eddn th\u00fa Woodland Park","article_modified_time":"2026-02-24T18:25:09+00:00","og_image":[{"width":800,"height":533,"url":"https:\/\/zoo.org\/wp-content\/uploads\/2025\/10\/Jungle-Party-2024-12-web.jpg?wsr","type":"image\/jpeg"}],"twitter_card":"summary_large_image","schema":{"@context":"https:\/\/schema.org","@graph":[{"@type":"WebPage","@id":"https:\/\/zoo.org\/vi\/tiec-rung-xanh\/dau-gia-jp\/","url":"https:\/\/zoo.org\/vi\/tiec-rung-xanh\/dau-gia-jp\/","name":"\u0110\u1ea5u gi\u00e1 Ti\u1ec7c R\u1eebng xanh - V\u01b0\u1eddn th\u00fa Woodland Park","isPartOf":{"@id":"https:\/\/zoo.org\/vi\/#website"},"primaryImageOfPage":{"@id":"https:\/\/zoo.org\/vi\/tiec-rung-xanh\/dau-gia-jp\/#primaryimage"},"image":{"@id":"https:\/\/zoo.org\/vi\/tiec-rung-xanh\/dau-gia-jp\/#primaryimage"},"thumbnailUrl":"https:\/\/zoo.org\/wp-content\/uploads\/2025\/10\/Jungle-Party-2024-12-web.jpg?wsr","datePublished":"2025-06-05T06:22:25+00:00","dateModified":"2026-02-24T18:25:09+00:00","description":"\u0110\u1eebng b\u1ecf l\u1ee1 b\u1eefa ti\u1ec7c s\u00f4i \u0111\u1ed9ng nh\u1ea5t Seattle, s\u1ef1 ki\u1ec7n g\u00e2y qu\u1ef9 Jungle Party c\u1ee7a V\u01b0\u1eddn th\u00fa Woodland Park.","breadcrumb":{"@id":"https:\/\/zoo.org\/vi\/tiec-rung-xanh\/dau-gia-jp\/#breadcrumb"},"inLanguage":"vi","potentialAction":[{"@type":"ReadAction","target":["https:\/\/zoo.org\/vi\/tiec-rung-xanh\/dau-gia-jp\/"]}]},{"@type":"ImageObject","inLanguage":"vi","@id":"https:\/\/zoo.org\/vi\/tiec-rung-xanh\/dau-gia-jp\/#primaryimage","url":"https:\/\/zoo.org\/wp-content\/uploads\/2025\/10\/Jungle-Party-2024-12-web.jpg?wsr","contentUrl":"https:\/\/zoo.org\/wp-content\/uploads\/2025\/10\/Jungle-Party-2024-12-web.jpg?wsr","width":800,"height":533,"caption":"M\u1ed9t con h\u1ed3ng h\u1ea1c dang r\u1ed9ng \u0111\u00f4i c\u00e1nh \u0111\u1ee9ng tr\u00ean b\u00e3i c\u1ecf, \u0111\u1ed1i di\u1ec7n v\u1edbi m\u1ed9t nh\u00f3m ng\u01b0\u1eddi \u0111ang ng\u1ea1c nhi\u00ean v\u00e0 m\u1ec9m c\u01b0\u1eddi ngo\u00e0i tr\u1eddi, ph\u00eda sau l\u00e0 nh\u1eefng h\u00e0ng c\u00e2y."},{"@type":"BreadcrumbList","@id":"https:\/\/zoo.org\/vi\/tiec-rung-xanh\/dau-gia-jp\/#breadcrumb","itemListElement":[{"@type":"ListItem","position":1,"name":"Trang ch\u1ee7","item":"https:\/\/zoo.org\/vi\/"},{"@type":"ListItem","position":2,"name":"Ti\u1ec7c r\u1eebng xanh","item":"https:\/\/zoo.org\/vi\/tiec-rung-xanh\/"},{"@type":"ListItem","position":3,"name":"\u0110\u1ea5u gi\u00e1 Ti\u1ec7c R\u1eebng xanh"}]},{"@type":"WebSite","@id":"https:\/\/zoo.org\/vi\/#website","url":"https:\/\/zoo.org\/vi\/","name":"V\u01b0\u1eddn th\u00fa Woodland Park","description":"V\u01b0\u1eddn th\u00fa Woodland Park c\u1ee9u s\u1ed1ng \u0111\u1ed9ng v\u1eadt hoang d\u00e3 v\u00e0 truy\u1ec1n c\u1ea3m h\u1ee9ng cho m\u1ecdi ng\u01b0\u1eddi coi b\u1ea3o t\u1ed3n l\u00e0 \u01b0u ti\u00ean h\u00e0ng \u0111\u1ea7u trong cu\u1ed9c s\u1ed1ng c\u1ee7a m\u00ecnh.","publisher":{"@id":"https:\/\/zoo.org\/vi\/#organization"},"potentialAction":[{"@type":"SearchAction","target":{"@type":"EntryPoint","urlTemplate":"https:\/\/zoo.org\/vi\/?s={search_term_string}"},"query-input":{"@type":"PropertyValueSpecification","valueRequired":true,"valueName":"search_term_string"}}],"inLanguage":"vi"},{"@type":"Organization","@id":"https:\/\/zoo.org\/vi\/#organization","name":"V\u01b0\u1eddn th\u00fa Woodland Park","url":"https:\/\/zoo.org\/vi\/","logo":{"@type":"ImageObject","inLanguage":"vi","@id":"https:\/\/zoo.org\/vi\/#\/schema\/logo\/image\/","url":"https:\/\/zoo.org\/wp-content\/uploads\/2026\/01\/WPZ-Logo_white-SVG.svg?wsr","contentUrl":"https:\/\/zoo.org\/wp-content\/uploads\/2026\/01\/WPZ-Logo_white-SVG.svg?wsr","width":288,"height":282,"caption":"V\u01b0\u1eddn th\u00fa Woodland Park"},"image":{"@id":"https:\/\/zoo.org\/vi\/#\/schema\/logo\/image\/"}}]}},"taxonomy_info":[],"featured_image_src_large":["https:\/\/zoo.org\/wp-content\/uploads\/2025\/10\/Jungle-Party-2024-12-web.jpg?wsr",800,533,false],"author_info":{"display_name":"jloughlin","author_link":"https:\/\/zoo.org\/vi\/author\/jloughlin\/"},"comment_info":0,"_links":{"self":[{"href":"https:\/\/zoo.org\/vi\/wp-json\/wp\/v2\/pages\/12144","targetHints":{"allow":["GET"]}}],"collection":[{"href":"https:\/\/zoo.org\/vi\/wp-json\/wp\/v2\/pages"}],"about":[{"href":"https:\/\/zoo.org\/vi\/wp-json\/wp\/v2\/types\/page"}],"author":[{"embeddable":true,"href":"https:\/\/zoo.org\/vi\/wp-json\/wp\/v2\/users\/1"}],"replies":[{"embeddable":true,"href":"https:\/\/zoo.org\/vi\/wp-json\/wp\/v2\/comments?post=12144"}],"version-history":[{"count":0,"href":"https:\/\/zoo.org\/vi\/wp-json\/wp\/v2\/pages\/12144\/revisions"}],"up":[{"embeddable":true,"href":"https:\/\/zoo.org\/vi\/wp-json\/wp\/v2\/pages\/12093"}],"wp:featuredmedia":[{"embeddable":true,"href":"https:\/\/zoo.org\/vi\/wp-json\/wp\/v2\/media\/10075"}],"wp:attachment":[{"href":"https:\/\/zoo.org\/vi\/wp-json\/wp\/v2\/media?parent=12144"}],"curies":[{"name":"wp","href":"https:\/\/api.w.org\/{rel}","templated":true}]}}