{"id":12190,"date":"2025-08-12T15:30:42","date_gmt":"2025-08-12T22:30:42","guid":{"rendered":"https:\/\/zoo.org\/huong-dan-va-cho-dau-xe\/"},"modified":"2025-12-19T18:21:50","modified_gmt":"2025-12-20T02:21:50","slug":"huong-dan-va-cho-dau-xe","status":"publish","type":"page","link":"https:\/\/zoo.org\/vi\/huong-dan-va-cho-dau-xe\/","title":{"rendered":"H\u01b0\u1edbng d\u1eabn v\u00e0 ch\u1ed7 \u0111\u1eadu xe"},"content":{"rendered":"\n<div class=\"wp-block-cover alignfull hero\" style=\"margin-top:0;margin-bottom:0\"><img loading=\"lazy\" decoding=\"async\" width=\"1920\" height=\"400\" class=\"wp-block-cover__image-background wp-image-1157 size-full\" alt=\"\" src=\"http:\/\/zoo.org\/wp-content\/uploads\/2025\/05\/Lynx-Forest-Header-Image.jpg\" data-object-fit=\"cover\" srcset=\"https:\/\/zoo.org\/wp-content\/uploads\/2025\/05\/Lynx-Forest-Header-Image.jpg 1920w, https:\/\/zoo.org\/wp-content\/uploads\/2025\/05\/Lynx-Forest-Header-Image-300x63.jpg 300w, https:\/\/zoo.org\/wp-content\/uploads\/2025\/05\/Lynx-Forest-Header-Image-1024x213.jpg 1024w, https:\/\/zoo.org\/wp-content\/uploads\/2025\/05\/Lynx-Forest-Header-Image-768x160.jpg 768w, https:\/\/zoo.org\/wp-content\/uploads\/2025\/05\/Lynx-Forest-Header-Image-1536x320.jpg 1536w\" sizes=\"auto, (max-width: 1920px) 100vw, 1920px\" \/><span aria-hidden=\"true\" class=\"wp-block-cover__background has-background-dim-0 has-background-dim\" style=\"background-color:#636e5d\"><\/span><div class=\"wp-block-cover__inner-container is-layout-constrained wp-block-cover-is-layout-constrained\">\n<p class=\"has-text-align-center has-large-font-size\"><\/p>\n<\/div><\/div>\n\n<div class=\"wp-block-group is-layout-constrained wp-block-group-is-layout-constrained\" style=\"margin-top:2em;margin-bottom:3em\">\n<h1 class=\"wp-block-heading has-text-align-center\" style=\"margin-top:0.65em;margin-bottom:0.275em\">\u0110\u01af\u1edcNG \u0110\u1ebeN \u0110\u00c2Y<\/h1>\n\n\n\n<p class=\"has-text-align-center has-palette-color-3-color has-text-color has-link-color wp-elements-3acbf79936a7ae05557fa97562e57c6b\" style=\"margin-bottom:1em;font-size:clamp(0.984em, 0.984rem + ((1vw - 0.2em) * 0.645), 1.5em);font-style:normal;font-weight:500;line-height:1.5\"><strong>H\u01b0\u1edbng d\u1eabn \u0111\u01b0\u1eddng \u0111i v\u00e0 th\u00f4ng tin \u0111\u1ed7 xe<\/strong><\/p>\n<\/div>\n\n<div class=\"wp-block-group alignfull divider is-layout-constrained wp-block-group-is-layout-constrained\">\n<h2 class=\"wp-block-heading alignfull has-text-align-center\">H\u01af\u1edaNG D\u1eaaN<\/h2>\n<\/div>\n\n<h3 class=\"wp-block-heading\">\u0110i ph\u01b0\u01a1ng ti\u1ec7n c\u00f4ng c\u1ed9ng mi\u1ec5n ph\u00ed \u0111\u1ebfn V\u01b0\u1eddn th\u00fa Woodland Park!<\/h3>\n\n<p>V\u01b0\u1eddn th\u00fa Woodland Park \u0111\u00e3 h\u1ee3p t\u00e1c v\u1edbi King County Metro \u0111\u1ec3 cung c\u1ea5p cho t\u1ea5t c\u1ea3 ng\u01b0\u1eddi mua v\u00e9 v\u00e0o c\u1eeda th\u00f4ng th\u01b0\u1eddng\u2014bao g\u1ed3m c\u1ea3 ng\u01b0\u1eddi s\u1edf h\u1eefu v\u00e9 CAP v\u00e0 Discover Ticket\u2014v\u00e9 kh\u1ee9 h\u1ed3i mi\u1ec5n ph\u00ed tr\u00ean c\u00e1c tuy\u1ebfn xe bu\u00fdt Metro v\u00e0 t\u00e0u \u0111i\u1ec7n Link \u0111\u1ee7 \u0111i\u1ec1u ki\u1ec7n. Tr\u1ebb em t\u1eeb 18 tu\u1ed5i tr\u1edf xu\u1ed1ng \u0111\u01b0\u1ee3c \u0111i mi\u1ec5n ph\u00ed ho\u00e0n to\u00e0n! <\/p>\n\n<p><a href=\"https:\/\/zoo.org\/vi\/huong-dan-va-cho-dau-xe\/di-lai-mien-phi\/\">T\u00ecm hi\u1ec3u c\u00e1ch nh\u1eadn chuy\u1ebfn \u0111i mi\u1ec5n ph\u00ed c\u1ee7a b\u1ea1n<\/a><\/p>\n\n<div class=\"wp-block-columns is-layout-flex wp-container-core-columns-is-layout-bd8107d2 wp-block-columns-is-layout-flex\" style=\"margin-top:2.5em;margin-bottom:2.5em\">\n<div class=\"wp-block-column has-palette-color-17-background-color has-background is-layout-flow wp-container-core-column-is-layout-492b06a7 wp-block-column-is-layout-flow\" style=\"padding-top:25px;padding-right:25px;padding-bottom:25px;padding-left:25px\">\n<h3 class=\"wp-block-heading\" style=\"margin-bottom:1em\">L\u1ed1i v\u00e0o ph\u00eda T\u00e2y<\/h3>\n\n\n\n<h4 class=\"wp-block-heading\" style=\"margin-bottom:1em\">5500 Phinney Ave. N., Seattle, WA 98103 <\/h4>\n\n\n\n<p><strong>\u0110\u01b0\u1eddng giao nhau<\/strong><br\/> \u0110\u01b0\u1eddng Phinney Ave. N., \u0111o\u1ea1n gi\u1eefa \u0111\u01b0\u1eddng N. 55th v\u00e0 N. 56th. <\/p>\n\n\n\n<p style=\"margin-bottom:1em\">C\u00f3 th\u1ec3 v\u00e0o C\u1ed5ng ph\u00eda T\u00e2y th\u00f4ng qua b\u00e3i \u0111\u1eadu xe Otter v\u00e0 Penguin. T\u1eeb b\u00e3i \u0111\u1eadu xe Otter, b\u1ea1n c\u00f3 th\u1ec3 v\u00e0o qua b\u00e3i \u0111\u1eadu xe Penguin tr\u00ean \u0111\u01b0\u1eddng Phinney Ave N., ho\u1eb7c b\u00e3i \u0111\u1eadu xe Bear tr\u00ean \u0111\u01b0\u1eddng N. 59th Street. <\/p>\n<\/div>\n\n\n\n<div class=\"wp-block-column has-palette-color-17-background-color has-background is-layout-flow wp-container-core-column-is-layout-492b06a7 wp-block-column-is-layout-flow\" style=\"padding-top:25px;padding-right:25px;padding-bottom:25px;padding-left:25px\">\n<h3 class=\"wp-block-heading\" style=\"margin-bottom:1em\">L\u1ed1i v\u00e0o ph\u00eda Nam<\/h3>\n\n\n\n<h4 class=\"wp-block-heading\" style=\"margin-bottom:1em\">750 N. 50th Street, Seattle, WA 98103<\/h4>\n\n\n\n<p style=\"margin-bottom:1em\"><strong>T\u1ecda l\u1ea1c tr\u00ean \u0111\u01b0\u1eddng N. 50th Street v\u00e0 c\u00f3 l\u1ed1i v\u00e0o t\u1eeb b\u00e3i \u0111\u1eadu xe c\u1ee7a Lion. G\u1ea7n khu tr\u01b0ng b\u00e0y Th\u1ea3o nguy\u00ean Ch\u00e2u Phi. <\/strong><\/p>\n<\/div>\n<\/div>\n\n<div class=\"wp-block-group is-layout-constrained wp-block-group-is-layout-constrained\"><style>.kt-sc3056_4ff284-27 .kt-sc-imgcol, .kt-sc3056_4ff284-27 .kt-sc-textcol{min-height:245px;}.kt-sc3056_4ff284-27 .kt-sc-imgcol{background-size:cover;background-image:url(https:\/\/zoo.org\/wp-content\/uploads\/2025\/10\/2025-spring-spectacular-28-car-parking.jpg);}.kt-sc3056_4ff284-27 .kt-sc-textcol{padding-top:1em;padding-right:1.5em;padding-bottom:1em;padding-left:1.5em;}@media all and (max-width: 767px){.kt-sc3056_4ff284-27 .kt-sc-imgcol, .kt-sc3056_4ff284-27 .kt-sc-textcol{min-height:275px;}}<\/style>\n<div class=\"aligncenter kt-sc3056_4ff284-27 wp-block-kadence-splitcontent\"><div class=\"kt-split-content-wrap kt-sc-media-side-left\" style=\"grid-template-columns:32% auto\"><div class=\"kt-sc-imgcol kt-sc-imgcol-bg-cover kt-sc-img-side-left\"><\/div><div class=\"kt-sc-textcol kt-sc-text-valign-center kt-sc-text-halign-left\" style=\"background-color:var(--theme-palette-color-17, #E6E6E6)\"><div class=\"kt-sc-innter-col\">\n<h3 class=\"wp-block-heading\">L\u00e1i xe c\u1ee7a b\u1ea1n<\/h3>\n\n\n\n<p>T\u1eeb \u0111\u01b0\u1eddng cao t\u1ed1c I-5 h\u01b0\u1edbng B\u1eafc ho\u1eb7c Nam, h\u00e3y \u0111i ra \u1edf L\u1ed1i ra 169\/\u0110\u01b0\u1eddng NE 50th, \u0111i v\u1ec1 ph\u00eda t\u00e2y \u0111\u1ebfn \u0110\u1ea1i l\u1ed9 Phinney N. R\u1ebd ph\u1ea3i v\u00e0 l\u00e1i xe v\u1ec1 ph\u00eda b\u1eafc tr\u00ean \u0110\u1ea1i l\u1ed9 Phinney N. \u0111\u1ebfn L\u1ed1i v\u00e0o ph\u00eda T\u00e2y ngay sau \u0110\u01b0\u1eddng N. 55th.  <\/p>\n<\/div><\/div><\/div><\/div>\n<\/div>\n\n<div class=\"wp-block-group is-layout-constrained wp-block-group-is-layout-constrained\"><style>.kt-sc3056_f34f94-f8 .kt-sc-imgcol, .kt-sc3056_f34f94-f8 .kt-sc-textcol{min-height:245px;}.kt-sc3056_f34f94-f8 .kt-sc-imgcol{background-size:cover;background-image:url(https:\/\/zoo.org\/wp-content\/uploads\/2025\/10\/2007-RHawk-Bus.jpg);}.kt-sc3056_f34f94-f8 .kt-sc-textcol{padding-top:1em;padding-right:1.5em;padding-bottom:1em;padding-left:1.5em;}@media all and (max-width: 767px){.kt-sc3056_f34f94-f8 .kt-sc-imgcol, .kt-sc3056_f34f94-f8 .kt-sc-textcol{min-height:275px;}}<\/style>\n<div class=\"aligncenter kt-sc3056_f34f94-f8 wp-block-kadence-splitcontent\"><div class=\"kt-split-content-wrap kt-sc-media-side-left\" style=\"grid-template-columns:32% auto\"><div class=\"kt-sc-imgcol kt-sc-imgcol-bg-cover kt-sc-img-side-left\"><\/div><div class=\"kt-sc-textcol kt-sc-text-valign-center kt-sc-text-halign-left\" style=\"background-color:var(--theme-palette-color-17, #E6E6E6)\"><div class=\"kt-sc-innter-col\">\n<h3 class=\"wp-block-heading\">\u0110i xe bu\u00fdt<\/h3>\n\n\n\n<p>\u0110i xe bu\u00fdt Metro s\u1ed1 5 h\u01b0\u1edbng B\u1eafc ho\u1eb7c Nam \u0111\u1ebfn ng\u00e3 t\u01b0 Phinney Ave. N. v\u00e0 N. 55th St. \u0111\u1ec3 \u0111\u1ebfn C\u1ed5ng ph\u00eda T\u00e2y. <\/p>\n<\/div><\/div><\/div><\/div>\n<\/div>\n\n<div class=\"wp-block-group alignfull divider is-layout-constrained wp-block-group-is-layout-constrained\">\n<h2 class=\"wp-block-heading alignfull has-text-align-center\">\u0110\u1ed7 xe<\/h2>\n<\/div>\n\n<h3 class=\"wp-block-heading\">Th\u00f4ng tin \u0111\u1ed7 xe<\/h3>\n\n<p>Kh\u00e1ch tham quan c\u00f3 th\u1ec3 thanh to\u00e1n ph\u00ed \u0111\u1eadu xe t\u1ea1i m\u1ed9t trong c\u00e1c ki-\u1ed1t \u0111\u1eb7t t\u1ea1i m\u1ed7i b\u00e3i \u0111\u1eadu xe ho\u1eb7c t\u1ea1i c\u1ed5ng ph\u00eda T\u00e2y. Vui l\u00f2ng ghi nh\u1edb bi\u1ec3n s\u1ed1 xe c\u1ee7a b\u1ea1n \u0111\u1ec3 \u0111\u1ea3m b\u1ea3o xe c\u1ee7a b\u1ea1n \u0111\u01b0\u1ee3c ghi nh\u1eadn l\u00e0 \u0111\u00e3 &#8220;thanh to\u00e1n&#8221;. <\/p>\n\n<h4 class=\"wp-block-heading\">Gi\u00e1 ph\u00ed \u0111\u1eadu xe<\/h4>\n\n<p><strong>L\u00f4 S\u01b0 T\u1eed, L\u00f4 Chim C\u00e1nh C\u1ee5t v\u00e0 L\u00f4 R\u00e1i C\u00e1<\/strong><\/p>\n\n<p>10 \u0111\u00f4 la cho 2 gi\u1edd \u0111\u1ea7u ti\u00ean; 2 \u0111\u00f4 la cho m\u1ed7i gi\u1edd ti\u1ebfp theo.<br\/> M\u1ee9c gi\u00e1 t\u1ed1i \u0111a h\u00e0ng ng\u00e0y l\u00e0 14,00 \u0111\u00f4 la.<br\/> (+ thu\u1ebf v\u00e0 ph\u00ed)*<\/p>\n\n<p><strong>L\u00f4 Flamingo v\u00e0 L\u00f4 G\u1ea5u<\/strong><\/p>\n\n<p>8 \u0111\u00f4 la cho 2 gi\u1edd \u0111\u1ea7u ti\u00ean; 3 \u0111\u00f4 la cho m\u1ed7i gi\u1edd ti\u1ebfp theo.<br\/> M\u1ee9c ph\u00ed t\u1ed1i \u0111a h\u00e0ng ng\u00e0y l\u00e0 12,00 \u0111\u00f4 la.<br\/> (+ thu\u1ebf v\u00e0 ph\u00ed)*<\/p>\n\n<h4 class=\"wp-block-heading\">Ch\u00ednh s\u00e1ch \u0111\u1ed7 xe<\/h4>\n\n<p>Ch\u1ed7 \u0111\u1ed7 xe \u0111\u1ea1p c\u00f3 m\u00e1i che, <strong>an<\/strong> to\u00e0n, mi\u1ec5n ph\u00ed t\u1ea1i C\u1ed5ng T\u00e2y.<br\/> Kh\u00f4ng \u0111\u01b0\u1ee3c ph\u00e9p \u0111\u1ed7 xe qua \u0111\u00eam trong c\u00e1c b\u00e3i \u0111\u1ed7 xe c\u1ee7a s\u1edf th\u00fa.<br\/> Ch\u1ec9 \u0111\u01b0\u1ee3c \u0111\u1eadu xe bu\u00fdt\/xe RV \u1edf b\u00e3i \u0111\u1eadu xe Lion.<\/p>\n\n<h3 class=\"wp-block-heading\">B\u00e3i \u0111\u1eadu xe d\u00e0nh cho ng\u01b0\u1eddi khuy\u1ebft t\u1eadt (ADA Accessible Parking)<\/h3>\n\n<p>C\u00f3 c\u00e1c ch\u1ed7 \u0111\u1ed7 xe d\u00e0nh cho ng\u01b0\u1eddi khuy\u1ebft t\u1eadt theo ti\u00eau chu\u1ea9n ADA t\u1ea1i t\u1ea5t c\u1ea3 c\u00e1c b\u00e3i \u0111\u1ed7 xe c\u1ee7a s\u1edf th\u00fa. Ph\u00ed \u0111\u1ed7 xe \u0111\u01b0\u1ee3c mi\u1ec5n cho b\u1ea5t k\u1ef3 ph\u01b0\u01a1ng ti\u1ec7n n\u00e0o c\u00f3 bi\u1ec3n b\u00e1o \u0111\u1ed7 xe d\u00e0nh cho ng\u01b0\u1eddi khuy\u1ebft t\u1eadt h\u1ee3p l\u1ec7, t\u1ea1i b\u1ea5t k\u1ef3 ch\u1ed7 \u0111\u1ed7 xe n\u00e0o c\u1ee7a WPZ.   <strong>\u0110\u1ec3 thu\u1eadn ti\u1ec7n cho qu\u00fd kh\u00e1ch, s\u1edf th\u00fa c\u0169ng b\u1ed5 sung th\u00eam s\u00e1u ch\u1ed7 \u0111\u1eadu xe t\u1ea1m th\u1eddi d\u00e0nh cho ng\u01b0\u1eddi khuy\u1ebft t\u1eadt (ADA) t\u1ea1i b\u00e3i \u0111\u1eadu xe Otter g\u1ea7n l\u1ed1i v\u00e0o ph\u00eda T\u00e2y.<\/strong><\/p>\n\n<h3 class=\"wp-block-heading\">Tr\u1ea1m s\u1ea1c xe \u0111i\u1ec7n<\/h3>\n\n<h4 class=\"wp-block-heading\">C\u00f3 s\u1eb5n th\u00f4ng qua ReachNow<\/h4>\n\n<p class=\"has-palette-color-20-color has-text-color has-link-color wp-elements-d3c3824733f71f468578bb8343c782f0\"><strong>C\u00e1c tr\u1ea1m s\u1ea1c t\u1ea1i b\u00e3i \u0111\u1eadu xe Lion hi\u1ec7n \u0111ang b\u1ecb h\u1ecfng. Xin l\u1ed7i v\u00ec s\u1ef1 b\u1ea5t ti\u1ec7n n\u00e0y. <\/strong><\/p>\n\n<p><strong>Xe \u0111i\u1ec7n \u0111\u01b0\u1ee3c \u0111\u1ed7 mi\u1ec5n ph\u00ed trong khi \u0111ang s\u1ea1c.<\/strong><\/p>\n\n<p>C\u00f3 b\u1ed1n tr\u1ea1m s\u1ea1c Eluminocity \u1edf khu v\u1ef1c Otter Lot g\u1ea7n l\u1ed1i v\u00e0o ph\u00eda T\u00e2y v\u00e0 hai tr\u1ea1m s\u1ea1c Eluminocity \u1edf khu v\u1ef1c Lion Lot g\u1ea7n l\u1ed1i v\u00e0o ph\u00eda Nam.<\/p>\n","protected":false},"excerpt":{"rendered":"<p>\u0110\u01af\u1edcNG \u0110\u1ebeN \u0110\u00c2Y H\u01b0\u1edbng d\u1eabn \u0111\u01b0\u1eddng \u0111i v\u00e0 th\u00f4ng tin \u0111\u1ed7 xe H\u01af\u1edaNG D\u1eaaN \u0110i ph\u01b0\u01a1ng ti\u1ec7n c\u00f4ng c\u1ed9ng mi\u1ec5n ph\u00ed \u0111\u1ebfn V\u01b0\u1eddn th\u00fa Woodland Park! V\u01b0\u1eddn th\u00fa Woodland Park [&hellip;]<\/p>\n","protected":false},"author":1,"featured_media":10437,"parent":0,"menu_order":0,"comment_status":"closed","ping_status":"closed","template":"","meta":{"_acf_changed":false,"_kad_blocks_custom_css":"","_kad_blocks_head_custom_js":"","_kad_blocks_body_custom_js":"","_kad_blocks_footer_custom_js":"","footnotes":""},"class_list":["post-12190","page","type-page","status-publish","has-post-thumbnail","hentry"],"blocksy_meta":[],"acf":[],"yoast_head":"<!-- This site is optimized with the Yoast SEO plugin v27.4 - https:\/\/yoast.com\/product\/yoast-seo-wordpress\/ -->\n<title>H\u01b0\u1edbng d\u1eabn v\u00e0 ch\u1ed7 \u0111\u1eadu xe - V\u01b0\u1eddn th\u00fa Woodland Park<\/title>\n<meta name=\"description\" content=\"L\u00ean k\u1ebf ho\u1ea1ch cho chuy\u1ebfn th\u0103m c\u1ee7a b\u1ea1n: h\u01b0\u1edbng d\u1eabn \u0111\u01b0\u1eddng \u0111i v\u00e0 b\u00e3i \u0111\u1eadu xe t\u1ea1i V\u01b0\u1eddn th\u00fa Woodland Park \u1edf Seattle.\" \/>\n<meta name=\"robots\" content=\"index, follow, max-snippet:-1, max-image-preview:large, max-video-preview:-1\" \/>\n<link rel=\"canonical\" href=\"https:\/\/zoo.org\/vi\/huong-dan-va-cho-dau-xe\/\" \/>\n<meta property=\"og:locale\" content=\"vi_VN\" \/>\n<meta property=\"og:type\" content=\"article\" \/>\n<meta property=\"og:title\" content=\"H\u01b0\u1edbng d\u1eabn v\u00e0 ch\u1ed7 \u0111\u1eadu xe - V\u01b0\u1eddn th\u00fa Woodland Park\" \/>\n<meta property=\"og:description\" content=\"L\u00ean k\u1ebf ho\u1ea1ch cho chuy\u1ebfn th\u0103m c\u1ee7a b\u1ea1n: h\u01b0\u1edbng d\u1eabn \u0111\u01b0\u1eddng \u0111i v\u00e0 b\u00e3i \u0111\u1eadu xe t\u1ea1i V\u01b0\u1eddn th\u00fa Woodland Park \u1edf Seattle.\" \/>\n<meta property=\"og:url\" content=\"https:\/\/zoo.org\/vi\/huong-dan-va-cho-dau-xe\/\" \/>\n<meta property=\"og:site_name\" content=\"V\u01b0\u1eddn th\u00fa Woodland Park\" \/>\n<meta property=\"article:modified_time\" content=\"2025-12-20T02:21:50+00:00\" \/>\n<meta property=\"og:image\" content=\"https:\/\/zoo.org\/wp-content\/uploads\/2025\/08\/RS33694_2017_-WPZ-AERIALS-2-web.jpg?wsr\" \/>\n\t<meta property=\"og:image:width\" content=\"940\" \/>\n\t<meta property=\"og:image:height\" content=\"627\" \/>\n\t<meta property=\"og:image:type\" content=\"image\/jpeg\" \/>\n<meta name=\"twitter:card\" content=\"summary_large_image\" \/>\n<script type=\"application\/ld+json\" class=\"yoast-schema-graph\">{\"@context\":\"https:\\\/\\\/schema.org\",\"@graph\":[{\"@type\":\"WebPage\",\"@id\":\"https:\\\/\\\/zoo.org\\\/vi\\\/huong-dan-va-cho-dau-xe\\\/\",\"url\":\"https:\\\/\\\/zoo.org\\\/vi\\\/huong-dan-va-cho-dau-xe\\\/\",\"name\":\"H\u01b0\u1edbng d\u1eabn v\u00e0 ch\u1ed7 \u0111\u1eadu xe - V\u01b0\u1eddn th\u00fa Woodland Park\",\"isPartOf\":{\"@id\":\"https:\\\/\\\/zoo.org\\\/vi\\\/#website\"},\"primaryImageOfPage\":{\"@id\":\"https:\\\/\\\/zoo.org\\\/vi\\\/huong-dan-va-cho-dau-xe\\\/#primaryimage\"},\"image\":{\"@id\":\"https:\\\/\\\/zoo.org\\\/vi\\\/huong-dan-va-cho-dau-xe\\\/#primaryimage\"},\"thumbnailUrl\":\"https:\\\/\\\/zoo.org\\\/wp-content\\\/uploads\\\/2025\\\/08\\\/RS33694_2017_-WPZ-AERIALS-2-web.jpg?wsr\",\"datePublished\":\"2025-08-12T22:30:42+00:00\",\"dateModified\":\"2025-12-20T02:21:50+00:00\",\"description\":\"L\u00ean k\u1ebf ho\u1ea1ch cho chuy\u1ebfn th\u0103m c\u1ee7a b\u1ea1n: h\u01b0\u1edbng d\u1eabn \u0111\u01b0\u1eddng \u0111i v\u00e0 b\u00e3i \u0111\u1eadu xe t\u1ea1i V\u01b0\u1eddn th\u00fa Woodland Park \u1edf Seattle.\",\"breadcrumb\":{\"@id\":\"https:\\\/\\\/zoo.org\\\/vi\\\/huong-dan-va-cho-dau-xe\\\/#breadcrumb\"},\"inLanguage\":\"vi\",\"potentialAction\":[{\"@type\":\"ReadAction\",\"target\":[\"https:\\\/\\\/zoo.org\\\/vi\\\/huong-dan-va-cho-dau-xe\\\/\"]}]},{\"@type\":\"ImageObject\",\"inLanguage\":\"vi\",\"@id\":\"https:\\\/\\\/zoo.org\\\/vi\\\/huong-dan-va-cho-dau-xe\\\/#primaryimage\",\"url\":\"https:\\\/\\\/zoo.org\\\/wp-content\\\/uploads\\\/2025\\\/08\\\/RS33694_2017_-WPZ-AERIALS-2-web.jpg?wsr\",\"contentUrl\":\"https:\\\/\\\/zoo.org\\\/wp-content\\\/uploads\\\/2025\\\/08\\\/RS33694_2017_-WPZ-AERIALS-2-web.jpg?wsr\",\"width\":940,\"height\":627,\"caption\":\"\u1ea2nh ch\u1ee5p t\u1eeb tr\u00ean cao c\u1ee7a v\u01b0\u1eddn th\u00fa v\u1edbi nh\u1eefng t\u00e1n c\u00e2y xanh m\u01b0\u1edbt, bao quanh l\u00e0 c\u00e1c con ph\u1ed1 v\u00e0 t\u00f2a nh\u00e0 \u0111\u00f4 th\u1ecb, ph\u00eda sau l\u00e0 m\u1ed9t h\u1ed3 n\u01b0\u1edbc l\u1edbn v\u00e0 khung c\u1ea3nh th\u00e0nh ph\u1ed1 tr\u1ea3i d\u00e0i d\u01b0\u1edbi b\u1ea7u tr\u1eddi trong xanh.\"},{\"@type\":\"BreadcrumbList\",\"@id\":\"https:\\\/\\\/zoo.org\\\/vi\\\/huong-dan-va-cho-dau-xe\\\/#breadcrumb\",\"itemListElement\":[{\"@type\":\"ListItem\",\"position\":1,\"name\":\"Trang ch\u1ee7\",\"item\":\"https:\\\/\\\/zoo.org\\\/vi\\\/\"},{\"@type\":\"ListItem\",\"position\":2,\"name\":\"H\u01b0\u1edbng d\u1eabn v\u00e0 ch\u1ed7 \u0111\u1eadu xe\"}]},{\"@type\":\"WebSite\",\"@id\":\"https:\\\/\\\/zoo.org\\\/vi\\\/#website\",\"url\":\"https:\\\/\\\/zoo.org\\\/vi\\\/\",\"name\":\"V\u01b0\u1eddn th\u00fa Woodland Park\",\"description\":\"V\u01b0\u1eddn th\u00fa Woodland Park c\u1ee9u s\u1ed1ng \u0111\u1ed9ng v\u1eadt hoang d\u00e3 v\u00e0 truy\u1ec1n c\u1ea3m h\u1ee9ng cho m\u1ecdi ng\u01b0\u1eddi coi b\u1ea3o t\u1ed3n l\u00e0 \u01b0u ti\u00ean h\u00e0ng \u0111\u1ea7u trong cu\u1ed9c s\u1ed1ng c\u1ee7a m\u00ecnh.\",\"publisher\":{\"@id\":\"https:\\\/\\\/zoo.org\\\/vi\\\/#organization\"},\"potentialAction\":[{\"@type\":\"SearchAction\",\"target\":{\"@type\":\"EntryPoint\",\"urlTemplate\":\"https:\\\/\\\/zoo.org\\\/vi\\\/?s={search_term_string}\"},\"query-input\":{\"@type\":\"PropertyValueSpecification\",\"valueRequired\":true,\"valueName\":\"search_term_string\"}}],\"inLanguage\":\"vi\"},{\"@type\":\"Organization\",\"@id\":\"https:\\\/\\\/zoo.org\\\/vi\\\/#organization\",\"name\":\"V\u01b0\u1eddn th\u00fa Woodland Park\",\"url\":\"https:\\\/\\\/zoo.org\\\/vi\\\/\",\"logo\":{\"@type\":\"ImageObject\",\"inLanguage\":\"vi\",\"@id\":\"https:\\\/\\\/zoo.org\\\/vi\\\/#\\\/schema\\\/logo\\\/image\\\/\",\"url\":\"https:\\\/\\\/zoo.org\\\/wp-content\\\/uploads\\\/2026\\\/01\\\/WPZ-Logo_white-SVG.svg?wsr\",\"contentUrl\":\"https:\\\/\\\/zoo.org\\\/wp-content\\\/uploads\\\/2026\\\/01\\\/WPZ-Logo_white-SVG.svg?wsr\",\"width\":288,\"height\":282,\"caption\":\"V\u01b0\u1eddn th\u00fa Woodland Park\"},\"image\":{\"@id\":\"https:\\\/\\\/zoo.org\\\/vi\\\/#\\\/schema\\\/logo\\\/image\\\/\"}}]}<\/script>\n<!-- \/ Yoast SEO plugin. -->","yoast_head_json":{"title":"H\u01b0\u1edbng d\u1eabn v\u00e0 ch\u1ed7 \u0111\u1eadu xe - V\u01b0\u1eddn th\u00fa Woodland Park","description":"L\u00ean k\u1ebf ho\u1ea1ch cho chuy\u1ebfn th\u0103m c\u1ee7a b\u1ea1n: h\u01b0\u1edbng d\u1eabn \u0111\u01b0\u1eddng \u0111i v\u00e0 b\u00e3i \u0111\u1eadu xe t\u1ea1i V\u01b0\u1eddn th\u00fa Woodland Park \u1edf Seattle.","robots":{"index":"index","follow":"follow","max-snippet":"max-snippet:-1","max-image-preview":"max-image-preview:large","max-video-preview":"max-video-preview:-1"},"canonical":"https:\/\/zoo.org\/vi\/huong-dan-va-cho-dau-xe\/","og_locale":"vi_VN","og_type":"article","og_title":"H\u01b0\u1edbng d\u1eabn v\u00e0 ch\u1ed7 \u0111\u1eadu xe - V\u01b0\u1eddn th\u00fa Woodland Park","og_description":"L\u00ean k\u1ebf ho\u1ea1ch cho chuy\u1ebfn th\u0103m c\u1ee7a b\u1ea1n: h\u01b0\u1edbng d\u1eabn \u0111\u01b0\u1eddng \u0111i v\u00e0 b\u00e3i \u0111\u1eadu xe t\u1ea1i V\u01b0\u1eddn th\u00fa Woodland Park \u1edf Seattle.","og_url":"https:\/\/zoo.org\/vi\/huong-dan-va-cho-dau-xe\/","og_site_name":"V\u01b0\u1eddn th\u00fa Woodland Park","article_modified_time":"2025-12-20T02:21:50+00:00","og_image":[{"width":940,"height":627,"url":"https:\/\/zoo.org\/wp-content\/uploads\/2025\/08\/RS33694_2017_-WPZ-AERIALS-2-web.jpg?wsr","type":"image\/jpeg"}],"twitter_card":"summary_large_image","schema":{"@context":"https:\/\/schema.org","@graph":[{"@type":"WebPage","@id":"https:\/\/zoo.org\/vi\/huong-dan-va-cho-dau-xe\/","url":"https:\/\/zoo.org\/vi\/huong-dan-va-cho-dau-xe\/","name":"H\u01b0\u1edbng d\u1eabn v\u00e0 ch\u1ed7 \u0111\u1eadu xe - V\u01b0\u1eddn th\u00fa Woodland Park","isPartOf":{"@id":"https:\/\/zoo.org\/vi\/#website"},"primaryImageOfPage":{"@id":"https:\/\/zoo.org\/vi\/huong-dan-va-cho-dau-xe\/#primaryimage"},"image":{"@id":"https:\/\/zoo.org\/vi\/huong-dan-va-cho-dau-xe\/#primaryimage"},"thumbnailUrl":"https:\/\/zoo.org\/wp-content\/uploads\/2025\/08\/RS33694_2017_-WPZ-AERIALS-2-web.jpg?wsr","datePublished":"2025-08-12T22:30:42+00:00","dateModified":"2025-12-20T02:21:50+00:00","description":"L\u00ean k\u1ebf ho\u1ea1ch cho chuy\u1ebfn th\u0103m c\u1ee7a b\u1ea1n: h\u01b0\u1edbng d\u1eabn \u0111\u01b0\u1eddng \u0111i v\u00e0 b\u00e3i \u0111\u1eadu xe t\u1ea1i V\u01b0\u1eddn th\u00fa Woodland Park \u1edf Seattle.","breadcrumb":{"@id":"https:\/\/zoo.org\/vi\/huong-dan-va-cho-dau-xe\/#breadcrumb"},"inLanguage":"vi","potentialAction":[{"@type":"ReadAction","target":["https:\/\/zoo.org\/vi\/huong-dan-va-cho-dau-xe\/"]}]},{"@type":"ImageObject","inLanguage":"vi","@id":"https:\/\/zoo.org\/vi\/huong-dan-va-cho-dau-xe\/#primaryimage","url":"https:\/\/zoo.org\/wp-content\/uploads\/2025\/08\/RS33694_2017_-WPZ-AERIALS-2-web.jpg?wsr","contentUrl":"https:\/\/zoo.org\/wp-content\/uploads\/2025\/08\/RS33694_2017_-WPZ-AERIALS-2-web.jpg?wsr","width":940,"height":627,"caption":"\u1ea2nh ch\u1ee5p t\u1eeb tr\u00ean cao c\u1ee7a v\u01b0\u1eddn th\u00fa v\u1edbi nh\u1eefng t\u00e1n c\u00e2y xanh m\u01b0\u1edbt, bao quanh l\u00e0 c\u00e1c con ph\u1ed1 v\u00e0 t\u00f2a nh\u00e0 \u0111\u00f4 th\u1ecb, ph\u00eda sau l\u00e0 m\u1ed9t h\u1ed3 n\u01b0\u1edbc l\u1edbn v\u00e0 khung c\u1ea3nh th\u00e0nh ph\u1ed1 tr\u1ea3i d\u00e0i d\u01b0\u1edbi b\u1ea7u tr\u1eddi trong xanh."},{"@type":"BreadcrumbList","@id":"https:\/\/zoo.org\/vi\/huong-dan-va-cho-dau-xe\/#breadcrumb","itemListElement":[{"@type":"ListItem","position":1,"name":"Trang ch\u1ee7","item":"https:\/\/zoo.org\/vi\/"},{"@type":"ListItem","position":2,"name":"H\u01b0\u1edbng d\u1eabn v\u00e0 ch\u1ed7 \u0111\u1eadu xe"}]},{"@type":"WebSite","@id":"https:\/\/zoo.org\/vi\/#website","url":"https:\/\/zoo.org\/vi\/","name":"V\u01b0\u1eddn th\u00fa Woodland Park","description":"V\u01b0\u1eddn th\u00fa Woodland Park c\u1ee9u s\u1ed1ng \u0111\u1ed9ng v\u1eadt hoang d\u00e3 v\u00e0 truy\u1ec1n c\u1ea3m h\u1ee9ng cho m\u1ecdi ng\u01b0\u1eddi coi b\u1ea3o t\u1ed3n l\u00e0 \u01b0u ti\u00ean h\u00e0ng \u0111\u1ea7u trong cu\u1ed9c s\u1ed1ng c\u1ee7a m\u00ecnh.","publisher":{"@id":"https:\/\/zoo.org\/vi\/#organization"},"potentialAction":[{"@type":"SearchAction","target":{"@type":"EntryPoint","urlTemplate":"https:\/\/zoo.org\/vi\/?s={search_term_string}"},"query-input":{"@type":"PropertyValueSpecification","valueRequired":true,"valueName":"search_term_string"}}],"inLanguage":"vi"},{"@type":"Organization","@id":"https:\/\/zoo.org\/vi\/#organization","name":"V\u01b0\u1eddn th\u00fa Woodland Park","url":"https:\/\/zoo.org\/vi\/","logo":{"@type":"ImageObject","inLanguage":"vi","@id":"https:\/\/zoo.org\/vi\/#\/schema\/logo\/image\/","url":"https:\/\/zoo.org\/wp-content\/uploads\/2026\/01\/WPZ-Logo_white-SVG.svg?wsr","contentUrl":"https:\/\/zoo.org\/wp-content\/uploads\/2026\/01\/WPZ-Logo_white-SVG.svg?wsr","width":288,"height":282,"caption":"V\u01b0\u1eddn th\u00fa Woodland Park"},"image":{"@id":"https:\/\/zoo.org\/vi\/#\/schema\/logo\/image\/"}}]}},"taxonomy_info":[],"featured_image_src_large":["https:\/\/zoo.org\/wp-content\/uploads\/2025\/08\/RS33694_2017_-WPZ-AERIALS-2-web.jpg?wsr",940,627,false],"author_info":{"display_name":"jloughlin","author_link":"https:\/\/zoo.org\/vi\/author\/jloughlin\/"},"comment_info":0,"_links":{"self":[{"href":"https:\/\/zoo.org\/vi\/wp-json\/wp\/v2\/pages\/12190","targetHints":{"allow":["GET"]}}],"collection":[{"href":"https:\/\/zoo.org\/vi\/wp-json\/wp\/v2\/pages"}],"about":[{"href":"https:\/\/zoo.org\/vi\/wp-json\/wp\/v2\/types\/page"}],"author":[{"embeddable":true,"href":"https:\/\/zoo.org\/vi\/wp-json\/wp\/v2\/users\/1"}],"replies":[{"embeddable":true,"href":"https:\/\/zoo.org\/vi\/wp-json\/wp\/v2\/comments?post=12190"}],"version-history":[{"count":0,"href":"https:\/\/zoo.org\/vi\/wp-json\/wp\/v2\/pages\/12190\/revisions"}],"wp:featuredmedia":[{"embeddable":true,"href":"https:\/\/zoo.org\/vi\/wp-json\/wp\/v2\/media\/10437"}],"wp:attachment":[{"href":"https:\/\/zoo.org\/vi\/wp-json\/wp\/v2\/media?parent=12190"}],"curies":[{"name":"wp","href":"https:\/\/api.w.org\/{rel}","templated":true}]}}