{"id":12280,"date":"2025-08-14T14:42:47","date_gmt":"2025-08-14T21:42:47","guid":{"rendered":"https:\/\/zoo.org\/hom-nay-tai-so-thu\/chuong-trinh-hang-ngay\/"},"modified":"2026-03-30T09:40:52","modified_gmt":"2026-03-30T16:40:52","slug":"chuong-trinh-hang-ngay","status":"publish","type":"page","link":"https:\/\/zoo.org\/vi\/hom-nay-tai-so-thu\/chuong-trinh-hang-ngay\/","title":{"rendered":"Ch\u01b0\u01a1ng tr\u00ecnh h\u00e0ng ng\u00e0y"},"content":{"rendered":"\n<div class=\"wp-block-cover alignfull hero\" style=\"margin-top:0;margin-bottom:0\"><img loading=\"lazy\" decoding=\"async\" width=\"1920\" height=\"400\" class=\"wp-block-cover__image-background wp-image-1157 size-full\" alt=\"\" src=\"http:\/\/zoo.org\/wp-content\/uploads\/2025\/05\/Lynx-Forest-Header-Image.jpg\" data-object-fit=\"cover\" srcset=\"https:\/\/zoo.org\/wp-content\/uploads\/2025\/05\/Lynx-Forest-Header-Image.jpg 1920w, https:\/\/zoo.org\/wp-content\/uploads\/2025\/05\/Lynx-Forest-Header-Image-300x63.jpg 300w, https:\/\/zoo.org\/wp-content\/uploads\/2025\/05\/Lynx-Forest-Header-Image-1024x213.jpg 1024w, https:\/\/zoo.org\/wp-content\/uploads\/2025\/05\/Lynx-Forest-Header-Image-768x160.jpg 768w, https:\/\/zoo.org\/wp-content\/uploads\/2025\/05\/Lynx-Forest-Header-Image-1536x320.jpg 1536w\" sizes=\"auto, (max-width: 1920px) 100vw, 1920px\" \/><span aria-hidden=\"true\" class=\"wp-block-cover__background has-background-dim-0 has-background-dim\" style=\"background-color:#636e5d\"><\/span><div class=\"wp-block-cover__inner-container is-layout-constrained wp-block-cover-is-layout-constrained\">\n<p class=\"has-text-align-center has-large-font-size\"><\/p>\n<\/div><\/div>\n\n<div class=\"wp-block-group is-layout-constrained wp-block-group-is-layout-constrained\" style=\"margin-top:2em;margin-bottom:3em\">\n<h1 class=\"wp-block-heading has-text-align-center\" style=\"margin-top:0.65em;margin-bottom:0.275em\">H\u00d4M NAY T\u1ea0I S\u1ede TH\u00da<\/h1>\n\n\n\n<p class=\"has-text-align-center has-palette-color-3-color has-text-color has-link-color wp-elements-744ba5f1b126e421c34495d938e6de6d\" style=\"margin-bottom:1em;font-size:clamp(0.984em, 0.984rem + ((1vw - 0.2em) * 0.645), 1.5em);font-style:normal;font-weight:500;line-height:1.5\"><strong><strong><strong><strong><strong>C\u00e1c ho\u1ea1t \u0111\u1ed9ng h\u00e0ng ng\u00e0y \u0111\u01b0\u1ee3c cung c\u1ea5p \u0111\u1ebfn h\u1ebft ng\u00e0y 30 th\u00e1ng 4 n\u0103m 2026.<\/strong><\/strong><\/strong><\/strong><\/strong><\/p>\n\n\n\n<p class=\"has-text-align-center has-palette-color-3-color has-text-color has-link-color wp-elements-08288e26592621d9735b133ebedaf978\" style=\"margin-bottom:1em;font-size:clamp(0.984em, 0.984rem + ((1vw - 0.2em) * 0.645), 1.5em);line-height:1.5\">C\u00e1c ho\u1ea1t \u0111\u1ed9ng \u0111\u1ec1u mi\u1ec5n ph\u00ed khi mua v\u00e9 v\u00e0o v\u01b0\u1eddn th\u00fa, tr\u1eeb nh\u1eefng tr\u01b0\u1eddng h\u1ee3p c\u00f3 ghi ch\u00fa kh\u00e1c.<br\/> Ch\u01b0\u01a1ng tr\u00ecnh c\u00f3 th\u1ec3 b\u1ecb h\u1ee7y t\u00f9y thu\u1ed9c v\u00e0o \u0111i\u1ec1u ki\u1ec7n th\u1eddi ti\u1ebft v\u00e0 t\u00ecnh tr\u1ea1ng c\u1ee7a \u0111\u1ed9ng v\u1eadt.<\/p>\n<\/div>\n\n<div class=\"wp-block-group alignfull divider is-layout-constrained wp-block-group-is-layout-constrained\">\n<h2 class=\"wp-block-heading alignfull has-text-align-center\">Ch\u01b0\u01a1ng tr\u00ecnh h\u00e0ng ng\u00e0y<\/h2>\n\n\n\n<p class=\"has-text-align-center\" style=\"margin-top:0.5em;margin-bottom:0.5em\"><strong><em>* bi\u1ec3u th\u1ecb ho\u1ea1t \u0111\u1ed9ng c\u00f3 thu ph\u00ed<\/em><\/strong><\/p>\n<\/div>\n\n<div class=\"wp-block-group is-layout-constrained wp-block-group-is-layout-constrained\" style=\"margin-top:var(--wp--preset--spacing--60);margin-bottom:var(--wp--preset--spacing--60)\"><style>.kt-sc3251_612d1b-56 .kt-sc-imgcol, .kt-sc3251_612d1b-56 .kt-sc-textcol{min-height:345px;}.kt-sc3251_612d1b-56 .kt-sc-imgcol{background-size:cover;background-image:url(https:\/\/zoo.org\/wp-content\/uploads\/2025\/08\/2022-Horticulture-Garden-Staff-web.jpg);}.kt-sc3251_612d1b-56 .kt-sc-textcol{padding-top:1em;padding-right:1.5em;padding-bottom:1em;padding-left:1.5em;}@media all and (max-width: 767px){.kt-sc3251_612d1b-56 .kt-sc-imgcol, .kt-sc3251_612d1b-56 .kt-sc-textcol{min-height:275px;}}<\/style>\n<div class=\"aligncenter kt-sc3251_612d1b-56 wp-block-kadence-splitcontent\"><div class=\"kt-split-content-wrap kt-sc-media-side-left\" style=\"grid-template-columns:32% auto\"><div class=\"kt-sc-imgcol kt-sc-imgcol-bg-cover kt-sc-img-side-left\"><\/div><div class=\"kt-sc-textcol kt-sc-text-valign-center kt-sc-text-halign-left\" style=\"background-color:var(--theme-palette-color-17, #E6E6E6)\"><div class=\"kt-sc-innter-col\">\n<h3 class=\"wp-block-heading\">Tr\u00f2 chuy\u1ec7n c\u1ee7a ng\u01b0\u1eddi l\u00e0m v\u01b0\u1eddn<\/h3>\n\n\n\n<h4 class=\"wp-block-heading\">V\u01b0\u01a1ng qu\u1ed1c b\u00f2 s\u00e1t<\/h4>\n\n\n\n<p style=\"margin-bottom:var(--wp--preset--spacing--40)\"><strong>1 gi\u1edd 30 chi\u1ec1u th\u1ee9 Hai <\/strong><\/p>\n\n\n\n<p>C\u00e1c nh\u00e2n vi\u00ean l\u00e0m v\u01b0\u1eddn c\u1ee7a s\u1edf th\u00fa ch\u0103m s\u00f3c c\u00e1c lo\u1ea1i c\u00e2y t\u1eeb kh\u1eafp n\u01a1i tr\u00ean th\u1ebf gi\u1edbi ngay t\u1ea1i khu\u00f4n vi\u00ean s\u1edf th\u00fa. H\u00e3y c\u00f9ng m\u1ed9t nh\u00e2n vi\u00ean l\u00e0m v\u01b0\u1eddn t\u00ecm hi\u1ec3u v\u1ec1 m\u1ed9t s\u1ed1 lo\u00e0i th\u1ef1c v\u1eadt nhi\u1ec7t \u0111\u1edbi m\u00e0 b\u1ea1n s\u1ebd b\u1eaft g\u1eb7p trong s\u1edf th\u00fa, bao g\u1ed3m c\u1ea3 hoa lan v\u00e0 c\u00e2y \u0103n th\u1ecbt. <\/p>\n<\/div><\/div><\/div><\/div>\n<\/div>\n\n<div class=\"wp-block-group is-layout-constrained wp-block-group-is-layout-constrained\" style=\"margin-top:var(--wp--preset--spacing--60);margin-bottom:var(--wp--preset--spacing--60)\"><style>.kt-sc3251_8b45cc-3e .kt-sc-imgcol, .kt-sc3251_8b45cc-3e .kt-sc-textcol{min-height:345px;}.kt-sc3251_8b45cc-3e .kt-sc-imgcol{background-size:cover;background-image:url(https:\/\/zoo.org\/wp-content\/uploads\/2025\/08\/JP-2021-Auction-3-Progressive-Wine-Tasting-Penguin-web.jpg);}.kt-sc3251_8b45cc-3e .kt-sc-textcol{padding-top:1em;padding-right:1.5em;padding-bottom:1em;padding-left:1.5em;}@media all and (max-width: 767px){.kt-sc3251_8b45cc-3e .kt-sc-imgcol, .kt-sc3251_8b45cc-3e .kt-sc-textcol{min-height:275px;}}<\/style>\n<div class=\"aligncenter kt-sc3251_8b45cc-3e wp-block-kadence-splitcontent\"><div class=\"kt-split-content-wrap kt-sc-media-side-left\" style=\"grid-template-columns:32% auto\"><div class=\"kt-sc-imgcol kt-sc-imgcol-bg-cover kt-sc-img-side-left\"><\/div><div class=\"kt-sc-textcol kt-sc-text-valign-center kt-sc-text-halign-left\" style=\"background-color:var(--theme-palette-color-17, #E6E6E6)\"><div class=\"kt-sc-innter-col\">\n<h3 class=\"wp-block-heading\">Gi\u1edd \u0103n nh\u1eb9 c\u1ee7a chim c\u00e1nh c\u1ee5t<\/h3>\n\n\n\n<h4 class=\"wp-block-heading\">Tri\u1ec3n l\u00e3m chim c\u00e1nh c\u1ee5t Humboldt<\/h4>\n\n\n\n<p style=\"margin-bottom:var(--wp--preset--spacing--40)\"><strong>2:30 chi\u1ec1u Th\u1ee9 B\u1ea3y v\u00e0 Ch\u1ee7 Nh\u1eadt <\/strong><\/p>\n\n\n\n<p>\u0110\u00e0n chim c\u00e1nh c\u1ee5t Humboldt c\u1ee7a s\u1edf th\u00fa l\u00e0 n\u01a1i sinh s\u1ed1ng c\u1ee7a h\u01a1n 30 c\u00e1 th\u1ec3, m\u1ed7i c\u00e1 th\u1ec3 \u0111\u1ec1u c\u00f3 nh\u1eefng t\u00ednh c\u00e1ch ri\u00eang bi\u1ec7t. H\u00e3y \u0111\u1ebfn v\u00e0 l\u1eafng nghe nh\u1eefng c\u00e2u chuy\u1ec7n th\u00fa v\u1ecb, k\u1ecbch t\u00ednh v\u00e0 h\u00e0i h\u01b0\u1edbc g\u1ea7n \u0111\u00e2y gi\u1eefa c\u00e1c ch\u00fa chim c\u00e1nh c\u1ee5t trong khi quan s\u00e1t c\u1ea3 \u0111\u00e0n nh\u1eadn b\u1eefa \u0103n nh\u1eb9 bu\u1ed5i chi\u1ec1u. <\/p>\n<\/div><\/div><\/div><\/div>\n<\/div>\n","protected":false},"excerpt":{"rendered":"<p>H\u00d4M NAY T\u1ea0I S\u1ede TH\u00da C\u00e1c ho\u1ea1t \u0111\u1ed9ng h\u00e0ng ng\u00e0y \u0111\u01b0\u1ee3c cung c\u1ea5p \u0111\u1ebfn h\u1ebft ng\u00e0y 30 th\u00e1ng 4 n\u0103m 2026. C\u00e1c ho\u1ea1t \u0111\u1ed9ng \u0111\u1ec1u mi\u1ec5n ph\u00ed khi mua v\u00e9 [&hellip;]<\/p>\n","protected":false},"author":1,"featured_media":10229,"parent":12237,"menu_order":0,"comment_status":"closed","ping_status":"closed","template":"","meta":{"_acf_changed":false,"_kad_blocks_custom_css":"","_kad_blocks_head_custom_js":"","_kad_blocks_body_custom_js":"","_kad_blocks_footer_custom_js":"","footnotes":""},"class_list":["post-12280","page","type-page","status-publish","has-post-thumbnail","hentry"],"blocksy_meta":[],"acf":[],"yoast_head":"<!-- This site is optimized with the Yoast SEO plugin v27.3 - https:\/\/yoast.com\/product\/yoast-seo-wordpress\/ -->\n<title>Ch\u01b0\u01a1ng tr\u00ecnh h\u00e0ng ng\u00e0y - V\u01b0\u1eddn th\u00fa Woodland Park<\/title>\n<meta name=\"description\" content=\"C\u00e1c ch\u01b0\u01a1ng tr\u00ecnh h\u00e0ng ng\u00e0y t\u1ea1i V\u01b0\u1eddn th\u00fa Woodland Park \u1edf Seattle.\" \/>\n<meta name=\"robots\" content=\"index, follow, max-snippet:-1, max-image-preview:large, max-video-preview:-1\" \/>\n<link rel=\"canonical\" href=\"https:\/\/zoo.org\/vi\/hom-nay-tai-so-thu\/chuong-trinh-hang-ngay\/\" \/>\n<meta property=\"og:locale\" content=\"vi_VN\" \/>\n<meta property=\"og:type\" content=\"article\" \/>\n<meta property=\"og:title\" content=\"Ch\u01b0\u01a1ng tr\u00ecnh h\u00e0ng ng\u00e0y - V\u01b0\u1eddn th\u00fa Woodland Park\" \/>\n<meta property=\"og:description\" content=\"C\u00e1c ch\u01b0\u01a1ng tr\u00ecnh h\u00e0ng ng\u00e0y t\u1ea1i V\u01b0\u1eddn th\u00fa Woodland Park \u1edf Seattle.\" \/>\n<meta property=\"og:url\" content=\"https:\/\/zoo.org\/vi\/hom-nay-tai-so-thu\/chuong-trinh-hang-ngay\/\" \/>\n<meta property=\"og:site_name\" content=\"V\u01b0\u1eddn th\u00fa Woodland Park\" \/>\n<meta property=\"article:modified_time\" content=\"2026-03-30T16:40:52+00:00\" \/>\n<meta property=\"og:image\" content=\"https:\/\/zoo.org\/wp-content\/uploads\/2025\/08\/west-entrance.jpg?wsr\" \/>\n\t<meta property=\"og:image:width\" content=\"800\" \/>\n\t<meta property=\"og:image:height\" content=\"531\" \/>\n\t<meta property=\"og:image:type\" content=\"image\/jpeg\" \/>\n<meta name=\"twitter:card\" content=\"summary_large_image\" \/>\n<script type=\"application\/ld+json\" class=\"yoast-schema-graph\">{\"@context\":\"https:\\\/\\\/schema.org\",\"@graph\":[{\"@type\":\"WebPage\",\"@id\":\"https:\\\/\\\/zoo.org\\\/vi\\\/hom-nay-tai-so-thu\\\/chuong-trinh-hang-ngay\\\/\",\"url\":\"https:\\\/\\\/zoo.org\\\/vi\\\/hom-nay-tai-so-thu\\\/chuong-trinh-hang-ngay\\\/\",\"name\":\"Ch\u01b0\u01a1ng tr\u00ecnh h\u00e0ng ng\u00e0y - V\u01b0\u1eddn th\u00fa Woodland Park\",\"isPartOf\":{\"@id\":\"https:\\\/\\\/zoo.org\\\/vi\\\/#website\"},\"primaryImageOfPage\":{\"@id\":\"https:\\\/\\\/zoo.org\\\/vi\\\/hom-nay-tai-so-thu\\\/chuong-trinh-hang-ngay\\\/#primaryimage\"},\"image\":{\"@id\":\"https:\\\/\\\/zoo.org\\\/vi\\\/hom-nay-tai-so-thu\\\/chuong-trinh-hang-ngay\\\/#primaryimage\"},\"thumbnailUrl\":\"https:\\\/\\\/zoo.org\\\/wp-content\\\/uploads\\\/2025\\\/08\\\/west-entrance.jpg?wsr\",\"datePublished\":\"2025-08-14T21:42:47+00:00\",\"dateModified\":\"2026-03-30T16:40:52+00:00\",\"description\":\"C\u00e1c ch\u01b0\u01a1ng tr\u00ecnh h\u00e0ng ng\u00e0y t\u1ea1i V\u01b0\u1eddn th\u00fa Woodland Park \u1edf Seattle.\",\"breadcrumb\":{\"@id\":\"https:\\\/\\\/zoo.org\\\/vi\\\/hom-nay-tai-so-thu\\\/chuong-trinh-hang-ngay\\\/#breadcrumb\"},\"inLanguage\":\"vi\",\"potentialAction\":[{\"@type\":\"ReadAction\",\"target\":[\"https:\\\/\\\/zoo.org\\\/vi\\\/hom-nay-tai-so-thu\\\/chuong-trinh-hang-ngay\\\/\"]}]},{\"@type\":\"ImageObject\",\"inLanguage\":\"vi\",\"@id\":\"https:\\\/\\\/zoo.org\\\/vi\\\/hom-nay-tai-so-thu\\\/chuong-trinh-hang-ngay\\\/#primaryimage\",\"url\":\"https:\\\/\\\/zoo.org\\\/wp-content\\\/uploads\\\/2025\\\/08\\\/west-entrance.jpg?wsr\",\"contentUrl\":\"https:\\\/\\\/zoo.org\\\/wp-content\\\/uploads\\\/2025\\\/08\\\/west-entrance.jpg?wsr\",\"width\":800,\"height\":531,\"caption\":\"V\u00e0o m\u1ed9t ng\u00e0y n\u1eafng \u0111\u1eb9p, m\u1ecdi ng\u01b0\u1eddi \u0111i d\u1ea1o v\u00e0 t\u1ee5 t\u1eadp b\u00ean ngo\u00e0i l\u1ed1i v\u00e0o s\u1edf th\u00fa, c\u00f3 th\u1ec3 th\u1ea5y c\u00e1c gia \u0111\u00ecnh, tr\u1ebb em v\u00e0 xe \u0111\u1ea9y em b\u00e9; ph\u00eda sau l\u00e0 nh\u1eefng h\u00e0ng c\u00e2y xanh v\u00e0 m\u1ed9t t\u00f2a nh\u00e0 hi\u1ec7n \u0111\u1ea1i.\"},{\"@type\":\"BreadcrumbList\",\"@id\":\"https:\\\/\\\/zoo.org\\\/vi\\\/hom-nay-tai-so-thu\\\/chuong-trinh-hang-ngay\\\/#breadcrumb\",\"itemListElement\":[{\"@type\":\"ListItem\",\"position\":1,\"name\":\"Trang ch\u1ee7\",\"item\":\"https:\\\/\\\/zoo.org\\\/vi\\\/\"},{\"@type\":\"ListItem\",\"position\":2,\"name\":\"H\u00f4m nay t\u1ea1i s\u1edf th\u00fa\",\"item\":\"https:\\\/\\\/zoo.org\\\/vi\\\/hom-nay-tai-so-thu\\\/\"},{\"@type\":\"ListItem\",\"position\":3,\"name\":\"Ch\u01b0\u01a1ng tr\u00ecnh h\u00e0ng ng\u00e0y\"}]},{\"@type\":\"WebSite\",\"@id\":\"https:\\\/\\\/zoo.org\\\/vi\\\/#website\",\"url\":\"https:\\\/\\\/zoo.org\\\/vi\\\/\",\"name\":\"V\u01b0\u1eddn th\u00fa Woodland Park\",\"description\":\"V\u01b0\u1eddn th\u00fa Woodland Park c\u1ee9u s\u1ed1ng \u0111\u1ed9ng v\u1eadt hoang d\u00e3 v\u00e0 truy\u1ec1n c\u1ea3m h\u1ee9ng cho m\u1ecdi ng\u01b0\u1eddi coi b\u1ea3o t\u1ed3n l\u00e0 \u01b0u ti\u00ean h\u00e0ng \u0111\u1ea7u trong cu\u1ed9c s\u1ed1ng c\u1ee7a m\u00ecnh.\",\"publisher\":{\"@id\":\"https:\\\/\\\/zoo.org\\\/vi\\\/#organization\"},\"potentialAction\":[{\"@type\":\"SearchAction\",\"target\":{\"@type\":\"EntryPoint\",\"urlTemplate\":\"https:\\\/\\\/zoo.org\\\/vi\\\/?s={search_term_string}\"},\"query-input\":{\"@type\":\"PropertyValueSpecification\",\"valueRequired\":true,\"valueName\":\"search_term_string\"}}],\"inLanguage\":\"vi\"},{\"@type\":\"Organization\",\"@id\":\"https:\\\/\\\/zoo.org\\\/vi\\\/#organization\",\"name\":\"V\u01b0\u1eddn th\u00fa Woodland Park\",\"url\":\"https:\\\/\\\/zoo.org\\\/vi\\\/\",\"logo\":{\"@type\":\"ImageObject\",\"inLanguage\":\"vi\",\"@id\":\"https:\\\/\\\/zoo.org\\\/vi\\\/#\\\/schema\\\/logo\\\/image\\\/\",\"url\":\"https:\\\/\\\/zoo.org\\\/wp-content\\\/uploads\\\/2026\\\/01\\\/WPZ-Logo_white-SVG.svg?wsr\",\"contentUrl\":\"https:\\\/\\\/zoo.org\\\/wp-content\\\/uploads\\\/2026\\\/01\\\/WPZ-Logo_white-SVG.svg?wsr\",\"width\":288,\"height\":282,\"caption\":\"V\u01b0\u1eddn th\u00fa Woodland Park\"},\"image\":{\"@id\":\"https:\\\/\\\/zoo.org\\\/vi\\\/#\\\/schema\\\/logo\\\/image\\\/\"}}]}<\/script>\n<!-- \/ Yoast SEO plugin. -->","yoast_head_json":{"title":"Ch\u01b0\u01a1ng tr\u00ecnh h\u00e0ng ng\u00e0y - V\u01b0\u1eddn th\u00fa Woodland Park","description":"C\u00e1c ch\u01b0\u01a1ng tr\u00ecnh h\u00e0ng ng\u00e0y t\u1ea1i V\u01b0\u1eddn th\u00fa Woodland Park \u1edf Seattle.","robots":{"index":"index","follow":"follow","max-snippet":"max-snippet:-1","max-image-preview":"max-image-preview:large","max-video-preview":"max-video-preview:-1"},"canonical":"https:\/\/zoo.org\/vi\/hom-nay-tai-so-thu\/chuong-trinh-hang-ngay\/","og_locale":"vi_VN","og_type":"article","og_title":"Ch\u01b0\u01a1ng tr\u00ecnh h\u00e0ng ng\u00e0y - V\u01b0\u1eddn th\u00fa Woodland Park","og_description":"C\u00e1c ch\u01b0\u01a1ng tr\u00ecnh h\u00e0ng ng\u00e0y t\u1ea1i V\u01b0\u1eddn th\u00fa Woodland Park \u1edf Seattle.","og_url":"https:\/\/zoo.org\/vi\/hom-nay-tai-so-thu\/chuong-trinh-hang-ngay\/","og_site_name":"V\u01b0\u1eddn th\u00fa Woodland Park","article_modified_time":"2026-03-30T16:40:52+00:00","og_image":[{"width":800,"height":531,"url":"https:\/\/zoo.org\/wp-content\/uploads\/2025\/08\/west-entrance.jpg?wsr","type":"image\/jpeg"}],"twitter_card":"summary_large_image","schema":{"@context":"https:\/\/schema.org","@graph":[{"@type":"WebPage","@id":"https:\/\/zoo.org\/vi\/hom-nay-tai-so-thu\/chuong-trinh-hang-ngay\/","url":"https:\/\/zoo.org\/vi\/hom-nay-tai-so-thu\/chuong-trinh-hang-ngay\/","name":"Ch\u01b0\u01a1ng tr\u00ecnh h\u00e0ng ng\u00e0y - V\u01b0\u1eddn th\u00fa Woodland Park","isPartOf":{"@id":"https:\/\/zoo.org\/vi\/#website"},"primaryImageOfPage":{"@id":"https:\/\/zoo.org\/vi\/hom-nay-tai-so-thu\/chuong-trinh-hang-ngay\/#primaryimage"},"image":{"@id":"https:\/\/zoo.org\/vi\/hom-nay-tai-so-thu\/chuong-trinh-hang-ngay\/#primaryimage"},"thumbnailUrl":"https:\/\/zoo.org\/wp-content\/uploads\/2025\/08\/west-entrance.jpg?wsr","datePublished":"2025-08-14T21:42:47+00:00","dateModified":"2026-03-30T16:40:52+00:00","description":"C\u00e1c ch\u01b0\u01a1ng tr\u00ecnh h\u00e0ng ng\u00e0y t\u1ea1i V\u01b0\u1eddn th\u00fa Woodland Park \u1edf Seattle.","breadcrumb":{"@id":"https:\/\/zoo.org\/vi\/hom-nay-tai-so-thu\/chuong-trinh-hang-ngay\/#breadcrumb"},"inLanguage":"vi","potentialAction":[{"@type":"ReadAction","target":["https:\/\/zoo.org\/vi\/hom-nay-tai-so-thu\/chuong-trinh-hang-ngay\/"]}]},{"@type":"ImageObject","inLanguage":"vi","@id":"https:\/\/zoo.org\/vi\/hom-nay-tai-so-thu\/chuong-trinh-hang-ngay\/#primaryimage","url":"https:\/\/zoo.org\/wp-content\/uploads\/2025\/08\/west-entrance.jpg?wsr","contentUrl":"https:\/\/zoo.org\/wp-content\/uploads\/2025\/08\/west-entrance.jpg?wsr","width":800,"height":531,"caption":"V\u00e0o m\u1ed9t ng\u00e0y n\u1eafng \u0111\u1eb9p, m\u1ecdi ng\u01b0\u1eddi \u0111i d\u1ea1o v\u00e0 t\u1ee5 t\u1eadp b\u00ean ngo\u00e0i l\u1ed1i v\u00e0o s\u1edf th\u00fa, c\u00f3 th\u1ec3 th\u1ea5y c\u00e1c gia \u0111\u00ecnh, tr\u1ebb em v\u00e0 xe \u0111\u1ea9y em b\u00e9; ph\u00eda sau l\u00e0 nh\u1eefng h\u00e0ng c\u00e2y xanh v\u00e0 m\u1ed9t t\u00f2a nh\u00e0 hi\u1ec7n \u0111\u1ea1i."},{"@type":"BreadcrumbList","@id":"https:\/\/zoo.org\/vi\/hom-nay-tai-so-thu\/chuong-trinh-hang-ngay\/#breadcrumb","itemListElement":[{"@type":"ListItem","position":1,"name":"Trang ch\u1ee7","item":"https:\/\/zoo.org\/vi\/"},{"@type":"ListItem","position":2,"name":"H\u00f4m nay t\u1ea1i s\u1edf th\u00fa","item":"https:\/\/zoo.org\/vi\/hom-nay-tai-so-thu\/"},{"@type":"ListItem","position":3,"name":"Ch\u01b0\u01a1ng tr\u00ecnh h\u00e0ng ng\u00e0y"}]},{"@type":"WebSite","@id":"https:\/\/zoo.org\/vi\/#website","url":"https:\/\/zoo.org\/vi\/","name":"V\u01b0\u1eddn th\u00fa Woodland Park","description":"V\u01b0\u1eddn th\u00fa Woodland Park c\u1ee9u s\u1ed1ng \u0111\u1ed9ng v\u1eadt hoang d\u00e3 v\u00e0 truy\u1ec1n c\u1ea3m h\u1ee9ng cho m\u1ecdi ng\u01b0\u1eddi coi b\u1ea3o t\u1ed3n l\u00e0 \u01b0u ti\u00ean h\u00e0ng \u0111\u1ea7u trong cu\u1ed9c s\u1ed1ng c\u1ee7a m\u00ecnh.","publisher":{"@id":"https:\/\/zoo.org\/vi\/#organization"},"potentialAction":[{"@type":"SearchAction","target":{"@type":"EntryPoint","urlTemplate":"https:\/\/zoo.org\/vi\/?s={search_term_string}"},"query-input":{"@type":"PropertyValueSpecification","valueRequired":true,"valueName":"search_term_string"}}],"inLanguage":"vi"},{"@type":"Organization","@id":"https:\/\/zoo.org\/vi\/#organization","name":"V\u01b0\u1eddn th\u00fa Woodland Park","url":"https:\/\/zoo.org\/vi\/","logo":{"@type":"ImageObject","inLanguage":"vi","@id":"https:\/\/zoo.org\/vi\/#\/schema\/logo\/image\/","url":"https:\/\/zoo.org\/wp-content\/uploads\/2026\/01\/WPZ-Logo_white-SVG.svg?wsr","contentUrl":"https:\/\/zoo.org\/wp-content\/uploads\/2026\/01\/WPZ-Logo_white-SVG.svg?wsr","width":288,"height":282,"caption":"V\u01b0\u1eddn th\u00fa Woodland Park"},"image":{"@id":"https:\/\/zoo.org\/vi\/#\/schema\/logo\/image\/"}}]}},"taxonomy_info":[],"featured_image_src_large":["https:\/\/zoo.org\/wp-content\/uploads\/2025\/08\/west-entrance.jpg?wsr",800,531,false],"author_info":{"display_name":"jloughlin","author_link":"https:\/\/zoo.org\/vi\/author\/jloughlin\/"},"comment_info":0,"_links":{"self":[{"href":"https:\/\/zoo.org\/vi\/wp-json\/wp\/v2\/pages\/12280","targetHints":{"allow":["GET"]}}],"collection":[{"href":"https:\/\/zoo.org\/vi\/wp-json\/wp\/v2\/pages"}],"about":[{"href":"https:\/\/zoo.org\/vi\/wp-json\/wp\/v2\/types\/page"}],"author":[{"embeddable":true,"href":"https:\/\/zoo.org\/vi\/wp-json\/wp\/v2\/users\/1"}],"replies":[{"embeddable":true,"href":"https:\/\/zoo.org\/vi\/wp-json\/wp\/v2\/comments?post=12280"}],"version-history":[{"count":5,"href":"https:\/\/zoo.org\/vi\/wp-json\/wp\/v2\/pages\/12280\/revisions"}],"predecessor-version":[{"id":23537,"href":"https:\/\/zoo.org\/vi\/wp-json\/wp\/v2\/pages\/12280\/revisions\/23537"}],"up":[{"embeddable":true,"href":"https:\/\/zoo.org\/vi\/wp-json\/wp\/v2\/pages\/12237"}],"wp:featuredmedia":[{"embeddable":true,"href":"https:\/\/zoo.org\/vi\/wp-json\/wp\/v2\/media\/10229"}],"wp:attachment":[{"href":"https:\/\/zoo.org\/vi\/wp-json\/wp\/v2\/media?parent=12280"}],"curies":[{"name":"wp","href":"https:\/\/api.w.org\/{rel}","templated":true}]}}