{"id":12309,"date":"2025-08-14T15:08:17","date_gmt":"2025-08-14T22:08:17","guid":{"rendered":"https:\/\/zoo.org\/hom-nay-tai-so-thu\/chuong-trinh-danh-cho-thanh-thieu-nien\/"},"modified":"2026-03-30T09:35:02","modified_gmt":"2026-03-30T16:35:02","slug":"chuong-trinh-danh-cho-thanh-thieu-nien","status":"publish","type":"page","link":"https:\/\/zoo.org\/vi\/hom-nay-tai-so-thu\/chuong-trinh-danh-cho-thanh-thieu-nien\/","title":{"rendered":"Ch\u01b0\u01a1ng tr\u00ecnh d\u00e0nh cho thanh thi\u1ebfu ni\u00ean"},"content":{"rendered":"\n<div class=\"wp-block-cover alignfull hero\" style=\"margin-top:0;margin-bottom:0\"><img loading=\"lazy\" decoding=\"async\" width=\"1920\" height=\"400\" class=\"wp-block-cover__image-background wp-image-1157 size-full\" alt=\"\" src=\"http:\/\/zoo.org\/wp-content\/uploads\/2025\/05\/Lynx-Forest-Header-Image.jpg\" data-object-fit=\"cover\" srcset=\"https:\/\/zoo.org\/wp-content\/uploads\/2025\/05\/Lynx-Forest-Header-Image.jpg 1920w, https:\/\/zoo.org\/wp-content\/uploads\/2025\/05\/Lynx-Forest-Header-Image-300x63.jpg 300w, https:\/\/zoo.org\/wp-content\/uploads\/2025\/05\/Lynx-Forest-Header-Image-1024x213.jpg 1024w, https:\/\/zoo.org\/wp-content\/uploads\/2025\/05\/Lynx-Forest-Header-Image-768x160.jpg 768w, https:\/\/zoo.org\/wp-content\/uploads\/2025\/05\/Lynx-Forest-Header-Image-1536x320.jpg 1536w\" sizes=\"auto, (max-width: 1920px) 100vw, 1920px\" \/><span aria-hidden=\"true\" class=\"wp-block-cover__background has-background-dim-0 has-background-dim\" style=\"background-color:#636e5d\"><\/span><div class=\"wp-block-cover__inner-container is-layout-constrained wp-block-cover-is-layout-constrained\">\n<p class=\"has-text-align-center has-large-font-size\"><\/p>\n<\/div><\/div>\n\n<div class=\"wp-block-group is-layout-constrained wp-block-group-is-layout-constrained\" style=\"margin-top:2em;margin-bottom:3em\">\n<h1 class=\"wp-block-heading has-text-align-center\" style=\"margin-top:0.65em;margin-bottom:0.275em\">H\u00d4M NAY T\u1ea0I S\u1ede TH\u00da<\/h1>\n\n\n\n<p class=\"has-text-align-center has-palette-color-3-color has-text-color has-link-color wp-elements-744ba5f1b126e421c34495d938e6de6d\" style=\"margin-bottom:1em;font-size:clamp(0.984em, 0.984rem + ((1vw - 0.2em) * 0.645), 1.5em);font-style:normal;font-weight:500;line-height:1.5\"><strong><strong><strong><strong><strong>C\u00e1c ho\u1ea1t \u0111\u1ed9ng h\u00e0ng ng\u00e0y \u0111\u01b0\u1ee3c cung c\u1ea5p \u0111\u1ebfn h\u1ebft ng\u00e0y 30 th\u00e1ng 4 n\u0103m 2026.<\/strong><\/strong><\/strong><\/strong><\/strong><\/p>\n\n\n\n<p class=\"has-text-align-center has-palette-color-3-color has-text-color has-link-color wp-elements-08288e26592621d9735b133ebedaf978\" style=\"margin-bottom:1em;font-size:clamp(0.984em, 0.984rem + ((1vw - 0.2em) * 0.645), 1.5em);line-height:1.5\">C\u00e1c ho\u1ea1t \u0111\u1ed9ng \u0111\u1ec1u mi\u1ec5n ph\u00ed khi mua v\u00e9 v\u00e0o v\u01b0\u1eddn th\u00fa, tr\u1eeb nh\u1eefng tr\u01b0\u1eddng h\u1ee3p c\u00f3 ghi ch\u00fa kh\u00e1c.<br\/> Ch\u01b0\u01a1ng tr\u00ecnh c\u00f3 th\u1ec3 b\u1ecb h\u1ee7y t\u00f9y thu\u1ed9c v\u00e0o \u0111i\u1ec1u ki\u1ec7n th\u1eddi ti\u1ebft v\u00e0 t\u00ecnh tr\u1ea1ng c\u1ee7a \u0111\u1ed9ng v\u1eadt.<\/p>\n<\/div>\n\n<div class=\"wp-block-group alignfull divider is-layout-constrained wp-block-group-is-layout-constrained\">\n<h2 class=\"wp-block-heading alignfull has-text-align-center\">Ch\u01b0\u01a1ng tr\u00ecnh d\u00e0nh cho thanh thi\u1ebfu ni\u00ean<\/h2>\n<\/div>\n\n<div class=\"wp-block-group is-layout-constrained wp-block-group-is-layout-constrained\" style=\"margin-top:var(--wp--preset--spacing--60);margin-bottom:var(--wp--preset--spacing--60)\"><style>.kt-sc3272_0eb334-fc .kt-sc-imgcol, .kt-sc3272_0eb334-fc .kt-sc-textcol{min-height:345px;}.kt-sc3272_0eb334-fc .kt-sc-imgcol{background-size:cover;background-image:url(https:\/\/zoo.org\/wp-content\/uploads\/2025\/08\/2006-MatHayward-Zoomazium-Logo-web.jpg);}.kt-sc3272_0eb334-fc .kt-sc-textcol{padding-top:1em;padding-right:1.5em;padding-bottom:1em;padding-left:1.5em;}@media all and (max-width: 767px){.kt-sc3272_0eb334-fc .kt-sc-imgcol, .kt-sc3272_0eb334-fc .kt-sc-textcol{min-height:275px;}}<\/style>\n<div class=\"aligncenter kt-sc3272_0eb334-fc wp-block-kadence-splitcontent\"><div class=\"kt-split-content-wrap kt-sc-media-side-left\" style=\"grid-template-columns:32% auto\"><div class=\"kt-sc-imgcol kt-sc-imgcol-bg-cover kt-sc-img-side-left\"><\/div><div class=\"kt-sc-textcol kt-sc-text-valign-center kt-sc-text-halign-left\" style=\"background-color:var(--theme-palette-color-17, #E6E6E6)\"><div class=\"kt-sc-innter-col\">\n<h3 class=\"wp-block-heading\">Zoomazium<\/h3>\n\n\n\n<p style=\"margin-bottom:var(--wp--preset--spacing--40)\"><strong>9:30 s\u00e1ng \u2013 3:00 chi\u1ec1u h\u00e0ng ng\u00e0y <\/strong><\/p>\n\n\n\n<p>V\u1edbi nhi\u1ec1u khu vui ch\u01a1i kh\u00e1c nhau d\u00e0nh cho tr\u1ebb em t\u1eeb s\u01a1 sinh \u0111\u1ebfn 8 tu\u1ed5i, \u0111\u00e2y l\u00e0 m\u1ed9t kh\u00f4ng gian trong nh\u00e0 \u0111\u1ec3 kh\u00e1m ph\u00e1, vui ch\u01a1i v\u00e0 gi\u1ea3i tr\u00ed! C\u00f2n g\u00ec th\u00fa v\u1ecb h\u01a1n vi\u1ec7c kh\u00e1m ph\u00e1 hang \u0111\u1ed9ng tr\u00ean n\u00fai, b\u0103ng qua c\u1ea7u d\u00e2y tr\u00ean t\u00e1n c\u00e2y, kh\u00e1m ph\u00e1 nh\u1eefng g\u00ec \u1ea9n d\u01b0\u1edbi v\u0169ng n\u01b0\u1edbc savana hay th\u1eadm ch\u00ed leo l\u00ean c\u00e2y cao 6 m\u00e9t?! T\u1ea5t c\u1ea3 nh\u1eefng \u0111i\u1ec1u n\u00e0y v\u00e0 nhi\u1ec1u h\u01a1n n\u1eefa \u0111ang ch\u1edd \u0111\u1ee3i nh\u1eefng \u0111\u1ee9a tr\u1ebb y\u00eau thi\u00ean nhi\u00ean kh\u00e1m ph\u00e1.  <\/p>\n\n\n\n<p><a href=\"https:\/\/zoo.org\/vi\/zoomazium\/\">T\u00ecm hi\u1ec3u th\u00eam v\u1ec1 Zoomazium<\/a><\/p>\n<\/div><\/div><\/div><\/div>\n<\/div>\n\n<div class=\"wp-block-group is-layout-constrained wp-block-group-is-layout-constrained\" style=\"margin-top:var(--wp--preset--spacing--60);margin-bottom:var(--wp--preset--spacing--60)\"><style>.kt-sc3272_b218b4-c9 .kt-sc-imgcol, .kt-sc3272_b218b4-c9 .kt-sc-textcol{min-height:345px;}.kt-sc3272_b218b4-c9 .kt-sc-imgcol{background-size:cover;background-image:url(https:\/\/zoo.org\/wp-content\/uploads\/2025\/08\/2007-RHawk-Zoo-Vet-Zoomazium.jpg);}.kt-sc3272_b218b4-c9 .kt-sc-textcol{padding-top:1em;padding-right:1.5em;padding-bottom:1em;padding-left:1.5em;}@media all and (max-width: 767px){.kt-sc3272_b218b4-c9 .kt-sc-imgcol, .kt-sc3272_b218b4-c9 .kt-sc-textcol{min-height:275px;}}<\/style>\n<div class=\"aligncenter kt-sc3272_b218b4-c9 wp-block-kadence-splitcontent\"><div class=\"kt-split-content-wrap kt-sc-media-side-left\" style=\"grid-template-columns:32% auto\"><div class=\"kt-sc-imgcol kt-sc-imgcol-bg-cover kt-sc-img-side-left\"><\/div><div class=\"kt-sc-textcol kt-sc-text-valign-center kt-sc-text-halign-left\" style=\"background-color:var(--theme-palette-color-17, #E6E6E6)\"><div class=\"kt-sc-innter-col\">\n<h3 class=\"wp-block-heading\">Ch\u01b0\u01a1ng tr\u00ecnh d\u00e0nh cho tr\u1ebb nh\u1ecf<\/h3>\n\n\n\n<h4 class=\"wp-block-heading\">Zoomazium<\/h4>\n\n\n\n<p style=\"margin-bottom:var(--wp--preset--spacing--40)\"><strong>10:30 s\u00e1ng Th\u1ee9 B\u1ea3y v\u00e0 Ch\u1ee7 Nh\u1eadt <\/strong><\/p>\n\n\n\n<p>H\u00e3y tham gia c\u00f9ng nh\u00e0 gi\u00e1o d\u1ee5c trong ch\u01b0\u01a1ng tr\u00ecnh \u0111\u01b0\u1ee3c thi\u1ebft k\u1ebf \u0111\u1eb7c bi\u1ec7t d\u00e0nh cho c\u00e1c v\u1ecb kh\u00e1ch nh\u1ecf tu\u1ed5i nh\u1ea5t c\u1ee7a ch\u00fang ta! C\u00e1c ch\u01b0\u01a1ng tr\u00ecnh r\u1ea5t \u0111a d\u1ea1ng, v\u00e0 b\u1ea1n c\u00f3 th\u1ec3 mong \u0111\u1ee3i m\u1ed9t ho\u1ea1t \u0111\u1ed9ng t\u01b0\u01a1ng t\u00e1c ng\u1eafn d\u00e0nh cho tr\u1ebb nh\u1ecf v\u00e0 ng\u01b0\u1eddi ch\u0103m s\u00f3c c\u1ee7a ch\u00fang.   <\/p>\n<\/div><\/div><\/div><\/div>\n<\/div>\n\n<div class=\"wp-block-group is-layout-constrained wp-block-group-is-layout-constrained\" style=\"margin-top:var(--wp--preset--spacing--60);margin-bottom:var(--wp--preset--spacing--60)\"><style>.kt-sc3272_89261a-e0 .kt-sc-imgcol, .kt-sc3272_89261a-e0 .kt-sc-textcol{min-height:345px;}.kt-sc3272_89261a-e0 .kt-sc-imgcol{background-size:cover;background-image:url(https:\/\/zoo.org\/wp-content\/uploads\/2026\/02\/2009-Zoomazium-Puppet-Show-RHawk-011860.jpg);}.kt-sc3272_89261a-e0 .kt-sc-textcol{padding-top:1em;padding-right:1.5em;padding-bottom:1em;padding-left:1.5em;}@media all and (max-width: 767px){.kt-sc3272_89261a-e0 .kt-sc-imgcol, .kt-sc3272_89261a-e0 .kt-sc-textcol{min-height:275px;}}<\/style>\n<div class=\"aligncenter kt-sc3272_89261a-e0 wp-block-kadence-splitcontent\"><div class=\"kt-split-content-wrap kt-sc-media-side-left\" style=\"grid-template-columns:32% auto\"><div class=\"kt-sc-imgcol kt-sc-imgcol-bg-cover kt-sc-img-side-left\"><\/div><div class=\"kt-sc-textcol kt-sc-text-valign-center kt-sc-text-halign-left\" style=\"background-color:var(--theme-palette-color-17, #E6E6E6)\"><div class=\"kt-sc-innter-col\">\n<h3 class=\"wp-block-heading\">M\u00faa r\u1ed1i<\/h3>\n\n\n\n<h4 class=\"wp-block-heading\">Zoomazium<\/h4>\n\n\n\n<p style=\"margin-bottom:var(--wp--preset--spacing--40)\"><strong>1 gi\u1edd chi\u1ec1u Th\u1ee9 B\u1ea3y<\/strong><\/p>\n\n\n\n<p>H\u00e3y \u0111\u1ebfn g\u1eb7p d\u00e0n r\u1ed1i \u0111\u1ed9ng v\u1eadt s\u1ebd h\u00e1t v\u00e0 nh\u1ea3y theo m\u1ed9t b\u00e0i h\u00e1t thi\u1ebfu nhi ch\u1ee7 \u0111\u1ec1 \u0111\u1ed9ng v\u1eadt t\u1ea1i nh\u00e0 h\u00e1t r\u1ed1i c\u1ee7a Zoomazium!<\/p>\n<\/div><\/div><\/div><\/div>\n<\/div>\n","protected":false},"excerpt":{"rendered":"<p>H\u00d4M NAY T\u1ea0I S\u1ede TH\u00da C\u00e1c ho\u1ea1t \u0111\u1ed9ng h\u00e0ng ng\u00e0y \u0111\u01b0\u1ee3c cung c\u1ea5p \u0111\u1ebfn h\u1ebft ng\u00e0y 30 th\u00e1ng 4 n\u0103m 2026. C\u00e1c ho\u1ea1t \u0111\u1ed9ng \u0111\u1ec1u mi\u1ec5n ph\u00ed khi mua v\u00e9 [&hellip;]<\/p>\n","protected":false},"author":1,"featured_media":10229,"parent":12237,"menu_order":0,"comment_status":"closed","ping_status":"closed","template":"","meta":{"_acf_changed":false,"_kad_blocks_custom_css":"","_kad_blocks_head_custom_js":"","_kad_blocks_body_custom_js":"","_kad_blocks_footer_custom_js":"","footnotes":""},"class_list":["post-12309","page","type-page","status-publish","has-post-thumbnail","hentry"],"blocksy_meta":[],"acf":[],"yoast_head":"<!-- This site is optimized with the Yoast SEO plugin v27.3 - https:\/\/yoast.com\/product\/yoast-seo-wordpress\/ -->\n<title>Ch\u01b0\u01a1ng tr\u00ecnh d\u00e0nh cho thanh thi\u1ebfu ni\u00ean - V\u01b0\u1eddn th\u00fa Woodland Park<\/title>\n<meta name=\"description\" content=\"C\u00e1c ch\u01b0\u01a1ng tr\u00ecnh d\u00e0nh cho thanh thi\u1ebfu ni\u00ean h\u00e0ng ng\u00e0y t\u1ea1i V\u01b0\u1eddn th\u00fa Woodland Park \u1edf Seattle.\" \/>\n<meta name=\"robots\" content=\"index, follow, max-snippet:-1, max-image-preview:large, max-video-preview:-1\" \/>\n<link rel=\"canonical\" href=\"https:\/\/zoo.org\/vi\/hom-nay-tai-so-thu\/chuong-trinh-danh-cho-thanh-thieu-nien\/\" \/>\n<meta property=\"og:locale\" content=\"vi_VN\" \/>\n<meta property=\"og:type\" content=\"article\" \/>\n<meta property=\"og:title\" content=\"Ch\u01b0\u01a1ng tr\u00ecnh d\u00e0nh cho thanh thi\u1ebfu ni\u00ean - V\u01b0\u1eddn th\u00fa Woodland Park\" \/>\n<meta property=\"og:description\" content=\"C\u00e1c ch\u01b0\u01a1ng tr\u00ecnh d\u00e0nh cho thanh thi\u1ebfu ni\u00ean h\u00e0ng ng\u00e0y t\u1ea1i V\u01b0\u1eddn th\u00fa Woodland Park \u1edf Seattle.\" \/>\n<meta property=\"og:url\" content=\"https:\/\/zoo.org\/vi\/hom-nay-tai-so-thu\/chuong-trinh-danh-cho-thanh-thieu-nien\/\" \/>\n<meta property=\"og:site_name\" content=\"V\u01b0\u1eddn th\u00fa Woodland Park\" \/>\n<meta property=\"article:modified_time\" content=\"2026-03-30T16:35:02+00:00\" \/>\n<meta property=\"og:image\" content=\"https:\/\/zoo.org\/wp-content\/uploads\/2025\/08\/west-entrance.jpg?wsr\" \/>\n\t<meta property=\"og:image:width\" content=\"800\" \/>\n\t<meta property=\"og:image:height\" content=\"531\" \/>\n\t<meta property=\"og:image:type\" content=\"image\/jpeg\" \/>\n<meta name=\"twitter:card\" content=\"summary_large_image\" \/>\n<script type=\"application\/ld+json\" class=\"yoast-schema-graph\">{\"@context\":\"https:\\\/\\\/schema.org\",\"@graph\":[{\"@type\":\"WebPage\",\"@id\":\"https:\\\/\\\/zoo.org\\\/vi\\\/hom-nay-tai-so-thu\\\/chuong-trinh-danh-cho-thanh-thieu-nien\\\/\",\"url\":\"https:\\\/\\\/zoo.org\\\/vi\\\/hom-nay-tai-so-thu\\\/chuong-trinh-danh-cho-thanh-thieu-nien\\\/\",\"name\":\"Ch\u01b0\u01a1ng tr\u00ecnh d\u00e0nh cho thanh thi\u1ebfu ni\u00ean - V\u01b0\u1eddn th\u00fa Woodland Park\",\"isPartOf\":{\"@id\":\"https:\\\/\\\/zoo.org\\\/vi\\\/#website\"},\"primaryImageOfPage\":{\"@id\":\"https:\\\/\\\/zoo.org\\\/vi\\\/hom-nay-tai-so-thu\\\/chuong-trinh-danh-cho-thanh-thieu-nien\\\/#primaryimage\"},\"image\":{\"@id\":\"https:\\\/\\\/zoo.org\\\/vi\\\/hom-nay-tai-so-thu\\\/chuong-trinh-danh-cho-thanh-thieu-nien\\\/#primaryimage\"},\"thumbnailUrl\":\"https:\\\/\\\/zoo.org\\\/wp-content\\\/uploads\\\/2025\\\/08\\\/west-entrance.jpg?wsr\",\"datePublished\":\"2025-08-14T22:08:17+00:00\",\"dateModified\":\"2026-03-30T16:35:02+00:00\",\"description\":\"C\u00e1c ch\u01b0\u01a1ng tr\u00ecnh d\u00e0nh cho thanh thi\u1ebfu ni\u00ean h\u00e0ng ng\u00e0y t\u1ea1i V\u01b0\u1eddn th\u00fa Woodland Park \u1edf Seattle.\",\"breadcrumb\":{\"@id\":\"https:\\\/\\\/zoo.org\\\/vi\\\/hom-nay-tai-so-thu\\\/chuong-trinh-danh-cho-thanh-thieu-nien\\\/#breadcrumb\"},\"inLanguage\":\"vi\",\"potentialAction\":[{\"@type\":\"ReadAction\",\"target\":[\"https:\\\/\\\/zoo.org\\\/vi\\\/hom-nay-tai-so-thu\\\/chuong-trinh-danh-cho-thanh-thieu-nien\\\/\"]}]},{\"@type\":\"ImageObject\",\"inLanguage\":\"vi\",\"@id\":\"https:\\\/\\\/zoo.org\\\/vi\\\/hom-nay-tai-so-thu\\\/chuong-trinh-danh-cho-thanh-thieu-nien\\\/#primaryimage\",\"url\":\"https:\\\/\\\/zoo.org\\\/wp-content\\\/uploads\\\/2025\\\/08\\\/west-entrance.jpg?wsr\",\"contentUrl\":\"https:\\\/\\\/zoo.org\\\/wp-content\\\/uploads\\\/2025\\\/08\\\/west-entrance.jpg?wsr\",\"width\":800,\"height\":531,\"caption\":\"V\u00e0o m\u1ed9t ng\u00e0y n\u1eafng \u0111\u1eb9p, m\u1ecdi ng\u01b0\u1eddi \u0111i d\u1ea1o v\u00e0 t\u1ee5 t\u1eadp b\u00ean ngo\u00e0i l\u1ed1i v\u00e0o s\u1edf th\u00fa, c\u00f3 th\u1ec3 th\u1ea5y c\u00e1c gia \u0111\u00ecnh, tr\u1ebb em v\u00e0 xe \u0111\u1ea9y em b\u00e9; ph\u00eda sau l\u00e0 nh\u1eefng h\u00e0ng c\u00e2y xanh v\u00e0 m\u1ed9t t\u00f2a nh\u00e0 hi\u1ec7n \u0111\u1ea1i.\"},{\"@type\":\"BreadcrumbList\",\"@id\":\"https:\\\/\\\/zoo.org\\\/vi\\\/hom-nay-tai-so-thu\\\/chuong-trinh-danh-cho-thanh-thieu-nien\\\/#breadcrumb\",\"itemListElement\":[{\"@type\":\"ListItem\",\"position\":1,\"name\":\"Trang ch\u1ee7\",\"item\":\"https:\\\/\\\/zoo.org\\\/vi\\\/\"},{\"@type\":\"ListItem\",\"position\":2,\"name\":\"H\u00f4m nay t\u1ea1i s\u1edf th\u00fa\",\"item\":\"https:\\\/\\\/zoo.org\\\/vi\\\/hom-nay-tai-so-thu\\\/\"},{\"@type\":\"ListItem\",\"position\":3,\"name\":\"Ch\u01b0\u01a1ng tr\u00ecnh d\u00e0nh cho thanh thi\u1ebfu ni\u00ean\"}]},{\"@type\":\"WebSite\",\"@id\":\"https:\\\/\\\/zoo.org\\\/vi\\\/#website\",\"url\":\"https:\\\/\\\/zoo.org\\\/vi\\\/\",\"name\":\"V\u01b0\u1eddn th\u00fa Woodland Park\",\"description\":\"V\u01b0\u1eddn th\u00fa Woodland Park c\u1ee9u s\u1ed1ng \u0111\u1ed9ng v\u1eadt hoang d\u00e3 v\u00e0 truy\u1ec1n c\u1ea3m h\u1ee9ng cho m\u1ecdi ng\u01b0\u1eddi coi b\u1ea3o t\u1ed3n l\u00e0 \u01b0u ti\u00ean h\u00e0ng \u0111\u1ea7u trong cu\u1ed9c s\u1ed1ng c\u1ee7a m\u00ecnh.\",\"publisher\":{\"@id\":\"https:\\\/\\\/zoo.org\\\/vi\\\/#organization\"},\"potentialAction\":[{\"@type\":\"SearchAction\",\"target\":{\"@type\":\"EntryPoint\",\"urlTemplate\":\"https:\\\/\\\/zoo.org\\\/vi\\\/?s={search_term_string}\"},\"query-input\":{\"@type\":\"PropertyValueSpecification\",\"valueRequired\":true,\"valueName\":\"search_term_string\"}}],\"inLanguage\":\"vi\"},{\"@type\":\"Organization\",\"@id\":\"https:\\\/\\\/zoo.org\\\/vi\\\/#organization\",\"name\":\"V\u01b0\u1eddn th\u00fa Woodland Park\",\"url\":\"https:\\\/\\\/zoo.org\\\/vi\\\/\",\"logo\":{\"@type\":\"ImageObject\",\"inLanguage\":\"vi\",\"@id\":\"https:\\\/\\\/zoo.org\\\/vi\\\/#\\\/schema\\\/logo\\\/image\\\/\",\"url\":\"https:\\\/\\\/zoo.org\\\/wp-content\\\/uploads\\\/2026\\\/01\\\/WPZ-Logo_white-SVG.svg?wsr\",\"contentUrl\":\"https:\\\/\\\/zoo.org\\\/wp-content\\\/uploads\\\/2026\\\/01\\\/WPZ-Logo_white-SVG.svg?wsr\",\"width\":288,\"height\":282,\"caption\":\"V\u01b0\u1eddn th\u00fa Woodland Park\"},\"image\":{\"@id\":\"https:\\\/\\\/zoo.org\\\/vi\\\/#\\\/schema\\\/logo\\\/image\\\/\"}}]}<\/script>\n<!-- \/ Yoast SEO plugin. -->","yoast_head_json":{"title":"Ch\u01b0\u01a1ng tr\u00ecnh d\u00e0nh cho thanh thi\u1ebfu ni\u00ean - V\u01b0\u1eddn th\u00fa Woodland Park","description":"C\u00e1c ch\u01b0\u01a1ng tr\u00ecnh d\u00e0nh cho thanh thi\u1ebfu ni\u00ean h\u00e0ng ng\u00e0y t\u1ea1i V\u01b0\u1eddn th\u00fa Woodland Park \u1edf Seattle.","robots":{"index":"index","follow":"follow","max-snippet":"max-snippet:-1","max-image-preview":"max-image-preview:large","max-video-preview":"max-video-preview:-1"},"canonical":"https:\/\/zoo.org\/vi\/hom-nay-tai-so-thu\/chuong-trinh-danh-cho-thanh-thieu-nien\/","og_locale":"vi_VN","og_type":"article","og_title":"Ch\u01b0\u01a1ng tr\u00ecnh d\u00e0nh cho thanh thi\u1ebfu ni\u00ean - V\u01b0\u1eddn th\u00fa Woodland Park","og_description":"C\u00e1c ch\u01b0\u01a1ng tr\u00ecnh d\u00e0nh cho thanh thi\u1ebfu ni\u00ean h\u00e0ng ng\u00e0y t\u1ea1i V\u01b0\u1eddn th\u00fa Woodland Park \u1edf Seattle.","og_url":"https:\/\/zoo.org\/vi\/hom-nay-tai-so-thu\/chuong-trinh-danh-cho-thanh-thieu-nien\/","og_site_name":"V\u01b0\u1eddn th\u00fa Woodland Park","article_modified_time":"2026-03-30T16:35:02+00:00","og_image":[{"width":800,"height":531,"url":"https:\/\/zoo.org\/wp-content\/uploads\/2025\/08\/west-entrance.jpg?wsr","type":"image\/jpeg"}],"twitter_card":"summary_large_image","schema":{"@context":"https:\/\/schema.org","@graph":[{"@type":"WebPage","@id":"https:\/\/zoo.org\/vi\/hom-nay-tai-so-thu\/chuong-trinh-danh-cho-thanh-thieu-nien\/","url":"https:\/\/zoo.org\/vi\/hom-nay-tai-so-thu\/chuong-trinh-danh-cho-thanh-thieu-nien\/","name":"Ch\u01b0\u01a1ng tr\u00ecnh d\u00e0nh cho thanh thi\u1ebfu ni\u00ean - V\u01b0\u1eddn th\u00fa Woodland Park","isPartOf":{"@id":"https:\/\/zoo.org\/vi\/#website"},"primaryImageOfPage":{"@id":"https:\/\/zoo.org\/vi\/hom-nay-tai-so-thu\/chuong-trinh-danh-cho-thanh-thieu-nien\/#primaryimage"},"image":{"@id":"https:\/\/zoo.org\/vi\/hom-nay-tai-so-thu\/chuong-trinh-danh-cho-thanh-thieu-nien\/#primaryimage"},"thumbnailUrl":"https:\/\/zoo.org\/wp-content\/uploads\/2025\/08\/west-entrance.jpg?wsr","datePublished":"2025-08-14T22:08:17+00:00","dateModified":"2026-03-30T16:35:02+00:00","description":"C\u00e1c ch\u01b0\u01a1ng tr\u00ecnh d\u00e0nh cho thanh thi\u1ebfu ni\u00ean h\u00e0ng ng\u00e0y t\u1ea1i V\u01b0\u1eddn th\u00fa Woodland Park \u1edf Seattle.","breadcrumb":{"@id":"https:\/\/zoo.org\/vi\/hom-nay-tai-so-thu\/chuong-trinh-danh-cho-thanh-thieu-nien\/#breadcrumb"},"inLanguage":"vi","potentialAction":[{"@type":"ReadAction","target":["https:\/\/zoo.org\/vi\/hom-nay-tai-so-thu\/chuong-trinh-danh-cho-thanh-thieu-nien\/"]}]},{"@type":"ImageObject","inLanguage":"vi","@id":"https:\/\/zoo.org\/vi\/hom-nay-tai-so-thu\/chuong-trinh-danh-cho-thanh-thieu-nien\/#primaryimage","url":"https:\/\/zoo.org\/wp-content\/uploads\/2025\/08\/west-entrance.jpg?wsr","contentUrl":"https:\/\/zoo.org\/wp-content\/uploads\/2025\/08\/west-entrance.jpg?wsr","width":800,"height":531,"caption":"V\u00e0o m\u1ed9t ng\u00e0y n\u1eafng \u0111\u1eb9p, m\u1ecdi ng\u01b0\u1eddi \u0111i d\u1ea1o v\u00e0 t\u1ee5 t\u1eadp b\u00ean ngo\u00e0i l\u1ed1i v\u00e0o s\u1edf th\u00fa, c\u00f3 th\u1ec3 th\u1ea5y c\u00e1c gia \u0111\u00ecnh, tr\u1ebb em v\u00e0 xe \u0111\u1ea9y em b\u00e9; ph\u00eda sau l\u00e0 nh\u1eefng h\u00e0ng c\u00e2y xanh v\u00e0 m\u1ed9t t\u00f2a nh\u00e0 hi\u1ec7n \u0111\u1ea1i."},{"@type":"BreadcrumbList","@id":"https:\/\/zoo.org\/vi\/hom-nay-tai-so-thu\/chuong-trinh-danh-cho-thanh-thieu-nien\/#breadcrumb","itemListElement":[{"@type":"ListItem","position":1,"name":"Trang ch\u1ee7","item":"https:\/\/zoo.org\/vi\/"},{"@type":"ListItem","position":2,"name":"H\u00f4m nay t\u1ea1i s\u1edf th\u00fa","item":"https:\/\/zoo.org\/vi\/hom-nay-tai-so-thu\/"},{"@type":"ListItem","position":3,"name":"Ch\u01b0\u01a1ng tr\u00ecnh d\u00e0nh cho thanh thi\u1ebfu ni\u00ean"}]},{"@type":"WebSite","@id":"https:\/\/zoo.org\/vi\/#website","url":"https:\/\/zoo.org\/vi\/","name":"V\u01b0\u1eddn th\u00fa Woodland Park","description":"V\u01b0\u1eddn th\u00fa Woodland Park c\u1ee9u s\u1ed1ng \u0111\u1ed9ng v\u1eadt hoang d\u00e3 v\u00e0 truy\u1ec1n c\u1ea3m h\u1ee9ng cho m\u1ecdi ng\u01b0\u1eddi coi b\u1ea3o t\u1ed3n l\u00e0 \u01b0u ti\u00ean h\u00e0ng \u0111\u1ea7u trong cu\u1ed9c s\u1ed1ng c\u1ee7a m\u00ecnh.","publisher":{"@id":"https:\/\/zoo.org\/vi\/#organization"},"potentialAction":[{"@type":"SearchAction","target":{"@type":"EntryPoint","urlTemplate":"https:\/\/zoo.org\/vi\/?s={search_term_string}"},"query-input":{"@type":"PropertyValueSpecification","valueRequired":true,"valueName":"search_term_string"}}],"inLanguage":"vi"},{"@type":"Organization","@id":"https:\/\/zoo.org\/vi\/#organization","name":"V\u01b0\u1eddn th\u00fa Woodland Park","url":"https:\/\/zoo.org\/vi\/","logo":{"@type":"ImageObject","inLanguage":"vi","@id":"https:\/\/zoo.org\/vi\/#\/schema\/logo\/image\/","url":"https:\/\/zoo.org\/wp-content\/uploads\/2026\/01\/WPZ-Logo_white-SVG.svg?wsr","contentUrl":"https:\/\/zoo.org\/wp-content\/uploads\/2026\/01\/WPZ-Logo_white-SVG.svg?wsr","width":288,"height":282,"caption":"V\u01b0\u1eddn th\u00fa Woodland Park"},"image":{"@id":"https:\/\/zoo.org\/vi\/#\/schema\/logo\/image\/"}}]}},"taxonomy_info":[],"featured_image_src_large":["https:\/\/zoo.org\/wp-content\/uploads\/2025\/08\/west-entrance.jpg?wsr",800,531,false],"author_info":{"display_name":"jloughlin","author_link":"https:\/\/zoo.org\/vi\/author\/jloughlin\/"},"comment_info":0,"_links":{"self":[{"href":"https:\/\/zoo.org\/vi\/wp-json\/wp\/v2\/pages\/12309","targetHints":{"allow":["GET"]}}],"collection":[{"href":"https:\/\/zoo.org\/vi\/wp-json\/wp\/v2\/pages"}],"about":[{"href":"https:\/\/zoo.org\/vi\/wp-json\/wp\/v2\/types\/page"}],"author":[{"embeddable":true,"href":"https:\/\/zoo.org\/vi\/wp-json\/wp\/v2\/users\/1"}],"replies":[{"embeddable":true,"href":"https:\/\/zoo.org\/vi\/wp-json\/wp\/v2\/comments?post=12309"}],"version-history":[{"count":5,"href":"https:\/\/zoo.org\/vi\/wp-json\/wp\/v2\/pages\/12309\/revisions"}],"predecessor-version":[{"id":23504,"href":"https:\/\/zoo.org\/vi\/wp-json\/wp\/v2\/pages\/12309\/revisions\/23504"}],"up":[{"embeddable":true,"href":"https:\/\/zoo.org\/vi\/wp-json\/wp\/v2\/pages\/12237"}],"wp:featuredmedia":[{"embeddable":true,"href":"https:\/\/zoo.org\/vi\/wp-json\/wp\/v2\/media\/10229"}],"wp:attachment":[{"href":"https:\/\/zoo.org\/vi\/wp-json\/wp\/v2\/media?parent=12309"}],"curies":[{"name":"wp","href":"https:\/\/api.w.org\/{rel}","templated":true}]}}