{"id":12361,"date":"2025-08-18T11:07:33","date_gmt":"2025-08-18T18:07:33","guid":{"rendered":"https:\/\/zoo.org\/gap-go-cac-loai-dong-vat\/khu-bao-ton-te-giac-assam\/"},"modified":"2025-12-19T18:25:35","modified_gmt":"2025-12-20T02:25:35","slug":"khu-bao-ton-te-giac-assam","status":"publish","type":"page","link":"https:\/\/zoo.org\/vi\/khu-bao-ton-te-giac-assam\/","title":{"rendered":"Khu b\u1ea3o t\u1ed3n t\u00ea gi\u00e1c Assam"},"content":{"rendered":"\n<div class=\"wp-block-cover alignfull hero\" style=\"margin-top:0;margin-bottom:0\"><img loading=\"lazy\" decoding=\"async\" width=\"1920\" height=\"400\" class=\"wp-block-cover__image-background wp-image-3488 size-full\" alt=\"\" src=\"https:\/\/zoo.org\/wp-content\/uploads\/2025\/08\/Taj-Rhino-Header.jpg\" data-object-fit=\"cover\" srcset=\"https:\/\/zoo.org\/wp-content\/uploads\/2025\/08\/Taj-Rhino-Header.jpg 1920w, https:\/\/zoo.org\/wp-content\/uploads\/2025\/08\/Taj-Rhino-Header-300x63.jpg 300w, https:\/\/zoo.org\/wp-content\/uploads\/2025\/08\/Taj-Rhino-Header-1024x213.jpg 1024w, https:\/\/zoo.org\/wp-content\/uploads\/2025\/08\/Taj-Rhino-Header-768x160.jpg 768w, https:\/\/zoo.org\/wp-content\/uploads\/2025\/08\/Taj-Rhino-Header-1536x320.jpg 1536w\" sizes=\"auto, (max-width: 1920px) 100vw, 1920px\" \/><span aria-hidden=\"true\" class=\"wp-block-cover__background has-background-dim-0 has-background-dim\" style=\"background-color:#5d5c54\"><\/span><div class=\"wp-block-cover__inner-container is-layout-constrained wp-block-cover-is-layout-constrained\">\n<p class=\"has-text-align-center has-large-font-size\"><\/p>\n<\/div><\/div>\n\n<div class=\"wp-block-group is-layout-constrained wp-block-group-is-layout-constrained\" style=\"margin-top:2em;margin-bottom:3em\">\n<h1 class=\"wp-block-heading has-text-align-center\" style=\"margin-top:0.65em;margin-bottom:0.275em\">#RHINOLOOKOUT<\/h1>\n\n\n\n<p class=\"has-text-align-center has-palette-color-3-color has-text-color has-link-color wp-elements-db54f67a62a678c1626265b1c13db683\" style=\"margin-bottom:1em;font-size:clamp(0.984em, 0.984rem + ((1vw - 0.2em) * 0.645), 1.5em);font-style:normal;font-weight:500;line-height:1.5\"><strong>\u0110\u1eebng ch\u1ec9 ng\u1eafm nh\u00ecn t\u00ea gi\u00e1c. H\u00e3y \u0111\u1ec3 \u00fd t\u00ecm ki\u1ebfm ch\u00fang. <\/strong><\/p>\n<\/div>\n\n<div class=\"wp-block-group alignfull divider is-layout-constrained wp-block-group-is-layout-constrained\">\n<h2 class=\"wp-block-heading alignfull has-text-align-center\">KHU B\u1ea2O T\u1ed2N T\u00ca GI\u00c1C ASSAM<\/h2>\n<\/div>\n\n<h3 class=\"wp-block-heading\">T\u1ea5t c\u1ea3 v\u00ec t\u00ea gi\u00e1c<\/h3>\n<style>.kb-row-layout-wrap.wp-block-kadence-rowlayout.kb-row-layout-id3520_55e7bc-50{margin-top:var(--global-kb-spacing-md, 2rem);margin-bottom:var(--global-kb-spacing-md, 2rem);}.kb-row-layout-id3520_55e7bc-50 > .kt-row-column-wrap{align-content:start;}:where(.kb-row-layout-id3520_55e7bc-50 > .kt-row-column-wrap) > .wp-block-kadence-column{justify-content:start;}.kb-row-layout-id3520_55e7bc-50 > .kt-row-column-wrap{column-gap:var(--global-kb-gap-md, 2rem);row-gap:var(--global-kb-gap-md, 2rem);padding-top:0px;padding-right:0px;padding-bottom:0px;padding-left:0px;grid-template-columns:minmax(0, 1fr) minmax(0, 2fr);}.kb-row-layout-id3520_55e7bc-50 > .kt-row-layout-overlay{opacity:0.30;}@media all and (max-width: 1024px){.kb-row-layout-id3520_55e7bc-50 > .kt-row-column-wrap{grid-template-columns:minmax(0, 1fr) minmax(0, 2fr);}}@media all and (max-width: 767px){.kb-row-layout-id3520_55e7bc-50 > .kt-row-column-wrap{grid-template-columns:minmax(0, 1fr);}}<\/style><div class=\"kb-row-layout-wrap kb-row-layout-id3520_55e7bc-50 alignnone wp-block-kadence-rowlayout\"><div class=\"kt-row-column-wrap kt-has-2-columns kt-row-layout-right-golden kt-tab-layout-inherit kt-mobile-layout-row kt-row-valign-top\">\n<style>.kadence-column3520_6427dd-ca > .kt-inside-inner-col,.kadence-column3520_6427dd-ca > .kt-inside-inner-col:before{border-top-left-radius:0px;border-top-right-radius:0px;border-bottom-right-radius:0px;border-bottom-left-radius:0px;}.kadence-column3520_6427dd-ca > .kt-inside-inner-col{column-gap:var(--global-kb-gap-sm, 1rem);}.kadence-column3520_6427dd-ca > .kt-inside-inner-col{flex-direction:column;}.kadence-column3520_6427dd-ca > .kt-inside-inner-col > .aligncenter{width:100%;}.kadence-column3520_6427dd-ca > .kt-inside-inner-col:before{opacity:0.3;}.kadence-column3520_6427dd-ca{position:relative;}@media all and (max-width: 1024px){.kadence-column3520_6427dd-ca > .kt-inside-inner-col{flex-direction:column;justify-content:center;}}@media all and (max-width: 767px){.kadence-column3520_6427dd-ca > .kt-inside-inner-col{flex-direction:column;justify-content:center;}}<\/style>\n<div class=\"wp-block-kadence-column kadence-column3520_6427dd-ca\"><div class=\"kt-inside-inner-col\"><style>.kb-image3520_07107a-d3 .kb-image-has-overlay:after{opacity:0.3;}<\/style>\n<figure class=\"wp-block-kadence-image kb-image3520_07107a-d3 size-full\"><img loading=\"lazy\" decoding=\"async\" width=\"800\" height=\"533\" src=\"https:\/\/zoo.org\/wp-content\/uploads\/2025\/08\/2024_10-Rhino-Glenn-23-JDL-web.jpg\" alt=\"H\u00ecnh \u1ea3nh c\u1eadn c\u1ea3nh m\u1ed9t con t\u00ea gi\u00e1c b\u1ecb ng\u1eadp m\u1ed9t ph\u1ea7n trong n\u01b0\u1edbc b\u00f9n, v\u1edbi t\u00e1n l\u00e1 xanh \u1edf ph\u00eda tr\u01b0\u1edbc v\u00e0 \u00e1nh s\u00e1ng ph\u1ea3n chi\u1ebfu tr\u00ean m\u1eb7t n\u01b0\u1edbc.\" class=\"kb-img wp-image-3532\" srcset=\"https:\/\/zoo.org\/wp-content\/uploads\/2025\/08\/2024_10-Rhino-Glenn-23-JDL-web.jpg 800w, https:\/\/zoo.org\/wp-content\/uploads\/2025\/08\/2024_10-Rhino-Glenn-23-JDL-web-300x200.jpg 300w, https:\/\/zoo.org\/wp-content\/uploads\/2025\/08\/2024_10-Rhino-Glenn-23-JDL-web-768x512.jpg 768w\" sizes=\"auto, (max-width: 800px) 100vw, 800px\" \/><\/figure>\n<\/div><\/div>\n\n\n<style>.kadence-column3520_7beea6-2f > .kt-inside-inner-col{display:flex;}.kadence-column3520_7beea6-2f > .kt-inside-inner-col,.kadence-column3520_7beea6-2f > .kt-inside-inner-col:before{border-top-left-radius:0px;border-top-right-radius:0px;border-bottom-right-radius:0px;border-bottom-left-radius:0px;}.kadence-column3520_7beea6-2f > .kt-inside-inner-col{column-gap:var(--global-kb-gap-sm, 1rem);}.kadence-column3520_7beea6-2f > .kt-inside-inner-col{flex-direction:column;justify-content:center;}.kadence-column3520_7beea6-2f > .kt-inside-inner-col > .aligncenter{width:100%;}.kt-row-column-wrap > .kadence-column3520_7beea6-2f{align-self:center;}.kt-inner-column-height-full:not(.kt-has-1-columns) > .wp-block-kadence-column.kadence-column3520_7beea6-2f{align-self:auto;}.kt-inner-column-height-full:not(.kt-has-1-columns) > .wp-block-kadence-column.kadence-column3520_7beea6-2f > .kt-inside-inner-col{flex-direction:column;justify-content:center;}.kadence-column3520_7beea6-2f > .kt-inside-inner-col:before{opacity:0.3;}.kadence-column3520_7beea6-2f{position:relative;}@media all and (max-width: 1024px){.kt-row-column-wrap > .kadence-column3520_7beea6-2f{align-self:center;}}@media all and (max-width: 1024px){.kt-inner-column-height-full:not(.kt-has-1-columns) > .wp-block-kadence-column.kadence-column3520_7beea6-2f{align-self:auto;}}@media all and (max-width: 1024px){.kt-inner-column-height-full:not(.kt-has-1-columns) > .wp-block-kadence-column.kadence-column3520_7beea6-2f > .kt-inside-inner-col{flex-direction:column;justify-content:center;}}@media all and (max-width: 1024px){.kadence-column3520_7beea6-2f > .kt-inside-inner-col{flex-direction:column;justify-content:center;}}@media all and (max-width: 767px){.kt-row-column-wrap > .kadence-column3520_7beea6-2f{align-self:center;}.kt-inner-column-height-full:not(.kt-has-1-columns) > .wp-block-kadence-column.kadence-column3520_7beea6-2f{align-self:auto;}.kt-inner-column-height-full:not(.kt-has-1-columns) > .wp-block-kadence-column.kadence-column3520_7beea6-2f > .kt-inside-inner-col{flex-direction:column;justify-content:center;}.kadence-column3520_7beea6-2f > .kt-inside-inner-col{flex-direction:column;justify-content:center;}}<\/style>\n<div class=\"wp-block-kadence-column kadence-column3520_7beea6-2f\"><div class=\"kt-inside-inner-col\">\n<p><strong>M\u1ed9t tri\u1ec3n l\u00e3m \u0111\u1eb7c bi\u1ec7t, n\u01a1i b\u1ea1n c\u00f3 th\u1ec3 tr\u1ef1c ti\u1ebfp giao l\u01b0u v\u1edbi nh\u1eefng lo\u00e0i \u0111\u1ed9ng v\u1eadt truy\u1ec1n c\u1ea3m h\u1ee9ng cho ch\u00fang ta n\u1ed7 l\u1ef1c h\u01a1n n\u1eefa \u0111\u1ec3 b\u1ea3o v\u1ec7 \u0111\u1ed9ng v\u1eadt hoang d\u00e3.<\/strong><\/p>\n\n\n\n<p>H\u00e3y c\u00f9ng g\u1eb7p g\u1ee1 t\u00ea gi\u00e1c m\u1ed9t s\u1eebng l\u1edbn, m\u1ed9t trong nh\u1eefng bi\u1ec3u t\u01b0\u1ee3ng n\u1ed5i ti\u1ebfng nh\u1ea5t th\u1ebf gi\u1edbi v\u1ec1 bu\u00f4n b\u00e1n \u0111\u1ed9ng v\u1eadt hoang d\u00e3 b\u1ea5t h\u1ee3p ph\u00e1p. C\u00f3 gi\u00e1 tr\u1ecb h\u01a1n t\u1ed5ng gi\u00e1 tr\u1ecb c\u00e1c b\u1ed9 ph\u1eadn c\u1ea5u th\u00e0nh c\u1ee7a n\u00f3, t\u00ea gi\u00e1c \u0111ang h\u1ed3i ph\u1ee5c nh\u1edd nh\u1eefng ng\u01b0\u1eddi h\u00f9ng b\u1ea3o t\u1ed3n \u0111ang ng\u0103n ch\u1eb7n n\u1ea1n bu\u00f4n b\u00e1n tr\u00e1i ph\u00e9p. <\/p>\n\n\n\n<p>Nh\u01b0ng c\u00f4ng vi\u1ec7c c\u1ee7a ch\u00fang ta v\u1eabn ch\u01b0a ho\u00e0n th\u00e0nh. Khi m\u1ed9t lo\u00e0i \u0111ang \u0111\u1ee9ng tr\u01b0\u1edbc nguy c\u01a1 tuy\u1ec7t ch\u1ee7ng, t\u1ea5t c\u1ea3 ch\u00fang ta c\u1ea7n ph\u1ea3i c\u00f9ng nhau b\u1ea3o v\u1ec7 nh\u1eefng g\u00ec m\u00ecnh tr\u00e2n tr\u1ecdng. B\u1ea1n c\u00f3 mu\u1ed1n tham gia c\u00f9ng ch\u00fang t\u00f4i kh\u00f4ng?  <\/p>\n<\/div><\/div>\n\n<\/div><\/div>\n<figure class=\"wp-block-embed is-type-video is-provider-youtube wp-block-embed-youtube wp-embed-aspect-16-9 wp-has-aspect-ratio\"><div class=\"wp-block-embed__wrapper\">\n<iframe loading=\"lazy\" title=\"Rhino Lookout: A Second Chance for Rhinos\" width=\"1080\" height=\"608\" src=\"https:\/\/www.youtube.com\/embed\/jYSa_P4sn4M?feature=oembed\" frameborder=\"0\" allow=\"accelerometer; autoplay; clipboard-write; encrypted-media; gyroscope; picture-in-picture; web-share\" referrerpolicy=\"strict-origin-when-cross-origin\" allowfullscreen><\/iframe>\n<\/div><\/figure>\n\n<div class=\"wp-block-group alignfull divider is-layout-constrained wp-block-group-is-layout-constrained\">\n<h2 class=\"wp-block-heading alignfull has-text-align-center\">H\u00e3y \u0111\u1ec3 \u00fd \u0111\u1ebfn h\u1ecd!<\/h2>\n<\/div>\n\n<div class=\"wp-block-group is-layout-constrained wp-block-group-is-layout-constrained\"><style>.kt-sc3520_afdc18-45 .kt-sc-imgcol, .kt-sc3520_afdc18-45 .kt-sc-textcol{min-height:245px;}.kt-sc3520_afdc18-45 .kt-sc-imgcol{background-size:cover;background-image:url(https:\/\/zoo.org\/wp-content\/uploads\/2025\/08\/RS34640_2018-Manas-National-Park-rhino-5-web.jpg);}.kt-sc3520_afdc18-45 .kt-sc-textcol{padding-top:1em;padding-right:1.5em;padding-bottom:1em;padding-left:1.5em;}@media all and (max-width: 767px){.kt-sc3520_afdc18-45 .kt-sc-imgcol, .kt-sc3520_afdc18-45 .kt-sc-textcol{min-height:275px;}}<\/style>\n<div class=\"aligncenter kt-sc3520_afdc18-45 wp-block-kadence-splitcontent\"><div class=\"kt-split-content-wrap kt-sc-media-side-left\" style=\"grid-template-columns:32% auto\"><div class=\"kt-sc-imgcol kt-sc-imgcol-bg-cover kt-sc-img-side-left\"><\/div><div class=\"kt-sc-textcol kt-sc-text-valign-center kt-sc-text-halign-left\" style=\"background-color:var(--theme-palette-color-17, #E6E6E6)\"><div class=\"kt-sc-innter-col\">\n<h3 class=\"wp-block-heading\">C\u1ee9u c\u00e1c lo\u00e0i<\/h3>\n\n\n\n<p>Ai \u0111ang quan t\u00e2m b\u1ea3o v\u1ec7 t\u00ea gi\u00e1c? H\u00e3y kh\u00e1m ph\u00e1 nh\u1eefng anh h\u00f9ng \u0111\u1ee9ng sau cu\u1ed9c chi\u1ebfn ch\u1ed1ng l\u1ea1i s\u1ef1 tuy\u1ec7t ch\u1ee7ng v\u00e0 t\u00ecm hi\u1ec3u c\u00e1ch b\u1ea1n c\u0169ng c\u00f3 th\u1ec3 g\u00f3p ph\u1ea7n b\u1ea3o v\u1ec7 \u0111\u1ed9ng v\u1eadt hoang d\u00e3. <\/p>\n\n\n\n<p><a href=\"https:\/\/zoo.org\/vi\/khu-bao-ton-te-giac-assam\/bao-ton-te-giac\/\">H\u00e3y c\u1ea9n th\u1eadn v\u1edbi t\u00ea gi\u00e1c!<\/a><\/p>\n<\/div><\/div><\/div><\/div>\n<\/div>\n\n<div class=\"wp-block-group is-layout-constrained wp-block-group-is-layout-constrained\"><style>.kt-sc3520_595139-71 .kt-sc-imgcol, .kt-sc3520_595139-71 .kt-sc-textcol{min-height:245px;}.kt-sc3520_595139-71 .kt-sc-imgcol{background-size:cover;background-image:url(https:\/\/zoo.org\/wp-content\/uploads\/2025\/08\/2024_10-Rhino-Glenn-14-JDL-web.jpg);}.kt-sc3520_595139-71 .kt-sc-textcol{padding-top:1em;padding-right:1.5em;padding-bottom:1em;padding-left:1.5em;}@media all and (max-width: 767px){.kt-sc3520_595139-71 .kt-sc-imgcol, .kt-sc3520_595139-71 .kt-sc-textcol{min-height:275px;}}<\/style>\n<div class=\"aligncenter kt-sc3520_595139-71 wp-block-kadence-splitcontent\"><div class=\"kt-split-content-wrap kt-sc-media-side-left\" style=\"grid-template-columns:32% auto\"><div class=\"kt-sc-imgcol kt-sc-imgcol-bg-cover kt-sc-img-side-left\"><\/div><div class=\"kt-sc-textcol kt-sc-text-valign-center kt-sc-text-halign-left\" style=\"background-color:var(--theme-palette-color-17, #E6E6E6)\"><div class=\"kt-sc-innter-col\">\n<h3 class=\"wp-block-heading\">T\u1eb7ng qu\u00e0<\/h3>\n\n\n\n<p>H\u00e3y gi\u00fap ch\u00fang t\u00f4i ch\u0103m s\u00f3c nh\u1eefng ch\u00fa t\u00ea gi\u00e1c s\u1ebd coi n\u01a1i n\u00e0y l\u00e0 nh\u00e0 c\u1ee7a m\u00ecnh m\u1ed7i ng\u00e0y, v\u00e0 t\u00e0i tr\u1ee3 cho c\u00e1c n\u1ed7 l\u1ef1c b\u1ea3o v\u1ec7 m\u00f4i tr\u01b0\u1eddng s\u1ed1ng c\u1ee7a t\u00ea gi\u00e1c kh\u1ecfi nh\u1eefng k\u1ebb s\u0103n tr\u1ed9m.<\/p>\n\n\n\n<p><a href=\"https:\/\/www.zoo.org\/donate\"><\/a><a href=\"https:\/\/zoo.org\/vi\/quyen-tang\/\">QUY\u00caN G\u00d3P NGAY<\/a><\/p>\n<\/div><\/div><\/div><\/div>\n<\/div>\n","protected":false},"excerpt":{"rendered":"<p>#RHINOLOOKOUT \u0110\u1eebng ch\u1ec9 ng\u1eafm nh\u00ecn t\u00ea gi\u00e1c. H\u00e3y \u0111\u1ec3 \u00fd t\u00ecm ki\u1ebfm ch\u00fang. KHU B\u1ea2O T\u1ed2N T\u00ca GI\u00c1C ASSAM T\u1ea5t c\u1ea3 v\u00ec t\u00ea gi\u00e1c M\u1ed9t tri\u1ec3n l\u00e3m \u0111\u1eb7c bi\u1ec7t, n\u01a1i [&hellip;]<\/p>\n","protected":false},"author":1,"featured_media":12362,"parent":0,"menu_order":0,"comment_status":"closed","ping_status":"closed","template":"","meta":{"_acf_changed":false,"_kad_blocks_custom_css":"","_kad_blocks_head_custom_js":"","_kad_blocks_body_custom_js":"","_kad_blocks_footer_custom_js":"","footnotes":""},"class_list":["post-12361","page","type-page","status-publish","has-post-thumbnail","hentry"],"blocksy_meta":[],"acf":[],"yoast_head":"<!-- This site is optimized with the Yoast SEO plugin v27.4 - https:\/\/yoast.com\/product\/yoast-seo-wordpress\/ -->\n<title>Khu b\u1ea3o t\u1ed3n t\u00ea gi\u00e1c Assam - V\u01b0\u1eddn th\u00fa Woodland Park<\/title>\n<meta name=\"description\" content=\"\u0110\u1eebng ch\u1ec9 ng\u1eafm nh\u00ecn t\u00ea gi\u00e1c. H\u00e3y \u0111\u1ec3 \u00fd t\u00ecm ki\u1ebfm ch\u00fang. Khu b\u1ea3o t\u1ed3n t\u00ea gi\u00e1c Assam hi\u1ec7n \u0111\u00e3 m\u1edf c\u1eeda t\u1ea1i v\u01b0\u1eddn th\u00fa Woodland Park \u1edf Seattle.\" \/>\n<meta name=\"robots\" content=\"index, follow, max-snippet:-1, max-image-preview:large, max-video-preview:-1\" \/>\n<link rel=\"canonical\" href=\"https:\/\/zoo.org\/vi\/khu-bao-ton-te-giac-assam\/\" \/>\n<meta property=\"og:locale\" content=\"vi_VN\" \/>\n<meta property=\"og:type\" content=\"article\" \/>\n<meta property=\"og:title\" content=\"Khu b\u1ea3o t\u1ed3n t\u00ea gi\u00e1c Assam - V\u01b0\u1eddn th\u00fa Woodland Park\" \/>\n<meta property=\"og:description\" content=\"\u0110\u1eebng ch\u1ec9 ng\u1eafm nh\u00ecn t\u00ea gi\u00e1c. H\u00e3y \u0111\u1ec3 \u00fd t\u00ecm ki\u1ebfm ch\u00fang. Khu b\u1ea3o t\u1ed3n t\u00ea gi\u00e1c Assam hi\u1ec7n \u0111\u00e3 m\u1edf c\u1eeda t\u1ea1i v\u01b0\u1eddn th\u00fa Woodland Park \u1edf Seattle.\" \/>\n<meta property=\"og:url\" content=\"https:\/\/zoo.org\/vi\/khu-bao-ton-te-giac-assam\/\" \/>\n<meta property=\"og:site_name\" content=\"V\u01b0\u1eddn th\u00fa Woodland Park\" \/>\n<meta property=\"article:modified_time\" content=\"2025-12-20T02:25:35+00:00\" \/>\n<meta property=\"og:image\" content=\"https:\/\/zoo.org\/wp-content\/uploads\/2025\/08\/2024_10-Rhino-Glenn-23-JDL-web.jpg?wsr\" \/>\n\t<meta property=\"og:image:width\" content=\"800\" \/>\n\t<meta property=\"og:image:height\" content=\"533\" \/>\n\t<meta property=\"og:image:type\" content=\"image\/jpeg\" \/>\n<meta name=\"twitter:card\" content=\"summary_large_image\" \/>\n<script type=\"application\/ld+json\" class=\"yoast-schema-graph\">{\"@context\":\"https:\\\/\\\/schema.org\",\"@graph\":[{\"@type\":\"WebPage\",\"@id\":\"https:\\\/\\\/zoo.org\\\/vi\\\/khu-bao-ton-te-giac-assam\\\/\",\"url\":\"https:\\\/\\\/zoo.org\\\/vi\\\/khu-bao-ton-te-giac-assam\\\/\",\"name\":\"Khu b\u1ea3o t\u1ed3n t\u00ea gi\u00e1c Assam - V\u01b0\u1eddn th\u00fa Woodland Park\",\"isPartOf\":{\"@id\":\"https:\\\/\\\/zoo.org\\\/vi\\\/#website\"},\"primaryImageOfPage\":{\"@id\":\"https:\\\/\\\/zoo.org\\\/vi\\\/khu-bao-ton-te-giac-assam\\\/#primaryimage\"},\"image\":{\"@id\":\"https:\\\/\\\/zoo.org\\\/vi\\\/khu-bao-ton-te-giac-assam\\\/#primaryimage\"},\"thumbnailUrl\":\"https:\\\/\\\/zoo.org\\\/wp-content\\\/uploads\\\/2025\\\/08\\\/2024_10-Rhino-Glenn-23-JDL-web.jpg?wsr\",\"datePublished\":\"2025-08-18T18:07:33+00:00\",\"dateModified\":\"2025-12-20T02:25:35+00:00\",\"description\":\"\u0110\u1eebng ch\u1ec9 ng\u1eafm nh\u00ecn t\u00ea gi\u00e1c. H\u00e3y \u0111\u1ec3 \u00fd t\u00ecm ki\u1ebfm ch\u00fang. Khu b\u1ea3o t\u1ed3n t\u00ea gi\u00e1c Assam hi\u1ec7n \u0111\u00e3 m\u1edf c\u1eeda t\u1ea1i v\u01b0\u1eddn th\u00fa Woodland Park \u1edf Seattle.\",\"breadcrumb\":{\"@id\":\"https:\\\/\\\/zoo.org\\\/vi\\\/khu-bao-ton-te-giac-assam\\\/#breadcrumb\"},\"inLanguage\":\"vi\",\"potentialAction\":[{\"@type\":\"ReadAction\",\"target\":[\"https:\\\/\\\/zoo.org\\\/vi\\\/khu-bao-ton-te-giac-assam\\\/\"]}]},{\"@type\":\"ImageObject\",\"inLanguage\":\"vi\",\"@id\":\"https:\\\/\\\/zoo.org\\\/vi\\\/khu-bao-ton-te-giac-assam\\\/#primaryimage\",\"url\":\"https:\\\/\\\/zoo.org\\\/wp-content\\\/uploads\\\/2025\\\/08\\\/2024_10-Rhino-Glenn-23-JDL-web.jpg?wsr\",\"contentUrl\":\"https:\\\/\\\/zoo.org\\\/wp-content\\\/uploads\\\/2025\\\/08\\\/2024_10-Rhino-Glenn-23-JDL-web.jpg?wsr\",\"width\":800,\"height\":533,\"caption\":\"H\u00ecnh \u1ea3nh c\u1eadn c\u1ea3nh m\u1ed9t con t\u00ea gi\u00e1c b\u1ecb ng\u1eadp m\u1ed9t ph\u1ea7n trong n\u01b0\u1edbc b\u00f9n, v\u1edbi t\u00e1n l\u00e1 xanh \u1edf ph\u00eda tr\u01b0\u1edbc v\u00e0 \u00e1nh s\u00e1ng ph\u1ea3n chi\u1ebfu tr\u00ean m\u1eb7t n\u01b0\u1edbc.\"},{\"@type\":\"BreadcrumbList\",\"@id\":\"https:\\\/\\\/zoo.org\\\/vi\\\/khu-bao-ton-te-giac-assam\\\/#breadcrumb\",\"itemListElement\":[{\"@type\":\"ListItem\",\"position\":1,\"name\":\"Trang ch\u1ee7\",\"item\":\"https:\\\/\\\/zoo.org\\\/vi\\\/\"},{\"@type\":\"ListItem\",\"position\":2,\"name\":\"Khu b\u1ea3o t\u1ed3n t\u00ea gi\u00e1c Assam\"}]},{\"@type\":\"WebSite\",\"@id\":\"https:\\\/\\\/zoo.org\\\/vi\\\/#website\",\"url\":\"https:\\\/\\\/zoo.org\\\/vi\\\/\",\"name\":\"V\u01b0\u1eddn th\u00fa Woodland Park\",\"description\":\"V\u01b0\u1eddn th\u00fa Woodland Park c\u1ee9u s\u1ed1ng \u0111\u1ed9ng v\u1eadt hoang d\u00e3 v\u00e0 truy\u1ec1n c\u1ea3m h\u1ee9ng cho m\u1ecdi ng\u01b0\u1eddi coi b\u1ea3o t\u1ed3n l\u00e0 \u01b0u ti\u00ean h\u00e0ng \u0111\u1ea7u trong cu\u1ed9c s\u1ed1ng c\u1ee7a m\u00ecnh.\",\"publisher\":{\"@id\":\"https:\\\/\\\/zoo.org\\\/vi\\\/#organization\"},\"potentialAction\":[{\"@type\":\"SearchAction\",\"target\":{\"@type\":\"EntryPoint\",\"urlTemplate\":\"https:\\\/\\\/zoo.org\\\/vi\\\/?s={search_term_string}\"},\"query-input\":{\"@type\":\"PropertyValueSpecification\",\"valueRequired\":true,\"valueName\":\"search_term_string\"}}],\"inLanguage\":\"vi\"},{\"@type\":\"Organization\",\"@id\":\"https:\\\/\\\/zoo.org\\\/vi\\\/#organization\",\"name\":\"V\u01b0\u1eddn th\u00fa Woodland Park\",\"url\":\"https:\\\/\\\/zoo.org\\\/vi\\\/\",\"logo\":{\"@type\":\"ImageObject\",\"inLanguage\":\"vi\",\"@id\":\"https:\\\/\\\/zoo.org\\\/vi\\\/#\\\/schema\\\/logo\\\/image\\\/\",\"url\":\"https:\\\/\\\/zoo.org\\\/wp-content\\\/uploads\\\/2026\\\/01\\\/WPZ-Logo_white-SVG.svg?wsr\",\"contentUrl\":\"https:\\\/\\\/zoo.org\\\/wp-content\\\/uploads\\\/2026\\\/01\\\/WPZ-Logo_white-SVG.svg?wsr\",\"width\":288,\"height\":282,\"caption\":\"V\u01b0\u1eddn th\u00fa Woodland Park\"},\"image\":{\"@id\":\"https:\\\/\\\/zoo.org\\\/vi\\\/#\\\/schema\\\/logo\\\/image\\\/\"}}]}<\/script>\n<!-- \/ Yoast SEO plugin. -->","yoast_head_json":{"title":"Khu b\u1ea3o t\u1ed3n t\u00ea gi\u00e1c Assam - V\u01b0\u1eddn th\u00fa Woodland Park","description":"\u0110\u1eebng ch\u1ec9 ng\u1eafm nh\u00ecn t\u00ea gi\u00e1c. H\u00e3y \u0111\u1ec3 \u00fd t\u00ecm ki\u1ebfm ch\u00fang. Khu b\u1ea3o t\u1ed3n t\u00ea gi\u00e1c Assam hi\u1ec7n \u0111\u00e3 m\u1edf c\u1eeda t\u1ea1i v\u01b0\u1eddn th\u00fa Woodland Park \u1edf Seattle.","robots":{"index":"index","follow":"follow","max-snippet":"max-snippet:-1","max-image-preview":"max-image-preview:large","max-video-preview":"max-video-preview:-1"},"canonical":"https:\/\/zoo.org\/vi\/khu-bao-ton-te-giac-assam\/","og_locale":"vi_VN","og_type":"article","og_title":"Khu b\u1ea3o t\u1ed3n t\u00ea gi\u00e1c Assam - V\u01b0\u1eddn th\u00fa Woodland Park","og_description":"\u0110\u1eebng ch\u1ec9 ng\u1eafm nh\u00ecn t\u00ea gi\u00e1c. H\u00e3y \u0111\u1ec3 \u00fd t\u00ecm ki\u1ebfm ch\u00fang. Khu b\u1ea3o t\u1ed3n t\u00ea gi\u00e1c Assam hi\u1ec7n \u0111\u00e3 m\u1edf c\u1eeda t\u1ea1i v\u01b0\u1eddn th\u00fa Woodland Park \u1edf Seattle.","og_url":"https:\/\/zoo.org\/vi\/khu-bao-ton-te-giac-assam\/","og_site_name":"V\u01b0\u1eddn th\u00fa Woodland Park","article_modified_time":"2025-12-20T02:25:35+00:00","og_image":[{"width":800,"height":533,"url":"https:\/\/zoo.org\/wp-content\/uploads\/2025\/08\/2024_10-Rhino-Glenn-23-JDL-web.jpg?wsr","type":"image\/jpeg"}],"twitter_card":"summary_large_image","schema":{"@context":"https:\/\/schema.org","@graph":[{"@type":"WebPage","@id":"https:\/\/zoo.org\/vi\/khu-bao-ton-te-giac-assam\/","url":"https:\/\/zoo.org\/vi\/khu-bao-ton-te-giac-assam\/","name":"Khu b\u1ea3o t\u1ed3n t\u00ea gi\u00e1c Assam - V\u01b0\u1eddn th\u00fa Woodland Park","isPartOf":{"@id":"https:\/\/zoo.org\/vi\/#website"},"primaryImageOfPage":{"@id":"https:\/\/zoo.org\/vi\/khu-bao-ton-te-giac-assam\/#primaryimage"},"image":{"@id":"https:\/\/zoo.org\/vi\/khu-bao-ton-te-giac-assam\/#primaryimage"},"thumbnailUrl":"https:\/\/zoo.org\/wp-content\/uploads\/2025\/08\/2024_10-Rhino-Glenn-23-JDL-web.jpg?wsr","datePublished":"2025-08-18T18:07:33+00:00","dateModified":"2025-12-20T02:25:35+00:00","description":"\u0110\u1eebng ch\u1ec9 ng\u1eafm nh\u00ecn t\u00ea gi\u00e1c. H\u00e3y \u0111\u1ec3 \u00fd t\u00ecm ki\u1ebfm ch\u00fang. Khu b\u1ea3o t\u1ed3n t\u00ea gi\u00e1c Assam hi\u1ec7n \u0111\u00e3 m\u1edf c\u1eeda t\u1ea1i v\u01b0\u1eddn th\u00fa Woodland Park \u1edf Seattle.","breadcrumb":{"@id":"https:\/\/zoo.org\/vi\/khu-bao-ton-te-giac-assam\/#breadcrumb"},"inLanguage":"vi","potentialAction":[{"@type":"ReadAction","target":["https:\/\/zoo.org\/vi\/khu-bao-ton-te-giac-assam\/"]}]},{"@type":"ImageObject","inLanguage":"vi","@id":"https:\/\/zoo.org\/vi\/khu-bao-ton-te-giac-assam\/#primaryimage","url":"https:\/\/zoo.org\/wp-content\/uploads\/2025\/08\/2024_10-Rhino-Glenn-23-JDL-web.jpg?wsr","contentUrl":"https:\/\/zoo.org\/wp-content\/uploads\/2025\/08\/2024_10-Rhino-Glenn-23-JDL-web.jpg?wsr","width":800,"height":533,"caption":"H\u00ecnh \u1ea3nh c\u1eadn c\u1ea3nh m\u1ed9t con t\u00ea gi\u00e1c b\u1ecb ng\u1eadp m\u1ed9t ph\u1ea7n trong n\u01b0\u1edbc b\u00f9n, v\u1edbi t\u00e1n l\u00e1 xanh \u1edf ph\u00eda tr\u01b0\u1edbc v\u00e0 \u00e1nh s\u00e1ng ph\u1ea3n chi\u1ebfu tr\u00ean m\u1eb7t n\u01b0\u1edbc."},{"@type":"BreadcrumbList","@id":"https:\/\/zoo.org\/vi\/khu-bao-ton-te-giac-assam\/#breadcrumb","itemListElement":[{"@type":"ListItem","position":1,"name":"Trang ch\u1ee7","item":"https:\/\/zoo.org\/vi\/"},{"@type":"ListItem","position":2,"name":"Khu b\u1ea3o t\u1ed3n t\u00ea gi\u00e1c Assam"}]},{"@type":"WebSite","@id":"https:\/\/zoo.org\/vi\/#website","url":"https:\/\/zoo.org\/vi\/","name":"V\u01b0\u1eddn th\u00fa Woodland Park","description":"V\u01b0\u1eddn th\u00fa Woodland Park c\u1ee9u s\u1ed1ng \u0111\u1ed9ng v\u1eadt hoang d\u00e3 v\u00e0 truy\u1ec1n c\u1ea3m h\u1ee9ng cho m\u1ecdi ng\u01b0\u1eddi coi b\u1ea3o t\u1ed3n l\u00e0 \u01b0u ti\u00ean h\u00e0ng \u0111\u1ea7u trong cu\u1ed9c s\u1ed1ng c\u1ee7a m\u00ecnh.","publisher":{"@id":"https:\/\/zoo.org\/vi\/#organization"},"potentialAction":[{"@type":"SearchAction","target":{"@type":"EntryPoint","urlTemplate":"https:\/\/zoo.org\/vi\/?s={search_term_string}"},"query-input":{"@type":"PropertyValueSpecification","valueRequired":true,"valueName":"search_term_string"}}],"inLanguage":"vi"},{"@type":"Organization","@id":"https:\/\/zoo.org\/vi\/#organization","name":"V\u01b0\u1eddn th\u00fa Woodland Park","url":"https:\/\/zoo.org\/vi\/","logo":{"@type":"ImageObject","inLanguage":"vi","@id":"https:\/\/zoo.org\/vi\/#\/schema\/logo\/image\/","url":"https:\/\/zoo.org\/wp-content\/uploads\/2026\/01\/WPZ-Logo_white-SVG.svg?wsr","contentUrl":"https:\/\/zoo.org\/wp-content\/uploads\/2026\/01\/WPZ-Logo_white-SVG.svg?wsr","width":288,"height":282,"caption":"V\u01b0\u1eddn th\u00fa Woodland Park"},"image":{"@id":"https:\/\/zoo.org\/vi\/#\/schema\/logo\/image\/"}}]}},"taxonomy_info":[],"featured_image_src_large":["https:\/\/zoo.org\/wp-content\/uploads\/2025\/08\/2024_10-Rhino-Glenn-23-JDL-web.jpg?wsr",800,533,false],"author_info":{"display_name":"jloughlin","author_link":"https:\/\/zoo.org\/vi\/author\/jloughlin\/"},"comment_info":0,"_links":{"self":[{"href":"https:\/\/zoo.org\/vi\/wp-json\/wp\/v2\/pages\/12361","targetHints":{"allow":["GET"]}}],"collection":[{"href":"https:\/\/zoo.org\/vi\/wp-json\/wp\/v2\/pages"}],"about":[{"href":"https:\/\/zoo.org\/vi\/wp-json\/wp\/v2\/types\/page"}],"author":[{"embeddable":true,"href":"https:\/\/zoo.org\/vi\/wp-json\/wp\/v2\/users\/1"}],"replies":[{"embeddable":true,"href":"https:\/\/zoo.org\/vi\/wp-json\/wp\/v2\/comments?post=12361"}],"version-history":[{"count":0,"href":"https:\/\/zoo.org\/vi\/wp-json\/wp\/v2\/pages\/12361\/revisions"}],"wp:featuredmedia":[{"embeddable":true,"href":"https:\/\/zoo.org\/vi\/wp-json\/wp\/v2\/media\/12362"}],"wp:attachment":[{"href":"https:\/\/zoo.org\/vi\/wp-json\/wp\/v2\/media?parent=12361"}],"curies":[{"name":"wp","href":"https:\/\/api.w.org\/{rel}","templated":true}]}}