{"id":12594,"date":"2025-10-01T12:32:20","date_gmt":"2025-10-01T19:32:20","guid":{"rendered":"https:\/\/zoo.org\/tai-lieu-danh-cho-viec-hoc-tai-nha\/"},"modified":"2025-12-19T18:23:09","modified_gmt":"2025-12-20T02:23:09","slug":"tai-lieu-danh-cho-viec-hoc-tai-nha","status":"publish","type":"page","link":"https:\/\/zoo.org\/vi\/tai-lieu-danh-cho-viec-hoc-tai-nha\/","title":{"rendered":"T\u00e0i li\u1ec7u d\u00e0nh cho vi\u1ec7c h\u1ecdc t\u1ea1i nh\u00e0"},"content":{"rendered":"\n<div class=\"wp-block-cover alignfull is-light hero\" style=\"margin-top:0;margin-bottom:0\"><img loading=\"lazy\" decoding=\"async\" width=\"1920\" height=\"400\" class=\"wp-block-cover__image-background wp-image-3487 size-full\" alt=\"\" src=\"https:\/\/zoo.org\/wp-content\/uploads\/2025\/08\/Support-Header-Image2.jpg\" data-object-fit=\"cover\" srcset=\"https:\/\/zoo.org\/wp-content\/uploads\/2025\/08\/Support-Header-Image2.jpg 1920w, https:\/\/zoo.org\/wp-content\/uploads\/2025\/08\/Support-Header-Image2-300x63.jpg 300w, https:\/\/zoo.org\/wp-content\/uploads\/2025\/08\/Support-Header-Image2-1024x213.jpg 1024w, https:\/\/zoo.org\/wp-content\/uploads\/2025\/08\/Support-Header-Image2-768x160.jpg 768w, https:\/\/zoo.org\/wp-content\/uploads\/2025\/08\/Support-Header-Image2-1536x320.jpg 1536w\" sizes=\"auto, (max-width: 1920px) 100vw, 1920px\" \/><span aria-hidden=\"true\" class=\"wp-block-cover__background has-background-dim-0 has-background-dim\" style=\"background-color:#999692\"><\/span><div class=\"wp-block-cover__inner-container is-layout-constrained wp-block-cover-is-layout-constrained\">\n<p class=\"has-text-align-center has-large-font-size\"><\/p>\n<\/div><\/div>\n\n<div class=\"wp-block-group is-layout-constrained wp-block-group-is-layout-constrained\" style=\"margin-top:2em;margin-bottom:3em\">\n<h1 class=\"wp-block-heading has-text-align-center\" style=\"margin-top:0.65em;margin-bottom:0.275em\">T\u00c0I LI\u1ec6U D\u00c0NH CHO NH\u00d3M NH\u1ece<\/h1>\n\n\n\n<p class=\"has-text-align-center has-palette-color-3-color has-text-color has-link-color wp-elements-dadc2319c0918c2a2d25274eec29c9f9\" style=\"margin-bottom:1em;font-size:clamp(0.984em, 0.984rem + ((1vw - 0.2em) * 0.645), 1.5em);font-style:normal;font-weight:500;line-height:1.5\"><strong>T\u00e0i li\u1ec7u d\u00e0nh cho vi\u1ec7c h\u1ecdc t\u1ea1i nh\u00e0 v\u00e0 \u0111\u0103ng k\u00fd tham gia c\u00e1c ng\u00e0y h\u1ecdc nh\u00f3m nh\u1ecf.<\/strong><\/p>\n<\/div>\n\n<div class=\"wp-block-group alignfull divider is-layout-constrained wp-block-group-is-layout-constrained\">\n<h2 class=\"wp-block-heading alignfull has-text-align-center\">C\u00c1C CHUY\u1ebeN THAM QUAN NGO\u00c0I TR\u1edcI QUANH N\u0102M<\/h2>\n<\/div>\n\n<h3 class=\"wp-block-heading\">L\u00ean k\u1ebf ho\u1ea1ch cho chuy\u1ebfn \u0111i th\u1ef1c \u0111\u1ecba c\u1ee7a b\u1ea1n<\/h3>\n\n<p>B\u1ea5t k\u1ef3 t\u1ed5 ch\u1ee9c ph\u1ee5c v\u1ee5 thanh thi\u1ebfu ni\u00ean ho\u1eb7c nh\u00f3m h\u1ecdc t\u1ea1i nh\u00e0 n\u00e0o c\u00f3 t\u1eeb 20 ng\u01b0\u1eddi tr\u1edf l\u00ean \u0111\u1ec1u c\u00f3 th\u1ec3 \u0111\u1eb7t tour tham quan V\u01b0\u1eddn th\u00fa Woodland Park tr\u1ef1c tuy\u1ebfn t\u1ea1i <a href=\"https:\/\/zoo.org\/vi\/cac-chuyen-di-thuc-dia\/\">www.zoo.org\/fieldtrips.<\/a> B\u1eb1ng c\u00e1ch \u0111\u0103ng k\u00fd tr\u01b0\u1edbc ba tu\u1ea7n, c\u00e1c nh\u00f3m h\u1ecdc t\u1ea1i nh\u00e0 c\u00f3 th\u1ec3 \u0111\u01b0\u1ee3c h\u01b0\u1edfng m\u1ee9c gi\u00e1 v\u00e9 \u01b0u \u0111\u00e3i d\u00e0nh cho gi\u00e1o d\u1ee5c.<br\/><br\/> Vui l\u00f2ng xem <a href=\"https:\/\/zoo.org\/vi\/cac-chuyen-di-thuc-dia\/\">trang Chuy\u1ebfn tham quan th\u1ef1c \u0111\u1ecba<\/a> c\u1ee7a ch\u00fang t\u00f4i \u0111\u1ec3 \u0111\u01b0\u1ee3c h\u01b0\u1edbng d\u1eabn t\u1eebng b\u01b0\u1edbc v\u1ec1 c\u00e1ch \u0111\u1eb7t ch\u1ed7 v\u00e0 chu\u1ea9n b\u1ecb cho chuy\u1ebfn th\u0103m c\u1ee7a b\u1ea1n.<\/p>\n\n<div class=\"wp-block-group alignfull divider is-layout-constrained wp-block-group-is-layout-constrained\">\n<h2 class=\"wp-block-heading alignfull has-text-align-center\">NG\u00c0Y H\u1eccC NH\u00d3M NH\u1ece<\/h2>\n<\/div>\n\n<h3 class=\"wp-block-heading\">C\u00e1c ng\u00e0y h\u1ed9i nh\u00f3m nh\u1ecf n\u0103m 2025 &#8211; 2026<\/h3>\n\n<p>Ng\u00e0y h\u1ed9i nh\u00f3m nh\u1ecf \u0111\u1ea3m b\u1ea3o c\u00e1c nh\u00f3m nh\u1ecf v\u00e0 c\u00e1c gia \u0111\u00ecnh t\u1ef1 h\u1ecdc t\u1ea1i nh\u00e0 nh\u01b0 gia \u0111\u00ecnh b\u1ea1n c\u00f3 th\u1ec3 ti\u1ebfp c\u1eadn c\u00e1c ngu\u1ed3n t\u00e0i nguy\u00ean d\u00e0nh cho c\u00e1c tr\u01b0\u1eddng h\u1ecdc truy\u1ec1n th\u1ed1ng. Trong nh\u1eefng ng\u00e0y h\u1ed9i nh\u00f3m nh\u1ecf, ch\u00fang t\u00f4i mi\u1ec5n ph\u00ed ph\u00ed \u0111\u1eb7t ch\u1ed7 v\u00e0 \u0111\u00f3ng c\u1eeda v\u01b0\u1eddn th\u00fa \u0111\u1ed1i v\u1edbi c\u00e1c nh\u00f3m \u0111\u0103ng k\u00fd l\u1edbn h\u01a1n 20 ng\u01b0\u1eddi. <br\/><br\/>Vi\u1ec7c \u0111\u0103ng k\u00fd s\u1ebd \u0111\u01b0\u1ee3c m\u1edf theo t\u1eebng \u0111\u1ee3t trong v\u00f2ng 3 th\u00e1ng.<br\/><br\/>Th\u1ee9 S\u00e1u, ng\u00e0y 26 th\u00e1ng 9<br\/> Th\u1ee9 S\u00e1u, ng\u00e0y 17 th\u00e1ng 10<br\/> Th\u1ee9 n\u0103m, ng\u00e0y 6 th\u00e1ng 11<br\/> Th\u1ee9 S\u00e1u, ng\u00e0y 12 th\u00e1ng 12<br\/> Th\u1ee9 S\u00e1u, ng\u00e0y 23 th\u00e1ng 1<br\/> Th\u1ee9 n\u0103m, ng\u00e0y 19 th\u00e1ng 2<br\/> Th\u1ee9 S\u00e1u, ng\u00e0y 13 th\u00e1ng 3<br\/> Th\u1ee9 n\u0103m, ng\u00e0y 16 th\u00e1ng 4<br\/> Th\u1ee9 T\u01b0, ng\u00e0y 13 th\u00e1ng 5<br\/> Th\u1ee9 n\u0103m, ng\u00e0y 16 th\u00e1ng 6<\/p>\n\n<h4 class=\"wp-block-heading\">Tr\u1ecb gi\u00e1<\/h4>\n\n<p>B\u1ea1n s\u1ebd \u0111\u01b0\u1ee3c h\u01b0\u1edfng m\u1ee9c ph\u00ed nh\u1eadp h\u1ecdc \u01b0u \u0111\u00e3i, kh\u00f4ng m\u1ea5t ph\u00ed \u0111\u1eb7t ch\u1ed7\/gi\u1eef ch\u1ed7, v\u00e0 c\u00f3 h\u1ecdc b\u1ed5ng n\u1ebfu c\u1ea7n.  <\/p>\n\n<p>Vui l\u00f2ng li\u00ean h\u1ec7 <a href=\"mailto:schools@zoo.org\" target=\"_blank\" rel=\"noreferrer noopener\">schools@zoo.org<\/a> n\u1ebfu c\u00f3 b\u1ea5t k\u1ef3 c\u00e2u h\u1ecfi ho\u1eb7c y\u00eau c\u1ea7u n\u00e0o.<\/p>\n\n<div class=\"wp-block-group alignfull divider is-layout-constrained wp-block-group-is-layout-constrained\">\n<h2 class=\"wp-block-heading alignfull has-text-align-center\">Quy tr\u00ecnh \u0111\u0103ng k\u00fd<\/h2>\n<\/div>\n\n<div class=\"wp-block-columns is-layout-flex wp-container-core-columns-is-layout-bd8107d2 wp-block-columns-is-layout-flex\" style=\"margin-top:2.5em;margin-bottom:2.5em\">\n<div class=\"wp-block-column has-palette-color-17-background-color has-background is-layout-flow wp-container-core-column-is-layout-c8e01bbe wp-block-column-is-layout-flow\" style=\"padding-top:0px;padding-right:0px;padding-bottom:0px;padding-left:0px\">\n<h3 class=\"wp-block-heading has-text-align-left has-palette-color-2-color has-palette-color-15-background-color has-text-color has-background has-link-color wp-elements-b2781ddf3061098b34a71ddc319a673a\" style=\"margin-bottom:0;padding-top:0.75em;padding-right:0.75em;padding-bottom:0.75em;padding-left:0.75em;font-size:clamp(0.875em, 0.875rem + ((1vw - 0.2em) * 0.531), 1.3em);font-style:normal;font-weight:400;letter-spacing:0.07em;text-transform:uppercase\">B\u01b0\u1edbc m\u1ed9t<\/h3>\n\n\n\n<div class=\"wp-block-group is-layout-constrained wp-container-core-group-is-layout-81115059 wp-block-group-is-layout-constrained\" style=\"padding-top:25px;padding-right:25px;padding-bottom:25px;padding-left:25px\">\n<h4 class=\"wp-block-heading\" style=\"margin-bottom:1em\"><strong>H\u00e3y ch\u1ecdn ng\u00e0y b\u1ea1n mu\u1ed1n \u0111\u1ebfn tham quan!<\/strong><\/h4>\n\n\n\n<p><strong>Bao g\u1ed3m trong v\u00e9 v\u00e0o v\u01b0\u1eddn th\u00fa c\u1ee7a b\u1ea1n.<\/strong><\/p>\n\n\n\n<ul class=\"wp-block-list\">\n<li>Gi\u1edd v\u00e0o tham quan s\u1edf th\u00fa t\u1eeb khi m\u1edf c\u1eeda \u0111\u1ebfn khi \u0111\u00f3ng c\u1eeda<\/li>\n\n\n\n<li>M\u1ed9t ng\u00e0y tham quan kh\u00f4ng c\u00f3 c\u00e1c chuy\u1ebfn \u0111i th\u1ef1c t\u1ebf l\u1edbn c\u1ee7a tr\u01b0\u1eddng.<\/li>\n<\/ul>\n<\/div>\n<\/div>\n\n\n\n<div class=\"wp-block-column has-palette-color-17-background-color has-background is-layout-flow wp-container-core-column-is-layout-c8e01bbe wp-block-column-is-layout-flow\" style=\"padding-top:0px;padding-right:0px;padding-bottom:0px;padding-left:0px\">\n<h3 class=\"wp-block-heading has-text-align-left has-palette-color-2-color has-palette-color-15-background-color has-text-color has-background has-link-color wp-elements-4a2a8d8420d9fd3ef81d4f78f47f0be7\" style=\"margin-bottom:0;padding-top:0.75em;padding-right:0.75em;padding-bottom:0.75em;padding-left:0.75em;font-size:clamp(0.875em, 0.875rem + ((1vw - 0.2em) * 0.531), 1.3em);font-style:normal;font-weight:400;letter-spacing:0.07em;text-transform:uppercase\">B\u01b0\u1edbc hai<\/h3>\n\n\n\n<div class=\"wp-block-group is-layout-constrained wp-container-core-group-is-layout-81115059 wp-block-group-is-layout-constrained\" style=\"padding-top:25px;padding-right:25px;padding-bottom:25px;padding-left:25px\">\n<p style=\"margin-bottom:1em\"><strong>\u0110\u0103ng k\u00fd tr\u1ef1c tuy\u1ebfn  <\/strong><\/p>\n\n\n\n<p>Gi\u00e1 v\u00e9: 13,00 \u0111\u00f4 la M\u1ef9\/ng\u01b0\u1eddi (Tr\u1ebb em t\u1eeb 2 tu\u1ed5i tr\u1edf xu\u1ed1ng \u0111\u01b0\u1ee3c v\u00e0o c\u1eeda mi\u1ec5n ph\u00ed)<\/p>\n\n\n\n<p>H\u1ecdc sinh ph\u1ea3i lu\u00f4n c\u00f3 ng\u01b0\u1eddi gi\u00e1m h\u1ed9. Ng\u01b0\u1eddi gi\u00e1m h\u1ed9 c\u0169ng ph\u1ea3i mua v\u00e9. <\/p>\n\n\n\n<div class=\"wp-block-buttons is-layout-flex wp-block-buttons-is-layout-flex\">\n<div class=\"wp-block-button\"><a class=\"wp-block-button__link wp-element-button\" href=\"https:\/\/tickets.zoo.org\/events\/018dc849-43ce-bd9e-6ecd-2fadf180b078?_gl=1*1jiatzf*_gcl_au*OTAxMDA5NDIuMTc1MjU5NTk2Nw..\" target=\"_blank\" rel=\"noreferrer noopener\"><strong>\u0110\u0102NG K\u00dd T\u1ea0I \u0110\u00c2Y<\/strong><\/a><\/div>\n<\/div>\n<\/div>\n<\/div>\n\n\n\n<div class=\"wp-block-column has-palette-color-17-background-color has-background is-layout-flow wp-container-core-column-is-layout-c8e01bbe wp-block-column-is-layout-flow\" style=\"padding-top:0px;padding-right:0px;padding-bottom:0px;padding-left:0px\">\n<h3 class=\"wp-block-heading has-text-align-left has-palette-color-2-color has-palette-color-15-background-color has-text-color has-background has-link-color wp-elements-66fd7865da5216c92763859184fcf049\" style=\"margin-bottom:0;padding-top:0.75em;padding-right:0.75em;padding-bottom:0.75em;padding-left:0.75em;font-size:clamp(0.875em, 0.875rem + ((1vw - 0.2em) * 0.531), 1.3em);font-style:normal;font-weight:400;letter-spacing:0.07em;text-transform:uppercase\">B\u01b0\u1edbc ba<\/h3>\n\n\n\n<div class=\"wp-block-group is-layout-constrained wp-container-core-group-is-layout-81115059 wp-block-group-is-layout-constrained\" style=\"padding-top:25px;padding-right:25px;padding-bottom:25px;padding-left:25px\">\n<p style=\"margin-bottom:1em\"><strong>Kh\u00e1m ph\u00e1 nh\u1eefng c\u01a1 h\u1ed9i kh\u00e1c v\u00e0 l\u00ean k\u1ebf ho\u1ea1ch cho ng\u00e0y c\u1ee7a b\u1ea1n:<\/strong><\/p>\n\n\n\n<p><a href=\"https:\/\/discoveryden.zoo.org\/\" target=\"_blank\" rel=\"noreferrer noopener\">Hang \u0111\u1ed9ng Kh\u00e1m ph\u00e1<\/a><br\/> <a href=\"https:\/\/zoo.org\/vi\/hom-nay-tai-so-thu\/\">H\u00f4m nay t\u1ea1i s\u1edf th\u00fa<\/a><br\/> <a href=\"https:\/\/zoo.org\/vi\/ban-do-va-cho-thue\/\">B\u1ea3n \u0111\u1ed3<\/a><br\/> <a href=\"https:\/\/zoo.org\/vi\/kha-nang-tiep-can\/\">Th\u00f4ng tin v\u1ec1 kh\u1ea3 n\u0103ng ti\u1ebfp c\u1eadn<\/a> <br\/><\/p>\n\n\n\n<p>GHI CH\u00da:<\/p>\n\n\n\n<p>Th\u1ee9 S\u00e1u l\u00e0 ng\u00e0y th\u00e2n thi\u1ec7n v\u1edbi gi\u00e1c quan t\u1ea1i Zoomazium.  <a href=\"https:\/\/zoo.org\/vi\/zoomazium\/\">T\u00ecm hi\u1ec3u th\u00eam v\u1ec1 \u0111i\u1ec1u \u0111\u00f3 t\u1ea1i \u0111\u00e2y!<\/a><\/p>\n<\/div>\n<\/div>\n<\/div>\n\n<h3 class=\"wp-block-heading\">Li\u00ean h\u1ec7 v\u1edbi ch\u00fang t\u00f4i<\/h3>\n\n<p>N\u1ebfu c\u00f3 th\u00eam th\u1eafc m\u1eafc ho\u1eb7c c\u1ea7n h\u1ed7 tr\u1ee3, vui l\u00f2ng li\u00ean h\u1ec7 v\u1edbi v\u0103n ph\u00f2ng \u0111\u0103ng k\u00fd qua \u0111\u1ecba ch\u1ec9 <a href=\"mailto:schools@zoo.org\">email schools@zoo.org<\/a> .<\/p>\n\n<div class=\"wp-block-group alignfull divider is-layout-constrained wp-block-group-is-layout-constrained\">\n<h2 class=\"wp-block-heading alignfull has-text-align-center\">T\u00e0i nguy\u00ean<\/h2>\n<\/div>\n\n<p><a href=\"\/wp-content\/uploads\/2025\/10\/Zoo-Chaperone-Sheet-for-Field-Trips.pdf\" target=\"_blank\" rel=\"noreferrer noopener\">Phi\u1ebfu ng\u01b0\u1eddi gi\u00e1m h\u1ed9 khi tham quan s\u1edf th\u00fa<\/a><br\/> <a href=\"\/wp-content\/uploads\/2025\/10\/Field-Trip-Bus-Driver.pdf\" target=\"_blank\" rel=\"noreferrer noopener\">Th\u00f4ng tin d\u00e0nh cho t\u00e0i x\u1ebf xe bu\u00fdt<\/a><br\/> <a href=\"https:\/\/zoo.org\/vi\/ban-do-va-cho-thue\/\">B\u1ea3n \u0111\u1ed3<\/a><br\/> <a href=\"https:\/\/map.zoo.org\/\" target=\"_blank\" rel=\"noreferrer noopener\">Ch\u01b0\u01a1ng tr\u00ecnh, ho\u1ea1t \u0111\u1ed9ng v\u00e0 b\u1ea3n \u0111\u1ed3 k\u1ef9 thu\u1eadt s\u1ed1<\/a><br\/> <a href=\"https:\/\/zoo.org\/vi\/kha-nang-tiep-can\/\">Kh\u1ea3 n\u0103ng ti\u1ebfp c\u1eadn t\u1ea1i v\u01b0\u1eddn th\u00fa<\/a><br\/> <a href=\"\/wp-content\/uploads\/2025\/10\/Field-Trip-Registration-Guidelines.pdf\" target=\"_blank\" rel=\"noreferrer noopener\">H\u01b0\u1edbng d\u1eabn \u0111\u0103ng k\u00fd<\/a><\/p>\n\n<h3 class=\"wp-block-heading\"><br\/>Hang Kh\u00e1m Ph\u00e1<\/h3>\n\n<p>Gi\u00fap h\u1ecdc sinh ti\u1ebfp c\u1eadn v\u1edbi \u0111\u1ed9ng v\u1eadt hoang d\u00e3 v\u00e0 c\u00f4ng t\u00e1c b\u1ea3o t\u1ed3n tr\u01b0\u1edbc khi c\u00e1c em \u0111\u1ebfn th\u0103m s\u1edf th\u00fa v\u1edbi Discovery Den, m\u1ed9t th\u01b0 vi\u1ec7n t\u00e0i nguy\u00ean mi\u1ec5n ph\u00ed do c\u00e1c nh\u00e0 gi\u00e1o d\u1ee5c bi\u00ean so\u1ea1n d\u00e0nh cho c\u00e1c nh\u00e0 gi\u00e1o d\u1ee5c.<\/p>\n\n<p><strong>Tr\u00ean Discovery Den, b\u1ea1n s\u1ebd t\u00ecm th\u1ea5y c\u00e1c ngu\u1ed3n t\u00e0i li\u1ec7u nh\u01b0:<\/strong><\/p>\n\n<ul class=\"wp-block-list\">\n<li>K\u1ebf ho\u1ea1ch b\u00e0i h\u1ecdc ph\u00f9 h\u1ee3p v\u1edbi ti\u00eau chu\u1ea9n<\/li>\n\n\n\n<li>B\u1ed9 d\u1eef li\u1ec7u x\u00e1c th\u1ef1c<\/li>\n\n\n\n<li>Phi\u1ebfu b\u00e0i t\u1eadp c\u00f3 th\u1ec3 in<\/li>\n\n\n\n<li>Video h\u1eadu tr\u01b0\u1eddng<\/li>\n\n\n\n<li>K\u1ebft n\u1ed1i ch\u01b0\u01a1ng tr\u00ecnh h\u1ecdc v\u1edbi c\u00e1c chuy\u1ebfn \u0111i th\u1ef1c t\u1ebf&#8230; v\u00e0 h\u01a1n th\u1ebf n\u1eefa!<\/li>\n<\/ul>\n\n<div class=\"wp-block-buttons is-content-justification-center is-layout-flex wp-container-core-buttons-is-layout-48d0e691 wp-block-buttons-is-layout-flex\" style=\"margin-top:var(--wp--preset--spacing--60);margin-bottom:var(--wp--preset--spacing--60)\">\n<div class=\"wp-block-button\"><a class=\"wp-block-button__link wp-element-button\" href=\"https:\/\/discoveryden.zoo.org\/?_gl=1*jah86h*_gcl_au*OTAxMDA5NDIuMTc1MjU5NTk2Nw..\" target=\"_blank\" rel=\"noreferrer noopener\">Access Discovery Den<\/a><\/div>\n<\/div>\n\n<div class=\"wp-block-group alignfull divider is-layout-constrained wp-block-group-is-layout-constrained\">\n<h2 class=\"wp-block-heading alignfull has-text-align-center\">CH\u00cdNH S\u00c1CH h\u1ee7y b\u1ecf<\/h2>\n<\/div>\n\n<h3 class=\"wp-block-heading\">Thay \u0111\u1ed5i ho\u1eb7c H\u1ee7y b\u1ecf \u0110\u0103ng k\u00fd Ng\u00e0y H\u1ecdc T\u1ea1i Nh\u00e0<\/h3>\n\n<ul class=\"wp-block-list\">\n<li>\u0110\u1ec3 \u0111\u01b0\u1ee3c ho\u00e0n ti\u1ec1n \u0111\u1ea7y \u0111\u1ee7, vi\u1ec7c h\u1ee7y b\u1ecf ph\u1ea3i \u0111\u01b0\u1ee3c th\u1ef1c hi\u1ec7n ch\u1eadm nh\u1ea5t 48 gi\u1edd tr\u01b0\u1edbc ng\u00e0y di\u1ec5n ra s\u1ef1 ki\u1ec7n.  <\/li>\n\n\n\n<li>Vui l\u00f2ng g\u1eedi email \u0111\u1ebfn <a href=\"mailto:schools@zoo.org\" target=\"_blank\" rel=\"noreferrer noopener\">schools@zoo.org<\/a> \u0111\u1ec3 y\u00eau c\u1ea7u h\u1ee7y b\u1ecf ho\u1eb7c thay \u0111\u1ed5i l\u1ecbch tr\u00ecnh.<\/li>\n<\/ul>\n\n<p><\/p>\n","protected":false},"excerpt":{"rendered":"<p>T\u00c0I LI\u1ec6U D\u00c0NH CHO NH\u00d3M NH\u1ece T\u00e0i li\u1ec7u d\u00e0nh cho vi\u1ec7c h\u1ecdc t\u1ea1i nh\u00e0 v\u00e0 \u0111\u0103ng k\u00fd tham gia c\u00e1c ng\u00e0y h\u1ecdc nh\u00f3m nh\u1ecf. C\u00c1C CHUY\u1ebeN THAM QUAN NGO\u00c0I TR\u1edcI [&hellip;]<\/p>\n","protected":false},"author":1,"featured_media":0,"parent":0,"menu_order":0,"comment_status":"closed","ping_status":"closed","template":"","meta":{"_acf_changed":false,"_kad_blocks_custom_css":"","_kad_blocks_head_custom_js":"","_kad_blocks_body_custom_js":"","_kad_blocks_footer_custom_js":"","footnotes":""},"class_list":["post-12594","page","type-page","status-publish","hentry"],"blocksy_meta":[],"acf":[],"yoast_head":"<!-- This site is optimized with the Yoast SEO plugin v27.4 - https:\/\/yoast.com\/product\/yoast-seo-wordpress\/ -->\n<title>T\u00e0i li\u1ec7u d\u00e0nh cho vi\u1ec7c h\u1ecdc t\u1ea1i nh\u00e0 - V\u01b0\u1eddn th\u00fa Woodland Park<\/title>\n<meta name=\"description\" content=\"\u0110\u1eb7t tour tham quan V\u01b0\u1eddn th\u00fa Woodland Park cho nh\u00f3m h\u1ecdc t\u1ea1i nh\u00e0 c\u1ee7a b\u1ea1n.\" \/>\n<meta name=\"robots\" content=\"index, follow, max-snippet:-1, max-image-preview:large, max-video-preview:-1\" \/>\n<link rel=\"canonical\" href=\"https:\/\/zoo.org\/vi\/tai-lieu-danh-cho-viec-hoc-tai-nha\/\" \/>\n<meta property=\"og:locale\" content=\"vi_VN\" \/>\n<meta property=\"og:type\" content=\"article\" \/>\n<meta property=\"og:title\" content=\"T\u00e0i li\u1ec7u d\u00e0nh cho vi\u1ec7c h\u1ecdc t\u1ea1i nh\u00e0 - V\u01b0\u1eddn th\u00fa Woodland Park\" \/>\n<meta property=\"og:description\" content=\"\u0110\u1eb7t tour tham quan V\u01b0\u1eddn th\u00fa Woodland Park cho nh\u00f3m h\u1ecdc t\u1ea1i nh\u00e0 c\u1ee7a b\u1ea1n.\" \/>\n<meta property=\"og:url\" content=\"https:\/\/zoo.org\/vi\/tai-lieu-danh-cho-viec-hoc-tai-nha\/\" \/>\n<meta property=\"og:site_name\" content=\"V\u01b0\u1eddn th\u00fa Woodland Park\" \/>\n<meta property=\"article:modified_time\" content=\"2025-12-20T02:23:09+00:00\" \/>\n<meta property=\"og:image\" content=\"https:\/\/zoo.org\/wp-content\/uploads\/2025\/08\/Support-Header-Image2.jpg?wsr\" \/>\n\t<meta property=\"og:image:width\" content=\"1920\" \/>\n\t<meta property=\"og:image:height\" content=\"400\" \/>\n\t<meta property=\"og:image:type\" content=\"image\/jpeg\" \/>\n<meta name=\"twitter:card\" content=\"summary_large_image\" \/>\n<script type=\"application\/ld+json\" class=\"yoast-schema-graph\">{\"@context\":\"https:\\\/\\\/schema.org\",\"@graph\":[{\"@type\":\"WebPage\",\"@id\":\"https:\\\/\\\/zoo.org\\\/vi\\\/tai-lieu-danh-cho-viec-hoc-tai-nha\\\/\",\"url\":\"https:\\\/\\\/zoo.org\\\/vi\\\/tai-lieu-danh-cho-viec-hoc-tai-nha\\\/\",\"name\":\"T\u00e0i li\u1ec7u d\u00e0nh cho vi\u1ec7c h\u1ecdc t\u1ea1i nh\u00e0 - V\u01b0\u1eddn th\u00fa Woodland Park\",\"isPartOf\":{\"@id\":\"https:\\\/\\\/zoo.org\\\/vi\\\/#website\"},\"primaryImageOfPage\":{\"@id\":\"https:\\\/\\\/zoo.org\\\/vi\\\/tai-lieu-danh-cho-viec-hoc-tai-nha\\\/#primaryimage\"},\"image\":{\"@id\":\"https:\\\/\\\/zoo.org\\\/vi\\\/tai-lieu-danh-cho-viec-hoc-tai-nha\\\/#primaryimage\"},\"thumbnailUrl\":\"https:\\\/\\\/zoo.org\\\/wp-content\\\/uploads\\\/2025\\\/08\\\/Support-Header-Image2.jpg\",\"datePublished\":\"2025-10-01T19:32:20+00:00\",\"dateModified\":\"2025-12-20T02:23:09+00:00\",\"description\":\"\u0110\u1eb7t tour tham quan V\u01b0\u1eddn th\u00fa Woodland Park cho nh\u00f3m h\u1ecdc t\u1ea1i nh\u00e0 c\u1ee7a b\u1ea1n.\",\"breadcrumb\":{\"@id\":\"https:\\\/\\\/zoo.org\\\/vi\\\/tai-lieu-danh-cho-viec-hoc-tai-nha\\\/#breadcrumb\"},\"inLanguage\":\"vi\",\"potentialAction\":[{\"@type\":\"ReadAction\",\"target\":[\"https:\\\/\\\/zoo.org\\\/vi\\\/tai-lieu-danh-cho-viec-hoc-tai-nha\\\/\"]}]},{\"@type\":\"ImageObject\",\"inLanguage\":\"vi\",\"@id\":\"https:\\\/\\\/zoo.org\\\/vi\\\/tai-lieu-danh-cho-viec-hoc-tai-nha\\\/#primaryimage\",\"url\":\"https:\\\/\\\/zoo.org\\\/wp-content\\\/uploads\\\/2025\\\/08\\\/Support-Header-Image2.jpg\",\"contentUrl\":\"https:\\\/\\\/zoo.org\\\/wp-content\\\/uploads\\\/2025\\\/08\\\/Support-Header-Image2.jpg\"},{\"@type\":\"BreadcrumbList\",\"@id\":\"https:\\\/\\\/zoo.org\\\/vi\\\/tai-lieu-danh-cho-viec-hoc-tai-nha\\\/#breadcrumb\",\"itemListElement\":[{\"@type\":\"ListItem\",\"position\":1,\"name\":\"Trang ch\u1ee7\",\"item\":\"https:\\\/\\\/zoo.org\\\/vi\\\/\"},{\"@type\":\"ListItem\",\"position\":2,\"name\":\"T\u00e0i li\u1ec7u d\u00e0nh cho vi\u1ec7c h\u1ecdc t\u1ea1i nh\u00e0\"}]},{\"@type\":\"WebSite\",\"@id\":\"https:\\\/\\\/zoo.org\\\/vi\\\/#website\",\"url\":\"https:\\\/\\\/zoo.org\\\/vi\\\/\",\"name\":\"V\u01b0\u1eddn th\u00fa Woodland Park\",\"description\":\"V\u01b0\u1eddn th\u00fa Woodland Park c\u1ee9u s\u1ed1ng \u0111\u1ed9ng v\u1eadt hoang d\u00e3 v\u00e0 truy\u1ec1n c\u1ea3m h\u1ee9ng cho m\u1ecdi ng\u01b0\u1eddi coi b\u1ea3o t\u1ed3n l\u00e0 \u01b0u ti\u00ean h\u00e0ng \u0111\u1ea7u trong cu\u1ed9c s\u1ed1ng c\u1ee7a m\u00ecnh.\",\"publisher\":{\"@id\":\"https:\\\/\\\/zoo.org\\\/vi\\\/#organization\"},\"potentialAction\":[{\"@type\":\"SearchAction\",\"target\":{\"@type\":\"EntryPoint\",\"urlTemplate\":\"https:\\\/\\\/zoo.org\\\/vi\\\/?s={search_term_string}\"},\"query-input\":{\"@type\":\"PropertyValueSpecification\",\"valueRequired\":true,\"valueName\":\"search_term_string\"}}],\"inLanguage\":\"vi\"},{\"@type\":\"Organization\",\"@id\":\"https:\\\/\\\/zoo.org\\\/vi\\\/#organization\",\"name\":\"V\u01b0\u1eddn th\u00fa Woodland Park\",\"url\":\"https:\\\/\\\/zoo.org\\\/vi\\\/\",\"logo\":{\"@type\":\"ImageObject\",\"inLanguage\":\"vi\",\"@id\":\"https:\\\/\\\/zoo.org\\\/vi\\\/#\\\/schema\\\/logo\\\/image\\\/\",\"url\":\"https:\\\/\\\/zoo.org\\\/wp-content\\\/uploads\\\/2026\\\/01\\\/WPZ-Logo_white-SVG.svg?wsr\",\"contentUrl\":\"https:\\\/\\\/zoo.org\\\/wp-content\\\/uploads\\\/2026\\\/01\\\/WPZ-Logo_white-SVG.svg?wsr\",\"width\":288,\"height\":282,\"caption\":\"V\u01b0\u1eddn th\u00fa Woodland Park\"},\"image\":{\"@id\":\"https:\\\/\\\/zoo.org\\\/vi\\\/#\\\/schema\\\/logo\\\/image\\\/\"}}]}<\/script>\n<!-- \/ Yoast SEO plugin. -->","yoast_head_json":{"title":"T\u00e0i li\u1ec7u d\u00e0nh cho vi\u1ec7c h\u1ecdc t\u1ea1i nh\u00e0 - V\u01b0\u1eddn th\u00fa Woodland Park","description":"\u0110\u1eb7t tour tham quan V\u01b0\u1eddn th\u00fa Woodland Park cho nh\u00f3m h\u1ecdc t\u1ea1i nh\u00e0 c\u1ee7a b\u1ea1n.","robots":{"index":"index","follow":"follow","max-snippet":"max-snippet:-1","max-image-preview":"max-image-preview:large","max-video-preview":"max-video-preview:-1"},"canonical":"https:\/\/zoo.org\/vi\/tai-lieu-danh-cho-viec-hoc-tai-nha\/","og_locale":"vi_VN","og_type":"article","og_title":"T\u00e0i li\u1ec7u d\u00e0nh cho vi\u1ec7c h\u1ecdc t\u1ea1i nh\u00e0 - V\u01b0\u1eddn th\u00fa Woodland Park","og_description":"\u0110\u1eb7t tour tham quan V\u01b0\u1eddn th\u00fa Woodland Park cho nh\u00f3m h\u1ecdc t\u1ea1i nh\u00e0 c\u1ee7a b\u1ea1n.","og_url":"https:\/\/zoo.org\/vi\/tai-lieu-danh-cho-viec-hoc-tai-nha\/","og_site_name":"V\u01b0\u1eddn th\u00fa Woodland Park","article_modified_time":"2025-12-20T02:23:09+00:00","og_image":[{"width":1920,"height":400,"url":"https:\/\/zoo.org\/wp-content\/uploads\/2025\/08\/Support-Header-Image2.jpg?wsr","type":"image\/jpeg"}],"twitter_card":"summary_large_image","schema":{"@context":"https:\/\/schema.org","@graph":[{"@type":"WebPage","@id":"https:\/\/zoo.org\/vi\/tai-lieu-danh-cho-viec-hoc-tai-nha\/","url":"https:\/\/zoo.org\/vi\/tai-lieu-danh-cho-viec-hoc-tai-nha\/","name":"T\u00e0i li\u1ec7u d\u00e0nh cho vi\u1ec7c h\u1ecdc t\u1ea1i nh\u00e0 - V\u01b0\u1eddn th\u00fa Woodland Park","isPartOf":{"@id":"https:\/\/zoo.org\/vi\/#website"},"primaryImageOfPage":{"@id":"https:\/\/zoo.org\/vi\/tai-lieu-danh-cho-viec-hoc-tai-nha\/#primaryimage"},"image":{"@id":"https:\/\/zoo.org\/vi\/tai-lieu-danh-cho-viec-hoc-tai-nha\/#primaryimage"},"thumbnailUrl":"https:\/\/zoo.org\/wp-content\/uploads\/2025\/08\/Support-Header-Image2.jpg","datePublished":"2025-10-01T19:32:20+00:00","dateModified":"2025-12-20T02:23:09+00:00","description":"\u0110\u1eb7t tour tham quan V\u01b0\u1eddn th\u00fa Woodland Park cho nh\u00f3m h\u1ecdc t\u1ea1i nh\u00e0 c\u1ee7a b\u1ea1n.","breadcrumb":{"@id":"https:\/\/zoo.org\/vi\/tai-lieu-danh-cho-viec-hoc-tai-nha\/#breadcrumb"},"inLanguage":"vi","potentialAction":[{"@type":"ReadAction","target":["https:\/\/zoo.org\/vi\/tai-lieu-danh-cho-viec-hoc-tai-nha\/"]}]},{"@type":"ImageObject","inLanguage":"vi","@id":"https:\/\/zoo.org\/vi\/tai-lieu-danh-cho-viec-hoc-tai-nha\/#primaryimage","url":"https:\/\/zoo.org\/wp-content\/uploads\/2025\/08\/Support-Header-Image2.jpg","contentUrl":"https:\/\/zoo.org\/wp-content\/uploads\/2025\/08\/Support-Header-Image2.jpg"},{"@type":"BreadcrumbList","@id":"https:\/\/zoo.org\/vi\/tai-lieu-danh-cho-viec-hoc-tai-nha\/#breadcrumb","itemListElement":[{"@type":"ListItem","position":1,"name":"Trang ch\u1ee7","item":"https:\/\/zoo.org\/vi\/"},{"@type":"ListItem","position":2,"name":"T\u00e0i li\u1ec7u d\u00e0nh cho vi\u1ec7c h\u1ecdc t\u1ea1i nh\u00e0"}]},{"@type":"WebSite","@id":"https:\/\/zoo.org\/vi\/#website","url":"https:\/\/zoo.org\/vi\/","name":"V\u01b0\u1eddn th\u00fa Woodland Park","description":"V\u01b0\u1eddn th\u00fa Woodland Park c\u1ee9u s\u1ed1ng \u0111\u1ed9ng v\u1eadt hoang d\u00e3 v\u00e0 truy\u1ec1n c\u1ea3m h\u1ee9ng cho m\u1ecdi ng\u01b0\u1eddi coi b\u1ea3o t\u1ed3n l\u00e0 \u01b0u ti\u00ean h\u00e0ng \u0111\u1ea7u trong cu\u1ed9c s\u1ed1ng c\u1ee7a m\u00ecnh.","publisher":{"@id":"https:\/\/zoo.org\/vi\/#organization"},"potentialAction":[{"@type":"SearchAction","target":{"@type":"EntryPoint","urlTemplate":"https:\/\/zoo.org\/vi\/?s={search_term_string}"},"query-input":{"@type":"PropertyValueSpecification","valueRequired":true,"valueName":"search_term_string"}}],"inLanguage":"vi"},{"@type":"Organization","@id":"https:\/\/zoo.org\/vi\/#organization","name":"V\u01b0\u1eddn th\u00fa Woodland Park","url":"https:\/\/zoo.org\/vi\/","logo":{"@type":"ImageObject","inLanguage":"vi","@id":"https:\/\/zoo.org\/vi\/#\/schema\/logo\/image\/","url":"https:\/\/zoo.org\/wp-content\/uploads\/2026\/01\/WPZ-Logo_white-SVG.svg?wsr","contentUrl":"https:\/\/zoo.org\/wp-content\/uploads\/2026\/01\/WPZ-Logo_white-SVG.svg?wsr","width":288,"height":282,"caption":"V\u01b0\u1eddn th\u00fa Woodland Park"},"image":{"@id":"https:\/\/zoo.org\/vi\/#\/schema\/logo\/image\/"}}]}},"taxonomy_info":[],"featured_image_src_large":false,"author_info":{"display_name":"jloughlin","author_link":"https:\/\/zoo.org\/vi\/author\/jloughlin\/"},"comment_info":0,"_links":{"self":[{"href":"https:\/\/zoo.org\/vi\/wp-json\/wp\/v2\/pages\/12594","targetHints":{"allow":["GET"]}}],"collection":[{"href":"https:\/\/zoo.org\/vi\/wp-json\/wp\/v2\/pages"}],"about":[{"href":"https:\/\/zoo.org\/vi\/wp-json\/wp\/v2\/types\/page"}],"author":[{"embeddable":true,"href":"https:\/\/zoo.org\/vi\/wp-json\/wp\/v2\/users\/1"}],"replies":[{"embeddable":true,"href":"https:\/\/zoo.org\/vi\/wp-json\/wp\/v2\/comments?post=12594"}],"version-history":[{"count":0,"href":"https:\/\/zoo.org\/vi\/wp-json\/wp\/v2\/pages\/12594\/revisions"}],"wp:attachment":[{"href":"https:\/\/zoo.org\/vi\/wp-json\/wp\/v2\/media?parent=12594"}],"curies":[{"name":"wp","href":"https:\/\/api.w.org\/{rel}","templated":true}]}}