{"id":12601,"date":"2025-10-01T12:15:22","date_gmt":"2025-10-01T19:15:22","guid":{"rendered":"https:\/\/zoo.org\/tai-lieu-danh-cho-nha-giao-duc\/"},"modified":"2025-12-19T18:18:09","modified_gmt":"2025-12-20T02:18:09","slug":"tai-lieu-danh-cho-nha-giao-duc","status":"publish","type":"page","link":"https:\/\/zoo.org\/vi\/tai-lieu-danh-cho-nha-giao-duc\/","title":{"rendered":"T\u00e0i li\u1ec7u d\u00e0nh cho nh\u00e0 gi\u00e1o d\u1ee5c"},"content":{"rendered":"\n<div class=\"wp-block-cover alignfull is-light hero\" style=\"margin-top:0;margin-bottom:0\"><img loading=\"lazy\" decoding=\"async\" width=\"1920\" height=\"400\" class=\"wp-block-cover__image-background wp-image-3487 size-full\" alt=\"\" src=\"https:\/\/zoo.org\/wp-content\/uploads\/2025\/08\/Support-Header-Image2.jpg\" data-object-fit=\"cover\" srcset=\"https:\/\/zoo.org\/wp-content\/uploads\/2025\/08\/Support-Header-Image2.jpg 1920w, https:\/\/zoo.org\/wp-content\/uploads\/2025\/08\/Support-Header-Image2-300x63.jpg 300w, https:\/\/zoo.org\/wp-content\/uploads\/2025\/08\/Support-Header-Image2-1024x213.jpg 1024w, https:\/\/zoo.org\/wp-content\/uploads\/2025\/08\/Support-Header-Image2-768x160.jpg 768w, https:\/\/zoo.org\/wp-content\/uploads\/2025\/08\/Support-Header-Image2-1536x320.jpg 1536w\" sizes=\"auto, (max-width: 1920px) 100vw, 1920px\" \/><span aria-hidden=\"true\" class=\"wp-block-cover__background has-background-dim-0 has-background-dim\" style=\"background-color:#999692\"><\/span><div class=\"wp-block-cover__inner-container is-layout-constrained wp-block-cover-is-layout-constrained\">\n<p class=\"has-text-align-center has-large-font-size\"><\/p>\n<\/div><\/div>\n\n<div class=\"wp-block-group is-layout-constrained wp-block-group-is-layout-constrained\" style=\"margin-top:2em;margin-bottom:3em\">\n<h1 class=\"wp-block-heading has-text-align-center\" style=\"margin-top:0.65em;margin-bottom:0.275em\">T\u00c0I LI\u1ec6U THAM KH\u1ea2O D\u00c0NH CHO NH\u00c0 GI\u00c1O D\u1ee4C<\/h1>\n\n\n\n<p class=\"has-text-align-center has-palette-color-3-color has-text-color has-link-color wp-elements-bdf6c0a164bf21212cdececc3923cde5\" style=\"margin-bottom:1em;font-size:clamp(0.984em, 0.984rem + ((1vw - 0.2em) * 0.645), 1.5em);font-style:normal;font-weight:500;line-height:1.5\"><strong>Hang Kh\u00e1m Ph\u00e1<\/strong><\/p>\n<\/div>\n\n<div class=\"wp-block-group alignfull divider is-layout-constrained wp-block-group-is-layout-constrained\">\n<h2 class=\"wp-block-heading alignfull has-text-align-center\">Th\u01b0 vi\u1ec7n t\u00e0i li\u1ec7u d\u00e0nh cho nh\u00e0 gi\u00e1o d\u1ee5c<\/h2>\n<\/div>\n\n<h3 class=\"wp-block-heading\">Hang Kh\u00e1m Ph\u00e1<\/h3>\n\n<p>Trung t\u00e2m Kh\u00e1m ph\u00e1 c\u1ee7a V\u01b0\u1eddn th\u00fa Woodland Park cung c\u1ea5p cho du kh\u00e1ch nhi\u1ec1u ngu\u1ed3n t\u00e0i nguy\u00ean h\u01a1n l\u00e0 ch\u1ec9 m\u1ed9t \u0111i\u1ec3m \u0111\u1ebfn tham quan th\u1ef1c t\u1ebf. Ch\u00fang t\u00f4i l\u01b0u tr\u1eef m\u1ed9t b\u1ed9 s\u01b0u t\u1eadp ng\u00e0y c\u00e0ng phong ph\u00fa c\u00e1c video, b\u00e0i h\u1ecdc, ho\u1ea1t \u0111\u1ed9ng v\u00e0 ch\u01b0\u01a1ng tr\u00ecnh gi\u1ea3ng d\u1ea1y d\u00e0nh cho c\u00e1c nh\u00e0 gi\u00e1o d\u1ee5c t\u1eeb b\u1eadc m\u1ea7m non \u0111\u1ebfn l\u1edbp 12, ho\u00e0n to\u00e0n mi\u1ec5n ph\u00ed. Ph\u01b0\u01a1ng ph\u00e1p &#8220;\u0111\u00e0o t\u1ea1o gi\u00e1o vi\u00ean&#8221; c\u1ee7a ch\u00fang t\u00f4i \u0111\u1ea3m b\u1ea3o b\u1ea1n c\u00f3 m\u1ecdi th\u1ee9 c\u1ea7n thi\u1ebft \u0111\u1ec3 gi\u00fap h\u1ecdc sinh \u0111\u00e1p \u1ee9ng \u0111\u01b0\u1ee3c m\u1ee9c \u0111\u1ed9 kh\u1eaft khe c\u1ee7a c\u00e1c ti\u00eau chu\u1ea9n NGSS v\u00e0 Common Core, \u0111\u1ed3ng th\u1eddi ph\u00e1t tri\u1ec3n b\u1ea3n s\u1eafc c\u1ee7a c\u00e1c em nh\u01b0 nh\u1eefng nh\u00e0 khoa h\u1ecdc.  <\/p>\n\n<div class=\"wp-block-buttons is-content-justification-center is-layout-flex wp-container-core-buttons-is-layout-48d0e691 wp-block-buttons-is-layout-flex\" style=\"margin-top:var(--wp--preset--spacing--60);margin-bottom:var(--wp--preset--spacing--60)\">\n<div class=\"wp-block-button\"><a class=\"wp-block-button__link wp-element-button\" href=\"https:\/\/discoveryden.zoo.org\/?_gl=1*rbbm1h*_gcl_au*OTAxMDA5NDIuMTc1MjU5NTk2Nw..\" target=\"_blank\" rel=\"noreferrer noopener\">TRUY C\u1eacP KH\u00c1M PH\u00c1<\/a><\/div>\n<\/div>\n\n<h3 class=\"wp-block-heading\">T\u1ea1i sao n\u00ean \u0111\u1ebfn th\u0103m Discovery Den?<\/h3>\n\n<ul class=\"wp-block-list\">\n<li>\u0110\u0103ng k\u00fd mi\u1ec5n ph\u00ed<\/li>\n\n\n\n<li>T\u1ea5t c\u1ea3 t\u00e0i li\u1ec7u \u0111\u1ec1u mi\u1ec5n ph\u00ed, lu\u00f4n lu\u00f4n.<\/li>\n\n\n\n<li>\u0110\u01b0\u1ee3c \u0111\u1ed9c quy\u1ec1n truy c\u1eadp v\u00e0o th\u01b0 vi\u1ec7n t\u00e0i li\u1ec7u lu\u00f4n \u0111\u01b0\u1ee3c c\u1eadp nh\u1eadt, bao g\u1ed3m c\u00e1c cu\u1ed9c ph\u1ecfng v\u1ea5n v\u1edbi ng\u01b0\u1eddi ch\u0103m s\u00f3c \u0111\u1ed9ng v\u1eadt, c\u00e1c b\u00e0i h\u1ecdc khoa h\u1ecdc \u0111\u1ea7y \u0111\u1ee7, d\u1ef1 \u00e1n, b\u00e0i t\u1eadp, tranh t\u00f4 m\u00e0u v\u00e0 nhi\u1ec1u h\u01a1n n\u1eefa.<\/li>\n\n\n\n<li>Ng\u01b0\u1eddi \u0111\u1ea7u ti\u00ean bi\u1ebft v\u1ec1 c\u00e1c c\u01a1 h\u1ed9i ph\u00e1t tri\u1ec3n chuy\u00ean nghi\u1ec7p<\/li>\n\n\n\n<li>H\u00e3y tr\u1edf th\u00e0nh m\u1ed9t ph\u1ea7n c\u1ee7a th\u1ebf h\u1ec7 h\u1ee3p t\u00e1c ti\u1ebfp theo gi\u1eefa V\u01b0\u1eddn th\u00fa v\u00e0 c\u1ed9ng \u0111\u1ed3ng tr\u01b0\u1eddng h\u1ecdc c\u1ee7a b\u1ea1n.<\/li>\n<\/ul>\n\n<div class=\"wp-block-group alignfull divider is-layout-constrained wp-block-group-is-layout-constrained\">\n<h2 class=\"wp-block-heading alignfull has-text-align-center\">B\u1ea2N TIN ZOOEDITION<\/h2>\n<\/div>\n\n<h3 class=\"wp-block-heading\">\u0110\u0103ng k\u00fd nh\u1eadn b\u1ea3n tin \u0111i\u1ec7n t\u1eed ZooEdition<\/h3>\n\n<p>B\u1ea3n tin \u0111i\u1ec7n t\u1eed ZooEdition \u0111\u01b0\u1ee3c ph\u00e1t h\u00e0nh t\u1ed1i \u0111a t\u00e1m l\u1ea7n m\u1ed7i n\u0103m v\u00e0 bao g\u1ed3m th\u00f4ng tin v\u1ec1 c\u00e1c c\u01a1 h\u1ed9i ph\u00e1t tri\u1ec3n chuy\u00ean m\u00f4n s\u1eafp t\u1edbi c\u0169ng nh\u01b0 c\u00e1c th\u00f4ng b\u00e1o v\u1ec1 ngu\u1ed3n l\u1ef1c v\u00e0 ch\u01b0\u01a1ng tr\u00ecnh c\u1ee7a v\u01b0\u1eddn th\u00fa.<\/p>\n\n<p>Danh s\u00e1ch g\u1eedi th\u01b0 c\u1ee7a ZooEdition kh\u00f4ng \u0111\u01b0\u1ee3c b\u00e1n ho\u1eb7c trao \u0111\u1ed5i v\u1edbi b\u1ea5t k\u1ef3 t\u1ed5 ch\u1ee9c n\u00e0o kh\u00e1c.<br\/> <a href=\"https:\/\/zoo.org\/vi\/chinh-sach-bao-mat\/\">Xem ch\u00ednh s\u00e1ch b\u1ea3o m\u1eadt c\u1ee7a s\u1edf th\u00fa.<\/a><\/p>\n\n<p><strong>\u0110\u0103ng k\u00fd nh\u1eadn b\u1ea3n tin \u0111i\u1ec7n t\u1eed ZooEdition b\u00ean d\u01b0\u1edbi:<\/strong><\/p>\n\n<br\/><script type=\"text\/javascript\" src=\"https:\/\/woodlandparkzoo.formstack.com\/forms\/js.php\/neighbor_news_signup_form_copy\"><\/script><noscript><a href=\"https:\/\/woodlandparkzoo.formstack.com\/forms\/neighbor_news_signup_form_copy\" title=\"Bi\u1ec3u m\u1eabu tr\u1ef1c tuy\u1ebfn\">Bi\u1ec3u m\u1eabu tr\u1ef1c tuy\u1ebfn &#8211; \u0110\u0103ng k\u00fd Salesforce ZooEdition<\/a><\/noscript>\n<p> <\/p>\n","protected":false},"excerpt":{"rendered":"<p>T\u00c0I LI\u1ec6U THAM KH\u1ea2O D\u00c0NH CHO NH\u00c0 GI\u00c1O D\u1ee4C Hang Kh\u00e1m Ph\u00e1 Th\u01b0 vi\u1ec7n t\u00e0i li\u1ec7u d\u00e0nh cho nh\u00e0 gi\u00e1o d\u1ee5c Hang Kh\u00e1m Ph\u00e1 Trung t\u00e2m Kh\u00e1m ph\u00e1 c\u1ee7a V\u01b0\u1eddn [&hellip;]<\/p>\n","protected":false},"author":1,"featured_media":0,"parent":0,"menu_order":0,"comment_status":"closed","ping_status":"closed","template":"","meta":{"_acf_changed":false,"_kad_blocks_custom_css":"","_kad_blocks_head_custom_js":"","_kad_blocks_body_custom_js":"","_kad_blocks_footer_custom_js":"","footnotes":""},"class_list":["post-12601","page","type-page","status-publish","hentry"],"blocksy_meta":[],"acf":[],"yoast_head":"<!-- This site is optimized with the Yoast SEO plugin v27.4 - https:\/\/yoast.com\/product\/yoast-seo-wordpress\/ -->\n<title>T\u00e0i li\u1ec7u d\u00e0nh cho nh\u00e0 gi\u00e1o d\u1ee5c - V\u01b0\u1eddn th\u00fa Woodland Park<\/title>\n<meta name=\"description\" content=\"T\u00e0i li\u1ec7u d\u00e0nh cho gi\u00e1o vi\u00ean t\u1ea1i V\u01b0\u1eddn th\u00fa Woodland Park.\" \/>\n<meta name=\"robots\" content=\"index, follow, max-snippet:-1, max-image-preview:large, max-video-preview:-1\" \/>\n<link rel=\"canonical\" href=\"https:\/\/zoo.org\/vi\/tai-lieu-danh-cho-nha-giao-duc\/\" \/>\n<meta property=\"og:locale\" content=\"vi_VN\" \/>\n<meta property=\"og:type\" content=\"article\" \/>\n<meta property=\"og:title\" content=\"T\u00e0i li\u1ec7u d\u00e0nh cho nh\u00e0 gi\u00e1o d\u1ee5c - V\u01b0\u1eddn th\u00fa Woodland Park\" \/>\n<meta property=\"og:description\" content=\"T\u00e0i li\u1ec7u d\u00e0nh cho gi\u00e1o vi\u00ean t\u1ea1i V\u01b0\u1eddn th\u00fa Woodland Park.\" \/>\n<meta property=\"og:url\" content=\"https:\/\/zoo.org\/vi\/tai-lieu-danh-cho-nha-giao-duc\/\" \/>\n<meta property=\"og:site_name\" content=\"V\u01b0\u1eddn th\u00fa Woodland Park\" \/>\n<meta property=\"article:modified_time\" content=\"2025-12-20T02:18:09+00:00\" \/>\n<meta property=\"og:image\" content=\"https:\/\/zoo.org\/wp-content\/uploads\/2025\/08\/Support-Header-Image2.jpg?wsr\" \/>\n\t<meta property=\"og:image:width\" content=\"1920\" \/>\n\t<meta property=\"og:image:height\" content=\"400\" \/>\n\t<meta property=\"og:image:type\" content=\"image\/jpeg\" \/>\n<meta name=\"twitter:card\" content=\"summary_large_image\" \/>\n<script type=\"application\/ld+json\" class=\"yoast-schema-graph\">{\"@context\":\"https:\\\/\\\/schema.org\",\"@graph\":[{\"@type\":\"WebPage\",\"@id\":\"https:\\\/\\\/zoo.org\\\/vi\\\/tai-lieu-danh-cho-nha-giao-duc\\\/\",\"url\":\"https:\\\/\\\/zoo.org\\\/vi\\\/tai-lieu-danh-cho-nha-giao-duc\\\/\",\"name\":\"T\u00e0i li\u1ec7u d\u00e0nh cho nh\u00e0 gi\u00e1o d\u1ee5c - V\u01b0\u1eddn th\u00fa Woodland Park\",\"isPartOf\":{\"@id\":\"https:\\\/\\\/zoo.org\\\/vi\\\/#website\"},\"primaryImageOfPage\":{\"@id\":\"https:\\\/\\\/zoo.org\\\/vi\\\/tai-lieu-danh-cho-nha-giao-duc\\\/#primaryimage\"},\"image\":{\"@id\":\"https:\\\/\\\/zoo.org\\\/vi\\\/tai-lieu-danh-cho-nha-giao-duc\\\/#primaryimage\"},\"thumbnailUrl\":\"https:\\\/\\\/zoo.org\\\/wp-content\\\/uploads\\\/2025\\\/08\\\/Support-Header-Image2.jpg\",\"datePublished\":\"2025-10-01T19:15:22+00:00\",\"dateModified\":\"2025-12-20T02:18:09+00:00\",\"description\":\"T\u00e0i li\u1ec7u d\u00e0nh cho gi\u00e1o vi\u00ean t\u1ea1i V\u01b0\u1eddn th\u00fa Woodland Park.\",\"breadcrumb\":{\"@id\":\"https:\\\/\\\/zoo.org\\\/vi\\\/tai-lieu-danh-cho-nha-giao-duc\\\/#breadcrumb\"},\"inLanguage\":\"vi\",\"potentialAction\":[{\"@type\":\"ReadAction\",\"target\":[\"https:\\\/\\\/zoo.org\\\/vi\\\/tai-lieu-danh-cho-nha-giao-duc\\\/\"]}]},{\"@type\":\"ImageObject\",\"inLanguage\":\"vi\",\"@id\":\"https:\\\/\\\/zoo.org\\\/vi\\\/tai-lieu-danh-cho-nha-giao-duc\\\/#primaryimage\",\"url\":\"https:\\\/\\\/zoo.org\\\/wp-content\\\/uploads\\\/2025\\\/08\\\/Support-Header-Image2.jpg\",\"contentUrl\":\"https:\\\/\\\/zoo.org\\\/wp-content\\\/uploads\\\/2025\\\/08\\\/Support-Header-Image2.jpg\"},{\"@type\":\"BreadcrumbList\",\"@id\":\"https:\\\/\\\/zoo.org\\\/vi\\\/tai-lieu-danh-cho-nha-giao-duc\\\/#breadcrumb\",\"itemListElement\":[{\"@type\":\"ListItem\",\"position\":1,\"name\":\"Trang ch\u1ee7\",\"item\":\"https:\\\/\\\/zoo.org\\\/vi\\\/\"},{\"@type\":\"ListItem\",\"position\":2,\"name\":\"T\u00e0i li\u1ec7u d\u00e0nh cho nh\u00e0 gi\u00e1o d\u1ee5c\"}]},{\"@type\":\"WebSite\",\"@id\":\"https:\\\/\\\/zoo.org\\\/vi\\\/#website\",\"url\":\"https:\\\/\\\/zoo.org\\\/vi\\\/\",\"name\":\"V\u01b0\u1eddn th\u00fa Woodland Park\",\"description\":\"V\u01b0\u1eddn th\u00fa Woodland Park c\u1ee9u s\u1ed1ng \u0111\u1ed9ng v\u1eadt hoang d\u00e3 v\u00e0 truy\u1ec1n c\u1ea3m h\u1ee9ng cho m\u1ecdi ng\u01b0\u1eddi coi b\u1ea3o t\u1ed3n l\u00e0 \u01b0u ti\u00ean h\u00e0ng \u0111\u1ea7u trong cu\u1ed9c s\u1ed1ng c\u1ee7a m\u00ecnh.\",\"publisher\":{\"@id\":\"https:\\\/\\\/zoo.org\\\/vi\\\/#organization\"},\"potentialAction\":[{\"@type\":\"SearchAction\",\"target\":{\"@type\":\"EntryPoint\",\"urlTemplate\":\"https:\\\/\\\/zoo.org\\\/vi\\\/?s={search_term_string}\"},\"query-input\":{\"@type\":\"PropertyValueSpecification\",\"valueRequired\":true,\"valueName\":\"search_term_string\"}}],\"inLanguage\":\"vi\"},{\"@type\":\"Organization\",\"@id\":\"https:\\\/\\\/zoo.org\\\/vi\\\/#organization\",\"name\":\"V\u01b0\u1eddn th\u00fa Woodland Park\",\"url\":\"https:\\\/\\\/zoo.org\\\/vi\\\/\",\"logo\":{\"@type\":\"ImageObject\",\"inLanguage\":\"vi\",\"@id\":\"https:\\\/\\\/zoo.org\\\/vi\\\/#\\\/schema\\\/logo\\\/image\\\/\",\"url\":\"https:\\\/\\\/zoo.org\\\/wp-content\\\/uploads\\\/2026\\\/01\\\/WPZ-Logo_white-SVG.svg?wsr\",\"contentUrl\":\"https:\\\/\\\/zoo.org\\\/wp-content\\\/uploads\\\/2026\\\/01\\\/WPZ-Logo_white-SVG.svg?wsr\",\"width\":288,\"height\":282,\"caption\":\"V\u01b0\u1eddn th\u00fa Woodland Park\"},\"image\":{\"@id\":\"https:\\\/\\\/zoo.org\\\/vi\\\/#\\\/schema\\\/logo\\\/image\\\/\"}}]}<\/script>\n<!-- \/ Yoast SEO plugin. -->","yoast_head_json":{"title":"T\u00e0i li\u1ec7u d\u00e0nh cho nh\u00e0 gi\u00e1o d\u1ee5c - V\u01b0\u1eddn th\u00fa Woodland Park","description":"T\u00e0i li\u1ec7u d\u00e0nh cho gi\u00e1o vi\u00ean t\u1ea1i V\u01b0\u1eddn th\u00fa Woodland Park.","robots":{"index":"index","follow":"follow","max-snippet":"max-snippet:-1","max-image-preview":"max-image-preview:large","max-video-preview":"max-video-preview:-1"},"canonical":"https:\/\/zoo.org\/vi\/tai-lieu-danh-cho-nha-giao-duc\/","og_locale":"vi_VN","og_type":"article","og_title":"T\u00e0i li\u1ec7u d\u00e0nh cho nh\u00e0 gi\u00e1o d\u1ee5c - V\u01b0\u1eddn th\u00fa Woodland Park","og_description":"T\u00e0i li\u1ec7u d\u00e0nh cho gi\u00e1o vi\u00ean t\u1ea1i V\u01b0\u1eddn th\u00fa Woodland Park.","og_url":"https:\/\/zoo.org\/vi\/tai-lieu-danh-cho-nha-giao-duc\/","og_site_name":"V\u01b0\u1eddn th\u00fa Woodland Park","article_modified_time":"2025-12-20T02:18:09+00:00","og_image":[{"width":1920,"height":400,"url":"https:\/\/zoo.org\/wp-content\/uploads\/2025\/08\/Support-Header-Image2.jpg?wsr","type":"image\/jpeg"}],"twitter_card":"summary_large_image","schema":{"@context":"https:\/\/schema.org","@graph":[{"@type":"WebPage","@id":"https:\/\/zoo.org\/vi\/tai-lieu-danh-cho-nha-giao-duc\/","url":"https:\/\/zoo.org\/vi\/tai-lieu-danh-cho-nha-giao-duc\/","name":"T\u00e0i li\u1ec7u d\u00e0nh cho nh\u00e0 gi\u00e1o d\u1ee5c - V\u01b0\u1eddn th\u00fa Woodland Park","isPartOf":{"@id":"https:\/\/zoo.org\/vi\/#website"},"primaryImageOfPage":{"@id":"https:\/\/zoo.org\/vi\/tai-lieu-danh-cho-nha-giao-duc\/#primaryimage"},"image":{"@id":"https:\/\/zoo.org\/vi\/tai-lieu-danh-cho-nha-giao-duc\/#primaryimage"},"thumbnailUrl":"https:\/\/zoo.org\/wp-content\/uploads\/2025\/08\/Support-Header-Image2.jpg","datePublished":"2025-10-01T19:15:22+00:00","dateModified":"2025-12-20T02:18:09+00:00","description":"T\u00e0i li\u1ec7u d\u00e0nh cho gi\u00e1o vi\u00ean t\u1ea1i V\u01b0\u1eddn th\u00fa Woodland Park.","breadcrumb":{"@id":"https:\/\/zoo.org\/vi\/tai-lieu-danh-cho-nha-giao-duc\/#breadcrumb"},"inLanguage":"vi","potentialAction":[{"@type":"ReadAction","target":["https:\/\/zoo.org\/vi\/tai-lieu-danh-cho-nha-giao-duc\/"]}]},{"@type":"ImageObject","inLanguage":"vi","@id":"https:\/\/zoo.org\/vi\/tai-lieu-danh-cho-nha-giao-duc\/#primaryimage","url":"https:\/\/zoo.org\/wp-content\/uploads\/2025\/08\/Support-Header-Image2.jpg","contentUrl":"https:\/\/zoo.org\/wp-content\/uploads\/2025\/08\/Support-Header-Image2.jpg"},{"@type":"BreadcrumbList","@id":"https:\/\/zoo.org\/vi\/tai-lieu-danh-cho-nha-giao-duc\/#breadcrumb","itemListElement":[{"@type":"ListItem","position":1,"name":"Trang ch\u1ee7","item":"https:\/\/zoo.org\/vi\/"},{"@type":"ListItem","position":2,"name":"T\u00e0i li\u1ec7u d\u00e0nh cho nh\u00e0 gi\u00e1o d\u1ee5c"}]},{"@type":"WebSite","@id":"https:\/\/zoo.org\/vi\/#website","url":"https:\/\/zoo.org\/vi\/","name":"V\u01b0\u1eddn th\u00fa Woodland Park","description":"V\u01b0\u1eddn th\u00fa Woodland Park c\u1ee9u s\u1ed1ng \u0111\u1ed9ng v\u1eadt hoang d\u00e3 v\u00e0 truy\u1ec1n c\u1ea3m h\u1ee9ng cho m\u1ecdi ng\u01b0\u1eddi coi b\u1ea3o t\u1ed3n l\u00e0 \u01b0u ti\u00ean h\u00e0ng \u0111\u1ea7u trong cu\u1ed9c s\u1ed1ng c\u1ee7a m\u00ecnh.","publisher":{"@id":"https:\/\/zoo.org\/vi\/#organization"},"potentialAction":[{"@type":"SearchAction","target":{"@type":"EntryPoint","urlTemplate":"https:\/\/zoo.org\/vi\/?s={search_term_string}"},"query-input":{"@type":"PropertyValueSpecification","valueRequired":true,"valueName":"search_term_string"}}],"inLanguage":"vi"},{"@type":"Organization","@id":"https:\/\/zoo.org\/vi\/#organization","name":"V\u01b0\u1eddn th\u00fa Woodland Park","url":"https:\/\/zoo.org\/vi\/","logo":{"@type":"ImageObject","inLanguage":"vi","@id":"https:\/\/zoo.org\/vi\/#\/schema\/logo\/image\/","url":"https:\/\/zoo.org\/wp-content\/uploads\/2026\/01\/WPZ-Logo_white-SVG.svg?wsr","contentUrl":"https:\/\/zoo.org\/wp-content\/uploads\/2026\/01\/WPZ-Logo_white-SVG.svg?wsr","width":288,"height":282,"caption":"V\u01b0\u1eddn th\u00fa Woodland Park"},"image":{"@id":"https:\/\/zoo.org\/vi\/#\/schema\/logo\/image\/"}}]}},"taxonomy_info":[],"featured_image_src_large":false,"author_info":{"display_name":"jloughlin","author_link":"https:\/\/zoo.org\/vi\/author\/jloughlin\/"},"comment_info":0,"_links":{"self":[{"href":"https:\/\/zoo.org\/vi\/wp-json\/wp\/v2\/pages\/12601","targetHints":{"allow":["GET"]}}],"collection":[{"href":"https:\/\/zoo.org\/vi\/wp-json\/wp\/v2\/pages"}],"about":[{"href":"https:\/\/zoo.org\/vi\/wp-json\/wp\/v2\/types\/page"}],"author":[{"embeddable":true,"href":"https:\/\/zoo.org\/vi\/wp-json\/wp\/v2\/users\/1"}],"replies":[{"embeddable":true,"href":"https:\/\/zoo.org\/vi\/wp-json\/wp\/v2\/comments?post=12601"}],"version-history":[{"count":0,"href":"https:\/\/zoo.org\/vi\/wp-json\/wp\/v2\/pages\/12601\/revisions"}],"wp:attachment":[{"href":"https:\/\/zoo.org\/vi\/wp-json\/wp\/v2\/media?parent=12601"}],"curies":[{"name":"wp","href":"https:\/\/api.w.org\/{rel}","templated":true}]}}