{"id":12618,"date":"2025-10-01T13:04:30","date_gmt":"2025-10-01T20:04:30","guid":{"rendered":"https:\/\/zoo.org\/can-canh\/"},"modified":"2025-12-12T17:50:15","modified_gmt":"2025-12-13T01:50:15","slug":"can-canh","status":"publish","type":"page","link":"https:\/\/zoo.org\/vi\/chuong-trinh-cong-dong\/can-canh\/","title":{"rendered":"C\u1eadn c\u1ea3nh"},"content":{"rendered":"\n<div class=\"wp-block-cover alignfull is-light hero\" style=\"margin-top:0;margin-bottom:0\"><img loading=\"lazy\" decoding=\"async\" width=\"1920\" height=\"400\" class=\"wp-block-cover__image-background wp-image-3487 size-full\" alt=\"\" src=\"https:\/\/zoo.org\/wp-content\/uploads\/2025\/08\/Support-Header-Image2.jpg\" data-object-fit=\"cover\" srcset=\"https:\/\/zoo.org\/wp-content\/uploads\/2025\/08\/Support-Header-Image2.jpg 1920w, https:\/\/zoo.org\/wp-content\/uploads\/2025\/08\/Support-Header-Image2-300x63.jpg 300w, https:\/\/zoo.org\/wp-content\/uploads\/2025\/08\/Support-Header-Image2-1024x213.jpg 1024w, https:\/\/zoo.org\/wp-content\/uploads\/2025\/08\/Support-Header-Image2-768x160.jpg 768w, https:\/\/zoo.org\/wp-content\/uploads\/2025\/08\/Support-Header-Image2-1536x320.jpg 1536w\" sizes=\"auto, (max-width: 1920px) 100vw, 1920px\" \/><span aria-hidden=\"true\" class=\"wp-block-cover__background has-background-dim-0 has-background-dim\" style=\"background-color:#999692\"><\/span><div class=\"wp-block-cover__inner-container is-layout-constrained wp-block-cover-is-layout-constrained\">\n<p class=\"has-text-align-center has-large-font-size\"><\/p>\n<\/div><\/div>\n\n<div class=\"wp-block-group is-layout-constrained wp-block-group-is-layout-constrained\" style=\"margin-top:2em;margin-bottom:3em\">\n<h1 class=\"wp-block-heading has-text-align-center\" style=\"margin-top:0.65em;margin-bottom:0.275em\">C\u1eadn c\u1ea3nh<\/h1>\n<\/div>\n\n<div class=\"wp-block-group alignfull divider is-layout-constrained wp-block-group-is-layout-constrained\">\n<h2 class=\"wp-block-heading alignfull has-text-align-center\">CH\u01af\u01a0NG TR\u00ccNH \u0110\u1ed8NG V\u1eacT C\u1ee6A \u0110\u1ea0I S\u1ee8<\/h2>\n<\/div>\n\n<p>Up CLOSE l\u00e0 ch\u01b0\u01a1ng tr\u00ecnh gi\u00e1o d\u1ee5c c\u1ed9ng \u0111\u1ed3ng v\u1ec1 \u0111\u1ed9ng v\u1eadt c\u1ee7a V\u01b0\u1eddn th\u00fa Woodland Park. \u0110\u01b0\u1ee3c thi\u1ebft k\u1ebf cho nhi\u1ec1u nh\u00f3m tu\u1ed5i kh\u00e1c nhau, Up CLOSE cung c\u1ea5p c\u00e1c ch\u01b0\u01a1ng tr\u00ecnh cho tr\u01b0\u1eddng h\u1ecdc, t\u1ed5 ch\u1ee9c phi l\u1ee3i nhu\u1eadn, t\u1ed5 ch\u1ee9c c\u1ed9ng \u0111\u1ed3ng, t\u1eadp \u0111o\u00e0n v\u00e0 doanh nghi\u1ec7p. Nh\u1eefng ch\u01b0\u01a1ng tr\u00ecnh h\u1ea5p d\u1eabn n\u00e0y \u0111\u01b0\u1ee3c thi\u1ebft k\u1ebf \u0111\u1ec3 mang v\u01b0\u1eddn th\u00fa \u0111\u1ebfn g\u1ea7n b\u1ea1n h\u01a1n, kh\u01a1i g\u1ee3i s\u1ef1 h\u1ee9ng th\u00fa c\u1ee7a ng\u01b0\u1eddi tham gia v\u1edbi th\u1ebf gi\u1edbi t\u1ef1 nhi\u00ean v\u00e0 x\u00e2y d\u1ef1ng l\u00f2ng tr\u1eafc \u1ea9n \u0111\u1ed1i v\u1edbi \u0111\u1ed9ng v\u1eadt.  <\/p>\n\n<div class=\"wp-block-group alignfull divider is-layout-constrained wp-block-group-is-layout-constrained\">\n<h2 class=\"wp-block-heading alignfull has-text-align-center\">TH\u00d4NG TIN<\/h2>\n<\/div>\n\n<h3 class=\"wp-block-heading\">Li\u00ean h\u1ec7<\/h3>\n\n<p>N\u1ebfu b\u1ea1n kh\u00f4ng t\u00ecm th\u1ea5y c\u00e2u tr\u1ea3 l\u1eddi cho c\u00e2u h\u1ecfi c\u1ee7a m\u00ecnh ho\u1eb7c c\u1ea7n th\u00eam tr\u1ee3 gi\u00fap, vui l\u00f2ng <a href=\"mailto:classes@zoo.org\">g\u1eedi email cho ch\u00fang t\u00f4i<\/a> .<\/p>\n","protected":false},"excerpt":{"rendered":"<p>C\u1eadn c\u1ea3nh CH\u01af\u01a0NG TR\u00ccNH \u0110\u1ed8NG V\u1eacT C\u1ee6A \u0110\u1ea0I S\u1ee8 Up CLOSE l\u00e0 ch\u01b0\u01a1ng tr\u00ecnh gi\u00e1o d\u1ee5c c\u1ed9ng \u0111\u1ed3ng v\u1ec1 \u0111\u1ed9ng v\u1eadt c\u1ee7a V\u01b0\u1eddn th\u00fa Woodland Park. \u0110\u01b0\u1ee3c thi\u1ebft k\u1ebf cho [&hellip;]<\/p>\n","protected":false},"author":1,"featured_media":0,"parent":12622,"menu_order":0,"comment_status":"closed","ping_status":"closed","template":"","meta":{"_acf_changed":false,"_kad_blocks_custom_css":"","_kad_blocks_head_custom_js":"","_kad_blocks_body_custom_js":"","_kad_blocks_footer_custom_js":"","footnotes":""},"class_list":["post-12618","page","type-page","status-publish","hentry"],"blocksy_meta":[],"acf":[],"yoast_head":"<!-- This site is optimized with the Yoast SEO plugin v27.3 - https:\/\/yoast.com\/product\/yoast-seo-wordpress\/ -->\n<title>C\u1eadn c\u1ea3nh - V\u01b0\u1eddn th\u00fa Woodland Park<\/title>\n<meta name=\"description\" content=\"UpClose l\u00e0 m\u1ed9t ch\u01b0\u01a1ng tr\u00ecnh ti\u1ebfp c\u1eadn c\u1ed9ng \u0111\u1ed3ng nh\u1eb1m \u0111\u01b0a \u0111\u1ed9ng v\u1eadt \u0111\u1ebfn g\u1ea7n h\u01a1n v\u1edbi ng\u01b0\u1eddi d\u00e2n trong c\u1ed9ng \u0111\u1ed3ng.\" \/>\n<meta name=\"robots\" content=\"index, follow, max-snippet:-1, max-image-preview:large, max-video-preview:-1\" \/>\n<link rel=\"canonical\" href=\"https:\/\/zoo.org\/vi\/chuong-trinh-cong-dong\/can-canh\/\" \/>\n<meta property=\"og:locale\" content=\"vi_VN\" \/>\n<meta property=\"og:type\" content=\"article\" \/>\n<meta property=\"og:title\" content=\"C\u1eadn c\u1ea3nh - V\u01b0\u1eddn th\u00fa Woodland Park\" \/>\n<meta property=\"og:description\" content=\"UpClose l\u00e0 m\u1ed9t ch\u01b0\u01a1ng tr\u00ecnh ti\u1ebfp c\u1eadn c\u1ed9ng \u0111\u1ed3ng nh\u1eb1m \u0111\u01b0a \u0111\u1ed9ng v\u1eadt \u0111\u1ebfn g\u1ea7n h\u01a1n v\u1edbi ng\u01b0\u1eddi d\u00e2n trong c\u1ed9ng \u0111\u1ed3ng.\" \/>\n<meta property=\"og:url\" content=\"https:\/\/zoo.org\/vi\/chuong-trinh-cong-dong\/can-canh\/\" \/>\n<meta property=\"og:site_name\" content=\"V\u01b0\u1eddn th\u00fa Woodland Park\" \/>\n<meta property=\"article:modified_time\" content=\"2025-12-13T01:50:15+00:00\" \/>\n<meta property=\"og:image\" content=\"https:\/\/zoo.org\/wp-content\/uploads\/2025\/08\/Support-Header-Image2.jpg?wsr\" \/>\n\t<meta property=\"og:image:width\" content=\"1920\" \/>\n\t<meta property=\"og:image:height\" content=\"400\" \/>\n\t<meta property=\"og:image:type\" content=\"image\/jpeg\" \/>\n<meta name=\"twitter:card\" content=\"summary_large_image\" \/>\n<script type=\"application\/ld+json\" class=\"yoast-schema-graph\">{\"@context\":\"https:\\\/\\\/schema.org\",\"@graph\":[{\"@type\":\"WebPage\",\"@id\":\"https:\\\/\\\/zoo.org\\\/vi\\\/chuong-trinh-cong-dong\\\/can-canh\\\/\",\"url\":\"https:\\\/\\\/zoo.org\\\/vi\\\/chuong-trinh-cong-dong\\\/can-canh\\\/\",\"name\":\"C\u1eadn c\u1ea3nh - V\u01b0\u1eddn th\u00fa Woodland Park\",\"isPartOf\":{\"@id\":\"https:\\\/\\\/zoo.org\\\/vi\\\/#website\"},\"primaryImageOfPage\":{\"@id\":\"https:\\\/\\\/zoo.org\\\/vi\\\/chuong-trinh-cong-dong\\\/can-canh\\\/#primaryimage\"},\"image\":{\"@id\":\"https:\\\/\\\/zoo.org\\\/vi\\\/chuong-trinh-cong-dong\\\/can-canh\\\/#primaryimage\"},\"thumbnailUrl\":\"https:\\\/\\\/zoo.org\\\/wp-content\\\/uploads\\\/2025\\\/08\\\/Support-Header-Image2.jpg\",\"datePublished\":\"2025-10-01T20:04:30+00:00\",\"dateModified\":\"2025-12-13T01:50:15+00:00\",\"description\":\"UpClose l\u00e0 m\u1ed9t ch\u01b0\u01a1ng tr\u00ecnh ti\u1ebfp c\u1eadn c\u1ed9ng \u0111\u1ed3ng nh\u1eb1m \u0111\u01b0a \u0111\u1ed9ng v\u1eadt \u0111\u1ebfn g\u1ea7n h\u01a1n v\u1edbi ng\u01b0\u1eddi d\u00e2n trong c\u1ed9ng \u0111\u1ed3ng.\",\"breadcrumb\":{\"@id\":\"https:\\\/\\\/zoo.org\\\/vi\\\/chuong-trinh-cong-dong\\\/can-canh\\\/#breadcrumb\"},\"inLanguage\":\"vi\",\"potentialAction\":[{\"@type\":\"ReadAction\",\"target\":[\"https:\\\/\\\/zoo.org\\\/vi\\\/chuong-trinh-cong-dong\\\/can-canh\\\/\"]}]},{\"@type\":\"ImageObject\",\"inLanguage\":\"vi\",\"@id\":\"https:\\\/\\\/zoo.org\\\/vi\\\/chuong-trinh-cong-dong\\\/can-canh\\\/#primaryimage\",\"url\":\"https:\\\/\\\/zoo.org\\\/wp-content\\\/uploads\\\/2025\\\/08\\\/Support-Header-Image2.jpg\",\"contentUrl\":\"https:\\\/\\\/zoo.org\\\/wp-content\\\/uploads\\\/2025\\\/08\\\/Support-Header-Image2.jpg\"},{\"@type\":\"BreadcrumbList\",\"@id\":\"https:\\\/\\\/zoo.org\\\/vi\\\/chuong-trinh-cong-dong\\\/can-canh\\\/#breadcrumb\",\"itemListElement\":[{\"@type\":\"ListItem\",\"position\":1,\"name\":\"Trang ch\u1ee7\",\"item\":\"https:\\\/\\\/zoo.org\\\/vi\\\/\"},{\"@type\":\"ListItem\",\"position\":2,\"name\":\"Ch\u01b0\u01a1ng tr\u00ecnh c\u1ed9ng \u0111\u1ed3ng\",\"item\":\"https:\\\/\\\/zoo.org\\\/vi\\\/chuong-trinh-cong-dong\\\/\"},{\"@type\":\"ListItem\",\"position\":3,\"name\":\"C\u1eadn c\u1ea3nh\"}]},{\"@type\":\"WebSite\",\"@id\":\"https:\\\/\\\/zoo.org\\\/vi\\\/#website\",\"url\":\"https:\\\/\\\/zoo.org\\\/vi\\\/\",\"name\":\"V\u01b0\u1eddn th\u00fa Woodland Park\",\"description\":\"V\u01b0\u1eddn th\u00fa Woodland Park c\u1ee9u s\u1ed1ng \u0111\u1ed9ng v\u1eadt hoang d\u00e3 v\u00e0 truy\u1ec1n c\u1ea3m h\u1ee9ng cho m\u1ecdi ng\u01b0\u1eddi coi b\u1ea3o t\u1ed3n l\u00e0 \u01b0u ti\u00ean h\u00e0ng \u0111\u1ea7u trong cu\u1ed9c s\u1ed1ng c\u1ee7a m\u00ecnh.\",\"publisher\":{\"@id\":\"https:\\\/\\\/zoo.org\\\/vi\\\/#organization\"},\"potentialAction\":[{\"@type\":\"SearchAction\",\"target\":{\"@type\":\"EntryPoint\",\"urlTemplate\":\"https:\\\/\\\/zoo.org\\\/vi\\\/?s={search_term_string}\"},\"query-input\":{\"@type\":\"PropertyValueSpecification\",\"valueRequired\":true,\"valueName\":\"search_term_string\"}}],\"inLanguage\":\"vi\"},{\"@type\":\"Organization\",\"@id\":\"https:\\\/\\\/zoo.org\\\/vi\\\/#organization\",\"name\":\"V\u01b0\u1eddn th\u00fa Woodland Park\",\"url\":\"https:\\\/\\\/zoo.org\\\/vi\\\/\",\"logo\":{\"@type\":\"ImageObject\",\"inLanguage\":\"vi\",\"@id\":\"https:\\\/\\\/zoo.org\\\/vi\\\/#\\\/schema\\\/logo\\\/image\\\/\",\"url\":\"https:\\\/\\\/zoo.org\\\/wp-content\\\/uploads\\\/2026\\\/01\\\/WPZ-Logo_white-SVG.svg?wsr\",\"contentUrl\":\"https:\\\/\\\/zoo.org\\\/wp-content\\\/uploads\\\/2026\\\/01\\\/WPZ-Logo_white-SVG.svg?wsr\",\"width\":288,\"height\":282,\"caption\":\"V\u01b0\u1eddn th\u00fa Woodland Park\"},\"image\":{\"@id\":\"https:\\\/\\\/zoo.org\\\/vi\\\/#\\\/schema\\\/logo\\\/image\\\/\"}}]}<\/script>\n<!-- \/ Yoast SEO plugin. -->","yoast_head_json":{"title":"C\u1eadn c\u1ea3nh - V\u01b0\u1eddn th\u00fa Woodland Park","description":"UpClose l\u00e0 m\u1ed9t ch\u01b0\u01a1ng tr\u00ecnh ti\u1ebfp c\u1eadn c\u1ed9ng \u0111\u1ed3ng nh\u1eb1m \u0111\u01b0a \u0111\u1ed9ng v\u1eadt \u0111\u1ebfn g\u1ea7n h\u01a1n v\u1edbi ng\u01b0\u1eddi d\u00e2n trong c\u1ed9ng \u0111\u1ed3ng.","robots":{"index":"index","follow":"follow","max-snippet":"max-snippet:-1","max-image-preview":"max-image-preview:large","max-video-preview":"max-video-preview:-1"},"canonical":"https:\/\/zoo.org\/vi\/chuong-trinh-cong-dong\/can-canh\/","og_locale":"vi_VN","og_type":"article","og_title":"C\u1eadn c\u1ea3nh - V\u01b0\u1eddn th\u00fa Woodland Park","og_description":"UpClose l\u00e0 m\u1ed9t ch\u01b0\u01a1ng tr\u00ecnh ti\u1ebfp c\u1eadn c\u1ed9ng \u0111\u1ed3ng nh\u1eb1m \u0111\u01b0a \u0111\u1ed9ng v\u1eadt \u0111\u1ebfn g\u1ea7n h\u01a1n v\u1edbi ng\u01b0\u1eddi d\u00e2n trong c\u1ed9ng \u0111\u1ed3ng.","og_url":"https:\/\/zoo.org\/vi\/chuong-trinh-cong-dong\/can-canh\/","og_site_name":"V\u01b0\u1eddn th\u00fa Woodland Park","article_modified_time":"2025-12-13T01:50:15+00:00","og_image":[{"width":1920,"height":400,"url":"https:\/\/zoo.org\/wp-content\/uploads\/2025\/08\/Support-Header-Image2.jpg?wsr","type":"image\/jpeg"}],"twitter_card":"summary_large_image","schema":{"@context":"https:\/\/schema.org","@graph":[{"@type":"WebPage","@id":"https:\/\/zoo.org\/vi\/chuong-trinh-cong-dong\/can-canh\/","url":"https:\/\/zoo.org\/vi\/chuong-trinh-cong-dong\/can-canh\/","name":"C\u1eadn c\u1ea3nh - V\u01b0\u1eddn th\u00fa Woodland Park","isPartOf":{"@id":"https:\/\/zoo.org\/vi\/#website"},"primaryImageOfPage":{"@id":"https:\/\/zoo.org\/vi\/chuong-trinh-cong-dong\/can-canh\/#primaryimage"},"image":{"@id":"https:\/\/zoo.org\/vi\/chuong-trinh-cong-dong\/can-canh\/#primaryimage"},"thumbnailUrl":"https:\/\/zoo.org\/wp-content\/uploads\/2025\/08\/Support-Header-Image2.jpg","datePublished":"2025-10-01T20:04:30+00:00","dateModified":"2025-12-13T01:50:15+00:00","description":"UpClose l\u00e0 m\u1ed9t ch\u01b0\u01a1ng tr\u00ecnh ti\u1ebfp c\u1eadn c\u1ed9ng \u0111\u1ed3ng nh\u1eb1m \u0111\u01b0a \u0111\u1ed9ng v\u1eadt \u0111\u1ebfn g\u1ea7n h\u01a1n v\u1edbi ng\u01b0\u1eddi d\u00e2n trong c\u1ed9ng \u0111\u1ed3ng.","breadcrumb":{"@id":"https:\/\/zoo.org\/vi\/chuong-trinh-cong-dong\/can-canh\/#breadcrumb"},"inLanguage":"vi","potentialAction":[{"@type":"ReadAction","target":["https:\/\/zoo.org\/vi\/chuong-trinh-cong-dong\/can-canh\/"]}]},{"@type":"ImageObject","inLanguage":"vi","@id":"https:\/\/zoo.org\/vi\/chuong-trinh-cong-dong\/can-canh\/#primaryimage","url":"https:\/\/zoo.org\/wp-content\/uploads\/2025\/08\/Support-Header-Image2.jpg","contentUrl":"https:\/\/zoo.org\/wp-content\/uploads\/2025\/08\/Support-Header-Image2.jpg"},{"@type":"BreadcrumbList","@id":"https:\/\/zoo.org\/vi\/chuong-trinh-cong-dong\/can-canh\/#breadcrumb","itemListElement":[{"@type":"ListItem","position":1,"name":"Trang ch\u1ee7","item":"https:\/\/zoo.org\/vi\/"},{"@type":"ListItem","position":2,"name":"Ch\u01b0\u01a1ng tr\u00ecnh c\u1ed9ng \u0111\u1ed3ng","item":"https:\/\/zoo.org\/vi\/chuong-trinh-cong-dong\/"},{"@type":"ListItem","position":3,"name":"C\u1eadn c\u1ea3nh"}]},{"@type":"WebSite","@id":"https:\/\/zoo.org\/vi\/#website","url":"https:\/\/zoo.org\/vi\/","name":"V\u01b0\u1eddn th\u00fa Woodland Park","description":"V\u01b0\u1eddn th\u00fa Woodland Park c\u1ee9u s\u1ed1ng \u0111\u1ed9ng v\u1eadt hoang d\u00e3 v\u00e0 truy\u1ec1n c\u1ea3m h\u1ee9ng cho m\u1ecdi ng\u01b0\u1eddi coi b\u1ea3o t\u1ed3n l\u00e0 \u01b0u ti\u00ean h\u00e0ng \u0111\u1ea7u trong cu\u1ed9c s\u1ed1ng c\u1ee7a m\u00ecnh.","publisher":{"@id":"https:\/\/zoo.org\/vi\/#organization"},"potentialAction":[{"@type":"SearchAction","target":{"@type":"EntryPoint","urlTemplate":"https:\/\/zoo.org\/vi\/?s={search_term_string}"},"query-input":{"@type":"PropertyValueSpecification","valueRequired":true,"valueName":"search_term_string"}}],"inLanguage":"vi"},{"@type":"Organization","@id":"https:\/\/zoo.org\/vi\/#organization","name":"V\u01b0\u1eddn th\u00fa Woodland Park","url":"https:\/\/zoo.org\/vi\/","logo":{"@type":"ImageObject","inLanguage":"vi","@id":"https:\/\/zoo.org\/vi\/#\/schema\/logo\/image\/","url":"https:\/\/zoo.org\/wp-content\/uploads\/2026\/01\/WPZ-Logo_white-SVG.svg?wsr","contentUrl":"https:\/\/zoo.org\/wp-content\/uploads\/2026\/01\/WPZ-Logo_white-SVG.svg?wsr","width":288,"height":282,"caption":"V\u01b0\u1eddn th\u00fa Woodland Park"},"image":{"@id":"https:\/\/zoo.org\/vi\/#\/schema\/logo\/image\/"}}]}},"taxonomy_info":[],"featured_image_src_large":false,"author_info":{"display_name":"jloughlin","author_link":"https:\/\/zoo.org\/vi\/author\/jloughlin\/"},"comment_info":0,"_links":{"self":[{"href":"https:\/\/zoo.org\/vi\/wp-json\/wp\/v2\/pages\/12618","targetHints":{"allow":["GET"]}}],"collection":[{"href":"https:\/\/zoo.org\/vi\/wp-json\/wp\/v2\/pages"}],"about":[{"href":"https:\/\/zoo.org\/vi\/wp-json\/wp\/v2\/types\/page"}],"author":[{"embeddable":true,"href":"https:\/\/zoo.org\/vi\/wp-json\/wp\/v2\/users\/1"}],"replies":[{"embeddable":true,"href":"https:\/\/zoo.org\/vi\/wp-json\/wp\/v2\/comments?post=12618"}],"version-history":[{"count":0,"href":"https:\/\/zoo.org\/vi\/wp-json\/wp\/v2\/pages\/12618\/revisions"}],"up":[{"embeddable":true,"href":"https:\/\/zoo.org\/vi\/wp-json\/wp\/v2\/pages\/12622"}],"wp:attachment":[{"href":"https:\/\/zoo.org\/vi\/wp-json\/wp\/v2\/media?parent=12618"}],"curies":[{"name":"wp","href":"https:\/\/api.w.org\/{rel}","templated":true}]}}