{"id":12622,"date":"2025-10-01T12:49:34","date_gmt":"2025-10-01T19:49:34","guid":{"rendered":"https:\/\/zoo.org\/chuong-trinh-cong-dong\/"},"modified":"2025-12-19T18:17:43","modified_gmt":"2025-12-20T02:17:43","slug":"chuong-trinh-cong-dong","status":"publish","type":"page","link":"https:\/\/zoo.org\/vi\/chuong-trinh-cong-dong\/","title":{"rendered":"Ch\u01b0\u01a1ng tr\u00ecnh c\u1ed9ng \u0111\u1ed3ng"},"content":{"rendered":"\n<div class=\"wp-block-cover alignfull is-light hero\" style=\"margin-top:0;margin-bottom:0\"><img loading=\"lazy\" decoding=\"async\" width=\"1920\" height=\"400\" class=\"wp-block-cover__image-background wp-image-3487 size-full\" alt=\"\" src=\"https:\/\/zoo.org\/wp-content\/uploads\/2025\/08\/Support-Header-Image2.jpg\" data-object-fit=\"cover\" srcset=\"https:\/\/zoo.org\/wp-content\/uploads\/2025\/08\/Support-Header-Image2.jpg 1920w, https:\/\/zoo.org\/wp-content\/uploads\/2025\/08\/Support-Header-Image2-300x63.jpg 300w, https:\/\/zoo.org\/wp-content\/uploads\/2025\/08\/Support-Header-Image2-1024x213.jpg 1024w, https:\/\/zoo.org\/wp-content\/uploads\/2025\/08\/Support-Header-Image2-768x160.jpg 768w, https:\/\/zoo.org\/wp-content\/uploads\/2025\/08\/Support-Header-Image2-1536x320.jpg 1536w\" sizes=\"auto, (max-width: 1920px) 100vw, 1920px\" \/><span aria-hidden=\"true\" class=\"wp-block-cover__background has-background-dim-0 has-background-dim\" style=\"background-color:#999692\"><\/span><div class=\"wp-block-cover__inner-container is-layout-constrained wp-block-cover-is-layout-constrained\">\n<p class=\"has-text-align-center has-large-font-size\"><\/p>\n<\/div><\/div>\n\n<div class=\"wp-block-group is-layout-constrained wp-block-group-is-layout-constrained\" style=\"margin-top:2em;margin-bottom:3em\">\n<h1 class=\"wp-block-heading has-text-align-center\" style=\"margin-top:0.65em;margin-bottom:0.275em\">S\u00e1ng ki\u1ebfn c\u1ed9ng \u0111\u1ed3ng<\/h1>\n<\/div>\n\n<div class=\"wp-block-group alignfull divider is-layout-constrained wp-block-group-is-layout-constrained\">\n<h2 class=\"wp-block-heading alignfull has-text-align-center\">C\u00c1C CH\u01af\u01a0NG TR\u00ccNH TRONG C\u1ed8NG \u0110\u1ed2NG C\u1ee6A B\u1ea0N<\/h2>\n<\/div>\n\n<p>V\u01b0\u1eddn th\u00fa Woodland Park cam k\u1ebft ph\u1ee5c v\u1ee5 c\u00e1c c\u1ed9ng \u0111\u1ed3ng \u0111a d\u1ea1ng c\u1ee7a Seattle v\u00e0 Qu\u1eadn King th\u00f4ng qua ph\u01b0\u01a1ng ph\u00e1p ph\u00e1t tri\u1ec3n h\u01b0\u1edbng \u0111\u1ebfn h\u1ecdc t\u1eadp su\u1ed1t \u0111\u1eddi. Ch\u00fang t\u00f4i t\u1eadn t\u00e2m l\u00e0m cho c\u00e1c ch\u01b0\u01a1ng tr\u00ecnh c\u1ee7a m\u00ecnh d\u1ec5 ti\u1ebfp c\u1eadn v\u00e0 ph\u00f9 h\u1ee3p v\u1edbi t\u1ea5t c\u1ea3 c\u00e1c th\u00e0nh vi\u00ean c\u1ed9ng \u0111\u1ed3ng v\u00e0 cung c\u1ea5p m\u1ed9t lo\u1ea1t c\u00e1c s\u00e1ng ki\u1ebfn v\u00e0 ch\u01b0\u01a1ng tr\u00ecnh ti\u1ebfp c\u1eadn c\u1ed9ng \u0111\u1ed3ng mang \u0111\u1ebfn c\u01a1 h\u1ed9i h\u1ecdc h\u1ecfi, quan t\u00e2m v\u00e0 h\u00e0nh \u0111\u1ed9ng. <\/p>\n\n<div class=\"wp-block-group is-layout-constrained wp-block-group-is-layout-constrained\" style=\"margin-top:var(--wp--preset--spacing--60);margin-bottom:var(--wp--preset--spacing--60)\"><style>.kt-sc5715_299c31-01 .kt-sc-imgcol, .kt-sc5715_299c31-01 .kt-sc-textcol{min-height:345px;}.kt-sc5715_299c31-01 .kt-sc-imgcol{background-size:cover;background-image:url(https:\/\/zoo.org\/wp-content\/uploads\/2025\/08\/Zoo-Amphibian-Field-Trip-2012-Stan-Milkowski-web.jpg);}.kt-sc5715_299c31-01 .kt-sc-textcol{padding-top:1em;padding-right:1.5em;padding-bottom:1em;padding-left:1.5em;}@media all and (max-width: 767px){.kt-sc5715_299c31-01 .kt-sc-imgcol, .kt-sc5715_299c31-01 .kt-sc-textcol{min-height:275px;}}<\/style>\n<div class=\"aligncenter kt-sc5715_299c31-01 wp-block-kadence-splitcontent\"><div class=\"kt-split-content-wrap kt-sc-media-side-left\" style=\"grid-template-columns:32% auto\"><div class=\"kt-sc-imgcol kt-sc-imgcol-bg-cover kt-sc-img-side-left\"><\/div><div class=\"kt-sc-textcol kt-sc-text-valign-center kt-sc-text-halign-left\" style=\"background-color:var(--theme-palette-color-17, #E6E6E6)\"><div class=\"kt-sc-innter-col\">\n<h3 class=\"wp-block-heading\">Khoa h\u1ecdc c\u1ed9ng \u0111\u1ed3ng<\/h3>\n\n\n\n<p>H\u00e0ng n\u0103m, h\u00e0ng tr\u0103m t\u00ecnh nguy\u1ec7n vi\u00ean tham gia c\u00f9ng V\u01b0\u1eddn th\u00fa Woodland Park v\u1edbi t\u01b0 c\u00e1ch l\u00e0 c\u00e1c nh\u00e0 khoa h\u1ecdc c\u1ed9ng \u0111\u1ed3ng \u0111\u1ec3 ghi ch\u00e9p l\u1ea1i: qu\u1ea7n th\u1ec3 l\u01b0\u1ee1ng c\u01b0 b\u1ea3n \u0111\u1ecba sinh s\u1ea3n \u1edf c\u00e1c qu\u1eadn Snohomish v\u00e0 King, c\u00e1c lo\u00e0i \u0103n th\u1ecbt tr\u00ean kh\u1eafp v\u00f9ng Seattle r\u1ed9ng l\u1edbn, ho\u1ea1t \u0111\u1ed9ng c\u1ee7a d\u01a1i tr\u00ean kh\u1eafp Washington, v\u00e0 \u0111a d\u1ea1ng sinh h\u1ecdc t\u1ed5ng th\u1ec3 \u1edf c\u00e1c qu\u1eadn Snohomish, King v\u00e0 Pierce. C\u00e0ng t\u00ecm hi\u1ec3u nhi\u1ec1u, ch\u00fang ta c\u00e0ng c\u00f3 th\u1ec3 b\u1ea3o v\u1ec7 c\u00e1c lo\u00e0i \u0111\u1ed9ng v\u1eadt v\u00f9ng T\u00e2y B\u1eafc t\u1ed1t h\u01a1n. <\/p>\n\n\n\n<p><a href=\"https:\/\/zoo.org\/vi\/khoa-hoc-cong-dong\/\">H\u00e3y tham gia ngay!<\/a><\/p>\n<\/div><\/div><\/div><\/div>\n<\/div>\n\n<div class=\"wp-block-group is-layout-constrained wp-block-group-is-layout-constrained\" style=\"margin-top:var(--wp--preset--spacing--60);margin-bottom:var(--wp--preset--spacing--60)\"><style>.kt-sc5715_940a3d-c7 .kt-sc-imgcol, .kt-sc5715_940a3d-c7 .kt-sc-textcol{min-height:345px;}.kt-sc5715_940a3d-c7 .kt-sc-imgcol{background-size:cover;background-image:url(https:\/\/zoo.org\/wp-content\/uploads\/2025\/08\/Visit-CAP-web.jpg);}.kt-sc5715_940a3d-c7 .kt-sc-textcol{padding-top:1em;padding-right:1.5em;padding-bottom:1em;padding-left:1.5em;}@media all and (max-width: 767px){.kt-sc5715_940a3d-c7 .kt-sc-imgcol, .kt-sc5715_940a3d-c7 .kt-sc-textcol{min-height:275px;}}<\/style>\n<div class=\"aligncenter kt-sc5715_940a3d-c7 wp-block-kadence-splitcontent\"><div class=\"kt-split-content-wrap kt-sc-media-side-left\" style=\"grid-template-columns:32% auto\"><div class=\"kt-sc-imgcol kt-sc-imgcol-bg-cover kt-sc-img-side-left\"><\/div><div class=\"kt-sc-textcol kt-sc-text-valign-center kt-sc-text-halign-left\" style=\"background-color:var(--theme-palette-color-17, #E6E6E6)\"><div class=\"kt-sc-innter-col\">\n<h3 class=\"wp-block-heading\">Ch\u01b0\u01a1ng tr\u00ecnh ti\u1ebfp c\u1eadn c\u1ed9ng \u0111\u1ed3ng<\/h3>\n\n\n\n<p>V\u01b0\u1eddn th\u00fa Woodland Park h\u1ee3p t\u00e1c v\u1edbi h\u01a1n 600 t\u1ed5 ch\u1ee9c d\u1ecbch v\u1ee5 nh\u00e2n \u0111\u1ea1o, cung c\u1ea5p cho kh\u00e1ch h\u00e0ng ho\u1eb7c th\u00e0nh vi\u00ean c\u1ee7a h\u1ecd t\u1ed5ng c\u1ed9ng 70.000 l\u01b0\u1ee3t v\u00e0o c\u1eeda mi\u1ec5n ph\u00ed m\u1ed7i n\u0103m. N\u1ebfu \u0111\u00e1p \u1ee9ng t\u1ea5t c\u1ea3 c\u00e1c y\u00eau c\u1ea7u, t\u1ed5 ch\u1ee9c 501(c)(3) c\u1ee7a b\u1ea1n c\u00f3 th\u1ec3 h\u01b0\u1edfng l\u1ee3i t\u1eeb Ch\u01b0\u01a1ng tr\u00ecnh Ti\u1ebfp c\u1eadn C\u1ed9ng \u0111\u1ed3ng c\u1ee7a ch\u00fang t\u00f4i. <\/p>\n\n\n\n<p><a href=\"https:\/\/zoo.org\/vi\/chuong-trinh-tiep-can-cong-dong\/\">T\u00ecm hi\u1ec3u th\u00eam<\/a><\/p>\n<\/div><\/div><\/div><\/div>\n<\/div>\n\n<div class=\"wp-block-group is-layout-constrained wp-block-group-is-layout-constrained\" style=\"margin-top:var(--wp--preset--spacing--60);margin-bottom:var(--wp--preset--spacing--60)\"><style>.kt-sc5715_b789ae-79 .kt-sc-imgcol, .kt-sc5715_b789ae-79 .kt-sc-textcol{min-height:345px;}.kt-sc5715_b789ae-79 .kt-sc-imgcol{background-size:cover;background-image:url(https:\/\/zoo.org\/wp-content\/uploads\/2025\/08\/2012-08-03RHawk144TurtleRelease_800-1.jpg);}.kt-sc5715_b789ae-79 .kt-sc-textcol{padding-top:1em;padding-right:1.5em;padding-bottom:1em;padding-left:1.5em;}@media all and (max-width: 767px){.kt-sc5715_b789ae-79 .kt-sc-imgcol, .kt-sc5715_b789ae-79 .kt-sc-textcol{min-height:275px;}}<\/style>\n<div class=\"aligncenter kt-sc5715_b789ae-79 wp-block-kadence-splitcontent\"><div class=\"kt-split-content-wrap kt-sc-media-side-left\" style=\"grid-template-columns:32% auto\"><div class=\"kt-sc-imgcol kt-sc-imgcol-bg-cover kt-sc-img-side-left\"><\/div><div class=\"kt-sc-textcol kt-sc-text-valign-center kt-sc-text-halign-left\" style=\"background-color:var(--theme-palette-color-17, #E6E6E6)\"><div class=\"kt-sc-innter-col\">\n<h3 class=\"wp-block-heading\">H\u1ee3p t\u00e1c c\u1ed9ng \u0111\u1ed3ng<\/h3>\n\n\n\n<p>H\u1ee3p t\u00e1c c\u1ed9ng \u0111\u1ed3ng l\u00e0 c\u00e1c ch\u01b0\u01a1ng tr\u00ecnh d\u1ef1a tr\u00ean \u0111\u1ecba ph\u01b0\u01a1ng \u0111\u01b0\u1ee3c t\u1ea1o ra th\u00f4ng qua quan h\u1ec7 \u0111\u1ed1i t\u00e1c v\u1edbi c\u00e1c t\u1ed5 ch\u1ee9c c\u1ed9ng \u0111\u1ed3ng v\u00e0 nh\u1eb1m h\u1ed7 tr\u1ee3 c\u00e1c s\u00e1ng ki\u1ebfn do c\u1ed9ng \u0111\u1ed3ng d\u1eabn d\u1eaft.<\/p>\n\n\n\n<p><a href=\"https:\/\/zoo.org\/vi\/long-trac-an-doi-voi-dong-vat-hoang-da\/hop-tac-cong-dong\/\">T\u00ecm hi\u1ec3u th\u00eam<\/a><\/p>\n<\/div><\/div><\/div><\/div>\n<\/div>\n\n<div class=\"wp-block-group alignfull divider is-layout-constrained wp-block-group-is-layout-constrained\">\n<h2 class=\"wp-block-heading alignfull has-text-align-center\">T\u00ccNH NGUY\u1ec6N<\/h2>\n<\/div>\n\n<div class=\"wp-block-group is-layout-constrained wp-block-group-is-layout-constrained\"><style>.kt-sc5715_f4c969-f7 .kt-sc-imgcol, .kt-sc5715_f4c969-f7 .kt-sc-textcol{min-height:345px;}.kt-sc5715_f4c969-f7 .kt-sc-imgcol{background-size:cover;background-image:url(https:\/\/zoo.org\/wp-content\/uploads\/2025\/09\/RS33717_2017-Brew-at-Zoo-3-volunteer-web.jpg);}.kt-sc5715_f4c969-f7 .kt-sc-textcol{padding-top:1em;padding-right:1.5em;padding-bottom:1em;padding-left:1.5em;}@media all and (max-width: 767px){.kt-sc5715_f4c969-f7 .kt-sc-imgcol, .kt-sc5715_f4c969-f7 .kt-sc-textcol{min-height:275px;}}<\/style>\n<div class=\"aligncenter kt-sc5715_f4c969-f7 wp-block-kadence-splitcontent\"><div class=\"kt-split-content-wrap kt-sc-media-side-left\" style=\"grid-template-columns:32% auto\"><div class=\"kt-sc-imgcol kt-sc-imgcol-bg-cover kt-sc-img-side-left\"><\/div><div class=\"kt-sc-textcol kt-sc-text-valign-center kt-sc-text-halign-left\" style=\"background-color:var(--theme-palette-color-17, #E6E6E6)\"><div class=\"kt-sc-innter-col\">\n<h3 class=\"wp-block-heading\">Ch\u01b0\u01a1ng tr\u00ecnh t\u00ecnh nguy\u1ec7n<\/h3>\n\n\n\n<p><strong>T\u00ecnh nguy\u1ec7n vi\u00ean l\u00e0 m\u1ed9t ph\u1ea7n thi\u1ebft y\u1ebfu c\u1ee7a V\u01b0\u1eddn th\u00fa Woodland Park! H\u00e3y c\u00e2n nh\u1eafc tham gia \u0111\u1ed9i ng\u0169 c\u1ee7a ch\u00fang t\u00f4i trong \u0111\u1ee3t tuy\u1ec3n d\u1ee5ng h\u00e0ng n\u0103m. <\/strong><\/p>\n\n\n\n<p>T\u00ecnh nguy\u1ec7n vi\u00ean l\u00e0 nh\u1eefng \u0111\u1ea1i s\u1ee9 c\u1ee7a V\u01b0\u1eddn th\u00fa Woodland Park v\u00e0 l\u00e0 m\u1ed9t ph\u1ea7n quan tr\u1ecdng c\u1ee7a \u0111\u1ed9i ng\u0169 nh\u00e2n vi\u00ean v\u01b0\u1eddn th\u00fa. Ch\u00fang t\u00f4i t\u00ecm ki\u1ebfm nh\u1eefng c\u00e1 nh\u00e2n nhi\u1ec7t t\u00ecnh t\u01b0\u01a1ng t\u00e1c v\u00e0 truy\u1ec1n c\u1ea3m h\u1ee9ng cho kh\u00e1ch tham quan, \u0111\u1ed3ng th\u1eddi t\u1ea1o ra t\u00e1c \u0111\u1ed9ng t\u00edch c\u1ef1c m\u1ed7i ng\u00e0y th\u00f4ng qua c\u00f4ng vi\u1ec7c t\u00ecnh nguy\u1ec7n.   <\/p>\n\n\n\n<p><a href=\"https:\/\/zoo.org\/vi\/tinh-nguyen-vien\/\">T\u00ecm hi\u1ec3u th\u00eam<\/a><\/p>\n<\/div><\/div><\/div><\/div>\n<\/div>\n","protected":false},"excerpt":{"rendered":"<p>S\u00e1ng ki\u1ebfn c\u1ed9ng \u0111\u1ed3ng C\u00c1C CH\u01af\u01a0NG TR\u00ccNH TRONG C\u1ed8NG \u0110\u1ed2NG C\u1ee6A B\u1ea0N V\u01b0\u1eddn th\u00fa Woodland Park cam k\u1ebft ph\u1ee5c v\u1ee5 c\u00e1c c\u1ed9ng \u0111\u1ed3ng \u0111a d\u1ea1ng c\u1ee7a Seattle v\u00e0 Qu\u1eadn King [&hellip;]<\/p>\n","protected":false},"author":1,"featured_media":12623,"parent":0,"menu_order":0,"comment_status":"closed","ping_status":"closed","template":"","meta":{"_acf_changed":false,"_kad_blocks_custom_css":"","_kad_blocks_head_custom_js":"","_kad_blocks_body_custom_js":"","_kad_blocks_footer_custom_js":"","footnotes":""},"class_list":["post-12622","page","type-page","status-publish","has-post-thumbnail","hentry"],"blocksy_meta":[],"acf":[],"yoast_head":"<!-- This site is optimized with the Yoast SEO plugin v27.4 - https:\/\/yoast.com\/product\/yoast-seo-wordpress\/ -->\n<title>Ch\u01b0\u01a1ng tr\u00ecnh c\u1ed9ng \u0111\u1ed3ng - V\u01b0\u1eddn th\u00fa Woodland Park<\/title>\n<meta name=\"description\" content=\"V\u01b0\u1eddn th\u00fa Woodland Park mang c\u00e1c ch\u01b0\u01a1ng tr\u00ecnh \u0111\u1ebfn c\u1ed9ng \u0111\u1ed3ng c\u1ee7a b\u1ea1n ho\u1eb7c cung c\u1ea5p cho c\u00e1c th\u00e0nh vi\u00ean c\u1ed9ng \u0111\u1ed3ng quy\u1ec1n ti\u1ebfp c\u1eadn v\u01b0\u1eddn th\u00fa.\" \/>\n<meta name=\"robots\" content=\"index, follow, max-snippet:-1, max-image-preview:large, max-video-preview:-1\" \/>\n<link rel=\"canonical\" href=\"https:\/\/zoo.org\/vi\/chuong-trinh-cong-dong\/\" \/>\n<meta property=\"og:locale\" content=\"vi_VN\" \/>\n<meta property=\"og:type\" content=\"article\" \/>\n<meta property=\"og:title\" content=\"Ch\u01b0\u01a1ng tr\u00ecnh c\u1ed9ng \u0111\u1ed3ng - V\u01b0\u1eddn th\u00fa Woodland Park\" \/>\n<meta property=\"og:description\" content=\"V\u01b0\u1eddn th\u00fa Woodland Park mang c\u00e1c ch\u01b0\u01a1ng tr\u00ecnh \u0111\u1ebfn c\u1ed9ng \u0111\u1ed3ng c\u1ee7a b\u1ea1n ho\u1eb7c cung c\u1ea5p cho c\u00e1c th\u00e0nh vi\u00ean c\u1ed9ng \u0111\u1ed3ng quy\u1ec1n ti\u1ebfp c\u1eadn v\u01b0\u1eddn th\u00fa.\" \/>\n<meta property=\"og:url\" content=\"https:\/\/zoo.org\/vi\/chuong-trinh-cong-dong\/\" \/>\n<meta property=\"og:site_name\" content=\"V\u01b0\u1eddn th\u00fa Woodland Park\" \/>\n<meta property=\"article:modified_time\" content=\"2025-12-20T02:17:43+00:00\" \/>\n<meta property=\"og:image\" content=\"https:\/\/zoo.org\/wp-content\/uploads\/2025\/08\/Western-Pond-Turtle-Release.jpg?wsr\" \/>\n\t<meta property=\"og:image:width\" content=\"800\" \/>\n\t<meta property=\"og:image:height\" content=\"534\" \/>\n\t<meta property=\"og:image:type\" content=\"image\/jpeg\" \/>\n<meta name=\"twitter:card\" content=\"summary_large_image\" \/>\n<script type=\"application\/ld+json\" class=\"yoast-schema-graph\">{\"@context\":\"https:\\\/\\\/schema.org\",\"@graph\":[{\"@type\":\"WebPage\",\"@id\":\"https:\\\/\\\/zoo.org\\\/vi\\\/chuong-trinh-cong-dong\\\/\",\"url\":\"https:\\\/\\\/zoo.org\\\/vi\\\/chuong-trinh-cong-dong\\\/\",\"name\":\"Ch\u01b0\u01a1ng tr\u00ecnh c\u1ed9ng \u0111\u1ed3ng - V\u01b0\u1eddn th\u00fa Woodland Park\",\"isPartOf\":{\"@id\":\"https:\\\/\\\/zoo.org\\\/vi\\\/#website\"},\"primaryImageOfPage\":{\"@id\":\"https:\\\/\\\/zoo.org\\\/vi\\\/chuong-trinh-cong-dong\\\/#primaryimage\"},\"image\":{\"@id\":\"https:\\\/\\\/zoo.org\\\/vi\\\/chuong-trinh-cong-dong\\\/#primaryimage\"},\"thumbnailUrl\":\"https:\\\/\\\/zoo.org\\\/wp-content\\\/uploads\\\/2025\\\/08\\\/Western-Pond-Turtle-Release.jpg?wsr\",\"datePublished\":\"2025-10-01T19:49:34+00:00\",\"dateModified\":\"2025-12-20T02:17:43+00:00\",\"description\":\"V\u01b0\u1eddn th\u00fa Woodland Park mang c\u00e1c ch\u01b0\u01a1ng tr\u00ecnh \u0111\u1ebfn c\u1ed9ng \u0111\u1ed3ng c\u1ee7a b\u1ea1n ho\u1eb7c cung c\u1ea5p cho c\u00e1c th\u00e0nh vi\u00ean c\u1ed9ng \u0111\u1ed3ng quy\u1ec1n ti\u1ebfp c\u1eadn v\u01b0\u1eddn th\u00fa.\",\"breadcrumb\":{\"@id\":\"https:\\\/\\\/zoo.org\\\/vi\\\/chuong-trinh-cong-dong\\\/#breadcrumb\"},\"inLanguage\":\"vi\",\"potentialAction\":[{\"@type\":\"ReadAction\",\"target\":[\"https:\\\/\\\/zoo.org\\\/vi\\\/chuong-trinh-cong-dong\\\/\"]}]},{\"@type\":\"ImageObject\",\"inLanguage\":\"vi\",\"@id\":\"https:\\\/\\\/zoo.org\\\/vi\\\/chuong-trinh-cong-dong\\\/#primaryimage\",\"url\":\"https:\\\/\\\/zoo.org\\\/wp-content\\\/uploads\\\/2025\\\/08\\\/Western-Pond-Turtle-Release.jpg?wsr\",\"contentUrl\":\"https:\\\/\\\/zoo.org\\\/wp-content\\\/uploads\\\/2025\\\/08\\\/Western-Pond-Turtle-Release.jpg?wsr\",\"width\":800,\"height\":534,\"caption\":\"M\u1ed9t ng\u01b0\u1eddi m\u1eb7c \u00e1o \u0111\u1ed3ng ph\u1ee5c c\u1ee7a V\u01b0\u1eddn th\u00fa Woodland Park nh\u1eb9 nh\u00e0ng b\u1ebf m\u1ed9t ch\u00fa r\u00f9a nh\u1ecf ngo\u00e0i tr\u1eddi g\u1ea7n m\u1ed9t c\u00e1i ao, v\u1edbi c\u00e2y c\u1ed1i xanh t\u01b0\u01a1i v\u00e0 b\u1ea7u tr\u1eddi xanh ph\u00eda sau.\"},{\"@type\":\"BreadcrumbList\",\"@id\":\"https:\\\/\\\/zoo.org\\\/vi\\\/chuong-trinh-cong-dong\\\/#breadcrumb\",\"itemListElement\":[{\"@type\":\"ListItem\",\"position\":1,\"name\":\"Trang ch\u1ee7\",\"item\":\"https:\\\/\\\/zoo.org\\\/vi\\\/\"},{\"@type\":\"ListItem\",\"position\":2,\"name\":\"Ch\u01b0\u01a1ng tr\u00ecnh c\u1ed9ng \u0111\u1ed3ng\"}]},{\"@type\":\"WebSite\",\"@id\":\"https:\\\/\\\/zoo.org\\\/vi\\\/#website\",\"url\":\"https:\\\/\\\/zoo.org\\\/vi\\\/\",\"name\":\"V\u01b0\u1eddn th\u00fa Woodland Park\",\"description\":\"V\u01b0\u1eddn th\u00fa Woodland Park c\u1ee9u s\u1ed1ng \u0111\u1ed9ng v\u1eadt hoang d\u00e3 v\u00e0 truy\u1ec1n c\u1ea3m h\u1ee9ng cho m\u1ecdi ng\u01b0\u1eddi coi b\u1ea3o t\u1ed3n l\u00e0 \u01b0u ti\u00ean h\u00e0ng \u0111\u1ea7u trong cu\u1ed9c s\u1ed1ng c\u1ee7a m\u00ecnh.\",\"publisher\":{\"@id\":\"https:\\\/\\\/zoo.org\\\/vi\\\/#organization\"},\"potentialAction\":[{\"@type\":\"SearchAction\",\"target\":{\"@type\":\"EntryPoint\",\"urlTemplate\":\"https:\\\/\\\/zoo.org\\\/vi\\\/?s={search_term_string}\"},\"query-input\":{\"@type\":\"PropertyValueSpecification\",\"valueRequired\":true,\"valueName\":\"search_term_string\"}}],\"inLanguage\":\"vi\"},{\"@type\":\"Organization\",\"@id\":\"https:\\\/\\\/zoo.org\\\/vi\\\/#organization\",\"name\":\"V\u01b0\u1eddn th\u00fa Woodland Park\",\"url\":\"https:\\\/\\\/zoo.org\\\/vi\\\/\",\"logo\":{\"@type\":\"ImageObject\",\"inLanguage\":\"vi\",\"@id\":\"https:\\\/\\\/zoo.org\\\/vi\\\/#\\\/schema\\\/logo\\\/image\\\/\",\"url\":\"https:\\\/\\\/zoo.org\\\/wp-content\\\/uploads\\\/2026\\\/01\\\/WPZ-Logo_white-SVG.svg?wsr\",\"contentUrl\":\"https:\\\/\\\/zoo.org\\\/wp-content\\\/uploads\\\/2026\\\/01\\\/WPZ-Logo_white-SVG.svg?wsr\",\"width\":288,\"height\":282,\"caption\":\"V\u01b0\u1eddn th\u00fa Woodland Park\"},\"image\":{\"@id\":\"https:\\\/\\\/zoo.org\\\/vi\\\/#\\\/schema\\\/logo\\\/image\\\/\"}}]}<\/script>\n<!-- \/ Yoast SEO plugin. -->","yoast_head_json":{"title":"Ch\u01b0\u01a1ng tr\u00ecnh c\u1ed9ng \u0111\u1ed3ng - V\u01b0\u1eddn th\u00fa Woodland Park","description":"V\u01b0\u1eddn th\u00fa Woodland Park mang c\u00e1c ch\u01b0\u01a1ng tr\u00ecnh \u0111\u1ebfn c\u1ed9ng \u0111\u1ed3ng c\u1ee7a b\u1ea1n ho\u1eb7c cung c\u1ea5p cho c\u00e1c th\u00e0nh vi\u00ean c\u1ed9ng \u0111\u1ed3ng quy\u1ec1n ti\u1ebfp c\u1eadn v\u01b0\u1eddn th\u00fa.","robots":{"index":"index","follow":"follow","max-snippet":"max-snippet:-1","max-image-preview":"max-image-preview:large","max-video-preview":"max-video-preview:-1"},"canonical":"https:\/\/zoo.org\/vi\/chuong-trinh-cong-dong\/","og_locale":"vi_VN","og_type":"article","og_title":"Ch\u01b0\u01a1ng tr\u00ecnh c\u1ed9ng \u0111\u1ed3ng - V\u01b0\u1eddn th\u00fa Woodland Park","og_description":"V\u01b0\u1eddn th\u00fa Woodland Park mang c\u00e1c ch\u01b0\u01a1ng tr\u00ecnh \u0111\u1ebfn c\u1ed9ng \u0111\u1ed3ng c\u1ee7a b\u1ea1n ho\u1eb7c cung c\u1ea5p cho c\u00e1c th\u00e0nh vi\u00ean c\u1ed9ng \u0111\u1ed3ng quy\u1ec1n ti\u1ebfp c\u1eadn v\u01b0\u1eddn th\u00fa.","og_url":"https:\/\/zoo.org\/vi\/chuong-trinh-cong-dong\/","og_site_name":"V\u01b0\u1eddn th\u00fa Woodland Park","article_modified_time":"2025-12-20T02:17:43+00:00","og_image":[{"width":800,"height":534,"url":"https:\/\/zoo.org\/wp-content\/uploads\/2025\/08\/Western-Pond-Turtle-Release.jpg?wsr","type":"image\/jpeg"}],"twitter_card":"summary_large_image","schema":{"@context":"https:\/\/schema.org","@graph":[{"@type":"WebPage","@id":"https:\/\/zoo.org\/vi\/chuong-trinh-cong-dong\/","url":"https:\/\/zoo.org\/vi\/chuong-trinh-cong-dong\/","name":"Ch\u01b0\u01a1ng tr\u00ecnh c\u1ed9ng \u0111\u1ed3ng - V\u01b0\u1eddn th\u00fa Woodland Park","isPartOf":{"@id":"https:\/\/zoo.org\/vi\/#website"},"primaryImageOfPage":{"@id":"https:\/\/zoo.org\/vi\/chuong-trinh-cong-dong\/#primaryimage"},"image":{"@id":"https:\/\/zoo.org\/vi\/chuong-trinh-cong-dong\/#primaryimage"},"thumbnailUrl":"https:\/\/zoo.org\/wp-content\/uploads\/2025\/08\/Western-Pond-Turtle-Release.jpg?wsr","datePublished":"2025-10-01T19:49:34+00:00","dateModified":"2025-12-20T02:17:43+00:00","description":"V\u01b0\u1eddn th\u00fa Woodland Park mang c\u00e1c ch\u01b0\u01a1ng tr\u00ecnh \u0111\u1ebfn c\u1ed9ng \u0111\u1ed3ng c\u1ee7a b\u1ea1n ho\u1eb7c cung c\u1ea5p cho c\u00e1c th\u00e0nh vi\u00ean c\u1ed9ng \u0111\u1ed3ng quy\u1ec1n ti\u1ebfp c\u1eadn v\u01b0\u1eddn th\u00fa.","breadcrumb":{"@id":"https:\/\/zoo.org\/vi\/chuong-trinh-cong-dong\/#breadcrumb"},"inLanguage":"vi","potentialAction":[{"@type":"ReadAction","target":["https:\/\/zoo.org\/vi\/chuong-trinh-cong-dong\/"]}]},{"@type":"ImageObject","inLanguage":"vi","@id":"https:\/\/zoo.org\/vi\/chuong-trinh-cong-dong\/#primaryimage","url":"https:\/\/zoo.org\/wp-content\/uploads\/2025\/08\/Western-Pond-Turtle-Release.jpg?wsr","contentUrl":"https:\/\/zoo.org\/wp-content\/uploads\/2025\/08\/Western-Pond-Turtle-Release.jpg?wsr","width":800,"height":534,"caption":"M\u1ed9t ng\u01b0\u1eddi m\u1eb7c \u00e1o \u0111\u1ed3ng ph\u1ee5c c\u1ee7a V\u01b0\u1eddn th\u00fa Woodland Park nh\u1eb9 nh\u00e0ng b\u1ebf m\u1ed9t ch\u00fa r\u00f9a nh\u1ecf ngo\u00e0i tr\u1eddi g\u1ea7n m\u1ed9t c\u00e1i ao, v\u1edbi c\u00e2y c\u1ed1i xanh t\u01b0\u01a1i v\u00e0 b\u1ea7u tr\u1eddi xanh ph\u00eda sau."},{"@type":"BreadcrumbList","@id":"https:\/\/zoo.org\/vi\/chuong-trinh-cong-dong\/#breadcrumb","itemListElement":[{"@type":"ListItem","position":1,"name":"Trang ch\u1ee7","item":"https:\/\/zoo.org\/vi\/"},{"@type":"ListItem","position":2,"name":"Ch\u01b0\u01a1ng tr\u00ecnh c\u1ed9ng \u0111\u1ed3ng"}]},{"@type":"WebSite","@id":"https:\/\/zoo.org\/vi\/#website","url":"https:\/\/zoo.org\/vi\/","name":"V\u01b0\u1eddn th\u00fa Woodland Park","description":"V\u01b0\u1eddn th\u00fa Woodland Park c\u1ee9u s\u1ed1ng \u0111\u1ed9ng v\u1eadt hoang d\u00e3 v\u00e0 truy\u1ec1n c\u1ea3m h\u1ee9ng cho m\u1ecdi ng\u01b0\u1eddi coi b\u1ea3o t\u1ed3n l\u00e0 \u01b0u ti\u00ean h\u00e0ng \u0111\u1ea7u trong cu\u1ed9c s\u1ed1ng c\u1ee7a m\u00ecnh.","publisher":{"@id":"https:\/\/zoo.org\/vi\/#organization"},"potentialAction":[{"@type":"SearchAction","target":{"@type":"EntryPoint","urlTemplate":"https:\/\/zoo.org\/vi\/?s={search_term_string}"},"query-input":{"@type":"PropertyValueSpecification","valueRequired":true,"valueName":"search_term_string"}}],"inLanguage":"vi"},{"@type":"Organization","@id":"https:\/\/zoo.org\/vi\/#organization","name":"V\u01b0\u1eddn th\u00fa Woodland Park","url":"https:\/\/zoo.org\/vi\/","logo":{"@type":"ImageObject","inLanguage":"vi","@id":"https:\/\/zoo.org\/vi\/#\/schema\/logo\/image\/","url":"https:\/\/zoo.org\/wp-content\/uploads\/2026\/01\/WPZ-Logo_white-SVG.svg?wsr","contentUrl":"https:\/\/zoo.org\/wp-content\/uploads\/2026\/01\/WPZ-Logo_white-SVG.svg?wsr","width":288,"height":282,"caption":"V\u01b0\u1eddn th\u00fa Woodland Park"},"image":{"@id":"https:\/\/zoo.org\/vi\/#\/schema\/logo\/image\/"}}]}},"taxonomy_info":[],"featured_image_src_large":["https:\/\/zoo.org\/wp-content\/uploads\/2025\/08\/Western-Pond-Turtle-Release.jpg?wsr",800,534,false],"author_info":{"display_name":"jloughlin","author_link":"https:\/\/zoo.org\/vi\/author\/jloughlin\/"},"comment_info":0,"_links":{"self":[{"href":"https:\/\/zoo.org\/vi\/wp-json\/wp\/v2\/pages\/12622","targetHints":{"allow":["GET"]}}],"collection":[{"href":"https:\/\/zoo.org\/vi\/wp-json\/wp\/v2\/pages"}],"about":[{"href":"https:\/\/zoo.org\/vi\/wp-json\/wp\/v2\/types\/page"}],"author":[{"embeddable":true,"href":"https:\/\/zoo.org\/vi\/wp-json\/wp\/v2\/users\/1"}],"replies":[{"embeddable":true,"href":"https:\/\/zoo.org\/vi\/wp-json\/wp\/v2\/comments?post=12622"}],"version-history":[{"count":0,"href":"https:\/\/zoo.org\/vi\/wp-json\/wp\/v2\/pages\/12622\/revisions"}],"wp:featuredmedia":[{"embeddable":true,"href":"https:\/\/zoo.org\/vi\/wp-json\/wp\/v2\/media\/12623"}],"wp:attachment":[{"href":"https:\/\/zoo.org\/vi\/wp-json\/wp\/v2\/media?parent=12622"}],"curies":[{"name":"wp","href":"https:\/\/api.w.org\/{rel}","templated":true}]}}