{"id":12642,"date":"2025-10-01T13:10:23","date_gmt":"2025-10-01T20:10:23","guid":{"rendered":"https:\/\/zoo.org\/can-canh\/tai-nguyen-can-canh\/"},"modified":"2025-12-12T17:50:22","modified_gmt":"2025-12-13T01:50:22","slug":"tai-nguyen-can-canh","status":"publish","type":"page","link":"https:\/\/zoo.org\/vi\/chuong-trinh-cong-dong\/can-canh\/tai-nguyen-can-canh\/","title":{"rendered":"T\u00e0i nguy\u00ean c\u1eadn c\u1ea3nh"},"content":{"rendered":"\n<div class=\"wp-block-cover alignfull is-light hero\" style=\"margin-top:0;margin-bottom:0\"><img loading=\"lazy\" decoding=\"async\" width=\"1920\" height=\"400\" class=\"wp-block-cover__image-background wp-image-3487 size-full\" alt=\"\" src=\"https:\/\/zoo.org\/wp-content\/uploads\/2025\/08\/Support-Header-Image2.jpg\" data-object-fit=\"cover\" srcset=\"https:\/\/zoo.org\/wp-content\/uploads\/2025\/08\/Support-Header-Image2.jpg 1920w, https:\/\/zoo.org\/wp-content\/uploads\/2025\/08\/Support-Header-Image2-300x63.jpg 300w, https:\/\/zoo.org\/wp-content\/uploads\/2025\/08\/Support-Header-Image2-1024x213.jpg 1024w, https:\/\/zoo.org\/wp-content\/uploads\/2025\/08\/Support-Header-Image2-768x160.jpg 768w, https:\/\/zoo.org\/wp-content\/uploads\/2025\/08\/Support-Header-Image2-1536x320.jpg 1536w\" sizes=\"auto, (max-width: 1920px) 100vw, 1920px\" \/><span aria-hidden=\"true\" class=\"wp-block-cover__background has-background-dim-0 has-background-dim\" style=\"background-color:#999692\"><\/span><div class=\"wp-block-cover__inner-container is-layout-constrained wp-block-cover-is-layout-constrained\">\n<p class=\"has-text-align-center has-large-font-size\"><\/p>\n<\/div><\/div>\n\n<div class=\"wp-block-group is-layout-constrained wp-block-group-is-layout-constrained\" style=\"margin-top:2em;margin-bottom:3em\">\n<h1 class=\"wp-block-heading has-text-align-center\" style=\"margin-top:0.65em;margin-bottom:0.275em\">T\u00e0i nguy\u00ean c\u1eadn c\u1ea3nh<\/h1>\n\n\n\n<p class=\"has-text-align-center has-palette-color-3-color has-text-color has-link-color wp-elements-596dfecd6707a639db6b3d6dfe842ed3\" style=\"margin-bottom:1em;font-size:clamp(0.984em, 0.984rem + ((1vw - 0.2em) * 0.645), 1.5em);font-style:normal;font-weight:500;line-height:1.5\"><strong>Truy c\u1eadp c\u00e1c ngu\u1ed3n t\u00e0i li\u1ec7u \u0111\u1ec3 chu\u1ea9n b\u1ecb cho ch\u01b0\u01a1ng tr\u00ecnh Up Close c\u1ee7a b\u1ea1n.<\/strong><\/p>\n<\/div>\n\n<div class=\"wp-block-group alignfull divider is-layout-constrained wp-block-group-is-layout-constrained\">\n<h2 class=\"wp-block-heading alignfull has-text-align-center\">TR\u01af\u1edaC KHI B\u1eaeT \u0110\u1ea6U CH\u01af\u01a0NG TR\u00ccNH<\/h2>\n<\/div>\n\n<h3 class=\"wp-block-heading\">C\u00e1c b\u00e0i thuy\u1ebft tr\u00ecnh PowerPoint c\u1eadn c\u1ea3nh<\/h3>\n\n<p>Vui l\u00f2ng t\u1ea3i xu\u1ed1ng t\u1eadp tin t\u01b0\u01a1ng \u1ee9ng v\u1edbi t\u00ean ch\u01b0\u01a1ng tr\u00ecnh s\u1eafp t\u1edbi c\u1ee7a b\u1ea1n v\u00e0 chu\u1ea9n b\u1ecb s\u1eb5n s\u00e0ng \u0111\u1ec3 ch\u1ea1y tr\u00ean thi\u1ebft b\u1ecb nghe nh\u00ecn c\u1ee7a l\u1edbp h\u1ecdc tr\u01b0\u1edbc khi ng\u01b0\u1eddi thuy\u1ebft tr\u00ecnh \u0111\u1ebfn. (Ch\u00fang t\u00f4i kh\u00f4ng y\u00eau c\u1ea7u ng\u01b0\u1eddi thuy\u1ebft tr\u00ecnh ph\u1ea3i c\u00f3 chuy\u00ean m\u00f4n v\u1ec1 t\u1ea5t c\u1ea3 c\u00e1c h\u1ec7 th\u1ed1ng kh\u00e1c nhau \u0111\u01b0\u1ee3c s\u1eed d\u1ee5ng \u1edf c\u00e1c tr\u01b0\u1eddng kh\u00e1c nhau, v\u00ec v\u1eady b\u1ea1n c\u1ea7n ch\u1ecbu tr\u00e1ch nhi\u1ec7m thi\u1ebft l\u1eadp ph\u1ea7n n\u00e0y c\u1ee7a b\u00e0i thuy\u1ebft tr\u00ecnh. N\u1ebfu kh\u00f4ng \u0111\u01b0\u1ee3c thi\u1ebft l\u1eadp khi ng\u01b0\u1eddi thuy\u1ebft tr\u00ecnh \u0111\u1ebfn, h\u1ecd s\u1ebd th\u1ef1c hi\u1ec7n ch\u01b0\u01a1ng tr\u00ecnh theo c\u00e1ch c\u0169, &#8220;c\u00f4ng ngh\u1ec7 th\u1ea5p&#8221;, kh\u00f4ng s\u1eed d\u1ee5ng PowerPoint.)  <\/p>\n\n<p>Kh\u00f4ng c\u00f3 b\u00e0i thuy\u1ebft tr\u00ecnh n\u00e0o c\u00f3 ph\u1ea7n \u00e2m thanh, v\u00ec v\u1eady \u0111\u1eebng lo l\u1eafng v\u1ec1 v\u1ea5n \u0111\u1ec1 \u00e2m thanh.  <\/p>\n\n<p>Ng\u01b0\u1eddi thuy\u1ebft tr\u00ecnh s\u1ebd c\u1ea7n s\u1eed d\u1ee5ng \u0111i\u1ec1u khi\u1ec3n t\u1eeb xa c\u1ea7m tay \u0111\u1ec3 s\u1eed d\u1ee5ng c\u00e1c b\u00e0i thuy\u1ebft tr\u00ecnh PowerPoint n\u00e0y.  <\/p>\n\n<p>N\u1ebfu b\u1ea1n c\u00f3 b\u1ea5t k\u1ef3 c\u00e2u h\u1ecfi n\u00e0o ho\u1eb7c g\u1eb7p kh\u00f3 kh\u0103n trong qu\u00e1 tr\u00ecnh t\u1ea3i xu\u1ed1ng, vui l\u00f2ng g\u1ecdi cho ch\u00fang t\u00f4i theo s\u1ed1 206.548.2424, v\u00e0 ch\u00fang t\u00f4i s\u1ebd c\u1ed1 g\u1eafng h\u1ebft s\u1ee9c \u0111\u1ec3 gi\u00fap b\u1ea1n!<\/p>\n\n<h4 class=\"wp-block-heading\">Ch\u1ecdn m\u1ed9t b\u1ea3n tr\u00ecnh chi\u1ebfu PowerPoint \u0111\u1ec3 t\u1ea3i xu\u1ed1ng.<\/h4>\n\n<p>Nh\u1ea5p chu\u1ed9t v\u00e0o b\u00e0i thuy\u1ebft tr\u00ecnh b\u1ea1n mu\u1ed1n ch\u1ecdn v\u00e0 ch\u1ecdn &#8220;L\u01b0u th\u00e0nh&#8221; \u0111\u1ec3 t\u1ea3i xu\u1ed1ng m\u00e1y t\u00ednh c\u1ee7a b\u1ea1n.<\/p>\n\n<div class=\"wp-block-columns alignwide is-layout-flex wp-container-core-columns-is-layout-dc63b7a3 wp-block-columns-is-layout-flex\" style=\"margin-top:var(--wp--preset--spacing--60)\">\n<div class=\"wp-block-column has-palette-color-17-background-color has-background is-layout-flow wp-block-column-is-layout-flow\"><style>.kb-image5727_9b0afa-22 .kb-image-has-overlay:after{opacity:0.3;}<\/style>\n<figure class=\"wp-block-kadence-image kb-image5727_9b0afa-22 size-full\"><img loading=\"lazy\" decoding=\"async\" width=\"800\" height=\"533\" src=\"https:\/\/zoo.org\/wp-content\/uploads\/2025\/08\/2018-7-Butterfly-Garden-DDow-web.jpg\" alt=\"Hai con b\u01b0\u1edbm, m\u1ed9t con m\u00e0u cam c\u00f3 \u0111\u1ed1m \u0111en v\u00e0 m\u1ed9t con m\u00e0u xanh \u0111\u1eadm c\u00f3 \u0111\u1ed1m s\u00e1ng, \u0111ang \u0111\u1eadu tr\u00ean m\u1ed9t b\u00f4ng hoa c\u00fac t\u00edm, bao quanh l\u00e0 t\u00e1n l\u00e1 xanh trong m\u1ed9t khu v\u01b0\u1eddn.\" class=\"kb-img wp-image-3737\" srcset=\"https:\/\/zoo.org\/wp-content\/uploads\/2025\/08\/2018-7-Butterfly-Garden-DDow-web.jpg 800w, https:\/\/zoo.org\/wp-content\/uploads\/2025\/08\/2018-7-Butterfly-Garden-DDow-web-300x200.jpg 300w, https:\/\/zoo.org\/wp-content\/uploads\/2025\/08\/2018-7-Butterfly-Garden-DDow-web-768x512.jpg 768w\" sizes=\"auto, (max-width: 800px) 100vw, 800px\" \/><\/figure>\n\n\n\n<div class=\"wp-block-group is-layout-constrained wp-container-core-group-is-layout-10978406 wp-block-group-is-layout-constrained\" style=\"margin-top:0;margin-bottom:0;padding-top:0.5em;padding-right:1.5em;padding-bottom:1.5em;padding-left:1.5em\">\n<p style=\"margin-top:0\"><a href=\"https:\/\/www.zoo.org\/camps\"><\/a><strong><a href=\"\/wp-content\/uploads\/2025\/10\/Arthropod-This-Is-Their-Life-Feb-13-PPT.pptx\" target=\"_blank\" rel=\"noreferrer noopener\">\u0110\u00e2y l\u00e0 cu\u1ed9c s\u1ed1ng c\u1ee7a ch\u00fang: \u0110\u1ed9ng v\u1eadt ch\u00e2n \u0111\u1ed1t!<\/a><\/strong><\/p>\n<\/div>\n<\/div>\n\n\n\n<div class=\"wp-block-column has-palette-color-17-background-color has-background is-layout-flow wp-block-column-is-layout-flow\"><style>.kb-image5727_cb6f57-4b .kb-image-has-overlay:after{opacity:0.3;}<\/style>\n<figure class=\"wp-block-kadence-image kb-image5727_cb6f57-4b size-full\"><img loading=\"lazy\" decoding=\"async\" width=\"800\" height=\"533\" src=\"https:\/\/zoo.org\/wp-content\/uploads\/2025\/08\/2021-komodo-exhibit-14-web.jpg\" alt=\"M\u1ed9t con r\u1ed3ng Komodo \u0111\u1ee9ng tr\u00ean m\u1ed9t c\u00e0nh c\u00e2y l\u1edbn, s\u1ea7n s\u00f9i, ph\u00eda sau l\u00e0 khung c\u1ea3nh \u0111\u00e1 v\u00e0 \u0111\u1ea5t, c\u00f9ng v\u1edbi c\u00e2y xanh \u1edf ph\u00eda xa.\" class=\"kb-img wp-image-3389\" srcset=\"https:\/\/zoo.org\/wp-content\/uploads\/2025\/08\/2021-komodo-exhibit-14-web.jpg 800w, https:\/\/zoo.org\/wp-content\/uploads\/2025\/08\/2021-komodo-exhibit-14-web-300x200.jpg 300w, https:\/\/zoo.org\/wp-content\/uploads\/2025\/08\/2021-komodo-exhibit-14-web-768x512.jpg 768w\" sizes=\"auto, (max-width: 800px) 100vw, 800px\" \/><\/figure>\n\n\n\n<div class=\"wp-block-group is-layout-constrained wp-container-core-group-is-layout-10978406 wp-block-group-is-layout-constrained\" style=\"margin-top:0;margin-bottom:0;padding-top:0.5em;padding-right:1.5em;padding-bottom:1.5em;padding-left:1.5em\">\n<p><a href=\"https:\/\/www.zoo.org\/programs\/earlychildhood\"><\/a><strong><a href=\"\/wp-content\/uploads\/2025\/10\/Reptile-This-Is-Their-Life-Feb-13-PPT.pptx\" target=\"_blank\" rel=\"noreferrer noopener\">\u0110\u00e2y l\u00e0 cu\u1ed9c s\u1ed1ng c\u1ee7a ch\u00fang: Lo\u00e0i b\u00f2 s\u00e1t!<\/a><\/strong><\/p>\n<\/div>\n<\/div>\n\n\n\n<div class=\"wp-block-column has-palette-color-17-background-color has-background is-layout-flow wp-block-column-is-layout-flow\"><style>.kb-image5727_ad7bc8-f0 .kb-image-has-overlay:after{opacity:0.3;}<\/style>\n<figure class=\"wp-block-kadence-image kb-image5727_ad7bc8-f0 size-full\"><img loading=\"lazy\" decoding=\"async\" width=\"800\" height=\"533\" src=\"https:\/\/zoo.org\/wp-content\/uploads\/2025\/10\/RS44110_2023_05_09-Bug-World-4_ohi.jpg\" alt=\"Hai con b\u1ecd c\u00e1nh c\u1ee9ng c\u00f3 m\u00e0u s\u1eafc r\u1ef1c r\u1ee1 v\u1edbi th\u00e2n m\u00e0u xanh l\u00e1 c\u00e2y v\u00e0 s\u1ecdc v\u00e0ng \u0111ang \u0103n m\u1ed9t qu\u1ea3 chu\u1ed1i. Ph\u00f4ng n\u1ec1n b\u1ecb m\u1edd, l\u00e0m n\u1ed5i b\u1eadt l\u1edbp v\u1ecf v\u00e0 \u0111\u00f4i ch\u00e2n s\u00e1ng b\u00f3ng, r\u1ef1c r\u1ee1 c\u1ee7a nh\u1eefng con b\u1ecd.\" class=\"kb-img wp-image-5732\" srcset=\"https:\/\/zoo.org\/wp-content\/uploads\/2025\/10\/RS44110_2023_05_09-Bug-World-4_ohi.jpg 800w, https:\/\/zoo.org\/wp-content\/uploads\/2025\/10\/RS44110_2023_05_09-Bug-World-4_ohi-300x200.jpg 300w, https:\/\/zoo.org\/wp-content\/uploads\/2025\/10\/RS44110_2023_05_09-Bug-World-4_ohi-768x512.jpg 768w\" sizes=\"auto, (max-width: 800px) 100vw, 800px\" \/><\/figure>\n\n\n\n<div class=\"wp-block-group is-layout-constrained wp-container-core-group-is-layout-10978406 wp-block-group-is-layout-constrained\" style=\"margin-top:0;margin-bottom:0;padding-top:0.5em;padding-right:1.5em;padding-bottom:1.5em;padding-left:1.5em\">\n<p><a href=\"https:\/\/www.zoo.org\/programs\/teen\"><\/a><strong><a href=\"\/wp-content\/uploads\/2025\/10\/What-Makes-A-Bug-Feb-13-PPT.pptx\" target=\"_blank\" rel=\"noreferrer noopener\">\u0110i\u1ec1u g\u00ec t\u1ea1o n\u00ean m\u1ed9t l\u1ed7i ph\u1ea7n m\u1ec1m?<\/a><\/strong><\/p>\n<\/div>\n<\/div>\n\n\n\n<div class=\"wp-block-column has-palette-color-17-background-color has-background is-layout-flow wp-block-column-is-layout-flow\"><style>.kb-image5727_05da55-56 .kb-image-has-overlay:after{opacity:0.3;}<\/style>\n<figure class=\"wp-block-kadence-image kb-image5727_05da55-56 size-full\"><img loading=\"lazy\" decoding=\"async\" width=\"800\" height=\"533\" src=\"https:\/\/zoo.org\/wp-content\/uploads\/2025\/08\/2024-Quince-Monitor-JDL.jpg\" alt=\"M\u1ed9t con th\u1eb1n l\u1eb1n monitor xanh c\u00f3 \u0111\u1ed1m \u0111en \u0111ang ngh\u1ec9 ng\u01a1i tr\u00ean c\u00e0nh c\u00e2y, xung quanh l\u00e0 nh\u1eefng t\u00e1n l\u00e1 xanh m\u01b0\u1edbt trong m\u1ed9t m\u00f4i tr\u01b0\u1eddng t\u1ef1 nhi\u00ean.\" class=\"kb-img wp-image-3258\" srcset=\"https:\/\/zoo.org\/wp-content\/uploads\/2025\/08\/2024-Quince-Monitor-JDL.jpg 800w, https:\/\/zoo.org\/wp-content\/uploads\/2025\/08\/2024-Quince-Monitor-JDL-300x200.jpg 300w, https:\/\/zoo.org\/wp-content\/uploads\/2025\/08\/2024-Quince-Monitor-JDL-768x512.jpg 768w\" sizes=\"auto, (max-width: 800px) 100vw, 800px\" \/><\/figure>\n\n\n\n<div class=\"wp-block-group is-layout-constrained wp-container-core-group-is-layout-10978406 wp-block-group-is-layout-constrained\" style=\"margin-top:0;margin-bottom:0;padding-top:0.5em;padding-right:1.5em;padding-bottom:1.5em;padding-left:1.5em\">\n<p><a href=\"https:\/\/www.zoo.org\/programs\/teen\"><\/a><strong><a href=\"\/wp-content\/uploads\/2025\/10\/What-Makes-A-Reptile-Feb-13-PPT.pptx\" target=\"_blank\" rel=\"noreferrer noopener\">\u0110i\u1ec1u g\u00ec t\u1ea1o n\u00ean m\u1ed9t lo\u00e0i b\u00f2 s\u00e1t?<\/a><\/strong><\/p>\n<\/div>\n<\/div>\n<\/div>\n\n<p><\/p>\n","protected":false},"excerpt":{"rendered":"<p>T\u00e0i nguy\u00ean c\u1eadn c\u1ea3nh Truy c\u1eadp c\u00e1c ngu\u1ed3n t\u00e0i li\u1ec7u \u0111\u1ec3 chu\u1ea9n b\u1ecb cho ch\u01b0\u01a1ng tr\u00ecnh Up Close c\u1ee7a b\u1ea1n. TR\u01af\u1edaC KHI B\u1eaeT \u0110\u1ea6U CH\u01af\u01a0NG TR\u00ccNH C\u00e1c b\u00e0i thuy\u1ebft tr\u00ecnh [&hellip;]<\/p>\n","protected":false},"author":1,"featured_media":0,"parent":12618,"menu_order":0,"comment_status":"closed","ping_status":"closed","template":"","meta":{"_acf_changed":false,"_kad_blocks_custom_css":"","_kad_blocks_head_custom_js":"","_kad_blocks_body_custom_js":"","_kad_blocks_footer_custom_js":"","footnotes":""},"class_list":["post-12642","page","type-page","status-publish","hentry"],"blocksy_meta":[],"acf":[],"yoast_head":"<!-- This site is optimized with the Yoast SEO plugin v27.3 - https:\/\/yoast.com\/product\/yoast-seo-wordpress\/ -->\n<title>T\u00e0i nguy\u00ean c\u1eadn c\u1ea3nh - V\u01b0\u1eddn th\u00fa Woodland Park<\/title>\n<meta name=\"description\" content=\"\u0110\u1ed1i v\u1edbi c\u00e1c nh\u00e0 gi\u00e1o d\u1ee5c, h\u00e3y t\u1ea3i xu\u1ed1ng b\u00e0i thuy\u1ebft tr\u00ecnh \u0111a ph\u01b0\u01a1ng ti\u1ec7n UpClose tr\u01b0\u1edbc khi ng\u01b0\u1eddi h\u01b0\u1edbng d\u1eabn c\u1ee7a V\u01b0\u1eddn th\u00fa Woodland Park \u0111\u1ebfn \u0111\u1ec3 th\u1ef1c hi\u1ec7n ch\u01b0\u01a1ng tr\u00ecnh.\" \/>\n<meta name=\"robots\" content=\"index, follow, max-snippet:-1, max-image-preview:large, max-video-preview:-1\" \/>\n<link rel=\"canonical\" href=\"https:\/\/zoo.org\/vi\/chuong-trinh-cong-dong\/can-canh\/tai-nguyen-can-canh\/\" \/>\n<meta property=\"og:locale\" content=\"vi_VN\" \/>\n<meta property=\"og:type\" content=\"article\" \/>\n<meta property=\"og:title\" content=\"T\u00e0i nguy\u00ean c\u1eadn c\u1ea3nh - V\u01b0\u1eddn th\u00fa Woodland Park\" \/>\n<meta property=\"og:description\" content=\"\u0110\u1ed1i v\u1edbi c\u00e1c nh\u00e0 gi\u00e1o d\u1ee5c, h\u00e3y t\u1ea3i xu\u1ed1ng b\u00e0i thuy\u1ebft tr\u00ecnh \u0111a ph\u01b0\u01a1ng ti\u1ec7n UpClose tr\u01b0\u1edbc khi ng\u01b0\u1eddi h\u01b0\u1edbng d\u1eabn c\u1ee7a V\u01b0\u1eddn th\u00fa Woodland Park \u0111\u1ebfn \u0111\u1ec3 th\u1ef1c hi\u1ec7n ch\u01b0\u01a1ng tr\u00ecnh.\" \/>\n<meta property=\"og:url\" content=\"https:\/\/zoo.org\/vi\/chuong-trinh-cong-dong\/can-canh\/tai-nguyen-can-canh\/\" \/>\n<meta property=\"og:site_name\" content=\"V\u01b0\u1eddn th\u00fa Woodland Park\" \/>\n<meta property=\"article:modified_time\" content=\"2025-12-13T01:50:22+00:00\" \/>\n<meta property=\"og:image\" content=\"https:\/\/zoo.org\/wp-content\/uploads\/2025\/08\/Support-Header-Image2.jpg?wsr\" \/>\n\t<meta property=\"og:image:width\" content=\"1920\" \/>\n\t<meta property=\"og:image:height\" content=\"400\" \/>\n\t<meta property=\"og:image:type\" content=\"image\/jpeg\" \/>\n<meta name=\"twitter:card\" content=\"summary_large_image\" \/>\n<script type=\"application\/ld+json\" class=\"yoast-schema-graph\">{\"@context\":\"https:\\\/\\\/schema.org\",\"@graph\":[{\"@type\":\"WebPage\",\"@id\":\"https:\\\/\\\/zoo.org\\\/vi\\\/chuong-trinh-cong-dong\\\/can-canh\\\/tai-nguyen-can-canh\\\/\",\"url\":\"https:\\\/\\\/zoo.org\\\/vi\\\/chuong-trinh-cong-dong\\\/can-canh\\\/tai-nguyen-can-canh\\\/\",\"name\":\"T\u00e0i nguy\u00ean c\u1eadn c\u1ea3nh - V\u01b0\u1eddn th\u00fa Woodland Park\",\"isPartOf\":{\"@id\":\"https:\\\/\\\/zoo.org\\\/vi\\\/#website\"},\"primaryImageOfPage\":{\"@id\":\"https:\\\/\\\/zoo.org\\\/vi\\\/chuong-trinh-cong-dong\\\/can-canh\\\/tai-nguyen-can-canh\\\/#primaryimage\"},\"image\":{\"@id\":\"https:\\\/\\\/zoo.org\\\/vi\\\/chuong-trinh-cong-dong\\\/can-canh\\\/tai-nguyen-can-canh\\\/#primaryimage\"},\"thumbnailUrl\":\"https:\\\/\\\/zoo.org\\\/wp-content\\\/uploads\\\/2025\\\/08\\\/Support-Header-Image2.jpg\",\"datePublished\":\"2025-10-01T20:10:23+00:00\",\"dateModified\":\"2025-12-13T01:50:22+00:00\",\"description\":\"\u0110\u1ed1i v\u1edbi c\u00e1c nh\u00e0 gi\u00e1o d\u1ee5c, h\u00e3y t\u1ea3i xu\u1ed1ng b\u00e0i thuy\u1ebft tr\u00ecnh \u0111a ph\u01b0\u01a1ng ti\u1ec7n UpClose tr\u01b0\u1edbc khi ng\u01b0\u1eddi h\u01b0\u1edbng d\u1eabn c\u1ee7a V\u01b0\u1eddn th\u00fa Woodland Park \u0111\u1ebfn \u0111\u1ec3 th\u1ef1c hi\u1ec7n ch\u01b0\u01a1ng tr\u00ecnh.\",\"breadcrumb\":{\"@id\":\"https:\\\/\\\/zoo.org\\\/vi\\\/chuong-trinh-cong-dong\\\/can-canh\\\/tai-nguyen-can-canh\\\/#breadcrumb\"},\"inLanguage\":\"vi\",\"potentialAction\":[{\"@type\":\"ReadAction\",\"target\":[\"https:\\\/\\\/zoo.org\\\/vi\\\/chuong-trinh-cong-dong\\\/can-canh\\\/tai-nguyen-can-canh\\\/\"]}]},{\"@type\":\"ImageObject\",\"inLanguage\":\"vi\",\"@id\":\"https:\\\/\\\/zoo.org\\\/vi\\\/chuong-trinh-cong-dong\\\/can-canh\\\/tai-nguyen-can-canh\\\/#primaryimage\",\"url\":\"https:\\\/\\\/zoo.org\\\/wp-content\\\/uploads\\\/2025\\\/08\\\/Support-Header-Image2.jpg\",\"contentUrl\":\"https:\\\/\\\/zoo.org\\\/wp-content\\\/uploads\\\/2025\\\/08\\\/Support-Header-Image2.jpg\"},{\"@type\":\"BreadcrumbList\",\"@id\":\"https:\\\/\\\/zoo.org\\\/vi\\\/chuong-trinh-cong-dong\\\/can-canh\\\/tai-nguyen-can-canh\\\/#breadcrumb\",\"itemListElement\":[{\"@type\":\"ListItem\",\"position\":1,\"name\":\"Trang ch\u1ee7\",\"item\":\"https:\\\/\\\/zoo.org\\\/vi\\\/\"},{\"@type\":\"ListItem\",\"position\":2,\"name\":\"Ch\u01b0\u01a1ng tr\u00ecnh c\u1ed9ng \u0111\u1ed3ng\",\"item\":\"https:\\\/\\\/zoo.org\\\/vi\\\/chuong-trinh-cong-dong\\\/\"},{\"@type\":\"ListItem\",\"position\":3,\"name\":\"C\u1eadn c\u1ea3nh\",\"item\":\"https:\\\/\\\/zoo.org\\\/vi\\\/chuong-trinh-cong-dong\\\/can-canh\\\/\"},{\"@type\":\"ListItem\",\"position\":4,\"name\":\"T\u00e0i nguy\u00ean c\u1eadn c\u1ea3nh\"}]},{\"@type\":\"WebSite\",\"@id\":\"https:\\\/\\\/zoo.org\\\/vi\\\/#website\",\"url\":\"https:\\\/\\\/zoo.org\\\/vi\\\/\",\"name\":\"V\u01b0\u1eddn th\u00fa Woodland Park\",\"description\":\"V\u01b0\u1eddn th\u00fa Woodland Park c\u1ee9u s\u1ed1ng \u0111\u1ed9ng v\u1eadt hoang d\u00e3 v\u00e0 truy\u1ec1n c\u1ea3m h\u1ee9ng cho m\u1ecdi ng\u01b0\u1eddi coi b\u1ea3o t\u1ed3n l\u00e0 \u01b0u ti\u00ean h\u00e0ng \u0111\u1ea7u trong cu\u1ed9c s\u1ed1ng c\u1ee7a m\u00ecnh.\",\"publisher\":{\"@id\":\"https:\\\/\\\/zoo.org\\\/vi\\\/#organization\"},\"potentialAction\":[{\"@type\":\"SearchAction\",\"target\":{\"@type\":\"EntryPoint\",\"urlTemplate\":\"https:\\\/\\\/zoo.org\\\/vi\\\/?s={search_term_string}\"},\"query-input\":{\"@type\":\"PropertyValueSpecification\",\"valueRequired\":true,\"valueName\":\"search_term_string\"}}],\"inLanguage\":\"vi\"},{\"@type\":\"Organization\",\"@id\":\"https:\\\/\\\/zoo.org\\\/vi\\\/#organization\",\"name\":\"V\u01b0\u1eddn th\u00fa Woodland Park\",\"url\":\"https:\\\/\\\/zoo.org\\\/vi\\\/\",\"logo\":{\"@type\":\"ImageObject\",\"inLanguage\":\"vi\",\"@id\":\"https:\\\/\\\/zoo.org\\\/vi\\\/#\\\/schema\\\/logo\\\/image\\\/\",\"url\":\"https:\\\/\\\/zoo.org\\\/wp-content\\\/uploads\\\/2026\\\/01\\\/WPZ-Logo_white-SVG.svg?wsr\",\"contentUrl\":\"https:\\\/\\\/zoo.org\\\/wp-content\\\/uploads\\\/2026\\\/01\\\/WPZ-Logo_white-SVG.svg?wsr\",\"width\":288,\"height\":282,\"caption\":\"V\u01b0\u1eddn th\u00fa Woodland Park\"},\"image\":{\"@id\":\"https:\\\/\\\/zoo.org\\\/vi\\\/#\\\/schema\\\/logo\\\/image\\\/\"}}]}<\/script>\n<!-- \/ Yoast SEO plugin. -->","yoast_head_json":{"title":"T\u00e0i nguy\u00ean c\u1eadn c\u1ea3nh - V\u01b0\u1eddn th\u00fa Woodland Park","description":"\u0110\u1ed1i v\u1edbi c\u00e1c nh\u00e0 gi\u00e1o d\u1ee5c, h\u00e3y t\u1ea3i xu\u1ed1ng b\u00e0i thuy\u1ebft tr\u00ecnh \u0111a ph\u01b0\u01a1ng ti\u1ec7n UpClose tr\u01b0\u1edbc khi ng\u01b0\u1eddi h\u01b0\u1edbng d\u1eabn c\u1ee7a V\u01b0\u1eddn th\u00fa Woodland Park \u0111\u1ebfn \u0111\u1ec3 th\u1ef1c hi\u1ec7n ch\u01b0\u01a1ng tr\u00ecnh.","robots":{"index":"index","follow":"follow","max-snippet":"max-snippet:-1","max-image-preview":"max-image-preview:large","max-video-preview":"max-video-preview:-1"},"canonical":"https:\/\/zoo.org\/vi\/chuong-trinh-cong-dong\/can-canh\/tai-nguyen-can-canh\/","og_locale":"vi_VN","og_type":"article","og_title":"T\u00e0i nguy\u00ean c\u1eadn c\u1ea3nh - V\u01b0\u1eddn th\u00fa Woodland Park","og_description":"\u0110\u1ed1i v\u1edbi c\u00e1c nh\u00e0 gi\u00e1o d\u1ee5c, h\u00e3y t\u1ea3i xu\u1ed1ng b\u00e0i thuy\u1ebft tr\u00ecnh \u0111a ph\u01b0\u01a1ng ti\u1ec7n UpClose tr\u01b0\u1edbc khi ng\u01b0\u1eddi h\u01b0\u1edbng d\u1eabn c\u1ee7a V\u01b0\u1eddn th\u00fa Woodland Park \u0111\u1ebfn \u0111\u1ec3 th\u1ef1c hi\u1ec7n ch\u01b0\u01a1ng tr\u00ecnh.","og_url":"https:\/\/zoo.org\/vi\/chuong-trinh-cong-dong\/can-canh\/tai-nguyen-can-canh\/","og_site_name":"V\u01b0\u1eddn th\u00fa Woodland Park","article_modified_time":"2025-12-13T01:50:22+00:00","og_image":[{"width":1920,"height":400,"url":"https:\/\/zoo.org\/wp-content\/uploads\/2025\/08\/Support-Header-Image2.jpg?wsr","type":"image\/jpeg"}],"twitter_card":"summary_large_image","schema":{"@context":"https:\/\/schema.org","@graph":[{"@type":"WebPage","@id":"https:\/\/zoo.org\/vi\/chuong-trinh-cong-dong\/can-canh\/tai-nguyen-can-canh\/","url":"https:\/\/zoo.org\/vi\/chuong-trinh-cong-dong\/can-canh\/tai-nguyen-can-canh\/","name":"T\u00e0i nguy\u00ean c\u1eadn c\u1ea3nh - V\u01b0\u1eddn th\u00fa Woodland Park","isPartOf":{"@id":"https:\/\/zoo.org\/vi\/#website"},"primaryImageOfPage":{"@id":"https:\/\/zoo.org\/vi\/chuong-trinh-cong-dong\/can-canh\/tai-nguyen-can-canh\/#primaryimage"},"image":{"@id":"https:\/\/zoo.org\/vi\/chuong-trinh-cong-dong\/can-canh\/tai-nguyen-can-canh\/#primaryimage"},"thumbnailUrl":"https:\/\/zoo.org\/wp-content\/uploads\/2025\/08\/Support-Header-Image2.jpg","datePublished":"2025-10-01T20:10:23+00:00","dateModified":"2025-12-13T01:50:22+00:00","description":"\u0110\u1ed1i v\u1edbi c\u00e1c nh\u00e0 gi\u00e1o d\u1ee5c, h\u00e3y t\u1ea3i xu\u1ed1ng b\u00e0i thuy\u1ebft tr\u00ecnh \u0111a ph\u01b0\u01a1ng ti\u1ec7n UpClose tr\u01b0\u1edbc khi ng\u01b0\u1eddi h\u01b0\u1edbng d\u1eabn c\u1ee7a V\u01b0\u1eddn th\u00fa Woodland Park \u0111\u1ebfn \u0111\u1ec3 th\u1ef1c hi\u1ec7n ch\u01b0\u01a1ng tr\u00ecnh.","breadcrumb":{"@id":"https:\/\/zoo.org\/vi\/chuong-trinh-cong-dong\/can-canh\/tai-nguyen-can-canh\/#breadcrumb"},"inLanguage":"vi","potentialAction":[{"@type":"ReadAction","target":["https:\/\/zoo.org\/vi\/chuong-trinh-cong-dong\/can-canh\/tai-nguyen-can-canh\/"]}]},{"@type":"ImageObject","inLanguage":"vi","@id":"https:\/\/zoo.org\/vi\/chuong-trinh-cong-dong\/can-canh\/tai-nguyen-can-canh\/#primaryimage","url":"https:\/\/zoo.org\/wp-content\/uploads\/2025\/08\/Support-Header-Image2.jpg","contentUrl":"https:\/\/zoo.org\/wp-content\/uploads\/2025\/08\/Support-Header-Image2.jpg"},{"@type":"BreadcrumbList","@id":"https:\/\/zoo.org\/vi\/chuong-trinh-cong-dong\/can-canh\/tai-nguyen-can-canh\/#breadcrumb","itemListElement":[{"@type":"ListItem","position":1,"name":"Trang ch\u1ee7","item":"https:\/\/zoo.org\/vi\/"},{"@type":"ListItem","position":2,"name":"Ch\u01b0\u01a1ng tr\u00ecnh c\u1ed9ng \u0111\u1ed3ng","item":"https:\/\/zoo.org\/vi\/chuong-trinh-cong-dong\/"},{"@type":"ListItem","position":3,"name":"C\u1eadn c\u1ea3nh","item":"https:\/\/zoo.org\/vi\/chuong-trinh-cong-dong\/can-canh\/"},{"@type":"ListItem","position":4,"name":"T\u00e0i nguy\u00ean c\u1eadn c\u1ea3nh"}]},{"@type":"WebSite","@id":"https:\/\/zoo.org\/vi\/#website","url":"https:\/\/zoo.org\/vi\/","name":"V\u01b0\u1eddn th\u00fa Woodland Park","description":"V\u01b0\u1eddn th\u00fa Woodland Park c\u1ee9u s\u1ed1ng \u0111\u1ed9ng v\u1eadt hoang d\u00e3 v\u00e0 truy\u1ec1n c\u1ea3m h\u1ee9ng cho m\u1ecdi ng\u01b0\u1eddi coi b\u1ea3o t\u1ed3n l\u00e0 \u01b0u ti\u00ean h\u00e0ng \u0111\u1ea7u trong cu\u1ed9c s\u1ed1ng c\u1ee7a m\u00ecnh.","publisher":{"@id":"https:\/\/zoo.org\/vi\/#organization"},"potentialAction":[{"@type":"SearchAction","target":{"@type":"EntryPoint","urlTemplate":"https:\/\/zoo.org\/vi\/?s={search_term_string}"},"query-input":{"@type":"PropertyValueSpecification","valueRequired":true,"valueName":"search_term_string"}}],"inLanguage":"vi"},{"@type":"Organization","@id":"https:\/\/zoo.org\/vi\/#organization","name":"V\u01b0\u1eddn th\u00fa Woodland Park","url":"https:\/\/zoo.org\/vi\/","logo":{"@type":"ImageObject","inLanguage":"vi","@id":"https:\/\/zoo.org\/vi\/#\/schema\/logo\/image\/","url":"https:\/\/zoo.org\/wp-content\/uploads\/2026\/01\/WPZ-Logo_white-SVG.svg?wsr","contentUrl":"https:\/\/zoo.org\/wp-content\/uploads\/2026\/01\/WPZ-Logo_white-SVG.svg?wsr","width":288,"height":282,"caption":"V\u01b0\u1eddn th\u00fa Woodland Park"},"image":{"@id":"https:\/\/zoo.org\/vi\/#\/schema\/logo\/image\/"}}]}},"taxonomy_info":[],"featured_image_src_large":false,"author_info":{"display_name":"jloughlin","author_link":"https:\/\/zoo.org\/vi\/author\/jloughlin\/"},"comment_info":0,"_links":{"self":[{"href":"https:\/\/zoo.org\/vi\/wp-json\/wp\/v2\/pages\/12642","targetHints":{"allow":["GET"]}}],"collection":[{"href":"https:\/\/zoo.org\/vi\/wp-json\/wp\/v2\/pages"}],"about":[{"href":"https:\/\/zoo.org\/vi\/wp-json\/wp\/v2\/types\/page"}],"author":[{"embeddable":true,"href":"https:\/\/zoo.org\/vi\/wp-json\/wp\/v2\/users\/1"}],"replies":[{"embeddable":true,"href":"https:\/\/zoo.org\/vi\/wp-json\/wp\/v2\/comments?post=12642"}],"version-history":[{"count":0,"href":"https:\/\/zoo.org\/vi\/wp-json\/wp\/v2\/pages\/12642\/revisions"}],"up":[{"embeddable":true,"href":"https:\/\/zoo.org\/vi\/wp-json\/wp\/v2\/pages\/12618"}],"wp:attachment":[{"href":"https:\/\/zoo.org\/vi\/wp-json\/wp\/v2\/media?parent=12642"}],"curies":[{"name":"wp","href":"https:\/\/api.w.org\/{rel}","templated":true}]}}